{"id":2944,"date":"2024-09-25T11:22:53","date_gmt":"2024-09-25T09:22:53","guid":{"rendered":"https:\/\/vapebulkp.com\/?post_type=product&#038;p=2944"},"modified":"2025-09-24T05:18:39","modified_gmt":"2025-09-24T03:18:39","slug":"bang-box-s1-15000puff-europe-warehouse-bulk-price-vape","status":"publish","type":"product","link":"https:\/\/vapebulkp.com\/et\/product\/bang-box-s1-15000puff-europe-warehouse-bulk-price-vape\/","title":{"rendered":"Bang Box S1-15000puff Euroopa laohulgi hind Veip"},"content":{"rendered":"<h2 style=\"text-align: left\">Bang Box S1-15000puff Euroopa laohulgi hind Veip<\/h2>\n<p data-start=\"405\" data-end=\"707\">Veip <strong data-start=\"459\" data-end=\"484\">Bang Box S1-15000 t\u00f5mmet<\/strong> on <strong data-start=\"490\" data-end=\"529\">esmaklassiline 15000 t\u00f5mbega \u00fchekordne veip<\/strong> mis on loodud Eesti veiturule. T\u00f6\u00f6tab 13450-650 puhta koobaltakuga, millel on 5A t\u00fchjendus, mis tagab stabiilse v\u00e4ljundi ja usaldusv\u00e4\u00e4rse j\u00f5udluse suure mahutavusega veipimiseks.<\/p>\n<p data-start=\"709\" data-end=\"961\">T\u00e4iustatud <strong data-start=\"728\" data-end=\"752\">v\u00f5rgusilma spiraaltehnoloogiaga<\/strong> ja 0,8\u03a9 s\u00fcdamik, tagab sujuva auru tootmise, rikkaliku nikotiinisoola maitse ja \u00fchtlase kurgutunde. Suur 25 ml e-vedeliku maht toetab <strong data-start=\"904\" data-end=\"934\">kauakestvaid veipimissessioone<\/strong> kuni 15 000 t\u00f5mbega.<\/p>\n<p data-start=\"963\" data-end=\"1199\">Saadaval mitmes <strong data-start=\"985\" data-end=\"1014\">\u00a0vape maitses<\/strong> nagu Strawberry Kiwi, Watermelon Ice, Blue Razz Ice ja Mango Peach Watermelon, on see <strong data-start=\"1103\" data-end=\"1128\">Bang Box S1-15000 t\u00f5mmet<\/strong> loodud veipijatele, kes hindavad maitse mitmekesisust ja esmaklassilist kvaliteeti.<\/p>\n<p data-start=\"1201\" data-end=\"1415\">Ideaalne <a href=\"https:\/\/vapebulkp.com\/et\/ot-disposable-vapes-europe\/\"><strong data-start=\"1213\" data-end=\"1248\">vape hulgim\u00fc\u00fcgi tellimused Eestis<\/strong><\/a>, see <a href=\"https:\/\/vapebulkp.com\/et\/product-category\/15000-puffs-disposable-vape\/\"><strong>15000 pahviga \u00fchekordselt kasutatav e-sigaret<\/strong><\/a> \u00fchendab mugavuse, j\u00f5udluse ja stiili. Tarnitakse otse ELi ladudest kiireks kohaletoimetamiseks ja usaldusv\u00e4\u00e4rsuseks.<\/p>\n<h6 style=\"text-align: left\"><img decoding=\"async\" class=\"alignnone wp-image-2932\" src=\"http:\/\/vapebulkp.com\/wp-content\/uploads\/2024\/09\/Bang-Box-15k-puff-New-Bang-Vape-Germany.png\" alt=\"Bang Box 15k pahvi Uus Bang Vape Eesti\" width=\"848\" height=\"477\" srcset=\"https:\/\/vapebulkp.com\/wp-content\/uploads\/2024\/09\/Bang-Box-15k-puff-New-Bang-Vape-Germany.png 1500w, https:\/\/vapebulkp.com\/wp-content\/uploads\/2024\/09\/Bang-Box-15k-puff-New-Bang-Vape-Germany-300x169.png 300w, https:\/\/vapebulkp.com\/wp-content\/uploads\/2024\/09\/Bang-Box-15k-puff-New-Bang-Vape-Germany-1024x576.png 1024w, https:\/\/vapebulkp.com\/wp-content\/uploads\/2024\/09\/Bang-Box-15k-puff-New-Bang-Vape-Germany-768x432.png 768w, https:\/\/vapebulkp.com\/wp-content\/uploads\/2024\/09\/Bang-Box-15k-puff-New-Bang-Vape-Germany-600x338.png 600w\" sizes=\"(max-width: 848px) 100vw, 848px\" \/><\/h6>\n<h6><\/h6>\n<h6>Soodushinna saamiseks v\u00f5tke \u00fchendust Mandy WhatsAppiga<a href=\"https:\/\/wa.me\/8618077105796\">+8618077105796<\/a><\/h6>\n<p><img decoding=\"async\" class=\"alignnone wp-image-2151\" src=\"http:\/\/vapebulkp.com\/wp-content\/uploads\/2024\/04\/Mandy-WhatsApp-Randm.jpg\" alt=\"Mandy WhatsAppi tutvustus\" width=\"287\" height=\"305\" srcset=\"https:\/\/vapebulkp.com\/wp-content\/uploads\/2024\/04\/Mandy-WhatsApp-Randm.jpg 916w, https:\/\/vapebulkp.com\/wp-content\/uploads\/2024\/04\/Mandy-WhatsApp-Randm-282x300.jpg 282w, https:\/\/vapebulkp.com\/wp-content\/uploads\/2024\/04\/Mandy-WhatsApp-Randm-768x817.jpg 768w, https:\/\/vapebulkp.com\/wp-content\/uploads\/2024\/04\/Mandy-WhatsApp-Randm-600x638.jpg 600w\" sizes=\"(max-width: 287px) 100vw, 287px\" \/><\/p>\n<h2>Arvasin, et v\u00f5iksite teada saada kaasaskantavatest vape-komplektidest Bang Box S1-15000 t\u00f5mmet Vape Kits:<\/h2>\n<p>&nbsp;<\/p>\n<h6><span style=\"color: #ff0000\"><strong>Q1: Mis eristab Bang Box S1-15000 t\u00f5mmet \u00fchekordsete veipide turul?<\/strong><\/span><\/h6>\n<p>&nbsp;<\/p>\n<p><strong>A:<\/strong> Bang Box S1-15000 t\u00f5mmet iseloomustab selle tugev 13450-650 puhas koobaltaku, mis pakub v\u00f5imsat 5A t\u00fchjendust. See koos helde 25 ml \u00f5limahu ja t\u00e4iustatud 0,8 oomi v\u00f5rgus\u00fcdamikuga tagab kauakestva ja maitserikka veipimiskogemuse.<\/p>\n<h6><span style=\"color: #ff0000\">Q2: Mitu t\u00f5mmet saan oodata Bang Box S1-15000 t\u00f5mbe puhul?<\/span><\/h6>\n<p>&nbsp;<\/p>\n<p><strong>A:<\/strong> Nagu nimigi \u00fctleb, pakub see vape-komplekt muljetavaldavad 15 000 t\u00f5mmet, mis teeb sellest suurep\u00e4rase valiku neile, kes otsivad<strong> suure mahutavusega \u00fchekordselt kasutatav vape<\/strong> mis kestab kauem kui tavalised Eestis saadaolevad valikud.<\/p>\n<h6><span style=\"color: #ff0000\"><strong>Q3: Kas Bang Box S1-15000 Puffs on algajatele lihtne kasutada?<\/strong><\/span><\/h6>\n<p><strong>A:<\/strong> Absoluutselt! See mugavuse tagamiseks disainitud komplekt sobib suurep\u00e4raselt nii algajatele kui ka kogenud kasutajatele. <strong>Bang vape<\/strong> Selle lihtne toimimine teeb sellest populaarse valiku Eestis uute veipijate seas.<\/p>\n<h6><span style=\"color: #ff0000\"><strong>Q4: Kust saab Eestis osta Bang Box S1-15000 Puff Veibikomplekti?<\/strong><\/span><\/h6>\n<p><strong>A:<\/strong> Bang Box S1-15000 Puff on saadaval erinevates veebipoodides ja kohalikes veibipoodides. Parima kogemuse tagamiseks otsige mainekaid tarnijaid, kes keskenduvad <strong>kvaliteetsete \u00fchekordselt kasutatavate vape'ide ostmisega<\/strong> et tagada teile parim kogemus.<\/p>\n<h6><span style=\"color: #ff0000\"><strong>Q5: Kas on mingeid erifunktsioone, mis parandavad minu veipimiskogemust?<\/strong><\/span><\/h6>\n<p><strong>A:<\/strong> Jah! Bang Box S1-15000 Puff sisaldab tipptasemel v\u00f5rks\u00fcdamikku, mis parandab maitse edastamist ja auru tootmist. See uuenduslik tehnoloogia teeb sellest lemmiku veipijate seas, kes otsivad rikkalikke ja rahuldustpakkuvaid maitseid.<\/p>\n<h3>\u00a0Bang Box S1-15000 Puffs Veibipodi omadused:<\/h3>\n<p>Kuni 15000 mahvi<br \/>\nVedelik: 25 ml e-vedelikku<br \/>\nNikotiin: 0% 2% 3% 5%<br \/>\nT\u00fc\u00fcp: \u00dchekordselt kasutatav<br \/>\n650 mAh aku<br \/>\nC-t\u00fc\u00fcpi laetav<br \/>\n1.0 v\u00f5rks\u00fcdamik<br \/>\nLED-v\u00e4rvivalgus<\/p>\n<p>&nbsp;<\/p>\n<h3><strong>kauakestvad veibimaitsed <\/strong>Bang Box S1-15000 Puffs Maitsete valik:<\/h3>\n<p>1. Maasika-kiivi<br \/>\n2. Virsikuj\u00e4\u00e4<br \/>\n3.Maasika arbuus<br \/>\n4.Vaarika-arbuus<br \/>\n5.Kolmekordne marjaj\u00e4\u00e4<br \/>\n6.arbuusi j\u00e4\u00e4<br \/>\n7. maasikas mango<br \/>\n8.Mango-virsiku-arbuus<br \/>\n9.Sinise vaarika j\u00e4\u00e4<br \/>\n10.H\u00e4rra sinine<br \/>\n11.Musta draakoni j\u00e4\u00e4<br \/>\n12.Maasika VIINAMARI<\/p>\n<p><a href=\"https:\/\/vapebulkp.com\/et\/product\/popular-randm-tornado-7000puffs-disposable-vape-best-price\/\"><span style=\"vertical-align: inherit\">RandM Tornado 7000 Puhvrit <\/span><\/a><\/p>\n<p><span style=\"vertical-align: inherit\">Leia rohkem tooteid, mis sulle meeldida v\u00f5iksid:<\/span><em><a href=\"https:\/\/wa.me\/8618077105796\"><span style=\"vertical-align: inherit\">\u00a0Osta kohe<\/span><\/a><\/em><\/p>\n<p><span style=\"vertical-align: inherit\">Teised e-sigaretid, mis sulle meeldida v\u00f5ivad:<\/span><a href=\"https:\/\/vapebulkp.com\/et\/product\/joymy-ultra15000puffs-best-disposable-vape-2023\/\"><span style=\"vertical-align: inherit\">JOYMY 15000 pahvi<\/span><\/a><span style=\"vertical-align: inherit\">\u3001<\/span><a href=\"https:\/\/vapebulkp.com\/et\/product\/wholesale-randm-tornado-9000-puffs-germany\/\"><span style=\"vertical-align: inherit\">RandM 9000 Pahvi<\/span><\/a><span style=\"vertical-align: inherit\">\/ <\/span><a href=\"https:\/\/vapebulkp.com\/et\/product\/bang-king-12000puffs\/\"><span style=\"vertical-align: inherit\">Bang King 12000 Mahvi<\/span><\/a><span style=\"vertical-align: inherit\">\/ <\/span><a href=\"https:\/\/vapebulkp.com\/et\/product\/wholesale-tornado-rum-bar-9000-puffs-sweden\/\"><span style=\"vertical-align: inherit\">Rumbar 9000 pahvi<\/span><\/a><\/p>\n<p><span style=\"vertical-align: inherit\">Erilise kujuga e-sigareti pudel:<\/span><a href=\"https:\/\/vapebulkp.com\/et\/product\/wholesale-kulx-8000-puffs-disposable-vape\/\"><span style=\"vertical-align: inherit\">\u00a0Kulx 8000 pahvi<\/span><\/a><span style=\"vertical-align: inherit\">\/ <\/span><a href=\"https:\/\/vapebulkp.com\/et\/product\/popular-bang-king-10000-puffs-vape-good-price\/\"><span style=\"vertical-align: inherit\">\u00a0Bang King 10000 Puhangut <\/span><\/a><span style=\"vertical-align: inherit\">\/<\/span><a href=\"https:\/\/vapebulkp.com\/et\/product\/disposable-vape-crystal-600-puffs\/\"><span style=\"vertical-align: inherit\"> Crystal 600 pahvi<\/span><\/a><\/p>\n<h5>Tootmise kvalifikatsioon:<\/h5>\n<p><img decoding=\"async\" class=\"alignnone size-full wp-image-1841\" src=\"http:\/\/vapebulkp.com\/wp-content\/uploads\/2023\/11\/Vape-production-process-2.jpeg\" alt=\"Veibi tootmisprotsess\" width=\"650\" height=\"434\" srcset=\"https:\/\/vapebulkp.com\/wp-content\/uploads\/2023\/11\/Vape-production-process-2.jpeg 650w, https:\/\/vapebulkp.com\/wp-content\/uploads\/2023\/11\/Vape-production-process-2-300x200.jpeg 300w, https:\/\/vapebulkp.com\/wp-content\/uploads\/2023\/11\/Vape-production-process-2-600x401.jpeg 600w\" sizes=\"(max-width: 650px) 100vw, 650px\" \/><\/p>\n<p><img decoding=\"async\" class=\"alignnone size-full wp-image-1843\" src=\"http:\/\/vapebulkp.com\/wp-content\/uploads\/2023\/11\/Vape-production-process.jpeg\" alt=\"Veibi tootmisprotsess\" width=\"641\" height=\"1026\" srcset=\"https:\/\/vapebulkp.com\/wp-content\/uploads\/2023\/11\/Vape-production-process.jpeg 641w, https:\/\/vapebulkp.com\/wp-content\/uploads\/2023\/11\/Vape-production-process-187x300.jpeg 187w, https:\/\/vapebulkp.com\/wp-content\/uploads\/2023\/11\/Vape-production-process-640x1024.jpeg 640w, https:\/\/vapebulkp.com\/wp-content\/uploads\/2023\/11\/Vape-production-process-600x960.jpeg 600w\" sizes=\"(max-width: 641px) 100vw, 641px\" \/><\/p>\n<h5>KKK:<\/h5>\n<p>K: Mis on Bang Box S1-15000puff algajatele sobivate veipimisseadmete minimaalne tellimiskogus?<br \/>\nV: Minimaalne tellimiskogus on 50 tk.<br \/>\nK: Mis on tellitud vape'i tarneaeg?<br \/>\nV: Tavaliselt 10-15 p\u00e4eva p\u00e4rast v\u00e4ljasaatmist<br \/>\nK: Kui palju on saatmiskulu?V: Saatmiskaal s\u00f5ltub kaalust. Erinevatel kogustel on erinevad saatmiskulud, saatmiskulu kinnitamiseks v\u00f5tke meiega \u00fchendust.<\/p>\n<h4>Saatmisinfo:<\/h4>\n<p><span style=\"color: #ff6600\">Tootmisaeg: 5-10 t\u00f6\u00f6p\u00e4eva<\/span><br \/>\n<span style=\"color: #ff6600\">Saatmisaeg: 8-14 t\u00f6\u00f6p\u00e4eva<\/span><\/p>\n<p>K\u00f5ik meie poe tooted on 100% originaalsed ja autentsed, seega on v\u00f5ltsitud kaupade eest k\u00fcmnekordne h\u00fcvitis meie poe poliitika. Kasutame kaupade teile tarnimiseks logistikakanaleid nagu UPS\/DHL\/FEDEX\/DPD.<\/p>\n<p>Eestisse saadetud pakkide kohalej\u00f5udmine v\u00f5tab tavaliselt aega 10 t\u00f6\u00f6p\u00e4eva. Euroopa riikidesse saatmine v\u00f5tab tavaliselt aega 12 kuni 15 t\u00f6\u00f6p\u00e4eva. Uuendame logistikainfot teie jaoks reaalajas.<\/p>","protected":false},"excerpt":{"rendered":"<p>Mugavad vape pakendid Bang Box 15000 t\u00f5mbe vape komplektid<\/p>\n<p>Bang Box S1-15000 t\u00f5mmet Kasutajas\u00f5bralik veipimine<\/p>\n<p>&nbsp;<\/p>\n<p><img decoding=\"async\" class=\"alignnone wp-image-2151\" src=\"http:\/\/vapebulkp.com\/wp-content\/uploads\/2024\/04\/Mandy-WhatsApp-Randm.jpg\" alt=\"Mandy WhatsAppi tutvustus\" width=\"234\" height=\"249\" srcset=\"https:\/\/vapebulkp.com\/wp-content\/uploads\/2024\/04\/Mandy-WhatsApp-Randm.jpg 916w, https:\/\/vapebulkp.com\/wp-content\/uploads\/2024\/04\/Mandy-WhatsApp-Randm-282x300.jpg 282w, https:\/\/vapebulkp.com\/wp-content\/uploads\/2024\/04\/Mandy-WhatsApp-Randm-768x817.jpg 768w, https:\/\/vapebulkp.com\/wp-content\/uploads\/2024\/04\/Mandy-WhatsApp-Randm-600x638.jpg 600w\" sizes=\"(max-width: 234px) 100vw, 234px\" \/><\/p>\n<p>Soodushinna saamiseks v\u00f5tke \u00fchendust Mandy WhatsAppiga<a href=\"https:\/\/wa.me\/8618077105796\">+8618077105796<\/a><\/p>\n<p><span style=\"color: #ff0000\">M\u00c4RKUS: Meie veebisaidi hinnad ei sisalda saatmiskulusid<\/span><\/p>\n<p>&nbsp;<\/p>","protected":false},"featured_media":2932,"comment_status":"open","ping_status":"closed","template":"","meta":{"_uag_custom_page_level_css":"","_lmt_disableupdate":"no","_lmt_disable":"","site-sidebar-layout":"default","site-content-layout":"content-boxed-container","ast-site-content-layout":"normal-width-container","site-content-style":"boxed","site-sidebar-style":"unboxed","ast-global-header-display":"","ast-banner-title-visibility":"","ast-main-header-display":"","ast-hfb-above-header-display":"","ast-hfb-below-header-display":"","ast-hfb-mobile-header-display":"","site-post-title":"","ast-breadcrumbs-content":"","ast-featured-img":"","footer-sml-layout":"","theme-transparent-header-meta":"default","adv-header-id-meta":"","stick-header-meta":"","header-above-stick-meta":"","header-main-stick-meta":"","header-below-stick-meta":"","astra-migrate-meta-layouts":"set","_joinchat":[]},"product_cat":[165,153,345,155,33,59,100,34,158,157,154,152,58,84,156,63,32],"product_tag":[36,37,41,40],"class_list":["post-2944","product","type-product","status-publish","has-post-thumbnail","hentry","product_cat-15000-puffs-disposable-vape","product_cat-hot-disposable-vapes","product_cat-bang-vapes","product_cat-belgium-hot-disposable-vapes","product_cat-france-vape-hot-sale","product_cat-germany-hot-disposable-vape","product_cat-germany-wholesale-vape-shop","product_cat-netherlands-vape-good-sale","product_cat-norway-hot-disposable-vapes","product_cat-poland-hot-disposable-vapes","product_cat-portugal-hot-disposable-vapes","product_cat-spain-hot-disposable-vapes","product_cat-sweden-hot-disposable-vape","product_cat-sweden-wholesale-vape","product_cat-switzerland-hot-disposable-vapes","product_cat-top-sale-disposable-vape","product_cat-vape-hot-sale-this-week","product_tag-good-vape","product_tag-hot-sale-disposable-vape","product_tag-poland-hot-vape","product_tag-sweden-hot-vape","pa_brand-bang-vape","desktop-align-left","tablet-align-left","mobile-align-left"],"yoast_head":"<!-- This site is optimized with the Yoast SEO plugin v21.1 - https:\/\/yoast.com\/wordpress\/plugins\/seo\/ -->\n<title>Bang Box S1-15000puff Europe Warehouse Bulk Price Vape - vapebulkp.com<\/title>\n<meta name=\"description\" content=\"Order the Bang Box S1-15000puff, a premium 15000 Puffs Disposable Vape with mesh coil and rich flavors. EU warehouse shipping \u2014 buy wholesale today!\" \/>\n<meta name=\"robots\" content=\"index, follow, max-snippet:-1, max-image-preview:large, max-video-preview:-1\" \/>\n<link rel=\"canonical\" href=\"https:\/\/vapebulkp.com\/et\/product\/bang-box-s1-15000puff-europe-warehouse-bulk-price-vape\/\" \/>\n<meta property=\"og:locale\" content=\"et_EE\" \/>\n<meta property=\"og:type\" content=\"article\" \/>\n<meta property=\"og:title\" content=\"Bang Box S1-15000puff Europe Warehouse Bulk Price Vape - vapebulkp.com\" \/>\n<meta property=\"og:description\" content=\"Order the Bang Box S1-15000puff, a premium 15000 Puffs Disposable Vape with mesh coil and rich flavors. EU warehouse shipping \u2014 buy wholesale today!\" \/>\n<meta property=\"og:url\" content=\"https:\/\/vapebulkp.com\/et\/product\/bang-box-s1-15000puff-europe-warehouse-bulk-price-vape\/\" \/>\n<meta property=\"og:site_name\" content=\"vapebulkp.com\" \/>\n<meta property=\"article:modified_time\" content=\"2025-09-24T03:18:39+00:00\" \/>\n<meta property=\"og:image\" content=\"http:\/\/vapebulkp.com\/wp-content\/uploads\/2024\/09\/Bang-Box-15k-puff-New-Bang-Vape-Germany.png\" \/>\n\t<meta property=\"og:image:width\" content=\"1500\" \/>\n\t<meta property=\"og:image:height\" content=\"844\" \/>\n\t<meta property=\"og:image:type\" content=\"image\/png\" \/>\n<meta name=\"twitter:card\" content=\"summary_large_image\" \/>\n<meta name=\"twitter:label1\" content=\"Est. reading time\" \/>\n\t<meta name=\"twitter:data1\" content=\"4 minutit\" \/>\n<script type=\"application\/ld+json\" class=\"yoast-schema-graph\">{\"@context\":\"https:\/\/schema.org\",\"@graph\":[{\"@type\":\"WebPage\",\"@id\":\"https:\/\/vapebulkp.com\/product\/bang-box-s1-15000puff-europe-warehouse-bulk-price-vape\/\",\"url\":\"https:\/\/vapebulkp.com\/product\/bang-box-s1-15000puff-europe-warehouse-bulk-price-vape\/\",\"name\":\"Bang Box S1-15000puff Europe Warehouse Bulk Price Vape - vapebulkp.com\",\"isPartOf\":{\"@id\":\"https:\/\/vapebulkp.com\/#website\"},\"datePublished\":\"2024-09-25T09:22:53+00:00\",\"dateModified\":\"2025-09-24T03:18:39+00:00\",\"description\":\"Order the Bang Box S1-15000puff, a premium 15000 Puffs Disposable Vape with mesh coil and rich flavors. EU warehouse shipping \u2014 buy wholesale today!\",\"breadcrumb\":{\"@id\":\"https:\/\/vapebulkp.com\/product\/bang-box-s1-15000puff-europe-warehouse-bulk-price-vape\/#breadcrumb\"},\"inLanguage\":\"et\",\"potentialAction\":[{\"@type\":\"ReadAction\",\"target\":[\"https:\/\/vapebulkp.com\/product\/bang-box-s1-15000puff-europe-warehouse-bulk-price-vape\/\"]}]},{\"@type\":\"BreadcrumbList\",\"@id\":\"https:\/\/vapebulkp.com\/product\/bang-box-s1-15000puff-europe-warehouse-bulk-price-vape\/#breadcrumb\",\"itemListElement\":[{\"@type\":\"ListItem\",\"position\":1,\"name\":\"Home\",\"item\":\"https:\/\/vapebulkp.com\/\"},{\"@type\":\"ListItem\",\"position\":2,\"name\":\"Hot Trend Vapes\",\"item\":\"https:\/\/vapebulkp.com\/vape-shop\/\"},{\"@type\":\"ListItem\",\"position\":3,\"name\":\"Bang Box S1-15000puff Europe Warehouse Bulk Price Vape\"}]},{\"@type\":\"WebSite\",\"@id\":\"https:\/\/vapebulkp.com\/#website\",\"url\":\"https:\/\/vapebulkp.com\/\",\"name\":\"vapebulkp.com\",\"description\":\"Buy Vape In Cheap Bulk Price Near you\",\"publisher\":{\"@id\":\"https:\/\/vapebulkp.com\/#organization\"},\"potentialAction\":[{\"@type\":\"SearchAction\",\"target\":{\"@type\":\"EntryPoint\",\"urlTemplate\":\"https:\/\/vapebulkp.com\/?s={search_term_string}\"},\"query-input\":\"required name=search_term_string\"}],\"inLanguage\":\"et\"},{\"@type\":\"Organization\",\"@id\":\"https:\/\/vapebulkp.com\/#organization\",\"name\":\"vapebulkp.com\",\"url\":\"https:\/\/vapebulkp.com\/\",\"logo\":{\"@type\":\"ImageObject\",\"inLanguage\":\"et\",\"@id\":\"https:\/\/vapebulkp.com\/#\/schema\/logo\/image\/\",\"url\":\"https:\/\/vapebulkp.com\/wp-content\/uploads\/2023\/09\/cropped-vapebulkp.png\",\"contentUrl\":\"https:\/\/vapebulkp.com\/wp-content\/uploads\/2023\/09\/cropped-vapebulkp.png\",\"width\":516,\"height\":163,\"caption\":\"vapebulkp.com\"},\"image\":{\"@id\":\"https:\/\/vapebulkp.com\/#\/schema\/logo\/image\/\"}}]}<\/script>\n<!-- \/ Yoast SEO plugin. -->","yoast_head_json":{"title":"Bang Box S1-15000puff Europe Warehouse Bulk Price Vape - vapebulkp.com","description":"Order the Bang Box S1-15000puff, a premium 15000 Puffs Disposable Vape with mesh coil and rich flavors. EU warehouse shipping \u2014 buy wholesale today!","robots":{"index":"index","follow":"follow","max-snippet":"max-snippet:-1","max-image-preview":"max-image-preview:large","max-video-preview":"max-video-preview:-1"},"canonical":"https:\/\/vapebulkp.com\/et\/product\/bang-box-s1-15000puff-europe-warehouse-bulk-price-vape\/","og_locale":"et_EE","og_type":"article","og_title":"Bang Box S1-15000puff Europe Warehouse Bulk Price Vape - vapebulkp.com","og_description":"Order the Bang Box S1-15000puff, a premium 15000 Puffs Disposable Vape with mesh coil and rich flavors. EU warehouse shipping \u2014 buy wholesale today!","og_url":"https:\/\/vapebulkp.com\/et\/product\/bang-box-s1-15000puff-europe-warehouse-bulk-price-vape\/","og_site_name":"vapebulkp.com","article_modified_time":"2025-09-24T03:18:39+00:00","og_image":[{"width":1500,"height":844,"url":"http:\/\/vapebulkp.com\/wp-content\/uploads\/2024\/09\/Bang-Box-15k-puff-New-Bang-Vape-Germany.png","type":"image\/png"}],"twitter_card":"summary_large_image","twitter_misc":{"Est. reading time":"4 minutit"},"schema":{"@context":"https:\/\/schema.org","@graph":[{"@type":"WebPage","@id":"https:\/\/vapebulkp.com\/product\/bang-box-s1-15000puff-europe-warehouse-bulk-price-vape\/","url":"https:\/\/vapebulkp.com\/product\/bang-box-s1-15000puff-europe-warehouse-bulk-price-vape\/","name":"Bang Box S1-15000puff Europe Warehouse Bulk Price Vape - vapebulkp.com","isPartOf":{"@id":"https:\/\/vapebulkp.com\/#website"},"datePublished":"2024-09-25T09:22:53+00:00","dateModified":"2025-09-24T03:18:39+00:00","description":"Order the Bang Box S1-15000puff, a premium 15000 Puffs Disposable Vape with mesh coil and rich flavors. EU warehouse shipping \u2014 buy wholesale today!","breadcrumb":{"@id":"https:\/\/vapebulkp.com\/product\/bang-box-s1-15000puff-europe-warehouse-bulk-price-vape\/#breadcrumb"},"inLanguage":"et","potentialAction":[{"@type":"ReadAction","target":["https:\/\/vapebulkp.com\/product\/bang-box-s1-15000puff-europe-warehouse-bulk-price-vape\/"]}]},{"@type":"BreadcrumbList","@id":"https:\/\/vapebulkp.com\/product\/bang-box-s1-15000puff-europe-warehouse-bulk-price-vape\/#breadcrumb","itemListElement":[{"@type":"ListItem","position":1,"name":"Home","item":"https:\/\/vapebulkp.com\/"},{"@type":"ListItem","position":2,"name":"Hot Trend Vapes","item":"https:\/\/vapebulkp.com\/vape-shop\/"},{"@type":"ListItem","position":3,"name":"Bang Box S1-15000puff Europe Warehouse Bulk Price Vape"}]},{"@type":"WebSite","@id":"https:\/\/vapebulkp.com\/#website","url":"https:\/\/vapebulkp.com\/","name":"vapebulkp.com","description":"Buy Vape In Cheap Bulk Price Near you","publisher":{"@id":"https:\/\/vapebulkp.com\/#organization"},"potentialAction":[{"@type":"SearchAction","target":{"@type":"EntryPoint","urlTemplate":"https:\/\/vapebulkp.com\/?s={search_term_string}"},"query-input":"required name=search_term_string"}],"inLanguage":"et"},{"@type":"Organization","@id":"https:\/\/vapebulkp.com\/#organization","name":"vapebulkp.com","url":"https:\/\/vapebulkp.com\/","logo":{"@type":"ImageObject","inLanguage":"et","@id":"https:\/\/vapebulkp.com\/#\/schema\/logo\/image\/","url":"https:\/\/vapebulkp.com\/wp-content\/uploads\/2023\/09\/cropped-vapebulkp.png","contentUrl":"https:\/\/vapebulkp.com\/wp-content\/uploads\/2023\/09\/cropped-vapebulkp.png","width":516,"height":163,"caption":"vapebulkp.com"},"image":{"@id":"https:\/\/vapebulkp.com\/#\/schema\/logo\/image\/"}}]}},"uagb_featured_image_src":{"full":["https:\/\/vapebulkp.com\/wp-content\/uploads\/2024\/09\/Bang-Box-15k-puff-New-Bang-Vape-Germany.png",1500,844,false],"thumbnail":["https:\/\/vapebulkp.com\/wp-content\/uploads\/2024\/09\/Bang-Box-15k-puff-New-Bang-Vape-Germany-150x150.png",150,150,true],"medium":["https:\/\/vapebulkp.com\/wp-content\/uploads\/2024\/09\/Bang-Box-15k-puff-New-Bang-Vape-Germany-300x169.png",300,169,true],"medium_large":["https:\/\/vapebulkp.com\/wp-content\/uploads\/2024\/09\/Bang-Box-15k-puff-New-Bang-Vape-Germany-768x432.png",768,432,true],"large":["https:\/\/vapebulkp.com\/wp-content\/uploads\/2024\/09\/Bang-Box-15k-puff-New-Bang-Vape-Germany-1024x576.png",1024,576,true],"1536x1536":["https:\/\/vapebulkp.com\/wp-content\/uploads\/2024\/09\/Bang-Box-15k-puff-New-Bang-Vape-Germany.png",1500,844,false],"2048x2048":["https:\/\/vapebulkp.com\/wp-content\/uploads\/2024\/09\/Bang-Box-15k-puff-New-Bang-Vape-Germany.png",1500,844,false],"trp-custom-language-flag":["https:\/\/vapebulkp.com\/wp-content\/uploads\/2024\/09\/Bang-Box-15k-puff-New-Bang-Vape-Germany.png",18,10,false],"woocommerce_thumbnail":["https:\/\/vapebulkp.com\/wp-content\/uploads\/2024\/09\/Bang-Box-15k-puff-New-Bang-Vape-Germany-300x300.png",300,300,true],"woocommerce_single":["https:\/\/vapebulkp.com\/wp-content\/uploads\/2024\/09\/Bang-Box-15k-puff-New-Bang-Vape-Germany-600x338.png",600,338,true],"woocommerce_gallery_thumbnail":["https:\/\/vapebulkp.com\/wp-content\/uploads\/2024\/09\/Bang-Box-15k-puff-New-Bang-Vape-Germany-100x100.png",100,100,true],"wcpr-photo-reviews":["https:\/\/vapebulkp.com\/wp-content\/uploads\/2024\/09\/Bang-Box-15k-puff-New-Bang-Vape-Germany.png",500,281,false]},"uagb_author_info":{"display_name":"Mandy vape bulk price","author_link":"https:\/\/vapebulkp.com\/et\/author\/"},"uagb_comment_info":0,"uagb_excerpt":"Convenient vape packaging Bang Box\u00a0 15000 puff vape kits Bang Box\u00a0S1-15000puff\u00a0User-friendly vaping &nbsp; Pls Contact Mandy's WhatsApp For Discount Price+8618077105796 NOTE: Prices on our website does not include shipping costs &nbsp;","_links":{"self":[{"href":"https:\/\/vapebulkp.com\/et\/wp-json\/wp\/v2\/product\/2944","targetHints":{"allow":["GET"]}}],"collection":[{"href":"https:\/\/vapebulkp.com\/et\/wp-json\/wp\/v2\/product"}],"about":[{"href":"https:\/\/vapebulkp.com\/et\/wp-json\/wp\/v2\/types\/product"}],"replies":[{"embeddable":true,"href":"https:\/\/vapebulkp.com\/et\/wp-json\/wp\/v2\/comments?post=2944"}],"wp:featuredmedia":[{"embeddable":true,"href":"https:\/\/vapebulkp.com\/et\/wp-json\/wp\/v2\/media\/2932"}],"wp:attachment":[{"href":"https:\/\/vapebulkp.com\/et\/wp-json\/wp\/v2\/media?parent=2944"}],"wp:term":[{"taxonomy":"product_cat","embeddable":true,"href":"https:\/\/vapebulkp.com\/et\/wp-json\/wp\/v2\/product_cat?post=2944"},{"taxonomy":"product_tag","embeddable":true,"href":"https:\/\/vapebulkp.com\/et\/wp-json\/wp\/v2\/product_tag?post=2944"}],"curies":[{"name":"wp","href":"https:\/\/api.w.org\/{rel}","templated":true}]}}