{"id":2954,"date":"2024-09-26T09:30:48","date_gmt":"2024-09-26T07:30:48","guid":{"rendered":"https:\/\/vapebulkp.com\/?post_type=product&#038;p=2954"},"modified":"2025-09-24T05:15:54","modified_gmt":"2025-09-24T03:15:54","slug":"waspe-aiviou-25000-puffs-high-capacity-disposable-vape","status":"publish","type":"product","link":"https:\/\/vapebulkp.com\/et\/product\/waspe-aiviou-25000-puffs-high-capacity-disposable-vape\/","title":{"rendered":"WASPE AIVIOU 25000 pahvi suure mahutavusega \u00fchekordne vape"},"content":{"rendered":"<h1 style=\"text-align: left\">WASPE AIVIOU 25000 pahvi suure mahutavusega \u00fchekordne vape<\/h1>\n<p data-start=\"322\" data-end=\"651\">Veip <strong data-start=\"366\" data-end=\"394\">WASPE AIVIOU 25000 Puhvi<\/strong> on esmaklassiline <a href=\"https:\/\/vapebulkp.com\/et\/product-category\/25000-puffs-disposable-vape\/\"><strong data-start=\"408\" data-end=\"439\">25000 Puhviga \u00fchekordselt kasutatav vape<\/strong><\/a> ehitatud Euroopa noormeestele, kes soovivad pikaajalist j\u00f5udlust ja tugevat maitset. 650mAh laetava akuga, millel on Type-C kiirlaadimine, pakub see kuni 25 000 puhvi ilma sagedase laadimiseta.<\/p>\n<p data-start=\"653\" data-end=\"933\">25 ml e-vedeliku paagi ja 0%, 2% v\u00f5i 5% nikotiinivalikutega pakub see paindlikkust nii kergete kui ka tugevate eelistuste jaoks. Kahekordne v\u00f5rks\u00fcdamiku tehnoloogia tagab tiheda auru ja \u00fchtlase maitse, samas kui LCD-ekraan hoiab teid kursis aku, puhvide arvu ja e-vedeliku tasemega.<\/p>\n<p data-start=\"935\" data-end=\"1168\">Kompaktne, v\u00f5imas ja probleemivaba, <strong data-start=\"975\" data-end=\"1003\">WASPE AIVIOU 25000 Puhvi<\/strong> on saadaval 10 populaarses maitses. EL-i ladudest tarnituna on see ideaalne <strong data-start=\"1083\" data-end=\"1129\">suure mahutavusega laetav \u00fchekordselt kasutatav vape<\/strong> hulgim\u00fc\u00fcjatele ja tarbijatele.<\/p>\n<p><img decoding=\"async\" class=\"alignnone size-full wp-image-2952\" src=\"http:\/\/vapebulkp.com\/wp-content\/uploads\/2024\/09\/WASPE-AIVIOU-25000-Puffs-Tornado-Vape-25k.png\" alt=\"WASPE AIVIOU 25 000 t\u00f5mmet Tornado aurutaja 25k\" width=\"520\" height=\"550\" srcset=\"https:\/\/vapebulkp.com\/wp-content\/uploads\/2024\/09\/WASPE-AIVIOU-25000-Puffs-Tornado-Vape-25k.png 520w, https:\/\/vapebulkp.com\/wp-content\/uploads\/2024\/09\/WASPE-AIVIOU-25000-Puffs-Tornado-Vape-25k-284x300.png 284w\" sizes=\"(max-width: 520px) 100vw, 520px\" \/><\/p>\n<h6>Soodushinna saamiseks v\u00f5tke \u00fchendust Mandy WhatsAppiga<a href=\"https:\/\/wa.me\/8618077105796\">+8618077105796<\/a><\/h6>\n<p><img decoding=\"async\" class=\"alignnone wp-image-2151\" src=\"http:\/\/vapebulkp.com\/wp-content\/uploads\/2024\/04\/Mandy-WhatsApp-Randm.jpg\" alt=\"Mandy WhatsAppi tutvustus\" width=\"324\" height=\"330\" \/><\/p>\n<h2>Arvasin, et v\u00f5iksite teada hulgim\u00fc\u00fcgi vape kohta <strong>WASPE AIVIOU 25000 Puhvi<\/strong>\u00a0 \uff1a<\/h2>\n<p>&nbsp;<\/p>\n<p><strong>K: Mis teeb WASPE AIVIOU 25000 Puhviga \u00fchekordselt kasutatavate vape turul silmapaistvaks?<\/strong><br \/>\nV: WASPE AIVIOU 25k puhviga Vape Kits pakub muljetavaldavat 25 000 puhvi, muutes selle \u00fcheks pikima kestusega valikuks, mis sobib ideaalselt kasutajatele, kes otsivad vastupidavust ja v\u00e4\u00e4rtust.<\/p>\n<p><strong>K: Kas WASPE AIVIOU 25000 Puhviga on erinevaid maitsevalikuid?<\/strong><br \/>\nV: Jah, see pakub laia valikut maitseid, alates puuviljalistest valikutest nagu Mango Melon kuni v\u00e4rskendavate valikuteni nagu Cool Mint, rahuldades erinevaid maitse-eelistusi.<\/p>\n<p><strong>K: Kuidas WASPE AIVIOU 25k Puhviga aku t\u00f6\u00f6iga v\u00f5rreldes teiste \u00fchekordselt kasutatavate vape'idega?<\/strong><br \/>\nV: T\u00e4nu oma robustsele akukujundusele tagab WASPE AIVIOU \u00fchtlase j\u00f5udluse kogu selle eluea jooksul, muutes selle parimaks valikuks neile, kes otsivad kauakestvaid \u00fchekordselt kasutatavaid vape'e.<\/p>\n<p><strong>K: Kas keskkonnas\u00f5bralikku AIVIOU 25k Puffs on algajatel lihtne kasutada?<\/strong><br \/>\nV: Absoluutselt! Selle kasutajas\u00f5bralik disain muudab selle ideaalseks uutele veipijatele, pakkudes probleemivaba kogemust ilma keeruliste seadistusteta.<\/p>\n<p><strong>K: Kust leida parimaid pakkumisi WASPE AIVIOU 25000 Puffs?<\/strong><br \/>\nV: Jah, WASPE AIVIOU 25000 Puffs saate osta aadressilt <a href=\"https:\/\/vapebulkp.com\/et\/\">vapebulkp.com<\/a> Nad pakuvad tavaliselt erinevaid maitseid ja pakendivalikuid, muutes selle mugavaks valikuks teie veipimisvajadusteks.<\/p>\n<h3>\u00a0WAPE AIVIOU Vape 25k Puffs Hulgihind Vape Omadused:<\/h3>\n<p>&nbsp;<\/p>\n<ul>\n<li><strong>Nikotiiniv\u00f5imalused:\u00a0 <\/strong><span style=\"font-size: 16px\">Saadaval 0%, 2% ja 5% nikotiinitasemetega, mis vastavad erinevatele veipimise eelistustele nii algajatele kui ka kogenud kasutajatele.<\/span><\/li>\n<li><strong>Pahvide arv:<\/strong> Muljetavaldav 25 000 pahvi, tagades pikaajalise veipimiskogemuse, ideaalne neile, kes otsivad vastupidavaid \u00fchekordseid veipe.<\/li>\n<li><strong>E-vedeliku maht:<\/strong> Omab heldet 25 ml e-vedeliku mahtu, mis v\u00f5imaldab pikemat kasutamist ilma sagedaste vahetusteta.<\/li>\n<li><strong>Pakend:<\/strong> Iga karp sisaldab 200 t\u00fckki, mis teeb sellest suurep\u00e4rase valiku jaem\u00fc\u00fcjatele v\u00f5i innukatele veipijatele, kes soovivad varusid t\u00e4iendada.<\/li>\n<li><strong>Maitsete mitmekesisus:<\/strong> Pakub 10 meeldivat maitset, sealhulgas populaarseid valikuid, mis meeldivad Euroopa klientidele, tagades, et iga\u00fchele leidub midagi.<\/li>\n<li><strong>Kahekordne v\u00f5rgutehnoloogia:<\/strong><span style=\"font-size: 16px\">Varustatud t\u00e4iustatud kahekordsete v\u00f5rgusilma m\u00e4histega parema maitse ja auru tootmise jaoks, pakkudes paremat veipimiskogemust.<\/span><\/li>\n<li><strong>LCD ekraan:<\/strong> Sisaldab sisseehitatud LCD-ekraani pahvide arvu ja aku t\u00f6\u00f6ea reaalajas j\u00e4lgimiseks, lisades kasutajatele mugavust.<\/li>\n<li><strong>Type-C laadimisport:<\/strong> Omab kaasaegset Type-C laadimisporti kiireks ja t\u00f5husaks laadimiseks, mis sobib suurep\u00e4raselt liikvel olles kasutamiseks.<\/li>\n<li><strong>Aku mahtuvus:<\/strong> T\u00f6\u00f6tab usaldusv\u00e4\u00e4rse 650 mAh akuga, tagades \u00fchtlase j\u00f5udluse kogu selle eluea jooksul.<\/li>\n<li><strong>Spiraali disain:<\/strong> Kasutab kvaliteetset v\u00f5rgusilma spiraali optimaalse maitse saavutamiseks ja sujuvateks t\u00f5mmeteks.<\/li>\n<li><strong>Karbi spetsifikatsioonid:<\/strong> Iga karp kaalub 21 kg ja selle m\u00f5\u00f5tmed on 685 mm x 330 mm x 230 mm, mis muudab selle k\u00e4sitsemise ja hoiustamise lihtsaks.<\/li>\n<\/ul>\n<h3><strong>Odava hinnaga Vape WASPE AIVIOU 25000 Puhvetit Orgaanilised maitsed:<\/strong><\/h3>\n<p>1 arbuisij\u00e4\u00e4<br \/>\n2 mustikas j\u00e4\u00e4l<br \/>\n3 maasikas arbuisiga<br \/>\n4 mustika vaarika sidrunijook<br \/>\n5 kirssij\u00e4\u00e4<br \/>\n6 Virsik Mango Arbuus<br \/>\n7 segatud marjad<br \/>\n8 virsikuj\u00e4\u00e4<br \/>\n9 maasika-kiivi<br \/>\n10 viinamarjaj\u00e4\u00e4<\/p>\n<p><a href=\"https:\/\/vapebulkp.com\/et\/product\/popular-randm-tornado-7000puffs-disposable-vape-best-price\/\"><span style=\"vertical-align: inherit\">RandM Tornado 7000 Puhvrit <\/span><\/a><\/p>\n<p><span style=\"vertical-align: inherit\">Leia rohkem tooteid, mis sulle meeldida v\u00f5iksid:<\/span><em><a href=\"https:\/\/wa.me\/8618077105796\"><span style=\"vertical-align: inherit\">\u00a0Osta kohe<\/span><\/a><\/em><\/p>\n<p><span style=\"vertical-align: inherit\">Teised e-sigaretid, mis sulle meeldida v\u00f5ivad:<\/span><a href=\"https:\/\/vapebulkp.com\/et\/product\/bang-with-a-vape-gear-20000-puffs-discount-price\/\"><span style=\"vertical-align: inherit\">Bang Gear Vape 20000 Pahvi<\/span><\/a><span style=\"vertical-align: inherit\">\u3001<\/span><a href=\"https:\/\/vapebulkp.com\/et\/product\/wholesale-randm-tornado-9000-puffs-germany\/\"><span style=\"vertical-align: inherit\">RandM 9000 Pahvi<\/span><\/a><span style=\"vertical-align: inherit\">\/ <\/span><a href=\"https:\/\/vapebulkp.com\/et\/product\/bang-king-12000puffs\/\"><span style=\"vertical-align: inherit\">Bang King 12000 Mahvi<\/span><\/a><span style=\"vertical-align: inherit\">\/ <\/span><a href=\"https:\/\/vapebulkp.com\/et\/product\/uzy-qute-800-puffs-original-disposable-vape\/\"><span style=\"vertical-align: inherit\">UZY QUTE 800 Puhvrit<\/span><\/a><\/p>\n<p><span style=\"vertical-align: inherit\">Erilise kujuga e-sigareti pudel:<\/span><a href=\"https:\/\/vapebulkp.com\/et\/product\/original-vape-bang-tn-12000-puffs-bang-vape\/\"><span style=\"vertical-align: inherit\"> Bang TN 12000 Puhviga<\/span><\/a><span style=\"vertical-align: inherit\">\/ <\/span><a href=\"https:\/\/vapebulkp.com\/et\/fi\/product\/best-price-wga-crystal-pro-max-15k-puffs-original-vape\/\"><span style=\"vertical-align: inherit\">\u00a0WGA Crystal pro max 15k Puhviga <\/span><\/a><span style=\"vertical-align: inherit\">\/<\/span><a href=\"https:\/\/vapebulkp.com\/et\/product\/bang-tornado-12000-puffs-rechargeable-disposable-pod\/\"><span style=\"vertical-align: inherit\"> Bang Tornado 12000 Puhangut<\/span><\/a><\/p>\n<h5>Tootmise kvalifikatsioon:<\/h5>\n<p><img decoding=\"async\" class=\"alignnone size-full wp-image-1841\" src=\"http:\/\/vapebulkp.com\/wp-content\/uploads\/2023\/11\/Vape-production-process-2.jpeg\" alt=\"Veibi tootmisprotsess\" width=\"650\" height=\"434\" srcset=\"https:\/\/vapebulkp.com\/wp-content\/uploads\/2023\/11\/Vape-production-process-2.jpeg 650w, https:\/\/vapebulkp.com\/wp-content\/uploads\/2023\/11\/Vape-production-process-2-300x200.jpeg 300w, https:\/\/vapebulkp.com\/wp-content\/uploads\/2023\/11\/Vape-production-process-2-600x401.jpeg 600w\" sizes=\"(max-width: 650px) 100vw, 650px\" \/><\/p>\n<p><img decoding=\"async\" class=\"alignnone size-full wp-image-1843\" src=\"http:\/\/vapebulkp.com\/wp-content\/uploads\/2023\/11\/Vape-production-process.jpeg\" alt=\"Veibi tootmisprotsess\" width=\"641\" height=\"1026\" srcset=\"https:\/\/vapebulkp.com\/wp-content\/uploads\/2023\/11\/Vape-production-process.jpeg 641w, https:\/\/vapebulkp.com\/wp-content\/uploads\/2023\/11\/Vape-production-process-187x300.jpeg 187w, https:\/\/vapebulkp.com\/wp-content\/uploads\/2023\/11\/Vape-production-process-640x1024.jpeg 640w, https:\/\/vapebulkp.com\/wp-content\/uploads\/2023\/11\/Vape-production-process-600x960.jpeg 600w\" sizes=\"(max-width: 641px) 100vw, 641px\" \/><\/p>\n<h5>KKK:<\/h5>\n<p>K: Mis on terviseteadliku aurustamise WASPE AIVIOU 25000 Puffs MOQ?<br \/>\nV: Minimaalne tellimus on 5 tk.<br \/>\nK: Mis on tellitud vape'i tarneaeg?<br \/>\nV: Tavaliselt 10-15 p\u00e4eva p\u00e4rast v\u00e4ljasaatmist<br \/>\nK: Kui palju on saatmiskulu?V: Saatmiskaal s\u00f5ltub kaalust. Erinevatel kogustel on erinevad saatmiskulud, saatmiskulu kinnitamiseks v\u00f5tke meiega \u00fchendust.<\/p>\n<h4>Saatmisinfo:<\/h4>\n<p><span style=\"color: #ff6600\">Tootmisaeg: 5-10 t\u00f6\u00f6p\u00e4eva<\/span><br \/>\n<span style=\"color: #ff6600\">Saatmisaeg: 8-14 t\u00f6\u00f6p\u00e4eva<\/span><\/p>\n<p>K\u00f5ik meie poe tooted on 100% originaalsed ja autentsed, seega on v\u00f5ltsitud kaupade eest k\u00fcmnekordne h\u00fcvitis meie poe poliitika. Kasutame kaupade teile tarnimiseks logistikakanaleid nagu UPS\/DHL\/FEDEX\/DPD.<\/p>\n<p>Eestisse saadetud pakkide kohalej\u00f5udmine v\u00f5tab tavaliselt aega 10 t\u00f6\u00f6p\u00e4eva. Euroopa riikidesse saatmine v\u00f5tab tavaliselt aega 12 kuni 15 t\u00f6\u00f6p\u00e4eva. Uuendame logistikainfot teie jaoks reaalajas.<\/p>","protected":false},"excerpt":{"rendered":"<p>Keskkonnas\u00f5bralikud materjalid <strong>WASPE AIVIOU 25000 Puhviga \u00fchekordselt kasutatav vape<\/strong><\/p>\n<p>Puhas aurustamistehnoloogia\u00a0 <strong>WASPE AIVIOU 25k Puhvi<\/strong><\/p>\n<p>Soodushinna saamiseks v\u00f5tke \u00fchendust Mandy WhatsAppiga<a href=\"https:\/\/wa.me\/8618077105796\">+8618077105796<\/a><\/p>\n<p><img decoding=\"async\" class=\"alignnone wp-image-2151\" src=\"http:\/\/vapebulkp.com\/wp-content\/uploads\/2024\/04\/Mandy-WhatsApp-Randm.jpg\" alt=\"Mandy WhatsAppi tutvustus\" width=\"297\" height=\"316\" srcset=\"https:\/\/vapebulkp.com\/wp-content\/uploads\/2024\/04\/Mandy-WhatsApp-Randm.jpg 916w, https:\/\/vapebulkp.com\/wp-content\/uploads\/2024\/04\/Mandy-WhatsApp-Randm-282x300.jpg 282w, https:\/\/vapebulkp.com\/wp-content\/uploads\/2024\/04\/Mandy-WhatsApp-Randm-768x817.jpg 768w, https:\/\/vapebulkp.com\/wp-content\/uploads\/2024\/04\/Mandy-WhatsApp-Randm-600x638.jpg 600w\" sizes=\"(max-width: 297px) 100vw, 297px\" \/><\/p>\n<p><span style=\"color: #ff0000\">M\u00c4RKUS: Meie veebisaidi hinnad ei sisalda saatmiskulusid<\/span><\/p>\n<p>&nbsp;<\/p>","protected":false},"featured_media":2952,"comment_status":"open","ping_status":"closed","template":"","meta":{"_uag_custom_page_level_css":"","_lmt_disableupdate":"no","_lmt_disable":"","site-sidebar-layout":"default","site-content-layout":"content-boxed-container","ast-site-content-layout":"normal-width-container","site-content-style":"boxed","site-sidebar-style":"unboxed","ast-global-header-display":"","ast-banner-title-visibility":"","ast-main-header-display":"","ast-hfb-above-header-display":"","ast-hfb-below-header-display":"","ast-hfb-mobile-header-display":"","site-post-title":"","ast-breadcrumbs-content":"","ast-featured-img":"","footer-sml-layout":"","theme-transparent-header-meta":"default","adv-header-id-meta":"","stick-header-meta":"","header-above-stick-meta":"","header-main-stick-meta":"","header-below-stick-meta":"","astra-migrate-meta-layouts":"set","_joinchat":[]},"product_cat":[161,153,155,33,59,100,34,158,157,154,152,58,84,156,63,32,365],"product_tag":[139,36,37,41,40],"class_list":["post-2954","product","type-product","status-publish","has-post-thumbnail","hentry","product_cat-25000-puffs-disposable-vape","product_cat-hot-disposable-vapes","product_cat-belgium-hot-disposable-vapes","product_cat-france-vape-hot-sale","product_cat-germany-hot-disposable-vape","product_cat-germany-wholesale-vape-shop","product_cat-netherlands-vape-good-sale","product_cat-norway-hot-disposable-vapes","product_cat-poland-hot-disposable-vapes","product_cat-portugal-hot-disposable-vapes","product_cat-spain-hot-disposable-vapes","product_cat-sweden-hot-disposable-vape","product_cat-sweden-wholesale-vape","product_cat-switzerland-hot-disposable-vapes","product_cat-top-sale-disposable-vape","product_cat-vape-hot-sale-this-week","product_cat-waspe-vape","product_tag-30k-puffs","product_tag-good-vape","product_tag-hot-sale-disposable-vape","product_tag-poland-hot-vape","product_tag-sweden-hot-vape","pa_brand-waspe-vape","desktop-align-left","tablet-align-left","mobile-align-left"],"yoast_head":"<!-- This site is optimized with the Yoast SEO plugin v21.1 - https:\/\/yoast.com\/wordpress\/plugins\/seo\/ -->\n<title>WASPE AIVIOU 25000 Puffs High-capacity Disposable Vape - vapebulkp.com<\/title>\n<meta name=\"description\" content=\"Order the WASPE AIVIOU 25000 Puffs, a high-capacity 25000 Puffs Disposable Vape with dual mesh coils and LCD display. Fast EU shipping \u2014 buy now!\" \/>\n<meta name=\"robots\" content=\"index, follow, max-snippet:-1, max-image-preview:large, max-video-preview:-1\" \/>\n<link rel=\"canonical\" href=\"https:\/\/vapebulkp.com\/et\/product\/waspe-aiviou-25000-puffs-high-capacity-disposable-vape\/\" \/>\n<meta property=\"og:locale\" content=\"et_EE\" \/>\n<meta property=\"og:type\" content=\"article\" \/>\n<meta property=\"og:title\" content=\"WASPE AIVIOU 25000 Puffs High-capacity Disposable Vape - vapebulkp.com\" \/>\n<meta property=\"og:description\" content=\"Order the WASPE AIVIOU 25000 Puffs, a high-capacity 25000 Puffs Disposable Vape with dual mesh coils and LCD display. Fast EU shipping \u2014 buy now!\" \/>\n<meta property=\"og:url\" content=\"https:\/\/vapebulkp.com\/et\/product\/waspe-aiviou-25000-puffs-high-capacity-disposable-vape\/\" \/>\n<meta property=\"og:site_name\" content=\"vapebulkp.com\" \/>\n<meta property=\"article:modified_time\" content=\"2025-09-24T03:15:54+00:00\" \/>\n<meta property=\"og:image\" content=\"http:\/\/vapebulkp.com\/wp-content\/uploads\/2024\/09\/WASPE-AIVIOU-25000-Puffs-Tornado-Vape-25k.png\" \/>\n\t<meta property=\"og:image:width\" content=\"520\" \/>\n\t<meta property=\"og:image:height\" content=\"550\" \/>\n\t<meta property=\"og:image:type\" content=\"image\/png\" \/>\n<meta name=\"twitter:card\" content=\"summary_large_image\" \/>\n<meta name=\"twitter:label1\" content=\"Est. reading time\" \/>\n\t<meta name=\"twitter:data1\" content=\"5 minutit\" \/>\n<script type=\"application\/ld+json\" class=\"yoast-schema-graph\">{\"@context\":\"https:\/\/schema.org\",\"@graph\":[{\"@type\":\"WebPage\",\"@id\":\"https:\/\/vapebulkp.com\/product\/waspe-aiviou-25000-puffs-high-capacity-disposable-vape\/\",\"url\":\"https:\/\/vapebulkp.com\/product\/waspe-aiviou-25000-puffs-high-capacity-disposable-vape\/\",\"name\":\"WASPE AIVIOU 25000 Puffs High-capacity Disposable Vape - vapebulkp.com\",\"isPartOf\":{\"@id\":\"https:\/\/vapebulkp.com\/#website\"},\"datePublished\":\"2024-09-26T07:30:48+00:00\",\"dateModified\":\"2025-09-24T03:15:54+00:00\",\"description\":\"Order the WASPE AIVIOU 25000 Puffs, a high-capacity 25000 Puffs Disposable Vape with dual mesh coils and LCD display. Fast EU shipping \u2014 buy now!\",\"breadcrumb\":{\"@id\":\"https:\/\/vapebulkp.com\/product\/waspe-aiviou-25000-puffs-high-capacity-disposable-vape\/#breadcrumb\"},\"inLanguage\":\"et\",\"potentialAction\":[{\"@type\":\"ReadAction\",\"target\":[\"https:\/\/vapebulkp.com\/product\/waspe-aiviou-25000-puffs-high-capacity-disposable-vape\/\"]}]},{\"@type\":\"BreadcrumbList\",\"@id\":\"https:\/\/vapebulkp.com\/product\/waspe-aiviou-25000-puffs-high-capacity-disposable-vape\/#breadcrumb\",\"itemListElement\":[{\"@type\":\"ListItem\",\"position\":1,\"name\":\"Home\",\"item\":\"https:\/\/vapebulkp.com\/\"},{\"@type\":\"ListItem\",\"position\":2,\"name\":\"Hot Trend Vapes\",\"item\":\"https:\/\/vapebulkp.com\/vape-shop\/\"},{\"@type\":\"ListItem\",\"position\":3,\"name\":\"WASPE AIVIOU 25000 Puffs High-capacity Disposable Vape\"}]},{\"@type\":\"WebSite\",\"@id\":\"https:\/\/vapebulkp.com\/#website\",\"url\":\"https:\/\/vapebulkp.com\/\",\"name\":\"vapebulkp.com\",\"description\":\"Buy Vape In Cheap Bulk Price Near you\",\"publisher\":{\"@id\":\"https:\/\/vapebulkp.com\/#organization\"},\"potentialAction\":[{\"@type\":\"SearchAction\",\"target\":{\"@type\":\"EntryPoint\",\"urlTemplate\":\"https:\/\/vapebulkp.com\/?s={search_term_string}\"},\"query-input\":\"required name=search_term_string\"}],\"inLanguage\":\"et\"},{\"@type\":\"Organization\",\"@id\":\"https:\/\/vapebulkp.com\/#organization\",\"name\":\"vapebulkp.com\",\"url\":\"https:\/\/vapebulkp.com\/\",\"logo\":{\"@type\":\"ImageObject\",\"inLanguage\":\"et\",\"@id\":\"https:\/\/vapebulkp.com\/#\/schema\/logo\/image\/\",\"url\":\"https:\/\/vapebulkp.com\/wp-content\/uploads\/2023\/09\/cropped-vapebulkp.png\",\"contentUrl\":\"https:\/\/vapebulkp.com\/wp-content\/uploads\/2023\/09\/cropped-vapebulkp.png\",\"width\":516,\"height\":163,\"caption\":\"vapebulkp.com\"},\"image\":{\"@id\":\"https:\/\/vapebulkp.com\/#\/schema\/logo\/image\/\"}}]}<\/script>\n<!-- \/ Yoast SEO plugin. -->","yoast_head_json":{"title":"WASPE AIVIOU 25000 Puffs High-capacity Disposable Vape - vapebulkp.com","description":"Order the WASPE AIVIOU 25000 Puffs, a high-capacity 25000 Puffs Disposable Vape with dual mesh coils and LCD display. Fast EU shipping \u2014 buy now!","robots":{"index":"index","follow":"follow","max-snippet":"max-snippet:-1","max-image-preview":"max-image-preview:large","max-video-preview":"max-video-preview:-1"},"canonical":"https:\/\/vapebulkp.com\/et\/product\/waspe-aiviou-25000-puffs-high-capacity-disposable-vape\/","og_locale":"et_EE","og_type":"article","og_title":"WASPE AIVIOU 25000 Puffs High-capacity Disposable Vape - vapebulkp.com","og_description":"Order the WASPE AIVIOU 25000 Puffs, a high-capacity 25000 Puffs Disposable Vape with dual mesh coils and LCD display. Fast EU shipping \u2014 buy now!","og_url":"https:\/\/vapebulkp.com\/et\/product\/waspe-aiviou-25000-puffs-high-capacity-disposable-vape\/","og_site_name":"vapebulkp.com","article_modified_time":"2025-09-24T03:15:54+00:00","og_image":[{"width":520,"height":550,"url":"http:\/\/vapebulkp.com\/wp-content\/uploads\/2024\/09\/WASPE-AIVIOU-25000-Puffs-Tornado-Vape-25k.png","type":"image\/png"}],"twitter_card":"summary_large_image","twitter_misc":{"Est. reading time":"5 minutit"},"schema":{"@context":"https:\/\/schema.org","@graph":[{"@type":"WebPage","@id":"https:\/\/vapebulkp.com\/product\/waspe-aiviou-25000-puffs-high-capacity-disposable-vape\/","url":"https:\/\/vapebulkp.com\/product\/waspe-aiviou-25000-puffs-high-capacity-disposable-vape\/","name":"WASPE AIVIOU 25000 Puffs High-capacity Disposable Vape - vapebulkp.com","isPartOf":{"@id":"https:\/\/vapebulkp.com\/#website"},"datePublished":"2024-09-26T07:30:48+00:00","dateModified":"2025-09-24T03:15:54+00:00","description":"Order the WASPE AIVIOU 25000 Puffs, a high-capacity 25000 Puffs Disposable Vape with dual mesh coils and LCD display. Fast EU shipping \u2014 buy now!","breadcrumb":{"@id":"https:\/\/vapebulkp.com\/product\/waspe-aiviou-25000-puffs-high-capacity-disposable-vape\/#breadcrumb"},"inLanguage":"et","potentialAction":[{"@type":"ReadAction","target":["https:\/\/vapebulkp.com\/product\/waspe-aiviou-25000-puffs-high-capacity-disposable-vape\/"]}]},{"@type":"BreadcrumbList","@id":"https:\/\/vapebulkp.com\/product\/waspe-aiviou-25000-puffs-high-capacity-disposable-vape\/#breadcrumb","itemListElement":[{"@type":"ListItem","position":1,"name":"Home","item":"https:\/\/vapebulkp.com\/"},{"@type":"ListItem","position":2,"name":"Hot Trend Vapes","item":"https:\/\/vapebulkp.com\/vape-shop\/"},{"@type":"ListItem","position":3,"name":"WASPE AIVIOU 25000 Puffs High-capacity Disposable Vape"}]},{"@type":"WebSite","@id":"https:\/\/vapebulkp.com\/#website","url":"https:\/\/vapebulkp.com\/","name":"vapebulkp.com","description":"Buy Vape In Cheap Bulk Price Near you","publisher":{"@id":"https:\/\/vapebulkp.com\/#organization"},"potentialAction":[{"@type":"SearchAction","target":{"@type":"EntryPoint","urlTemplate":"https:\/\/vapebulkp.com\/?s={search_term_string}"},"query-input":"required name=search_term_string"}],"inLanguage":"et"},{"@type":"Organization","@id":"https:\/\/vapebulkp.com\/#organization","name":"vapebulkp.com","url":"https:\/\/vapebulkp.com\/","logo":{"@type":"ImageObject","inLanguage":"et","@id":"https:\/\/vapebulkp.com\/#\/schema\/logo\/image\/","url":"https:\/\/vapebulkp.com\/wp-content\/uploads\/2023\/09\/cropped-vapebulkp.png","contentUrl":"https:\/\/vapebulkp.com\/wp-content\/uploads\/2023\/09\/cropped-vapebulkp.png","width":516,"height":163,"caption":"vapebulkp.com"},"image":{"@id":"https:\/\/vapebulkp.com\/#\/schema\/logo\/image\/"}}]}},"uagb_featured_image_src":{"full":["https:\/\/vapebulkp.com\/wp-content\/uploads\/2024\/09\/WASPE-AIVIOU-25000-Puffs-Tornado-Vape-25k.png",520,550,false],"thumbnail":["https:\/\/vapebulkp.com\/wp-content\/uploads\/2024\/09\/WASPE-AIVIOU-25000-Puffs-Tornado-Vape-25k-150x150.png",150,150,true],"medium":["https:\/\/vapebulkp.com\/wp-content\/uploads\/2024\/09\/WASPE-AIVIOU-25000-Puffs-Tornado-Vape-25k-284x300.png",284,300,true],"medium_large":["https:\/\/vapebulkp.com\/wp-content\/uploads\/2024\/09\/WASPE-AIVIOU-25000-Puffs-Tornado-Vape-25k.png",520,550,false],"large":["https:\/\/vapebulkp.com\/wp-content\/uploads\/2024\/09\/WASPE-AIVIOU-25000-Puffs-Tornado-Vape-25k.png",520,550,false],"1536x1536":["https:\/\/vapebulkp.com\/wp-content\/uploads\/2024\/09\/WASPE-AIVIOU-25000-Puffs-Tornado-Vape-25k.png",520,550,false],"2048x2048":["https:\/\/vapebulkp.com\/wp-content\/uploads\/2024\/09\/WASPE-AIVIOU-25000-Puffs-Tornado-Vape-25k.png",520,550,false],"trp-custom-language-flag":["https:\/\/vapebulkp.com\/wp-content\/uploads\/2024\/09\/WASPE-AIVIOU-25000-Puffs-Tornado-Vape-25k.png",11,12,false],"woocommerce_thumbnail":["https:\/\/vapebulkp.com\/wp-content\/uploads\/2024\/09\/WASPE-AIVIOU-25000-Puffs-Tornado-Vape-25k-300x300.png",300,300,true],"woocommerce_single":["https:\/\/vapebulkp.com\/wp-content\/uploads\/2024\/09\/WASPE-AIVIOU-25000-Puffs-Tornado-Vape-25k.png",520,550,false],"woocommerce_gallery_thumbnail":["https:\/\/vapebulkp.com\/wp-content\/uploads\/2024\/09\/WASPE-AIVIOU-25000-Puffs-Tornado-Vape-25k-100x100.png",100,100,true],"wcpr-photo-reviews":["https:\/\/vapebulkp.com\/wp-content\/uploads\/2024\/09\/WASPE-AIVIOU-25000-Puffs-Tornado-Vape-25k.png",473,500,false]},"uagb_author_info":{"display_name":"Mandy vape bulk price","author_link":"https:\/\/vapebulkp.com\/et\/author\/"},"uagb_comment_info":0,"uagb_excerpt":"Eco-friendly materials WASPE AIVIOU 25000 Puffs Disposable Vape Clean vaping technology\u00a0 WASPE AIVIOU 25k Puffs Pls Contact Mandy's WhatsApp For Discount Price+8618077105796 NOTE: Prices on our website does not include shipping costs &nbsp;","_links":{"self":[{"href":"https:\/\/vapebulkp.com\/et\/wp-json\/wp\/v2\/product\/2954","targetHints":{"allow":["GET"]}}],"collection":[{"href":"https:\/\/vapebulkp.com\/et\/wp-json\/wp\/v2\/product"}],"about":[{"href":"https:\/\/vapebulkp.com\/et\/wp-json\/wp\/v2\/types\/product"}],"replies":[{"embeddable":true,"href":"https:\/\/vapebulkp.com\/et\/wp-json\/wp\/v2\/comments?post=2954"}],"wp:featuredmedia":[{"embeddable":true,"href":"https:\/\/vapebulkp.com\/et\/wp-json\/wp\/v2\/media\/2952"}],"wp:attachment":[{"href":"https:\/\/vapebulkp.com\/et\/wp-json\/wp\/v2\/media?parent=2954"}],"wp:term":[{"taxonomy":"product_cat","embeddable":true,"href":"https:\/\/vapebulkp.com\/et\/wp-json\/wp\/v2\/product_cat?post=2954"},{"taxonomy":"product_tag","embeddable":true,"href":"https:\/\/vapebulkp.com\/et\/wp-json\/wp\/v2\/product_tag?post=2954"}],"curies":[{"name":"wp","href":"https:\/\/api.w.org\/{rel}","templated":true}]}}