{"id":2986,"date":"2024-10-08T09:21:41","date_gmt":"2024-10-08T07:21:41","guid":{"rendered":"https:\/\/vapebulkp.com\/?post_type=product&#038;p=2986"},"modified":"2025-09-24T05:04:22","modified_gmt":"2025-09-24T03:04:22","slug":"bang-box-30k-puff-led-display-wholesale-disposable-vape","status":"publish","type":"product","link":"https:\/\/vapebulkp.com\/et\/product\/bang-box-30k-puff-led-display-wholesale-disposable-vape\/","title":{"rendered":"Bang Box 30k Puff LED-ekraaniga hulgim\u00fc\u00fcgi \u00fchekordselt kasutatav vape"},"content":{"rendered":"<h2 style=\"text-align: left\">Bang Box 30k Puff LED-ekraan Hulgim\u00fc\u00fck \u00dchekordne E-sigaret<\/h2>\n<p>Bang Box 30k Puff LED-ekraan on esmaklassiline toode <a href=\"https:\/\/vapebulkp.com\/et\/product-category\/30000-puff-disposable-vape\/\">30000 pahvi \u00fchekordne vape<\/a> ehitatud Eestis veipijatele, kes soovivad \u00fches seadmes j\u00f5udlust, maitset ja vastupidavust. Massiivse 35ml eelt\u00e4idetud e-vedeliku mahutavuse ja nikotiini valikutega 2% (20mg) ja 5% (50mg) pakub see pikaajalist rahulolu nii m\u00f5\u00f5dukatele kui ka rasketele kasutajatele.<\/p>\n<p>850mAh taaslaetav aku koos USB Type-C kiirlaadimisega tagab pideva v\u00f5imsuse, samal ajal kui kahekordne v\u00f5rgusilma tehnoloogia toodab rikkalikku auru ja t\u00e4ismaitset k\u00f5igis 30 000 t\u00f5mbes. T\u00f5mbega aktiveeritav disain teeb selle kasutamise lihtsaks, ilma nuppude v\u00f5i keeruliste seadistusteta.<\/p>\n<p>Sisseehitatud LED-ekraan n\u00e4itab nii e-vedeliku kui ka aku taset, v\u00f5imaldades teil igal ajal kontrolli hoida. 12 maitsevalikuga, mis ulatuvad v\u00e4rskendavatest puuviljabeesegudest sujuvate mentooli ja klassikaliste tubakaprofiilideni, on Bang Box 30k Puff \u00fchekordne e-sigaret kohandatud noortele t\u00e4iskasvanud veipijatele ja hulgiostjatele kogu Eestis.<\/p>\n<p>Kombineerides stiilset disaini, t\u00e4iustatud m\u00e4hiss\u00fcsteemi ja suure j\u00f5udlusega, on Bang Box 30k ideaalne taaslaetav \u00fchekordne e-sigaret jaem\u00fc\u00fcjatele ja entusiastidele, kes otsivad usaldusv\u00e4\u00e4rseid, pikaajalisi seadmeid, mis tarnitakse otse Eesti ladudest.<\/p>\n<p><img decoding=\"async\" class=\"alignnone wp-image-2982\" src=\"http:\/\/vapebulkp.com\/wp-content\/uploads\/2024\/10\/Bang-Box-30000-Puffs-Vape-KIT-Wholesale-Price-Long-LAST-VAPE-scaled.jpg\" alt=\"Bang Box 30000 Puffs Vape KIT hulgim\u00fc\u00fcgi hind Pikaajaline VAPE\" width=\"471\" height=\"591\" srcset=\"https:\/\/vapebulkp.com\/wp-content\/uploads\/2024\/10\/Bang-Box-30000-Puffs-Vape-KIT-Wholesale-Price-Long-LAST-VAPE-scaled.jpg 2040w, https:\/\/vapebulkp.com\/wp-content\/uploads\/2024\/10\/Bang-Box-30000-Puffs-Vape-KIT-Wholesale-Price-Long-LAST-VAPE-239x300.jpg 239w, https:\/\/vapebulkp.com\/wp-content\/uploads\/2024\/10\/Bang-Box-30000-Puffs-Vape-KIT-Wholesale-Price-Long-LAST-VAPE-816x1024.jpg 816w, https:\/\/vapebulkp.com\/wp-content\/uploads\/2024\/10\/Bang-Box-30000-Puffs-Vape-KIT-Wholesale-Price-Long-LAST-VAPE-768x964.jpg 768w, https:\/\/vapebulkp.com\/wp-content\/uploads\/2024\/10\/Bang-Box-30000-Puffs-Vape-KIT-Wholesale-Price-Long-LAST-VAPE-1224x1536.jpg 1224w, https:\/\/vapebulkp.com\/wp-content\/uploads\/2024\/10\/Bang-Box-30000-Puffs-Vape-KIT-Wholesale-Price-Long-LAST-VAPE-1632x2048.jpg 1632w, https:\/\/vapebulkp.com\/wp-content\/uploads\/2024\/10\/Bang-Box-30000-Puffs-Vape-KIT-Wholesale-Price-Long-LAST-VAPE-600x753.jpg 600w\" sizes=\"(max-width: 471px) 100vw, 471px\" \/><\/p>\n<h6>Soodushinna saamiseks v\u00f5tke \u00fchendust Mandy WhatsAppiga<a href=\"https:\/\/wa.me\/8618077105796\">+8618077105796<\/a><\/h6>\n<p><img decoding=\"async\" class=\"alignnone wp-image-2151\" src=\"http:\/\/vapebulkp.com\/wp-content\/uploads\/2024\/04\/Mandy-WhatsApp-Randm.jpg\" alt=\"Mandy WhatsAppi tutvustus\" width=\"324\" height=\"330\" \/><\/p>\n<h2>V\u00f5ib-olla soovite teada kuuma m\u00fc\u00fcgiga Bang Box 30000 Puffs e-sigareti kohta:<\/h2>\n<p>&nbsp;<\/p>\n<h6><strong>K1: Kui suur on Bang Box e-sigareti e-vedeliku mahutavus?<\/strong><\/h6>\n<p>V: Bang Box e-sigaret 30K Puffs on muljetavaldava 35 ml eelt\u00e4idetud mahutavusega, mis v\u00f5imaldab pikendatud veipimisseanssi ilma sagedase t\u00e4itmise vajaduseta.<\/p>\n<p>&nbsp;<\/p>\n<h6><strong>K2: Mis t\u00fc\u00fcpi akut Bang Box e-sigaret kasutab ja kuidas seda laadida?<\/strong><\/h6>\n<p>Veip <strong>Bang Box e-sigaret<\/strong> toiteallikaks on vastupidav <strong>850mAh aku<\/strong> ja sellel on <strong>USB Type-C laadimisport<\/strong>, mis tagab kiire ja t\u00f5husa laadimise katkematu kasutamise jaoks.<\/p>\n<p><span style=\"color: #ff6600\">M\u00e4rkus: ei tohi laadida terve \u00f6\u00f6!<\/span><\/p>\n<h6><strong>K3: Millist m\u00e4hisetehnoloogiat Bang Box e-sigaret kasutab?<\/strong><\/h6>\n<p><strong>A:<\/strong> Varustatud <strong>integreeritud kahekordne v\u00f5rgusilma m\u00e4his<\/strong>, Bang Box Vape tagab iga pahviga \u00fchtlase auru tootmise ja rikkaliku maitse.<\/p>\n<h6><strong>Q4: Kas Bang Box Vape'il on ekraan?<\/strong><\/h6>\n<p>V: Jah, Bang Box Vape 30 000 Puffsil on ekraan, mis n\u00e4itab olulist teavet, sealhulgas aku- ja e-vedeliku taseme n\u00e4idikuid, et saaksite h\u00f5lpsasti oma veipingu olekut j\u00e4lgida.<\/p>\n<h2>Bang Box 30k Puffs \u00fchekordselt kasutatav veip omadused:<\/h2>\n<ul>\n<li><strong>Maksimaalsed pahvid<\/strong>: Naudi kuni <strong>30 000 pahvi<\/strong>, pakkudes pikendatud veipingu kogemust ilma sagedase asendusvajaduseta.<\/li>\n<li><strong>Nikotiinitugevuse valikud<\/strong>: Saadaval <strong>2% (20 mg)<\/strong> ja <strong>5% (50 mg)<\/strong> nikotiinitasemed, mis v\u00f5imaldavad kasutajatel valida eelistatud tugevuse.<\/li>\n<li><strong>Eelt\u00e4idetud e-vedeliku maht<\/strong>: Kaasas helde <strong>35 ml eelt\u00e4idetud e-vedeliku maht<\/strong>, tagades rikkaliku maitse ja auru kauakestvaks nautimiseks.<\/li>\n<li><strong>Aku mahtuvus<\/strong>: Funktsioonide hulka kuulub <strong>850mAh aku<\/strong>, pakkudes usaldusv\u00e4\u00e4rset j\u00f5udlust kogu selle eluea jooksul, et maksimeerida teie veipingu seansse.<\/li>\n<li><strong>Laadimisport<\/strong>: Varustatud <strong>USB Type-C laadimisport<\/strong> kiireks ja t\u00f5husaks laadimiseks, muutes selle mugavaks liikvel olles kasutamiseks.<\/li>\n<li><strong>T\u00f6\u00f6re\u017eiim<\/strong>: Kasutab <strong>pahviga aktiveerimist<\/strong>, mis v\u00f5imaldab kasutajatel seadet h\u00f5lpsasti aktiveerida lihtsalt sissehingamise teel.<\/li>\n<li><strong>Integreeritud kahekordne v\u00f5rgust spiraal<\/strong>: See t\u00e4iustatud spiraaltehnoloogia parandab maitse edastamist ja auru tootmist, mille tulemuseks on rikkalikum veipimiskogemus.<\/li>\n<li><strong>Ekraan<\/strong>: Sisseehitatud ekraan pakub olulist teavet l\u00fchidalt, parandades kasutajakogemust.<\/li>\n<li><strong>Aku taseme indikaator<\/strong>: Kontrollige lihtsalt oma aku eluiga integreeritud aku taseme indikaatoriga, et olla alati valmis veipimiseks.<\/li>\n<li><strong>E-vedeliku taseme indikaator<\/strong>: E-vedeliku taseme indikaator v\u00f5imaldab kasutajatel j\u00e4lgida j\u00e4relej\u00e4\u00e4nud e-vedelikku, tagades, et see ei saa ootamatult otsa.<\/li>\n<li><strong>Maitsete valik<\/strong>: Valige <strong>12 maitsvat maitset<\/strong>, mis vastavad mitmesugustele eelistustele ja t\u00e4iustavad teie \u00fcldist veipimiskogemust.<\/li>\n<\/ul>\n<p>&nbsp;<\/p>\n<h2><strong>\u00a0Original Vape Bang Vape 30k Puffs maitse:<\/strong><\/h2>\n<p>1.maasika-kiivi<br \/>\n2.must s\u00f5star<br \/>\n3.maasika-arbuus<br \/>\n4.passionivili<br \/>\n5.mustika hapu vaarika j\u00e4\u00e4<br \/>\n6.arbuusi j\u00e4\u00e4<br \/>\n7.mustika-granaat\u00f5un<br \/>\n8.\u00f5una-virsiku<br \/>\n9.mustika j\u00e4\u00e4<br \/>\n10.topelt viinamarja<br \/>\n11.sinine plahvatus<br \/>\n12.d\u017eunglimahl<\/p>\n<p><span style=\"vertical-align: inherit\">Leia rohkem tooteid, mis sulle meeldida v\u00f5iksid:<\/span><em><a href=\"https:\/\/wa.me\/8618077105796\"><span style=\"vertical-align: inherit\">\u00a0Osta kohe<\/span><\/a><\/em><\/p>\n<p><span style=\"vertical-align: inherit\">Teised e-sigaretid, mis sulle meeldida v\u00f5ivad:<\/span><a href=\"https:\/\/vapebulkp.com\/et\/product\/vopk-80000-puffs-wholesale-price-4-in-1-flavor-switch-vape-device\/\"><span style=\"vertical-align: inherit\">Kuum m\u00fc\u00fck Vape VOPK 80000 Puffs<\/span><\/a><span style=\"vertical-align: inherit\">\u3001<\/span><a href=\"https:\/\/vapebulkp.com\/et\/product\/aivono-fat-bear-80000-puffs-3-flavors-modes-disposable-vape-bulk-wholesale\/\"><span style=\"vertical-align: inherit\">AIVONAO Rasvane Karu 80000 Puhangut<\/span><\/a><span style=\"vertical-align: inherit\">\/ <\/span><a href=\"https:\/\/vapebulkp.com\/et\/product\/elf-bar-30000-puffs-ice-king-vape-device-hot-sale\/\"><span style=\"vertical-align: inherit\">ELFBAR 30000 Puhangut<\/span><\/a><span style=\"vertical-align: inherit\">\/ <\/span><a href=\"https:\/\/vapebulkp.com\/et\/product\/vapme-shisha-30000-puffs-hot-sale-rechargeable-e-cigarette\/\"><span style=\"vertical-align: inherit\">Vapme SHISHA 30K Puhangut<\/span><\/a><\/p>\n<h3>Tootmise kvalifikatsioon:<\/h3>\n<p><img decoding=\"async\" class=\"alignnone size-full wp-image-1841\" src=\"http:\/\/vapebulkp.com\/wp-content\/uploads\/2023\/11\/Vape-production-process-2.jpeg\" alt=\"Veibi tootmisprotsess\" width=\"650\" height=\"434\" srcset=\"https:\/\/vapebulkp.com\/wp-content\/uploads\/2023\/11\/Vape-production-process-2.jpeg 650w, https:\/\/vapebulkp.com\/wp-content\/uploads\/2023\/11\/Vape-production-process-2-300x200.jpeg 300w, https:\/\/vapebulkp.com\/wp-content\/uploads\/2023\/11\/Vape-production-process-2-600x401.jpeg 600w\" sizes=\"(max-width: 650px) 100vw, 650px\" \/><\/p>\n<p><img decoding=\"async\" class=\"alignnone size-full wp-image-1843\" src=\"http:\/\/vapebulkp.com\/wp-content\/uploads\/2023\/11\/Vape-production-process.jpeg\" alt=\"Veibi tootmisprotsess\" width=\"641\" height=\"1026\" srcset=\"https:\/\/vapebulkp.com\/wp-content\/uploads\/2023\/11\/Vape-production-process.jpeg 641w, https:\/\/vapebulkp.com\/wp-content\/uploads\/2023\/11\/Vape-production-process-187x300.jpeg 187w, https:\/\/vapebulkp.com\/wp-content\/uploads\/2023\/11\/Vape-production-process-640x1024.jpeg 640w, https:\/\/vapebulkp.com\/wp-content\/uploads\/2023\/11\/Vape-production-process-600x960.jpeg 600w\" sizes=\"(max-width: 641px) 100vw, 641px\" \/><\/p>\n<h4>KKK:<\/h4>\n<p>K: Mis on Bang Box 30000 Puffs Vape seadme minimaalne tellimuse kogus?<br \/>\nV: Minimaalne tellimiskogus on 50 tk.<br \/>\nK: Mis on tellitud vape'i tarneaeg?<br \/>\nV: Tavaliselt 10-15 p\u00e4eva p\u00e4rast v\u00e4ljasaatmist<br \/>\nK: Kui palju on saatmiskulu?V: Saatmiskaal s\u00f5ltub kaalust. Erinevatel kogustel on erinevad saatmiskulud, saatmiskulu kinnitamiseks v\u00f5tke meiega \u00fchendust.<\/p>\n<h4>Saatmisinfo:<\/h4>\n<p><span style=\"color: #ff6600\">Tootmisaeg: 5-10 t\u00f6\u00f6p\u00e4eva<\/span><br \/>\n<span style=\"color: #ff6600\">Saatmisaeg: 8-14 t\u00f6\u00f6p\u00e4eva<\/span><\/p>\n<p>K\u00f5ik meie poe tooted on 100% originaalsed ja autentsed, seega on v\u00f5ltsitud kaupade eest k\u00fcmnekordne h\u00fcvitis meie poe poliitika. Kasutame kaupade teile tarnimiseks logistikakanaleid nagu UPS\/DHL\/FEDEX\/DPD.<\/p>\n<p>Eestisse saadetud pakkide kohalej\u00f5udmine v\u00f5tab tavaliselt aega 10 t\u00f6\u00f6p\u00e4eva. Euroopa riikidesse saatmine v\u00f5tab tavaliselt aega 12 kuni 15 t\u00f6\u00f6p\u00e4eva. Uuendame logistikainfot teie jaoks reaalajas.<\/p>","protected":false},"excerpt":{"rendered":"<p>Veip <strong>Bang Box 30000 Puffs Parim \u00fchekordne E-sigaret<\/strong> kombineerib suure j\u00f5udlusega funktsioonid kasutajakeskse disainiga, muutes selle silmapaistvaks valikuks iga\u00fchele, kes soovib oma veipimiskogemust t\u00f5sta.<\/p>\n<p>Soodushinna saamiseks v\u00f5tke \u00fchendust Mandy WhatsAppiga<a href=\"https:\/\/wa.me\/8618077105796\">+8618077105796<\/a><\/p>\n<p><img decoding=\"async\" class=\"alignnone wp-image-2151\" src=\"http:\/\/vapebulkp.com\/wp-content\/uploads\/2024\/04\/Mandy-WhatsApp-Randm.jpg\" alt=\"Mandy WhatsAppi tutvustus\" width=\"297\" height=\"316\" srcset=\"https:\/\/vapebulkp.com\/wp-content\/uploads\/2024\/04\/Mandy-WhatsApp-Randm.jpg 916w, https:\/\/vapebulkp.com\/wp-content\/uploads\/2024\/04\/Mandy-WhatsApp-Randm-282x300.jpg 282w, https:\/\/vapebulkp.com\/wp-content\/uploads\/2024\/04\/Mandy-WhatsApp-Randm-768x817.jpg 768w, https:\/\/vapebulkp.com\/wp-content\/uploads\/2024\/04\/Mandy-WhatsApp-Randm-600x638.jpg 600w\" sizes=\"(max-width: 297px) 100vw, 297px\" \/><\/p>\n<p><span style=\"color: #ff0000\">M\u00c4RKUS: Meie veebisaidi hinnad ei sisalda saatmiskulusid<\/span><\/p>\n<p>&nbsp;<\/p>","protected":false},"featured_media":2979,"comment_status":"open","ping_status":"closed","template":"","meta":{"_uag_custom_page_level_css":"","_lmt_disableupdate":"no","_lmt_disable":"","site-sidebar-layout":"default","site-content-layout":"content-boxed-container","ast-site-content-layout":"normal-width-container","site-content-style":"boxed","site-sidebar-style":"unboxed","ast-global-header-display":"","ast-banner-title-visibility":"","ast-main-header-display":"","ast-hfb-above-header-display":"","ast-hfb-below-header-display":"","ast-hfb-mobile-header-display":"","site-post-title":"","ast-breadcrumbs-content":"","ast-featured-img":"","footer-sml-layout":"","theme-transparent-header-meta":"default","adv-header-id-meta":"","stick-header-meta":"","header-above-stick-meta":"","header-main-stick-meta":"","header-below-stick-meta":"","astra-migrate-meta-layouts":"set","_joinchat":[]},"product_cat":[160,153,345,155,33,59,100,34,158,157,154,152,58,84,156,63,32],"product_tag":[139,36,37,41,40],"class_list":["post-2986","product","type-product","status-publish","has-post-thumbnail","hentry","product_cat-30000-puff-disposable-vape","product_cat-hot-disposable-vapes","product_cat-bang-vapes","product_cat-belgium-hot-disposable-vapes","product_cat-france-vape-hot-sale","product_cat-germany-hot-disposable-vape","product_cat-germany-wholesale-vape-shop","product_cat-netherlands-vape-good-sale","product_cat-norway-hot-disposable-vapes","product_cat-poland-hot-disposable-vapes","product_cat-portugal-hot-disposable-vapes","product_cat-spain-hot-disposable-vapes","product_cat-sweden-hot-disposable-vape","product_cat-sweden-wholesale-vape","product_cat-switzerland-hot-disposable-vapes","product_cat-top-sale-disposable-vape","product_cat-vape-hot-sale-this-week","product_tag-30k-puffs","product_tag-good-vape","product_tag-hot-sale-disposable-vape","product_tag-poland-hot-vape","product_tag-sweden-hot-vape","pa_brand-bang-vape","desktop-align-left","tablet-align-left","mobile-align-left"],"yoast_head":"<!-- This site is optimized with the Yoast SEO plugin v21.1 - https:\/\/yoast.com\/wordpress\/plugins\/seo\/ -->\n<title>Bang Box 30k Puff LED Display Wholesale Disposable Vape - vapebulkp.com<\/title>\n<meta name=\"description\" content=\"Buy Bang Box 30k Puff LED Display, a premium 30000 Puffs Disposable Vape with 35ml e-liquid, 2% or 5% nicotine, dual mesh coil, and fast Type-C charging. Wholesale orders available across Europe.\" \/>\n<meta name=\"robots\" content=\"index, follow, max-snippet:-1, max-image-preview:large, max-video-preview:-1\" \/>\n<link rel=\"canonical\" href=\"https:\/\/vapebulkp.com\/et\/product\/bang-box-30k-puff-led-display-wholesale-disposable-vape\/\" \/>\n<meta property=\"og:locale\" content=\"et_EE\" \/>\n<meta property=\"og:type\" content=\"article\" \/>\n<meta property=\"og:title\" content=\"Bang Box 30k Puff LED Display Wholesale Disposable Vape - vapebulkp.com\" \/>\n<meta property=\"og:description\" content=\"Buy Bang Box 30k Puff LED Display, a premium 30000 Puffs Disposable Vape with 35ml e-liquid, 2% or 5% nicotine, dual mesh coil, and fast Type-C charging. Wholesale orders available across Europe.\" \/>\n<meta property=\"og:url\" content=\"https:\/\/vapebulkp.com\/et\/product\/bang-box-30k-puff-led-display-wholesale-disposable-vape\/\" \/>\n<meta property=\"og:site_name\" content=\"vapebulkp.com\" \/>\n<meta property=\"article:modified_time\" content=\"2025-09-24T03:04:22+00:00\" \/>\n<meta property=\"og:image\" content=\"http:\/\/vapebulkp.com\/wp-content\/uploads\/2024\/10\/Bang-Box-30k-Vape-Box-Discount-Price-Long-LAST-VAPE-scaled.jpg\" \/>\n\t<meta property=\"og:image:width\" content=\"1920\" \/>\n\t<meta property=\"og:image:height\" content=\"2560\" \/>\n\t<meta property=\"og:image:type\" content=\"image\/jpeg\" \/>\n<meta name=\"twitter:card\" content=\"summary_large_image\" \/>\n<meta name=\"twitter:label1\" content=\"Est. reading time\" \/>\n\t<meta name=\"twitter:data1\" content=\"5 minutit\" \/>\n<script type=\"application\/ld+json\" class=\"yoast-schema-graph\">{\"@context\":\"https:\/\/schema.org\",\"@graph\":[{\"@type\":\"WebPage\",\"@id\":\"https:\/\/vapebulkp.com\/product\/bang-box-30k-puff-led-display-wholesale-disposable-vape\/\",\"url\":\"https:\/\/vapebulkp.com\/product\/bang-box-30k-puff-led-display-wholesale-disposable-vape\/\",\"name\":\"Bang Box 30k Puff LED Display Wholesale Disposable Vape - vapebulkp.com\",\"isPartOf\":{\"@id\":\"https:\/\/vapebulkp.com\/#website\"},\"datePublished\":\"2024-10-08T07:21:41+00:00\",\"dateModified\":\"2025-09-24T03:04:22+00:00\",\"description\":\"Buy Bang Box 30k Puff LED Display, a premium 30000 Puffs Disposable Vape with 35ml e-liquid, 2% or 5% nicotine, dual mesh coil, and fast Type-C charging. Wholesale orders available across Europe.\",\"breadcrumb\":{\"@id\":\"https:\/\/vapebulkp.com\/product\/bang-box-30k-puff-led-display-wholesale-disposable-vape\/#breadcrumb\"},\"inLanguage\":\"et\",\"potentialAction\":[{\"@type\":\"ReadAction\",\"target\":[\"https:\/\/vapebulkp.com\/product\/bang-box-30k-puff-led-display-wholesale-disposable-vape\/\"]}]},{\"@type\":\"BreadcrumbList\",\"@id\":\"https:\/\/vapebulkp.com\/product\/bang-box-30k-puff-led-display-wholesale-disposable-vape\/#breadcrumb\",\"itemListElement\":[{\"@type\":\"ListItem\",\"position\":1,\"name\":\"Home\",\"item\":\"https:\/\/vapebulkp.com\/\"},{\"@type\":\"ListItem\",\"position\":2,\"name\":\"Hot Trend Vapes\",\"item\":\"https:\/\/vapebulkp.com\/vape-shop\/\"},{\"@type\":\"ListItem\",\"position\":3,\"name\":\"Bang Box 30k Puff LED Display Wholesale Disposable Vape\"}]},{\"@type\":\"WebSite\",\"@id\":\"https:\/\/vapebulkp.com\/#website\",\"url\":\"https:\/\/vapebulkp.com\/\",\"name\":\"vapebulkp.com\",\"description\":\"Buy Vape In Cheap Bulk Price Near you\",\"publisher\":{\"@id\":\"https:\/\/vapebulkp.com\/#organization\"},\"potentialAction\":[{\"@type\":\"SearchAction\",\"target\":{\"@type\":\"EntryPoint\",\"urlTemplate\":\"https:\/\/vapebulkp.com\/?s={search_term_string}\"},\"query-input\":\"required name=search_term_string\"}],\"inLanguage\":\"et\"},{\"@type\":\"Organization\",\"@id\":\"https:\/\/vapebulkp.com\/#organization\",\"name\":\"vapebulkp.com\",\"url\":\"https:\/\/vapebulkp.com\/\",\"logo\":{\"@type\":\"ImageObject\",\"inLanguage\":\"et\",\"@id\":\"https:\/\/vapebulkp.com\/#\/schema\/logo\/image\/\",\"url\":\"https:\/\/vapebulkp.com\/wp-content\/uploads\/2023\/09\/cropped-vapebulkp.png\",\"contentUrl\":\"https:\/\/vapebulkp.com\/wp-content\/uploads\/2023\/09\/cropped-vapebulkp.png\",\"width\":516,\"height\":163,\"caption\":\"vapebulkp.com\"},\"image\":{\"@id\":\"https:\/\/vapebulkp.com\/#\/schema\/logo\/image\/\"}}]}<\/script>\n<!-- \/ Yoast SEO plugin. -->","yoast_head_json":{"title":"Bang Box 30k Puff LED Display Wholesale Disposable Vape - vapebulkp.com","description":"Buy Bang Box 30k Puff LED Display, a premium 30000 Puffs Disposable Vape with 35ml e-liquid, 2% or 5% nicotine, dual mesh coil, and fast Type-C charging. Wholesale orders available across Europe.","robots":{"index":"index","follow":"follow","max-snippet":"max-snippet:-1","max-image-preview":"max-image-preview:large","max-video-preview":"max-video-preview:-1"},"canonical":"https:\/\/vapebulkp.com\/et\/product\/bang-box-30k-puff-led-display-wholesale-disposable-vape\/","og_locale":"et_EE","og_type":"article","og_title":"Bang Box 30k Puff LED Display Wholesale Disposable Vape - vapebulkp.com","og_description":"Buy Bang Box 30k Puff LED Display, a premium 30000 Puffs Disposable Vape with 35ml e-liquid, 2% or 5% nicotine, dual mesh coil, and fast Type-C charging. Wholesale orders available across Europe.","og_url":"https:\/\/vapebulkp.com\/et\/product\/bang-box-30k-puff-led-display-wholesale-disposable-vape\/","og_site_name":"vapebulkp.com","article_modified_time":"2025-09-24T03:04:22+00:00","og_image":[{"width":1920,"height":2560,"url":"http:\/\/vapebulkp.com\/wp-content\/uploads\/2024\/10\/Bang-Box-30k-Vape-Box-Discount-Price-Long-LAST-VAPE-scaled.jpg","type":"image\/jpeg"}],"twitter_card":"summary_large_image","twitter_misc":{"Est. reading time":"5 minutit"},"schema":{"@context":"https:\/\/schema.org","@graph":[{"@type":"WebPage","@id":"https:\/\/vapebulkp.com\/product\/bang-box-30k-puff-led-display-wholesale-disposable-vape\/","url":"https:\/\/vapebulkp.com\/product\/bang-box-30k-puff-led-display-wholesale-disposable-vape\/","name":"Bang Box 30k Puff LED Display Wholesale Disposable Vape - vapebulkp.com","isPartOf":{"@id":"https:\/\/vapebulkp.com\/#website"},"datePublished":"2024-10-08T07:21:41+00:00","dateModified":"2025-09-24T03:04:22+00:00","description":"Buy Bang Box 30k Puff LED Display, a premium 30000 Puffs Disposable Vape with 35ml e-liquid, 2% or 5% nicotine, dual mesh coil, and fast Type-C charging. Wholesale orders available across Europe.","breadcrumb":{"@id":"https:\/\/vapebulkp.com\/product\/bang-box-30k-puff-led-display-wholesale-disposable-vape\/#breadcrumb"},"inLanguage":"et","potentialAction":[{"@type":"ReadAction","target":["https:\/\/vapebulkp.com\/product\/bang-box-30k-puff-led-display-wholesale-disposable-vape\/"]}]},{"@type":"BreadcrumbList","@id":"https:\/\/vapebulkp.com\/product\/bang-box-30k-puff-led-display-wholesale-disposable-vape\/#breadcrumb","itemListElement":[{"@type":"ListItem","position":1,"name":"Home","item":"https:\/\/vapebulkp.com\/"},{"@type":"ListItem","position":2,"name":"Hot Trend Vapes","item":"https:\/\/vapebulkp.com\/vape-shop\/"},{"@type":"ListItem","position":3,"name":"Bang Box 30k Puff LED Display Wholesale Disposable Vape"}]},{"@type":"WebSite","@id":"https:\/\/vapebulkp.com\/#website","url":"https:\/\/vapebulkp.com\/","name":"vapebulkp.com","description":"Buy Vape In Cheap Bulk Price Near you","publisher":{"@id":"https:\/\/vapebulkp.com\/#organization"},"potentialAction":[{"@type":"SearchAction","target":{"@type":"EntryPoint","urlTemplate":"https:\/\/vapebulkp.com\/?s={search_term_string}"},"query-input":"required name=search_term_string"}],"inLanguage":"et"},{"@type":"Organization","@id":"https:\/\/vapebulkp.com\/#organization","name":"vapebulkp.com","url":"https:\/\/vapebulkp.com\/","logo":{"@type":"ImageObject","inLanguage":"et","@id":"https:\/\/vapebulkp.com\/#\/schema\/logo\/image\/","url":"https:\/\/vapebulkp.com\/wp-content\/uploads\/2023\/09\/cropped-vapebulkp.png","contentUrl":"https:\/\/vapebulkp.com\/wp-content\/uploads\/2023\/09\/cropped-vapebulkp.png","width":516,"height":163,"caption":"vapebulkp.com"},"image":{"@id":"https:\/\/vapebulkp.com\/#\/schema\/logo\/image\/"}}]}},"uagb_featured_image_src":{"full":["https:\/\/vapebulkp.com\/wp-content\/uploads\/2024\/10\/Bang-Box-30k-Vape-Box-Discount-Price-Long-LAST-VAPE-scaled.jpg",1920,2560,false],"thumbnail":["https:\/\/vapebulkp.com\/wp-content\/uploads\/2024\/10\/Bang-Box-30k-Vape-Box-Discount-Price-Long-LAST-VAPE-150x150.jpg",150,150,true],"medium":["https:\/\/vapebulkp.com\/wp-content\/uploads\/2024\/10\/Bang-Box-30k-Vape-Box-Discount-Price-Long-LAST-VAPE-225x300.jpg",225,300,true],"medium_large":["https:\/\/vapebulkp.com\/wp-content\/uploads\/2024\/10\/Bang-Box-30k-Vape-Box-Discount-Price-Long-LAST-VAPE-768x1024.jpg",768,1024,true],"large":["https:\/\/vapebulkp.com\/wp-content\/uploads\/2024\/10\/Bang-Box-30k-Vape-Box-Discount-Price-Long-LAST-VAPE-768x1024.jpg",768,1024,true],"1536x1536":["https:\/\/vapebulkp.com\/wp-content\/uploads\/2024\/10\/Bang-Box-30k-Vape-Box-Discount-Price-Long-LAST-VAPE-1152x1536.jpg",1152,1536,true],"2048x2048":["https:\/\/vapebulkp.com\/wp-content\/uploads\/2024\/10\/Bang-Box-30k-Vape-Box-Discount-Price-Long-LAST-VAPE-1536x2048.jpg",1536,2048,true],"trp-custom-language-flag":["https:\/\/vapebulkp.com\/wp-content\/uploads\/2024\/10\/Bang-Box-30k-Vape-Box-Discount-Price-Long-LAST-VAPE-scaled.jpg",9,12,false],"woocommerce_thumbnail":["https:\/\/vapebulkp.com\/wp-content\/uploads\/2024\/10\/Bang-Box-30k-Vape-Box-Discount-Price-Long-LAST-VAPE-300x300.jpg",300,300,true],"woocommerce_single":["https:\/\/vapebulkp.com\/wp-content\/uploads\/2024\/10\/Bang-Box-30k-Vape-Box-Discount-Price-Long-LAST-VAPE-600x800.jpg",600,800,true],"woocommerce_gallery_thumbnail":["https:\/\/vapebulkp.com\/wp-content\/uploads\/2024\/10\/Bang-Box-30k-Vape-Box-Discount-Price-Long-LAST-VAPE-100x100.jpg",100,100,true],"wcpr-photo-reviews":["https:\/\/vapebulkp.com\/wp-content\/uploads\/2024\/10\/Bang-Box-30k-Vape-Box-Discount-Price-Long-LAST-VAPE-scaled.jpg",375,500,false]},"uagb_author_info":{"display_name":"Mandy vape bulk price","author_link":"https:\/\/vapebulkp.com\/et\/author\/"},"uagb_comment_info":0,"uagb_excerpt":"The Bang Box 30000 Puffs Best Disposable Vape combines high-performance features with user-centric design, making it a standout choice for anyone looking to elevate their vaping journey. Pls Contact Mandy's WhatsApp For Discount Price+8618077105796 NOTE: Prices on our website does not include shipping costs &nbsp;","_links":{"self":[{"href":"https:\/\/vapebulkp.com\/et\/wp-json\/wp\/v2\/product\/2986","targetHints":{"allow":["GET"]}}],"collection":[{"href":"https:\/\/vapebulkp.com\/et\/wp-json\/wp\/v2\/product"}],"about":[{"href":"https:\/\/vapebulkp.com\/et\/wp-json\/wp\/v2\/types\/product"}],"replies":[{"embeddable":true,"href":"https:\/\/vapebulkp.com\/et\/wp-json\/wp\/v2\/comments?post=2986"}],"wp:featuredmedia":[{"embeddable":true,"href":"https:\/\/vapebulkp.com\/et\/wp-json\/wp\/v2\/media\/2979"}],"wp:attachment":[{"href":"https:\/\/vapebulkp.com\/et\/wp-json\/wp\/v2\/media?parent=2986"}],"wp:term":[{"taxonomy":"product_cat","embeddable":true,"href":"https:\/\/vapebulkp.com\/et\/wp-json\/wp\/v2\/product_cat?post=2986"},{"taxonomy":"product_tag","embeddable":true,"href":"https:\/\/vapebulkp.com\/et\/wp-json\/wp\/v2\/product_tag?post=2986"}],"curies":[{"name":"wp","href":"https:\/\/api.w.org\/{rel}","templated":true}]}}