{"id":3059,"date":"2024-10-25T09:43:51","date_gmt":"2024-10-25T07:43:51","guid":{"rendered":"https:\/\/vapebulkp.com\/?post_type=product&#038;p=3059"},"modified":"2025-09-24T05:13:13","modified_gmt":"2025-09-24T03:13:13","slug":"vapme-spacex-22000-puffs-high-puff-disposable-vape","status":"publish","type":"product","link":"https:\/\/vapebulkp.com\/et\/product\/vapme-spacex-22000-puffs-high-puff-disposable-vape\/","title":{"rendered":"Vapme Spacex 22000 pihusti suure pihustiga \u00fchekordselt kasutatav Vape"},"content":{"rendered":"<h1>Vapme Spacex 22000 Puhviga \u00fchekordselt kasutatav vape<\/h1>\n<p>&nbsp;<\/p>\n<div class=\"flex max-w-full flex-col flex-grow\">\n<div class=\"min-h-8 text-message flex w-full flex-col items-end gap-2 whitespace-normal break-words [.text-message+&amp;]:mt-5\" dir=\"auto\" data-message-author-role=\"assistant\" data-message-id=\"d4e5856e-b87d-43e1-bf1b-fe5b0e62d5d8\" data-message-model-slug=\"gpt-4o\">\n<div class=\"flex w-full flex-col gap-1 empty:hidden first:pt-[3px]\">\n<div class=\"markdown prose w-full break-words dark:prose-invert light\">\n<p data-start=\"282\" data-end=\"691\">Veip <strong data-start=\"286\" data-end=\"314\">Vapme Spacex 22000 Puhviga<\/strong> on <strong data-start=\"320\" data-end=\"353\">suure mahutavusega \u00fchekordselt kasutatav vape<\/strong> disainitud Euroopa vape-kasutajatele, kes otsivad kauakestvat j\u00f5udlust ja \u00fchtlast maitset. T\u00e4iustatud <strong data-start=\"458\" data-end=\"482\">v\u00f5rgusilma spiraaltehnoloogiaga<\/strong>tehnoloogiaga pakub see kuni 22 000 puhvi sujuva, tiheda auruga, muutes selle ideaalseks nii algajatele kui ka kogenud vape-kasutajatele. Reguleeritav v\u00f5imsuspinge ja mitmed nikotiinivalikud v\u00f5imaldavad kohandatud vape-kogemust.<\/p>\n<p data-start=\"693\" data-end=\"1072\">Koos <strong data-start=\"700\" data-end=\"726\">30 ml e-vedeliku mahutavus<\/strong> ja <strong data-start=\"734\" data-end=\"765\">850mAh laetav aku<\/strong> Type-C kiirlaadimisega tagab see <strong data-start=\"798\" data-end=\"830\">laetav \u00fchekordselt kasutatav vape<\/strong> katkematud seansid liikvel olles. Valige Euroopa maitse-eelistuste j\u00e4rgi kureeritud esmaklassiliste puuviljap\u00f5histe maitsete hulgast. Selle elegantne, kerge disain muudab <strong data-start=\"993\" data-end=\"1021\">Vapme Spacex 22000 Puhviga<\/strong> mugavaks <strong data-start=\"1035\" data-end=\"1052\">kaasaskantav veip<\/strong> igap\u00e4evaseks kasutamiseks.<\/p>\n<p data-start=\"1074\" data-end=\"1293\">Vapemulk.com-is hulgim\u00fc\u00fcgiks saadaval olev <strong data-start=\"1121\" data-end=\"1153\">kauakestev \u00fchekordne veip<\/strong> pakub erakordset v\u00e4\u00e4rtust jaem\u00fc\u00fcjatele ja turustajatele, kes soovivad varuda Euroopa turu jaoks esmaklassilisi, suure j\u00f5udlusega vape-tooteid.<\/p>\n<\/div>\n<\/div>\n<\/div>\n<\/div>\n<p>&nbsp;<\/p>\n<p><img decoding=\"async\" class=\"alignnone wp-image-3053\" src=\"http:\/\/vapebulkp.com\/wp-content\/uploads\/2024\/10\/Vapme-Spacex-22k-Puffs-Disposable-Vape-fruit-flavor-e-liquid.jpg\" alt=\"Vapme Spacex 22k Puhviga \u00dchekordne Vape puuviljamaitseline e-vedelik\" width=\"379\" height=\"379\" srcset=\"https:\/\/vapebulkp.com\/wp-content\/uploads\/2024\/10\/Vapme-Spacex-22k-Puffs-Disposable-Vape-fruit-flavor-e-liquid.jpg 1060w, https:\/\/vapebulkp.com\/wp-content\/uploads\/2024\/10\/Vapme-Spacex-22k-Puffs-Disposable-Vape-fruit-flavor-e-liquid-300x300.jpg 300w, https:\/\/vapebulkp.com\/wp-content\/uploads\/2024\/10\/Vapme-Spacex-22k-Puffs-Disposable-Vape-fruit-flavor-e-liquid-1024x1024.jpg 1024w, https:\/\/vapebulkp.com\/wp-content\/uploads\/2024\/10\/Vapme-Spacex-22k-Puffs-Disposable-Vape-fruit-flavor-e-liquid-150x150.jpg 150w, https:\/\/vapebulkp.com\/wp-content\/uploads\/2024\/10\/Vapme-Spacex-22k-Puffs-Disposable-Vape-fruit-flavor-e-liquid-768x768.jpg 768w, https:\/\/vapebulkp.com\/wp-content\/uploads\/2024\/10\/Vapme-Spacex-22k-Puffs-Disposable-Vape-fruit-flavor-e-liquid-600x600.jpg 600w, https:\/\/vapebulkp.com\/wp-content\/uploads\/2024\/10\/Vapme-Spacex-22k-Puffs-Disposable-Vape-fruit-flavor-e-liquid-100x100.jpg 100w\" sizes=\"(max-width: 379px) 100vw, 379px\" \/><\/p>\n<p>&nbsp;<\/p>\n<h6>Soodushinna saamiseks v\u00f5tke \u00fchendust Mandy WhatsAppiga<a href=\"https:\/\/wa.me\/8618077105796\">+8618077105796<\/a><\/h6>\n<p><img decoding=\"async\" class=\"alignnone wp-image-2151\" src=\"http:\/\/vapebulkp.com\/wp-content\/uploads\/2024\/04\/Mandy-WhatsApp-Randm.jpg\" alt=\"Mandy WhatsAppi tutvustus\" width=\"315\" height=\"335\" srcset=\"https:\/\/vapebulkp.com\/wp-content\/uploads\/2024\/04\/Mandy-WhatsApp-Randm.jpg 916w, https:\/\/vapebulkp.com\/wp-content\/uploads\/2024\/04\/Mandy-WhatsApp-Randm-282x300.jpg 282w, https:\/\/vapebulkp.com\/wp-content\/uploads\/2024\/04\/Mandy-WhatsApp-Randm-768x817.jpg 768w, https:\/\/vapebulkp.com\/wp-content\/uploads\/2024\/04\/Mandy-WhatsApp-Randm-600x638.jpg 600w\" sizes=\"(max-width: 315px) 100vw, 315px\" \/><\/p>\n<h2><strong>Miks valida Vapme Spacex 22000 Puhviga aadressilt <a href=\"https:\/\/vapebulkp.com\/et\/ot-disposable-vapes-europe\/\">Vapebulkp.com<\/a>?<\/strong><\/h2>\n<ul>\n<li><strong>Pikendatud aku eluiga<\/strong>: Koos <strong>850mAh laetav aku<\/strong>, saate nautida pikemaid veipimissessioone ilma pideva laadimiseta.<\/li>\n<li><strong>\u00dclimalt hea maitse ja aur<\/strong>: T\u00e4nu <strong>t\u00e4iustatud v\u00f5rkspiraalile<\/strong>, saate iga t\u00f5mbega rikkalikku, rahuldust pakkuvat auru.<\/li>\n<li><strong>Mitmek\u00fclgsed nikotiinitugevused<\/strong>: Valige erinevate nikotiinivalikute hulgast, et rahuldada oma eelistusi ja v\u00e4hendada soovi korral j\u00e4rk-j\u00e4rgult nikotiini tarbimist.<\/li>\n<li><strong>Vastupidav ja kerge disain<\/strong>: Kaaludes vaid <strong>120 g \u00fchiku kohta<\/strong>, on Vapme Spacex kerge kaasas kanda ja sobib suurep\u00e4raselt veipimiseks liikvel olles. Euroopa veipijad peavad t\u00e4htsaks kvaliteeti, stiili ja mugavust, mist\u00f5ttu Vapme Spacex 22000 paistab turul silma. Olenemata sellest, kas olete hulgim\u00fc\u00fcja v\u00f5i \u00fcksikostja, kes soovib veebist osta, pakub see vape-pliiats usaldusv\u00e4\u00e4rset lahendust pikaajaliseks veipimism\u00f5nuks. Oma suure e-vedeliku mahutavuse, reguleeritava pinge ja ahvatlevate puuviljamaitsete t\u00f5ttu on see muutunud lemmikuks nende seas, kes otsivad t\u00e4iustatud \u00fchekordse veibi kogemust.<\/li>\n<\/ul>\n<p>&nbsp;<\/p>\n<h3><strong>Korduma kippuvad k\u00fcsimused Vapme Vape 22k Puffs kohta:<\/strong><\/h3>\n<ol>\n<li><strong>Mitu t\u00f5mmet Vapme Spacex 22k puff pakub?<\/strong>\n<ul>\n<li>Vapme Spacex pakub hinnanguliselt <strong>22 000 puhvi<\/strong> , t\u00e4nu suurele 30 ml e-vedeliku mahutavusele ja vastupidavale v\u00f5rkspiraali disainile.<\/li>\n<\/ul>\n<\/li>\n<li><strong>Kas Vapme Spacex 22k Puffs on laetav?<\/strong>\n<ul>\n<li>Jah, sellel on <strong>850mAh aku<\/strong> , mida saab laadida <strong>Type-C porti<\/strong>, tagades kiire ja lihtsa laadimise.<\/li>\n<\/ul>\n<\/li>\n<li><strong>Millised maitsed on saadaval Vapme Spacex 22000 Puffs?<\/strong>\n<ul>\n<li>Vapme Spacex pakub erinevaid puuviljaseid maitseid, pakkudes v\u00e4rskendavat ja nauditavat aurutamiskogemust.<\/li>\n<\/ul>\n<\/li>\n<\/ol>\n<h3><strong>\u00a0Hulgim\u00fc\u00fck <\/strong><strong>Vapme Spacex 22000 Puhviga <\/strong><strong>P\u00f5hiomadused:<\/strong><\/h3>\n<ul>\n<li><strong>Reguleeritav pinge<\/strong>: Kohandage oma aurutamiskogemust reguleeritavate pingeseadetega optimaalse maitse ja auru tootmiseks.<\/li>\n<li><strong>Mesh Coil tehnoloogia<\/strong>: Pakub sujuvaid ja \u00fchtlaseid l\u00f6\u00f6ke koos t\u00e4iustatud maitse edastamisega.<\/li>\n<li><strong>Mitmed nikotiinivalikud<\/strong>: Saadaval 0%, 2%, 3% ja 5% nikotiinitugevustega, et rahuldada iga eelistust.<\/li>\n<li><strong>Laetav Type-C port<\/strong>: Kiire ja t\u00f5hus laadimine uusima Type-C tehnoloogiaga.<\/li>\n<li><strong>Puuviljamaitseline sari<\/strong>: Nautige erinevaid maitsvaid puuviljadest inspireeritud maitseid, mis vastavad k\u00f5igile maitse-eelistustele.<\/li>\n<\/ul>\n<h3>\u00a0<em>Vapme Spacex 22000 Puhviga<\/em>\u00a0saadaval populaarsete Euroopa maitsevalikutena, n\u00e4iteks:<\/h3>\n<p>1. Sinine vaarika sidrunijook<br \/>\n2. Virsikuj\u00e4\u00e4<br \/>\n3. Arbuusij\u00e4\u00e4<br \/>\n4. Mustika-vaarikas<br \/>\n5. Kirssij\u00e4\u00e4<br \/>\n6. Maasikaj\u00e4\u00e4<br \/>\n7. Maasikas-arbuus<br \/>\n8. Mango-virsik-ananas<br \/>\n9. Maasikas-kiivi<br \/>\n10. Kiivi-passionvili-guajaav<br \/>\n11. Energiajook<br \/>\n12. Love 66<\/p>\n<p><a href=\"https:\/\/vapebulkp.com\/et\/product\/popular-randm-tornado-7000puffs-disposable-vape-best-price\/\">Randm Tornado 7000 mahvi<\/a><\/p>\n<p><span style=\"vertical-align: inherit\">Leia rohkem tooteid, mis sulle meeldida v\u00f5iksid:<\/span><em><a href=\"https:\/\/wa.me\/8618077105796\"><span style=\"vertical-align: inherit\">\u00a0Osta kohe<\/span><\/a><\/em><\/p>\n<p><span style=\"vertical-align: inherit\">Teised e-sigaretid, mis sulle meeldida v\u00f5ivad:<\/span><a href=\"https:\/\/vapebulkp.com\/et\/product\/fumot-tornado-25k-puffs-cheap-price-disposable-vape\/\"><span style=\"vertical-align: inherit\">RandM Fumot Tornado 25000 Puhangut<\/span><\/a><\/p>\n<p><a href=\"https:\/\/vapebulkp.com\/et\/product\/vapme-shisha-pro-max-20k-type-c-rechargeable-vape\/\"><span style=\"vertical-align: inherit\">Vapme shisha pro max 20000 Puhvetit<\/span><\/a><\/p>\n<p><a href=\"https:\/\/vapebulkp.com\/et\/product\/uwin-crystal-10k-puff-long-lasting-disposable-vape-for-europe\/\"><span style=\"vertical-align: inherit\">UWIN Crystal 10000 Puffs<\/span><\/a><\/p>\n<p><a href=\"https:\/\/vapebulkp.com\/et\/product\/randm-fumot-tornado-30k-puffs-rechargeable-vapes-best-sale\/\"><span style=\"vertical-align: inherit\">Randm Vape 30k Puhangut<\/span><\/a><\/p>\n<p><span style=\"vertical-align: inherit\">Erilise kujuga e-sigareti pudel:<\/span><a href=\"https:\/\/vapebulkp.com\/et\/product\/elf-box-pulse-x-25000puffs-led-screen-rechargeable-vape\/\"><span style=\"vertical-align: inherit\">ELF BOX pulse v 25000 Puhvetit<\/span><\/a><span style=\"vertical-align: inherit\">\/ <\/span><a href=\"https:\/\/vapebulkp.com\/et\/product\/waspe-tornado-vape-30k-puffs-fihp-best-long-lasting-vape\/\"><span style=\"vertical-align: inherit\">WASPE Tornado 30000 puffs<\/span><\/a><span style=\"vertical-align: inherit\">\/<\/span><a href=\"https:\/\/vapebulkp.com\/et\/product\/bang-king-pro-30k-puffs-top-selling-vape-in-europe\/\"><span style=\"vertical-align: inherit\">\u00a0 Bang King Pro 30000 Puhvetit<\/span><\/a><\/p>\n<h4>Saatmisinfo:<\/h4>\n<p><span style=\"color: #ff6600\">Tootmisaeg: 5-10 t\u00f6\u00f6p\u00e4eva<\/span><br \/>\n<span style=\"color: #ff6600\">Saatmisaeg: 8-14 t\u00f6\u00f6p\u00e4eva<\/span><\/p>\n<p>K\u00f5ik meie poe tooted on 100% originaalsed ja autentsed, seega on v\u00f5ltsitud kaupade eest k\u00fcmnekordne h\u00fcvitis meie poe poliitika. Kasutame kaupade teile tarnimiseks logistikakanaleid nagu UPS\/DHL\/FEDEX\/DPD.<\/p>\n<p>Eestisse saadetud pakkide kohalej\u00f5udmine v\u00f5tab tavaliselt aega 10 t\u00f6\u00f6p\u00e4eva. Euroopa riikidesse saatmine v\u00f5tab tavaliselt aega 12 kuni 15 t\u00f6\u00f6p\u00e4eva. Uuendame logistikainfot teie jaoks reaalajas.<\/p>\n<p>V\u00f5ta meiega \u00fchendust ja me saame pakkuda sulle Hazebar 12000 mahvi ning viia sinu \u00e4ri uutele k\u00f5rgustele!<\/p>","protected":false},"excerpt":{"rendered":"<p>Valige esmaklassiline, kauakestev \u00fchekordselt kasutatav vape mitmek\u00fclgsete maitse- ja nikotiinivalikutega <em>Vapme Spacex 22000 Puhviga<\/em>. Ideaalne <em>hulgim\u00fc\u00fcgitellimuste ja Euroopa jaem\u00fc\u00fcjate jaoks<\/em> , kes otsivad tippkvaliteediga vape-tooteid konkurentsiv\u00f5imeliste hindadega. Ostke kohe aadressilt <em>Vapebulkp.com<\/em> ja kogege aurustamise tulevikku.<br \/>\n<img decoding=\"async\" class=\"alignnone wp-image-2151\" src=\"http:\/\/vapebulkp.com\/wp-content\/uploads\/2024\/04\/Mandy-WhatsApp-Randm.jpg\" alt=\"Mandy WhatsAppi tutvustus\" width=\"238\" height=\"253\" srcset=\"https:\/\/vapebulkp.com\/wp-content\/uploads\/2024\/04\/Mandy-WhatsApp-Randm.jpg 916w, https:\/\/vapebulkp.com\/wp-content\/uploads\/2024\/04\/Mandy-WhatsApp-Randm-282x300.jpg 282w, https:\/\/vapebulkp.com\/wp-content\/uploads\/2024\/04\/Mandy-WhatsApp-Randm-768x817.jpg 768w, https:\/\/vapebulkp.com\/wp-content\/uploads\/2024\/04\/Mandy-WhatsApp-Randm-600x638.jpg 600w\" sizes=\"(max-width: 238px) 100vw, 238px\" \/><\/p>\n<p>Soodushinna saamiseks v\u00f5tke \u00fchendust Mandy WhatsAppiga<a href=\"https:\/\/wa.me\/8618077105796\">+8618077105796<\/a><\/p>\n<p><span style=\"color: #ff0000\">M\u00c4RKUS: Meie veebisaidi hinnad ei sisalda saatmiskulusid<\/span><\/p>","protected":false},"featured_media":3056,"comment_status":"open","ping_status":"closed","template":"","meta":{"_uag_custom_page_level_css":"","_lmt_disableupdate":"no","_lmt_disable":"","site-sidebar-layout":"default","site-content-layout":"content-boxed-container","ast-site-content-layout":"normal-width-container","site-content-style":"boxed","site-sidebar-style":"unboxed","ast-global-header-display":"","ast-banner-title-visibility":"","ast-main-header-display":"","ast-hfb-above-header-display":"","ast-hfb-below-header-display":"","ast-hfb-mobile-header-display":"","site-post-title":"","ast-breadcrumbs-content":"","ast-featured-img":"","footer-sml-layout":"","theme-transparent-header-meta":"default","adv-header-id-meta":"","stick-header-meta":"","header-above-stick-meta":"","header-main-stick-meta":"","header-below-stick-meta":"","astra-migrate-meta-layouts":"set","_joinchat":[]},"product_cat":[171,153,155,33,59,100,34,158,157,154,152,58,84,156,63,32,368],"product_tag":[36,37,91,41,40],"class_list":["post-3059","product","type-product","status-publish","has-post-thumbnail","hentry","product_cat-22000-puffs-disposable-vape","product_cat-hot-disposable-vapes","product_cat-belgium-hot-disposable-vapes","product_cat-france-vape-hot-sale","product_cat-germany-hot-disposable-vape","product_cat-germany-wholesale-vape-shop","product_cat-netherlands-vape-good-sale","product_cat-norway-hot-disposable-vapes","product_cat-poland-hot-disposable-vapes","product_cat-portugal-hot-disposable-vapes","product_cat-spain-hot-disposable-vapes","product_cat-sweden-hot-disposable-vape","product_cat-sweden-wholesale-vape","product_cat-switzerland-hot-disposable-vapes","product_cat-top-sale-disposable-vape","product_cat-vape-hot-sale-this-week","product_cat-vapme-vape","product_tag-good-vape","product_tag-hot-sale-disposable-vape","product_tag-italy-hot-vape","product_tag-poland-hot-vape","product_tag-sweden-hot-vape","pa_brand-vapme-vape","desktop-align-left","tablet-align-left","mobile-align-left"],"yoast_head":"<!-- This site is optimized with the Yoast SEO plugin v21.1 - https:\/\/yoast.com\/wordpress\/plugins\/seo\/ -->\n<title>Vapme Spacex 22000 Puffs High Puff Disposable Vape - vapebulkp.com<\/title>\n<meta name=\"description\" content=\"Shop the Vapme Spacex 22000 Puffs Disposable Vape with 30ml e-liquid capacity, adjustable power voltage, and customizable nicotine levels. Shop wholesale at Vapebulkp for a premium, long-lasting vaping experience.\" \/>\n<meta name=\"robots\" content=\"index, follow, max-snippet:-1, max-image-preview:large, max-video-preview:-1\" \/>\n<link rel=\"canonical\" href=\"https:\/\/vapebulkp.com\/et\/product\/vapme-spacex-22000-puffs-high-puff-disposable-vape\/\" \/>\n<meta property=\"og:locale\" content=\"et_EE\" \/>\n<meta property=\"og:type\" content=\"article\" \/>\n<meta property=\"og:title\" content=\"Vapme Spacex 22000 Puffs High Puff Disposable Vape - vapebulkp.com\" \/>\n<meta property=\"og:description\" content=\"Shop the Vapme Spacex 22000 Puffs Disposable Vape with 30ml e-liquid capacity, adjustable power voltage, and customizable nicotine levels. Shop wholesale at Vapebulkp for a premium, long-lasting vaping experience.\" \/>\n<meta property=\"og:url\" content=\"https:\/\/vapebulkp.com\/et\/product\/vapme-spacex-22000-puffs-high-puff-disposable-vape\/\" \/>\n<meta property=\"og:site_name\" content=\"vapebulkp.com\" \/>\n<meta property=\"article:modified_time\" content=\"2025-09-24T03:13:13+00:00\" \/>\n<meta property=\"og:image\" content=\"http:\/\/vapebulkp.com\/wp-content\/uploads\/2024\/10\/Vapme-Spacex-22000-Puffs-Disposable-Vape-Pen-Style-E-Cigarette-Wholesale-Price.jpg\" \/>\n\t<meta property=\"og:image:width\" content=\"1060\" \/>\n\t<meta property=\"og:image:height\" content=\"1060\" \/>\n\t<meta property=\"og:image:type\" content=\"image\/jpeg\" \/>\n<meta name=\"twitter:card\" content=\"summary_large_image\" \/>\n<meta name=\"twitter:label1\" content=\"Est. reading time\" \/>\n\t<meta name=\"twitter:data1\" content=\"4 minutit\" \/>\n<script type=\"application\/ld+json\" class=\"yoast-schema-graph\">{\"@context\":\"https:\/\/schema.org\",\"@graph\":[{\"@type\":\"WebPage\",\"@id\":\"https:\/\/vapebulkp.com\/product\/vapme-spacex-22000-puffs-high-puff-disposable-vape\/\",\"url\":\"https:\/\/vapebulkp.com\/product\/vapme-spacex-22000-puffs-high-puff-disposable-vape\/\",\"name\":\"Vapme Spacex 22000 Puffs High Puff Disposable Vape - vapebulkp.com\",\"isPartOf\":{\"@id\":\"https:\/\/vapebulkp.com\/#website\"},\"datePublished\":\"2024-10-25T07:43:51+00:00\",\"dateModified\":\"2025-09-24T03:13:13+00:00\",\"description\":\"Shop the Vapme Spacex 22000 Puffs Disposable Vape with 30ml e-liquid capacity, adjustable power voltage, and customizable nicotine levels. Shop wholesale at Vapebulkp for a premium, long-lasting vaping experience.\",\"breadcrumb\":{\"@id\":\"https:\/\/vapebulkp.com\/product\/vapme-spacex-22000-puffs-high-puff-disposable-vape\/#breadcrumb\"},\"inLanguage\":\"et\",\"potentialAction\":[{\"@type\":\"ReadAction\",\"target\":[\"https:\/\/vapebulkp.com\/product\/vapme-spacex-22000-puffs-high-puff-disposable-vape\/\"]}]},{\"@type\":\"BreadcrumbList\",\"@id\":\"https:\/\/vapebulkp.com\/product\/vapme-spacex-22000-puffs-high-puff-disposable-vape\/#breadcrumb\",\"itemListElement\":[{\"@type\":\"ListItem\",\"position\":1,\"name\":\"Home\",\"item\":\"https:\/\/vapebulkp.com\/\"},{\"@type\":\"ListItem\",\"position\":2,\"name\":\"Hot Trend Vapes\",\"item\":\"https:\/\/vapebulkp.com\/vape-shop\/\"},{\"@type\":\"ListItem\",\"position\":3,\"name\":\"Vapme Spacex 22000 Puffs High Puff Disposable Vape\"}]},{\"@type\":\"WebSite\",\"@id\":\"https:\/\/vapebulkp.com\/#website\",\"url\":\"https:\/\/vapebulkp.com\/\",\"name\":\"vapebulkp.com\",\"description\":\"Buy Vape In Cheap Bulk Price Near you\",\"publisher\":{\"@id\":\"https:\/\/vapebulkp.com\/#organization\"},\"potentialAction\":[{\"@type\":\"SearchAction\",\"target\":{\"@type\":\"EntryPoint\",\"urlTemplate\":\"https:\/\/vapebulkp.com\/?s={search_term_string}\"},\"query-input\":\"required name=search_term_string\"}],\"inLanguage\":\"et\"},{\"@type\":\"Organization\",\"@id\":\"https:\/\/vapebulkp.com\/#organization\",\"name\":\"vapebulkp.com\",\"url\":\"https:\/\/vapebulkp.com\/\",\"logo\":{\"@type\":\"ImageObject\",\"inLanguage\":\"et\",\"@id\":\"https:\/\/vapebulkp.com\/#\/schema\/logo\/image\/\",\"url\":\"https:\/\/vapebulkp.com\/wp-content\/uploads\/2023\/09\/cropped-vapebulkp.png\",\"contentUrl\":\"https:\/\/vapebulkp.com\/wp-content\/uploads\/2023\/09\/cropped-vapebulkp.png\",\"width\":516,\"height\":163,\"caption\":\"vapebulkp.com\"},\"image\":{\"@id\":\"https:\/\/vapebulkp.com\/#\/schema\/logo\/image\/\"}}]}<\/script>\n<!-- \/ Yoast SEO plugin. -->","yoast_head_json":{"title":"Vapme Spacex 22000 Puffs High Puff Disposable Vape - vapebulkp.com","description":"Shop the Vapme Spacex 22000 Puffs Disposable Vape with 30ml e-liquid capacity, adjustable power voltage, and customizable nicotine levels. Shop wholesale at Vapebulkp for a premium, long-lasting vaping experience.","robots":{"index":"index","follow":"follow","max-snippet":"max-snippet:-1","max-image-preview":"max-image-preview:large","max-video-preview":"max-video-preview:-1"},"canonical":"https:\/\/vapebulkp.com\/et\/product\/vapme-spacex-22000-puffs-high-puff-disposable-vape\/","og_locale":"et_EE","og_type":"article","og_title":"Vapme Spacex 22000 Puffs High Puff Disposable Vape - vapebulkp.com","og_description":"Shop the Vapme Spacex 22000 Puffs Disposable Vape with 30ml e-liquid capacity, adjustable power voltage, and customizable nicotine levels. Shop wholesale at Vapebulkp for a premium, long-lasting vaping experience.","og_url":"https:\/\/vapebulkp.com\/et\/product\/vapme-spacex-22000-puffs-high-puff-disposable-vape\/","og_site_name":"vapebulkp.com","article_modified_time":"2025-09-24T03:13:13+00:00","og_image":[{"width":1060,"height":1060,"url":"http:\/\/vapebulkp.com\/wp-content\/uploads\/2024\/10\/Vapme-Spacex-22000-Puffs-Disposable-Vape-Pen-Style-E-Cigarette-Wholesale-Price.jpg","type":"image\/jpeg"}],"twitter_card":"summary_large_image","twitter_misc":{"Est. reading time":"4 minutit"},"schema":{"@context":"https:\/\/schema.org","@graph":[{"@type":"WebPage","@id":"https:\/\/vapebulkp.com\/product\/vapme-spacex-22000-puffs-high-puff-disposable-vape\/","url":"https:\/\/vapebulkp.com\/product\/vapme-spacex-22000-puffs-high-puff-disposable-vape\/","name":"Vapme Spacex 22000 Puffs High Puff Disposable Vape - vapebulkp.com","isPartOf":{"@id":"https:\/\/vapebulkp.com\/#website"},"datePublished":"2024-10-25T07:43:51+00:00","dateModified":"2025-09-24T03:13:13+00:00","description":"Shop the Vapme Spacex 22000 Puffs Disposable Vape with 30ml e-liquid capacity, adjustable power voltage, and customizable nicotine levels. Shop wholesale at Vapebulkp for a premium, long-lasting vaping experience.","breadcrumb":{"@id":"https:\/\/vapebulkp.com\/product\/vapme-spacex-22000-puffs-high-puff-disposable-vape\/#breadcrumb"},"inLanguage":"et","potentialAction":[{"@type":"ReadAction","target":["https:\/\/vapebulkp.com\/product\/vapme-spacex-22000-puffs-high-puff-disposable-vape\/"]}]},{"@type":"BreadcrumbList","@id":"https:\/\/vapebulkp.com\/product\/vapme-spacex-22000-puffs-high-puff-disposable-vape\/#breadcrumb","itemListElement":[{"@type":"ListItem","position":1,"name":"Home","item":"https:\/\/vapebulkp.com\/"},{"@type":"ListItem","position":2,"name":"Hot Trend Vapes","item":"https:\/\/vapebulkp.com\/vape-shop\/"},{"@type":"ListItem","position":3,"name":"Vapme Spacex 22000 Puffs High Puff Disposable Vape"}]},{"@type":"WebSite","@id":"https:\/\/vapebulkp.com\/#website","url":"https:\/\/vapebulkp.com\/","name":"vapebulkp.com","description":"Buy Vape In Cheap Bulk Price Near you","publisher":{"@id":"https:\/\/vapebulkp.com\/#organization"},"potentialAction":[{"@type":"SearchAction","target":{"@type":"EntryPoint","urlTemplate":"https:\/\/vapebulkp.com\/?s={search_term_string}"},"query-input":"required name=search_term_string"}],"inLanguage":"et"},{"@type":"Organization","@id":"https:\/\/vapebulkp.com\/#organization","name":"vapebulkp.com","url":"https:\/\/vapebulkp.com\/","logo":{"@type":"ImageObject","inLanguage":"et","@id":"https:\/\/vapebulkp.com\/#\/schema\/logo\/image\/","url":"https:\/\/vapebulkp.com\/wp-content\/uploads\/2023\/09\/cropped-vapebulkp.png","contentUrl":"https:\/\/vapebulkp.com\/wp-content\/uploads\/2023\/09\/cropped-vapebulkp.png","width":516,"height":163,"caption":"vapebulkp.com"},"image":{"@id":"https:\/\/vapebulkp.com\/#\/schema\/logo\/image\/"}}]}},"uagb_featured_image_src":{"full":["https:\/\/vapebulkp.com\/wp-content\/uploads\/2024\/10\/Vapme-Spacex-22000-Puffs-Disposable-Vape-Pen-Style-E-Cigarette-Wholesale-Price.jpg",1060,1060,false],"thumbnail":["https:\/\/vapebulkp.com\/wp-content\/uploads\/2024\/10\/Vapme-Spacex-22000-Puffs-Disposable-Vape-Pen-Style-E-Cigarette-Wholesale-Price-150x150.jpg",150,150,true],"medium":["https:\/\/vapebulkp.com\/wp-content\/uploads\/2024\/10\/Vapme-Spacex-22000-Puffs-Disposable-Vape-Pen-Style-E-Cigarette-Wholesale-Price-300x300.jpg",300,300,true],"medium_large":["https:\/\/vapebulkp.com\/wp-content\/uploads\/2024\/10\/Vapme-Spacex-22000-Puffs-Disposable-Vape-Pen-Style-E-Cigarette-Wholesale-Price-768x768.jpg",768,768,true],"large":["https:\/\/vapebulkp.com\/wp-content\/uploads\/2024\/10\/Vapme-Spacex-22000-Puffs-Disposable-Vape-Pen-Style-E-Cigarette-Wholesale-Price-1024x1024.jpg",1024,1024,true],"1536x1536":["https:\/\/vapebulkp.com\/wp-content\/uploads\/2024\/10\/Vapme-Spacex-22000-Puffs-Disposable-Vape-Pen-Style-E-Cigarette-Wholesale-Price.jpg",1060,1060,false],"2048x2048":["https:\/\/vapebulkp.com\/wp-content\/uploads\/2024\/10\/Vapme-Spacex-22000-Puffs-Disposable-Vape-Pen-Style-E-Cigarette-Wholesale-Price.jpg",1060,1060,false],"trp-custom-language-flag":["https:\/\/vapebulkp.com\/wp-content\/uploads\/2024\/10\/Vapme-Spacex-22000-Puffs-Disposable-Vape-Pen-Style-E-Cigarette-Wholesale-Price.jpg",12,12,false],"woocommerce_thumbnail":["https:\/\/vapebulkp.com\/wp-content\/uploads\/2024\/10\/Vapme-Spacex-22000-Puffs-Disposable-Vape-Pen-Style-E-Cigarette-Wholesale-Price-300x300.jpg",300,300,true],"woocommerce_single":["https:\/\/vapebulkp.com\/wp-content\/uploads\/2024\/10\/Vapme-Spacex-22000-Puffs-Disposable-Vape-Pen-Style-E-Cigarette-Wholesale-Price-600x600.jpg",600,600,true],"woocommerce_gallery_thumbnail":["https:\/\/vapebulkp.com\/wp-content\/uploads\/2024\/10\/Vapme-Spacex-22000-Puffs-Disposable-Vape-Pen-Style-E-Cigarette-Wholesale-Price-100x100.jpg",100,100,true],"wcpr-photo-reviews":["https:\/\/vapebulkp.com\/wp-content\/uploads\/2024\/10\/Vapme-Spacex-22000-Puffs-Disposable-Vape-Pen-Style-E-Cigarette-Wholesale-Price.jpg",500,500,false]},"uagb_author_info":{"display_name":"Mandy vape bulk price","author_link":"https:\/\/vapebulkp.com\/et\/author\/"},"uagb_comment_info":0,"uagb_excerpt":"For a premium, long-lasting disposable vape with versatile flavor and nicotine options, choose Vapme Spacex 22000 Puffs. Ideal for wholesale orders and European retailers seeking top-quality vape products at competitive prices. Shop now at Vapebulkp.com and experience the future of vaping. Pls Contact Mandy's WhatsApp For Discount Price+8618077105796 NOTE: Prices on our website does not&hellip;","_links":{"self":[{"href":"https:\/\/vapebulkp.com\/et\/wp-json\/wp\/v2\/product\/3059","targetHints":{"allow":["GET"]}}],"collection":[{"href":"https:\/\/vapebulkp.com\/et\/wp-json\/wp\/v2\/product"}],"about":[{"href":"https:\/\/vapebulkp.com\/et\/wp-json\/wp\/v2\/types\/product"}],"replies":[{"embeddable":true,"href":"https:\/\/vapebulkp.com\/et\/wp-json\/wp\/v2\/comments?post=3059"}],"wp:featuredmedia":[{"embeddable":true,"href":"https:\/\/vapebulkp.com\/et\/wp-json\/wp\/v2\/media\/3056"}],"wp:attachment":[{"href":"https:\/\/vapebulkp.com\/et\/wp-json\/wp\/v2\/media?parent=3059"}],"wp:term":[{"taxonomy":"product_cat","embeddable":true,"href":"https:\/\/vapebulkp.com\/et\/wp-json\/wp\/v2\/product_cat?post=3059"},{"taxonomy":"product_tag","embeddable":true,"href":"https:\/\/vapebulkp.com\/et\/wp-json\/wp\/v2\/product_tag?post=3059"}],"curies":[{"name":"wp","href":"https:\/\/api.w.org\/{rel}","templated":true}]}}