{"id":3075,"date":"2024-10-28T08:28:39","date_gmt":"2024-10-28T07:28:39","guid":{"rendered":"https:\/\/vapebulkp.com\/?post_type=product&#038;p=3075"},"modified":"2025-09-24T05:14:42","modified_gmt":"2025-09-24T03:14:42","slug":"poco-bl-10000-puffs-hot-selling-high-puff-type-c-disposable-vape","status":"publish","type":"product","link":"https:\/\/vapebulkp.com\/et\/product\/poco-bl-10000-puffs-hot-selling-high-puff-type-c-disposable-vape\/","title":{"rendered":"POCO Bl 10000 T\u00f5mmet Kuum M\u00fc\u00fck K\u00f5rge T\u00f5mbega Type-C \u00dchekordne Vape"},"content":{"rendered":"<h1 style=\"text-align: left\">POCO Bl 10000 T\u00f5mmet Kuum M\u00fc\u00fck K\u00f5rge T\u00f5mbega Type-C \u00dchekordne Vape<\/h1>\n<p>&nbsp;<\/p>\n<p data-start=\"393\" data-end=\"710\">Veip <strong data-start=\"437\" data-end=\"460\">POCO BL 10000 suitsu<\/strong> on suure mahutavusega <a href=\"https:\/\/vapebulkp.com\/et\/product-category\/10000-puffs-disposable-vape\/\"><strong data-start=\"480\" data-end=\"511\">10000 pahviga \u00fchekordselt kasutatav e-sigaret<\/strong><\/a> loodud veipijatele, kes n\u00f5uavad maitset, j\u00f5udlust ja mugavust. 20 ml esmaklassilise nikotiinisoola e-vedelikuga (5%) eelt\u00e4idetud, pakub see sujuvat ja rahuldust pakkuvat auru kuni 10 000 t\u00f5mmet.<\/p>\n<p data-start=\"712\" data-end=\"993\">Toiteallikaks 650 mAh laetav aku Type-C kiirlaadimise funktsiooniga, mis <strong data-start=\"784\" data-end=\"807\">POCO BL 10000 suitsu<\/strong> tagab pikaajalise j\u00f5udluse. V\u00f5rgusilma (mesh) spiraali tehnoloogia parandab iga t\u00f5mmet, luues rikkaliku maitse ja tiheda auru 15 populaarsest valikust \u2013 sealhulgas puuvilja-, piparm\u00fcndi- ja magustoidusegud.<\/p>\n<p data-start=\"995\" data-end=\"1255\">Stiilse RGB-valgustusega seade on \u00fchtlasi elegantne lisaseade, mis tagab pideva veipimisv\u00f5imsuse. Kompaktne, usaldusv\u00e4\u00e4rne ja mitmek\u00fclgne <strong data-start=\"1147\" data-end=\"1186\">POCO BL 10000 Puff \u00fchekordne veip<\/strong> on t\u00e4iuslik valik hulgim\u00fc\u00fcjatele ja l\u00f5pptarbijatele kogu Euroopas.<\/p>\n<p data-start=\"1257\" data-end=\"1378\">Osta <strong data-start=\"1265\" data-end=\"1288\">POCO BL 10000 suitsu<\/strong> n\u00fc\u00fcd hulgihindadega <a href=\"https:\/\/vapebulkp.com\/et\/vape-shop\/\">vapebulkp.com<\/a> kiire tarnega.<\/p>\n<p><img decoding=\"async\" class=\"alignnone wp-image-3071\" src=\"http:\/\/vapebulkp.com\/wp-content\/uploads\/2024\/10\/EU-Warehouse-Poco-BL10000-Puffs-Disposable-Vape-Pod-Puff-10k-Minimum-Order-50pcs.png\" alt=\"Eesti ladu Poco BL10000 Puffs \u00fchekordne veip pod 10k Minimaalne tellimus 50tk\" width=\"585\" height=\"585\" srcset=\"https:\/\/vapebulkp.com\/wp-content\/uploads\/2024\/10\/EU-Warehouse-Poco-BL10000-Puffs-Disposable-Vape-Pod-Puff-10k-Minimum-Order-50pcs.png 800w, https:\/\/vapebulkp.com\/wp-content\/uploads\/2024\/10\/EU-Warehouse-Poco-BL10000-Puffs-Disposable-Vape-Pod-Puff-10k-Minimum-Order-50pcs-300x300.png 300w, https:\/\/vapebulkp.com\/wp-content\/uploads\/2024\/10\/EU-Warehouse-Poco-BL10000-Puffs-Disposable-Vape-Pod-Puff-10k-Minimum-Order-50pcs-150x150.png 150w, https:\/\/vapebulkp.com\/wp-content\/uploads\/2024\/10\/EU-Warehouse-Poco-BL10000-Puffs-Disposable-Vape-Pod-Puff-10k-Minimum-Order-50pcs-768x768.png 768w, https:\/\/vapebulkp.com\/wp-content\/uploads\/2024\/10\/EU-Warehouse-Poco-BL10000-Puffs-Disposable-Vape-Pod-Puff-10k-Minimum-Order-50pcs-600x600.png 600w, https:\/\/vapebulkp.com\/wp-content\/uploads\/2024\/10\/EU-Warehouse-Poco-BL10000-Puffs-Disposable-Vape-Pod-Puff-10k-Minimum-Order-50pcs-100x100.png 100w\" sizes=\"(max-width: 585px) 100vw, 585px\" \/><\/p>\n<h6>Soodushinna saamiseks v\u00f5tke \u00fchendust Mandy WhatsAppiga<a href=\"https:\/\/wa.me\/8618077105796\">+8618077105796<\/a><\/h6>\n<p><img decoding=\"async\" class=\"alignnone wp-image-2151\" src=\"http:\/\/vapebulkp.com\/wp-content\/uploads\/2024\/04\/Mandy-WhatsApp-Randm.jpg\" alt=\"Mandy WhatsAppi tutvustus\" width=\"324\" height=\"330\" \/><\/p>\n<h5><\/h5>\n<h2>Miks valida poco vape bl 10000 Puffs \u00fchekordne veip?<\/h2>\n<ol>\n<li><strong>Erakordne e-vedeliku maht<\/strong><br \/>\nRohke <strong>20 ml e-vedeliku mahutavusega<\/strong>v\u00f5imaldab POCO BL pikaajalist nautimist ilma sagedaste asendusteta, muutes selle ideaalseks kirglikele veipijatele.<\/li>\n<li><strong>Muljetavaldav t\u00f5mmete arv<\/strong><br \/>\nPakkudes kuni <strong>10 000 t\u00f5mmet<\/strong>, see seade tagab, et saate igast veipimissessioonist maksimumi, pakkudes erakordset v\u00e4\u00e4rtust teie investeeringule.<\/li>\n<li><strong>Rikkalik maitsevalik<\/strong><br \/>\nPOCO BL pakub <strong>15 unikaalset maitset<\/strong>, mis on asjatundlikult loodud, et rahuldada erinevaid maitse-eelistusi. Olenemata sellest, kas eelistate puuvilja-, piparm\u00fcndi- v\u00f5i magustoidumaitseid, leidub midagi iga\u00fchele.<\/li>\n<li><strong>T\u00e4iustatud v\u00f5rgusilma m\u00e4hise tehnoloogia<\/strong><br \/>\nVarustatud <strong>v\u00f5rgusilma spiraaltehnoloogiaga<\/strong>, POCO BL pakub pidevalt sujuvat ja maitsvat veipimiskogemust, mis parandab nii maitset kui ka auru tootmist.<\/li>\n<li><strong>Kohandatav \u00f5huvool<\/strong><br \/>\nReguleeritav \u00f5huvoolu funktsioon v\u00f5imaldab teil kohandada oma veipimiskogemust vastavalt oma maitsele, tagades optimaalse maitse ja auru tiheduse vastavalt teie eelistustele.<\/li>\n<li><strong>Elegantne ja stiilne disain<\/strong><br \/>\nOma modernse esteetika ja <strong>RGB valgustusega<\/strong>, paistab POCO BL silma kui moodne aksessuaar, mis sobib ideaalselt neile, kes hindavad nii funktsiooni kui ka stiili.<\/li>\n<li><strong>Kauakestev laetav aku<\/strong><br \/>\nVeip <strong>650mAh laetav aku<\/strong> pakub usaldusv\u00e4\u00e4rset j\u00f5udlust, v\u00f5imaldades teil nautida katkematuid veipimissessioone ilma pideva asendamise vaevata.<\/li>\n<li><strong>Kasutajas\u00f5bralik kogemus<\/strong><br \/>\nNii algajatele kui ka kogenud veipijatele loodud POCO BL pakub intuitiivset ja probleemivaba veipimiskogemust, muutes selle nautimise lihtsaks igal pool.<\/li>\n<\/ol>\n<p>&nbsp;<\/p>\n<h3><\/h3>\n<h3>POCO BL10000 pahvi 5% laetav \u00fchekordselt kasutatav veip reguleeritava \u00f5huvooluga veibi omadused:<\/h3>\n<ul>\n<li><strong>Nikotiini tugevus<\/strong>: <strong>5% nikotiinisool<\/strong> sujuvaks ja rahuldustpakkuvaks kogemuseks.<\/li>\n<li><strong>E-vedeliku maht<\/strong>: Suur <strong>20 ml e-vedelikku<\/strong>, tagades pikaajalise nautimise ilma sagedase vahetamiseta.<\/li>\n<li><strong>Pahvide arv<\/strong>: Kuni <strong>10 000 t\u00f5mmet seadme kohta<\/strong>, pakkudes erakordset v\u00e4\u00e4rtust teie veipimiskogemustele.<\/li>\n<li><strong>Valgustusfunktsioonid<\/strong>: Varustatud <strong>6 v\u00e4rvi RGB valgusega<\/strong>, lisades teie veipimiskogemusele stiilset elegantsi.<\/li>\n<li><strong>Aku t\u00fc\u00fcp<\/strong>: <strong>650mAh taaslaetav aku<\/strong> pikaajalise j\u00f5udluse ja mugavuse tagamiseks.<\/li>\n<li><strong>Maitsete Mitmekesisus<\/strong>: Valige <strong>15 vastupandamatut maitset<\/strong>, asjatundlikult valmistatud, et rahuldada iga maitset.<\/li>\n<\/ul>\n<h3>Parimad maitsed POCO BL 10000 Puffs \u00fchekordselt kasutatavale e-sigaretile hulgihinnaga:<\/h3>\n<p>1.Mango apelsin greip<br \/>\n2.Virsiku mustika pehme komm<br \/>\n3.Jahe m\u00fcnt<br \/>\n4.Aloe viinamari<br \/>\n5.Maasika mango<br \/>\n6.Granadilli kiivi guajaav<br \/>\n7.Maasika-arbuus<br \/>\n8.\u00d5una virsik<br \/>\n9.Mustika vaarikas<br \/>\n10.Viinamarja musts\u00f5stra limonaad<br \/>\n11.Maasika kiivi<br \/>\n12.Mustika kirsi koola<br \/>\n13.Musta j\u00e4\u00e4 draakoni puuvilja maasikas<br \/>\n14.Vaarika arbuus<br \/>\n15.Maasika banaan<\/p>\n<p><a href=\"https:\/\/vapebulkp.com\/et\/product\/uwin-crystal-10k-puff-long-lasting-disposable-vape-for-europe\/\"><span style=\"vertical-align: inherit\">UWIN Vapme Kristall 10000 suitsu <\/span><\/a><\/p>\n<p><span style=\"vertical-align: inherit\">Leia rohkem tooteid, mis sulle meeldida v\u00f5iksid:<\/span><em><a href=\"https:\/\/wa.me\/8618077105796\"><span style=\"vertical-align: inherit\">\u00a0Osta kohe<\/span><\/a><\/em><\/p>\n<p><span style=\"vertical-align: inherit\">Teised e-sigaretid, mis sulle meeldida v\u00f5ivad:<\/span><a href=\"https:\/\/vapebulkp.com\/et\/product\/bang-box-30k-puff-led-display-wholesale-disposable-vape\/\"><span style=\"vertical-align: inherit\">Bang Box LED Ekraaniga vape 30000 Puhvrit<\/span><\/a><span style=\"vertical-align: inherit\">\u3001<\/span><a href=\"https:\/\/vapebulkp.com\/et\/product\/wholesale-randm-tornado-9000-puffs-germany\/\"><span style=\"vertical-align: inherit\">RandM 9000 Pahvi<\/span><\/a><span style=\"vertical-align: inherit\">\/ <\/span><a href=\"https:\/\/vapebulkp.com\/et\/product\/vozol-vista-20000-puff-rechargeable-vape-cheap-price-today\/\"><span style=\"vertical-align: inherit\">Vozol vista 20000 Puhvrit<\/span><\/a><span style=\"vertical-align: inherit\">\/ <\/span><a href=\"https:\/\/vapebulkp.com\/et\/product\/wga-crystal-plus-16000-puffs-led-light-disposable-vape\/\"><span style=\"vertical-align: inherit\">WGA Crystal 16000 Puhvrit<\/span><\/a><\/p>\n<p><span style=\"vertical-align: inherit\">Erilise kujuga e-sigareti pudel:<\/span><a href=\"https:\/\/vapebulkp.com\/et\/product\/vapsolo-super-15k-puffs-wholesale-price-e-cigarette\/\"><span style=\"vertical-align: inherit\"> Vapsolo super 15k Puffs<\/span><\/a><span style=\"vertical-align: inherit\">\/ <\/span><a href=\"https:\/\/vapebulkp.com\/et\/product\/randm-fumot-tornado-30k-puffs-rechargeable-vapes-best-sale\/\"><span style=\"vertical-align: inherit\">\u00a0Fumot Tornado muusika 30000 suitsu <\/span><\/a><span style=\"vertical-align: inherit\">\/<\/span><a href=\"https:\/\/vapebulkp.com\/et\/product\/vapme-shisha-pro-max-20k-type-c-rechargeable-vape\/\"><span style=\"vertical-align: inherit\">Vapme shisha pro max 20000 Puffs<\/span><\/a><\/p>\n<p>&nbsp;<\/p>\n<h4>KKK:<\/h4>\n<p>Q1: Mis on klanitud ja stiilse disainiga POCO BL 10000 Puffs \u00fchekordse veibi minimaalne tellimiskogus (MOQ)?<br \/>\nV: Minimaalne tellimiskogus on 50 tk.<br \/>\nQ2: Kas POCO BL 10000 Puffs veipil on <strong>reguleeritava \u00f5huvooluga<\/strong>\u00a0 mingeid turvafunktsioone?<br \/>\nV: Jah, POCO BL-il on mitu turvafunktsiooni, n\u00e4iteks l\u00fchisekaitse ja \u00fclelaadimise kaitse, mis tagavad ohutu veipimiskogemuse.<br \/>\nQ3: Mis on tellitud veipide tarneaeg?<br \/>\nV: Tavaliselt 10-15 p\u00e4eva p\u00e4rast v\u00e4ljasaatmist<br \/>\nQ4: Kui palju on saatmiskulud?<br \/>\nV: Saatmine s\u00f5ltub kaalust. Erinevatel kogustel on erinevad saatmiskulud, palun v\u00f5tke meiega \u00fchendust, et kinnitada saatmiskulu.<\/p>\n<h4>Saatmisinfo:<\/h4>\n<p><span style=\"color: #ff6600\">Tootmisaeg: 5-10 t\u00f6\u00f6p\u00e4eva<\/span><br \/>\n<span style=\"color: #ff6600\">Saatmisaeg: 8-14 t\u00f6\u00f6p\u00e4eva<\/span><\/p>\n<p>K\u00f5ik meie poe tooted on 100% originaalsed ja autentsed, seega on v\u00f5ltsitud kaupade eest k\u00fcmnekordne h\u00fcvitis meie poe poliitika. Kasutame kaupade teile tarnimiseks logistikakanaleid nagu UPS\/DHL\/FEDEX\/DPD.<\/p>\n<p>Eestisse saadetud pakkide kohalej\u00f5udmine v\u00f5tab tavaliselt aega 10 t\u00f6\u00f6p\u00e4eva. Euroopa riikidesse saatmine v\u00f5tab tavaliselt aega 12 kuni 15 t\u00f6\u00f6p\u00e4eva. Uuendame logistikainfot teie jaoks reaalajas.<\/p>","protected":false},"excerpt":{"rendered":"<p>Osta POCO BL 10000 Puffs \u00fchekordne veip internetist<br \/>\nPOCO BL 10000 Puffs \u00fchekordse veibi valimine t\u00e4hendab kvaliteetse ja mitmek\u00fclgse seadme valimist, mis vastab teie veipimisvajadustele, pakkudes samal ajal stiilset ja nauditavat kogemust.<\/p>\n<p>Soodushinna saamiseks v\u00f5tke \u00fchendust Mandy WhatsAppiga<a href=\"https:\/\/wa.me\/8618077105796\">+8618077105796<\/a><\/p>\n<p><img decoding=\"async\" class=\"alignnone wp-image-2151\" src=\"http:\/\/vapebulkp.com\/wp-content\/uploads\/2024\/04\/Mandy-WhatsApp-Randm.jpg\" alt=\"Mandy WhatsAppi tutvustus\" width=\"297\" height=\"316\" srcset=\"https:\/\/vapebulkp.com\/wp-content\/uploads\/2024\/04\/Mandy-WhatsApp-Randm.jpg 916w, https:\/\/vapebulkp.com\/wp-content\/uploads\/2024\/04\/Mandy-WhatsApp-Randm-282x300.jpg 282w, https:\/\/vapebulkp.com\/wp-content\/uploads\/2024\/04\/Mandy-WhatsApp-Randm-768x817.jpg 768w, https:\/\/vapebulkp.com\/wp-content\/uploads\/2024\/04\/Mandy-WhatsApp-Randm-600x638.jpg 600w\" sizes=\"(max-width: 297px) 100vw, 297px\" \/><\/p>\n<p><span style=\"color: #ff0000\">M\u00c4RKUS: Meie veebisaidi hinnad ei sisalda saatmiskulusid<\/span><\/p>\n<p>&nbsp;<\/p>","protected":false},"featured_media":3073,"comment_status":"open","ping_status":"closed","template":"","meta":{"_uag_custom_page_level_css":"","_lmt_disableupdate":"no","_lmt_disable":"","site-sidebar-layout":"default","site-content-layout":"content-boxed-container","ast-site-content-layout":"normal-width-container","site-content-style":"boxed","site-sidebar-style":"unboxed","ast-global-header-display":"","ast-banner-title-visibility":"","ast-main-header-display":"","ast-hfb-above-header-display":"","ast-hfb-below-header-display":"","ast-hfb-mobile-header-display":"","site-post-title":"","ast-breadcrumbs-content":"","ast-featured-img":"","footer-sml-layout":"","theme-transparent-header-meta":"default","adv-header-id-meta":"","stick-header-meta":"","header-above-stick-meta":"","header-main-stick-meta":"","header-below-stick-meta":"","astra-migrate-meta-layouts":"set","_joinchat":[]},"product_cat":[167,153,155,33,59,100,34,158,357,157,154,152,58,84,156,63,32],"product_tag":[139,36,37,41,40],"class_list":["post-3075","product","type-product","status-publish","has-post-thumbnail","hentry","product_cat-10000-puffs-disposable-vape","product_cat-hot-disposable-vapes","product_cat-belgium-hot-disposable-vapes","product_cat-france-vape-hot-sale","product_cat-germany-hot-disposable-vape","product_cat-germany-wholesale-vape-shop","product_cat-netherlands-vape-good-sale","product_cat-norway-hot-disposable-vapes","product_cat-poco-vape","product_cat-poland-hot-disposable-vapes","product_cat-portugal-hot-disposable-vapes","product_cat-spain-hot-disposable-vapes","product_cat-sweden-hot-disposable-vape","product_cat-sweden-wholesale-vape","product_cat-switzerland-hot-disposable-vapes","product_cat-top-sale-disposable-vape","product_cat-vape-hot-sale-this-week","product_tag-30k-puffs","product_tag-good-vape","product_tag-hot-sale-disposable-vape","product_tag-poland-hot-vape","product_tag-sweden-hot-vape","pa_brand-poco-vape","desktop-align-left","tablet-align-left","mobile-align-left"],"yoast_head":"<!-- This site is optimized with the Yoast SEO plugin v21.1 - https:\/\/yoast.com\/wordpress\/plugins\/seo\/ -->\n<title>POCO Bl 10000 Puffs Hot Selling High Puff Type-C Disposable Vape - vapebulkp.com<\/title>\n<meta name=\"description\" content=\"Shop POCO BL 10000 Puffs Disposable Vape with mesh coil, 20ml nicotine salt e-liquid &amp; Type-C charging. Long-lasting rechargeable vape \u2014 order wholesale now!\" \/>\n<meta name=\"robots\" content=\"index, follow, max-snippet:-1, max-image-preview:large, max-video-preview:-1\" \/>\n<link rel=\"canonical\" href=\"https:\/\/vapebulkp.com\/et\/product\/poco-bl-10000-puffs-hot-selling-high-puff-type-c-disposable-vape\/\" \/>\n<meta property=\"og:locale\" content=\"et_EE\" \/>\n<meta property=\"og:type\" content=\"article\" \/>\n<meta property=\"og:title\" content=\"POCO Bl 10000 Puffs Hot Selling High Puff Type-C Disposable Vape - vapebulkp.com\" \/>\n<meta property=\"og:description\" content=\"Shop POCO BL 10000 Puffs Disposable Vape with mesh coil, 20ml nicotine salt e-liquid &amp; Type-C charging. Long-lasting rechargeable vape \u2014 order wholesale now!\" \/>\n<meta property=\"og:url\" content=\"https:\/\/vapebulkp.com\/et\/product\/poco-bl-10000-puffs-hot-selling-high-puff-type-c-disposable-vape\/\" \/>\n<meta property=\"og:site_name\" content=\"vapebulkp.com\" \/>\n<meta property=\"article:modified_time\" content=\"2025-09-24T03:14:42+00:00\" \/>\n<meta property=\"og:image\" content=\"http:\/\/vapebulkp.com\/wp-content\/uploads\/2024\/10\/EU-Warehouse-Poco-BL10000-Puffs-Disposable-Vape-Pod-Puff-10k-Top-Sale-poco-Vape.png\" \/>\n\t<meta property=\"og:image:width\" content=\"500\" \/>\n\t<meta property=\"og:image:height\" content=\"563\" \/>\n\t<meta property=\"og:image:type\" content=\"image\/png\" \/>\n<meta name=\"twitter:card\" content=\"summary_large_image\" \/>\n<meta name=\"twitter:label1\" content=\"Est. reading time\" \/>\n\t<meta name=\"twitter:data1\" content=\"4 minutit\" \/>\n<script type=\"application\/ld+json\" class=\"yoast-schema-graph\">{\"@context\":\"https:\/\/schema.org\",\"@graph\":[{\"@type\":\"WebPage\",\"@id\":\"https:\/\/vapebulkp.com\/product\/poco-bl-10000-puffs-hot-selling-high-puff-type-c-disposable-vape\/\",\"url\":\"https:\/\/vapebulkp.com\/product\/poco-bl-10000-puffs-hot-selling-high-puff-type-c-disposable-vape\/\",\"name\":\"POCO Bl 10000 Puffs Hot Selling High Puff Type-C Disposable Vape - vapebulkp.com\",\"isPartOf\":{\"@id\":\"https:\/\/vapebulkp.com\/#website\"},\"datePublished\":\"2024-10-28T07:28:39+00:00\",\"dateModified\":\"2025-09-24T03:14:42+00:00\",\"description\":\"Shop POCO BL 10000 Puffs Disposable Vape with mesh coil, 20ml nicotine salt e-liquid & Type-C charging. Long-lasting rechargeable vape \u2014 order wholesale now!\",\"breadcrumb\":{\"@id\":\"https:\/\/vapebulkp.com\/product\/poco-bl-10000-puffs-hot-selling-high-puff-type-c-disposable-vape\/#breadcrumb\"},\"inLanguage\":\"et\",\"potentialAction\":[{\"@type\":\"ReadAction\",\"target\":[\"https:\/\/vapebulkp.com\/product\/poco-bl-10000-puffs-hot-selling-high-puff-type-c-disposable-vape\/\"]}]},{\"@type\":\"BreadcrumbList\",\"@id\":\"https:\/\/vapebulkp.com\/product\/poco-bl-10000-puffs-hot-selling-high-puff-type-c-disposable-vape\/#breadcrumb\",\"itemListElement\":[{\"@type\":\"ListItem\",\"position\":1,\"name\":\"Home\",\"item\":\"https:\/\/vapebulkp.com\/\"},{\"@type\":\"ListItem\",\"position\":2,\"name\":\"Hot Trend Vapes\",\"item\":\"https:\/\/vapebulkp.com\/vape-shop\/\"},{\"@type\":\"ListItem\",\"position\":3,\"name\":\"POCO Bl 10000 Puffs Hot Selling High Puff Type-C Disposable Vape\"}]},{\"@type\":\"WebSite\",\"@id\":\"https:\/\/vapebulkp.com\/#website\",\"url\":\"https:\/\/vapebulkp.com\/\",\"name\":\"vapebulkp.com\",\"description\":\"Buy Vape In Cheap Bulk Price Near you\",\"publisher\":{\"@id\":\"https:\/\/vapebulkp.com\/#organization\"},\"potentialAction\":[{\"@type\":\"SearchAction\",\"target\":{\"@type\":\"EntryPoint\",\"urlTemplate\":\"https:\/\/vapebulkp.com\/?s={search_term_string}\"},\"query-input\":\"required name=search_term_string\"}],\"inLanguage\":\"et\"},{\"@type\":\"Organization\",\"@id\":\"https:\/\/vapebulkp.com\/#organization\",\"name\":\"vapebulkp.com\",\"url\":\"https:\/\/vapebulkp.com\/\",\"logo\":{\"@type\":\"ImageObject\",\"inLanguage\":\"et\",\"@id\":\"https:\/\/vapebulkp.com\/#\/schema\/logo\/image\/\",\"url\":\"https:\/\/vapebulkp.com\/wp-content\/uploads\/2023\/09\/cropped-vapebulkp.png\",\"contentUrl\":\"https:\/\/vapebulkp.com\/wp-content\/uploads\/2023\/09\/cropped-vapebulkp.png\",\"width\":516,\"height\":163,\"caption\":\"vapebulkp.com\"},\"image\":{\"@id\":\"https:\/\/vapebulkp.com\/#\/schema\/logo\/image\/\"}}]}<\/script>\n<!-- \/ Yoast SEO plugin. -->","yoast_head_json":{"title":"POCO Bl 10000 Puffs Hot Selling High Puff Type-C Disposable Vape - vapebulkp.com","description":"Shop POCO BL 10000 Puffs Disposable Vape with mesh coil, 20ml nicotine salt e-liquid & Type-C charging. Long-lasting rechargeable vape \u2014 order wholesale now!","robots":{"index":"index","follow":"follow","max-snippet":"max-snippet:-1","max-image-preview":"max-image-preview:large","max-video-preview":"max-video-preview:-1"},"canonical":"https:\/\/vapebulkp.com\/et\/product\/poco-bl-10000-puffs-hot-selling-high-puff-type-c-disposable-vape\/","og_locale":"et_EE","og_type":"article","og_title":"POCO Bl 10000 Puffs Hot Selling High Puff Type-C Disposable Vape - vapebulkp.com","og_description":"Shop POCO BL 10000 Puffs Disposable Vape with mesh coil, 20ml nicotine salt e-liquid & Type-C charging. Long-lasting rechargeable vape \u2014 order wholesale now!","og_url":"https:\/\/vapebulkp.com\/et\/product\/poco-bl-10000-puffs-hot-selling-high-puff-type-c-disposable-vape\/","og_site_name":"vapebulkp.com","article_modified_time":"2025-09-24T03:14:42+00:00","og_image":[{"width":500,"height":563,"url":"http:\/\/vapebulkp.com\/wp-content\/uploads\/2024\/10\/EU-Warehouse-Poco-BL10000-Puffs-Disposable-Vape-Pod-Puff-10k-Top-Sale-poco-Vape.png","type":"image\/png"}],"twitter_card":"summary_large_image","twitter_misc":{"Est. reading time":"4 minutit"},"schema":{"@context":"https:\/\/schema.org","@graph":[{"@type":"WebPage","@id":"https:\/\/vapebulkp.com\/product\/poco-bl-10000-puffs-hot-selling-high-puff-type-c-disposable-vape\/","url":"https:\/\/vapebulkp.com\/product\/poco-bl-10000-puffs-hot-selling-high-puff-type-c-disposable-vape\/","name":"POCO Bl 10000 Puffs Hot Selling High Puff Type-C Disposable Vape - vapebulkp.com","isPartOf":{"@id":"https:\/\/vapebulkp.com\/#website"},"datePublished":"2024-10-28T07:28:39+00:00","dateModified":"2025-09-24T03:14:42+00:00","description":"Shop POCO BL 10000 Puffs Disposable Vape with mesh coil, 20ml nicotine salt e-liquid & Type-C charging. Long-lasting rechargeable vape \u2014 order wholesale now!","breadcrumb":{"@id":"https:\/\/vapebulkp.com\/product\/poco-bl-10000-puffs-hot-selling-high-puff-type-c-disposable-vape\/#breadcrumb"},"inLanguage":"et","potentialAction":[{"@type":"ReadAction","target":["https:\/\/vapebulkp.com\/product\/poco-bl-10000-puffs-hot-selling-high-puff-type-c-disposable-vape\/"]}]},{"@type":"BreadcrumbList","@id":"https:\/\/vapebulkp.com\/product\/poco-bl-10000-puffs-hot-selling-high-puff-type-c-disposable-vape\/#breadcrumb","itemListElement":[{"@type":"ListItem","position":1,"name":"Home","item":"https:\/\/vapebulkp.com\/"},{"@type":"ListItem","position":2,"name":"Hot Trend Vapes","item":"https:\/\/vapebulkp.com\/vape-shop\/"},{"@type":"ListItem","position":3,"name":"POCO Bl 10000 Puffs Hot Selling High Puff Type-C Disposable Vape"}]},{"@type":"WebSite","@id":"https:\/\/vapebulkp.com\/#website","url":"https:\/\/vapebulkp.com\/","name":"vapebulkp.com","description":"Buy Vape In Cheap Bulk Price Near you","publisher":{"@id":"https:\/\/vapebulkp.com\/#organization"},"potentialAction":[{"@type":"SearchAction","target":{"@type":"EntryPoint","urlTemplate":"https:\/\/vapebulkp.com\/?s={search_term_string}"},"query-input":"required name=search_term_string"}],"inLanguage":"et"},{"@type":"Organization","@id":"https:\/\/vapebulkp.com\/#organization","name":"vapebulkp.com","url":"https:\/\/vapebulkp.com\/","logo":{"@type":"ImageObject","inLanguage":"et","@id":"https:\/\/vapebulkp.com\/#\/schema\/logo\/image\/","url":"https:\/\/vapebulkp.com\/wp-content\/uploads\/2023\/09\/cropped-vapebulkp.png","contentUrl":"https:\/\/vapebulkp.com\/wp-content\/uploads\/2023\/09\/cropped-vapebulkp.png","width":516,"height":163,"caption":"vapebulkp.com"},"image":{"@id":"https:\/\/vapebulkp.com\/#\/schema\/logo\/image\/"}}]}},"uagb_featured_image_src":{"full":["https:\/\/vapebulkp.com\/wp-content\/uploads\/2024\/10\/EU-Warehouse-Poco-BL10000-Puffs-Disposable-Vape-Pod-Puff-10k-Top-Sale-poco-Vape.png",500,563,false],"thumbnail":["https:\/\/vapebulkp.com\/wp-content\/uploads\/2024\/10\/EU-Warehouse-Poco-BL10000-Puffs-Disposable-Vape-Pod-Puff-10k-Top-Sale-poco-Vape-150x150.png",150,150,true],"medium":["https:\/\/vapebulkp.com\/wp-content\/uploads\/2024\/10\/EU-Warehouse-Poco-BL10000-Puffs-Disposable-Vape-Pod-Puff-10k-Top-Sale-poco-Vape-266x300.png",266,300,true],"medium_large":["https:\/\/vapebulkp.com\/wp-content\/uploads\/2024\/10\/EU-Warehouse-Poco-BL10000-Puffs-Disposable-Vape-Pod-Puff-10k-Top-Sale-poco-Vape.png",500,563,false],"large":["https:\/\/vapebulkp.com\/wp-content\/uploads\/2024\/10\/EU-Warehouse-Poco-BL10000-Puffs-Disposable-Vape-Pod-Puff-10k-Top-Sale-poco-Vape.png",500,563,false],"1536x1536":["https:\/\/vapebulkp.com\/wp-content\/uploads\/2024\/10\/EU-Warehouse-Poco-BL10000-Puffs-Disposable-Vape-Pod-Puff-10k-Top-Sale-poco-Vape.png",500,563,false],"2048x2048":["https:\/\/vapebulkp.com\/wp-content\/uploads\/2024\/10\/EU-Warehouse-Poco-BL10000-Puffs-Disposable-Vape-Pod-Puff-10k-Top-Sale-poco-Vape.png",500,563,false],"trp-custom-language-flag":["https:\/\/vapebulkp.com\/wp-content\/uploads\/2024\/10\/EU-Warehouse-Poco-BL10000-Puffs-Disposable-Vape-Pod-Puff-10k-Top-Sale-poco-Vape.png",11,12,false],"woocommerce_thumbnail":["https:\/\/vapebulkp.com\/wp-content\/uploads\/2024\/10\/EU-Warehouse-Poco-BL10000-Puffs-Disposable-Vape-Pod-Puff-10k-Top-Sale-poco-Vape-300x300.png",300,300,true],"woocommerce_single":["https:\/\/vapebulkp.com\/wp-content\/uploads\/2024\/10\/EU-Warehouse-Poco-BL10000-Puffs-Disposable-Vape-Pod-Puff-10k-Top-Sale-poco-Vape.png",500,563,false],"woocommerce_gallery_thumbnail":["https:\/\/vapebulkp.com\/wp-content\/uploads\/2024\/10\/EU-Warehouse-Poco-BL10000-Puffs-Disposable-Vape-Pod-Puff-10k-Top-Sale-poco-Vape-100x100.png",100,100,true],"wcpr-photo-reviews":["https:\/\/vapebulkp.com\/wp-content\/uploads\/2024\/10\/EU-Warehouse-Poco-BL10000-Puffs-Disposable-Vape-Pod-Puff-10k-Top-Sale-poco-Vape.png",444,500,false]},"uagb_author_info":{"display_name":"Mandy vape bulk price","author_link":"https:\/\/vapebulkp.com\/et\/author\/"},"uagb_comment_info":0,"uagb_excerpt":"Buy POCO BL 10000 Puffs disposable vape online Choosing the POCO BL 10000 Puffs Disposable Vape means opting for a high-quality, versatile device that meets your vaping needs while providing a stylish and enjoyable experience. Pls Contact Mandy's WhatsApp For Discount Price+8618077105796 NOTE: Prices on our website does not include shipping costs &nbsp;","_links":{"self":[{"href":"https:\/\/vapebulkp.com\/et\/wp-json\/wp\/v2\/product\/3075","targetHints":{"allow":["GET"]}}],"collection":[{"href":"https:\/\/vapebulkp.com\/et\/wp-json\/wp\/v2\/product"}],"about":[{"href":"https:\/\/vapebulkp.com\/et\/wp-json\/wp\/v2\/types\/product"}],"replies":[{"embeddable":true,"href":"https:\/\/vapebulkp.com\/et\/wp-json\/wp\/v2\/comments?post=3075"}],"wp:featuredmedia":[{"embeddable":true,"href":"https:\/\/vapebulkp.com\/et\/wp-json\/wp\/v2\/media\/3073"}],"wp:attachment":[{"href":"https:\/\/vapebulkp.com\/et\/wp-json\/wp\/v2\/media?parent=3075"}],"wp:term":[{"taxonomy":"product_cat","embeddable":true,"href":"https:\/\/vapebulkp.com\/et\/wp-json\/wp\/v2\/product_cat?post=3075"},{"taxonomy":"product_tag","embeddable":true,"href":"https:\/\/vapebulkp.com\/et\/wp-json\/wp\/v2\/product_tag?post=3075"}],"curies":[{"name":"wp","href":"https:\/\/api.w.org\/{rel}","templated":true}]}}