{"id":3084,"date":"2024-10-29T09:45:41","date_gmt":"2024-10-29T08:45:41","guid":{"rendered":"https:\/\/vapebulkp.com\/?post_type=product&#038;p=3084"},"modified":"2025-09-24T05:13:38","modified_gmt":"2025-09-24T03:13:38","slug":"bang-vape-36k-puffs-adjustable-ice-premium-disposable-vape","status":"publish","type":"product","link":"https:\/\/vapebulkp.com\/et\/product\/bang-vape-36k-puffs-adjustable-ice-premium-disposable-vape\/","title":{"rendered":"Bang Vape 36K suitsu Reguleeritav J\u00e4\u00e4 Premium \u00dchekordsed Vape"},"content":{"rendered":"<h2 style=\"text-align: left\">Bang Vape 36K suitsu Reguleeritav J\u00e4\u00e4 Premium \u00dchekordsed Vape<\/h2>\n<div class=\"flex max-w-full flex-col flex-grow\">\n<div class=\"min-h-8 text-message flex w-full flex-col items-end gap-2 whitespace-normal break-words [.text-message+&amp;]:mt-5\" dir=\"auto\" data-message-author-role=\"assistant\" data-message-id=\"804b3ea8-e167-4bec-b4d0-906786e28244\" data-message-model-slug=\"gpt-4o-mini\">\n<div class=\"flex w-full flex-col gap-1 empty:hidden first:pt-[3px]\">\n<div class=\"markdown prose w-full break-words dark:prose-invert light\">\n<p data-start=\"150\" data-end=\"411\">Veip <strong data-start=\"154\" data-end=\"192\">Bang Vape 36K Puffs Reguleeritav j\u00e4\u00e4<\/strong> on suure mahutavusega <strong data-start=\"212\" data-end=\"239\">esmaklassiline \u00fchekordselt kasutatav veip<\/strong> loodud pikaajaliseks toimimiseks ja suurep\u00e4raseks maitseelamuseks. Kuni 36 000 mahvi ja kahe v\u00f5rgusilma m\u00e4hise tehnoloogia tagavad iga t\u00f5mbega sujuva auru ja p\u00fcsiva maitse.<\/p>\n<p data-start=\"413\" data-end=\"677\">Varustatud 850 mAh laetava aku ja Type-C kiirlaadimisega, see <strong data-start=\"489\" data-end=\"521\">laetav \u00fchekordselt kasutatav vape<\/strong> pakub katkematu veipimiskogemuse. Kaks e-vedeliku paaki (30ml + 10ml) v\u00f5imaldavad valida tugevate v\u00f5i peenete maitsete vahel, mis sobib ideaalselt neile, kes naudivad vaheldust.<\/p>\n<p data-start=\"679\" data-end=\"976\">Reguleeritav j\u00e4\u00e4tehnoloogia v\u00f5imaldab sul kontrollida jahedust v\u00e4rskendava sissehingamise jaoks, samas kui s\u00f5rmej\u00e4lgede surve regulatsioon tagab turvalise ja isikup\u00e4rase haarde. Vali laia valiku populaarsete maitsete hulgast, sealhulgas maasika-kiivi ja teised kvaliteetsed segud, n\u00e4dalatepikkuseks p\u00fcsivaks rahuloluks.<\/p>\n<p data-start=\"978\" data-end=\"1130\">Kompaktne, stiilne ja suure j\u00f5udlusega <strong data-start=\"1022\" data-end=\"1045\">Bang Vape <a href=\"https:\/\/vapebulkp.com\/et\/product-category\/36000-puff-disposable-vape\/\">36000 Puhvetit \u00fchekordselt kasutatav vape<\/a><\/strong>\u00a0sobib ideaalselt igap\u00e4evaseks kasutamiseks, seltskondlikes olukordades ja hulgim\u00fc\u00fcgiks Eestis.<\/p>\n<\/div>\n<\/div>\n<\/div>\n<\/div>\n<div class=\"mb-2 flex gap-3 empty:hidden -ml-2\">\n<div class=\"items-center justify-start rounded-xl p-1 flex\">\n<div class=\"flex items-center\">\n<div class=\"flex items-center pb-0\"><\/div>\n<\/div>\n<\/div>\n<\/div>\n<p><img decoding=\"async\" class=\"alignnone size-full wp-image-3081\" src=\"http:\/\/vapebulkp.com\/wp-content\/uploads\/2024\/10\/Bang-Vape-36k-Adjustable-Ice-Disposable-Electronic-Cigarette.png\" alt=\"Bang Vape 36k reguleeritava j\u00e4\u00e4ga \u00fchekordne e-sigaret\" width=\"367\" height=\"593\" srcset=\"https:\/\/vapebulkp.com\/wp-content\/uploads\/2024\/10\/Bang-Vape-36k-Adjustable-Ice-Disposable-Electronic-Cigarette.png 367w, https:\/\/vapebulkp.com\/wp-content\/uploads\/2024\/10\/Bang-Vape-36k-Adjustable-Ice-Disposable-Electronic-Cigarette-186x300.png 186w\" sizes=\"(max-width: 367px) 100vw, 367px\" \/><\/p>\n<h6>Soodushinna saamiseks v\u00f5tke \u00fchendust Mandy WhatsAppiga<a href=\"https:\/\/wa.me\/8618077105796\">+8618077105796<\/a><\/h6>\n<p><img decoding=\"async\" class=\"alignnone wp-image-2151\" src=\"http:\/\/vapebulkp.com\/wp-content\/uploads\/2024\/04\/Mandy-WhatsApp-Randm.jpg\" alt=\"Mandy WhatsAppi tutvustus\" width=\"261\" height=\"277\" srcset=\"https:\/\/vapebulkp.com\/wp-content\/uploads\/2024\/04\/Mandy-WhatsApp-Randm.jpg 916w, https:\/\/vapebulkp.com\/wp-content\/uploads\/2024\/04\/Mandy-WhatsApp-Randm-282x300.jpg 282w, https:\/\/vapebulkp.com\/wp-content\/uploads\/2024\/04\/Mandy-WhatsApp-Randm-768x817.jpg 768w, https:\/\/vapebulkp.com\/wp-content\/uploads\/2024\/04\/Mandy-WhatsApp-Randm-600x638.jpg 600w\" sizes=\"(max-width: 261px) 100vw, 261px\" \/><\/p>\n<h2>M\u00f5tlesime, et sulle v\u00f5iks meeldida teada saada Reguleeritav j\u00e4\u00e4 bang veipidest 36k Puffs:<\/h2>\n<ol>\n<li><strong>K: Mis teeb Bang Vape 36k Puffs \u00fchekordselt kasutatava e-sigareti teistest suure v\u00f5imsusega veipidest silmapaistvaks?<\/strong><br \/>\n<strong>A:<\/strong> Bang Vape 36k Puffs mudel on loodud reguleeritava j\u00e4\u00e4tehnoloogiaga, mis v\u00f5imaldab kasutajatel kohandada oma jahutuskogemust. See lisafunktsioon koos 36 000 mahviga tagab v\u00f5rratu maitse p\u00fcsivuse ja veipimisega rahulolu.<\/li>\n<li><strong>K: Kas bang 36k Reguleeritava j\u00e4\u00e4ga \u00fchekordselt kasutatav e-sigaret sobib pikaajaliseks kasutamiseks?<\/strong><br \/>\n<strong>A:<\/strong> Absoluutselt. Muljetavaldava 36 000 mahvi ja uuendusliku reguleeritava j\u00e4\u00e4 mehhanismiga on Bang Vape 36k konstrueeritud kestma kauem, s\u00e4ilitades samal ajal iga seansi jooksul karge ja v\u00e4rskendava maitseprofiili.<\/li>\n<li><strong>K: Kuidas reguleeritava j\u00e4\u00e4 funktsioon parandab bang energy vape 36k \u00fchekordselt kasutatava veipi kogemust?<\/strong><br \/>\n<strong>A:<\/strong> Reguleeritav j\u00e4\u00e4 funktsioon v\u00f5imaldab sul kohandada iga mahvi jahutuse intensiivsust, pakkudes isikup\u00e4rasemat ja rafineeritumat veipimiskogemust. See k\u00f5rgetasemeline kohandamisv\u00f5imalus on ideaalne kasutajatele, kes otsivad t\u00e4iustatud kontrolli oma veipi maitse \u00fcle.<\/li>\n<li><strong>K: Mis t\u00fc\u00fcpi veipija saaks Bang Vape 36k Puffs Reguleeritava j\u00e4\u00e4 mudelist k\u00f5ige rohkem kasu?<\/strong><br \/>\n<strong>A:<\/strong> Veipijad, kes hindavad pikendatud j\u00f5udlust, esmaklassilist maitsekvaliteeti ja isikup\u00e4rastatud jahutavat efekti, hindavad Bang Vape 36k Reguleeritava j\u00e4\u00e4 mudelit. Selle suure mahutavusega disain ja kasutajakesksed uuendused sobivad nii juhuslikele kui ka kogenud veipijatele.<\/li>\n<li><strong>K: Kas Bang Vape 36k Puffs \u00fchekordselt kasutatav e-sigaret on usaldusv\u00e4\u00e4rne valik liikvel olles veipimiseks?<\/strong><br \/>\n<strong>A:<\/strong> Jah, Bang Vape 36k on ideaalne valik liikvel olevatele entusiastidele. Suure mahutavusega ja kaasaskantava disainiga pakub see mugavust, tegemata j\u00e4releandmisi lisafunktsioonides, nagu reguleeritav j\u00e4\u00e4 kontroll, tagades, et iga veipimise seanss on kohandatud sinu eelistustele.<\/li>\n<\/ol>\n<p>&nbsp;<\/p>\n<h3>Kuum m\u00fc\u00fck 2024 BangVape 36000 Puffs suure mahutavusega Veip Eestis omadused:<\/h3>\n<ul>\n<li><strong>Pahvide arv<\/strong>: 36 000 mahvi<\/li>\n<li><strong>Aku mahtuvus<\/strong>: 850mAh<\/li>\n<li><strong>Laadimisport<\/strong>: T\u00fc\u00fcp-C<\/li>\n<li><strong>E-vedeliku maht<\/strong>: Kaks paaki (30ml L-Oil paagi jaoks ja 10ml R-Oil paagi jaoks)<\/li>\n<li><strong>Spiraaltehnoloogia<\/strong>: Kahekordne v\u00f5rk<\/li>\n<li><strong>J\u00e4\u00e4 reguleerimine<\/strong>: Tune Ice funktsioon<\/li>\n<li><strong>S\u00f5rmej\u00e4lje surve reguleerimine<\/strong>: Kaasas isikup\u00e4rastatud seadete jaoks<\/li>\n<li><strong>Maitsed kuvatud<\/strong>: 12 MAITSET<\/li>\n<\/ul>\n<p>&nbsp;<\/p>\n<h3><strong>Parimad \u00fchekordsed veibibr\u00e4ndid\u00a0<\/strong><strong>36k pahvi bang vape maitsed:<\/strong><\/h3>\n<p>1.ARBUUSI J\u00c4\u00c4<br \/>\n2.MAASIKA-KIIVI<br \/>\n3.MAASIKA-MANGO<br \/>\n4. Red Bull<br \/>\n5.KOLMIKMARI<br \/>\n6.MAASIKA-ARBUUS<br \/>\n7. MAASIKA J\u00c4INE<br \/>\n8.MUSTIKA J\u00c4\u00c4<br \/>\n9. MUSTIKA-VAARIKA<br \/>\n10.MAASIKASBANAAN<br \/>\n11. LOVE66<br \/>\n12.ANANASS KOOKOS<\/p>\n<p><a href=\"https:\/\/vapebulkp.com\/et\/product\/popular-randm-tornado-7000puffs-disposable-vape-best-price\/\"><span style=\"vertical-align: inherit\">RandM Tornado 7000 Puhvrit <\/span><\/a><\/p>\n<p><span style=\"vertical-align: inherit\">Leia rohkem tooteid, mis sulle meeldida v\u00f5iksid:<\/span><em><a href=\"https:\/\/wa.me\/8618077105796\"><span style=\"vertical-align: inherit\">\u00a0Osta kohe<\/span><\/a><\/em><\/p>\n<p><span style=\"vertical-align: inherit\">Teised e-sigaretid, mis sulle meeldida v\u00f5ivad:<\/span><a href=\"https:\/\/vapebulkp.com\/et\/product\/hot-selling-brand-vape-mesii-visual-16000puffs-wholesale-price\/\"><span style=\"vertical-align: inherit\">MESII VISUAL 16000 pahvi<\/span><\/a><span style=\"vertical-align: inherit\">\u3001<\/span><a href=\"https:\/\/vapebulkp.com\/et\/product\/wholesale-randm-tornado-9000-puffs-germany\/\"><span style=\"vertical-align: inherit\">RandM 9000 Pahvi<\/span><\/a><span style=\"vertical-align: inherit\">\/ <\/span><a href=\"https:\/\/vapebulkp.com\/et\/product\/aivono-aim-boom-25000-puff-hot-sale-disposable-vape-razz-bar\/\"><span style=\"vertical-align: inherit\">AIVONO AIM BOOM 25K pahvi<\/span><\/a><span style=\"vertical-align: inherit\">\/ <\/span><a href=\"https:\/\/vapebulkp.com\/et\/product\/waspe-tornado-vape-30k-puffs-fihp-best-long-lasting-vape\/\"><span style=\"vertical-align: inherit\">WASPE Tornado 30k pahvi<\/span><\/a><\/p>\n<p><span style=\"vertical-align: inherit\">Erilise kujuga e-sigareti pudel:<\/span><a href=\"https:\/\/vapebulkp.com\/et\/product\/bang-vape-36k-puffs-lcd-screen-fingerprint-recognition-disposable-vape\/\"><span style=\"vertical-align: inherit\"> Bang vape 36000 pahvi<\/span><\/a><span style=\"vertical-align: inherit\">\/ <\/span><a href=\"https:\/\/vapebulkp.com\/et\/product\/best-price-wga-crystal-pro-max-15k-puffs-original-vape\/\"><span style=\"vertical-align: inherit\">\u00a0WGA Crystal Pro Max 15000 pahvi <\/span><\/a><span style=\"vertical-align: inherit\">\/<\/span><a href=\"https:\/\/vapebulkp.com\/et\/product\/poco-bl-10000-puffs-hot-selling-high-puff-type-c-disposable-vape\/\"><span style=\"vertical-align: inherit\"> POCO BL 10000 suitsu<\/span><\/a><\/p>\n<h5>KKK:<\/h5>\n<p>K: Mis on bang bars vape 36000 pahvi MOQ?<br \/>\nA: Minu tellimus on 100 tk.<br \/>\nK: Mis on tellitud fume vape'i tarneaeg?<br \/>\nV: Tavaliselt 10-15 p\u00e4eva p\u00e4rast v\u00e4ljasaatmist<br \/>\nK: Kui palju on saatmiskulu? V: Saatmiskulu s\u00f5ltub kaalust. Erinevatel kogustel on erinevad saatmiskulud, palun v\u00f5tke meiega \u00fchendust, et saatmiskulu kinnitada.<\/p>\n<h4>Saatmisinfo:<\/h4>\n<p><span style=\"color: #ff6600\">Tootmisaeg: 5-10 t\u00f6\u00f6p\u00e4eva<\/span><br \/>\n<span style=\"color: #ff6600\">Saatmisaeg: 8-14 t\u00f6\u00f6p\u00e4eva<\/span><\/p>\n<p>K\u00f5ik meie poe tooted on 100% originaalsed ja autentsed, seega on v\u00f5ltsitud kaupade eest k\u00fcmnekordne h\u00fcvitis meie poe poliitika. Kasutame kaupade teile tarnimiseks logistikakanaleid nagu UPS\/DHL\/FEDEX\/DPD.<\/p>\n<p>Eestisse saadetud pakkide kohalej\u00f5udmine v\u00f5tab tavaliselt aega 10 t\u00f6\u00f6p\u00e4eva. Euroopa riikidesse saatmine v\u00f5tab tavaliselt aega 12 kuni 15 t\u00f6\u00f6p\u00e4eva. Uuendame logistikainfot teie jaoks reaalajas.<\/p>","protected":false},"excerpt":{"rendered":"<p>Bang Vape 36k reguleeritav j\u00e4\u00e4-\u00fchekordselt kasutatav e-sigaret \u2013 tipptasemel lahendus kauakestvaks veipimiskogemuseks<\/p>\n<p><img decoding=\"async\" class=\"alignnone wp-image-2151\" src=\"http:\/\/vapebulkp.com\/wp-content\/uploads\/2024\/04\/Mandy-WhatsApp-Randm.jpg\" alt=\"Mandy WhatsAppi tutvustus\" width=\"281\" height=\"299\" srcset=\"https:\/\/vapebulkp.com\/wp-content\/uploads\/2024\/04\/Mandy-WhatsApp-Randm.jpg 916w, https:\/\/vapebulkp.com\/wp-content\/uploads\/2024\/04\/Mandy-WhatsApp-Randm-282x300.jpg 282w, https:\/\/vapebulkp.com\/wp-content\/uploads\/2024\/04\/Mandy-WhatsApp-Randm-768x817.jpg 768w, https:\/\/vapebulkp.com\/wp-content\/uploads\/2024\/04\/Mandy-WhatsApp-Randm-600x638.jpg 600w\" sizes=\"(max-width: 281px) 100vw, 281px\" \/><\/p>\n<p>Soodushinna saamiseks v\u00f5tke \u00fchendust Mandy WhatsAppiga<a href=\"https:\/\/wa.me\/8618077105796\">+8618077105796<\/a><\/p>\n<p><span style=\"color: #ff0000\">M\u00c4RKUS: Meie veebisaidi hinnad ei sisalda saatmiskulusid<\/span><\/p>\n<p>&nbsp;<\/p>","protected":false},"featured_media":3082,"comment_status":"open","ping_status":"closed","template":"","meta":{"_uag_custom_page_level_css":"","_lmt_disableupdate":"no","_lmt_disable":"","site-sidebar-layout":"default","site-content-layout":"content-boxed-container","ast-site-content-layout":"normal-width-container","site-content-style":"boxed","site-sidebar-style":"unboxed","ast-global-header-display":"","ast-banner-title-visibility":"","ast-main-header-display":"","ast-hfb-above-header-display":"","ast-hfb-below-header-display":"","ast-hfb-mobile-header-display":"","site-post-title":"","ast-breadcrumbs-content":"","ast-featured-img":"","footer-sml-layout":"","theme-transparent-header-meta":"default","adv-header-id-meta":"","stick-header-meta":"","header-above-stick-meta":"","header-main-stick-meta":"","header-below-stick-meta":"","astra-migrate-meta-layouts":"set","_joinchat":[]},"product_cat":[159,153,345,155,33,59,100,87,34,158,157,154,152,58,84,156,63,32],"product_tag":[130,93,36,37,91,41,40],"class_list":["post-3084","product","type-product","status-publish","has-post-thumbnail","hentry","product_cat-36000-puff-disposable-vape","product_cat-hot-disposable-vapes","product_cat-bang-vapes","product_cat-belgium-hot-disposable-vapes","product_cat-france-vape-hot-sale","product_cat-germany-hot-disposable-vape","product_cat-germany-wholesale-vape-shop","product_cat-minimum-order-quantity-50pcs","product_cat-netherlands-vape-good-sale","product_cat-norway-hot-disposable-vapes","product_cat-poland-hot-disposable-vapes","product_cat-portugal-hot-disposable-vapes","product_cat-spain-hot-disposable-vapes","product_cat-sweden-hot-disposable-vape","product_cat-sweden-wholesale-vape","product_cat-switzerland-hot-disposable-vapes","product_cat-top-sale-disposable-vape","product_cat-vape-hot-sale-this-week","product_tag-36000puffs","product_tag-bang-vape","product_tag-good-vape","product_tag-hot-sale-disposable-vape","product_tag-italy-hot-vape","product_tag-poland-hot-vape","product_tag-sweden-hot-vape","pa_brand-bang-king-vape","desktop-align-left","tablet-align-left","mobile-align-left"],"yoast_head":"<!-- This site is optimized with the Yoast SEO plugin v21.1 - https:\/\/yoast.com\/wordpress\/plugins\/seo\/ -->\n<title>Bang Vape 36K Puffs Adjustable Ice Premium Disposable Vape - vapebulkp.com<\/title>\n<meta name=\"description\" content=\"Buy the Bang Vape 36K Puffs, a 36K Puffs Disposable Vape with smooth vapor, customizable cooling, and long-lasting rechargeable battery.\" \/>\n<meta name=\"robots\" content=\"index, follow, max-snippet:-1, max-image-preview:large, max-video-preview:-1\" \/>\n<link rel=\"canonical\" href=\"https:\/\/vapebulkp.com\/et\/product\/bang-vape-36k-puffs-adjustable-ice-premium-disposable-vape\/\" \/>\n<meta property=\"og:locale\" content=\"et_EE\" \/>\n<meta property=\"og:type\" content=\"article\" \/>\n<meta property=\"og:title\" content=\"Bang Vape 36K Puffs Adjustable Ice Premium Disposable Vape - vapebulkp.com\" \/>\n<meta property=\"og:description\" content=\"Buy the Bang Vape 36K Puffs, a 36K Puffs Disposable Vape with smooth vapor, customizable cooling, and long-lasting rechargeable battery.\" \/>\n<meta property=\"og:url\" content=\"https:\/\/vapebulkp.com\/et\/product\/bang-vape-36k-puffs-adjustable-ice-premium-disposable-vape\/\" \/>\n<meta property=\"og:site_name\" content=\"vapebulkp.com\" \/>\n<meta property=\"article:modified_time\" content=\"2025-09-24T03:13:38+00:00\" \/>\n<meta property=\"og:image\" content=\"http:\/\/vapebulkp.com\/wp-content\/uploads\/2024\/10\/Bang-Vape-36k-Adjustable-Ice-Disposable-Vape-Your-Ultimate-Vaping-Solution.png\" \/>\n\t<meta property=\"og:image:width\" content=\"1000\" \/>\n\t<meta property=\"og:image:height\" content=\"1000\" \/>\n\t<meta property=\"og:image:type\" content=\"image\/png\" \/>\n<meta name=\"twitter:card\" content=\"summary_large_image\" \/>\n<meta name=\"twitter:label1\" content=\"Est. reading time\" \/>\n\t<meta name=\"twitter:data1\" content=\"4 minutit\" \/>\n<script type=\"application\/ld+json\" class=\"yoast-schema-graph\">{\"@context\":\"https:\/\/schema.org\",\"@graph\":[{\"@type\":\"WebPage\",\"@id\":\"https:\/\/vapebulkp.com\/product\/bang-vape-36k-puffs-adjustable-ice-premium-disposable-vape\/\",\"url\":\"https:\/\/vapebulkp.com\/product\/bang-vape-36k-puffs-adjustable-ice-premium-disposable-vape\/\",\"name\":\"Bang Vape 36K Puffs Adjustable Ice Premium Disposable Vape - vapebulkp.com\",\"isPartOf\":{\"@id\":\"https:\/\/vapebulkp.com\/#website\"},\"datePublished\":\"2024-10-29T08:45:41+00:00\",\"dateModified\":\"2025-09-24T03:13:38+00:00\",\"description\":\"Buy the Bang Vape 36K Puffs, a 36K Puffs Disposable Vape with smooth vapor, customizable cooling, and long-lasting rechargeable battery.\",\"breadcrumb\":{\"@id\":\"https:\/\/vapebulkp.com\/product\/bang-vape-36k-puffs-adjustable-ice-premium-disposable-vape\/#breadcrumb\"},\"inLanguage\":\"et\",\"potentialAction\":[{\"@type\":\"ReadAction\",\"target\":[\"https:\/\/vapebulkp.com\/product\/bang-vape-36k-puffs-adjustable-ice-premium-disposable-vape\/\"]}]},{\"@type\":\"BreadcrumbList\",\"@id\":\"https:\/\/vapebulkp.com\/product\/bang-vape-36k-puffs-adjustable-ice-premium-disposable-vape\/#breadcrumb\",\"itemListElement\":[{\"@type\":\"ListItem\",\"position\":1,\"name\":\"Home\",\"item\":\"https:\/\/vapebulkp.com\/\"},{\"@type\":\"ListItem\",\"position\":2,\"name\":\"Hot Trend Vapes\",\"item\":\"https:\/\/vapebulkp.com\/vape-shop\/\"},{\"@type\":\"ListItem\",\"position\":3,\"name\":\"Bang Vape 36K Puffs Adjustable Ice Premium Disposable Vape\"}]},{\"@type\":\"WebSite\",\"@id\":\"https:\/\/vapebulkp.com\/#website\",\"url\":\"https:\/\/vapebulkp.com\/\",\"name\":\"vapebulkp.com\",\"description\":\"Buy Vape In Cheap Bulk Price Near you\",\"publisher\":{\"@id\":\"https:\/\/vapebulkp.com\/#organization\"},\"potentialAction\":[{\"@type\":\"SearchAction\",\"target\":{\"@type\":\"EntryPoint\",\"urlTemplate\":\"https:\/\/vapebulkp.com\/?s={search_term_string}\"},\"query-input\":\"required name=search_term_string\"}],\"inLanguage\":\"et\"},{\"@type\":\"Organization\",\"@id\":\"https:\/\/vapebulkp.com\/#organization\",\"name\":\"vapebulkp.com\",\"url\":\"https:\/\/vapebulkp.com\/\",\"logo\":{\"@type\":\"ImageObject\",\"inLanguage\":\"et\",\"@id\":\"https:\/\/vapebulkp.com\/#\/schema\/logo\/image\/\",\"url\":\"https:\/\/vapebulkp.com\/wp-content\/uploads\/2023\/09\/cropped-vapebulkp.png\",\"contentUrl\":\"https:\/\/vapebulkp.com\/wp-content\/uploads\/2023\/09\/cropped-vapebulkp.png\",\"width\":516,\"height\":163,\"caption\":\"vapebulkp.com\"},\"image\":{\"@id\":\"https:\/\/vapebulkp.com\/#\/schema\/logo\/image\/\"}}]}<\/script>\n<!-- \/ Yoast SEO plugin. -->","yoast_head_json":{"title":"Bang Vape 36K Puffs Adjustable Ice Premium Disposable Vape - vapebulkp.com","description":"Buy the Bang Vape 36K Puffs, a 36K Puffs Disposable Vape with smooth vapor, customizable cooling, and long-lasting rechargeable battery.","robots":{"index":"index","follow":"follow","max-snippet":"max-snippet:-1","max-image-preview":"max-image-preview:large","max-video-preview":"max-video-preview:-1"},"canonical":"https:\/\/vapebulkp.com\/et\/product\/bang-vape-36k-puffs-adjustable-ice-premium-disposable-vape\/","og_locale":"et_EE","og_type":"article","og_title":"Bang Vape 36K Puffs Adjustable Ice Premium Disposable Vape - vapebulkp.com","og_description":"Buy the Bang Vape 36K Puffs, a 36K Puffs Disposable Vape with smooth vapor, customizable cooling, and long-lasting rechargeable battery.","og_url":"https:\/\/vapebulkp.com\/et\/product\/bang-vape-36k-puffs-adjustable-ice-premium-disposable-vape\/","og_site_name":"vapebulkp.com","article_modified_time":"2025-09-24T03:13:38+00:00","og_image":[{"width":1000,"height":1000,"url":"http:\/\/vapebulkp.com\/wp-content\/uploads\/2024\/10\/Bang-Vape-36k-Adjustable-Ice-Disposable-Vape-Your-Ultimate-Vaping-Solution.png","type":"image\/png"}],"twitter_card":"summary_large_image","twitter_misc":{"Est. reading time":"4 minutit"},"schema":{"@context":"https:\/\/schema.org","@graph":[{"@type":"WebPage","@id":"https:\/\/vapebulkp.com\/product\/bang-vape-36k-puffs-adjustable-ice-premium-disposable-vape\/","url":"https:\/\/vapebulkp.com\/product\/bang-vape-36k-puffs-adjustable-ice-premium-disposable-vape\/","name":"Bang Vape 36K Puffs Adjustable Ice Premium Disposable Vape - vapebulkp.com","isPartOf":{"@id":"https:\/\/vapebulkp.com\/#website"},"datePublished":"2024-10-29T08:45:41+00:00","dateModified":"2025-09-24T03:13:38+00:00","description":"Buy the Bang Vape 36K Puffs, a 36K Puffs Disposable Vape with smooth vapor, customizable cooling, and long-lasting rechargeable battery.","breadcrumb":{"@id":"https:\/\/vapebulkp.com\/product\/bang-vape-36k-puffs-adjustable-ice-premium-disposable-vape\/#breadcrumb"},"inLanguage":"et","potentialAction":[{"@type":"ReadAction","target":["https:\/\/vapebulkp.com\/product\/bang-vape-36k-puffs-adjustable-ice-premium-disposable-vape\/"]}]},{"@type":"BreadcrumbList","@id":"https:\/\/vapebulkp.com\/product\/bang-vape-36k-puffs-adjustable-ice-premium-disposable-vape\/#breadcrumb","itemListElement":[{"@type":"ListItem","position":1,"name":"Home","item":"https:\/\/vapebulkp.com\/"},{"@type":"ListItem","position":2,"name":"Hot Trend Vapes","item":"https:\/\/vapebulkp.com\/vape-shop\/"},{"@type":"ListItem","position":3,"name":"Bang Vape 36K Puffs Adjustable Ice Premium Disposable Vape"}]},{"@type":"WebSite","@id":"https:\/\/vapebulkp.com\/#website","url":"https:\/\/vapebulkp.com\/","name":"vapebulkp.com","description":"Buy Vape In Cheap Bulk Price Near you","publisher":{"@id":"https:\/\/vapebulkp.com\/#organization"},"potentialAction":[{"@type":"SearchAction","target":{"@type":"EntryPoint","urlTemplate":"https:\/\/vapebulkp.com\/?s={search_term_string}"},"query-input":"required name=search_term_string"}],"inLanguage":"et"},{"@type":"Organization","@id":"https:\/\/vapebulkp.com\/#organization","name":"vapebulkp.com","url":"https:\/\/vapebulkp.com\/","logo":{"@type":"ImageObject","inLanguage":"et","@id":"https:\/\/vapebulkp.com\/#\/schema\/logo\/image\/","url":"https:\/\/vapebulkp.com\/wp-content\/uploads\/2023\/09\/cropped-vapebulkp.png","contentUrl":"https:\/\/vapebulkp.com\/wp-content\/uploads\/2023\/09\/cropped-vapebulkp.png","width":516,"height":163,"caption":"vapebulkp.com"},"image":{"@id":"https:\/\/vapebulkp.com\/#\/schema\/logo\/image\/"}}]}},"uagb_featured_image_src":{"full":["https:\/\/vapebulkp.com\/wp-content\/uploads\/2024\/10\/Bang-Vape-36k-Adjustable-Ice-Disposable-Vape-Your-Ultimate-Vaping-Solution.png",1000,1000,false],"thumbnail":["https:\/\/vapebulkp.com\/wp-content\/uploads\/2024\/10\/Bang-Vape-36k-Adjustable-Ice-Disposable-Vape-Your-Ultimate-Vaping-Solution-150x150.png",150,150,true],"medium":["https:\/\/vapebulkp.com\/wp-content\/uploads\/2024\/10\/Bang-Vape-36k-Adjustable-Ice-Disposable-Vape-Your-Ultimate-Vaping-Solution-300x300.png",300,300,true],"medium_large":["https:\/\/vapebulkp.com\/wp-content\/uploads\/2024\/10\/Bang-Vape-36k-Adjustable-Ice-Disposable-Vape-Your-Ultimate-Vaping-Solution-768x768.png",768,768,true],"large":["https:\/\/vapebulkp.com\/wp-content\/uploads\/2024\/10\/Bang-Vape-36k-Adjustable-Ice-Disposable-Vape-Your-Ultimate-Vaping-Solution.png",1000,1000,false],"1536x1536":["https:\/\/vapebulkp.com\/wp-content\/uploads\/2024\/10\/Bang-Vape-36k-Adjustable-Ice-Disposable-Vape-Your-Ultimate-Vaping-Solution.png",1000,1000,false],"2048x2048":["https:\/\/vapebulkp.com\/wp-content\/uploads\/2024\/10\/Bang-Vape-36k-Adjustable-Ice-Disposable-Vape-Your-Ultimate-Vaping-Solution.png",1000,1000,false],"trp-custom-language-flag":["https:\/\/vapebulkp.com\/wp-content\/uploads\/2024\/10\/Bang-Vape-36k-Adjustable-Ice-Disposable-Vape-Your-Ultimate-Vaping-Solution.png",12,12,false],"woocommerce_thumbnail":["https:\/\/vapebulkp.com\/wp-content\/uploads\/2024\/10\/Bang-Vape-36k-Adjustable-Ice-Disposable-Vape-Your-Ultimate-Vaping-Solution-300x300.png",300,300,true],"woocommerce_single":["https:\/\/vapebulkp.com\/wp-content\/uploads\/2024\/10\/Bang-Vape-36k-Adjustable-Ice-Disposable-Vape-Your-Ultimate-Vaping-Solution-600x600.png",600,600,true],"woocommerce_gallery_thumbnail":["https:\/\/vapebulkp.com\/wp-content\/uploads\/2024\/10\/Bang-Vape-36k-Adjustable-Ice-Disposable-Vape-Your-Ultimate-Vaping-Solution-100x100.png",100,100,true],"wcpr-photo-reviews":["https:\/\/vapebulkp.com\/wp-content\/uploads\/2024\/10\/Bang-Vape-36k-Adjustable-Ice-Disposable-Vape-Your-Ultimate-Vaping-Solution.png",500,500,false]},"uagb_author_info":{"display_name":"Mandy vape bulk price","author_link":"https:\/\/vapebulkp.com\/et\/author\/"},"uagb_comment_info":0,"uagb_excerpt":"Bang Vape 36k Adjustable Ice Disposable E-Cigarette The High-End Solution for a Long-Lasting Vaping Experience Pls Contact Mandy's WhatsApp For Discount Price+8618077105796 NOTE: Prices on our website does not include shipping costs &nbsp;","_links":{"self":[{"href":"https:\/\/vapebulkp.com\/et\/wp-json\/wp\/v2\/product\/3084","targetHints":{"allow":["GET"]}}],"collection":[{"href":"https:\/\/vapebulkp.com\/et\/wp-json\/wp\/v2\/product"}],"about":[{"href":"https:\/\/vapebulkp.com\/et\/wp-json\/wp\/v2\/types\/product"}],"replies":[{"embeddable":true,"href":"https:\/\/vapebulkp.com\/et\/wp-json\/wp\/v2\/comments?post=3084"}],"wp:featuredmedia":[{"embeddable":true,"href":"https:\/\/vapebulkp.com\/et\/wp-json\/wp\/v2\/media\/3082"}],"wp:attachment":[{"href":"https:\/\/vapebulkp.com\/et\/wp-json\/wp\/v2\/media?parent=3084"}],"wp:term":[{"taxonomy":"product_cat","embeddable":true,"href":"https:\/\/vapebulkp.com\/et\/wp-json\/wp\/v2\/product_cat?post=3084"},{"taxonomy":"product_tag","embeddable":true,"href":"https:\/\/vapebulkp.com\/et\/wp-json\/wp\/v2\/product_tag?post=3084"}],"curies":[{"name":"wp","href":"https:\/\/api.w.org\/{rel}","templated":true}]}}