{"id":3085,"date":"2024-10-30T04:30:39","date_gmt":"2024-10-30T03:30:39","guid":{"rendered":"https:\/\/vapebulkp.com\/?post_type=product&#038;p=3085"},"modified":"2025-09-24T05:06:05","modified_gmt":"2025-09-24T03:06:05","slug":"elfworld-plus-20000-puffs-disposable-vape-22ml-eliquid-capacity","status":"publish","type":"product","link":"https:\/\/vapebulkp.com\/et\/product\/elfworld-plus-20000-puffs-disposable-vape-22ml-eliquid-capacity\/","title":{"rendered":"ELFWORLD Plus 20000 Puffs \u00fchekordselt kasutatav e-sigaret 22ml e-vedeliku maht"},"content":{"rendered":"<h2>ELFWORLD Plus 20000 Puffs \u00fchekordselt kasutatav e-sigaret, 22 ml e-vedeliku maht<\/h2>\n<p>ELFWORLD Plus <a href=\"https:\/\/vapebulkp.com\/de\/product-category\/20000-puffs-disposable-vape\/\">20000 pahviga \u00fchekordselt kasutatav e-sigaret<\/a> on suure mahutavusega \u00fchekordselt kasutatav e-sigaret, mis on loodud Eesti veipijatele, kes n\u00f5uavad pikaajalist j\u00f5udlust ja esmaklassilist kvaliteeti. 22ml esmaklassilise e-vedeliku reservuaariga pakub see pikendatud sessioone rikkaliku maitse ja sujuva auruga.<\/p>\n<p>T\u00e4iustatud v\u00f5rgusilma m\u00e4hise tehnoloogiaga ehitatud seade tagab intensiivse maitse ja rahuldust pakkuvad t\u00f5mbed iga mahvi korral. Pakkudes nikotiinisoola valikuid 0%, 2%, 3% ja 5%, v\u00f5imaldab see kasutajatel kohandada tugevust kohandatud veipimiskogemuse saamiseks.<\/p>\n<p>650mAh laetava aku abil laeb laetav \u00fchekordselt kasutatav e-sigaret kiiresti Type-C kaudu, pakkudes katkematut nautimist, kuhu iganes sa l\u00e4hed. ELFWORLD Plus 20000 mahvi e-sigareti komplektid on saadaval 15 unikaalse maitsega, alates puuviljalistest segudest kuni jaheda mentooli ja julgete joogip\u00f5histe profiilideni, mis on loodud iga eelistuse jaoks.<\/p>\n<p>Ideaalne jae- v\u00f5i hulgiostuks, see Eesti hulgim\u00fc\u00fcgi e-sigaret \u00fchendab kaasaskantavuse, stiili ja suure j\u00f5udluse, muutes 20K Mahvi hulgiostu \u00fchekordselt kasutatava e-sigareti tippvalikuks veipijatele, kes otsivad mugavust ja esmaklassilist maitset kasutusvalmis seadmes.<\/p>\n<p><img decoding=\"async\" class=\"alignnone wp-image-3061\" style=\"font-style: inherit;font-weight: inherit\" src=\"http:\/\/vapebulkp.com\/wp-content\/uploads\/2024\/10\/Elf-World-Plus-20-000-puffs-Blueberry-Watermelon-Disposable-Vape.png\" alt=\"Elf World Plus 20000 pahvi mustika arbuusi \u00fchekordselt kasutatav e-sigaret\" width=\"672\" height=\"442\" srcset=\"https:\/\/vapebulkp.com\/wp-content\/uploads\/2024\/10\/Elf-World-Plus-20-000-puffs-Blueberry-Watermelon-Disposable-Vape.png 1200w, https:\/\/vapebulkp.com\/wp-content\/uploads\/2024\/10\/Elf-World-Plus-20-000-puffs-Blueberry-Watermelon-Disposable-Vape-300x197.png 300w, https:\/\/vapebulkp.com\/wp-content\/uploads\/2024\/10\/Elf-World-Plus-20-000-puffs-Blueberry-Watermelon-Disposable-Vape-1024x673.png 1024w, https:\/\/vapebulkp.com\/wp-content\/uploads\/2024\/10\/Elf-World-Plus-20-000-puffs-Blueberry-Watermelon-Disposable-Vape-768x505.png 768w, https:\/\/vapebulkp.com\/wp-content\/uploads\/2024\/10\/Elf-World-Plus-20-000-puffs-Blueberry-Watermelon-Disposable-Vape-600x395.png 600w\" sizes=\"(max-width: 672px) 100vw, 672px\" \/><\/p>\n<h6 style=\"text-align: left\"><\/h6>\n<h6>Soodushinna saamiseks v\u00f5tke \u00fchendust Mandy WhatsAppiga<a href=\"https:\/\/wa.me\/8618077105796\">+8618077105796<\/a><\/h6>\n<p><img decoding=\"async\" class=\"alignnone wp-image-2151\" src=\"http:\/\/vapebulkp.com\/wp-content\/uploads\/2024\/04\/Mandy-WhatsApp-Randm.jpg\" alt=\"Mandy WhatsAppi tutvustus\" width=\"263\" height=\"280\" srcset=\"https:\/\/vapebulkp.com\/wp-content\/uploads\/2024\/04\/Mandy-WhatsApp-Randm.jpg 916w, https:\/\/vapebulkp.com\/wp-content\/uploads\/2024\/04\/Mandy-WhatsApp-Randm-282x300.jpg 282w, https:\/\/vapebulkp.com\/wp-content\/uploads\/2024\/04\/Mandy-WhatsApp-Randm-768x817.jpg 768w, https:\/\/vapebulkp.com\/wp-content\/uploads\/2024\/04\/Mandy-WhatsApp-Randm-600x638.jpg 600w\" sizes=\"(max-width: 263px) 100vw, 263px\" \/><\/p>\n<h3>Miks valida kasutajas\u00f5bralik veipimisseade ELFWORLD Plus 20K \u00fchekordselt kasutatav e-sigaret?<\/h3>\n<p>Veip <strong>ELFWORLD Plus 20000 Mahvi \u00fchekordselt kasutatav e-sigaret<\/strong> paistab silma kui suurep\u00e4rane valik n\u00f5udlikele veipijatele t\u00e4nu oma muljetavaldavale kombinatsioonile <strong>t\u00e4iustatud funktsioonid, keerukas disain<\/strong>ja <strong>kompromissitu kvaliteet<\/strong>. Siin on p\u00f5hjus, miks see on teistest parem:<\/p>\n<ol>\n<li><span style=\"color: #ff0000\"><strong>Erakordne mahutavus<\/strong><\/span><br \/>\nH\u00e4mmastava <strong>20000 mahvi mahutavusega<\/strong>m\u00e4\u00e4ratleb ELFWORLD Plus uuesti pikaajaliste \u00fchekordselt kasutatavate e-sigarettide standardi. See on loodud sinu elustiiliga sammu pidama, pakkudes sujuvat ja pikendatud veipimisreisi ilma sagedaste asendusteta.<\/li>\n<li><span style=\"color: #ff0000\"><strong>Esmaklassiline E-vedeliku maht<\/strong><\/span><br \/>\nSee seade uhkeldab m\u00e4rkimisv\u00e4\u00e4rse <strong>20ml e-vedeliku reservuaariga<\/strong>, tagades rikkaliku ja j\u00e4rjepideva maitseelamuse kogu kasutuse jooksul. Suur mahutavus t\u00e4hendab rohkem aega nautimiseks ja v\u00e4hem muretsemist t\u00e4itmiste v\u00f5i t\u00fchjakssaamise p\u00e4rast.<\/li>\n<li><span style=\"color: #ff0000\"><strong>Mitmek\u00fclgsed nikotiinivalikud<\/strong><\/span><br \/>\nM\u00f5istes, et iga veipi eelistus on unikaalne, pakub ELFWORLD Plus <strong>2% ja 5% nikotiinisisalduse<\/strong> variatsioone, mis v\u00f5imaldavad kohandatavat kogemust vastavalt sinu soovitud intensiivsusele.<\/li>\n<li><span style=\"color: #ff0000\"><strong>Mitmekesine maitsevalik<\/strong><\/span><br \/>\nELFWORLD Plus pakub hoolikalt kureeritud maitsete valikut, millest iga\u00fcks on valmistatud <strong>kvaliteetsetest koostisosadest<\/strong> peene maitse saavutamiseks. \u00dcksk\u00f5ik, kas eelistad erksaid puuviljasegusid, jahedat mentooli v\u00f5i rikkalikke magustoidun\u00fcansse, leidub midagi igale maitsele.<\/li>\n<li><span style=\"color: #ff0000\"><strong>Lihtne mugavus<\/strong><\/span><br \/>\nKasutamise lihtsuse jaoks loodud ELFWORLD Plus ei vaja hooldust ega laadimist. Lihtsalt v\u00f5ta karbist v\u00e4lja ja naudi \u2013 ei mingeid nuppe, ei mingit keerukust, vaid puhas nauding. See on ideaalne neile, kes otsivad <strong>probleemivaba veipimiskogemust<\/strong> j\u00f5udluses kompromisse tegemata.<\/li>\n<\/ol>\n<h3>KKK probleemivaba veipimisseadme ELFWORLD Plus 20k puffs Disposable Vape kohta:<\/h3>\n<p><strong>1. Kui suur on ELFWORLD Plus \u00fchekordse veibi t\u00f5mmete arv?<\/strong><br \/>\nELFWORLD Plus \u00fchekordne veip on loodud pakkuma muljetavaldavat <strong>20 000 t\u00f5mmet<\/strong>, mis teeb sellest kauakestva valiku mugavust ja kvaliteeti otsivatele veipijatele.<\/p>\n<p><strong>2. Kui suur on ELFWORLD Plus e-vedeliku maht?<\/strong><br \/>\nSellel seadmel on m\u00e4rkimisv\u00e4\u00e4rne e-vedeliku maht, mahutades kuni <strong>20ml<\/strong> kvaliteetset veipi, mis tagab, et saate oma lemmikmaitseid nautida ilma sagedaste t\u00e4itmisteta.<\/p>\n<p><strong>3. Millised nikotiinivalikud on ELFWORLD Plusile saadaval?<\/strong><br \/>\nELFWORLD Plus \u00fchekordne veip pakub mitmek\u00fclgseid nikotiinisoola valikuid, sealhulgas <strong>2% ja 5%<\/strong>, mis v\u00f5imaldab kasutajatel valida oma eelistatud tugevuse personaalseks veipimiskogemuseks.<\/p>\n<p><strong>4. Kuidas ma kasutan ELFWORLD Bar Plus \u00fchekordset veipi?<\/strong><br \/>\nELFWORLD Plusi kasutamine on lihtne. Lihtsalt eemaldage seade pakendist, tehke pahv ja nautige maitsvat auru. Puuduvad nupud v\u00f5i keerulised seaded \u2013 see on kasutusvalmis!<\/p>\n<p><strong>5. Mis teeb ELFWORLD Plus 20000 pahvi k\u00f5rgekvaliteediliseks \u00fchekordseks veibiks?<\/strong><br \/>\nELFWORLD Plus \u00fchendab arenenud tehnoloogia ja suurep\u00e4rase disaini, pakkudes erakordset j\u00f5udlust, elegantset esteetikat ja mitmesuguseid maitseid, muutes selle \u00fchekordsete veipide turul silmapaistvaks valikuks.<\/p>\n<h3><strong>ELFWORLD Plus 20 000 pahvi \u00fchekordne veip \u2013 Toote spetsifikatsioonid<\/strong><\/h3>\n<ul>\n<li><strong>Nikotiinisoola valikud:<\/strong> 0%, 2%, 3%, 5% kohandatavate kanguseelistuste jaoks.<\/li>\n<li><strong>E-vedeliku maht:<\/strong> Eelt\u00e4idetud 22 ml esmaklassilise e-vedelikuga pikendatud veipimiskogemuse tagamiseks.<\/li>\n<li><strong>Spiraali tehnoloogia:<\/strong> Varustatud t\u00e4iustatud v\u00f5rguspooliga, mis tagab parema maitse ja tiheda auru tootmise.<\/li>\n<li><strong>Maitsevalik:<\/strong> Saadaval 15 hoolikalt kureeritud maitset, mis sobivad igale maitse-eelistusele.<\/li>\n<li><strong>Taaslaetav aku:<\/strong> Integreeritud 650 mAh aku, mis on disainitud vastupidavuseks ja j\u00e4rjepidevaks j\u00f5udluseks.<\/li>\n<li><strong>Laadimisport:<\/strong> Type-C kiirlaadimise v\u00f5imekus tagab t\u00f5husa ja usaldusv\u00e4\u00e4rse laadimise.<\/li>\n<\/ul>\n<h3><strong>ELFWORLD Plus 20 000 pahvi maitsete loetelu:<\/strong><\/h3>\n<p>1.Viinamarjalemon<br \/>\n2. Kuradi Vinge<br \/>\n3.Kirsi Pomm<br \/>\n4.Mahlane Virsiku J\u00e4\u00e4<br \/>\n5.Marja\u00f5ndsus<br \/>\n6.Sinise vaarika j\u00e4\u00e4<br \/>\n7.Draakonmeloni<br \/>\n8.Mustika Arbuus<br \/>\n9.Roosa Limonaad<br \/>\n10.Mehhiko Mango<br \/>\n11.Maasikas Banaan<br \/>\n12.Arbuusij\u00e4\u00e4<br \/>\n13.Valge Kummikommi J\u00e4\u00e4<br \/>\n14.Maasika Mango<br \/>\n15. Miami Piparm\u00fcnt<\/p>\n<p><span style=\"vertical-align: inherit\">Leia rohkem tooteid, mis sulle meeldida v\u00f5iksid:<\/span><em><a href=\"https:\/\/wa.me\/8618077105796\"><span style=\"vertical-align: inherit\">\u00a0Osta kohe<\/span><\/a><\/em><\/p>\n<p><span style=\"vertical-align: inherit\">Teised e-sigaretid, mis sulle meeldida v\u00f5ivad:<\/span><a href=\"https:\/\/vapebulkp.com\/et\/product\/fumot-tornado-25k-puffs-cheap-price-disposable-vape\/\"><span style=\"vertical-align: inherit\">RandM Fumot Tornado 25000 Puhangut<\/span><\/a><\/p>\n<p><a href=\"https:\/\/vapebulkp.com\/et\/product\/poco-bl-10000-puffs-hot-selling-high-puff-type-c-disposable-vape\/\"><span style=\"vertical-align: inherit\">POCO BL 10000 pahvi \u00fchekordselt kasutatav e-sigaret<\/span><\/a><\/p>\n<p><a href=\"https:\/\/vapebulkp.com\/et\/product\/uwin-crystal-10k-puff-long-lasting-disposable-vape-for-europe\/\"><span style=\"vertical-align: inherit\">UWIN Crystal 10000 Puffs<\/span><\/a><\/p>\n<p><a href=\"https:\/\/vapebulkp.com\/et\/product\/randm-fumot-tornado-30k-puffs-rechargeable-vapes-best-sale\/\"><span style=\"vertical-align: inherit\">Randm Vape 30k Puhangut<\/span><\/a><\/p>\n<h4>Saatmisinfo:<\/h4>\n<p><span style=\"color: #ff6600\">Tootmisaeg: 5-10 t\u00f6\u00f6p\u00e4eva<\/span><br \/>\n<span style=\"color: #ff6600\">Saatmisaeg: 8-14 t\u00f6\u00f6p\u00e4eva<\/span><\/p>\n<p>K\u00f5ik meie poe tooted on 100% originaalsed ja autentsed, seega on v\u00f5ltsitud kaupade eest k\u00fcmnekordne h\u00fcvitis meie poe poliitika. Kasutame kaupade teile tarnimiseks logistikakanaleid nagu UPS\/DHL\/FEDEX\/DPD.<\/p>\n<p>Eestisse saadetud pakkide kohalej\u00f5udmine v\u00f5tab tavaliselt aega 10 t\u00f6\u00f6p\u00e4eva. Euroopa riikidesse saatmine v\u00f5tab tavaliselt aega 12 kuni 15 t\u00f6\u00f6p\u00e4eva. Uuendame logistikainfot teie jaoks reaalajas.<\/p>\n<p>V\u00f5ta meiega \u00fchendust ja me saame pakkuda sulle Hazebar 12000 mahvi ning viia sinu \u00e4ri uutele k\u00f5rgustele!<\/p>","protected":false},"excerpt":{"rendered":"<p>ELFWORLD Plus 20000 Mahvi \u00fchekordselt kasutatav e-sigaret on hoolikalt valmistatud, kvaliteetne \u00fchekordselt kasutatav e-sigaret, mis on loodud tarbijatele, kes otsivad pikaajalist kvaliteeti ja suurt j\u00f5udlust.<br \/>\n<img decoding=\"async\" class=\"alignnone wp-image-2151\" src=\"http:\/\/vapebulkp.com\/wp-content\/uploads\/2024\/04\/Mandy-WhatsApp-Randm.jpg\" alt=\"Mandy WhatsAppi tutvustus\" width=\"238\" height=\"253\" srcset=\"https:\/\/vapebulkp.com\/wp-content\/uploads\/2024\/04\/Mandy-WhatsApp-Randm.jpg 916w, https:\/\/vapebulkp.com\/wp-content\/uploads\/2024\/04\/Mandy-WhatsApp-Randm-282x300.jpg 282w, https:\/\/vapebulkp.com\/wp-content\/uploads\/2024\/04\/Mandy-WhatsApp-Randm-768x817.jpg 768w, https:\/\/vapebulkp.com\/wp-content\/uploads\/2024\/04\/Mandy-WhatsApp-Randm-600x638.jpg 600w\" sizes=\"(max-width: 238px) 100vw, 238px\" \/><\/p>\n<p>Soodushinna saamiseks v\u00f5tke \u00fchendust Mandy WhatsAppiga<a href=\"https:\/\/wa.me\/8618077105796\">+8618077105796<\/a><\/p>\n<p><span style=\"color: #ff0000\">M\u00c4RKUS: Meie veebisaidi hinnad ei sisalda saatmiskulusid<\/span><\/p>","protected":false},"featured_media":3066,"comment_status":"open","ping_status":"closed","template":"","meta":{"_uag_custom_page_level_css":"","_lmt_disableupdate":"no","_lmt_disable":"","site-sidebar-layout":"default","site-content-layout":"content-boxed-container","ast-site-content-layout":"normal-width-container","site-content-style":"boxed","site-sidebar-style":"unboxed","ast-global-header-display":"","ast-banner-title-visibility":"","ast-main-header-display":"","ast-hfb-above-header-display":"","ast-hfb-below-header-display":"","ast-hfb-mobile-header-display":"","site-post-title":"","ast-breadcrumbs-content":"","ast-featured-img":"","footer-sml-layout":"","theme-transparent-header-meta":"default","adv-header-id-meta":"","stick-header-meta":"","header-above-stick-meta":"","header-main-stick-meta":"","header-below-stick-meta":"","astra-migrate-meta-layouts":"set","_joinchat":[]},"product_cat":[162,153,155,348,33,59,100,34,158,157,154,152,58,84,156,63,32],"product_tag":[77,36,37,91,105,41,71,40],"class_list":["post-3085","product","type-product","status-publish","has-post-thumbnail","hentry","product_cat-20000-puffs-disposable-vape","product_cat-hot-disposable-vapes","product_cat-belgium-hot-disposable-vapes","product_cat-elf-world-vape","product_cat-france-vape-hot-sale","product_cat-germany-hot-disposable-vape","product_cat-germany-wholesale-vape-shop","product_cat-netherlands-vape-good-sale","product_cat-norway-hot-disposable-vapes","product_cat-poland-hot-disposable-vapes","product_cat-portugal-hot-disposable-vapes","product_cat-spain-hot-disposable-vapes","product_cat-sweden-hot-disposable-vape","product_cat-sweden-wholesale-vape","product_cat-switzerland-hot-disposable-vapes","product_cat-top-sale-disposable-vape","product_cat-vape-hot-sale-this-week","product_tag-15000-puffs","product_tag-good-vape","product_tag-hot-sale-disposable-vape","product_tag-italy-hot-vape","product_tag-jnr","product_tag-poland-hot-vape","product_tag-randm","product_tag-sweden-hot-vape","pa_brand-elf-world-vape","desktop-align-left","tablet-align-left","mobile-align-left"],"yoast_head":"<!-- This site is optimized with the Yoast SEO plugin v21.1 - https:\/\/yoast.com\/wordpress\/plugins\/seo\/ -->\n<title>ELFWORLD Plus 20000 Puffs Disposable Vape 22ml E-Liquid Capacity - vapebulkp.com<\/title>\n<meta name=\"description\" content=\"Shop the ELFWORLD Plus 20000 Puffs Disposable Vape with 22ml premium e-liquid and 2\u20135% nicotine. Smooth vapor, vibrant flavors, and long-lasting performance \u2014 perfect for European vapers. Order now!\" \/>\n<meta name=\"robots\" content=\"index, follow, max-snippet:-1, max-image-preview:large, max-video-preview:-1\" \/>\n<link rel=\"canonical\" href=\"https:\/\/vapebulkp.com\/et\/product\/elfworld-plus-20000-puffs-disposable-vape-22ml-eliquid-capacity\/\" \/>\n<meta property=\"og:locale\" content=\"et_EE\" \/>\n<meta property=\"og:type\" content=\"article\" \/>\n<meta property=\"og:title\" content=\"ELFWORLD Plus 20000 Puffs Disposable Vape 22ml E-Liquid Capacity - vapebulkp.com\" \/>\n<meta property=\"og:description\" content=\"Shop the ELFWORLD Plus 20000 Puffs Disposable Vape with 22ml premium e-liquid and 2\u20135% nicotine. Smooth vapor, vibrant flavors, and long-lasting performance \u2014 perfect for European vapers. Order now!\" \/>\n<meta property=\"og:url\" content=\"https:\/\/vapebulkp.com\/et\/product\/elfworld-plus-20000-puffs-disposable-vape-22ml-eliquid-capacity\/\" \/>\n<meta property=\"og:site_name\" content=\"vapebulkp.com\" \/>\n<meta property=\"article:modified_time\" content=\"2025-09-24T03:06:05+00:00\" \/>\n<meta property=\"og:image\" content=\"http:\/\/vapebulkp.com\/wp-content\/uploads\/2024\/10\/Elf-World-Plus-Disposable-Vape-with-Accessories.png\" \/>\n\t<meta property=\"og:image:width\" content=\"800\" \/>\n\t<meta property=\"og:image:height\" content=\"800\" \/>\n\t<meta property=\"og:image:type\" content=\"image\/png\" \/>\n<meta name=\"twitter:card\" content=\"summary_large_image\" \/>\n<meta name=\"twitter:label1\" content=\"Est. reading time\" \/>\n\t<meta name=\"twitter:data1\" content=\"5 minutit\" \/>\n<script type=\"application\/ld+json\" class=\"yoast-schema-graph\">{\"@context\":\"https:\/\/schema.org\",\"@graph\":[{\"@type\":\"WebPage\",\"@id\":\"https:\/\/vapebulkp.com\/product\/elfworld-plus-20000-puffs-disposable-vape-22ml-eliquid-capacity\/\",\"url\":\"https:\/\/vapebulkp.com\/product\/elfworld-plus-20000-puffs-disposable-vape-22ml-eliquid-capacity\/\",\"name\":\"ELFWORLD Plus 20000 Puffs Disposable Vape 22ml E-Liquid Capacity - vapebulkp.com\",\"isPartOf\":{\"@id\":\"https:\/\/vapebulkp.com\/#website\"},\"datePublished\":\"2024-10-30T03:30:39+00:00\",\"dateModified\":\"2025-09-24T03:06:05+00:00\",\"description\":\"Shop the ELFWORLD Plus 20000 Puffs Disposable Vape with 22ml premium e-liquid and 2\u20135% nicotine. Smooth vapor, vibrant flavors, and long-lasting performance \u2014 perfect for European vapers. Order now!\",\"breadcrumb\":{\"@id\":\"https:\/\/vapebulkp.com\/product\/elfworld-plus-20000-puffs-disposable-vape-22ml-eliquid-capacity\/#breadcrumb\"},\"inLanguage\":\"et\",\"potentialAction\":[{\"@type\":\"ReadAction\",\"target\":[\"https:\/\/vapebulkp.com\/product\/elfworld-plus-20000-puffs-disposable-vape-22ml-eliquid-capacity\/\"]}]},{\"@type\":\"BreadcrumbList\",\"@id\":\"https:\/\/vapebulkp.com\/product\/elfworld-plus-20000-puffs-disposable-vape-22ml-eliquid-capacity\/#breadcrumb\",\"itemListElement\":[{\"@type\":\"ListItem\",\"position\":1,\"name\":\"Home\",\"item\":\"https:\/\/vapebulkp.com\/\"},{\"@type\":\"ListItem\",\"position\":2,\"name\":\"Hot Trend Vapes\",\"item\":\"https:\/\/vapebulkp.com\/vape-shop\/\"},{\"@type\":\"ListItem\",\"position\":3,\"name\":\"ELFWORLD Plus 20000 Puffs Disposable Vape 22ml E-Liquid Capacity\"}]},{\"@type\":\"WebSite\",\"@id\":\"https:\/\/vapebulkp.com\/#website\",\"url\":\"https:\/\/vapebulkp.com\/\",\"name\":\"vapebulkp.com\",\"description\":\"Buy Vape In Cheap Bulk Price Near you\",\"publisher\":{\"@id\":\"https:\/\/vapebulkp.com\/#organization\"},\"potentialAction\":[{\"@type\":\"SearchAction\",\"target\":{\"@type\":\"EntryPoint\",\"urlTemplate\":\"https:\/\/vapebulkp.com\/?s={search_term_string}\"},\"query-input\":\"required name=search_term_string\"}],\"inLanguage\":\"et\"},{\"@type\":\"Organization\",\"@id\":\"https:\/\/vapebulkp.com\/#organization\",\"name\":\"vapebulkp.com\",\"url\":\"https:\/\/vapebulkp.com\/\",\"logo\":{\"@type\":\"ImageObject\",\"inLanguage\":\"et\",\"@id\":\"https:\/\/vapebulkp.com\/#\/schema\/logo\/image\/\",\"url\":\"https:\/\/vapebulkp.com\/wp-content\/uploads\/2023\/09\/cropped-vapebulkp.png\",\"contentUrl\":\"https:\/\/vapebulkp.com\/wp-content\/uploads\/2023\/09\/cropped-vapebulkp.png\",\"width\":516,\"height\":163,\"caption\":\"vapebulkp.com\"},\"image\":{\"@id\":\"https:\/\/vapebulkp.com\/#\/schema\/logo\/image\/\"}}]}<\/script>\n<!-- \/ Yoast SEO plugin. -->","yoast_head_json":{"title":"ELFWORLD Plus 20000 Puffs Disposable Vape 22ml E-Liquid Capacity - vapebulkp.com","description":"Shop the ELFWORLD Plus 20000 Puffs Disposable Vape with 22ml premium e-liquid and 2\u20135% nicotine. Smooth vapor, vibrant flavors, and long-lasting performance \u2014 perfect for European vapers. Order now!","robots":{"index":"index","follow":"follow","max-snippet":"max-snippet:-1","max-image-preview":"max-image-preview:large","max-video-preview":"max-video-preview:-1"},"canonical":"https:\/\/vapebulkp.com\/et\/product\/elfworld-plus-20000-puffs-disposable-vape-22ml-eliquid-capacity\/","og_locale":"et_EE","og_type":"article","og_title":"ELFWORLD Plus 20000 Puffs Disposable Vape 22ml E-Liquid Capacity - vapebulkp.com","og_description":"Shop the ELFWORLD Plus 20000 Puffs Disposable Vape with 22ml premium e-liquid and 2\u20135% nicotine. Smooth vapor, vibrant flavors, and long-lasting performance \u2014 perfect for European vapers. Order now!","og_url":"https:\/\/vapebulkp.com\/et\/product\/elfworld-plus-20000-puffs-disposable-vape-22ml-eliquid-capacity\/","og_site_name":"vapebulkp.com","article_modified_time":"2025-09-24T03:06:05+00:00","og_image":[{"width":800,"height":800,"url":"http:\/\/vapebulkp.com\/wp-content\/uploads\/2024\/10\/Elf-World-Plus-Disposable-Vape-with-Accessories.png","type":"image\/png"}],"twitter_card":"summary_large_image","twitter_misc":{"Est. reading time":"5 minutit"},"schema":{"@context":"https:\/\/schema.org","@graph":[{"@type":"WebPage","@id":"https:\/\/vapebulkp.com\/product\/elfworld-plus-20000-puffs-disposable-vape-22ml-eliquid-capacity\/","url":"https:\/\/vapebulkp.com\/product\/elfworld-plus-20000-puffs-disposable-vape-22ml-eliquid-capacity\/","name":"ELFWORLD Plus 20000 Puffs Disposable Vape 22ml E-Liquid Capacity - vapebulkp.com","isPartOf":{"@id":"https:\/\/vapebulkp.com\/#website"},"datePublished":"2024-10-30T03:30:39+00:00","dateModified":"2025-09-24T03:06:05+00:00","description":"Shop the ELFWORLD Plus 20000 Puffs Disposable Vape with 22ml premium e-liquid and 2\u20135% nicotine. Smooth vapor, vibrant flavors, and long-lasting performance \u2014 perfect for European vapers. Order now!","breadcrumb":{"@id":"https:\/\/vapebulkp.com\/product\/elfworld-plus-20000-puffs-disposable-vape-22ml-eliquid-capacity\/#breadcrumb"},"inLanguage":"et","potentialAction":[{"@type":"ReadAction","target":["https:\/\/vapebulkp.com\/product\/elfworld-plus-20000-puffs-disposable-vape-22ml-eliquid-capacity\/"]}]},{"@type":"BreadcrumbList","@id":"https:\/\/vapebulkp.com\/product\/elfworld-plus-20000-puffs-disposable-vape-22ml-eliquid-capacity\/#breadcrumb","itemListElement":[{"@type":"ListItem","position":1,"name":"Home","item":"https:\/\/vapebulkp.com\/"},{"@type":"ListItem","position":2,"name":"Hot Trend Vapes","item":"https:\/\/vapebulkp.com\/vape-shop\/"},{"@type":"ListItem","position":3,"name":"ELFWORLD Plus 20000 Puffs Disposable Vape 22ml E-Liquid Capacity"}]},{"@type":"WebSite","@id":"https:\/\/vapebulkp.com\/#website","url":"https:\/\/vapebulkp.com\/","name":"vapebulkp.com","description":"Buy Vape In Cheap Bulk Price Near you","publisher":{"@id":"https:\/\/vapebulkp.com\/#organization"},"potentialAction":[{"@type":"SearchAction","target":{"@type":"EntryPoint","urlTemplate":"https:\/\/vapebulkp.com\/?s={search_term_string}"},"query-input":"required name=search_term_string"}],"inLanguage":"et"},{"@type":"Organization","@id":"https:\/\/vapebulkp.com\/#organization","name":"vapebulkp.com","url":"https:\/\/vapebulkp.com\/","logo":{"@type":"ImageObject","inLanguage":"et","@id":"https:\/\/vapebulkp.com\/#\/schema\/logo\/image\/","url":"https:\/\/vapebulkp.com\/wp-content\/uploads\/2023\/09\/cropped-vapebulkp.png","contentUrl":"https:\/\/vapebulkp.com\/wp-content\/uploads\/2023\/09\/cropped-vapebulkp.png","width":516,"height":163,"caption":"vapebulkp.com"},"image":{"@id":"https:\/\/vapebulkp.com\/#\/schema\/logo\/image\/"}}]}},"uagb_featured_image_src":{"full":["https:\/\/vapebulkp.com\/wp-content\/uploads\/2024\/10\/Elf-World-Plus-Disposable-Vape-with-Accessories.png",800,800,false],"thumbnail":["https:\/\/vapebulkp.com\/wp-content\/uploads\/2024\/10\/Elf-World-Plus-Disposable-Vape-with-Accessories-150x150.png",150,150,true],"medium":["https:\/\/vapebulkp.com\/wp-content\/uploads\/2024\/10\/Elf-World-Plus-Disposable-Vape-with-Accessories-300x300.png",300,300,true],"medium_large":["https:\/\/vapebulkp.com\/wp-content\/uploads\/2024\/10\/Elf-World-Plus-Disposable-Vape-with-Accessories-768x768.png",768,768,true],"large":["https:\/\/vapebulkp.com\/wp-content\/uploads\/2024\/10\/Elf-World-Plus-Disposable-Vape-with-Accessories.png",800,800,false],"1536x1536":["https:\/\/vapebulkp.com\/wp-content\/uploads\/2024\/10\/Elf-World-Plus-Disposable-Vape-with-Accessories.png",800,800,false],"2048x2048":["https:\/\/vapebulkp.com\/wp-content\/uploads\/2024\/10\/Elf-World-Plus-Disposable-Vape-with-Accessories.png",800,800,false],"trp-custom-language-flag":["https:\/\/vapebulkp.com\/wp-content\/uploads\/2024\/10\/Elf-World-Plus-Disposable-Vape-with-Accessories.png",12,12,false],"woocommerce_thumbnail":["https:\/\/vapebulkp.com\/wp-content\/uploads\/2024\/10\/Elf-World-Plus-Disposable-Vape-with-Accessories-300x300.png",300,300,true],"woocommerce_single":["https:\/\/vapebulkp.com\/wp-content\/uploads\/2024\/10\/Elf-World-Plus-Disposable-Vape-with-Accessories-600x600.png",600,600,true],"woocommerce_gallery_thumbnail":["https:\/\/vapebulkp.com\/wp-content\/uploads\/2024\/10\/Elf-World-Plus-Disposable-Vape-with-Accessories-100x100.png",100,100,true],"wcpr-photo-reviews":["https:\/\/vapebulkp.com\/wp-content\/uploads\/2024\/10\/Elf-World-Plus-Disposable-Vape-with-Accessories.png",500,500,false]},"uagb_author_info":{"display_name":"Mandy vape bulk price","author_link":"https:\/\/vapebulkp.com\/et\/author\/"},"uagb_comment_info":0,"uagb_excerpt":"ELFWORLD Plus 20,000 Puffs Disposable Vape is a carefully crafted, high-end disposable e-cigarette designed for consumers who seek long-lasting quality and high performance. Pls Contact Mandy's WhatsApp For Discount Price+8618077105796 NOTE: Prices on our website does not include shipping costs","_links":{"self":[{"href":"https:\/\/vapebulkp.com\/et\/wp-json\/wp\/v2\/product\/3085","targetHints":{"allow":["GET"]}}],"collection":[{"href":"https:\/\/vapebulkp.com\/et\/wp-json\/wp\/v2\/product"}],"about":[{"href":"https:\/\/vapebulkp.com\/et\/wp-json\/wp\/v2\/types\/product"}],"replies":[{"embeddable":true,"href":"https:\/\/vapebulkp.com\/et\/wp-json\/wp\/v2\/comments?post=3085"}],"wp:featuredmedia":[{"embeddable":true,"href":"https:\/\/vapebulkp.com\/et\/wp-json\/wp\/v2\/media\/3066"}],"wp:attachment":[{"href":"https:\/\/vapebulkp.com\/et\/wp-json\/wp\/v2\/media?parent=3085"}],"wp:term":[{"taxonomy":"product_cat","embeddable":true,"href":"https:\/\/vapebulkp.com\/et\/wp-json\/wp\/v2\/product_cat?post=3085"},{"taxonomy":"product_tag","embeddable":true,"href":"https:\/\/vapebulkp.com\/et\/wp-json\/wp\/v2\/product_tag?post=3085"}],"curies":[{"name":"wp","href":"https:\/\/api.w.org\/{rel}","templated":true}]}}