{"id":3087,"date":"2024-10-31T08:37:05","date_gmt":"2024-10-31T07:37:05","guid":{"rendered":"https:\/\/vapebulkp.com\/?post_type=product&#038;p=3087"},"modified":"2025-09-24T05:44:32","modified_gmt":"2025-09-24T03:44:32","slug":"vapme-crystal-disposable-vape-20000-puffs-big-smok-2-nicotine","status":"publish","type":"product","link":"https:\/\/vapebulkp.com\/et\/toode\/vapme-crystal-disposable-vape-20000-puffs-big-smok-2-nicotine\/","title":{"rendered":"Vapme Crystal \u00fchekordselt kasutatav vape 20000 mahvi suur SMOK 2% nikotiin"},"content":{"rendered":"<h2>Vapme Crystal \u00fchekordselt kasutatav vape 20000 mahvi suur SMOK 2% nikotiin<\/h2>\n<div class=\"flex max-w-full flex-col flex-grow\">\n<div class=\"min-h-8 text-message flex w-full flex-col items-end gap-2 whitespace-normal break-words [.text-message+&amp;]:mt-5\" dir=\"auto\" data-message-author-role=\"assistant\" data-message-id=\"d4e5856e-b87d-43e1-bf1b-fe5b0e62d5d8\" data-message-model-slug=\"gpt-4o\">\n<div class=\"flex w-full flex-col gap-1 empty:hidden first:pt-[3px]\">\n<div class=\"markdown prose w-full break-words dark:prose-invert light\">\n<p data-start=\"297\" data-end=\"599\">Veip <strong data-start=\"341\" data-end=\"386\">Vapme Crystal \u00dchekordselt kasutatav E-sigaret 20000 Pahvi<\/strong> pakub suure j\u00f5udlusega veipimist elegantses, reisikindlas disainis. See parima m\u00fc\u00fcgiga toode, mis on ideaalne Euroopa noortele meestele, <a href=\"https:\/\/vapebulkp.com\/et\/tootekategooria\/20000-puffs-disposable-vape\/\"><strong data-start=\"493\" data-end=\"524\">20000 pahviga \u00fchekordselt kasutatav e-sigaret<\/strong><\/a> \u00fchendab stiili ja mugavuse sujuva, \u00fchtlase tabamusega iga kord.<\/p>\n<p data-start=\"601\" data-end=\"889\">Varustatud 700 mAh akuga ja Type-C kiirlaadimisega, hoiab see teid laetuna terve p\u00e4eva. 20 ml e-vedeliku mahutavuse ja 1.0\u03a9 v\u00f5rgurulliga pakub see rikkalikku maitset ja \u00fchtlast auru 20 000 pahvi jooksul. Valige 10+10 populaarse maitse hulgast, millest iga\u00fches on 2% nikotiini tasakaalustatud ja rahuldava t\u00f5mbe jaoks.<\/p>\n<p data-start=\"891\" data-end=\"1056\">Kompaktne ja stiilne Vapme Crystal on ideaalne igap\u00e4evaseks kasutamiseks, seltskondlikesse olukordadesse v\u00f5i liikvel olles veipimiseks. Eesti laost saadavus tagab kiire tarne ja usaldusv\u00e4\u00e4rse kvaliteedi.<\/p>\n<p data-start=\"1058\" data-end=\"1192\">Minge \u00fcle <strong data-start=\"1073\" data-end=\"1118\">Vapme Crystal 20000 Pahvi E-sigareti Hulgim\u00fc\u00fck<\/strong> et saada esmaklassiline, kauakestev veipimiskogemus. <strong data-start=\"1147\" data-end=\"1178\">20000 pahviga \u00fchekordselt kasutatav e-sigaret<\/strong> kogemuse ajal alati kaitstud.<\/p>\n<\/div>\n<\/div>\n<\/div>\n<\/div>\n<p><img decoding=\"async\" class=\"alignnone wp-image-3091\" src=\"http:\/\/vapebulkp.com\/wp-content\/uploads\/2024\/10\/vapme-crystal-20000-puffs-good-review-scaled.jpg\" alt=\"vapme crystal 20000 pahvi hea \u00fclevaade\" width=\"484\" height=\"484\" srcset=\"https:\/\/vapebulkp.com\/wp-content\/uploads\/2024\/10\/vapme-crystal-20000-puffs-good-review-scaled.jpg 2560w, https:\/\/vapebulkp.com\/wp-content\/uploads\/2024\/10\/vapme-crystal-20000-puffs-good-review-300x300.jpg 300w, https:\/\/vapebulkp.com\/wp-content\/uploads\/2024\/10\/vapme-crystal-20000-puffs-good-review-1024x1024.jpg 1024w, https:\/\/vapebulkp.com\/wp-content\/uploads\/2024\/10\/vapme-crystal-20000-puffs-good-review-150x150.jpg 150w, https:\/\/vapebulkp.com\/wp-content\/uploads\/2024\/10\/vapme-crystal-20000-puffs-good-review-768x768.jpg 768w, https:\/\/vapebulkp.com\/wp-content\/uploads\/2024\/10\/vapme-crystal-20000-puffs-good-review-1536x1536.jpg 1536w, https:\/\/vapebulkp.com\/wp-content\/uploads\/2024\/10\/vapme-crystal-20000-puffs-good-review-2048x2048.jpg 2048w, https:\/\/vapebulkp.com\/wp-content\/uploads\/2024\/10\/vapme-crystal-20000-puffs-good-review-600x600.jpg 600w, https:\/\/vapebulkp.com\/wp-content\/uploads\/2024\/10\/vapme-crystal-20000-puffs-good-review-100x100.jpg 100w\" sizes=\"(max-width: 484px) 100vw, 484px\" \/><\/p>\n<p>&nbsp;<\/p>\n<h6 style=\"text-align: left\"><\/h6>\n<h6>Soodushinna saamiseks v\u00f5tke \u00fchendust Mandy WhatsAppiga<a href=\"https:\/\/wa.me\/8618077105796\">+8618077105796<\/a><\/h6>\n<p><img decoding=\"async\" class=\"alignnone wp-image-2151\" src=\"http:\/\/vapebulkp.com\/wp-content\/uploads\/2024\/04\/Mandy-WhatsApp-Randm.jpg\" alt=\"Mandy WhatsAppi tutvustus\" width=\"263\" height=\"280\" srcset=\"https:\/\/vapebulkp.com\/wp-content\/uploads\/2024\/04\/Mandy-WhatsApp-Randm.jpg 916w, https:\/\/vapebulkp.com\/wp-content\/uploads\/2024\/04\/Mandy-WhatsApp-Randm-282x300.jpg 282w, https:\/\/vapebulkp.com\/wp-content\/uploads\/2024\/04\/Mandy-WhatsApp-Randm-768x817.jpg 768w, https:\/\/vapebulkp.com\/wp-content\/uploads\/2024\/04\/Mandy-WhatsApp-Randm-600x638.jpg 600w\" sizes=\"(max-width: 263px) 100vw, 263px\" \/><\/p>\n<h3>Miks Vapme Crystal 20000 Pahvi \u00dchekordselt kasutatav E-sigaret on ideaalne veipimise stardikomplektide jaoks?<\/h3>\n<ol>\n<li><strong>Kasutajas\u00f5bralik disain<\/strong>: Vapme Crystal on disainitud kasutuslihtsuse silmas pidades, muutes selle algajatele ideaalseks. See ei vaja keerulist seadistamist ega hooldust, v\u00f5imaldades uutel kasutajatel koheselt veipima hakata.<\/li>\n<li><strong>Kauakestev j\u00f5udlus<\/strong>: Rohkem kui 20 000 pahviga pakub see \u00fchekordselt kasutatav e-sigaret pikendatud kasutust, v\u00e4hendades sagedaste vahetamiste vajadust ja muutes selle kulut\u00f5husaks valikuks neile, kes alles alustavad.<\/li>\n<li><strong>Maitsete mitmekesisus<\/strong>: 10+10 maitsevalikuga sobib Vapme Crystal erinevatele maitse-eelistustele, v\u00f5imaldades algajatel uurida erinevaid maitseid ilma, et peaksid ostma suuri e-vedeliku pudeleid.<\/li>\n<li><strong>Kaasaskantav ja mugav<\/strong>: Selle kerge ja kompaktne disain teeb selle h\u00f5lpsasti kaasaskantavaks, sobides kasutajatele, kes soovivad veipida liikvel olles, olgu siis seltskondlikel \u00fcritustel v\u00f5i igap\u00e4evastel edasi-tagasi reisidel.<\/li>\n<li><strong>Integreeritud aku<\/strong>: 700 mAh aku koos Type-C laadimisega tagab usaldusv\u00e4\u00e4rse v\u00f5imsusehalduse, nii et kasutajad ei pea oma esialgsete veipimiskogemuste ajal aku kestvuse p\u00e4rast muretsema.<\/li>\n<\/ol>\n<h3>Korduma kippuvad k\u00fcsimused Aspire Vape Vapme Crystal 20k pahvide kohta<\/h3>\n<ol>\n<li><strong>Mitu pahvi Vapme Crystal 20000 Puffs pakub?<\/strong>\n<ul>\n<li>Vapme Crystal pakub \u00fcle 20 000 pahvi, pakkudes pikaajalist naudingut ilma sagedase asendamisvajaduseta.<\/li>\n<\/ul>\n<\/li>\n<li><strong>Kas Vapme Crystal 20k pahvi on algajatele lihtne kasutada?<\/strong>\n<ul>\n<li>Jah, Vapme Crystal on disainitud lihtsust silmas pidades, muutes selle ideaalseks nii algajatele kui ka kogenud veipijatele. See ei vaja seadistamist ega hooldust.<\/li>\n<\/ul>\n<\/li>\n<li><strong>Milline aku on Vapme Crystal 20000 Puffs-il?<\/strong>\n<ul>\n<li>See on varustatud 700mAh akuga ja Type-C laadimispordiga t\u00f5husaks energiahaldamiseks ja kiireks laadimiseks.<\/li>\n<\/ul>\n<\/li>\n<li><strong>Kuidas peaksin oma Vapme Crystal 20k veipi hoidma?<\/strong>\n<ul>\n<li>Hoidke seadet jahedas ja kuivas kohas, eemal otsesest p\u00e4ikesevalgusest ja \u00e4\u00e4rmuslikest temperatuuridest, et tagada optimaalne j\u00f5udlus.<\/li>\n<\/ul>\n<\/li>\n<li><strong>Mida peaksin tegema, kui minu Vapme Crystal 20k pahvi lakkab t\u00f6\u00f6tamast?<\/strong>\n<ul>\n<li>Kui seade lakkab t\u00f6\u00f6tamast, v\u00f5ib see olla t\u00fchjaks saanud v\u00f5i aku v\u00f5ib olla t\u00fchi. Kuna see on \u00fchekordselt kasutatav, tuleks see asendada uue seadmega.<\/li>\n<\/ul>\n<\/li>\n<\/ol>\n<h3>Vapme Crystal 20000 Puffs \u00dchekordselt kasutatav Veip Juul veibi spetsifikatsioonid<\/h3>\n<ul>\n<li><strong>Maitsed<\/strong>: 10+10 maitset mitmekesiste veipimisv\u00f5imaluste jaoks<\/li>\n<li><strong>Aku<\/strong>: 700mAh Type-C laadimispordiga t\u00f5husaks energiahaldamiseks<\/li>\n<li><strong>E-vedeliku maht<\/strong>: 20mL veibivedelikku pikendatud kasutamiseks<\/li>\n<li><strong>K\u00fcttekeha<\/strong>: 1.0 oomi v\u00f5rgusilma m\u00e4his parema maitse ja auru tootmiseks<\/li>\n<li><strong>Pahvide arv<\/strong>: \u00dcle 20 000 pahvi pikaajaliseks nautimiseks<\/li>\n<li><strong>Pakend<\/strong>: 160 \u00fchikut pakendis hulgiostuks<\/li>\n<li><strong>Kaal<\/strong>: 20,8kg pakendi kohta lihtsaks transportimiseks<\/li>\n<li><strong>Nikotiinisisaldus<\/strong>: 2% rahuldavaks veipimiskogemuseks<\/li>\n<li><strong>Disain<\/strong>: 2-in-1 maitseseade mitmek\u00fclgseteks veipimisv\u00f5imalusteks<\/li>\n<\/ul>\n<h3>Vapme Crystal 20000 Puffs Veibi maitsed:<\/h3>\n<p>1 Mustika vaarikas<br \/>\nArbuusi j\u00e4\u00e4<br \/>\n2 Maasika-arbuus<br \/>\nKirevilja meloni j\u00e4\u00e4<br \/>\n3 Kirsi j\u00e4\u00e4<br \/>\nSinise vaarika limonaad<br \/>\n4 Viinamarja j\u00e4\u00e4<br \/>\nMaasika-kiivi<br \/>\n5 Maasika-banaan<br \/>\nTopelt\u00f5un<br \/>\n6 Segamarjad j\u00e4\u00e4ga<br \/>\nVirsiku-mango-ananassi<br \/>\n7 Maasikaj\u00e4\u00e4<br \/>\nArbuusi-kiivi j\u00e4\u00e4<br \/>\n8 Energiajook<br \/>\nKirsi-kola<br \/>\n9 Maasika-vaarikakomm<br \/>\nVirsikuj\u00e4\u00e4<br \/>\n10 Maasika-mango<br \/>\nKiivi-kannatuslille vilja-guajaavi<\/p>\n<p><a href=\"https:\/\/vapebulkp.com\/et\/toode\/popular-randm-tornado-7000puffs-disposable-vape-best-price\/\">Randm Tornado 7000 mahvi<\/a><\/p>\n<p><span style=\"vertical-align: inherit\">Leia rohkem tooteid, mis sulle meeldida v\u00f5iksid:<\/span><em><a href=\"https:\/\/wa.me\/8618077105796\"><span style=\"vertical-align: inherit\">\u00a0Osta kohe<\/span><\/a><\/em><\/p>\n<p><span style=\"vertical-align: inherit\">Teised e-sigaretid, mis sulle meeldida v\u00f5ivad:<\/span><a href=\"https:\/\/vapebulkp.com\/et\/toode\/fumot-tornado-25k-puffs-cheap-price-disposable-vape\/\"><span style=\"vertical-align: inherit\">RandM Fumot Tornado 25000 Puhangut<\/span><\/a><\/p>\n<p><a href=\"https:\/\/vapebulkp.com\/et\/toode\/vapme-shisha-pro-max-20k-type-c-rechargeable-vape\/\"><span style=\"vertical-align: inherit\">Vapme shisha pro max 20000 Puhvetit<\/span><\/a><\/p>\n<p><a href=\"https:\/\/vapebulkp.com\/et\/toode\/uwin-crystal-10k-puff-long-lasting-disposable-vape-for-europe\/\"><span style=\"vertical-align: inherit\">UWIN Crystal 10000 Puffs<\/span><\/a><\/p>\n<p><a href=\"https:\/\/vapebulkp.com\/et\/toode\/randm-fumot-tornado-30k-puffs-rechargeable-vapes-best-sale\/\"><span style=\"vertical-align: inherit\">Randm Vape 30k Puhangut<\/span><\/a><\/p>\n<p><span style=\"vertical-align: inherit\">Erilise kujuga e-sigareti pudel:<\/span><a href=\"https:\/\/vapebulkp.com\/et\/toode\/elf-box-pulse-x-25000puffs-led-screen-rechargeable-vape\/\"><span style=\"vertical-align: inherit\">ELF BOX pulse v 25000 Puhvetit<\/span><\/a><span style=\"vertical-align: inherit\">\/ <\/span><a href=\"https:\/\/vapebulkp.com\/et\/toode\/vozol-vista-20000-puff-rechargeable-vape-cheap-price-today\/\"><span style=\"vertical-align: inherit\">vozol vista 20000 pahvi<\/span><\/a><span style=\"vertical-align: inherit\">\/<\/span><a href=\"https:\/\/vapebulkp.com\/et\/toode\/wga-crystal-plus-16000-puffs-led-light-disposable-vape\/\"><span style=\"vertical-align: inherit\">\u00a0 WGA Crystal Plus 16000 pahvi<\/span><\/a><\/p>\n<h4>Saatmisinfo:<\/h4>\n<p><span style=\"color: #ff6600\">Tootmisaeg: 5-10 t\u00f6\u00f6p\u00e4eva<\/span><br \/>\n<span style=\"color: #ff6600\">Saatmisaeg: 8-14 t\u00f6\u00f6p\u00e4eva<\/span><\/p>\n<p>K\u00f5ik meie poe tooted on 100% originaalsed ja autentsed, seega on v\u00f5ltsitud kaupade eest k\u00fcmnekordne h\u00fcvitis meie poe poliitika. Kasutame kaupade teile tarnimiseks logistikakanaleid nagu UPS\/DHL\/FEDEX\/DPD.<\/p>\n<p>Eestisse saadetud pakkide kohalej\u00f5udmine v\u00f5tab tavaliselt aega 10 t\u00f6\u00f6p\u00e4eva. Euroopa riikidesse saatmine v\u00f5tab tavaliselt aega 12 kuni 15 t\u00f6\u00f6p\u00e4eva. Uuendame logistikainfot teie jaoks reaalajas.<\/p>\n<p>V\u00f5ta meiega \u00fchendust ja me saame pakkuda sulle Hazebar 12000 mahvi ning viia sinu \u00e4ri uutele k\u00f5rgustele!<\/p>","protected":false},"excerpt":{"rendered":"<p>Vapme Crystal 20000 Pahvi \u00dchekordselt kasutatav E-sigaret on oma uuendusliku disaini ja kasutajas\u00f5bralike funktsioonidega e-sigarettide maailmas revolutsiooni teinud. Ideaalne nii algajatele kui ka kogenud kasutajatele, pakub see e-sigareti pliiats suurep\u00e4rast veipimiskogemust, mis paistab silma tihedal e-sigarettide turul.<br \/>\n<img decoding=\"async\" class=\"alignnone wp-image-2151\" src=\"http:\/\/vapebulkp.com\/wp-content\/uploads\/2024\/04\/Mandy-WhatsApp-Randm.jpg\" alt=\"Mandy WhatsAppi tutvustus\" width=\"238\" height=\"253\" srcset=\"https:\/\/vapebulkp.com\/wp-content\/uploads\/2024\/04\/Mandy-WhatsApp-Randm.jpg 916w, https:\/\/vapebulkp.com\/wp-content\/uploads\/2024\/04\/Mandy-WhatsApp-Randm-282x300.jpg 282w, https:\/\/vapebulkp.com\/wp-content\/uploads\/2024\/04\/Mandy-WhatsApp-Randm-768x817.jpg 768w, https:\/\/vapebulkp.com\/wp-content\/uploads\/2024\/04\/Mandy-WhatsApp-Randm-600x638.jpg 600w\" sizes=\"(max-width: 238px) 100vw, 238px\" \/><\/p>\n<p>Soodushinna saamiseks v\u00f5tke \u00fchendust Mandy WhatsAppiga<a href=\"https:\/\/wa.me\/8618077105796\">+8618077105796<\/a><\/p>\n<p><span style=\"color: #ff0000\">M\u00c4RKUS: Meie veebisaidi hinnad ei sisalda saatmiskulusid<\/span><\/p>","protected":false},"featured_media":3092,"comment_status":"open","ping_status":"closed","template":"","meta":{"_uag_custom_page_level_css":"","_lmt_disableupdate":"no","_lmt_disable":"","site-sidebar-layout":"default","site-content-layout":"content-boxed-container","ast-site-content-layout":"normal-width-container","site-content-style":"boxed","site-sidebar-style":"unboxed","ast-global-header-display":"","ast-banner-title-visibility":"","ast-main-header-display":"","ast-hfb-above-header-display":"","ast-hfb-below-header-display":"","ast-hfb-mobile-header-display":"","site-post-title":"","ast-breadcrumbs-content":"","ast-featured-img":"","footer-sml-layout":"","theme-transparent-header-meta":"default","adv-header-id-meta":"","stick-header-meta":"","header-above-stick-meta":"","header-main-stick-meta":"","header-below-stick-meta":"","astra-migrate-meta-layouts":"set","_joinchat":[]},"product_cat":[162,153,155,33,59,100,34,158,157,154,152,58,84,156,63,32,368],"product_tag":[77,36,37,91,105,41,71,40],"class_list":["post-3087","product","type-product","status-publish","has-post-thumbnail","hentry","product_cat-20000-puffs-disposable-vape","product_cat-hot-disposable-vapes","product_cat-belgium-hot-disposable-vapes","product_cat-france-vape-hot-sale","product_cat-germany-hot-disposable-vape","product_cat-germany-wholesale-vape-shop","product_cat-netherlands-vape-good-sale","product_cat-norway-hot-disposable-vapes","product_cat-poland-hot-disposable-vapes","product_cat-portugal-hot-disposable-vapes","product_cat-spain-hot-disposable-vapes","product_cat-sweden-hot-disposable-vape","product_cat-sweden-wholesale-vape","product_cat-switzerland-hot-disposable-vapes","product_cat-top-sale-disposable-vape","product_cat-vape-hot-sale-this-week","product_cat-vapme-vape","product_tag-15000-puffs","product_tag-good-vape","product_tag-hot-sale-disposable-vape","product_tag-italy-hot-vape","product_tag-jnr","product_tag-poland-hot-vape","product_tag-randm","product_tag-sweden-hot-vape","pa_brand-vapme-vape","desktop-align-left","tablet-align-left","mobile-align-left"],"yoast_head":"<!-- This site is optimized with the Yoast SEO plugin v21.1 - https:\/\/yoast.com\/wordpress\/plugins\/seo\/ -->\n<title>Vapme Crystal Disposable Vape 20000 Puffs Big SMOK 2% Nicotine - vapebulkp.com<\/title>\n<meta name=\"description\" content=\"Buy the Vapme Crystal Disposable Vape 20000 Puffs \u2013 20,000 smooth puffs, 10+10 flavors, 2% nicotine. Fast EU shipping, sleek design, and ready for your daily vape. Grab your 20000 Puffs Disposable Vape now!\" \/>\n<meta name=\"robots\" content=\"index, follow, max-snippet:-1, max-image-preview:large, max-video-preview:-1\" \/>\n<link rel=\"canonical\" href=\"https:\/\/vapebulkp.com\/et\/toode\/vapme-crystal-disposable-vape-20000-puffs-big-smok-2-nicotine\/\" \/>\n<meta property=\"og:locale\" content=\"et_EE\" \/>\n<meta property=\"og:type\" content=\"article\" \/>\n<meta property=\"og:title\" content=\"Vapme Crystal Disposable Vape 20000 Puffs Big SMOK 2% Nicotine - vapebulkp.com\" \/>\n<meta property=\"og:description\" content=\"Buy the Vapme Crystal Disposable Vape 20000 Puffs \u2013 20,000 smooth puffs, 10+10 flavors, 2% nicotine. Fast EU shipping, sleek design, and ready for your daily vape. Grab your 20000 Puffs Disposable Vape now!\" \/>\n<meta property=\"og:url\" content=\"https:\/\/vapebulkp.com\/et\/toode\/vapme-crystal-disposable-vape-20000-puffs-big-smok-2-nicotine\/\" \/>\n<meta property=\"og:site_name\" content=\"vapebulkp.com\" \/>\n<meta property=\"article:modified_time\" content=\"2025-09-24T03:44:32+00:00\" \/>\n<meta property=\"og:image\" content=\"http:\/\/vapebulkp.com\/wp-content\/uploads\/2024\/10\/Vapme-Crystal-20000-Puffs-Long-last-puffs-Disposable-vape.png\" \/>\n\t<meta property=\"og:image:width\" content=\"3840\" \/>\n\t<meta property=\"og:image:height\" content=\"2152\" \/>\n\t<meta property=\"og:image:type\" content=\"image\/png\" \/>\n<meta name=\"twitter:card\" content=\"summary_large_image\" \/>\n<meta name=\"twitter:label1\" content=\"Est. reading time\" \/>\n\t<meta name=\"twitter:data1\" content=\"4 minutit\" \/>\n<script type=\"application\/ld+json\" class=\"yoast-schema-graph\">{\"@context\":\"https:\/\/schema.org\",\"@graph\":[{\"@type\":\"WebPage\",\"@id\":\"https:\/\/vapebulkp.com\/product\/vapme-crystal-disposable-vape-20000-puffs-big-smok-2-nicotine\/\",\"url\":\"https:\/\/vapebulkp.com\/product\/vapme-crystal-disposable-vape-20000-puffs-big-smok-2-nicotine\/\",\"name\":\"Vapme Crystal Disposable Vape 20000 Puffs Big SMOK 2% Nicotine - vapebulkp.com\",\"isPartOf\":{\"@id\":\"https:\/\/vapebulkp.com\/#website\"},\"datePublished\":\"2024-10-31T07:37:05+00:00\",\"dateModified\":\"2025-09-24T03:44:32+00:00\",\"description\":\"Buy the Vapme Crystal Disposable Vape 20000 Puffs \u2013 20,000 smooth puffs, 10+10 flavors, 2% nicotine. Fast EU shipping, sleek design, and ready for your daily vape. Grab your 20000 Puffs Disposable Vape now!\",\"breadcrumb\":{\"@id\":\"https:\/\/vapebulkp.com\/product\/vapme-crystal-disposable-vape-20000-puffs-big-smok-2-nicotine\/#breadcrumb\"},\"inLanguage\":\"et\",\"potentialAction\":[{\"@type\":\"ReadAction\",\"target\":[\"https:\/\/vapebulkp.com\/product\/vapme-crystal-disposable-vape-20000-puffs-big-smok-2-nicotine\/\"]}]},{\"@type\":\"BreadcrumbList\",\"@id\":\"https:\/\/vapebulkp.com\/product\/vapme-crystal-disposable-vape-20000-puffs-big-smok-2-nicotine\/#breadcrumb\",\"itemListElement\":[{\"@type\":\"ListItem\",\"position\":1,\"name\":\"Home\",\"item\":\"https:\/\/vapebulkp.com\/\"},{\"@type\":\"ListItem\",\"position\":2,\"name\":\"Hot Trend Vapes\",\"item\":\"https:\/\/vapebulkp.com\/vape-shop\/\"},{\"@type\":\"ListItem\",\"position\":3,\"name\":\"Vapme Crystal Disposable Vape 20000 Puffs Big SMOK 2% Nicotine\"}]},{\"@type\":\"WebSite\",\"@id\":\"https:\/\/vapebulkp.com\/#website\",\"url\":\"https:\/\/vapebulkp.com\/\",\"name\":\"vapebulkp.com\",\"description\":\"Buy Vape In Cheap Bulk Price Near you\",\"publisher\":{\"@id\":\"https:\/\/vapebulkp.com\/#organization\"},\"potentialAction\":[{\"@type\":\"SearchAction\",\"target\":{\"@type\":\"EntryPoint\",\"urlTemplate\":\"https:\/\/vapebulkp.com\/?s={search_term_string}\"},\"query-input\":\"required name=search_term_string\"}],\"inLanguage\":\"et\"},{\"@type\":\"Organization\",\"@id\":\"https:\/\/vapebulkp.com\/#organization\",\"name\":\"vapebulkp.com\",\"url\":\"https:\/\/vapebulkp.com\/\",\"logo\":{\"@type\":\"ImageObject\",\"inLanguage\":\"et\",\"@id\":\"https:\/\/vapebulkp.com\/#\/schema\/logo\/image\/\",\"url\":\"https:\/\/vapebulkp.com\/wp-content\/uploads\/2023\/09\/cropped-vapebulkp.png\",\"contentUrl\":\"https:\/\/vapebulkp.com\/wp-content\/uploads\/2023\/09\/cropped-vapebulkp.png\",\"width\":516,\"height\":163,\"caption\":\"vapebulkp.com\"},\"image\":{\"@id\":\"https:\/\/vapebulkp.com\/#\/schema\/logo\/image\/\"}}]}<\/script>\n<!-- \/ Yoast SEO plugin. -->","yoast_head_json":{"title":"Vapme Crystal Disposable Vape 20000 Puffs Big SMOK 2% Nicotine - vapebulkp.com","description":"Buy the Vapme Crystal Disposable Vape 20000 Puffs \u2013 20,000 smooth puffs, 10+10 flavors, 2% nicotine. Fast EU shipping, sleek design, and ready for your daily vape. Grab your 20000 Puffs Disposable Vape now!","robots":{"index":"index","follow":"follow","max-snippet":"max-snippet:-1","max-image-preview":"max-image-preview:large","max-video-preview":"max-video-preview:-1"},"canonical":"https:\/\/vapebulkp.com\/et\/toode\/vapme-crystal-disposable-vape-20000-puffs-big-smok-2-nicotine\/","og_locale":"et_EE","og_type":"article","og_title":"Vapme Crystal Disposable Vape 20000 Puffs Big SMOK 2% Nicotine - vapebulkp.com","og_description":"Buy the Vapme Crystal Disposable Vape 20000 Puffs \u2013 20,000 smooth puffs, 10+10 flavors, 2% nicotine. Fast EU shipping, sleek design, and ready for your daily vape. Grab your 20000 Puffs Disposable Vape now!","og_url":"https:\/\/vapebulkp.com\/et\/toode\/vapme-crystal-disposable-vape-20000-puffs-big-smok-2-nicotine\/","og_site_name":"vapebulkp.com","article_modified_time":"2025-09-24T03:44:32+00:00","og_image":[{"width":3840,"height":2152,"url":"http:\/\/vapebulkp.com\/wp-content\/uploads\/2024\/10\/Vapme-Crystal-20000-Puffs-Long-last-puffs-Disposable-vape.png","type":"image\/png"}],"twitter_card":"summary_large_image","twitter_misc":{"Est. reading time":"4 minutit"},"schema":{"@context":"https:\/\/schema.org","@graph":[{"@type":"WebPage","@id":"https:\/\/vapebulkp.com\/product\/vapme-crystal-disposable-vape-20000-puffs-big-smok-2-nicotine\/","url":"https:\/\/vapebulkp.com\/product\/vapme-crystal-disposable-vape-20000-puffs-big-smok-2-nicotine\/","name":"Vapme Crystal Disposable Vape 20000 Puffs Big SMOK 2% Nicotine - vapebulkp.com","isPartOf":{"@id":"https:\/\/vapebulkp.com\/#website"},"datePublished":"2024-10-31T07:37:05+00:00","dateModified":"2025-09-24T03:44:32+00:00","description":"Buy the Vapme Crystal Disposable Vape 20000 Puffs \u2013 20,000 smooth puffs, 10+10 flavors, 2% nicotine. Fast EU shipping, sleek design, and ready for your daily vape. Grab your 20000 Puffs Disposable Vape now!","breadcrumb":{"@id":"https:\/\/vapebulkp.com\/product\/vapme-crystal-disposable-vape-20000-puffs-big-smok-2-nicotine\/#breadcrumb"},"inLanguage":"et","potentialAction":[{"@type":"ReadAction","target":["https:\/\/vapebulkp.com\/product\/vapme-crystal-disposable-vape-20000-puffs-big-smok-2-nicotine\/"]}]},{"@type":"BreadcrumbList","@id":"https:\/\/vapebulkp.com\/product\/vapme-crystal-disposable-vape-20000-puffs-big-smok-2-nicotine\/#breadcrumb","itemListElement":[{"@type":"ListItem","position":1,"name":"Home","item":"https:\/\/vapebulkp.com\/"},{"@type":"ListItem","position":2,"name":"Hot Trend Vapes","item":"https:\/\/vapebulkp.com\/vape-shop\/"},{"@type":"ListItem","position":3,"name":"Vapme Crystal Disposable Vape 20000 Puffs Big SMOK 2% Nicotine"}]},{"@type":"WebSite","@id":"https:\/\/vapebulkp.com\/#website","url":"https:\/\/vapebulkp.com\/","name":"vapebulkp.com","description":"Buy Vape In Cheap Bulk Price Near you","publisher":{"@id":"https:\/\/vapebulkp.com\/#organization"},"potentialAction":[{"@type":"SearchAction","target":{"@type":"EntryPoint","urlTemplate":"https:\/\/vapebulkp.com\/?s={search_term_string}"},"query-input":"required name=search_term_string"}],"inLanguage":"et"},{"@type":"Organization","@id":"https:\/\/vapebulkp.com\/#organization","name":"vapebulkp.com","url":"https:\/\/vapebulkp.com\/","logo":{"@type":"ImageObject","inLanguage":"et","@id":"https:\/\/vapebulkp.com\/#\/schema\/logo\/image\/","url":"https:\/\/vapebulkp.com\/wp-content\/uploads\/2023\/09\/cropped-vapebulkp.png","contentUrl":"https:\/\/vapebulkp.com\/wp-content\/uploads\/2023\/09\/cropped-vapebulkp.png","width":516,"height":163,"caption":"vapebulkp.com"},"image":{"@id":"https:\/\/vapebulkp.com\/#\/schema\/logo\/image\/"}}]}},"uagb_featured_image_src":{"full":["https:\/\/vapebulkp.com\/wp-content\/uploads\/2024\/10\/Vapme-Crystal-20000-Puffs-Long-last-puffs-Disposable-vape.png",3840,2152,false],"thumbnail":["https:\/\/vapebulkp.com\/wp-content\/uploads\/2024\/10\/Vapme-Crystal-20000-Puffs-Long-last-puffs-Disposable-vape-150x150.png",150,150,true],"medium":["https:\/\/vapebulkp.com\/wp-content\/uploads\/2024\/10\/Vapme-Crystal-20000-Puffs-Long-last-puffs-Disposable-vape-300x168.png",300,168,true],"medium_large":["https:\/\/vapebulkp.com\/wp-content\/uploads\/2024\/10\/Vapme-Crystal-20000-Puffs-Long-last-puffs-Disposable-vape-768x430.png",768,430,true],"large":["https:\/\/vapebulkp.com\/wp-content\/uploads\/2024\/10\/Vapme-Crystal-20000-Puffs-Long-last-puffs-Disposable-vape-1024x574.png",1024,574,true],"1536x1536":["https:\/\/vapebulkp.com\/wp-content\/uploads\/2024\/10\/Vapme-Crystal-20000-Puffs-Long-last-puffs-Disposable-vape-1536x861.png",1536,861,true],"2048x2048":["https:\/\/vapebulkp.com\/wp-content\/uploads\/2024\/10\/Vapme-Crystal-20000-Puffs-Long-last-puffs-Disposable-vape-2048x1148.png",2048,1148,true],"trp-custom-language-flag":["https:\/\/vapebulkp.com\/wp-content\/uploads\/2024\/10\/Vapme-Crystal-20000-Puffs-Long-last-puffs-Disposable-vape.png",18,10,false],"woocommerce_thumbnail":["https:\/\/vapebulkp.com\/wp-content\/uploads\/2024\/10\/Vapme-Crystal-20000-Puffs-Long-last-puffs-Disposable-vape-300x300.png",300,300,true],"woocommerce_single":["https:\/\/vapebulkp.com\/wp-content\/uploads\/2024\/10\/Vapme-Crystal-20000-Puffs-Long-last-puffs-Disposable-vape-600x336.png",600,336,true],"woocommerce_gallery_thumbnail":["https:\/\/vapebulkp.com\/wp-content\/uploads\/2024\/10\/Vapme-Crystal-20000-Puffs-Long-last-puffs-Disposable-vape-100x100.png",100,100,true],"wcpr-photo-reviews":["https:\/\/vapebulkp.com\/wp-content\/uploads\/2024\/10\/Vapme-Crystal-20000-Puffs-Long-last-puffs-Disposable-vape.png",500,280,false]},"uagb_author_info":{"display_name":"Mandy vape bulk price","author_link":"https:\/\/vapebulkp.com\/et\/author\/"},"uagb_comment_info":0,"uagb_excerpt":"The Vapme Crystal 20000 Puffs Disposable Vape has revolutionized the world of vaping with its innovative design and user-friendly features. Perfect for both beginners and experienced users, this vape pen offers a superior vaping experience that stands out in the crowded vaping market. Pls Contact Mandy's WhatsApp For Discount Price+8618077105796 NOTE: Prices on our website&hellip;","_links":{"self":[{"href":"https:\/\/vapebulkp.com\/et\/wp-json\/wp\/v2\/product\/3087","targetHints":{"allow":["GET"]}}],"collection":[{"href":"https:\/\/vapebulkp.com\/et\/wp-json\/wp\/v2\/product"}],"about":[{"href":"https:\/\/vapebulkp.com\/et\/wp-json\/wp\/v2\/types\/product"}],"replies":[{"embeddable":true,"href":"https:\/\/vapebulkp.com\/et\/wp-json\/wp\/v2\/comments?post=3087"}],"wp:featuredmedia":[{"embeddable":true,"href":"https:\/\/vapebulkp.com\/et\/wp-json\/wp\/v2\/media\/3092"}],"wp:attachment":[{"href":"https:\/\/vapebulkp.com\/et\/wp-json\/wp\/v2\/media?parent=3087"}],"wp:term":[{"taxonomy":"product_cat","embeddable":true,"href":"https:\/\/vapebulkp.com\/et\/wp-json\/wp\/v2\/product_cat?post=3087"},{"taxonomy":"product_tag","embeddable":true,"href":"https:\/\/vapebulkp.com\/et\/wp-json\/wp\/v2\/product_tag?post=3087"}],"curies":[{"name":"wp","href":"https:\/\/api.w.org\/{rel}","templated":true}]}}