{"id":3158,"date":"2024-11-26T04:02:34","date_gmt":"2024-11-26T03:02:34","guid":{"rendered":"https:\/\/vapebulkp.com\/?post_type=product&#038;p=3158"},"modified":"2025-09-24T05:23:36","modified_gmt":"2025-09-24T03:23:36","slug":"vopk-ultra-30000-puffs-rgb-light-mesh-coil-rechargeable-vape-wholesale-price","status":"publish","type":"product","link":"https:\/\/vapebulkp.com\/et\/product\/vopk-ultra-30000-puffs-rgb-light-mesh-coil-rechargeable-vape-wholesale-price\/","title":{"rendered":"VOPK ULTRA 30000 Puffs RGB valgus, v\u00f5rgusilma, laetav vape, hulgihind"},"content":{"rendered":"<h2>VOPK ULTRA 30000 Puffs RGB valgus, v\u00f5rgusilma, laetav vape, hulgihind<\/h2>\n<p>&nbsp;<\/p>\n<p data-start=\"157\" data-end=\"505\">Veip <strong data-start=\"161\" data-end=\"187\">VOPK ULTRA 30000 suitsu<\/strong> on <strong data-start=\"193\" data-end=\"215\">suure mahutavusega vape<\/strong> disainitud eesti veipijatele, kes otsivad kauakestvat j\u00f5udlust ja esmaklassilist stiili. See <a href=\"https:\/\/vapebulkp.com\/et\/product-category\/30000-puff-disposable-vape\/\"><strong data-start=\"302\" data-end=\"333\">30000 pahvi \u00fchekordne vape<\/strong><\/a> kombineerib arenenud <strong data-start=\"352\" data-end=\"370\">v\u00f5rgusilma m\u00e4hisega vape'iga<\/strong> tehnoloogia 900mAh laetava akuga, pakkudes sujuvat, tihedat auru ja j\u00e4rjepidevat maitset esimesest pahvist viimaseni.<\/p>\n<p data-start=\"507\" data-end=\"813\">20ml esmaklassilise e-vedelikuga <strong data-start=\"542\" data-end=\"574\">laetav \u00fchekordselt kasutatav veip<\/strong> pakub pikemaid sessioone ilma katkestusteta, muutes selle ideaalseks igap\u00e4evaseks kasutamiseks v\u00f5i seltskondlikeks s\u00fcndmusteks. Selle ergonoomiline j\u00e4\u00e4tise kujuline korpus silikoonist pealispinnaga tagab mugavuse, samas kui erksad RGB tuled lisavad modernse ja pilkup\u00fc\u00fcdva disaini.<\/p>\n<p data-start=\"815\" data-end=\"1150\">Saadaval mitme nikotiinitugevusega, see <strong data-start=\"862\" data-end=\"884\">nikotiinisoola vape<\/strong> sobib erinevatele eelistustele, pakkudes rahuldust pakkuvat t\u00f5mmet nii algajatele kui ka kogenud kasutajatele. Sobides suurep\u00e4raselt hulgim\u00fc\u00fcgiks Eestis, <strong data-start=\"1018\" data-end=\"1050\">kauakestev \u00fchekordne veip\u00a0<\/strong> on kasumlik lisandus igale poele, \u00fchendades mugavuse, stiili ja tipptasemel tehnoloogia.<\/p>\n<p data-start=\"1152\" data-end=\"1372\">Uuenda oma laoseisu <strong data-start=\"1184\" data-end=\"1226\">VOPK ULTRA 30000 Puffs \u00dchekordse E-sigaretiga<\/strong>, mis on tipptasemel <strong data-start=\"1239\" data-end=\"1260\">hulgim\u00fc\u00fck vape EL<\/strong> valik, mis \u00fchendab laetavuse mugavuse, v\u00f5rgusilma (mesh) spiraali t\u00f5hususe ja esmaklassilise disaini Eestis asuvatele klientidele.<\/p>\n<p><img decoding=\"async\" class=\"alignnone wp-image-3152\" src=\"http:\/\/vapebulkp.com\/wp-content\/uploads\/2024\/11\/VOPK-ULTRA-30000-puffs-Display-Vape.jpg\" alt=\"VOPK ULTRA 30000 pahvi Ekraaniga Veip\" width=\"444\" height=\"444\" srcset=\"https:\/\/vapebulkp.com\/wp-content\/uploads\/2024\/11\/VOPK-ULTRA-30000-puffs-Display-Vape.jpg 800w, https:\/\/vapebulkp.com\/wp-content\/uploads\/2024\/11\/VOPK-ULTRA-30000-puffs-Display-Vape-300x300.jpg 300w, https:\/\/vapebulkp.com\/wp-content\/uploads\/2024\/11\/VOPK-ULTRA-30000-puffs-Display-Vape-150x150.jpg 150w, https:\/\/vapebulkp.com\/wp-content\/uploads\/2024\/11\/VOPK-ULTRA-30000-puffs-Display-Vape-768x768.jpg 768w, https:\/\/vapebulkp.com\/wp-content\/uploads\/2024\/11\/VOPK-ULTRA-30000-puffs-Display-Vape-600x600.jpg 600w, https:\/\/vapebulkp.com\/wp-content\/uploads\/2024\/11\/VOPK-ULTRA-30000-puffs-Display-Vape-100x100.jpg 100w\" sizes=\"(max-width: 444px) 100vw, 444px\" \/><\/p>\n<h6 style=\"text-align: left\"><\/h6>\n<p>&nbsp;<\/p>\n<h6>Soodushinna saamiseks v\u00f5tke \u00fchendust Mandy WhatsAppiga<a href=\"https:\/\/wa.me\/8618077105796\">+8618077105796<\/a><\/h6>\n<p><img decoding=\"async\" class=\"alignnone wp-image-2151\" src=\"http:\/\/vapebulkp.com\/wp-content\/uploads\/2024\/04\/Mandy-WhatsApp-Randm.jpg\" alt=\"Mandy WhatsAppi tutvustus\" width=\"263\" height=\"280\" srcset=\"https:\/\/vapebulkp.com\/wp-content\/uploads\/2024\/04\/Mandy-WhatsApp-Randm.jpg 916w, https:\/\/vapebulkp.com\/wp-content\/uploads\/2024\/04\/Mandy-WhatsApp-Randm-282x300.jpg 282w, https:\/\/vapebulkp.com\/wp-content\/uploads\/2024\/04\/Mandy-WhatsApp-Randm-768x817.jpg 768w, https:\/\/vapebulkp.com\/wp-content\/uploads\/2024\/04\/Mandy-WhatsApp-Randm-600x638.jpg 600w\" sizes=\"(max-width: 263px) 100vw, 263px\" \/><\/p>\n<p>&nbsp;<\/p>\n<h2><strong>KKK VOPK ULTRA 30000 Puffs RGB Light Mesh Coil Laetava E-sigareti kohta<\/strong><\/h2>\n<p><strong>1. Mitu pahvi VOPK ULTRA 30000 pakub?<\/strong><br \/>\nVOPK ULTRA 30K Puff annab muljetavaldavad <strong>30 000 pahvi<\/strong>, pakkudes kauakestvat kasutust pikemaks nautimiseks.<\/p>\n<p><strong>2. Millist t\u00fc\u00fcpi spiraali VOPK ULTRA Vape 30k Puffs kasutab?<\/strong><br \/>\nSellel on <strong>1.0 Oomi v\u00f5rkspiraal<\/strong>, tagades sujuva auru tootmise ja rikkaliku, \u00fchtlase maitse.<\/p>\n<p><strong>3. Kui palju e-vedelikku VOPK ULTRA \u00fchekordne veip sisaldab?<\/strong><br \/>\nSeadmel on <strong>20ML e-vedeliku maht<\/strong>, minimeerides sagedaste t\u00e4itmiste vajaduse.<\/p>\n<p><strong>4. Mida VOPK ULTRA disainis unikaalset on?<\/strong><br \/>\nVeibil on <strong>j\u00e4\u00e4tise-kujuline disain<\/strong> koos <strong>pealmine silikoonkate<\/strong> vastupidavuse ja stiilse v\u00e4limuse tagamiseks. Lisaks, on <strong>RGB valgusfunktsioon<\/strong> lisab d\u00fcnaamilist visuaalset atraktiivsust.<\/p>\n<p><strong>5. Kas VOPK ULTRA 30k puff veip on hulgim\u00fc\u00fcgiks sobilik?<\/strong><br \/>\nAbsoluutselt! See on saadaval <strong>hulgihindadega<\/strong>, mis teeb selle ideaalseks jaem\u00fc\u00fcjatele, kes otsivad esmaklassilist toodet konkurentsiv\u00f5imeliste hindadega.<\/p>\n<p><strong>6. Kust ma saan osta VOPK ULTRA 30000 Puffs Big Puff Veipi?<\/strong><br \/>\nSelle leiate juhtivatest edasim\u00fc\u00fcjatest nagu <strong>Vapebulkp<\/strong>, pakkudes usaldusv\u00e4\u00e4rset teenust ja suurep\u00e4raseid pakkumisi.<\/p>\n<h4><\/h4>\n<h4>Miks osta <strong>VOPK ULTRA 30k Puffs \u00fchekordselt kasutatav e-sigaret<\/strong> at <a href=\"https:\/\/vapebulkp.com\/et\/\">Vapebulkp<\/a>?<\/h4>\n<p>Veip <strong>VOPK ULTRA 30000 Puffs LCD e-sigaret<\/strong> paistab silma kui parim veipimislahendus neile, kes otsivad j\u00f5udlust, stiili ja v\u00e4\u00e4rtust. Saadaval <a href=\"https:\/\/vapebulkp.com\/et\/\"><strong>Vapebulkp<\/strong><\/a>, see seade \u00fchendab tipptasemel funktsioonid konkurentsiv\u00f5imelise hulgihinnaga, muutes selle parimaks valikuks nii jaem\u00fc\u00fcjatele kui ka veipijatele. Siin on p\u00f5hjus, miks peaksite selle valima:<\/p>\n<ol>\n<li style=\"list-style-type: none\">\n<ol>\n<li><strong>Erakordne pikaealisus<\/strong> \u2013 Koos <strong>30 000 pahvi<\/strong>, see sobib ideaalselt pikaajaliseks kasutamiseks, v\u00e4hendades sagedaste asendamiste vajadust.<\/li>\n<li><strong>T\u00e4iustatud v\u00f5rgusilma m\u00e4his<\/strong> \u2013 <strong>1.0 Oomi v\u00f5rkspiraal<\/strong> tagab suurep\u00e4rase aurutootmise ning rikkaliku ja j\u00e4rjepideva maitse.<\/li>\n<li><strong>Suur e-vedeliku maht<\/strong> \u2013 <strong>20 ml paak<\/strong> tagab harvema t\u00e4itmise, pakkudes muretut veipimiskogemust.<\/li>\n<li><strong>Taaslaetav disain<\/strong> \u2013 <strong>900 mAh aku<\/strong> kiire laadimisv\u00f5imalusega lisab mugavust ja keskkonnas\u00f5bralikkust.<\/li>\n<li><strong>Stiilne j\u00e4\u00e4tisekujuline disain<\/strong> \u2013 Ergonoomiline ja l\u00f5bus disain on kombineeritud <strong>silikoonkattega<\/strong> vastupidavuse ja mugavuse tagamiseks.<\/li>\n<li><strong>D\u00fcnaamilised RGB tuled<\/strong> \u2013 Elav valgustus lisab isikup\u00e4ra, muutes selle vestluse alustajaks.<\/li>\n<li><strong>Hulgim\u00fc\u00fcgi eelis<\/strong> \u2013 Vapebulkp pakub \u00fcletamatut hinnakujundust, mis v\u00f5imaldab teil esmaklassilisi tooteid soodsalt varuda.<\/li>\n<\/ol>\n<\/li>\n<\/ol>\n<h3>Odava hinna p\u00f5hiomadused <strong>VOPK Vapes ULTRA 30000 suitsu<\/strong>:<\/h3>\n<ol>\n<li><strong>30 000 pahvi<\/strong> \u2013 Pakub kauakestvat veipimiskogemust kuni 30 000 pahviga.<\/li>\n<li><strong>1.0 Oomi v\u00f5rkspiraal<\/strong> \u2013 Tagab sujuva ja j\u00e4rjepideva aurutootmise, et parandada maitset ja kurgutabamust.<\/li>\n<li><strong>20ML e-vedeliku maht<\/strong> \u2013 Suur e-vedeliku reservuaar pikemaks kasutamiseks ilma sagedase t\u00e4itmisvajaduseta.<\/li>\n<li><strong>900mAh laetav aku<\/strong> \u2013 Usaldusv\u00e4\u00e4rne ja kauakestev aku \u00fchtlaseks toimimiseks seadme kogu eluea jooksul.<\/li>\n<li><strong>J\u00e4\u00e4tise kuju disain<\/strong> \u2013 Ainulaadne ja stiilne disain l\u00f5busaks ja ergonoomiliseks tunnetuseks.<\/li>\n<li><strong>\u00dclemine silikoonkate<\/strong> \u2013 Vastupidav silikoonist \u00fclaosa lisakaitseks ja mugavuseks.<\/li>\n<li><strong>RGB valgus<\/strong> \u2013 Mitmev\u00e4rviline RGB valgus lisab aurusti seadmele d\u00fcnaamilise ja pilkup\u00fc\u00fcdva elemendi.<\/li>\n<li><strong>Laetav<\/strong> \u2013 Laetav funktsioon muudab selle \u00fchekordsete seadmetega v\u00f5rreldes keskkonnas\u00f5bralikumaks ja kulut\u00f5husamaks.<\/li>\n<\/ol>\n<h3><strong>VOPK Vape ULTRA 30000 Pahvi <\/strong><strong>Maitsete nimekiri:<\/strong><\/h3>\n<p>1.Maasika arbuus\/Kiivi kannatuslill guaavaga<br \/>\n2.Mustika vaarikas\/Virsiku mango arbuus<br \/>\n3.Sinine vaarikas kummikaru\/Maasika kiivi<br \/>\n4.Sinine vaarikas kirss\/Maasika vaarikas<br \/>\n5.Gaseeritud sidrun<br \/>\n6.Arbuusi j\u00e4\u00e4\/Sinise vaarika j\u00e4\u00e4<br \/>\n7.Sinine Razz Ananass \/Kolmik Mango<br \/>\n8.Viinamarja Marjaplahvatus \/pirni \u00d5una Vaarikas<br \/>\n9.Maasika J\u00f5hvika Kirss\/Ananassi Passioni Laim<br \/>\n10.Mustika Maasika Mentool\/Mustika Vaarika Mentool<\/p>\n<p><span style=\"vertical-align: inherit\">Leia rohkem tooteid, mis sulle meeldida v\u00f5iksid:<\/span><em><a href=\"https:\/\/wa.me\/8618077105796\"><span style=\"vertical-align: inherit\">\u00a0Osta kohe<\/span><\/a><\/em><\/p>\n<p><span style=\"vertical-align: inherit\">Teised e-sigaretid, mis sulle meeldida v\u00f5ivad:<\/span><\/p>\n<p><a href=\"https:\/\/vapebulkp.com\/et\/product\/wholesale-randm-tornado-9000-puffs-germany\/\"><span style=\"vertical-align: inherit\">RandM Tornado 9000 Mahvi<\/span><\/a><span style=\"vertical-align: inherit\">\u2014K\u00f5ige populaarseima e-sigaretina pakub Randm 9000 mahvi, mida saad nautida.<\/span><\/p>\n<p><a href=\"https:\/\/vapebulkp.com\/et\/product\/bang-20000-puffs-hot-vape-top-sale-vape\/\"><span style=\"vertical-align: inherit\">Bang 20000 t\u00f5mmet<\/span><\/a><span style=\"vertical-align: inherit\">\u2014Bang King on populaarne kaubam\u00e4rk unikaalsete mudelite ja 20000 t\u00f5mbega<\/span><\/p>\n<p><span style=\"vertical-align: inherit\">Erilise kujuga e-sigareti pudel:<\/span><a href=\"https:\/\/vapebulkp.com\/et\/product\/fumot-tornado-25k-puffs-cheap-price-disposable-vape\/\"><span style=\"vertical-align: inherit\">Fumot Tornado 25000 t\u00f5mmet<\/span><\/a><span style=\"vertical-align: inherit\">\/ <\/span><a href=\"https:\/\/vapebulkp.com\/et\/product\/vapme-crystal-7000-puffs-original-vape-good-flavor\/\"><span style=\"vertical-align: inherit\">Crystal 7000 mahvi<\/span><\/a><span style=\"vertical-align: inherit\">\/<\/span><\/p>\n<p><a href=\"https:\/\/vapebulkp.com\/et\/product\/waspe-vape-40000-puff-fihp-double-flavour-disposable-vape\/\">\u00a0WASPE FIHP 40000 Mahvi Originaal E-sigaret<\/a><\/p>\n<p><a href=\"https:\/\/vapebulkp.com\/et\/product\/jnr-vape-mega-box-25000-puff-discount-price-vape-pods\/\">\u00a0JNR MEGA BOX 25K MAHV<\/a><\/p>\n<h4>Saatmisinfo:<\/h4>\n<p><span style=\"color: #ff6600\">Tootmisaeg: 5-10 t\u00f6\u00f6p\u00e4eva<\/span><br \/>\n<span style=\"color: #ff6600\">Saatmisaeg: 8-14 t\u00f6\u00f6p\u00e4eva<\/span><\/p>\n<p>K\u00f5ik meie poe tooted on 100% originaalsed ja autentsed, seega on v\u00f5ltsitud kaupade eest k\u00fcmnekordne h\u00fcvitis meie poe poliitika. Kasutame kaupade teile tarnimiseks logistikakanaleid nagu UPS\/DHL\/FEDEX\/DPD.<\/p>\n<p>Eestisse saadetud pakkide kohalej\u00f5udmine v\u00f5tab tavaliselt aega 10 t\u00f6\u00f6p\u00e4eva. Euroopa riikidesse saatmine v\u00f5tab tavaliselt aega 12 kuni 15 t\u00f6\u00f6p\u00e4eva. Uuendame logistikainfot teie jaoks reaalajas.<\/p>","protected":false},"excerpt":{"rendered":"<p>VOPK ULTRA 30000 Puffs E-sigaret 20ML e-vedeliku, 1.0 Oomi v\u00f5rgusilma (mesh) spiraali, 900mAh aku, RGB tulede, silikoonist katte ja stiilse j\u00e4\u00e4tise kuju hulgim\u00fc\u00fcgihindadega!<\/p>\n<p><img decoding=\"async\" class=\"alignnone wp-image-2151\" src=\"http:\/\/vapebulkp.com\/wp-content\/uploads\/2024\/04\/Mandy-WhatsApp-Randm.jpg\" alt=\"Mandy WhatsAppi tutvustus\" width=\"238\" height=\"253\" srcset=\"https:\/\/vapebulkp.com\/wp-content\/uploads\/2024\/04\/Mandy-WhatsApp-Randm.jpg 916w, https:\/\/vapebulkp.com\/wp-content\/uploads\/2024\/04\/Mandy-WhatsApp-Randm-282x300.jpg 282w, https:\/\/vapebulkp.com\/wp-content\/uploads\/2024\/04\/Mandy-WhatsApp-Randm-768x817.jpg 768w, https:\/\/vapebulkp.com\/wp-content\/uploads\/2024\/04\/Mandy-WhatsApp-Randm-600x638.jpg 600w\" sizes=\"(max-width: 238px) 100vw, 238px\" \/><\/p>\n<p>Soodushinna saamiseks v\u00f5tke \u00fchendust Mandy WhatsAppiga<a href=\"https:\/\/wa.me\/8618077105796\">+8618077105796<\/a><\/p>\n<p><span style=\"color: #ff0000\">M\u00c4RKUS: Meie veebisaidi hinnad ei sisalda saatmiskulusid<\/span><\/p>","protected":false},"featured_media":3151,"comment_status":"open","ping_status":"closed","template":"","meta":{"_uag_custom_page_level_css":"","_lmt_disableupdate":"no","_lmt_disable":"","site-sidebar-layout":"default","site-content-layout":"content-boxed-container","ast-site-content-layout":"normal-width-container","site-content-style":"boxed","site-sidebar-style":"unboxed","ast-global-header-display":"","ast-banner-title-visibility":"","ast-main-header-display":"","ast-hfb-above-header-display":"","ast-hfb-below-header-display":"","ast-hfb-mobile-header-display":"","site-post-title":"","ast-breadcrumbs-content":"","ast-featured-img":"","footer-sml-layout":"","theme-transparent-header-meta":"default","adv-header-id-meta":"","stick-header-meta":"","header-above-stick-meta":"","header-main-stick-meta":"","header-below-stick-meta":"","astra-migrate-meta-layouts":"set","_joinchat":[]},"product_cat":[160,153,155,33,59,100,87,34,158,157,154,152,58,84,156,63,32,363],"product_tag":[36,37,91,127,41,40,185],"class_list":["post-3158","product","type-product","status-publish","has-post-thumbnail","hentry","product_cat-30000-puff-disposable-vape","product_cat-hot-disposable-vapes","product_cat-belgium-hot-disposable-vapes","product_cat-france-vape-hot-sale","product_cat-germany-hot-disposable-vape","product_cat-germany-wholesale-vape-shop","product_cat-minimum-order-quantity-50pcs","product_cat-netherlands-vape-good-sale","product_cat-norway-hot-disposable-vapes","product_cat-poland-hot-disposable-vapes","product_cat-portugal-hot-disposable-vapes","product_cat-spain-hot-disposable-vapes","product_cat-sweden-hot-disposable-vape","product_cat-sweden-wholesale-vape","product_cat-switzerland-hot-disposable-vapes","product_cat-top-sale-disposable-vape","product_cat-vape-hot-sale-this-week","product_cat-vopk-vape","product_tag-good-vape","product_tag-hot-sale-disposable-vape","product_tag-italy-hot-vape","product_tag-original-vape-inr-shisha","product_tag-poland-hot-vape","product_tag-sweden-hot-vape","product_tag-vopk-vape","pa_brand-vopk-vape","desktop-align-left","tablet-align-left","mobile-align-left"],"yoast_head":"<!-- This site is optimized with the Yoast SEO plugin v21.1 - https:\/\/yoast.com\/wordpress\/plugins\/seo\/ -->\n<title>VOPK ULTRA 30000 Puffs RGB Light Mesh Coil Rechargeable Vape Wholesale Price - vapebulkp.com<\/title>\n<meta name=\"description\" content=\"VOPK ULTRA 30000 Puffs RGB Light Mesh Coil Rechargeable Vape Wholesale Price with a 1.0 Ohm Mesh Coil, 20ML e-liquid, rechargeable 900mAh battery, ice cream design, RGB lights, and top silicone cover!\" \/>\n<meta name=\"robots\" content=\"index, follow, max-snippet:-1, max-image-preview:large, max-video-preview:-1\" \/>\n<link rel=\"canonical\" href=\"https:\/\/vapebulkp.com\/et\/product\/vopk-ultra-30000-puffs-rgb-light-mesh-coil-rechargeable-vape-wholesale-price\/\" \/>\n<meta property=\"og:locale\" content=\"et_EE\" \/>\n<meta property=\"og:type\" content=\"article\" \/>\n<meta property=\"og:title\" content=\"VOPK ULTRA 30000 Puffs RGB Light Mesh Coil Rechargeable Vape Wholesale Price - vapebulkp.com\" \/>\n<meta property=\"og:description\" content=\"VOPK ULTRA 30000 Puffs RGB Light Mesh Coil Rechargeable Vape Wholesale Price with a 1.0 Ohm Mesh Coil, 20ML e-liquid, rechargeable 900mAh battery, ice cream design, RGB lights, and top silicone cover!\" \/>\n<meta property=\"og:url\" content=\"https:\/\/vapebulkp.com\/et\/product\/vopk-ultra-30000-puffs-rgb-light-mesh-coil-rechargeable-vape-wholesale-price\/\" \/>\n<meta property=\"og:site_name\" content=\"vapebulkp.com\" \/>\n<meta property=\"article:modified_time\" content=\"2025-09-24T03:23:36+00:00\" \/>\n<meta property=\"og:image\" content=\"http:\/\/vapebulkp.com\/wp-content\/uploads\/2024\/11\/VOPK-ULTRA-30000-puffs-Big-Puffs.jpg\" \/>\n\t<meta property=\"og:image:width\" content=\"800\" \/>\n\t<meta property=\"og:image:height\" content=\"800\" \/>\n\t<meta property=\"og:image:type\" content=\"image\/jpeg\" \/>\n<meta name=\"twitter:card\" content=\"summary_large_image\" \/>\n<meta name=\"twitter:label1\" content=\"Est. reading time\" \/>\n\t<meta name=\"twitter:data1\" content=\"5 minutit\" \/>\n<script type=\"application\/ld+json\" class=\"yoast-schema-graph\">{\"@context\":\"https:\/\/schema.org\",\"@graph\":[{\"@type\":\"WebPage\",\"@id\":\"https:\/\/vapebulkp.com\/product\/vopk-ultra-30000-puffs-rgb-light-mesh-coil-rechargeable-vape-wholesale-price\/\",\"url\":\"https:\/\/vapebulkp.com\/product\/vopk-ultra-30000-puffs-rgb-light-mesh-coil-rechargeable-vape-wholesale-price\/\",\"name\":\"VOPK ULTRA 30000 Puffs RGB Light Mesh Coil Rechargeable Vape Wholesale Price - vapebulkp.com\",\"isPartOf\":{\"@id\":\"https:\/\/vapebulkp.com\/#website\"},\"datePublished\":\"2024-11-26T03:02:34+00:00\",\"dateModified\":\"2025-09-24T03:23:36+00:00\",\"description\":\"VOPK ULTRA 30000 Puffs RGB Light Mesh Coil Rechargeable Vape Wholesale Price with a 1.0 Ohm Mesh Coil, 20ML e-liquid, rechargeable 900mAh battery, ice cream design, RGB lights, and top silicone cover!\",\"breadcrumb\":{\"@id\":\"https:\/\/vapebulkp.com\/product\/vopk-ultra-30000-puffs-rgb-light-mesh-coil-rechargeable-vape-wholesale-price\/#breadcrumb\"},\"inLanguage\":\"et\",\"potentialAction\":[{\"@type\":\"ReadAction\",\"target\":[\"https:\/\/vapebulkp.com\/product\/vopk-ultra-30000-puffs-rgb-light-mesh-coil-rechargeable-vape-wholesale-price\/\"]}]},{\"@type\":\"BreadcrumbList\",\"@id\":\"https:\/\/vapebulkp.com\/product\/vopk-ultra-30000-puffs-rgb-light-mesh-coil-rechargeable-vape-wholesale-price\/#breadcrumb\",\"itemListElement\":[{\"@type\":\"ListItem\",\"position\":1,\"name\":\"Home\",\"item\":\"https:\/\/vapebulkp.com\/\"},{\"@type\":\"ListItem\",\"position\":2,\"name\":\"Hot Trend Vapes\",\"item\":\"https:\/\/vapebulkp.com\/vape-shop\/\"},{\"@type\":\"ListItem\",\"position\":3,\"name\":\"VOPK ULTRA 30000 Puffs RGB Light Mesh Coil Rechargeable Vape Wholesale Price\"}]},{\"@type\":\"WebSite\",\"@id\":\"https:\/\/vapebulkp.com\/#website\",\"url\":\"https:\/\/vapebulkp.com\/\",\"name\":\"vapebulkp.com\",\"description\":\"Buy Vape In Cheap Bulk Price Near you\",\"publisher\":{\"@id\":\"https:\/\/vapebulkp.com\/#organization\"},\"potentialAction\":[{\"@type\":\"SearchAction\",\"target\":{\"@type\":\"EntryPoint\",\"urlTemplate\":\"https:\/\/vapebulkp.com\/?s={search_term_string}\"},\"query-input\":\"required name=search_term_string\"}],\"inLanguage\":\"et\"},{\"@type\":\"Organization\",\"@id\":\"https:\/\/vapebulkp.com\/#organization\",\"name\":\"vapebulkp.com\",\"url\":\"https:\/\/vapebulkp.com\/\",\"logo\":{\"@type\":\"ImageObject\",\"inLanguage\":\"et\",\"@id\":\"https:\/\/vapebulkp.com\/#\/schema\/logo\/image\/\",\"url\":\"https:\/\/vapebulkp.com\/wp-content\/uploads\/2023\/09\/cropped-vapebulkp.png\",\"contentUrl\":\"https:\/\/vapebulkp.com\/wp-content\/uploads\/2023\/09\/cropped-vapebulkp.png\",\"width\":516,\"height\":163,\"caption\":\"vapebulkp.com\"},\"image\":{\"@id\":\"https:\/\/vapebulkp.com\/#\/schema\/logo\/image\/\"}}]}<\/script>\n<!-- \/ Yoast SEO plugin. -->","yoast_head_json":{"title":"VOPK ULTRA 30000 Puffs RGB Light Mesh Coil Rechargeable Vape Wholesale Price - vapebulkp.com","description":"VOPK ULTRA 30000 Puffs RGB Light Mesh Coil Rechargeable Vape Wholesale Price with a 1.0 Ohm Mesh Coil, 20ML e-liquid, rechargeable 900mAh battery, ice cream design, RGB lights, and top silicone cover!","robots":{"index":"index","follow":"follow","max-snippet":"max-snippet:-1","max-image-preview":"max-image-preview:large","max-video-preview":"max-video-preview:-1"},"canonical":"https:\/\/vapebulkp.com\/et\/product\/vopk-ultra-30000-puffs-rgb-light-mesh-coil-rechargeable-vape-wholesale-price\/","og_locale":"et_EE","og_type":"article","og_title":"VOPK ULTRA 30000 Puffs RGB Light Mesh Coil Rechargeable Vape Wholesale Price - vapebulkp.com","og_description":"VOPK ULTRA 30000 Puffs RGB Light Mesh Coil Rechargeable Vape Wholesale Price with a 1.0 Ohm Mesh Coil, 20ML e-liquid, rechargeable 900mAh battery, ice cream design, RGB lights, and top silicone cover!","og_url":"https:\/\/vapebulkp.com\/et\/product\/vopk-ultra-30000-puffs-rgb-light-mesh-coil-rechargeable-vape-wholesale-price\/","og_site_name":"vapebulkp.com","article_modified_time":"2025-09-24T03:23:36+00:00","og_image":[{"width":800,"height":800,"url":"http:\/\/vapebulkp.com\/wp-content\/uploads\/2024\/11\/VOPK-ULTRA-30000-puffs-Big-Puffs.jpg","type":"image\/jpeg"}],"twitter_card":"summary_large_image","twitter_misc":{"Est. reading time":"5 minutit"},"schema":{"@context":"https:\/\/schema.org","@graph":[{"@type":"WebPage","@id":"https:\/\/vapebulkp.com\/product\/vopk-ultra-30000-puffs-rgb-light-mesh-coil-rechargeable-vape-wholesale-price\/","url":"https:\/\/vapebulkp.com\/product\/vopk-ultra-30000-puffs-rgb-light-mesh-coil-rechargeable-vape-wholesale-price\/","name":"VOPK ULTRA 30000 Puffs RGB Light Mesh Coil Rechargeable Vape Wholesale Price - vapebulkp.com","isPartOf":{"@id":"https:\/\/vapebulkp.com\/#website"},"datePublished":"2024-11-26T03:02:34+00:00","dateModified":"2025-09-24T03:23:36+00:00","description":"VOPK ULTRA 30000 Puffs RGB Light Mesh Coil Rechargeable Vape Wholesale Price with a 1.0 Ohm Mesh Coil, 20ML e-liquid, rechargeable 900mAh battery, ice cream design, RGB lights, and top silicone cover!","breadcrumb":{"@id":"https:\/\/vapebulkp.com\/product\/vopk-ultra-30000-puffs-rgb-light-mesh-coil-rechargeable-vape-wholesale-price\/#breadcrumb"},"inLanguage":"et","potentialAction":[{"@type":"ReadAction","target":["https:\/\/vapebulkp.com\/product\/vopk-ultra-30000-puffs-rgb-light-mesh-coil-rechargeable-vape-wholesale-price\/"]}]},{"@type":"BreadcrumbList","@id":"https:\/\/vapebulkp.com\/product\/vopk-ultra-30000-puffs-rgb-light-mesh-coil-rechargeable-vape-wholesale-price\/#breadcrumb","itemListElement":[{"@type":"ListItem","position":1,"name":"Home","item":"https:\/\/vapebulkp.com\/"},{"@type":"ListItem","position":2,"name":"Hot Trend Vapes","item":"https:\/\/vapebulkp.com\/vape-shop\/"},{"@type":"ListItem","position":3,"name":"VOPK ULTRA 30000 Puffs RGB Light Mesh Coil Rechargeable Vape Wholesale Price"}]},{"@type":"WebSite","@id":"https:\/\/vapebulkp.com\/#website","url":"https:\/\/vapebulkp.com\/","name":"vapebulkp.com","description":"Buy Vape In Cheap Bulk Price Near you","publisher":{"@id":"https:\/\/vapebulkp.com\/#organization"},"potentialAction":[{"@type":"SearchAction","target":{"@type":"EntryPoint","urlTemplate":"https:\/\/vapebulkp.com\/?s={search_term_string}"},"query-input":"required name=search_term_string"}],"inLanguage":"et"},{"@type":"Organization","@id":"https:\/\/vapebulkp.com\/#organization","name":"vapebulkp.com","url":"https:\/\/vapebulkp.com\/","logo":{"@type":"ImageObject","inLanguage":"et","@id":"https:\/\/vapebulkp.com\/#\/schema\/logo\/image\/","url":"https:\/\/vapebulkp.com\/wp-content\/uploads\/2023\/09\/cropped-vapebulkp.png","contentUrl":"https:\/\/vapebulkp.com\/wp-content\/uploads\/2023\/09\/cropped-vapebulkp.png","width":516,"height":163,"caption":"vapebulkp.com"},"image":{"@id":"https:\/\/vapebulkp.com\/#\/schema\/logo\/image\/"}}]}},"uagb_featured_image_src":{"full":["https:\/\/vapebulkp.com\/wp-content\/uploads\/2024\/11\/VOPK-ULTRA-30000-puffs-Big-Puffs.jpg",800,800,false],"thumbnail":["https:\/\/vapebulkp.com\/wp-content\/uploads\/2024\/11\/VOPK-ULTRA-30000-puffs-Big-Puffs-150x150.jpg",150,150,true],"medium":["https:\/\/vapebulkp.com\/wp-content\/uploads\/2024\/11\/VOPK-ULTRA-30000-puffs-Big-Puffs-300x300.jpg",300,300,true],"medium_large":["https:\/\/vapebulkp.com\/wp-content\/uploads\/2024\/11\/VOPK-ULTRA-30000-puffs-Big-Puffs-768x768.jpg",768,768,true],"large":["https:\/\/vapebulkp.com\/wp-content\/uploads\/2024\/11\/VOPK-ULTRA-30000-puffs-Big-Puffs.jpg",800,800,false],"1536x1536":["https:\/\/vapebulkp.com\/wp-content\/uploads\/2024\/11\/VOPK-ULTRA-30000-puffs-Big-Puffs.jpg",800,800,false],"2048x2048":["https:\/\/vapebulkp.com\/wp-content\/uploads\/2024\/11\/VOPK-ULTRA-30000-puffs-Big-Puffs.jpg",800,800,false],"trp-custom-language-flag":["https:\/\/vapebulkp.com\/wp-content\/uploads\/2024\/11\/VOPK-ULTRA-30000-puffs-Big-Puffs.jpg",12,12,false],"woocommerce_thumbnail":["https:\/\/vapebulkp.com\/wp-content\/uploads\/2024\/11\/VOPK-ULTRA-30000-puffs-Big-Puffs-300x300.jpg",300,300,true],"woocommerce_single":["https:\/\/vapebulkp.com\/wp-content\/uploads\/2024\/11\/VOPK-ULTRA-30000-puffs-Big-Puffs-600x600.jpg",600,600,true],"woocommerce_gallery_thumbnail":["https:\/\/vapebulkp.com\/wp-content\/uploads\/2024\/11\/VOPK-ULTRA-30000-puffs-Big-Puffs-100x100.jpg",100,100,true],"wcpr-photo-reviews":["https:\/\/vapebulkp.com\/wp-content\/uploads\/2024\/11\/VOPK-ULTRA-30000-puffs-Big-Puffs.jpg",500,500,false]},"uagb_author_info":{"display_name":"Mandy vape bulk price","author_link":"https:\/\/vapebulkp.com\/et\/author\/"},"uagb_comment_info":0,"uagb_excerpt":"VOPK ULTRA 30000 Puffs Vape with 20ML e-liquid, 1.0 Ohm Mesh Coil, 900mAh battery, RGB lights, silicone cover, and stylish ice cream shape at wholesale prices! Pls Contact Mandy's WhatsApp For Discount Price+8618077105796 NOTE: Prices on our website does not include shipping costs","_links":{"self":[{"href":"https:\/\/vapebulkp.com\/et\/wp-json\/wp\/v2\/product\/3158","targetHints":{"allow":["GET"]}}],"collection":[{"href":"https:\/\/vapebulkp.com\/et\/wp-json\/wp\/v2\/product"}],"about":[{"href":"https:\/\/vapebulkp.com\/et\/wp-json\/wp\/v2\/types\/product"}],"replies":[{"embeddable":true,"href":"https:\/\/vapebulkp.com\/et\/wp-json\/wp\/v2\/comments?post=3158"}],"wp:featuredmedia":[{"embeddable":true,"href":"https:\/\/vapebulkp.com\/et\/wp-json\/wp\/v2\/media\/3151"}],"wp:attachment":[{"href":"https:\/\/vapebulkp.com\/et\/wp-json\/wp\/v2\/media?parent=3158"}],"wp:term":[{"taxonomy":"product_cat","embeddable":true,"href":"https:\/\/vapebulkp.com\/et\/wp-json\/wp\/v2\/product_cat?post=3158"},{"taxonomy":"product_tag","embeddable":true,"href":"https:\/\/vapebulkp.com\/et\/wp-json\/wp\/v2\/product_tag?post=3158"}],"curies":[{"name":"wp","href":"https:\/\/api.w.org\/{rel}","templated":true}]}}