{"id":3207,"date":"2024-12-02T04:31:56","date_gmt":"2024-12-02T03:31:56","guid":{"rendered":"https:\/\/vapebulkp.com\/?post_type=product&#038;p=3207"},"modified":"2025-09-24T05:17:27","modified_gmt":"2025-09-24T03:17:27","slug":"wholesale-price-bang-kingdoms-rex-32000-puffs-vape-pod","status":"publish","type":"product","link":"https:\/\/vapebulkp.com\/et\/product\/wholesale-price-bang-kingdoms-rex-32000-puffs-vape-pod\/","title":{"rendered":"Hulgihind Bang Kingdoms rex 32000 Puffs Vape Pod"},"content":{"rendered":"<h2 style=\"text-align: left\">Hulgihind Bang Kingdoms rex 32000 Puffs Vape Pod<\/h2>\n<p>&nbsp;<\/p>\n<p data-start=\"244\" data-end=\"534\">Veip <strong data-start=\"248\" data-end=\"297\">Bang Kingdoms rex 32000 Puffs \u00fchekordne veip<\/strong> on loodud kauakestvaks j\u00f5udluseks ja esmaklassiliseks veipimiseks. Koos <strong data-start=\"379\" data-end=\"410\">kahe 28 ml e-vedeliku kambrit<\/strong> ja v\u00f5imalusi <strong data-start=\"426\" data-end=\"456\">2% v\u00f5i 5% nikotiini tugevust<\/strong>, annab see sujuva ja v\u00f5imsa elamuse, mis on kohandatud noorte t\u00e4iskasvanute eelistustele.<\/p>\n<p data-start=\"536\" data-end=\"815\">Varustatud <strong data-start=\"552\" data-end=\"583\">650mAh laetav aku<\/strong> ja <strong data-start=\"588\" data-end=\"612\">Type-C kiirlaadimisega<\/strong>, tagab see seade katkematud veipimisseansid. The <strong data-start=\"669\" data-end=\"702\">1,0\u03a9 v\u00f5rgusilma k\u00fcttes\u00fcsteem<\/strong> tagab \u00fchtlase auru ja rikkaliku maitse, muutes selle usaldusv\u00e4\u00e4rseks valikuks igap\u00e4evaseks kasutamiseks v\u00f5i seltskondlikeks s\u00fcndmusteks.<\/p>\n<p data-start=\"817\" data-end=\"1123\">M\u00f5eldud hulgim\u00fc\u00fcjatele ja jaem\u00fc\u00fcjatele, on <a href=\"https:\/\/vapebulkp.com\/et\/product\/wholesale-price-bang-kingdoms-rex-32000-puffs-vape-pod\/\">Bang Kingdoms rex 32000 Puffs<\/a> toetab <strong data-start=\"909\" data-end=\"938\">OEM ja ODM kohandamine<\/strong>, pakkudes paindlikke lahendusi Euroopa turule.<\/p>\n<p data-start=\"1125\" data-end=\"1329\">Koos teiste populaarsete mudelitega nagu Bang Kingdoms rex 32000 Puffs ja <a href=\"https:\/\/vapebulkp.com\/et\/product-category\/32000-puffs-disposable-vape\/\"><strong>32000 pahviga \u00fchekordselt kasutatav e-sigaret<\/strong><\/a>, tugevdab Bang Kingdoms rex 32000 Puffs oma positsiooni enimm\u00fc\u00fcdud tootena kogu Euroopa turgudel.<\/p>\n<p><img decoding=\"async\" class=\"wp-image-3206\" src=\"http:\/\/vapebulkp.com\/wp-content\/uploads\/2024\/12\/bang-kingdoms-rex-32000-Puffs-good-Vape-pod-Bulk-price.jpg\" alt=\"bang kingdoms rex 32000 Puffs hea Vape pod Hulgi hind\" width=\"508\" height=\"508\" srcset=\"https:\/\/vapebulkp.com\/wp-content\/uploads\/2024\/12\/bang-kingdoms-rex-32000-Puffs-good-Vape-pod-Bulk-price.jpg 800w, https:\/\/vapebulkp.com\/wp-content\/uploads\/2024\/12\/bang-kingdoms-rex-32000-Puffs-good-Vape-pod-Bulk-price-300x300.jpg 300w, https:\/\/vapebulkp.com\/wp-content\/uploads\/2024\/12\/bang-kingdoms-rex-32000-Puffs-good-Vape-pod-Bulk-price-150x150.jpg 150w, https:\/\/vapebulkp.com\/wp-content\/uploads\/2024\/12\/bang-kingdoms-rex-32000-Puffs-good-Vape-pod-Bulk-price-768x768.jpg 768w, https:\/\/vapebulkp.com\/wp-content\/uploads\/2024\/12\/bang-kingdoms-rex-32000-Puffs-good-Vape-pod-Bulk-price-600x600.jpg 600w, https:\/\/vapebulkp.com\/wp-content\/uploads\/2024\/12\/bang-kingdoms-rex-32000-Puffs-good-Vape-pod-Bulk-price-100x100.jpg 100w\" sizes=\"(max-width: 508px) 100vw, 508px\" \/><\/p>\n<h6><\/h6>\n<p><img decoding=\"async\" class=\"alignnone wp-image-2151\" src=\"http:\/\/vapebulkp.com\/wp-content\/uploads\/2024\/04\/Mandy-WhatsApp-Randm.jpg\" alt=\"Mandy WhatsAppi tutvustus\" width=\"324\" height=\"330\" \/><\/p>\n<h6>Soodushinna saamiseks v\u00f5tke \u00fchendust Mandy WhatsAppiga<a href=\"https:\/\/wa.me\/8618077105796\">+8618077105796<\/a><\/h6>\n<p>&nbsp;<\/p>\n<h2>Miks valida Vapebulkp.com-ist soodne hind Bang Kingdoms Rex 32 000 Puffs suur puff Vape?<\/h2>\n<h3><\/h3>\n<ul>\n<li><strong>\u00dcletamatu pahvide arv<\/strong><br \/>\nKoos <strong>32 000 t\u00f5mmet<\/strong>, see seade tagab pikaajalise rahulolu, muutes selle kulut\u00f5husaks ja mugavaks valikuks tavakasutajatele.<\/li>\n<li><strong>Kahekordne E-vedeliku maht<\/strong><br \/>\nVarustatud <strong>28ml x 2 e-vedeliku reservuaari<\/strong>, see seade pakub \u00fchtlast maitset ja pikemat kasutusaega ilma sagedase t\u00e4itmiseta.<\/li>\n<li><strong>Nikotiini valikud<\/strong><br \/>\nSaadaval <strong>2% ja 5% nikotiini tugevusega<\/strong>, Bang Kingdoms Rex vastab paljudele eelistustele, tagades kohandatud veipimiskogemuse.<\/li>\n<li><strong>V\u00f5imas aku<\/strong><br \/>\nVeip <strong>13300 aku s\u00fcdamik<\/strong> koos <strong>650mAh laetav aku<\/strong> tagab pikaajalise kasutuse, mida toetab t\u00f5hus ja usaldusv\u00e4\u00e4rne v\u00e4ljundv\u00f5imsus.<\/li>\n<li><strong>T\u00e4iustatud k\u00fctte tehnoloogia<\/strong><br \/>\nSisaldab <strong>1.0\u03a9 v\u00f5rgust k\u00fcttekeha<\/strong>, see veip tagab \u00fchtlase kuumutamise sujuvama aurutootmise ja parema maitse edastamise jaoks.<\/li>\n<\/ul>\n<p>Olenemata sellest, kas olete kogenud veipija v\u00f5i proovite \u00fchekordselt kasutatavaid seadmeid esimest korda, <strong>Bang Kingdoms Rex 32 000 t\u00f5mmet<\/strong> on teie lahendus esmaklassilisele veipimiskogemusele. Ostke kohe Vapebulkp.com-ist parimate pakkumiste saamiseks!<\/p>\n<h3><\/h3>\n<h3>KKK Bang Vapes Kingdoms Rex 32 000 t\u00f5mbe hulgiostu kohta:<\/h3>\n<p><strong>K: Mis on Bang Vape Kingdoms Rex 32 000 t\u00f5mbe veipide minimaalne tellimiskogus (MOQ)?<\/strong><br \/>\nV: Minimaalne tellimus on 50 t\u00fckki.<\/p>\n<p><strong>K: Kui kaua v\u00f5tab Bang Kingdoms Rex 32k t\u00f5mbe tarne aega?<\/strong><br \/>\nV: Tarne v\u00f5tab tavaliselt aega 10-15 p\u00e4eva alates saatmiskuup\u00e4evast.<\/p>\n<p><strong>K: Mis on Top Sale Bang Vape Kingdoms Rex 32 000 t\u00f5mbe saatmiskulu?<\/strong><br \/>\nA: Tarnekulud s\u00f5ltuvad tellimuse kogukaalust. Suurematel kogustel v\u00f5ivad olla erinevad hinnad. T\u00e4pse tarnekulu prognoosi saamiseks v\u00f5tke meiega \u00fchendust.<\/p>\n<p><strong>K: Millised maitsed on saadaval Bang Vape Kingdoms Rex 32k Puffs vape'i hulgim\u00fc\u00fcgiks?<\/strong><br \/>\nA: See mudel pakub valikut esmaklassilisi maitseid, sealhulgas troopilisi puuvilju, v\u00e4rskendavat mentooli ja magustoidust inspireeritud valikuid. Saadaolevate maitsete t\u00e4ieliku loetelu saamiseks v\u00f5tke meiega \u00fchendust.<\/p>\n<p><strong>K: Kas Bang Vape Kingdoms Rex 32 000 Puffs sobib hulgiostjatele?<\/strong><br \/>\nA: Jah, see on suurep\u00e4rane valik hulgiostudeks. Pakume konkurentsiv\u00f5imelist hinda hulgitellimustele. Palun v\u00f5tke meiega \u00fchendust lisateabe saamiseks.<\/p>\n<p>&nbsp;<\/p>\n<h3><strong>Bang Vape Kingdoms Rex 32 000 Puff\u00a0 <\/strong>Toote Omadused<\/h3>\n<ul>\n<li><strong>V\u00f5rreldamatu mahutavus:<\/strong> 32 000 mahvi pikaajalise veipimisrahulolu tagamiseks.<\/li>\n<li><strong>Kahekordsed e-vedeliku kambrid:<\/strong> 28 ml x 2 mahutavus sujuvaks maitse- ja auruj\u00e4rjepidevuseks.<\/li>\n<li><strong>Taaslaetav aku:<\/strong> 650mAh aku Type-C Huawei pordiga kiireks ja usaldusv\u00e4\u00e4rseks laadimiseks.<\/li>\n<li><strong>T\u00e4iustatud v\u00f5rkk\u00e4rni tehnoloogia:<\/strong> 1,0\u03a9 kuumutustraat sujuva ja rikkaliku auru saamiseks.<\/li>\n<li><strong>Kohandatavad lahendused:<\/strong> OEM\/ODM tugi ettev\u00f5tetele, kes otsivad unikaalseid br\u00e4ndinguv\u00f5imalusi.<\/li>\n<\/ul>\n<h3><strong>Bang Kingdoms rex 32000 Puffs Odavad veibid Maitse:<\/strong><\/h3>\n<p>1.ARBUUSIJ\u00c4\u00c4, MUSTIKAM\u00dcNT<br \/>\n2.ARBUUSIJ\u00c4\u00c4, MAASIKAS JA MANGO<br \/>\n3.MAASIKAS JA ARBUUS, KIIVI PASSIONIVILI GUAAV<br \/>\n4.MAASIKAS JA ARBUUS, VIINAMARJAJ\u00c4\u00c4<br \/>\n5.MUSTIKAS VAARIKAS, VIRSIK MANGO ARBUUS<br \/>\n6.MUSTIKAS ARBUUS, MAASIKAS MANGO<br \/>\n7.MUSTIKAJ\u00c4\u00c4, MUST DRAAKONIJ\u00c4\u00c4<br \/>\n8.MUSTIKAJ\u00c4\u00c4, MAASIKAS JA BANAAN<br \/>\n9.PUNANE PULL, MUSTIKAS ARBUUS<br \/>\n10.PUNANE PULL, ARBUUS MULLIKOMM<br \/>\n11.MAASIKAS KIIVI, VIRSIKUJ\u00c4\u00c4<br \/>\n12.MAASIKAS KIIVI, HAPU \u00d5UN VAARIKAS<\/p>\n<p><a href=\"https:\/\/vapebulkp.com\/et\/product\/best-price-vape-randm-15000-puffs-good-vape\/\"><span style=\"vertical-align: inherit\">RandM Tornado 15000 Puhvrit <\/span><\/a><\/p>\n<p><span style=\"vertical-align: inherit\">Leia rohkem tooteid, mis sulle meeldida v\u00f5iksid:<\/span><em><a href=\"https:\/\/wa.me\/8618077105796\"><span style=\"vertical-align: inherit\">\u00a0Osta kohe<\/span><\/a><\/em><\/p>\n<p><span style=\"vertical-align: inherit\">Teised e-sigaretid, mis sulle meeldida v\u00f5ivad:<\/span><a href=\"https:\/\/vapebulkp.com\/et\/product\/wga-legend-30000-puffs-factory-price-disposable-vape-europe-warehouse\/\"><span style=\"vertical-align: inherit\">WGA 30K Mahvi <\/span><\/a><span style=\"vertical-align: inherit\">\u3001<\/span><a href=\"https:\/\/vapebulkp.com\/et\/product\/wholesale-randm-tornado-9000-puffs-germany\/\"><span style=\"vertical-align: inherit\">RandM 9000 Pahvi<\/span><\/a><span style=\"vertical-align: inherit\">\/ <\/span><a href=\"https:\/\/vapebulkp.com\/et\/product\/vozol-vista-20000-puff-rechargeable-vape-cheap-price-today\/\"><span style=\"vertical-align: inherit\">Vozol vista 20000 Puhvrit<\/span><\/a><span style=\"vertical-align: inherit\">\/ <\/span><a href=\"https:\/\/vapebulkp.com\/et\/product\/wga-crystal-plus-16000-puffs-led-light-disposable-vape\/\"><span style=\"vertical-align: inherit\">WGA Crystal 16000 Puhvrit<\/span><\/a><\/p>\n<p><span style=\"vertical-align: inherit\">Erilise kujuga e-sigareti pudel:<\/span><a href=\"https:\/\/vapebulkp.com\/et\/product\/bang-beach-20k-puffs-led-display-vape-discount-price\/\"><span style=\"vertical-align: inherit\"> Bang Beach 20000 Puhvrit<\/span><\/a><span style=\"vertical-align: inherit\">\/ <\/span><a href=\"https:\/\/vapebulkp.com\/et\/product\/jnr-vape-watch-18-30k-puffs-2-nic-wholesale-price-disposable-vape\/\"><span style=\"vertical-align: inherit\">\u00a0JNR Watch Mahvi <\/span><\/a><span style=\"vertical-align: inherit\">\/<\/span><a href=\"https:\/\/vapebulkp.com\/et\/product\/uzy-bang-digital-15000puffs-led-display-e-cigarettes\/\"><span style=\"vertical-align: inherit\">UZY Bang Digital Box 15000 Puhvrit<\/span><\/a><\/p>\n<h5>Tootmise kvalifikatsioon:<\/h5>\n<p><img decoding=\"async\" class=\"alignnone size-full wp-image-1841\" src=\"http:\/\/vapebulkp.com\/wp-content\/uploads\/2023\/11\/Vape-production-process-2.jpeg\" alt=\"Veibi tootmisprotsess\" width=\"650\" height=\"434\" srcset=\"https:\/\/vapebulkp.com\/wp-content\/uploads\/2023\/11\/Vape-production-process-2.jpeg 650w, https:\/\/vapebulkp.com\/wp-content\/uploads\/2023\/11\/Vape-production-process-2-300x200.jpeg 300w, https:\/\/vapebulkp.com\/wp-content\/uploads\/2023\/11\/Vape-production-process-2-600x401.jpeg 600w\" sizes=\"(max-width: 650px) 100vw, 650px\" \/><\/p>\n<h4>Saatmisinfo:<\/h4>\n<p><span style=\"color: #ff6600\">Tootmisaeg: 5-10 t\u00f6\u00f6p\u00e4eva<\/span><br \/>\n<span style=\"color: #ff6600\">Saatmisaeg: 8-14 t\u00f6\u00f6p\u00e4eva<\/span><\/p>\n<p>K\u00f5ik meie poe tooted on 100% originaalsed ja autentsed, seega on v\u00f5ltsitud kaupade eest k\u00fcmnekordne h\u00fcvitis meie poe poliitika. Kasutame kaupade teile tarnimiseks logistikakanaleid nagu UPS\/DHL\/FEDEX\/DPD.<\/p>\n<p>Eestisse saadetud pakkide kohalej\u00f5udmine v\u00f5tab tavaliselt aega 10 t\u00f6\u00f6p\u00e4eva. Euroopa riikidesse saatmine v\u00f5tab tavaliselt aega 12 kuni 15 t\u00f6\u00f6p\u00e4eva. Uuendame logistikainfot teie jaoks reaalajas.<\/p>","protected":false},"excerpt":{"rendered":"<p>Hulgim\u00fc\u00fck Bang Kingdoms Rex 32 000 Puffs laetav Vape Pod, kahekordne 28 ml kambriga, rikkalikud maitsed, kauakestev j\u00f5udlus. Osta hulgi kohe!<\/p>\n<p>Soodushinna saamiseks v\u00f5tke \u00fchendust Mandy WhatsAppiga<a href=\"https:\/\/wa.me\/8618077105796\">+8618077105796<\/a><\/p>\n<p><img decoding=\"async\" class=\"alignnone wp-image-2151\" src=\"http:\/\/vapebulkp.com\/wp-content\/uploads\/2024\/04\/Mandy-WhatsApp-Randm.jpg\" alt=\"Mandy WhatsAppi tutvustus\" width=\"297\" height=\"316\" srcset=\"https:\/\/vapebulkp.com\/wp-content\/uploads\/2024\/04\/Mandy-WhatsApp-Randm.jpg 916w, https:\/\/vapebulkp.com\/wp-content\/uploads\/2024\/04\/Mandy-WhatsApp-Randm-282x300.jpg 282w, https:\/\/vapebulkp.com\/wp-content\/uploads\/2024\/04\/Mandy-WhatsApp-Randm-768x817.jpg 768w, https:\/\/vapebulkp.com\/wp-content\/uploads\/2024\/04\/Mandy-WhatsApp-Randm-600x638.jpg 600w\" sizes=\"(max-width: 297px) 100vw, 297px\" \/><\/p>\n<p><span style=\"color: #ff0000\">M\u00c4RKUS: Meie veebisaidi hinnad ei sisalda saatmiskulusid<\/span><\/p>\n<p>&nbsp;<\/p>","protected":false},"featured_media":3206,"comment_status":"open","ping_status":"closed","template":"","meta":{"_uag_custom_page_level_css":"","_lmt_disableupdate":"no","_lmt_disable":"","site-sidebar-layout":"default","site-content-layout":"content-boxed-container","ast-site-content-layout":"normal-width-container","site-content-style":"boxed","site-sidebar-style":"unboxed","ast-global-header-display":"","ast-banner-title-visibility":"","ast-main-header-display":"","ast-hfb-above-header-display":"","ast-hfb-below-header-display":"","ast-hfb-mobile-header-display":"","site-post-title":"","ast-breadcrumbs-content":"","ast-featured-img":"","footer-sml-layout":"","theme-transparent-header-meta":"default","adv-header-id-meta":"","stick-header-meta":"","header-above-stick-meta":"","header-main-stick-meta":"","header-below-stick-meta":"","astra-migrate-meta-layouts":"set","_joinchat":[]},"product_cat":[188,153,345,155,33,59,100,34,158,157,154,152,58,84,156,63,32],"product_tag":[189,36,37,41,40],"class_list":["post-3207","product","type-product","status-publish","has-post-thumbnail","hentry","product_cat-32000-puffs-disposable-vape","product_cat-hot-disposable-vapes","product_cat-bang-vapes","product_cat-belgium-hot-disposable-vapes","product_cat-france-vape-hot-sale","product_cat-germany-hot-disposable-vape","product_cat-germany-wholesale-vape-shop","product_cat-netherlands-vape-good-sale","product_cat-norway-hot-disposable-vapes","product_cat-poland-hot-disposable-vapes","product_cat-portugal-hot-disposable-vapes","product_cat-spain-hot-disposable-vapes","product_cat-sweden-hot-disposable-vape","product_cat-sweden-wholesale-vape","product_cat-switzerland-hot-disposable-vapes","product_cat-top-sale-disposable-vape","product_cat-vape-hot-sale-this-week","product_tag-32000-puffs","product_tag-good-vape","product_tag-hot-sale-disposable-vape","product_tag-poland-hot-vape","product_tag-sweden-hot-vape","pa_brand-bang-king-vape","desktop-align-left","tablet-align-left","mobile-align-left"],"yoast_head":"<!-- This site is optimized with the Yoast SEO plugin v21.1 - https:\/\/yoast.com\/wordpress\/plugins\/seo\/ -->\n<title>Wholesale Price Bang Kingdoms rex 32000 Puffs Vape Pod - vapebulkp.com<\/title>\n<meta name=\"description\" content=\"Wholesale Bang Kingdoms rex 32000 Puffs Disposable Vape. 32,000 puffs, rechargeable, OEM\/ODM options. Ideal for EU distributors\u2014place your bulk order today!\" \/>\n<meta name=\"robots\" content=\"index, follow, max-snippet:-1, max-image-preview:large, max-video-preview:-1\" \/>\n<link rel=\"canonical\" href=\"https:\/\/vapebulkp.com\/et\/product\/wholesale-price-bang-kingdoms-rex-32000-puffs-vape-pod\/\" \/>\n<meta property=\"og:locale\" content=\"et_EE\" \/>\n<meta property=\"og:type\" content=\"article\" \/>\n<meta property=\"og:title\" content=\"Wholesale Price Bang Kingdoms rex 32000 Puffs Vape Pod - vapebulkp.com\" \/>\n<meta property=\"og:description\" content=\"Wholesale Bang Kingdoms rex 32000 Puffs Disposable Vape. 32,000 puffs, rechargeable, OEM\/ODM options. Ideal for EU distributors\u2014place your bulk order today!\" \/>\n<meta property=\"og:url\" content=\"https:\/\/vapebulkp.com\/et\/product\/wholesale-price-bang-kingdoms-rex-32000-puffs-vape-pod\/\" \/>\n<meta property=\"og:site_name\" content=\"vapebulkp.com\" \/>\n<meta property=\"article:modified_time\" content=\"2025-09-24T03:17:27+00:00\" \/>\n<meta property=\"og:image\" content=\"http:\/\/vapebulkp.com\/wp-content\/uploads\/2024\/12\/bang-kingdoms-rex-32000-Puffs-good-Vape-pod-Bulk-price.jpg\" \/>\n\t<meta property=\"og:image:width\" content=\"800\" \/>\n\t<meta property=\"og:image:height\" content=\"800\" \/>\n\t<meta property=\"og:image:type\" content=\"image\/jpeg\" \/>\n<meta name=\"twitter:card\" content=\"summary_large_image\" \/>\n<meta name=\"twitter:label1\" content=\"Est. reading time\" \/>\n\t<meta name=\"twitter:data1\" content=\"4 minutit\" \/>\n<script type=\"application\/ld+json\" class=\"yoast-schema-graph\">{\"@context\":\"https:\/\/schema.org\",\"@graph\":[{\"@type\":\"WebPage\",\"@id\":\"https:\/\/vapebulkp.com\/product\/wholesale-price-bang-kingdoms-rex-32000-puffs-vape-pod\/\",\"url\":\"https:\/\/vapebulkp.com\/product\/wholesale-price-bang-kingdoms-rex-32000-puffs-vape-pod\/\",\"name\":\"Wholesale Price Bang Kingdoms rex 32000 Puffs Vape Pod - vapebulkp.com\",\"isPartOf\":{\"@id\":\"https:\/\/vapebulkp.com\/#website\"},\"datePublished\":\"2024-12-02T03:31:56+00:00\",\"dateModified\":\"2025-09-24T03:17:27+00:00\",\"description\":\"Wholesale Bang Kingdoms rex 32000 Puffs Disposable Vape. 32,000 puffs, rechargeable, OEM\/ODM options. Ideal for EU distributors\u2014place your bulk order today!\",\"breadcrumb\":{\"@id\":\"https:\/\/vapebulkp.com\/product\/wholesale-price-bang-kingdoms-rex-32000-puffs-vape-pod\/#breadcrumb\"},\"inLanguage\":\"et\",\"potentialAction\":[{\"@type\":\"ReadAction\",\"target\":[\"https:\/\/vapebulkp.com\/product\/wholesale-price-bang-kingdoms-rex-32000-puffs-vape-pod\/\"]}]},{\"@type\":\"BreadcrumbList\",\"@id\":\"https:\/\/vapebulkp.com\/product\/wholesale-price-bang-kingdoms-rex-32000-puffs-vape-pod\/#breadcrumb\",\"itemListElement\":[{\"@type\":\"ListItem\",\"position\":1,\"name\":\"Home\",\"item\":\"https:\/\/vapebulkp.com\/\"},{\"@type\":\"ListItem\",\"position\":2,\"name\":\"Hot Trend Vapes\",\"item\":\"https:\/\/vapebulkp.com\/vape-shop\/\"},{\"@type\":\"ListItem\",\"position\":3,\"name\":\"Wholesale Price Bang Kingdoms rex 32000 Puffs Vape Pod\"}]},{\"@type\":\"WebSite\",\"@id\":\"https:\/\/vapebulkp.com\/#website\",\"url\":\"https:\/\/vapebulkp.com\/\",\"name\":\"vapebulkp.com\",\"description\":\"Buy Vape In Cheap Bulk Price Near you\",\"publisher\":{\"@id\":\"https:\/\/vapebulkp.com\/#organization\"},\"potentialAction\":[{\"@type\":\"SearchAction\",\"target\":{\"@type\":\"EntryPoint\",\"urlTemplate\":\"https:\/\/vapebulkp.com\/?s={search_term_string}\"},\"query-input\":\"required name=search_term_string\"}],\"inLanguage\":\"et\"},{\"@type\":\"Organization\",\"@id\":\"https:\/\/vapebulkp.com\/#organization\",\"name\":\"vapebulkp.com\",\"url\":\"https:\/\/vapebulkp.com\/\",\"logo\":{\"@type\":\"ImageObject\",\"inLanguage\":\"et\",\"@id\":\"https:\/\/vapebulkp.com\/#\/schema\/logo\/image\/\",\"url\":\"https:\/\/vapebulkp.com\/wp-content\/uploads\/2023\/09\/cropped-vapebulkp.png\",\"contentUrl\":\"https:\/\/vapebulkp.com\/wp-content\/uploads\/2023\/09\/cropped-vapebulkp.png\",\"width\":516,\"height\":163,\"caption\":\"vapebulkp.com\"},\"image\":{\"@id\":\"https:\/\/vapebulkp.com\/#\/schema\/logo\/image\/\"}}]}<\/script>\n<!-- \/ Yoast SEO plugin. -->","yoast_head_json":{"title":"Wholesale Price Bang Kingdoms rex 32000 Puffs Vape Pod - vapebulkp.com","description":"Wholesale Bang Kingdoms rex 32000 Puffs Disposable Vape. 32,000 puffs, rechargeable, OEM\/ODM options. Ideal for EU distributors\u2014place your bulk order today!","robots":{"index":"index","follow":"follow","max-snippet":"max-snippet:-1","max-image-preview":"max-image-preview:large","max-video-preview":"max-video-preview:-1"},"canonical":"https:\/\/vapebulkp.com\/et\/product\/wholesale-price-bang-kingdoms-rex-32000-puffs-vape-pod\/","og_locale":"et_EE","og_type":"article","og_title":"Wholesale Price Bang Kingdoms rex 32000 Puffs Vape Pod - vapebulkp.com","og_description":"Wholesale Bang Kingdoms rex 32000 Puffs Disposable Vape. 32,000 puffs, rechargeable, OEM\/ODM options. Ideal for EU distributors\u2014place your bulk order today!","og_url":"https:\/\/vapebulkp.com\/et\/product\/wholesale-price-bang-kingdoms-rex-32000-puffs-vape-pod\/","og_site_name":"vapebulkp.com","article_modified_time":"2025-09-24T03:17:27+00:00","og_image":[{"width":800,"height":800,"url":"http:\/\/vapebulkp.com\/wp-content\/uploads\/2024\/12\/bang-kingdoms-rex-32000-Puffs-good-Vape-pod-Bulk-price.jpg","type":"image\/jpeg"}],"twitter_card":"summary_large_image","twitter_misc":{"Est. reading time":"4 minutit"},"schema":{"@context":"https:\/\/schema.org","@graph":[{"@type":"WebPage","@id":"https:\/\/vapebulkp.com\/product\/wholesale-price-bang-kingdoms-rex-32000-puffs-vape-pod\/","url":"https:\/\/vapebulkp.com\/product\/wholesale-price-bang-kingdoms-rex-32000-puffs-vape-pod\/","name":"Wholesale Price Bang Kingdoms rex 32000 Puffs Vape Pod - vapebulkp.com","isPartOf":{"@id":"https:\/\/vapebulkp.com\/#website"},"datePublished":"2024-12-02T03:31:56+00:00","dateModified":"2025-09-24T03:17:27+00:00","description":"Wholesale Bang Kingdoms rex 32000 Puffs Disposable Vape. 32,000 puffs, rechargeable, OEM\/ODM options. Ideal for EU distributors\u2014place your bulk order today!","breadcrumb":{"@id":"https:\/\/vapebulkp.com\/product\/wholesale-price-bang-kingdoms-rex-32000-puffs-vape-pod\/#breadcrumb"},"inLanguage":"et","potentialAction":[{"@type":"ReadAction","target":["https:\/\/vapebulkp.com\/product\/wholesale-price-bang-kingdoms-rex-32000-puffs-vape-pod\/"]}]},{"@type":"BreadcrumbList","@id":"https:\/\/vapebulkp.com\/product\/wholesale-price-bang-kingdoms-rex-32000-puffs-vape-pod\/#breadcrumb","itemListElement":[{"@type":"ListItem","position":1,"name":"Home","item":"https:\/\/vapebulkp.com\/"},{"@type":"ListItem","position":2,"name":"Hot Trend Vapes","item":"https:\/\/vapebulkp.com\/vape-shop\/"},{"@type":"ListItem","position":3,"name":"Wholesale Price Bang Kingdoms rex 32000 Puffs Vape Pod"}]},{"@type":"WebSite","@id":"https:\/\/vapebulkp.com\/#website","url":"https:\/\/vapebulkp.com\/","name":"vapebulkp.com","description":"Buy Vape In Cheap Bulk Price Near you","publisher":{"@id":"https:\/\/vapebulkp.com\/#organization"},"potentialAction":[{"@type":"SearchAction","target":{"@type":"EntryPoint","urlTemplate":"https:\/\/vapebulkp.com\/?s={search_term_string}"},"query-input":"required name=search_term_string"}],"inLanguage":"et"},{"@type":"Organization","@id":"https:\/\/vapebulkp.com\/#organization","name":"vapebulkp.com","url":"https:\/\/vapebulkp.com\/","logo":{"@type":"ImageObject","inLanguage":"et","@id":"https:\/\/vapebulkp.com\/#\/schema\/logo\/image\/","url":"https:\/\/vapebulkp.com\/wp-content\/uploads\/2023\/09\/cropped-vapebulkp.png","contentUrl":"https:\/\/vapebulkp.com\/wp-content\/uploads\/2023\/09\/cropped-vapebulkp.png","width":516,"height":163,"caption":"vapebulkp.com"},"image":{"@id":"https:\/\/vapebulkp.com\/#\/schema\/logo\/image\/"}}]}},"uagb_featured_image_src":{"full":["https:\/\/vapebulkp.com\/wp-content\/uploads\/2024\/12\/bang-kingdoms-rex-32000-Puffs-good-Vape-pod-Bulk-price.jpg",800,800,false],"thumbnail":["https:\/\/vapebulkp.com\/wp-content\/uploads\/2024\/12\/bang-kingdoms-rex-32000-Puffs-good-Vape-pod-Bulk-price-150x150.jpg",150,150,true],"medium":["https:\/\/vapebulkp.com\/wp-content\/uploads\/2024\/12\/bang-kingdoms-rex-32000-Puffs-good-Vape-pod-Bulk-price-300x300.jpg",300,300,true],"medium_large":["https:\/\/vapebulkp.com\/wp-content\/uploads\/2024\/12\/bang-kingdoms-rex-32000-Puffs-good-Vape-pod-Bulk-price-768x768.jpg",768,768,true],"large":["https:\/\/vapebulkp.com\/wp-content\/uploads\/2024\/12\/bang-kingdoms-rex-32000-Puffs-good-Vape-pod-Bulk-price.jpg",800,800,false],"1536x1536":["https:\/\/vapebulkp.com\/wp-content\/uploads\/2024\/12\/bang-kingdoms-rex-32000-Puffs-good-Vape-pod-Bulk-price.jpg",800,800,false],"2048x2048":["https:\/\/vapebulkp.com\/wp-content\/uploads\/2024\/12\/bang-kingdoms-rex-32000-Puffs-good-Vape-pod-Bulk-price.jpg",800,800,false],"trp-custom-language-flag":["https:\/\/vapebulkp.com\/wp-content\/uploads\/2024\/12\/bang-kingdoms-rex-32000-Puffs-good-Vape-pod-Bulk-price.jpg",12,12,false],"woocommerce_thumbnail":["https:\/\/vapebulkp.com\/wp-content\/uploads\/2024\/12\/bang-kingdoms-rex-32000-Puffs-good-Vape-pod-Bulk-price-300x300.jpg",300,300,true],"woocommerce_single":["https:\/\/vapebulkp.com\/wp-content\/uploads\/2024\/12\/bang-kingdoms-rex-32000-Puffs-good-Vape-pod-Bulk-price-600x600.jpg",600,600,true],"woocommerce_gallery_thumbnail":["https:\/\/vapebulkp.com\/wp-content\/uploads\/2024\/12\/bang-kingdoms-rex-32000-Puffs-good-Vape-pod-Bulk-price-100x100.jpg",100,100,true],"wcpr-photo-reviews":["https:\/\/vapebulkp.com\/wp-content\/uploads\/2024\/12\/bang-kingdoms-rex-32000-Puffs-good-Vape-pod-Bulk-price.jpg",500,500,false]},"uagb_author_info":{"display_name":"Mandy vape bulk price","author_link":"https:\/\/vapebulkp.com\/et\/author\/"},"uagb_comment_info":0,"uagb_excerpt":"Wholesale Bang Kingdoms Rex 32,000 Puffs Rechargeable Vape Pod, dual 28ml chambers, rich flavors, long-lasting performance. Buy in bulk now! Pls Contact Mandy's WhatsApp For Discount Price+8618077105796 NOTE: Prices on our website does not include shipping costs &nbsp;","_links":{"self":[{"href":"https:\/\/vapebulkp.com\/et\/wp-json\/wp\/v2\/product\/3207","targetHints":{"allow":["GET"]}}],"collection":[{"href":"https:\/\/vapebulkp.com\/et\/wp-json\/wp\/v2\/product"}],"about":[{"href":"https:\/\/vapebulkp.com\/et\/wp-json\/wp\/v2\/types\/product"}],"replies":[{"embeddable":true,"href":"https:\/\/vapebulkp.com\/et\/wp-json\/wp\/v2\/comments?post=3207"}],"wp:featuredmedia":[{"embeddable":true,"href":"https:\/\/vapebulkp.com\/et\/wp-json\/wp\/v2\/media\/3206"}],"wp:attachment":[{"href":"https:\/\/vapebulkp.com\/et\/wp-json\/wp\/v2\/media?parent=3207"}],"wp:term":[{"taxonomy":"product_cat","embeddable":true,"href":"https:\/\/vapebulkp.com\/et\/wp-json\/wp\/v2\/product_cat?post=3207"},{"taxonomy":"product_tag","embeddable":true,"href":"https:\/\/vapebulkp.com\/et\/wp-json\/wp\/v2\/product_tag?post=3207"}],"curies":[{"name":"wp","href":"https:\/\/api.w.org\/{rel}","templated":true}]}}