{"id":3217,"date":"2024-12-10T11:03:09","date_gmt":"2024-12-10T10:03:09","guid":{"rendered":"https:\/\/vapebulkp.com\/?post_type=product&#038;p=3217"},"modified":"2025-09-24T05:45:24","modified_gmt":"2025-09-24T03:45:24","slug":"wholesale-price-bangking-36000-puffs-hot-sale-vape-pod","status":"publish","type":"product","link":"https:\/\/vapebulkp.com\/et\/product\/wholesale-price-bangking-36000-puffs-hot-sale-vape-pod\/","title":{"rendered":"Hulgihind Bang King 36000 suitsu kuum m\u00fc\u00fck Vape Pods"},"content":{"rendered":"<h2 style=\"text-align: left\">Hulgihind BangKing 36000 pahvi kuum m\u00fc\u00fck Vape Pod<\/h2>\n<div class=\"flex max-w-full flex-col flex-grow\">\n<div class=\"min-h-8 text-message flex w-full flex-col items-end gap-2 whitespace-normal break-words text-start [.text-message+&amp;]:mt-5\" dir=\"auto\" data-message-author-role=\"assistant\" data-message-id=\"135e5463-0e37-4d0a-8cd5-1c0e0eb9f0d0\" data-message-model-slug=\"gpt-4o\">\n<div class=\"flex w-full flex-col gap-1 empty:hidden first:pt-[3px]\">\n<div class=\"markdown prose w-full break-words dark:prose-invert light\">\n<div id=\"model-response-message-contentr_734267fb4771b849\" class=\"markdown markdown-main-panel stronger enable-updated-hr-color\" dir=\"ltr\">\n<p>Veip <b>Bang King 36000 t\u00f5mmet<\/b>\u00a0 see on stiili ja j\u00f5udluse avaldus. Bang Vape 36k pahvi seab uue mugavuse etaloniks, kombineerides elegantse disaini v\u00f5rreldamatu funktsionaalsusega n\u00f5udlikule Euroopa veipijale.\u00a0 <a href=\"https:\/\/vapebulkp.com\/et\/product-category\/36000-puff-disposable-vape\/\"><b>36000 Puhvetit \u00fchekordselt kasutatav vape<\/b><\/a> on loodud vaevatuks ja kestvaks teekonnaks, pakkudes suurep\u00e4rast alternatiivi traditsioonilistele veipimismeetoditele.<\/p>\n<p>Selle s\u00fcdames on Bang King eelnevalt t\u00e4idetud helde <b>30 ml esmaklassilist e-vedelikku<\/b>, mis on hoolikalt formuleeritud, et pakkuda pidevalt rikkalikku ja erakordselt pehmet maitset. Integreeritud <b>laetav 650 mAh aku<\/b> tagab usaldusv\u00e4\u00e4rse, terve p\u00e4eva kestva toite, samas kui kaasaegne <b>Type-C laadimisportiga<\/b> tagab kiired ja mugavad laadimised. See seade on pikaealisuse kehastus, pakkudes monumentaalset pahvide arvu, mis \u00fcletab turu standardpakkumisi.<\/p>\n<p>Nikotiinisisalduse valikutega 0%, 2%, 3% ja 5% v\u00f5imaldab Bang King 36000 t\u00e4iuslikult kohandatud kogemust. Olenemata sellest, kas otsite <b>nikotiinisoola veipi<\/b> pehmemaks t\u00f5mbeks v\u00f5i julget maitseprofiili, see seade pakub seda. Selle kasutajas\u00f5bralik disain ja tugev konstruktsioon teevad sellest parima valiku neile, kes n\u00f5uavad tippkvaliteeti igas pahvis.<\/p>\n<\/div>\n<\/div>\n<\/div>\n<\/div>\n<\/div>\n<p>&nbsp;<\/p>\n<h6>Soodushinna saamiseks v\u00f5tke \u00fchendust Mandy WhatsAppiga<a href=\"https:\/\/wa.me\/8618077105796\">+8618077105796<\/a><\/h6>\n<p>&nbsp;<\/p>\n<p><img decoding=\"async\" class=\"alignnone wp-image-2151\" src=\"http:\/\/vapebulkp.com\/wp-content\/uploads\/2024\/04\/Mandy-WhatsApp-Randm.jpg\" alt=\"Mandy WhatsAppi tutvustus\" width=\"324\" height=\"330\" \/><\/p>\n<div role=\"article\" data-tabster=\"{&quot;groupper&quot;:{&quot;tabbability&quot;:2},&quot;focusable&quot;:{}}\" data-content=\"ai-message\" aria-labelledby=\"o3nihDa8hApUtpTPDpWpf-author o3nihDa8hApUtpTPDpWpf-content\">\n<div id=\"o3nihDa8hApUtpTPDpWpf-content\">\n<h2>Miks valida taskukohane Bang King 36 000 pahvi Vape Box Eestist <a href=\"https:\/\/vapebulkp.com\/et\/vape-shop\/\">Vapebulkp.com<\/a><\/h2>\n<ul>\n<li><strong>Erakordne pikaealisus<\/strong>: Bang King 36 000 pahvi Vape Box pakub v\u00f5rreldamatut veipimiskogemust oma muljetavaldava 36 000 pahviga seadme kohta. See tagab pikema kasutusaja, muutes selle kulut\u00f5husaks valikuks innukatele veipijatele.<\/li>\n<li><strong>Tugev aku j\u00f5udlus<\/strong>: Varustatud 650 mAh laetava akuga, tagab see veipikarp kogu oma eluea jooksul \u00fchtlase j\u00f5udluse. Laadige kiiresti Type-C pordi kaudu ja nautige katkematut veipimist.<\/li>\n<li><strong>Mitmekesised nikotiinitugevused<\/strong>: Et rahuldada erinevaid eelistusi, on Bang King Vape Box saadaval nikotiinitugevustega 0%, 2%, 3% ja 5%. S\u00f5ltumata sellest, kas eelistate tugevat t\u00f5mmet v\u00f5i mahedamat kogemust, on teile valik olemas.<\/li>\n<li><strong>Esmaklassiline maitseelamus<\/strong>: Seadmel on helde 30 ml e-vedeliku maht, mis on eelnevalt t\u00e4idetud rikkalike ja maitsvate valikutega. Nautige luksuslikku maitset ilma sagedase t\u00e4itmise vaevata.<\/li>\n<li><strong>Konkurentsiv\u00f5imeline hulgim\u00fc\u00fcgihind<\/strong>: Vapebulkp.com pakub atraktiivseid hulgihindu, muutes selle ideaalseks valikuks jaem\u00fc\u00fcjatele ja hulgiostjatele. Varuge seda kuuma m\u00fc\u00fcgiartiklit ja t\u00e4iendage oma laoseisu usaldusv\u00e4\u00e4rse ja suure n\u00f5udlusega veipikarbiga.<\/li>\n<\/ul>\n<\/div>\n<\/div>\n<p>Ostes <a href=\"https:\/\/vapebulkp.com\/et\/vape-shop\/\"><strong>Vapebulkp.com<\/strong><\/a>, saate juurdep\u00e4\u00e4su esmaklassilisele aurustitehnoloogiale \u00fcletamatu hinnaga, muutes Bang King 36 000 Puffs Vape Boxi nutikaks valikuks eelarveteadlike klientide jaoks, kes otsivad kvaliteeti ja rahulolu.<\/p>\n<h3>KKK Bang King 36000 Puffs hulgiostmise kohta<\/h3>\n<ol>\n<li><strong>Kas pakute allahindlusi Bang King 36000 Puffs hulgitellimuste puhul?<\/strong> Jah, Cheap Price Bang King 36000 Puff hulgitellimustele kehtivad tavaliselt allahindlused. Allahindluse m\u00e4\u00e4r v\u00f5ib olenevalt tellitud kogusest erineda. T\u00e4pse hinna ja allahindluste saamiseks v\u00f5tke \u00fchendust tarnijaga.<\/li>\n<li><strong>Kas ma saan oma Bang King 36000 Puffs hulgitellimuses erinevaid maitseid segada?<\/strong> Enamasti lubavad tarnijad teil Bang King 36000 Puffs hulgitellimuses erinevaid maitseid segada. Parim on tarnijaga l\u00e4bi r\u00e4\u00e4kida saadaolevate maitsevalikute ja segamisreeglite osas.<\/li>\n<li><strong>Mitu t\u00f5mmet v\u00f5in \u00fchest Bang King 36000 Puffs seadmest oodata?<\/strong> Bang King 36000 Puffs Vape Pod on loodud pakkuma muljetavaldavat 36 000 t\u00f5mmet seadme kohta, tagades pikaajalise kasutamise ja rahulolu.<\/li>\n<li><strong>Mis on Bang King 36000 Puffs aku mahtuvus ja kui kaua see kestab?<\/strong> Bang King 36000 Puff vape pod on varustatud 650 mAh laetava akuga, mis tagab \u00fchtlase j\u00f5udluse kogu kasutamise ajal. Aku kestvus v\u00f5ib olenevalt kasutusharjumustest varieeruda, kuid see on loodud kestma kogu seadme eluea jooksul, pakkudes kuni 36 000 t\u00f5mmet.<\/li>\n<li><strong>Kui kaua v\u00f5tab Bang King 36k Puffs aku t\u00e4ielik laadimine aega?<\/strong> Type-C laadimisporti kasutades saab Bang King 36000 Puffs 650 mAh akut kiiresti laadida. T\u00e4pne laadimisaeg v\u00f5ib varieeruda, kuid tavaliselt v\u00f5tab t\u00e4ielik laadimine aega umbes 1-2 tundi, tagades minimaalse seisakuaja.<\/li>\n<li><strong>Kas Bang King Vape 36000 Puff aku on vahetatav?<\/strong> Ei, Bang King 36000 Puffs Vape Podi aku ei ole vahetatav. Seade on m\u00f5eldud pikaajaliseks kasutamiseks ja peaks kogu oma eluea jooksul pakkuma \u00fchtlast j\u00f5udlust.<\/li>\n<\/ol>\n<h3><\/h3>\n<h3><strong>Bang King 36 000 Puffs \u2013 Toote spetsifikatsioonid<\/strong><\/h3>\n<ul>\n<li><strong>Pahvide arv<\/strong>: Pakub muljetavaldavat 36 000 t\u00f5mmet seadme kohta pikaajaliseks nautimiseks.<\/li>\n<li><strong>E-vedeliku maht<\/strong>: Sisaldab 30 ml eelt\u00e4idetud e-vedelikku, tagades pikaajalise kasutamise ilma sagedaste t\u00e4itmisteta.<\/li>\n<li><strong>Nikotiinitugevuse valikud<\/strong>: Saadaval 0%, 2%, 3% ja 5% nikotiinitasemetega, et rahuldada erinevaid eelistusi.<\/li>\n<li><strong>Aku mahtuvus<\/strong>: Toiteallikaks on 650 mAh laetav aku, mis tagab \u00fchtlase j\u00f5udluse kogu kasutamise ajal.<\/li>\n<li><strong>Spiraaltehnoloogia<\/strong>: Varustatud v\u00f5rgusilmaga m\u00e4hisega, mille takistus on 0,602\u03a9, et tagada sujuv aurutootmine ja parem maitse.<\/li>\n<li><strong>Laadimisliides<\/strong>: Varustatud C-t\u00fc\u00fcpi laadimispordiga kiireks ja t\u00f5husaks laadimiseks.<\/li>\n<li><strong>Pakend<\/strong>: M\u00fc\u00fcakse 10 \u00fchikut sisaldavates karpides, mis sobivad ideaalselt hulgim\u00fc\u00fcjatele ja jaem\u00fc\u00fcjatele.<\/li>\n<\/ul>\n<h3><strong>Bang King Vapes 36000 Mahvi Maitsed:<\/strong><\/h3>\n<p>1. Sinine Vaarikas J\u00e4\u00e4<br \/>\n2. Maasikas Arbuus<br \/>\n3. Arbuus J\u00e4\u00e4<br \/>\n4. Maasikas Banaan<br \/>\n5. Troopiline Puuvili<br \/>\n6. Kolmekordne Marja J\u00e4\u00e4<br \/>\n7. Mahlane Virsik J\u00e4\u00e4<br \/>\n8. Maasikas Kiivi<br \/>\n9. Virsik Mango Arbuus<br \/>\n10. Kiivi Kannatuslill Guajaav<br \/>\n11. Viinamarja \u00d5un<br \/>\nH\u00e4rra Sinine<\/p>\n<p><a href=\"https:\/\/vapebulkp.com\/et\/product\/best-price-vape-randm-15000-puffs-good-vape\/\"><span style=\"vertical-align: inherit\">RandM Tornado 15000 Puhvrit <\/span><\/a><\/p>\n<p><span style=\"vertical-align: inherit\">Leia rohkem tooteid, mis sulle meeldida v\u00f5iksid:<\/span><em><a href=\"https:\/\/wa.me\/8618077105796\"><span style=\"vertical-align: inherit\">\u00a0Osta kohe<\/span><\/a><\/em><\/p>\n<p><span style=\"vertical-align: inherit\">Teised e-sigaretid, mis sulle meeldida v\u00f5ivad:<\/span><a href=\"https:\/\/vapebulkp.com\/et\/product\/wga-legend-30000-puffs-factory-price-disposable-vape-europe-warehouse\/\"><span style=\"vertical-align: inherit\">WGA 30K Mahvi <\/span><\/a><span style=\"vertical-align: inherit\">\u3001<\/span><a href=\"https:\/\/vapebulkp.com\/et\/product\/wholesale-randm-tornado-9000-puffs-germany\/\"><span style=\"vertical-align: inherit\">RandM 9000 Pahvi<\/span><\/a><span style=\"vertical-align: inherit\">\/ <\/span><a href=\"https:\/\/vapebulkp.com\/et\/product\/waspe-vape-40000-puff-fihp-double-flavour-disposable-vape\/\"><span style=\"vertical-align: inherit\">WASPE 40000 pahvi<\/span><\/a><span style=\"vertical-align: inherit\">\/ <\/span><a href=\"https:\/\/vapebulkp.com\/et\/product\/wga-crystal-plus-16000-puffs-led-light-disposable-vape\/\"><span style=\"vertical-align: inherit\">WGA Crystal 16000 Puhvrit<\/span><\/a><\/p>\n<p><span style=\"vertical-align: inherit\">Erilise kujuga e-sigareti pudel:<\/span><a href=\"https:\/\/vapebulkp.com\/et\/product\/vapme-crystal-disposable-vape-20000-puffs-big-smok-2-nicotine\/\"><span style=\"vertical-align: inherit\"> Vapme Crystal 20000 Mahvi<\/span><\/a><span style=\"vertical-align: inherit\">\/ <\/span><a href=\"https:\/\/vapebulkp.com\/et\/product\/jnr-vape-watch-18-30k-puffs-2-nic-wholesale-price-disposable-vape\/\"><span style=\"vertical-align: inherit\">\u00a0JNR Watch Mahvi <\/span><\/a><span style=\"vertical-align: inherit\">\/<\/span><a href=\"https:\/\/vapebulkp.com\/et\/product\/jnr-crystal-16000-puffs-dual-mesh-rechargeable-disposable-vape\/\"><span style=\"vertical-align: inherit\">JNR Crystal 16000 Mahvi<\/span><\/a><\/p>\n<h5>Tootmise kvalifikatsioon:<\/h5>\n<p><img decoding=\"async\" class=\"alignnone size-full wp-image-1841\" src=\"http:\/\/vapebulkp.com\/wp-content\/uploads\/2023\/11\/Vape-production-process-2.jpeg\" alt=\"Veibi tootmisprotsess\" width=\"650\" height=\"434\" srcset=\"https:\/\/vapebulkp.com\/wp-content\/uploads\/2023\/11\/Vape-production-process-2.jpeg 650w, https:\/\/vapebulkp.com\/wp-content\/uploads\/2023\/11\/Vape-production-process-2-300x200.jpeg 300w, https:\/\/vapebulkp.com\/wp-content\/uploads\/2023\/11\/Vape-production-process-2-600x401.jpeg 600w\" sizes=\"(max-width: 650px) 100vw, 650px\" \/><\/p>\n<h4>Saatmisinfo:<\/h4>\n<p><span style=\"color: #ff6600\">Tootmisaeg: 5-10 t\u00f6\u00f6p\u00e4eva<\/span><br \/>\n<span style=\"color: #ff6600\">Saatmisaeg: 8-14 t\u00f6\u00f6p\u00e4eva<\/span><\/p>\n<p>K\u00f5ik meie poe tooted on 100% originaalsed ja autentsed, seega on v\u00f5ltsitud kaupade eest k\u00fcmnekordne h\u00fcvitis meie poe poliitika. Kasutame kaupade teile tarnimiseks logistikakanaleid nagu UPS\/DHL\/FEDEX\/DPD.<\/p>\n<p>Eestisse saadetud pakkide kohalej\u00f5udmine v\u00f5tab tavaliselt aega 10 t\u00f6\u00f6p\u00e4eva. Euroopa riikidesse saatmine v\u00f5tab tavaliselt aega 12 kuni 15 t\u00f6\u00f6p\u00e4eva. Uuendame logistikainfot teie jaoks reaalajas.<\/p>","protected":false},"excerpt":{"rendered":"<div role=\"article\" data-tabster=\"{&quot;groupper&quot;:{&quot;tabbability&quot;:2},&quot;focusable&quot;:{}}\" data-content=\"ai-message\" aria-labelledby=\"C5sHU1XbXdrT6UXSCdTMy-author C5sHU1XbXdrT6UXSCdTMy-content\">\n<div id=\"C5sHU1XbXdrT6UXSCdTMy-content\">\n<p>Bang King 36000 Puffs Vape Pod on ideaalne valik. Pakkudes kuni 36 000 pahvi, tagab see seade kauakestva naudingu. See elegantne ja stiilne veipimisseade, mis \u00fchendab arenenud tehnoloogia esteetilise disainiga, viib teie veipimiskogemuse uutesse k\u00f5rgustesse. Nautige t\u00e4iuslikku tasakaalu suure mahutavuse ja esmaklassilise j\u00f5udluse vahel Bang King 36000 Puffs hulgim\u00fc\u00fcgi veipiga.<\/p>\n<\/div>\n<\/div>\n<h6>Soodushinna saamiseks v\u00f5tke \u00fchendust Mandy WhatsAppiga<a href=\"https:\/\/wa.me\/8618077105796\">+8618077105796<\/a><\/h6>\n<p>&nbsp;<\/p>\n<p><img decoding=\"async\" class=\"alignnone wp-image-2151\" src=\"http:\/\/vapebulkp.com\/wp-content\/uploads\/2024\/04\/Mandy-WhatsApp-Randm.jpg\" alt=\"Mandy WhatsAppi tutvustus\" width=\"297\" height=\"316\" srcset=\"https:\/\/vapebulkp.com\/wp-content\/uploads\/2024\/04\/Mandy-WhatsApp-Randm.jpg 916w, https:\/\/vapebulkp.com\/wp-content\/uploads\/2024\/04\/Mandy-WhatsApp-Randm-282x300.jpg 282w, https:\/\/vapebulkp.com\/wp-content\/uploads\/2024\/04\/Mandy-WhatsApp-Randm-768x817.jpg 768w, https:\/\/vapebulkp.com\/wp-content\/uploads\/2024\/04\/Mandy-WhatsApp-Randm-600x638.jpg 600w\" sizes=\"(max-width: 297px) 100vw, 297px\" \/><\/p>\n<p><span style=\"color: #ff0000\">M\u00c4RKUS: Meie veebisaidi hinnad ei sisalda saatmiskulusid<\/span><\/p>\n<p>&nbsp;<\/p>","protected":false},"featured_media":3222,"comment_status":"open","ping_status":"closed","template":"","meta":{"_uag_custom_page_level_css":"","_lmt_disableupdate":"no","_lmt_disable":"","site-sidebar-layout":"default","site-content-layout":"content-boxed-container","ast-site-content-layout":"normal-width-container","site-content-style":"boxed","site-sidebar-style":"unboxed","ast-global-header-display":"","ast-banner-title-visibility":"","ast-main-header-display":"","ast-hfb-above-header-display":"","ast-hfb-below-header-display":"","ast-hfb-mobile-header-display":"","site-post-title":"","ast-breadcrumbs-content":"","ast-featured-img":"","footer-sml-layout":"","theme-transparent-header-meta":"default","adv-header-id-meta":"","stick-header-meta":"","header-above-stick-meta":"","header-main-stick-meta":"","header-below-stick-meta":"","astra-migrate-meta-layouts":"set","_joinchat":[]},"product_cat":[159,153,344,155,33,59,100,34,158,157,154,152,58,84,156,63,32],"product_tag":[130,36,37,41,40],"class_list":["post-3217","product","type-product","status-publish","has-post-thumbnail","hentry","product_cat-36000-puff-disposable-vape","product_cat-hot-disposable-vapes","product_cat-bang-king-vape","product_cat-belgium-hot-disposable-vapes","product_cat-france-vape-hot-sale","product_cat-germany-hot-disposable-vape","product_cat-germany-wholesale-vape-shop","product_cat-netherlands-vape-good-sale","product_cat-norway-hot-disposable-vapes","product_cat-poland-hot-disposable-vapes","product_cat-portugal-hot-disposable-vapes","product_cat-spain-hot-disposable-vapes","product_cat-sweden-hot-disposable-vape","product_cat-sweden-wholesale-vape","product_cat-switzerland-hot-disposable-vapes","product_cat-top-sale-disposable-vape","product_cat-vape-hot-sale-this-week","product_tag-36000puffs","product_tag-good-vape","product_tag-hot-sale-disposable-vape","product_tag-poland-hot-vape","product_tag-sweden-hot-vape","pa_brand-bang-king-vape","desktop-align-left","tablet-align-left","mobile-align-left"],"yoast_head":"<!-- This site is optimized with the Yoast SEO plugin v21.1 - https:\/\/yoast.com\/wordpress\/plugins\/seo\/ -->\n<title>Wholesale Price Bang King 36000 Puffs Hot Sale Vape Pod - vapebulkp.com<\/title>\n<meta name=\"description\" content=\"Popular Bang King 36000 Puffs Vape Pod, a pinnacle of luxury vaping. With an impressive 30ml e-liquid capacity, this device ensures extended use without the need for frequent refills.\" \/>\n<meta name=\"robots\" content=\"index, follow, max-snippet:-1, max-image-preview:large, max-video-preview:-1\" \/>\n<link rel=\"canonical\" href=\"https:\/\/vapebulkp.com\/et\/product\/wholesale-price-bangking-36000-puffs-hot-sale-vape-pod\/\" \/>\n<meta property=\"og:locale\" content=\"et_EE\" \/>\n<meta property=\"og:type\" content=\"article\" \/>\n<meta property=\"og:title\" content=\"Wholesale Price Bang King 36000 Puffs Hot Sale Vape Pod - vapebulkp.com\" \/>\n<meta property=\"og:description\" content=\"Popular Bang King 36000 Puffs Vape Pod, a pinnacle of luxury vaping. With an impressive 30ml e-liquid capacity, this device ensures extended use without the need for frequent refills.\" \/>\n<meta property=\"og:url\" content=\"https:\/\/vapebulkp.com\/et\/product\/wholesale-price-bangking-36000-puffs-hot-sale-vape-pod\/\" \/>\n<meta property=\"og:site_name\" content=\"vapebulkp.com\" \/>\n<meta property=\"article:modified_time\" content=\"2025-09-24T03:45:24+00:00\" \/>\n<meta property=\"og:image\" content=\"http:\/\/vapebulkp.com\/wp-content\/uploads\/2024\/12\/Wholesale-Price-Bang-King-Vape-36k.jpg\" \/>\n\t<meta property=\"og:image:width\" content=\"800\" \/>\n\t<meta property=\"og:image:height\" content=\"800\" \/>\n\t<meta property=\"og:image:type\" content=\"image\/jpeg\" \/>\n<meta name=\"twitter:card\" content=\"summary_large_image\" \/>\n<meta name=\"twitter:label1\" content=\"Est. reading time\" \/>\n\t<meta name=\"twitter:data1\" content=\"5 minutit\" \/>\n<script type=\"application\/ld+json\" class=\"yoast-schema-graph\">{\"@context\":\"https:\/\/schema.org\",\"@graph\":[{\"@type\":\"WebPage\",\"@id\":\"https:\/\/vapebulkp.com\/product\/wholesale-price-bangking-36000-puffs-hot-sale-vape-pod\/\",\"url\":\"https:\/\/vapebulkp.com\/product\/wholesale-price-bangking-36000-puffs-hot-sale-vape-pod\/\",\"name\":\"Wholesale Price Bang King 36000 Puffs Hot Sale Vape Pod - vapebulkp.com\",\"isPartOf\":{\"@id\":\"https:\/\/vapebulkp.com\/#website\"},\"datePublished\":\"2024-12-10T10:03:09+00:00\",\"dateModified\":\"2025-09-24T03:45:24+00:00\",\"description\":\"Popular Bang King 36000 Puffs Vape Pod, a pinnacle of luxury vaping. With an impressive 30ml e-liquid capacity, this device ensures extended use without the need for frequent refills.\",\"breadcrumb\":{\"@id\":\"https:\/\/vapebulkp.com\/product\/wholesale-price-bangking-36000-puffs-hot-sale-vape-pod\/#breadcrumb\"},\"inLanguage\":\"et\",\"potentialAction\":[{\"@type\":\"ReadAction\",\"target\":[\"https:\/\/vapebulkp.com\/product\/wholesale-price-bangking-36000-puffs-hot-sale-vape-pod\/\"]}]},{\"@type\":\"BreadcrumbList\",\"@id\":\"https:\/\/vapebulkp.com\/product\/wholesale-price-bangking-36000-puffs-hot-sale-vape-pod\/#breadcrumb\",\"itemListElement\":[{\"@type\":\"ListItem\",\"position\":1,\"name\":\"Home\",\"item\":\"https:\/\/vapebulkp.com\/\"},{\"@type\":\"ListItem\",\"position\":2,\"name\":\"Hot Trend Vapes\",\"item\":\"https:\/\/vapebulkp.com\/vape-shop\/\"},{\"@type\":\"ListItem\",\"position\":3,\"name\":\"Wholesale Price Bang King 36000 Puffs Hot Sale Vape Pod\"}]},{\"@type\":\"WebSite\",\"@id\":\"https:\/\/vapebulkp.com\/#website\",\"url\":\"https:\/\/vapebulkp.com\/\",\"name\":\"vapebulkp.com\",\"description\":\"Buy Vape In Cheap Bulk Price Near you\",\"publisher\":{\"@id\":\"https:\/\/vapebulkp.com\/#organization\"},\"potentialAction\":[{\"@type\":\"SearchAction\",\"target\":{\"@type\":\"EntryPoint\",\"urlTemplate\":\"https:\/\/vapebulkp.com\/?s={search_term_string}\"},\"query-input\":\"required name=search_term_string\"}],\"inLanguage\":\"et\"},{\"@type\":\"Organization\",\"@id\":\"https:\/\/vapebulkp.com\/#organization\",\"name\":\"vapebulkp.com\",\"url\":\"https:\/\/vapebulkp.com\/\",\"logo\":{\"@type\":\"ImageObject\",\"inLanguage\":\"et\",\"@id\":\"https:\/\/vapebulkp.com\/#\/schema\/logo\/image\/\",\"url\":\"https:\/\/vapebulkp.com\/wp-content\/uploads\/2023\/09\/cropped-vapebulkp.png\",\"contentUrl\":\"https:\/\/vapebulkp.com\/wp-content\/uploads\/2023\/09\/cropped-vapebulkp.png\",\"width\":516,\"height\":163,\"caption\":\"vapebulkp.com\"},\"image\":{\"@id\":\"https:\/\/vapebulkp.com\/#\/schema\/logo\/image\/\"}}]}<\/script>\n<!-- \/ Yoast SEO plugin. -->","yoast_head_json":{"title":"Wholesale Price Bang King 36000 Puffs Hot Sale Vape Pod - vapebulkp.com","description":"Popular Bang King 36000 Puffs Vape Pod, a pinnacle of luxury vaping. With an impressive 30ml e-liquid capacity, this device ensures extended use without the need for frequent refills.","robots":{"index":"index","follow":"follow","max-snippet":"max-snippet:-1","max-image-preview":"max-image-preview:large","max-video-preview":"max-video-preview:-1"},"canonical":"https:\/\/vapebulkp.com\/et\/product\/wholesale-price-bangking-36000-puffs-hot-sale-vape-pod\/","og_locale":"et_EE","og_type":"article","og_title":"Wholesale Price Bang King 36000 Puffs Hot Sale Vape Pod - vapebulkp.com","og_description":"Popular Bang King 36000 Puffs Vape Pod, a pinnacle of luxury vaping. With an impressive 30ml e-liquid capacity, this device ensures extended use without the need for frequent refills.","og_url":"https:\/\/vapebulkp.com\/et\/product\/wholesale-price-bangking-36000-puffs-hot-sale-vape-pod\/","og_site_name":"vapebulkp.com","article_modified_time":"2025-09-24T03:45:24+00:00","og_image":[{"width":800,"height":800,"url":"http:\/\/vapebulkp.com\/wp-content\/uploads\/2024\/12\/Wholesale-Price-Bang-King-Vape-36k.jpg","type":"image\/jpeg"}],"twitter_card":"summary_large_image","twitter_misc":{"Est. reading time":"5 minutit"},"schema":{"@context":"https:\/\/schema.org","@graph":[{"@type":"WebPage","@id":"https:\/\/vapebulkp.com\/product\/wholesale-price-bangking-36000-puffs-hot-sale-vape-pod\/","url":"https:\/\/vapebulkp.com\/product\/wholesale-price-bangking-36000-puffs-hot-sale-vape-pod\/","name":"Wholesale Price Bang King 36000 Puffs Hot Sale Vape Pod - vapebulkp.com","isPartOf":{"@id":"https:\/\/vapebulkp.com\/#website"},"datePublished":"2024-12-10T10:03:09+00:00","dateModified":"2025-09-24T03:45:24+00:00","description":"Popular Bang King 36000 Puffs Vape Pod, a pinnacle of luxury vaping. With an impressive 30ml e-liquid capacity, this device ensures extended use without the need for frequent refills.","breadcrumb":{"@id":"https:\/\/vapebulkp.com\/product\/wholesale-price-bangking-36000-puffs-hot-sale-vape-pod\/#breadcrumb"},"inLanguage":"et","potentialAction":[{"@type":"ReadAction","target":["https:\/\/vapebulkp.com\/product\/wholesale-price-bangking-36000-puffs-hot-sale-vape-pod\/"]}]},{"@type":"BreadcrumbList","@id":"https:\/\/vapebulkp.com\/product\/wholesale-price-bangking-36000-puffs-hot-sale-vape-pod\/#breadcrumb","itemListElement":[{"@type":"ListItem","position":1,"name":"Home","item":"https:\/\/vapebulkp.com\/"},{"@type":"ListItem","position":2,"name":"Hot Trend Vapes","item":"https:\/\/vapebulkp.com\/vape-shop\/"},{"@type":"ListItem","position":3,"name":"Wholesale Price Bang King 36000 Puffs Hot Sale Vape Pod"}]},{"@type":"WebSite","@id":"https:\/\/vapebulkp.com\/#website","url":"https:\/\/vapebulkp.com\/","name":"vapebulkp.com","description":"Buy Vape In Cheap Bulk Price Near you","publisher":{"@id":"https:\/\/vapebulkp.com\/#organization"},"potentialAction":[{"@type":"SearchAction","target":{"@type":"EntryPoint","urlTemplate":"https:\/\/vapebulkp.com\/?s={search_term_string}"},"query-input":"required name=search_term_string"}],"inLanguage":"et"},{"@type":"Organization","@id":"https:\/\/vapebulkp.com\/#organization","name":"vapebulkp.com","url":"https:\/\/vapebulkp.com\/","logo":{"@type":"ImageObject","inLanguage":"et","@id":"https:\/\/vapebulkp.com\/#\/schema\/logo\/image\/","url":"https:\/\/vapebulkp.com\/wp-content\/uploads\/2023\/09\/cropped-vapebulkp.png","contentUrl":"https:\/\/vapebulkp.com\/wp-content\/uploads\/2023\/09\/cropped-vapebulkp.png","width":516,"height":163,"caption":"vapebulkp.com"},"image":{"@id":"https:\/\/vapebulkp.com\/#\/schema\/logo\/image\/"}}]}},"uagb_featured_image_src":{"full":["https:\/\/vapebulkp.com\/wp-content\/uploads\/2024\/12\/Wholesale-Price-Bang-King-Vape-36k.jpg",800,800,false],"thumbnail":["https:\/\/vapebulkp.com\/wp-content\/uploads\/2024\/12\/Wholesale-Price-Bang-King-Vape-36k-150x150.jpg",150,150,true],"medium":["https:\/\/vapebulkp.com\/wp-content\/uploads\/2024\/12\/Wholesale-Price-Bang-King-Vape-36k-300x300.jpg",300,300,true],"medium_large":["https:\/\/vapebulkp.com\/wp-content\/uploads\/2024\/12\/Wholesale-Price-Bang-King-Vape-36k-768x768.jpg",768,768,true],"large":["https:\/\/vapebulkp.com\/wp-content\/uploads\/2024\/12\/Wholesale-Price-Bang-King-Vape-36k.jpg",800,800,false],"1536x1536":["https:\/\/vapebulkp.com\/wp-content\/uploads\/2024\/12\/Wholesale-Price-Bang-King-Vape-36k.jpg",800,800,false],"2048x2048":["https:\/\/vapebulkp.com\/wp-content\/uploads\/2024\/12\/Wholesale-Price-Bang-King-Vape-36k.jpg",800,800,false],"trp-custom-language-flag":["https:\/\/vapebulkp.com\/wp-content\/uploads\/2024\/12\/Wholesale-Price-Bang-King-Vape-36k.jpg",12,12,false],"woocommerce_thumbnail":["https:\/\/vapebulkp.com\/wp-content\/uploads\/2024\/12\/Wholesale-Price-Bang-King-Vape-36k-300x300.jpg",300,300,true],"woocommerce_single":["https:\/\/vapebulkp.com\/wp-content\/uploads\/2024\/12\/Wholesale-Price-Bang-King-Vape-36k-600x600.jpg",600,600,true],"woocommerce_gallery_thumbnail":["https:\/\/vapebulkp.com\/wp-content\/uploads\/2024\/12\/Wholesale-Price-Bang-King-Vape-36k-100x100.jpg",100,100,true],"wcpr-photo-reviews":["https:\/\/vapebulkp.com\/wp-content\/uploads\/2024\/12\/Wholesale-Price-Bang-King-Vape-36k.jpg",500,500,false]},"uagb_author_info":{"display_name":"Mandy vape bulk price","author_link":"https:\/\/vapebulkp.com\/et\/author\/"},"uagb_comment_info":0,"uagb_excerpt":"the Bang King 36000 Puffs Vape Pod is the ideal choice. Offering up to 36,000 puffs, this device ensures long-lasting satisfaction. Embrace this sleek and stylish vape pod, combining advanced technology with aesthetic design, to elevate your vaping experience to new heights. Enjoy the perfect balance of high capacity and premium performance with the Bang&hellip;","_links":{"self":[{"href":"https:\/\/vapebulkp.com\/et\/wp-json\/wp\/v2\/product\/3217","targetHints":{"allow":["GET"]}}],"collection":[{"href":"https:\/\/vapebulkp.com\/et\/wp-json\/wp\/v2\/product"}],"about":[{"href":"https:\/\/vapebulkp.com\/et\/wp-json\/wp\/v2\/types\/product"}],"replies":[{"embeddable":true,"href":"https:\/\/vapebulkp.com\/et\/wp-json\/wp\/v2\/comments?post=3217"}],"wp:featuredmedia":[{"embeddable":true,"href":"https:\/\/vapebulkp.com\/et\/wp-json\/wp\/v2\/media\/3222"}],"wp:attachment":[{"href":"https:\/\/vapebulkp.com\/et\/wp-json\/wp\/v2\/media?parent=3217"}],"wp:term":[{"taxonomy":"product_cat","embeddable":true,"href":"https:\/\/vapebulkp.com\/et\/wp-json\/wp\/v2\/product_cat?post=3217"},{"taxonomy":"product_tag","embeddable":true,"href":"https:\/\/vapebulkp.com\/et\/wp-json\/wp\/v2\/product_tag?post=3217"}],"curies":[{"name":"wp","href":"https:\/\/api.w.org\/{rel}","templated":true}]}}