{"id":3226,"date":"2024-12-13T08:32:34","date_gmt":"2024-12-13T07:32:34","guid":{"rendered":"https:\/\/vapebulkp.com\/?post_type=product&#038;p=3226"},"modified":"2025-09-24T05:23:21","modified_gmt":"2025-09-24T03:23:21","slug":"vapsolo-feed-bar-shisha-vape-15000-puffs-wholesale-price","status":"publish","type":"product","link":"https:\/\/vapebulkp.com\/et\/product\/vapsolo-feed-bar-shisha-vape-15000-puffs-wholesale-price\/","title":{"rendered":"Vapsolo FEED BAR SHISHA Vape 15000 t\u00f5mmet, hulgim\u00fc\u00fcgihind"},"content":{"rendered":"<h2 style=\"text-align: left\">Vapsolo FEED BAR SHISHA Vape 15000 t\u00f5mmet, hulgim\u00fc\u00fcgihind<\/h2>\n<p>&nbsp;<\/p>\n<p>Vapsolo FEED BAR SHISHA 15k puffs on revolutsiooniline \u00fchekordselt kasutatav vape, mis on loodud kauakestvaks j\u00f5udluseks ja erakordseks veipimiskogemuseks. Muljetavaldava <strong>15 000 pahvi<\/strong>see seade sobib ideaalselt innukatele veipijatele, kes otsivad mugavust ja t\u00f6\u00f6kindlust kompaktses ja stiilses pakendis. Varustatud helde <strong>25 ml e-vedeliku mahtu<\/strong>, tagab 15k Puffs SHISHA vape pideva naudingu iga t\u00f5mbega, pakkudes rikkalikku ja maitsvat auru. Selle arenenud <strong>v\u00f5rgusilma spiraaltehnoloogiaga<\/strong> koos <strong>0,6\u03a9 takistusega spiraaliga<\/strong> tagab \u00fchtlase kuumutuse ja sujuva auru tootmise, mis sobib nii maitsehuvilistele kui ka pilvejahtijatele.<\/p>\n<p>Sisseehitatud <strong>650mAh laetav aku<\/strong> on konstrueeritud vastupidavuse ja t\u00f5hususe tagamiseks, v\u00f5imaldades mitut laadimists\u00fcklit l\u00e4bi <strong>Type-C porti<\/strong> kiirema ja stabiilsema laadimise jaoks. Reguleeritava \u00f5huvooluga saavad kasutajad oma t\u00f5mbamise eelistusi isikup\u00e4rastada, et saada t\u00f5eliselt kohandatud veipimiskogemus. Stiilne disain ja t\u00e4iustatud funktsioonid teevad Vapsolo <strong>Toidu baar Shisha\u00a0<a href=\"https:\/\/vapebulkp.com\/et\/product-category\/15000-puffs-disposable-vape\/\"> 15000 pahviga \u00fchekordselt kasutatav e-sigaret<\/a><\/strong> silmapaistva valiku nii algajatele kui ka kogenud veipijatele. Olenemata sellest, kas naudite juhuslikku kasutamist v\u00f5i otsite reisis\u00f5bralikku seadet pikemateks reisideks, on see vape-pliiats loodud muljet avaldama. T\u00e4iustage oma veipimism\u00e4ngu Top Sale Vape Vapsolo FEED BAR 15k puffsidega \u2013 mis on t\u00e4iuslik segu j\u00f5udlusest, stiilist ja uuenduslikkusest.<\/p>\n<p><img decoding=\"async\" class=\"wp-image-3230\" src=\"http:\/\/vapebulkp.com\/wp-content\/uploads\/2024\/12\/Vapsolo-FEED-BAR-SHISHA-15000-PUFFS-HOT-SALE-VAPE.png\" alt=\"Vapsolo FEED BAR SHISHA 15000 PUFFSI KUUM M\u00dc\u00dcK VAPE\" width=\"801\" height=\"375\" srcset=\"https:\/\/vapebulkp.com\/wp-content\/uploads\/2024\/12\/Vapsolo-FEED-BAR-SHISHA-15000-PUFFS-HOT-SALE-VAPE.png 720w, https:\/\/vapebulkp.com\/wp-content\/uploads\/2024\/12\/Vapsolo-FEED-BAR-SHISHA-15000-PUFFS-HOT-SALE-VAPE-300x140.png 300w, https:\/\/vapebulkp.com\/wp-content\/uploads\/2024\/12\/Vapsolo-FEED-BAR-SHISHA-15000-PUFFS-HOT-SALE-VAPE-600x281.png 600w\" sizes=\"(max-width: 801px) 100vw, 801px\" \/><\/p>\n<h6>Soodushinna saamiseks v\u00f5tke \u00fchendust Mandy WhatsAppiga<a href=\"https:\/\/wa.me\/8618077105796\">+8618077105796<\/a><\/h6>\n<p><img decoding=\"async\" class=\"alignnone wp-image-2151\" src=\"http:\/\/vapebulkp.com\/wp-content\/uploads\/2024\/04\/Mandy-WhatsApp-Randm.jpg\" alt=\"Mandy WhatsAppi tutvustus\" width=\"324\" height=\"330\" \/><\/p>\n<p>&nbsp;<\/p>\n<h2>Vapsolo FEED BAR Vape 15k puff shisha vape Pod omadused:<\/h2>\n<p>&nbsp;<\/p>\n<ul>\n<li><strong>\u00d5huvoolu reguleerimine<\/strong>: Reguleeritav personaalse t\u00f5mbetakistuse jaoks<\/li>\n<li><strong>E-vedeliku maht<\/strong>: 25 ml<\/li>\n<li><strong>Aku mahtuvus<\/strong>: 650mAh laetav aku<\/li>\n<li><strong>K\u00fcttetehnoloogia<\/strong>: V\u00f5rkspiraal<\/li>\n<li><strong>M\u00e4hise takistus<\/strong>: 0,6\u03a9<\/li>\n<li><strong>Laadimisport<\/strong>: Type-C, toetab kiirlaadimist<\/li>\n<li><strong>Pahvide arv<\/strong>: Kuni 15 000 t\u00f5mmet<\/li>\n<\/ul>\n<p>&nbsp;<\/p>\n<h2>Vapsolo Vape 15000 pahvi \u00fchekordselt kasutatavad vape'id maitsete loend:<\/h2>\n<p>1. Kaks \u00f5una<br \/>\n2.Sinine vaarika sidrun<br \/>\n3.Virsiku j\u00e4\u00e4tis<br \/>\n4.Mango j\u00e4\u00e4tis<br \/>\n5. M\u00f5nus j\u00e4\u00e4tis<br \/>\n6.Sidrunim\u00fcnt<br \/>\n7.Maagiline armastus<br \/>\n8.Viinamarjam\u00fcnt<br \/>\n9.Maasika punch<br \/>\n10.Mustika n\u00e4rimiskumm<br \/>\n11.Marjaj\u00e4\u00e4tis<br \/>\n12.magus passionvili<br \/>\n13.Kirsifestival<br \/>\n14.Musts\u00f5stra j\u00e4\u00e4tis<br \/>\n15.Maasika kiivi<\/p>\n<h3><strong>Miks valida Vapebulkp.com, et osta Vapsolo FEED BAR SHISHA Vape 15000 PUFFS?<\/strong><\/h3>\n<p>Vapebulkp.com on usaldusv\u00e4\u00e4rne platvorm, mis pakub esmaklassilisi vape-tooteid sujuva ostukogemusega. Vapebulkp.com valimine oma Vapsolo FEED BAR SHISHA ostmiseks tagab:<\/p>\n<ol>\n<li><strong>Konkurentsiv\u00f5imeline hinnakujundus<\/strong>: Eksklusiivsed hulgim\u00fc\u00fcgi- ja jaem\u00fc\u00fcgihinnad \u00fcletamatu hinna ja kvaliteedi suhtega.<\/li>\n<li><strong>Autentsus garanteeritud<\/strong>: 100% ehtsad tooted, mis on hangitud otse tootjatelt.<\/li>\n<li><strong>Kiire saatmine<\/strong>: Usaldusv\u00e4\u00e4rne kohaletoimetamine \u00fcle Eesti, tagades tellimuse kiire saabumise.<\/li>\n<li><strong>Klienditugi<\/strong>: P\u00fchendunud teenindus p\u00e4ringutele vastamiseks ja m\u00fc\u00fcgij\u00e4rgse toe pakkumiseks.<\/li>\n<li><strong>Lai valik<\/strong>: Juurdep\u00e4\u00e4s erinevatele tipptasemel kaubam\u00e4rkidele ja toodetele, mis on kohandatud erinevatele eelistustele.<\/li>\n<\/ol>\n<h4><strong>Teised populaarsed kaubam\u00e4rgid saadaval <a href=\"https:\/\/vapebulkp.com\/et\/vape-shop\/\">Vapebulkp.com<\/a><\/strong><\/h4>\n<ol>\n<li><a href=\"https:\/\/vapebulkp.com\/et\/product\/bang-vape-36k-puffs-adjustable-ice-premium-disposable-vape\/\"><strong>Bang Vape seeria<\/strong><\/a>\n<ul>\n<li>Mudelid: 12000 mahvi, 18000 mahvi, 22000 mahvi, 30000 mahvi, 36000 mahvi<\/li>\n<li><strong>Eelised<\/strong>: Suur mahvide arv, uuenduslikud funktsioonid nagu LCD-ekraanid ja s\u00f5rmej\u00e4ljetuvastus, mitmek\u00fclgsed maitsevalikud.<\/li>\n<\/ul>\n<\/li>\n<li><a href=\"https:\/\/vapebulkp.com\/et\/product\/good-randm-tornado-7000-puffs-netherland-wholesale\/\"><strong>Randm Tornado<\/strong><\/a>\n<ul>\n<li>Mudelid: <a href=\"https:\/\/vapebulkp.com\/et\/product-category\/15000-puffs-disposable-vape\/\">15 000 mahvi<\/a>,<a href=\"https:\/\/vapebulkp.com\/et\/product-category\/30000-puff-disposable-vape\/\"> 30 000 pahvi<\/a><\/li>\n<li><strong>Eelised<\/strong>: Ainulaadsed LED-disainid, suure mahutavusega laetavad akud, \u00fchtlane maitseelamus.<\/li>\n<\/ul>\n<\/li>\n<li><a href=\"https:\/\/vapebulkp.com\/et\/product\/elfworld-plus-20000-puffs-disposable-vape-22ml-eliquid-capacity\/\"><strong>Elf Maailm Plus<\/strong><\/a>\n<ul>\n<li>Mudelid: 20 000 mahvi<\/li>\n<li><strong>Eelised<\/strong>: Kompaktne ja reisikas, esmaklassiline k\u00fcttekeha tehnoloogia, sujuv veipimiskogemus.<\/li>\n<\/ul>\n<\/li>\n<li><a href=\"https:\/\/vapebulkp.com\/et\/product\/fumot-tornado-25k-puffs-cheap-price-disposable-vape\/\"><strong>Fumot Tornado<\/strong><\/a>\n<ul>\n<li>Mudelid: 25 000 mahvi, 30 000 mahvi<\/li>\n<li><strong>Eelised<\/strong>: Kahekordne v\u00f5rgustik k\u00fcttekeha maitse t\u00e4iustamiseks, TFT-ekraanid ja keskkonnas\u00f5bralikud disainid.<\/li>\n<\/ul>\n<\/li>\n<li><a href=\"https:\/\/vapebulkp.com\/et\/product\/vapme-crystal-7000-puffs-original-vape-good-flavor\/\"><strong>Vapme Kristall Seeria<\/strong><\/a>\n<ul>\n<li>Mudelid: 7000 mahvi, 20 000 mahvi<\/li>\n<li><strong>Eelised<\/strong>: Stiilne disain, DTL-\u00fchilduvus ja erinevad maitsekombinatsioonid.<\/li>\n<\/ul>\n<\/li>\n<\/ol>\n<h3><strong>Miks <a href=\"https:\/\/vapebulkp.com\/et\/vape-shop\/\">Vapebulkp.com<\/a> Paistab silma<\/strong><\/h3>\n<p>Oma mitmek\u00fclgse valikuga, <a href=\"https:\/\/vapebulkp.com\/et\/vape-shop\/\">Vapebulkp.com<\/a> tagab, et iga klient leiab oma vajadustele sobiva toote, pakkudes tipptasemel disaine, keskkonnas\u00f5bralikke valikuid ja vastupidavaid seadmeid veipimiskogemuse parandamiseks. Platvormi kasutajakeskne l\u00e4henemine, koos keskendumisega kvaliteedile ja taskukohasusele, teeb sellest eelistatud sihtkoha veipijatele kogu Euroopas.<\/p>\n<p>&nbsp;<\/p>\n<h3>Saatmisinfo:<\/h3>\n<p><span style=\"color: #ff6600\">Tootmisaeg: 5-10 t\u00f6\u00f6p\u00e4eva<\/span><br \/>\n<span style=\"color: #ff6600\">Saatmisaeg: 8-14 t\u00f6\u00f6p\u00e4eva<\/span><\/p>\n<p>K\u00f5ik meie poe tooted on 100% originaalsed ja autentsed, seega on v\u00f5ltsitud kaupade eest k\u00fcmnekordne h\u00fcvitis meie poe poliitika. Kasutame kaupade teile tarnimiseks logistikakanaleid nagu UPS\/DHL\/FEDEX\/DPD.<\/p>\n<p>Eestisse saadetud pakkide kohalej\u00f5udmine v\u00f5tab tavaliselt aega 10 t\u00f6\u00f6p\u00e4eva. Euroopa riikidesse saatmine v\u00f5tab tavaliselt aega 12 kuni 15 t\u00f6\u00f6p\u00e4eva. Uuendame logistikainfot teie jaoks reaalajas.<\/p>","protected":false},"excerpt":{"rendered":"<p>Osta Vapsolo FEED BAR SHISHA 15000 Puffs hulgim\u00fc\u00fcgist. Kauakestev, 15 ml e-vedelik, 2% nikotiin, esmaklassilised maitsed, konkurentsiv\u00f5imelised hinnad!<\/p>\n<p>Soodushinna saamiseks v\u00f5tke \u00fchendust Mandy WhatsAppiga<a href=\"https:\/\/wa.me\/8618077105796\">+8618077105796<\/a><\/p>\n<p><img decoding=\"async\" class=\"alignnone wp-image-2151\" src=\"http:\/\/vapebulkp.com\/wp-content\/uploads\/2024\/04\/Mandy-WhatsApp-Randm.jpg\" alt=\"Mandy WhatsAppi tutvustus\" width=\"297\" height=\"316\" srcset=\"https:\/\/vapebulkp.com\/wp-content\/uploads\/2024\/04\/Mandy-WhatsApp-Randm.jpg 916w, https:\/\/vapebulkp.com\/wp-content\/uploads\/2024\/04\/Mandy-WhatsApp-Randm-282x300.jpg 282w, https:\/\/vapebulkp.com\/wp-content\/uploads\/2024\/04\/Mandy-WhatsApp-Randm-768x817.jpg 768w, https:\/\/vapebulkp.com\/wp-content\/uploads\/2024\/04\/Mandy-WhatsApp-Randm-600x638.jpg 600w\" sizes=\"(max-width: 297px) 100vw, 297px\" \/><\/p>\n<p><span style=\"color: #ff0000\">M\u00c4RKUS: Meie veebisaidi hinnad ei sisalda saatmiskulusid<\/span><\/p>\n<p>&nbsp;<\/p>","protected":false},"featured_media":3229,"comment_status":"open","ping_status":"closed","template":"","meta":{"_uag_custom_page_level_css":"","_lmt_disableupdate":"no","_lmt_disable":"","site-sidebar-layout":"default","site-content-layout":"content-boxed-container","ast-site-content-layout":"normal-width-container","site-content-style":"boxed","site-sidebar-style":"unboxed","ast-global-header-display":"","ast-banner-title-visibility":"","ast-main-header-display":"","ast-hfb-above-header-display":"","ast-hfb-below-header-display":"","ast-hfb-mobile-header-display":"","site-post-title":"","ast-breadcrumbs-content":"","ast-featured-img":"","footer-sml-layout":"","theme-transparent-header-meta":"default","adv-header-id-meta":"","stick-header-meta":"","header-above-stick-meta":"","header-main-stick-meta":"","header-below-stick-meta":"","astra-migrate-meta-layouts":"set","_joinchat":[]},"product_cat":[165,153,155,33,59,100,87,34,158,157,154,152,58,84,156,63,32,362],"product_tag":[36,37,41,40],"class_list":["post-3226","product","type-product","status-publish","has-post-thumbnail","hentry","product_cat-15000-puffs-disposable-vape","product_cat-hot-disposable-vapes","product_cat-belgium-hot-disposable-vapes","product_cat-france-vape-hot-sale","product_cat-germany-hot-disposable-vape","product_cat-germany-wholesale-vape-shop","product_cat-minimum-order-quantity-50pcs","product_cat-netherlands-vape-good-sale","product_cat-norway-hot-disposable-vapes","product_cat-poland-hot-disposable-vapes","product_cat-portugal-hot-disposable-vapes","product_cat-spain-hot-disposable-vapes","product_cat-sweden-hot-disposable-vape","product_cat-sweden-wholesale-vape","product_cat-switzerland-hot-disposable-vapes","product_cat-top-sale-disposable-vape","product_cat-vape-hot-sale-this-week","product_cat-vapsolo-vape","product_tag-good-vape","product_tag-hot-sale-disposable-vape","product_tag-poland-hot-vape","product_tag-sweden-hot-vape","pa_brand-vapsolo-vape","desktop-align-left","tablet-align-left","mobile-align-left"],"yoast_head":"<!-- This site is optimized with the Yoast SEO plugin v21.1 - https:\/\/yoast.com\/wordpress\/plugins\/seo\/ -->\n<title>Vapsolo FEED BAR SHISHA Vape 15000 PUFFS Wholesale Price - vapebulkp.com<\/title>\n<meta name=\"description\" content=\"Shop Vapsolo FEED BAR SHISHA Vape 15000 Puffs at wholesale prices. High-capacity, premium flavors, perfect for bulk orders.\" \/>\n<meta name=\"robots\" content=\"index, follow, max-snippet:-1, max-image-preview:large, max-video-preview:-1\" \/>\n<link rel=\"canonical\" href=\"https:\/\/vapebulkp.com\/et\/product\/vapsolo-feed-bar-shisha-vape-15000-puffs-wholesale-price\/\" \/>\n<meta property=\"og:locale\" content=\"et_EE\" \/>\n<meta property=\"og:type\" content=\"article\" \/>\n<meta property=\"og:title\" content=\"Vapsolo FEED BAR SHISHA Vape 15000 PUFFS Wholesale Price - vapebulkp.com\" \/>\n<meta property=\"og:description\" content=\"Shop Vapsolo FEED BAR SHISHA Vape 15000 Puffs at wholesale prices. High-capacity, premium flavors, perfect for bulk orders.\" \/>\n<meta property=\"og:url\" content=\"https:\/\/vapebulkp.com\/et\/product\/vapsolo-feed-bar-shisha-vape-15000-puffs-wholesale-price\/\" \/>\n<meta property=\"og:site_name\" content=\"vapebulkp.com\" \/>\n<meta property=\"article:modified_time\" content=\"2025-09-24T03:23:21+00:00\" \/>\n<meta property=\"og:image\" content=\"http:\/\/vapebulkp.com\/wp-content\/uploads\/2024\/12\/Vapsolo-FEED-BAR-SHISHA-15000-PUFFS.jpg\" \/>\n\t<meta property=\"og:image:width\" content=\"800\" \/>\n\t<meta property=\"og:image:height\" content=\"800\" \/>\n\t<meta property=\"og:image:type\" content=\"image\/jpeg\" \/>\n<meta name=\"twitter:card\" content=\"summary_large_image\" \/>\n<meta name=\"twitter:label1\" content=\"Est. reading time\" \/>\n\t<meta name=\"twitter:data1\" content=\"4 minutit\" \/>\n<script type=\"application\/ld+json\" class=\"yoast-schema-graph\">{\"@context\":\"https:\/\/schema.org\",\"@graph\":[{\"@type\":\"WebPage\",\"@id\":\"https:\/\/vapebulkp.com\/product\/vapsolo-feed-bar-shisha-vape-15000-puffs-wholesale-price\/\",\"url\":\"https:\/\/vapebulkp.com\/product\/vapsolo-feed-bar-shisha-vape-15000-puffs-wholesale-price\/\",\"name\":\"Vapsolo FEED BAR SHISHA Vape 15000 PUFFS Wholesale Price - vapebulkp.com\",\"isPartOf\":{\"@id\":\"https:\/\/vapebulkp.com\/#website\"},\"datePublished\":\"2024-12-13T07:32:34+00:00\",\"dateModified\":\"2025-09-24T03:23:21+00:00\",\"description\":\"Shop Vapsolo FEED BAR SHISHA Vape 15000 Puffs at wholesale prices. High-capacity, premium flavors, perfect for bulk orders.\",\"breadcrumb\":{\"@id\":\"https:\/\/vapebulkp.com\/product\/vapsolo-feed-bar-shisha-vape-15000-puffs-wholesale-price\/#breadcrumb\"},\"inLanguage\":\"et\",\"potentialAction\":[{\"@type\":\"ReadAction\",\"target\":[\"https:\/\/vapebulkp.com\/product\/vapsolo-feed-bar-shisha-vape-15000-puffs-wholesale-price\/\"]}]},{\"@type\":\"BreadcrumbList\",\"@id\":\"https:\/\/vapebulkp.com\/product\/vapsolo-feed-bar-shisha-vape-15000-puffs-wholesale-price\/#breadcrumb\",\"itemListElement\":[{\"@type\":\"ListItem\",\"position\":1,\"name\":\"Home\",\"item\":\"https:\/\/vapebulkp.com\/\"},{\"@type\":\"ListItem\",\"position\":2,\"name\":\"Hot Trend Vapes\",\"item\":\"https:\/\/vapebulkp.com\/vape-shop\/\"},{\"@type\":\"ListItem\",\"position\":3,\"name\":\"Vapsolo FEED BAR SHISHA Vape 15000 PUFFS Wholesale Price\"}]},{\"@type\":\"WebSite\",\"@id\":\"https:\/\/vapebulkp.com\/#website\",\"url\":\"https:\/\/vapebulkp.com\/\",\"name\":\"vapebulkp.com\",\"description\":\"Buy Vape In Cheap Bulk Price Near you\",\"publisher\":{\"@id\":\"https:\/\/vapebulkp.com\/#organization\"},\"potentialAction\":[{\"@type\":\"SearchAction\",\"target\":{\"@type\":\"EntryPoint\",\"urlTemplate\":\"https:\/\/vapebulkp.com\/?s={search_term_string}\"},\"query-input\":\"required name=search_term_string\"}],\"inLanguage\":\"et\"},{\"@type\":\"Organization\",\"@id\":\"https:\/\/vapebulkp.com\/#organization\",\"name\":\"vapebulkp.com\",\"url\":\"https:\/\/vapebulkp.com\/\",\"logo\":{\"@type\":\"ImageObject\",\"inLanguage\":\"et\",\"@id\":\"https:\/\/vapebulkp.com\/#\/schema\/logo\/image\/\",\"url\":\"https:\/\/vapebulkp.com\/wp-content\/uploads\/2023\/09\/cropped-vapebulkp.png\",\"contentUrl\":\"https:\/\/vapebulkp.com\/wp-content\/uploads\/2023\/09\/cropped-vapebulkp.png\",\"width\":516,\"height\":163,\"caption\":\"vapebulkp.com\"},\"image\":{\"@id\":\"https:\/\/vapebulkp.com\/#\/schema\/logo\/image\/\"}}]}<\/script>\n<!-- \/ Yoast SEO plugin. -->","yoast_head_json":{"title":"Vapsolo FEED BAR SHISHA Vape 15000 PUFFS Wholesale Price - vapebulkp.com","description":"Shop Vapsolo FEED BAR SHISHA Vape 15000 Puffs at wholesale prices. High-capacity, premium flavors, perfect for bulk orders.","robots":{"index":"index","follow":"follow","max-snippet":"max-snippet:-1","max-image-preview":"max-image-preview:large","max-video-preview":"max-video-preview:-1"},"canonical":"https:\/\/vapebulkp.com\/et\/product\/vapsolo-feed-bar-shisha-vape-15000-puffs-wholesale-price\/","og_locale":"et_EE","og_type":"article","og_title":"Vapsolo FEED BAR SHISHA Vape 15000 PUFFS Wholesale Price - vapebulkp.com","og_description":"Shop Vapsolo FEED BAR SHISHA Vape 15000 Puffs at wholesale prices. High-capacity, premium flavors, perfect for bulk orders.","og_url":"https:\/\/vapebulkp.com\/et\/product\/vapsolo-feed-bar-shisha-vape-15000-puffs-wholesale-price\/","og_site_name":"vapebulkp.com","article_modified_time":"2025-09-24T03:23:21+00:00","og_image":[{"width":800,"height":800,"url":"http:\/\/vapebulkp.com\/wp-content\/uploads\/2024\/12\/Vapsolo-FEED-BAR-SHISHA-15000-PUFFS.jpg","type":"image\/jpeg"}],"twitter_card":"summary_large_image","twitter_misc":{"Est. reading time":"4 minutit"},"schema":{"@context":"https:\/\/schema.org","@graph":[{"@type":"WebPage","@id":"https:\/\/vapebulkp.com\/product\/vapsolo-feed-bar-shisha-vape-15000-puffs-wholesale-price\/","url":"https:\/\/vapebulkp.com\/product\/vapsolo-feed-bar-shisha-vape-15000-puffs-wholesale-price\/","name":"Vapsolo FEED BAR SHISHA Vape 15000 PUFFS Wholesale Price - vapebulkp.com","isPartOf":{"@id":"https:\/\/vapebulkp.com\/#website"},"datePublished":"2024-12-13T07:32:34+00:00","dateModified":"2025-09-24T03:23:21+00:00","description":"Shop Vapsolo FEED BAR SHISHA Vape 15000 Puffs at wholesale prices. High-capacity, premium flavors, perfect for bulk orders.","breadcrumb":{"@id":"https:\/\/vapebulkp.com\/product\/vapsolo-feed-bar-shisha-vape-15000-puffs-wholesale-price\/#breadcrumb"},"inLanguage":"et","potentialAction":[{"@type":"ReadAction","target":["https:\/\/vapebulkp.com\/product\/vapsolo-feed-bar-shisha-vape-15000-puffs-wholesale-price\/"]}]},{"@type":"BreadcrumbList","@id":"https:\/\/vapebulkp.com\/product\/vapsolo-feed-bar-shisha-vape-15000-puffs-wholesale-price\/#breadcrumb","itemListElement":[{"@type":"ListItem","position":1,"name":"Home","item":"https:\/\/vapebulkp.com\/"},{"@type":"ListItem","position":2,"name":"Hot Trend Vapes","item":"https:\/\/vapebulkp.com\/vape-shop\/"},{"@type":"ListItem","position":3,"name":"Vapsolo FEED BAR SHISHA Vape 15000 PUFFS Wholesale Price"}]},{"@type":"WebSite","@id":"https:\/\/vapebulkp.com\/#website","url":"https:\/\/vapebulkp.com\/","name":"vapebulkp.com","description":"Buy Vape In Cheap Bulk Price Near you","publisher":{"@id":"https:\/\/vapebulkp.com\/#organization"},"potentialAction":[{"@type":"SearchAction","target":{"@type":"EntryPoint","urlTemplate":"https:\/\/vapebulkp.com\/?s={search_term_string}"},"query-input":"required name=search_term_string"}],"inLanguage":"et"},{"@type":"Organization","@id":"https:\/\/vapebulkp.com\/#organization","name":"vapebulkp.com","url":"https:\/\/vapebulkp.com\/","logo":{"@type":"ImageObject","inLanguage":"et","@id":"https:\/\/vapebulkp.com\/#\/schema\/logo\/image\/","url":"https:\/\/vapebulkp.com\/wp-content\/uploads\/2023\/09\/cropped-vapebulkp.png","contentUrl":"https:\/\/vapebulkp.com\/wp-content\/uploads\/2023\/09\/cropped-vapebulkp.png","width":516,"height":163,"caption":"vapebulkp.com"},"image":{"@id":"https:\/\/vapebulkp.com\/#\/schema\/logo\/image\/"}}]}},"uagb_featured_image_src":{"full":["https:\/\/vapebulkp.com\/wp-content\/uploads\/2024\/12\/Vapsolo-FEED-BAR-SHISHA-15000-PUFFS.jpg",800,800,false],"thumbnail":["https:\/\/vapebulkp.com\/wp-content\/uploads\/2024\/12\/Vapsolo-FEED-BAR-SHISHA-15000-PUFFS-150x150.jpg",150,150,true],"medium":["https:\/\/vapebulkp.com\/wp-content\/uploads\/2024\/12\/Vapsolo-FEED-BAR-SHISHA-15000-PUFFS-300x300.jpg",300,300,true],"medium_large":["https:\/\/vapebulkp.com\/wp-content\/uploads\/2024\/12\/Vapsolo-FEED-BAR-SHISHA-15000-PUFFS-768x768.jpg",768,768,true],"large":["https:\/\/vapebulkp.com\/wp-content\/uploads\/2024\/12\/Vapsolo-FEED-BAR-SHISHA-15000-PUFFS.jpg",800,800,false],"1536x1536":["https:\/\/vapebulkp.com\/wp-content\/uploads\/2024\/12\/Vapsolo-FEED-BAR-SHISHA-15000-PUFFS.jpg",800,800,false],"2048x2048":["https:\/\/vapebulkp.com\/wp-content\/uploads\/2024\/12\/Vapsolo-FEED-BAR-SHISHA-15000-PUFFS.jpg",800,800,false],"trp-custom-language-flag":["https:\/\/vapebulkp.com\/wp-content\/uploads\/2024\/12\/Vapsolo-FEED-BAR-SHISHA-15000-PUFFS.jpg",12,12,false],"woocommerce_thumbnail":["https:\/\/vapebulkp.com\/wp-content\/uploads\/2024\/12\/Vapsolo-FEED-BAR-SHISHA-15000-PUFFS-300x300.jpg",300,300,true],"woocommerce_single":["https:\/\/vapebulkp.com\/wp-content\/uploads\/2024\/12\/Vapsolo-FEED-BAR-SHISHA-15000-PUFFS-600x600.jpg",600,600,true],"woocommerce_gallery_thumbnail":["https:\/\/vapebulkp.com\/wp-content\/uploads\/2024\/12\/Vapsolo-FEED-BAR-SHISHA-15000-PUFFS-100x100.jpg",100,100,true],"wcpr-photo-reviews":["https:\/\/vapebulkp.com\/wp-content\/uploads\/2024\/12\/Vapsolo-FEED-BAR-SHISHA-15000-PUFFS.jpg",500,500,false]},"uagb_author_info":{"display_name":"Mandy vape bulk price","author_link":"https:\/\/vapebulkp.com\/et\/author\/"},"uagb_comment_info":0,"uagb_excerpt":"Buy Vapsolo FEED BAR SHISHA 15000 Puffs wholesale. Long-lasting, 15ml e-liquid, 2% nicotine, premium flavors, competitive prices! Pls Contact Mandy's WhatsApp For Discount Price+8618077105796 NOTE: Prices on our website does not include shipping costs &nbsp;","_links":{"self":[{"href":"https:\/\/vapebulkp.com\/et\/wp-json\/wp\/v2\/product\/3226","targetHints":{"allow":["GET"]}}],"collection":[{"href":"https:\/\/vapebulkp.com\/et\/wp-json\/wp\/v2\/product"}],"about":[{"href":"https:\/\/vapebulkp.com\/et\/wp-json\/wp\/v2\/types\/product"}],"replies":[{"embeddable":true,"href":"https:\/\/vapebulkp.com\/et\/wp-json\/wp\/v2\/comments?post=3226"}],"wp:featuredmedia":[{"embeddable":true,"href":"https:\/\/vapebulkp.com\/et\/wp-json\/wp\/v2\/media\/3229"}],"wp:attachment":[{"href":"https:\/\/vapebulkp.com\/et\/wp-json\/wp\/v2\/media?parent=3226"}],"wp:term":[{"taxonomy":"product_cat","embeddable":true,"href":"https:\/\/vapebulkp.com\/et\/wp-json\/wp\/v2\/product_cat?post=3226"},{"taxonomy":"product_tag","embeddable":true,"href":"https:\/\/vapebulkp.com\/et\/wp-json\/wp\/v2\/product_tag?post=3226"}],"curies":[{"name":"wp","href":"https:\/\/api.w.org\/{rel}","templated":true}]}}