{"id":3254,"date":"2024-12-18T10:08:48","date_gmt":"2024-12-18T09:08:48","guid":{"rendered":"https:\/\/vapebulkp.com\/?post_type=product&#038;p=3254"},"modified":"2025-09-24T05:22:09","modified_gmt":"2025-09-24T03:22:09","slug":"vapsolo-best-quality-viking-12k-puffs-disposable-vapes","status":"publish","type":"product","link":"https:\/\/vapebulkp.com\/et\/product\/vapsolo-best-quality-viking-12k-puffs-disposable-vapes\/","title":{"rendered":"Vapsolo parima kvaliteediga Viking 12K pahvi \u00fchekordselt kasutatavad vapid"},"content":{"rendered":"<h2 style=\"text-align: left\">Vapsolo parima kvaliteediga Viking 12K pahvi \u00fchekordselt kasutatavad vapid<\/h2>\n<p>&nbsp;<\/p>\n<p data-start=\"146\" data-end=\"493\">Veip <strong data-start=\"150\" data-end=\"196\">Vapsolo Viking 12000 Puffs \u00fchekordne veip<\/strong> on <strong data-start=\"202\" data-end=\"235\">suure mahutavusega \u00fchekordselt kasutatavad vape'id<\/strong> loodud Euroopa veipimishuvilistele, kes soovivad kauakestvat j\u00f5udlust ja rikkalikku, rahuldust pakkuvat maitset. Massiivse 22 ml eelt\u00e4idetud e-vedeliku reservuaari ja <strong data-start=\"391\" data-end=\"409\">v\u00f5rgusilma m\u00e4hisega vape'iga<\/strong> tehnoloogiaga toodab see sujuvat ja tihedat auru, v\u00f5imendades samal ajal iga maitseelamust.<\/p>\n<p data-start=\"495\" data-end=\"800\">See enimm\u00fc\u00fcdud <a href=\"https:\/\/vapebulkp.com\/et\/product-category\/12000-puffs-disposable-vape\/\"><strong>12000 Puffs \u00fchekordne veip<\/strong> <\/a>on varustatud 650 mAh <strong data-start=\"550\" data-end=\"582\">taaslaetav e-sigaret<\/strong> akuga, millel on C-t\u00fc\u00fcpi kiirlaadimine, tagades pideva kasutuse ja minimaalse seisakuaja. Reguleeritav \u00f5huvool ja LCD-ekraan v\u00f5imaldavad t\u00e4pset kontrolli, lastes kasutajatel kohandada oma veipimiskogemust maksimaalse rahulolu saavutamiseks.<\/p>\n<p data-start=\"802\" data-end=\"1221\">Saadaval 2% ja 5% <strong data-start=\"825\" data-end=\"847\">nikotiinisoola veibiboksi<\/strong> tugevustega, sobib see seade nii m\u00f5\u00f5dukateks kui ka tugevamateks t\u00f5mmeteks. Kerge, kompaktne ja kaasaskantav, sobib see suurep\u00e4raselt igap\u00e4evaseks kasutamiseks, reisimiseks v\u00f5i sotsiaalsetes olukordades. Lai valik puuviljaseid, mentooli- ja magustoidu-inspireeritud maitseid teeb 12k Puffs <strong data-start=\"1085\" data-end=\"1106\">veibid<\/strong> ideaalseks Euroopa hulgim\u00fc\u00fcjatele v\u00f5i \u00fcksikutele veipijatele, kes otsivad mugavust ja j\u00f5udlust \u00fches seadmes.<\/p>\n<p><img decoding=\"async\" class=\"wp-image-3255\" src=\"http:\/\/vapebulkp.com\/wp-content\/uploads\/2024\/12\/Vapsolo-Viking-12K-puffs-Cheap-Price-Vapes.png\" alt=\"Vapsolo Viking 12K mahvi Odav Hind Veibid\" width=\"674\" height=\"505\" srcset=\"https:\/\/vapebulkp.com\/wp-content\/uploads\/2024\/12\/Vapsolo-Viking-12K-puffs-Cheap-Price-Vapes.png 1002w, https:\/\/vapebulkp.com\/wp-content\/uploads\/2024\/12\/Vapsolo-Viking-12K-puffs-Cheap-Price-Vapes-300x225.png 300w, https:\/\/vapebulkp.com\/wp-content\/uploads\/2024\/12\/Vapsolo-Viking-12K-puffs-Cheap-Price-Vapes-768x575.png 768w, https:\/\/vapebulkp.com\/wp-content\/uploads\/2024\/12\/Vapsolo-Viking-12K-puffs-Cheap-Price-Vapes-600x449.png 600w\" sizes=\"(max-width: 674px) 100vw, 674px\" \/><\/p>\n<h6>Soodushinna saamiseks v\u00f5tke \u00fchendust Mandy WhatsAppiga<a href=\"https:\/\/wa.me\/8618077105796\">+8618077105796<\/a><\/h6>\n<p>&nbsp;<\/p>\n<p><img decoding=\"async\" class=\"alignnone wp-image-2151\" src=\"http:\/\/vapebulkp.com\/wp-content\/uploads\/2024\/04\/Mandy-WhatsApp-Randm.jpg\" alt=\"Mandy WhatsAppi tutvustus\" width=\"324\" height=\"330\" \/><\/p>\n<div class=\"flex max-w-full flex-col flex-grow\">\n<div class=\"min-h-8 text-message flex w-full flex-col items-end gap-2 whitespace-normal break-words text-start [.text-message+&amp;]:mt-5\" dir=\"auto\" data-message-author-role=\"assistant\" data-message-id=\"1fe1b7df-f0be-476c-874a-f466adf11ab9\" data-message-model-slug=\"gpt-4o\">\n<div class=\"flex w-full flex-col gap-1 empty:hidden first:pt-[3px]\">\n<div class=\"markdown prose w-full break-words dark:prose-invert light\">\n<p>&nbsp;<\/p>\n<\/div>\n<\/div>\n<\/div>\n<\/div>\n<h3>Vapsolo Viking 12000 Puffs veibi spetsifikatsioonid<\/h3>\n<ul>\n<li><strong>E-vedeliku maht<\/strong>: 22 ml \u2013 m\u00f5eldud pikendatud veipimisseanssideks minimaalsete t\u00e4itmistega.<\/li>\n<li><strong>Aku<\/strong>: 650 mAh laetav aku \u2013 pakub kuni 12 000 t\u00f5mmet \u00fche laadimisega.<\/li>\n<li><strong>Spiraaltehnoloogia<\/strong>: T\u00e4iustatud v\u00f5rkspiraal \u2013 tagab \u00fchtlase aurutootmise ja intensiivse maitse.<\/li>\n<li><strong>M\u00e4hise takistus<\/strong>: 1,0\u03a9 \u2013 optimeeritud tasakaalustatud auru ja maitse saavutamiseks.<\/li>\n<li><strong>Laadimisliides<\/strong>: Type-C kiirlaadimine \u2013 T\u00f5hus ja mugav laadimine minimaalse seisakuga.<\/li>\n<li><strong>Ekraan<\/strong>: LCD-ekraan \u2013 Aku eluiga ja seadeid on lihtne j\u00e4lgida.<\/li>\n<li><strong>\u00d5huvoolu valikud<\/strong>: Neli reguleeritavat \u00f5huvoolu taset \u2013 Kohandage oma veipimiskogemust t\u00e4pselt.<\/li>\n<li><strong>Kaasaskantavus<\/strong>: Kerge ja kompaktne disain \u2013 Kaalub vaid 86g, et oleks lihtne kaasas kanda.<\/li>\n<li><strong>Nikotiini tugevus<\/strong>: Saadaval 2% ja 5% nikotiinisisaldusega \u2013 Valige vastavalt oma eelistusele.<\/li>\n<\/ul>\n<h3>Hulgim\u00fc\u00fcgihind Vapsolo Viking 12000 Puffs Maitse<\/h3>\n<p>1.Mustikas Vaarikas<br \/>\n2.Mustikas<br \/>\n3.Vahuveinikirss<br \/>\n4.Arbuusij\u00e4\u00e4<br \/>\n5.Maasikas Kiivi<br \/>\n6.Maasikas Arbuus<br \/>\n7.Suveuni<br \/>\n8.Mustikas Kirss J\u00f5hvikas<br \/>\n9.Sidrun Laim<br \/>\n10.Kummikaru<br \/>\n11.Maasikas Banaan<br \/>\n12.V\u00e4rske piparm\u00fcnt<br \/>\n13.Maasika vaarika j\u00e4\u00e4<br \/>\n14.Sidruni virsik<br \/>\n15.Punase \u00f5una j\u00e4\u00e4<\/p>\n<p><a href=\"https:\/\/vapebulkp.com\/et\/product\/jnr-vape-mega-box-25000-puff-discount-price-vape-pods\/\"><span style=\"vertical-align: inherit\">JNR VAPE Mega Box 25000 t\u00f5mmet <\/span><\/a><\/p>\n<p><span style=\"vertical-align: inherit\">Leia rohkem tooteid, mis sulle meeldida v\u00f5iksid:<\/span><em><a href=\"https:\/\/wa.me\/8618077105796\"><span style=\"vertical-align: inherit\">\u00a0Osta kohe<\/span><\/a><\/em><\/p>\n<p><span style=\"vertical-align: inherit\">Teised e-sigaretid, mis sulle meeldida v\u00f5ivad:<\/span><a href=\"https:\/\/vapebulkp.com\/et\/product\/waspe-vape-40000-puff-fihp-double-flavour-disposable-vape\/\"><span style=\"vertical-align: inherit\">WASPE FIHP 40000 Puhvetit<\/span><\/a><span style=\"vertical-align: inherit\">\u3001<\/span><a href=\"https:\/\/vapebulkp.com\/et\/product\/wholesale-randm-tornado-9000-puffs-germany\/\"><span style=\"vertical-align: inherit\">RandM 9000 Pahvi<\/span><\/a><span style=\"vertical-align: inherit\">\/ <\/span><a href=\"https:\/\/vapebulkp.com\/et\/fi\/product\/bang-30k-puffs-new-double-taste-good-vape\/\"><span style=\"vertical-align: inherit\">Bang Vape 30000 Puhvetit<\/span><\/a><span style=\"vertical-align: inherit\">\/ <\/span><a href=\"https:\/\/vapebulkp.com\/et\/product\/jnr-alien-10000-puffs-randm-vape-wholesale-price\/\"><span style=\"vertical-align: inherit\">JNR VAPE Alien 10000 t\u00f5mmet<\/span><\/a><\/p>\n<p><span style=\"vertical-align: inherit\">Erilise kujuga e-sigareti pudel:<\/span><a href=\"https:\/\/vapebulkp.com\/et\/fi\/product\/bang-beach-22k-puffs-new-electronic-cigarette\/\"><span style=\"vertical-align: inherit\"> Bang Beach 22000 t\u00f5mmet<\/span><\/a><span style=\"vertical-align: inherit\">\/ <\/span><a href=\"https:\/\/vapebulkp.com\/et\/fi\/product\/best-price-wga-crystal-pro-max-15k-puffs-original-vape\/\"><span style=\"vertical-align: inherit\">\u00a0WGA Crystal pro max 15k Puhviga <\/span><\/a><span style=\"vertical-align: inherit\">\/<\/span><a href=\"https:\/\/vapebulkp.com\/et\/product\/wholesale-price-bangking-36000-puffs-hot-sale-vape-pod\/\"><span style=\"vertical-align: inherit\"> Bang King 36000 t\u00f5mmet<\/span><\/a><\/p>\n<h3>Miks valida <a href=\"https:\/\/vapebulkp.com\/et\/vape-shop\/\">Vapebulkp<\/a>?<\/h3>\n<p>Vapebulkp paistab silma kui usaldusv\u00e4\u00e4rne hulgim\u00fc\u00fcgiplatvorm tipptasemel e-sigareti kaubam\u00e4rkide jaoks. T\u00e4nu ulatuslikele teadmistele selles valdkonnas on see saavutanud maine kui usaldusv\u00e4\u00e4rne allikas nii ettev\u00f5tetele kui ka \u00fcksikklientidele.<\/p>\n<p><strong>Lai valik esmaklassilisi tooteid<\/strong><br \/>\nVapebulkp pakub laia valikut kvaliteetseid e-sigarettide kaubam\u00e4rke, tagades igale kliendile tervikliku ostukogemuse.<\/p>\n<p><strong>Kulut\u00f5hus hulgihind<\/strong><br \/>\nVapebulkp pakub k\u00f5ikidele toodetele konkurentsiv\u00f5imelisi hindu, pakkudes suurep\u00e4rast v\u00e4\u00e4rtust, tegemata kompromisse kvaliteedis, mida kliendid ootavad.<\/p>\n<p><strong>Kiire ja usaldusv\u00e4\u00e4rne tarne erakordse toega<\/strong><br \/>\nVapebulkp keskendub kiire ja usaldusv\u00e4\u00e4rse saatmise tagamisele, p\u00fchendunud klienditeeninduse meeskond on valmis kohe lahendama k\u00f5ik p\u00e4ringud ja mured.<\/p>\n<h3><strong>Korduma kippuvad k\u00fcsimused Vapsolo Viking 12000 Puffs kohta<\/strong><\/h3>\n<ol>\n<li><strong>Kui kaua Vapsolo Viking vape kestab?<\/strong><br \/>\nVapsolo Viking kestab kuni 12 000 pahvi, olenevalt teie kasutussagedusest.<\/li>\n<li><strong>Kas ma saan kasutada Vapsolo Viking 12k Puffs vape'i MTL v\u00f5i DTL veipimiseks?<\/strong><br \/>\nVapsolo Viking on m\u00f5eldud MTL (Mouth-to-Lung) veipimiseks, pakkudes sujuvat ja maitserikast sissehingamist.<\/li>\n<li><strong>Kas Vapsolo Viking 12k puff on ohutu kasutada?<\/strong><br \/>\nJah, Vapsolo Viking on ehitatud kvaliteetsetest materjalidest ja l\u00e4bib ranged ohutusstandardid, et tagada turvaline veipimiskogemus.<\/li>\n<li><strong>Kust saab osta Vapsolo Viking 12000 Puffs \u00fchekordselt kasutatavat veipi?<\/strong><br \/>\nVapsolo Viking 12000 Puffs'i saab osta Vapebulkp.com'ist, kus leiate konkurentsiv\u00f5imelised hinnad ja usaldusv\u00e4\u00e4rsed tarnev\u00f5imalused.<\/li>\n<li><strong>Mida peaksin tegema, kui mul tekib probleem Vapsolo Viking veipiga?<\/strong><br \/>\nKui teil tekib mingeid probleeme oma Vapsolo Viking'iga, on meie klienditoe meeskond valmis teid aitama. Palun v\u00f5tke \u00fchendust, et lahendada probleeme v\u00f5i saada teavet garantii kohta.<\/li>\n<\/ol>\n<h3>Saatmisinfo:<\/h3>\n<p><span style=\"color: #ff6600\">Tootmisaeg: 5-10 t\u00f6\u00f6p\u00e4eva<\/span><br \/>\n<span style=\"color: #ff6600\">Saatmisaeg: 8-14 t\u00f6\u00f6p\u00e4eva<\/span><\/p>\n<p>K\u00f5ik meie poe tooted on 100% originaalsed ja autentsed, seega on v\u00f5ltsitud kaupade eest k\u00fcmnekordne h\u00fcvitis meie poe poliitika. Kasutame kaupade teile tarnimiseks logistikakanaleid nagu UPS\/DHL\/FEDEX\/DPD.<\/p>\n<p>Eestisse saadetud pakkide kohalej\u00f5udmine v\u00f5tab tavaliselt aega 10 t\u00f6\u00f6p\u00e4eva. Euroopa riikidesse saatmine v\u00f5tab tavaliselt aega 12 kuni 15 t\u00f6\u00f6p\u00e4eva. Uuendame logistikainfot teie jaoks reaalajas.<\/p>","protected":false},"excerpt":{"rendered":"<p>Vapsolo Viking 12000 Puffs Vape Pod pakub kauakestvat ja maitsvat veipimiskogemust, erinevaid nikotiiniv\u00f5imalusi ja sujuvat toimimist.<\/p>\n<p>Soodushinna saamiseks v\u00f5tke \u00fchendust Mandy WhatsAppiga<a href=\"https:\/\/wa.me\/8618077105796\">+8618077105796<\/a><\/p>\n<p>&nbsp;<\/p>\n<p><img decoding=\"async\" class=\"alignnone wp-image-2151\" src=\"http:\/\/vapebulkp.com\/wp-content\/uploads\/2024\/04\/Mandy-WhatsApp-Randm.jpg\" alt=\"Mandy WhatsAppi tutvustus\" width=\"297\" height=\"316\" srcset=\"https:\/\/vapebulkp.com\/wp-content\/uploads\/2024\/04\/Mandy-WhatsApp-Randm.jpg 916w, https:\/\/vapebulkp.com\/wp-content\/uploads\/2024\/04\/Mandy-WhatsApp-Randm-282x300.jpg 282w, https:\/\/vapebulkp.com\/wp-content\/uploads\/2024\/04\/Mandy-WhatsApp-Randm-768x817.jpg 768w, https:\/\/vapebulkp.com\/wp-content\/uploads\/2024\/04\/Mandy-WhatsApp-Randm-600x638.jpg 600w\" sizes=\"(max-width: 297px) 100vw, 297px\" \/><\/p>\n<p><span style=\"color: #ff0000\">M\u00c4RKUS: Meie veebisaidi hinnad ei sisalda saatmiskulusid<\/span><\/p>\n<p>&nbsp;<\/p>","protected":false},"featured_media":3246,"comment_status":"open","ping_status":"closed","template":"","meta":{"_uag_custom_page_level_css":"","_lmt_disableupdate":"no","_lmt_disable":"","site-sidebar-layout":"default","site-content-layout":"content-boxed-container","ast-site-content-layout":"normal-width-container","site-content-style":"boxed","site-sidebar-style":"unboxed","ast-global-header-display":"","ast-banner-title-visibility":"","ast-main-header-display":"","ast-hfb-above-header-display":"","ast-hfb-below-header-display":"","ast-hfb-mobile-header-display":"","site-post-title":"","ast-breadcrumbs-content":"","ast-featured-img":"","footer-sml-layout":"","theme-transparent-header-meta":"default","adv-header-id-meta":"","stick-header-meta":"","header-above-stick-meta":"","header-main-stick-meta":"","header-below-stick-meta":"","astra-migrate-meta-layouts":"set","_joinchat":[]},"product_cat":[166,153,155,33,59,100,87,34,158,157,154,152,58,84,156,63,32,362],"product_tag":[36,37,41,40,192],"class_list":["post-3254","product","type-product","status-publish","has-post-thumbnail","hentry","product_cat-12000-puffs-disposable-vape","product_cat-hot-disposable-vapes","product_cat-belgium-hot-disposable-vapes","product_cat-france-vape-hot-sale","product_cat-germany-hot-disposable-vape","product_cat-germany-wholesale-vape-shop","product_cat-minimum-order-quantity-50pcs","product_cat-netherlands-vape-good-sale","product_cat-norway-hot-disposable-vapes","product_cat-poland-hot-disposable-vapes","product_cat-portugal-hot-disposable-vapes","product_cat-spain-hot-disposable-vapes","product_cat-sweden-hot-disposable-vape","product_cat-sweden-wholesale-vape","product_cat-switzerland-hot-disposable-vapes","product_cat-top-sale-disposable-vape","product_cat-vape-hot-sale-this-week","product_cat-vapsolo-vape","product_tag-good-vape","product_tag-hot-sale-disposable-vape","product_tag-poland-hot-vape","product_tag-sweden-hot-vape","product_tag-vapsolo-viking-12k-puffs","pa_brand-vapsolo-vape","desktop-align-left","tablet-align-left","mobile-align-left"],"yoast_head":"<!-- This site is optimized with the Yoast SEO plugin v21.1 - https:\/\/yoast.com\/wordpress\/plugins\/seo\/ -->\n<title>Vapsolo Best Quality Viking 12K Puffs Disposable Vapes - vapebulkp.com<\/title>\n<meta name=\"description\" content=\"Top Sale Vapsolo Viking 12000 Puffs: Premium disposable vape, smooth DTL experience, 12,000 puffs, multiple nicotine options\" \/>\n<meta name=\"robots\" content=\"index, follow, max-snippet:-1, max-image-preview:large, max-video-preview:-1\" \/>\n<link rel=\"canonical\" href=\"https:\/\/vapebulkp.com\/et\/product\/vapsolo-best-quality-viking-12k-puffs-disposable-vapes\/\" \/>\n<meta property=\"og:locale\" content=\"et_EE\" \/>\n<meta property=\"og:type\" content=\"article\" \/>\n<meta property=\"og:title\" content=\"Vapsolo Best Quality Viking 12K Puffs Disposable Vapes - vapebulkp.com\" \/>\n<meta property=\"og:description\" content=\"Top Sale Vapsolo Viking 12000 Puffs: Premium disposable vape, smooth DTL experience, 12,000 puffs, multiple nicotine options\" \/>\n<meta property=\"og:url\" content=\"https:\/\/vapebulkp.com\/et\/product\/vapsolo-best-quality-viking-12k-puffs-disposable-vapes\/\" \/>\n<meta property=\"og:site_name\" content=\"vapebulkp.com\" \/>\n<meta property=\"article:modified_time\" content=\"2025-09-24T03:22:09+00:00\" \/>\n<meta property=\"og:image\" content=\"http:\/\/vapebulkp.com\/wp-content\/uploads\/2024\/12\/Vapsolo-Viking-12K-puffs-Germany-Hot-Vape.png\" \/>\n\t<meta property=\"og:image:width\" content=\"800\" \/>\n\t<meta property=\"og:image:height\" content=\"800\" \/>\n\t<meta property=\"og:image:type\" content=\"image\/png\" \/>\n<meta name=\"twitter:card\" content=\"summary_large_image\" \/>\n<meta name=\"twitter:label1\" content=\"Est. reading time\" \/>\n\t<meta name=\"twitter:data1\" content=\"4 minutit\" \/>\n<script type=\"application\/ld+json\" class=\"yoast-schema-graph\">{\"@context\":\"https:\/\/schema.org\",\"@graph\":[{\"@type\":\"WebPage\",\"@id\":\"https:\/\/vapebulkp.com\/product\/vapsolo-best-quality-viking-12k-puffs-disposable-vapes\/\",\"url\":\"https:\/\/vapebulkp.com\/product\/vapsolo-best-quality-viking-12k-puffs-disposable-vapes\/\",\"name\":\"Vapsolo Best Quality Viking 12K Puffs Disposable Vapes - vapebulkp.com\",\"isPartOf\":{\"@id\":\"https:\/\/vapebulkp.com\/#website\"},\"datePublished\":\"2024-12-18T09:08:48+00:00\",\"dateModified\":\"2025-09-24T03:22:09+00:00\",\"description\":\"Top Sale Vapsolo Viking 12000 Puffs: Premium disposable vape, smooth DTL experience, 12,000 puffs, multiple nicotine options\",\"breadcrumb\":{\"@id\":\"https:\/\/vapebulkp.com\/product\/vapsolo-best-quality-viking-12k-puffs-disposable-vapes\/#breadcrumb\"},\"inLanguage\":\"et\",\"potentialAction\":[{\"@type\":\"ReadAction\",\"target\":[\"https:\/\/vapebulkp.com\/product\/vapsolo-best-quality-viking-12k-puffs-disposable-vapes\/\"]}]},{\"@type\":\"BreadcrumbList\",\"@id\":\"https:\/\/vapebulkp.com\/product\/vapsolo-best-quality-viking-12k-puffs-disposable-vapes\/#breadcrumb\",\"itemListElement\":[{\"@type\":\"ListItem\",\"position\":1,\"name\":\"Home\",\"item\":\"https:\/\/vapebulkp.com\/\"},{\"@type\":\"ListItem\",\"position\":2,\"name\":\"Hot Trend Vapes\",\"item\":\"https:\/\/vapebulkp.com\/vape-shop\/\"},{\"@type\":\"ListItem\",\"position\":3,\"name\":\"Vapsolo Best Quality Viking 12K Puffs Disposable Vapes\"}]},{\"@type\":\"WebSite\",\"@id\":\"https:\/\/vapebulkp.com\/#website\",\"url\":\"https:\/\/vapebulkp.com\/\",\"name\":\"vapebulkp.com\",\"description\":\"Buy Vape In Cheap Bulk Price Near you\",\"publisher\":{\"@id\":\"https:\/\/vapebulkp.com\/#organization\"},\"potentialAction\":[{\"@type\":\"SearchAction\",\"target\":{\"@type\":\"EntryPoint\",\"urlTemplate\":\"https:\/\/vapebulkp.com\/?s={search_term_string}\"},\"query-input\":\"required name=search_term_string\"}],\"inLanguage\":\"et\"},{\"@type\":\"Organization\",\"@id\":\"https:\/\/vapebulkp.com\/#organization\",\"name\":\"vapebulkp.com\",\"url\":\"https:\/\/vapebulkp.com\/\",\"logo\":{\"@type\":\"ImageObject\",\"inLanguage\":\"et\",\"@id\":\"https:\/\/vapebulkp.com\/#\/schema\/logo\/image\/\",\"url\":\"https:\/\/vapebulkp.com\/wp-content\/uploads\/2023\/09\/cropped-vapebulkp.png\",\"contentUrl\":\"https:\/\/vapebulkp.com\/wp-content\/uploads\/2023\/09\/cropped-vapebulkp.png\",\"width\":516,\"height\":163,\"caption\":\"vapebulkp.com\"},\"image\":{\"@id\":\"https:\/\/vapebulkp.com\/#\/schema\/logo\/image\/\"}}]}<\/script>\n<!-- \/ Yoast SEO plugin. -->","yoast_head_json":{"title":"Vapsolo Best Quality Viking 12K Puffs Disposable Vapes - vapebulkp.com","description":"Top Sale Vapsolo Viking 12000 Puffs: Premium disposable vape, smooth DTL experience, 12,000 puffs, multiple nicotine options","robots":{"index":"index","follow":"follow","max-snippet":"max-snippet:-1","max-image-preview":"max-image-preview:large","max-video-preview":"max-video-preview:-1"},"canonical":"https:\/\/vapebulkp.com\/et\/product\/vapsolo-best-quality-viking-12k-puffs-disposable-vapes\/","og_locale":"et_EE","og_type":"article","og_title":"Vapsolo Best Quality Viking 12K Puffs Disposable Vapes - vapebulkp.com","og_description":"Top Sale Vapsolo Viking 12000 Puffs: Premium disposable vape, smooth DTL experience, 12,000 puffs, multiple nicotine options","og_url":"https:\/\/vapebulkp.com\/et\/product\/vapsolo-best-quality-viking-12k-puffs-disposable-vapes\/","og_site_name":"vapebulkp.com","article_modified_time":"2025-09-24T03:22:09+00:00","og_image":[{"width":800,"height":800,"url":"http:\/\/vapebulkp.com\/wp-content\/uploads\/2024\/12\/Vapsolo-Viking-12K-puffs-Germany-Hot-Vape.png","type":"image\/png"}],"twitter_card":"summary_large_image","twitter_misc":{"Est. reading time":"4 minutit"},"schema":{"@context":"https:\/\/schema.org","@graph":[{"@type":"WebPage","@id":"https:\/\/vapebulkp.com\/product\/vapsolo-best-quality-viking-12k-puffs-disposable-vapes\/","url":"https:\/\/vapebulkp.com\/product\/vapsolo-best-quality-viking-12k-puffs-disposable-vapes\/","name":"Vapsolo Best Quality Viking 12K Puffs Disposable Vapes - vapebulkp.com","isPartOf":{"@id":"https:\/\/vapebulkp.com\/#website"},"datePublished":"2024-12-18T09:08:48+00:00","dateModified":"2025-09-24T03:22:09+00:00","description":"Top Sale Vapsolo Viking 12000 Puffs: Premium disposable vape, smooth DTL experience, 12,000 puffs, multiple nicotine options","breadcrumb":{"@id":"https:\/\/vapebulkp.com\/product\/vapsolo-best-quality-viking-12k-puffs-disposable-vapes\/#breadcrumb"},"inLanguage":"et","potentialAction":[{"@type":"ReadAction","target":["https:\/\/vapebulkp.com\/product\/vapsolo-best-quality-viking-12k-puffs-disposable-vapes\/"]}]},{"@type":"BreadcrumbList","@id":"https:\/\/vapebulkp.com\/product\/vapsolo-best-quality-viking-12k-puffs-disposable-vapes\/#breadcrumb","itemListElement":[{"@type":"ListItem","position":1,"name":"Home","item":"https:\/\/vapebulkp.com\/"},{"@type":"ListItem","position":2,"name":"Hot Trend Vapes","item":"https:\/\/vapebulkp.com\/vape-shop\/"},{"@type":"ListItem","position":3,"name":"Vapsolo Best Quality Viking 12K Puffs Disposable Vapes"}]},{"@type":"WebSite","@id":"https:\/\/vapebulkp.com\/#website","url":"https:\/\/vapebulkp.com\/","name":"vapebulkp.com","description":"Buy Vape In Cheap Bulk Price Near you","publisher":{"@id":"https:\/\/vapebulkp.com\/#organization"},"potentialAction":[{"@type":"SearchAction","target":{"@type":"EntryPoint","urlTemplate":"https:\/\/vapebulkp.com\/?s={search_term_string}"},"query-input":"required name=search_term_string"}],"inLanguage":"et"},{"@type":"Organization","@id":"https:\/\/vapebulkp.com\/#organization","name":"vapebulkp.com","url":"https:\/\/vapebulkp.com\/","logo":{"@type":"ImageObject","inLanguage":"et","@id":"https:\/\/vapebulkp.com\/#\/schema\/logo\/image\/","url":"https:\/\/vapebulkp.com\/wp-content\/uploads\/2023\/09\/cropped-vapebulkp.png","contentUrl":"https:\/\/vapebulkp.com\/wp-content\/uploads\/2023\/09\/cropped-vapebulkp.png","width":516,"height":163,"caption":"vapebulkp.com"},"image":{"@id":"https:\/\/vapebulkp.com\/#\/schema\/logo\/image\/"}}]}},"uagb_featured_image_src":{"full":["https:\/\/vapebulkp.com\/wp-content\/uploads\/2024\/12\/Vapsolo-Viking-12K-puffs-Germany-Hot-Vape.png",800,800,false],"thumbnail":["https:\/\/vapebulkp.com\/wp-content\/uploads\/2024\/12\/Vapsolo-Viking-12K-puffs-Germany-Hot-Vape-150x150.png",150,150,true],"medium":["https:\/\/vapebulkp.com\/wp-content\/uploads\/2024\/12\/Vapsolo-Viking-12K-puffs-Germany-Hot-Vape-300x300.png",300,300,true],"medium_large":["https:\/\/vapebulkp.com\/wp-content\/uploads\/2024\/12\/Vapsolo-Viking-12K-puffs-Germany-Hot-Vape-768x768.png",768,768,true],"large":["https:\/\/vapebulkp.com\/wp-content\/uploads\/2024\/12\/Vapsolo-Viking-12K-puffs-Germany-Hot-Vape.png",800,800,false],"1536x1536":["https:\/\/vapebulkp.com\/wp-content\/uploads\/2024\/12\/Vapsolo-Viking-12K-puffs-Germany-Hot-Vape.png",800,800,false],"2048x2048":["https:\/\/vapebulkp.com\/wp-content\/uploads\/2024\/12\/Vapsolo-Viking-12K-puffs-Germany-Hot-Vape.png",800,800,false],"trp-custom-language-flag":["https:\/\/vapebulkp.com\/wp-content\/uploads\/2024\/12\/Vapsolo-Viking-12K-puffs-Germany-Hot-Vape.png",12,12,false],"woocommerce_thumbnail":["https:\/\/vapebulkp.com\/wp-content\/uploads\/2024\/12\/Vapsolo-Viking-12K-puffs-Germany-Hot-Vape-300x300.png",300,300,true],"woocommerce_single":["https:\/\/vapebulkp.com\/wp-content\/uploads\/2024\/12\/Vapsolo-Viking-12K-puffs-Germany-Hot-Vape-600x600.png",600,600,true],"woocommerce_gallery_thumbnail":["https:\/\/vapebulkp.com\/wp-content\/uploads\/2024\/12\/Vapsolo-Viking-12K-puffs-Germany-Hot-Vape-100x100.png",100,100,true],"wcpr-photo-reviews":["https:\/\/vapebulkp.com\/wp-content\/uploads\/2024\/12\/Vapsolo-Viking-12K-puffs-Germany-Hot-Vape.png",500,500,false]},"uagb_author_info":{"display_name":"Mandy vape bulk price","author_link":"https:\/\/vapebulkp.com\/et\/author\/"},"uagb_comment_info":0,"uagb_excerpt":"The Vapsolo Viking 12000 Puffs Vape Pod offers long-lasting, flavorful vaping with a variety of nicotine options and smooth performance. Pls Contact Mandy's WhatsApp For Discount Price+8618077105796 &nbsp; NOTE: Prices on our website does not include shipping costs &nbsp;","_links":{"self":[{"href":"https:\/\/vapebulkp.com\/et\/wp-json\/wp\/v2\/product\/3254","targetHints":{"allow":["GET"]}}],"collection":[{"href":"https:\/\/vapebulkp.com\/et\/wp-json\/wp\/v2\/product"}],"about":[{"href":"https:\/\/vapebulkp.com\/et\/wp-json\/wp\/v2\/types\/product"}],"replies":[{"embeddable":true,"href":"https:\/\/vapebulkp.com\/et\/wp-json\/wp\/v2\/comments?post=3254"}],"wp:featuredmedia":[{"embeddable":true,"href":"https:\/\/vapebulkp.com\/et\/wp-json\/wp\/v2\/media\/3246"}],"wp:attachment":[{"href":"https:\/\/vapebulkp.com\/et\/wp-json\/wp\/v2\/media?parent=3254"}],"wp:term":[{"taxonomy":"product_cat","embeddable":true,"href":"https:\/\/vapebulkp.com\/et\/wp-json\/wp\/v2\/product_cat?post=3254"},{"taxonomy":"product_tag","embeddable":true,"href":"https:\/\/vapebulkp.com\/et\/wp-json\/wp\/v2\/product_tag?post=3254"}],"curies":[{"name":"wp","href":"https:\/\/api.w.org\/{rel}","templated":true}]}}