{"id":3268,"date":"2024-12-20T09:24:34","date_gmt":"2024-12-20T08:24:34","guid":{"rendered":"https:\/\/vapebulkp.com\/?post_type=product&#038;p=3268"},"modified":"2025-09-03T05:31:08","modified_gmt":"2025-09-03T03:31:08","slug":"vookbar-30000-puffs-touch-screen-disposable-vapes-wholesale-price","status":"publish","type":"product","link":"https:\/\/vapebulkp.com\/et\/product\/vookbar-30000-puffs-touch-screen-disposable-vapes-wholesale-price\/","title":{"rendered":"Vookbar 30000 Puffs puutetundliku ekraaniga \u00fchekordselt kasutatavad veibid hulgihinnaga"},"content":{"rendered":"<h1 style=\"text-align: left\">Vookbar 30000 Puffs puutetundliku ekraaniga \u00fchekordselt kasutatavad veibid hulgihinnaga<\/h1>\n<p>&nbsp;<\/p>\n<p>Veip <strong>Vookbar Cyber PRO 30 000 Puffs puuteekraaniga \u00fchekordselt kasutatav veip<\/strong> on parim valik veipijatele, kes otsivad uuendusi, j\u00f5udlust ja mugavust. Sisaldab t\u00e4iustatud <strong>2,01-tollist puuteekraani<\/strong>, see seade pakub t\u00e4pset kontrolli seadete \u00fcle, samas kui selle <strong>topeltv\u00f5rgusilma tehnoloogia<\/strong> tagab rikkaliku maitse ja pehmed pilved. Eelt\u00e4idetud <strong>22 ml esmaklassilise e-vedelikuga<\/strong> ja pakkudes <strong>5% nikotiinisoola tugevust<\/strong>, Vookbar annab kuni <strong>30 000 pahvi<\/strong> Normaalses re\u017eiimis v\u00f5i <strong>15 000 pahvi<\/strong> v\u00f5imsusre\u017eiimis. Kujundatud koos <strong>850mAh laetav aku<\/strong> ja <strong>Type-C kiirlaadimisega<\/strong>, see \u00fchendab kauakestva j\u00f5u kiirete laadimistega. Ideaalne nii isiklikuks kasutamiseks kui ka <strong>hulgim\u00fc\u00fcgi ostjad<\/strong>, Vookbar Cyber PRO paistab silma oma kompaktse suuruse, elegantse disaini ja \u00fcletamatu j\u00f5udluse poolest. Leia oma <strong>hulgi Vookbar Cyber PRO <a href=\"https:\/\/vapebulkp.com\/et\/product-category\/30000-puff-disposable-vape\/\">30000 pahvi \u00fchekordne vape <\/a><\/strong>\u00a0konkurentsiv\u00f5imeliste hindadega juba t\u00e4na!<\/p>\n<p>&nbsp;<\/p>\n<h6>Soodushinna saamiseks v\u00f5tke \u00fchendust Mandy WhatsAppiga<a href=\"https:\/\/wa.me\/8618077105796\">+8618077105796<\/a><\/h6>\n<p>&nbsp;<\/p>\n<p><img decoding=\"async\" class=\"alignnone wp-image-2151\" src=\"http:\/\/vapebulkp.com\/wp-content\/uploads\/2024\/04\/Mandy-WhatsApp-Randm.jpg\" alt=\"Mandy WhatsAppi tutvustus\" width=\"324\" height=\"330\" \/><\/p>\n<div class=\"flex max-w-full flex-col flex-grow\">\n<div class=\"min-h-8 text-message flex w-full flex-col items-end gap-2 whitespace-normal break-words text-start [.text-message+&amp;]:mt-5\" dir=\"auto\" data-message-author-role=\"assistant\" data-message-id=\"1fe1b7df-f0be-476c-874a-f466adf11ab9\" data-message-model-slug=\"gpt-4o\">\n<div class=\"flex w-full flex-col gap-1 empty:hidden first:pt-[3px]\">\n<div class=\"markdown prose w-full break-words dark:prose-invert light\">\n<h2>Miks osta hulgi Vape Vookbar Cyber PRO 30k Puffs aadressil Vapebulkp.com?<\/h2>\n<p><strong>1. Tohutu pahvim\u00e4\u00e4\u00e4r:<\/strong><br \/>\nOma muljetavaldava <strong>30 000 pahvi normaalses re\u017eiimis<\/strong> ja <strong>15 000 t\u00f5mmet Power Mode'is<\/strong>, see seade on loodud pikaajaliseks kasutamiseks ilma kompromissideta.<\/p>\n<p><strong>2. Tipptehnoloogia:<\/strong><br \/>\nVeip <strong>kahe v\u00f5rgust m\u00e4hise s\u00fcsteemiga<\/strong> pakub erakordset maitset ja tihedat auru, samas kui <strong>2,01-tolline HD-ekraan<\/strong> parandab kasutatavust reaalajas seadete ja teavitustega.<\/p>\n<p><strong>3. Rikkalik e-vedeliku maht:<\/strong><br \/>\nT\u00e4idetud <strong>22 ml esmaklassilise e-vedelikuga<\/strong> ja <strong>5% nikotiinitugevusega<\/strong>, tagades sujuvad ja rahuldust pakkuvad t\u00f5mbed igal kasutuskorral.<\/p>\n<p><strong>4. Kauakestev aku:<\/strong><br \/>\nVeip <strong>850mAh laetav aku<\/strong> pakub usaldusv\u00e4\u00e4rset v\u00f5imsust, mida t\u00e4iendab <strong>Type-C kiirlaadimisega<\/strong> kiireks ja t\u00f5husaks laadimiseks.<\/p>\n<p><strong>5. Nutikad funktsioonid:<\/strong><br \/>\nSisaldab <strong>Bluetoothi \u00fchilduvust<\/strong>, <strong>liikumisre\u017eiimi<\/strong>ja <strong>k\u00fclg-nupu juhtimist<\/strong>, muutes selle mitmek\u00fclgseks ja mugavaks t\u00e4nap\u00e4eva kasutajatele.<\/p>\n<p><strong>6. Kompaktne ja kaasaskantav:<\/strong><br \/>\nSelle elegantsed m\u00f5\u00f5tmed (<strong>49x24x93mm<\/strong>) muudab selle lihtsaks kaasaskandmiseks, mis sobib ideaalselt igap\u00e4evaseks veipimiseks v\u00f5i reisimiseks.<\/p>\n<p><strong>7. Eksklusiivsed eelised Vapebulkp.com-is:<\/strong><\/p>\n<ul>\n<li><strong>Taskukohased hinnad<\/strong> hulgiallahindlustega.<\/li>\n<li><strong>Kiire, usaldusv\u00e4\u00e4rne kohaletoimetamine<\/strong> \u00fcle kogu Euroopa.<\/li>\n<li>P\u00f5hjalik klienditugi, et lahendada k\u00f5ik teie vajadused.<\/li>\n<\/ul>\n<p>Usaldusv\u00e4\u00e4rse ja funktsionaalse veipimislahenduse saamiseks usaldage Vapebulkp.com-i, et tarnida <strong>Vookbar Cyber PRO 30k t\u00f5mmet<\/strong> vastupandamatu v\u00e4\u00e4rtusega!<\/p>\n<\/div>\n<\/div>\n<\/div>\n<\/div>\n<h3>Vookbar 30000 Puffs \u00dchekordsed Veibid spetsifikatsioonid<\/h3>\n<ul>\n<li><strong>M\u00f5\u00f5tmed:<\/strong> 49mm x 24mm x 93mm (kompaktne ja kaasaskantav).<\/li>\n<li><strong>Ekraan:<\/strong> 2.01-tolline HD-ekraan selge visuaali ja lihtsa navigeerimise jaoks.<\/li>\n<li><strong>M\u00e4hise t\u00fc\u00fcp:<\/strong> Kahekordne v\u00f5rgust spiraal rikkaliku maitse ja tiheda auru saamiseks.<\/li>\n<li><strong>E-vedeliku maht:<\/strong> 22ML eelt\u00e4idetud premium vape mahl.<\/li>\n<li><strong>Nikotiini kangus:<\/strong> 5%, mis pakub sujuvat ja rahuldust pakkuvat kogemust.<\/li>\n<li><strong>Aku:<\/strong> 850mAh laetav aku koos Type-C kiirlaadimisega.<\/li>\n<li><strong>Pahvi re\u017eiimid:<\/strong>\n<ul>\n<li>Normaalre\u017eiim: Kuni 30 000 pahvi.<\/li>\n<li>V\u00f5imsusre\u017eiim: Kuni 15 000 pahvi.<\/li>\n<\/ul>\n<\/li>\n<li><strong>Kasutamine:<\/strong> Lihtne k\u00fclgnupuga juhtimine toite ja seadistuste jaoks.<\/li>\n<li><strong>Laadimisport:<\/strong> Type-C kiireks ja t\u00f5husaks laadimiseks.<\/li>\n<li><strong>T\u00e4iustatud funktsioonid:<\/strong>\n<ul>\n<li>Bluetooth \u00fchenduvus.<\/li>\n<li>Liikumisre\u017eiim t\u00e4iustatud funktsionaalsuse jaoks.<\/li>\n<li>Kohandatavad veipimisseaded.<\/li>\n<\/ul>\n<\/li>\n<li><strong>Disain:<\/strong> Stiilne, vastupidav ja reisides\u00f5bralik konstruktsioon.<\/li>\n<\/ul>\n<h3>Vookbar 30000 Puffs Vape Pods Maitse<\/h3>\n<p>1. Sinine vaarika j\u00e4\u00e4<br \/>\n2. Virsikuj\u00e4\u00e4<br \/>\n3. Viinamarja j\u00e4\u00e4<br \/>\n4. Maasika arbuus<br \/>\n5. Maasika-banaan<br \/>\n6. Kirsi arbuus<br \/>\n7.Arbuusij\u00e4\u00e4<br \/>\n8.Virsiku mango<br \/>\n9. Maasikas-kiivi<br \/>\n10. Valge maasika j\u00e4\u00e4<br \/>\n11. Valge kummikommi j\u00e4\u00e4<br \/>\n12. K\u00fclmutatud pinacolada<br \/>\n13. Fcking fab<br \/>\n14. Mojito segatud marjad<\/p>\n<p><a href=\"https:\/\/vapebulkp.com\/et\/product\/jnr-vape-mega-box-25000-puff-discount-price-vape-pods\/\"><span style=\"vertical-align: inherit\">JNR VAPE Mega Box 25000 t\u00f5mmet <\/span><\/a><\/p>\n<p><span style=\"vertical-align: inherit\">Leia rohkem tooteid, mis sulle meeldida v\u00f5iksid:<\/span><em><a href=\"https:\/\/wa.me\/8618077105796\"><span style=\"vertical-align: inherit\">\u00a0Osta kohe<\/span><\/a><\/em><\/p>\n<p><span style=\"vertical-align: inherit\">Teised e-sigaretid, mis sulle meeldida v\u00f5ivad:<\/span><a href=\"https:\/\/vapebulkp.com\/et\/product\/waspe-vape-40000-puff-fihp-double-flavour-disposable-vape\/\"><span style=\"vertical-align: inherit\">WASPE FIHP 40000 Puhvetit<\/span><\/a><span style=\"vertical-align: inherit\">\u3001<\/span><a href=\"https:\/\/vapebulkp.com\/et\/product\/wholesale-randm-tornado-9000-puffs-germany\/\"><span style=\"vertical-align: inherit\">RandM 9000 Pahvi<\/span><\/a><span style=\"vertical-align: inherit\">\/ <\/span><a href=\"https:\/\/vapebulkp.com\/et\/fi\/product\/bang-30k-puffs-new-double-taste-good-vape\/\"><span style=\"vertical-align: inherit\">Bang Vape 30000 Puhvetit<\/span><\/a><span style=\"vertical-align: inherit\">\/ <\/span><a href=\"https:\/\/vapebulkp.com\/et\/product\/jnr-alien-10000-puffs-randm-vape-wholesale-price\/\"><span style=\"vertical-align: inherit\">JNR VAPE Alien 10000 t\u00f5mmet<\/span><\/a><\/p>\n<p>&nbsp;<\/p>\n<p>&nbsp;<\/p>\n<h3><strong>Korduma kippuvad k\u00fcsimused enimm\u00fc\u00fcdud vape'i kohta <\/strong>Vookbar 30000 Puhvetit<\/h3>\n<p><strong>1. Kui palju mahve saan Vookbar Vape 30 000 Puffsilt?<\/strong><\/p>\n<ul>\n<li>Vookbar pakub kuni <strong>30 000 pahvi<\/strong> in <strong>Normaalne re\u017eiim<\/strong> ja <strong>15 000 pahvi<\/strong> in <strong>v\u00f5imsusre\u017eiim<\/strong>, tagades pikaajalise kasutuse.<\/li>\n<\/ul>\n<p><strong>2. Milline on Vookbar 30 000 Puffi nikotiinitugevus?<\/strong><\/p>\n<ul>\n<li>Seade sisaldab <strong>5% nikotiinisoolaga<\/strong>, pakkudes iga t\u00f5mbega sujuvat ja rahuldust pakkuvat elamust.<\/li>\n<\/ul>\n<p><strong>3. Kui kaua Vookbari aku kestab?<\/strong><\/p>\n<ul>\n<li>Oma <strong>850mAh laetav aku<\/strong> ja <strong>Type-C kiirlaadimisega<\/strong>, Vookbar pakub usaldusv\u00e4\u00e4rset v\u00f5imsust ja kiireid laadimisi pidevaks kasutamiseks.<\/li>\n<\/ul>\n<p><strong>4. Mis t\u00fc\u00fcpi spiraali Vookbar 30 000 Puffs kasutab?<\/strong><\/p>\n<ul>\n<li>Seade on varustatud <strong>kahe v\u00f5rgust m\u00e4hisega<\/strong>, tagades rikkaliku maitse ja tiheda auru iga pahviga.<\/li>\n<\/ul>\n<p><strong>5. Kas ma saan Vookbar 30 000 Puffs seadeid kohandada?<\/strong><\/p>\n<ul>\n<li>Jah, seadmel on <strong>2,01-tollist puuteekraani<\/strong>, mis v\u00f5imaldab teil h\u00f5lpsasti seadeid kohandada ja oma veipimiskogemust kontrollida.<\/li>\n<\/ul>\n<h3>Saatmisinfo:<\/h3>\n<p><span style=\"color: #ff6600\">Tootmisaeg: 5-10 t\u00f6\u00f6p\u00e4eva<\/span><br \/>\n<span style=\"color: #ff6600\">Saatmisaeg: 8-14 t\u00f6\u00f6p\u00e4eva<\/span><\/p>\n<p>K\u00f5ik meie poe tooted on 100% originaalsed ja autentsed, seega on v\u00f5ltsitud kaupade eest k\u00fcmnekordne h\u00fcvitis meie poe poliitika. Kasutame kaupade teile tarnimiseks logistikakanaleid nagu UPS\/DHL\/FEDEX\/DPD.<\/p>\n<p>Eestisse saadetud pakkide kohalej\u00f5udmine v\u00f5tab tavaliselt aega 10 t\u00f6\u00f6p\u00e4eva. Euroopa riikidesse saatmine v\u00f5tab tavaliselt aega 12 kuni 15 t\u00f6\u00f6p\u00e4eva. Uuendame logistikainfot teie jaoks reaalajas.<\/p>","protected":false},"excerpt":{"rendered":"<p>Vookbar 30000 Puffs puuteekraaniga \u00fchekordselt kasutatavad veibid hulgihindadega. Kauakestev, kvaliteetne ja uuenduslik veipimislahendus. Saadaval hulgitellimused.<\/p>\n<p>Soodushinna saamiseks v\u00f5tke \u00fchendust Mandy WhatsAppiga<a href=\"https:\/\/wa.me\/8618077105796\">+8618077105796<\/a><\/p>\n<p>&nbsp;<\/p>\n<p><img decoding=\"async\" class=\"alignnone wp-image-2151\" src=\"http:\/\/vapebulkp.com\/wp-content\/uploads\/2024\/04\/Mandy-WhatsApp-Randm.jpg\" alt=\"Mandy WhatsAppi tutvustus\" width=\"297\" height=\"316\" srcset=\"https:\/\/vapebulkp.com\/wp-content\/uploads\/2024\/04\/Mandy-WhatsApp-Randm.jpg 916w, https:\/\/vapebulkp.com\/wp-content\/uploads\/2024\/04\/Mandy-WhatsApp-Randm-282x300.jpg 282w, https:\/\/vapebulkp.com\/wp-content\/uploads\/2024\/04\/Mandy-WhatsApp-Randm-768x817.jpg 768w, https:\/\/vapebulkp.com\/wp-content\/uploads\/2024\/04\/Mandy-WhatsApp-Randm-600x638.jpg 600w\" sizes=\"(max-width: 297px) 100vw, 297px\" \/><\/p>\n<p><span style=\"color: #ff0000\">M\u00c4RKUS: Meie veebisaidi hinnad ei sisalda saatmiskulusid<\/span><\/p>\n<p>&nbsp;<\/p>","protected":false},"featured_media":3266,"comment_status":"open","ping_status":"closed","template":"","meta":{"_uag_custom_page_level_css":"","_lmt_disableupdate":"no","_lmt_disable":"","site-sidebar-layout":"default","site-content-layout":"content-boxed-container","ast-site-content-layout":"normal-width-container","site-content-style":"boxed","site-sidebar-style":"unboxed","ast-global-header-display":"","ast-banner-title-visibility":"","ast-main-header-display":"","ast-hfb-above-header-display":"","ast-hfb-below-header-display":"","ast-hfb-mobile-header-display":"","site-post-title":"","ast-breadcrumbs-content":"","ast-featured-img":"","footer-sml-layout":"","theme-transparent-header-meta":"default","adv-header-id-meta":"","stick-header-meta":"","header-above-stick-meta":"","header-main-stick-meta":"","header-below-stick-meta":"","astra-migrate-meta-layouts":"set","_joinchat":[]},"product_cat":[160,153,155,33,59,100,87,34,158,157,154,152,58,84,156,63,32],"product_tag":[36,37,41,40,193],"class_list":["post-3268","product","type-product","status-publish","has-post-thumbnail","hentry","product_cat-30000-puff-disposable-vape","product_cat-hot-disposable-vapes","product_cat-belgium-hot-disposable-vapes","product_cat-france-vape-hot-sale","product_cat-germany-hot-disposable-vape","product_cat-germany-wholesale-vape-shop","product_cat-minimum-order-quantity-50pcs","product_cat-netherlands-vape-good-sale","product_cat-norway-hot-disposable-vapes","product_cat-poland-hot-disposable-vapes","product_cat-portugal-hot-disposable-vapes","product_cat-spain-hot-disposable-vapes","product_cat-sweden-hot-disposable-vape","product_cat-sweden-wholesale-vape","product_cat-switzerland-hot-disposable-vapes","product_cat-top-sale-disposable-vape","product_cat-vape-hot-sale-this-week","product_tag-good-vape","product_tag-hot-sale-disposable-vape","product_tag-poland-hot-vape","product_tag-sweden-hot-vape","product_tag-vookbar-30000-puffs","desktop-align-left","tablet-align-left","mobile-align-left"],"yoast_head":"<!-- This site is optimized with the Yoast SEO plugin v21.1 - https:\/\/yoast.com\/wordpress\/plugins\/seo\/ -->\n<title>Vookbar 30000 Puffs Touch Screen Disposable Vapes Wholesale Price - vapebulkp.com<\/title>\n<meta name=\"description\" content=\"Shop Vookbar 30000 Puffs Touch Screen Disposable Vapes at wholesale prices. High-capacity, sleek design, and advanced features for premium vaping.\" \/>\n<meta name=\"robots\" content=\"index, follow, max-snippet:-1, max-image-preview:large, max-video-preview:-1\" \/>\n<link rel=\"canonical\" href=\"https:\/\/vapebulkp.com\/et\/product\/vookbar-30000-puffs-touch-screen-disposable-vapes-wholesale-price\/\" \/>\n<meta property=\"og:locale\" content=\"et_EE\" \/>\n<meta property=\"og:type\" content=\"article\" \/>\n<meta property=\"og:title\" content=\"Vookbar 30000 Puffs Touch Screen Disposable Vapes Wholesale Price - vapebulkp.com\" \/>\n<meta property=\"og:description\" content=\"Shop Vookbar 30000 Puffs Touch Screen Disposable Vapes at wholesale prices. High-capacity, sleek design, and advanced features for premium vaping.\" \/>\n<meta property=\"og:url\" content=\"https:\/\/vapebulkp.com\/et\/product\/vookbar-30000-puffs-touch-screen-disposable-vapes-wholesale-price\/\" \/>\n<meta property=\"og:site_name\" content=\"vapebulkp.com\" \/>\n<meta property=\"article:modified_time\" content=\"2025-09-03T03:31:08+00:00\" \/>\n<meta property=\"og:image\" content=\"http:\/\/vapebulkp.com\/wp-content\/uploads\/2024\/12\/Vookbar-30000-Puffs-Top-Sale-Vape.png\" \/>\n\t<meta property=\"og:image:width\" content=\"800\" \/>\n\t<meta property=\"og:image:height\" content=\"800\" \/>\n\t<meta property=\"og:image:type\" content=\"image\/png\" \/>\n<meta name=\"twitter:card\" content=\"summary_large_image\" \/>\n<meta name=\"twitter:label1\" content=\"Est. reading time\" \/>\n\t<meta name=\"twitter:data1\" content=\"4 minutit\" \/>\n<script type=\"application\/ld+json\" class=\"yoast-schema-graph\">{\"@context\":\"https:\/\/schema.org\",\"@graph\":[{\"@type\":\"WebPage\",\"@id\":\"https:\/\/vapebulkp.com\/product\/vookbar-30000-puffs-touch-screen-disposable-vapes-wholesale-price\/\",\"url\":\"https:\/\/vapebulkp.com\/product\/vookbar-30000-puffs-touch-screen-disposable-vapes-wholesale-price\/\",\"name\":\"Vookbar 30000 Puffs Touch Screen Disposable Vapes Wholesale Price - vapebulkp.com\",\"isPartOf\":{\"@id\":\"https:\/\/vapebulkp.com\/#website\"},\"datePublished\":\"2024-12-20T08:24:34+00:00\",\"dateModified\":\"2025-09-03T03:31:08+00:00\",\"description\":\"Shop Vookbar 30000 Puffs Touch Screen Disposable Vapes at wholesale prices. High-capacity, sleek design, and advanced features for premium vaping.\",\"breadcrumb\":{\"@id\":\"https:\/\/vapebulkp.com\/product\/vookbar-30000-puffs-touch-screen-disposable-vapes-wholesale-price\/#breadcrumb\"},\"inLanguage\":\"et\",\"potentialAction\":[{\"@type\":\"ReadAction\",\"target\":[\"https:\/\/vapebulkp.com\/product\/vookbar-30000-puffs-touch-screen-disposable-vapes-wholesale-price\/\"]}]},{\"@type\":\"BreadcrumbList\",\"@id\":\"https:\/\/vapebulkp.com\/product\/vookbar-30000-puffs-touch-screen-disposable-vapes-wholesale-price\/#breadcrumb\",\"itemListElement\":[{\"@type\":\"ListItem\",\"position\":1,\"name\":\"Home\",\"item\":\"https:\/\/vapebulkp.com\/\"},{\"@type\":\"ListItem\",\"position\":2,\"name\":\"Hot Trend Vapes\",\"item\":\"https:\/\/vapebulkp.com\/vape-shop\/\"},{\"@type\":\"ListItem\",\"position\":3,\"name\":\"Vookbar 30000 Puffs Touch Screen Disposable Vapes Wholesale Price\"}]},{\"@type\":\"WebSite\",\"@id\":\"https:\/\/vapebulkp.com\/#website\",\"url\":\"https:\/\/vapebulkp.com\/\",\"name\":\"vapebulkp.com\",\"description\":\"Buy Vape In Cheap Bulk Price Near you\",\"publisher\":{\"@id\":\"https:\/\/vapebulkp.com\/#organization\"},\"potentialAction\":[{\"@type\":\"SearchAction\",\"target\":{\"@type\":\"EntryPoint\",\"urlTemplate\":\"https:\/\/vapebulkp.com\/?s={search_term_string}\"},\"query-input\":\"required name=search_term_string\"}],\"inLanguage\":\"et\"},{\"@type\":\"Organization\",\"@id\":\"https:\/\/vapebulkp.com\/#organization\",\"name\":\"vapebulkp.com\",\"url\":\"https:\/\/vapebulkp.com\/\",\"logo\":{\"@type\":\"ImageObject\",\"inLanguage\":\"et\",\"@id\":\"https:\/\/vapebulkp.com\/#\/schema\/logo\/image\/\",\"url\":\"https:\/\/vapebulkp.com\/wp-content\/uploads\/2023\/09\/cropped-vapebulkp.png\",\"contentUrl\":\"https:\/\/vapebulkp.com\/wp-content\/uploads\/2023\/09\/cropped-vapebulkp.png\",\"width\":516,\"height\":163,\"caption\":\"vapebulkp.com\"},\"image\":{\"@id\":\"https:\/\/vapebulkp.com\/#\/schema\/logo\/image\/\"}}]}<\/script>\n<!-- \/ Yoast SEO plugin. -->","yoast_head_json":{"title":"Vookbar 30000 Puffs Touch Screen Disposable Vapes Wholesale Price - vapebulkp.com","description":"Shop Vookbar 30000 Puffs Touch Screen Disposable Vapes at wholesale prices. High-capacity, sleek design, and advanced features for premium vaping.","robots":{"index":"index","follow":"follow","max-snippet":"max-snippet:-1","max-image-preview":"max-image-preview:large","max-video-preview":"max-video-preview:-1"},"canonical":"https:\/\/vapebulkp.com\/et\/product\/vookbar-30000-puffs-touch-screen-disposable-vapes-wholesale-price\/","og_locale":"et_EE","og_type":"article","og_title":"Vookbar 30000 Puffs Touch Screen Disposable Vapes Wholesale Price - vapebulkp.com","og_description":"Shop Vookbar 30000 Puffs Touch Screen Disposable Vapes at wholesale prices. High-capacity, sleek design, and advanced features for premium vaping.","og_url":"https:\/\/vapebulkp.com\/et\/product\/vookbar-30000-puffs-touch-screen-disposable-vapes-wholesale-price\/","og_site_name":"vapebulkp.com","article_modified_time":"2025-09-03T03:31:08+00:00","og_image":[{"width":800,"height":800,"url":"http:\/\/vapebulkp.com\/wp-content\/uploads\/2024\/12\/Vookbar-30000-Puffs-Top-Sale-Vape.png","type":"image\/png"}],"twitter_card":"summary_large_image","twitter_misc":{"Est. reading time":"4 minutit"},"schema":{"@context":"https:\/\/schema.org","@graph":[{"@type":"WebPage","@id":"https:\/\/vapebulkp.com\/product\/vookbar-30000-puffs-touch-screen-disposable-vapes-wholesale-price\/","url":"https:\/\/vapebulkp.com\/product\/vookbar-30000-puffs-touch-screen-disposable-vapes-wholesale-price\/","name":"Vookbar 30000 Puffs Touch Screen Disposable Vapes Wholesale Price - vapebulkp.com","isPartOf":{"@id":"https:\/\/vapebulkp.com\/#website"},"datePublished":"2024-12-20T08:24:34+00:00","dateModified":"2025-09-03T03:31:08+00:00","description":"Shop Vookbar 30000 Puffs Touch Screen Disposable Vapes at wholesale prices. High-capacity, sleek design, and advanced features for premium vaping.","breadcrumb":{"@id":"https:\/\/vapebulkp.com\/product\/vookbar-30000-puffs-touch-screen-disposable-vapes-wholesale-price\/#breadcrumb"},"inLanguage":"et","potentialAction":[{"@type":"ReadAction","target":["https:\/\/vapebulkp.com\/product\/vookbar-30000-puffs-touch-screen-disposable-vapes-wholesale-price\/"]}]},{"@type":"BreadcrumbList","@id":"https:\/\/vapebulkp.com\/product\/vookbar-30000-puffs-touch-screen-disposable-vapes-wholesale-price\/#breadcrumb","itemListElement":[{"@type":"ListItem","position":1,"name":"Home","item":"https:\/\/vapebulkp.com\/"},{"@type":"ListItem","position":2,"name":"Hot Trend Vapes","item":"https:\/\/vapebulkp.com\/vape-shop\/"},{"@type":"ListItem","position":3,"name":"Vookbar 30000 Puffs Touch Screen Disposable Vapes Wholesale Price"}]},{"@type":"WebSite","@id":"https:\/\/vapebulkp.com\/#website","url":"https:\/\/vapebulkp.com\/","name":"vapebulkp.com","description":"Buy Vape In Cheap Bulk Price Near you","publisher":{"@id":"https:\/\/vapebulkp.com\/#organization"},"potentialAction":[{"@type":"SearchAction","target":{"@type":"EntryPoint","urlTemplate":"https:\/\/vapebulkp.com\/?s={search_term_string}"},"query-input":"required name=search_term_string"}],"inLanguage":"et"},{"@type":"Organization","@id":"https:\/\/vapebulkp.com\/#organization","name":"vapebulkp.com","url":"https:\/\/vapebulkp.com\/","logo":{"@type":"ImageObject","inLanguage":"et","@id":"https:\/\/vapebulkp.com\/#\/schema\/logo\/image\/","url":"https:\/\/vapebulkp.com\/wp-content\/uploads\/2023\/09\/cropped-vapebulkp.png","contentUrl":"https:\/\/vapebulkp.com\/wp-content\/uploads\/2023\/09\/cropped-vapebulkp.png","width":516,"height":163,"caption":"vapebulkp.com"},"image":{"@id":"https:\/\/vapebulkp.com\/#\/schema\/logo\/image\/"}}]}},"uagb_featured_image_src":{"full":["https:\/\/vapebulkp.com\/wp-content\/uploads\/2024\/12\/Vookbar-30000-Puffs-Top-Sale-Vape.png",800,800,false],"thumbnail":["https:\/\/vapebulkp.com\/wp-content\/uploads\/2024\/12\/Vookbar-30000-Puffs-Top-Sale-Vape-150x150.png",150,150,true],"medium":["https:\/\/vapebulkp.com\/wp-content\/uploads\/2024\/12\/Vookbar-30000-Puffs-Top-Sale-Vape-300x300.png",300,300,true],"medium_large":["https:\/\/vapebulkp.com\/wp-content\/uploads\/2024\/12\/Vookbar-30000-Puffs-Top-Sale-Vape-768x768.png",768,768,true],"large":["https:\/\/vapebulkp.com\/wp-content\/uploads\/2024\/12\/Vookbar-30000-Puffs-Top-Sale-Vape.png",800,800,false],"1536x1536":["https:\/\/vapebulkp.com\/wp-content\/uploads\/2024\/12\/Vookbar-30000-Puffs-Top-Sale-Vape.png",800,800,false],"2048x2048":["https:\/\/vapebulkp.com\/wp-content\/uploads\/2024\/12\/Vookbar-30000-Puffs-Top-Sale-Vape.png",800,800,false],"trp-custom-language-flag":["https:\/\/vapebulkp.com\/wp-content\/uploads\/2024\/12\/Vookbar-30000-Puffs-Top-Sale-Vape.png",12,12,false],"woocommerce_thumbnail":["https:\/\/vapebulkp.com\/wp-content\/uploads\/2024\/12\/Vookbar-30000-Puffs-Top-Sale-Vape-300x300.png",300,300,true],"woocommerce_single":["https:\/\/vapebulkp.com\/wp-content\/uploads\/2024\/12\/Vookbar-30000-Puffs-Top-Sale-Vape-600x600.png",600,600,true],"woocommerce_gallery_thumbnail":["https:\/\/vapebulkp.com\/wp-content\/uploads\/2024\/12\/Vookbar-30000-Puffs-Top-Sale-Vape-100x100.png",100,100,true],"wcpr-photo-reviews":["https:\/\/vapebulkp.com\/wp-content\/uploads\/2024\/12\/Vookbar-30000-Puffs-Top-Sale-Vape.png",500,500,false]},"uagb_author_info":{"display_name":"Mandy vape bulk price","author_link":"https:\/\/vapebulkp.com\/et\/author\/"},"uagb_comment_info":0,"uagb_excerpt":"Vookbar 30000 Puffs Touch Screen Disposable Vapes at wholesale prices. Long-lasting, high-quality, and innovative vaping solution. Bulk orders available. Pls Contact Mandy's WhatsApp For Discount Price+8618077105796 &nbsp; NOTE: Prices on our website does not include shipping costs &nbsp;","_links":{"self":[{"href":"https:\/\/vapebulkp.com\/et\/wp-json\/wp\/v2\/product\/3268","targetHints":{"allow":["GET"]}}],"collection":[{"href":"https:\/\/vapebulkp.com\/et\/wp-json\/wp\/v2\/product"}],"about":[{"href":"https:\/\/vapebulkp.com\/et\/wp-json\/wp\/v2\/types\/product"}],"replies":[{"embeddable":true,"href":"https:\/\/vapebulkp.com\/et\/wp-json\/wp\/v2\/comments?post=3268"}],"wp:featuredmedia":[{"embeddable":true,"href":"https:\/\/vapebulkp.com\/et\/wp-json\/wp\/v2\/media\/3266"}],"wp:attachment":[{"href":"https:\/\/vapebulkp.com\/et\/wp-json\/wp\/v2\/media?parent=3268"}],"wp:term":[{"taxonomy":"product_cat","embeddable":true,"href":"https:\/\/vapebulkp.com\/et\/wp-json\/wp\/v2\/product_cat?post=3268"},{"taxonomy":"product_tag","embeddable":true,"href":"https:\/\/vapebulkp.com\/et\/wp-json\/wp\/v2\/product_tag?post=3268"}],"curies":[{"name":"wp","href":"https:\/\/api.w.org\/{rel}","templated":true}]}}