{"id":3391,"date":"2025-02-01T09:07:22","date_gmt":"2025-02-01T08:07:22","guid":{"rendered":"https:\/\/vapebulkp.com\/?post_type=product&#038;p=3391"},"modified":"2025-09-16T11:28:40","modified_gmt":"2025-09-16T09:28:40","slug":"waspe-crystal-vape-40000-puffs-disposable-e-cigarette-dual-flavors-wholesale-price","status":"publish","type":"product","link":"https:\/\/vapebulkp.com\/et\/product\/waspe-crystal-vape-40000-puffs-disposable-e-cigarette-dual-flavors-wholesale-price\/","title":{"rendered":"Waspe Crystal Vape 40000 Puhviga \u00dchekordselt Kasutatav E-sigaret Topeltmaitsed Hulgihind"},"content":{"rendered":"<h2 style=\"text-align: left\">Waspe Crystal Vape 40000 Puhviga \u00dchekordselt Kasutatav E-sigaret Topeltmaitsed Hulgihind<\/h2>\n<div class=\"flex max-w-full flex-col flex-grow\">\n<div class=\"min-h-8 text-message flex w-full flex-col items-end gap-2 whitespace-normal break-words text-start [.text-message+&amp;]:mt-5\" dir=\"auto\" data-message-author-role=\"assistant\" data-message-id=\"ebeef09e-6d27-4a31-bd63-f94c3e7cadb1\" data-message-model-slug=\"gpt-4o\">\n<div class=\"flex w-full flex-col gap-1 empty:hidden first:pt-[3px]\">\n<div class=\"markdown prose w-full break-words dark:prose-invert light\">\n<p>Veip <strong>Waspe Crystal Vape 40000 Puffs \u00fchekordselt kasutatav e-sigaret <\/strong>m\u00e4\u00e4ratleb uuesti veipimise mugavuse ja innovatsiooni. See seade, mis on loodud nii juhuslikele kui ka kogenud veipijatele, pakub <strong>kahte maitset<\/strong> koos kuni <strong>20000 pahviga maitse kohta<\/strong>, pakkudes sujuvat ja maitsvat veipimiskogemust. Koos <strong>32 ml eelt\u00e4idetud e-vedeliku mahutavusega<\/strong> ja kohandatavate nikotiinitugevustega <strong>\u00a02% ja 5%<\/strong>, sobib waspe crystal 40000 puff erinevatele eelistustele.<\/p>\n<p>Varustatud <strong>850mAh laetav aku<\/strong> ja <strong>USB Type-C laadimisega<\/strong>, tagab Waspe Crystal Vape pikaajalise j\u00f5udluse ja kiired laadimised. T\u00e4iustatud <strong>0.9\u03a9 topelt v\u00f5rkspiraal<\/strong> suurendab auru tootmist ja maitse selgust, samas kui <strong>automaatne t\u00f5mbega k\u00e4ivitamine<\/strong> tagab kasutusmugavuse. Integreeritud ekraan <strong>LED-ekraan<\/strong> hoiab sind kursis aku- ja e-vedeliku tasemega, lisades elegantsele disainile moodsa funktsionaalsuse.<\/p>\n<p>Ideaalne <strong>reisimiseks, sotsiaalseteks koosviibimisteks v\u00f5i igap\u00e4evaseks kasutamiseks<\/strong>, see WASPE <a href=\"https:\/\/vapebulkp.com\/et\/product-category\/40000-puffs-disposable-vape\/\">40000 pahviga \u00fchekordselt kasutatav e-sigaret<\/a> \u00fchendab stiili, j\u00f5udluse ja praktilisuse, tehes sellest \u00fchekordsete veipide seas parima valiku. Saadaval on ka hulgihind, mis on ideaalne jaem\u00fc\u00fcjatele, kes soovivad seda n\u00f5utud toodet oma valikusse v\u00f5tta.<\/p>\n<\/div>\n<\/div>\n<\/div>\n<\/div>\n<h6>Soodushinna saamiseks v\u00f5tke \u00fchendust Mandy WhatsAppiga<a href=\"https:\/\/wa.me\/8618077105796\">+8618077105796<\/a><\/h6>\n<p><img decoding=\"async\" class=\"alignnone wp-image-2151\" src=\"http:\/\/vapebulkp.com\/wp-content\/uploads\/2024\/04\/Mandy-WhatsApp-Randm.jpg\" alt=\"Mandy WhatsAppi tutvustus\" width=\"324\" height=\"330\" \/><\/p>\n<div class=\"flex max-w-full flex-col flex-grow\">\n<div class=\"min-h-8 text-message flex w-full flex-col items-end gap-2 whitespace-normal break-words text-start [.text-message+&amp;]:mt-5\" dir=\"auto\" data-message-author-role=\"assistant\" data-message-id=\"d24cf626-c018-4805-80f5-44de047f2ba0\" data-message-model-slug=\"gpt-4o\">\n<div class=\"flex w-full flex-col gap-1 empty:hidden first:pt-[3px]\">\n<div class=\"markdown prose w-full break-words dark:prose-invert light\">\n<h2>Miks valida soodsa hinnaga WASPE CRYSTAL 40k Puffs?<strong>\u00a0<\/strong>at <a href=\"https:\/\/vapebulkp.com\/et\/vape-shop\/\">Vapebulkp.com<\/a>?<\/h2>\n<p>Kui tegemist on kvaliteetsete \u00fchekordsete veipidega, siis <strong>WASPE CRYSTAL 40 000 Puffs<\/strong> t\u00f5useb esile esmaklassilise valikuna. Saadaval Eestis <strong>Vapebulkp.com<\/strong>, pakub see uuenduslik e-sigaret \u00fcletamatut j\u00f5udlust, maitsevalikut ja kasutajas\u00f5bralikke funktsioone. Siin on, miks see on veipimishuviliste parim valik:<\/p>\n<ol>\n<li><strong>Erakordne t\u00f5mmete arv<\/strong>: Naudi kuni <strong>40 000 t\u00f5mmet<\/strong>, jagatuna <strong>20 000 t\u00f5mmet maitse kohta<\/strong>, tagades pikaajalise kasutuse ja uskumatu v\u00e4\u00e4rtuse.<\/li>\n<li><strong>Kahe maitse tehnoloogia<\/strong>: Vaheta sujuvalt kahe erineva maitse vahel, pakkudes mitmek\u00fclgset veipimiskogemust, mis on kohandatud sinu meeleolule.<\/li>\n<li><strong>Kohandatavad nikotiini tasemed<\/strong>: Valige <strong>0%, 2%, 3% v\u00f5i 5% nikotiini<\/strong> vastavalt oma isiklikele eelistustele ja elustiilile.<\/li>\n<li><strong>Massiivne e-vedeliku maht<\/strong>: <strong>32 ml eelt\u00e4idetud paagiga<\/strong>pakub see veip kauakestvat naudingut ilma sagedaste vahetusteta.<\/li>\n<li><strong>Laetav aku<\/strong>: Seade t\u00f6\u00f6tab <strong>850 mAh USB Type-C laetava akuga<\/strong>, pakkudes usaldusv\u00e4\u00e4rset j\u00f5udlust kiire ja mugava laadimisega.<\/li>\n<li><strong>T\u00e4iustatud funktsioonid<\/strong>: <strong>0.9\u03a9 topelt v\u00f5rkspiraal<\/strong> tagab rikkaliku aurutootmise, samal ajal kui <strong>LED-ekraan<\/strong> hoiab teid kursis aku ja e-vedeliku tasemega.<\/li>\n<li><strong>Hulgim\u00fc\u00fcgi v\u00f5imalused<\/strong>: Vapebulkp.com pakub konkurentsiv\u00f5imelisi hulgim\u00fc\u00fcgihindu, mis teeb sellest ideaalse platvormi nii \u00fcksikostjatele kui ka jaem\u00fc\u00fcjatele.<\/li>\n<li><strong>Kiire ja usaldusv\u00e4\u00e4rne kohaletoimetamine \u00fcle Euroopa<\/strong>: Keskendudes Euroopa klientidele, tagab Vapebulkp.com kiire kohaletoimetamise ja erakordse klienditeeninduse.<\/li>\n<\/ol>\n<p>Olenemata sellest, kas otsite <strong>kauakestev \u00fchekordne veip<\/strong> v\u00f5i soovite varuda enimm\u00fc\u00fcdud toodet, siis <strong>WASPE CRYSTAL 40 000 Puffs<\/strong> Vapebulkp.com-is on \u00fclim valik maitse, kvaliteedi ja mugavuse osas.<\/p>\n<h3>WASPE CRYSTAL Vapes 40000 mahvi omadused<\/h3>\n<ul>\n<li><strong>Mahvi<\/strong>: Kuni 40 000 (20 000 maitse kohta)<\/li>\n<li><strong>Nikotiin<\/strong>: 0%, 2%, 3%, 5%<\/li>\n<li><strong>E-vedelik<\/strong>: 32 ml eelnevalt t\u00e4idetud maht<\/li>\n<li><strong>Aku<\/strong>: 850 mAh, USB Type-C laadimine<\/li>\n<li><strong>K\u00fcttekeha<\/strong>: 0,9 \u03a9 topeltv\u00f5rgustusega spiraal<\/li>\n<li><strong>Kasutamine<\/strong>: T\u00f5mbega aktiveeritav<\/li>\n<li><strong>Omadused<\/strong>: LED-ekraan, aku<\/li>\n<\/ul>\n<h3>WASPE CRYSTAL 40000 T\u00f5mbe \u00dchekordselt Kasutatavate Vape'ide Maitsete Nimekiri<\/h3>\n<\/div>\n<\/div>\n<\/div>\n<\/div>\n<p>1. Arbuusi j\u00e4\u00e4<br \/>\n2. Red Bulli j\u00e4\u00e4<br \/>\n3. Maasika Red Bull<br \/>\n4. Mustika komm<br \/>\n5. Maasika kiivi<br \/>\n6. Mustika vaarikas<br \/>\n7. Maasika vaarika kirss<br \/>\n8. Virsiku j\u00e4\u00e4<br \/>\n9. Maasika banaan<br \/>\n10. Viinamarja j\u00e4\u00e4<br \/>\n11. Marjade segu<br \/>\n12. Mustika j\u00e4\u00e4<\/p>\n<p><a href=\"https:\/\/vapebulkp.com\/et\/product\/bang-king-35000-puffs-wholesale-puff-tornado-vape\/\"><span style=\"vertical-align: inherit\">Bang King 35000 mahvi <\/span><\/a><\/p>\n<p><span style=\"vertical-align: inherit\">Leia rohkem tooteid, mis sulle meeldida v\u00f5iksid:<\/span><em><a href=\"https:\/\/wa.me\/8618077105796\"><span style=\"vertical-align: inherit\">\u00a0Osta kohe<\/span><\/a><\/em><\/p>\n<p><span style=\"vertical-align: inherit\">Teised e-sigaretid, mis sulle meeldida v\u00f5ivad:<\/span><a href=\"https:\/\/vapebulkp.com\/et\/product\/wholesale-price-bang-kingdoms-rex-32000-puffs-vape-pod\/\"><span style=\"vertical-align: inherit\">Bang Kingdoms 32000 Puhvi<\/span><\/a><span style=\"vertical-align: inherit\">\u3001<\/span><a href=\"https:\/\/vapebulkp.com\/et\/product\/razz-bar-25000-puffs-wholesale-price-vape-eu-warehouse\/\"><span style=\"vertical-align: inherit\">RAZZBAR 25000 mahvi<\/span><\/a><span style=\"vertical-align: inherit\">\/ <\/span><a href=\"https:\/\/vapebulkp.com\/et\/product\/vapsolo-best-quality-viking-12k-puffs-disposable-vapes\/\"><span style=\"vertical-align: inherit\">Vapsolo viking 12000 Puhvi<\/span><\/a><span style=\"vertical-align: inherit\">\/ <\/span><a href=\"https:\/\/vapebulkp.com\/et\/product\/uwin-tornado-music-35k-puffs-vape-wholesale-nicotine-free\/\"><span style=\"vertical-align: inherit\">UWIN Tornado Music 35000 mahvi<\/span><\/a><\/p>\n<h4>KKK WASPE CRYSTAL 40000 T\u00f5mbe Hulgim\u00fc\u00fcgi Vape'ide kohta<\/h4>\n<div class=\"flex max-w-full flex-col flex-grow\">\n<div class=\"min-h-8 text-message flex w-full flex-col items-end gap-2 whitespace-normal break-words text-start [.text-message+&amp;]:mt-5\" dir=\"auto\" data-message-author-role=\"assistant\" data-message-id=\"67b557fa-6250-453f-85c1-f724d371f19e\" data-message-model-slug=\"gpt-4o-mini\">\n<div class=\"flex w-full flex-col gap-1 empty:hidden first:pt-[3px]\">\n<div class=\"markdown prose w-full break-words dark:prose-invert light\">\n<p><strong>1. Mis on WASPE CRYSTAL 40 000 T\u00f5mbe t\u00f5mmete arv?<\/strong><br \/>\nVeip <strong>WASPE CRYSTAL 40 000 Puffs<\/strong> pakub muljetavaldavat <strong>40 000 t\u00f5mmet<\/strong>, kusjuures <strong>20 000 t\u00f5mmet maitse kohta<\/strong>, pakkudes pikemat aurustamiskogemust, mis kestab kauem kui enamik \u00fchekordselt kasutatavaid vape'e.<\/p>\n<p><strong>2. Millised nikotiinivalikud on saadaval WASPE CRYSTAL 40 000 t\u00f5mbe vape'i jaoks?<\/strong><br \/>\nVeip <strong>WASPE KRISTALL<\/strong> pakub paindlikke nikotiinisisaldusi, et rahuldada teie eelistusi, sealhulgas <strong>0%, 2%, 3% ja 5% nikotiin<\/strong> valikud, mis v\u00f5imaldavad teil oma veipimiskogemust kohandada.<\/p>\n<p><strong>3. Kas WASPE Vape CRYSTAL 40 000 mahvi sobib pikaajaliseks kasutamiseks?<\/strong><br \/>\nJah, oma <strong>kahe maitse s\u00fcsteemiga<\/strong>, <strong>suur e-vedeliku maht<\/strong>ja suurendatud mahvide arvuga on <strong>WASPE KRISTALL<\/strong> m\u00f5eldud pikaajaliseks kasutamiseks, pakkudes <strong>mugavat ja usaldusv\u00e4\u00e4rset veipimislahendust<\/strong> igap\u00e4evaseks nautimiseks.<\/p>\n<p><strong>4. Millised on Vapebulkp.com-ist WASPE CRYSTAL 40 000 mahvi hulgiostu eelised?<\/strong><br \/>\nOstes <strong>Vapebulkp.com<\/strong>, saate <strong>konkurentsiv\u00f5imelised hulgim\u00fc\u00fcgihinnad<\/strong>, <strong>suurep\u00e4rane klienditeenindus<\/strong>ja <strong>kiire kohaletoimetamine<\/strong> \u00fcle kogu Euroopa. Lisaks pakub <strong>WASPE CRYSTAL 40 000 Puffs<\/strong> pakub v\u00f5rratut <strong>kvaliteet<\/strong>, <strong>maitsevalikut<\/strong>ja <strong>kauakestev j\u00f5udlus<\/strong>.<\/p>\n<p>Olenemata sellest, kas olete tavaline veiper v\u00f5i jaem\u00fc\u00fcja, kes otsib kvaliteetset ja kauakestvat toodet, <strong>WASPE CRYSTAL 40 000 Puffs<\/strong> on parim valik, mis on saadaval aadressil <strong>Vapebulkp.com.<\/strong><\/p>\n<\/div>\n<\/div>\n<\/div>\n<\/div>\n<h4>Saatmisinfo:<\/h4>\n<p><span style=\"color: #ff6600\">Tootmisaeg: 5-10 t\u00f6\u00f6p\u00e4eva<\/span><br \/>\n<span style=\"color: #ff6600\">Saatmisaeg: 8-14 t\u00f6\u00f6p\u00e4eva<\/span><\/p>\n<p>K\u00f5ik meie poe tooted on 100% originaalsed ja autentsed, seega on v\u00f5ltsitud kaupade eest k\u00fcmnekordne h\u00fcvitis meie poe poliitika. Kasutame kaupade teile tarnimiseks logistikakanaleid nagu UPS\/DHL\/FEDEX\/DPD.<\/p>\n<p>Eestisse saadetud pakkide kohalej\u00f5udmine v\u00f5tab tavaliselt aega 10 t\u00f6\u00f6p\u00e4eva. Euroopa riikidesse saatmine v\u00f5tab tavaliselt aega 12 kuni 15 t\u00f6\u00f6p\u00e4eva. Uuendame logistikainfot teie jaoks reaalajas.<\/p>","protected":false},"excerpt":{"rendered":"<div class=\"flex-shrink-0 flex flex-col relative items-end\">\n<div class=\"pt-0\">\n<div class=\"gizmo-bot-avatar flex h-8 w-8 items-center justify-center overflow-hidden rounded-full\">\n<div class=\"relative p-1 rounded-sm flex items-center justify-center bg-token-main-surface-primary text-token-text-primary h-8 w-8\">\n<ul>\n<li><strong>WASPE CRYSTAL 40000 Puffs Vape Pen topelt maitsetega pikkadeks seanssideks<\/strong><\/li>\n<li><strong>Laetav WASPE CRYSTAL 40 000 Puffs \u00fchekordselt kasutatav e-sigaret pikendatud veipimiseks<\/strong><\/li>\n<li><strong>WASPE CRYSTAL 40k Puffs elektrooniline veip reguleeritava nikotiini ja jahutavate maitsetega<\/strong><\/li>\n<\/ul>\n<\/div>\n<\/div>\n<\/div>\n<\/div>\n<p>Soodushinna saamiseks v\u00f5tke \u00fchendust Mandy WhatsAppiga<a href=\"https:\/\/wa.me\/8618077105796\">+8618077105796<\/a><\/p>\n<p><img decoding=\"async\" class=\"alignnone wp-image-2151\" src=\"http:\/\/vapebulkp.com\/wp-content\/uploads\/2024\/04\/Mandy-WhatsApp-Randm.jpg\" alt=\"Mandy WhatsAppi tutvustus\" width=\"297\" height=\"316\" srcset=\"https:\/\/vapebulkp.com\/wp-content\/uploads\/2024\/04\/Mandy-WhatsApp-Randm.jpg 916w, https:\/\/vapebulkp.com\/wp-content\/uploads\/2024\/04\/Mandy-WhatsApp-Randm-282x300.jpg 282w, https:\/\/vapebulkp.com\/wp-content\/uploads\/2024\/04\/Mandy-WhatsApp-Randm-768x817.jpg 768w, https:\/\/vapebulkp.com\/wp-content\/uploads\/2024\/04\/Mandy-WhatsApp-Randm-600x638.jpg 600w\" sizes=\"(max-width: 297px) 100vw, 297px\" \/><\/p>\n<p><span style=\"color: #ff0000\">M\u00c4RKUS: Meie veebisaidi hinnad ei sisalda saatmiskulusid<\/span><\/p>\n<p>&nbsp;<\/p>","protected":false},"featured_media":3389,"comment_status":"open","ping_status":"closed","template":"","meta":{"_uag_custom_page_level_css":"","_lmt_disableupdate":"no","_lmt_disable":"","site-sidebar-layout":"default","site-content-layout":"content-boxed-container","ast-site-content-layout":"normal-width-container","site-content-style":"boxed","site-sidebar-style":"unboxed","ast-global-header-display":"","ast-banner-title-visibility":"","ast-main-header-display":"","ast-hfb-above-header-display":"","ast-hfb-below-header-display":"","ast-hfb-mobile-header-display":"","site-post-title":"","ast-breadcrumbs-content":"","ast-featured-img":"","footer-sml-layout":"","theme-transparent-header-meta":"default","adv-header-id-meta":"","stick-header-meta":"","header-above-stick-meta":"","header-main-stick-meta":"","header-below-stick-meta":"","astra-migrate-meta-layouts":"set","_joinchat":[]},"product_cat":[182,153,155,33,59,100,87,34,158,157,154,152,58,84,156,63,32,365],"product_tag":[36,37,41,40,203],"class_list":["post-3391","product","type-product","status-publish","has-post-thumbnail","hentry","product_cat-40000-puffs-disposable-vape","product_cat-hot-disposable-vapes","product_cat-belgium-hot-disposable-vapes","product_cat-france-vape-hot-sale","product_cat-germany-hot-disposable-vape","product_cat-germany-wholesale-vape-shop","product_cat-minimum-order-quantity-50pcs","product_cat-netherlands-vape-good-sale","product_cat-norway-hot-disposable-vapes","product_cat-poland-hot-disposable-vapes","product_cat-portugal-hot-disposable-vapes","product_cat-spain-hot-disposable-vapes","product_cat-sweden-hot-disposable-vape","product_cat-sweden-wholesale-vape","product_cat-switzerland-hot-disposable-vapes","product_cat-top-sale-disposable-vape","product_cat-vape-hot-sale-this-week","product_cat-waspe-vape","product_tag-good-vape","product_tag-hot-sale-disposable-vape","product_tag-poland-hot-vape","product_tag-sweden-hot-vape","product_tag-waspe-crystal-vape-40000-puffs","pa_brand-waspe-vape","desktop-align-left","tablet-align-left","mobile-align-left"],"yoast_head":"<!-- This site is optimized with the Yoast SEO plugin v21.1 - https:\/\/yoast.com\/wordpress\/plugins\/seo\/ -->\n<title>Waspe Crystal Vape 40000 Puffs Disposable E-Cigarette Dual Flavors Wholesale Price - vapebulkp.com<\/title>\n<meta name=\"description\" content=\"Shop Waspe Crystal Vape 40000 Puffs with dual flavors, rechargeable design, and wholesale pricing at Vapebulkp.com!\" \/>\n<meta name=\"robots\" content=\"index, follow, max-snippet:-1, max-image-preview:large, max-video-preview:-1\" \/>\n<link rel=\"canonical\" href=\"https:\/\/vapebulkp.com\/et\/product\/waspe-crystal-vape-40000-puffs-disposable-e-cigarette-dual-flavors-wholesale-price\/\" \/>\n<meta property=\"og:locale\" content=\"et_EE\" \/>\n<meta property=\"og:type\" content=\"article\" \/>\n<meta property=\"og:title\" content=\"Waspe Crystal Vape 40000 Puffs Disposable E-Cigarette Dual Flavors Wholesale Price - vapebulkp.com\" \/>\n<meta property=\"og:description\" content=\"Shop Waspe Crystal Vape 40000 Puffs with dual flavors, rechargeable design, and wholesale pricing at Vapebulkp.com!\" \/>\n<meta property=\"og:url\" content=\"https:\/\/vapebulkp.com\/et\/product\/waspe-crystal-vape-40000-puffs-disposable-e-cigarette-dual-flavors-wholesale-price\/\" \/>\n<meta property=\"og:site_name\" content=\"vapebulkp.com\" \/>\n<meta property=\"article:modified_time\" content=\"2025-09-16T09:28:40+00:00\" \/>\n<meta property=\"og:image\" content=\"http:\/\/vapebulkp.com\/wp-content\/uploads\/2025\/01\/WASPE-CRYSTAL-VAPE-40000-PUFF-VAPE-PODS.jpg\" \/>\n\t<meta property=\"og:image:width\" content=\"800\" \/>\n\t<meta property=\"og:image:height\" content=\"800\" \/>\n\t<meta property=\"og:image:type\" content=\"image\/jpeg\" \/>\n<meta name=\"twitter:card\" content=\"summary_large_image\" \/>\n<meta name=\"twitter:label1\" content=\"Est. reading time\" \/>\n\t<meta name=\"twitter:data1\" content=\"4 minutit\" \/>\n<script type=\"application\/ld+json\" class=\"yoast-schema-graph\">{\"@context\":\"https:\/\/schema.org\",\"@graph\":[{\"@type\":\"WebPage\",\"@id\":\"https:\/\/vapebulkp.com\/product\/waspe-crystal-vape-40000-puffs-disposable-e-cigarette-dual-flavors-wholesale-price\/\",\"url\":\"https:\/\/vapebulkp.com\/product\/waspe-crystal-vape-40000-puffs-disposable-e-cigarette-dual-flavors-wholesale-price\/\",\"name\":\"Waspe Crystal Vape 40000 Puffs Disposable E-Cigarette Dual Flavors Wholesale Price - vapebulkp.com\",\"isPartOf\":{\"@id\":\"https:\/\/vapebulkp.com\/#website\"},\"datePublished\":\"2025-02-01T08:07:22+00:00\",\"dateModified\":\"2025-09-16T09:28:40+00:00\",\"description\":\"Shop Waspe Crystal Vape 40000 Puffs with dual flavors, rechargeable design, and wholesale pricing at Vapebulkp.com!\",\"breadcrumb\":{\"@id\":\"https:\/\/vapebulkp.com\/product\/waspe-crystal-vape-40000-puffs-disposable-e-cigarette-dual-flavors-wholesale-price\/#breadcrumb\"},\"inLanguage\":\"et\",\"potentialAction\":[{\"@type\":\"ReadAction\",\"target\":[\"https:\/\/vapebulkp.com\/product\/waspe-crystal-vape-40000-puffs-disposable-e-cigarette-dual-flavors-wholesale-price\/\"]}]},{\"@type\":\"BreadcrumbList\",\"@id\":\"https:\/\/vapebulkp.com\/product\/waspe-crystal-vape-40000-puffs-disposable-e-cigarette-dual-flavors-wholesale-price\/#breadcrumb\",\"itemListElement\":[{\"@type\":\"ListItem\",\"position\":1,\"name\":\"Home\",\"item\":\"https:\/\/vapebulkp.com\/\"},{\"@type\":\"ListItem\",\"position\":2,\"name\":\"Hot Trend Vapes\",\"item\":\"https:\/\/vapebulkp.com\/vape-shop\/\"},{\"@type\":\"ListItem\",\"position\":3,\"name\":\"Waspe Crystal Vape 40000 Puffs Disposable E-Cigarette Dual Flavors Wholesale Price\"}]},{\"@type\":\"WebSite\",\"@id\":\"https:\/\/vapebulkp.com\/#website\",\"url\":\"https:\/\/vapebulkp.com\/\",\"name\":\"vapebulkp.com\",\"description\":\"Buy Vape In Cheap Bulk Price Near you\",\"publisher\":{\"@id\":\"https:\/\/vapebulkp.com\/#organization\"},\"potentialAction\":[{\"@type\":\"SearchAction\",\"target\":{\"@type\":\"EntryPoint\",\"urlTemplate\":\"https:\/\/vapebulkp.com\/?s={search_term_string}\"},\"query-input\":\"required name=search_term_string\"}],\"inLanguage\":\"et\"},{\"@type\":\"Organization\",\"@id\":\"https:\/\/vapebulkp.com\/#organization\",\"name\":\"vapebulkp.com\",\"url\":\"https:\/\/vapebulkp.com\/\",\"logo\":{\"@type\":\"ImageObject\",\"inLanguage\":\"et\",\"@id\":\"https:\/\/vapebulkp.com\/#\/schema\/logo\/image\/\",\"url\":\"https:\/\/vapebulkp.com\/wp-content\/uploads\/2023\/09\/cropped-vapebulkp.png\",\"contentUrl\":\"https:\/\/vapebulkp.com\/wp-content\/uploads\/2023\/09\/cropped-vapebulkp.png\",\"width\":516,\"height\":163,\"caption\":\"vapebulkp.com\"},\"image\":{\"@id\":\"https:\/\/vapebulkp.com\/#\/schema\/logo\/image\/\"}}]}<\/script>\n<!-- \/ Yoast SEO plugin. -->","yoast_head_json":{"title":"Waspe Crystal Vape 40000 Puffs Disposable E-Cigarette Dual Flavors Wholesale Price - vapebulkp.com","description":"Shop Waspe Crystal Vape 40000 Puffs with dual flavors, rechargeable design, and wholesale pricing at Vapebulkp.com!","robots":{"index":"index","follow":"follow","max-snippet":"max-snippet:-1","max-image-preview":"max-image-preview:large","max-video-preview":"max-video-preview:-1"},"canonical":"https:\/\/vapebulkp.com\/et\/product\/waspe-crystal-vape-40000-puffs-disposable-e-cigarette-dual-flavors-wholesale-price\/","og_locale":"et_EE","og_type":"article","og_title":"Waspe Crystal Vape 40000 Puffs Disposable E-Cigarette Dual Flavors Wholesale Price - vapebulkp.com","og_description":"Shop Waspe Crystal Vape 40000 Puffs with dual flavors, rechargeable design, and wholesale pricing at Vapebulkp.com!","og_url":"https:\/\/vapebulkp.com\/et\/product\/waspe-crystal-vape-40000-puffs-disposable-e-cigarette-dual-flavors-wholesale-price\/","og_site_name":"vapebulkp.com","article_modified_time":"2025-09-16T09:28:40+00:00","og_image":[{"width":800,"height":800,"url":"http:\/\/vapebulkp.com\/wp-content\/uploads\/2025\/01\/WASPE-CRYSTAL-VAPE-40000-PUFF-VAPE-PODS.jpg","type":"image\/jpeg"}],"twitter_card":"summary_large_image","twitter_misc":{"Est. reading time":"4 minutit"},"schema":{"@context":"https:\/\/schema.org","@graph":[{"@type":"WebPage","@id":"https:\/\/vapebulkp.com\/product\/waspe-crystal-vape-40000-puffs-disposable-e-cigarette-dual-flavors-wholesale-price\/","url":"https:\/\/vapebulkp.com\/product\/waspe-crystal-vape-40000-puffs-disposable-e-cigarette-dual-flavors-wholesale-price\/","name":"Waspe Crystal Vape 40000 Puffs Disposable E-Cigarette Dual Flavors Wholesale Price - vapebulkp.com","isPartOf":{"@id":"https:\/\/vapebulkp.com\/#website"},"datePublished":"2025-02-01T08:07:22+00:00","dateModified":"2025-09-16T09:28:40+00:00","description":"Shop Waspe Crystal Vape 40000 Puffs with dual flavors, rechargeable design, and wholesale pricing at Vapebulkp.com!","breadcrumb":{"@id":"https:\/\/vapebulkp.com\/product\/waspe-crystal-vape-40000-puffs-disposable-e-cigarette-dual-flavors-wholesale-price\/#breadcrumb"},"inLanguage":"et","potentialAction":[{"@type":"ReadAction","target":["https:\/\/vapebulkp.com\/product\/waspe-crystal-vape-40000-puffs-disposable-e-cigarette-dual-flavors-wholesale-price\/"]}]},{"@type":"BreadcrumbList","@id":"https:\/\/vapebulkp.com\/product\/waspe-crystal-vape-40000-puffs-disposable-e-cigarette-dual-flavors-wholesale-price\/#breadcrumb","itemListElement":[{"@type":"ListItem","position":1,"name":"Home","item":"https:\/\/vapebulkp.com\/"},{"@type":"ListItem","position":2,"name":"Hot Trend Vapes","item":"https:\/\/vapebulkp.com\/vape-shop\/"},{"@type":"ListItem","position":3,"name":"Waspe Crystal Vape 40000 Puffs Disposable E-Cigarette Dual Flavors Wholesale Price"}]},{"@type":"WebSite","@id":"https:\/\/vapebulkp.com\/#website","url":"https:\/\/vapebulkp.com\/","name":"vapebulkp.com","description":"Buy Vape In Cheap Bulk Price Near you","publisher":{"@id":"https:\/\/vapebulkp.com\/#organization"},"potentialAction":[{"@type":"SearchAction","target":{"@type":"EntryPoint","urlTemplate":"https:\/\/vapebulkp.com\/?s={search_term_string}"},"query-input":"required name=search_term_string"}],"inLanguage":"et"},{"@type":"Organization","@id":"https:\/\/vapebulkp.com\/#organization","name":"vapebulkp.com","url":"https:\/\/vapebulkp.com\/","logo":{"@type":"ImageObject","inLanguage":"et","@id":"https:\/\/vapebulkp.com\/#\/schema\/logo\/image\/","url":"https:\/\/vapebulkp.com\/wp-content\/uploads\/2023\/09\/cropped-vapebulkp.png","contentUrl":"https:\/\/vapebulkp.com\/wp-content\/uploads\/2023\/09\/cropped-vapebulkp.png","width":516,"height":163,"caption":"vapebulkp.com"},"image":{"@id":"https:\/\/vapebulkp.com\/#\/schema\/logo\/image\/"}}]}},"uagb_featured_image_src":{"full":["https:\/\/vapebulkp.com\/wp-content\/uploads\/2025\/01\/WASPE-CRYSTAL-VAPE-40000-PUFF-VAPE-PODS.jpg",800,800,false],"thumbnail":["https:\/\/vapebulkp.com\/wp-content\/uploads\/2025\/01\/WASPE-CRYSTAL-VAPE-40000-PUFF-VAPE-PODS-150x150.jpg",150,150,true],"medium":["https:\/\/vapebulkp.com\/wp-content\/uploads\/2025\/01\/WASPE-CRYSTAL-VAPE-40000-PUFF-VAPE-PODS-300x300.jpg",300,300,true],"medium_large":["https:\/\/vapebulkp.com\/wp-content\/uploads\/2025\/01\/WASPE-CRYSTAL-VAPE-40000-PUFF-VAPE-PODS-768x768.jpg",768,768,true],"large":["https:\/\/vapebulkp.com\/wp-content\/uploads\/2025\/01\/WASPE-CRYSTAL-VAPE-40000-PUFF-VAPE-PODS.jpg",800,800,false],"1536x1536":["https:\/\/vapebulkp.com\/wp-content\/uploads\/2025\/01\/WASPE-CRYSTAL-VAPE-40000-PUFF-VAPE-PODS.jpg",800,800,false],"2048x2048":["https:\/\/vapebulkp.com\/wp-content\/uploads\/2025\/01\/WASPE-CRYSTAL-VAPE-40000-PUFF-VAPE-PODS.jpg",800,800,false],"trp-custom-language-flag":["https:\/\/vapebulkp.com\/wp-content\/uploads\/2025\/01\/WASPE-CRYSTAL-VAPE-40000-PUFF-VAPE-PODS.jpg",12,12,false],"woocommerce_thumbnail":["https:\/\/vapebulkp.com\/wp-content\/uploads\/2025\/01\/WASPE-CRYSTAL-VAPE-40000-PUFF-VAPE-PODS-300x300.jpg",300,300,true],"woocommerce_single":["https:\/\/vapebulkp.com\/wp-content\/uploads\/2025\/01\/WASPE-CRYSTAL-VAPE-40000-PUFF-VAPE-PODS-600x600.jpg",600,600,true],"woocommerce_gallery_thumbnail":["https:\/\/vapebulkp.com\/wp-content\/uploads\/2025\/01\/WASPE-CRYSTAL-VAPE-40000-PUFF-VAPE-PODS-100x100.jpg",100,100,true],"wcpr-photo-reviews":["https:\/\/vapebulkp.com\/wp-content\/uploads\/2025\/01\/WASPE-CRYSTAL-VAPE-40000-PUFF-VAPE-PODS.jpg",500,500,false]},"uagb_author_info":{"display_name":"Mandy vape bulk price","author_link":"https:\/\/vapebulkp.com\/et\/author\/"},"uagb_comment_info":0,"uagb_excerpt":"WASPE CRYSTAL 40000 Puffs Vape Pen with Dual Flavors for Long-Lasting Sessions Rechargeable WASPE CRYSTAL 40,000 Puff Disposable E-Cigarette for Prolonged Vaping WASPE CRYSTAL 40k Puffs Electronic Vape with Adjustable Nicotine and Cooling Flavors Pls Contact Mandy's WhatsApp For Discount Price+8618077105796 NOTE: Prices on our website does not include shipping costs &nbsp;","_links":{"self":[{"href":"https:\/\/vapebulkp.com\/et\/wp-json\/wp\/v2\/product\/3391","targetHints":{"allow":["GET"]}}],"collection":[{"href":"https:\/\/vapebulkp.com\/et\/wp-json\/wp\/v2\/product"}],"about":[{"href":"https:\/\/vapebulkp.com\/et\/wp-json\/wp\/v2\/types\/product"}],"replies":[{"embeddable":true,"href":"https:\/\/vapebulkp.com\/et\/wp-json\/wp\/v2\/comments?post=3391"}],"wp:featuredmedia":[{"embeddable":true,"href":"https:\/\/vapebulkp.com\/et\/wp-json\/wp\/v2\/media\/3389"}],"wp:attachment":[{"href":"https:\/\/vapebulkp.com\/et\/wp-json\/wp\/v2\/media?parent=3391"}],"wp:term":[{"taxonomy":"product_cat","embeddable":true,"href":"https:\/\/vapebulkp.com\/et\/wp-json\/wp\/v2\/product_cat?post=3391"},{"taxonomy":"product_tag","embeddable":true,"href":"https:\/\/vapebulkp.com\/et\/wp-json\/wp\/v2\/product_tag?post=3391"}],"curies":[{"name":"wp","href":"https:\/\/api.w.org\/{rel}","templated":true}]}}