{"id":3410,"date":"2025-01-29T10:52:28","date_gmt":"2025-01-29T09:52:28","guid":{"rendered":"https:\/\/vapebulkp.com\/?post_type=product&#038;p=3410"},"modified":"2025-09-17T10:32:25","modified_gmt":"2025-09-17T08:32:25","slug":"fihp-digital-12000-puffs-disposable-e-cigarette-stylish-reliable-vape","status":"publish","type":"product","link":"https:\/\/vapebulkp.com\/et\/product\/fihp-digital-12000-puffs-disposable-e-cigarette-stylish-reliable-vape\/","title":{"rendered":"FIHP Digital 12000 pahvi \u00fchekordselt kasutatav e-sigaret Stiilne usaldusv\u00e4\u00e4rne vape"},"content":{"rendered":"<h2>FIHP Digital 12000 pahvi \u00fchekordselt kasutatav e-sigaret Stiilne usaldusv\u00e4\u00e4rne vape<\/h2>\n<p>&nbsp;<\/p>\n<p>Veip <strong>FIHP Digital 12000 Puffs \u00fchekordselt kasutatav e-sigaret<\/strong> m\u00e4\u00e4ratleb veipimise maailmas uuesti keerukuse. Disainitud kaasaegse elegantsi ja tipptasemel innovatsiooniga, pakub see esmaklassiline seade stiili, t\u00f6\u00f6kindluse ja j\u00f5udluse sujuvat kombinatsiooni n\u00f5udlikule veipijale.<\/p>\n<p>Oma muljetavaldava pahvide arvuga <strong>12,000<\/strong>, tagab FIHP Digital kauakestva rahulolu, tehes sellest ideaalse valiku neile, kes hindavad vastupidavust ja mugavust. Eelt\u00e4idetud <strong>20 ml asjatundlikult loodud e-vedelikuga<\/strong> ja saadaval <strong>2% ja 5% nikotiini tugevusega<\/strong>, pakub see sujuvat ja rahuldust pakkuvat kogemust, mis on kohandatud vastavalt teie eelistustele.<\/p>\n<p>A <strong>650mAh laetav aku<\/strong> koos <strong>Type-C kiirlaadimisega<\/strong> tagab katkematu nautimise, samas kui elegantne <strong>LED-ekraan<\/strong> hoiab teid kursis aku taseme ja pahvide kasutusega. See uuenduslik funktsioon r\u00f5hutab seadme tipptasemel funktsionaalsust, teenindades veipijaid, kes eelistavad t\u00e4psust ja kontrolli.<\/p>\n<p>Kompaktne ja stiilne FIHP Digital sobib suurep\u00e4raselt <strong>seltskondlikeks s\u00fcndmusteks, reisimiseks<\/strong>v\u00f5i igap\u00e4evaseks naudinguks. Selle suurep\u00e4rane viimistlus ja elegantne disain t\u00f5stavad selle tavalisest k\u00f5rgemale, pakkudes t\u00f5eliselt rafineeritud veipimiskogemust. Neile, kes n\u00f5uavad tippkvaliteeti, <strong>FIHP Digitaal <a href=\"https:\/\/vapebulkp.com\/et\/product-category\/12000-puffs-disposable-vape\/\">12000 pahviga \u00fchekordselt kasutatav e-sigaret<\/a><\/strong>\u00a0on \u00fclim valik \u00fchekordselt kasutatavate e-sigarettide seas.<\/p>\n<h6 style=\"text-align: left\"><\/h6>\n<h6>Soodushinna saamiseks v\u00f5tke \u00fchendust Mandy WhatsAppiga<a href=\"https:\/\/wa.me\/8618077105796\">+8618077105796<\/a><\/h6>\n<p><img decoding=\"async\" class=\"alignnone wp-image-2151\" src=\"http:\/\/vapebulkp.com\/wp-content\/uploads\/2024\/04\/Mandy-WhatsApp-Randm.jpg\" alt=\"Mandy WhatsAppi tutvustus\" width=\"287\" height=\"305\" srcset=\"https:\/\/vapebulkp.com\/wp-content\/uploads\/2024\/04\/Mandy-WhatsApp-Randm.jpg 916w, https:\/\/vapebulkp.com\/wp-content\/uploads\/2024\/04\/Mandy-WhatsApp-Randm-282x300.jpg 282w, https:\/\/vapebulkp.com\/wp-content\/uploads\/2024\/04\/Mandy-WhatsApp-Randm-768x817.jpg 768w, https:\/\/vapebulkp.com\/wp-content\/uploads\/2024\/04\/Mandy-WhatsApp-Randm-600x638.jpg 600w\" sizes=\"(max-width: 287px) 100vw, 287px\" \/><\/p>\n<h3 class=\"faqs-answer\"><span style=\"vertical-align: inherit\">Hulgim\u00fc\u00fck Veip FIHP 12k Puffs digitaalne veibi spetsifikatsioonid:<\/span><\/h3>\n<ul>\n<li><strong>Suur pahvide arv<\/strong>: Kuni 12 000 pahvi<\/li>\n<li><strong>Suur e-vedeliku maht<\/strong>: 20 ml eelt\u00e4idetud e-vedelik<\/li>\n<li><strong>Nikotiini tugevus<\/strong>: 2% v\u00f5i 5% nikotiinisisaldusega<\/li>\n<li><strong>Aku mahtuvus<\/strong>: 650mAh laetav aku koos C-t\u00fc\u00fcpi laadimisega<\/li>\n<li><strong>Eriomadused<\/strong>: LED-ekraan aku ja pahvide j\u00e4lgimiseks<\/li>\n<\/ul>\n<h2><\/h2>\n<h3>FIHP Digital 12k pahvi Fumot Vape maitsete nimekirjad:<\/h3>\n<p>01. Arbuusi j\u00e4\u00e4<br \/>\n02. Viinamarja j\u00e4\u00e4<br \/>\n03. Kirss<br \/>\n04. Mustikas vaarikas<br \/>\n05. Maasikas kiivi<br \/>\n06. Segamarjad<br \/>\n07. Maasikas arbuus<br \/>\n08. Arbuusi n\u00e4ts<br \/>\n09. Virsiku mango ananass<br \/>\n10. Kiivi Kannatuslill Guajaav<\/p>\n<p><a href=\"https:\/\/vapebulkp.com\/et\/product\/good-vape-jnr-shisha-15000-puffs-wholesale-vapme-shisha\/\"><span style=\"vertical-align: inherit\">Vapme JNR vesipiip 15000 pahvi<\/span><\/a><\/p>\n<p><span style=\"vertical-align: inherit\">Leia rohkem tooteid, mis sulle meeldida v\u00f5iksid:<\/span><em><a href=\"https:\/\/wa.me\/8618077105796\"><span style=\"vertical-align: inherit\">\u00a0Osta kohe<\/span><\/a><\/em><\/p>\n<p><span style=\"vertical-align: inherit\">Teised e-sigaretid, mis sulle meeldida v\u00f5ivad:<\/span><a href=\"https:\/\/vapebulkp.com\/et\/product\/vapsolo-super-15k-puffs-wholesale-price-e-cigarette\/\"><span style=\"vertical-align: inherit\">Vapsolo super 15k <\/span><\/a><span style=\"vertical-align: inherit\">\u3001<\/span><a href=\"https:\/\/vapebulkp.com\/et\/product\/good-sale-randm-tornado-10000-puffs-plus\/\"><span style=\"vertical-align: inherit\">Randm 10000 pahvi<\/span><\/a><span style=\"vertical-align: inherit\">\/ <\/span><a href=\"https:\/\/vapebulkp.com\/et\/product\/best-price-wga-crystal-pro-max-15k-puffs-original-vape\/\"><span style=\"vertical-align: inherit\">WGA Crystal Pro Max 15000 pahvi<\/span><\/a><span style=\"vertical-align: inherit\">\/ <\/span><a href=\"https:\/\/vapebulkp.com\/et\/product\/popular-randm-tornado-7000puffs-disposable-vape-best-price\/\"><span style=\"vertical-align: inherit\">RandM Tornado 7000 T\u00f5mmet<\/span><\/a><\/p>\n<p><span style=\"vertical-align: inherit\">Erilise kujuga e-sigareti pudel:<\/span><a href=\"https:\/\/vapebulkp.com\/et\/product\/bang-box-12000puffs-good-vape-sweden-wholesale-price\/\"><span style=\"vertical-align: inherit\">Bang Box 12000 pahvi <\/span><\/a><span style=\"vertical-align: inherit\">\/ <\/span><a href=\"https:\/\/vapebulkp.com\/et\/product\/wholesale-tornado-rum-bar-9000-puffs-sweden\/\"><span style=\"vertical-align: inherit\">Rumbar 9000 pahvi<\/span><\/a><span style=\"vertical-align: inherit\">\/<\/span><a href=\"https:\/\/vapebulkp.com\/et\/product\/bang-30k-puffs-new-double-taste-good-vape\/\"><span style=\"vertical-align: inherit\">Bang 30000 pahvi<\/span><\/a><\/p>\n<h4>KKK FIHP Digital 12000 Puffs \u00fchekordselt kasutatava e-sigareti kohta<\/h4>\n<p><strong>1. Mis on FIHP Digital 12000 Puffs \u00fchekordselt kasutatava e-sigareti pahvide mahutavus?<\/strong><\/p>\n<p>FIHP Digital pakub muljetavaldavat <strong>12 000 puhviga<\/strong>, muutes selle kauakestvaks valikuks veipijatele, kes eelistavad pikemat kasutusaega ja mugavust.<\/p>\n<p><strong>2. Mis on e-vedeliku maht ja nikotiini kangus Wholesale Vape FIHP Digital 12000 mahvi puhul?<\/strong><\/p>\n<p>See seade on eelt\u00e4idetud <strong>20 ml e-vedelikuga<\/strong>, saadaval <strong>2% v\u00f5i 5% nikotiini<\/strong> kangusega, et rahuldada erinevaid eelistusi.<\/p>\n<p><strong>3. Mis teeb FIHP Digitali silmapaistvaks?<\/strong><\/p>\n<p>Selle kombinatsioon <strong>suur mahutavus, elegantne LED-ekraan, esmaklassiline disain<\/strong>ja <strong>laetav funktsionaalsus<\/strong> teevad sellest e-sigarettide turul silmapaistva valiku.<\/p>\n<h4><strong>Saatmisinfo:<\/strong><\/h4>\n<p><span style=\"color: #ff6600\">Tootmisaeg: 5-10 t\u00f6\u00f6p\u00e4eva<\/span><br \/>\n<span style=\"color: #ff6600\">Saatmisaeg: 8-14 t\u00f6\u00f6p\u00e4eva<\/span><\/p>\n<p>K\u00f5ik meie poe tooted on 100% originaalsed ja autentsed, seega on v\u00f5ltsitud kaupade eest k\u00fcmnekordne h\u00fcvitis meie poe poliitika. Kasutame kaupade teile tarnimiseks logistikakanaleid nagu UPS\/DHL\/FEDEX\/DPD.<\/p>\n<p>Eestisse saadetud pakkide kohalej\u00f5udmine v\u00f5tab tavaliselt aega 10 t\u00f6\u00f6p\u00e4eva. Euroopa riikidesse saatmine v\u00f5tab tavaliselt aega 12 kuni 15 t\u00f6\u00f6p\u00e4eva. Uuendame logistikainfot teie jaoks reaalajas.<\/p>\n<h4><strong>Miks valida Vapebulkp oma FIHP Digital 12000 Puffs Vape Pods vajadusteks?<\/strong><\/h4>\n<p>Kui r\u00e4\u00e4kida kvaliteetsete veipimistoote ostmisest, <strong>Vapebulkp<\/strong> tuleb usaldusv\u00e4\u00e4rse ja kindla allikana esile. Siin on p\u00f5hjus, miks see on teie jaoks ideaalne valik <strong>FIHP Digital 12000 Puffs \u00dchekordsed Vape Podid<\/strong>:<\/p>\n<p><strong>1. Lai tootevalik<\/strong><\/p>\n<p>Vapebulkp pakub mitmekesist valikut esmaklassilisi veipimistooteid, sealhulgas <strong>FIHP Digitaal 12000 Puhang<\/strong>. Olenemata sellest, kas otsite erinevaid nikotiinitugevusi v\u00f5i stiilseid disaine, leiate kureeritud valiku, mis on kohandatud teie vajadustele.<\/p>\n<p><strong>2. Konkurentsiv\u00f5imeline hulgihinna<\/strong><\/p>\n<p>Hulgim\u00fc\u00fcgi ostuv\u00f5imalustega pakub Vapebulkp <strong>kulut\u00f5husat hinda<\/strong> suurte tellimuste puhul, mis teeb sellest ideaalse valiku jaem\u00fc\u00fcjatele ja \u00fcksikostjatele, kes otsivad suurt v\u00e4\u00e4rtust kvaliteedis j\u00e4releandmisi tegemata.<\/p>\n<p><strong>3. Garanteeritud autentsus<\/strong><\/p>\n<p>Iga Vapebulkp-s m\u00fc\u00fcdav toode on <strong>100% originaal<\/strong>, mis tagab, et saate v\u00e4\u00e4rilise tippkvaliteedi. FIHP Digital tuleb otse usaldusv\u00e4\u00e4rsetelt tootjatelt, tagades t\u00e4ieliku meelerahu.<\/p>\n<p><strong>4. Kiire ja turvaline saatmine<\/strong><\/p>\n<p>Vapebulkp tagab <strong>t\u00f5hus kohaletoimetamine<\/strong> kogu Euroopas ja kaugemalgi, et saaksid oma tooteid kiiresti nautida. Turvaline pakend tagab, et sinu tellimus j\u00f5uab kohale laitmatult.<\/p>\n<p><strong>5. Erakordne klienditugi<\/strong><\/p>\n<p>Vapebulkp meeskond pakub <strong>kiire ja asjatundlik klienditeenindus<\/strong>, valmis aitama p\u00e4ringute v\u00f5i tellimuste toetamisega. Nende p\u00fchendumus kliendirahulolule eristab neid teistest.<\/p>\n<p><strong>6. Keskendumine j\u00e4tkusuutlikkusele<\/strong><\/p>\n<p>Uuendustele p\u00fchendunud platvormina pakub Vapebulkp keskkonnas\u00f5bralikke veipimisvalikuid nagu <strong>FIHP Digitaal 12000 Puhang<\/strong>, millel on laetav disain, mis on koosk\u00f5las t\u00e4nap\u00e4evaste j\u00e4tkusuutlikkuse eesm\u00e4rkidega.<\/p>\n<p><strong>7. Kohandatud Eesti veipijatele<\/strong><\/p>\n<p>Vapebulkp m\u00f5istab Eesti klientide eelistusi, tagades, et sellised tooted nagu FIHP Digital vastavad kohalikele trendidele, eeskirjadele ja n\u00f5udmistele esmaklassiliste veipimislahenduste j\u00e4rele.<\/p>\n<p>E-sigareti puhul <strong>sujuv, usaldusv\u00e4\u00e4rne ja kliendikeskne ostukogemus<\/strong>, vali Vapebulkp oma sihtkohaks <strong>FIHP Digital 12000 Puffs \u00dchekordsed Vape Podid<\/strong>. Naudi t\u00e4iuslikku tasakaalu kvaliteedi, v\u00e4\u00e4rtuse ja mugavuse vahel!<\/p>","protected":false},"excerpt":{"rendered":"<ul>\n<li>Hulgihind IHP Digital 12000 Puffs laetavad veibipulgad<\/li>\n<li>FIHP Digital Box Veibipulgad 12 000 pahviga Hulgim\u00fc\u00fcgihind<\/li>\n<li>FIHP 12 000 Puffs Premium veibipulgad LED-ekraaniga<\/li>\n<li>FIHP Digital laetavad veibid 12 000 Puffs E-sigaret Kuum m\u00fc\u00fck<\/li>\n<\/ul>\n<p><img decoding=\"async\" class=\"alignnone wp-image-2151\" src=\"http:\/\/vapebulkp.com\/wp-content\/uploads\/2024\/04\/Mandy-WhatsApp-Randm.jpg\" alt=\"Mandy WhatsAppi tutvustus\" width=\"269\" height=\"286\" srcset=\"https:\/\/vapebulkp.com\/wp-content\/uploads\/2024\/04\/Mandy-WhatsApp-Randm.jpg 916w, https:\/\/vapebulkp.com\/wp-content\/uploads\/2024\/04\/Mandy-WhatsApp-Randm-282x300.jpg 282w, https:\/\/vapebulkp.com\/wp-content\/uploads\/2024\/04\/Mandy-WhatsApp-Randm-768x817.jpg 768w, https:\/\/vapebulkp.com\/wp-content\/uploads\/2024\/04\/Mandy-WhatsApp-Randm-600x638.jpg 600w\" sizes=\"(max-width: 269px) 100vw, 269px\" \/><\/p>\n<p>Soodushinna saamiseks v\u00f5tke \u00fchendust Mandy WhatsAppiga<a href=\"https:\/\/wa.me\/8618077105796\">+8618077105796<\/a><\/p>\n<p><span style=\"color: #ff0000\">M\u00c4RKUS: Meie veebisaidi hinnad ei sisalda saatmiskulusid<\/span><\/p>\n<p>Peamine ostup\u00f5hjus<br \/>\n1. Suurep\u00e4rane kvaliteet ja v\u00f5rreldamatu j\u00f5udlus.<\/p>\n<p>2. Konkurentsiv\u00f5imeline hind ja kiire v\u00e4\u00e4rtus.<\/p>\n<p>3. Mitmed valikud ja \u00f5igeaegne kohaletoimetamine.<\/p>\n<p>4. Rahulolu pakkuv ostukogemus<\/p>","protected":false},"featured_media":3396,"comment_status":"open","ping_status":"closed","template":"","meta":{"_uag_custom_page_level_css":"","_lmt_disableupdate":"no","_lmt_disable":"","site-sidebar-layout":"default","site-content-layout":"content-boxed-container","ast-site-content-layout":"normal-width-container","site-content-style":"boxed","site-sidebar-style":"unboxed","ast-global-header-display":"","ast-banner-title-visibility":"","ast-main-header-display":"","ast-hfb-above-header-display":"","ast-hfb-below-header-display":"","ast-hfb-mobile-header-display":"","site-post-title":"","ast-breadcrumbs-content":"","ast-featured-img":"","footer-sml-layout":"","theme-transparent-header-meta":"default","adv-header-id-meta":"","stick-header-meta":"","header-above-stick-meta":"","header-main-stick-meta":"","header-below-stick-meta":"","astra-migrate-meta-layouts":"set","_joinchat":{"telephone":"+8618077105796"}},"product_cat":[166,350,33,59,100,87,34,158,157,154,152,58,84,156,63,32],"product_tag":[68,36,37,41,75,40],"class_list":["post-3410","product","type-product","status-publish","has-post-thumbnail","hentry","product_cat-12000-puffs-disposable-vape","product_cat-fihp-vape","product_cat-france-vape-hot-sale","product_cat-germany-hot-disposable-vape","product_cat-germany-wholesale-vape-shop","product_cat-minimum-order-quantity-50pcs","product_cat-netherlands-vape-good-sale","product_cat-norway-hot-disposable-vapes","product_cat-poland-hot-disposable-vapes","product_cat-portugal-hot-disposable-vapes","product_cat-spain-hot-disposable-vapes","product_cat-sweden-hot-disposable-vape","product_cat-sweden-wholesale-vape","product_cat-switzerland-hot-disposable-vapes","product_cat-top-sale-disposable-vape","product_cat-vape-hot-sale-this-week","product_tag-12000-puffs","product_tag-good-vape","product_tag-hot-sale-disposable-vape","product_tag-poland-hot-vape","product_tag-randm-vape-9000-puffs","product_tag-sweden-hot-vape","pa_brand-fihp-vape","desktop-align-left","tablet-align-left","mobile-align-left"],"yoast_head":"<!-- This site is optimized with the Yoast SEO plugin v21.1 - https:\/\/yoast.com\/wordpress\/plugins\/seo\/ -->\n<title>FIHP Digital 12000 Puffs Disposable E-Cigarette Stylish Reliable Vape - vapebulkp.com<\/title>\n<meta name=\"description\" content=\"Shop the wholesale FIHP Digital 12000 Puffs Vape Pods Rechargeable, sleek design, LED display, 20mL e-liquid, smooth nicotine options.\" \/>\n<meta name=\"robots\" content=\"index, follow, max-snippet:-1, max-image-preview:large, max-video-preview:-1\" \/>\n<link rel=\"canonical\" href=\"https:\/\/vapebulkp.com\/et\/product\/fihp-digital-12000-puffs-disposable-e-cigarette-stylish-reliable-vape\/\" \/>\n<meta property=\"og:locale\" content=\"et_EE\" \/>\n<meta property=\"og:type\" content=\"article\" \/>\n<meta property=\"og:title\" content=\"FIHP Digital 12000 Puffs Disposable E-Cigarette Stylish Reliable Vape - vapebulkp.com\" \/>\n<meta property=\"og:description\" content=\"Shop the wholesale FIHP Digital 12000 Puffs Vape Pods Rechargeable, sleek design, LED display, 20mL e-liquid, smooth nicotine options.\" \/>\n<meta property=\"og:url\" content=\"https:\/\/vapebulkp.com\/et\/product\/fihp-digital-12000-puffs-disposable-e-cigarette-stylish-reliable-vape\/\" \/>\n<meta property=\"og:site_name\" content=\"vapebulkp.com\" \/>\n<meta property=\"article:modified_time\" content=\"2025-09-17T08:32:25+00:00\" \/>\n<meta property=\"og:image\" content=\"http:\/\/vapebulkp.com\/wp-content\/uploads\/2025\/01\/FIHP-12000-Puffs-Rechargeable-Disposable-Vape-Pen-Long-Lasting-Performance.webp\" \/>\n\t<meta property=\"og:image:width\" content=\"800\" \/>\n\t<meta property=\"og:image:height\" content=\"800\" \/>\n\t<meta property=\"og:image:type\" content=\"image\/webp\" \/>\n<meta name=\"twitter:card\" content=\"summary_large_image\" \/>\n<meta name=\"twitter:label1\" content=\"Est. reading time\" \/>\n\t<meta name=\"twitter:data1\" content=\"4 minutit\" \/>\n<script type=\"application\/ld+json\" class=\"yoast-schema-graph\">{\"@context\":\"https:\/\/schema.org\",\"@graph\":[{\"@type\":\"WebPage\",\"@id\":\"https:\/\/vapebulkp.com\/product\/fihp-digital-12000-puffs-disposable-e-cigarette-stylish-reliable-vape\/\",\"url\":\"https:\/\/vapebulkp.com\/product\/fihp-digital-12000-puffs-disposable-e-cigarette-stylish-reliable-vape\/\",\"name\":\"FIHP Digital 12000 Puffs Disposable E-Cigarette Stylish Reliable Vape - vapebulkp.com\",\"isPartOf\":{\"@id\":\"https:\/\/vapebulkp.com\/#website\"},\"datePublished\":\"2025-01-29T09:52:28+00:00\",\"dateModified\":\"2025-09-17T08:32:25+00:00\",\"description\":\"Shop the wholesale FIHP Digital 12000 Puffs Vape Pods Rechargeable, sleek design, LED display, 20mL e-liquid, smooth nicotine options.\",\"breadcrumb\":{\"@id\":\"https:\/\/vapebulkp.com\/product\/fihp-digital-12000-puffs-disposable-e-cigarette-stylish-reliable-vape\/#breadcrumb\"},\"inLanguage\":\"et\",\"potentialAction\":[{\"@type\":\"ReadAction\",\"target\":[\"https:\/\/vapebulkp.com\/product\/fihp-digital-12000-puffs-disposable-e-cigarette-stylish-reliable-vape\/\"]}]},{\"@type\":\"BreadcrumbList\",\"@id\":\"https:\/\/vapebulkp.com\/product\/fihp-digital-12000-puffs-disposable-e-cigarette-stylish-reliable-vape\/#breadcrumb\",\"itemListElement\":[{\"@type\":\"ListItem\",\"position\":1,\"name\":\"Home\",\"item\":\"https:\/\/vapebulkp.com\/\"},{\"@type\":\"ListItem\",\"position\":2,\"name\":\"Hot Trend Vapes\",\"item\":\"https:\/\/vapebulkp.com\/vape-shop\/\"},{\"@type\":\"ListItem\",\"position\":3,\"name\":\"FIHP Digital 12000 Puffs Disposable E-Cigarette Stylish Reliable Vape\"}]},{\"@type\":\"WebSite\",\"@id\":\"https:\/\/vapebulkp.com\/#website\",\"url\":\"https:\/\/vapebulkp.com\/\",\"name\":\"vapebulkp.com\",\"description\":\"Buy Vape In Cheap Bulk Price Near you\",\"publisher\":{\"@id\":\"https:\/\/vapebulkp.com\/#organization\"},\"potentialAction\":[{\"@type\":\"SearchAction\",\"target\":{\"@type\":\"EntryPoint\",\"urlTemplate\":\"https:\/\/vapebulkp.com\/?s={search_term_string}\"},\"query-input\":\"required name=search_term_string\"}],\"inLanguage\":\"et\"},{\"@type\":\"Organization\",\"@id\":\"https:\/\/vapebulkp.com\/#organization\",\"name\":\"vapebulkp.com\",\"url\":\"https:\/\/vapebulkp.com\/\",\"logo\":{\"@type\":\"ImageObject\",\"inLanguage\":\"et\",\"@id\":\"https:\/\/vapebulkp.com\/#\/schema\/logo\/image\/\",\"url\":\"https:\/\/vapebulkp.com\/wp-content\/uploads\/2023\/09\/cropped-vapebulkp.png\",\"contentUrl\":\"https:\/\/vapebulkp.com\/wp-content\/uploads\/2023\/09\/cropped-vapebulkp.png\",\"width\":516,\"height\":163,\"caption\":\"vapebulkp.com\"},\"image\":{\"@id\":\"https:\/\/vapebulkp.com\/#\/schema\/logo\/image\/\"}}]}<\/script>\n<!-- \/ Yoast SEO plugin. -->","yoast_head_json":{"title":"FIHP Digital 12000 Puffs Disposable E-Cigarette Stylish Reliable Vape - vapebulkp.com","description":"Shop the wholesale FIHP Digital 12000 Puffs Vape Pods Rechargeable, sleek design, LED display, 20mL e-liquid, smooth nicotine options.","robots":{"index":"index","follow":"follow","max-snippet":"max-snippet:-1","max-image-preview":"max-image-preview:large","max-video-preview":"max-video-preview:-1"},"canonical":"https:\/\/vapebulkp.com\/et\/product\/fihp-digital-12000-puffs-disposable-e-cigarette-stylish-reliable-vape\/","og_locale":"et_EE","og_type":"article","og_title":"FIHP Digital 12000 Puffs Disposable E-Cigarette Stylish Reliable Vape - vapebulkp.com","og_description":"Shop the wholesale FIHP Digital 12000 Puffs Vape Pods Rechargeable, sleek design, LED display, 20mL e-liquid, smooth nicotine options.","og_url":"https:\/\/vapebulkp.com\/et\/product\/fihp-digital-12000-puffs-disposable-e-cigarette-stylish-reliable-vape\/","og_site_name":"vapebulkp.com","article_modified_time":"2025-09-17T08:32:25+00:00","og_image":[{"width":800,"height":800,"url":"http:\/\/vapebulkp.com\/wp-content\/uploads\/2025\/01\/FIHP-12000-Puffs-Rechargeable-Disposable-Vape-Pen-Long-Lasting-Performance.webp","type":"image\/webp"}],"twitter_card":"summary_large_image","twitter_misc":{"Est. reading time":"4 minutit"},"schema":{"@context":"https:\/\/schema.org","@graph":[{"@type":"WebPage","@id":"https:\/\/vapebulkp.com\/product\/fihp-digital-12000-puffs-disposable-e-cigarette-stylish-reliable-vape\/","url":"https:\/\/vapebulkp.com\/product\/fihp-digital-12000-puffs-disposable-e-cigarette-stylish-reliable-vape\/","name":"FIHP Digital 12000 Puffs Disposable E-Cigarette Stylish Reliable Vape - vapebulkp.com","isPartOf":{"@id":"https:\/\/vapebulkp.com\/#website"},"datePublished":"2025-01-29T09:52:28+00:00","dateModified":"2025-09-17T08:32:25+00:00","description":"Shop the wholesale FIHP Digital 12000 Puffs Vape Pods Rechargeable, sleek design, LED display, 20mL e-liquid, smooth nicotine options.","breadcrumb":{"@id":"https:\/\/vapebulkp.com\/product\/fihp-digital-12000-puffs-disposable-e-cigarette-stylish-reliable-vape\/#breadcrumb"},"inLanguage":"et","potentialAction":[{"@type":"ReadAction","target":["https:\/\/vapebulkp.com\/product\/fihp-digital-12000-puffs-disposable-e-cigarette-stylish-reliable-vape\/"]}]},{"@type":"BreadcrumbList","@id":"https:\/\/vapebulkp.com\/product\/fihp-digital-12000-puffs-disposable-e-cigarette-stylish-reliable-vape\/#breadcrumb","itemListElement":[{"@type":"ListItem","position":1,"name":"Home","item":"https:\/\/vapebulkp.com\/"},{"@type":"ListItem","position":2,"name":"Hot Trend Vapes","item":"https:\/\/vapebulkp.com\/vape-shop\/"},{"@type":"ListItem","position":3,"name":"FIHP Digital 12000 Puffs Disposable E-Cigarette Stylish Reliable Vape"}]},{"@type":"WebSite","@id":"https:\/\/vapebulkp.com\/#website","url":"https:\/\/vapebulkp.com\/","name":"vapebulkp.com","description":"Buy Vape In Cheap Bulk Price Near you","publisher":{"@id":"https:\/\/vapebulkp.com\/#organization"},"potentialAction":[{"@type":"SearchAction","target":{"@type":"EntryPoint","urlTemplate":"https:\/\/vapebulkp.com\/?s={search_term_string}"},"query-input":"required name=search_term_string"}],"inLanguage":"et"},{"@type":"Organization","@id":"https:\/\/vapebulkp.com\/#organization","name":"vapebulkp.com","url":"https:\/\/vapebulkp.com\/","logo":{"@type":"ImageObject","inLanguage":"et","@id":"https:\/\/vapebulkp.com\/#\/schema\/logo\/image\/","url":"https:\/\/vapebulkp.com\/wp-content\/uploads\/2023\/09\/cropped-vapebulkp.png","contentUrl":"https:\/\/vapebulkp.com\/wp-content\/uploads\/2023\/09\/cropped-vapebulkp.png","width":516,"height":163,"caption":"vapebulkp.com"},"image":{"@id":"https:\/\/vapebulkp.com\/#\/schema\/logo\/image\/"}}]}},"uagb_featured_image_src":{"full":["https:\/\/vapebulkp.com\/wp-content\/uploads\/2025\/01\/FIHP-12000-Puffs-Rechargeable-Disposable-Vape-Pen-Long-Lasting-Performance.webp",800,800,false],"thumbnail":["https:\/\/vapebulkp.com\/wp-content\/uploads\/2025\/01\/FIHP-12000-Puffs-Rechargeable-Disposable-Vape-Pen-Long-Lasting-Performance-150x150.webp",150,150,true],"medium":["https:\/\/vapebulkp.com\/wp-content\/uploads\/2025\/01\/FIHP-12000-Puffs-Rechargeable-Disposable-Vape-Pen-Long-Lasting-Performance-300x300.webp",300,300,true],"medium_large":["https:\/\/vapebulkp.com\/wp-content\/uploads\/2025\/01\/FIHP-12000-Puffs-Rechargeable-Disposable-Vape-Pen-Long-Lasting-Performance-768x768.webp",768,768,true],"large":["https:\/\/vapebulkp.com\/wp-content\/uploads\/2025\/01\/FIHP-12000-Puffs-Rechargeable-Disposable-Vape-Pen-Long-Lasting-Performance.webp",800,800,false],"1536x1536":["https:\/\/vapebulkp.com\/wp-content\/uploads\/2025\/01\/FIHP-12000-Puffs-Rechargeable-Disposable-Vape-Pen-Long-Lasting-Performance.webp",800,800,false],"2048x2048":["https:\/\/vapebulkp.com\/wp-content\/uploads\/2025\/01\/FIHP-12000-Puffs-Rechargeable-Disposable-Vape-Pen-Long-Lasting-Performance.webp",800,800,false],"trp-custom-language-flag":["https:\/\/vapebulkp.com\/wp-content\/uploads\/2025\/01\/FIHP-12000-Puffs-Rechargeable-Disposable-Vape-Pen-Long-Lasting-Performance.webp",12,12,false],"woocommerce_thumbnail":["https:\/\/vapebulkp.com\/wp-content\/uploads\/2025\/01\/FIHP-12000-Puffs-Rechargeable-Disposable-Vape-Pen-Long-Lasting-Performance-300x300.webp",300,300,true],"woocommerce_single":["https:\/\/vapebulkp.com\/wp-content\/uploads\/2025\/01\/FIHP-12000-Puffs-Rechargeable-Disposable-Vape-Pen-Long-Lasting-Performance-600x600.webp",600,600,true],"woocommerce_gallery_thumbnail":["https:\/\/vapebulkp.com\/wp-content\/uploads\/2025\/01\/FIHP-12000-Puffs-Rechargeable-Disposable-Vape-Pen-Long-Lasting-Performance-100x100.webp",100,100,true],"wcpr-photo-reviews":["https:\/\/vapebulkp.com\/wp-content\/uploads\/2025\/01\/FIHP-12000-Puffs-Rechargeable-Disposable-Vape-Pen-Long-Lasting-Performance.webp",500,500,false]},"uagb_author_info":{"display_name":"Mandy vape bulk price","author_link":"https:\/\/vapebulkp.com\/et\/author\/"},"uagb_comment_info":0,"uagb_excerpt":"Wholesale Price IHP Digital 12000 Puffs Rechargeable Vape Pods FIHP Digital Box Vape\u00a0 Pods with 12,000 Puffs Bulk Price FIHP 12,000 Puffs Premium Vape Pods with LED Display FIHP Digital Rechargeable Vapes 12000 Puffs E-Cigarette Hot Sale Pls Contact Mandy's WhatsApp For Discount Price+8618077105796 NOTE: Prices on our website does not include shipping costs Main&hellip;","_links":{"self":[{"href":"https:\/\/vapebulkp.com\/et\/wp-json\/wp\/v2\/product\/3410","targetHints":{"allow":["GET"]}}],"collection":[{"href":"https:\/\/vapebulkp.com\/et\/wp-json\/wp\/v2\/product"}],"about":[{"href":"https:\/\/vapebulkp.com\/et\/wp-json\/wp\/v2\/types\/product"}],"replies":[{"embeddable":true,"href":"https:\/\/vapebulkp.com\/et\/wp-json\/wp\/v2\/comments?post=3410"}],"wp:featuredmedia":[{"embeddable":true,"href":"https:\/\/vapebulkp.com\/et\/wp-json\/wp\/v2\/media\/3396"}],"wp:attachment":[{"href":"https:\/\/vapebulkp.com\/et\/wp-json\/wp\/v2\/media?parent=3410"}],"wp:term":[{"taxonomy":"product_cat","embeddable":true,"href":"https:\/\/vapebulkp.com\/et\/wp-json\/wp\/v2\/product_cat?post=3410"},{"taxonomy":"product_tag","embeddable":true,"href":"https:\/\/vapebulkp.com\/et\/wp-json\/wp\/v2\/product_tag?post=3410"}],"curies":[{"name":"wp","href":"https:\/\/api.w.org\/{rel}","templated":true}]}}