{"id":3412,"date":"2025-01-30T09:00:36","date_gmt":"2025-01-30T08:00:36","guid":{"rendered":"https:\/\/vapebulkp.com\/?post_type=product&#038;p=3412"},"modified":"2025-09-03T09:21:22","modified_gmt":"2025-09-03T07:21:22","slug":"evappe-deluxe-bar-18000-puffs-high-performance-waka-vape-pod","status":"publish","type":"product","link":"https:\/\/vapebulkp.com\/et\/product\/evappe-deluxe-bar-18000-puffs-high-performance-waka-vape-pod\/","title":{"rendered":"Evappe Deluxe Bar 18000 Puffs suure j\u00f5udlusega Waka Vape Pod"},"content":{"rendered":"<h2 style=\"text-align: left\">Evappe Deluxe Bar 18000 Puffs suure j\u00f5udlusega Waka Vape Pod<\/h2>\n<p>&nbsp;<\/p>\n<p>Veip <strong>Evappe Deluxe Bar 18000 pahvi suure j\u00f5udlusega veipipulk<\/strong> pakub erakordset, esmaklassilist veipimiskogemust, mis on loodud n\u00f5udlikule aurustajale. Oma uuendusliku disaini ja tipptehnoloogiaga pakub see \u00fchekordselt kasutatav veip kuni 18 000 pahvi \u00fchtlast ja kvaliteetset auru. \u00dcksk\u00f5ik, kas otsite sujuvat, rahuldust pakkuvat nikotiinilaksu v\u00f5i kaasahaaravat maitseprofiili, 18000 pahviga Evappe Deluxe Bar tagab m\u00f5lemad, muutes selle ideaalseks valikuks nii kogenud aurustajatele kui ka uustulnukatele.<\/p>\n<p>Eelt\u00e4idetud rohke 25 ml e-vedelikuga ja saadaval 2% ja 5% nikotiinisisaldusega, pakub see paindlikkust isiklike eelistuste rahuldamiseks. Selle t\u00e4iustatud 0.6\u03a9 v\u00f5rgusilma m\u00e4hise tehnoloogia tagab kiire aurutootmise, optimeerides maitset ja andes sujuva kurgul\u00f6\u00f6gi. 750 mAh laetava aku ja C-t\u00fc\u00fcpi laadimispordi olemasolu tagab kauakestvama ja t\u00f6\u00f6kindlama j\u00f5udluse, mis sobib ideaalselt pikemaks kasutamiseks.<\/p>\n<p>M\u00f5eldud nii stiili kui ka praktilisust silmas pidades, Top Sale Vape Evappe Deluxe Bar 18k pahvi on elegantse, kaasaegse v\u00e4limusega, samas kui DTL (Direct-to-Lung) ekraan pakub reaalajas kasutusandmeid. See veipipulk on loodud \u00fclima mugavuse saavutamiseks, pakkudes keskkonnas\u00f5bralikku ja kasutajas\u00f5bralikku lahendust veipimiseks, tegemata j\u00e4releandmisi maitse v\u00f5i kvaliteedi osas.<\/p>\n<p>Valige <strong>Suure j\u00f5udlusega <\/strong><strong>Evappe Deluxe Baar <a href=\"https:\/\/vapebulkp.com\/et\/product-category\/18000-puffs-disposable-vape\/\">18000 pahviga \u00fchekordselt kasutatav e-sigaret <\/a><\/strong>t\u00f5stetud veipimiskogemuse jaoks, millel on suurep\u00e4rane disain, tipptehnoloogia ja \u00fchtlane j\u00f5udlus.<\/p>\n<h6>Soodushinna saamiseks v\u00f5tke \u00fchendust Mandy WhatsAppiga<a href=\"https:\/\/wa.me\/8618077105796\">+8618077105796<\/a><\/h6>\n<p><img decoding=\"async\" class=\"alignnone wp-image-2151\" src=\"http:\/\/vapebulkp.com\/wp-content\/uploads\/2024\/04\/Mandy-WhatsApp-Randm.jpg\" alt=\"Mandy WhatsAppi tutvustus\" width=\"324\" height=\"330\" \/><\/p>\n<h2><strong>Evappe Deluxe Bar 18000 pahvi \u00fchekordselt kasutatava veipipulga korduma kippuvad k\u00fcsimused:<\/strong><\/h2>\n<p><strong>K1: Kui kaua Evappe Deluxe Bar 18k Puffs kestab?<\/strong><br \/>\nSeade on loodud andma kuni 18 000 pahvi, s\u00f5ltuvalt kasutusmustritest, muutes selle ideaalseks pikemateks veipimisseanssideks.<\/p>\n<p><strong>K2: Kas Evappe Deluxe Bar on laetav?<\/strong><br \/>\nJah, sellel on 750 mAh laetav aku C-t\u00fc\u00fcpi laadimispordiga kiireks ja mugavaks laadimiseks.<\/p>\n<p><strong>K5: Kui palju e-vedelikku seade mahutab?<\/strong><br \/>\nIga Evappe Deluxe Bar on eelt\u00e4idetud 25 ml kvaliteetse e-vedelikuga, mis tagab pikaajalise kasutamise.<\/p>\n<p><strong>K9: Kas Evappe Deluxe Baril on ekraan?<\/strong><br \/>\nJah, sellel on DTL-ekraan, mis on mugav veipimissessioonide j\u00e4lgimiseks.<\/p>\n<p><strong>K10: Kust ma saan Evappe Deluxe Bari osta?<\/strong><br \/>\nEvappe Deluxe Bari saad osta volitatud edasim\u00fc\u00fcjatelt v\u00f5i veebipoodidest nagu Vapebulkp.com.<\/p>\n<h2><\/h2>\n<h3><strong>Evappe Deluxe Bar 18000 Puffs hulgim\u00fc\u00fcgi omadused:<\/strong><\/h3>\n<ul>\n<li><strong>Pahvide arv:<\/strong> Kuni 18 000 pahvi otse kopsu (DTL) veipimiskogemusega.<\/li>\n<li><strong>Nikotiini kangus:<\/strong> Saadaval 2% ja 5% nikotiinisisaldusega, et rahuldada erinevaid eelistusi.<\/li>\n<li><strong>E-vedeliku maht:<\/strong> Eelt\u00e4idetud 25 ml esmaklassilise e-vedelikuga pikemaks kasutamiseks.<\/li>\n<li><strong>Aku:<\/strong> 750 mAh laetav aku tagab usaldusv\u00e4\u00e4rse ja kauakestva j\u00f5udluse.<\/li>\n<li><strong>Laadimisliides:<\/strong> Varustatud Type-C pordiga kiireks ja t\u00f5husaks laadimiseks.<\/li>\n<li><strong>Spiraali tehnoloogia:<\/strong> Sellel on 0.6\u03a9 v\u00f5rgusilma m\u00e4his parema maitse ja sujuva auru tootmiseks.<\/li>\n<li><strong>Pakend:<\/strong> M\u00fc\u00fcakse 10 \u00fchikut sisaldavates karpides, mis on ideaalne hulgim\u00fc\u00fcgiks v\u00f5i jaem\u00fc\u00fcgiks.<\/li>\n<\/ul>\n<h3>Evappe Deluxe Bar 18k Puffs hulgim\u00fc\u00fcgi maitsevalikud:<\/h3>\n<p>1. Kaks \u00f5una<br \/>\n2. Viinamarja-m\u00fcnt<br \/>\n3. Lopsakas j\u00e4\u00e4<br \/>\n4. Marja-j\u00e4\u00e4<br \/>\n5. Mustika-n\u00e4rimiskumm<br \/>\n6. Kirsi-vaarikas<br \/>\n7. Virsiku-j\u00e4\u00e4<br \/>\n8. Armastus 66<br \/>\n9. Selge unen\u00e4gu<br \/>\n10. Maasika l\u00f6\u00f6k<\/p>\n<p><a href=\"https:\/\/vapebulkp.com\/et\/product\/fumot-tornado-25k-puffs-cheap-price-disposable-vape\/\"><span style=\"vertical-align: inherit\">RandM Tornado 25000 t\u00f5mmet <\/span><\/a><\/p>\n<p><span style=\"vertical-align: inherit\">Leia rohkem tooteid, mis sulle meeldida v\u00f5iksid:<\/span><em><a href=\"https:\/\/wa.me\/8618077105796\"><span style=\"vertical-align: inherit\">\u00a0Osta kohe<\/span><\/a><\/em><\/p>\n<p><span style=\"vertical-align: inherit\">Teised e-sigaretid, mis sulle meeldida v\u00f5ivad:<\/span><a href=\"https:\/\/vapebulkp.com\/et\/product\/uwin-tornado-music-35k-puffs-vape-wholesale-nicotine-free\/\"><span style=\"vertical-align: inherit\">UWIN Tornado 35000 t\u00f5mmet<\/span><\/a><span style=\"vertical-align: inherit\">\u3001<\/span><a href=\"https:\/\/vapebulkp.com\/et\/product\/wholesale-randm-tornado-9000-puffs-germany\/\"><span style=\"vertical-align: inherit\">RandM 9000 Pahvi<\/span><\/a><span style=\"vertical-align: inherit\">\/ <\/span><a href=\"https:\/\/vapebulkp.com\/et\/product\/wholesale-price-bang-kingdoms-rex-32000-puffs-vape-pod\/\"><span style=\"vertical-align: inherit\">Bang King doms rex 32000 t\u00f5mmet<\/span><\/a><span style=\"vertical-align: inherit\">\/ <\/span><a href=\"https:\/\/vapebulkp.com\/et\/fi\/product\/uzy-bang-digital-12000puffs-led-display-e-cigarettes\/\"><span style=\"vertical-align: inherit\">UZY Bang Digital 15000 Pahvi<\/span><\/a><\/p>\n<p><span style=\"vertical-align: inherit\">Erilise kujuga e-sigareti pudel:<\/span><a href=\"https:\/\/vapebulkp.com\/et\/product\/vapsolo-feed-bar-shisha-vape-15000-puffs-wholesale-price\/\"><span style=\"vertical-align: inherit\"> Vapsolo Feed Bar vesipiip 15000 t\u00f5mmet<\/span><\/a><span style=\"vertical-align: inherit\">\/ <\/span><a href=\"https:\/\/vapebulkp.com\/et\/product\/bang-28000-puffs-disposable-vape-pen-with-adjustable-ice-level\/\"><span style=\"vertical-align: inherit\">\u00a0Bang 28000 t\u00f5mmet <\/span><\/a><span style=\"vertical-align: inherit\">\/<\/span><a href=\"https:\/\/vapebulkp.com\/et\/product\/waspe-crystal-vape-40000-puffs-disposable-e-cigarette-dual-flavors-wholesale-price\/\"><span style=\"vertical-align: inherit\"> WASPE Crystal 40000 t\u00f5mmet<\/span><\/a><\/p>\n<p>&nbsp;<\/p>\n<h4><strong>Miks valida Evappe Deluxe Bar 18000 t\u00f5mmet? <a href=\"https:\/\/vapebulkp.com\/et\/vape-shop\/\">Vapebulkp.com<\/a>?<\/strong><\/h4>\n<p>Vapebulkp.com pakub ainult k\u00f5rgeima kvaliteediga veipimistooteid, ja <strong>Evappe Deluxe Bar 18000 pahvi<\/strong> ei ole erand. Siin on, miks see on ideaalne valik sinu veipimisvajadusteks:<\/p>\n<ol>\n<li><strong>Esmaklassiline kvaliteet<\/strong> \u2013 Evappe Deluxe Bar on ehitatud arenenud tehnoloogiaga, tagades sujuva auru, intensiivse maitse ja kauakestva j\u00f5udluse. Kuni 18 000 t\u00f5mbe ja usaldusv\u00e4\u00e4rse laetava 750mAh akuga tagab see seade \u00fchtlase ja rahuldustpakkuva kogemuse iga kord.<\/li>\n<li><strong>Konkurentsiv\u00f5imeline hinnakujundus<\/strong> \u2013 Vapebulkp.com pakub <strong>Evappe Deluxe Bar 18000 t\u00f5mmet<\/strong>\u00a0konkurentsiv\u00f5imeliste hindadega, muutes kvaliteetse veipimise k\u00e4ttesaadavaks ohverdamata seejuures kvaliteeti. Kulut\u00f5husate lahenduste jaoks on saadaval ka hulgim\u00fc\u00fcgiv\u00f5imalused.<\/li>\n<li><strong>Lai valik<\/strong> \u2013 Pakume erinevaid nikotiinitugevusi (2% ja 5%), mis vastavad erinevatele eelistustele. Olenemata sellest, kas olete algaja v\u00f5i kogenud veipija, meil on ideaalne konfiguratsioon, mis sobib teie vajadustega.<\/li>\n<li><strong>Kiire<\/strong> \u2013 Meie kiire ja usaldusv\u00e4\u00e4rne kohaletoimetamisteenus tagab, et saate oma Evappe Deluxe Bar seadme kiiresti ja turvaliselt k\u00e4tte, kus iganes te Eestis ka ei asuks.<\/li>\n<li><strong>Kliendikeskne teenindus<\/strong> \u2013 Meie p\u00fchendunud klienditoe meeskond on valmis abistama k\u00f5igi k\u00fcsimustega, tagades, et teie ostukogemus oleks sujuv algusest l\u00f5puni.<\/li>\n<\/ol>\n<h5>Saatmisinfo:<\/h5>\n<p><span style=\"color: #ff6600\">Tootmisaeg: 5-10 t\u00f6\u00f6p\u00e4eva<\/span><br \/>\n<span style=\"color: #ff6600\">Saatmisaeg: 8-14 t\u00f6\u00f6p\u00e4eva<\/span><\/p>\n<p>K\u00f5ik meie poe tooted on 100% originaalsed ja autentsed, seega on v\u00f5ltsitud kaupade eest k\u00fcmnekordne h\u00fcvitis meie poe poliitika. Kasutame kaupade teile tarnimiseks logistikakanaleid nagu UPS\/DHL\/FEDEX\/DPD.<\/p>\n<p>Eestisse saadetud pakkide kohalej\u00f5udmine v\u00f5tab tavaliselt aega 10 t\u00f6\u00f6p\u00e4eva. Euroopa riikidesse saatmine v\u00f5tab tavaliselt aega 12 kuni 15 t\u00f6\u00f6p\u00e4eva. Uuendame logistikainfot teie jaoks reaalajas.<\/p>","protected":false},"excerpt":{"rendered":"<ul>\n<li><strong>Evappe Deluxe Bar 18000 pahvi suure j\u00f5udlusega \u00fchekordselt kasutatav veipipulk v\u00f5rgusilma m\u00e4hise ja C-t\u00fc\u00fcpi laetava akuga<\/strong><\/li>\n<li><strong>Premium Evappe Deluxe Bar 18000 pahviga \u00fchekordselt kasutatav veipipulk 25 ml e-vedeliku ja 2%\/5% nikotiinisisaldusega<\/strong><\/li>\n<li><strong>Evappe Deluxe Bar 18000 pahvi kvaliteetne veipipulk DTL aurustamiseks pikaajalise j\u00f5udluse ja laetava akuga<\/strong><\/li>\n<\/ul>\n<p>Soodushinna saamiseks v\u00f5tke \u00fchendust Mandy WhatsAppiga<a href=\"https:\/\/wa.me\/8618077105796\">+8618077105796<\/a><\/p>\n<p><img decoding=\"async\" class=\"alignnone wp-image-2151\" src=\"http:\/\/vapebulkp.com\/wp-content\/uploads\/2024\/04\/Mandy-WhatsApp-Randm.jpg\" alt=\"Mandy WhatsAppi tutvustus\" width=\"297\" height=\"316\" srcset=\"https:\/\/vapebulkp.com\/wp-content\/uploads\/2024\/04\/Mandy-WhatsApp-Randm.jpg 916w, https:\/\/vapebulkp.com\/wp-content\/uploads\/2024\/04\/Mandy-WhatsApp-Randm-282x300.jpg 282w, https:\/\/vapebulkp.com\/wp-content\/uploads\/2024\/04\/Mandy-WhatsApp-Randm-768x817.jpg 768w, https:\/\/vapebulkp.com\/wp-content\/uploads\/2024\/04\/Mandy-WhatsApp-Randm-600x638.jpg 600w\" sizes=\"(max-width: 297px) 100vw, 297px\" \/><\/p>\n<p><span style=\"color: #ff0000\">M\u00c4RKUS: Meie veebisaidi hinnad ei sisalda saatmiskulusid<\/span><\/p>\n<p>&nbsp;<\/p>","protected":false},"featured_media":3413,"comment_status":"open","ping_status":"closed","template":"","meta":{"_uag_custom_page_level_css":"","_lmt_disableupdate":"no","_lmt_disable":"","site-sidebar-layout":"default","site-content-layout":"content-boxed-container","ast-site-content-layout":"normal-width-container","site-content-style":"boxed","site-sidebar-style":"unboxed","ast-global-header-display":"","ast-banner-title-visibility":"","ast-main-header-display":"","ast-hfb-above-header-display":"","ast-hfb-below-header-display":"","ast-hfb-mobile-header-display":"","site-post-title":"","ast-breadcrumbs-content":"","ast-featured-img":"","footer-sml-layout":"","theme-transparent-header-meta":"default","adv-header-id-meta":"","stick-header-meta":"","header-above-stick-meta":"","header-main-stick-meta":"","header-below-stick-meta":"","astra-migrate-meta-layouts":"set","_joinchat":[]},"product_cat":[163,153,155,33,59,100,87,34,158,157,154,152,58,84,156],"product_tag":[205,36,37,41,40],"class_list":["post-3412","product","type-product","status-publish","has-post-thumbnail","hentry","product_cat-18000-puffs-disposable-vape","product_cat-hot-disposable-vapes","product_cat-belgium-hot-disposable-vapes","product_cat-france-vape-hot-sale","product_cat-germany-hot-disposable-vape","product_cat-germany-wholesale-vape-shop","product_cat-minimum-order-quantity-50pcs","product_cat-netherlands-vape-good-sale","product_cat-norway-hot-disposable-vapes","product_cat-poland-hot-disposable-vapes","product_cat-portugal-hot-disposable-vapes","product_cat-spain-hot-disposable-vapes","product_cat-sweden-hot-disposable-vape","product_cat-sweden-wholesale-vape","product_cat-switzerland-hot-disposable-vapes","product_tag-evappe-deluxe-bar-18000-puffs","product_tag-good-vape","product_tag-hot-sale-disposable-vape","product_tag-poland-hot-vape","product_tag-sweden-hot-vape","desktop-align-left","tablet-align-left","mobile-align-left"],"yoast_head":"<!-- This site is optimized with the Yoast SEO plugin v21.1 - https:\/\/yoast.com\/wordpress\/plugins\/seo\/ -->\n<title>Evappe Deluxe Bar 18000 Puffs High-Performance Waka Vape Pod - vapebulkp.com<\/title>\n<meta name=\"description\" content=\"Best Sale Evappe Deluxe Bar 18000 Puffs offers long-lasting, smooth vapor with 25ml e-liquid and rechargeable convenience for premium vaping.\" \/>\n<meta name=\"robots\" content=\"index, follow, max-snippet:-1, max-image-preview:large, max-video-preview:-1\" \/>\n<link rel=\"canonical\" href=\"https:\/\/vapebulkp.com\/et\/product\/evappe-deluxe-bar-18000-puffs-high-performance-waka-vape-pod\/\" \/>\n<meta property=\"og:locale\" content=\"et_EE\" \/>\n<meta property=\"og:type\" content=\"article\" \/>\n<meta property=\"og:title\" content=\"Evappe Deluxe Bar 18000 Puffs High-Performance Waka Vape Pod - vapebulkp.com\" \/>\n<meta property=\"og:description\" content=\"Best Sale Evappe Deluxe Bar 18000 Puffs offers long-lasting, smooth vapor with 25ml e-liquid and rechargeable convenience for premium vaping.\" \/>\n<meta property=\"og:url\" content=\"https:\/\/vapebulkp.com\/et\/product\/evappe-deluxe-bar-18000-puffs-high-performance-waka-vape-pod\/\" \/>\n<meta property=\"og:site_name\" content=\"vapebulkp.com\" \/>\n<meta property=\"article:modified_time\" content=\"2025-09-03T07:21:22+00:00\" \/>\n<meta property=\"og:image\" content=\"http:\/\/vapebulkp.com\/wp-content\/uploads\/2025\/01\/Evappe-Deluxe-Bar-18000-Puff-Advanced-Vaping-Solution.webp\" \/>\n\t<meta property=\"og:image:width\" content=\"800\" \/>\n\t<meta property=\"og:image:height\" content=\"800\" \/>\n\t<meta property=\"og:image:type\" content=\"image\/webp\" \/>\n<meta name=\"twitter:card\" content=\"summary_large_image\" \/>\n<meta name=\"twitter:label1\" content=\"Est. reading time\" \/>\n\t<meta name=\"twitter:data1\" content=\"4 minutit\" \/>\n<script type=\"application\/ld+json\" class=\"yoast-schema-graph\">{\"@context\":\"https:\/\/schema.org\",\"@graph\":[{\"@type\":\"WebPage\",\"@id\":\"https:\/\/vapebulkp.com\/product\/evappe-deluxe-bar-18000-puffs-high-performance-waka-vape-pod\/\",\"url\":\"https:\/\/vapebulkp.com\/product\/evappe-deluxe-bar-18000-puffs-high-performance-waka-vape-pod\/\",\"name\":\"Evappe Deluxe Bar 18000 Puffs High-Performance Waka Vape Pod - vapebulkp.com\",\"isPartOf\":{\"@id\":\"https:\/\/vapebulkp.com\/#website\"},\"datePublished\":\"2025-01-30T08:00:36+00:00\",\"dateModified\":\"2025-09-03T07:21:22+00:00\",\"description\":\"Best Sale Evappe Deluxe Bar 18000 Puffs offers long-lasting, smooth vapor with 25ml e-liquid and rechargeable convenience for premium vaping.\",\"breadcrumb\":{\"@id\":\"https:\/\/vapebulkp.com\/product\/evappe-deluxe-bar-18000-puffs-high-performance-waka-vape-pod\/#breadcrumb\"},\"inLanguage\":\"et\",\"potentialAction\":[{\"@type\":\"ReadAction\",\"target\":[\"https:\/\/vapebulkp.com\/product\/evappe-deluxe-bar-18000-puffs-high-performance-waka-vape-pod\/\"]}]},{\"@type\":\"BreadcrumbList\",\"@id\":\"https:\/\/vapebulkp.com\/product\/evappe-deluxe-bar-18000-puffs-high-performance-waka-vape-pod\/#breadcrumb\",\"itemListElement\":[{\"@type\":\"ListItem\",\"position\":1,\"name\":\"Home\",\"item\":\"https:\/\/vapebulkp.com\/\"},{\"@type\":\"ListItem\",\"position\":2,\"name\":\"Hot Trend Vapes\",\"item\":\"https:\/\/vapebulkp.com\/vape-shop\/\"},{\"@type\":\"ListItem\",\"position\":3,\"name\":\"Evappe Deluxe Bar 18000 Puffs High-Performance Waka Vape Pod\"}]},{\"@type\":\"WebSite\",\"@id\":\"https:\/\/vapebulkp.com\/#website\",\"url\":\"https:\/\/vapebulkp.com\/\",\"name\":\"vapebulkp.com\",\"description\":\"Buy Vape In Cheap Bulk Price Near you\",\"publisher\":{\"@id\":\"https:\/\/vapebulkp.com\/#organization\"},\"potentialAction\":[{\"@type\":\"SearchAction\",\"target\":{\"@type\":\"EntryPoint\",\"urlTemplate\":\"https:\/\/vapebulkp.com\/?s={search_term_string}\"},\"query-input\":\"required name=search_term_string\"}],\"inLanguage\":\"et\"},{\"@type\":\"Organization\",\"@id\":\"https:\/\/vapebulkp.com\/#organization\",\"name\":\"vapebulkp.com\",\"url\":\"https:\/\/vapebulkp.com\/\",\"logo\":{\"@type\":\"ImageObject\",\"inLanguage\":\"et\",\"@id\":\"https:\/\/vapebulkp.com\/#\/schema\/logo\/image\/\",\"url\":\"https:\/\/vapebulkp.com\/wp-content\/uploads\/2023\/09\/cropped-vapebulkp.png\",\"contentUrl\":\"https:\/\/vapebulkp.com\/wp-content\/uploads\/2023\/09\/cropped-vapebulkp.png\",\"width\":516,\"height\":163,\"caption\":\"vapebulkp.com\"},\"image\":{\"@id\":\"https:\/\/vapebulkp.com\/#\/schema\/logo\/image\/\"}}]}<\/script>\n<!-- \/ Yoast SEO plugin. -->","yoast_head_json":{"title":"Evappe Deluxe Bar 18000 Puffs High-Performance Waka Vape Pod - vapebulkp.com","description":"Best Sale Evappe Deluxe Bar 18000 Puffs offers long-lasting, smooth vapor with 25ml e-liquid and rechargeable convenience for premium vaping.","robots":{"index":"index","follow":"follow","max-snippet":"max-snippet:-1","max-image-preview":"max-image-preview:large","max-video-preview":"max-video-preview:-1"},"canonical":"https:\/\/vapebulkp.com\/et\/product\/evappe-deluxe-bar-18000-puffs-high-performance-waka-vape-pod\/","og_locale":"et_EE","og_type":"article","og_title":"Evappe Deluxe Bar 18000 Puffs High-Performance Waka Vape Pod - vapebulkp.com","og_description":"Best Sale Evappe Deluxe Bar 18000 Puffs offers long-lasting, smooth vapor with 25ml e-liquid and rechargeable convenience for premium vaping.","og_url":"https:\/\/vapebulkp.com\/et\/product\/evappe-deluxe-bar-18000-puffs-high-performance-waka-vape-pod\/","og_site_name":"vapebulkp.com","article_modified_time":"2025-09-03T07:21:22+00:00","og_image":[{"width":800,"height":800,"url":"http:\/\/vapebulkp.com\/wp-content\/uploads\/2025\/01\/Evappe-Deluxe-Bar-18000-Puff-Advanced-Vaping-Solution.webp","type":"image\/webp"}],"twitter_card":"summary_large_image","twitter_misc":{"Est. reading time":"4 minutit"},"schema":{"@context":"https:\/\/schema.org","@graph":[{"@type":"WebPage","@id":"https:\/\/vapebulkp.com\/product\/evappe-deluxe-bar-18000-puffs-high-performance-waka-vape-pod\/","url":"https:\/\/vapebulkp.com\/product\/evappe-deluxe-bar-18000-puffs-high-performance-waka-vape-pod\/","name":"Evappe Deluxe Bar 18000 Puffs High-Performance Waka Vape Pod - vapebulkp.com","isPartOf":{"@id":"https:\/\/vapebulkp.com\/#website"},"datePublished":"2025-01-30T08:00:36+00:00","dateModified":"2025-09-03T07:21:22+00:00","description":"Best Sale Evappe Deluxe Bar 18000 Puffs offers long-lasting, smooth vapor with 25ml e-liquid and rechargeable convenience for premium vaping.","breadcrumb":{"@id":"https:\/\/vapebulkp.com\/product\/evappe-deluxe-bar-18000-puffs-high-performance-waka-vape-pod\/#breadcrumb"},"inLanguage":"et","potentialAction":[{"@type":"ReadAction","target":["https:\/\/vapebulkp.com\/product\/evappe-deluxe-bar-18000-puffs-high-performance-waka-vape-pod\/"]}]},{"@type":"BreadcrumbList","@id":"https:\/\/vapebulkp.com\/product\/evappe-deluxe-bar-18000-puffs-high-performance-waka-vape-pod\/#breadcrumb","itemListElement":[{"@type":"ListItem","position":1,"name":"Home","item":"https:\/\/vapebulkp.com\/"},{"@type":"ListItem","position":2,"name":"Hot Trend Vapes","item":"https:\/\/vapebulkp.com\/vape-shop\/"},{"@type":"ListItem","position":3,"name":"Evappe Deluxe Bar 18000 Puffs High-Performance Waka Vape Pod"}]},{"@type":"WebSite","@id":"https:\/\/vapebulkp.com\/#website","url":"https:\/\/vapebulkp.com\/","name":"vapebulkp.com","description":"Buy Vape In Cheap Bulk Price Near you","publisher":{"@id":"https:\/\/vapebulkp.com\/#organization"},"potentialAction":[{"@type":"SearchAction","target":{"@type":"EntryPoint","urlTemplate":"https:\/\/vapebulkp.com\/?s={search_term_string}"},"query-input":"required name=search_term_string"}],"inLanguage":"et"},{"@type":"Organization","@id":"https:\/\/vapebulkp.com\/#organization","name":"vapebulkp.com","url":"https:\/\/vapebulkp.com\/","logo":{"@type":"ImageObject","inLanguage":"et","@id":"https:\/\/vapebulkp.com\/#\/schema\/logo\/image\/","url":"https:\/\/vapebulkp.com\/wp-content\/uploads\/2023\/09\/cropped-vapebulkp.png","contentUrl":"https:\/\/vapebulkp.com\/wp-content\/uploads\/2023\/09\/cropped-vapebulkp.png","width":516,"height":163,"caption":"vapebulkp.com"},"image":{"@id":"https:\/\/vapebulkp.com\/#\/schema\/logo\/image\/"}}]}},"uagb_featured_image_src":{"full":["https:\/\/vapebulkp.com\/wp-content\/uploads\/2025\/01\/Evappe-Deluxe-Bar-18000-Puff-Advanced-Vaping-Solution.webp",800,800,false],"thumbnail":["https:\/\/vapebulkp.com\/wp-content\/uploads\/2025\/01\/Evappe-Deluxe-Bar-18000-Puff-Advanced-Vaping-Solution-150x150.webp",150,150,true],"medium":["https:\/\/vapebulkp.com\/wp-content\/uploads\/2025\/01\/Evappe-Deluxe-Bar-18000-Puff-Advanced-Vaping-Solution-300x300.webp",300,300,true],"medium_large":["https:\/\/vapebulkp.com\/wp-content\/uploads\/2025\/01\/Evappe-Deluxe-Bar-18000-Puff-Advanced-Vaping-Solution-768x768.webp",768,768,true],"large":["https:\/\/vapebulkp.com\/wp-content\/uploads\/2025\/01\/Evappe-Deluxe-Bar-18000-Puff-Advanced-Vaping-Solution.webp",800,800,false],"1536x1536":["https:\/\/vapebulkp.com\/wp-content\/uploads\/2025\/01\/Evappe-Deluxe-Bar-18000-Puff-Advanced-Vaping-Solution.webp",800,800,false],"2048x2048":["https:\/\/vapebulkp.com\/wp-content\/uploads\/2025\/01\/Evappe-Deluxe-Bar-18000-Puff-Advanced-Vaping-Solution.webp",800,800,false],"trp-custom-language-flag":["https:\/\/vapebulkp.com\/wp-content\/uploads\/2025\/01\/Evappe-Deluxe-Bar-18000-Puff-Advanced-Vaping-Solution.webp",12,12,false],"woocommerce_thumbnail":["https:\/\/vapebulkp.com\/wp-content\/uploads\/2025\/01\/Evappe-Deluxe-Bar-18000-Puff-Advanced-Vaping-Solution-300x300.webp",300,300,true],"woocommerce_single":["https:\/\/vapebulkp.com\/wp-content\/uploads\/2025\/01\/Evappe-Deluxe-Bar-18000-Puff-Advanced-Vaping-Solution-600x600.webp",600,600,true],"woocommerce_gallery_thumbnail":["https:\/\/vapebulkp.com\/wp-content\/uploads\/2025\/01\/Evappe-Deluxe-Bar-18000-Puff-Advanced-Vaping-Solution-100x100.webp",100,100,true],"wcpr-photo-reviews":["https:\/\/vapebulkp.com\/wp-content\/uploads\/2025\/01\/Evappe-Deluxe-Bar-18000-Puff-Advanced-Vaping-Solution.webp",500,500,false]},"uagb_author_info":{"display_name":"Mandy vape bulk price","author_link":"https:\/\/vapebulkp.com\/et\/author\/"},"uagb_comment_info":0,"uagb_excerpt":"Evappe Deluxe Bar 18000 Puffs High-Performance Disposable Vape Pod with Mesh Coil and Type-C Rechargeable Battery Premium Evappe Deluxe Bar 18000 Puff Disposable Vape with 25ml E-liquid and 2%\/5% Nicotine Strength Evappe Deluxe Bar 18000 Puffs High-Quality Vape Pod for DTL Vaping with Long-Lasting Performance and Rechargeable Battery Pls Contact Mandy's WhatsApp For Discount Price+8618077105796&hellip;","_links":{"self":[{"href":"https:\/\/vapebulkp.com\/et\/wp-json\/wp\/v2\/product\/3412","targetHints":{"allow":["GET"]}}],"collection":[{"href":"https:\/\/vapebulkp.com\/et\/wp-json\/wp\/v2\/product"}],"about":[{"href":"https:\/\/vapebulkp.com\/et\/wp-json\/wp\/v2\/types\/product"}],"replies":[{"embeddable":true,"href":"https:\/\/vapebulkp.com\/et\/wp-json\/wp\/v2\/comments?post=3412"}],"wp:featuredmedia":[{"embeddable":true,"href":"https:\/\/vapebulkp.com\/et\/wp-json\/wp\/v2\/media\/3413"}],"wp:attachment":[{"href":"https:\/\/vapebulkp.com\/et\/wp-json\/wp\/v2\/media?parent=3412"}],"wp:term":[{"taxonomy":"product_cat","embeddable":true,"href":"https:\/\/vapebulkp.com\/et\/wp-json\/wp\/v2\/product_cat?post=3412"},{"taxonomy":"product_tag","embeddable":true,"href":"https:\/\/vapebulkp.com\/et\/wp-json\/wp\/v2\/product_tag?post=3412"}],"curies":[{"name":"wp","href":"https:\/\/api.w.org\/{rel}","templated":true}]}}