{"id":3470,"date":"2025-02-18T07:36:23","date_gmt":"2025-02-18T06:36:23","guid":{"rendered":"https:\/\/vapebulkp.com\/?post_type=product&#038;p=3470"},"modified":"2025-09-16T11:26:37","modified_gmt":"2025-09-16T09:26:37","slug":"top-selling-bang-vape-32000-puffs-with-intense-flavor-and-impressive-durability","status":"publish","type":"product","link":"https:\/\/vapebulkp.com\/et\/product\/top-selling-bang-vape-32000-puffs-with-intense-flavor-and-impressive-durability\/","title":{"rendered":"Enim m\u00fc\u00fcdud Bang Vape 32000 mahvi intensiivne maitse ja muljetavaldav vastupidavus"},"content":{"rendered":"<h2>Enim m\u00fc\u00fcdud Bang Vape 32000 mahvi intensiivne maitse ja muljetavaldav vastupidavus<\/h2>\n<p data-start=\"85\" data-end=\"552\">Veip <strong data-start=\"89\" data-end=\"114\">Bang 32000 suitsu<\/strong> on parim valik veipijatele, kes n\u00f5uavad nii <strong data-start=\"165\" data-end=\"193\">kauakestev j\u00f5udlus<\/strong> ja <strong data-start=\"198\" data-end=\"216\">intensiivne maitse<\/strong>. Erandliku <strong data-start=\"238\" data-end=\"264\">32ml e-vedeliku mahutavusega<\/strong> ja v\u00f5imsa <strong data-start=\"280\" data-end=\"298\">650 mAh aku<\/strong>, see <strong data-start=\"305\" data-end=\"338\">suure mahutavusega \u00fchekordselt kasutatav vape<\/strong> pakub <strong data-start=\"348\" data-end=\"364\">32 000 t\u00f5mmet<\/strong> sileda, j\u00e4rjepideva auru. The <strong data-start=\"398\" data-end=\"417\">0,5\u03a9 takistusega<\/strong> spiraal tagab <strong data-start=\"433\" data-end=\"461\">rikkaliku, t\u00e4idlase maitse<\/strong> iga t\u00f5mbega, muutes selle t\u00e4iuslikuks neile, kes hindavad k\u00f5rgendatud veipimiskogemust.<\/p>\n<p data-start=\"554\" data-end=\"882\">M\u00f5eldud <strong data-start=\"567\" data-end=\"588\">auru harrastajad<\/strong>, parim pakkumine <strong data-start=\"594\" data-end=\"619\">Puhasta <a href=\"https:\/\/vapebulkp.com\/et\/product-category\/32000-puffs-disposable-vape\/\">32000 Puffs \u00dchekordne Veip<\/a><\/strong> sellel on <strong data-start=\"631\" data-end=\"655\">Type-C laadimisportiga<\/strong> jaoks <strong data-start=\"660\" data-end=\"679\">kiire laadimine<\/strong>, tagades, et te ei j\u00e4\u00e4 kunagi pikaks ajaks vooluta. See <strong data-start=\"732\" data-end=\"751\">\u00fchekordne vape<\/strong> on <strong data-start=\"757\" data-end=\"791\">mugav, probleemivaba valik<\/strong> kasutajatele, kes otsivad <strong data-start=\"812\" data-end=\"841\">premium aurutamiskogemusesse<\/strong> ilma vajaduseta t\u00e4ita v\u00f5i hooldada.<\/p>\n<p data-start=\"884\" data-end=\"1198\">Olenemata sellest, kas otsite <strong data-start=\"913\" data-end=\"934\">kauakestev vape<\/strong> igap\u00e4evaseks kasutamiseks v\u00f5i usaldusv\u00e4\u00e4rseks valikuks seltskondlikel koosviibimistel, on <strong data-start=\"1000\" data-end=\"1025\">Bang Vape 32000 suitsu<\/strong>\u00a0loodud muljet avaldama. Selle stiilne, kaasaskantav disain teeb sellest ideaalse valiku <strong data-start=\"1107\" data-end=\"1133\">reisil suitsetamiseks<\/strong> tegemata kompromisse <strong data-start=\"1158\" data-end=\"1178\">maitse intensiivsuse<\/strong> or <strong data-start=\"1182\" data-end=\"1196\">vastupidavuse<\/strong>.<\/p>\n<p>&nbsp;<\/p>\n<h6>Soodushinna saamiseks v\u00f5tke \u00fchendust Mandy WhatsAppiga<a href=\"https:\/\/wa.me\/8618077105796\">+8618077105796<\/a><\/h6>\n<p><img decoding=\"async\" class=\"alignnone wp-image-2151\" src=\"http:\/\/vapebulkp.com\/wp-content\/uploads\/2024\/04\/Mandy-WhatsApp-Randm.jpg\" alt=\"Mandy WhatsAppi tutvustus\" width=\"229\" height=\"244\" srcset=\"https:\/\/vapebulkp.com\/wp-content\/uploads\/2024\/04\/Mandy-WhatsApp-Randm.jpg 916w, https:\/\/vapebulkp.com\/wp-content\/uploads\/2024\/04\/Mandy-WhatsApp-Randm-282x300.jpg 282w, https:\/\/vapebulkp.com\/wp-content\/uploads\/2024\/04\/Mandy-WhatsApp-Randm-768x817.jpg 768w, https:\/\/vapebulkp.com\/wp-content\/uploads\/2024\/04\/Mandy-WhatsApp-Randm-600x638.jpg 600w\" sizes=\"(max-width: 229px) 100vw, 229px\" \/><\/p>\n<h2><span style=\"vertical-align: inherit\">KKK Bang vape 32000 Puffs kohta:<\/span><\/h2>\n<h4 data-start=\"39\" data-end=\"128\"><strong data-start=\"44\" data-end=\"126\">1. Mis teeb Bang Vape 32000 Puff teistest \u00fchekordselt kasutatavatest vapetest paremaks?<\/strong><\/h4>\n<p data-start=\"129\" data-end=\"418\">Veip <strong data-start=\"133\" data-end=\"158\">Bang Vape 32000 t\u00f5mmet<\/strong> pakub erakordset <strong data-start=\"181\" data-end=\"197\">32 000 t\u00f5mmet<\/strong>, koos <strong data-start=\"215\" data-end=\"241\">32ml e-vedeliku mahutavusega<\/strong>, muutes selle \u00fcheks <strong data-start=\"264\" data-end=\"300\">k\u00f5ige kauem kestvaks \u00fchekordselt kasutatavaks vape'iks<\/strong> turul. The <strong data-start=\"320\" data-end=\"339\">0,5\u03a9 takistusega<\/strong> tagab sujuva auru ja j\u00e4rjepideva maitse edastamise kogu eluea jooksul.<\/p>\n<h4 data-start=\"420\" data-end=\"479\"><strong data-start=\"425\" data-end=\"477\">2. Kui kaua kestab Bang 32k puffs vape?<\/strong><\/h4>\n<p data-start=\"480\" data-end=\"715\">Koos <strong data-start=\"485\" data-end=\"501\">32 000 t\u00f5mmet<\/strong>, see \u00fchekordselt kasutatav vape on m\u00f5eldud <strong data-start=\"540\" data-end=\"556\">pikendatud kasutuseks<\/strong>, ideaalne suurtarbijatele. The <strong data-start=\"586\" data-end=\"604\">650 mAh aku<\/strong> pakub kauakestvat j\u00f5udu ja koos <strong data-start=\"643\" data-end=\"662\">Type-C laadimisega<\/strong>, saate kiiresti laadida, et nautida j\u00e4tkuvalt.<\/p>\n<h4 data-start=\"717\" data-end=\"773\"><strong data-start=\"722\" data-end=\"771\">3. Kas Bang Vape 32000 Puff on laetav?<\/strong><\/h4>\n<p data-start=\"774\" data-end=\"918\">Jah, seade on varustatud <strong data-start=\"809\" data-end=\"833\">Type-C laadimisportiga<\/strong>, mis v\u00f5imaldab teil laadida <strong data-start=\"864\" data-end=\"882\">650 mAh aku<\/strong> jaoks <strong data-start=\"887\" data-end=\"915\">pikendatud veipimise seansse<\/strong>.<\/p>\n<h4 data-start=\"920\" data-end=\"990\"><strong data-start=\"925\" data-end=\"988\">4. Millised maitsed on saadaval Bang Vape 32000 \u00fchekordselt kasutatavas veibis?<\/strong><\/h4>\n<p data-start=\"991\" data-end=\"1139\">Veip <strong data-start=\"995\" data-end=\"1020\">Bang Vape 32000 t\u00f5mmet<\/strong> on saadaval mitmesugustes esmaklassilistes maitsetes, pakkudes <strong data-start=\"1071\" data-end=\"1105\">rikkalikku ja rahuldust pakkuvat kogemust<\/strong> erineva maitsega veipijatele.<\/p>\n<h3 data-start=\"0\" data-end=\"62\"><strong data-start=\"0\" data-end=\"60\">Bang Vape 32K Puffi spetsifikatsioonid:<\/strong><\/h3>\n<ul>\n<li data-start=\"46\" data-end=\"138\"><strong data-start=\"48\" data-end=\"57\">Mahvi<\/strong>: 32,000 \u2013 Kogege pikendatud veipimissessiooni muljetavaldava pahvide arvuga.<\/li>\n<li data-start=\"139\" data-end=\"230\"><strong data-start=\"141\" data-end=\"162\">E-vedeliku maht<\/strong>: 32 ml \u2013 Suur paak pikemaks kasutamiseks ilma sagedase t\u00e4itmiseta.<\/li>\n<li data-start=\"231\" data-end=\"312\"><strong data-start=\"233\" data-end=\"247\">Takistus<\/strong>: 0.5\u03a9 \u2013 Optimeeritud sujuvaks auru tootmiseks ja rikkalikuks maitseks.<\/li>\n<li data-start=\"313\" data-end=\"395\"><strong data-start=\"315\" data-end=\"326\">Aku<\/strong>: 650mAh \u2013 Kauakestev v\u00f5imsus, mis toetab pikki veipimisseansse.<\/li>\n<li data-start=\"396\" data-end=\"479\"><strong data-start=\"398\" data-end=\"415\">Laadimisport<\/strong>: Type-C \u2013 Kiire ja t\u00f5hus laadimine minimaalse seisakuga.<\/li>\n<\/ul>\n<h3><strong>30k vape pauk maksimaalse pahvide mahutavuse jaoks Maitsenimekiri:<\/strong><\/h3>\n<p>1. arbuusi-kirss<br \/>\n2. mustika-vaarikas<br \/>\n3. arbuusi-j\u00e4\u00e4<br \/>\n4. maasika-arbuus<br \/>\n5. maasika-kiivi<br \/>\n6. punane pull<br \/>\n7. arbuusi-n\u00e4rimiskumm<br \/>\n8. viinamarja-j\u00e4\u00e4<br \/>\n9. virsiku-mango<br \/>\n10. virsiku-j\u00e4\u00e4<br \/>\n11. mustika-j\u00e4\u00e4<br \/>\n12. segapuuvili<\/p>\n<p><a href=\"https:\/\/vapebulkp.com\/et\/product\/bang-box-35000-puffs-touch-switch-digital-screen-rechargeable-vape\/\"><span style=\"vertical-align: inherit\">\u00a0Bang Box 35000 t\u00f5mmet <\/span><\/a><\/p>\n<p><span style=\"vertical-align: inherit\">Leia rohkem tooteid, mis sulle meeldida v\u00f5iksid:<\/span><em><a href=\"https:\/\/wa.me\/8618077105796\"><span style=\"vertical-align: inherit\">\u00a0Osta kohe<\/span><\/a><\/em><\/p>\n<p><span style=\"vertical-align: inherit\">Teised e-sigaretid, mis sulle meeldida v\u00f5ivad:<\/span><a href=\"https:\/\/vapebulkp.com\/et\/product\/buying-bood-twins-46000-puffs-vape-bar-wholesale-price\/\"><span style=\"vertical-align: inherit\">Bood twins 46000 t\u00f5mmet<\/span><\/a><span style=\"vertical-align: inherit\">\u3001<\/span><a href=\"https:\/\/vapebulkp.com\/et\/product\/fihp-digital-12000-puffs-disposable-e-cigarette-stylish-reliable-vape\/\"><span style=\"vertical-align: inherit\">FIHP digitaalne karp 12000 mahvi<\/span><\/a><span style=\"vertical-align: inherit\">\/ <\/span><a href=\"https:\/\/vapebulkp.com\/et\/product\/waspe-crystal-vape-40000-puffs-disposable-e-cigarette-dual-flavors-wholesale-price\/\"><span style=\"vertical-align: inherit\">WAPE Crystal 40000 t\u00f5mmet<\/span><\/a><span style=\"vertical-align: inherit\">\/ <\/span><a href=\"https:\/\/vapebulkp.com\/et\/product\/fihp-36k-puffs-double-flavor-next-gen-nicotine-alternatives-europe-vape\/\"><span style=\"vertical-align: inherit\">FIHP Vape 36000 t\u00f5mmet<\/span><\/a><\/p>\n<p><span style=\"vertical-align: inherit\">Erilise kujuga e-sigareti pudel:<\/span><a href=\"https:\/\/vapebulkp.com\/et\/product\/fumot-randm-shisha-10k-puffs-hot-sale-vape-pen\/\"><span style=\"vertical-align: inherit\">Fumot Randm vesipiip 10000 mahvi <\/span><\/a><span style=\"vertical-align: inherit\">\/ <\/span><a href=\"https:\/\/vapebulkp.com\/et\/product\/razz-bar-25000-puffs-wholesale-price-vape-eu-warehouse\/\"><span style=\"vertical-align: inherit\">RAZZ BAR 25000 mahvi <\/span><\/a><span style=\"vertical-align: inherit\">\/<\/span><a href=\"https:\/\/vapebulkp.com\/et\/product\/bang-refillable-40000-puffs-long-lasting-vape-adjustable-airflow\/\"><span style=\"vertical-align: inherit\">Bang Vape 40000 mahvi <\/span><\/a><\/p>\n<h4>Saatmisinfo:<\/h4>\n<p>Tootmisaeg: 5-10 t\u00f6\u00f6p\u00e4eva<br \/>\nSaatmisaeg: 8-14 t\u00f6\u00f6p\u00e4eva<\/p>\n<p>K\u00f5ik meie poe tooted on 100% originaalsed ja autentsed, seega on v\u00f5ltsitud kaupade eest k\u00fcmnekordne h\u00fcvitis meie poe poliitika. Kasutame kaupade teile tarnimiseks logistikakanaleid nagu UPS\/DHL\/FEDEX\/DPD.<\/p>\n<p>Eestisse saadetud pakkide kohalej\u00f5udmine v\u00f5tab tavaliselt aega 10 t\u00f6\u00f6p\u00e4eva. Euroopa riikidesse saatmine v\u00f5tab tavaliselt aega 12 kuni 15 t\u00f6\u00f6p\u00e4eva. Uuendame logistikainfot teie jaoks reaalajas.<\/p>\n<h3>Hea m\u00fc\u00fcgij\u00e4rgne teenindus:<\/h3>\n<p>Teade: Kvaliteediprobleemide puudumisel raha ei tagastata ega vahetata<br \/>\n1. Kliendid saavad valida soovitud maitse, kuid kui maitset pole laos, valib tootmisosakond asenduseks populaarse maitse. Kliendid ei saa maitsete alusel taotleda raha tagastamist ega vahetamist.<\/p>\n<p>2. Kvaliteediprobleemide ilmnemisel esitage \u00fcksikasjalikud video- ja pildikirjeldused.<br \/>\nKui te ei saa esitada t\u00f5endeid, nagu videod ja fotod, ei saa kaupa vahetada.<\/p>","protected":false},"excerpt":{"rendered":"<p>Veip <strong data-start=\"4\" data-end=\"29\">Bang Vape 32000 t\u00f5mmet<\/strong> pakub <strong data-start=\"37\" data-end=\"65\">kauakestev j\u00f5udlus<\/strong>, <strong data-start=\"67\" data-end=\"85\">intensiivne maitse<\/strong>, ja <strong data-start=\"93\" data-end=\"120\">suure mahutavusega 32ml paak<\/strong>, ideaalne <strong data-start=\"136\" data-end=\"165\">premium aurutamiskogemusesse<\/strong>.<\/p>\n<p><img decoding=\"async\" class=\"alignnone wp-image-2151\" src=\"http:\/\/vapebulkp.com\/wp-content\/uploads\/2024\/04\/Mandy-WhatsApp-Randm.jpg\" alt=\"Mandy WhatsAppi tutvustus\" width=\"286\" height=\"304\" srcset=\"https:\/\/vapebulkp.com\/wp-content\/uploads\/2024\/04\/Mandy-WhatsApp-Randm.jpg 916w, https:\/\/vapebulkp.com\/wp-content\/uploads\/2024\/04\/Mandy-WhatsApp-Randm-282x300.jpg 282w, https:\/\/vapebulkp.com\/wp-content\/uploads\/2024\/04\/Mandy-WhatsApp-Randm-768x817.jpg 768w, https:\/\/vapebulkp.com\/wp-content\/uploads\/2024\/04\/Mandy-WhatsApp-Randm-600x638.jpg 600w\" sizes=\"(max-width: 286px) 100vw, 286px\" \/><\/p>\n<p>Soodushinna saamiseks v\u00f5tke \u00fchendust Mandy WhatsAppiga<a href=\"https:\/\/wa.me\/8618077105796\">+8618077105796<\/a><\/p>\n<p><span style=\"color: #ff0000\">M\u00c4RKUS: Meie veebisaidi hinnad ei sisalda saatmiskulusid<\/span><\/p>","protected":false},"featured_media":3475,"comment_status":"open","ping_status":"closed","template":"","meta":{"_uag_custom_page_level_css":"","_lmt_disableupdate":"no","_lmt_disable":"","site-sidebar-layout":"default","site-content-layout":"content-boxed-container","ast-site-content-layout":"normal-width-container","site-content-style":"boxed","site-sidebar-style":"unboxed","ast-global-header-display":"","ast-banner-title-visibility":"","ast-main-header-display":"","ast-hfb-above-header-display":"","ast-hfb-below-header-display":"","ast-hfb-mobile-header-display":"","site-post-title":"","ast-breadcrumbs-content":"","ast-featured-img":"","footer-sml-layout":"","theme-transparent-header-meta":"default","adv-header-id-meta":"","stick-header-meta":"","header-above-stick-meta":"","header-main-stick-meta":"","header-below-stick-meta":"","astra-migrate-meta-layouts":"set","_joinchat":[]},"product_cat":[188,153,345,155,33,59,100,87,34,158,157,154,152,58,84,156,63,32],"product_tag":[189,36,37,41,71,40],"class_list":["post-3470","product","type-product","status-publish","has-post-thumbnail","hentry","product_cat-32000-puffs-disposable-vape","product_cat-hot-disposable-vapes","product_cat-bang-vapes","product_cat-belgium-hot-disposable-vapes","product_cat-france-vape-hot-sale","product_cat-germany-hot-disposable-vape","product_cat-germany-wholesale-vape-shop","product_cat-minimum-order-quantity-50pcs","product_cat-netherlands-vape-good-sale","product_cat-norway-hot-disposable-vapes","product_cat-poland-hot-disposable-vapes","product_cat-portugal-hot-disposable-vapes","product_cat-spain-hot-disposable-vapes","product_cat-sweden-hot-disposable-vape","product_cat-sweden-wholesale-vape","product_cat-switzerland-hot-disposable-vapes","product_cat-top-sale-disposable-vape","product_cat-vape-hot-sale-this-week","product_tag-32000-puffs","product_tag-good-vape","product_tag-hot-sale-disposable-vape","product_tag-poland-hot-vape","product_tag-randm","product_tag-sweden-hot-vape","pa_brand-bang-vape","desktop-align-left","tablet-align-left","mobile-align-left"],"yoast_head":"<!-- This site is optimized with the Yoast SEO plugin v21.1 - https:\/\/yoast.com\/wordpress\/plugins\/seo\/ -->\n<title>Top-Selling Bang Vape 32000 Puffs Intense Flavor Impressive Durability - vapebulkp.com<\/title>\n<meta name=\"description\" content=\"Bulk Price Bang Vape 32000 Puffs with intense flavor, 32ml e-liquid capacity, and impressive durability. A premium disposable vape for lasting satisfaction.\" \/>\n<meta name=\"robots\" content=\"index, follow, max-snippet:-1, max-image-preview:large, max-video-preview:-1\" \/>\n<link rel=\"canonical\" href=\"https:\/\/vapebulkp.com\/et\/product\/top-selling-bang-vape-32000-puffs-with-intense-flavor-and-impressive-durability\/\" \/>\n<meta property=\"og:locale\" content=\"et_EE\" \/>\n<meta property=\"og:type\" content=\"article\" \/>\n<meta property=\"og:title\" content=\"Top-Selling Bang Vape 32000 Puffs Intense Flavor Impressive Durability - vapebulkp.com\" \/>\n<meta property=\"og:description\" content=\"Bulk Price Bang Vape 32000 Puffs with intense flavor, 32ml e-liquid capacity, and impressive durability. A premium disposable vape for lasting satisfaction.\" \/>\n<meta property=\"og:url\" content=\"https:\/\/vapebulkp.com\/et\/product\/top-selling-bang-vape-32000-puffs-with-intense-flavor-and-impressive-durability\/\" \/>\n<meta property=\"og:site_name\" content=\"vapebulkp.com\" \/>\n<meta property=\"article:modified_time\" content=\"2025-09-16T09:26:37+00:00\" \/>\n<meta property=\"og:image\" content=\"http:\/\/vapebulkp.com\/wp-content\/uploads\/2025\/02\/Bang-Vape-32000Puffs-Top-Sale-Vape.webp\" \/>\n\t<meta property=\"og:image:width\" content=\"800\" \/>\n\t<meta property=\"og:image:height\" content=\"800\" \/>\n\t<meta property=\"og:image:type\" content=\"image\/webp\" \/>\n<meta name=\"twitter:card\" content=\"summary_large_image\" \/>\n<meta name=\"twitter:label1\" content=\"Est. reading time\" \/>\n\t<meta name=\"twitter:data1\" content=\"4 minutit\" \/>\n<script type=\"application\/ld+json\" class=\"yoast-schema-graph\">{\"@context\":\"https:\/\/schema.org\",\"@graph\":[{\"@type\":\"WebPage\",\"@id\":\"https:\/\/vapebulkp.com\/product\/top-selling-bang-vape-32000-puffs-with-intense-flavor-and-impressive-durability\/\",\"url\":\"https:\/\/vapebulkp.com\/product\/top-selling-bang-vape-32000-puffs-with-intense-flavor-and-impressive-durability\/\",\"name\":\"Top-Selling Bang Vape 32000 Puffs Intense Flavor Impressive Durability - vapebulkp.com\",\"isPartOf\":{\"@id\":\"https:\/\/vapebulkp.com\/#website\"},\"datePublished\":\"2025-02-18T06:36:23+00:00\",\"dateModified\":\"2025-09-16T09:26:37+00:00\",\"description\":\"Bulk Price Bang Vape 32000 Puffs with intense flavor, 32ml e-liquid capacity, and impressive durability. A premium disposable vape for lasting satisfaction.\",\"breadcrumb\":{\"@id\":\"https:\/\/vapebulkp.com\/product\/top-selling-bang-vape-32000-puffs-with-intense-flavor-and-impressive-durability\/#breadcrumb\"},\"inLanguage\":\"et\",\"potentialAction\":[{\"@type\":\"ReadAction\",\"target\":[\"https:\/\/vapebulkp.com\/product\/top-selling-bang-vape-32000-puffs-with-intense-flavor-and-impressive-durability\/\"]}]},{\"@type\":\"BreadcrumbList\",\"@id\":\"https:\/\/vapebulkp.com\/product\/top-selling-bang-vape-32000-puffs-with-intense-flavor-and-impressive-durability\/#breadcrumb\",\"itemListElement\":[{\"@type\":\"ListItem\",\"position\":1,\"name\":\"Home\",\"item\":\"https:\/\/vapebulkp.com\/\"},{\"@type\":\"ListItem\",\"position\":2,\"name\":\"Hot Trend Vapes\",\"item\":\"https:\/\/vapebulkp.com\/vape-shop\/\"},{\"@type\":\"ListItem\",\"position\":3,\"name\":\"Top-Selling Bang Vape 32000 Puffs Intense Flavor Impressive Durability\"}]},{\"@type\":\"WebSite\",\"@id\":\"https:\/\/vapebulkp.com\/#website\",\"url\":\"https:\/\/vapebulkp.com\/\",\"name\":\"vapebulkp.com\",\"description\":\"Buy Vape In Cheap Bulk Price Near you\",\"publisher\":{\"@id\":\"https:\/\/vapebulkp.com\/#organization\"},\"potentialAction\":[{\"@type\":\"SearchAction\",\"target\":{\"@type\":\"EntryPoint\",\"urlTemplate\":\"https:\/\/vapebulkp.com\/?s={search_term_string}\"},\"query-input\":\"required name=search_term_string\"}],\"inLanguage\":\"et\"},{\"@type\":\"Organization\",\"@id\":\"https:\/\/vapebulkp.com\/#organization\",\"name\":\"vapebulkp.com\",\"url\":\"https:\/\/vapebulkp.com\/\",\"logo\":{\"@type\":\"ImageObject\",\"inLanguage\":\"et\",\"@id\":\"https:\/\/vapebulkp.com\/#\/schema\/logo\/image\/\",\"url\":\"https:\/\/vapebulkp.com\/wp-content\/uploads\/2023\/09\/cropped-vapebulkp.png\",\"contentUrl\":\"https:\/\/vapebulkp.com\/wp-content\/uploads\/2023\/09\/cropped-vapebulkp.png\",\"width\":516,\"height\":163,\"caption\":\"vapebulkp.com\"},\"image\":{\"@id\":\"https:\/\/vapebulkp.com\/#\/schema\/logo\/image\/\"}}]}<\/script>\n<!-- \/ Yoast SEO plugin. -->","yoast_head_json":{"title":"Top-Selling Bang Vape 32000 Puffs Intense Flavor Impressive Durability - vapebulkp.com","description":"Bulk Price Bang Vape 32000 Puffs with intense flavor, 32ml e-liquid capacity, and impressive durability. A premium disposable vape for lasting satisfaction.","robots":{"index":"index","follow":"follow","max-snippet":"max-snippet:-1","max-image-preview":"max-image-preview:large","max-video-preview":"max-video-preview:-1"},"canonical":"https:\/\/vapebulkp.com\/et\/product\/top-selling-bang-vape-32000-puffs-with-intense-flavor-and-impressive-durability\/","og_locale":"et_EE","og_type":"article","og_title":"Top-Selling Bang Vape 32000 Puffs Intense Flavor Impressive Durability - vapebulkp.com","og_description":"Bulk Price Bang Vape 32000 Puffs with intense flavor, 32ml e-liquid capacity, and impressive durability. A premium disposable vape for lasting satisfaction.","og_url":"https:\/\/vapebulkp.com\/et\/product\/top-selling-bang-vape-32000-puffs-with-intense-flavor-and-impressive-durability\/","og_site_name":"vapebulkp.com","article_modified_time":"2025-09-16T09:26:37+00:00","og_image":[{"width":800,"height":800,"url":"http:\/\/vapebulkp.com\/wp-content\/uploads\/2025\/02\/Bang-Vape-32000Puffs-Top-Sale-Vape.webp","type":"image\/webp"}],"twitter_card":"summary_large_image","twitter_misc":{"Est. reading time":"4 minutit"},"schema":{"@context":"https:\/\/schema.org","@graph":[{"@type":"WebPage","@id":"https:\/\/vapebulkp.com\/product\/top-selling-bang-vape-32000-puffs-with-intense-flavor-and-impressive-durability\/","url":"https:\/\/vapebulkp.com\/product\/top-selling-bang-vape-32000-puffs-with-intense-flavor-and-impressive-durability\/","name":"Top-Selling Bang Vape 32000 Puffs Intense Flavor Impressive Durability - vapebulkp.com","isPartOf":{"@id":"https:\/\/vapebulkp.com\/#website"},"datePublished":"2025-02-18T06:36:23+00:00","dateModified":"2025-09-16T09:26:37+00:00","description":"Bulk Price Bang Vape 32000 Puffs with intense flavor, 32ml e-liquid capacity, and impressive durability. A premium disposable vape for lasting satisfaction.","breadcrumb":{"@id":"https:\/\/vapebulkp.com\/product\/top-selling-bang-vape-32000-puffs-with-intense-flavor-and-impressive-durability\/#breadcrumb"},"inLanguage":"et","potentialAction":[{"@type":"ReadAction","target":["https:\/\/vapebulkp.com\/product\/top-selling-bang-vape-32000-puffs-with-intense-flavor-and-impressive-durability\/"]}]},{"@type":"BreadcrumbList","@id":"https:\/\/vapebulkp.com\/product\/top-selling-bang-vape-32000-puffs-with-intense-flavor-and-impressive-durability\/#breadcrumb","itemListElement":[{"@type":"ListItem","position":1,"name":"Home","item":"https:\/\/vapebulkp.com\/"},{"@type":"ListItem","position":2,"name":"Hot Trend Vapes","item":"https:\/\/vapebulkp.com\/vape-shop\/"},{"@type":"ListItem","position":3,"name":"Top-Selling Bang Vape 32000 Puffs Intense Flavor Impressive Durability"}]},{"@type":"WebSite","@id":"https:\/\/vapebulkp.com\/#website","url":"https:\/\/vapebulkp.com\/","name":"vapebulkp.com","description":"Buy Vape In Cheap Bulk Price Near you","publisher":{"@id":"https:\/\/vapebulkp.com\/#organization"},"potentialAction":[{"@type":"SearchAction","target":{"@type":"EntryPoint","urlTemplate":"https:\/\/vapebulkp.com\/?s={search_term_string}"},"query-input":"required name=search_term_string"}],"inLanguage":"et"},{"@type":"Organization","@id":"https:\/\/vapebulkp.com\/#organization","name":"vapebulkp.com","url":"https:\/\/vapebulkp.com\/","logo":{"@type":"ImageObject","inLanguage":"et","@id":"https:\/\/vapebulkp.com\/#\/schema\/logo\/image\/","url":"https:\/\/vapebulkp.com\/wp-content\/uploads\/2023\/09\/cropped-vapebulkp.png","contentUrl":"https:\/\/vapebulkp.com\/wp-content\/uploads\/2023\/09\/cropped-vapebulkp.png","width":516,"height":163,"caption":"vapebulkp.com"},"image":{"@id":"https:\/\/vapebulkp.com\/#\/schema\/logo\/image\/"}}]}},"uagb_featured_image_src":{"full":["https:\/\/vapebulkp.com\/wp-content\/uploads\/2025\/02\/Bang-Vape-32000Puffs-Top-Sale-Vape.webp",800,800,false],"thumbnail":["https:\/\/vapebulkp.com\/wp-content\/uploads\/2025\/02\/Bang-Vape-32000Puffs-Top-Sale-Vape-150x150.webp",150,150,true],"medium":["https:\/\/vapebulkp.com\/wp-content\/uploads\/2025\/02\/Bang-Vape-32000Puffs-Top-Sale-Vape-300x300.webp",300,300,true],"medium_large":["https:\/\/vapebulkp.com\/wp-content\/uploads\/2025\/02\/Bang-Vape-32000Puffs-Top-Sale-Vape-768x768.webp",768,768,true],"large":["https:\/\/vapebulkp.com\/wp-content\/uploads\/2025\/02\/Bang-Vape-32000Puffs-Top-Sale-Vape.webp",800,800,false],"1536x1536":["https:\/\/vapebulkp.com\/wp-content\/uploads\/2025\/02\/Bang-Vape-32000Puffs-Top-Sale-Vape.webp",800,800,false],"2048x2048":["https:\/\/vapebulkp.com\/wp-content\/uploads\/2025\/02\/Bang-Vape-32000Puffs-Top-Sale-Vape.webp",800,800,false],"trp-custom-language-flag":["https:\/\/vapebulkp.com\/wp-content\/uploads\/2025\/02\/Bang-Vape-32000Puffs-Top-Sale-Vape.webp",12,12,false],"woocommerce_thumbnail":["https:\/\/vapebulkp.com\/wp-content\/uploads\/2025\/02\/Bang-Vape-32000Puffs-Top-Sale-Vape-300x300.webp",300,300,true],"woocommerce_single":["https:\/\/vapebulkp.com\/wp-content\/uploads\/2025\/02\/Bang-Vape-32000Puffs-Top-Sale-Vape-600x600.webp",600,600,true],"woocommerce_gallery_thumbnail":["https:\/\/vapebulkp.com\/wp-content\/uploads\/2025\/02\/Bang-Vape-32000Puffs-Top-Sale-Vape-100x100.webp",100,100,true],"wcpr-photo-reviews":["https:\/\/vapebulkp.com\/wp-content\/uploads\/2025\/02\/Bang-Vape-32000Puffs-Top-Sale-Vape.webp",500,500,false]},"uagb_author_info":{"display_name":"Mandy vape bulk price","author_link":"https:\/\/vapebulkp.com\/et\/author\/"},"uagb_comment_info":0,"uagb_excerpt":"The Bang Vape 32000 Puffs offers long-lasting performance, intense flavor, and a high-capacity 32ml tank, perfect for a premium vaping experience. Pls Contact Mandy's WhatsApp For Discount Price+8618077105796 NOTE: Prices on our website does not include shipping costs","_links":{"self":[{"href":"https:\/\/vapebulkp.com\/et\/wp-json\/wp\/v2\/product\/3470","targetHints":{"allow":["GET"]}}],"collection":[{"href":"https:\/\/vapebulkp.com\/et\/wp-json\/wp\/v2\/product"}],"about":[{"href":"https:\/\/vapebulkp.com\/et\/wp-json\/wp\/v2\/types\/product"}],"replies":[{"embeddable":true,"href":"https:\/\/vapebulkp.com\/et\/wp-json\/wp\/v2\/comments?post=3470"}],"wp:featuredmedia":[{"embeddable":true,"href":"https:\/\/vapebulkp.com\/et\/wp-json\/wp\/v2\/media\/3475"}],"wp:attachment":[{"href":"https:\/\/vapebulkp.com\/et\/wp-json\/wp\/v2\/media?parent=3470"}],"wp:term":[{"taxonomy":"product_cat","embeddable":true,"href":"https:\/\/vapebulkp.com\/et\/wp-json\/wp\/v2\/product_cat?post=3470"},{"taxonomy":"product_tag","embeddable":true,"href":"https:\/\/vapebulkp.com\/et\/wp-json\/wp\/v2\/product_tag?post=3470"}],"curies":[{"name":"wp","href":"https:\/\/api.w.org\/{rel}","templated":true}]}}