{"id":3519,"date":"2025-02-28T09:27:13","date_gmt":"2025-02-28T08:27:13","guid":{"rendered":"https:\/\/vapebulkp.com\/?post_type=product&#038;p=3519"},"modified":"2025-09-17T10:33:30","modified_gmt":"2025-09-17T08:33:30","slug":"jnr-mega-shisha-hookah-100000-puffs-high-capacity-long-lasting-vaping","status":"publish","type":"product","link":"https:\/\/vapebulkp.com\/et\/toode\/jnr-mega-shisha-hookah-100000-puffs-high-capacity-long-lasting-vaping\/","title":{"rendered":"JNR Mega Shisha Hookah 100 000 pahvi suure mahutavusega kauakestev veipimine"},"content":{"rendered":"<h2 style=\"text-align: left\">JNR Mega Shisha Hookah 100 000 pahvi suure mahutavusega kauakestev veipimine<\/h2>\n<p>&nbsp;<\/p>\n<p data-start=\"334\" data-end=\"690\">Veip <strong data-start=\"338\" data-end=\"393\">JNR Mega Shisha Hookah 100000 Pahvi \u00fchekordselt kasutatav veip<\/strong> on <strong data-start=\"399\" data-end=\"427\">kauakestev veipimisseade<\/strong> m\u00f5eldud veipijatele, kes soovivad maksimaalset mahtu ja esmaklassilist kvaliteeti. Pakkudes kuni 100 000 pahvi, on see <strong data-start=\"531\" data-end=\"554\">esmaklassiline \u0161i\u0161aveip<\/strong> loodud j\u00f5udluse, maitse ja mugavuse tagamiseks, muutes selle \u00fcheks k\u00f5ige v\u00f5imsamaks valikuks, mis on saadaval Eestis <strong data-start=\"662\" data-end=\"687\">hulgim\u00fc\u00fck vape Eesti<\/strong>.<\/p>\n<p data-start=\"692\" data-end=\"994\">T\u00e4iustatud v\u00f5rgusilma m\u00e4hise tehnoloogia abil toodab see <strong data-start=\"739\" data-end=\"764\">v\u00f5rgusilmaga m\u00e4hisega vape-seade<\/strong> rikkalikku maitset ja sujuvaid pilvi esimesest pahvist viimaseni. M\u00f5eldud <strong data-start=\"850\" data-end=\"873\">DTL \u00fchekordselt kasutatava veibi<\/strong> kasutajatele, annab see tiheda auru ja rahuldava kurgutabamuse, mis on ideaalne nii kogenud \u0161i\u0161as\u00f5pradele kui ka igap\u00e4evastele veipijatele.<\/p>\n<p data-start=\"996\" data-end=\"1360\">Sisseehitatud nutiekraan kuvab pahvide arvu ja aku taset, samas kui hingamisvalgus lisab stiilse puudutuse. Seadmel on ka kahe suuotsiku disain jagatud kasutamiseks ja ohutuskaitse meelerahu tagamiseks. Laetava disainiga see <strong data-start=\"1239\" data-end=\"1271\">laetav \u00fchekordselt kasutatav veip<\/strong>\u00a0\u00fchendab \u00fchekordselt kasutatavate seadmete mugavuse ja kiire Type-C laadimise usaldusv\u00e4\u00e4rsuse.<\/p>\n<p data-start=\"1362\" data-end=\"1581\">Ideaalne nii \u00fcksikkasutajatele kui ka hulgitellimustele, <strong data-start=\"1417\" data-end=\"1472\">JNR Mega Shisha Hubi <a href=\"https:\/\/vapebulkp.com\/et\/tootekategooria\/100000-puffs-disposable-vape\/\">100000 t\u00f5mmet \u00fchekordne veip<\/a><\/strong> pakub v\u00f5rratut vastupidavust, esmaklassilist maitse\u00fclekannet ja kiiret ELi transporti jaem\u00fc\u00fcjatele ja edasim\u00fc\u00fcjatele.<\/p>\n<p>&nbsp;<\/p>\n<h6>Soodushinna saamiseks v\u00f5tke \u00fchendust Mandy WhatsAppiga<a href=\"https:\/\/wa.me\/8618077105796\">+8618077105796<\/a><\/h6>\n<p><img decoding=\"async\" class=\"alignnone wp-image-2151\" src=\"http:\/\/vapebulkp.com\/wp-content\/uploads\/2024\/04\/Mandy-WhatsApp-Randm.jpg\" alt=\"Mandy WhatsAppi tutvustus\" width=\"287\" height=\"305\" srcset=\"https:\/\/vapebulkp.com\/wp-content\/uploads\/2024\/04\/Mandy-WhatsApp-Randm.jpg 916w, https:\/\/vapebulkp.com\/wp-content\/uploads\/2024\/04\/Mandy-WhatsApp-Randm-282x300.jpg 282w, https:\/\/vapebulkp.com\/wp-content\/uploads\/2024\/04\/Mandy-WhatsApp-Randm-768x817.jpg 768w, https:\/\/vapebulkp.com\/wp-content\/uploads\/2024\/04\/Mandy-WhatsApp-Randm-600x638.jpg 600w\" sizes=\"(max-width: 287px) 100vw, 287px\" \/><\/p>\n<h2><strong>Miks valida <\/strong><strong>JNR Mega Shisha Hookah 100k pahvi \u00fchekordselt kasutatav veip suurep\u00e4rane aurukvaliteet <\/strong><strong>\u00a0Vapebulkp.com?<\/strong><\/h2>\n<p data-start=\"169\" data-end=\"469\">Veip <strong data-start=\"173\" data-end=\"229\">JNR Mega Shisha Hookah 100 000 Puffs \u00fchekordselt kasutatav e-sigaret<\/strong> pakub erakordset veipimiskogemust, mis on kvaliteedis ja mugavuses \u00fcletamatu. Saadaval ainult aadressil <strong data-start=\"343\" data-end=\"360\">Vapebulkp.com<\/strong>, on see esmaklassiline seade m\u00f5eldud neile, kes otsivad suurep\u00e4rast aurutootmist ja kauakestvat rahulolu.<\/p>\n<ul data-start=\"471\" data-end=\"1741\">\n<li data-start=\"471\" data-end=\"785\">\n<p data-start=\"473\" data-end=\"785\"><strong data-start=\"473\" data-end=\"502\">Erakordne auru kvaliteet<\/strong>: T\u00e4iustatud v\u00f5rkspiraali tehnoloogiaga varustatud JNR Mega pakub <strong data-start=\"571\" data-end=\"607\">erakordselt siledat, rikkalikku auru<\/strong>, pakkudes iga pahviga esmaklassilist veipimiskogemust.<\/p>\n<\/li>\n<li data-start=\"787\" data-end=\"1010\">\n<p data-start=\"789\" data-end=\"1010\"><strong data-start=\"789\" data-end=\"814\">Uskumatu pahvide arv<\/strong>: <strong data-start=\"821\" data-end=\"838\">100 000 pahviga<\/strong>, on JNR Mega \u00fcks k\u00f5ige kauem kestvamaid \u00fchekordselt kasutatavaid e-sigarette. J\u00e4tke sagedaste asendamistega h\u00fcvasti ja nautige pikendatud ja probleemivaba veipimiskogemust.<\/p>\n<\/li>\n<li data-start=\"1012\" data-end=\"1343\">\n<p data-start=\"1014\" data-end=\"1343\"><strong data-start=\"1014\" data-end=\"1054\">Uuenduslik disain ja nutikad funktsioonid<\/strong>: Seadmel on <strong data-start=\"1078\" data-end=\"1094\">nutiekraan<\/strong> oma kasutuse j\u00e4lgimiseks ja <strong data-start=\"1125\" data-end=\"1144\">hingamisvalgus<\/strong> stiilse, visuaalselt kaasahaarava kogemuse jaoks.<\/p>\n<\/li>\n<li data-start=\"1345\" data-end=\"1522\">\n<p data-start=\"1347\" data-end=\"1522\"><strong data-start=\"1347\" data-end=\"1378\">Otse kopsu (DTL) veipimine<\/strong>: Loodud <strong data-start=\"1395\" data-end=\"1409\">DTL veipimine<\/strong>, see seade tagab intensiivse ja rahuldustpakkuva elamuse, mis on ideaalne veipijatele, kes naudivad suuremaid pilvi ja s\u00fcgavamaid t\u00f5mbeid.<\/p>\n<\/li>\n<\/ul>\n<h3><\/h3>\n<div class=\"mb-2 flex gap-3 empty:hidden -ml-2\">\n<div class=\"items-center justify-start rounded-xl p-1 flex\">\n<h2><strong>Luksuslike veipimispulkade spetsifikatsioonid <\/strong><strong>JNR Mega Shisha Hookah 100k mahvi<\/strong><\/h2>\n<ul>\n<li><strong data-start=\"117\" data-end=\"149\">Lauaarvuti Hookah \u00fchilduvus<\/strong> \u2013 Loodud sujuvaks integreerimiseks teie lauaarvuti seadistusega.<\/li>\n<li><strong data-start=\"215\" data-end=\"246\" data-is-only-node=\"\">DTL (Direct-to-Lung) veipimine<\/strong> \u2013 Optimeeritud sujuvaks ja intensiivseks auru tootmiseks.<\/li>\n<li><strong data-start=\"304\" data-end=\"323\">Hingav valgus<\/strong> \u2013 Stiilne, d\u00fcnaamiline valgusefekt, mis lisab teie veipimiskogemusele s\u00e4rtsu.<\/li>\n<li><strong data-start=\"406\" data-end=\"422\">Nutiekraan<\/strong> \u2013 Kasutajas\u00f5bralik liides, mis kuvab olulist veipimisinfot.<\/li>\n<li><strong data-start=\"494\" data-end=\"513\">Topelthuulik<\/strong> \u2013 Naudi veipimist s\u00f5braga, kasutades topelthuuliku disaini.<\/li>\n<li><strong data-start=\"581\" data-end=\"607\">Maksimaalne 8s veipimisaeg<\/strong> \u2013 Pikad pahvid rahuldustpakkuvaks veipimiseks.<\/li>\n<\/ul>\n<\/div>\n<\/div>\n<h2 style=\"text-align: left\"><strong>JNR Mega Shisha Hookah 100k pahviga veipide suure j\u00f5udlusega m\u00e4hiss\u00fcsteemi maitsete loetelu:<\/strong><\/h2>\n<p>1. Kaks \u00f5una<br \/>\n2. Armastus 66<br \/>\n3. Leedi Killa<br \/>\n4. Maasika punch<br \/>\n5. Mahlane j\u00e4\u00e4<br \/>\n6. Viinamarja-m\u00fcnt<br \/>\n7. Maagiline armastus<br \/>\n8. Virsiku j\u00e4\u00e4<br \/>\n9. Mustika j\u00e4\u00e4<br \/>\n10. Hawaii<br \/>\n11. Kiwi passionfruity guava<br \/>\n12. Mi Amor<\/p>\n<p><a href=\"https:\/\/vapebulkp.com\/et\/toode\/waspe-vape-40000-puff-fihp-double-flavour-disposable-vape\/\"><span style=\"vertical-align: inherit\">WASPE 40000 pahvi<\/span><\/a><\/p>\n<p><span style=\"vertical-align: inherit\">Leia rohkem tooteid, mis sulle meeldida v\u00f5iksid:<\/span><em><a href=\"https:\/\/wa.me\/8618077105796\"><span style=\"vertical-align: inherit\">\u00a0Osta kohe<\/span><\/a><\/em><\/p>\n<p><span style=\"vertical-align: inherit\">Teised e-sigaretid, mis sulle meeldida v\u00f5ivad:<\/span><a href=\"https:\/\/vapebulkp.com\/et\/toode\/uzy-bang-king-12k-disposable-vape-affordable-price\/\"><span style=\"vertical-align: inherit\">UZY Bang King 12000 pahvi<\/span><\/a><span style=\"vertical-align: inherit\">\u3001<\/span><a href=\"https:\/\/vapebulkp.com\/et\/toode\/wholesale-randm-tornado-9000-puffs-germany\/\"><span style=\"vertical-align: inherit\">RandM 9000 Pahvi<\/span><\/a><span style=\"vertical-align: inherit\">\/ <\/span><a href=\"https:\/\/vapebulkp.com\/et\/toode\/uwin-crystal-10k-puff-long-lasting-disposable-vape-for-europe\/\"><span style=\"vertical-align: inherit\">UWIN Crystal 7000 mahvi<\/span><\/a><span style=\"vertical-align: inherit\">\/ <\/span><a href=\"https:\/\/vapebulkp.com\/et\/toode\/jnr-vape-watch-18-30k-puffs-2-nic-wholesale-price-disposable-vape\/\"><span style=\"vertical-align: inherit\">JNR VAPE WATCH 30K mahvi\u00a0<\/span><\/a><\/p>\n<p><span style=\"vertical-align: inherit\">Erilise kujuga e-sigareti pudel:<\/span><a href=\"https:\/\/vapebulkp.com\/et\/toode\/randm-fumot-tornado-30k-puffs-rechargeable-vapes-best-sale\/\"><span style=\"vertical-align: inherit\"> Fumot Tornado 30000 pahvi<\/span><\/a><span style=\"vertical-align: inherit\">\/ <\/span><a href=\"https:\/\/vapebulkp.com\/et\/toode\/jnr-alien-10000-puffs-randm-vape-wholesale-price\/\"><span style=\"vertical-align: inherit\">\u00a0JNR Alien 10000 pahvi <\/span><\/a><span style=\"vertical-align: inherit\">\/<\/span><a href=\"https:\/\/vapebulkp.com\/et\/toode\/fumot-tornado-25k-puffs-cheap-price-disposable-vape\/\"><span style=\"vertical-align: inherit\"> Fumot tornado vape 25k mahvi<\/span><\/a><\/p>\n<p>&nbsp;<\/p>\n<h3><strong>Saatmine<\/strong>:<\/h3>\n<ul>\n<li><strong>T\u00f6\u00f6tlusaeg<\/strong>: 5-10 t\u00f6\u00f6p\u00e4eva<\/li>\n<li><strong>Tarneaeg<\/strong>: 8-14 t\u00f6\u00f6p\u00e4eva<\/li>\n<li><strong>Logistikakanalid<\/strong>: Kasutame usaldusv\u00e4\u00e4rseid vedajaid nagu <strong>UPS, DHL ja FedEx<\/strong> turvalise kohaletoimetamise jaoks.<\/li>\n<li><strong>Euroopa Liidu saadetised<\/strong>: Tellimused Euroopa riikidesse j\u00f5uavad tavaliselt kohale 12-15 t\u00f6\u00f6p\u00e4eva jooksul.<\/li>\n<\/ul>","protected":false},"excerpt":{"rendered":"<ul>\n<li data-start=\"90\" data-end=\"194\"><strong data-start=\"93\" data-end=\"194\">JNR Mega Shisha Hookah 100k Pahvi Veibipadjad \u2013 esmaklassiline \u00fchekordselt kasutatav veip t\u00e4iustatud v\u00f5rgusilma m\u00e4hise tehnoloogiaga<\/strong><\/li>\n<li data-start=\"195\" data-end=\"303\"><strong data-start=\"198\" data-end=\"303\">JNR Mega Shisha Hookah 100000 Pahvi veibid \u2013 kauakestev, suure mahutavusega veipimiskogemus asjatundjatele<\/strong><\/li>\n<li data-start=\"304\" data-end=\"412\"><strong data-start=\"307\" data-end=\"410\">JNR Mega Shisha Hookah 100 000 Pahvi \u2013 luksuslik, suure j\u00f5udlusega veip kahe suuotsiku disainiga<\/strong><\/li>\n<\/ul>\n<p><img decoding=\"async\" class=\"alignnone wp-image-2151\" src=\"http:\/\/vapebulkp.com\/wp-content\/uploads\/2024\/04\/Mandy-WhatsApp-Randm.jpg\" alt=\"Mandy WhatsAppi tutvustus\" width=\"234\" height=\"249\" srcset=\"https:\/\/vapebulkp.com\/wp-content\/uploads\/2024\/04\/Mandy-WhatsApp-Randm.jpg 916w, https:\/\/vapebulkp.com\/wp-content\/uploads\/2024\/04\/Mandy-WhatsApp-Randm-282x300.jpg 282w, https:\/\/vapebulkp.com\/wp-content\/uploads\/2024\/04\/Mandy-WhatsApp-Randm-768x817.jpg 768w, https:\/\/vapebulkp.com\/wp-content\/uploads\/2024\/04\/Mandy-WhatsApp-Randm-600x638.jpg 600w\" sizes=\"(max-width: 234px) 100vw, 234px\" \/><\/p>\n<p>Soodushinna saamiseks v\u00f5tke \u00fchendust Mandy WhatsAppiga<a href=\"https:\/\/wa.me\/8618077105796\">+8618077105796<\/a><\/p>\n<p><span style=\"color: #ff0000\">M\u00c4RKUS: Meie veebisaidi hinnad ei sisalda saatmiskulusid<\/span><\/p>\n<p>&nbsp;<\/p>","protected":false},"featured_media":3513,"comment_status":"open","ping_status":"closed","template":"","meta":{"_uag_custom_page_level_css":"","_lmt_disableupdate":"no","_lmt_disable":"","site-sidebar-layout":"default","site-content-layout":"content-boxed-container","ast-site-content-layout":"normal-width-container","site-content-style":"boxed","site-sidebar-style":"unboxed","ast-global-header-display":"","ast-banner-title-visibility":"","ast-main-header-display":"","ast-hfb-above-header-display":"","ast-hfb-below-header-display":"","ast-hfb-mobile-header-display":"","site-post-title":"","ast-breadcrumbs-content":"","ast-featured-img":"","footer-sml-layout":"","theme-transparent-header-meta":"default","adv-header-id-meta":"","stick-header-meta":"","header-above-stick-meta":"","header-main-stick-meta":"","header-below-stick-meta":"","astra-migrate-meta-layouts":"set","_joinchat":[]},"product_cat":[153,155,33,59,100,353,34,158,157,154,152,58,84,156,63,32],"product_tag":[36,37,206,41,40],"class_list":["post-3519","product","type-product","status-publish","has-post-thumbnail","hentry","product_cat-hot-disposable-vapes","product_cat-belgium-hot-disposable-vapes","product_cat-france-vape-hot-sale","product_cat-germany-hot-disposable-vape","product_cat-germany-wholesale-vape-shop","product_cat-jnr-vape","product_cat-netherlands-vape-good-sale","product_cat-norway-hot-disposable-vapes","product_cat-poland-hot-disposable-vapes","product_cat-portugal-hot-disposable-vapes","product_cat-spain-hot-disposable-vapes","product_cat-sweden-hot-disposable-vape","product_cat-sweden-wholesale-vape","product_cat-switzerland-hot-disposable-vapes","product_cat-top-sale-disposable-vape","product_cat-vape-hot-sale-this-week","product_tag-good-vape","product_tag-hot-sale-disposable-vape","product_tag-jnr-power-mate-30000-puffs","product_tag-poland-hot-vape","product_tag-sweden-hot-vape","pa_brand-jnr-vape","desktop-align-left","tablet-align-left","mobile-align-left"],"yoast_head":"<!-- This site is optimized with the Yoast SEO plugin v21.1 - https:\/\/yoast.com\/wordpress\/plugins\/seo\/ -->\n<title>JNR Mega Shisha Hookah 100000 Puffs High Capacity Long-Lasting Vaping - vapebulkp.com % %<\/title>\n<meta name=\"description\" content=\"JNR Mega Shisha Hookah 100000 Puffs offers long-lasting, high-capacity vaping with premium flavors and smooth performance for ultimate satisfaction.\" \/>\n<meta name=\"robots\" content=\"index, follow, max-snippet:-1, max-image-preview:large, max-video-preview:-1\" \/>\n<link rel=\"canonical\" href=\"https:\/\/vapebulkp.com\/et\/toode\/jnr-mega-shisha-hookah-100000-puffs-high-capacity-long-lasting-vaping\/\" \/>\n<meta property=\"og:locale\" content=\"et_EE\" \/>\n<meta property=\"og:type\" content=\"article\" \/>\n<meta property=\"og:title\" content=\"JNR Mega Shisha Hookah 100000 Puffs High Capacity Long-Lasting Vaping - vapebulkp.com % %\" \/>\n<meta property=\"og:description\" content=\"JNR Mega Shisha Hookah 100000 Puffs offers long-lasting, high-capacity vaping with premium flavors and smooth performance for ultimate satisfaction.\" \/>\n<meta property=\"og:url\" content=\"https:\/\/vapebulkp.com\/et\/toode\/jnr-mega-shisha-hookah-100000-puffs-high-capacity-long-lasting-vaping\/\" \/>\n<meta property=\"og:site_name\" content=\"vapebulkp.com\" \/>\n<meta property=\"article:modified_time\" content=\"2025-09-17T08:33:30+00:00\" \/>\n<meta property=\"og:image\" content=\"http:\/\/vapebulkp.com\/wp-content\/uploads\/2025\/02\/JNR-Mega-100000-Puffs-Shisha-Hookah-High-Capacity-Disposable-Vape-for-Ultimate-Enjoyment.webp\" \/>\n\t<meta property=\"og:image:width\" content=\"800\" \/>\n\t<meta property=\"og:image:height\" content=\"800\" \/>\n\t<meta property=\"og:image:type\" content=\"image\/webp\" \/>\n<meta name=\"twitter:card\" content=\"summary_large_image\" \/>\n<meta name=\"twitter:label1\" content=\"Est. reading time\" \/>\n\t<meta name=\"twitter:data1\" content=\"3 minutit\" \/>\n<script type=\"application\/ld+json\" class=\"yoast-schema-graph\">{\"@context\":\"https:\/\/schema.org\",\"@graph\":[{\"@type\":\"WebPage\",\"@id\":\"https:\/\/vapebulkp.com\/product\/jnr-mega-shisha-hookah-100000-puffs-high-capacity-long-lasting-vaping\/\",\"url\":\"https:\/\/vapebulkp.com\/product\/jnr-mega-shisha-hookah-100000-puffs-high-capacity-long-lasting-vaping\/\",\"name\":\"JNR Mega Shisha Hookah 100000 Puffs High Capacity Long-Lasting Vaping - vapebulkp.com % %\",\"isPartOf\":{\"@id\":\"https:\/\/vapebulkp.com\/#website\"},\"datePublished\":\"2025-02-28T08:27:13+00:00\",\"dateModified\":\"2025-09-17T08:33:30+00:00\",\"description\":\"JNR Mega Shisha Hookah 100000 Puffs offers long-lasting, high-capacity vaping with premium flavors and smooth performance for ultimate satisfaction.\",\"breadcrumb\":{\"@id\":\"https:\/\/vapebulkp.com\/product\/jnr-mega-shisha-hookah-100000-puffs-high-capacity-long-lasting-vaping\/#breadcrumb\"},\"inLanguage\":\"et\",\"potentialAction\":[{\"@type\":\"ReadAction\",\"target\":[\"https:\/\/vapebulkp.com\/product\/jnr-mega-shisha-hookah-100000-puffs-high-capacity-long-lasting-vaping\/\"]}]},{\"@type\":\"BreadcrumbList\",\"@id\":\"https:\/\/vapebulkp.com\/product\/jnr-mega-shisha-hookah-100000-puffs-high-capacity-long-lasting-vaping\/#breadcrumb\",\"itemListElement\":[{\"@type\":\"ListItem\",\"position\":1,\"name\":\"Home\",\"item\":\"https:\/\/vapebulkp.com\/\"},{\"@type\":\"ListItem\",\"position\":2,\"name\":\"Hot Trend Vapes\",\"item\":\"https:\/\/vapebulkp.com\/vape-shop\/\"},{\"@type\":\"ListItem\",\"position\":3,\"name\":\"JNR Mega Shisha Hookah 100000 Puffs High Capacity Long-Lasting Vaping\"}]},{\"@type\":\"WebSite\",\"@id\":\"https:\/\/vapebulkp.com\/#website\",\"url\":\"https:\/\/vapebulkp.com\/\",\"name\":\"vapebulkp.com\",\"description\":\"Buy Vape In Cheap Bulk Price Near you\",\"publisher\":{\"@id\":\"https:\/\/vapebulkp.com\/#organization\"},\"potentialAction\":[{\"@type\":\"SearchAction\",\"target\":{\"@type\":\"EntryPoint\",\"urlTemplate\":\"https:\/\/vapebulkp.com\/?s={search_term_string}\"},\"query-input\":\"required name=search_term_string\"}],\"inLanguage\":\"et\"},{\"@type\":\"Organization\",\"@id\":\"https:\/\/vapebulkp.com\/#organization\",\"name\":\"vapebulkp.com\",\"url\":\"https:\/\/vapebulkp.com\/\",\"logo\":{\"@type\":\"ImageObject\",\"inLanguage\":\"et\",\"@id\":\"https:\/\/vapebulkp.com\/#\/schema\/logo\/image\/\",\"url\":\"https:\/\/vapebulkp.com\/wp-content\/uploads\/2023\/09\/cropped-vapebulkp.png\",\"contentUrl\":\"https:\/\/vapebulkp.com\/wp-content\/uploads\/2023\/09\/cropped-vapebulkp.png\",\"width\":516,\"height\":163,\"caption\":\"vapebulkp.com\"},\"image\":{\"@id\":\"https:\/\/vapebulkp.com\/#\/schema\/logo\/image\/\"}}]}<\/script>\n<!-- \/ Yoast SEO plugin. -->","yoast_head_json":{"title":"JNR Mega Shisha Hookah 100000 Puffs High Capacity Long-Lasting Vaping - vapebulkp.com % %","description":"JNR Mega Shisha Hookah 100000 Puffs offers long-lasting, high-capacity vaping with premium flavors and smooth performance for ultimate satisfaction.","robots":{"index":"index","follow":"follow","max-snippet":"max-snippet:-1","max-image-preview":"max-image-preview:large","max-video-preview":"max-video-preview:-1"},"canonical":"https:\/\/vapebulkp.com\/et\/toode\/jnr-mega-shisha-hookah-100000-puffs-high-capacity-long-lasting-vaping\/","og_locale":"et_EE","og_type":"article","og_title":"JNR Mega Shisha Hookah 100000 Puffs High Capacity Long-Lasting Vaping - vapebulkp.com % %","og_description":"JNR Mega Shisha Hookah 100000 Puffs offers long-lasting, high-capacity vaping with premium flavors and smooth performance for ultimate satisfaction.","og_url":"https:\/\/vapebulkp.com\/et\/toode\/jnr-mega-shisha-hookah-100000-puffs-high-capacity-long-lasting-vaping\/","og_site_name":"vapebulkp.com","article_modified_time":"2025-09-17T08:33:30+00:00","og_image":[{"width":800,"height":800,"url":"http:\/\/vapebulkp.com\/wp-content\/uploads\/2025\/02\/JNR-Mega-100000-Puffs-Shisha-Hookah-High-Capacity-Disposable-Vape-for-Ultimate-Enjoyment.webp","type":"image\/webp"}],"twitter_card":"summary_large_image","twitter_misc":{"Est. reading time":"3 minutit"},"schema":{"@context":"https:\/\/schema.org","@graph":[{"@type":"WebPage","@id":"https:\/\/vapebulkp.com\/product\/jnr-mega-shisha-hookah-100000-puffs-high-capacity-long-lasting-vaping\/","url":"https:\/\/vapebulkp.com\/product\/jnr-mega-shisha-hookah-100000-puffs-high-capacity-long-lasting-vaping\/","name":"JNR Mega Shisha Hookah 100000 Puffs High Capacity Long-Lasting Vaping - vapebulkp.com % %","isPartOf":{"@id":"https:\/\/vapebulkp.com\/#website"},"datePublished":"2025-02-28T08:27:13+00:00","dateModified":"2025-09-17T08:33:30+00:00","description":"JNR Mega Shisha Hookah 100000 Puffs offers long-lasting, high-capacity vaping with premium flavors and smooth performance for ultimate satisfaction.","breadcrumb":{"@id":"https:\/\/vapebulkp.com\/product\/jnr-mega-shisha-hookah-100000-puffs-high-capacity-long-lasting-vaping\/#breadcrumb"},"inLanguage":"et","potentialAction":[{"@type":"ReadAction","target":["https:\/\/vapebulkp.com\/product\/jnr-mega-shisha-hookah-100000-puffs-high-capacity-long-lasting-vaping\/"]}]},{"@type":"BreadcrumbList","@id":"https:\/\/vapebulkp.com\/product\/jnr-mega-shisha-hookah-100000-puffs-high-capacity-long-lasting-vaping\/#breadcrumb","itemListElement":[{"@type":"ListItem","position":1,"name":"Home","item":"https:\/\/vapebulkp.com\/"},{"@type":"ListItem","position":2,"name":"Hot Trend Vapes","item":"https:\/\/vapebulkp.com\/vape-shop\/"},{"@type":"ListItem","position":3,"name":"JNR Mega Shisha Hookah 100000 Puffs High Capacity Long-Lasting Vaping"}]},{"@type":"WebSite","@id":"https:\/\/vapebulkp.com\/#website","url":"https:\/\/vapebulkp.com\/","name":"vapebulkp.com","description":"Buy Vape In Cheap Bulk Price Near you","publisher":{"@id":"https:\/\/vapebulkp.com\/#organization"},"potentialAction":[{"@type":"SearchAction","target":{"@type":"EntryPoint","urlTemplate":"https:\/\/vapebulkp.com\/?s={search_term_string}"},"query-input":"required name=search_term_string"}],"inLanguage":"et"},{"@type":"Organization","@id":"https:\/\/vapebulkp.com\/#organization","name":"vapebulkp.com","url":"https:\/\/vapebulkp.com\/","logo":{"@type":"ImageObject","inLanguage":"et","@id":"https:\/\/vapebulkp.com\/#\/schema\/logo\/image\/","url":"https:\/\/vapebulkp.com\/wp-content\/uploads\/2023\/09\/cropped-vapebulkp.png","contentUrl":"https:\/\/vapebulkp.com\/wp-content\/uploads\/2023\/09\/cropped-vapebulkp.png","width":516,"height":163,"caption":"vapebulkp.com"},"image":{"@id":"https:\/\/vapebulkp.com\/#\/schema\/logo\/image\/"}}]}},"uagb_featured_image_src":{"full":["https:\/\/vapebulkp.com\/wp-content\/uploads\/2025\/02\/JNR-Mega-100000-Puffs-Shisha-Hookah-High-Capacity-Disposable-Vape-for-Ultimate-Enjoyment.webp",800,800,false],"thumbnail":["https:\/\/vapebulkp.com\/wp-content\/uploads\/2025\/02\/JNR-Mega-100000-Puffs-Shisha-Hookah-High-Capacity-Disposable-Vape-for-Ultimate-Enjoyment-150x150.webp",150,150,true],"medium":["https:\/\/vapebulkp.com\/wp-content\/uploads\/2025\/02\/JNR-Mega-100000-Puffs-Shisha-Hookah-High-Capacity-Disposable-Vape-for-Ultimate-Enjoyment-300x300.webp",300,300,true],"medium_large":["https:\/\/vapebulkp.com\/wp-content\/uploads\/2025\/02\/JNR-Mega-100000-Puffs-Shisha-Hookah-High-Capacity-Disposable-Vape-for-Ultimate-Enjoyment-768x768.webp",768,768,true],"large":["https:\/\/vapebulkp.com\/wp-content\/uploads\/2025\/02\/JNR-Mega-100000-Puffs-Shisha-Hookah-High-Capacity-Disposable-Vape-for-Ultimate-Enjoyment.webp",800,800,false],"1536x1536":["https:\/\/vapebulkp.com\/wp-content\/uploads\/2025\/02\/JNR-Mega-100000-Puffs-Shisha-Hookah-High-Capacity-Disposable-Vape-for-Ultimate-Enjoyment.webp",800,800,false],"2048x2048":["https:\/\/vapebulkp.com\/wp-content\/uploads\/2025\/02\/JNR-Mega-100000-Puffs-Shisha-Hookah-High-Capacity-Disposable-Vape-for-Ultimate-Enjoyment.webp",800,800,false],"trp-custom-language-flag":["https:\/\/vapebulkp.com\/wp-content\/uploads\/2025\/02\/JNR-Mega-100000-Puffs-Shisha-Hookah-High-Capacity-Disposable-Vape-for-Ultimate-Enjoyment.webp",12,12,false],"woocommerce_thumbnail":["https:\/\/vapebulkp.com\/wp-content\/uploads\/2025\/02\/JNR-Mega-100000-Puffs-Shisha-Hookah-High-Capacity-Disposable-Vape-for-Ultimate-Enjoyment-300x300.webp",300,300,true],"woocommerce_single":["https:\/\/vapebulkp.com\/wp-content\/uploads\/2025\/02\/JNR-Mega-100000-Puffs-Shisha-Hookah-High-Capacity-Disposable-Vape-for-Ultimate-Enjoyment-600x600.webp",600,600,true],"woocommerce_gallery_thumbnail":["https:\/\/vapebulkp.com\/wp-content\/uploads\/2025\/02\/JNR-Mega-100000-Puffs-Shisha-Hookah-High-Capacity-Disposable-Vape-for-Ultimate-Enjoyment-100x100.webp",100,100,true],"wcpr-photo-reviews":["https:\/\/vapebulkp.com\/wp-content\/uploads\/2025\/02\/JNR-Mega-100000-Puffs-Shisha-Hookah-High-Capacity-Disposable-Vape-for-Ultimate-Enjoyment.webp",500,500,false]},"uagb_author_info":{"display_name":"Mandy vape bulk price","author_link":"https:\/\/vapebulkp.com\/et\/author\/"},"uagb_comment_info":0,"uagb_excerpt":"JNR Mega Shisha Hookah 100k Puffs Vape Pods\u2013 Premium Disposable Vape with Advanced Mesh Coil Technology JNR Mega Shisha Hookah 100000 Puff vapes\u2013 Long-Lasting, High-Capacity Vaping Experience for Connoisseurs JNR Mega Shisha Hookah 100,000 Puffs \u2013 Luxurious, High-Performance Vape with Dual Mouthpiece Design Pls Contact Mandy's WhatsApp For Discount Price+8618077105796 NOTE: Prices on our website&hellip;","_links":{"self":[{"href":"https:\/\/vapebulkp.com\/et\/wp-json\/wp\/v2\/product\/3519","targetHints":{"allow":["GET"]}}],"collection":[{"href":"https:\/\/vapebulkp.com\/et\/wp-json\/wp\/v2\/product"}],"about":[{"href":"https:\/\/vapebulkp.com\/et\/wp-json\/wp\/v2\/types\/product"}],"replies":[{"embeddable":true,"href":"https:\/\/vapebulkp.com\/et\/wp-json\/wp\/v2\/comments?post=3519"}],"wp:featuredmedia":[{"embeddable":true,"href":"https:\/\/vapebulkp.com\/et\/wp-json\/wp\/v2\/media\/3513"}],"wp:attachment":[{"href":"https:\/\/vapebulkp.com\/et\/wp-json\/wp\/v2\/media?parent=3519"}],"wp:term":[{"taxonomy":"product_cat","embeddable":true,"href":"https:\/\/vapebulkp.com\/et\/wp-json\/wp\/v2\/product_cat?post=3519"},{"taxonomy":"product_tag","embeddable":true,"href":"https:\/\/vapebulkp.com\/et\/wp-json\/wp\/v2\/product_tag?post=3519"}],"curies":[{"name":"wp","href":"https:\/\/api.w.org\/{rel}","templated":true}]}}