{"id":3598,"date":"2025-03-21T10:02:17","date_gmt":"2025-03-21T09:02:17","guid":{"rendered":"https:\/\/vapebulkp.com\/?post_type=product&#038;p=3598"},"modified":"2025-09-24T05:12:40","modified_gmt":"2025-09-24T03:12:40","slug":"vozol-gear-shisha-25000-puffs-dual-mode-disposable-vape-5mg-nicotine","status":"publish","type":"product","link":"https:\/\/vapebulkp.com\/et\/toode\/vozol-gear-shisha-25000-puffs-dual-mode-disposable-vape-5mg-nicotine\/","title":{"rendered":"VOZOL Gear Shisha 25000 Puffs kahe re\u017eiimiga \u00fchekordne veip, 5 mg nikotiini"},"content":{"rendered":"<h2>VOZOL Gear Shisha 25000 Puffs kahe re\u017eiimiga \u00fchekordne veip, 5 mg nikotiini<\/h2>\n<p>VOZOL Gear Shisha 25000 Puffs \u00fchekordne veip on kvaliteetne ja suure mahutavusega seade, mis pakub 25 000 sujuvat pahvi. Ideaalne isiklikuks kasutamiseks v\u00f5i hulgim\u00fc\u00fcgiks, see \u00fchendab stiili, j\u00f5udluse ja mugavuse.<\/p>\n<p>Sellel on topelt v\u00f5rkk\u00fcttekehaga veip, mis toodab tihedaid pilvi ja \u00fchtlast maitset. Kahe re\u017eiimi ja reguleeritava \u00f5huvooluga saavad kasutajad valida kitsa v\u00f5i \u00f5hulise t\u00f5mbe vahel. Eelt\u00e4idetud 5MG nikotiinisoola veibiga annab see rahuldava kurgul\u00f6\u00f6gi. 1000mAh akuga ja USB-C laadimise abil tagab see laetav \u00fchekordne veip pikad seansid ja kiired laadimised. 2,1-tolline v\u00e4rviline ekraan n\u00e4itab pahvide arvu, aku eluiga ja \u00f5huvoolu seadistusi, pakkudes t\u00e4ielikku kontrolli.<\/p>\n<p>Kompaktne, elegantne ja vastupidav, VOZOL Gear Shisha <a href=\"https:\/\/vapebulkp.com\/et\/tootekategooria\/25000-puffs-disposable-vape\/\">25000 Puhviga \u00fchekordselt kasutatav vape<\/a> sobib ideaalselt Eesti veipijatele, kes otsivad suurep\u00e4rast j\u00f5udlust ja innovatsiooni.<\/p>\n<h6>Soodushinna saamiseks v\u00f5tke \u00fchendust Mandy WhatsAppiga<a href=\"https:\/\/wa.me\/8618077105796\">+8618077105796<\/a><\/h6>\n<p>&nbsp;<\/p>\n<p><img decoding=\"async\" class=\"alignnone wp-image-2151\" src=\"http:\/\/vapebulkp.com\/wp-content\/uploads\/2024\/04\/Mandy-WhatsApp-Randm.jpg\" alt=\"Mandy WhatsAppi tutvustus\" width=\"324\" height=\"330\" \/><\/p>\n<h2>VOZOL Gear Shisha 25k Puffs Spetsifikatsioonid<\/h2>\n<ul>\n<li class=\"\" data-start=\"176\" data-end=\"202\">\n<p class=\"\" data-start=\"178\" data-end=\"202\"><strong data-start=\"178\" data-end=\"193\">Pahvide arv:<\/strong> 25,000<\/p>\n<\/li>\n<li class=\"\" data-start=\"203\" data-end=\"268\">\n<p class=\"\" data-start=\"205\" data-end=\"268\"><strong data-start=\"205\" data-end=\"220\">Veipi re\u017eiimid:<\/strong> Kahe veipi re\u017eiim kohandatava kogemuse jaoks<\/p>\n<\/li>\n<li class=\"\" data-start=\"269\" data-end=\"347\">\n<p class=\"\" data-start=\"271\" data-end=\"347\"><strong data-start=\"271\" data-end=\"293\">Heliline interaktsioon:<\/strong> Helile reageeriv veipimine kaasahaarava kogemuse jaoks<\/p>\n<\/li>\n<li class=\"\" data-start=\"348\" data-end=\"429\">\n<p class=\"\" data-start=\"350\" data-end=\"429\"><strong data-start=\"350\" data-end=\"370\">Spiraali tehnoloogia:<\/strong> Topelt v\u00f5rkk\u00fcttekeha parema maitse ja auru tootmiseks<\/p>\n<\/li>\n<li class=\"\" data-start=\"430\" data-end=\"485\">\n<p class=\"\" data-start=\"432\" data-end=\"485\"><strong data-start=\"432\" data-end=\"453\">Aku mahtuvus:<\/strong> 1000mAh laetav aku<\/p>\n<\/li>\n<li class=\"\" data-start=\"486\" data-end=\"523\">\n<p class=\"\" data-start=\"488\" data-end=\"523\"><strong data-start=\"488\" data-end=\"501\">Laadimine:<\/strong> USB-C kiirlaadimine<\/p>\n<\/li>\n<li class=\"\" data-start=\"524\" data-end=\"588\">\n<p class=\"\" data-start=\"526\" data-end=\"588\"><strong data-start=\"526\" data-end=\"538\">Ekraan:<\/strong> 2,1-tolline v\u00e4rviline ekraan reaalajas veipi andmete jaoks<\/p>\n<\/li>\n<li class=\"\" data-start=\"589\" data-end=\"648\">\n<p class=\"\" data-start=\"591\" data-end=\"648\"><strong data-start=\"591\" data-end=\"603\">\u00d5huvool:<\/strong> Reguleeritav \u00f5huvool isikup\u00e4rastatud t\u00f5mbe jaoks<\/p>\n<\/li>\n<\/ul>\n<h2>Kuum M\u00fc\u00fck VOZOL Vape Gear Shisha 25000 Puffs Maitse<\/h2>\n<p>1.kaks \u00f5una<br \/>\n2.arbuusi j\u00e4\u00e4<br \/>\n3.mango virsik<br \/>\n4.mustika j\u00e4\u00e4<br \/>\n5.sinise vaarika j\u00e4\u00e4<br \/>\n6.viinamarjaj\u00e4\u00e4<br \/>\n7.maasika kiivi<br \/>\n8.mustika arbuus<br \/>\n9.kirsi koola<br \/>\n10.armastus 777<br \/>\n11.kirsi j\u00e4\u00e4<br \/>\n12.virsiku j\u00e4\u00e4<br \/>\n13.marja j\u00e4\u00e4<br \/>\n14.magus kannatuslill<br \/>\n15.k\u00fclmutatud maasika kiivi<br \/>\n16.draakonipuu banaani kirss<\/p>\n<p><a href=\"https:\/\/vapebulkp.com\/et\/toode\/jnr-vape-mega-box-25000-puff-discount-price-vape-pods\/\"><span style=\"vertical-align: inherit\">JNR VAPE Mega Box 25000 t\u00f5mmet <\/span><\/a><\/p>\n<p><span style=\"vertical-align: inherit\">Leia rohkem tooteid, mis sulle meeldida v\u00f5iksid:<\/span><em><a href=\"https:\/\/wa.me\/8618077105796\"><span style=\"vertical-align: inherit\">\u00a0Osta kohe<\/span><\/a><\/em><\/p>\n<p><span style=\"vertical-align: inherit\">Teised e-sigaretid, mis sulle meeldida v\u00f5ivad:<\/span><a href=\"https:\/\/vapebulkp.com\/et\/toode\/waspe-vape-40000-puff-fihp-double-flavour-disposable-vape\/\"><span style=\"vertical-align: inherit\">WASPE FIHP 40000 Puhvetit<\/span><\/a><span style=\"vertical-align: inherit\">\u3001<\/span><span style=\"vertical-align: inherit\">\u00a0<\/span><a href=\"https:\/\/vapebulkp.com\/et\/fi\/toode\/bang-30k-puffs-new-double-taste-good-vape\/\"><span style=\"vertical-align: inherit\">Bang Vape 30000 Puhvetit<\/span><\/a><span style=\"vertical-align: inherit\">\/ <\/span><a href=\"https:\/\/vapebulkp.com\/et\/fi\/toode\/best-price-wga-crystal-pro-max-15k-puffs-original-vape\/\"><span style=\"vertical-align: inherit\">\u00a0WGA Crystal pro max 15k Puhviga\u00a0<\/span><\/a><\/p>\n<h3>Miks valida VOZOL Gear Shisha 25000 \u00fchekordsed veibid Vapebulkp ostmine?<\/h3>\n<h4 class=\"\" data-start=\"69\" data-end=\"99\"><strong data-start=\"74\" data-end=\"97\">Toote eelised:<\/strong><\/h4>\n<ul>\n<li data-start=\"100\" data-end=\"712\"><strong data-start=\"102\" data-end=\"126\">Massiivsed 25 000 pahvi<\/strong> \u2013 Tagab pikaajalise kasutuse, mis sobib ideaalselt pikkadeks veipimisseanssideks.<\/li>\n<li data-start=\"100\" data-end=\"712\"><strong data-start=\"197\" data-end=\"216\">Kahekordne veipimisre\u017eiim<\/strong> \u2013 Kohandatavad seaded personaalseks kogemuseks.<\/li>\n<li data-start=\"100\" data-end=\"712\"><strong data-start=\"276\" data-end=\"308\">Interaktiivne helitehnoloogia<\/strong> \u2013 Parandab veipimiskogemust heliandurite funktsioonidega.<\/li>\n<li data-start=\"100\" data-end=\"712\"><strong data-start=\"378\" data-end=\"397\">Kahekordsed v\u00f5rgusilma m\u00e4hised<\/strong> \u2013 Pakub suurep\u00e4rast maitset ja sujuvamat aurutootmist.<\/li>\n<li data-start=\"100\" data-end=\"712\"><strong data-start=\"460\" data-end=\"492\">1000 mAh taaslaetav aku<\/strong> \u2013 Tagab p\u00fcsiva j\u00f5udluse USB-C kiirlaadimise abil.<\/li>\n<li data-start=\"100\" data-end=\"712\"><strong data-start=\"556\" data-end=\"582\">2,1-tolline v\u00e4rviline ekraan<\/strong> \u2013 Pakub mugavuse tagamiseks reaalajas veipimisandmeid.<\/li>\n<li data-start=\"100\" data-end=\"712\"><strong data-start=\"637\" data-end=\"659\">Reguleeritav \u00f5huvool<\/strong> \u2013 V\u00f5imaldab kasutajatel oma t\u00f5mbe-eelistusi t\u00e4psustada.<\/li>\n<\/ul>\n<h4 class=\"\" data-start=\"714\" data-end=\"746\"><strong data-start=\"719\" data-end=\"744\">Miks valida Vapebulkp?<\/strong><\/h4>\n<p class=\"\" data-start=\"747\" data-end=\"1242\">\ud83c\udf0d <strong data-start=\"750\" data-end=\"782\">Usaldusv\u00e4\u00e4rne tarnija Eestile<\/strong> \u2013 Kiire tarne ja otseturustus Eesti klientidele.<br data-start=\"846\" data-end=\"849\" \/>\ud83d\udce6 <strong data-start=\"852\" data-end=\"879\">Hulgim\u00fc\u00fcgi allahindlused<\/strong> \u2013 Konkurentsiv\u00f5imeline hulgim\u00fc\u00fcgihind ettev\u00f5tetele ja jaem\u00fc\u00fcjatele.<br data-start=\"941\" data-end=\"944\" \/>\u2705 <strong data-start=\"946\" data-end=\"968\">Autentsed tooted<\/strong> \u2013 100% ehtsad VOZOL Gear Shisha 25000 Puffs, tagades tippkvaliteedi.<br data-start=\"1036\" data-end=\"1039\" \/>\ud83d\ude80 <strong data-start=\"1042\" data-end=\"1068\">Kiire<\/strong> \u2013 Kiire tellimuste menetlus ja tarnimine usaldusv\u00e4\u00e4rse logistikaga.<br data-start=\"1125\" data-end=\"1128\" \/>\ud83d\udcac <strong data-start=\"1131\" data-end=\"1161\">Suurep\u00e4rane klienditugi<\/strong> \u2013 P\u00fchendunud abi tellimuste, tootek\u00fcsimuste ja m\u00fc\u00fcgij\u00e4rgse teeninduse osas.<\/p>\n<p class=\"\" data-start=\"1244\" data-end=\"1396\">Ostes <strong data-start=\"1260\" data-end=\"1273\">Vapebulkp<\/strong> garanteerite esmaklassilise veipimiskogemuse usaldusv\u00e4\u00e4rse tarnijaga, mis teeb sellest parima valiku hulgi- ja jaem\u00fc\u00fcjatele.<\/p>\n<h3><strong>KKK VOZOL Gear Shisha 25000 Puffs kohta <\/strong><\/h3>\n<h4 class=\"\" data-start=\"52\" data-end=\"119\"><strong data-start=\"57\" data-end=\"117\">1. Kui kaua VOZOL Gear Shisha 25000 Puffs kestab?<\/strong><\/h4>\n<p class=\"\" data-start=\"120\" data-end=\"271\">Seade pakub <strong data-start=\"138\" data-end=\"154\">25 000 t\u00f5mmet<\/strong>, mis teeb sellest \u00fche pikima kestvusega \u00fchekordse veibi. Tegelik kasutusiga s\u00f5ltub individuaalsetest veipimisharjumustest.<\/p>\n<h4 class=\"\" data-start=\"273\" data-end=\"344\"><strong data-start=\"278\" data-end=\"342\">2. Kas VOZOL Gear Shisha Vapes 25000 Puff on reguleeritava \u00f5huvooluga?<\/strong><\/h4>\n<p class=\"\" data-start=\"345\" data-end=\"468\">Jah, sellel on <strong data-start=\"365\" data-end=\"394\">reguleeritav \u00f5huvoolus\u00fcsteem<\/strong>, v\u00f5imaldades kasutajatel kohandada oma t\u00f5mmet tihedamaks v\u00f5i \u00f5hulisemaks sissehingamiseks.<\/p>\n<h4 class=\"\" data-start=\"470\" data-end=\"530\"><strong data-start=\"475\" data-end=\"528\">3. Mis teeb VOZOL Shisha 25k pahvi unikaalseks?<\/strong><\/h4>\n<p class=\"\" data-start=\"531\" data-end=\"559\">See vape paistab silma:<\/p>\n<ul data-start=\"560\" data-end=\"788\">\n<li class=\"\" data-start=\"560\" data-end=\"612\">\n<p class=\"\" data-start=\"562\" data-end=\"612\"><strong data-start=\"562\" data-end=\"581\">Kahe veipimisre\u017eiimiga<\/strong> kohandatava j\u00f5udluse jaoks<\/p>\n<\/li>\n<li class=\"\" data-start=\"613\" data-end=\"670\">\n<p class=\"\" data-start=\"615\" data-end=\"670\"><strong data-start=\"615\" data-end=\"647\">Heliga interaktiivne tehnoloogia<\/strong> mis reageerib helile<\/p>\n<\/li>\n<li class=\"\" data-start=\"671\" data-end=\"727\">\n<p class=\"\" data-start=\"673\" data-end=\"727\"><strong data-start=\"673\" data-end=\"699\">2.1-tolline v\u00e4rviline ekraan<\/strong> reaalajas veipimisandmete jaoks<\/p>\n<\/li>\n<li class=\"\" data-start=\"728\" data-end=\"788\">\n<p class=\"\" data-start=\"730\" data-end=\"788\"><strong data-start=\"730\" data-end=\"749\">Kahekordsed v\u00f5rkspiraalid<\/strong> rikkalikuma maitse ja pehmema auru jaoks<\/p>\n<\/li>\n<\/ul>\n<h3>Saatmisinfo:<\/h3>\n<p><span style=\"color: #ff6600\">Tootmisaeg: 5-10 t\u00f6\u00f6p\u00e4eva<\/span><br \/>\n<span style=\"color: #ff6600\">Saatmisaeg: 8-14 t\u00f6\u00f6p\u00e4eva<\/span><\/p>\n<p>K\u00f5ik meie poe tooted on 100% originaalsed ja autentsed, seega on v\u00f5ltsitud kaupade eest k\u00fcmnekordne h\u00fcvitis meie poe poliitika. Kasutame kaupade teile tarnimiseks logistikakanaleid nagu UPS\/DHL\/FEDEX\/DPD.<\/p>\n<p>Eestisse saadetud pakkide kohalej\u00f5udmine v\u00f5tab tavaliselt aega 10 t\u00f6\u00f6p\u00e4eva. Euroopa riikidesse saatmine v\u00f5tab tavaliselt aega 12 kuni 15 t\u00f6\u00f6p\u00e4eva. Uuendame logistikainfot teie jaoks reaalajas.<\/p>","protected":false},"excerpt":{"rendered":"<p>VOZOL Gear Shisha 25000 Puffs, Kahe Re\u017eiimiga, 5MG Nikotiin, \u00dchekordne Veip, Laetav, V\u00f5rkk\u00fcttekeha, 20ML E-vedelik, Pehme Maitse, Kauakestev, Suure J\u00f5udlusega, Type-C Laadimine, Premium Disain, Hulgim\u00fc\u00fck, Parim Hind, Eesti Turg, Veipide Hulgim\u00fc\u00fck, E-pood.<\/p>\n<p>Soodushinna saamiseks v\u00f5tke \u00fchendust Mandy WhatsAppiga<a href=\"https:\/\/wa.me\/8618077105796\">+8618077105796<\/a><\/p>\n<p>&nbsp;<\/p>\n<p><img decoding=\"async\" class=\"alignnone wp-image-2151\" src=\"http:\/\/vapebulkp.com\/wp-content\/uploads\/2024\/04\/Mandy-WhatsApp-Randm.jpg\" alt=\"Mandy WhatsAppi tutvustus\" width=\"297\" height=\"316\" srcset=\"https:\/\/vapebulkp.com\/wp-content\/uploads\/2024\/04\/Mandy-WhatsApp-Randm.jpg 916w, https:\/\/vapebulkp.com\/wp-content\/uploads\/2024\/04\/Mandy-WhatsApp-Randm-282x300.jpg 282w, https:\/\/vapebulkp.com\/wp-content\/uploads\/2024\/04\/Mandy-WhatsApp-Randm-768x817.jpg 768w, https:\/\/vapebulkp.com\/wp-content\/uploads\/2024\/04\/Mandy-WhatsApp-Randm-600x638.jpg 600w\" sizes=\"(max-width: 297px) 100vw, 297px\" \/><\/p>\n<p><span style=\"color: #ff0000\">M\u00c4RKUS: Meie veebisaidi hinnad ei sisalda saatmiskulusid<\/span><\/p>\n<p>&nbsp;<\/p>","protected":false},"featured_media":3586,"comment_status":"open","ping_status":"closed","template":"","meta":{"_uag_custom_page_level_css":"","_lmt_disableupdate":"no","_lmt_disable":"","site-sidebar-layout":"default","site-content-layout":"content-boxed-container","ast-site-content-layout":"normal-width-container","site-content-style":"boxed","site-sidebar-style":"unboxed","ast-global-header-display":"","ast-banner-title-visibility":"","ast-main-header-display":"","ast-hfb-above-header-display":"","ast-hfb-below-header-display":"","ast-hfb-mobile-header-display":"","site-post-title":"","ast-breadcrumbs-content":"","ast-featured-img":"","footer-sml-layout":"","theme-transparent-header-meta":"default","adv-header-id-meta":"","stick-header-meta":"","header-above-stick-meta":"","header-main-stick-meta":"","header-below-stick-meta":"","astra-migrate-meta-layouts":"set","_joinchat":[]},"product_cat":[161,153,155,33,59,100,87,34,158,157,154,152,58,84,156,63,32,364],"product_tag":[36,37,41,286,40,229],"class_list":["post-3598","product","type-product","status-publish","has-post-thumbnail","hentry","product_cat-25000-puffs-disposable-vape","product_cat-hot-disposable-vapes","product_cat-belgium-hot-disposable-vapes","product_cat-france-vape-hot-sale","product_cat-germany-hot-disposable-vape","product_cat-germany-wholesale-vape-shop","product_cat-minimum-order-quantity-50pcs","product_cat-netherlands-vape-good-sale","product_cat-norway-hot-disposable-vapes","product_cat-poland-hot-disposable-vapes","product_cat-portugal-hot-disposable-vapes","product_cat-spain-hot-disposable-vapes","product_cat-sweden-hot-disposable-vape","product_cat-sweden-wholesale-vape","product_cat-switzerland-hot-disposable-vapes","product_cat-top-sale-disposable-vape","product_cat-vape-hot-sale-this-week","product_cat-vozol-vape","product_tag-good-vape","product_tag-hot-sale-disposable-vape","product_tag-poland-hot-vape","product_tag-puffs-stock-in-europe","product_tag-sweden-hot-vape","product_tag-vozol-gear-shisha-25000-puffs","desktop-align-left","tablet-align-left","mobile-align-left"],"yoast_head":"<!-- This site is optimized with the Yoast SEO plugin v21.1 - https:\/\/yoast.com\/wordpress\/plugins\/seo\/ -->\n<title>VOZOL Gear Shisha 25000 Puffs Dual Mode Disposable Vape 5MG Nicotine - vapebulkp.com<\/title>\n<meta name=\"description\" content=\"VOZOL Gear Shisha 25000 Puffs, Dual Mode, 5MG Nicotine, Disposable Vape, Rechargeable, Type-C, Long-Lasting, High-Capacity, Wholesale, Premium Design,\" \/>\n<meta name=\"robots\" content=\"index, follow, max-snippet:-1, max-image-preview:large, max-video-preview:-1\" \/>\n<link rel=\"canonical\" href=\"https:\/\/vapebulkp.com\/et\/toode\/vozol-gear-shisha-25000-puffs-dual-mode-disposable-vape-5mg-nicotine\/\" \/>\n<meta property=\"og:locale\" content=\"et_EE\" \/>\n<meta property=\"og:type\" content=\"article\" \/>\n<meta property=\"og:title\" content=\"VOZOL Gear Shisha 25000 Puffs Dual Mode Disposable Vape 5MG Nicotine - vapebulkp.com\" \/>\n<meta property=\"og:description\" content=\"VOZOL Gear Shisha 25000 Puffs, Dual Mode, 5MG Nicotine, Disposable Vape, Rechargeable, Type-C, Long-Lasting, High-Capacity, Wholesale, Premium Design,\" \/>\n<meta property=\"og:url\" content=\"https:\/\/vapebulkp.com\/et\/toode\/vozol-gear-shisha-25000-puffs-dual-mode-disposable-vape-5mg-nicotine\/\" \/>\n<meta property=\"og:site_name\" content=\"vapebulkp.com\" \/>\n<meta property=\"article:modified_time\" content=\"2025-09-24T03:12:40+00:00\" \/>\n<meta property=\"og:image\" content=\"http:\/\/vapebulkp.com\/wp-content\/uploads\/2025\/03\/Vozol-Gear-Shisha-25000-Puffs-High-Puff-Disposable-Vape.webp\" \/>\n\t<meta property=\"og:image:width\" content=\"800\" \/>\n\t<meta property=\"og:image:height\" content=\"800\" \/>\n\t<meta property=\"og:image:type\" content=\"image\/webp\" \/>\n<meta name=\"twitter:card\" content=\"summary_large_image\" \/>\n<meta name=\"twitter:label1\" content=\"Est. reading time\" \/>\n\t<meta name=\"twitter:data1\" content=\"4 minutit\" \/>\n<script type=\"application\/ld+json\" class=\"yoast-schema-graph\">{\"@context\":\"https:\/\/schema.org\",\"@graph\":[{\"@type\":\"WebPage\",\"@id\":\"https:\/\/vapebulkp.com\/product\/vozol-gear-shisha-25000-puffs-dual-mode-disposable-vape-5mg-nicotine\/\",\"url\":\"https:\/\/vapebulkp.com\/product\/vozol-gear-shisha-25000-puffs-dual-mode-disposable-vape-5mg-nicotine\/\",\"name\":\"VOZOL Gear Shisha 25000 Puffs Dual Mode Disposable Vape 5MG Nicotine - vapebulkp.com\",\"isPartOf\":{\"@id\":\"https:\/\/vapebulkp.com\/#website\"},\"datePublished\":\"2025-03-21T09:02:17+00:00\",\"dateModified\":\"2025-09-24T03:12:40+00:00\",\"description\":\"VOZOL Gear Shisha 25000 Puffs, Dual Mode, 5MG Nicotine, Disposable Vape, Rechargeable, Type-C, Long-Lasting, High-Capacity, Wholesale, Premium Design,\",\"breadcrumb\":{\"@id\":\"https:\/\/vapebulkp.com\/product\/vozol-gear-shisha-25000-puffs-dual-mode-disposable-vape-5mg-nicotine\/#breadcrumb\"},\"inLanguage\":\"et\",\"potentialAction\":[{\"@type\":\"ReadAction\",\"target\":[\"https:\/\/vapebulkp.com\/product\/vozol-gear-shisha-25000-puffs-dual-mode-disposable-vape-5mg-nicotine\/\"]}]},{\"@type\":\"BreadcrumbList\",\"@id\":\"https:\/\/vapebulkp.com\/product\/vozol-gear-shisha-25000-puffs-dual-mode-disposable-vape-5mg-nicotine\/#breadcrumb\",\"itemListElement\":[{\"@type\":\"ListItem\",\"position\":1,\"name\":\"Home\",\"item\":\"https:\/\/vapebulkp.com\/\"},{\"@type\":\"ListItem\",\"position\":2,\"name\":\"Hot Trend Vapes\",\"item\":\"https:\/\/vapebulkp.com\/vape-shop\/\"},{\"@type\":\"ListItem\",\"position\":3,\"name\":\"VOZOL Gear Shisha 25000 Puffs Dual Mode Disposable Vape 5MG Nicotine\"}]},{\"@type\":\"WebSite\",\"@id\":\"https:\/\/vapebulkp.com\/#website\",\"url\":\"https:\/\/vapebulkp.com\/\",\"name\":\"vapebulkp.com\",\"description\":\"Buy Vape In Cheap Bulk Price Near you\",\"publisher\":{\"@id\":\"https:\/\/vapebulkp.com\/#organization\"},\"potentialAction\":[{\"@type\":\"SearchAction\",\"target\":{\"@type\":\"EntryPoint\",\"urlTemplate\":\"https:\/\/vapebulkp.com\/?s={search_term_string}\"},\"query-input\":\"required name=search_term_string\"}],\"inLanguage\":\"et\"},{\"@type\":\"Organization\",\"@id\":\"https:\/\/vapebulkp.com\/#organization\",\"name\":\"vapebulkp.com\",\"url\":\"https:\/\/vapebulkp.com\/\",\"logo\":{\"@type\":\"ImageObject\",\"inLanguage\":\"et\",\"@id\":\"https:\/\/vapebulkp.com\/#\/schema\/logo\/image\/\",\"url\":\"https:\/\/vapebulkp.com\/wp-content\/uploads\/2023\/09\/cropped-vapebulkp.png\",\"contentUrl\":\"https:\/\/vapebulkp.com\/wp-content\/uploads\/2023\/09\/cropped-vapebulkp.png\",\"width\":516,\"height\":163,\"caption\":\"vapebulkp.com\"},\"image\":{\"@id\":\"https:\/\/vapebulkp.com\/#\/schema\/logo\/image\/\"}}]}<\/script>\n<!-- \/ Yoast SEO plugin. -->","yoast_head_json":{"title":"VOZOL Gear Shisha 25000 Puffs Dual Mode Disposable Vape 5MG Nicotine - vapebulkp.com","description":"VOZOL Gear Shisha 25000 Puffs, Dual Mode, 5MG Nicotine, Disposable Vape, Rechargeable, Type-C, Long-Lasting, High-Capacity, Wholesale, Premium Design,","robots":{"index":"index","follow":"follow","max-snippet":"max-snippet:-1","max-image-preview":"max-image-preview:large","max-video-preview":"max-video-preview:-1"},"canonical":"https:\/\/vapebulkp.com\/et\/toode\/vozol-gear-shisha-25000-puffs-dual-mode-disposable-vape-5mg-nicotine\/","og_locale":"et_EE","og_type":"article","og_title":"VOZOL Gear Shisha 25000 Puffs Dual Mode Disposable Vape 5MG Nicotine - vapebulkp.com","og_description":"VOZOL Gear Shisha 25000 Puffs, Dual Mode, 5MG Nicotine, Disposable Vape, Rechargeable, Type-C, Long-Lasting, High-Capacity, Wholesale, Premium Design,","og_url":"https:\/\/vapebulkp.com\/et\/toode\/vozol-gear-shisha-25000-puffs-dual-mode-disposable-vape-5mg-nicotine\/","og_site_name":"vapebulkp.com","article_modified_time":"2025-09-24T03:12:40+00:00","og_image":[{"width":800,"height":800,"url":"http:\/\/vapebulkp.com\/wp-content\/uploads\/2025\/03\/Vozol-Gear-Shisha-25000-Puffs-High-Puff-Disposable-Vape.webp","type":"image\/webp"}],"twitter_card":"summary_large_image","twitter_misc":{"Est. reading time":"4 minutit"},"schema":{"@context":"https:\/\/schema.org","@graph":[{"@type":"WebPage","@id":"https:\/\/vapebulkp.com\/product\/vozol-gear-shisha-25000-puffs-dual-mode-disposable-vape-5mg-nicotine\/","url":"https:\/\/vapebulkp.com\/product\/vozol-gear-shisha-25000-puffs-dual-mode-disposable-vape-5mg-nicotine\/","name":"VOZOL Gear Shisha 25000 Puffs Dual Mode Disposable Vape 5MG Nicotine - vapebulkp.com","isPartOf":{"@id":"https:\/\/vapebulkp.com\/#website"},"datePublished":"2025-03-21T09:02:17+00:00","dateModified":"2025-09-24T03:12:40+00:00","description":"VOZOL Gear Shisha 25000 Puffs, Dual Mode, 5MG Nicotine, Disposable Vape, Rechargeable, Type-C, Long-Lasting, High-Capacity, Wholesale, Premium Design,","breadcrumb":{"@id":"https:\/\/vapebulkp.com\/product\/vozol-gear-shisha-25000-puffs-dual-mode-disposable-vape-5mg-nicotine\/#breadcrumb"},"inLanguage":"et","potentialAction":[{"@type":"ReadAction","target":["https:\/\/vapebulkp.com\/product\/vozol-gear-shisha-25000-puffs-dual-mode-disposable-vape-5mg-nicotine\/"]}]},{"@type":"BreadcrumbList","@id":"https:\/\/vapebulkp.com\/product\/vozol-gear-shisha-25000-puffs-dual-mode-disposable-vape-5mg-nicotine\/#breadcrumb","itemListElement":[{"@type":"ListItem","position":1,"name":"Home","item":"https:\/\/vapebulkp.com\/"},{"@type":"ListItem","position":2,"name":"Hot Trend Vapes","item":"https:\/\/vapebulkp.com\/vape-shop\/"},{"@type":"ListItem","position":3,"name":"VOZOL Gear Shisha 25000 Puffs Dual Mode Disposable Vape 5MG Nicotine"}]},{"@type":"WebSite","@id":"https:\/\/vapebulkp.com\/#website","url":"https:\/\/vapebulkp.com\/","name":"vapebulkp.com","description":"Buy Vape In Cheap Bulk Price Near you","publisher":{"@id":"https:\/\/vapebulkp.com\/#organization"},"potentialAction":[{"@type":"SearchAction","target":{"@type":"EntryPoint","urlTemplate":"https:\/\/vapebulkp.com\/?s={search_term_string}"},"query-input":"required name=search_term_string"}],"inLanguage":"et"},{"@type":"Organization","@id":"https:\/\/vapebulkp.com\/#organization","name":"vapebulkp.com","url":"https:\/\/vapebulkp.com\/","logo":{"@type":"ImageObject","inLanguage":"et","@id":"https:\/\/vapebulkp.com\/#\/schema\/logo\/image\/","url":"https:\/\/vapebulkp.com\/wp-content\/uploads\/2023\/09\/cropped-vapebulkp.png","contentUrl":"https:\/\/vapebulkp.com\/wp-content\/uploads\/2023\/09\/cropped-vapebulkp.png","width":516,"height":163,"caption":"vapebulkp.com"},"image":{"@id":"https:\/\/vapebulkp.com\/#\/schema\/logo\/image\/"}}]}},"uagb_featured_image_src":{"full":["https:\/\/vapebulkp.com\/wp-content\/uploads\/2025\/03\/Vozol-Gear-Shisha-25000-Puffs-High-Puff-Disposable-Vape.webp",800,800,false],"thumbnail":["https:\/\/vapebulkp.com\/wp-content\/uploads\/2025\/03\/Vozol-Gear-Shisha-25000-Puffs-High-Puff-Disposable-Vape-150x150.webp",150,150,true],"medium":["https:\/\/vapebulkp.com\/wp-content\/uploads\/2025\/03\/Vozol-Gear-Shisha-25000-Puffs-High-Puff-Disposable-Vape-300x300.webp",300,300,true],"medium_large":["https:\/\/vapebulkp.com\/wp-content\/uploads\/2025\/03\/Vozol-Gear-Shisha-25000-Puffs-High-Puff-Disposable-Vape-768x768.webp",768,768,true],"large":["https:\/\/vapebulkp.com\/wp-content\/uploads\/2025\/03\/Vozol-Gear-Shisha-25000-Puffs-High-Puff-Disposable-Vape.webp",800,800,false],"1536x1536":["https:\/\/vapebulkp.com\/wp-content\/uploads\/2025\/03\/Vozol-Gear-Shisha-25000-Puffs-High-Puff-Disposable-Vape.webp",800,800,false],"2048x2048":["https:\/\/vapebulkp.com\/wp-content\/uploads\/2025\/03\/Vozol-Gear-Shisha-25000-Puffs-High-Puff-Disposable-Vape.webp",800,800,false],"trp-custom-language-flag":["https:\/\/vapebulkp.com\/wp-content\/uploads\/2025\/03\/Vozol-Gear-Shisha-25000-Puffs-High-Puff-Disposable-Vape.webp",12,12,false],"woocommerce_thumbnail":["https:\/\/vapebulkp.com\/wp-content\/uploads\/2025\/03\/Vozol-Gear-Shisha-25000-Puffs-High-Puff-Disposable-Vape-300x300.webp",300,300,true],"woocommerce_single":["https:\/\/vapebulkp.com\/wp-content\/uploads\/2025\/03\/Vozol-Gear-Shisha-25000-Puffs-High-Puff-Disposable-Vape-600x600.webp",600,600,true],"woocommerce_gallery_thumbnail":["https:\/\/vapebulkp.com\/wp-content\/uploads\/2025\/03\/Vozol-Gear-Shisha-25000-Puffs-High-Puff-Disposable-Vape-100x100.webp",100,100,true],"wcpr-photo-reviews":["https:\/\/vapebulkp.com\/wp-content\/uploads\/2025\/03\/Vozol-Gear-Shisha-25000-Puffs-High-Puff-Disposable-Vape.webp",500,500,false]},"uagb_author_info":{"display_name":"Mandy vape bulk price","author_link":"https:\/\/vapebulkp.com\/et\/author\/"},"uagb_comment_info":0,"uagb_excerpt":"VOZOL Gear Shisha 25000 Puffs, Dual Mode, 5MG Nicotine, Disposable Vape, Rechargeable, Mesh Coil, 20ML E-liquid, Smooth Flavor, Long-lasting, High-Performance, Type-C Charging, Premium Design, Wholesale, Best Price, EU Market, Vape Bulk, Online Store. Pls Contact Mandy's WhatsApp For Discount Price+8618077105796 &nbsp; NOTE: Prices on our website does not include shipping costs &nbsp;","_links":{"self":[{"href":"https:\/\/vapebulkp.com\/et\/wp-json\/wp\/v2\/product\/3598","targetHints":{"allow":["GET"]}}],"collection":[{"href":"https:\/\/vapebulkp.com\/et\/wp-json\/wp\/v2\/product"}],"about":[{"href":"https:\/\/vapebulkp.com\/et\/wp-json\/wp\/v2\/types\/product"}],"replies":[{"embeddable":true,"href":"https:\/\/vapebulkp.com\/et\/wp-json\/wp\/v2\/comments?post=3598"}],"wp:featuredmedia":[{"embeddable":true,"href":"https:\/\/vapebulkp.com\/et\/wp-json\/wp\/v2\/media\/3586"}],"wp:attachment":[{"href":"https:\/\/vapebulkp.com\/et\/wp-json\/wp\/v2\/media?parent=3598"}],"wp:term":[{"taxonomy":"product_cat","embeddable":true,"href":"https:\/\/vapebulkp.com\/et\/wp-json\/wp\/v2\/product_cat?post=3598"},{"taxonomy":"product_tag","embeddable":true,"href":"https:\/\/vapebulkp.com\/et\/wp-json\/wp\/v2\/product_tag?post=3598"}],"curies":[{"name":"wp","href":"https:\/\/api.w.org\/{rel}","templated":true}]}}