{"id":3759,"date":"2025-05-13T05:18:40","date_gmt":"2025-05-13T03:18:40","guid":{"rendered":"https:\/\/vapebulkp.com\/?post_type=product&#038;p=3759"},"modified":"2025-09-04T05:39:36","modified_gmt":"2025-09-04T03:39:36","slug":"solaris-25000-puffs-disposable-vape-wholesale-price","status":"publish","type":"product","link":"https:\/\/vapebulkp.com\/et\/product\/solaris-25000-puffs-disposable-vape-wholesale-price\/","title":{"rendered":"SOLARIS 25000 t\u00f5mmet \u00fchekordselt kasutatav veip hulgihind"},"content":{"rendered":"<h2 style=\"text-align: left\">SOLARIS 25000 t\u00f5mmet \u00fchekordselt kasutatav veip hulgihind<\/h2>\n<p data-start=\"159\" data-end=\"441\">Veip <strong data-start=\"163\" data-end=\"202\">SOLARIS <a href=\"https:\/\/vapebulkp.com\/et\/product-category\/25000-puffs-disposable-vape\/\">25000 Puhviga \u00fchekordselt kasutatav vape<\/a><\/strong> on esmaklassiline <strong data-start=\"216\" data-end=\"238\">suure mahutavusega vape<\/strong> loodud Euroopa kasutajatele, kes soovivad kauakestvat j\u00f5udlust ja suurep\u00e4rast maitset. Iga seade on eelnevalt t\u00e4idetud 18 ml-ga <strong data-start=\"361\" data-end=\"381\">premium e-vedelikku<\/strong>, pakkudes sujuvat ja \u00fchtlast auru 25 000 mahvi jooksul.<\/p>\n<p data-start=\"443\" data-end=\"731\">M\u00f5eldud kui <strong data-start=\"457\" data-end=\"489\">laetav \u00fchekordselt kasutatav vape<\/strong>, sellel on 650 mAh aku C-t\u00fc\u00fcpi kiirlaadimisega, mis tagab katkematu veipimise kogu p\u00e4eva jooksul. Saadaval 2% ja 5% nikotiiniga, see <strong data-start=\"635\" data-end=\"657\">nikotiinisoola vape<\/strong> rahuldab nii m\u00f5\u00f5dukaid kui ka tugevaid eelistusi puhta ja julge maitsega.<\/p>\n<p data-start=\"733\" data-end=\"1058\">Kompaktne ja ergonoomiline (88x52x28mm), see <strong data-start=\"773\" data-end=\"797\">taskus\u00f5bralik vape<\/strong> mahub h\u00f5lpsasti k\u00e4tte v\u00f5i kotti, muutes selle ideaalseks igap\u00e4evaseks kasutamiseks, reisimiseks v\u00f5i seltskondlikeks \u00fcritusteks. Ideaalne hulgim\u00fc\u00fcgiks, see <strong data-start=\"919\" data-end=\"941\">hulgi veipimisseade<\/strong> pakub jaem\u00fc\u00fcjatele usaldusv\u00e4\u00e4rset ja n\u00f5utud toodet, mis \u00fchendab endas mugavuse, stiili ja suure mahvi arvu.<\/p>\n<h6>Soodushinna saamiseks v\u00f5tke \u00fchendust Mandy WhatsAppiga<a href=\"https:\/\/wa.me\/8618077105796\">+8618077105796<\/a><\/h6>\n<p><img decoding=\"async\" class=\"alignnone wp-image-2151\" src=\"http:\/\/vapebulkp.com\/wp-content\/uploads\/2024\/04\/Mandy-WhatsApp-Randm.jpg\" alt=\"Mandy WhatsAppi tutvustus\" width=\"324\" height=\"330\" \/><\/p>\n<div class=\"flex max-w-full flex-col flex-grow\">\n<div class=\"min-h-8 text-message flex w-full flex-col items-end gap-2 whitespace-normal break-words text-start [.text-message+&amp;]:mt-5\" dir=\"auto\" data-message-author-role=\"assistant\" data-message-id=\"d24cf626-c018-4805-80f5-44de047f2ba0\" data-message-model-slug=\"gpt-4o\">\n<div class=\"flex w-full flex-col gap-1 empty:hidden first:pt-[3px]\">\n<div class=\"markdown prose w-full break-words dark:prose-invert light\">\n<h2>Miks osta SOLARIS 25000 mahvi aadressilt <a href=\"https:\/\/vapebulkp.com\/et\/vape-shop\/\">Vapebulkp.com<\/a>?<\/h2>\n<p class=\"\" data-start=\"1686\" data-end=\"1863\">Valimine <strong data-start=\"183\" data-end=\"200\">Vapebulkp.com<\/strong> SOLARIS 25000 mahvi \u00fchekordselt kasutatava vape ostmine tagab teile <strong data-start=\"271\" data-end=\"325\">autentsed tooted konkurentsiv\u00f5imeliste hulgim\u00fc\u00fcgihindadega<\/strong>. Usaldusv\u00e4\u00e4rse vape-distribuutorina Eestis pakub Vapebulkp.com <strong data-start=\"391\" data-end=\"408\">kiire kohaletoimetamine<\/strong>, <strong data-start=\"410\" data-end=\"434\">hulgitellimuste allahindlusi<\/strong>ja <strong data-start=\"440\" data-end=\"471\">usaldusv\u00e4\u00e4rset laoseisu<\/strong> suure n\u00f5udlusega toodetele nagu SOLARIS. Iga seade pakub kuni <strong data-start=\"536\" data-end=\"551\">25000 pahviga<\/strong>, 18 ml esmaklassilist e-vedelikku ja 650 mAh taaslaetavat akut C-t\u00fc\u00fcpi laadimisega, mis teeb selle ideaalseks nii jaem\u00fc\u00fcjatele kui ka suuremahulistele edasim\u00fc\u00fcjatele. T\u00e4ieliku toega <strong data-start=\"729\" data-end=\"749\">Euroopa turgudele<\/strong>, sealhulgas TPD-le vastavad valikud, on Vapebulkp.com teie \u00fchtne platvorm suure mahutavusega \u00fchekordselt kasutatavate veipide hankimiseks enesekindlalt ja mugavalt.<\/p>\n<\/div>\n<\/div>\n<\/div>\n<\/div>\n<h2>SOLARIS 25k mahvi nikotiinisoola e-sigareti peamised tehnilised andmed:<\/h2>\n<ul>\n<li class=\"\" data-start=\"597\" data-end=\"693\">\n<p class=\"\" data-start=\"599\" data-end=\"693\"><strong data-start=\"599\" data-end=\"617\">Pahvide maht:<\/strong> Kuni <strong data-start=\"624\" data-end=\"640\">25 000 t\u00f5mmet<\/strong> \u2013 \u00fclipikk kestvus rasketele ja regulaarsetele veipijatele.<\/p>\n<\/li>\n<li class=\"\" data-start=\"694\" data-end=\"783\">\n<p class=\"\" data-start=\"696\" data-end=\"783\"><strong data-start=\"696\" data-end=\"716\">E-vedeliku maht:<\/strong> Eelt\u00e4idetud <strong data-start=\"733\" data-end=\"741\">18 ml<\/strong> kvaliteetset nikotiinisoola e-vedelikku.<\/p>\n<\/li>\n<li class=\"\" data-start=\"784\" data-end=\"877\">\n<p class=\"\" data-start=\"786\" data-end=\"877\"><strong data-start=\"786\" data-end=\"807\">Aku mahtuvus:<\/strong> Sisseehitatud <strong data-start=\"817\" data-end=\"848\">650mAh laetav aku<\/strong> tagab pika aku kasutusea.<\/p>\n<\/li>\n<li class=\"\" data-start=\"878\" data-end=\"955\">\n<p class=\"\" data-start=\"880\" data-end=\"955\"><strong data-start=\"880\" data-end=\"898\">Laadimisport:<\/strong> <strong data-start=\"899\" data-end=\"923\">Type-C kiirlaadimisega<\/strong> t\u00f5husa v\u00f5imsuse tagamiseks.<\/p>\n<\/li>\n<li class=\"\" data-start=\"956\" data-end=\"1055\">\n<p class=\"\" data-start=\"958\" data-end=\"1055\"><strong data-start=\"958\" data-end=\"980\">Nikotiini kangus:<\/strong> Saadaval nii <strong data-start=\"999\" data-end=\"1012\">2% (20 mg)<\/strong> ja <strong data-start=\"1017\" data-end=\"1030\">5% (50 mg)<\/strong> nikotiinisoola valikud.<\/p>\n<\/li>\n<li class=\"\" data-start=\"1056\" data-end=\"1165\">\n<p class=\"\" data-start=\"1058\" data-end=\"1165\"><strong data-start=\"1058\" data-end=\"1075\">Kompaktne suurus:<\/strong> Elegantne ja ergonoomiline korpus, m\u00f5\u00f5tmetega <strong data-start=\"1111\" data-end=\"1133\">88 mm x 52 mm x 28 mm<\/strong> \u2013 kaasaskantav ja lihtne kaasas kanda.<\/p>\n<\/li>\n<li class=\"\" data-start=\"1166\" data-end=\"1246\">\n<p class=\"\" data-start=\"1168\" data-end=\"1246\"><strong data-start=\"1168\" data-end=\"1183\">Kasutust\u00fc\u00fcp:<\/strong> \u00dchekordselt kasutatav disain, mis ei vaja hooldust ega t\u00e4itmist.<\/p>\n<\/li>\n<li class=\"\" data-start=\"1247\" data-end=\"1338\">\n<p class=\"\" data-start=\"1249\" data-end=\"1338\"><strong data-start=\"1249\" data-end=\"1276\">Hulgim\u00fc\u00fcgi saadavus:<\/strong> Pakutakse hinnaga <strong data-start=\"1288\" data-end=\"1321\">konkurentsiv\u00f5imelist hulgihinda<\/strong> hulgitellimuste puhul.<\/p>\n<\/li>\n<\/ul>\n<h2><strong>SOLARIS 25000 mahvi VAPE karbi maitsete loend<\/strong><\/h2>\n<p class=\"selectable-text copyable-text x15bjb6t x1n2onr6\" dir=\"ltr\">1. Banaanikookos<br \/>\n2. Viinamarja Razz<br \/>\n3. Mango Colada<br \/>\n4. Miami Mint<br \/>\n5. Marjasegu<br \/>\n6. Virsiku Marjad<br \/>\n7. Maasikas Banaan<br \/>\n8. Maasikas Kiwi<br \/>\n9.Troopiline vikerkaarepomm<br \/>\n10. Arbuusi Chill<\/p>\n<p><span style=\"vertical-align: inherit\">Leia rohkem tooteid, mis sulle meeldida v\u00f5iksid:<\/span><em><a href=\"https:\/\/wa.me\/8618077105796\"><span style=\"vertical-align: inherit\">\u00a0Osta kohe<\/span><\/a><\/em><\/p>\n<p><span style=\"vertical-align: inherit\">Teised e-sigaretid, mis sulle meeldida v\u00f5ivad:<\/span><a href=\"https:\/\/vapebulkp.com\/et\/product\/vopk-60000-puffs-top-sale-disposable-vape-pen\/\"><span style=\"vertical-align: inherit\">VOPK 60000 Puhvi<\/span><\/a><span style=\"vertical-align: inherit\">\u3001<\/span><a href=\"https:\/\/vapebulkp.com\/et\/product\/fumot-tornado-25k-puffs-cheap-price-disposable-vape\/\"><span style=\"vertical-align: inherit\">Fumot Vape Tornado 25000 T\u00f5mmet<\/span><\/a><span style=\"vertical-align: inherit\">\/ <\/span><a href=\"https:\/\/vapebulkp.com\/et\/product\/waspe-3in1-60000-puffs-disposable-vape-high-capacity\/\"><span style=\"vertical-align: inherit\">WASPE 3 \u00fches 60000 mahvi<\/span><\/a><span style=\"vertical-align: inherit\">\/ <\/span><a href=\"https:\/\/vapebulkp.com\/et\/product\/vozol-gear-shisha-25000-puffs-dual-mode-disposable-vape-5mg-nicotine\/\"><span style=\"vertical-align: inherit\">Vozol Vape SHISHA 25000 T\u00f5mmet<\/span><\/a><\/p>\n<h3 class=\"\" data-start=\"62\" data-end=\"118\"><strong data-start=\"66\" data-end=\"118\">SOLARIS 25000 T\u00f5mbe Vape Seadme Hulgim\u00fc\u00fcgi KKK<\/strong><\/h3>\n<p class=\"\" data-start=\"150\" data-end=\"268\"><strong data-start=\"150\" data-end=\"223\">K: Mis on SOLARIS Puff 25k Vape minimaalne tellimiskogus MOQ?<\/strong><br data-start=\"223\" data-end=\"226\" \/>V: Minimaalne tellimus on 200 t\u00fckki maitse kohta<\/p>\n<p class=\"\" data-start=\"270\" data-end=\"398\"><strong data-start=\"270\" data-end=\"326\">K: Kui kaua v\u00f5tab kohaletoimetamine aega p\u00e4rast tellimuse esitamist<\/strong><br data-start=\"326\" data-end=\"329\" \/>V: Kohaletoimetamine v\u00f5tab tavaliselt 10 kuni 15 p\u00e4eva p\u00e4rast saadetise v\u00e4ljasaatmist<\/p>\n<p class=\"\" data-start=\"400\" data-end=\"563\"><strong data-start=\"400\" data-end=\"433\">K: Kui palju saatmine maksab<\/strong><br data-start=\"433\" data-end=\"436\" \/>V: Saatmiskulud s\u00f5ltuvad teie tellimuse kogukaalust. T\u00e4pse saatmishinna saamiseks v\u00f5tke meiega \u00fchendust ja teatage oma kogus<\/p>\n<p class=\"\" data-start=\"565\" data-end=\"859\"><strong data-start=\"565\" data-end=\"596\">K: Kas te saadate minu riiki<\/strong><br data-start=\"596\" data-end=\"599\" \/>V: Jah, me saadame enamikesse Euroopa riikidesse, sealhulgas Hollandisse, Saksamaale, Prantsusmaale, Hispaaniasse, Itaaliasse, Belgiasse, Luksemburgi, Austriasse, T\u0161ehhi Vabariiki, Slovakkiasse, Ungarisse, Sloveeniasse, Rumeeniasse, Bulgaariasse, Kreekasse, Poolasse, Rootsi, Iirimaale, Portugali, Soome, Eestisse, L\u00e4tisse ja Leedusse<\/p>\n<p class=\"\" data-start=\"861\" data-end=\"1015\"><strong data-start=\"861\" data-end=\"907\">K: Kas ma saan parema hinna, kui tellin rohkem<\/strong><br data-start=\"907\" data-end=\"910\" \/>V: Jah, 1000 v\u00f5i enama t\u00fckiga tellimused kvalifitseeruvad soodushinnaga. Hulgim\u00fc\u00fcgihindade saamiseks v\u00f5tke meiega \u00fchendust<\/p>\n<p class=\"\" data-start=\"1017\" data-end=\"1185\"><strong data-start=\"1017\" data-end=\"1070\">K: Kas ma saan p\u00e4rast saatmist j\u00e4lgimisnumbri<\/strong><br data-start=\"1070\" data-end=\"1073\" \/>V: Jah, kui teie tellimus on saadetud, anname teile j\u00e4lgimisnumbri ja j\u00e4lgimislingi, et saaksite oma saadetist j\u00e4lgida<\/p>\n<p class=\"\" data-start=\"1187\" data-end=\"1399\"><strong data-start=\"1187\" data-end=\"1229\">K: Kas on olemas tagastus- v\u00f5i garantiipoliitika<\/strong><br data-start=\"1229\" data-end=\"1232\" \/>V: Me ei aktsepteeri tagastusi ega raha tagasimakseid mittekvaliteediprobleemide korral. Kvaliteediprobleemide korral esitage video- v\u00f5i fotot\u00f5endid ja meie meeskond aitab teid vastavalt<\/p>\n<h3>Saatmisinfo:<\/h3>\n<p><span style=\"color: #ff6600\">Tootmisaeg: 5-10 t\u00f6\u00f6p\u00e4eva<\/span><br \/>\n<span style=\"color: #ff6600\">Saatmisaeg: 8-14 t\u00f6\u00f6p\u00e4eva<\/span><\/p>\n<p>K\u00f5ik meie poe tooted on 100% originaalsed ja autentsed, seega on v\u00f5ltsitud kaupade eest k\u00fcmnekordne h\u00fcvitis meie poe poliitika. Kasutame kaupade teile tarnimiseks logistikakanaleid nagu UPS\/DHL\/FEDEX\/DPD.<\/p>\n<p>Eestisse saadetud pakkide kohalej\u00f5udmine v\u00f5tab tavaliselt aega 10 t\u00f6\u00f6p\u00e4eva. Euroopa riikidesse saatmine v\u00f5tab tavaliselt aega 12 kuni 15 t\u00f6\u00f6p\u00e4eva. Uuendame logistikainfot teie jaoks reaalajas.<\/p>","protected":false},"excerpt":{"rendered":"<p class=\"\" data-start=\"121\" data-end=\"211\">Telli SOLARIS 25000 mahvi vape saidilt Vapebulkp.com \u2013 kuni 25000 mahvi, 18 ml e-vedelikku, 650 mAh aku, kiire C-t\u00fc\u00fcpi laadimine.<\/p>\n<p>Soodushinna saamiseks v\u00f5tke \u00fchendust Mandy WhatsAppiga<a href=\"https:\/\/wa.me\/8618077105796\">+8618077105796<\/a><\/p>\n<p><img decoding=\"async\" class=\"alignnone wp-image-2151\" src=\"http:\/\/vapebulkp.com\/wp-content\/uploads\/2024\/04\/Mandy-WhatsApp-Randm.jpg\" alt=\"Mandy WhatsAppi tutvustus\" width=\"297\" height=\"316\" srcset=\"https:\/\/vapebulkp.com\/wp-content\/uploads\/2024\/04\/Mandy-WhatsApp-Randm.jpg 916w, https:\/\/vapebulkp.com\/wp-content\/uploads\/2024\/04\/Mandy-WhatsApp-Randm-282x300.jpg 282w, https:\/\/vapebulkp.com\/wp-content\/uploads\/2024\/04\/Mandy-WhatsApp-Randm-768x817.jpg 768w, https:\/\/vapebulkp.com\/wp-content\/uploads\/2024\/04\/Mandy-WhatsApp-Randm-600x638.jpg 600w\" sizes=\"(max-width: 297px) 100vw, 297px\" \/><\/p>\n<p><span style=\"color: #ff0000\">M\u00c4RKUS: Meie veebisaidi hinnad ei sisalda saatmiskulusid<\/span><\/p>\n<p>&nbsp;<\/p>","protected":false},"featured_media":3753,"comment_status":"open","ping_status":"closed","template":"","meta":{"_uag_custom_page_level_css":"","_lmt_disableupdate":"no","_lmt_disable":"","site-sidebar-layout":"default","site-content-layout":"content-boxed-container","ast-site-content-layout":"normal-width-container","site-content-style":"boxed","site-sidebar-style":"unboxed","ast-global-header-display":"","ast-banner-title-visibility":"","ast-main-header-display":"","ast-hfb-above-header-display":"","ast-hfb-below-header-display":"","ast-hfb-mobile-header-display":"","site-post-title":"","ast-breadcrumbs-content":"","ast-featured-img":"","footer-sml-layout":"","theme-transparent-header-meta":"default","adv-header-id-meta":"","stick-header-meta":"","header-above-stick-meta":"","header-main-stick-meta":"","header-below-stick-meta":"","astra-migrate-meta-layouts":"set","_joinchat":[]},"product_cat":[161,153,155,33,59,100,34,158,157,154,152,58,84,156,63,32],"product_tag":[36,37,41,246,40],"class_list":["post-3759","product","type-product","status-publish","has-post-thumbnail","hentry","product_cat-25000-puffs-disposable-vape","product_cat-hot-disposable-vapes","product_cat-belgium-hot-disposable-vapes","product_cat-france-vape-hot-sale","product_cat-germany-hot-disposable-vape","product_cat-germany-wholesale-vape-shop","product_cat-netherlands-vape-good-sale","product_cat-norway-hot-disposable-vapes","product_cat-poland-hot-disposable-vapes","product_cat-portugal-hot-disposable-vapes","product_cat-spain-hot-disposable-vapes","product_cat-sweden-hot-disposable-vape","product_cat-sweden-wholesale-vape","product_cat-switzerland-hot-disposable-vapes","product_cat-top-sale-disposable-vape","product_cat-vape-hot-sale-this-week","product_tag-good-vape","product_tag-hot-sale-disposable-vape","product_tag-poland-hot-vape","product_tag-solaris-25000-puffs","product_tag-sweden-hot-vape","desktop-align-left","tablet-align-left","mobile-align-left"],"yoast_head":"<!-- This site is optimized with the Yoast SEO plugin v21.1 - https:\/\/yoast.com\/wordpress\/plugins\/seo\/ -->\n<title>SOLARIS 25000 Puffs Disposable Vape Wholesale Price - vapebulkp.com<\/title>\n<meta name=\"description\" content=\"Buy SOLARIS 25000 Puffs Disposable Vape at Vapebulkp.com \u2013 up to 25000 puffs, 18ml e-liquid, 650mAh battery, Type-C charging. Wholesale prices, fast EU shipping, 2% &amp; 5% nicotine options.\" \/>\n<meta name=\"robots\" content=\"index, follow, max-snippet:-1, max-image-preview:large, max-video-preview:-1\" \/>\n<link rel=\"canonical\" href=\"https:\/\/vapebulkp.com\/et\/product\/solaris-25000-puffs-disposable-vape-wholesale-price\/\" \/>\n<meta property=\"og:locale\" content=\"et_EE\" \/>\n<meta property=\"og:type\" content=\"article\" \/>\n<meta property=\"og:title\" content=\"SOLARIS 25000 Puffs Disposable Vape Wholesale Price - vapebulkp.com\" \/>\n<meta property=\"og:description\" content=\"Buy SOLARIS 25000 Puffs Disposable Vape at Vapebulkp.com \u2013 up to 25000 puffs, 18ml e-liquid, 650mAh battery, Type-C charging. Wholesale prices, fast EU shipping, 2% &amp; 5% nicotine options.\" \/>\n<meta property=\"og:url\" content=\"https:\/\/vapebulkp.com\/et\/product\/solaris-25000-puffs-disposable-vape-wholesale-price\/\" \/>\n<meta property=\"og:site_name\" content=\"vapebulkp.com\" \/>\n<meta property=\"article:modified_time\" content=\"2025-09-04T03:39:36+00:00\" \/>\n<meta property=\"og:image\" content=\"http:\/\/vapebulkp.com\/wp-content\/uploads\/2025\/05\/Buy-SOLARIS-25000-Puff-Vape-at-Wholesale-Price.webp\" \/>\n\t<meta property=\"og:image:width\" content=\"800\" \/>\n\t<meta property=\"og:image:height\" content=\"800\" \/>\n\t<meta property=\"og:image:type\" content=\"image\/webp\" \/>\n<meta name=\"twitter:card\" content=\"summary_large_image\" \/>\n<meta name=\"twitter:label1\" content=\"Est. reading time\" \/>\n\t<meta name=\"twitter:data1\" content=\"4 minutit\" \/>\n<script type=\"application\/ld+json\" class=\"yoast-schema-graph\">{\"@context\":\"https:\/\/schema.org\",\"@graph\":[{\"@type\":\"WebPage\",\"@id\":\"https:\/\/vapebulkp.com\/product\/solaris-25000-puffs-disposable-vape-wholesale-price\/\",\"url\":\"https:\/\/vapebulkp.com\/product\/solaris-25000-puffs-disposable-vape-wholesale-price\/\",\"name\":\"SOLARIS 25000 Puffs Disposable Vape Wholesale Price - vapebulkp.com\",\"isPartOf\":{\"@id\":\"https:\/\/vapebulkp.com\/#website\"},\"datePublished\":\"2025-05-13T03:18:40+00:00\",\"dateModified\":\"2025-09-04T03:39:36+00:00\",\"description\":\"Buy SOLARIS 25000 Puffs Disposable Vape at Vapebulkp.com \u2013 up to 25000 puffs, 18ml e-liquid, 650mAh battery, Type-C charging. Wholesale prices, fast EU shipping, 2% & 5% nicotine options.\",\"breadcrumb\":{\"@id\":\"https:\/\/vapebulkp.com\/product\/solaris-25000-puffs-disposable-vape-wholesale-price\/#breadcrumb\"},\"inLanguage\":\"et\",\"potentialAction\":[{\"@type\":\"ReadAction\",\"target\":[\"https:\/\/vapebulkp.com\/product\/solaris-25000-puffs-disposable-vape-wholesale-price\/\"]}]},{\"@type\":\"BreadcrumbList\",\"@id\":\"https:\/\/vapebulkp.com\/product\/solaris-25000-puffs-disposable-vape-wholesale-price\/#breadcrumb\",\"itemListElement\":[{\"@type\":\"ListItem\",\"position\":1,\"name\":\"Home\",\"item\":\"https:\/\/vapebulkp.com\/\"},{\"@type\":\"ListItem\",\"position\":2,\"name\":\"Hot Trend Vapes\",\"item\":\"https:\/\/vapebulkp.com\/vape-shop\/\"},{\"@type\":\"ListItem\",\"position\":3,\"name\":\"SOLARIS 25000 Puffs Disposable Vape Wholesale Price\"}]},{\"@type\":\"WebSite\",\"@id\":\"https:\/\/vapebulkp.com\/#website\",\"url\":\"https:\/\/vapebulkp.com\/\",\"name\":\"vapebulkp.com\",\"description\":\"Buy Vape In Cheap Bulk Price Near you\",\"publisher\":{\"@id\":\"https:\/\/vapebulkp.com\/#organization\"},\"potentialAction\":[{\"@type\":\"SearchAction\",\"target\":{\"@type\":\"EntryPoint\",\"urlTemplate\":\"https:\/\/vapebulkp.com\/?s={search_term_string}\"},\"query-input\":\"required name=search_term_string\"}],\"inLanguage\":\"et\"},{\"@type\":\"Organization\",\"@id\":\"https:\/\/vapebulkp.com\/#organization\",\"name\":\"vapebulkp.com\",\"url\":\"https:\/\/vapebulkp.com\/\",\"logo\":{\"@type\":\"ImageObject\",\"inLanguage\":\"et\",\"@id\":\"https:\/\/vapebulkp.com\/#\/schema\/logo\/image\/\",\"url\":\"https:\/\/vapebulkp.com\/wp-content\/uploads\/2023\/09\/cropped-vapebulkp.png\",\"contentUrl\":\"https:\/\/vapebulkp.com\/wp-content\/uploads\/2023\/09\/cropped-vapebulkp.png\",\"width\":516,\"height\":163,\"caption\":\"vapebulkp.com\"},\"image\":{\"@id\":\"https:\/\/vapebulkp.com\/#\/schema\/logo\/image\/\"}}]}<\/script>\n<!-- \/ Yoast SEO plugin. -->","yoast_head_json":{"title":"SOLARIS 25000 Puffs Disposable Vape Wholesale Price - vapebulkp.com","description":"Buy SOLARIS 25000 Puffs Disposable Vape at Vapebulkp.com \u2013 up to 25000 puffs, 18ml e-liquid, 650mAh battery, Type-C charging. Wholesale prices, fast EU shipping, 2% & 5% nicotine options.","robots":{"index":"index","follow":"follow","max-snippet":"max-snippet:-1","max-image-preview":"max-image-preview:large","max-video-preview":"max-video-preview:-1"},"canonical":"https:\/\/vapebulkp.com\/et\/product\/solaris-25000-puffs-disposable-vape-wholesale-price\/","og_locale":"et_EE","og_type":"article","og_title":"SOLARIS 25000 Puffs Disposable Vape Wholesale Price - vapebulkp.com","og_description":"Buy SOLARIS 25000 Puffs Disposable Vape at Vapebulkp.com \u2013 up to 25000 puffs, 18ml e-liquid, 650mAh battery, Type-C charging. Wholesale prices, fast EU shipping, 2% & 5% nicotine options.","og_url":"https:\/\/vapebulkp.com\/et\/product\/solaris-25000-puffs-disposable-vape-wholesale-price\/","og_site_name":"vapebulkp.com","article_modified_time":"2025-09-04T03:39:36+00:00","og_image":[{"width":800,"height":800,"url":"http:\/\/vapebulkp.com\/wp-content\/uploads\/2025\/05\/Buy-SOLARIS-25000-Puff-Vape-at-Wholesale-Price.webp","type":"image\/webp"}],"twitter_card":"summary_large_image","twitter_misc":{"Est. reading time":"4 minutit"},"schema":{"@context":"https:\/\/schema.org","@graph":[{"@type":"WebPage","@id":"https:\/\/vapebulkp.com\/product\/solaris-25000-puffs-disposable-vape-wholesale-price\/","url":"https:\/\/vapebulkp.com\/product\/solaris-25000-puffs-disposable-vape-wholesale-price\/","name":"SOLARIS 25000 Puffs Disposable Vape Wholesale Price - vapebulkp.com","isPartOf":{"@id":"https:\/\/vapebulkp.com\/#website"},"datePublished":"2025-05-13T03:18:40+00:00","dateModified":"2025-09-04T03:39:36+00:00","description":"Buy SOLARIS 25000 Puffs Disposable Vape at Vapebulkp.com \u2013 up to 25000 puffs, 18ml e-liquid, 650mAh battery, Type-C charging. Wholesale prices, fast EU shipping, 2% & 5% nicotine options.","breadcrumb":{"@id":"https:\/\/vapebulkp.com\/product\/solaris-25000-puffs-disposable-vape-wholesale-price\/#breadcrumb"},"inLanguage":"et","potentialAction":[{"@type":"ReadAction","target":["https:\/\/vapebulkp.com\/product\/solaris-25000-puffs-disposable-vape-wholesale-price\/"]}]},{"@type":"BreadcrumbList","@id":"https:\/\/vapebulkp.com\/product\/solaris-25000-puffs-disposable-vape-wholesale-price\/#breadcrumb","itemListElement":[{"@type":"ListItem","position":1,"name":"Home","item":"https:\/\/vapebulkp.com\/"},{"@type":"ListItem","position":2,"name":"Hot Trend Vapes","item":"https:\/\/vapebulkp.com\/vape-shop\/"},{"@type":"ListItem","position":3,"name":"SOLARIS 25000 Puffs Disposable Vape Wholesale Price"}]},{"@type":"WebSite","@id":"https:\/\/vapebulkp.com\/#website","url":"https:\/\/vapebulkp.com\/","name":"vapebulkp.com","description":"Buy Vape In Cheap Bulk Price Near you","publisher":{"@id":"https:\/\/vapebulkp.com\/#organization"},"potentialAction":[{"@type":"SearchAction","target":{"@type":"EntryPoint","urlTemplate":"https:\/\/vapebulkp.com\/?s={search_term_string}"},"query-input":"required name=search_term_string"}],"inLanguage":"et"},{"@type":"Organization","@id":"https:\/\/vapebulkp.com\/#organization","name":"vapebulkp.com","url":"https:\/\/vapebulkp.com\/","logo":{"@type":"ImageObject","inLanguage":"et","@id":"https:\/\/vapebulkp.com\/#\/schema\/logo\/image\/","url":"https:\/\/vapebulkp.com\/wp-content\/uploads\/2023\/09\/cropped-vapebulkp.png","contentUrl":"https:\/\/vapebulkp.com\/wp-content\/uploads\/2023\/09\/cropped-vapebulkp.png","width":516,"height":163,"caption":"vapebulkp.com"},"image":{"@id":"https:\/\/vapebulkp.com\/#\/schema\/logo\/image\/"}}]}},"uagb_featured_image_src":{"full":["https:\/\/vapebulkp.com\/wp-content\/uploads\/2025\/05\/Buy-SOLARIS-25000-Puff-Vape-at-Wholesale-Price.webp",800,800,false],"thumbnail":["https:\/\/vapebulkp.com\/wp-content\/uploads\/2025\/05\/Buy-SOLARIS-25000-Puff-Vape-at-Wholesale-Price-150x150.webp",150,150,true],"medium":["https:\/\/vapebulkp.com\/wp-content\/uploads\/2025\/05\/Buy-SOLARIS-25000-Puff-Vape-at-Wholesale-Price-300x300.webp",300,300,true],"medium_large":["https:\/\/vapebulkp.com\/wp-content\/uploads\/2025\/05\/Buy-SOLARIS-25000-Puff-Vape-at-Wholesale-Price-768x768.webp",768,768,true],"large":["https:\/\/vapebulkp.com\/wp-content\/uploads\/2025\/05\/Buy-SOLARIS-25000-Puff-Vape-at-Wholesale-Price.webp",800,800,false],"1536x1536":["https:\/\/vapebulkp.com\/wp-content\/uploads\/2025\/05\/Buy-SOLARIS-25000-Puff-Vape-at-Wholesale-Price.webp",800,800,false],"2048x2048":["https:\/\/vapebulkp.com\/wp-content\/uploads\/2025\/05\/Buy-SOLARIS-25000-Puff-Vape-at-Wholesale-Price.webp",800,800,false],"trp-custom-language-flag":["https:\/\/vapebulkp.com\/wp-content\/uploads\/2025\/05\/Buy-SOLARIS-25000-Puff-Vape-at-Wholesale-Price.webp",12,12,false],"woocommerce_thumbnail":["https:\/\/vapebulkp.com\/wp-content\/uploads\/2025\/05\/Buy-SOLARIS-25000-Puff-Vape-at-Wholesale-Price-300x300.webp",300,300,true],"woocommerce_single":["https:\/\/vapebulkp.com\/wp-content\/uploads\/2025\/05\/Buy-SOLARIS-25000-Puff-Vape-at-Wholesale-Price-600x600.webp",600,600,true],"woocommerce_gallery_thumbnail":["https:\/\/vapebulkp.com\/wp-content\/uploads\/2025\/05\/Buy-SOLARIS-25000-Puff-Vape-at-Wholesale-Price-100x100.webp",100,100,true],"wcpr-photo-reviews":["https:\/\/vapebulkp.com\/wp-content\/uploads\/2025\/05\/Buy-SOLARIS-25000-Puff-Vape-at-Wholesale-Price.webp",500,500,false]},"uagb_author_info":{"display_name":"Mandy vape bulk price","author_link":"https:\/\/vapebulkp.com\/et\/author\/"},"uagb_comment_info":0,"uagb_excerpt":"Order SOLARIS 25000 Puffs Vape at Vapebulkp.com \u2013 up to 25000 puffs, 18ml e-liquid, 650mAh battery, fast Type-C charging. Pls Contact Mandy's WhatsApp For Discount Price+8618077105796 NOTE: Prices on our website does not include shipping costs &nbsp;","_links":{"self":[{"href":"https:\/\/vapebulkp.com\/et\/wp-json\/wp\/v2\/product\/3759","targetHints":{"allow":["GET"]}}],"collection":[{"href":"https:\/\/vapebulkp.com\/et\/wp-json\/wp\/v2\/product"}],"about":[{"href":"https:\/\/vapebulkp.com\/et\/wp-json\/wp\/v2\/types\/product"}],"replies":[{"embeddable":true,"href":"https:\/\/vapebulkp.com\/et\/wp-json\/wp\/v2\/comments?post=3759"}],"wp:featuredmedia":[{"embeddable":true,"href":"https:\/\/vapebulkp.com\/et\/wp-json\/wp\/v2\/media\/3753"}],"wp:attachment":[{"href":"https:\/\/vapebulkp.com\/et\/wp-json\/wp\/v2\/media?parent=3759"}],"wp:term":[{"taxonomy":"product_cat","embeddable":true,"href":"https:\/\/vapebulkp.com\/et\/wp-json\/wp\/v2\/product_cat?post=3759"},{"taxonomy":"product_tag","embeddable":true,"href":"https:\/\/vapebulkp.com\/et\/wp-json\/wp\/v2\/product_tag?post=3759"}],"curies":[{"name":"wp","href":"https:\/\/api.w.org\/{rel}","templated":true}]}}