{"id":3785,"date":"2025-05-23T10:30:15","date_gmt":"2025-05-23T08:30:15","guid":{"rendered":"https:\/\/vapebulkp.com\/?post_type=product&#038;p=3785"},"modified":"2025-09-24T05:56:31","modified_gmt":"2025-09-24T03:56:31","slug":"bang-blaze-60000-puffs-4-in1-disposable-vape-for-wholesale-price","status":"publish","type":"product","link":"https:\/\/vapebulkp.com\/et\/product\/bang-blaze-60000-puffs-4-in1-disposable-vape-for-wholesale-price\/","title":{"rendered":"Bang Blaze 60000 pihusti 4 \u00fches \u00fchekordselt kasutatav vape hulgihinnaga"},"content":{"rendered":"<h2 style=\"text-align: left\">Bang Blaze 60000 pihusti 4 \u00fches \u00fchekordselt kasutatav vape hulgihinnaga<\/h2>\n<p>Bang Blaze <a href=\"https:\/\/vapebulkp.com\/et\/product-category\/60000-puffs-disposable-vape\/\">60000 mahvi \u00fchekordselt kasutatav vape<\/a> turgu, \u00fchendades enneolematu mahutavuse revolutsioonilise tehnoloogiaga. See j\u00e4rgmise p\u00f5lvkonna vape-pliiats on loodud veipuritele, kes n\u00f5uavad nii mitmek\u00fclgsust kui ka j\u00f5udlust. Sellel on uuenduslik 4-in-1 maitse s\u00fcsteem nelja s\u00f5ltumatu e-vedeliku paagiga, mis v\u00f5imaldab teil d\u00fcnaamilise ja kaasahaarava kogemuse saamiseks koheselt maitseid vahetada.<\/p>\n<p>See suure mahviga vape on ehitatud \u00e4\u00e4rmise pikaealisuse jaoks. Massiivse 60 ml e-vedeliku mahutavuse ja monumentaalsete 60 000 mahviga on Bang Blaze 60K esmaklassiline kauakestev vape. See pakub pidevat rahulolu ilma t\u00e4itmise vaevata, muutes selle usaldusv\u00e4\u00e4rseks valikuks igale kasutajale.<\/p>\n<p>Seda seadet toidab tugev 650 mAh laetav aku ja C-t\u00fc\u00fcpi kiirlaadimispesa, mis tagab minimaalse seisaku. Integreeritud nutikas LED-ekraan annab teile reaalajas v\u00e4rskendusi aku kasutusea ja mahvide arvu kohta, lisades teie seanssidele kaasaegse mugavuse. Sees tagab Quad Mesh Coil tehnoloogia t\u00e4iustatud maitse ja sujuva nikotiinisoola kohaletoimetamise. Bang Blaze 60K on l\u00f5plik suure mahutavusega v\u00f5rkpooliga vape neile, kes otsivad parimat maitset, tehnoloogiat ja vastupidavust.<\/p>\n<h6>Soodushinna saamiseks v\u00f5tke \u00fchendust Mandy WhatsAppiga<a href=\"https:\/\/wa.me\/8618077105796\">+8618077105796<\/a><\/h6>\n<p><img decoding=\"async\" class=\"alignnone wp-image-2151\" src=\"http:\/\/vapebulkp.com\/wp-content\/uploads\/2024\/04\/Mandy-WhatsApp-Randm.jpg\" alt=\"Mandy WhatsAppi tutvustus\" width=\"324\" height=\"330\" \/><\/p>\n<div class=\"flex max-w-full flex-col flex-grow\">\n<div class=\"min-h-8 text-message flex w-full flex-col items-end gap-2 whitespace-normal break-words text-start [.text-message+&amp;]:mt-5\" dir=\"auto\" data-message-author-role=\"assistant\" data-message-id=\"d24cf626-c018-4805-80f5-44de047f2ba0\" data-message-model-slug=\"gpt-4o\">\n<div class=\"flex w-full flex-col gap-1 empty:hidden first:pt-[3px]\">\n<div class=\"markdown prose w-full break-words dark:prose-invert light\">\n<h2>Miks osta Bang Blaze 60000 mahvi v\u00f5rkpooliga vape aadressilt <a href=\"https:\/\/vapebulkp.com\/et\/vape-shop\/\">Vapebulkp.com<\/a>?<\/h2>\n<p data-start=\"217\" data-end=\"570\">Vapebulkp.com-i valimine Bang Blaze 60000 mahvi v\u00f5rkpooliga vape ostmiseks t\u00e4hendab, et saate rohkem kui lihtsalt esmaklassilise \u00fchekordselt kasutatava vape-seadme. Me pakume <strong data-start=\"367\" data-end=\"389\">autentsed tooted<\/strong> hangitud otse usaldusv\u00e4\u00e4rsetelt tootjatelt, tagades kvaliteedi ja ohutuse. Meie konkurentsiv\u00f5imelised hulgim\u00fc\u00fcgihinnad muudavad selle taskukohaseks, olenemata sellest, kas ostate isiklikuks kasutamiseks v\u00f5i hulgi edasim\u00fc\u00fcgiks.<\/p>\n<p data-start=\"572\" data-end=\"917\">Nautige Vapebulkp.com-is <strong data-start=\"596\" data-end=\"627\">kiiret saatmist \u00fcle Euroopa<\/strong>, usaldusv\u00e4\u00e4rset kliendituge ja \u00fcksikasjalikku tooteteavet, mis aitavad teil teha parima veipimise valiku. Pakume laia valikut <strong data-start=\"757\" data-end=\"793\">suure pahvide arvuga \u00fchekordseks e-sigaretiks<\/strong>, sealhulgas uuenduslik Bang Blaze 4-in-1 koos neljakordse v\u00f5rkpooli tehnoloogia, laetava aku ja mitme maitsevalikuga.<\/p>\n<p data-start=\"919\" data-end=\"1146\">Ostke julgelt turvaliste maksev\u00f5imaluste ja probleemideta tagastuspoliitikaga. Vapebulkp.com on teie usaldusv\u00e4\u00e4rne partner <strong data-start=\"1039\" data-end=\"1080\">esmaklassilised laetavad \u00fchekordselt kasutatavad vaped<\/strong> mis on loodud maitse mitmekesisuse ja kauakestva veipimise rahulolu jaoks.<\/p>\n<\/div>\n<\/div>\n<\/div>\n<\/div>\n<h2>Bang Vape Blaze 60000 suure mahviga vape peamised spetsifikatsioonid:<\/h2>\n<ul data-start=\"276\" data-end=\"1054\">\n<li data-start=\"276\" data-end=\"356\">\n<p data-start=\"278\" data-end=\"356\"><strong data-start=\"278\" data-end=\"292\">Pahvide arv<\/strong>: Kuni 60 000 mahvi kauakestva ja suure j\u00f5udlusega veipimise jaoks<\/p>\n<\/li>\n<li data-start=\"357\" data-end=\"438\">\n<p data-start=\"359\" data-end=\"438\"><strong data-start=\"359\" data-end=\"380\">E-vedeliku maht<\/strong>: Eelnevalt t\u00e4idetud 60 ml esmaklassilise nikotiinisoola e-vedelikuga<\/p>\n<\/li>\n<li data-start=\"439\" data-end=\"518\">\n<p data-start=\"441\" data-end=\"518\"><strong data-start=\"441\" data-end=\"461\">Aku mahtuvus<\/strong>: Sisseehitatud 650 mAh laetav aku pikendatud kasutamiseks<\/p>\n<\/li>\n<li data-start=\"519\" data-end=\"601\">\n<p data-start=\"521\" data-end=\"601\"><strong data-start=\"521\" data-end=\"538\">Laadimisport<\/strong>: Type-C kiirlaadimine mugavaks ja t\u00f5husaks laadimiseks<\/p>\n<\/li>\n<li data-start=\"602\" data-end=\"692\">\n<p data-start=\"604\" data-end=\"692\"><strong data-start=\"604\" data-end=\"617\">Spiraali t\u00fc\u00fcp<\/strong>: T\u00e4iustatud nelikv\u00f5rk-spiraal sujuvamaks auruks ja paremaks maitse edastamiseks<\/p>\n<\/li>\n<li data-start=\"693\" data-end=\"780\">\n<p data-start=\"695\" data-end=\"780\"><strong data-start=\"695\" data-end=\"713\">Ekraan<\/strong>: Nutikas LED-ekraan, mis n\u00e4itab reaalajas aku taset ja pahvide arvu<\/p>\n<\/li>\n<li data-start=\"781\" data-end=\"880\">\n<p data-start=\"783\" data-end=\"880\"><strong data-start=\"783\" data-end=\"812\">Nikotiinitugevuse valikud<\/strong>: Saadaval 0%, 2%, 3% ja 5%, et rahuldada erinevaid eelistusi<\/p>\n<\/li>\n<li data-start=\"881\" data-end=\"970\">\n<p data-start=\"883\" data-end=\"970\"><strong data-start=\"883\" data-end=\"900\">Seadme kaal<\/strong>: Ligikaudu 150g (koos pakendiga), kerge ja kaasaskantav<\/p>\n<\/li>\n<li data-start=\"971\" data-end=\"1054\">\n<p data-start=\"973\" data-end=\"1054\"><strong data-start=\"973\" data-end=\"987\">M\u00f5\u00f5tmed<\/strong>: Ligikaudu 120mm \u00d7 30mm \u00d7 30mm, disainitud ergonoomiliseks mugavuseks<\/p>\n<\/li>\n<\/ul>\n<h2><strong>Bang Blaze 60k 4 in 1 Vape Pods maitsete loend<\/strong><\/h2>\n<p class=\"selectable-text copyable-text x15bjb6t x1n2onr6\" dir=\"ltr\">1.Mustika j\u00e4\u00e4<br \/>\n2. Mustikas vaarikas<br \/>\n3. Mustikas vaarikas<br \/>\n4. Energiajook<br \/>\n5. Energiajook<br \/>\n6. Maasikas mango<br \/>\n7. Maasikas mango<br \/>\n8. Maasikas arbuus<br \/>\n9. Maasikas arbuus<br \/>\n10. Arbuusi j\u00e4\u00e4<br \/>\n11. Arbuusi j\u00e4\u00e4<br \/>\n12. Mustika j\u00e4\u00e4<\/p>\n<p><span style=\"vertical-align: inherit\">Leia rohkem tooteid, mis sulle meeldida v\u00f5iksid:<\/span><em><a href=\"https:\/\/wa.me\/8618077105796\"><span style=\"vertical-align: inherit\">\u00a0Osta kohe<\/span><\/a><\/em><\/p>\n<p><span style=\"vertical-align: inherit\">Teised e-sigaretid, mis sulle meeldida v\u00f5ivad:<\/span><a href=\"https:\/\/vapebulkp.com\/et\/product\/vopk-60000-puffs-top-sale-disposable-vape-pen\/\"><span style=\"vertical-align: inherit\">VOPK 60000 Puhvi<\/span><\/a><span style=\"vertical-align: inherit\">\u3001<\/span><a href=\"https:\/\/vapebulkp.com\/et\/product\/bang-king-45000-puffs-disposable-vape-best-selling-high-capacity\/\"><span style=\"vertical-align: inherit\">Bang King 45000 Puhviga<\/span><\/a><span style=\"vertical-align: inherit\">\/ <\/span><a href=\"https:\/\/vapebulkp.com\/et\/product\/waspe-3in1-60000-puffs-disposable-vape-high-capacity\/\"><span style=\"vertical-align: inherit\">WASPE 3 \u00fches 60000 mahvi<\/span><\/a><span style=\"vertical-align: inherit\">\/<\/span><span style=\"vertical-align: inherit\">\u00a0<\/span><a href=\"https:\/\/vapebulkp.com\/et\/product\/wholesale-price-bang-leader-80000-puffs-vape-device\/\"><span style=\"vertical-align: inherit\"> Bang Leader 80000 T\u00f5mmet\u00a0<\/span><\/a><\/p>\n<h3 class=\"\" data-start=\"62\" data-end=\"118\"><strong data-start=\"66\" data-end=\"118\">Bang Blaze 60000 mahvi laetava \u00fchekordselt kasutatava vape KKK<\/strong><\/h3>\n<p data-start=\"221\" data-end=\"444\"><strong data-start=\"221\" data-end=\"283\">K1: Mitu mahvi Bang Blaze 60000 vape pakub?<\/strong><br data-start=\"283\" data-end=\"286\" \/>A1: Bang Blaze laetav \u00fchekordselt kasutatav vape pakub kuni 60 000 mahvi, mis teeb selle sobivaks pikaajaliseks veipimiseks ilma sagedase asendamise vajaduseta.<\/p>\n<p data-start=\"446\" data-end=\"632\"><strong data-start=\"446\" data-end=\"496\">K2: Kas Bang Blaze 60000 vape on laetav?<\/strong><br data-start=\"496\" data-end=\"499\" \/>A2: Jah, sellel on sisseehitatud 650mAh laetav aku koos mugava C-t\u00fc\u00fcpi laadimispesaga kiireks ja t\u00f5husaks laadimiseks.<\/p>\n<p data-start=\"634\" data-end=\"861\"><strong data-start=\"634\" data-end=\"704\">K3: Kas ma saan Bang Blaze 4-in-1 \u00fchekordselt kasutataval vape'il maitseid vahetada?<\/strong><br data-start=\"704\" data-end=\"707\" \/>A3: Absoluutselt. Sellel seadmel on neli s\u00f5ltumatut paaki, mis v\u00f5imaldab teil koheselt vahetada nelja erineva maitse vahel ilma mitut seadet kaasas kandmata.<\/p>\n<p data-start=\"1213\" data-end=\"1378\"><strong data-start=\"1213\" data-end=\"1268\">K6: Millist t\u00fc\u00fcpi k\u00fcttekeha Bang Blaze vape kasutab?<\/strong><br data-start=\"1268\" data-end=\"1271\" \/>A6: See on varustatud t\u00e4iustatud neljakordsete v\u00f5rgusilma k\u00fcttekehadega, mis tagavad sujuva auru ja rikkaliku maitse iga mahviga.<\/p>\n<p data-start=\"1380\" data-end=\"1520\"><strong data-start=\"1380\" data-end=\"1423\">Q7: Kui suur on e-vedeliku maht Bang Blaze 60K Puffs'il?<\/strong><br data-start=\"1423\" data-end=\"1426\" \/>A7: E-sigaret sisaldab 60ml kvaliteetset eelt\u00e4idetud nikotiinisoola e-vedelikku pikaajaliseks kasutamiseks.<\/p>\n<p data-start=\"1522\" data-end=\"1735\"><strong data-start=\"1522\" data-end=\"1574\">Q8: Kas see \u00fchekordne e-sigaret sobib reisimiseks?<\/strong><br data-start=\"1574\" data-end=\"1577\" \/>A8: Jah, vaatamata oma suurele mahutavusele ja t\u00e4iustatud funktsioonidele on Bang Blaze 60000 e-sigaret kompaktne ja kaasaskantav, mist\u00f5ttu on see ideaalne reisimiseks ja liikuva eluviisiga aurustajatele.<\/p>\n<h3>Saatmisinfo:<\/h3>\n<p><span style=\"color: #ff6600\">Tootmisaeg: 5-10 t\u00f6\u00f6p\u00e4eva<\/span><br \/>\n<span style=\"color: #ff6600\">Saatmisaeg: 8-14 t\u00f6\u00f6p\u00e4eva<\/span><\/p>\n<p>K\u00f5ik meie poe tooted on 100% originaalsed ja autentsed, seega on v\u00f5ltsitud kaupade eest k\u00fcmnekordne h\u00fcvitis meie poe poliitika. Kasutame kaupade teile tarnimiseks logistikakanaleid nagu UPS\/DHL\/FEDEX\/DPD.<\/p>\n<p>Eestisse saadetud pakkide kohalej\u00f5udmine v\u00f5tab tavaliselt aega 10 t\u00f6\u00f6p\u00e4eva. Euroopa riikidesse saatmine v\u00f5tab tavaliselt aega 12 kuni 15 t\u00f6\u00f6p\u00e4eva. Uuendame logistikainfot teie jaoks reaalajas.<\/p>","protected":false},"excerpt":{"rendered":"<p class=\"\" data-start=\"121\" data-end=\"211\">Bang Blaze 60K 4in1 vape pakub kauakestvat veipimist 60 ml e-vedeliku, laetava aku, nutika LED-ekraani, nikotiinisoola tugevuse ja esmaklassilise v\u00f5rkpooli tehnoloogiaga.<\/p>\n<p>Soodushinna saamiseks v\u00f5tke \u00fchendust Mandy WhatsAppiga<a href=\"https:\/\/wa.me\/8618077105796\">+8618077105796<\/a><\/p>\n<p><img decoding=\"async\" class=\"alignnone wp-image-2151\" src=\"http:\/\/vapebulkp.com\/wp-content\/uploads\/2024\/04\/Mandy-WhatsApp-Randm.jpg\" alt=\"Mandy WhatsAppi tutvustus\" width=\"297\" height=\"316\" srcset=\"https:\/\/vapebulkp.com\/wp-content\/uploads\/2024\/04\/Mandy-WhatsApp-Randm.jpg 916w, https:\/\/vapebulkp.com\/wp-content\/uploads\/2024\/04\/Mandy-WhatsApp-Randm-282x300.jpg 282w, https:\/\/vapebulkp.com\/wp-content\/uploads\/2024\/04\/Mandy-WhatsApp-Randm-768x817.jpg 768w, https:\/\/vapebulkp.com\/wp-content\/uploads\/2024\/04\/Mandy-WhatsApp-Randm-600x638.jpg 600w\" sizes=\"(max-width: 297px) 100vw, 297px\" \/><\/p>\n<p><span style=\"color: #ff0000\">M\u00c4RKUS: Meie veebisaidi hinnad ei sisalda saatmiskulusid<\/span><\/p>\n<p>&nbsp;<\/p>","protected":false},"featured_media":3781,"comment_status":"open","ping_status":"closed","template":"","meta":{"_uag_custom_page_level_css":"","_lmt_disableupdate":"no","_lmt_disable":"","site-sidebar-layout":"default","site-content-layout":"content-boxed-container","ast-site-content-layout":"normal-width-container","site-content-style":"boxed","site-sidebar-style":"unboxed","ast-global-header-display":"","ast-banner-title-visibility":"","ast-main-header-display":"","ast-hfb-above-header-display":"","ast-hfb-below-header-display":"","ast-hfb-mobile-header-display":"","site-post-title":"","ast-breadcrumbs-content":"","ast-featured-img":"","footer-sml-layout":"","theme-transparent-header-meta":"default","adv-header-id-meta":"","stick-header-meta":"","header-above-stick-meta":"","header-main-stick-meta":"","header-below-stick-meta":"","astra-migrate-meta-layouts":"set","_joinchat":[]},"product_cat":[234,153,345,155,33,59,100,34,158,157,154,152,58,84,156,63,32],"product_tag":[250,36,37,41,286,40],"class_list":["post-3785","product","type-product","status-publish","has-post-thumbnail","hentry","product_cat-60000-puffs-disposable-vape","product_cat-hot-disposable-vapes","product_cat-bang-vapes","product_cat-belgium-hot-disposable-vapes","product_cat-france-vape-hot-sale","product_cat-germany-hot-disposable-vape","product_cat-germany-wholesale-vape-shop","product_cat-netherlands-vape-good-sale","product_cat-norway-hot-disposable-vapes","product_cat-poland-hot-disposable-vapes","product_cat-portugal-hot-disposable-vapes","product_cat-spain-hot-disposable-vapes","product_cat-sweden-hot-disposable-vape","product_cat-sweden-wholesale-vape","product_cat-switzerland-hot-disposable-vapes","product_cat-top-sale-disposable-vape","product_cat-vape-hot-sale-this-week","product_tag-bang-blaze-60000-puffs","product_tag-good-vape","product_tag-hot-sale-disposable-vape","product_tag-poland-hot-vape","product_tag-puffs-stock-in-europe","product_tag-sweden-hot-vape","pa_brand-bang-vape","desktop-align-left","tablet-align-left","mobile-align-left"],"yoast_head":"<!-- This site is optimized with the Yoast SEO plugin v21.1 - https:\/\/yoast.com\/wordpress\/plugins\/seo\/ -->\n<title>Bang Blaze 60000 Puffs 4 In1 Disposable Vape For Wholesale Price - vapebulkp.com<\/title>\n<meta name=\"description\" content=\"Bang Blaze 60000 Puffs 4-in-1 Vape offers up to 60,000 puffs, 4 switchable flavors, 60ml e-liquid, mesh coil tech, and a rechargeable battery with LED display.\" \/>\n<meta name=\"robots\" content=\"index, follow, max-snippet:-1, max-image-preview:large, max-video-preview:-1\" \/>\n<link rel=\"canonical\" href=\"https:\/\/vapebulkp.com\/et\/product\/bang-blaze-60000-puffs-4-in1-disposable-vape-for-wholesale-price\/\" \/>\n<meta property=\"og:locale\" content=\"et_EE\" \/>\n<meta property=\"og:type\" content=\"article\" \/>\n<meta property=\"og:title\" content=\"Bang Blaze 60000 Puffs 4 In1 Disposable Vape For Wholesale Price - vapebulkp.com\" \/>\n<meta property=\"og:description\" content=\"Bang Blaze 60000 Puffs 4-in-1 Vape offers up to 60,000 puffs, 4 switchable flavors, 60ml e-liquid, mesh coil tech, and a rechargeable battery with LED display.\" \/>\n<meta property=\"og:url\" content=\"https:\/\/vapebulkp.com\/et\/product\/bang-blaze-60000-puffs-4-in1-disposable-vape-for-wholesale-price\/\" \/>\n<meta property=\"og:site_name\" content=\"vapebulkp.com\" \/>\n<meta property=\"article:modified_time\" content=\"2025-09-24T03:56:31+00:00\" \/>\n<meta property=\"og:image\" content=\"http:\/\/vapebulkp.com\/wp-content\/uploads\/2025\/05\/Bang-Blaze-60K-4In1-Disposable-Vape-Hot-Sale-In-Germany.webp\" \/>\n\t<meta property=\"og:image:width\" content=\"800\" \/>\n\t<meta property=\"og:image:height\" content=\"800\" \/>\n\t<meta property=\"og:image:type\" content=\"image\/webp\" \/>\n<meta name=\"twitter:card\" content=\"summary_large_image\" \/>\n<meta name=\"twitter:label1\" content=\"Est. reading time\" \/>\n\t<meta name=\"twitter:data1\" content=\"5 minutit\" \/>\n<script type=\"application\/ld+json\" class=\"yoast-schema-graph\">{\"@context\":\"https:\/\/schema.org\",\"@graph\":[{\"@type\":\"WebPage\",\"@id\":\"https:\/\/vapebulkp.com\/product\/bang-blaze-60000-puffs-4-in1-disposable-vape-for-wholesale-price\/\",\"url\":\"https:\/\/vapebulkp.com\/product\/bang-blaze-60000-puffs-4-in1-disposable-vape-for-wholesale-price\/\",\"name\":\"Bang Blaze 60000 Puffs 4 In1 Disposable Vape For Wholesale Price - vapebulkp.com\",\"isPartOf\":{\"@id\":\"https:\/\/vapebulkp.com\/#website\"},\"datePublished\":\"2025-05-23T08:30:15+00:00\",\"dateModified\":\"2025-09-24T03:56:31+00:00\",\"description\":\"Bang Blaze 60000 Puffs 4-in-1 Vape offers up to 60,000 puffs, 4 switchable flavors, 60ml e-liquid, mesh coil tech, and a rechargeable battery with LED display.\",\"breadcrumb\":{\"@id\":\"https:\/\/vapebulkp.com\/product\/bang-blaze-60000-puffs-4-in1-disposable-vape-for-wholesale-price\/#breadcrumb\"},\"inLanguage\":\"et\",\"potentialAction\":[{\"@type\":\"ReadAction\",\"target\":[\"https:\/\/vapebulkp.com\/product\/bang-blaze-60000-puffs-4-in1-disposable-vape-for-wholesale-price\/\"]}]},{\"@type\":\"BreadcrumbList\",\"@id\":\"https:\/\/vapebulkp.com\/product\/bang-blaze-60000-puffs-4-in1-disposable-vape-for-wholesale-price\/#breadcrumb\",\"itemListElement\":[{\"@type\":\"ListItem\",\"position\":1,\"name\":\"Home\",\"item\":\"https:\/\/vapebulkp.com\/\"},{\"@type\":\"ListItem\",\"position\":2,\"name\":\"Hot Trend Vapes\",\"item\":\"https:\/\/vapebulkp.com\/vape-shop\/\"},{\"@type\":\"ListItem\",\"position\":3,\"name\":\"Bang Blaze 60000 Puffs 4 In1 Disposable Vape For Wholesale Price\"}]},{\"@type\":\"WebSite\",\"@id\":\"https:\/\/vapebulkp.com\/#website\",\"url\":\"https:\/\/vapebulkp.com\/\",\"name\":\"vapebulkp.com\",\"description\":\"Buy Vape In Cheap Bulk Price Near you\",\"publisher\":{\"@id\":\"https:\/\/vapebulkp.com\/#organization\"},\"potentialAction\":[{\"@type\":\"SearchAction\",\"target\":{\"@type\":\"EntryPoint\",\"urlTemplate\":\"https:\/\/vapebulkp.com\/?s={search_term_string}\"},\"query-input\":\"required name=search_term_string\"}],\"inLanguage\":\"et\"},{\"@type\":\"Organization\",\"@id\":\"https:\/\/vapebulkp.com\/#organization\",\"name\":\"vapebulkp.com\",\"url\":\"https:\/\/vapebulkp.com\/\",\"logo\":{\"@type\":\"ImageObject\",\"inLanguage\":\"et\",\"@id\":\"https:\/\/vapebulkp.com\/#\/schema\/logo\/image\/\",\"url\":\"https:\/\/vapebulkp.com\/wp-content\/uploads\/2023\/09\/cropped-vapebulkp.png\",\"contentUrl\":\"https:\/\/vapebulkp.com\/wp-content\/uploads\/2023\/09\/cropped-vapebulkp.png\",\"width\":516,\"height\":163,\"caption\":\"vapebulkp.com\"},\"image\":{\"@id\":\"https:\/\/vapebulkp.com\/#\/schema\/logo\/image\/\"}}]}<\/script>\n<!-- \/ Yoast SEO plugin. -->","yoast_head_json":{"title":"Bang Blaze 60000 Puffs 4 In1 Disposable Vape For Wholesale Price - vapebulkp.com","description":"Bang Blaze 60000 Puffs 4-in-1 Vape offers up to 60,000 puffs, 4 switchable flavors, 60ml e-liquid, mesh coil tech, and a rechargeable battery with LED display.","robots":{"index":"index","follow":"follow","max-snippet":"max-snippet:-1","max-image-preview":"max-image-preview:large","max-video-preview":"max-video-preview:-1"},"canonical":"https:\/\/vapebulkp.com\/et\/product\/bang-blaze-60000-puffs-4-in1-disposable-vape-for-wholesale-price\/","og_locale":"et_EE","og_type":"article","og_title":"Bang Blaze 60000 Puffs 4 In1 Disposable Vape For Wholesale Price - vapebulkp.com","og_description":"Bang Blaze 60000 Puffs 4-in-1 Vape offers up to 60,000 puffs, 4 switchable flavors, 60ml e-liquid, mesh coil tech, and a rechargeable battery with LED display.","og_url":"https:\/\/vapebulkp.com\/et\/product\/bang-blaze-60000-puffs-4-in1-disposable-vape-for-wholesale-price\/","og_site_name":"vapebulkp.com","article_modified_time":"2025-09-24T03:56:31+00:00","og_image":[{"width":800,"height":800,"url":"http:\/\/vapebulkp.com\/wp-content\/uploads\/2025\/05\/Bang-Blaze-60K-4In1-Disposable-Vape-Hot-Sale-In-Germany.webp","type":"image\/webp"}],"twitter_card":"summary_large_image","twitter_misc":{"Est. reading time":"5 minutit"},"schema":{"@context":"https:\/\/schema.org","@graph":[{"@type":"WebPage","@id":"https:\/\/vapebulkp.com\/product\/bang-blaze-60000-puffs-4-in1-disposable-vape-for-wholesale-price\/","url":"https:\/\/vapebulkp.com\/product\/bang-blaze-60000-puffs-4-in1-disposable-vape-for-wholesale-price\/","name":"Bang Blaze 60000 Puffs 4 In1 Disposable Vape For Wholesale Price - vapebulkp.com","isPartOf":{"@id":"https:\/\/vapebulkp.com\/#website"},"datePublished":"2025-05-23T08:30:15+00:00","dateModified":"2025-09-24T03:56:31+00:00","description":"Bang Blaze 60000 Puffs 4-in-1 Vape offers up to 60,000 puffs, 4 switchable flavors, 60ml e-liquid, mesh coil tech, and a rechargeable battery with LED display.","breadcrumb":{"@id":"https:\/\/vapebulkp.com\/product\/bang-blaze-60000-puffs-4-in1-disposable-vape-for-wholesale-price\/#breadcrumb"},"inLanguage":"et","potentialAction":[{"@type":"ReadAction","target":["https:\/\/vapebulkp.com\/product\/bang-blaze-60000-puffs-4-in1-disposable-vape-for-wholesale-price\/"]}]},{"@type":"BreadcrumbList","@id":"https:\/\/vapebulkp.com\/product\/bang-blaze-60000-puffs-4-in1-disposable-vape-for-wholesale-price\/#breadcrumb","itemListElement":[{"@type":"ListItem","position":1,"name":"Home","item":"https:\/\/vapebulkp.com\/"},{"@type":"ListItem","position":2,"name":"Hot Trend Vapes","item":"https:\/\/vapebulkp.com\/vape-shop\/"},{"@type":"ListItem","position":3,"name":"Bang Blaze 60000 Puffs 4 In1 Disposable Vape For Wholesale Price"}]},{"@type":"WebSite","@id":"https:\/\/vapebulkp.com\/#website","url":"https:\/\/vapebulkp.com\/","name":"vapebulkp.com","description":"Buy Vape In Cheap Bulk Price Near you","publisher":{"@id":"https:\/\/vapebulkp.com\/#organization"},"potentialAction":[{"@type":"SearchAction","target":{"@type":"EntryPoint","urlTemplate":"https:\/\/vapebulkp.com\/?s={search_term_string}"},"query-input":"required name=search_term_string"}],"inLanguage":"et"},{"@type":"Organization","@id":"https:\/\/vapebulkp.com\/#organization","name":"vapebulkp.com","url":"https:\/\/vapebulkp.com\/","logo":{"@type":"ImageObject","inLanguage":"et","@id":"https:\/\/vapebulkp.com\/#\/schema\/logo\/image\/","url":"https:\/\/vapebulkp.com\/wp-content\/uploads\/2023\/09\/cropped-vapebulkp.png","contentUrl":"https:\/\/vapebulkp.com\/wp-content\/uploads\/2023\/09\/cropped-vapebulkp.png","width":516,"height":163,"caption":"vapebulkp.com"},"image":{"@id":"https:\/\/vapebulkp.com\/#\/schema\/logo\/image\/"}}]}},"uagb_featured_image_src":{"full":["https:\/\/vapebulkp.com\/wp-content\/uploads\/2025\/05\/Bang-Blaze-60K-4In1-Disposable-Vape-Hot-Sale-In-Germany.webp",800,800,false],"thumbnail":["https:\/\/vapebulkp.com\/wp-content\/uploads\/2025\/05\/Bang-Blaze-60K-4In1-Disposable-Vape-Hot-Sale-In-Germany-150x150.webp",150,150,true],"medium":["https:\/\/vapebulkp.com\/wp-content\/uploads\/2025\/05\/Bang-Blaze-60K-4In1-Disposable-Vape-Hot-Sale-In-Germany-300x300.webp",300,300,true],"medium_large":["https:\/\/vapebulkp.com\/wp-content\/uploads\/2025\/05\/Bang-Blaze-60K-4In1-Disposable-Vape-Hot-Sale-In-Germany-768x768.webp",768,768,true],"large":["https:\/\/vapebulkp.com\/wp-content\/uploads\/2025\/05\/Bang-Blaze-60K-4In1-Disposable-Vape-Hot-Sale-In-Germany.webp",800,800,false],"1536x1536":["https:\/\/vapebulkp.com\/wp-content\/uploads\/2025\/05\/Bang-Blaze-60K-4In1-Disposable-Vape-Hot-Sale-In-Germany.webp",800,800,false],"2048x2048":["https:\/\/vapebulkp.com\/wp-content\/uploads\/2025\/05\/Bang-Blaze-60K-4In1-Disposable-Vape-Hot-Sale-In-Germany.webp",800,800,false],"trp-custom-language-flag":["https:\/\/vapebulkp.com\/wp-content\/uploads\/2025\/05\/Bang-Blaze-60K-4In1-Disposable-Vape-Hot-Sale-In-Germany.webp",12,12,false],"woocommerce_thumbnail":["https:\/\/vapebulkp.com\/wp-content\/uploads\/2025\/05\/Bang-Blaze-60K-4In1-Disposable-Vape-Hot-Sale-In-Germany-300x300.webp",300,300,true],"woocommerce_single":["https:\/\/vapebulkp.com\/wp-content\/uploads\/2025\/05\/Bang-Blaze-60K-4In1-Disposable-Vape-Hot-Sale-In-Germany-600x600.webp",600,600,true],"woocommerce_gallery_thumbnail":["https:\/\/vapebulkp.com\/wp-content\/uploads\/2025\/05\/Bang-Blaze-60K-4In1-Disposable-Vape-Hot-Sale-In-Germany-100x100.webp",100,100,true],"wcpr-photo-reviews":["https:\/\/vapebulkp.com\/wp-content\/uploads\/2025\/05\/Bang-Blaze-60K-4In1-Disposable-Vape-Hot-Sale-In-Germany.webp",500,500,false]},"uagb_author_info":{"display_name":"Mandy vape bulk price","author_link":"https:\/\/vapebulkp.com\/et\/author\/"},"uagb_comment_info":0,"uagb_excerpt":"Bang Blaze 60K 4in1 vape offers long lasting vaping with 60ml e liquid rechargeable battery smart LED display nicotine salt strengths and premium mesh coil technology. Pls Contact Mandy's WhatsApp For Discount Price+8618077105796 NOTE: Prices on our website does not include shipping costs &nbsp;","_links":{"self":[{"href":"https:\/\/vapebulkp.com\/et\/wp-json\/wp\/v2\/product\/3785","targetHints":{"allow":["GET"]}}],"collection":[{"href":"https:\/\/vapebulkp.com\/et\/wp-json\/wp\/v2\/product"}],"about":[{"href":"https:\/\/vapebulkp.com\/et\/wp-json\/wp\/v2\/types\/product"}],"replies":[{"embeddable":true,"href":"https:\/\/vapebulkp.com\/et\/wp-json\/wp\/v2\/comments?post=3785"}],"wp:featuredmedia":[{"embeddable":true,"href":"https:\/\/vapebulkp.com\/et\/wp-json\/wp\/v2\/media\/3781"}],"wp:attachment":[{"href":"https:\/\/vapebulkp.com\/et\/wp-json\/wp\/v2\/media?parent=3785"}],"wp:term":[{"taxonomy":"product_cat","embeddable":true,"href":"https:\/\/vapebulkp.com\/et\/wp-json\/wp\/v2\/product_cat?post=3785"},{"taxonomy":"product_tag","embeddable":true,"href":"https:\/\/vapebulkp.com\/et\/wp-json\/wp\/v2\/product_tag?post=3785"}],"curies":[{"name":"wp","href":"https:\/\/api.w.org\/{rel}","templated":true}]}}