{"id":3800,"date":"2025-05-27T10:26:00","date_gmt":"2025-05-27T08:26:00","guid":{"rendered":"https:\/\/vapebulkp.com\/?post_type=product&#038;p=3800"},"modified":"2025-09-24T04:58:04","modified_gmt":"2025-09-24T02:58:04","slug":"stag-bar-triple-60000-puffs-for-wholesale-distributors","status":"publish","type":"product","link":"https:\/\/vapebulkp.com\/et\/product\/stag-bar-triple-60000-puffs-for-wholesale-distributors\/","title":{"rendered":"STAG BAR Triple 60000 pihusti hulgim\u00fc\u00fcjatele"},"content":{"rendered":"<h2 style=\"text-align: left\">STAG BAR Triple 60000 pihusti hulgim\u00fc\u00fcjatele<\/h2>\n<p>Veip <b>STAG BAR Triple <a href=\"https:\/\/vapebulkp.com\/et\/product-category\/60000-puffs-disposable-vape\/\">60000 t\u00f5mmet \u00fchekordne veip<\/a><\/b>\u00a0on loodud kaasaegsele Eesti veibile, kes n\u00f5uab erakordset mahtuvust ja j\u00f5udlust. <span class=\"citation-23\">See <\/span><b><span class=\"citation-23\">\u00fchekordne vape<\/span><\/b><span class=\"citation-23\"> sellel on ainulaadne <\/span><b><span class=\"citation-23\">3-\u00fches kaunas\u00fcsteem<\/span><\/b><span class=\"citation-23\">, mis pakub kuni monumentaalseid <\/span><b><span class=\"citation-23\">60 000 mahvi<\/span><\/b><span class=\"citation-23 citation-end-23\"> ja v\u00f5imaldab \u00fches seadmes mitut maitsekombinatsiooni.<\/span><\/p>\n<p><span class=\"citation-22\">T\u00f6\u00f6tab t\u00e4iustatud tehnoloogiaga <\/span><b><span class=\"citation-22\">v\u00f5rgusilma spiraaltehnoloogiaga<\/span><\/b><span class=\"citation-22\">, see <\/span><b><span class=\"citation-22\">v\u00f5rgusilma spiraaliga \u00fchekordne veip<\/span><\/b><span class=\"citation-22 citation-end-22\"> pakub esimesest t\u00f5mbest viimaseni \u00fchtlast auru ja rikkalikku, autentset maitset.<\/span> Tugev <b>650mAh laetav aku<\/b> ja <b>Type-C kiirlaadimisega<\/b> tagab usaldusv\u00e4\u00e4rse energia kogu eluea jooksul, muutes selle usaldusv\u00e4\u00e4rseks <b>laetav \u00fchekordselt kasutatav vape<\/b> igaks juhuks. <span class=\"citation-21 citation-end-21\">Nutikas LED-ekraan pakub reaalajas e-vedeliku ja aku olekut, andes teile t\u00e4ieliku kontrolli oma veibimisretke \u00fcle.<\/span><\/p>\n<p>Iga kamber on eelt\u00e4idetud esmaklassilise nikotiinisoola e-vedelikuga, mille tugevused on m\u00f5eldud <b>nikotiinisoola vape <\/b>. Turustajatele ja jaem\u00fc\u00fcjatele on STAG BAR Triple 60000 t\u00f5mmet iga laoseisu oluline t\u00e4iendus. Saadaval <b>suure mahutavusega veipide hulgim\u00fc\u00fck<\/b> ja tarnitakse otse meie <b>Eesti ladudest<\/b>, see mudel vastab kasvavale n\u00f5udlusele funktsioonirikka <b>\u00fclipika elueaga \u00fchekordselt kasutatavad veibid<\/b> ja tugevdab teie kohalolekut <b>veipide hulgim\u00fc\u00fck Euroopas<\/b>.<\/p>\n<h6>Soodushinna saamiseks v\u00f5tke \u00fchendust Mandy WhatsAppiga<a href=\"https:\/\/wa.me\/8618077105796\">+8618077105796<\/a><\/h6>\n<p><img decoding=\"async\" class=\"alignnone wp-image-2151\" src=\"http:\/\/vapebulkp.com\/wp-content\/uploads\/2024\/04\/Mandy-WhatsApp-Randm.jpg\" alt=\"Mandy WhatsAppi tutvustus\" width=\"324\" height=\"330\" \/><\/p>\n<div class=\"flex max-w-full flex-col flex-grow\">\n<div class=\"min-h-8 text-message flex w-full flex-col items-end gap-2 whitespace-normal break-words text-start [.text-message+&amp;]:mt-5\" dir=\"auto\" data-message-author-role=\"assistant\" data-message-id=\"d24cf626-c018-4805-80f5-44de047f2ba0\" data-message-model-slug=\"gpt-4o\">\n<div class=\"flex w-full flex-col gap-1 empty:hidden first:pt-[3px]\">\n<div class=\"markdown prose w-full break-words dark:prose-invert light\">\n<h2>Miks osta STAG BAR Triple Puffs 60k Next Gen \u00fchekordselt kasutatav veip 2025 aadressilt <a href=\"https:\/\/vapebulkp.com\/et\/vape-shop\/\">Vapebulkp.com<\/a>?<\/h2>\n<p class=\"\" data-start=\"1686\" data-end=\"1863\">Vapebulkp.com on peamine sihtkoht suure mahutavusega \u00fchekordselt kasutatavate veipide, nagu STAG BAR Triple 60000 Puffs, jaoks \u2013 uuenduslik 3-\u00fches veip-pods\u00fcsteem, mis \u00fchendab endas v\u00f5imsuse, mitmekesisuse ja mugavuse \u00fches elegantses seadmes. See edasij\u00f5udnutele veipijatele ja hulgiostjatele m\u00f5eldud seade pakub kuni 60000 pahvi kolme sisseehitatud padjaga, millest iga\u00fchel on 18 ml esmaklassilist e-vedelikku ja ainulaadsed maitseprofiilid. Varustatud 650 mAh laetava akuga, v\u00f5rgusilma m\u00e4hise tehnoloogiaga, 0.9\u03a9 m\u00e4hise takistusega ja intelligentse LED-ekraaniga, tagab see \u00fchtlase auru, rikkaliku maitse ja t\u00e4pse kasutuse j\u00e4lgimise. Vapebulkp.com-ist saate kasu autentsetest toodetest, hulgihindadest, kiirest kohaletoimetamisest Eestisse ja usaldusv\u00e4\u00e4rsest teenindusest \u2013 ideaalne veipide hulgim\u00fc\u00fcjatele, jaem\u00fc\u00fcjatele ja edasim\u00fc\u00fcjatele, kes otsivad suure n\u00f5udlusega veibiseadmeid \u00fcletamatu v\u00e4\u00e4rtusega.<\/p>\n<\/div>\n<\/div>\n<\/div>\n<\/div>\n<h2>STAG BAR Triple 60k Puff Type C laadimisega veibikomplekti peamised spetsifikatsioonid:<\/h2>\n<ul>\n<li data-start=\"173\" data-end=\"228\">\n<p data-start=\"175\" data-end=\"228\"><strong data-start=\"175\" data-end=\"189\">Pahvide arv<\/strong>: Kuni 60000 pahvi (3 x 20000 pahvi)<\/p>\n<\/li>\n<li data-start=\"229\" data-end=\"342\">\n<p data-start=\"231\" data-end=\"342\"><strong data-start=\"231\" data-end=\"248\">3-\u00fches disain<\/strong>: Sisaldab 3 sisseehitatud veibipadja, millest iga\u00fchel on ainulaadne maitse mitmek\u00fclgseks veipimiskogemuseks<\/p>\n<\/li>\n<li data-start=\"343\" data-end=\"400\">\n<p data-start=\"345\" data-end=\"400\"><strong data-start=\"345\" data-end=\"364\">Maitse maht<\/strong>: 3 erinevat maitset \u00fches seadmes<\/p>\n<\/li>\n<li data-start=\"401\" data-end=\"449\">\n<p data-start=\"403\" data-end=\"449\"><strong data-start=\"403\" data-end=\"424\">E-vedeliku maht<\/strong>: 3 \u00d7 18ml (kokku 54ml)<\/p>\n<\/li>\n<li data-start=\"450\" data-end=\"503\">\n<p data-start=\"452\" data-end=\"503\"><strong data-start=\"452\" data-end=\"472\">Aku mahtuvus<\/strong>: 650mAh laetav aku<\/p>\n<\/li>\n<li data-start=\"504\" data-end=\"547\">\n<p data-start=\"506\" data-end=\"547\"><strong data-start=\"506\" data-end=\"523\">Laadimisport<\/strong>: Type-C kiirlaadimine<\/p>\n<\/li>\n<li data-start=\"548\" data-end=\"626\">\n<p data-start=\"550\" data-end=\"626\"><strong data-start=\"550\" data-end=\"563\">Spiraali t\u00fc\u00fcp<\/strong>: T\u00e4iustatud v\u00f5rgusilma m\u00e4his \u00fchtlase auru ja maitse edastamiseks<\/p>\n<\/li>\n<li data-start=\"627\" data-end=\"656\">\n<p data-start=\"629\" data-end=\"656\"><strong data-start=\"629\" data-end=\"648\">M\u00e4hise takistus<\/strong>: 0.9\u03a9<\/p>\n<\/li>\n<li data-start=\"657\" data-end=\"746\">\n<p data-start=\"659\" data-end=\"746\"><strong data-start=\"659\" data-end=\"674\">LED-ekraan<\/strong>: Reaalajas ekraan n\u00e4itab akus taset ja e-vedeliku kasutust iga padja jaoks<\/p>\n<\/li>\n<li data-start=\"747\" data-end=\"833\">\n<p data-start=\"749\" data-end=\"833\"><strong data-start=\"749\" data-end=\"770\">Nikotiini tugevus<\/strong>: Saadaval 2% ja 5% nikotiinisoola valikutega (kohandatav)<\/p>\n<\/li>\n<li data-start=\"834\" data-end=\"865\">\n<p data-start=\"836\" data-end=\"865\"><strong data-start=\"836\" data-end=\"857\">Seadme kaal<\/strong>: 130g\/tk<\/p>\n<\/li>\n<\/ul>\n<h2><strong>STAG BAR Triple 60000 pahvi Ultra veibiseadme maitsete loend<\/strong><\/h2>\n<p class=\"selectable-text copyable-text x15bjb6t x1n2onr6\" dir=\"ltr\">1. Maasikas Kiivi * Mustika j\u00e4\u00e4 *Arbuusi j\u00e4\u00e4<br \/>\n2. Sinise vaarika j\u00e4\u00e4 * J\u00f5hvika viinamari * Maasika arbuus<br \/>\n3. Maasika viinamari * Vaarika arbuus * Mustika j\u00e4\u00e4<br \/>\n4. Kolmekordne melon * Virsiku mango ananass * Maasika j\u00e4\u00e4<br \/>\n5. Mustika j\u00e4\u00e4 * Kirsi j\u00e4\u00e4 * Sidruni-laimi<br \/>\n6. Vaarika arbuus * Maasika kiivi * Sinise vaarika j\u00e4\u00e4<br \/>\n7. Kirsi j\u00e4\u00e4 * Maasika kiivi * Topelt\u00f5un<br \/>\n8. Arbuusi n\u00e4rimiskumm * Sinise vaarika j\u00e4\u00e4 * Kolmekordne melon<br \/>\n9. Maasika j\u00e4\u00e4 * Arbuusi j\u00e4\u00e4 * Sidruni-laimi<br \/>\n10. Arbuusi j\u00e4\u00e4 * Maasika viinamari * Virsiku mango ananass<\/p>\n<p><span style=\"vertical-align: inherit\">Leia rohkem tooteid, mis sulle meeldida v\u00f5iksid:<\/span><em><a href=\"https:\/\/wa.me\/8618077105796\"><span style=\"vertical-align: inherit\">\u00a0Osta kohe<\/span><\/a><\/em><\/p>\n<p><span style=\"vertical-align: inherit\">Teised e-sigaretid, mis sulle meeldida v\u00f5ivad:<\/span><a href=\"https:\/\/vapebulkp.com\/et\/product\/vopk-60000-puffs-top-sale-disposable-vape-pen\/\"><span style=\"vertical-align: inherit\">VOPK 60000 Puhvi<\/span><\/a><\/p>\n<p><a href=\"https:\/\/vapebulkp.com\/et\/product\/waspe-crystal-vape-40000-puffs-disposable-e-cigarette-dual-flavors-wholesale-price\/\"><span style=\"vertical-align: inherit\">WASPE Crystal 40000 t\u00f5mmet<\/span><\/a><span style=\"vertical-align: inherit\">\/ <\/span><a href=\"https:\/\/vapebulkp.com\/et\/product\/vapme-digital-30000-puffs-disposable-vape-with-smart-screen\/\"><span style=\"vertical-align: inherit\">\u00a0Vapme Digital 30000 t\u00f5mmet <\/span><\/a><span style=\"vertical-align: inherit\">\/<\/span><a href=\"https:\/\/vapebulkp.com\/et\/product\/bang-kingdoms-rex-nos-50000-puffs-high-capacity-vape-device\/\"><span style=\"vertical-align: inherit\"> Bang Kingdoms rex nos 50000 Puhangut<\/span><\/a><\/p>\n<h3 class=\"\" data-start=\"2205\" data-end=\"2276\">Miks STAG BAR Triple 60000 Puffs Vape Pod kogub populaarsust \u00fcle kogu Eesti:<\/h3>\n<p data-start=\"117\" data-end=\"399\">STAG BAR Triple 60000 Puffs \u00fchekordselt kasutatav e-sigaret on kiirelt saamas populaarseimaks valikuks jaem\u00fc\u00fcjate ja tarbijate seas t\u00e4nu oma uuenduslikule 3-in-1 pod-s\u00fcsteemile, pakkudes kolme eraldi 18 ml maitselahuse kambrit, mis annavad kokku 54 ml e-vedelikku ja kuni 60000 pahvi. See arenenud e-sigareti seade \u00fchendab endas mugavuse ja j\u00f5udluse, sisaldades v\u00f5rgusilma (mesh) spiraali tehnoloogiat siledama auru jaoks, laetavat 650 mAh akut, nutikat LED-ekraani pahvide j\u00e4lgimiseks ja Type-C laadimispesa. Loodud vastama kasvavale n\u00f5udlusele suure mahutavusega \u00fchekordselt kasutatavate e-sigareti podide j\u00e4rele sellistes riikides nagu Saksamaa, Prantsusmaa, Hispaania, Itaalia ja Holland, paistab see silma oma pikaajalise kasutuse, maitsete mitmekesisuse ja hulgim\u00fc\u00fcgi k\u00e4ttesaadavuse poolest. STAG BAR Triple on ideaalne lahendus hulgim\u00fc\u00fcjatele, kes otsivad usaldusv\u00e4\u00e4rseid, j\u00e4rgmise p\u00f5lvkonna e-sigareti tooteid, mis on koosk\u00f5las turu suundumustega.<\/p>\n<h3>Saatmisinfo:<\/h3>\n<p><span style=\"color: #ff6600\">Tootmisaeg: 5-10 t\u00f6\u00f6p\u00e4eva<\/span><br \/>\n<span style=\"color: #ff6600\">Saatmisaeg: 8-14 t\u00f6\u00f6p\u00e4eva<\/span><\/p>\n<p>K\u00f5ik meie poe tooted on 100% originaalsed ja autentsed, seega on v\u00f5ltsitud kaupade eest k\u00fcmnekordne h\u00fcvitis meie poe poliitika. Kasutame kaupade teile tarnimiseks logistikakanaleid nagu UPS\/DHL\/FEDEX\/DPD.<\/p>\n<p>Eestisse saadetud pakkide kohalej\u00f5udmine v\u00f5tab tavaliselt aega 10 t\u00f6\u00f6p\u00e4eva. Euroopa riikidesse saatmine v\u00f5tab tavaliselt aega 12 kuni 15 t\u00f6\u00f6p\u00e4eva. Uuendame logistikainfot teie jaoks reaalajas.<\/p>","protected":false},"excerpt":{"rendered":"<p class=\"\" data-start=\"121\" data-end=\"211\">Avastage STAG BAR Triple 60000 t\u00f5mmet, millel on kolm maitseainekauna, 650mAh laetav aku ja nutikas ekraan. Ideaalne Eesti veibihulgim\u00fc\u00fcjatele, kes otsivad suure t\u00f5mmete arvuga \u00fchekordseid seadmeid.<\/p>\n<p>Soodushinna saamiseks v\u00f5tke \u00fchendust Mandy WhatsAppiga<a href=\"https:\/\/wa.me\/8618077105796\">+8618077105796<\/a><\/p>\n<p><img decoding=\"async\" class=\"alignnone wp-image-2151\" src=\"http:\/\/vapebulkp.com\/wp-content\/uploads\/2024\/04\/Mandy-WhatsApp-Randm.jpg\" alt=\"Mandy WhatsAppi tutvustus\" width=\"297\" height=\"316\" srcset=\"https:\/\/vapebulkp.com\/wp-content\/uploads\/2024\/04\/Mandy-WhatsApp-Randm.jpg 916w, https:\/\/vapebulkp.com\/wp-content\/uploads\/2024\/04\/Mandy-WhatsApp-Randm-282x300.jpg 282w, https:\/\/vapebulkp.com\/wp-content\/uploads\/2024\/04\/Mandy-WhatsApp-Randm-768x817.jpg 768w, https:\/\/vapebulkp.com\/wp-content\/uploads\/2024\/04\/Mandy-WhatsApp-Randm-600x638.jpg 600w\" sizes=\"(max-width: 297px) 100vw, 297px\" \/><\/p>\n<p><span style=\"color: #ff0000\">M\u00c4RKUS: Meie veebisaidi hinnad ei sisalda saatmiskulusid<\/span><\/p>\n<p>&nbsp;<\/p>","protected":false},"featured_media":3799,"comment_status":"open","ping_status":"closed","template":"","meta":{"_uag_custom_page_level_css":"","_lmt_disableupdate":"no","_lmt_disable":"","site-sidebar-layout":"default","site-content-layout":"content-boxed-container","ast-site-content-layout":"normal-width-container","site-content-style":"boxed","site-sidebar-style":"unboxed","ast-global-header-display":"","ast-banner-title-visibility":"","ast-main-header-display":"","ast-hfb-above-header-display":"","ast-hfb-below-header-display":"","ast-hfb-mobile-header-display":"","site-post-title":"","ast-breadcrumbs-content":"","ast-featured-img":"","footer-sml-layout":"","theme-transparent-header-meta":"default","adv-header-id-meta":"","stick-header-meta":"","header-above-stick-meta":"","header-main-stick-meta":"","header-below-stick-meta":"","astra-migrate-meta-layouts":"set","_joinchat":[]},"product_cat":[234,153,155,33,59,100,87,34,158,157,154,152,359,58,84,156,63,32],"product_tag":[36,37,41,286,251,40],"class_list":["post-3800","product","type-product","status-publish","has-post-thumbnail","hentry","product_cat-60000-puffs-disposable-vape","product_cat-hot-disposable-vapes","product_cat-belgium-hot-disposable-vapes","product_cat-france-vape-hot-sale","product_cat-germany-hot-disposable-vape","product_cat-germany-wholesale-vape-shop","product_cat-minimum-order-quantity-50pcs","product_cat-netherlands-vape-good-sale","product_cat-norway-hot-disposable-vapes","product_cat-poland-hot-disposable-vapes","product_cat-portugal-hot-disposable-vapes","product_cat-spain-hot-disposable-vapes","product_cat-stagbar-vape","product_cat-sweden-hot-disposable-vape","product_cat-sweden-wholesale-vape","product_cat-switzerland-hot-disposable-vapes","product_cat-top-sale-disposable-vape","product_cat-vape-hot-sale-this-week","product_tag-good-vape","product_tag-hot-sale-disposable-vape","product_tag-poland-hot-vape","product_tag-puffs-stock-in-europe","product_tag-stag-bar-star-15000-puffs","product_tag-sweden-hot-vape","pa_brand-stagbar-vape","desktop-align-left","tablet-align-left","mobile-align-left"],"yoast_head":"<!-- This site is optimized with the Yoast SEO plugin v21.1 - https:\/\/yoast.com\/wordpress\/plugins\/seo\/ -->\n<title>STAG BAR Triple 60000 Puffs For Wholesale Distributors - vapebulkp.com<\/title>\n<meta name=\"description\" content=\"Order STAG BAR Triple 60000 Puffs Disposable Vape at Vapebulkp.com \u2013 3-in-1 vape device with 54ml e-liquid, mesh coil, LED display, and Type-C port. Wholesale available across EU countries.\" \/>\n<meta name=\"robots\" content=\"index, follow, max-snippet:-1, max-image-preview:large, max-video-preview:-1\" \/>\n<link rel=\"canonical\" href=\"https:\/\/vapebulkp.com\/et\/product\/stag-bar-triple-60000-puffs-for-wholesale-distributors\/\" \/>\n<meta property=\"og:locale\" content=\"et_EE\" \/>\n<meta property=\"og:type\" content=\"article\" \/>\n<meta property=\"og:title\" content=\"STAG BAR Triple 60000 Puffs For Wholesale Distributors - vapebulkp.com\" \/>\n<meta property=\"og:description\" content=\"Order STAG BAR Triple 60000 Puffs Disposable Vape at Vapebulkp.com \u2013 3-in-1 vape device with 54ml e-liquid, mesh coil, LED display, and Type-C port. Wholesale available across EU countries.\" \/>\n<meta property=\"og:url\" content=\"https:\/\/vapebulkp.com\/et\/product\/stag-bar-triple-60000-puffs-for-wholesale-distributors\/\" \/>\n<meta property=\"og:site_name\" content=\"vapebulkp.com\" \/>\n<meta property=\"article:modified_time\" content=\"2025-09-24T02:58:04+00:00\" \/>\n<meta property=\"og:image\" content=\"http:\/\/vapebulkp.com\/wp-content\/uploads\/2025\/05\/STAG-BAR-60000-Puffs-Disposable-Vape-with-Discount-Price.webp\" \/>\n\t<meta property=\"og:image:width\" content=\"800\" \/>\n\t<meta property=\"og:image:height\" content=\"800\" \/>\n\t<meta property=\"og:image:type\" content=\"image\/webp\" \/>\n<meta name=\"twitter:card\" content=\"summary_large_image\" \/>\n<meta name=\"twitter:label1\" content=\"Est. reading time\" \/>\n\t<meta name=\"twitter:data1\" content=\"4 minutit\" \/>\n<script type=\"application\/ld+json\" class=\"yoast-schema-graph\">{\"@context\":\"https:\/\/schema.org\",\"@graph\":[{\"@type\":\"WebPage\",\"@id\":\"https:\/\/vapebulkp.com\/product\/stag-bar-triple-60000-puffs-for-wholesale-distributors\/\",\"url\":\"https:\/\/vapebulkp.com\/product\/stag-bar-triple-60000-puffs-for-wholesale-distributors\/\",\"name\":\"STAG BAR Triple 60000 Puffs For Wholesale Distributors - vapebulkp.com\",\"isPartOf\":{\"@id\":\"https:\/\/vapebulkp.com\/#website\"},\"datePublished\":\"2025-05-27T08:26:00+00:00\",\"dateModified\":\"2025-09-24T02:58:04+00:00\",\"description\":\"Order STAG BAR Triple 60000 Puffs Disposable Vape at Vapebulkp.com \u2013 3-in-1 vape device with 54ml e-liquid, mesh coil, LED display, and Type-C port. Wholesale available across EU countries.\",\"breadcrumb\":{\"@id\":\"https:\/\/vapebulkp.com\/product\/stag-bar-triple-60000-puffs-for-wholesale-distributors\/#breadcrumb\"},\"inLanguage\":\"et\",\"potentialAction\":[{\"@type\":\"ReadAction\",\"target\":[\"https:\/\/vapebulkp.com\/product\/stag-bar-triple-60000-puffs-for-wholesale-distributors\/\"]}]},{\"@type\":\"BreadcrumbList\",\"@id\":\"https:\/\/vapebulkp.com\/product\/stag-bar-triple-60000-puffs-for-wholesale-distributors\/#breadcrumb\",\"itemListElement\":[{\"@type\":\"ListItem\",\"position\":1,\"name\":\"Home\",\"item\":\"https:\/\/vapebulkp.com\/\"},{\"@type\":\"ListItem\",\"position\":2,\"name\":\"Hot Trend Vapes\",\"item\":\"https:\/\/vapebulkp.com\/vape-shop\/\"},{\"@type\":\"ListItem\",\"position\":3,\"name\":\"STAG BAR Triple 60000 Puffs For Wholesale Distributors\"}]},{\"@type\":\"WebSite\",\"@id\":\"https:\/\/vapebulkp.com\/#website\",\"url\":\"https:\/\/vapebulkp.com\/\",\"name\":\"vapebulkp.com\",\"description\":\"Buy Vape In Cheap Bulk Price Near you\",\"publisher\":{\"@id\":\"https:\/\/vapebulkp.com\/#organization\"},\"potentialAction\":[{\"@type\":\"SearchAction\",\"target\":{\"@type\":\"EntryPoint\",\"urlTemplate\":\"https:\/\/vapebulkp.com\/?s={search_term_string}\"},\"query-input\":\"required name=search_term_string\"}],\"inLanguage\":\"et\"},{\"@type\":\"Organization\",\"@id\":\"https:\/\/vapebulkp.com\/#organization\",\"name\":\"vapebulkp.com\",\"url\":\"https:\/\/vapebulkp.com\/\",\"logo\":{\"@type\":\"ImageObject\",\"inLanguage\":\"et\",\"@id\":\"https:\/\/vapebulkp.com\/#\/schema\/logo\/image\/\",\"url\":\"https:\/\/vapebulkp.com\/wp-content\/uploads\/2023\/09\/cropped-vapebulkp.png\",\"contentUrl\":\"https:\/\/vapebulkp.com\/wp-content\/uploads\/2023\/09\/cropped-vapebulkp.png\",\"width\":516,\"height\":163,\"caption\":\"vapebulkp.com\"},\"image\":{\"@id\":\"https:\/\/vapebulkp.com\/#\/schema\/logo\/image\/\"}}]}<\/script>\n<!-- \/ Yoast SEO plugin. -->","yoast_head_json":{"title":"STAG BAR Triple 60000 Puffs For Wholesale Distributors - vapebulkp.com","description":"Order STAG BAR Triple 60000 Puffs Disposable Vape at Vapebulkp.com \u2013 3-in-1 vape device with 54ml e-liquid, mesh coil, LED display, and Type-C port. Wholesale available across EU countries.","robots":{"index":"index","follow":"follow","max-snippet":"max-snippet:-1","max-image-preview":"max-image-preview:large","max-video-preview":"max-video-preview:-1"},"canonical":"https:\/\/vapebulkp.com\/et\/product\/stag-bar-triple-60000-puffs-for-wholesale-distributors\/","og_locale":"et_EE","og_type":"article","og_title":"STAG BAR Triple 60000 Puffs For Wholesale Distributors - vapebulkp.com","og_description":"Order STAG BAR Triple 60000 Puffs Disposable Vape at Vapebulkp.com \u2013 3-in-1 vape device with 54ml e-liquid, mesh coil, LED display, and Type-C port. Wholesale available across EU countries.","og_url":"https:\/\/vapebulkp.com\/et\/product\/stag-bar-triple-60000-puffs-for-wholesale-distributors\/","og_site_name":"vapebulkp.com","article_modified_time":"2025-09-24T02:58:04+00:00","og_image":[{"width":800,"height":800,"url":"http:\/\/vapebulkp.com\/wp-content\/uploads\/2025\/05\/STAG-BAR-60000-Puffs-Disposable-Vape-with-Discount-Price.webp","type":"image\/webp"}],"twitter_card":"summary_large_image","twitter_misc":{"Est. reading time":"4 minutit"},"schema":{"@context":"https:\/\/schema.org","@graph":[{"@type":"WebPage","@id":"https:\/\/vapebulkp.com\/product\/stag-bar-triple-60000-puffs-for-wholesale-distributors\/","url":"https:\/\/vapebulkp.com\/product\/stag-bar-triple-60000-puffs-for-wholesale-distributors\/","name":"STAG BAR Triple 60000 Puffs For Wholesale Distributors - vapebulkp.com","isPartOf":{"@id":"https:\/\/vapebulkp.com\/#website"},"datePublished":"2025-05-27T08:26:00+00:00","dateModified":"2025-09-24T02:58:04+00:00","description":"Order STAG BAR Triple 60000 Puffs Disposable Vape at Vapebulkp.com \u2013 3-in-1 vape device with 54ml e-liquid, mesh coil, LED display, and Type-C port. Wholesale available across EU countries.","breadcrumb":{"@id":"https:\/\/vapebulkp.com\/product\/stag-bar-triple-60000-puffs-for-wholesale-distributors\/#breadcrumb"},"inLanguage":"et","potentialAction":[{"@type":"ReadAction","target":["https:\/\/vapebulkp.com\/product\/stag-bar-triple-60000-puffs-for-wholesale-distributors\/"]}]},{"@type":"BreadcrumbList","@id":"https:\/\/vapebulkp.com\/product\/stag-bar-triple-60000-puffs-for-wholesale-distributors\/#breadcrumb","itemListElement":[{"@type":"ListItem","position":1,"name":"Home","item":"https:\/\/vapebulkp.com\/"},{"@type":"ListItem","position":2,"name":"Hot Trend Vapes","item":"https:\/\/vapebulkp.com\/vape-shop\/"},{"@type":"ListItem","position":3,"name":"STAG BAR Triple 60000 Puffs For Wholesale Distributors"}]},{"@type":"WebSite","@id":"https:\/\/vapebulkp.com\/#website","url":"https:\/\/vapebulkp.com\/","name":"vapebulkp.com","description":"Buy Vape In Cheap Bulk Price Near you","publisher":{"@id":"https:\/\/vapebulkp.com\/#organization"},"potentialAction":[{"@type":"SearchAction","target":{"@type":"EntryPoint","urlTemplate":"https:\/\/vapebulkp.com\/?s={search_term_string}"},"query-input":"required name=search_term_string"}],"inLanguage":"et"},{"@type":"Organization","@id":"https:\/\/vapebulkp.com\/#organization","name":"vapebulkp.com","url":"https:\/\/vapebulkp.com\/","logo":{"@type":"ImageObject","inLanguage":"et","@id":"https:\/\/vapebulkp.com\/#\/schema\/logo\/image\/","url":"https:\/\/vapebulkp.com\/wp-content\/uploads\/2023\/09\/cropped-vapebulkp.png","contentUrl":"https:\/\/vapebulkp.com\/wp-content\/uploads\/2023\/09\/cropped-vapebulkp.png","width":516,"height":163,"caption":"vapebulkp.com"},"image":{"@id":"https:\/\/vapebulkp.com\/#\/schema\/logo\/image\/"}}]}},"uagb_featured_image_src":{"full":["https:\/\/vapebulkp.com\/wp-content\/uploads\/2025\/05\/STAG-BAR-60000-Puffs-Disposable-Vape-with-Discount-Price.webp",800,800,false],"thumbnail":["https:\/\/vapebulkp.com\/wp-content\/uploads\/2025\/05\/STAG-BAR-60000-Puffs-Disposable-Vape-with-Discount-Price-150x150.webp",150,150,true],"medium":["https:\/\/vapebulkp.com\/wp-content\/uploads\/2025\/05\/STAG-BAR-60000-Puffs-Disposable-Vape-with-Discount-Price-300x300.webp",300,300,true],"medium_large":["https:\/\/vapebulkp.com\/wp-content\/uploads\/2025\/05\/STAG-BAR-60000-Puffs-Disposable-Vape-with-Discount-Price-768x768.webp",768,768,true],"large":["https:\/\/vapebulkp.com\/wp-content\/uploads\/2025\/05\/STAG-BAR-60000-Puffs-Disposable-Vape-with-Discount-Price.webp",800,800,false],"1536x1536":["https:\/\/vapebulkp.com\/wp-content\/uploads\/2025\/05\/STAG-BAR-60000-Puffs-Disposable-Vape-with-Discount-Price.webp",800,800,false],"2048x2048":["https:\/\/vapebulkp.com\/wp-content\/uploads\/2025\/05\/STAG-BAR-60000-Puffs-Disposable-Vape-with-Discount-Price.webp",800,800,false],"trp-custom-language-flag":["https:\/\/vapebulkp.com\/wp-content\/uploads\/2025\/05\/STAG-BAR-60000-Puffs-Disposable-Vape-with-Discount-Price.webp",12,12,false],"woocommerce_thumbnail":["https:\/\/vapebulkp.com\/wp-content\/uploads\/2025\/05\/STAG-BAR-60000-Puffs-Disposable-Vape-with-Discount-Price-300x300.webp",300,300,true],"woocommerce_single":["https:\/\/vapebulkp.com\/wp-content\/uploads\/2025\/05\/STAG-BAR-60000-Puffs-Disposable-Vape-with-Discount-Price-600x600.webp",600,600,true],"woocommerce_gallery_thumbnail":["https:\/\/vapebulkp.com\/wp-content\/uploads\/2025\/05\/STAG-BAR-60000-Puffs-Disposable-Vape-with-Discount-Price-100x100.webp",100,100,true],"wcpr-photo-reviews":["https:\/\/vapebulkp.com\/wp-content\/uploads\/2025\/05\/STAG-BAR-60000-Puffs-Disposable-Vape-with-Discount-Price.webp",500,500,false]},"uagb_author_info":{"display_name":"Mandy vape bulk price","author_link":"https:\/\/vapebulkp.com\/et\/author\/"},"uagb_comment_info":0,"uagb_excerpt":"Explore STAG BAR Triple 60000 Puffs Vape with triple flavor pods, 650mAh rechargeable battery, and smart screen. Perfect for European vape wholesalers seeking high puff disposable devices. Pls Contact Mandy's WhatsApp For Discount Price+8618077105796 NOTE: Prices on our website does not include shipping costs &nbsp;","_links":{"self":[{"href":"https:\/\/vapebulkp.com\/et\/wp-json\/wp\/v2\/product\/3800","targetHints":{"allow":["GET"]}}],"collection":[{"href":"https:\/\/vapebulkp.com\/et\/wp-json\/wp\/v2\/product"}],"about":[{"href":"https:\/\/vapebulkp.com\/et\/wp-json\/wp\/v2\/types\/product"}],"replies":[{"embeddable":true,"href":"https:\/\/vapebulkp.com\/et\/wp-json\/wp\/v2\/comments?post=3800"}],"wp:featuredmedia":[{"embeddable":true,"href":"https:\/\/vapebulkp.com\/et\/wp-json\/wp\/v2\/media\/3799"}],"wp:attachment":[{"href":"https:\/\/vapebulkp.com\/et\/wp-json\/wp\/v2\/media?parent=3800"}],"wp:term":[{"taxonomy":"product_cat","embeddable":true,"href":"https:\/\/vapebulkp.com\/et\/wp-json\/wp\/v2\/product_cat?post=3800"},{"taxonomy":"product_tag","embeddable":true,"href":"https:\/\/vapebulkp.com\/et\/wp-json\/wp\/v2\/product_tag?post=3800"}],"curies":[{"name":"wp","href":"https:\/\/api.w.org\/{rel}","templated":true}]}}