{"id":3816,"date":"2025-06-05T11:00:10","date_gmt":"2025-06-05T09:00:10","guid":{"rendered":"https:\/\/vapebulkp.com\/?post_type=product&#038;p=3816"},"modified":"2025-09-04T09:10:10","modified_gmt":"2025-09-04T07:10:10","slug":"airfuze-addon-40000-puffs-high-capacity-vape-device","status":"publish","type":"product","link":"https:\/\/vapebulkp.com\/et\/product\/airfuze-addon-40000-puffs-high-capacity-vape-device\/","title":{"rendered":"AIRFUZE Addon 40000 Puhviga Suure Mahutavusega Vape Seade"},"content":{"rendered":"<h2 style=\"text-align: left\">AIRFUZE Addon 40000 Puhviga Suure Mahutavusega Vape Seade<\/h2>\n<p data-start=\"182\" data-end=\"506\">Veip <strong data-start=\"186\" data-end=\"207\">AIRFUZE Lisand 40K<\/strong> on esmaklassiline <a href=\"https:\/\/vapebulkp.com\/et\/product-category\/40000-puffs-disposable-vape\/\"><strong data-start=\"221\" data-end=\"252\">40000 pahviga \u00fchekordselt kasutatav e-sigaret<\/strong><\/a> loodud Eesti veipijatele, kes n\u00f5uavad kauakestvat j\u00f5udlust ja rikkalikku maitset. See <strong data-start=\"339\" data-end=\"372\">suure mahutavusega \u00fchekordselt kasutatav vape<\/strong> pakub tavamoodi kuni 40 000 pahvi ja v\u00f5imendusre\u017eiimi kuni 20 000 pahvi, mis sobib suurep\u00e4raselt pikemateks veipimissessioonideks ilma katkestusteta.<\/p>\n<p data-start=\"508\" data-end=\"775\">Varustatud 24 ml <strong data-start=\"529\" data-end=\"554\">kahe paagiga e-sigareti<\/strong> s\u00fcsteemiga \u2013 18 ml p\u00f5hikamber pluss 6 ml varukamber \u2013 seade tagab pideva veipimise minimaalse t\u00e4itmise seisakuajaga. <strong data-start=\"663\" data-end=\"687\">V\u00f5rgusilma m\u00e4hise tehnoloogia<\/strong> annab igal t\u00f5mbel pehme auru, \u00fchtlase maitse ja rahuldava kurgutunnetuse.<\/p>\n<p data-start=\"777\" data-end=\"1086\">850mAh akuga t\u00f6\u00f6tav seade <strong data-start=\"812\" data-end=\"844\">laetav \u00fchekordselt kasutatav vape<\/strong> \u00fchendab \u00fchekordselt kasutatava seadme mugavuse usaldusv\u00e4\u00e4rse ja kauakestva v\u00f5imsusega. Reguleeritavad Sour ja Ice re\u017eiimid v\u00f5imaldavad kasutajatel iga pahvi kohandada, samas kui 5% nikotiinisool tagab sujuva, kuid tugeva pahvi nii algajatele kui ka kogenud veipijatele.<\/p>\n<p data-start=\"1088\" data-end=\"1456\">Kerge ja kompaktne <strong data-start=\"1117\" data-end=\"1138\">kaasaskantav veibi pliiatsi<\/strong> disain sobib ideaalselt taskutesse v\u00f5i kottidesse, muutes selle ideaalseks reisimiseks, igap\u00e4evaseks kasutamiseks v\u00f5i sotsiaalseteks s\u00fcndmusteks. Hulgim\u00fc\u00fcjad \u00fcle Eesti hindavad <strong data-start=\"1292\" data-end=\"1319\">Eesti hulgim\u00fc\u00fcgi vape<\/strong> mudeli <strong data-start=\"1334\" data-end=\"1371\">AIRFUZE Addon 40K \u00fchekordselt kasutatav veip<\/strong>atraktiivsust, stiilset ja suure j\u00f5udlusega seadet, mis on ehitatud maitse, mugavuse ja vastupidavuse jaoks.<\/p>\n<h6>Soodushinna saamiseks v\u00f5tke \u00fchendust Mandy WhatsAppiga<a href=\"https:\/\/wa.me\/8618077105796\">+8618077105796<\/a><\/h6>\n<p><img decoding=\"async\" class=\"alignnone wp-image-2151\" src=\"http:\/\/vapebulkp.com\/wp-content\/uploads\/2024\/04\/Mandy-WhatsApp-Randm.jpg\" alt=\"Mandy WhatsAppi tutvustus\" width=\"324\" height=\"330\" \/><\/p>\n<div class=\"flex max-w-full flex-col flex-grow\">\n<div class=\"min-h-8 text-message flex w-full flex-col items-end gap-2 whitespace-normal break-words text-start [.text-message+&amp;]:mt-5\" dir=\"auto\" data-message-author-role=\"assistant\" data-message-id=\"d24cf626-c018-4805-80f5-44de047f2ba0\" data-message-model-slug=\"gpt-4o\">\n<div class=\"flex w-full flex-col gap-1 empty:hidden first:pt-[3px]\">\n<div class=\"markdown prose w-full break-words dark:prose-invert light\">\n<h2>Miks osta hulgi veip AIRFUZE Addon 40000 Puffs <a href=\"https:\/\/vapebulkp.com\/et\/vape-shop\/\">Vapebulkp.com<\/a>?<\/h2>\n<p data-start=\"250\" data-end=\"615\">Ostes <strong data-start=\"265\" data-end=\"310\">AIRFUZE Addon 40000 pahviga \u00fchekordselt kasutatav e-sigaret<\/strong> alates <strong data-start=\"316\" data-end=\"333\">Vapebulkp.com<\/strong> tagab teile autentsed tooted, konkurentsiv\u00f5imelised hulgihinnad ja kiire, usaldusv\u00e4\u00e4rse kohaletoimetamise \u00fcle kogu Euroopa. Kui olete usaldusv\u00e4\u00e4rne tarnija <strong data-start=\"468\" data-end=\"498\">suure pahvide arvuga \u00fchekordselt kasutatavatele e-sigarettidele<\/strong> ja <strong data-start=\"503\" data-end=\"533\">nikotiinisoola e-sigarettidele<\/strong>, on Vapebulkp spetsialiseerunud esmaklassilistele seadmetele, mis on loodud kauakestvaks rahuloluks.<\/p>\n<p data-start=\"617\" data-end=\"670\">Ostes veebilehel <strong data-start=\"634\" data-end=\"651\">Vapebulkp.com<\/strong>, on teil j\u00e4rgmised eelised:<\/p>\n<ul data-start=\"672\" data-end=\"1191\">\n<li data-start=\"672\" data-end=\"743\">\n<p data-start=\"674\" data-end=\"743\">\u2705 <strong data-start=\"676\" data-end=\"705\">Originaalsed AIRFUZE tooted<\/strong> \u2013 100% autentsed ja tehases suletud<\/p>\n<\/li>\n<li data-start=\"744\" data-end=\"842\">\n<p data-start=\"746\" data-end=\"842\">\u2705 <strong data-start=\"748\" data-end=\"788\">Parimad e-sigarettide hulgim\u00fc\u00fcgihinnad Euroopas<\/strong> \u2013 Hulgihinnad jaem\u00fc\u00fcjatele ja p\u00fcsikasutajatele<\/p>\n<\/li>\n<li data-start=\"843\" data-end=\"929\">\n<p data-start=\"845\" data-end=\"929\">\u2705 <strong data-start=\"847\" data-end=\"867\">Kiire kohaletoimetamine Eestisse<\/strong> \u2013 Kiire kohaletoimetamine Saksamaale, Itaaliale, Prantsusmaale, Hispaaniale ja mujale<\/p>\n<\/li>\n<li data-start=\"930\" data-end=\"1020\">\n<p data-start=\"932\" data-end=\"1020\">\u2705 <strong data-start=\"934\" data-end=\"967\">Suure v\u00f5imsusega e-sigarettide valik<\/strong> \u2013 Juurdep\u00e4\u00e4s uusimatele 20000+ pahviga e-sigarettidele \u00fches kohas<\/p>\n<\/li>\n<li data-start=\"1021\" data-end=\"1102\">\n<p data-start=\"1023\" data-end=\"1102\">\u2705 <strong data-start=\"1025\" data-end=\"1049\">Turvalised veebitellimused<\/strong> \u2013 Lihtne ostuprotsess professionaalse klienditoega<\/p>\n<\/li>\n<li data-start=\"1103\" data-end=\"1191\">\n<p data-start=\"1105\" data-end=\"1191\">\u2705 <strong data-start=\"1107\" data-end=\"1134\">E-sigareti t\u00f6\u00f6stuse teadmised<\/strong> \u2013 Teenindades e-sigarettide edasim\u00fc\u00fcjaid ja entusiastidele kogu Euroopas<\/p>\n<\/li>\n<\/ul>\n<\/div>\n<\/div>\n<\/div>\n<\/div>\n<h2>AIRFUZE Addon 40k pahviga peamised spetsifikatsioonid:<\/h2>\n<ul>\n<li data-start=\"127\" data-end=\"250\">\n<p data-start=\"129\" data-end=\"250\"><strong data-start=\"129\" data-end=\"151\">Massiivne pahvide arv<\/strong><br data-start=\"151\" data-end=\"154\" \/>Pakub kuni 40 000 pahvi tava-re\u017eiimis ja 20 000 pahvi Boost-re\u017eiimis pikemaks nautimiseks<\/p>\n<\/li>\n<li data-start=\"252\" data-end=\"393\">\n<p data-start=\"254\" data-end=\"393\"><strong data-start=\"254\" data-end=\"274\">Kahe paagi s\u00fcsteem<\/strong><br data-start=\"274\" data-end=\"277\" \/>Sisaldab 18 ml primaarset paaki ja 6 ml sekundaarset paaki, mille vedeliku kogumaht on 24 ml pikaajaliseks kasutamiseks<\/p>\n<\/li>\n<li data-start=\"395\" data-end=\"526\">\n<p data-start=\"397\" data-end=\"526\"><strong data-start=\"397\" data-end=\"426\">Reguleeritav maitsekontroll<\/strong><br data-start=\"426\" data-end=\"429\" \/>Vaheta v\u00e4rskendava j\u00e4\u00e4sensatsiooni v\u00f5i julge hapu n\u00fcansi vahel vastavalt oma eelistustele<\/p>\n<\/li>\n<li data-start=\"528\" data-end=\"627\">\n<p data-start=\"530\" data-end=\"627\"><strong data-start=\"530\" data-end=\"551\">Nikotiini tugevus<\/strong><br data-start=\"551\" data-end=\"554\" \/>Sisaldab 5% (50 mg) nikotiinisoola, mis tagab sujuva ja rahuldava kurgutunnetuse<\/p>\n<\/li>\n<li data-start=\"629\" data-end=\"744\">\n<p data-start=\"631\" data-end=\"744\"><strong data-start=\"631\" data-end=\"651\">V\u00f5imas aku<\/strong><br data-start=\"651\" data-end=\"654\" \/>Varustatud 850 mAh laetava akuga, mis toetab pikaajalist ja \u00fchtlast j\u00f5udlust<\/p>\n<\/li>\n<li data-start=\"746\" data-end=\"863\">\n<p data-start=\"748\" data-end=\"863\"><strong data-start=\"748\" data-end=\"776\">Salajane lisatarvik<\/strong><br data-start=\"776\" data-end=\"779\" \/>Kaasas on 1 kolmest \u00fcllatustarvikust, mis lisab kohandamisv\u00f5imalusi ja kasutuskogemust<\/p>\n<\/li>\n<\/ul>\n<h2><strong>AIRFUZE Addon 40000 Puffs \u00fchekordsed veibid maitsete nimekiri<\/strong><\/h2>\n<p>1. Marjad Viinamari<br \/>\n2. Sinine Razz J\u00e4\u00e4<br \/>\n3. Mustika Kaera S\u00f5\u00f5rik<br \/>\n4. Kirsi Sidruni Limonaad<br \/>\n5. K\u00fclmutatud Fcuking Fab<br \/>\n6. Mango Virsiku J\u00e4\u00e4<br \/>\n7. Miami Piparm\u00fcnt<br \/>\n8. Hapukas Sinine Roosa Limonaad<br \/>\n9. Hapukas Arbuusi J\u00e4\u00e4<br \/>\n10. Kevad J\u00e4\u00e4<br \/>\n11. Maasika Kiwi Arbuus<br \/>\n12. Maasika Banaan<br \/>\n13. Valge Kummikommi<br \/>\n14. Talvine Piparm\u00fcnt<\/p>\n<p><span style=\"vertical-align: inherit\">Leia rohkem tooteid, mis sulle meeldida v\u00f5iksid:<\/span><em><a href=\"https:\/\/wa.me\/8618077105796\"><span style=\"vertical-align: inherit\">\u00a0Osta kohe<\/span><\/a><\/em><\/p>\n<p><span style=\"vertical-align: inherit\">Teised e-sigaretid, mis sulle meeldida v\u00f5ivad:<\/span><a href=\"https:\/\/vapebulkp.com\/et\/product\/vozol-vista-40000-puffs-vape-wholesale-best-price\/\"><span style=\"vertical-align: inherit\">Vozol Vista 40000 Puhang<\/span><\/a><span style=\"vertical-align: inherit\">\u3001<\/span><a href=\"https:\/\/vapebulkp.com\/et\/product\/bang-blaze-60000-puffs-4-in1-disposable-vape-for-wholesale-price\/\"><span style=\"vertical-align: inherit\">Bang Blaze 60000 mahvi<\/span><\/a><span style=\"vertical-align: inherit\">\/<\/span><a href=\"https:\/\/vapebulkp.com\/et\/product\/vapme-digital-30000-puffs-disposable-vape-with-smart-screen\/\"><span style=\"vertical-align: inherit\">\u00a0Vapme Digital 30000 t\u00f5mmet <\/span><\/a><span style=\"vertical-align: inherit\">\/<\/span><a href=\"https:\/\/vapebulkp.com\/et\/product\/vozol-rave-40000-puffs-hot-sale-nicotine-salt-disposable-vaporizer\/\"><span style=\"vertical-align: inherit\"> Vozol Vape Rave 40000 Mahvi<\/span><\/a><\/p>\n<h2>KKK kuumalt m\u00fc\u00fcdava AIRFUZE Addon 40000 mahvi kohta<\/h2>\n<p data-start=\"310\" data-end=\"559\"><strong data-start=\"310\" data-end=\"377\">K1. Mitu mahvi pakub AIRFUZE Addon \u00fchekordselt kasutatav vape?<\/strong><br data-start=\"377\" data-end=\"380\" \/>AIRFUZE Addon pakub kuni <strong data-start=\"413\" data-end=\"443\">40000 mahvi tavaolekus<\/strong> ja <strong data-start=\"448\" data-end=\"477\">20000 mahvi v\u00f5imsas olekus<\/strong>, muutes selle \u00fcheks k\u00f5ige v\u00f5imsamaks <strong data-start=\"514\" data-end=\"544\">suure pahviga \u00fchekordseks veibiks<\/strong> turul.<\/p>\n<p data-start=\"561\" data-end=\"791\"><strong data-start=\"561\" data-end=\"623\">K2. Mis on AIRFUZE Addon 40K e-vedeliku maht?<\/strong><br data-start=\"623\" data-end=\"626\" \/>Sellel on <strong data-start=\"640\" data-end=\"660\">kahe paagiga s\u00fcsteem<\/strong> kokku <strong data-start=\"674\" data-end=\"700\">24 ml e-vedeliku mahutavusega<\/strong> (18 ml primaarne + 6 ml sekundaarne paak), mis v\u00f5imaldab pikemat kasutamist ilma sagedase t\u00e4itmiseta.<\/p>\n<p data-start=\"793\" data-end=\"1024\"><strong data-start=\"793\" data-end=\"839\">K3. Kas AIRFUZE Addon veip on laetav?<\/strong><br data-start=\"839\" data-end=\"842\" \/>Jah, see sisaldab <strong data-start=\"862\" data-end=\"893\">850mAh laetav aku<\/strong>, pakkudes kasutajatele pikemat eluiga v\u00f5rreldes standardsete <strong data-start=\"947\" data-end=\"991\">mittelaetavate \u00fchekordsete e-sigarettidega<\/strong>. See kasutab Type-C laadimisporti.<\/p>\n<p data-start=\"1256\" data-end=\"1470\"><strong data-start=\"1256\" data-end=\"1308\">K4. Kas ma saan AIRFUZE Addoni maitset reguleerida?<\/strong><br data-start=\"1308\" data-end=\"1311\" \/>Jah. Veibil on <strong data-start=\"1334\" data-end=\"1367\">reguleeritavad hapu- ja j\u00e4\u00e4re\u017eiimid<\/strong>, mis v\u00f5imaldavad teil kohandada oma veipimiskogemust oma maitse j\u00e4rgi \u2013 jahe ja v\u00e4rskendav v\u00f5i v\u00fcrtsikas ja julge.<\/p>\n<h3>Saatmisinfo:<\/h3>\n<p><span style=\"color: #ff6600\">Tootmisaeg: 5-10 t\u00f6\u00f6p\u00e4eva<\/span><br \/>\n<span style=\"color: #ff6600\">Saatmisaeg: 8-14 t\u00f6\u00f6p\u00e4eva<\/span><\/p>\n<p>K\u00f5ik meie poe tooted on 100% originaalsed ja autentsed, seega on v\u00f5ltsitud kaupade eest k\u00fcmnekordne h\u00fcvitis meie poe poliitika. Kasutame kaupade teile tarnimiseks logistikakanaleid nagu UPS\/DHL\/FEDEX\/DPD.<\/p>\n<p>Eestisse saadetud pakkide kohalej\u00f5udmine v\u00f5tab tavaliselt aega 10 t\u00f6\u00f6p\u00e4eva. Euroopa riikidesse saatmine v\u00f5tab tavaliselt aega 12 kuni 15 t\u00f6\u00f6p\u00e4eva. Uuendame logistikainfot teie jaoks reaalajas.<\/p>","protected":false},"excerpt":{"rendered":"<h2>AIRFUZE Addon 40000 Puffs parimad m\u00fc\u00fcgiveibid Eestis<\/h2>\n<p>Soodushinna saamiseks v\u00f5tke \u00fchendust Mandy WhatsAppiga<a href=\"https:\/\/wa.me\/8618077105796\">+8618077105796<\/a><\/p>\n<p><img decoding=\"async\" class=\"alignnone wp-image-2151\" src=\"http:\/\/vapebulkp.com\/wp-content\/uploads\/2024\/04\/Mandy-WhatsApp-Randm.jpg\" alt=\"Mandy WhatsAppi tutvustus\" width=\"297\" height=\"316\" srcset=\"https:\/\/vapebulkp.com\/wp-content\/uploads\/2024\/04\/Mandy-WhatsApp-Randm.jpg 916w, https:\/\/vapebulkp.com\/wp-content\/uploads\/2024\/04\/Mandy-WhatsApp-Randm-282x300.jpg 282w, https:\/\/vapebulkp.com\/wp-content\/uploads\/2024\/04\/Mandy-WhatsApp-Randm-768x817.jpg 768w, https:\/\/vapebulkp.com\/wp-content\/uploads\/2024\/04\/Mandy-WhatsApp-Randm-600x638.jpg 600w\" sizes=\"(max-width: 297px) 100vw, 297px\" \/><\/p>\n<p><span style=\"color: #ff0000\">M\u00c4RKUS: Meie veebisaidi hinnad ei sisalda saatmiskulusid<\/span><\/p>\n<p>&nbsp;<\/p>","protected":false},"featured_media":3812,"comment_status":"open","ping_status":"closed","template":"","meta":{"_uag_custom_page_level_css":"","_lmt_disableupdate":"no","_lmt_disable":"","site-sidebar-layout":"default","site-content-layout":"content-boxed-container","ast-site-content-layout":"normal-width-container","site-content-style":"boxed","site-sidebar-style":"unboxed","ast-global-header-display":"","ast-banner-title-visibility":"","ast-main-header-display":"","ast-hfb-above-header-display":"","ast-hfb-below-header-display":"","ast-hfb-mobile-header-display":"","site-post-title":"","ast-breadcrumbs-content":"","ast-featured-img":"","footer-sml-layout":"","theme-transparent-header-meta":"default","adv-header-id-meta":"","stick-header-meta":"","header-above-stick-meta":"","header-main-stick-meta":"","header-below-stick-meta":"","astra-migrate-meta-layouts":"set","_joinchat":[]},"product_cat":[182,153,155,33,59,100,87,34,158,157,154,152,58,84,156,63,32],"product_tag":[253,36,37,41,40],"class_list":["post-3816","product","type-product","status-publish","has-post-thumbnail","hentry","product_cat-40000-puffs-disposable-vape","product_cat-hot-disposable-vapes","product_cat-belgium-hot-disposable-vapes","product_cat-france-vape-hot-sale","product_cat-germany-hot-disposable-vape","product_cat-germany-wholesale-vape-shop","product_cat-minimum-order-quantity-50pcs","product_cat-netherlands-vape-good-sale","product_cat-norway-hot-disposable-vapes","product_cat-poland-hot-disposable-vapes","product_cat-portugal-hot-disposable-vapes","product_cat-spain-hot-disposable-vapes","product_cat-sweden-hot-disposable-vape","product_cat-sweden-wholesale-vape","product_cat-switzerland-hot-disposable-vapes","product_cat-top-sale-disposable-vape","product_cat-vape-hot-sale-this-week","product_tag-airfuze-addon-40000-puffs","product_tag-good-vape","product_tag-hot-sale-disposable-vape","product_tag-poland-hot-vape","product_tag-sweden-hot-vape","desktop-align-left","tablet-align-left","mobile-align-left"],"yoast_head":"<!-- This site is optimized with the Yoast SEO plugin v21.1 - https:\/\/yoast.com\/wordpress\/plugins\/seo\/ -->\n<title>AIRFUZE Addon 40000 Puffs High Capacity Vape Device - vapebulkp.com<\/title>\n<meta name=\"description\" content=\"Shop AIRFUZE Addon 40000 Puffs Disposable Vape with dual-tank design, 5% nicotine, mesh coil, and 850mAh rechargeable battery. Available now at Vapebulkp for fast delivery.\" \/>\n<meta name=\"robots\" content=\"index, follow, max-snippet:-1, max-image-preview:large, max-video-preview:-1\" \/>\n<link rel=\"canonical\" href=\"https:\/\/vapebulkp.com\/et\/product\/airfuze-addon-40000-puffs-high-capacity-vape-device\/\" \/>\n<meta property=\"og:locale\" content=\"et_EE\" \/>\n<meta property=\"og:type\" content=\"article\" \/>\n<meta property=\"og:title\" content=\"AIRFUZE Addon 40000 Puffs High Capacity Vape Device - vapebulkp.com\" \/>\n<meta property=\"og:description\" content=\"Shop AIRFUZE Addon 40000 Puffs Disposable Vape with dual-tank design, 5% nicotine, mesh coil, and 850mAh rechargeable battery. Available now at Vapebulkp for fast delivery.\" \/>\n<meta property=\"og:url\" content=\"https:\/\/vapebulkp.com\/et\/product\/airfuze-addon-40000-puffs-high-capacity-vape-device\/\" \/>\n<meta property=\"og:site_name\" content=\"vapebulkp.com\" \/>\n<meta property=\"article:modified_time\" content=\"2025-09-04T07:10:10+00:00\" \/>\n<meta property=\"og:image\" content=\"http:\/\/vapebulkp.com\/wp-content\/uploads\/2025\/06\/AIRFUZE-Addon-40K-Puff-Vape-Pen-High-Capacity-Disposable-with-Smooth-Flavors.webp\" \/>\n\t<meta property=\"og:image:width\" content=\"800\" \/>\n\t<meta property=\"og:image:height\" content=\"800\" \/>\n\t<meta property=\"og:image:type\" content=\"image\/webp\" \/>\n<meta name=\"twitter:card\" content=\"summary_large_image\" \/>\n<meta name=\"twitter:label1\" content=\"Est. reading time\" \/>\n\t<meta name=\"twitter:data1\" content=\"4 minutit\" \/>\n<script type=\"application\/ld+json\" class=\"yoast-schema-graph\">{\"@context\":\"https:\/\/schema.org\",\"@graph\":[{\"@type\":\"WebPage\",\"@id\":\"https:\/\/vapebulkp.com\/product\/airfuze-addon-40000-puffs-high-capacity-vape-device\/\",\"url\":\"https:\/\/vapebulkp.com\/product\/airfuze-addon-40000-puffs-high-capacity-vape-device\/\",\"name\":\"AIRFUZE Addon 40000 Puffs High Capacity Vape Device - vapebulkp.com\",\"isPartOf\":{\"@id\":\"https:\/\/vapebulkp.com\/#website\"},\"datePublished\":\"2025-06-05T09:00:10+00:00\",\"dateModified\":\"2025-09-04T07:10:10+00:00\",\"description\":\"Shop AIRFUZE Addon 40000 Puffs Disposable Vape with dual-tank design, 5% nicotine, mesh coil, and 850mAh rechargeable battery. Available now at Vapebulkp for fast delivery.\",\"breadcrumb\":{\"@id\":\"https:\/\/vapebulkp.com\/product\/airfuze-addon-40000-puffs-high-capacity-vape-device\/#breadcrumb\"},\"inLanguage\":\"et\",\"potentialAction\":[{\"@type\":\"ReadAction\",\"target\":[\"https:\/\/vapebulkp.com\/product\/airfuze-addon-40000-puffs-high-capacity-vape-device\/\"]}]},{\"@type\":\"BreadcrumbList\",\"@id\":\"https:\/\/vapebulkp.com\/product\/airfuze-addon-40000-puffs-high-capacity-vape-device\/#breadcrumb\",\"itemListElement\":[{\"@type\":\"ListItem\",\"position\":1,\"name\":\"Home\",\"item\":\"https:\/\/vapebulkp.com\/\"},{\"@type\":\"ListItem\",\"position\":2,\"name\":\"Hot Trend Vapes\",\"item\":\"https:\/\/vapebulkp.com\/vape-shop\/\"},{\"@type\":\"ListItem\",\"position\":3,\"name\":\"AIRFUZE Addon 40000 Puffs High Capacity Vape Device\"}]},{\"@type\":\"WebSite\",\"@id\":\"https:\/\/vapebulkp.com\/#website\",\"url\":\"https:\/\/vapebulkp.com\/\",\"name\":\"vapebulkp.com\",\"description\":\"Buy Vape In Cheap Bulk Price Near you\",\"publisher\":{\"@id\":\"https:\/\/vapebulkp.com\/#organization\"},\"potentialAction\":[{\"@type\":\"SearchAction\",\"target\":{\"@type\":\"EntryPoint\",\"urlTemplate\":\"https:\/\/vapebulkp.com\/?s={search_term_string}\"},\"query-input\":\"required name=search_term_string\"}],\"inLanguage\":\"et\"},{\"@type\":\"Organization\",\"@id\":\"https:\/\/vapebulkp.com\/#organization\",\"name\":\"vapebulkp.com\",\"url\":\"https:\/\/vapebulkp.com\/\",\"logo\":{\"@type\":\"ImageObject\",\"inLanguage\":\"et\",\"@id\":\"https:\/\/vapebulkp.com\/#\/schema\/logo\/image\/\",\"url\":\"https:\/\/vapebulkp.com\/wp-content\/uploads\/2023\/09\/cropped-vapebulkp.png\",\"contentUrl\":\"https:\/\/vapebulkp.com\/wp-content\/uploads\/2023\/09\/cropped-vapebulkp.png\",\"width\":516,\"height\":163,\"caption\":\"vapebulkp.com\"},\"image\":{\"@id\":\"https:\/\/vapebulkp.com\/#\/schema\/logo\/image\/\"}}]}<\/script>\n<!-- \/ Yoast SEO plugin. -->","yoast_head_json":{"title":"AIRFUZE Addon 40000 Puffs High Capacity Vape Device - vapebulkp.com","description":"Shop AIRFUZE Addon 40000 Puffs Disposable Vape with dual-tank design, 5% nicotine, mesh coil, and 850mAh rechargeable battery. Available now at Vapebulkp for fast delivery.","robots":{"index":"index","follow":"follow","max-snippet":"max-snippet:-1","max-image-preview":"max-image-preview:large","max-video-preview":"max-video-preview:-1"},"canonical":"https:\/\/vapebulkp.com\/et\/product\/airfuze-addon-40000-puffs-high-capacity-vape-device\/","og_locale":"et_EE","og_type":"article","og_title":"AIRFUZE Addon 40000 Puffs High Capacity Vape Device - vapebulkp.com","og_description":"Shop AIRFUZE Addon 40000 Puffs Disposable Vape with dual-tank design, 5% nicotine, mesh coil, and 850mAh rechargeable battery. Available now at Vapebulkp for fast delivery.","og_url":"https:\/\/vapebulkp.com\/et\/product\/airfuze-addon-40000-puffs-high-capacity-vape-device\/","og_site_name":"vapebulkp.com","article_modified_time":"2025-09-04T07:10:10+00:00","og_image":[{"width":800,"height":800,"url":"http:\/\/vapebulkp.com\/wp-content\/uploads\/2025\/06\/AIRFUZE-Addon-40K-Puff-Vape-Pen-High-Capacity-Disposable-with-Smooth-Flavors.webp","type":"image\/webp"}],"twitter_card":"summary_large_image","twitter_misc":{"Est. reading time":"4 minutit"},"schema":{"@context":"https:\/\/schema.org","@graph":[{"@type":"WebPage","@id":"https:\/\/vapebulkp.com\/product\/airfuze-addon-40000-puffs-high-capacity-vape-device\/","url":"https:\/\/vapebulkp.com\/product\/airfuze-addon-40000-puffs-high-capacity-vape-device\/","name":"AIRFUZE Addon 40000 Puffs High Capacity Vape Device - vapebulkp.com","isPartOf":{"@id":"https:\/\/vapebulkp.com\/#website"},"datePublished":"2025-06-05T09:00:10+00:00","dateModified":"2025-09-04T07:10:10+00:00","description":"Shop AIRFUZE Addon 40000 Puffs Disposable Vape with dual-tank design, 5% nicotine, mesh coil, and 850mAh rechargeable battery. Available now at Vapebulkp for fast delivery.","breadcrumb":{"@id":"https:\/\/vapebulkp.com\/product\/airfuze-addon-40000-puffs-high-capacity-vape-device\/#breadcrumb"},"inLanguage":"et","potentialAction":[{"@type":"ReadAction","target":["https:\/\/vapebulkp.com\/product\/airfuze-addon-40000-puffs-high-capacity-vape-device\/"]}]},{"@type":"BreadcrumbList","@id":"https:\/\/vapebulkp.com\/product\/airfuze-addon-40000-puffs-high-capacity-vape-device\/#breadcrumb","itemListElement":[{"@type":"ListItem","position":1,"name":"Home","item":"https:\/\/vapebulkp.com\/"},{"@type":"ListItem","position":2,"name":"Hot Trend Vapes","item":"https:\/\/vapebulkp.com\/vape-shop\/"},{"@type":"ListItem","position":3,"name":"AIRFUZE Addon 40000 Puffs High Capacity Vape Device"}]},{"@type":"WebSite","@id":"https:\/\/vapebulkp.com\/#website","url":"https:\/\/vapebulkp.com\/","name":"vapebulkp.com","description":"Buy Vape In Cheap Bulk Price Near you","publisher":{"@id":"https:\/\/vapebulkp.com\/#organization"},"potentialAction":[{"@type":"SearchAction","target":{"@type":"EntryPoint","urlTemplate":"https:\/\/vapebulkp.com\/?s={search_term_string}"},"query-input":"required name=search_term_string"}],"inLanguage":"et"},{"@type":"Organization","@id":"https:\/\/vapebulkp.com\/#organization","name":"vapebulkp.com","url":"https:\/\/vapebulkp.com\/","logo":{"@type":"ImageObject","inLanguage":"et","@id":"https:\/\/vapebulkp.com\/#\/schema\/logo\/image\/","url":"https:\/\/vapebulkp.com\/wp-content\/uploads\/2023\/09\/cropped-vapebulkp.png","contentUrl":"https:\/\/vapebulkp.com\/wp-content\/uploads\/2023\/09\/cropped-vapebulkp.png","width":516,"height":163,"caption":"vapebulkp.com"},"image":{"@id":"https:\/\/vapebulkp.com\/#\/schema\/logo\/image\/"}}]}},"uagb_featured_image_src":{"full":["https:\/\/vapebulkp.com\/wp-content\/uploads\/2025\/06\/AIRFUZE-Addon-40K-Puff-Vape-Pen-High-Capacity-Disposable-with-Smooth-Flavors.webp",800,800,false],"thumbnail":["https:\/\/vapebulkp.com\/wp-content\/uploads\/2025\/06\/AIRFUZE-Addon-40K-Puff-Vape-Pen-High-Capacity-Disposable-with-Smooth-Flavors-150x150.webp",150,150,true],"medium":["https:\/\/vapebulkp.com\/wp-content\/uploads\/2025\/06\/AIRFUZE-Addon-40K-Puff-Vape-Pen-High-Capacity-Disposable-with-Smooth-Flavors-300x300.webp",300,300,true],"medium_large":["https:\/\/vapebulkp.com\/wp-content\/uploads\/2025\/06\/AIRFUZE-Addon-40K-Puff-Vape-Pen-High-Capacity-Disposable-with-Smooth-Flavors-768x768.webp",768,768,true],"large":["https:\/\/vapebulkp.com\/wp-content\/uploads\/2025\/06\/AIRFUZE-Addon-40K-Puff-Vape-Pen-High-Capacity-Disposable-with-Smooth-Flavors.webp",800,800,false],"1536x1536":["https:\/\/vapebulkp.com\/wp-content\/uploads\/2025\/06\/AIRFUZE-Addon-40K-Puff-Vape-Pen-High-Capacity-Disposable-with-Smooth-Flavors.webp",800,800,false],"2048x2048":["https:\/\/vapebulkp.com\/wp-content\/uploads\/2025\/06\/AIRFUZE-Addon-40K-Puff-Vape-Pen-High-Capacity-Disposable-with-Smooth-Flavors.webp",800,800,false],"trp-custom-language-flag":["https:\/\/vapebulkp.com\/wp-content\/uploads\/2025\/06\/AIRFUZE-Addon-40K-Puff-Vape-Pen-High-Capacity-Disposable-with-Smooth-Flavors.webp",12,12,false],"woocommerce_thumbnail":["https:\/\/vapebulkp.com\/wp-content\/uploads\/2025\/06\/AIRFUZE-Addon-40K-Puff-Vape-Pen-High-Capacity-Disposable-with-Smooth-Flavors-300x300.webp",300,300,true],"woocommerce_single":["https:\/\/vapebulkp.com\/wp-content\/uploads\/2025\/06\/AIRFUZE-Addon-40K-Puff-Vape-Pen-High-Capacity-Disposable-with-Smooth-Flavors-600x600.webp",600,600,true],"woocommerce_gallery_thumbnail":["https:\/\/vapebulkp.com\/wp-content\/uploads\/2025\/06\/AIRFUZE-Addon-40K-Puff-Vape-Pen-High-Capacity-Disposable-with-Smooth-Flavors-100x100.webp",100,100,true],"wcpr-photo-reviews":["https:\/\/vapebulkp.com\/wp-content\/uploads\/2025\/06\/AIRFUZE-Addon-40K-Puff-Vape-Pen-High-Capacity-Disposable-with-Smooth-Flavors.webp",500,500,false]},"uagb_author_info":{"display_name":"Mandy vape bulk price","author_link":"https:\/\/vapebulkp.com\/et\/author\/"},"uagb_comment_info":0,"uagb_excerpt":"AIRFUZE Addon 40000 Puffs Top Sale Vapes In Europe Pls Contact Mandy's WhatsApp For Discount Price+8618077105796 NOTE: Prices on our website does not include shipping costs &nbsp;","_links":{"self":[{"href":"https:\/\/vapebulkp.com\/et\/wp-json\/wp\/v2\/product\/3816","targetHints":{"allow":["GET"]}}],"collection":[{"href":"https:\/\/vapebulkp.com\/et\/wp-json\/wp\/v2\/product"}],"about":[{"href":"https:\/\/vapebulkp.com\/et\/wp-json\/wp\/v2\/types\/product"}],"replies":[{"embeddable":true,"href":"https:\/\/vapebulkp.com\/et\/wp-json\/wp\/v2\/comments?post=3816"}],"wp:featuredmedia":[{"embeddable":true,"href":"https:\/\/vapebulkp.com\/et\/wp-json\/wp\/v2\/media\/3812"}],"wp:attachment":[{"href":"https:\/\/vapebulkp.com\/et\/wp-json\/wp\/v2\/media?parent=3816"}],"wp:term":[{"taxonomy":"product_cat","embeddable":true,"href":"https:\/\/vapebulkp.com\/et\/wp-json\/wp\/v2\/product_cat?post=3816"},{"taxonomy":"product_tag","embeddable":true,"href":"https:\/\/vapebulkp.com\/et\/wp-json\/wp\/v2\/product_tag?post=3816"}],"curies":[{"name":"wp","href":"https:\/\/api.w.org\/{rel}","templated":true}]}}