{"id":3831,"date":"2025-06-11T05:45:24","date_gmt":"2025-06-11T03:45:24","guid":{"rendered":"https:\/\/vapebulkp.com\/?post_type=product&#038;p=3831"},"modified":"2025-09-24T05:49:52","modified_gmt":"2025-09-24T03:49:52","slug":"fizzy-max-60000-puffs-6-in-1-high-capacity-vaping-device","status":"publish","type":"product","link":"https:\/\/vapebulkp.com\/et\/product\/fizzy-max-60000-puffs-6-in-1-high-capacity-vaping-device\/","title":{"rendered":"Fizzy Max 60000 PUFFI 6 \u00dcHES suure mahutavusega vape seade"},"content":{"rendered":"<h2 style=\"text-align: left\">Fizzy Max III 60000 PUFFI 6 IN 1 suure mahutavusega aurustusseade<\/h2>\n<p data-start=\"142\" data-end=\"417\">Veip <strong data-start=\"146\" data-end=\"191\">Fizzy Max III 60000 Puffs Vape m\u00fc\u00fck\u00a0<\/strong> on m\u00f5eldud Euroopa aurustamishuvilistele, kes otsivad <strong data-start=\"244\" data-end=\"279\">suure mahutavusega taaslaetavaid vape<\/strong> j\u00f5udlust ja esmaklassilist maitset. 850mAh aku ja kiire Type-C laadimisega pakub see pikaajalisi seansse minimaalse seisakuajaga.<\/p>\n<p data-start=\"419\" data-end=\"741\">Selle 60 ml e-vedeliku paak mahutab kuni <a href=\"https:\/\/vapebulkp.com\/et\/product-category\/60000-puffs-disposable-vape\/\"><strong data-start=\"457\" data-end=\"488\">60000 t\u00f5mmet \u00fchekordne veip<\/strong><\/a>, tagades sujuva ja \u00fchtlase auru kogu ulatuses. Ehitatud t\u00e4iustatud <strong data-start=\"559\" data-end=\"588\">v\u00f5rgusilma m\u00e4hisega vape'iga<\/strong> tehnoloogiaga, iga pahv on pakitud rikkaliku maitse ja tihedate pilvedega. Valige 2% ja 5% vahel <strong data-start=\"682\" data-end=\"704\">nikotiinisoola vape<\/strong> valikud kohandatud kogemuse saamiseks.<\/p>\n<p data-start=\"743\" data-end=\"1029\">Ergonoomiliselt kujundatud ja kaasaskantav, see <strong data-start=\"785\" data-end=\"817\">kauakestvaid \u00fchekordseid vapesid<\/strong> \u00fchendab mugavuse, stiili ja v\u00f5imsuse \u00fches seadmes. Ideaalne suurtele kasutajatele, maitse tagaajajatele v\u00f5i hulgim\u00fc\u00fcjatele, Fizzy Max III pakub esmaklassilist ja probleemivaba aurustamislahendust hulgim\u00fc\u00fcgiks<\/p>\n<h6>Soodushinna saamiseks v\u00f5tke \u00fchendust Mandy WhatsAppiga<a href=\"https:\/\/wa.me\/8618077105796\">+8618077105796<\/a><\/h6>\n<p><img decoding=\"async\" class=\"alignnone wp-image-2151\" src=\"http:\/\/vapebulkp.com\/wp-content\/uploads\/2024\/04\/Mandy-WhatsApp-Randm.jpg\" alt=\"Mandy WhatsAppi tutvustus\" width=\"324\" height=\"330\" \/><\/p>\n<div class=\"flex max-w-full flex-col flex-grow\">\n<div class=\"min-h-8 text-message flex w-full flex-col items-end gap-2 whitespace-normal break-words text-start [.text-message+&amp;]:mt-5\" dir=\"auto\" data-message-author-role=\"assistant\" data-message-id=\"d24cf626-c018-4805-80f5-44de047f2ba0\" data-message-model-slug=\"gpt-4o\">\n<div class=\"flex w-full flex-col gap-1 empty:hidden first:pt-[3px]\">\n<div class=\"markdown prose w-full break-words dark:prose-invert light\">\n<h2>Miks osta Fizzy Max 60000 puffs suuri vape aadressil <a href=\"https:\/\/vapebulkp.com\/et\/vape-shop\/\">Vapebulkp.com<\/a>?<\/h2>\n<p data-start=\"266\" data-end=\"579\">At <strong data-start=\"247\" data-end=\"264\">Vapebulkp.com<\/strong>, pakume <strong data-start=\"279\" data-end=\"330\">autentne Fizzy Max 60000 PUFFI \u00fchekordselt kasutatav vape<\/strong> v\u00f5itmatu hulgim\u00fc\u00fcgihinnaga. Usaldusv\u00e4\u00e4rse vape-edasim\u00fc\u00fcjana garanteerime <strong data-start=\"407\" data-end=\"432\">100% ehtsad tooted<\/strong>, kiire kohaletoimetamine ja suurep\u00e4rane klienditeenindus. Iga seadmega on kaasas <strong data-start=\"506\" data-end=\"551\">suure mahutavusega 850mAh taaslaetav aku<\/strong>, <strong data-start=\"553\" data-end=\"574\">premium v\u00f5rkspiraal<\/strong>, ja massiivne <strong data-start=\"590\" data-end=\"612\">60ml e-vedeliku paak<\/strong>, pakkudes pikaajalist rahulolu iga mahviga. Olenemata sellest, kas varute isiklikuks kasutamiseks v\u00f5i jaem\u00fc\u00fcgiks, tagab Vapebulkp.com parima v\u00e4\u00e4rtuse, hulgi allahindlused ja uusimad mudelid. Ostke julgelt turvalise kassaga ja reaalajas laoseisu uuendustega.<\/p>\n<\/div>\n<\/div>\n<\/div>\n<\/div>\n<h2>Fizzy Max III 60k mahvi \u00fchekordselt kasutatava vape peamised spetsifikatsioonid:<\/h2>\n<p><strong data-start=\"248\" data-end=\"257\">Mahvi<\/strong>: 60000 mahvi \u2013 \u00fclik\u00f5rge mahutavus pikaajaliseks veipimise rahuloluks<br data-start=\"329\" data-end=\"332\" \/><strong data-start=\"332\" data-end=\"342\">Disain<\/strong>: 6-in-1 kompaktne modulaarne disain \u2013 uuenduslik ja ruumis\u00e4\u00e4stlik<br data-start=\"406\" data-end=\"409\" \/><strong data-start=\"409\" data-end=\"422\">Spiraali t\u00fc\u00fcp<\/strong>: T\u00e4iustatud v\u00f5rkspiraal \u2013 tagab sujuvamad mahvid ja rikkalikumad maitseelamused<br data-start=\"496\" data-end=\"499\" \/><strong data-start=\"499\" data-end=\"520\" data-is-only-node=\"\">E-vedeliku maht<\/strong>: 60 ml esmaklassilist e-vedelikku \u2013 \u00fchtlane ja t\u00e4idlane maitse<br data-start=\"587\" data-end=\"590\" \/><strong data-start=\"590\" data-end=\"610\">Aku mahtuvus<\/strong>: Sisseehitatud 850mAh suure j\u00f5udlusega aku \u2013 laetav Type-C kaudu<br data-start=\"678\" data-end=\"681\" \/><strong data-start=\"681\" data-end=\"702\">Nikotiini tugevus<\/strong>: Saadaval 2% ja 5% \u2013 sobib nii tavalistele kui ka kogenud veipijatele<br data-start=\"769\" data-end=\"772\" \/><strong data-start=\"772\" data-end=\"789\">Laadimisport<\/strong>: Type-C kiirlaadimine \u2013 kiire ja usaldusv\u00e4\u00e4rne toiteedastus<br data-start=\"847\" data-end=\"850\" \/><strong data-start=\"850\" data-end=\"861\">Ekraan<\/strong>: Nutikas LED-ekraan \u2013 aku ja e-vedeliku taseme reaalajas j\u00e4lgimine<\/p>\n<h2><strong>Fizzy Max III 60000 MAHVI maitsete loend<\/strong><\/h2>\n<p>1: Maasika arbuus<br \/>\n2: Mustika j\u00e4\u00e4<br \/>\n3: Arbuusi j\u00e4\u00e4<br \/>\n4: Maasika draakonivili<br \/>\n5: Maasika vaarikas<br \/>\n6: Maasika-viinamari<br \/>\n7: Mustika-vaarikas<br \/>\n8: Marjasegu<br \/>\n9: Maasika-kiivi<br \/>\n10: Sinine vaarikaj\u00e4\u00e4<\/p>\n<p><span style=\"vertical-align: inherit\">Leia rohkem tooteid, mis sulle meeldida v\u00f5iksid:<\/span><em><a href=\"https:\/\/wa.me\/8618077105796\"><span style=\"vertical-align: inherit\">\u00a0Osta kohe<\/span><\/a><\/em><\/p>\n<p><span style=\"vertical-align: inherit\">Teised e-sigaretid, mis sulle meeldida v\u00f5ivad:<\/span><a href=\"https:\/\/vapebulkp.com\/et\/product\/wholesale-price-bang-kingdoms-rex-32000-puffs-vape-pod\/\"><span style=\"vertical-align: inherit\">Bang Kingdoms 32000 Puhvi<\/span><\/a><span style=\"vertical-align: inherit\">\u3001<\/span><a href=\"https:\/\/vapebulkp.com\/et\/product\/bang-blaze-60000-puffs-4-in1-disposable-vape-for-wholesale-price\/\"><span style=\"vertical-align: inherit\">Bang Blaze 60000 mahvi<\/span><\/a><span style=\"vertical-align: inherit\">\/ <\/span><a href=\"https:\/\/vapebulkp.com\/et\/product\/waspe-3in1-60000-puffs-disposable-vape-high-capacity\/\"><span style=\"vertical-align: inherit\">WASPE 3 \u00fches 60000 mahvi<\/span><\/a><span style=\"vertical-align: inherit\">\/ <\/span><a href=\"https:\/\/vapebulkp.com\/et\/product\/waspe-vape-40000-puff-fihp-double-flavour-disposable-vape\/\"><span style=\"vertical-align: inherit\">WASPE 40000 Puhvi<\/span><\/a><\/p>\n<p>&nbsp;<\/p>\n<h2>KKK Fizzy Max 60000 MAHVI 6 \u00fches v\u00f5rkspiraaliga vape kohta<\/h2>\n<p data-start=\"237\" data-end=\"567\"><strong data-start=\"237\" data-end=\"297\">1. Mis on Fizzy Max 60000 mahvi 6 \u00fches vape seade?<\/strong><br data-start=\"297\" data-end=\"300\" \/>Fizzy Max 60000 mahvi on suure mahutavusega <strong data-start=\"345\" data-end=\"371\">\u00fchekordselt kasutatav vape seade<\/strong> millel on 6-\u00fches disain. See \u00fchendab endas v\u00f5imsa j\u00f5udluse ja mugavuse, pakkudes kuni <strong data-start=\"467\" data-end=\"483\">60 000 mahvi<\/strong> l\u00e4bi esmaklassilise <strong data-start=\"500\" data-end=\"524\">v\u00f5rgusilma spiraaltehnoloogiaga<\/strong> ja massiivse <strong data-start=\"539\" data-end=\"556\">60 ml e-vedeliku<\/strong> mahuti.<\/p>\n<p data-start=\"569\" data-end=\"795\"><strong data-start=\"569\" data-end=\"623\">2. Kas Fizzy Max 60000 mahvi vapes on laetav?<\/strong><br data-start=\"623\" data-end=\"626\" \/>Jah, seade on <strong data-start=\"645\" data-end=\"688\">laetav C-t\u00fc\u00fcpi laadimispesa kaudu<\/strong>. Sellel on <strong data-start=\"707\" data-end=\"734\">850mAh sisseehitatud aku<\/strong> , mis toetab kiiret ja t\u00f5husat laadimist pikaajaliseks kasutamiseks.<\/p>\n<p data-start=\"797\" data-end=\"994\"><strong data-start=\"797\" data-end=\"844\">3. Mitu nikotiinivalikut on saadaval Fizzy Vape 60000 mahvi jaoks?<\/strong><br data-start=\"844\" data-end=\"847\" \/>Fizzy Max 60000 Vape on saadaval <strong data-start=\"888\" data-end=\"920\">2% ja 5% nikotiini tugevusega<\/strong>, v\u00f5imaldades kasutajatel valida endale sobiva nikotiinisisalduse.<\/p>\n<p data-start=\"996\" data-end=\"1248\"><strong data-start=\"996\" data-end=\"1059\">4. Milliseid maitseid on saadaval Fizzy Max 6 in 1 Vape'is?<\/strong><br data-start=\"1059\" data-end=\"1062\" \/>6-\u00fches s\u00fcsteem sisaldab tavaliselt <strong data-start=\"1099\" data-end=\"1132\">kuut eelnevalt t\u00e4idetud maitsevalikut<\/strong> \u00fches seadmes, pakkudes erinevaid maitseelamusi. Maitsete saadavus v\u00f5ib varieeruda s\u00f5ltuvalt laoseisust ja piirkonnast.<\/p>\n<h3>Saatmisinfo:<\/h3>\n<p><span style=\"color: #ff6600\">Tootmisaeg: 5-10 t\u00f6\u00f6p\u00e4eva<\/span><br \/>\n<span style=\"color: #ff6600\">Saatmisaeg: 8-14 t\u00f6\u00f6p\u00e4eva<\/span><\/p>\n<p>K\u00f5ik meie poe tooted on 100% originaalsed ja autentsed, seega on v\u00f5ltsitud kaupade eest k\u00fcmnekordne h\u00fcvitis meie poe poliitika. Kasutame kaupade teile tarnimiseks logistikakanaleid nagu UPS\/DHL\/FEDEX\/DPD.<\/p>\n<p>Eestisse saadetud pakkide kohalej\u00f5udmine v\u00f5tab tavaliselt aega 10 t\u00f6\u00f6p\u00e4eva. Euroopa riikidesse saatmine v\u00f5tab tavaliselt aega 12 kuni 15 t\u00f6\u00f6p\u00e4eva. Uuendame logistikainfot teie jaoks reaalajas.<\/p>","protected":false},"excerpt":{"rendered":"<p>Pikaajaline rahulolu Fizzy Max 60000 Puffs \u00fchekordselt kasutatava aurustiga. \u00dclisuur mahutavus, lai valik maitseid \u2013 ei laadimist, ei t\u00e4itmist, lihtsalt t\u00f5mba ja naudi!<\/p>\n<p>Soodushinna saamiseks v\u00f5tke \u00fchendust Mandy WhatsAppiga<a href=\"https:\/\/wa.me\/8618077105796\">+8618077105796<\/a><\/p>\n<p><img decoding=\"async\" class=\"alignnone wp-image-2151\" src=\"http:\/\/vapebulkp.com\/wp-content\/uploads\/2024\/04\/Mandy-WhatsApp-Randm.jpg\" alt=\"Mandy WhatsAppi tutvustus\" width=\"297\" height=\"316\" srcset=\"https:\/\/vapebulkp.com\/wp-content\/uploads\/2024\/04\/Mandy-WhatsApp-Randm.jpg 916w, https:\/\/vapebulkp.com\/wp-content\/uploads\/2024\/04\/Mandy-WhatsApp-Randm-282x300.jpg 282w, https:\/\/vapebulkp.com\/wp-content\/uploads\/2024\/04\/Mandy-WhatsApp-Randm-768x817.jpg 768w, https:\/\/vapebulkp.com\/wp-content\/uploads\/2024\/04\/Mandy-WhatsApp-Randm-600x638.jpg 600w\" sizes=\"(max-width: 297px) 100vw, 297px\" \/><\/p>\n<p><span style=\"color: #ff0000\">M\u00c4RKUS: Meie veebisaidi hinnad ei sisalda saatmiskulusid<\/span><\/p>\n<p>&nbsp;<\/p>","protected":false},"featured_media":3830,"comment_status":"open","ping_status":"closed","template":"","meta":{"_uag_custom_page_level_css":"","_lmt_disableupdate":"no","_lmt_disable":"","site-sidebar-layout":"default","site-content-layout":"content-boxed-container","ast-site-content-layout":"normal-width-container","site-content-style":"boxed","site-sidebar-style":"unboxed","ast-global-header-display":"","ast-banner-title-visibility":"","ast-main-header-display":"","ast-hfb-above-header-display":"","ast-hfb-below-header-display":"","ast-hfb-mobile-header-display":"","site-post-title":"","ast-breadcrumbs-content":"","ast-featured-img":"","footer-sml-layout":"","theme-transparent-header-meta":"default","adv-header-id-meta":"","stick-header-meta":"","header-above-stick-meta":"","header-main-stick-meta":"","header-below-stick-meta":"","astra-migrate-meta-layouts":"set","_joinchat":[]},"product_cat":[234,153,155,351,33,59,100,87,34,158,157,154,152,58,84,156,63,32],"product_tag":[254,36,37,41,286],"class_list":["post-3831","product","type-product","status-publish","has-post-thumbnail","hentry","product_cat-60000-puffs-disposable-vape","product_cat-hot-disposable-vapes","product_cat-belgium-hot-disposable-vapes","product_cat-fizzy-vape","product_cat-france-vape-hot-sale","product_cat-germany-hot-disposable-vape","product_cat-germany-wholesale-vape-shop","product_cat-minimum-order-quantity-50pcs","product_cat-netherlands-vape-good-sale","product_cat-norway-hot-disposable-vapes","product_cat-poland-hot-disposable-vapes","product_cat-portugal-hot-disposable-vapes","product_cat-spain-hot-disposable-vapes","product_cat-sweden-hot-disposable-vape","product_cat-sweden-wholesale-vape","product_cat-switzerland-hot-disposable-vapes","product_cat-top-sale-disposable-vape","product_cat-vape-hot-sale-this-week","product_tag-fizzy-max-60000-puffs","product_tag-good-vape","product_tag-hot-sale-disposable-vape","product_tag-poland-hot-vape","product_tag-puffs-stock-in-europe","pa_brand-fizzy-vape","desktop-align-left","tablet-align-left","mobile-align-left"],"yoast_head":"<!-- This site is optimized with the Yoast SEO plugin v21.1 - https:\/\/yoast.com\/wordpress\/plugins\/seo\/ -->\n<title>Fizzy Max 60000 PUFFS 6 IN 1 High Capacity Vaping Device - vapebulkp.com<\/title>\n<meta name=\"description\" content=\"Buy Fizzy Max 60000 Puffs 6 in 1 Disposable Vape at Vapebulkp.com. Premium flavor, LED display, rechargeable battery, and high-capacity design in one device.\" \/>\n<meta name=\"robots\" content=\"index, follow, max-snippet:-1, max-image-preview:large, max-video-preview:-1\" \/>\n<link rel=\"canonical\" href=\"https:\/\/vapebulkp.com\/et\/product\/fizzy-max-60000-puffs-6-in-1-high-capacity-vaping-device\/\" \/>\n<meta property=\"og:locale\" content=\"et_EE\" \/>\n<meta property=\"og:type\" content=\"article\" \/>\n<meta property=\"og:title\" content=\"Fizzy Max 60000 PUFFS 6 IN 1 High Capacity Vaping Device - vapebulkp.com\" \/>\n<meta property=\"og:description\" content=\"Buy Fizzy Max 60000 Puffs 6 in 1 Disposable Vape at Vapebulkp.com. Premium flavor, LED display, rechargeable battery, and high-capacity design in one device.\" \/>\n<meta property=\"og:url\" content=\"https:\/\/vapebulkp.com\/et\/product\/fizzy-max-60000-puffs-6-in-1-high-capacity-vaping-device\/\" \/>\n<meta property=\"og:site_name\" content=\"vapebulkp.com\" \/>\n<meta property=\"article:modified_time\" content=\"2025-09-24T03:49:52+00:00\" \/>\n<meta property=\"og:image\" content=\"http:\/\/vapebulkp.com\/wp-content\/uploads\/2025\/06\/Long-Lasting-Fizzy-Max-III-Vape-60000-Puff-Disposable-Vape-Pen.webp\" \/>\n\t<meta property=\"og:image:width\" content=\"800\" \/>\n\t<meta property=\"og:image:height\" content=\"800\" \/>\n\t<meta property=\"og:image:type\" content=\"image\/webp\" \/>\n<meta name=\"twitter:card\" content=\"summary_large_image\" \/>\n<meta name=\"twitter:label1\" content=\"Est. reading time\" \/>\n\t<meta name=\"twitter:data1\" content=\"4 minutit\" \/>\n<script type=\"application\/ld+json\" class=\"yoast-schema-graph\">{\"@context\":\"https:\/\/schema.org\",\"@graph\":[{\"@type\":\"WebPage\",\"@id\":\"https:\/\/vapebulkp.com\/product\/fizzy-max-60000-puffs-6-in-1-high-capacity-vaping-device\/\",\"url\":\"https:\/\/vapebulkp.com\/product\/fizzy-max-60000-puffs-6-in-1-high-capacity-vaping-device\/\",\"name\":\"Fizzy Max 60000 PUFFS 6 IN 1 High Capacity Vaping Device - vapebulkp.com\",\"isPartOf\":{\"@id\":\"https:\/\/vapebulkp.com\/#website\"},\"datePublished\":\"2025-06-11T03:45:24+00:00\",\"dateModified\":\"2025-09-24T03:49:52+00:00\",\"description\":\"Buy Fizzy Max 60000 Puffs 6 in 1 Disposable Vape at Vapebulkp.com. Premium flavor, LED display, rechargeable battery, and high-capacity design in one device.\",\"breadcrumb\":{\"@id\":\"https:\/\/vapebulkp.com\/product\/fizzy-max-60000-puffs-6-in-1-high-capacity-vaping-device\/#breadcrumb\"},\"inLanguage\":\"et\",\"potentialAction\":[{\"@type\":\"ReadAction\",\"target\":[\"https:\/\/vapebulkp.com\/product\/fizzy-max-60000-puffs-6-in-1-high-capacity-vaping-device\/\"]}]},{\"@type\":\"BreadcrumbList\",\"@id\":\"https:\/\/vapebulkp.com\/product\/fizzy-max-60000-puffs-6-in-1-high-capacity-vaping-device\/#breadcrumb\",\"itemListElement\":[{\"@type\":\"ListItem\",\"position\":1,\"name\":\"Home\",\"item\":\"https:\/\/vapebulkp.com\/\"},{\"@type\":\"ListItem\",\"position\":2,\"name\":\"Hot Trend Vapes\",\"item\":\"https:\/\/vapebulkp.com\/vape-shop\/\"},{\"@type\":\"ListItem\",\"position\":3,\"name\":\"Fizzy Max 60000 PUFFS 6 IN 1 High Capacity Vaping Device\"}]},{\"@type\":\"WebSite\",\"@id\":\"https:\/\/vapebulkp.com\/#website\",\"url\":\"https:\/\/vapebulkp.com\/\",\"name\":\"vapebulkp.com\",\"description\":\"Buy Vape In Cheap Bulk Price Near you\",\"publisher\":{\"@id\":\"https:\/\/vapebulkp.com\/#organization\"},\"potentialAction\":[{\"@type\":\"SearchAction\",\"target\":{\"@type\":\"EntryPoint\",\"urlTemplate\":\"https:\/\/vapebulkp.com\/?s={search_term_string}\"},\"query-input\":\"required name=search_term_string\"}],\"inLanguage\":\"et\"},{\"@type\":\"Organization\",\"@id\":\"https:\/\/vapebulkp.com\/#organization\",\"name\":\"vapebulkp.com\",\"url\":\"https:\/\/vapebulkp.com\/\",\"logo\":{\"@type\":\"ImageObject\",\"inLanguage\":\"et\",\"@id\":\"https:\/\/vapebulkp.com\/#\/schema\/logo\/image\/\",\"url\":\"https:\/\/vapebulkp.com\/wp-content\/uploads\/2023\/09\/cropped-vapebulkp.png\",\"contentUrl\":\"https:\/\/vapebulkp.com\/wp-content\/uploads\/2023\/09\/cropped-vapebulkp.png\",\"width\":516,\"height\":163,\"caption\":\"vapebulkp.com\"},\"image\":{\"@id\":\"https:\/\/vapebulkp.com\/#\/schema\/logo\/image\/\"}}]}<\/script>\n<!-- \/ Yoast SEO plugin. -->","yoast_head_json":{"title":"Fizzy Max 60000 PUFFS 6 IN 1 High Capacity Vaping Device - vapebulkp.com","description":"Buy Fizzy Max 60000 Puffs 6 in 1 Disposable Vape at Vapebulkp.com. Premium flavor, LED display, rechargeable battery, and high-capacity design in one device.","robots":{"index":"index","follow":"follow","max-snippet":"max-snippet:-1","max-image-preview":"max-image-preview:large","max-video-preview":"max-video-preview:-1"},"canonical":"https:\/\/vapebulkp.com\/et\/product\/fizzy-max-60000-puffs-6-in-1-high-capacity-vaping-device\/","og_locale":"et_EE","og_type":"article","og_title":"Fizzy Max 60000 PUFFS 6 IN 1 High Capacity Vaping Device - vapebulkp.com","og_description":"Buy Fizzy Max 60000 Puffs 6 in 1 Disposable Vape at Vapebulkp.com. Premium flavor, LED display, rechargeable battery, and high-capacity design in one device.","og_url":"https:\/\/vapebulkp.com\/et\/product\/fizzy-max-60000-puffs-6-in-1-high-capacity-vaping-device\/","og_site_name":"vapebulkp.com","article_modified_time":"2025-09-24T03:49:52+00:00","og_image":[{"width":800,"height":800,"url":"http:\/\/vapebulkp.com\/wp-content\/uploads\/2025\/06\/Long-Lasting-Fizzy-Max-III-Vape-60000-Puff-Disposable-Vape-Pen.webp","type":"image\/webp"}],"twitter_card":"summary_large_image","twitter_misc":{"Est. reading time":"4 minutit"},"schema":{"@context":"https:\/\/schema.org","@graph":[{"@type":"WebPage","@id":"https:\/\/vapebulkp.com\/product\/fizzy-max-60000-puffs-6-in-1-high-capacity-vaping-device\/","url":"https:\/\/vapebulkp.com\/product\/fizzy-max-60000-puffs-6-in-1-high-capacity-vaping-device\/","name":"Fizzy Max 60000 PUFFS 6 IN 1 High Capacity Vaping Device - vapebulkp.com","isPartOf":{"@id":"https:\/\/vapebulkp.com\/#website"},"datePublished":"2025-06-11T03:45:24+00:00","dateModified":"2025-09-24T03:49:52+00:00","description":"Buy Fizzy Max 60000 Puffs 6 in 1 Disposable Vape at Vapebulkp.com. Premium flavor, LED display, rechargeable battery, and high-capacity design in one device.","breadcrumb":{"@id":"https:\/\/vapebulkp.com\/product\/fizzy-max-60000-puffs-6-in-1-high-capacity-vaping-device\/#breadcrumb"},"inLanguage":"et","potentialAction":[{"@type":"ReadAction","target":["https:\/\/vapebulkp.com\/product\/fizzy-max-60000-puffs-6-in-1-high-capacity-vaping-device\/"]}]},{"@type":"BreadcrumbList","@id":"https:\/\/vapebulkp.com\/product\/fizzy-max-60000-puffs-6-in-1-high-capacity-vaping-device\/#breadcrumb","itemListElement":[{"@type":"ListItem","position":1,"name":"Home","item":"https:\/\/vapebulkp.com\/"},{"@type":"ListItem","position":2,"name":"Hot Trend Vapes","item":"https:\/\/vapebulkp.com\/vape-shop\/"},{"@type":"ListItem","position":3,"name":"Fizzy Max 60000 PUFFS 6 IN 1 High Capacity Vaping Device"}]},{"@type":"WebSite","@id":"https:\/\/vapebulkp.com\/#website","url":"https:\/\/vapebulkp.com\/","name":"vapebulkp.com","description":"Buy Vape In Cheap Bulk Price Near you","publisher":{"@id":"https:\/\/vapebulkp.com\/#organization"},"potentialAction":[{"@type":"SearchAction","target":{"@type":"EntryPoint","urlTemplate":"https:\/\/vapebulkp.com\/?s={search_term_string}"},"query-input":"required name=search_term_string"}],"inLanguage":"et"},{"@type":"Organization","@id":"https:\/\/vapebulkp.com\/#organization","name":"vapebulkp.com","url":"https:\/\/vapebulkp.com\/","logo":{"@type":"ImageObject","inLanguage":"et","@id":"https:\/\/vapebulkp.com\/#\/schema\/logo\/image\/","url":"https:\/\/vapebulkp.com\/wp-content\/uploads\/2023\/09\/cropped-vapebulkp.png","contentUrl":"https:\/\/vapebulkp.com\/wp-content\/uploads\/2023\/09\/cropped-vapebulkp.png","width":516,"height":163,"caption":"vapebulkp.com"},"image":{"@id":"https:\/\/vapebulkp.com\/#\/schema\/logo\/image\/"}}]}},"uagb_featured_image_src":{"full":["https:\/\/vapebulkp.com\/wp-content\/uploads\/2025\/06\/Long-Lasting-Fizzy-Max-III-Vape-60000-Puff-Disposable-Vape-Pen.webp",800,800,false],"thumbnail":["https:\/\/vapebulkp.com\/wp-content\/uploads\/2025\/06\/Long-Lasting-Fizzy-Max-III-Vape-60000-Puff-Disposable-Vape-Pen-150x150.webp",150,150,true],"medium":["https:\/\/vapebulkp.com\/wp-content\/uploads\/2025\/06\/Long-Lasting-Fizzy-Max-III-Vape-60000-Puff-Disposable-Vape-Pen-300x300.webp",300,300,true],"medium_large":["https:\/\/vapebulkp.com\/wp-content\/uploads\/2025\/06\/Long-Lasting-Fizzy-Max-III-Vape-60000-Puff-Disposable-Vape-Pen-768x768.webp",768,768,true],"large":["https:\/\/vapebulkp.com\/wp-content\/uploads\/2025\/06\/Long-Lasting-Fizzy-Max-III-Vape-60000-Puff-Disposable-Vape-Pen.webp",800,800,false],"1536x1536":["https:\/\/vapebulkp.com\/wp-content\/uploads\/2025\/06\/Long-Lasting-Fizzy-Max-III-Vape-60000-Puff-Disposable-Vape-Pen.webp",800,800,false],"2048x2048":["https:\/\/vapebulkp.com\/wp-content\/uploads\/2025\/06\/Long-Lasting-Fizzy-Max-III-Vape-60000-Puff-Disposable-Vape-Pen.webp",800,800,false],"trp-custom-language-flag":["https:\/\/vapebulkp.com\/wp-content\/uploads\/2025\/06\/Long-Lasting-Fizzy-Max-III-Vape-60000-Puff-Disposable-Vape-Pen.webp",12,12,false],"woocommerce_thumbnail":["https:\/\/vapebulkp.com\/wp-content\/uploads\/2025\/06\/Long-Lasting-Fizzy-Max-III-Vape-60000-Puff-Disposable-Vape-Pen-300x300.webp",300,300,true],"woocommerce_single":["https:\/\/vapebulkp.com\/wp-content\/uploads\/2025\/06\/Long-Lasting-Fizzy-Max-III-Vape-60000-Puff-Disposable-Vape-Pen-600x600.webp",600,600,true],"woocommerce_gallery_thumbnail":["https:\/\/vapebulkp.com\/wp-content\/uploads\/2025\/06\/Long-Lasting-Fizzy-Max-III-Vape-60000-Puff-Disposable-Vape-Pen-100x100.webp",100,100,true],"wcpr-photo-reviews":["https:\/\/vapebulkp.com\/wp-content\/uploads\/2025\/06\/Long-Lasting-Fizzy-Max-III-Vape-60000-Puff-Disposable-Vape-Pen.webp",500,500,false]},"uagb_author_info":{"display_name":"Mandy vape bulk price","author_link":"https:\/\/vapebulkp.com\/et\/author\/"},"uagb_comment_info":0,"uagb_excerpt":"Long-lasting satisfaction with the Fizzy Max 60000 Puffs disposable vape. Ultra-high capacity, wide variety of flavors\u2014no charging, no refilling, just puff and enjoy! Pls Contact Mandy's WhatsApp For Discount Price+8618077105796 NOTE: Prices on our website does not include shipping costs &nbsp;","_links":{"self":[{"href":"https:\/\/vapebulkp.com\/et\/wp-json\/wp\/v2\/product\/3831","targetHints":{"allow":["GET"]}}],"collection":[{"href":"https:\/\/vapebulkp.com\/et\/wp-json\/wp\/v2\/product"}],"about":[{"href":"https:\/\/vapebulkp.com\/et\/wp-json\/wp\/v2\/types\/product"}],"replies":[{"embeddable":true,"href":"https:\/\/vapebulkp.com\/et\/wp-json\/wp\/v2\/comments?post=3831"}],"wp:featuredmedia":[{"embeddable":true,"href":"https:\/\/vapebulkp.com\/et\/wp-json\/wp\/v2\/media\/3830"}],"wp:attachment":[{"href":"https:\/\/vapebulkp.com\/et\/wp-json\/wp\/v2\/media?parent=3831"}],"wp:term":[{"taxonomy":"product_cat","embeddable":true,"href":"https:\/\/vapebulkp.com\/et\/wp-json\/wp\/v2\/product_cat?post=3831"},{"taxonomy":"product_tag","embeddable":true,"href":"https:\/\/vapebulkp.com\/et\/wp-json\/wp\/v2\/product_tag?post=3831"}],"curies":[{"name":"wp","href":"https:\/\/api.w.org\/{rel}","templated":true}]}}