{"id":3850,"date":"2025-06-14T11:08:05","date_gmt":"2025-06-14T09:08:05","guid":{"rendered":"https:\/\/vapebulkp.com\/?post_type=product&#038;p=3850"},"modified":"2025-09-24T05:57:47","modified_gmt":"2025-09-24T03:57:47","slug":"fizzy-twins-50000-puffs-high-puff-count-vape-kits-bulk-price","status":"publish","type":"product","link":"https:\/\/vapebulkp.com\/et\/toode\/fizzy-twins-50000-puffs-high-puff-count-vape-kits-bulk-price\/","title":{"rendered":"Fizzy Twins 50000 pahvi suure pahvikogusega veipikomplektid, hulgihind"},"content":{"rendered":"<h2 style=\"text-align: left\">Fizzy Twins 50000 pahvi suure pahvikogusega veipikomplektid, hulgihind<\/h2>\n<p>Fizzy Twins <a href=\"https:\/\/vapebulkp.com\/et\/tootekategooria\/50000-puffs-disposable-vape\/\"><strong>50000 t\u00f5mmet \u00fchekordne veip<\/strong><\/a> on parim valik veipijatele, kes otsivad pikaajalist j\u00f5udlust ja v\u00f5rratut maitsevalikut. See uuenduslik e-sigaret on disainitud kahe maitse vahetuss\u00fcsteemiga, mis v\u00f5imaldab sul nautida kahte erinevat e-vedeliku maitset \u00fches seadmes. See on murranguline lahendus k\u00f5igile, kes soovivad maitseid lennult vahetada ilma mitut veipi kaasas kandmata.<\/p>\n<p>Ehitatud v\u00f5imsusele ja vastupidavusele, on see taaslaetav veip varustatud 850mAh akuga ja C-t\u00fc\u00fcpi kiirlaadimisega, mis tagab \u00fchtlase j\u00f5udluse ja minimaalse seisakuaja. T\u00e4iustatud v\u00f5rguspooli tehnoloogia tagab sujuva aurutootmise ja rikkaliku maitseelamuse kogu seadme ulatusliku eluea jooksul.<\/p>\n<p>Massiivse 50 ml e-vedeliku mahutavuse ja 50 000 pahviga pakub Fizzy Twins uskumatu v\u00e4\u00e4rtust. Nutikas LED-ekraan annab sulle teavet aku t\u00f6\u00f6ea, pahvi re\u017eiimi ja e-vedeliku oleku kohta, andes sulle t\u00e4ieliku kontrolli. Samuti on sellel reguleeritav \u00f5huvool ja kahekordne veipimise re\u017eiim, et saaksid oma kogemust t\u00e4ielikult kohandada. Olenemata sellest, kas oled maitsejahtija v\u00f5i pilvearmastaja, Fizzy Twins 50000 pakub mugavust, v\u00f5imsust ja rahulolu igal sissehingamisel.<\/p>\n<h6>Soodushinna saamiseks v\u00f5tke \u00fchendust Mandy WhatsAppiga<a href=\"https:\/\/wa.me\/8618077105796\">+8618077105796<\/a><\/h6>\n<p><img decoding=\"async\" class=\"alignnone wp-image-2151\" src=\"http:\/\/vapebulkp.com\/wp-content\/uploads\/2024\/04\/Mandy-WhatsApp-Randm.jpg\" alt=\"Mandy WhatsAppi tutvustus\" width=\"324\" height=\"330\" \/><\/p>\n<div class=\"flex max-w-full flex-col flex-grow\">\n<div class=\"min-h-8 text-message flex w-full flex-col items-end gap-2 whitespace-normal break-words text-start [.text-message+&amp;]:mt-5\" dir=\"auto\" data-message-author-role=\"assistant\" data-message-id=\"d24cf626-c018-4805-80f5-44de047f2ba0\" data-message-model-slug=\"gpt-4o\">\n<div class=\"flex w-full flex-col gap-1 empty:hidden first:pt-[3px]\">\n<div class=\"markdown prose w-full break-words dark:prose-invert light\">\n<h2>Miks osta Fizzy Twins 50000 Puffs <a href=\"https:\/\/vapebulkp.com\/et\/vape-shop\/\">Vapebulkp.com<\/a>?<\/h2>\n<p data-start=\"266\" data-end=\"579\">Vapebulkp.com'is paistab Fizzy Twins 50000 Puffs \u00fchekordselt kasutatav veip silma kui suure j\u00f5udlusega ja mitmek\u00fclgne veipimislahendus, mis pakub kuni 50 000 pahvi kahe maitsega \u00fches elegantses seadmes. Naudi k\u00f5rgendatud veipimiskogemust t\u00e4iustatud v\u00f5rguspooli tehnoloogiaga sujuvaks ja \u00fchtlaseks aurutootmiseks, lisaks 850mAh taaslaetavat akut C-t\u00fc\u00fcpi kiirlaadimisega, kahe \u00f5huvoolu juhtimist ja kohandatavaid re\u017eiimiseadeid. Nutika LED-ekraani ja helde 50 ml e-vedeliku mahutavusega, mis on saadaval nii 2% kui ka 5% nikotiinisisaldusega, \u00fchendab see seade innovatsiooni ja mugavuse \u00fches paketis, muutes selle parimaks valikuks veipijatele, kes otsivad pikaajalist j\u00f5udlust ja erakordset v\u00e4\u00e4rtust \u2013 k\u00f5ik saadaval ainult Vapebulkp.com'is.<\/p>\n<\/div>\n<\/div>\n<\/div>\n<\/div>\n<h2>Fizzy Twins 50000 Puffs \u00fchekordselt kasutatava veibi p\u00f5hispecifikatsioonid:<\/h2>\n<ul>\n<li data-start=\"127\" data-end=\"160\">\n<p data-start=\"129\" data-end=\"160\"><strong data-start=\"129\" data-end=\"138\">Mahvi<\/strong>: Kuni 50 000 pahvi<\/p>\n<\/li>\n<li data-start=\"161\" data-end=\"220\">\n<p data-start=\"163\" data-end=\"220\"><strong data-start=\"163\" data-end=\"180\">Maitse s\u00fcsteem<\/strong>: Kaks maitset \u00fches seadmes (vahetatav)<\/p>\n<\/li>\n<li data-start=\"221\" data-end=\"285\">\n<p data-start=\"223\" data-end=\"285\"><strong data-start=\"223\" data-end=\"236\">Spiraali t\u00fc\u00fcp<\/strong>: T\u00e4iustatud v\u00f5rguspool sujuva ja tiheda auru jaoks<\/p>\n<\/li>\n<li data-start=\"286\" data-end=\"349\">\n<p data-start=\"288\" data-end=\"349\"><strong data-start=\"288\" data-end=\"305\">Re\u017eiimi seaded<\/strong>: 2 veipimisre\u017eiimi kohandatud kogemuse jaoks<\/p>\n<\/li>\n<li data-start=\"350\" data-end=\"406\">\n<p data-start=\"352\" data-end=\"406\"><strong data-start=\"352\" data-end=\"371\">\u00d5huvoolu reguleerimine<\/strong>: Kahekordsed reguleeritavad \u00f5huvoolu valikud<\/p>\n<\/li>\n<li data-start=\"407\" data-end=\"472\">\n<p data-start=\"409\" data-end=\"472\"><strong data-start=\"409\" data-end=\"430\">E-vedeliku maht<\/strong>: 50 ml eelt\u00e4idetud nikotiinisoola e-vedelik<\/p>\n<\/li>\n<li data-start=\"473\" data-end=\"529\">\n<p data-start=\"475\" data-end=\"529\"><strong data-start=\"475\" data-end=\"496\">Nikotiini tugevus<\/strong>: 2% \/ 5% (s\u00f5ltuvalt piirkonnast)<\/p>\n<\/li>\n<li data-start=\"530\" data-end=\"591\">\n<p data-start=\"532\" data-end=\"591\"><strong data-start=\"532\" data-end=\"552\">Aku mahtuvus<\/strong>: 850mAh taaslaetav C-t\u00fc\u00fcpi pordi kaudu<\/p>\n<\/li>\n<li data-start=\"592\" data-end=\"635\">\n<p data-start=\"594\" data-end=\"635\"><strong data-start=\"594\" data-end=\"611\">Laadimisport<\/strong>: C-t\u00fc\u00fcpi kiirlaadimine<\/p>\n<\/li>\n<li data-start=\"636\" data-end=\"703\">\n<p data-start=\"638\" data-end=\"703\"><strong data-start=\"638\" data-end=\"649\">Ekraan<\/strong>: LED-ekraan aku ja e-vedeliku jaoks<\/p>\n<\/li>\n<\/ul>\n<h2><strong>Fizzy Twins 50000 Puffs 2 \u00fches vape'i maitsed<\/strong><\/h2>\n<p>1. arbuusi j\u00e4\u00e4<br \/>\n2. maasika-kiivi-granaat\u00f5un<br \/>\n3. mustika-kookos<br \/>\n4. sinise vaarika limonaad<br \/>\n5. maasika-arbuus<br \/>\n6. virsiku-mango-arbuus<br \/>\n7. vaarika-arbuus<br \/>\n8. ananassi-virsiku-passionivilja<br \/>\n9. arbuusi j\u00e4\u00e4<br \/>\n10. marjasegu<br \/>\n11. maasika j\u00e4\u00e4<br \/>\n12. vaarika limonaad<\/p>\n<p><a href=\"https:\/\/vapebulkp.com\/et\/toode\/uwin-twins-crystal-40000-puffs-long-lasting-disposable-vape\/\"><span style=\"vertical-align: inherit\">UWIN Twin Crystal 40000 t\u00f5mmet <\/span><\/a><\/p>\n<p><span style=\"vertical-align: inherit\">Leia rohkem tooteid, mis sulle meeldida v\u00f5iksid:<\/span><em><a href=\"https:\/\/wa.me\/8618077105796\"><span style=\"vertical-align: inherit\">\u00a0Osta kohe<\/span><\/a><\/em><\/p>\n<p><span style=\"vertical-align: inherit\">Teised e-sigaretid, mis sulle meeldida v\u00f5ivad:<\/span><a href=\"https:\/\/vapebulkp.com\/et\/toode\/wholesale-price-bang-kingdoms-rex-32000-puffs-vape-pod\/\"><span style=\"vertical-align: inherit\">Bang Kingdoms 32000 Puhvi<\/span><\/a><span style=\"vertical-align: inherit\">\u3001<\/span><a href=\"https:\/\/vapebulkp.com\/et\/toode\/bang-blaze-60000-puffs-4-in1-disposable-vape-for-wholesale-price\/\"><span style=\"vertical-align: inherit\">Bang Blaze 60000 mahvi<\/span><\/a><span style=\"vertical-align: inherit\">\/ <\/span><a href=\"https:\/\/vapebulkp.com\/et\/toode\/waspe-3in1-60000-puffs-disposable-vape-high-capacity\/\"><span style=\"vertical-align: inherit\">WASPE 3 \u00fches 60000 mahvi<\/span><\/a><span style=\"vertical-align: inherit\">\/ <\/span><a href=\"https:\/\/vapebulkp.com\/et\/toode\/waspe-vape-40000-puff-fihp-double-flavour-disposable-vape\/\"><span style=\"vertical-align: inherit\">WASPE 40000 Puhvi<\/span><\/a><\/p>\n<p><span style=\"vertical-align: inherit\">Erilise kujuga e-sigareti pudel:<\/span><a href=\"https:\/\/vapebulkp.com\/et\/toode\/waspe-crystal-vape-40000-puffs-disposable-e-cigarette-dual-flavors-wholesale-price\/\"><span style=\"vertical-align: inherit\"> WASPE Crystal 40000 t\u00f5mmet<\/span><\/a><span style=\"vertical-align: inherit\">\/ <\/span><a href=\"https:\/\/vapebulkp.com\/et\/toode\/vapme-digital-30000-puffs-disposable-vape-with-smart-screen\/\"><span style=\"vertical-align: inherit\">\u00a0Vapme Digital 30000 t\u00f5mmet <\/span><\/a><span style=\"vertical-align: inherit\">\/<\/span><a href=\"https:\/\/vapebulkp.com\/et\/toode\/stag-bar-star-15000-puffs-high-capacity-vape-device\/\"><span style=\"vertical-align: inherit\"> Stag bar star 15000 t\u00f5mmet<\/span><\/a><\/p>\n<h2>KKK Fizzy Twins 50000 Puffs vape'i kohta<\/h2>\n<p data-start=\"101\" data-end=\"260\"><strong data-start=\"101\" data-end=\"167\">K: Mitu t\u00f5mmet pakub Fizzy 50000 Puff vape?<\/strong><br data-start=\"167\" data-end=\"170\" \/>A: Fizzy Twins 50000 Puffs vape pakub kuni 50000 mahvi \u00fclipikaajaliseks kasutamiseks.<\/p>\n<p data-start=\"442\" data-end=\"598\"><strong data-start=\"442\" data-end=\"498\">K: Kas Fizzy Twins 50k Puffs vape on laetav?<\/strong><br data-start=\"498\" data-end=\"501\" \/>A: Jah, Fizzy Twins 50000 PUFF vape'il on 850mAh aku ja C-t\u00fc\u00fcpi laadimisport.<\/p>\n<p data-start=\"600\" data-end=\"760\"><strong data-start=\"600\" data-end=\"671\">K: Kui palju e-vedelikku sisaldab Fizzy vape 50k Puffs?<\/strong><br data-start=\"671\" data-end=\"674\" \/>A: Fizzy 50000 Puffs vape on eelt\u00e4idetud 50ml nikotiinisoola e-vedelikuga.<\/p>\n<p data-start=\"762\" data-end=\"932\"><strong data-start=\"762\" data-end=\"841\">K: Millised nikotiinitasemed on Fizzy 50k vape'il saadaval?<\/strong><br data-start=\"841\" data-end=\"844\" \/>A: Fizzy Twins 50k Puffs vape on saadaval 2% ja 5% nikotiinisisaldusega.<\/p>\n<h3>Saatmisinfo:<\/h3>\n<p><span style=\"color: #ff6600\">Tootmisaeg: 5-10 t\u00f6\u00f6p\u00e4eva<\/span><br \/>\n<span style=\"color: #ff6600\">Saatmisaeg: 8-14 t\u00f6\u00f6p\u00e4eva<\/span><\/p>\n<p>K\u00f5ik meie poe tooted on 100% originaalsed ja autentsed, seega on v\u00f5ltsitud kaupade eest k\u00fcmnekordne h\u00fcvitis meie poe poliitika. Kasutame kaupade teile tarnimiseks logistikakanaleid nagu UPS\/DHL\/FEDEX\/DPD.<\/p>\n<p>Eestisse saadetud pakkide kohalej\u00f5udmine v\u00f5tab tavaliselt aega 10 t\u00f6\u00f6p\u00e4eva. Euroopa riikidesse saatmine v\u00f5tab tavaliselt aega 12 kuni 15 t\u00f6\u00f6p\u00e4eva. Uuendame logistikainfot teie jaoks reaalajas.<\/p>","protected":false},"excerpt":{"rendered":"<p>Osta Vapebulkpcomist Fizzy Twins 50000 Puffs veip, millel on kahekordne \u00f5huvoolu re\u017eiim, 850mAh aku, 2% v\u00f5i 5% nikotiinisisaldus ja esmaklassiline aurukvaliteet.<\/p>\n<p>Soodushinna saamiseks v\u00f5tke \u00fchendust Mandy WhatsAppiga<a href=\"https:\/\/wa.me\/8618077105796\">+8618077105796<\/a><\/p>\n<p><img decoding=\"async\" class=\"alignnone wp-image-2151\" src=\"http:\/\/vapebulkp.com\/wp-content\/uploads\/2024\/04\/Mandy-WhatsApp-Randm.jpg\" alt=\"Mandy WhatsAppi tutvustus\" width=\"297\" height=\"316\" srcset=\"https:\/\/vapebulkp.com\/wp-content\/uploads\/2024\/04\/Mandy-WhatsApp-Randm.jpg 916w, https:\/\/vapebulkp.com\/wp-content\/uploads\/2024\/04\/Mandy-WhatsApp-Randm-282x300.jpg 282w, https:\/\/vapebulkp.com\/wp-content\/uploads\/2024\/04\/Mandy-WhatsApp-Randm-768x817.jpg 768w, https:\/\/vapebulkp.com\/wp-content\/uploads\/2024\/04\/Mandy-WhatsApp-Randm-600x638.jpg 600w\" sizes=\"(max-width: 297px) 100vw, 297px\" \/><\/p>\n<p><span style=\"color: #ff0000\">M\u00c4RKUS: Meie veebisaidi hinnad ei sisalda saatmiskulusid<\/span><\/p>\n<p>&nbsp;<\/p>","protected":false},"featured_media":3847,"comment_status":"open","ping_status":"closed","template":"","meta":{"_uag_custom_page_level_css":"","_lmt_disableupdate":"no","_lmt_disable":"","site-sidebar-layout":"default","site-content-layout":"content-boxed-container","ast-site-content-layout":"normal-width-container","site-content-style":"boxed","site-sidebar-style":"unboxed","ast-global-header-display":"","ast-banner-title-visibility":"","ast-main-header-display":"","ast-hfb-above-header-display":"","ast-hfb-below-header-display":"","ast-hfb-mobile-header-display":"","site-post-title":"","ast-breadcrumbs-content":"","ast-featured-img":"","footer-sml-layout":"","theme-transparent-header-meta":"default","adv-header-id-meta":"","stick-header-meta":"","header-above-stick-meta":"","header-main-stick-meta":"","header-below-stick-meta":"","astra-migrate-meta-layouts":"set","_joinchat":[]},"product_cat":[194,153,155,351,33,59,100,87,34,158,157,154,152,58,84,156,63,32],"product_tag":[256,36,37,41,286,40],"class_list":["post-3850","product","type-product","status-publish","has-post-thumbnail","hentry","product_cat-50000-puffs-disposable-vape","product_cat-hot-disposable-vapes","product_cat-belgium-hot-disposable-vapes","product_cat-fizzy-vape","product_cat-france-vape-hot-sale","product_cat-germany-hot-disposable-vape","product_cat-germany-wholesale-vape-shop","product_cat-minimum-order-quantity-50pcs","product_cat-netherlands-vape-good-sale","product_cat-norway-hot-disposable-vapes","product_cat-poland-hot-disposable-vapes","product_cat-portugal-hot-disposable-vapes","product_cat-spain-hot-disposable-vapes","product_cat-sweden-hot-disposable-vape","product_cat-sweden-wholesale-vape","product_cat-switzerland-hot-disposable-vapes","product_cat-top-sale-disposable-vape","product_cat-vape-hot-sale-this-week","product_tag-fizzy-twins-50000-puffs","product_tag-good-vape","product_tag-hot-sale-disposable-vape","product_tag-poland-hot-vape","product_tag-puffs-stock-in-europe","product_tag-sweden-hot-vape","pa_brand-fizzy-vape","desktop-align-left","tablet-align-left","mobile-align-left"],"yoast_head":"<!-- This site is optimized with the Yoast SEO plugin v21.1 - https:\/\/yoast.com\/wordpress\/plugins\/seo\/ -->\n<title>Fizzy Twins 50000 Puffs High Puff Count Vape Kits Bulk Price - vapebulkp.com<\/title>\n<meta name=\"description\" content=\"Shop Fizzy Twins 50000 Puffs Disposable Vape at Vapebulkpcom Enjoy dual flavors mesh coil 850mAh battery adjustable airflow and 50ml capacity\" \/>\n<meta name=\"robots\" content=\"index, follow, max-snippet:-1, max-image-preview:large, max-video-preview:-1\" \/>\n<link rel=\"canonical\" href=\"https:\/\/vapebulkp.com\/et\/toode\/fizzy-twins-50000-puffs-high-puff-count-vape-kits-bulk-price\/\" \/>\n<meta property=\"og:locale\" content=\"et_EE\" \/>\n<meta property=\"og:type\" content=\"article\" \/>\n<meta property=\"og:title\" content=\"Fizzy Twins 50000 Puffs High Puff Count Vape Kits Bulk Price - vapebulkp.com\" \/>\n<meta property=\"og:description\" content=\"Shop Fizzy Twins 50000 Puffs Disposable Vape at Vapebulkpcom Enjoy dual flavors mesh coil 850mAh battery adjustable airflow and 50ml capacity\" \/>\n<meta property=\"og:url\" content=\"https:\/\/vapebulkp.com\/et\/toode\/fizzy-twins-50000-puffs-high-puff-count-vape-kits-bulk-price\/\" \/>\n<meta property=\"og:site_name\" content=\"vapebulkp.com\" \/>\n<meta property=\"article:modified_time\" content=\"2025-09-24T03:57:47+00:00\" \/>\n<meta property=\"og:image\" content=\"http:\/\/vapebulkp.com\/wp-content\/uploads\/2025\/06\/Fizzy-Twins-High-Puff-Count-Vape-50000-Puffs-Disposable-E-Cigarette-for-Sale.webp\" \/>\n\t<meta property=\"og:image:width\" content=\"800\" \/>\n\t<meta property=\"og:image:height\" content=\"800\" \/>\n\t<meta property=\"og:image:type\" content=\"image\/webp\" \/>\n<meta name=\"twitter:card\" content=\"summary_large_image\" \/>\n<meta name=\"twitter:label1\" content=\"Est. reading time\" \/>\n\t<meta name=\"twitter:data1\" content=\"4 minutit\" \/>\n<script type=\"application\/ld+json\" class=\"yoast-schema-graph\">{\"@context\":\"https:\/\/schema.org\",\"@graph\":[{\"@type\":\"WebPage\",\"@id\":\"https:\/\/vapebulkp.com\/product\/fizzy-twins-50000-puffs-high-puff-count-vape-kits-bulk-price\/\",\"url\":\"https:\/\/vapebulkp.com\/product\/fizzy-twins-50000-puffs-high-puff-count-vape-kits-bulk-price\/\",\"name\":\"Fizzy Twins 50000 Puffs High Puff Count Vape Kits Bulk Price - vapebulkp.com\",\"isPartOf\":{\"@id\":\"https:\/\/vapebulkp.com\/#website\"},\"datePublished\":\"2025-06-14T09:08:05+00:00\",\"dateModified\":\"2025-09-24T03:57:47+00:00\",\"description\":\"Shop Fizzy Twins 50000 Puffs Disposable Vape at Vapebulkpcom Enjoy dual flavors mesh coil 850mAh battery adjustable airflow and 50ml capacity\",\"breadcrumb\":{\"@id\":\"https:\/\/vapebulkp.com\/product\/fizzy-twins-50000-puffs-high-puff-count-vape-kits-bulk-price\/#breadcrumb\"},\"inLanguage\":\"et\",\"potentialAction\":[{\"@type\":\"ReadAction\",\"target\":[\"https:\/\/vapebulkp.com\/product\/fizzy-twins-50000-puffs-high-puff-count-vape-kits-bulk-price\/\"]}]},{\"@type\":\"BreadcrumbList\",\"@id\":\"https:\/\/vapebulkp.com\/product\/fizzy-twins-50000-puffs-high-puff-count-vape-kits-bulk-price\/#breadcrumb\",\"itemListElement\":[{\"@type\":\"ListItem\",\"position\":1,\"name\":\"Home\",\"item\":\"https:\/\/vapebulkp.com\/\"},{\"@type\":\"ListItem\",\"position\":2,\"name\":\"Hot Trend Vapes\",\"item\":\"https:\/\/vapebulkp.com\/vape-shop\/\"},{\"@type\":\"ListItem\",\"position\":3,\"name\":\"Fizzy Twins 50000 Puffs High Puff Count Vape Kits Bulk Price\"}]},{\"@type\":\"WebSite\",\"@id\":\"https:\/\/vapebulkp.com\/#website\",\"url\":\"https:\/\/vapebulkp.com\/\",\"name\":\"vapebulkp.com\",\"description\":\"Buy Vape In Cheap Bulk Price Near you\",\"publisher\":{\"@id\":\"https:\/\/vapebulkp.com\/#organization\"},\"potentialAction\":[{\"@type\":\"SearchAction\",\"target\":{\"@type\":\"EntryPoint\",\"urlTemplate\":\"https:\/\/vapebulkp.com\/?s={search_term_string}\"},\"query-input\":\"required name=search_term_string\"}],\"inLanguage\":\"et\"},{\"@type\":\"Organization\",\"@id\":\"https:\/\/vapebulkp.com\/#organization\",\"name\":\"vapebulkp.com\",\"url\":\"https:\/\/vapebulkp.com\/\",\"logo\":{\"@type\":\"ImageObject\",\"inLanguage\":\"et\",\"@id\":\"https:\/\/vapebulkp.com\/#\/schema\/logo\/image\/\",\"url\":\"https:\/\/vapebulkp.com\/wp-content\/uploads\/2023\/09\/cropped-vapebulkp.png\",\"contentUrl\":\"https:\/\/vapebulkp.com\/wp-content\/uploads\/2023\/09\/cropped-vapebulkp.png\",\"width\":516,\"height\":163,\"caption\":\"vapebulkp.com\"},\"image\":{\"@id\":\"https:\/\/vapebulkp.com\/#\/schema\/logo\/image\/\"}}]}<\/script>\n<!-- \/ Yoast SEO plugin. -->","yoast_head_json":{"title":"Fizzy Twins 50000 Puffs High Puff Count Vape Kits Bulk Price - vapebulkp.com","description":"Shop Fizzy Twins 50000 Puffs Disposable Vape at Vapebulkpcom Enjoy dual flavors mesh coil 850mAh battery adjustable airflow and 50ml capacity","robots":{"index":"index","follow":"follow","max-snippet":"max-snippet:-1","max-image-preview":"max-image-preview:large","max-video-preview":"max-video-preview:-1"},"canonical":"https:\/\/vapebulkp.com\/et\/toode\/fizzy-twins-50000-puffs-high-puff-count-vape-kits-bulk-price\/","og_locale":"et_EE","og_type":"article","og_title":"Fizzy Twins 50000 Puffs High Puff Count Vape Kits Bulk Price - vapebulkp.com","og_description":"Shop Fizzy Twins 50000 Puffs Disposable Vape at Vapebulkpcom Enjoy dual flavors mesh coil 850mAh battery adjustable airflow and 50ml capacity","og_url":"https:\/\/vapebulkp.com\/et\/toode\/fizzy-twins-50000-puffs-high-puff-count-vape-kits-bulk-price\/","og_site_name":"vapebulkp.com","article_modified_time":"2025-09-24T03:57:47+00:00","og_image":[{"width":800,"height":800,"url":"http:\/\/vapebulkp.com\/wp-content\/uploads\/2025\/06\/Fizzy-Twins-High-Puff-Count-Vape-50000-Puffs-Disposable-E-Cigarette-for-Sale.webp","type":"image\/webp"}],"twitter_card":"summary_large_image","twitter_misc":{"Est. reading time":"4 minutit"},"schema":{"@context":"https:\/\/schema.org","@graph":[{"@type":"WebPage","@id":"https:\/\/vapebulkp.com\/product\/fizzy-twins-50000-puffs-high-puff-count-vape-kits-bulk-price\/","url":"https:\/\/vapebulkp.com\/product\/fizzy-twins-50000-puffs-high-puff-count-vape-kits-bulk-price\/","name":"Fizzy Twins 50000 Puffs High Puff Count Vape Kits Bulk Price - vapebulkp.com","isPartOf":{"@id":"https:\/\/vapebulkp.com\/#website"},"datePublished":"2025-06-14T09:08:05+00:00","dateModified":"2025-09-24T03:57:47+00:00","description":"Shop Fizzy Twins 50000 Puffs Disposable Vape at Vapebulkpcom Enjoy dual flavors mesh coil 850mAh battery adjustable airflow and 50ml capacity","breadcrumb":{"@id":"https:\/\/vapebulkp.com\/product\/fizzy-twins-50000-puffs-high-puff-count-vape-kits-bulk-price\/#breadcrumb"},"inLanguage":"et","potentialAction":[{"@type":"ReadAction","target":["https:\/\/vapebulkp.com\/product\/fizzy-twins-50000-puffs-high-puff-count-vape-kits-bulk-price\/"]}]},{"@type":"BreadcrumbList","@id":"https:\/\/vapebulkp.com\/product\/fizzy-twins-50000-puffs-high-puff-count-vape-kits-bulk-price\/#breadcrumb","itemListElement":[{"@type":"ListItem","position":1,"name":"Home","item":"https:\/\/vapebulkp.com\/"},{"@type":"ListItem","position":2,"name":"Hot Trend Vapes","item":"https:\/\/vapebulkp.com\/vape-shop\/"},{"@type":"ListItem","position":3,"name":"Fizzy Twins 50000 Puffs High Puff Count Vape Kits Bulk Price"}]},{"@type":"WebSite","@id":"https:\/\/vapebulkp.com\/#website","url":"https:\/\/vapebulkp.com\/","name":"vapebulkp.com","description":"Buy Vape In Cheap Bulk Price Near you","publisher":{"@id":"https:\/\/vapebulkp.com\/#organization"},"potentialAction":[{"@type":"SearchAction","target":{"@type":"EntryPoint","urlTemplate":"https:\/\/vapebulkp.com\/?s={search_term_string}"},"query-input":"required name=search_term_string"}],"inLanguage":"et"},{"@type":"Organization","@id":"https:\/\/vapebulkp.com\/#organization","name":"vapebulkp.com","url":"https:\/\/vapebulkp.com\/","logo":{"@type":"ImageObject","inLanguage":"et","@id":"https:\/\/vapebulkp.com\/#\/schema\/logo\/image\/","url":"https:\/\/vapebulkp.com\/wp-content\/uploads\/2023\/09\/cropped-vapebulkp.png","contentUrl":"https:\/\/vapebulkp.com\/wp-content\/uploads\/2023\/09\/cropped-vapebulkp.png","width":516,"height":163,"caption":"vapebulkp.com"},"image":{"@id":"https:\/\/vapebulkp.com\/#\/schema\/logo\/image\/"}}]}},"uagb_featured_image_src":{"full":["https:\/\/vapebulkp.com\/wp-content\/uploads\/2025\/06\/Fizzy-Twins-High-Puff-Count-Vape-50000-Puffs-Disposable-E-Cigarette-for-Sale.webp",800,800,false],"thumbnail":["https:\/\/vapebulkp.com\/wp-content\/uploads\/2025\/06\/Fizzy-Twins-High-Puff-Count-Vape-50000-Puffs-Disposable-E-Cigarette-for-Sale-150x150.webp",150,150,true],"medium":["https:\/\/vapebulkp.com\/wp-content\/uploads\/2025\/06\/Fizzy-Twins-High-Puff-Count-Vape-50000-Puffs-Disposable-E-Cigarette-for-Sale-300x300.webp",300,300,true],"medium_large":["https:\/\/vapebulkp.com\/wp-content\/uploads\/2025\/06\/Fizzy-Twins-High-Puff-Count-Vape-50000-Puffs-Disposable-E-Cigarette-for-Sale-768x768.webp",768,768,true],"large":["https:\/\/vapebulkp.com\/wp-content\/uploads\/2025\/06\/Fizzy-Twins-High-Puff-Count-Vape-50000-Puffs-Disposable-E-Cigarette-for-Sale.webp",800,800,false],"1536x1536":["https:\/\/vapebulkp.com\/wp-content\/uploads\/2025\/06\/Fizzy-Twins-High-Puff-Count-Vape-50000-Puffs-Disposable-E-Cigarette-for-Sale.webp",800,800,false],"2048x2048":["https:\/\/vapebulkp.com\/wp-content\/uploads\/2025\/06\/Fizzy-Twins-High-Puff-Count-Vape-50000-Puffs-Disposable-E-Cigarette-for-Sale.webp",800,800,false],"trp-custom-language-flag":["https:\/\/vapebulkp.com\/wp-content\/uploads\/2025\/06\/Fizzy-Twins-High-Puff-Count-Vape-50000-Puffs-Disposable-E-Cigarette-for-Sale.webp",12,12,false],"woocommerce_thumbnail":["https:\/\/vapebulkp.com\/wp-content\/uploads\/2025\/06\/Fizzy-Twins-High-Puff-Count-Vape-50000-Puffs-Disposable-E-Cigarette-for-Sale-300x300.webp",300,300,true],"woocommerce_single":["https:\/\/vapebulkp.com\/wp-content\/uploads\/2025\/06\/Fizzy-Twins-High-Puff-Count-Vape-50000-Puffs-Disposable-E-Cigarette-for-Sale-600x600.webp",600,600,true],"woocommerce_gallery_thumbnail":["https:\/\/vapebulkp.com\/wp-content\/uploads\/2025\/06\/Fizzy-Twins-High-Puff-Count-Vape-50000-Puffs-Disposable-E-Cigarette-for-Sale-100x100.webp",100,100,true],"wcpr-photo-reviews":["https:\/\/vapebulkp.com\/wp-content\/uploads\/2025\/06\/Fizzy-Twins-High-Puff-Count-Vape-50000-Puffs-Disposable-E-Cigarette-for-Sale.webp",500,500,false]},"uagb_author_info":{"display_name":"Mandy vape bulk price","author_link":"https:\/\/vapebulkp.com\/et\/author\/"},"uagb_comment_info":0,"uagb_excerpt":"Buy Fizzy Twins 50000 Puffs Vape at Vapebulkpcom with dual mode airflow, 850mAh battery, 2 percent or 5 percent nicotine, and premium vapor quality. Pls Contact Mandy's WhatsApp For Discount Price+8618077105796 NOTE: Prices on our website does not include shipping costs &nbsp;","_links":{"self":[{"href":"https:\/\/vapebulkp.com\/et\/wp-json\/wp\/v2\/product\/3850","targetHints":{"allow":["GET"]}}],"collection":[{"href":"https:\/\/vapebulkp.com\/et\/wp-json\/wp\/v2\/product"}],"about":[{"href":"https:\/\/vapebulkp.com\/et\/wp-json\/wp\/v2\/types\/product"}],"replies":[{"embeddable":true,"href":"https:\/\/vapebulkp.com\/et\/wp-json\/wp\/v2\/comments?post=3850"}],"wp:featuredmedia":[{"embeddable":true,"href":"https:\/\/vapebulkp.com\/et\/wp-json\/wp\/v2\/media\/3847"}],"wp:attachment":[{"href":"https:\/\/vapebulkp.com\/et\/wp-json\/wp\/v2\/media?parent=3850"}],"wp:term":[{"taxonomy":"product_cat","embeddable":true,"href":"https:\/\/vapebulkp.com\/et\/wp-json\/wp\/v2\/product_cat?post=3850"},{"taxonomy":"product_tag","embeddable":true,"href":"https:\/\/vapebulkp.com\/et\/wp-json\/wp\/v2\/product_tag?post=3850"}],"curies":[{"name":"wp","href":"https:\/\/api.w.org\/{rel}","templated":true}]}}