{"id":3866,"date":"2025-06-19T09:39:04","date_gmt":"2025-06-19T07:39:04","guid":{"rendered":"https:\/\/vapebulkp.com\/?post_type=product&#038;p=3866"},"modified":"2025-09-24T05:03:02","modified_gmt":"2025-09-24T03:03:02","slug":"wga-40000-puffs-best-sale-disposable-vape-device","status":"publish","type":"product","link":"https:\/\/vapebulkp.com\/et\/product\/wga-40000-puffs-best-sale-disposable-vape-device\/","title":{"rendered":"WGA 40000 Puhviga Parim M\u00fc\u00fck \u00dchekordselt Kasutatav Vape Seade"},"content":{"rendered":"<h2>WGA 40000 Puhviga Parim M\u00fc\u00fck \u00dchekordselt Kasutatav Vape Seade<\/h2>\n<p data-start=\"379\" data-end=\"730\">Veip <strong data-start=\"383\" data-end=\"423\">WGA Vape 40000 Puhviga \u00dchekordne Vape<\/strong> on esmaklassiline <strong data-start=\"437\" data-end=\"470\">suure mahutavusega \u00fchekordselt kasutatav vape<\/strong> disainitud Euroopa veipimishuvilistele, kes n\u00f5uavad kauakestvat j\u00f5udlust ja intensiivset maitset. Eelnevalt t\u00e4idetud 35 ml <strong data-start=\"592\" data-end=\"614\">nikotiinisoola vape<\/strong>, pakub see seade kuni 40 000 puhvi, pakkudes usaldusv\u00e4\u00e4rset ja rahuldustpakkuvat kogemust igap\u00e4evaseks v\u00f5i pikemaks kasutamiseks.<\/p>\n<p data-start=\"732\" data-end=\"975\">Ehitatud kui <strong data-start=\"743\" data-end=\"775\">laetav \u00fchekordselt kasutatav vape<\/strong> 600 mAh akuga ja Type-C kiirlaadimisega, tagab see pideva v\u00f5imsuse ilma seisakuteta. The <strong data-start=\"875\" data-end=\"893\">v\u00f5rgusilma m\u00e4hisega vape'iga<\/strong> s\u00fcsteem tagab tihedad pilved, sujuvad t\u00f5mbed ja t\u00e4iustatud maitse iga puhviga.<\/p>\n<p data-start=\"977\" data-end=\"1325\">See <strong data-start=\"982\" data-end=\"1021\">kauakestev \u00fchekordne e-sigaret<\/strong> kombineerib mugavust, kaasaskantavust ja stiili. Kompaktne ja kerge, see sobib ideaalselt reisimiseks, seltskondlikeks s\u00fcndmusteks v\u00f5i hulgim\u00fc\u00fcjate poolt Euroopas laialdaselt ostmiseks. The <strong data-start=\"1189\" data-end=\"1229\">WGA Vape <a href=\"https:\/\/vapebulkp.com\/et\/product-category\/40000-puffs-disposable-vape\/\">40000 pahviga \u00fchekordselt kasutatav e-sigaret<\/a><\/strong> pakub \u00fches seadmes esmaklassilist kvaliteeti, suure mahutavusega j\u00f5udlust ja probleemivaba veipimist.<\/p>\n<h6>Soodushinna saamiseks v\u00f5tke \u00fchendust Mandy WhatsAppiga<a href=\"https:\/\/wa.me\/8618077105796\">+8618077105796<\/a><\/h6>\n<p><img decoding=\"async\" class=\"alignnone wp-image-2151\" src=\"http:\/\/vapebulkp.com\/wp-content\/uploads\/2024\/04\/Mandy-WhatsApp-Randm.jpg\" alt=\"Mandy WhatsAppi tutvustus\" width=\"271\" height=\"289\" srcset=\"https:\/\/vapebulkp.com\/wp-content\/uploads\/2024\/04\/Mandy-WhatsApp-Randm.jpg 916w, https:\/\/vapebulkp.com\/wp-content\/uploads\/2024\/04\/Mandy-WhatsApp-Randm-282x300.jpg 282w, https:\/\/vapebulkp.com\/wp-content\/uploads\/2024\/04\/Mandy-WhatsApp-Randm-768x817.jpg 768w, https:\/\/vapebulkp.com\/wp-content\/uploads\/2024\/04\/Mandy-WhatsApp-Randm-600x638.jpg 600w\" sizes=\"(max-width: 271px) 100vw, 271px\" \/><\/p>\n<h2><strong>Miks osta Hot Vape WGA 40000 Puhvi aadressilt <a href=\"https:\/\/vapebulkp.com\/et\/\">Vapebulkp.com<\/a>?<\/strong><\/h2>\n<p>At <em>Vapebulkp.com<\/em>, <em>Kristall Vape WGA LEGEND ULTRA 30K PUF<\/em> paistab silma erakordse j\u00f5udluse, elegantse disaini ja esmaklassiliste funktsioonidega. Siin on p\u00f5hjus, miks see on veipijate jaoks ideaalne valik:<\/p>\n<ul>\n<li><strong>Kauakestev j\u00f5udlus:<\/strong> Koos <em>30 000 pahvi<\/em> ja <em>24 ml e-vedeliku mahutavus<\/em>, see pakub pikemat kasutusaega ilma sagedaste asendusteta, muutes selle ideaalseks nii igap\u00e4evaseks kasutamiseks kui ka liikvel olles veipimiseks.<\/li>\n<li><strong>Kahe maitse s\u00fcsteem:<\/strong> Nautige kahte erinevat maitset \u00fches seadmes, pakkudes kohandatavat aurustamiskogemust, mis vastab teie isiklikele maitseeelistustele.<\/li>\n<li><strong>Kiirlaadimine<\/strong> Varustatud <em>650mAh laetav aku<\/em> ja <em>Type-C laadimisportiga<\/em>, WGA LEGEND ULTRA tagab kiire ja t\u00f5husa laadimise, hoides teid minimaalse seisakuga t\u00f6\u00f6korras.<\/li>\n<li><strong>Esimese klassi kvaliteet<\/strong> Veip <em>1.1ohm v\u00f5rkkest<\/em> pakub iga t\u00f5mbega pehmet ja \u00fchtlast maitset, mis sobib suurep\u00e4raselt nii <em>DTL<\/em> ja <em>MTL<\/em> stiilidele. See on saadaval <em>2%<\/em> ja <em>5% nikotiinitugevusega<\/em>, pakkudes rahuldavat l\u00f6\u00f6ki k\u00f5igile aurustajatele.<\/li>\n<li><strong>Konkurentsiv\u00f5imelised hinnad<\/strong> Ostes <em>Vapebulkp.com<\/em>, p\u00e4\u00e4sete ligi konkurentsiv\u00f5imelistele hindadele kiire saatmisega otse meie Euroopa laost, tagades, et saate oma seadme kiiresti ja parima hinnaga.<\/li>\n<li><strong>Usaldusv\u00e4\u00e4rne br\u00e4nd:<\/strong> Veip <em>WGA LEGEND ULTRA<\/em> on usaldusv\u00e4\u00e4rne toode, mis on tuntud oma keskkonnas\u00f5braliku disaini ja esmaklassilise j\u00f5udluse poolest, muutes selle parimaks valikuks n\u00f5udlikele aurustajatele, kes hindavad kvaliteeti, innovatsiooni ja mugavust.<\/li>\n<\/ul>\n<div class=\"faqs-answer\">\n<h3><strong>KKK KordumaKippuvad K\u00fcsimused WGA 40000 Puhviga \u00dchekordselt Kasutatava Vape Kohta <\/strong><strong>:<\/strong><\/h3>\n<p>&nbsp;<\/p>\n<p data-start=\"204\" data-end=\"407\"><strong data-start=\"204\" data-end=\"269\">1. Kui palju puhve WGA 40000 puhviga \u00fchekordne vape pakub?<\/strong><br data-start=\"269\" data-end=\"272\" \/>WGA 40000 \u00fchekordne vape pakub kuni 40 000 puhvi, muutes selle \u00fcheks turul saadaolevatest k\u00f5ige kauem kestvatest \u00fchekordsetest vape seadmetest.<\/p>\n<p data-start=\"409\" data-end=\"578\"><strong data-start=\"409\" data-end=\"451\">2. Kas WGA 40000 vape on laetav?<\/strong><br data-start=\"451\" data-end=\"454\" \/>Jah, sellel on sisseehitatud 600 mAh laetav aku mugava Type-C laadimispordiga kiireks ja lihtsaks laadimiseks.<\/p>\n<p data-start=\"580\" data-end=\"734\"><strong data-start=\"580\" data-end=\"625\">3. Millised nikotiinitugevused on saadaval WGA 40K PUFF VAPE jaoks?<\/strong><br data-start=\"625\" data-end=\"628\" \/>See vape on saadaval kahes nikotiinivalikus: 2% (20mg\/ml) ja 5% (50mg\/ml), et rahuldada erinevaid kasutajate eelistusi.<\/p>\n<p data-start=\"736\" data-end=\"890\"><strong data-start=\"736\" data-end=\"788\">4. Kui palju e-vedelikku WGA 40000 sisaldab?<\/strong><br data-start=\"788\" data-end=\"791\" \/>See on eelnevalt t\u00e4idetud 35 ml kvaliteetse e-vedelikuga, tagades \u00fchtlase maitse kogu selle kasutamise v\u00e4ltel.<\/p>\n<\/div>\n<h4><\/h4>\n<h4><span style=\"vertical-align: inherit\"><strong>Hulgim\u00fc\u00fck Vape WGA 40000 Puffs S<\/strong>Spetsifikatsioon:<\/span><strong><br \/>\n<\/strong><\/h4>\n<ul>\n<li data-start=\"205\" data-end=\"260\">\n<p data-start=\"207\" data-end=\"260\"><strong data-start=\"207\" data-end=\"224\">Toote nimetus:<\/strong><br data-start=\"224\" data-end=\"227\" \/>WGA 40000 Puffs \u00fchekordselt kasutatav vape<\/p>\n<\/li>\n<li data-start=\"262\" data-end=\"387\">\n<p data-start=\"264\" data-end=\"387\"><strong data-start=\"264\" data-end=\"286\">Nikotiini kangus:<\/strong><br data-start=\"286\" data-end=\"289\" \/>Saadaval 20 mg\/ml ja 50 mg\/ml nikotiinisisaldusega, et rahuldada erinevaid eelistusi<\/p>\n<\/li>\n<li data-start=\"389\" data-end=\"500\">\n<p data-start=\"391\" data-end=\"500\"><strong data-start=\"391\" data-end=\"406\">Pahvide arv:<\/strong><br data-start=\"406\" data-end=\"409\" \/>Kuni 40000 pahvi \u00fclipika kestvusega aurustamise j\u00f5udluse jaoks ilma sagedaste vahetusteta<\/p>\n<\/li>\n<li data-start=\"502\" data-end=\"630\">\n<p data-start=\"504\" data-end=\"630\"><strong data-start=\"504\" data-end=\"526\">E-vedeliku maht:<\/strong><br data-start=\"526\" data-end=\"529\" \/>Eelnevalt t\u00e4idetud tohutu 35 ml esmaklassilise e-vedelikuga rikkaliku, \u00fchtlase maitse saavutamiseks algusest l\u00f5puni<\/p>\n<\/li>\n<li data-start=\"632\" data-end=\"749\">\n<p data-start=\"634\" data-end=\"749\"><strong data-start=\"634\" data-end=\"655\">Aku mahtuvus:<\/strong><br data-start=\"655\" data-end=\"658\" \/>Sisseehitatud 600 mAh laetav aku tagab usaldusv\u00e4\u00e4rse v\u00f5imsuse pikemateks seanssideks<\/p>\n<\/li>\n<li data-start=\"751\" data-end=\"860\">\n<p data-start=\"753\" data-end=\"860\"><strong data-start=\"753\" data-end=\"771\">Laadimisport:<\/strong><br data-start=\"771\" data-end=\"774\" \/>Varustatud kaasaegse Type-C kiirlaadimisportiga kiireks ja mugavaks laadimiseks<\/p>\n<\/li>\n<li data-start=\"862\" data-end=\"970\">\n<p data-start=\"864\" data-end=\"970\"><strong data-start=\"864\" data-end=\"889\">Laetav funktsioon:<\/strong><br data-start=\"889\" data-end=\"892\" \/>Laetav disain pikendab toote eluiga ja v\u00e4hendab \u00fcldist kasutuskulu<\/p>\n<\/li>\n<li data-start=\"972\" data-end=\"1078\">\n<p data-start=\"974\" data-end=\"1078\"><strong data-start=\"974\" data-end=\"988\">M\u00e4hise t\u00fc\u00fcp:<\/strong><br data-start=\"988\" data-end=\"991\" \/>T\u00e4iustatud v\u00f5rkspiraali tehnoloogia tagab suuremad aurupilved ja parema maitse puhtuse<\/p>\n<\/li>\n<\/ul>\n<h4>WGA 40000 Puff Vape Podide maitsete loend:<\/h4>\n<p>1. Blackberri mustika vaarikas 2. Mustika hapu vaarikas<br \/>\n3. Cola j\u00e4\u00e4<br \/>\n4. Fanta<br \/>\n5. V\u00e4rske piparm\u00fcnt<br \/>\n6. Mahlane virsik<br \/>\n7.Sidrun-laim<br \/>\n8. Red Bull<br \/>\n9.Maasikas-viinamari<br \/>\n10.Arbuusij\u00e4\u00e4<\/p>\n<p><a href=\"https:\/\/vapebulkp.com\/et\/product\/stag-bar-triple-60000-puffs-for-wholesale-distributors\/\"><span style=\"vertical-align: inherit\">STAG Bar Triple 60000 Puhviga<\/span><\/a><\/p>\n<p><span style=\"vertical-align: inherit\">Leia rohkem tooteid, mis sulle meeldida v\u00f5iksid:<\/span><em><a href=\"https:\/\/wa.me\/8618077105796\"><span style=\"vertical-align: inherit\">\u00a0Osta kohe<\/span><\/a><\/em><\/p>\n<p><span style=\"vertical-align: inherit\">Teised e-sigaretid, mis sulle meeldida v\u00f5ivad:<\/span><a href=\"https:\/\/vapebulkp.com\/et\/product\/razz-bar-40000-puffs-wholesale-vape-factory-price-eu-warehouse-fast-shipping\/\"><span style=\"vertical-align: inherit\">RAZZBAR VAPE 40000 Puhviga<\/span><\/a><span style=\"vertical-align: inherit\">\u3001<\/span><a href=\"https:\/\/vapebulkp.com\/et\/product\/vozol-rave-40000-puffs-hot-sale-nicotine-salt-disposable-vaporizer\/\"><span style=\"vertical-align: inherit\">Vozol Rave 40000 Puhvi<\/span><\/a><span style=\"vertical-align: inherit\">\/ <\/span><a href=\"https:\/\/vapebulkp.com\/et\/product\/bang-box-80000-puffs-3-in-1-wholesale-vape-supply\/\"><span style=\"vertical-align: inherit\">Bang Box 80000 Puhviga<\/span><\/a><span style=\"vertical-align: inherit\">\/ <\/span><a href=\"https:\/\/vapebulkp.com\/et\/product\/fizzy-twins-50000-puffs-high-puff-count-vape-kits-bulk-price\/\"><span style=\"vertical-align: inherit\">Fizzy twins 50000 Puhviga<\/span><\/a><\/p>\n<h4>Saatmisinfo:<\/h4>\n<p><span style=\"color: #ff6600\">Tootmisaeg: 5-10 t\u00f6\u00f6p\u00e4eva<\/span><br \/>\n<span style=\"color: #ff6600\">Saatmisaeg: 8-14 t\u00f6\u00f6p\u00e4eva<\/span><\/p>\n<p>K\u00f5ik meie poe tooted on 100% originaalsed ja autentsed, seega on v\u00f5ltsitud kaupade eest k\u00fcmnekordne h\u00fcvitis meie poe poliitika. Kasutame kaupade teile tarnimiseks logistikakanaleid nagu UPS\/DHL\/FEDEX\/DPD.<\/p>\n<p>Eestisse saadetud pakkide kohalej\u00f5udmine v\u00f5tab tavaliselt aega 10 t\u00f6\u00f6p\u00e4eva. Euroopa riikidesse saatmine v\u00f5tab tavaliselt aega 12 kuni 15 t\u00f6\u00f6p\u00e4eva. Uuendame logistikainfot teie jaoks reaalajas.<\/p>","protected":false},"excerpt":{"rendered":"<p><strong>40000 Puhviga WGA Vape Hulgihind Nutikas \u00dchekordne Vape<\/strong><\/p>\n<p>Soodushinna saamiseks v\u00f5tke \u00fchendust Mandy WhatsAppiga<a href=\"https:\/\/wa.me\/8618077105796\">+8618077105796<\/a><\/p>\n<p><img decoding=\"async\" class=\"alignnone wp-image-2151\" src=\"http:\/\/vapebulkp.com\/wp-content\/uploads\/2024\/04\/Mandy-WhatsApp-Randm.jpg\" alt=\"Mandy WhatsAppi tutvustus\" width=\"297\" height=\"316\" srcset=\"https:\/\/vapebulkp.com\/wp-content\/uploads\/2024\/04\/Mandy-WhatsApp-Randm.jpg 916w, https:\/\/vapebulkp.com\/wp-content\/uploads\/2024\/04\/Mandy-WhatsApp-Randm-282x300.jpg 282w, https:\/\/vapebulkp.com\/wp-content\/uploads\/2024\/04\/Mandy-WhatsApp-Randm-768x817.jpg 768w, https:\/\/vapebulkp.com\/wp-content\/uploads\/2024\/04\/Mandy-WhatsApp-Randm-600x638.jpg 600w\" sizes=\"(max-width: 297px) 100vw, 297px\" \/><\/p>\n<p><span style=\"color: #ff0000\">M\u00c4RKUS: Meie veebisaidi hinnad ei sisalda saatmiskulusid<\/span><\/p>\n<p>Peamine ostup\u00f5hjus<br \/>\n1. Suurep\u00e4rane kvaliteet ja v\u00f5rreldamatu j\u00f5udlus.<\/p>\n<p>2. Konkurentsiv\u00f5imeline hind ja kiire v\u00e4\u00e4rtus.<\/p>\n<p>3. Mitmed valikud ja \u00f5igeaegne kohaletoimetamine.<\/p>\n<p>4. Rahulolu pakkuv ostukogemus<\/p>","protected":false},"featured_media":3860,"comment_status":"open","ping_status":"closed","template":"","meta":{"_uag_custom_page_level_css":"","_lmt_disableupdate":"no","_lmt_disable":"","site-sidebar-layout":"default","site-content-layout":"content-boxed-container","ast-site-content-layout":"normal-width-container","site-content-style":"boxed","site-sidebar-style":"unboxed","ast-global-header-display":"","ast-banner-title-visibility":"","ast-main-header-display":"","ast-hfb-above-header-display":"","ast-hfb-below-header-display":"","ast-hfb-mobile-header-display":"","site-post-title":"","ast-breadcrumbs-content":"","ast-featured-img":"","footer-sml-layout":"","theme-transparent-header-meta":"default","adv-header-id-meta":"","stick-header-meta":"","header-above-stick-meta":"","header-main-stick-meta":"","header-below-stick-meta":"","astra-migrate-meta-layouts":"set","_joinchat":[]},"product_cat":[182,153,155,33,59,100,87,34,158,157,154,152,58,84,156,63,32,366],"product_tag":[36,37,41,40,258],"class_list":["post-3866","product","type-product","status-publish","has-post-thumbnail","hentry","product_cat-40000-puffs-disposable-vape","product_cat-hot-disposable-vapes","product_cat-belgium-hot-disposable-vapes","product_cat-france-vape-hot-sale","product_cat-germany-hot-disposable-vape","product_cat-germany-wholesale-vape-shop","product_cat-minimum-order-quantity-50pcs","product_cat-netherlands-vape-good-sale","product_cat-norway-hot-disposable-vapes","product_cat-poland-hot-disposable-vapes","product_cat-portugal-hot-disposable-vapes","product_cat-spain-hot-disposable-vapes","product_cat-sweden-hot-disposable-vape","product_cat-sweden-wholesale-vape","product_cat-switzerland-hot-disposable-vapes","product_cat-top-sale-disposable-vape","product_cat-vape-hot-sale-this-week","product_cat-wga-vape","product_tag-good-vape","product_tag-hot-sale-disposable-vape","product_tag-poland-hot-vape","product_tag-sweden-hot-vape","product_tag-wga-40000-puffs","pa_brand-wga-vape","desktop-align-left","tablet-align-left","mobile-align-left"],"yoast_head":"<!-- This site is optimized with the Yoast SEO plugin v21.1 - https:\/\/yoast.com\/wordpress\/plugins\/seo\/ -->\n<title>WGA 40000 Puffs Best Sale Disposable Vape Device - vapebulkp.com<\/title>\n<meta name=\"description\" content=\"Enjoy up to 40000 puffs with the WGA disposable vape featuring 35ml e-liquid, 600mAh rechargeable battery, and smooth mesh coil flavor performance.\" \/>\n<meta name=\"robots\" content=\"index, follow, max-snippet:-1, max-image-preview:large, max-video-preview:-1\" \/>\n<link rel=\"canonical\" href=\"https:\/\/vapebulkp.com\/et\/product\/wga-40000-puffs-best-sale-disposable-vape-device\/\" \/>\n<meta property=\"og:locale\" content=\"et_EE\" \/>\n<meta property=\"og:type\" content=\"article\" \/>\n<meta property=\"og:title\" content=\"WGA 40000 Puffs Best Sale Disposable Vape Device - vapebulkp.com\" \/>\n<meta property=\"og:description\" content=\"Enjoy up to 40000 puffs with the WGA disposable vape featuring 35ml e-liquid, 600mAh rechargeable battery, and smooth mesh coil flavor performance.\" \/>\n<meta property=\"og:url\" content=\"https:\/\/vapebulkp.com\/et\/product\/wga-40000-puffs-best-sale-disposable-vape-device\/\" \/>\n<meta property=\"og:site_name\" content=\"vapebulkp.com\" \/>\n<meta property=\"article:modified_time\" content=\"2025-09-24T03:03:02+00:00\" \/>\n<meta property=\"og:image\" content=\"http:\/\/vapebulkp.com\/wp-content\/uploads\/2025\/06\/Buy-WGA-40000-Puffs-Vape-Ultra-High-Puff-Count-Disposable-Vape-with-Mesh-Coil.webp\" \/>\n\t<meta property=\"og:image:width\" content=\"800\" \/>\n\t<meta property=\"og:image:height\" content=\"800\" \/>\n\t<meta property=\"og:image:type\" content=\"image\/webp\" \/>\n<meta name=\"twitter:card\" content=\"summary_large_image\" \/>\n<meta name=\"twitter:label1\" content=\"Est. reading time\" \/>\n\t<meta name=\"twitter:data1\" content=\"4 minutit\" \/>\n<script type=\"application\/ld+json\" class=\"yoast-schema-graph\">{\"@context\":\"https:\/\/schema.org\",\"@graph\":[{\"@type\":\"WebPage\",\"@id\":\"https:\/\/vapebulkp.com\/product\/wga-40000-puffs-best-sale-disposable-vape-device\/\",\"url\":\"https:\/\/vapebulkp.com\/product\/wga-40000-puffs-best-sale-disposable-vape-device\/\",\"name\":\"WGA 40000 Puffs Best Sale Disposable Vape Device - vapebulkp.com\",\"isPartOf\":{\"@id\":\"https:\/\/vapebulkp.com\/#website\"},\"datePublished\":\"2025-06-19T07:39:04+00:00\",\"dateModified\":\"2025-09-24T03:03:02+00:00\",\"description\":\"Enjoy up to 40000 puffs with the WGA disposable vape featuring 35ml e-liquid, 600mAh rechargeable battery, and smooth mesh coil flavor performance.\",\"breadcrumb\":{\"@id\":\"https:\/\/vapebulkp.com\/product\/wga-40000-puffs-best-sale-disposable-vape-device\/#breadcrumb\"},\"inLanguage\":\"et\",\"potentialAction\":[{\"@type\":\"ReadAction\",\"target\":[\"https:\/\/vapebulkp.com\/product\/wga-40000-puffs-best-sale-disposable-vape-device\/\"]}]},{\"@type\":\"BreadcrumbList\",\"@id\":\"https:\/\/vapebulkp.com\/product\/wga-40000-puffs-best-sale-disposable-vape-device\/#breadcrumb\",\"itemListElement\":[{\"@type\":\"ListItem\",\"position\":1,\"name\":\"Home\",\"item\":\"https:\/\/vapebulkp.com\/\"},{\"@type\":\"ListItem\",\"position\":2,\"name\":\"Hot Trend Vapes\",\"item\":\"https:\/\/vapebulkp.com\/vape-shop\/\"},{\"@type\":\"ListItem\",\"position\":3,\"name\":\"WGA 40000 Puffs Best Sale Disposable Vape Device\"}]},{\"@type\":\"WebSite\",\"@id\":\"https:\/\/vapebulkp.com\/#website\",\"url\":\"https:\/\/vapebulkp.com\/\",\"name\":\"vapebulkp.com\",\"description\":\"Buy Vape In Cheap Bulk Price Near you\",\"publisher\":{\"@id\":\"https:\/\/vapebulkp.com\/#organization\"},\"potentialAction\":[{\"@type\":\"SearchAction\",\"target\":{\"@type\":\"EntryPoint\",\"urlTemplate\":\"https:\/\/vapebulkp.com\/?s={search_term_string}\"},\"query-input\":\"required name=search_term_string\"}],\"inLanguage\":\"et\"},{\"@type\":\"Organization\",\"@id\":\"https:\/\/vapebulkp.com\/#organization\",\"name\":\"vapebulkp.com\",\"url\":\"https:\/\/vapebulkp.com\/\",\"logo\":{\"@type\":\"ImageObject\",\"inLanguage\":\"et\",\"@id\":\"https:\/\/vapebulkp.com\/#\/schema\/logo\/image\/\",\"url\":\"https:\/\/vapebulkp.com\/wp-content\/uploads\/2023\/09\/cropped-vapebulkp.png\",\"contentUrl\":\"https:\/\/vapebulkp.com\/wp-content\/uploads\/2023\/09\/cropped-vapebulkp.png\",\"width\":516,\"height\":163,\"caption\":\"vapebulkp.com\"},\"image\":{\"@id\":\"https:\/\/vapebulkp.com\/#\/schema\/logo\/image\/\"}}]}<\/script>\n<!-- \/ Yoast SEO plugin. -->","yoast_head_json":{"title":"WGA 40000 Puffs Best Sale Disposable Vape Device - vapebulkp.com","description":"Enjoy up to 40000 puffs with the WGA disposable vape featuring 35ml e-liquid, 600mAh rechargeable battery, and smooth mesh coil flavor performance.","robots":{"index":"index","follow":"follow","max-snippet":"max-snippet:-1","max-image-preview":"max-image-preview:large","max-video-preview":"max-video-preview:-1"},"canonical":"https:\/\/vapebulkp.com\/et\/product\/wga-40000-puffs-best-sale-disposable-vape-device\/","og_locale":"et_EE","og_type":"article","og_title":"WGA 40000 Puffs Best Sale Disposable Vape Device - vapebulkp.com","og_description":"Enjoy up to 40000 puffs with the WGA disposable vape featuring 35ml e-liquid, 600mAh rechargeable battery, and smooth mesh coil flavor performance.","og_url":"https:\/\/vapebulkp.com\/et\/product\/wga-40000-puffs-best-sale-disposable-vape-device\/","og_site_name":"vapebulkp.com","article_modified_time":"2025-09-24T03:03:02+00:00","og_image":[{"width":800,"height":800,"url":"http:\/\/vapebulkp.com\/wp-content\/uploads\/2025\/06\/Buy-WGA-40000-Puffs-Vape-Ultra-High-Puff-Count-Disposable-Vape-with-Mesh-Coil.webp","type":"image\/webp"}],"twitter_card":"summary_large_image","twitter_misc":{"Est. reading time":"4 minutit"},"schema":{"@context":"https:\/\/schema.org","@graph":[{"@type":"WebPage","@id":"https:\/\/vapebulkp.com\/product\/wga-40000-puffs-best-sale-disposable-vape-device\/","url":"https:\/\/vapebulkp.com\/product\/wga-40000-puffs-best-sale-disposable-vape-device\/","name":"WGA 40000 Puffs Best Sale Disposable Vape Device - vapebulkp.com","isPartOf":{"@id":"https:\/\/vapebulkp.com\/#website"},"datePublished":"2025-06-19T07:39:04+00:00","dateModified":"2025-09-24T03:03:02+00:00","description":"Enjoy up to 40000 puffs with the WGA disposable vape featuring 35ml e-liquid, 600mAh rechargeable battery, and smooth mesh coil flavor performance.","breadcrumb":{"@id":"https:\/\/vapebulkp.com\/product\/wga-40000-puffs-best-sale-disposable-vape-device\/#breadcrumb"},"inLanguage":"et","potentialAction":[{"@type":"ReadAction","target":["https:\/\/vapebulkp.com\/product\/wga-40000-puffs-best-sale-disposable-vape-device\/"]}]},{"@type":"BreadcrumbList","@id":"https:\/\/vapebulkp.com\/product\/wga-40000-puffs-best-sale-disposable-vape-device\/#breadcrumb","itemListElement":[{"@type":"ListItem","position":1,"name":"Home","item":"https:\/\/vapebulkp.com\/"},{"@type":"ListItem","position":2,"name":"Hot Trend Vapes","item":"https:\/\/vapebulkp.com\/vape-shop\/"},{"@type":"ListItem","position":3,"name":"WGA 40000 Puffs Best Sale Disposable Vape Device"}]},{"@type":"WebSite","@id":"https:\/\/vapebulkp.com\/#website","url":"https:\/\/vapebulkp.com\/","name":"vapebulkp.com","description":"Buy Vape In Cheap Bulk Price Near you","publisher":{"@id":"https:\/\/vapebulkp.com\/#organization"},"potentialAction":[{"@type":"SearchAction","target":{"@type":"EntryPoint","urlTemplate":"https:\/\/vapebulkp.com\/?s={search_term_string}"},"query-input":"required name=search_term_string"}],"inLanguage":"et"},{"@type":"Organization","@id":"https:\/\/vapebulkp.com\/#organization","name":"vapebulkp.com","url":"https:\/\/vapebulkp.com\/","logo":{"@type":"ImageObject","inLanguage":"et","@id":"https:\/\/vapebulkp.com\/#\/schema\/logo\/image\/","url":"https:\/\/vapebulkp.com\/wp-content\/uploads\/2023\/09\/cropped-vapebulkp.png","contentUrl":"https:\/\/vapebulkp.com\/wp-content\/uploads\/2023\/09\/cropped-vapebulkp.png","width":516,"height":163,"caption":"vapebulkp.com"},"image":{"@id":"https:\/\/vapebulkp.com\/#\/schema\/logo\/image\/"}}]}},"uagb_featured_image_src":{"full":["https:\/\/vapebulkp.com\/wp-content\/uploads\/2025\/06\/Buy-WGA-40000-Puffs-Vape-Ultra-High-Puff-Count-Disposable-Vape-with-Mesh-Coil.webp",800,800,false],"thumbnail":["https:\/\/vapebulkp.com\/wp-content\/uploads\/2025\/06\/Buy-WGA-40000-Puffs-Vape-Ultra-High-Puff-Count-Disposable-Vape-with-Mesh-Coil-150x150.webp",150,150,true],"medium":["https:\/\/vapebulkp.com\/wp-content\/uploads\/2025\/06\/Buy-WGA-40000-Puffs-Vape-Ultra-High-Puff-Count-Disposable-Vape-with-Mesh-Coil-300x300.webp",300,300,true],"medium_large":["https:\/\/vapebulkp.com\/wp-content\/uploads\/2025\/06\/Buy-WGA-40000-Puffs-Vape-Ultra-High-Puff-Count-Disposable-Vape-with-Mesh-Coil-768x768.webp",768,768,true],"large":["https:\/\/vapebulkp.com\/wp-content\/uploads\/2025\/06\/Buy-WGA-40000-Puffs-Vape-Ultra-High-Puff-Count-Disposable-Vape-with-Mesh-Coil.webp",800,800,false],"1536x1536":["https:\/\/vapebulkp.com\/wp-content\/uploads\/2025\/06\/Buy-WGA-40000-Puffs-Vape-Ultra-High-Puff-Count-Disposable-Vape-with-Mesh-Coil.webp",800,800,false],"2048x2048":["https:\/\/vapebulkp.com\/wp-content\/uploads\/2025\/06\/Buy-WGA-40000-Puffs-Vape-Ultra-High-Puff-Count-Disposable-Vape-with-Mesh-Coil.webp",800,800,false],"trp-custom-language-flag":["https:\/\/vapebulkp.com\/wp-content\/uploads\/2025\/06\/Buy-WGA-40000-Puffs-Vape-Ultra-High-Puff-Count-Disposable-Vape-with-Mesh-Coil.webp",12,12,false],"woocommerce_thumbnail":["https:\/\/vapebulkp.com\/wp-content\/uploads\/2025\/06\/Buy-WGA-40000-Puffs-Vape-Ultra-High-Puff-Count-Disposable-Vape-with-Mesh-Coil-300x300.webp",300,300,true],"woocommerce_single":["https:\/\/vapebulkp.com\/wp-content\/uploads\/2025\/06\/Buy-WGA-40000-Puffs-Vape-Ultra-High-Puff-Count-Disposable-Vape-with-Mesh-Coil-600x600.webp",600,600,true],"woocommerce_gallery_thumbnail":["https:\/\/vapebulkp.com\/wp-content\/uploads\/2025\/06\/Buy-WGA-40000-Puffs-Vape-Ultra-High-Puff-Count-Disposable-Vape-with-Mesh-Coil-100x100.webp",100,100,true],"wcpr-photo-reviews":["https:\/\/vapebulkp.com\/wp-content\/uploads\/2025\/06\/Buy-WGA-40000-Puffs-Vape-Ultra-High-Puff-Count-Disposable-Vape-with-Mesh-Coil.webp",500,500,false]},"uagb_author_info":{"display_name":"Mandy vape bulk price","author_link":"https:\/\/vapebulkp.com\/et\/author\/"},"uagb_comment_info":0,"uagb_excerpt":"40000 Puffs WGA Vape Wholesale Price\u00a0 Smart Disposable Vape Pls Contact Mandy's WhatsApp For Discount Price+8618077105796 NOTE: Prices on our website does not include shipping costs Main reason for purchase 1. Excellent quality and unparalleled performance. 2. Competitive price and fast value. 3. Multiple options and timely delivery. 4. A satisfying shopping experience","_links":{"self":[{"href":"https:\/\/vapebulkp.com\/et\/wp-json\/wp\/v2\/product\/3866","targetHints":{"allow":["GET"]}}],"collection":[{"href":"https:\/\/vapebulkp.com\/et\/wp-json\/wp\/v2\/product"}],"about":[{"href":"https:\/\/vapebulkp.com\/et\/wp-json\/wp\/v2\/types\/product"}],"replies":[{"embeddable":true,"href":"https:\/\/vapebulkp.com\/et\/wp-json\/wp\/v2\/comments?post=3866"}],"wp:featuredmedia":[{"embeddable":true,"href":"https:\/\/vapebulkp.com\/et\/wp-json\/wp\/v2\/media\/3860"}],"wp:attachment":[{"href":"https:\/\/vapebulkp.com\/et\/wp-json\/wp\/v2\/media?parent=3866"}],"wp:term":[{"taxonomy":"product_cat","embeddable":true,"href":"https:\/\/vapebulkp.com\/et\/wp-json\/wp\/v2\/product_cat?post=3866"},{"taxonomy":"product_tag","embeddable":true,"href":"https:\/\/vapebulkp.com\/et\/wp-json\/wp\/v2\/product_tag?post=3866"}],"curies":[{"name":"wp","href":"https:\/\/api.w.org\/{rel}","templated":true}]}}