{"id":3925,"date":"2025-07-09T10:46:35","date_gmt":"2025-07-09T08:46:35","guid":{"rendered":"https:\/\/vapebulkp.com\/?post_type=product&#038;p=3925"},"modified":"2025-09-24T04:59:03","modified_gmt":"2025-09-24T02:59:03","slug":"vozol-vista-40000-puffs-vape-wholesale-best-price","status":"publish","type":"product","link":"https:\/\/vapebulkp.com\/et\/product\/vozol-vista-40000-puffs-vape-wholesale-best-price\/","title":{"rendered":"VOZOL VISTA 40000 Puhviga Vape Hulgim\u00fc\u00fck Parim Hind"},"content":{"rendered":"<h2>VOZOL VISTA 40000 Puhviga Vape Hulgim\u00fc\u00fck Parim Hind<\/h2>\n<p>Veip <b>VOZOL VISTA 40000 mahvi Vape seade<\/b>\u00a0on tunnistus tipptasemel vape innovatsioonist. See seade on midagi enamat kui lihtsalt <b>\u00fchekordne vape<\/b>; see on keerukas aurustamisseade, mis on loodud neile, kes hindavad nii stiili kui ka sisu. Ikooniline veereva k\u00e4igu disain pakub ainulaadset kombatavat kogemust, samas kui <b>270\u00b0 l\u00f6\u00f6gile reageeriv LED-ekraan<\/b> pakub d\u00fcnaamilist visuaalset liidest, mis on nii intuitiivne kui ka kaasahaarav.<\/p>\n<p>Erakordse pikaealisuse tagamiseks on VOZOL VISTA toiteallikaks tugev <b>1000mAh taaslaetav aku<\/b>, tagades \u00fchtlase ja usaldusv\u00e4\u00e4rse j\u00f5udluse selle monumentaalse <b>40000 mahvi<\/b>jaoks. Selle seadme tuum peitub selle t\u00e4iustatud <b>S.i.L.C. Tech topeltv\u00f5rgus m\u00e4his<\/b> tehnoloogias, mis tagab iga t\u00f5mbega pidevalt julge maitse ja sujuva auru. Kasutajad saavad oma kogemust t\u00e4ielikult kohandada <b>4-tasemel v\u00f5imsuse reguleerimine<\/b> ja <b>2-tasemel reguleeritav \u00f5huvool<\/b>, muutes selle ideaalseks <b>MTL aurusti<\/b> mis tahes eelistuse jaoks.<\/p>\n<p>Kujundatud j\u00e4tkusuutlikkust silmas pidades, <strong>VISTA 40k mahvi vape-padrunid<\/strong> on varustatud taaskasutatava padrunis\u00fcsteemiga, mis minimeerib j\u00e4\u00e4tmeid, positsioneerides selle nutika ja keskkonnateadliku valikuna. See <a href=\"https:\/\/vapebulkp.com\/et\/product-category\/40000-puffs-disposable-vape\/\"><b>40000 pahviga \u00fchekordselt kasutatav e-sigaret<\/b><\/a> on l\u00f5plik lahendus nii n\u00f5udlikele veiperitele kui ka jaem\u00fc\u00fcjatele, kes otsivad kvaliteetset ja n\u00f5utud toodet, mis \u00fchendab endas kaasaegse esteetika ja suurep\u00e4rase j\u00f5udluse.<\/p>\n<h6><span style=\"color: #ff0000\">Soodushinna saamiseks v\u00f5tke \u00fchendust Mandy WhatsAppiga<a style=\"color: #ff0000\" href=\"https:\/\/wa.me\/8618077105796\">+8618077105796<\/a><\/span><\/h6>\n<p><img decoding=\"async\" class=\"alignnone wp-image-2151\" src=\"http:\/\/vapebulkp.com\/wp-content\/uploads\/2024\/04\/Mandy-WhatsApp-Randm.jpg\" alt=\"Mandy WhatsAppi tutvustus\" width=\"271\" height=\"289\" srcset=\"https:\/\/vapebulkp.com\/wp-content\/uploads\/2024\/04\/Mandy-WhatsApp-Randm.jpg 916w, https:\/\/vapebulkp.com\/wp-content\/uploads\/2024\/04\/Mandy-WhatsApp-Randm-282x300.jpg 282w, https:\/\/vapebulkp.com\/wp-content\/uploads\/2024\/04\/Mandy-WhatsApp-Randm-768x817.jpg 768w, https:\/\/vapebulkp.com\/wp-content\/uploads\/2024\/04\/Mandy-WhatsApp-Randm-600x638.jpg 600w\" sizes=\"(max-width: 271px) 100vw, 271px\" \/><\/p>\n<h2><strong>Miks osta VOZOL VISTA 40000 mahvi hulgim\u00fc\u00fcgi vape'e aadressilt <a href=\"https:\/\/vapebulkp.com\/et\/\">Vapebulkp.com<\/a>?<\/strong><\/h2>\n<h3 data-start=\"266\" data-end=\"302\">\u2705 <strong data-start=\"275\" data-end=\"302\">Otsene tehase hankimine<\/strong><\/h3>\n<p data-start=\"303\" data-end=\"471\">Teeme koost\u00f6\u00f6d otse VOZOLi ja sertifitseeritud tootjatega, tagades <strong data-start=\"372\" data-end=\"394\">autentsed tooted<\/strong>, <strong data-start=\"396\" data-end=\"416\">stabiilse laoseisu<\/strong>ja <strong data-start=\"426\" data-end=\"443\">uusimad mudelid<\/strong> \u2014 ilma vahendajate ja juurdehindlusteta.<\/p>\n<h3 data-start=\"473\" data-end=\"515\">\u2705 <strong data-start=\"482\" data-end=\"515\">Konkurentsiv\u00f5imeline hulgim\u00fc\u00fcgihind<\/strong><\/h3>\n<p data-start=\"516\" data-end=\"718\">Vapebulkp.com pakub valdkonna juhtivaid hulgi hindasid, mis muudab vape-jaem\u00fc\u00fcjatel, -levitajatel ja -edasim\u00fc\u00fcjatel lihtsaks kasumi maksimeerimise, pakkudes samal ajal tipptasemel seadmeid nagu <strong data-start=\"690\" data-end=\"717\">VOZOL VISTA 40000 mahvi<\/strong>.<\/p>\n<h3 data-start=\"720\" data-end=\"757\">\u2705 <strong data-start=\"729\" data-end=\"757\">Kiire<\/strong><\/h3>\n<p data-start=\"758\" data-end=\"932\">\u00dclemaailmsete t\u00e4itmisv\u00f5imaluste ja ekspresslogistika v\u00f5imalustega saadetakse teie tellimused <strong data-start=\"843\" data-end=\"867\">kiiresti ja turvaliselt<\/strong>. Seame esikohale tarne t\u00f5hususe, et teie ettev\u00f5te liiguks edasi.<\/p>\n<h3 data-start=\"934\" data-end=\"970\">\u2705 <strong data-start=\"943\" data-end=\"970\">Suur maht, ilma probleemideta<\/strong><\/h3>\n<p data-start=\"971\" data-end=\"1131\">Olenemata sellest, kas tellite <strong data-start=\"995\" data-end=\"1019\">100 \u00fchikut v\u00f5i 10 000+<\/strong>, meie sujuv B2B protsess ja p\u00fchendunud kliendihaldurid tagavad sujuva ostukogemuse \u2013 iga kord.<\/p>\n<h3 data-start=\"1133\" data-end=\"1179\">\u2705 <strong data-start=\"1142\" data-end=\"1179\">Garanteeritud autentsus<\/strong><\/h3>\n<p data-start=\"1180\" data-end=\"1319\">K\u00f5ik tooted on 100% ehtsad, ohutuskontrollitud ja partii testitud. Me seisame iga saadetise taga, et saaksite enesekindlalt osta ja edasi m\u00fc\u00fca.<\/p>\n<h3 data-start=\"1321\" data-end=\"1371\">\u2705 <strong data-start=\"1330\" data-end=\"1371\">Kohandatud jaem\u00fc\u00fcjatele<\/strong><\/h3>\n<p data-start=\"1372\" data-end=\"1508\">Alates <strong data-start=\"1377\" data-end=\"1396\">MOQ paindlikkus<\/strong> to <strong data-start=\"1400\" data-end=\"1434\">eraisildi\/OEM konsultatsioon<\/strong>, toetame teie unikaalseid hulgim\u00fc\u00fcgi vajadusi \u2013 olenemata teie turust v\u00f5i ulatusest.<\/p>\n<div class=\"faqs-answer\">\n<h2 data-start=\"55\" data-end=\"63\">KKK<\/h2>\n<p data-start=\"65\" data-end=\"223\"><strong data-start=\"65\" data-end=\"97\">Kas te saadate 2025. aasta parimaid \u00fchekordselt kasutatavaid vape rahvusvaheliselt?<\/strong><br data-start=\"97\" data-end=\"100\" \/>Jah, Vapebulkp.com tarnib enamikku riikidesse \u00fcle maailma ja tegeleb kogu tollivormistusega, et tagada t\u00f5rgeteta kohaletoimetamine.<\/p>\n<p data-start=\"389\" data-end=\"542\"><strong data-start=\"389\" data-end=\"418\">Kuidas ma saan oma tellimust j\u00e4lgida?<\/strong><br data-start=\"418\" data-end=\"421\" \/>Kui teie tellimus on saadetud, saate e-posti teel j\u00e4lgimisnumbri, et saaksite h\u00f5lpsalt oma paketi olekut j\u00e4lgida.<\/p>\n<p data-start=\"544\" data-end=\"699\"><strong data-start=\"544\" data-end=\"574\">Kas ma saan kiiremat kohaletoimetamist?<\/strong><br data-start=\"574\" data-end=\"577\" \/>Kiiremaks kohaletoimetamiseks soovitame tellida meie Euroopa laost, mis pakub kiiremat t\u00f6\u00f6tlemist ja tarneaegu.<\/p>\n<p data-start=\"888\" data-end=\"1079\"><strong data-start=\"888\" data-end=\"950\">Mida ma peaksin tegema, kui ma saan kahjustatud v\u00f5i defektse toote?<\/strong><br data-start=\"950\" data-end=\"953\" \/>Kui saate kahjustatud v\u00f5i defektse kauba, v\u00f5tke asendamise v\u00f5i lahenduse saamiseks kiiresti \u00fchendust meie klienditeeninduse meeskonnaga.<\/p>\n<p data-start=\"1081\" data-end=\"1235\"><strong data-start=\"1081\" data-end=\"1125\">Kuidas ma saan teie klienditeenindusega \u00fchendust v\u00f5tta?<\/strong><br data-start=\"1125\" data-end=\"1128\" \/>Kiire abi saamiseks v\u00f5ite meiega \u00fchendust v\u00f5tta e-posti, WhatsAppi v\u00f5i meie veebisaidi reaalajas vestluse kaudu.<\/p>\n<\/div>\n<h4><\/h4>\n<h2 data-start=\"52\" data-end=\"122\"><strong data-start=\"52\" data-end=\"122\">VOZOL VISTA 40000 mahvi k\u00f5rge mahvi arvuga vape \u2013 toote spetsifikatsioonid<\/strong><\/h2>\n<p>Toote nimi: VOZOL VISTA 40000 mahvi laetav vape pod komplekt<br \/>\nMaksimaalne mahvide arv: kuni 40 000+ mahvi (oleneb kasutusest)<br \/>\nEkraan: 270\u00b0 l\u00f6\u00f6gile reageeriv LED-ekraan<br \/>\nAku mahutavus: sisseehitatud 1000mAh laetav aku<br \/>\nLaadimisport: USB Type-C kiirlaadimine<br \/>\nV\u00f5imsuse reguleerimine: 4-tasemeline reguleeritav v\u00f5imsus<br \/>\n\u00d5huvoolu reguleerimine: 2-tasemeline reguleeritav \u00f5huvoolus\u00fcsteem<br \/>\nSpiraali tehnoloogia: S.i.L.C. Tech Dual Mesh Coil<br \/>\nAktiveerimismeetod: t\u00f5mbega aktiveeritav (nuppu pole vaja)<br \/>\nVape stiil MTL (suust kopsu)<br \/>\nSeadme t\u00fc\u00fcp: laetav seade + t\u00e4idetavad pod konteinerid<br \/>\nKasutaja tase: algajas\u00f5bralik<\/p>\n<h2>VOZOL VISTA 40000 mahvi maitsete loend:<\/h2>\n<p>1. Sinine Razz J\u00e4\u00e4<br \/>\n2. Mustika j\u00e4\u00e4<br \/>\n3. Kirsi koola<br \/>\n4. Jahe m\u00fcnt<br \/>\n5. Topelt\u00f5un<br \/>\n6. Viinamarja j\u00e4\u00e4<br \/>\n7. Armastus 777<br \/>\n8. Mango j\u00e4\u00e4<br \/>\n9. Mango passionivili<br \/>\n10. Mango Virsik<br \/>\n11. Meloni n\u00e4ts<br \/>\n12. Virsiku mari<br \/>\n13. Virsiku j\u00e4\u00e4<br \/>\n14. Maasika banaan<br \/>\n15. Maasika j\u00e4\u00e4<br \/>\n16. Maasika kiivi<br \/>\n17. Maasika mango<br \/>\n18. Maasika arbuus<br \/>\n19. Arbuusi mullin\u00e4ts<br \/>\n20. Arbuusi j\u00e4\u00e4<\/p>\n<p><span style=\"vertical-align: inherit\">Leia rohkem tooteid, mis sulle meeldida v\u00f5iksid:<\/span><em><a href=\"https:\/\/wa.me\/8618077105796\"><span style=\"vertical-align: inherit\">\u00a0Osta kohe<\/span><\/a><\/em><\/p>\n<p><span style=\"vertical-align: inherit\">Teised e-sigaretid, mis sulle meeldida v\u00f5ivad:<\/span><a href=\"https:\/\/vapebulkp.com\/et\/product\/aivono-fat-bear-80000-puffs-3-flavors-modes-disposable-vape-bulk-wholesale\/\"><span style=\"vertical-align: inherit\">Aivono Fat Bear 80000 Puhvi<\/span><\/a><span style=\"vertical-align: inherit\">\u3001<\/span><a href=\"https:\/\/vapebulkp.com\/et\/product\/vozol-rave-40000-puffs-hot-sale-nicotine-salt-disposable-vaporizer\/\"><span style=\"vertical-align: inherit\">Vozol Rave 40000 Puhvi<\/span><\/a><span style=\"vertical-align: inherit\">\/ <\/span><a href=\"https:\/\/vapebulkp.com\/et\/product\/bang-box-80000-puffs-3-in-1-wholesale-vape-supply\/\"><span style=\"vertical-align: inherit\">Bang Box 80000 Puhviga<\/span><\/a><span style=\"vertical-align: inherit\">\/ <\/span><a href=\"https:\/\/vapebulkp.com\/et\/product\/bood-lumo-60000-puffs-best-price-disposable-vape-2-5-nicotine\/\"><span style=\"vertical-align: inherit\">BOOD LUMO 60000 mahvi<\/span><\/a><\/p>\n<h2 data-start=\"55\" data-end=\"75\">Saatmisviisid<\/h2>\n<p data-start=\"77\" data-end=\"345\">Vapebulkp.com-is teeme koost\u00f6\u00f6d juhtivate kullerfirmadega nagu UPS, DHL, FedEx ja DPD, et pakkuda kiiret ja usaldusv\u00e4\u00e4rset kohaletoimetamist. S\u00f5ltuvalt sihtriigist valime k\u00f5ige sobivama saatmisviisi, et teie tellimus j\u00f5uaks kohale v\u00f5imalikult kiiresti ja ohutult.<\/p>\n<ul data-start=\"347\" data-end=\"509\">\n<li data-start=\"347\" data-end=\"429\">\n<p data-start=\"349\" data-end=\"429\"><strong data-start=\"349\" data-end=\"383\">Kohaletoimetamine Eestisse:<\/strong> Tavaliselt v\u00f5tab kohaletoimetamine aega umbes 10 p\u00e4eva.<\/p>\n<\/li>\n<li data-start=\"430\" data-end=\"506\">\n<p data-start=\"432\" data-end=\"506\"><strong data-start=\"432\" data-end=\"467\">Kohaletoimetamine Euroopa riikidesse:<\/strong> Tavaliselt v\u00f5tab aega 12\u201315 p\u00e4eva.<\/p>\n<\/li>\n<\/ul>\n<p data-start=\"510\" data-end=\"603\">Pakume reaalajas j\u00e4lgimisv\u00e4rskendusi, et saaksite oma saadetist igal sammul j\u00e4lgida.<\/p>\n<p data-start=\"605\" data-end=\"856\">Et pakkuda teile probleemivaba ostukogemust, tegeleme teie eest k\u00f5igi tollivormistuse protseduuridega. Muretseda pole vaja t\u00e4iendavate maksude v\u00f5i tasude p\u00e4rast ning garanteerime, et 100% meie saadetistest l\u00e4bib tolli probleemideta.<\/p>\n<p data-start=\"858\" data-end=\"956\">Ostke enesekindlalt saidilt Vapebulkp.com, teades, et teie tellimus on asjatundlikes k\u00e4tes alates kassast kuni kohaletoimetamiseni.<\/p>","protected":false},"excerpt":{"rendered":"<p data-start=\"138\" data-end=\"318\">Osta VOZOL VISTA 40000 mahvi Vape komplekte \u2013 suure mahutavusega taaslaetav vape pod s\u00fcsteem korduvkasutatava disainiga. Ideaalne hulgim\u00fc\u00fcjatele, kes otsivad esmaklassilisi, keskkonnas\u00f5bralikke vape seadmeid.<\/p>\n<p>Soodushinna saamiseks v\u00f5tke \u00fchendust Mandy WhatsAppiga<a href=\"https:\/\/wa.me\/8618077105796\">+8618077105796<\/a><\/p>\n<p><img decoding=\"async\" class=\"alignnone wp-image-2151\" src=\"http:\/\/vapebulkp.com\/wp-content\/uploads\/2024\/04\/Mandy-WhatsApp-Randm.jpg\" alt=\"Mandy WhatsAppi tutvustus\" width=\"297\" height=\"316\" srcset=\"https:\/\/vapebulkp.com\/wp-content\/uploads\/2024\/04\/Mandy-WhatsApp-Randm.jpg 916w, https:\/\/vapebulkp.com\/wp-content\/uploads\/2024\/04\/Mandy-WhatsApp-Randm-282x300.jpg 282w, https:\/\/vapebulkp.com\/wp-content\/uploads\/2024\/04\/Mandy-WhatsApp-Randm-768x817.jpg 768w, https:\/\/vapebulkp.com\/wp-content\/uploads\/2024\/04\/Mandy-WhatsApp-Randm-600x638.jpg 600w\" sizes=\"(max-width: 297px) 100vw, 297px\" \/><\/p>\n<p><span style=\"color: #ff0000\">M\u00c4RKUS: Meie veebisaidi hinnad ei sisalda saatmiskulusid<\/span><\/p>\n<p>Peamine ostup\u00f5hjus<br \/>\n1. Suurep\u00e4rane kvaliteet ja v\u00f5rreldamatu j\u00f5udlus.<\/p>\n<p>2. Konkurentsiv\u00f5imeline hind ja kiire v\u00e4\u00e4rtus.<\/p>\n<p>3. Mitmed valikud ja \u00f5igeaegne kohaletoimetamine.<\/p>\n<p>4. Rahulolu pakkuv ostukogemus<\/p>","protected":false},"featured_media":3920,"comment_status":"open","ping_status":"closed","template":"","meta":{"_uag_custom_page_level_css":"","_lmt_disableupdate":"no","_lmt_disable":"","site-sidebar-layout":"default","site-content-layout":"content-boxed-container","ast-site-content-layout":"normal-width-container","site-content-style":"boxed","site-sidebar-style":"unboxed","ast-global-header-display":"","ast-banner-title-visibility":"","ast-main-header-display":"","ast-hfb-above-header-display":"","ast-hfb-below-header-display":"","ast-hfb-mobile-header-display":"","site-post-title":"","ast-breadcrumbs-content":"","ast-featured-img":"","footer-sml-layout":"","theme-transparent-header-meta":"default","adv-header-id-meta":"","stick-header-meta":"","header-above-stick-meta":"","header-main-stick-meta":"","header-below-stick-meta":"","astra-migrate-meta-layouts":"set","_joinchat":[]},"product_cat":[182,153,155,33,59,100,87,34,158,157,154,152,58,84,156,63,32,364],"product_tag":[36,37,41,286,40,267],"class_list":["post-3925","product","type-product","status-publish","has-post-thumbnail","hentry","product_cat-40000-puffs-disposable-vape","product_cat-hot-disposable-vapes","product_cat-belgium-hot-disposable-vapes","product_cat-france-vape-hot-sale","product_cat-germany-hot-disposable-vape","product_cat-germany-wholesale-vape-shop","product_cat-minimum-order-quantity-50pcs","product_cat-netherlands-vape-good-sale","product_cat-norway-hot-disposable-vapes","product_cat-poland-hot-disposable-vapes","product_cat-portugal-hot-disposable-vapes","product_cat-spain-hot-disposable-vapes","product_cat-sweden-hot-disposable-vape","product_cat-sweden-wholesale-vape","product_cat-switzerland-hot-disposable-vapes","product_cat-top-sale-disposable-vape","product_cat-vape-hot-sale-this-week","product_cat-vozol-vape","product_tag-good-vape","product_tag-hot-sale-disposable-vape","product_tag-poland-hot-vape","product_tag-puffs-stock-in-europe","product_tag-sweden-hot-vape","product_tag-vozol-vista-40000-puffs","pa_brand-vozol-vape","desktop-align-left","tablet-align-left","mobile-align-left"],"yoast_head":"<!-- This site is optimized with the Yoast SEO plugin v21.1 - https:\/\/yoast.com\/wordpress\/plugins\/seo\/ -->\n<title>VOZOL VISTA 40000 Puffs Vape Wholesale Best Price - vapebulkp.com<\/title>\n<meta name=\"description\" content=\"VOZOL VISTA 40000 Puffs features a 270\u00b0 LED display, dual mesh coils, and a 1000mAh rechargeable battery. Adjustable airflow &amp; wattage for the perfect MTL vape.\" \/>\n<meta name=\"robots\" content=\"index, follow, max-snippet:-1, max-image-preview:large, max-video-preview:-1\" \/>\n<link rel=\"canonical\" href=\"https:\/\/vapebulkp.com\/et\/product\/vozol-vista-40000-puffs-vape-wholesale-best-price\/\" \/>\n<meta property=\"og:locale\" content=\"et_EE\" \/>\n<meta property=\"og:type\" content=\"article\" \/>\n<meta property=\"og:title\" content=\"VOZOL VISTA 40000 Puffs Vape Wholesale Best Price - vapebulkp.com\" \/>\n<meta property=\"og:description\" content=\"VOZOL VISTA 40000 Puffs features a 270\u00b0 LED display, dual mesh coils, and a 1000mAh rechargeable battery. Adjustable airflow &amp; wattage for the perfect MTL vape.\" \/>\n<meta property=\"og:url\" content=\"https:\/\/vapebulkp.com\/et\/product\/vozol-vista-40000-puffs-vape-wholesale-best-price\/\" \/>\n<meta property=\"og:site_name\" content=\"vapebulkp.com\" \/>\n<meta property=\"article:modified_time\" content=\"2025-09-24T02:59:03+00:00\" \/>\n<meta property=\"og:image\" content=\"http:\/\/vapebulkp.com\/wp-content\/uploads\/2025\/07\/VOZOL-VISTA-40K-Puffs-Disposable-Vape-Wholesale-Price.jpg\" \/>\n\t<meta property=\"og:image:width\" content=\"800\" \/>\n\t<meta property=\"og:image:height\" content=\"800\" \/>\n\t<meta property=\"og:image:type\" content=\"image\/jpeg\" \/>\n<meta name=\"twitter:card\" content=\"summary_large_image\" \/>\n<meta name=\"twitter:label1\" content=\"Est. reading time\" \/>\n\t<meta name=\"twitter:data1\" content=\"4 minutit\" \/>\n<script type=\"application\/ld+json\" class=\"yoast-schema-graph\">{\"@context\":\"https:\/\/schema.org\",\"@graph\":[{\"@type\":\"WebPage\",\"@id\":\"https:\/\/vapebulkp.com\/product\/vozol-vista-40000-puffs-vape-wholesale-best-price\/\",\"url\":\"https:\/\/vapebulkp.com\/product\/vozol-vista-40000-puffs-vape-wholesale-best-price\/\",\"name\":\"VOZOL VISTA 40000 Puffs Vape Wholesale Best Price - vapebulkp.com\",\"isPartOf\":{\"@id\":\"https:\/\/vapebulkp.com\/#website\"},\"datePublished\":\"2025-07-09T08:46:35+00:00\",\"dateModified\":\"2025-09-24T02:59:03+00:00\",\"description\":\"VOZOL VISTA 40000 Puffs features a 270\u00b0 LED display, dual mesh coils, and a 1000mAh rechargeable battery. Adjustable airflow & wattage for the perfect MTL vape.\",\"breadcrumb\":{\"@id\":\"https:\/\/vapebulkp.com\/product\/vozol-vista-40000-puffs-vape-wholesale-best-price\/#breadcrumb\"},\"inLanguage\":\"et\",\"potentialAction\":[{\"@type\":\"ReadAction\",\"target\":[\"https:\/\/vapebulkp.com\/product\/vozol-vista-40000-puffs-vape-wholesale-best-price\/\"]}]},{\"@type\":\"BreadcrumbList\",\"@id\":\"https:\/\/vapebulkp.com\/product\/vozol-vista-40000-puffs-vape-wholesale-best-price\/#breadcrumb\",\"itemListElement\":[{\"@type\":\"ListItem\",\"position\":1,\"name\":\"Home\",\"item\":\"https:\/\/vapebulkp.com\/\"},{\"@type\":\"ListItem\",\"position\":2,\"name\":\"Hot Trend Vapes\",\"item\":\"https:\/\/vapebulkp.com\/vape-shop\/\"},{\"@type\":\"ListItem\",\"position\":3,\"name\":\"VOZOL VISTA 40000 Puffs Vape Wholesale Best Price\"}]},{\"@type\":\"WebSite\",\"@id\":\"https:\/\/vapebulkp.com\/#website\",\"url\":\"https:\/\/vapebulkp.com\/\",\"name\":\"vapebulkp.com\",\"description\":\"Buy Vape In Cheap Bulk Price Near you\",\"publisher\":{\"@id\":\"https:\/\/vapebulkp.com\/#organization\"},\"potentialAction\":[{\"@type\":\"SearchAction\",\"target\":{\"@type\":\"EntryPoint\",\"urlTemplate\":\"https:\/\/vapebulkp.com\/?s={search_term_string}\"},\"query-input\":\"required name=search_term_string\"}],\"inLanguage\":\"et\"},{\"@type\":\"Organization\",\"@id\":\"https:\/\/vapebulkp.com\/#organization\",\"name\":\"vapebulkp.com\",\"url\":\"https:\/\/vapebulkp.com\/\",\"logo\":{\"@type\":\"ImageObject\",\"inLanguage\":\"et\",\"@id\":\"https:\/\/vapebulkp.com\/#\/schema\/logo\/image\/\",\"url\":\"https:\/\/vapebulkp.com\/wp-content\/uploads\/2023\/09\/cropped-vapebulkp.png\",\"contentUrl\":\"https:\/\/vapebulkp.com\/wp-content\/uploads\/2023\/09\/cropped-vapebulkp.png\",\"width\":516,\"height\":163,\"caption\":\"vapebulkp.com\"},\"image\":{\"@id\":\"https:\/\/vapebulkp.com\/#\/schema\/logo\/image\/\"}}]}<\/script>\n<!-- \/ Yoast SEO plugin. -->","yoast_head_json":{"title":"VOZOL VISTA 40000 Puffs Vape Wholesale Best Price - vapebulkp.com","description":"VOZOL VISTA 40000 Puffs features a 270\u00b0 LED display, dual mesh coils, and a 1000mAh rechargeable battery. Adjustable airflow & wattage for the perfect MTL vape.","robots":{"index":"index","follow":"follow","max-snippet":"max-snippet:-1","max-image-preview":"max-image-preview:large","max-video-preview":"max-video-preview:-1"},"canonical":"https:\/\/vapebulkp.com\/et\/product\/vozol-vista-40000-puffs-vape-wholesale-best-price\/","og_locale":"et_EE","og_type":"article","og_title":"VOZOL VISTA 40000 Puffs Vape Wholesale Best Price - vapebulkp.com","og_description":"VOZOL VISTA 40000 Puffs features a 270\u00b0 LED display, dual mesh coils, and a 1000mAh rechargeable battery. Adjustable airflow & wattage for the perfect MTL vape.","og_url":"https:\/\/vapebulkp.com\/et\/product\/vozol-vista-40000-puffs-vape-wholesale-best-price\/","og_site_name":"vapebulkp.com","article_modified_time":"2025-09-24T02:59:03+00:00","og_image":[{"width":800,"height":800,"url":"http:\/\/vapebulkp.com\/wp-content\/uploads\/2025\/07\/VOZOL-VISTA-40K-Puffs-Disposable-Vape-Wholesale-Price.jpg","type":"image\/jpeg"}],"twitter_card":"summary_large_image","twitter_misc":{"Est. reading time":"4 minutit"},"schema":{"@context":"https:\/\/schema.org","@graph":[{"@type":"WebPage","@id":"https:\/\/vapebulkp.com\/product\/vozol-vista-40000-puffs-vape-wholesale-best-price\/","url":"https:\/\/vapebulkp.com\/product\/vozol-vista-40000-puffs-vape-wholesale-best-price\/","name":"VOZOL VISTA 40000 Puffs Vape Wholesale Best Price - vapebulkp.com","isPartOf":{"@id":"https:\/\/vapebulkp.com\/#website"},"datePublished":"2025-07-09T08:46:35+00:00","dateModified":"2025-09-24T02:59:03+00:00","description":"VOZOL VISTA 40000 Puffs features a 270\u00b0 LED display, dual mesh coils, and a 1000mAh rechargeable battery. Adjustable airflow & wattage for the perfect MTL vape.","breadcrumb":{"@id":"https:\/\/vapebulkp.com\/product\/vozol-vista-40000-puffs-vape-wholesale-best-price\/#breadcrumb"},"inLanguage":"et","potentialAction":[{"@type":"ReadAction","target":["https:\/\/vapebulkp.com\/product\/vozol-vista-40000-puffs-vape-wholesale-best-price\/"]}]},{"@type":"BreadcrumbList","@id":"https:\/\/vapebulkp.com\/product\/vozol-vista-40000-puffs-vape-wholesale-best-price\/#breadcrumb","itemListElement":[{"@type":"ListItem","position":1,"name":"Home","item":"https:\/\/vapebulkp.com\/"},{"@type":"ListItem","position":2,"name":"Hot Trend Vapes","item":"https:\/\/vapebulkp.com\/vape-shop\/"},{"@type":"ListItem","position":3,"name":"VOZOL VISTA 40000 Puffs Vape Wholesale Best Price"}]},{"@type":"WebSite","@id":"https:\/\/vapebulkp.com\/#website","url":"https:\/\/vapebulkp.com\/","name":"vapebulkp.com","description":"Buy Vape In Cheap Bulk Price Near you","publisher":{"@id":"https:\/\/vapebulkp.com\/#organization"},"potentialAction":[{"@type":"SearchAction","target":{"@type":"EntryPoint","urlTemplate":"https:\/\/vapebulkp.com\/?s={search_term_string}"},"query-input":"required name=search_term_string"}],"inLanguage":"et"},{"@type":"Organization","@id":"https:\/\/vapebulkp.com\/#organization","name":"vapebulkp.com","url":"https:\/\/vapebulkp.com\/","logo":{"@type":"ImageObject","inLanguage":"et","@id":"https:\/\/vapebulkp.com\/#\/schema\/logo\/image\/","url":"https:\/\/vapebulkp.com\/wp-content\/uploads\/2023\/09\/cropped-vapebulkp.png","contentUrl":"https:\/\/vapebulkp.com\/wp-content\/uploads\/2023\/09\/cropped-vapebulkp.png","width":516,"height":163,"caption":"vapebulkp.com"},"image":{"@id":"https:\/\/vapebulkp.com\/#\/schema\/logo\/image\/"}}]}},"uagb_featured_image_src":{"full":["https:\/\/vapebulkp.com\/wp-content\/uploads\/2025\/07\/VOZOL-VISTA-40K-Puffs-Disposable-Vape-Wholesale-Price.jpg",800,800,false],"thumbnail":["https:\/\/vapebulkp.com\/wp-content\/uploads\/2025\/07\/VOZOL-VISTA-40K-Puffs-Disposable-Vape-Wholesale-Price-150x150.jpg",150,150,true],"medium":["https:\/\/vapebulkp.com\/wp-content\/uploads\/2025\/07\/VOZOL-VISTA-40K-Puffs-Disposable-Vape-Wholesale-Price-300x300.jpg",300,300,true],"medium_large":["https:\/\/vapebulkp.com\/wp-content\/uploads\/2025\/07\/VOZOL-VISTA-40K-Puffs-Disposable-Vape-Wholesale-Price-768x768.jpg",768,768,true],"large":["https:\/\/vapebulkp.com\/wp-content\/uploads\/2025\/07\/VOZOL-VISTA-40K-Puffs-Disposable-Vape-Wholesale-Price.jpg",800,800,false],"1536x1536":["https:\/\/vapebulkp.com\/wp-content\/uploads\/2025\/07\/VOZOL-VISTA-40K-Puffs-Disposable-Vape-Wholesale-Price.jpg",800,800,false],"2048x2048":["https:\/\/vapebulkp.com\/wp-content\/uploads\/2025\/07\/VOZOL-VISTA-40K-Puffs-Disposable-Vape-Wholesale-Price.jpg",800,800,false],"trp-custom-language-flag":["https:\/\/vapebulkp.com\/wp-content\/uploads\/2025\/07\/VOZOL-VISTA-40K-Puffs-Disposable-Vape-Wholesale-Price.jpg",12,12,false],"woocommerce_thumbnail":["https:\/\/vapebulkp.com\/wp-content\/uploads\/2025\/07\/VOZOL-VISTA-40K-Puffs-Disposable-Vape-Wholesale-Price-300x300.jpg",300,300,true],"woocommerce_single":["https:\/\/vapebulkp.com\/wp-content\/uploads\/2025\/07\/VOZOL-VISTA-40K-Puffs-Disposable-Vape-Wholesale-Price-600x600.jpg",600,600,true],"woocommerce_gallery_thumbnail":["https:\/\/vapebulkp.com\/wp-content\/uploads\/2025\/07\/VOZOL-VISTA-40K-Puffs-Disposable-Vape-Wholesale-Price-100x100.jpg",100,100,true],"wcpr-photo-reviews":["https:\/\/vapebulkp.com\/wp-content\/uploads\/2025\/07\/VOZOL-VISTA-40K-Puffs-Disposable-Vape-Wholesale-Price.jpg",500,500,false]},"uagb_author_info":{"display_name":"Mandy vape bulk price","author_link":"https:\/\/vapebulkp.com\/et\/author\/"},"uagb_comment_info":0,"uagb_excerpt":"Shop VOZOL VISTA 40000 puffs Vape Kits\u2014high capacity rechargeable vape pod system with reusable design. Ideal for wholesale buyers seeking premium, eco-friendly vapes devices. Pls Contact Mandy's WhatsApp For Discount Price+8618077105796 NOTE: Prices on our website does not include shipping costs Main reason for purchase 1. Excellent quality and unparalleled performance. 2. Competitive price and&hellip;","_links":{"self":[{"href":"https:\/\/vapebulkp.com\/et\/wp-json\/wp\/v2\/product\/3925","targetHints":{"allow":["GET"]}}],"collection":[{"href":"https:\/\/vapebulkp.com\/et\/wp-json\/wp\/v2\/product"}],"about":[{"href":"https:\/\/vapebulkp.com\/et\/wp-json\/wp\/v2\/types\/product"}],"replies":[{"embeddable":true,"href":"https:\/\/vapebulkp.com\/et\/wp-json\/wp\/v2\/comments?post=3925"}],"wp:featuredmedia":[{"embeddable":true,"href":"https:\/\/vapebulkp.com\/et\/wp-json\/wp\/v2\/media\/3920"}],"wp:attachment":[{"href":"https:\/\/vapebulkp.com\/et\/wp-json\/wp\/v2\/media?parent=3925"}],"wp:term":[{"taxonomy":"product_cat","embeddable":true,"href":"https:\/\/vapebulkp.com\/et\/wp-json\/wp\/v2\/product_cat?post=3925"},{"taxonomy":"product_tag","embeddable":true,"href":"https:\/\/vapebulkp.com\/et\/wp-json\/wp\/v2\/product_tag?post=3925"}],"curies":[{"name":"wp","href":"https:\/\/api.w.org\/{rel}","templated":true}]}}