{"id":3942,"date":"2025-07-14T10:35:53","date_gmt":"2025-07-14T08:35:53","guid":{"rendered":"https:\/\/vapebulkp.com\/?post_type=product&#038;p=3942"},"modified":"2025-09-24T05:00:05","modified_gmt":"2025-09-24T03:00:05","slug":"mesii-80000-puffs-7-in-1-flavors-popular-high-capacity-disposable-vape","status":"publish","type":"product","link":"https:\/\/vapebulkp.com\/et\/product\/mesii-80000-puffs-7-in-1-flavors-popular-high-capacity-disposable-vape\/","title":{"rendered":"Mesii 80000 Puffs 7-in-1 maitsega populaarne suure mahutavusega \u00fchekordne veip"},"content":{"rendered":"<h2>Mesii 80000 Puffs 7-in-1 maitsega populaarne suure mahutavusega \u00fchekordne veip<\/h2>\n<p>Veip <b>Mesii Magic 80000 t\u00f5mmet Veibipadjad<\/b>\u00a0seab uue standardi suure mahutavusega veipimisele. See on \u00fclim <b>80000 t\u00f5mmet Veibikomplektid<\/b> neile, kes n\u00f5uavad nii erakordset eluiga kui ka uskumatut maitsete valikut. See keerukas seade on konstrueeritud tipptasemel <b>7-\u00fches maitsete p\u00f6\u00f6rlemiss\u00fcsteemiga<\/b>, mis annab teile vabaduse vahetada seitsme esmaklassilise maitse vahel ilma pingutuseta.<\/p>\n<p>M\u00f5eldud kompromissitu j\u00f5udluse jaoks, see <b>taaslaetav e-sigaret<\/b> mahutab muljetavaldavad <b>35 ml e-vedelikku<\/b>, tagades t\u00f5eliselt kauakestva kogemuse, mis \u00fcletab tunduvalt standardseadmete oma. Selle tugev <b>850mAh aku<\/b> ja t\u00e4iustatud v\u00f5rgusilma m\u00e4hise tehnoloogia t\u00f6\u00f6tavad koos, et tagada j\u00e4rjepidev, sujuv ja intensiivselt maitsev aur esimesest t\u00f5mbest viimaseni. Lisamugavuse huvides laeb seade kiiresti C-t\u00fc\u00fcpi pordi kaudu, minimeerides seisakuid ja tagades, et saate alati nautida oma <b>Mesii Magicut <a href=\"https:\/\/vapebulkp.com\/et\/product-category\/80000-puffs-disposable-vape\/\">80000 t\u00f5mmet \u00fchekordne veip<\/a><\/b>.<\/p>\n<p>Saadaval nikotiini tugevusega 0%, 2%, 3% ja 5%, see <b>kvaliteetne \u00fchekordne veip<\/b> vastab k\u00f5igile eelistustele. Selle elegantne, usaldusv\u00e4\u00e4rne disain teeb sellest parima valiku isiklikuks kasutamiseks, samas kui selle v\u00f5rratu v\u00e4\u00e4rtus ja j\u00f5udlus muudavad selle ideaalseks v\u00f5imaluseks <b>veipide hulgim\u00fc\u00fck<\/b> ja hulgi edasim\u00fc\u00fcgiks.<\/p>\n<h6><span style=\"color: #ff0000\">Soodushinna saamiseks v\u00f5tke \u00fchendust Mandy WhatsAppiga<a style=\"color: #ff0000\" href=\"https:\/\/wa.me\/8618077105796\">+8618077105796<\/a><\/span><\/h6>\n<p><img decoding=\"async\" class=\"alignnone wp-image-2151\" src=\"http:\/\/vapebulkp.com\/wp-content\/uploads\/2024\/04\/Mandy-WhatsApp-Randm.jpg\" alt=\"Mandy WhatsAppi tutvustus\" width=\"271\" height=\"289\" srcset=\"https:\/\/vapebulkp.com\/wp-content\/uploads\/2024\/04\/Mandy-WhatsApp-Randm.jpg 916w, https:\/\/vapebulkp.com\/wp-content\/uploads\/2024\/04\/Mandy-WhatsApp-Randm-282x300.jpg 282w, https:\/\/vapebulkp.com\/wp-content\/uploads\/2024\/04\/Mandy-WhatsApp-Randm-768x817.jpg 768w, https:\/\/vapebulkp.com\/wp-content\/uploads\/2024\/04\/Mandy-WhatsApp-Randm-600x638.jpg 600w\" sizes=\"(max-width: 271px) 100vw, 271px\" \/><\/p>\n<h2><strong>Miks osta Mesii 80k t\u00f5mmet 7-\u00fches veibipadjad saidilt <a href=\"https:\/\/vapebulkp.com\/et\/\">Vapebulkp.com<\/a>?<\/strong><\/h2>\n<p data-start=\"274\" data-end=\"495\"><strong data-start=\"274\" data-end=\"316\">1. Autentsed Mesii tooted on garanteeritud<\/strong><br data-start=\"316\" data-end=\"319\" \/>Vapebulkp.com'is hangime k\u00f5ik Mesii seadmed otse usaldusv\u00e4\u00e4rsetelt tootjatelt. Saate 100% originaalsed Mesii 80000 Puffs e-sigaretid, millel on kinnitatud kvaliteedi- ja ohutusstandardid.<\/p>\n<p data-start=\"497\" data-end=\"699\"><strong data-start=\"497\" data-end=\"533\">2. Eksklusiivne 7-\u00fches maitsekombinatsioon<\/strong><br data-start=\"533\" data-end=\"536\" \/>Nautige 7 esmaklassilist maitset \u00fches seadmes \u2013 pole vaja e-sigaretti vahetada. Mesii 7-\u00fches s\u00fcsteem pakub ainulaadset mitme maitse elamust, mis sobib ideaalselt mitmekesisust armastavatele kasutajatele.<\/p>\n<p data-start=\"701\" data-end=\"906\"><strong data-start=\"701\" data-end=\"736\">3. Massiivne 80000 mahvi maht<\/strong><br data-start=\"736\" data-end=\"739\" \/>\u00dcks suurimaid mahvide arve turul. Taaslaetava 850 mAh akuga ja 35 ml e-vedeliku mahutavusega Mesii tagab pikaajalise kasutuse ilma sagedase asendamiseta.<\/p>\n<p data-start=\"908\" data-end=\"1098\"><strong data-start=\"908\" data-end=\"941\">4. Hulgim\u00fc\u00fck<\/strong><br data-start=\"941\" data-end=\"944\" \/>Oleme spetsialiseerunud e-sigarettide hulgim\u00fc\u00fcgile. Olenemata sellest, kas olete edasim\u00fc\u00fcja v\u00f5i suurkasutaja, saate nautida \u00fcletamatuid hulgihindu ja mitmetasandilisi allahindlusi ainult Vapebulkp.com'is.<\/p>\n<p data-start=\"1100\" data-end=\"1277\"><strong data-start=\"1100\" data-end=\"1139\">5. Kiire saatmine Eestisse<\/strong><br data-start=\"1139\" data-end=\"1142\" \/>Pakume kiiret ja usaldusv\u00e4\u00e4rset saatmist kogu Eestisse ja mujale. J\u00e4lgige oma tellimust h\u00f5lpsalt ja saate oma e-sigaretitooted turvaliselt pakituna k\u00e4tte.<\/p>\n<div class=\"faqs-answer\">\n<h2 data-start=\"55\" data-end=\"63\">KKK<\/h2>\n<p data-start=\"65\" data-end=\"223\"><strong data-start=\"65\" data-end=\"97\">Kas tarnite rahvusvaheliselt?<\/strong><br data-start=\"97\" data-end=\"100\" \/>Jah, Vapebulkp.com tarnib enamikku riikidesse \u00fcle maailma ja tegeleb kogu tollivormistusega, et tagada t\u00f5rgeteta kohaletoimetamine.<\/p>\n<p data-start=\"389\" data-end=\"542\"><strong data-start=\"389\" data-end=\"418\">Kuidas ma saan oma tellimust j\u00e4lgida?<\/strong><br data-start=\"418\" data-end=\"421\" \/>Kui teie tellimus on saadetud, saate e-posti teel j\u00e4lgimisnumbri, et saaksite h\u00f5lpsalt oma paketi olekut j\u00e4lgida.<\/p>\n<p data-start=\"544\" data-end=\"699\"><strong data-start=\"544\" data-end=\"574\">Kas ma saan kiiremat kohaletoimetamist?<\/strong><br data-start=\"574\" data-end=\"577\" \/>Kiiremaks kohaletoimetamiseks soovitame tellida meie Euroopa laost, mis pakub kiiremat t\u00f6\u00f6tlemist ja tarneaegu.<\/p>\n<p data-start=\"888\" data-end=\"1079\"><strong data-start=\"888\" data-end=\"950\">Mida ma peaksin tegema, kui ma saan kahjustatud v\u00f5i defektse toote?<\/strong><br data-start=\"950\" data-end=\"953\" \/>Kui saate kahjustatud v\u00f5i defektse kauba, v\u00f5tke asendamise v\u00f5i lahenduse saamiseks kiiresti \u00fchendust meie klienditeeninduse meeskonnaga.<\/p>\n<p data-start=\"1081\" data-end=\"1235\"><strong data-start=\"1081\" data-end=\"1125\">Kuidas ma saan teie klienditeenindusega \u00fchendust v\u00f5tta?<\/strong><br data-start=\"1125\" data-end=\"1128\" \/>Kiire abi saamiseks v\u00f5ite meiega \u00fchendust v\u00f5tta e-posti, WhatsAppi v\u00f5i meie veebisaidi reaalajas vestluse kaudu.<\/p>\n<\/div>\n<h4><\/h4>\n<h2 data-start=\"52\" data-end=\"122\"><strong data-start=\"52\" data-end=\"122\">\u00a0Mesii 80000 Puffs hot gleek e-sigareti tarnija \u2013 toote spetsifikatsioonid<\/strong><\/h2>\n<p data-start=\"247\" data-end=\"759\"><strong data-start=\"247\" data-end=\"263\">Toote nimi<\/strong>: Mesii Magic 80000 Puffs \u00fchekordne e-sigaret<br data-start=\"304\" data-end=\"307\" \/><strong data-start=\"307\" data-end=\"323\">Sobib<\/strong>: Ainult 18+ t\u00e4iskasvanutele<br data-start=\"340\" data-end=\"343\" \/><strong data-start=\"343\" data-end=\"354\">Maitsed<\/strong>: 12 esmaklassilist maitset<br data-start=\"374\" data-end=\"377\" \/><strong data-start=\"377\" data-end=\"398\">E-vedeliku maht<\/strong>: 35 ml<br data-start=\"404\" data-end=\"407\" \/><strong data-start=\"407\" data-end=\"416\">Mahvi<\/strong>: Kuni 80000 mahvi<br data-start=\"435\" data-end=\"438\" \/><strong data-start=\"438\" data-end=\"459\" data-is-only-node=\"\">Nikotiini tugevus<\/strong>: 0% \/ 2% \/ 3% \/ 5% Nikotiinisool<br data-start=\"492\" data-end=\"495\" \/><strong data-start=\"495\" data-end=\"515\">Aku mahtuvus<\/strong>: 850 mAh taaslaetav aku<br data-start=\"544\" data-end=\"547\" \/><strong data-start=\"547\" data-end=\"564\">Laadimisport<\/strong>: Type-C kiirlaadimine<br data-start=\"586\" data-end=\"589\" \/><strong data-start=\"589\" data-end=\"604\">Seadme t\u00fc\u00fcp<\/strong>: \u00dchekordne vape<br data-start=\"621\" data-end=\"624\" \/><strong data-start=\"624\" data-end=\"637\">Spiraali t\u00fc\u00fcp<\/strong>: V\u00f5rgusilma (Mesh) spiraali tehnoloogia<br data-start=\"659\" data-end=\"662\" \/><strong data-start=\"662\" data-end=\"671\">Kasutamine<\/strong>: Kasutamiseks valmis, laetav pikemaks kasutamiseks<br data-start=\"731\" data-end=\"734\" \/><strong data-start=\"734\" data-end=\"744\">P\u00e4ritolu<\/strong>: Valmistatud Hiinas<\/p>\n<h2>\u00a0Mesii 80000 pahviga vape hulgim\u00fc\u00fcgi maitsete nimekiri:<\/h2>\n<p>1. Sidruni-laimi<br \/>\n2. Greibi roheline tee<br \/>\n3.Merebriisi m\u00fcnt<br \/>\n4.Jasmiini vaarikas<br \/>\n5.Virsik+<br \/>\n6. Baja Splash<br \/>\n7.Ananassi granadilli Baja<br \/>\n8.Maasika-virsiku+<br \/>\n9.Troopiline vikerkaarepomm<br \/>\n10.J\u00f5hvika-apelsini Baja Splash<br \/>\n11.Topelt virsiku laim<br \/>\n12.Valge virsiku Baja Splash<\/p>\n<p><span style=\"vertical-align: inherit\">Leia rohkem tooteid, mis sulle meeldida v\u00f5iksid:<\/span><em><a href=\"https:\/\/wa.me\/8618077105796\"><span style=\"vertical-align: inherit\">\u00a0Osta kohe<\/span><\/a><\/em><\/p>\n<p><span style=\"vertical-align: inherit\">Teised e-sigaretid, mis sulle meeldida v\u00f5ivad:<\/span><a href=\"https:\/\/vapebulkp.com\/et\/product\/aivono-fat-bear-80000-puffs-3-flavors-modes-disposable-vape-bulk-wholesale\/\"><span style=\"vertical-align: inherit\">Aivono Fat Bear 80000 Puhvi<\/span><\/a>\/<a href=\"https:\/\/vapebulkp.com\/et\/product\/bood-lumo-60000-puffs-best-price-disposable-vape-2-5-nicotine\/\"><span style=\"vertical-align: inherit\">BOOD LUMO 60000 mahvi<\/span><\/a><\/p>\n<p><a href=\"https:\/\/vapebulkp.com\/et\/product\/bang-king-pin-50000-puffs-premium-disposable-vaporizer-wholesale-price\/\"><span style=\"vertical-align: inherit\">Bang King Pin 50000 t\u00f5mmet <\/span><\/a><span style=\"vertical-align: inherit\">\/ <\/span><a href=\"https:\/\/vapebulkp.com\/et\/product\/zooy-rainbow-box-16000-puffs-bulk-price-disposable-vape\/\"><span style=\"vertical-align: inherit\">zooy vikerkaare karp 16000 mahvi<\/span><\/a><\/p>\n<p>&nbsp;<\/p>\n<h2 data-start=\"55\" data-end=\"75\">Saatmisviisid<\/h2>\n<p data-start=\"77\" data-end=\"345\">Vapebulkp.com-is teeme koost\u00f6\u00f6d juhtivate kullerfirmadega nagu UPS, DHL, FedEx ja DPD, et pakkuda kiiret ja usaldusv\u00e4\u00e4rset kohaletoimetamist. S\u00f5ltuvalt sihtriigist valime k\u00f5ige sobivama saatmisviisi, et teie tellimus j\u00f5uaks kohale v\u00f5imalikult kiiresti ja ohutult.<\/p>\n<ul data-start=\"347\" data-end=\"509\">\n<li data-start=\"347\" data-end=\"429\">\n<p data-start=\"349\" data-end=\"429\"><strong data-start=\"349\" data-end=\"383\">Kohaletoimetamine Eestisse:<\/strong> Tavaliselt v\u00f5tab kohaletoimetamine aega umbes 10 p\u00e4eva.<\/p>\n<\/li>\n<li data-start=\"430\" data-end=\"506\">\n<p data-start=\"432\" data-end=\"506\"><strong data-start=\"432\" data-end=\"467\">Kohaletoimetamine Euroopa riikidesse:<\/strong> Tavaliselt v\u00f5tab aega 12\u201315 p\u00e4eva.<\/p>\n<\/li>\n<\/ul>\n<p data-start=\"510\" data-end=\"603\">Pakume reaalajas j\u00e4lgimisv\u00e4rskendusi, et saaksite oma saadetist igal sammul j\u00e4lgida.<\/p>\n<p data-start=\"605\" data-end=\"856\">Et pakkuda teile probleemivaba ostukogemust, tegeleme teie eest k\u00f5igi tollivormistuse protseduuridega. Muretseda pole vaja t\u00e4iendavate maksude v\u00f5i tasude p\u00e4rast ning garanteerime, et 100% meie saadetistest l\u00e4bib tolli probleemideta.<\/p>\n<p data-start=\"858\" data-end=\"956\">Ostke enesekindlalt saidilt Vapebulkp.com, teades, et teie tellimus on asjatundlikes k\u00e4tes alates kassast kuni kohaletoimetamiseni.<\/p>","protected":false},"excerpt":{"rendered":"<p data-start=\"138\" data-end=\"318\">Mesii 80000 t\u00f5mmet 7-\u00fches \u00fchekordne veip v\u00f5rgusilma m\u00e4hisega, 35 ml mahutavusega ja C-t\u00fc\u00fcpi laadimisega. Kvaliteetne veibipliiats sujuvaks ja kauakestvaks toimimiseks.<\/p>\n<p>Soodushinna saamiseks v\u00f5tke \u00fchendust Mandy WhatsAppiga<a href=\"https:\/\/wa.me\/8618077105796\">+8618077105796<\/a><\/p>\n<p><img decoding=\"async\" class=\"alignnone wp-image-2151\" src=\"http:\/\/vapebulkp.com\/wp-content\/uploads\/2024\/04\/Mandy-WhatsApp-Randm.jpg\" alt=\"Mandy WhatsAppi tutvustus\" width=\"297\" height=\"316\" srcset=\"https:\/\/vapebulkp.com\/wp-content\/uploads\/2024\/04\/Mandy-WhatsApp-Randm.jpg 916w, https:\/\/vapebulkp.com\/wp-content\/uploads\/2024\/04\/Mandy-WhatsApp-Randm-282x300.jpg 282w, https:\/\/vapebulkp.com\/wp-content\/uploads\/2024\/04\/Mandy-WhatsApp-Randm-768x817.jpg 768w, https:\/\/vapebulkp.com\/wp-content\/uploads\/2024\/04\/Mandy-WhatsApp-Randm-600x638.jpg 600w\" sizes=\"(max-width: 297px) 100vw, 297px\" \/><\/p>\n<p><span style=\"color: #ff0000\">M\u00c4RKUS: Meie veebisaidi hinnad ei sisalda saatmiskulusid<\/span><\/p>\n<p>Peamine ostup\u00f5hjus<br \/>\n1. Suurep\u00e4rane kvaliteet ja v\u00f5rreldamatu j\u00f5udlus.<\/p>\n<p>2. Konkurentsiv\u00f5imeline hind ja kiire v\u00e4\u00e4rtus.<\/p>\n<p>3. Mitmed valikud ja \u00f5igeaegne kohaletoimetamine.<\/p>\n<p>4. Rahulolu pakkuv ostukogemus<\/p>","protected":false},"featured_media":3940,"comment_status":"open","ping_status":"closed","template":"","meta":{"_uag_custom_page_level_css":"","_lmt_disableupdate":"no","_lmt_disable":"","site-sidebar-layout":"default","site-content-layout":"content-boxed-container","ast-site-content-layout":"normal-width-container","site-content-style":"boxed","site-sidebar-style":"unboxed","ast-global-header-display":"","ast-banner-title-visibility":"","ast-main-header-display":"","ast-hfb-above-header-display":"","ast-hfb-below-header-display":"","ast-hfb-mobile-header-display":"","site-post-title":"","ast-breadcrumbs-content":"","ast-featured-img":"","footer-sml-layout":"","theme-transparent-header-meta":"default","adv-header-id-meta":"","stick-header-meta":"","header-above-stick-meta":"","header-main-stick-meta":"","header-below-stick-meta":"","astra-migrate-meta-layouts":"set","_joinchat":[]},"product_cat":[247,153,155,33,59,100,354,87,34,158,157,154,152,58,84,156,63,32],"product_tag":[36,37,269,41,40],"class_list":["post-3942","product","type-product","status-publish","has-post-thumbnail","hentry","product_cat-80000-puffs-disposable-vape","product_cat-hot-disposable-vapes","product_cat-belgium-hot-disposable-vapes","product_cat-france-vape-hot-sale","product_cat-germany-hot-disposable-vape","product_cat-germany-wholesale-vape-shop","product_cat-mesii-vape","product_cat-minimum-order-quantity-50pcs","product_cat-netherlands-vape-good-sale","product_cat-norway-hot-disposable-vapes","product_cat-poland-hot-disposable-vapes","product_cat-portugal-hot-disposable-vapes","product_cat-spain-hot-disposable-vapes","product_cat-sweden-hot-disposable-vape","product_cat-sweden-wholesale-vape","product_cat-switzerland-hot-disposable-vapes","product_cat-top-sale-disposable-vape","product_cat-vape-hot-sale-this-week","product_tag-good-vape","product_tag-hot-sale-disposable-vape","product_tag-mesii-80000-puffs","product_tag-poland-hot-vape","product_tag-sweden-hot-vape","pa_brand-mesii-vape","desktop-align-left","tablet-align-left","mobile-align-left"],"yoast_head":"<!-- This site is optimized with the Yoast SEO plugin v21.1 - https:\/\/yoast.com\/wordpress\/plugins\/seo\/ -->\n<title>Mesii 80000 Puffs 7 in 1 Flavors Popular High Capacity Disposable Vape - vapebulkp.com<\/title>\n<meta name=\"description\" content=\"Shop the Mesii 7-in-1 Disposable Vape with 80000 puffs, mesh coil tech, 35ML tank, and Type-C charging. A premium long-lasting vape pen for adult users.\" \/>\n<meta name=\"robots\" content=\"index, follow, max-snippet:-1, max-image-preview:large, max-video-preview:-1\" \/>\n<link rel=\"canonical\" href=\"https:\/\/vapebulkp.com\/et\/product\/mesii-80000-puffs-7-in-1-flavors-popular-high-capacity-disposable-vape\/\" \/>\n<meta property=\"og:locale\" content=\"et_EE\" \/>\n<meta property=\"og:type\" content=\"article\" \/>\n<meta property=\"og:title\" content=\"Mesii 80000 Puffs 7 in 1 Flavors Popular High Capacity Disposable Vape - vapebulkp.com\" \/>\n<meta property=\"og:description\" content=\"Shop the Mesii 7-in-1 Disposable Vape with 80000 puffs, mesh coil tech, 35ML tank, and Type-C charging. A premium long-lasting vape pen for adult users.\" \/>\n<meta property=\"og:url\" content=\"https:\/\/vapebulkp.com\/et\/product\/mesii-80000-puffs-7-in-1-flavors-popular-high-capacity-disposable-vape\/\" \/>\n<meta property=\"og:site_name\" content=\"vapebulkp.com\" \/>\n<meta property=\"article:modified_time\" content=\"2025-09-24T03:00:05+00:00\" \/>\n<meta property=\"og:image\" content=\"http:\/\/vapebulkp.com\/wp-content\/uploads\/2025\/07\/Poland-Top-Selling-80000-Puffs-Vape-Mesii-7-in-1-Long-Lasting-Disposable-Vape-Pen.webp\" \/>\n\t<meta property=\"og:image:width\" content=\"800\" \/>\n\t<meta property=\"og:image:height\" content=\"800\" \/>\n\t<meta property=\"og:image:type\" content=\"image\/webp\" \/>\n<meta name=\"twitter:card\" content=\"summary_large_image\" \/>\n<meta name=\"twitter:label1\" content=\"Est. reading time\" \/>\n\t<meta name=\"twitter:data1\" content=\"4 minutit\" \/>\n<script type=\"application\/ld+json\" class=\"yoast-schema-graph\">{\"@context\":\"https:\/\/schema.org\",\"@graph\":[{\"@type\":\"WebPage\",\"@id\":\"https:\/\/vapebulkp.com\/product\/mesii-80000-puffs-7-in-1-flavors-popular-high-capacity-disposable-vape\/\",\"url\":\"https:\/\/vapebulkp.com\/product\/mesii-80000-puffs-7-in-1-flavors-popular-high-capacity-disposable-vape\/\",\"name\":\"Mesii 80000 Puffs 7 in 1 Flavors Popular High Capacity Disposable Vape - vapebulkp.com\",\"isPartOf\":{\"@id\":\"https:\/\/vapebulkp.com\/#website\"},\"datePublished\":\"2025-07-14T08:35:53+00:00\",\"dateModified\":\"2025-09-24T03:00:05+00:00\",\"description\":\"Shop the Mesii 7-in-1 Disposable Vape with 80000 puffs, mesh coil tech, 35ML tank, and Type-C charging. A premium long-lasting vape pen for adult users.\",\"breadcrumb\":{\"@id\":\"https:\/\/vapebulkp.com\/product\/mesii-80000-puffs-7-in-1-flavors-popular-high-capacity-disposable-vape\/#breadcrumb\"},\"inLanguage\":\"et\",\"potentialAction\":[{\"@type\":\"ReadAction\",\"target\":[\"https:\/\/vapebulkp.com\/product\/mesii-80000-puffs-7-in-1-flavors-popular-high-capacity-disposable-vape\/\"]}]},{\"@type\":\"BreadcrumbList\",\"@id\":\"https:\/\/vapebulkp.com\/product\/mesii-80000-puffs-7-in-1-flavors-popular-high-capacity-disposable-vape\/#breadcrumb\",\"itemListElement\":[{\"@type\":\"ListItem\",\"position\":1,\"name\":\"Home\",\"item\":\"https:\/\/vapebulkp.com\/\"},{\"@type\":\"ListItem\",\"position\":2,\"name\":\"Hot Trend Vapes\",\"item\":\"https:\/\/vapebulkp.com\/vape-shop\/\"},{\"@type\":\"ListItem\",\"position\":3,\"name\":\"Mesii 80000 Puffs 7 in 1 Flavors Popular High Capacity Disposable Vape\"}]},{\"@type\":\"WebSite\",\"@id\":\"https:\/\/vapebulkp.com\/#website\",\"url\":\"https:\/\/vapebulkp.com\/\",\"name\":\"vapebulkp.com\",\"description\":\"Buy Vape In Cheap Bulk Price Near you\",\"publisher\":{\"@id\":\"https:\/\/vapebulkp.com\/#organization\"},\"potentialAction\":[{\"@type\":\"SearchAction\",\"target\":{\"@type\":\"EntryPoint\",\"urlTemplate\":\"https:\/\/vapebulkp.com\/?s={search_term_string}\"},\"query-input\":\"required name=search_term_string\"}],\"inLanguage\":\"et\"},{\"@type\":\"Organization\",\"@id\":\"https:\/\/vapebulkp.com\/#organization\",\"name\":\"vapebulkp.com\",\"url\":\"https:\/\/vapebulkp.com\/\",\"logo\":{\"@type\":\"ImageObject\",\"inLanguage\":\"et\",\"@id\":\"https:\/\/vapebulkp.com\/#\/schema\/logo\/image\/\",\"url\":\"https:\/\/vapebulkp.com\/wp-content\/uploads\/2023\/09\/cropped-vapebulkp.png\",\"contentUrl\":\"https:\/\/vapebulkp.com\/wp-content\/uploads\/2023\/09\/cropped-vapebulkp.png\",\"width\":516,\"height\":163,\"caption\":\"vapebulkp.com\"},\"image\":{\"@id\":\"https:\/\/vapebulkp.com\/#\/schema\/logo\/image\/\"}}]}<\/script>\n<!-- \/ Yoast SEO plugin. -->","yoast_head_json":{"title":"Mesii 80000 Puffs 7 in 1 Flavors Popular High Capacity Disposable Vape - vapebulkp.com","description":"Shop the Mesii 7-in-1 Disposable Vape with 80000 puffs, mesh coil tech, 35ML tank, and Type-C charging. A premium long-lasting vape pen for adult users.","robots":{"index":"index","follow":"follow","max-snippet":"max-snippet:-1","max-image-preview":"max-image-preview:large","max-video-preview":"max-video-preview:-1"},"canonical":"https:\/\/vapebulkp.com\/et\/product\/mesii-80000-puffs-7-in-1-flavors-popular-high-capacity-disposable-vape\/","og_locale":"et_EE","og_type":"article","og_title":"Mesii 80000 Puffs 7 in 1 Flavors Popular High Capacity Disposable Vape - vapebulkp.com","og_description":"Shop the Mesii 7-in-1 Disposable Vape with 80000 puffs, mesh coil tech, 35ML tank, and Type-C charging. A premium long-lasting vape pen for adult users.","og_url":"https:\/\/vapebulkp.com\/et\/product\/mesii-80000-puffs-7-in-1-flavors-popular-high-capacity-disposable-vape\/","og_site_name":"vapebulkp.com","article_modified_time":"2025-09-24T03:00:05+00:00","og_image":[{"width":800,"height":800,"url":"http:\/\/vapebulkp.com\/wp-content\/uploads\/2025\/07\/Poland-Top-Selling-80000-Puffs-Vape-Mesii-7-in-1-Long-Lasting-Disposable-Vape-Pen.webp","type":"image\/webp"}],"twitter_card":"summary_large_image","twitter_misc":{"Est. reading time":"4 minutit"},"schema":{"@context":"https:\/\/schema.org","@graph":[{"@type":"WebPage","@id":"https:\/\/vapebulkp.com\/product\/mesii-80000-puffs-7-in-1-flavors-popular-high-capacity-disposable-vape\/","url":"https:\/\/vapebulkp.com\/product\/mesii-80000-puffs-7-in-1-flavors-popular-high-capacity-disposable-vape\/","name":"Mesii 80000 Puffs 7 in 1 Flavors Popular High Capacity Disposable Vape - vapebulkp.com","isPartOf":{"@id":"https:\/\/vapebulkp.com\/#website"},"datePublished":"2025-07-14T08:35:53+00:00","dateModified":"2025-09-24T03:00:05+00:00","description":"Shop the Mesii 7-in-1 Disposable Vape with 80000 puffs, mesh coil tech, 35ML tank, and Type-C charging. A premium long-lasting vape pen for adult users.","breadcrumb":{"@id":"https:\/\/vapebulkp.com\/product\/mesii-80000-puffs-7-in-1-flavors-popular-high-capacity-disposable-vape\/#breadcrumb"},"inLanguage":"et","potentialAction":[{"@type":"ReadAction","target":["https:\/\/vapebulkp.com\/product\/mesii-80000-puffs-7-in-1-flavors-popular-high-capacity-disposable-vape\/"]}]},{"@type":"BreadcrumbList","@id":"https:\/\/vapebulkp.com\/product\/mesii-80000-puffs-7-in-1-flavors-popular-high-capacity-disposable-vape\/#breadcrumb","itemListElement":[{"@type":"ListItem","position":1,"name":"Home","item":"https:\/\/vapebulkp.com\/"},{"@type":"ListItem","position":2,"name":"Hot Trend Vapes","item":"https:\/\/vapebulkp.com\/vape-shop\/"},{"@type":"ListItem","position":3,"name":"Mesii 80000 Puffs 7 in 1 Flavors Popular High Capacity Disposable Vape"}]},{"@type":"WebSite","@id":"https:\/\/vapebulkp.com\/#website","url":"https:\/\/vapebulkp.com\/","name":"vapebulkp.com","description":"Buy Vape In Cheap Bulk Price Near you","publisher":{"@id":"https:\/\/vapebulkp.com\/#organization"},"potentialAction":[{"@type":"SearchAction","target":{"@type":"EntryPoint","urlTemplate":"https:\/\/vapebulkp.com\/?s={search_term_string}"},"query-input":"required name=search_term_string"}],"inLanguage":"et"},{"@type":"Organization","@id":"https:\/\/vapebulkp.com\/#organization","name":"vapebulkp.com","url":"https:\/\/vapebulkp.com\/","logo":{"@type":"ImageObject","inLanguage":"et","@id":"https:\/\/vapebulkp.com\/#\/schema\/logo\/image\/","url":"https:\/\/vapebulkp.com\/wp-content\/uploads\/2023\/09\/cropped-vapebulkp.png","contentUrl":"https:\/\/vapebulkp.com\/wp-content\/uploads\/2023\/09\/cropped-vapebulkp.png","width":516,"height":163,"caption":"vapebulkp.com"},"image":{"@id":"https:\/\/vapebulkp.com\/#\/schema\/logo\/image\/"}}]}},"uagb_featured_image_src":{"full":["https:\/\/vapebulkp.com\/wp-content\/uploads\/2025\/07\/Poland-Top-Selling-80000-Puffs-Vape-Mesii-7-in-1-Long-Lasting-Disposable-Vape-Pen.webp",800,800,false],"thumbnail":["https:\/\/vapebulkp.com\/wp-content\/uploads\/2025\/07\/Poland-Top-Selling-80000-Puffs-Vape-Mesii-7-in-1-Long-Lasting-Disposable-Vape-Pen-150x150.webp",150,150,true],"medium":["https:\/\/vapebulkp.com\/wp-content\/uploads\/2025\/07\/Poland-Top-Selling-80000-Puffs-Vape-Mesii-7-in-1-Long-Lasting-Disposable-Vape-Pen-300x300.webp",300,300,true],"medium_large":["https:\/\/vapebulkp.com\/wp-content\/uploads\/2025\/07\/Poland-Top-Selling-80000-Puffs-Vape-Mesii-7-in-1-Long-Lasting-Disposable-Vape-Pen-768x768.webp",768,768,true],"large":["https:\/\/vapebulkp.com\/wp-content\/uploads\/2025\/07\/Poland-Top-Selling-80000-Puffs-Vape-Mesii-7-in-1-Long-Lasting-Disposable-Vape-Pen.webp",800,800,false],"1536x1536":["https:\/\/vapebulkp.com\/wp-content\/uploads\/2025\/07\/Poland-Top-Selling-80000-Puffs-Vape-Mesii-7-in-1-Long-Lasting-Disposable-Vape-Pen.webp",800,800,false],"2048x2048":["https:\/\/vapebulkp.com\/wp-content\/uploads\/2025\/07\/Poland-Top-Selling-80000-Puffs-Vape-Mesii-7-in-1-Long-Lasting-Disposable-Vape-Pen.webp",800,800,false],"trp-custom-language-flag":["https:\/\/vapebulkp.com\/wp-content\/uploads\/2025\/07\/Poland-Top-Selling-80000-Puffs-Vape-Mesii-7-in-1-Long-Lasting-Disposable-Vape-Pen.webp",12,12,false],"woocommerce_thumbnail":["https:\/\/vapebulkp.com\/wp-content\/uploads\/2025\/07\/Poland-Top-Selling-80000-Puffs-Vape-Mesii-7-in-1-Long-Lasting-Disposable-Vape-Pen-300x300.webp",300,300,true],"woocommerce_single":["https:\/\/vapebulkp.com\/wp-content\/uploads\/2025\/07\/Poland-Top-Selling-80000-Puffs-Vape-Mesii-7-in-1-Long-Lasting-Disposable-Vape-Pen-600x600.webp",600,600,true],"woocommerce_gallery_thumbnail":["https:\/\/vapebulkp.com\/wp-content\/uploads\/2025\/07\/Poland-Top-Selling-80000-Puffs-Vape-Mesii-7-in-1-Long-Lasting-Disposable-Vape-Pen-100x100.webp",100,100,true],"wcpr-photo-reviews":["https:\/\/vapebulkp.com\/wp-content\/uploads\/2025\/07\/Poland-Top-Selling-80000-Puffs-Vape-Mesii-7-in-1-Long-Lasting-Disposable-Vape-Pen.webp",500,500,false]},"uagb_author_info":{"display_name":"Mandy vape bulk price","author_link":"https:\/\/vapebulkp.com\/et\/author\/"},"uagb_comment_info":0,"uagb_excerpt":"Mesii 80000 Puffs 7-in-1 Disposable Vape with mesh coil, 35ML capacity, and Type-C charging. A high-end vape pen for smooth, long-lasting performance. Pls Contact Mandy's WhatsApp For Discount Price+8618077105796 NOTE: Prices on our website does not include shipping costs Main reason for purchase 1. Excellent quality and unparalleled performance. 2. Competitive price and fast value.&hellip;","_links":{"self":[{"href":"https:\/\/vapebulkp.com\/et\/wp-json\/wp\/v2\/product\/3942","targetHints":{"allow":["GET"]}}],"collection":[{"href":"https:\/\/vapebulkp.com\/et\/wp-json\/wp\/v2\/product"}],"about":[{"href":"https:\/\/vapebulkp.com\/et\/wp-json\/wp\/v2\/types\/product"}],"replies":[{"embeddable":true,"href":"https:\/\/vapebulkp.com\/et\/wp-json\/wp\/v2\/comments?post=3942"}],"wp:featuredmedia":[{"embeddable":true,"href":"https:\/\/vapebulkp.com\/et\/wp-json\/wp\/v2\/media\/3940"}],"wp:attachment":[{"href":"https:\/\/vapebulkp.com\/et\/wp-json\/wp\/v2\/media?parent=3942"}],"wp:term":[{"taxonomy":"product_cat","embeddable":true,"href":"https:\/\/vapebulkp.com\/et\/wp-json\/wp\/v2\/product_cat?post=3942"},{"taxonomy":"product_tag","embeddable":true,"href":"https:\/\/vapebulkp.com\/et\/wp-json\/wp\/v2\/product_tag?post=3942"}],"curies":[{"name":"wp","href":"https:\/\/api.w.org\/{rel}","templated":true}]}}