{"id":4020,"date":"2025-07-30T10:04:55","date_gmt":"2025-07-30T08:04:55","guid":{"rendered":"https:\/\/vapebulkp.com\/?post_type=product&#038;p=4020"},"modified":"2025-09-04T10:52:40","modified_gmt":"2025-09-04T08:52:40","slug":"rahdm-tornado-50000-puffs-disposable-vape-bulk-supplier","status":"publish","type":"product","link":"https:\/\/vapebulkp.com\/et\/toode\/rahdm-tornado-50000-puffs-disposable-vape-bulk-supplier\/","title":{"rendered":"RAHDM Tornado 50000 t\u00f5mmet \u00fchekordselt kasutatav e-sigaret hulgitarnija"},"content":{"rendered":"<h2>RAHDM Tornado 50000 t\u00f5mmet \u00fchekordselt kasutatav e-sigaret hulgitarnija<\/h2>\n<div class=\"pointer-events-none h-px w-px\" aria-hidden=\"true\" data-edge=\"true\">\n<p>Veip <b>G19-RAHdM <a href=\"https:\/\/vapebulkp.com\/et\/tootekategooria\/50000-puffs-disposable-vape\/\">50000 t\u00f5mmet \u00fchekordne veip<\/a><\/b> on loodud n\u00f5udlikule veipijale, kes soovib \u00fchest seadmest v\u00f5imsust, j\u00f5udlust ja mugavust. See ei ole lihtsalt lihtne <b>\u00fchekordne vape<\/b>; see on tipptasemel veipimiss\u00fcsteem, mis on ehitatud erakordse vastupidavuse jaoks. Suure <b>50 ml eelt\u00e4idetud paagiga<\/b> ja <b>kahe v\u00f5rgust m\u00e4hisega<\/b> tehnoloogiaga pakub see uskumatult tihedat auru ja rikkalikku, \u00fchtlast maitset alates esimesest pahvist.<\/p>\n<p>See <b>kauakestev vape<\/b> on toiteallikaks vastupidav <b>500mAh laetav aku<\/b> koos <b>Type-C kiirlaadimisega<\/b>, mis minimeerib seisakuid ja tagab stabiilse, v\u00f5imsa kogemuse. Integreeritud <b>digitaalne ekraan<\/b> annab reaalajas teavet nii e-vedeliku kui ka aku taseme kohta, andes teile t\u00e4ieliku kontrolli iga seansi \u00fcle.<\/p>\n<p>G19-RAHdM pakub kohandatud kogemust mitme veipimisre\u017eiimiga, sealhulgas Normal, Pulse+ ja Off, mis v\u00f5imaldab teil kohandada oma t\u00f5mmet. Koos <b>nikotiinisoola<\/b> tugevusega <b>2%<\/b>, pakub see sujuvat ja rahuldust pakkuvat k\u00f5rit\u00f5mmet. Vastupidavast PCTG-st valmistatud <b>premium \u00fchekordselt kasutatav e-sigaret<\/b> on nii kompaktne kui ka stiilne. See on ideaalne <b>hulgim\u00fc\u00fck vape EL<\/b> valik jaem\u00fc\u00fcjatele, kes otsivad tulusat ja n\u00f5utud toodet.<\/p>\n<\/div>\n<h6><span style=\"color: #ff0000\">Soodushinna saamiseks v\u00f5tke \u00fchendust Mandy WhatsAppiga<a style=\"color: #ff0000\" href=\"https:\/\/wa.me\/8618077105796\">+8618077105796<\/a><\/span><\/h6>\n<p><img decoding=\"async\" class=\"alignnone wp-image-2151\" src=\"http:\/\/vapebulkp.com\/wp-content\/uploads\/2024\/04\/Mandy-WhatsApp-Randm.jpg\" alt=\"Mandy WhatsAppi tutvustus\" width=\"271\" height=\"289\" srcset=\"https:\/\/vapebulkp.com\/wp-content\/uploads\/2024\/04\/Mandy-WhatsApp-Randm.jpg 916w, https:\/\/vapebulkp.com\/wp-content\/uploads\/2024\/04\/Mandy-WhatsApp-Randm-282x300.jpg 282w, https:\/\/vapebulkp.com\/wp-content\/uploads\/2024\/04\/Mandy-WhatsApp-Randm-768x817.jpg 768w, https:\/\/vapebulkp.com\/wp-content\/uploads\/2024\/04\/Mandy-WhatsApp-Randm-600x638.jpg 600w\" sizes=\"(max-width: 271px) 100vw, 271px\" \/><\/p>\n<h2><strong>Miks osta suure pahvikogusega veip RAHDM tornado 50000 pahvi <a href=\"https:\/\/vapebulkp.com\/et\/\">Vapebulkp.com<\/a>?<\/strong><\/h2>\n<p data-start=\"194\" data-end=\"484\">Vapebulkp.com-is pakume autentseid <strong data-start=\"235\" data-end=\"280\">RAHDM Tornado 50000 Puffs nutiveipe<\/strong>\u00a0konkurentsiv\u00f5imeliste hulgihindadega kiire ja usaldusv\u00e4\u00e4rse kohaletoimetamisega. Meie kliendid saavad nautida ehtsaid tooteid, millel on kvaliteedigarantii, lisaks asjatundlikku kliendituge, mis aitab teil valida t\u00e4iusliku veibiseadme.<\/p>\n<p data-start=\"486\" data-end=\"871\">Oleme uhked, et pakume laia valikut suure j\u00f5udlusega \u00fchekordselt kasutatavaid veipe, millel on sellised funktsioonid nagu kauakestev aku, suur e-vedeliku mahutavus ja uuenduslikud disainid \u2013 k\u00f5ik on valmis saatmiseks hulgi- v\u00f5i \u00fcksikutes \u00fchikutes. Kui ostate Vapebulkp.com-ist, saate usaldusv\u00e4\u00e4rseid tooteid, suurep\u00e4rast v\u00e4\u00e4rtust ja sujuva ostukogemuse, mis on kohandatud nii jaem\u00fc\u00fcjatele kui ka \u00fcksikutele veipijatele.<\/p>\n<div class=\"faqs-answer\">\n<h2 data-start=\"55\" data-end=\"63\">KKK<\/h2>\n<p data-start=\"65\" data-end=\"223\"><strong data-start=\"65\" data-end=\"97\">Kas tarnite RAHDM tornado vape'i hulgim\u00fc\u00fcki rahvusvaheliselt?<\/strong><br data-start=\"97\" data-end=\"100\" \/>Jah, Vapebulkp.com tarnib enamikku riikidesse \u00fcle maailma ja tegeleb kogu tollivormistusega, et tagada t\u00f5rgeteta kohaletoimetamine.<\/p>\n<p data-start=\"389\" data-end=\"542\"><strong data-start=\"389\" data-end=\"418\">Kuidas ma saan oma tellimust j\u00e4lgida?<\/strong><br data-start=\"418\" data-end=\"421\" \/>Kui teie tellimus on saadetud, saate e-posti teel j\u00e4lgimisnumbri, et saaksite h\u00f5lpsalt oma paketi olekut j\u00e4lgida.<\/p>\n<p data-start=\"544\" data-end=\"699\"><strong data-start=\"544\" data-end=\"574\">Kas ma saan kiiremat kohaletoimetamist?<\/strong><br data-start=\"574\" data-end=\"577\" \/>Kiiremaks kohaletoimetamiseks soovitame tellida meie Euroopa laost, mis pakub kiiremat t\u00f6\u00f6tlemist ja tarneaegu.<\/p>\n<p data-start=\"888\" data-end=\"1079\"><strong data-start=\"888\" data-end=\"950\">Mida ma peaksin tegema, kui ma saan kahjustatud v\u00f5i defektse toote?<\/strong><br data-start=\"950\" data-end=\"953\" \/>Kui saate kahjustatud v\u00f5i defektse kauba, v\u00f5tke asendamise v\u00f5i lahenduse saamiseks kiiresti \u00fchendust meie klienditeeninduse meeskonnaga.<\/p>\n<p data-start=\"1081\" data-end=\"1235\"><strong data-start=\"1081\" data-end=\"1125\">Kuidas ma saan teie klienditeenindusega \u00fchendust v\u00f5tta?<\/strong><br data-start=\"1125\" data-end=\"1128\" \/>Kiire abi saamiseks v\u00f5ite meiega \u00fchendust v\u00f5tta e-posti, WhatsAppi v\u00f5i meie veebisaidi reaalajas vestluse kaudu.<\/p>\n<\/div>\n<h4><\/h4>\n<h2 data-start=\"52\" data-end=\"122\"><strong data-start=\"52\" data-end=\"122\">RAHDM tornado 50000 Puffs nutikad e-sigaretid \u2013 toote spetsifikatsioonid<\/strong><\/h2>\n<p><strong data-start=\"189\" data-end=\"198\">Mudel<\/strong>: G19-RAHdM \u00fchekordne e-sigaret<br data-start=\"225\" data-end=\"228\" \/><strong data-start=\"228\" data-end=\"242\">Pahvide arv<\/strong>: Kuni 50000 t\u00f5mmet pikaajaliseks veipimiseks<br data-start=\"294\" data-end=\"297\" \/><strong data-start=\"297\" data-end=\"318\">Nikotiini tugevus<\/strong>: 2% nikotiinisool sujuvaks kurgutunnetuseks<br data-start=\"360\" data-end=\"363\" \/><strong data-start=\"363\" data-end=\"384\">E-vedeliku maht<\/strong>: 50ml eelt\u00e4idetud pikendatud kasutamiseks<br data-start=\"418\" data-end=\"421\" \/><strong data-start=\"421\" data-end=\"441\" data-is-only-node=\"\">Aku mahtuvus<\/strong>: Sisseehitatud 500mAh taaslaetav aku<br data-start=\"479\" data-end=\"482\" \/><strong data-start=\"482\" data-end=\"499\">Sisendpinge<\/strong>: 3.2V kuni 3.6V stabiilne v\u00f5imsusv\u00e4ljund<br data-start=\"533\" data-end=\"536\" \/><strong data-start=\"536\" data-end=\"549\">Spiraali t\u00fc\u00fcp<\/strong>: Kahekordne v\u00f5rgustikspiraal 1.0\u03a9 v\u00e4ljal\u00fclitatud, normaalse ja pulsiplussre\u017eiimiga kohandatavaks veipimiskogemuseks<br data-start=\"641\" data-end=\"644\" \/><strong data-start=\"644\" data-end=\"656\">Materjal<\/strong>: Vastupidav ja ohutu PCTG korpus<br data-start=\"684\" data-end=\"687\" \/><strong data-start=\"687\" data-end=\"698\">Ekraan<\/strong>: Integreeritud digitaalne ekraan n\u00e4itab aku ja e-vedeliku taset<br data-start=\"759\" data-end=\"762\" \/><strong data-start=\"762\" data-end=\"779\">Laadimisport<\/strong>: Kiirlaadiv Type-C USB port<br data-start=\"810\" data-end=\"813\" \/><strong data-start=\"813\" data-end=\"821\">Suurus<\/strong>: Kompaktne disain 83mm \u00d7 53mm \u00d7 27mm lihtsaks kaasaskandmiseks<\/p>\n<h2>RAHDM Tornado 50000 Puffs maitsete nimekiri:<\/h2>\n<p class=\"selectable-text copyable-text x15bjb6t x1n2onr6\" dir=\"ltr\">1. Vaarikas arbuus<br \/>\n2. Maasika j\u00e4\u00e4<br \/>\n3.Punane S\u00f5nn Viinamari<br \/>\n4. Troopiline puuvili<br \/>\n5.Banaan<br \/>\n6.Mustika j\u00e4\u00e4<br \/>\n7.Virsiku j\u00e4\u00e4<br \/>\n8.Ananassi kookos<br \/>\n9. Arbuusij\u00e4\u00e4<br \/>\n10.Sidruni laim<br \/>\n11.Maasikas Banaan<br \/>\n12.Mr sinine<br \/>\n13.Maasika arbuusi n\u00e4rimiskumm<br \/>\n14.Roosa limonaad<br \/>\n15.Kirsi koola<br \/>\n16.Kummikaru<\/p>\n<p><span style=\"vertical-align: inherit\">Leia rohkem tooteid, mis sulle meeldida v\u00f5iksid:<\/span><em><a href=\"https:\/\/wa.me\/8618077105796\"><span style=\"vertical-align: inherit\">\u00a0Osta kohe<\/span><\/a><\/em><\/p>\n<p><span style=\"vertical-align: inherit\">Teised e-sigaretid, mis sulle meeldida v\u00f5ivad:<\/span><a href=\"https:\/\/vapebulkp.com\/et\/toode\/uzy-triple-60000-puffs-smart-vape-wholesale-3-in-1-flavor\/\"><span style=\"vertical-align: inherit\">UZY Vape 60000 Puhvi<\/span><\/a><span style=\"vertical-align: inherit\">\u3001<\/span><a href=\"https:\/\/vapebulkp.com\/et\/toode\/vozol-rave-40000-puffs-hot-sale-nicotine-salt-disposable-vaporizer\/\"><span style=\"vertical-align: inherit\">Vozol Rave 40000 Puhvi<\/span><\/a><span style=\"vertical-align: inherit\">\/ <\/span><a href=\"https:\/\/vapebulkp.com\/et\/toode\/bang-box-80000-puffs-3-in-1-wholesale-vape-supply\/\"><span style=\"vertical-align: inherit\">Bang Box 80000 Puhviga<\/span><\/a><span style=\"vertical-align: inherit\">\/ <\/span><a href=\"https:\/\/vapebulkp.com\/et\/toode\/bang-leader-85000-puffs-electronic-cigarette-wholesale-price-15-flavors\/\"><span style=\"vertical-align: inherit\">Bang Leader 85000 mahvi<\/span><\/a><\/p>\n<h2 data-start=\"55\" data-end=\"75\">Saatmisviisid<\/h2>\n<p data-start=\"77\" data-end=\"345\">Vapebulkp.com-is teeme koost\u00f6\u00f6d juhtivate kullerfirmadega nagu UPS, DHL, FedEx ja DPD, et pakkuda kiiret ja usaldusv\u00e4\u00e4rset kohaletoimetamist. S\u00f5ltuvalt sihtriigist valime k\u00f5ige sobivama saatmisviisi, et teie tellimus j\u00f5uaks kohale v\u00f5imalikult kiiresti ja ohutult.<\/p>\n<ul data-start=\"347\" data-end=\"509\">\n<li data-start=\"347\" data-end=\"429\">\n<p data-start=\"349\" data-end=\"429\"><strong data-start=\"349\" data-end=\"383\">Kohaletoimetamine Eestisse:<\/strong> Tavaliselt v\u00f5tab kohaletoimetamine aega umbes 10 p\u00e4eva.<\/p>\n<\/li>\n<li data-start=\"430\" data-end=\"506\">\n<p data-start=\"432\" data-end=\"506\"><strong data-start=\"432\" data-end=\"467\">Kohaletoimetamine Euroopa riikidesse:<\/strong> Tavaliselt v\u00f5tab aega 12\u201315 p\u00e4eva.<\/p>\n<\/li>\n<\/ul>\n<p data-start=\"510\" data-end=\"603\">Pakume reaalajas j\u00e4lgimisv\u00e4rskendusi, et saaksite oma saadetist igal sammul j\u00e4lgida.<\/p>\n<p data-start=\"605\" data-end=\"856\">Et pakkuda teile probleemivaba ostukogemust, tegeleme teie eest k\u00f5igi tollivormistuse protseduuridega. Muretseda pole vaja t\u00e4iendavate maksude v\u00f5i tasude p\u00e4rast ning garanteerime, et 100% meie saadetistest l\u00e4bib tolli probleemideta.<\/p>\n<p data-start=\"858\" data-end=\"956\">Ostke enesekindlalt saidilt Vapebulkp.com, teades, et teie tellimus on asjatundlikes k\u00e4tes alates kassast kuni kohaletoimetamiseni.<\/p>","protected":false},"excerpt":{"rendered":"<article class=\"text-token-text-primary w-full\" dir=\"auto\" data-testid=\"conversation-turn-10\" data-scroll-anchor=\"true\">\n<div class=\"text-base my-auto mx-auto pb-10 [--thread-content-margin:--spacing(4)] @[37rem]:[--thread-content-margin:--spacing(6)] @[72rem]:[--thread-content-margin:--spacing(16)] px-(--thread-content-margin)\">\n<div class=\"[--thread-content-max-width:32rem] @[34rem]:[--thread-content-max-width:40rem] @[64rem]:[--thread-content-max-width:48rem] mx-auto flex max-w-(--thread-content-max-width) flex-1 text-base gap-4 md:gap-5 lg:gap-6 group\/turn-messages focus-visible:outline-hidden\">\n<div class=\"group\/conversation-turn relative flex w-full min-w-0 flex-col agent-turn\">\n<div class=\"relative flex-col gap-1 md:gap-3\">\n<div class=\"flex max-w-full flex-col grow\">\n<div class=\"min-h-8 text-message relative flex w-full flex-col items-end gap-2 text-start break-words whitespace-normal [.text-message+&amp;]:mt-5\" dir=\"auto\" data-message-author-role=\"assistant\" data-message-id=\"9612def3-530c-4871-9e19-e5f6b9349475\" data-message-model-slug=\"gpt-4o\">\n<div class=\"flex w-full flex-col gap-1 empty:hidden first:pt-[3px]\">\n<div class=\"markdown prose dark:prose-invert w-full break-words light\">\n<p data-start=\"64\" data-end=\"217\">Nautige kuni 50 000 mahvi G19 RAHDM \u00fchekordsest vape'ist, millel on 2% nikotiinisool, 50 ml e-vedelikku, nutikas ekraan ja kiirlaadimine Type-C kaudu.<\/p>\n<\/div>\n<\/div>\n<\/div>\n<\/div>\n<\/div>\n<\/div>\n<\/div>\n<\/div>\n<\/article>\n<p>Soodushinna saamiseks v\u00f5tke \u00fchendust Mandy WhatsAppiga<a href=\"https:\/\/wa.me\/8618077105796\">+8618077105796<\/a><\/p>\n<p><img decoding=\"async\" class=\"alignnone wp-image-2151\" src=\"http:\/\/vapebulkp.com\/wp-content\/uploads\/2024\/04\/Mandy-WhatsApp-Randm.jpg\" alt=\"Mandy WhatsAppi tutvustus\" width=\"297\" height=\"316\" srcset=\"https:\/\/vapebulkp.com\/wp-content\/uploads\/2024\/04\/Mandy-WhatsApp-Randm.jpg 916w, https:\/\/vapebulkp.com\/wp-content\/uploads\/2024\/04\/Mandy-WhatsApp-Randm-282x300.jpg 282w, https:\/\/vapebulkp.com\/wp-content\/uploads\/2024\/04\/Mandy-WhatsApp-Randm-768x817.jpg 768w, https:\/\/vapebulkp.com\/wp-content\/uploads\/2024\/04\/Mandy-WhatsApp-Randm-600x638.jpg 600w\" sizes=\"(max-width: 297px) 100vw, 297px\" \/><\/p>\n<p><span style=\"color: #ff0000\">M\u00c4RKUS: Meie veebisaidi hinnad ei sisalda saatmiskulusid<\/span><\/p>\n<p>Peamine ostup\u00f5hjus<br \/>\n1. Suurep\u00e4rane kvaliteet ja v\u00f5rreldamatu j\u00f5udlus.<\/p>\n<p>2. Konkurentsiv\u00f5imeline hind ja kiire v\u00e4\u00e4rtus.<\/p>\n<p>3. Mitmed valikud ja \u00f5igeaegne kohaletoimetamine.<\/p>\n<p>4. Rahulolu pakkuv ostukogemus<\/p>","protected":false},"featured_media":4017,"comment_status":"open","ping_status":"closed","template":"","meta":{"_uag_custom_page_level_css":"","_lmt_disableupdate":"no","_lmt_disable":"","site-sidebar-layout":"default","site-content-layout":"content-boxed-container","ast-site-content-layout":"normal-width-container","site-content-style":"boxed","site-sidebar-style":"unboxed","ast-global-header-display":"","ast-banner-title-visibility":"","ast-main-header-display":"","ast-hfb-above-header-display":"","ast-hfb-below-header-display":"","ast-hfb-mobile-header-display":"","site-post-title":"","ast-breadcrumbs-content":"","ast-featured-img":"","footer-sml-layout":"","theme-transparent-header-meta":"default","adv-header-id-meta":"","stick-header-meta":"","header-above-stick-meta":"","header-main-stick-meta":"","header-below-stick-meta":"","astra-migrate-meta-layouts":"set","_joinchat":[]},"product_cat":[194,153,155,33,59,100,87,34,158,157,154,152,58,84,156,63,32],"product_tag":[36,37,41,286,278,40],"class_list":["post-4020","product","type-product","status-publish","has-post-thumbnail","hentry","product_cat-50000-puffs-disposable-vape","product_cat-hot-disposable-vapes","product_cat-belgium-hot-disposable-vapes","product_cat-france-vape-hot-sale","product_cat-germany-hot-disposable-vape","product_cat-germany-wholesale-vape-shop","product_cat-minimum-order-quantity-50pcs","product_cat-netherlands-vape-good-sale","product_cat-norway-hot-disposable-vapes","product_cat-poland-hot-disposable-vapes","product_cat-portugal-hot-disposable-vapes","product_cat-spain-hot-disposable-vapes","product_cat-sweden-hot-disposable-vape","product_cat-sweden-wholesale-vape","product_cat-switzerland-hot-disposable-vapes","product_cat-top-sale-disposable-vape","product_cat-vape-hot-sale-this-week","product_tag-good-vape","product_tag-hot-sale-disposable-vape","product_tag-poland-hot-vape","product_tag-puffs-stock-in-europe","product_tag-rahdm-tornado-50000-puffs","product_tag-sweden-hot-vape","desktop-align-left","tablet-align-left","mobile-align-left"],"yoast_head":"<!-- This site is optimized with the Yoast SEO plugin v21.1 - https:\/\/yoast.com\/wordpress\/plugins\/seo\/ -->\n<title>RAHDM Tornado 50000 Puffs Disposable Vape Bulk Supplier - vapebulkp.com<\/title>\n<meta name=\"description\" content=\"Enjoy 50000 puffs of smooth flavor with the G19 RAHDM disposable vape featuring 2% nicotine salt, 50ml juice, smart display, and Type-C fast charging.\" \/>\n<meta name=\"robots\" content=\"index, follow, max-snippet:-1, max-image-preview:large, max-video-preview:-1\" \/>\n<link rel=\"canonical\" href=\"https:\/\/vapebulkp.com\/et\/toode\/rahdm-tornado-50000-puffs-disposable-vape-bulk-supplier\/\" \/>\n<meta property=\"og:locale\" content=\"et_EE\" \/>\n<meta property=\"og:type\" content=\"article\" \/>\n<meta property=\"og:title\" content=\"RAHDM Tornado 50000 Puffs Disposable Vape Bulk Supplier - vapebulkp.com\" \/>\n<meta property=\"og:description\" content=\"Enjoy 50000 puffs of smooth flavor with the G19 RAHDM disposable vape featuring 2% nicotine salt, 50ml juice, smart display, and Type-C fast charging.\" \/>\n<meta property=\"og:url\" content=\"https:\/\/vapebulkp.com\/et\/toode\/rahdm-tornado-50000-puffs-disposable-vape-bulk-supplier\/\" \/>\n<meta property=\"og:site_name\" content=\"vapebulkp.com\" \/>\n<meta property=\"article:modified_time\" content=\"2025-09-04T08:52:40+00:00\" \/>\n<meta property=\"og:image\" content=\"http:\/\/vapebulkp.com\/wp-content\/uploads\/2025\/07\/RAHDM-Tornado-50000-Best-Long-Lasting-Disposable-Vape.webp\" \/>\n\t<meta property=\"og:image:width\" content=\"800\" \/>\n\t<meta property=\"og:image:height\" content=\"800\" \/>\n\t<meta property=\"og:image:type\" content=\"image\/webp\" \/>\n<meta name=\"twitter:card\" content=\"summary_large_image\" \/>\n<meta name=\"twitter:label1\" content=\"Est. reading time\" \/>\n\t<meta name=\"twitter:data1\" content=\"4 minutit\" \/>\n<script type=\"application\/ld+json\" class=\"yoast-schema-graph\">{\"@context\":\"https:\/\/schema.org\",\"@graph\":[{\"@type\":\"WebPage\",\"@id\":\"https:\/\/vapebulkp.com\/product\/rahdm-tornado-50000-puffs-disposable-vape-bulk-supplier\/\",\"url\":\"https:\/\/vapebulkp.com\/product\/rahdm-tornado-50000-puffs-disposable-vape-bulk-supplier\/\",\"name\":\"RAHDM Tornado 50000 Puffs Disposable Vape Bulk Supplier - vapebulkp.com\",\"isPartOf\":{\"@id\":\"https:\/\/vapebulkp.com\/#website\"},\"datePublished\":\"2025-07-30T08:04:55+00:00\",\"dateModified\":\"2025-09-04T08:52:40+00:00\",\"description\":\"Enjoy 50000 puffs of smooth flavor with the G19 RAHDM disposable vape featuring 2% nicotine salt, 50ml juice, smart display, and Type-C fast charging.\",\"breadcrumb\":{\"@id\":\"https:\/\/vapebulkp.com\/product\/rahdm-tornado-50000-puffs-disposable-vape-bulk-supplier\/#breadcrumb\"},\"inLanguage\":\"et\",\"potentialAction\":[{\"@type\":\"ReadAction\",\"target\":[\"https:\/\/vapebulkp.com\/product\/rahdm-tornado-50000-puffs-disposable-vape-bulk-supplier\/\"]}]},{\"@type\":\"BreadcrumbList\",\"@id\":\"https:\/\/vapebulkp.com\/product\/rahdm-tornado-50000-puffs-disposable-vape-bulk-supplier\/#breadcrumb\",\"itemListElement\":[{\"@type\":\"ListItem\",\"position\":1,\"name\":\"Home\",\"item\":\"https:\/\/vapebulkp.com\/\"},{\"@type\":\"ListItem\",\"position\":2,\"name\":\"Hot Trend Vapes\",\"item\":\"https:\/\/vapebulkp.com\/vape-shop\/\"},{\"@type\":\"ListItem\",\"position\":3,\"name\":\"RAHDM Tornado 50000 Puffs Disposable Vape Bulk Supplier\"}]},{\"@type\":\"WebSite\",\"@id\":\"https:\/\/vapebulkp.com\/#website\",\"url\":\"https:\/\/vapebulkp.com\/\",\"name\":\"vapebulkp.com\",\"description\":\"Buy Vape In Cheap Bulk Price Near you\",\"publisher\":{\"@id\":\"https:\/\/vapebulkp.com\/#organization\"},\"potentialAction\":[{\"@type\":\"SearchAction\",\"target\":{\"@type\":\"EntryPoint\",\"urlTemplate\":\"https:\/\/vapebulkp.com\/?s={search_term_string}\"},\"query-input\":\"required name=search_term_string\"}],\"inLanguage\":\"et\"},{\"@type\":\"Organization\",\"@id\":\"https:\/\/vapebulkp.com\/#organization\",\"name\":\"vapebulkp.com\",\"url\":\"https:\/\/vapebulkp.com\/\",\"logo\":{\"@type\":\"ImageObject\",\"inLanguage\":\"et\",\"@id\":\"https:\/\/vapebulkp.com\/#\/schema\/logo\/image\/\",\"url\":\"https:\/\/vapebulkp.com\/wp-content\/uploads\/2023\/09\/cropped-vapebulkp.png\",\"contentUrl\":\"https:\/\/vapebulkp.com\/wp-content\/uploads\/2023\/09\/cropped-vapebulkp.png\",\"width\":516,\"height\":163,\"caption\":\"vapebulkp.com\"},\"image\":{\"@id\":\"https:\/\/vapebulkp.com\/#\/schema\/logo\/image\/\"}}]}<\/script>\n<!-- \/ Yoast SEO plugin. -->","yoast_head_json":{"title":"RAHDM Tornado 50000 Puffs Disposable Vape Bulk Supplier - vapebulkp.com","description":"Enjoy 50000 puffs of smooth flavor with the G19 RAHDM disposable vape featuring 2% nicotine salt, 50ml juice, smart display, and Type-C fast charging.","robots":{"index":"index","follow":"follow","max-snippet":"max-snippet:-1","max-image-preview":"max-image-preview:large","max-video-preview":"max-video-preview:-1"},"canonical":"https:\/\/vapebulkp.com\/et\/toode\/rahdm-tornado-50000-puffs-disposable-vape-bulk-supplier\/","og_locale":"et_EE","og_type":"article","og_title":"RAHDM Tornado 50000 Puffs Disposable Vape Bulk Supplier - vapebulkp.com","og_description":"Enjoy 50000 puffs of smooth flavor with the G19 RAHDM disposable vape featuring 2% nicotine salt, 50ml juice, smart display, and Type-C fast charging.","og_url":"https:\/\/vapebulkp.com\/et\/toode\/rahdm-tornado-50000-puffs-disposable-vape-bulk-supplier\/","og_site_name":"vapebulkp.com","article_modified_time":"2025-09-04T08:52:40+00:00","og_image":[{"width":800,"height":800,"url":"http:\/\/vapebulkp.com\/wp-content\/uploads\/2025\/07\/RAHDM-Tornado-50000-Best-Long-Lasting-Disposable-Vape.webp","type":"image\/webp"}],"twitter_card":"summary_large_image","twitter_misc":{"Est. reading time":"4 minutit"},"schema":{"@context":"https:\/\/schema.org","@graph":[{"@type":"WebPage","@id":"https:\/\/vapebulkp.com\/product\/rahdm-tornado-50000-puffs-disposable-vape-bulk-supplier\/","url":"https:\/\/vapebulkp.com\/product\/rahdm-tornado-50000-puffs-disposable-vape-bulk-supplier\/","name":"RAHDM Tornado 50000 Puffs Disposable Vape Bulk Supplier - vapebulkp.com","isPartOf":{"@id":"https:\/\/vapebulkp.com\/#website"},"datePublished":"2025-07-30T08:04:55+00:00","dateModified":"2025-09-04T08:52:40+00:00","description":"Enjoy 50000 puffs of smooth flavor with the G19 RAHDM disposable vape featuring 2% nicotine salt, 50ml juice, smart display, and Type-C fast charging.","breadcrumb":{"@id":"https:\/\/vapebulkp.com\/product\/rahdm-tornado-50000-puffs-disposable-vape-bulk-supplier\/#breadcrumb"},"inLanguage":"et","potentialAction":[{"@type":"ReadAction","target":["https:\/\/vapebulkp.com\/product\/rahdm-tornado-50000-puffs-disposable-vape-bulk-supplier\/"]}]},{"@type":"BreadcrumbList","@id":"https:\/\/vapebulkp.com\/product\/rahdm-tornado-50000-puffs-disposable-vape-bulk-supplier\/#breadcrumb","itemListElement":[{"@type":"ListItem","position":1,"name":"Home","item":"https:\/\/vapebulkp.com\/"},{"@type":"ListItem","position":2,"name":"Hot Trend Vapes","item":"https:\/\/vapebulkp.com\/vape-shop\/"},{"@type":"ListItem","position":3,"name":"RAHDM Tornado 50000 Puffs Disposable Vape Bulk Supplier"}]},{"@type":"WebSite","@id":"https:\/\/vapebulkp.com\/#website","url":"https:\/\/vapebulkp.com\/","name":"vapebulkp.com","description":"Buy Vape In Cheap Bulk Price Near you","publisher":{"@id":"https:\/\/vapebulkp.com\/#organization"},"potentialAction":[{"@type":"SearchAction","target":{"@type":"EntryPoint","urlTemplate":"https:\/\/vapebulkp.com\/?s={search_term_string}"},"query-input":"required name=search_term_string"}],"inLanguage":"et"},{"@type":"Organization","@id":"https:\/\/vapebulkp.com\/#organization","name":"vapebulkp.com","url":"https:\/\/vapebulkp.com\/","logo":{"@type":"ImageObject","inLanguage":"et","@id":"https:\/\/vapebulkp.com\/#\/schema\/logo\/image\/","url":"https:\/\/vapebulkp.com\/wp-content\/uploads\/2023\/09\/cropped-vapebulkp.png","contentUrl":"https:\/\/vapebulkp.com\/wp-content\/uploads\/2023\/09\/cropped-vapebulkp.png","width":516,"height":163,"caption":"vapebulkp.com"},"image":{"@id":"https:\/\/vapebulkp.com\/#\/schema\/logo\/image\/"}}]}},"uagb_featured_image_src":{"full":["https:\/\/vapebulkp.com\/wp-content\/uploads\/2025\/07\/RAHDM-Tornado-50000-Best-Long-Lasting-Disposable-Vape.webp",800,800,false],"thumbnail":["https:\/\/vapebulkp.com\/wp-content\/uploads\/2025\/07\/RAHDM-Tornado-50000-Best-Long-Lasting-Disposable-Vape-150x150.webp",150,150,true],"medium":["https:\/\/vapebulkp.com\/wp-content\/uploads\/2025\/07\/RAHDM-Tornado-50000-Best-Long-Lasting-Disposable-Vape-300x300.webp",300,300,true],"medium_large":["https:\/\/vapebulkp.com\/wp-content\/uploads\/2025\/07\/RAHDM-Tornado-50000-Best-Long-Lasting-Disposable-Vape-768x768.webp",768,768,true],"large":["https:\/\/vapebulkp.com\/wp-content\/uploads\/2025\/07\/RAHDM-Tornado-50000-Best-Long-Lasting-Disposable-Vape.webp",800,800,false],"1536x1536":["https:\/\/vapebulkp.com\/wp-content\/uploads\/2025\/07\/RAHDM-Tornado-50000-Best-Long-Lasting-Disposable-Vape.webp",800,800,false],"2048x2048":["https:\/\/vapebulkp.com\/wp-content\/uploads\/2025\/07\/RAHDM-Tornado-50000-Best-Long-Lasting-Disposable-Vape.webp",800,800,false],"trp-custom-language-flag":["https:\/\/vapebulkp.com\/wp-content\/uploads\/2025\/07\/RAHDM-Tornado-50000-Best-Long-Lasting-Disposable-Vape.webp",12,12,false],"woocommerce_thumbnail":["https:\/\/vapebulkp.com\/wp-content\/uploads\/2025\/07\/RAHDM-Tornado-50000-Best-Long-Lasting-Disposable-Vape-300x300.webp",300,300,true],"woocommerce_single":["https:\/\/vapebulkp.com\/wp-content\/uploads\/2025\/07\/RAHDM-Tornado-50000-Best-Long-Lasting-Disposable-Vape-600x600.webp",600,600,true],"woocommerce_gallery_thumbnail":["https:\/\/vapebulkp.com\/wp-content\/uploads\/2025\/07\/RAHDM-Tornado-50000-Best-Long-Lasting-Disposable-Vape-100x100.webp",100,100,true],"wcpr-photo-reviews":["https:\/\/vapebulkp.com\/wp-content\/uploads\/2025\/07\/RAHDM-Tornado-50000-Best-Long-Lasting-Disposable-Vape.webp",500,500,false]},"uagb_author_info":{"display_name":"Mandy vape bulk price","author_link":"https:\/\/vapebulkp.com\/et\/author\/"},"uagb_comment_info":0,"uagb_excerpt":"Enjoy up to 50,000 smooth puffs with the G19 RAHDM disposable vape, featuring 2% nicotine salt, 50ml e-liquid, a smart display, and fast Type-C charging. Pls Contact Mandy's WhatsApp For Discount Price+8618077105796 NOTE: Prices on our website does not include shipping costs Main reason for purchase 1. Excellent quality and unparalleled performance. 2. Competitive price&hellip;","_links":{"self":[{"href":"https:\/\/vapebulkp.com\/et\/wp-json\/wp\/v2\/product\/4020","targetHints":{"allow":["GET"]}}],"collection":[{"href":"https:\/\/vapebulkp.com\/et\/wp-json\/wp\/v2\/product"}],"about":[{"href":"https:\/\/vapebulkp.com\/et\/wp-json\/wp\/v2\/types\/product"}],"replies":[{"embeddable":true,"href":"https:\/\/vapebulkp.com\/et\/wp-json\/wp\/v2\/comments?post=4020"}],"wp:featuredmedia":[{"embeddable":true,"href":"https:\/\/vapebulkp.com\/et\/wp-json\/wp\/v2\/media\/4017"}],"wp:attachment":[{"href":"https:\/\/vapebulkp.com\/et\/wp-json\/wp\/v2\/media?parent=4020"}],"wp:term":[{"taxonomy":"product_cat","embeddable":true,"href":"https:\/\/vapebulkp.com\/et\/wp-json\/wp\/v2\/product_cat?post=4020"},{"taxonomy":"product_tag","embeddable":true,"href":"https:\/\/vapebulkp.com\/et\/wp-json\/wp\/v2\/product_tag?post=4020"}],"curies":[{"name":"wp","href":"https:\/\/api.w.org\/{rel}","templated":true}]}}