{"id":4090,"date":"2025-08-13T05:52:14","date_gmt":"2025-08-13T03:52:14","guid":{"rendered":"https:\/\/vapebulkp.com\/?post_type=product&#038;p=4090"},"modified":"2025-09-24T05:31:10","modified_gmt":"2025-09-24T03:31:10","slug":"buy-bang-de-80000-puffs-disposable-vape-cheap-price-for-bulk-order","status":"publish","type":"product","link":"https:\/\/vapebulkp.com\/et\/product\/buy-bang-de-80000-puffs-disposable-vape-cheap-price-for-bulk-order\/","title":{"rendered":"Osta Bang DE 80000 t\u00f5mmet \u00fchekordselt kasutatav e-sigaret odav hind hulgitellimuse jaoks"},"content":{"rendered":"<h2>Osta Bang DE 80000 t\u00f5mmet \u00fchekordselt kasutatav e-sigaret odav hind hulgitellimuse jaoks<\/h2>\n<div class=\"pointer-events-none h-px w-px\" aria-hidden=\"true\" data-edge=\"true\">\n<p>Bang DE 80000 Puffs on revolutsioon \u00fchekordse veibi tehnoloogias, mis on loodud n\u00f5udlikule Euroopa turule. See Bang DE <a href=\"https:\/\/vapebulkp.com\/et\/product-category\/80000-puffs-disposable-vape\/\">80000 t\u00f5mmet \u00fchekordne veip<\/a> \u00fchendab tohutu mahutavuse t\u00e4iustatud funktsionaalsusega, tehes sellest parima valiku veipijatele, kes otsivad v\u00f5rreldamatut j\u00f5udlust ja v\u00e4\u00e4rtust.<\/p>\n<p>Kogege t\u00e4iesti uut maitsetaset revolutsioonilise 3-\u00fches Triple Flavor s\u00fcsteemiga. See uuenduslik veip-pod sisaldab kolme eraldi, eelt\u00e4idetud 20 ml e-vedeliku reservuaari, andes teile kokku 60 ml esmaklassilist e-mahla. See nutikas disain v\u00f5imaldab teil pingevabalt vahetada kolme erineva maitse vahel, v\u00e4ltides maitset\u00fcdimust ja tagades p\u00fcsivalt v\u00e4rske ja nauditava veipimiskogemuse.<\/p>\n<p>Veipiseadet toidab tugev 650 mAh laetav aku ja mugav Type-C laadimisport, mis tagab, et saate t\u00e4ielikult \u00e4ra kasutada selle uskumatut 80 000 pahvi mahutavust. Sisseehitatud 1,0\u03a9 v\u00f5rgusilma m\u00e4hisetehnoloogia pakub sujuvat ja rahuldustpakkuvat MTL t\u00f5mmet, pakkudes rikkalikku maitset ja p\u00fcsivat auru iga kasutuskorraga. Bang DE 80000 on suure j\u00f5udlusega, kulut\u00f5hus veipimislahus, mis pakub erakordset maitset ja pikaealisust, tehes sellest turuliidri nii isiklikuks kasutamiseks kui ka veipide hulgim\u00fc\u00fcgiks.<\/p>\n<\/div>\n<h6><span style=\"color: #ff0000\">Soodushinna saamiseks v\u00f5tke \u00fchendust Mandy WhatsAppiga<a style=\"color: #ff0000\" href=\"https:\/\/wa.me\/8618077105796\">+8618077105796<\/a><\/span><\/h6>\n<p><img decoding=\"async\" class=\"alignnone wp-image-2151\" src=\"http:\/\/vapebulkp.com\/wp-content\/uploads\/2024\/04\/Mandy-WhatsApp-Randm.jpg\" alt=\"Mandy WhatsAppi tutvustus\" width=\"271\" height=\"289\" srcset=\"https:\/\/vapebulkp.com\/wp-content\/uploads\/2024\/04\/Mandy-WhatsApp-Randm.jpg 916w, https:\/\/vapebulkp.com\/wp-content\/uploads\/2024\/04\/Mandy-WhatsApp-Randm-282x300.jpg 282w, https:\/\/vapebulkp.com\/wp-content\/uploads\/2024\/04\/Mandy-WhatsApp-Randm-768x817.jpg 768w, https:\/\/vapebulkp.com\/wp-content\/uploads\/2024\/04\/Mandy-WhatsApp-Randm-600x638.jpg 600w\" sizes=\"(max-width: 271px) 100vw, 271px\" \/><\/p>\n<h2><strong>Miks osta Bang DE 80k pahvi veip-podi aadressilt <a href=\"https:\/\/vapebulkp.com\/et\/\">Vapebulkp.com<\/a>?<\/strong><\/h2>\n<p>Vapebulkp.com'i valimine oma Bang DE 80000 Puffs jaoks t\u00e4hendab, et saate parima v\u00e4\u00e4rtuse ja meelerahu.<\/p>\n<ul>\n<li><b>Madalaimad hulgihinnad:<\/b> Oleme spetsialiseerunud hulgitellimustele, tagades teile turu k\u00f5ige konkurentsiv\u00f5imelisemad hinnad.<\/li>\n<li><b>100% autentsed tooted:<\/b> Hankime otse tootjalt, seega saate alati ehtsa, kvaliteetse toote.<\/li>\n<li><b>Kiire \u00fclemaailmne tarne:<\/b> Meie usaldusv\u00e4\u00e4rsed logistikapartnerid tagavad, et teie tellimus j\u00f5uab teieni kiiresti ja turvaliselt.<\/li>\n<li><b>P\u00fchendunud tugi:<\/b> Meie klienditeeninduse meeskond on alati valmis teid abistama k\u00f5igi teie k\u00fcsimustega.<\/li>\n<\/ul>\n<div class=\"faqs-answer\">\n<h2 data-start=\"55\" data-end=\"63\">KKK hulgi-veibi Bang DE 80000 Puff kohta:<\/h2>\n<p><b>K1: Mis teeb Bang DE 80k Puffs \u00fchekordse veibi unikaalseks?<\/b><\/p>\n<p><b>V1:<\/b> Sellel on unikaalne <b>3-in-1 maitses\u00fcsteemiga<\/b> kokku <b>60 ml e-vedelikku<\/b> (3x20ml kauna) ja laetav <b>650 mAh aku<\/b>, pakkudes uskumatut eluiga ja maitsevalikut.<\/p>\n<p><b>K2: Mitu pahvi ma selle seadmega saan?<\/b><\/p>\n<p><b>V2:<\/b> Bang DE on loodud pakkuma kuni <b>80000 pahvi<\/b>, mis teeb sellest \u00fche k\u00f5ige kauem kestva \u00fchekordselt kasutatava veipi.<\/p>\n<p><b>Q3: Kas seade on laetav?<\/b><\/p>\n<p><b>V3:<\/b> Jah, see on varustatud <b>650 mAh aku<\/b> ja <b>Type-C laadimisportiga<\/b>, nii et saate seda h\u00f5lpsalt laadida, et kogu e-vedelik \u00e4ra kasutada.<\/p>\n<p><b>K4: Kas see toode pakub erinevaid maitseid?<\/b><\/p>\n<p><b>V4:<\/b> Jah, seadmel on <b>3-\u00fches maitsestamiskauna s\u00fcsteem<\/b>, mis v\u00f5imaldab teil nautida kolme erinevat maitset \u00fchest seadmest.<\/p>\n<p data-start=\"389\" data-end=\"542\"><strong data-start=\"389\" data-end=\"418\">K5: Kuidas ma saan oma tellimust j\u00e4lgida?<\/strong><br data-start=\"418\" data-end=\"421\" \/><strong data-start=\"173\" data-end=\"179\">V5:<\/strong>Kui teie tellimus on saadetud, saate e-posti teel j\u00e4lgimisnumbri, et saaksite h\u00f5lpsalt oma paketi olekut j\u00e4lgida.<\/p>\n<p data-start=\"544\" data-end=\"699\"><strong data-start=\"544\" data-end=\"574\">K6: Kas ma saan kiirema saatmise?<\/strong><br data-start=\"574\" data-end=\"577\" \/><strong data-start=\"173\" data-end=\"179\">V6:<\/strong>Kiiremaks kohaletoimetamiseks soovitame tellida meie Euroopa laost, mis pakub kiiremat t\u00f6\u00f6tlemist ja tarneaegu.<\/p>\n<p data-start=\"888\" data-end=\"1079\"><strong data-start=\"888\" data-end=\"950\">K7: Mida peaksin tegema, kui saan kahjustatud v\u00f5i vigase toote?<\/strong><br data-start=\"950\" data-end=\"953\" \/><strong data-start=\"173\" data-end=\"179\">V7:<\/strong>Kui saate kahjustatud v\u00f5i defektse kauba, v\u00f5tke asendamise v\u00f5i lahenduse saamiseks kiiresti \u00fchendust meie klienditeeninduse meeskonnaga.<\/p>\n<p data-start=\"1081\" data-end=\"1235\"><strong data-start=\"1081\" data-end=\"1125\">K8: Kuidas ma saan teie klienditeenindusega \u00fchendust?<\/strong><br data-start=\"1125\" data-end=\"1128\" \/><strong data-start=\"173\" data-end=\"179\">V8:<\/strong>Kiire abi saamiseks v\u00f5ite meiega \u00fchendust v\u00f5tta e-posti, WhatsAppi v\u00f5i meie veebisaidi reaalajas vestluse kaudu.<\/p>\n<\/div>\n<h4><\/h4>\n<h2 data-start=\"52\" data-end=\"122\"><strong data-start=\"52\" data-end=\"122\">Hulgim\u00fc\u00fck Vape Bang DE 80000 pahvi \u2013 Toote spetsifikatsioonid<\/strong><\/h2>\n<table>\n<thead>\n<tr>\n<td>Bang Vape funktsioon<\/td>\n<td>Spetsifikatsioon<\/td>\n<\/tr>\n<\/thead>\n<tbody>\n<tr>\n<td><b>Mahvi<\/b><\/td>\n<td>Kuni 80 000<\/td>\n<\/tr>\n<tr>\n<td><b>E-vedeliku maht<\/b><\/td>\n<td>60ml kokku (3 x 20ml eelt\u00e4idetud kauna)<\/td>\n<\/tr>\n<tr>\n<td><b>Maitsed<\/b><\/td>\n<td>3-in-1 kolmekordne maitse s\u00fcsteem (reguleeritav)<\/td>\n<\/tr>\n<tr>\n<td><b>Aku<\/b><\/td>\n<td>650mAh (laetav)<\/td>\n<\/tr>\n<tr>\n<td><b>K\u00fcttekeha<\/b><\/td>\n<td>1.0\u03a9 v\u00f5rkk\u00fctt spiraal (kolmekordne v\u00f5rkk\u00fctt spiraali s\u00fcsteem)<\/td>\n<\/tr>\n<tr>\n<td><b>Laadimine<\/b><\/td>\n<td>Type-C port<\/td>\n<\/tr>\n<tr>\n<td><b>Nikotiini tugevus<\/b><\/td>\n<td>0%, 2%, 3%, 5% (valikud v\u00f5ivad erineda)<\/td>\n<\/tr>\n<tr>\n<td><b>Ekraan<\/b><\/td>\n<td>Nutikas LCD ekraan (n\u00e4itab aku ja e-vedeliku taset)<\/td>\n<\/tr>\n<\/tbody>\n<\/table>\n<h2>Bang DE 80000 Puffs laetava vape \u00fchekordselt kasutatavate maitsete loend:<\/h2>\n<p class=\"selectable-text copyable-text x15bjb6t x1n2onr6\" dir=\"ltr\">1. Arbuisij\u00e4\u00e4<br \/>\n2. Mustikaj\u00e4\u00e4<br \/>\n3. mustika arbuus<br \/>\n4. Must draakon j\u00e4\u00e4<br \/>\n5. Maasika arbuus<br \/>\n6. Mustika vaarikas<br \/>\n7. Mustika j\u00e4\u00e4<br \/>\n8. arbuus draakonivili<br \/>\n9. Mustika vaarikas<br \/>\n10. Arbuusi j\u00e4\u00e4<br \/>\n11. Mustika vaarikas<br \/>\n12. Kirsi koola j\u00e4\u00e4<\/p>\n<p><span style=\"vertical-align: inherit\">Leia rohkem tooteid, mis sulle meeldida v\u00f5iksid:<\/span><em><a href=\"https:\/\/wa.me\/8618077105796\"><span style=\"vertical-align: inherit\">\u00a0Osta kohe<\/span><\/a><\/em><\/p>\n<p><span style=\"vertical-align: inherit\">Teised e-sigaretid, mis sulle meeldida v\u00f5ivad:<\/span><a href=\"https:\/\/vapebulkp.com\/et\/product\/aivono-fat-bear-80000-puffs-3-flavors-modes-disposable-vape-bulk-wholesale\/\"><span style=\"vertical-align: inherit\">Aivono Fat Bear 80000 Puhvi<\/span><\/a><span style=\"vertical-align: inherit\">\u3001<\/span><a href=\"https:\/\/vapebulkp.com\/et\/product\/vozol-rave-40000-puffs-hot-sale-nicotine-salt-disposable-vaporizer\/\"><span style=\"vertical-align: inherit\">Vozol Rave 40000 Puhvi<\/span><\/a><span style=\"vertical-align: inherit\">\/ <\/span><a href=\"https:\/\/vapebulkp.com\/et\/product\/bang-box-80000-puffs-3-in-1-wholesale-vape-supply\/\"><span style=\"vertical-align: inherit\">Bang Box 80000 Puhviga<\/span><\/a><span style=\"vertical-align: inherit\">\/ <\/span><a href=\"https:\/\/vapebulkp.com\/et\/product\/vapme-shisha-30000-puffs-hot-sale-rechargeable-e-cigarette\/\"><span style=\"vertical-align: inherit\">\u00a0Vapme shisha 30000 mahvi<\/span><\/a><\/p>","protected":false},"excerpt":{"rendered":"<article class=\"text-token-text-primary w-full\" dir=\"auto\" data-testid=\"conversation-turn-10\" data-scroll-anchor=\"true\">\n<div class=\"text-base my-auto mx-auto pb-10 [--thread-content-margin:--spacing(4)] @[37rem]:[--thread-content-margin:--spacing(6)] @[72rem]:[--thread-content-margin:--spacing(16)] px-(--thread-content-margin)\">\n<div class=\"[--thread-content-max-width:32rem] @[34rem]:[--thread-content-max-width:40rem] @[64rem]:[--thread-content-max-width:48rem] mx-auto flex max-w-(--thread-content-max-width) flex-1 text-base gap-4 md:gap-5 lg:gap-6 group\/turn-messages focus-visible:outline-hidden\">\n<div class=\"group\/conversation-turn relative flex w-full min-w-0 flex-col agent-turn\">\n<div class=\"relative flex-col gap-1 md:gap-3\">\n<div class=\"flex max-w-full flex-col grow\">\n<div class=\"min-h-8 text-message relative flex w-full flex-col items-end gap-2 text-start break-words whitespace-normal [.text-message+&amp;]:mt-5\" dir=\"auto\" data-message-author-role=\"assistant\" data-message-id=\"9612def3-530c-4871-9e19-e5f6b9349475\" data-message-model-slug=\"gpt-4o\">\n<div class=\"flex w-full flex-col gap-1 empty:hidden first:pt-[3px]\">\n<div class=\"markdown prose dark:prose-invert w-full break-words light\">\n<p data-start=\"313\" data-end=\"481\">Hankige Bang DE 80000 Puffs veip-karp, kauakestev laetav \u00fchekordne veip. Selles on kolm maitset \u00fches seadmes ja tohutu 60 ml e-mahla maht l\u00f5putuks veipimiseks. Saadaval on odavad hulgihinnad.<\/p>\n<\/div>\n<\/div>\n<\/div>\n<\/div>\n<\/div>\n<\/div>\n<\/div>\n<\/div>\n<\/article>\n<p>Pls V\u00f5tke Mandy WhatsAppiga \u00fchendust soodushinna saamiseks\ud83d\udcf1<span style=\"color: #ff0000\"><a style=\"color: #ff0000\" href=\"https:\/\/wa.me\/8618077105796\">+8618077105796<\/a><\/span><\/p>\n<p><img decoding=\"async\" class=\"alignnone wp-image-2151\" src=\"http:\/\/vapebulkp.com\/wp-content\/uploads\/2024\/04\/Mandy-WhatsApp-Randm.jpg\" alt=\"Mandy WhatsAppi tutvustus\" width=\"297\" height=\"316\" srcset=\"https:\/\/vapebulkp.com\/wp-content\/uploads\/2024\/04\/Mandy-WhatsApp-Randm.jpg 916w, https:\/\/vapebulkp.com\/wp-content\/uploads\/2024\/04\/Mandy-WhatsApp-Randm-282x300.jpg 282w, https:\/\/vapebulkp.com\/wp-content\/uploads\/2024\/04\/Mandy-WhatsApp-Randm-768x817.jpg 768w, https:\/\/vapebulkp.com\/wp-content\/uploads\/2024\/04\/Mandy-WhatsApp-Randm-600x638.jpg 600w\" sizes=\"(max-width: 297px) 100vw, 297px\" \/><\/p>\n<p><span style=\"color: #ff0000\">M\u00c4RKUS: Meie veebisaidi hinnad ei sisalda saatmiskulusid<\/span><\/p>\n<p>Peamine ostup\u00f5hjus<br \/>\n1. Suurep\u00e4rane kvaliteet ja v\u00f5rreldamatu j\u00f5udlus.<\/p>\n<p>2. Konkurentsiv\u00f5imeline hind ja kiire v\u00e4\u00e4rtus.<\/p>\n<p>3. Mitmed valikud ja \u00f5igeaegne kohaletoimetamine.<\/p>\n<p>4. Rahulolu pakkuv ostukogemus<\/p>","protected":false},"featured_media":4088,"comment_status":"open","ping_status":"closed","template":"","meta":{"_uag_custom_page_level_css":"","_lmt_disableupdate":"no","_lmt_disable":"","site-sidebar-layout":"default","site-content-layout":"content-boxed-container","ast-site-content-layout":"normal-width-container","site-content-style":"boxed","site-sidebar-style":"unboxed","ast-global-header-display":"","ast-banner-title-visibility":"","ast-main-header-display":"","ast-hfb-above-header-display":"","ast-hfb-below-header-display":"","ast-hfb-mobile-header-display":"","site-post-title":"","ast-breadcrumbs-content":"","ast-featured-img":"","footer-sml-layout":"","theme-transparent-header-meta":"default","adv-header-id-meta":"","stick-header-meta":"","header-above-stick-meta":"","header-main-stick-meta":"","header-below-stick-meta":"","astra-migrate-meta-layouts":"set","_joinchat":[]},"product_cat":[247,153,345,155,33,59,100,87,34,158,157,154,152,58,84,156,63,32],"product_tag":[36,37,41,40],"class_list":["post-4090","product","type-product","status-publish","has-post-thumbnail","hentry","product_cat-80000-puffs-disposable-vape","product_cat-hot-disposable-vapes","product_cat-bang-vapes","product_cat-belgium-hot-disposable-vapes","product_cat-france-vape-hot-sale","product_cat-germany-hot-disposable-vape","product_cat-germany-wholesale-vape-shop","product_cat-minimum-order-quantity-50pcs","product_cat-netherlands-vape-good-sale","product_cat-norway-hot-disposable-vapes","product_cat-poland-hot-disposable-vapes","product_cat-portugal-hot-disposable-vapes","product_cat-spain-hot-disposable-vapes","product_cat-sweden-hot-disposable-vape","product_cat-sweden-wholesale-vape","product_cat-switzerland-hot-disposable-vapes","product_cat-top-sale-disposable-vape","product_cat-vape-hot-sale-this-week","product_tag-good-vape","product_tag-hot-sale-disposable-vape","product_tag-poland-hot-vape","product_tag-sweden-hot-vape","pa_brand-bang-vape","desktop-align-left","tablet-align-left","mobile-align-left"],"yoast_head":"<!-- This site is optimized with the Yoast SEO plugin v21.1 - https:\/\/yoast.com\/wordpress\/plugins\/seo\/ -->\n<title>Buy Bang DE 80000 Puffs Disposable Vape Cheap Price for Bulk Order - vapebulkp.com<\/title>\n<meta name=\"description\" content=\"Get the Bang DE 80000 Puffs Disposable Vape with 3-in-1 Triple Flavor Vape, 60ml e-liquid, and 650mAh rechargeable disposable vape battery. Fast EU shipping \u2014 order wholesale now!\" \/>\n<meta name=\"robots\" content=\"index, follow, max-snippet:-1, max-image-preview:large, max-video-preview:-1\" \/>\n<link rel=\"canonical\" href=\"https:\/\/vapebulkp.com\/et\/product\/buy-bang-de-80000-puffs-disposable-vape-cheap-price-for-bulk-order\/\" \/>\n<meta property=\"og:locale\" content=\"et_EE\" \/>\n<meta property=\"og:type\" content=\"article\" \/>\n<meta property=\"og:title\" content=\"Buy Bang DE 80000 Puffs Disposable Vape Cheap Price for Bulk Order - vapebulkp.com\" \/>\n<meta property=\"og:description\" content=\"Get the Bang DE 80000 Puffs Disposable Vape with 3-in-1 Triple Flavor Vape, 60ml e-liquid, and 650mAh rechargeable disposable vape battery. Fast EU shipping \u2014 order wholesale now!\" \/>\n<meta property=\"og:url\" content=\"https:\/\/vapebulkp.com\/et\/product\/buy-bang-de-80000-puffs-disposable-vape-cheap-price-for-bulk-order\/\" \/>\n<meta property=\"og:site_name\" content=\"vapebulkp.com\" \/>\n<meta property=\"article:modified_time\" content=\"2025-09-24T03:31:10+00:00\" \/>\n<meta property=\"og:image\" content=\"http:\/\/vapebulkp.com\/wp-content\/uploads\/2025\/08\/Shop-Bang-DE-80000-Puffs-Disposable-Vape-at-Cheap-Wholesale-Price.webp\" \/>\n\t<meta property=\"og:image:width\" content=\"800\" \/>\n\t<meta property=\"og:image:height\" content=\"800\" \/>\n\t<meta property=\"og:image:type\" content=\"image\/webp\" \/>\n<meta name=\"twitter:card\" content=\"summary_large_image\" \/>\n<meta name=\"twitter:label1\" content=\"Est. reading time\" \/>\n\t<meta name=\"twitter:data1\" content=\"4 minutit\" \/>\n<script type=\"application\/ld+json\" class=\"yoast-schema-graph\">{\"@context\":\"https:\/\/schema.org\",\"@graph\":[{\"@type\":\"WebPage\",\"@id\":\"https:\/\/vapebulkp.com\/product\/buy-bang-de-80000-puffs-disposable-vape-cheap-price-for-bulk-order\/\",\"url\":\"https:\/\/vapebulkp.com\/product\/buy-bang-de-80000-puffs-disposable-vape-cheap-price-for-bulk-order\/\",\"name\":\"Buy Bang DE 80000 Puffs Disposable Vape Cheap Price for Bulk Order - vapebulkp.com\",\"isPartOf\":{\"@id\":\"https:\/\/vapebulkp.com\/#website\"},\"datePublished\":\"2025-08-13T03:52:14+00:00\",\"dateModified\":\"2025-09-24T03:31:10+00:00\",\"description\":\"Get the Bang DE 80000 Puffs Disposable Vape with 3-in-1 Triple Flavor Vape, 60ml e-liquid, and 650mAh rechargeable disposable vape battery. Fast EU shipping \u2014 order wholesale now!\",\"breadcrumb\":{\"@id\":\"https:\/\/vapebulkp.com\/product\/buy-bang-de-80000-puffs-disposable-vape-cheap-price-for-bulk-order\/#breadcrumb\"},\"inLanguage\":\"et\",\"potentialAction\":[{\"@type\":\"ReadAction\",\"target\":[\"https:\/\/vapebulkp.com\/product\/buy-bang-de-80000-puffs-disposable-vape-cheap-price-for-bulk-order\/\"]}]},{\"@type\":\"BreadcrumbList\",\"@id\":\"https:\/\/vapebulkp.com\/product\/buy-bang-de-80000-puffs-disposable-vape-cheap-price-for-bulk-order\/#breadcrumb\",\"itemListElement\":[{\"@type\":\"ListItem\",\"position\":1,\"name\":\"Home\",\"item\":\"https:\/\/vapebulkp.com\/\"},{\"@type\":\"ListItem\",\"position\":2,\"name\":\"Hot Trend Vapes\",\"item\":\"https:\/\/vapebulkp.com\/vape-shop\/\"},{\"@type\":\"ListItem\",\"position\":3,\"name\":\"Buy Bang DE 80000 Puffs Disposable Vape Cheap Price for Bulk Order\"}]},{\"@type\":\"WebSite\",\"@id\":\"https:\/\/vapebulkp.com\/#website\",\"url\":\"https:\/\/vapebulkp.com\/\",\"name\":\"vapebulkp.com\",\"description\":\"Buy Vape In Cheap Bulk Price Near you\",\"publisher\":{\"@id\":\"https:\/\/vapebulkp.com\/#organization\"},\"potentialAction\":[{\"@type\":\"SearchAction\",\"target\":{\"@type\":\"EntryPoint\",\"urlTemplate\":\"https:\/\/vapebulkp.com\/?s={search_term_string}\"},\"query-input\":\"required name=search_term_string\"}],\"inLanguage\":\"et\"},{\"@type\":\"Organization\",\"@id\":\"https:\/\/vapebulkp.com\/#organization\",\"name\":\"vapebulkp.com\",\"url\":\"https:\/\/vapebulkp.com\/\",\"logo\":{\"@type\":\"ImageObject\",\"inLanguage\":\"et\",\"@id\":\"https:\/\/vapebulkp.com\/#\/schema\/logo\/image\/\",\"url\":\"https:\/\/vapebulkp.com\/wp-content\/uploads\/2023\/09\/cropped-vapebulkp.png\",\"contentUrl\":\"https:\/\/vapebulkp.com\/wp-content\/uploads\/2023\/09\/cropped-vapebulkp.png\",\"width\":516,\"height\":163,\"caption\":\"vapebulkp.com\"},\"image\":{\"@id\":\"https:\/\/vapebulkp.com\/#\/schema\/logo\/image\/\"}}]}<\/script>\n<!-- \/ Yoast SEO plugin. -->","yoast_head_json":{"title":"Buy Bang DE 80000 Puffs Disposable Vape Cheap Price for Bulk Order - vapebulkp.com","description":"Get the Bang DE 80000 Puffs Disposable Vape with 3-in-1 Triple Flavor Vape, 60ml e-liquid, and 650mAh rechargeable disposable vape battery. Fast EU shipping \u2014 order wholesale now!","robots":{"index":"index","follow":"follow","max-snippet":"max-snippet:-1","max-image-preview":"max-image-preview:large","max-video-preview":"max-video-preview:-1"},"canonical":"https:\/\/vapebulkp.com\/et\/product\/buy-bang-de-80000-puffs-disposable-vape-cheap-price-for-bulk-order\/","og_locale":"et_EE","og_type":"article","og_title":"Buy Bang DE 80000 Puffs Disposable Vape Cheap Price for Bulk Order - vapebulkp.com","og_description":"Get the Bang DE 80000 Puffs Disposable Vape with 3-in-1 Triple Flavor Vape, 60ml e-liquid, and 650mAh rechargeable disposable vape battery. Fast EU shipping \u2014 order wholesale now!","og_url":"https:\/\/vapebulkp.com\/et\/product\/buy-bang-de-80000-puffs-disposable-vape-cheap-price-for-bulk-order\/","og_site_name":"vapebulkp.com","article_modified_time":"2025-09-24T03:31:10+00:00","og_image":[{"width":800,"height":800,"url":"http:\/\/vapebulkp.com\/wp-content\/uploads\/2025\/08\/Shop-Bang-DE-80000-Puffs-Disposable-Vape-at-Cheap-Wholesale-Price.webp","type":"image\/webp"}],"twitter_card":"summary_large_image","twitter_misc":{"Est. reading time":"4 minutit"},"schema":{"@context":"https:\/\/schema.org","@graph":[{"@type":"WebPage","@id":"https:\/\/vapebulkp.com\/product\/buy-bang-de-80000-puffs-disposable-vape-cheap-price-for-bulk-order\/","url":"https:\/\/vapebulkp.com\/product\/buy-bang-de-80000-puffs-disposable-vape-cheap-price-for-bulk-order\/","name":"Buy Bang DE 80000 Puffs Disposable Vape Cheap Price for Bulk Order - vapebulkp.com","isPartOf":{"@id":"https:\/\/vapebulkp.com\/#website"},"datePublished":"2025-08-13T03:52:14+00:00","dateModified":"2025-09-24T03:31:10+00:00","description":"Get the Bang DE 80000 Puffs Disposable Vape with 3-in-1 Triple Flavor Vape, 60ml e-liquid, and 650mAh rechargeable disposable vape battery. Fast EU shipping \u2014 order wholesale now!","breadcrumb":{"@id":"https:\/\/vapebulkp.com\/product\/buy-bang-de-80000-puffs-disposable-vape-cheap-price-for-bulk-order\/#breadcrumb"},"inLanguage":"et","potentialAction":[{"@type":"ReadAction","target":["https:\/\/vapebulkp.com\/product\/buy-bang-de-80000-puffs-disposable-vape-cheap-price-for-bulk-order\/"]}]},{"@type":"BreadcrumbList","@id":"https:\/\/vapebulkp.com\/product\/buy-bang-de-80000-puffs-disposable-vape-cheap-price-for-bulk-order\/#breadcrumb","itemListElement":[{"@type":"ListItem","position":1,"name":"Home","item":"https:\/\/vapebulkp.com\/"},{"@type":"ListItem","position":2,"name":"Hot Trend Vapes","item":"https:\/\/vapebulkp.com\/vape-shop\/"},{"@type":"ListItem","position":3,"name":"Buy Bang DE 80000 Puffs Disposable Vape Cheap Price for Bulk Order"}]},{"@type":"WebSite","@id":"https:\/\/vapebulkp.com\/#website","url":"https:\/\/vapebulkp.com\/","name":"vapebulkp.com","description":"Buy Vape In Cheap Bulk Price Near you","publisher":{"@id":"https:\/\/vapebulkp.com\/#organization"},"potentialAction":[{"@type":"SearchAction","target":{"@type":"EntryPoint","urlTemplate":"https:\/\/vapebulkp.com\/?s={search_term_string}"},"query-input":"required name=search_term_string"}],"inLanguage":"et"},{"@type":"Organization","@id":"https:\/\/vapebulkp.com\/#organization","name":"vapebulkp.com","url":"https:\/\/vapebulkp.com\/","logo":{"@type":"ImageObject","inLanguage":"et","@id":"https:\/\/vapebulkp.com\/#\/schema\/logo\/image\/","url":"https:\/\/vapebulkp.com\/wp-content\/uploads\/2023\/09\/cropped-vapebulkp.png","contentUrl":"https:\/\/vapebulkp.com\/wp-content\/uploads\/2023\/09\/cropped-vapebulkp.png","width":516,"height":163,"caption":"vapebulkp.com"},"image":{"@id":"https:\/\/vapebulkp.com\/#\/schema\/logo\/image\/"}}]}},"uagb_featured_image_src":{"full":["https:\/\/vapebulkp.com\/wp-content\/uploads\/2025\/08\/Shop-Bang-DE-80000-Puffs-Disposable-Vape-at-Cheap-Wholesale-Price.webp",800,800,false],"thumbnail":["https:\/\/vapebulkp.com\/wp-content\/uploads\/2025\/08\/Shop-Bang-DE-80000-Puffs-Disposable-Vape-at-Cheap-Wholesale-Price-150x150.webp",150,150,true],"medium":["https:\/\/vapebulkp.com\/wp-content\/uploads\/2025\/08\/Shop-Bang-DE-80000-Puffs-Disposable-Vape-at-Cheap-Wholesale-Price-300x300.webp",300,300,true],"medium_large":["https:\/\/vapebulkp.com\/wp-content\/uploads\/2025\/08\/Shop-Bang-DE-80000-Puffs-Disposable-Vape-at-Cheap-Wholesale-Price-768x768.webp",768,768,true],"large":["https:\/\/vapebulkp.com\/wp-content\/uploads\/2025\/08\/Shop-Bang-DE-80000-Puffs-Disposable-Vape-at-Cheap-Wholesale-Price.webp",800,800,false],"1536x1536":["https:\/\/vapebulkp.com\/wp-content\/uploads\/2025\/08\/Shop-Bang-DE-80000-Puffs-Disposable-Vape-at-Cheap-Wholesale-Price.webp",800,800,false],"2048x2048":["https:\/\/vapebulkp.com\/wp-content\/uploads\/2025\/08\/Shop-Bang-DE-80000-Puffs-Disposable-Vape-at-Cheap-Wholesale-Price.webp",800,800,false],"trp-custom-language-flag":["https:\/\/vapebulkp.com\/wp-content\/uploads\/2025\/08\/Shop-Bang-DE-80000-Puffs-Disposable-Vape-at-Cheap-Wholesale-Price.webp",12,12,false],"woocommerce_thumbnail":["https:\/\/vapebulkp.com\/wp-content\/uploads\/2025\/08\/Shop-Bang-DE-80000-Puffs-Disposable-Vape-at-Cheap-Wholesale-Price-300x300.webp",300,300,true],"woocommerce_single":["https:\/\/vapebulkp.com\/wp-content\/uploads\/2025\/08\/Shop-Bang-DE-80000-Puffs-Disposable-Vape-at-Cheap-Wholesale-Price-600x600.webp",600,600,true],"woocommerce_gallery_thumbnail":["https:\/\/vapebulkp.com\/wp-content\/uploads\/2025\/08\/Shop-Bang-DE-80000-Puffs-Disposable-Vape-at-Cheap-Wholesale-Price-100x100.webp",100,100,true],"wcpr-photo-reviews":["https:\/\/vapebulkp.com\/wp-content\/uploads\/2025\/08\/Shop-Bang-DE-80000-Puffs-Disposable-Vape-at-Cheap-Wholesale-Price.webp",500,500,false]},"uagb_author_info":{"display_name":"Mandy vape bulk price","author_link":"https:\/\/vapebulkp.com\/et\/author\/"},"uagb_comment_info":0,"uagb_excerpt":"Get the vape box Bang DE 80000 Puffs, a long-lasting rechargeable disposable vape. Featuring three flavors in one device and a massive 60ml e-juice capacity for endless vaping. Cheap bulk prices available. Pls Contact Mandy's WhatsApp For Discount Price\ud83d\udcf1+8618077105796 NOTE: Prices on our website does not include shipping costs Main reason for purchase 1. Excellent&hellip;","_links":{"self":[{"href":"https:\/\/vapebulkp.com\/et\/wp-json\/wp\/v2\/product\/4090","targetHints":{"allow":["GET"]}}],"collection":[{"href":"https:\/\/vapebulkp.com\/et\/wp-json\/wp\/v2\/product"}],"about":[{"href":"https:\/\/vapebulkp.com\/et\/wp-json\/wp\/v2\/types\/product"}],"replies":[{"embeddable":true,"href":"https:\/\/vapebulkp.com\/et\/wp-json\/wp\/v2\/comments?post=4090"}],"wp:featuredmedia":[{"embeddable":true,"href":"https:\/\/vapebulkp.com\/et\/wp-json\/wp\/v2\/media\/4088"}],"wp:attachment":[{"href":"https:\/\/vapebulkp.com\/et\/wp-json\/wp\/v2\/media?parent=4090"}],"wp:term":[{"taxonomy":"product_cat","embeddable":true,"href":"https:\/\/vapebulkp.com\/et\/wp-json\/wp\/v2\/product_cat?post=4090"},{"taxonomy":"product_tag","embeddable":true,"href":"https:\/\/vapebulkp.com\/et\/wp-json\/wp\/v2\/product_tag?post=4090"}],"curies":[{"name":"wp","href":"https:\/\/api.w.org\/{rel}","templated":true}]}}