{"id":4106,"date":"2025-08-14T05:55:48","date_gmt":"2025-08-14T03:55:48","guid":{"rendered":"https:\/\/vapebulkp.com\/?post_type=product&#038;p=4106"},"modified":"2025-09-24T05:12:19","modified_gmt":"2025-09-24T03:12:19","slug":"wholesale-bang-legend-120000-puffs-disposable-vape-bulk-price","status":"publish","type":"product","link":"https:\/\/vapebulkp.com\/et\/product\/wholesale-bang-legend-120000-puffs-disposable-vape-bulk-price\/","title":{"rendered":"Hulgi Bang Legend 120000 t\u00f5mmet \u00fchekordselt kasutatav e-sigaret hulgi hind"},"content":{"rendered":"<h2>Hulgi Bang Legend 120000 t\u00f5mmet \u00fchekordselt kasutatav e-sigaret hulgi hind<\/h2>\n<div class=\"pointer-events-none h-px w-px\" aria-hidden=\"true\" data-edge=\"true\">\n<p>Hulgim\u00fc\u00fck Vape Bang Legend 120000 mahvi, see on revolutsioon \u00fchekordselt kasutatavate vape'ide tehnoloogias. See seade on loodud monumentaalse pikaealisuse ja maitse jaoks ning sellest saab kindlasti enimm\u00fc\u00fcdud toode. Sellel on murranguline 5-\u00fches maitse s\u00fcsteem, mis on eelnevalt t\u00e4idetud tohutu 40 ml esmaklassilise e-vedelikuga. See uuenduslik disain pakub v\u00f5rreldamatut maitsevalikut \u00fches seadmes, k\u00f5rvaldades maitse v\u00e4simuse ja tagades klientide lojaalsuse.<\/p>\n<p>V\u00f5imas 650 mAh laetav aku ja mugav C-t\u00fc\u00fcpi laadimisport tagavad, et saate t\u00e4ielikult \u00e4ra kasutada uskumatut 120 000 mahvi mahtu. T\u00e4iustatud 1,0 \u03a9 v\u00f5rgusilma tehnoloogia tagab pidevalt rikkaliku ja sujuva auru, pakkudes iga kord veatut suust kopsu (MTL) t\u00f5mmet.<\/p>\n<p>Jaem\u00fc\u00fcjatele on Bang Legend strateegiline vara. Saate kasu meie konkurentsiv\u00f5imelisest vape hulgihinnast ja garanteeritud autentsusest. Bang Legend <a href=\"https:\/\/vapebulkp.com\/et\/product-category\/120000-puffs-disposable-vape\/\">120000 mahvi \u00fchekordselt kasutatav vape<\/a> lihtsustab inventuuri ja pakub esmaklassilist toodet, mis meelitab ligi uusi kliente ja suurendab korduvat \u00e4ritegevust.<\/p>\n<\/div>\n<h6><span style=\"color: #ff0000\">Soodushinna saamiseks v\u00f5tke \u00fchendust Mandy WhatsAppiga<a style=\"color: #ff0000\" href=\"https:\/\/wa.me\/8618077105796\">+8618077105796<\/a><\/span><\/h6>\n<p><img decoding=\"async\" class=\"alignnone wp-image-2151\" src=\"http:\/\/vapebulkp.com\/wp-content\/uploads\/2024\/04\/Mandy-WhatsApp-Randm.jpg\" alt=\"Mandy WhatsAppi tutvustus\" width=\"271\" height=\"289\" srcset=\"https:\/\/vapebulkp.com\/wp-content\/uploads\/2024\/04\/Mandy-WhatsApp-Randm.jpg 916w, https:\/\/vapebulkp.com\/wp-content\/uploads\/2024\/04\/Mandy-WhatsApp-Randm-282x300.jpg 282w, https:\/\/vapebulkp.com\/wp-content\/uploads\/2024\/04\/Mandy-WhatsApp-Randm-768x817.jpg 768w, https:\/\/vapebulkp.com\/wp-content\/uploads\/2024\/04\/Mandy-WhatsApp-Randm-600x638.jpg 600w\" sizes=\"(max-width: 271px) 100vw, 271px\" \/><\/p>\n<h2><strong>Miks osta e-sigaretti Bang Legend 120k mahvi aadressilt <a href=\"https:\/\/vapebulkp.com\/et\/\">Vapebulkp.com<\/a>?<\/strong><\/h2>\n<p>Valides Vapebulkp.com oma <b>Bang Legend 120000 t\u00f5mmet<\/b> Vape Box pakub esmaklassilist ostukogemust \u00fcletamatu v\u00e4\u00e4rtusega.<\/p>\n<ul>\n<li><b>Parimad hulgim\u00fc\u00fcgihinnad:<\/b> Oleme spetsialiseerunud hulgim\u00fc\u00fcgile, tagades teile turu madalaimad hinnad.<\/li>\n<li><b>100% Autentne:<\/b> Hangime otse tootjalt, tagades, et iga seade on ehtne.<\/li>\n<li><b>Kiire<\/b> Meie logistika on optimeeritud kiireks ja turvaliseks kohaletoimetamiseks kogu maailmas.<\/li>\n<li><b>P\u00fchendunud tugi:<\/b> Meie meeskond on alati valmis teie tellimusega abistama, muutes protsessi sujuvaks.<\/li>\n<\/ul>\n<div class=\"faqs-answer\"><\/div>\n<h4><\/h4>\n<h2 data-start=\"52\" data-end=\"122\"><strong data-start=\"52\" data-end=\"122\">Hulgim\u00fc\u00fck Vape Bang Legend 120000 mahvi \u2013 toote spetsifikatsioonid<\/strong><\/h2>\n<table style=\"height: 364px\" width=\"1111\">\n<thead>\n<tr>\n<td>Pahvide arv<\/td>\n<td>Erakordne <b>120 000 mahvi<\/b>, pakkudes <b>pikendatud aurustamise teekonda<\/b>.<\/td>\n<\/tr>\n<\/thead>\n<tbody>\n<tr>\n<td>E-vedeliku maht<\/td>\n<td><b>40 ml<\/b> eelnevalt t\u00e4idetud, <b>premium e-vedelikku<\/b>.<\/td>\n<\/tr>\n<tr>\n<td>Maitse s\u00fcsteem<\/td>\n<td><b>Keerukas 5-in-1 maitsekambri tehnoloogia<\/b>, pakkudes v\u00f5rratut valikut.<\/td>\n<\/tr>\n<tr>\n<td>Spiraaltehnoloogia<\/td>\n<td><b>T\u00e4iustatud 1.0\u03a9 v\u00f5rkspiraal<\/b>, mis on loodud <b>luksuslikuks aurutamiskogemuseks<\/b> ja <b>puhas maitse\u00fclekanne<\/b>.<\/td>\n<\/tr>\n<tr>\n<td>Aku<\/td>\n<td>A <b>suure j\u00f5udlusega 650 mAh taaslaetav aku<\/b>, mis on m\u00f5eldud <b>j\u00e4rjepidevaks, terve p\u00e4eva kestvaks toiteks<\/b>.<\/td>\n<\/tr>\n<tr>\n<td>Nikotiini tugevus<\/td>\n<td>Saadaval <b>2%,5%<\/b>, mis vastab paljudele eelistustele.<\/td>\n<\/tr>\n<tr>\n<td>Maitseprofiilid<\/td>\n<td><b>12 hoolikalt kureeritud maitsekombinatsiooni<\/b>, mis on loodud k\u00f5ige <b>n\u00f5udlikumale maitsele<\/b>.<\/td>\n<\/tr>\n<tr>\n<td>Ekraan<\/td>\n<td>An <b>intelligentne LED-ekraan<\/b>, pakkudes <b>reaalajas \u00fclevaadet<\/b> aku kestvusest ja e-vedeliku tasemest.<\/td>\n<\/tr>\n<tr>\n<td>Disain<\/td>\n<td><b>Elegantne, ergonoomiline ja kompaktne vorm<\/b> t\u00f5eliselt <b>esmaklassiline liikvel olles kogemus<\/b>.<\/td>\n<\/tr>\n<\/tbody>\n<\/table>\n<h2>Bang Legend 120000 mahvi vape komplektide maitsete loend:<\/h2>\n<p>1. Energiajook \/ Mustika Kirss \/ \u00d5una Viinamari \/ Arbuusi Draakonivili \/ Mamba<\/p>\n<p>2. Energiajook \/ Virsiku J\u00e4\u00e4 \/ Mango J\u00e4\u00e4 \/ Goji Mari \/ Musts\u00f5star<\/p>\n<p>3. Mustika Vaarikas \/ Virsiku Mango Arbuus \/ Kirsi Koola \/ Viinamarja P\u00f5ldmari J\u00e4\u00e4 \/ Mango Virsiku Aprikoos<\/p>\n<p>4. Mustika Vaarikas \/ Must Draakoni J\u00e4\u00e4 \/ Vikerkaare Kompvek \/ Fuji J\u00e4\u00e4 \/ Arbuusi Hapu Virsik<\/p>\n<p>5. Mustika J\u00e4\u00e4 \/ Kiivi Passioni Vilja Guajaav \/ Kolmekordne Melon \/ Virsiku Ananass \/ Kirglik Suudlus<\/p>\n<p>6. Mustika J\u00e4\u00e4 \/ Arbuusi Mullin\u00e4ts \/ Hapu \u00d5una Vaarikas \/ Lootose Vilja Mango Melon \/ Passioni Vilja Kiivi Laim<\/p>\n<p>7. Arbuusi J\u00e4\u00e4 \/ Segamarjad \/ \u00d5una Pirn \/ Mustika Mint \/ Suveaeg<\/p>\n<p>8. Arbuusi J\u00e4\u00e4 \/ Maasika Mango \/ California Kirss \/ Mustika Virsiku J\u00e4\u00e4 \/ Marjane Jahutus<\/p>\n<p>9. Maasika Arbuus \/ Viinamarja J\u00e4\u00e4 \/ Punane Mojito \/ Banaani J\u00e4\u00e4 \/ Sidruni Laim<\/p>\n<p>10. Maasika Arbuus \/ Kantalupi \u00d5un \/ Koola J\u00e4\u00e4 \/ Mango Virsik \/ Armastus 66<\/p>\n<p>11. Maasika Kiivi \/ Maasika Banaan \/ Lit\u0161i J\u00e4\u00e4 \/ Arbuusi Mari \/ Passioni Vilja Mango<\/p>\n<p>12. Maasika Kiivi \/ Mustika Arbuus \/ Karu Fud\u017e \/ Mustika Mullin\u00e4ts \/ Hapu Mango Ananass<\/p>\n<p><a href=\"https:\/\/vapebulkp.com\/et\/product\/wholesale-vape-okso-60000-puffs-dual-flavor-disposable-device\/\"><span style=\"vertical-align: inherit\">OKSO VAPE 60000 Puhvi<\/span><\/a><\/p>\n<p><span style=\"vertical-align: inherit\">Leia rohkem tooteid, mis sulle meeldida v\u00f5iksid:<\/span><em><a href=\"https:\/\/wa.me\/8618077105796\"><span style=\"vertical-align: inherit\">\u00a0Osta kohe<\/span><\/a><\/em><\/p>\n<p><span style=\"vertical-align: inherit\">Teised e-sigaretid, mis sulle meeldida v\u00f5ivad:<\/span><a href=\"https:\/\/vapebulkp.com\/et\/product\/aivono-fat-bear-80000-puffs-3-flavors-modes-disposable-vape-bulk-wholesale\/\"><span style=\"vertical-align: inherit\">Aivono Fat Bear 80000 Puhvi<\/span><\/a><span style=\"vertical-align: inherit\">\u3001<\/span><a href=\"https:\/\/vapebulkp.com\/et\/product\/vozol-rave-40000-puffs-hot-sale-nicotine-salt-disposable-vaporizer\/\"><span style=\"vertical-align: inherit\">Vozol Rave 40000 Puhvi<\/span><\/a><span style=\"vertical-align: inherit\">\/ <\/span><a href=\"https:\/\/vapebulkp.com\/et\/product\/bang-box-80000-puffs-3-in-1-wholesale-vape-supply\/\"><span style=\"vertical-align: inherit\">Bang Box 80000 Puhviga<\/span><\/a><span style=\"vertical-align: inherit\">\/ <\/span><a href=\"https:\/\/vapebulkp.com\/et\/product\/vapme-shisha-30000-puffs-hot-sale-rechargeable-e-cigarette\/\"><span style=\"vertical-align: inherit\">\u00a0Vapme shisha 30000 mahvi<\/span><\/a><\/p>\n<p><a href=\"https:\/\/vapebulkp.com\/et\/product\/fizzy-max-60000-puffs-6-in-1-high-capacity-vaping-device\/\"><span style=\"vertical-align: inherit\">Fizzy Max 60000 Puhvi<\/span><\/a><\/p>\n<div class=\"faqs-answer\">\n<h2 data-start=\"55\" data-end=\"63\">KKK Bang Legend 120000 mahvi kohta:<\/h2>\n<p><b>K1: Mis teeb Bang Legend 120000 mahvi ainulaadseks?<\/b><\/p>\n<p><b>V1:<\/b> Bang Legend on uuenduslik \u00fchekordselt kasutatav vape, millel on muljetavaldav <b>120 000 mahvi maht<\/b> ja ainulaadne <b>5-\u00fches maitsekambri s\u00fcsteem<\/b>. See on disainitud pikaajaliseks kasutamiseks koos uskumatu maitsevalikuga, k\u00f5ik \u00fches suure j\u00f5udlusega seadmes.<\/p>\n<p><b>K2: Kuidas 5-\u00fches maitse s\u00fcsteem t\u00f6\u00f6tab?<\/b><\/p>\n<p><b>V2:<\/b> Seade on eelnevalt t\u00e4idetud <b>viie erineva maitsekaunaga<\/b>, kokku 4<b>0 ml e-vedelikku<\/b>. Saate h\u00f5lpsalt nende maitsete vahel vahetada nupuvajutusega v\u00f5i lihtsa keeramisega, v\u00f5imaldades teil nautida uut maitset millal iganes soovite.<\/p>\n<p><b>K3: Kas Bang Vape 120k mahvi on laetav?<\/b><\/p>\n<p><b>V3:<\/b> Jah, see on varustatud 6<b>50 mAh akuga<\/b> ja <b>Type-C laadimisportiga<\/b>, nii et saate seda h\u00f5lpsalt laadida, et kogu e-vedelik \u00e4ra kasutada.<\/p>\n<p data-start=\"389\" data-end=\"542\"><strong data-start=\"389\" data-end=\"418\">K4: Kuidas ma saan oma tellimust j\u00e4lgida?<\/strong><br data-start=\"418\" data-end=\"421\" \/><strong data-start=\"173\" data-end=\"179\">V4:<\/strong>Kui teie tellimus on saadetud, saate e-posti teel j\u00e4lgimisnumbri, et saaksite h\u00f5lpsalt oma paketi olekut j\u00e4lgida.<\/p>\n<p data-start=\"544\" data-end=\"699\"><strong data-start=\"544\" data-end=\"574\">K5: Kas ma saan kiiremat kohaletoimetamist?<\/strong><br data-start=\"574\" data-end=\"577\" \/><strong data-start=\"173\" data-end=\"179\">V5:<\/strong>Kiiremaks kohaletoimetamiseks soovitame tellida meie Euroopa laost, mis pakub kiiremat t\u00f6\u00f6tlemist ja tarneaegu.<\/p>\n<p data-start=\"888\" data-end=\"1079\"><strong data-start=\"888\" data-end=\"950\">K6: Mida ma peaksin tegema, kui ma saan kahjustatud v\u00f5i defektse toote?<\/strong><br data-start=\"950\" data-end=\"953\" \/><strong data-start=\"173\" data-end=\"179\">V6:<\/strong>Kui saate kahjustatud v\u00f5i defektse kauba, v\u00f5tke asendamise v\u00f5i lahenduse saamiseks kiiresti \u00fchendust meie klienditeeninduse meeskonnaga.<\/p>\n<p data-start=\"1081\" data-end=\"1235\"><strong data-start=\"1081\" data-end=\"1125\">K7: Kuidas ma saan teie klienditeenindusega \u00fchendust v\u00f5tta?<\/strong><br data-start=\"1125\" data-end=\"1128\" \/><strong data-start=\"173\" data-end=\"179\">V7:<\/strong>Kiire abi saamiseks v\u00f5ite meiega \u00fchendust v\u00f5tta e-posti, WhatsAppi v\u00f5i meie veebisaidi reaalajas vestluse kaudu.<\/p>\n<\/div>","protected":false},"excerpt":{"rendered":"<article class=\"text-token-text-primary w-full\" dir=\"auto\" data-testid=\"conversation-turn-10\" data-scroll-anchor=\"true\">\n<div class=\"text-base my-auto mx-auto pb-10 [--thread-content-margin:--spacing(4)] @[37rem]:[--thread-content-margin:--spacing(6)] @[72rem]:[--thread-content-margin:--spacing(16)] px-(--thread-content-margin)\">\n<div class=\"[--thread-content-max-width:32rem] @[34rem]:[--thread-content-max-width:40rem] @[64rem]:[--thread-content-max-width:48rem] mx-auto flex max-w-(--thread-content-max-width) flex-1 text-base gap-4 md:gap-5 lg:gap-6 group\/turn-messages focus-visible:outline-hidden\">\n<div class=\"group\/conversation-turn relative flex w-full min-w-0 flex-col agent-turn\">\n<div class=\"relative flex-col gap-1 md:gap-3\">\n<div class=\"flex max-w-full flex-col grow\">\n<div class=\"min-h-8 text-message relative flex w-full flex-col items-end gap-2 text-start break-words whitespace-normal [.text-message+&amp;]:mt-5\" dir=\"auto\" data-message-author-role=\"assistant\" data-message-id=\"9612def3-530c-4871-9e19-e5f6b9349475\" data-message-model-slug=\"gpt-4o\">\n<div class=\"flex w-full flex-col gap-1 empty:hidden first:pt-[3px]\">\n<div class=\"markdown prose dark:prose-invert w-full break-words light\">\n<p data-start=\"313\" data-end=\"481\">Bang Legend 120000 mahvi on kauakestev laetav \u00fchekordselt kasutatav vape. Nautige 5 maitset \u00fches seadmes, millel on tohutu 40 ml e-mahla maht. Ostke kohe soodsa hinnaga!(<span style=\"color: #cc99ff\">Pakume seda toodet minimaalse tellimiskogusega vaid 50 tk, mis teeb teie hulgitellimuste esitamise lihtsamaks.<\/span>)<\/p>\n<\/div>\n<\/div>\n<\/div>\n<\/div>\n<\/div>\n<\/div>\n<\/div>\n<\/div>\n<\/article>\n<p>Pls V\u00f5tke Mandy WhatsAppiga \u00fchendust soodushinna saamiseks\ud83d\udcf1<span style=\"color: #ff0000\"><a style=\"color: #ff0000\" href=\"https:\/\/wa.me\/8618077105796\">+8618077105796<\/a><\/span><\/p>\n<p><img decoding=\"async\" class=\"alignnone wp-image-2151\" src=\"http:\/\/vapebulkp.com\/wp-content\/uploads\/2024\/04\/Mandy-WhatsApp-Randm.jpg\" alt=\"Mandy WhatsAppi tutvustus\" width=\"297\" height=\"316\" srcset=\"https:\/\/vapebulkp.com\/wp-content\/uploads\/2024\/04\/Mandy-WhatsApp-Randm.jpg 916w, https:\/\/vapebulkp.com\/wp-content\/uploads\/2024\/04\/Mandy-WhatsApp-Randm-282x300.jpg 282w, https:\/\/vapebulkp.com\/wp-content\/uploads\/2024\/04\/Mandy-WhatsApp-Randm-768x817.jpg 768w, https:\/\/vapebulkp.com\/wp-content\/uploads\/2024\/04\/Mandy-WhatsApp-Randm-600x638.jpg 600w\" sizes=\"(max-width: 297px) 100vw, 297px\" \/><\/p>\n<p><span style=\"color: #ff0000\">M\u00c4RKUS: Meie veebisaidi hinnad ei sisalda saatmiskulusid<\/span><\/p>\n<p>Peamine ostup\u00f5hjus<br \/>\n1. Suurep\u00e4rane kvaliteet ja v\u00f5rreldamatu j\u00f5udlus.<\/p>\n<p>2. Konkurentsiv\u00f5imeline hind ja kiire v\u00e4\u00e4rtus.<\/p>\n<p>3. Mitmed valikud ja \u00f5igeaegne kohaletoimetamine.<\/p>\n<p>4. Rahulolu pakkuv ostukogemus<\/p>","protected":false},"featured_media":4102,"comment_status":"open","ping_status":"closed","template":"","meta":{"_uag_custom_page_level_css":"","_lmt_disableupdate":"no","_lmt_disable":"","site-sidebar-layout":"default","site-content-layout":"content-boxed-container","ast-site-content-layout":"normal-width-container","site-content-style":"boxed","site-sidebar-style":"unboxed","ast-global-header-display":"","ast-banner-title-visibility":"","ast-main-header-display":"","ast-hfb-above-header-display":"","ast-hfb-below-header-display":"","ast-hfb-mobile-header-display":"","site-post-title":"","ast-breadcrumbs-content":"","ast-featured-img":"","footer-sml-layout":"","theme-transparent-header-meta":"default","adv-header-id-meta":"","stick-header-meta":"","header-above-stick-meta":"","header-main-stick-meta":"","header-below-stick-meta":"","astra-migrate-meta-layouts":"set","_joinchat":[]},"product_cat":[291,153,345,155,33,59,100,87,34,158,157,154,152,58,84,156,63,32],"product_tag":[36,37,41,40],"class_list":["post-4106","product","type-product","status-publish","has-post-thumbnail","hentry","product_cat-120000-puffs-disposable-vape","product_cat-hot-disposable-vapes","product_cat-bang-vapes","product_cat-belgium-hot-disposable-vapes","product_cat-france-vape-hot-sale","product_cat-germany-hot-disposable-vape","product_cat-germany-wholesale-vape-shop","product_cat-minimum-order-quantity-50pcs","product_cat-netherlands-vape-good-sale","product_cat-norway-hot-disposable-vapes","product_cat-poland-hot-disposable-vapes","product_cat-portugal-hot-disposable-vapes","product_cat-spain-hot-disposable-vapes","product_cat-sweden-hot-disposable-vape","product_cat-sweden-wholesale-vape","product_cat-switzerland-hot-disposable-vapes","product_cat-top-sale-disposable-vape","product_cat-vape-hot-sale-this-week","product_tag-good-vape","product_tag-hot-sale-disposable-vape","product_tag-poland-hot-vape","product_tag-sweden-hot-vape","pa_brand-bang-vape","desktop-align-left","tablet-align-left","mobile-align-left"],"yoast_head":"<!-- This site is optimized with the Yoast SEO plugin v21.1 - https:\/\/yoast.com\/wordpress\/plugins\/seo\/ -->\n<title>Wholesale Bang Legend 120000 Puffs Disposable Vape Bulk Price - vapebulkp.com<\/title>\n<meta name=\"description\" content=\"Wholesale Bang Legend 120000 Puffs Disposable Vape. Features a 5-in-1 flavor system, 40mL e-liquid, and a rechargeable battery. Get the best bulk price for your business.\" \/>\n<meta name=\"robots\" content=\"index, follow, max-snippet:-1, max-image-preview:large, max-video-preview:-1\" \/>\n<link rel=\"canonical\" href=\"https:\/\/vapebulkp.com\/et\/product\/wholesale-bang-legend-120000-puffs-disposable-vape-bulk-price\/\" \/>\n<meta property=\"og:locale\" content=\"et_EE\" \/>\n<meta property=\"og:type\" content=\"article\" \/>\n<meta property=\"og:title\" content=\"Wholesale Bang Legend 120000 Puffs Disposable Vape Bulk Price - vapebulkp.com\" \/>\n<meta property=\"og:description\" content=\"Wholesale Bang Legend 120000 Puffs Disposable Vape. Features a 5-in-1 flavor system, 40mL e-liquid, and a rechargeable battery. Get the best bulk price for your business.\" \/>\n<meta property=\"og:url\" content=\"https:\/\/vapebulkp.com\/et\/product\/wholesale-bang-legend-120000-puffs-disposable-vape-bulk-price\/\" \/>\n<meta property=\"og:site_name\" content=\"vapebulkp.com\" \/>\n<meta property=\"article:modified_time\" content=\"2025-09-24T03:12:19+00:00\" \/>\n<meta property=\"og:image\" content=\"http:\/\/vapebulkp.com\/wp-content\/uploads\/2025\/08\/Wholesale-Vape-Bang-Legend-120K-Puffs-Vape-Pen.webp\" \/>\n\t<meta property=\"og:image:width\" content=\"800\" \/>\n\t<meta property=\"og:image:height\" content=\"800\" \/>\n\t<meta property=\"og:image:type\" content=\"image\/webp\" \/>\n<meta name=\"twitter:card\" content=\"summary_large_image\" \/>\n<meta name=\"twitter:label1\" content=\"Est. reading time\" \/>\n\t<meta name=\"twitter:data1\" content=\"4 minutit\" \/>\n<script type=\"application\/ld+json\" class=\"yoast-schema-graph\">{\"@context\":\"https:\/\/schema.org\",\"@graph\":[{\"@type\":\"WebPage\",\"@id\":\"https:\/\/vapebulkp.com\/product\/wholesale-bang-legend-120000-puffs-disposable-vape-bulk-price\/\",\"url\":\"https:\/\/vapebulkp.com\/product\/wholesale-bang-legend-120000-puffs-disposable-vape-bulk-price\/\",\"name\":\"Wholesale Bang Legend 120000 Puffs Disposable Vape Bulk Price - vapebulkp.com\",\"isPartOf\":{\"@id\":\"https:\/\/vapebulkp.com\/#website\"},\"datePublished\":\"2025-08-14T03:55:48+00:00\",\"dateModified\":\"2025-09-24T03:12:19+00:00\",\"description\":\"Wholesale Bang Legend 120000 Puffs Disposable Vape. Features a 5-in-1 flavor system, 40mL e-liquid, and a rechargeable battery. Get the best bulk price for your business.\",\"breadcrumb\":{\"@id\":\"https:\/\/vapebulkp.com\/product\/wholesale-bang-legend-120000-puffs-disposable-vape-bulk-price\/#breadcrumb\"},\"inLanguage\":\"et\",\"potentialAction\":[{\"@type\":\"ReadAction\",\"target\":[\"https:\/\/vapebulkp.com\/product\/wholesale-bang-legend-120000-puffs-disposable-vape-bulk-price\/\"]}]},{\"@type\":\"BreadcrumbList\",\"@id\":\"https:\/\/vapebulkp.com\/product\/wholesale-bang-legend-120000-puffs-disposable-vape-bulk-price\/#breadcrumb\",\"itemListElement\":[{\"@type\":\"ListItem\",\"position\":1,\"name\":\"Home\",\"item\":\"https:\/\/vapebulkp.com\/\"},{\"@type\":\"ListItem\",\"position\":2,\"name\":\"Hot Trend Vapes\",\"item\":\"https:\/\/vapebulkp.com\/vape-shop\/\"},{\"@type\":\"ListItem\",\"position\":3,\"name\":\"Wholesale Bang Legend 120000 Puffs Disposable Vape Bulk Price\"}]},{\"@type\":\"WebSite\",\"@id\":\"https:\/\/vapebulkp.com\/#website\",\"url\":\"https:\/\/vapebulkp.com\/\",\"name\":\"vapebulkp.com\",\"description\":\"Buy Vape In Cheap Bulk Price Near you\",\"publisher\":{\"@id\":\"https:\/\/vapebulkp.com\/#organization\"},\"potentialAction\":[{\"@type\":\"SearchAction\",\"target\":{\"@type\":\"EntryPoint\",\"urlTemplate\":\"https:\/\/vapebulkp.com\/?s={search_term_string}\"},\"query-input\":\"required name=search_term_string\"}],\"inLanguage\":\"et\"},{\"@type\":\"Organization\",\"@id\":\"https:\/\/vapebulkp.com\/#organization\",\"name\":\"vapebulkp.com\",\"url\":\"https:\/\/vapebulkp.com\/\",\"logo\":{\"@type\":\"ImageObject\",\"inLanguage\":\"et\",\"@id\":\"https:\/\/vapebulkp.com\/#\/schema\/logo\/image\/\",\"url\":\"https:\/\/vapebulkp.com\/wp-content\/uploads\/2023\/09\/cropped-vapebulkp.png\",\"contentUrl\":\"https:\/\/vapebulkp.com\/wp-content\/uploads\/2023\/09\/cropped-vapebulkp.png\",\"width\":516,\"height\":163,\"caption\":\"vapebulkp.com\"},\"image\":{\"@id\":\"https:\/\/vapebulkp.com\/#\/schema\/logo\/image\/\"}}]}<\/script>\n<!-- \/ Yoast SEO plugin. -->","yoast_head_json":{"title":"Wholesale Bang Legend 120000 Puffs Disposable Vape Bulk Price - vapebulkp.com","description":"Wholesale Bang Legend 120000 Puffs Disposable Vape. Features a 5-in-1 flavor system, 40mL e-liquid, and a rechargeable battery. Get the best bulk price for your business.","robots":{"index":"index","follow":"follow","max-snippet":"max-snippet:-1","max-image-preview":"max-image-preview:large","max-video-preview":"max-video-preview:-1"},"canonical":"https:\/\/vapebulkp.com\/et\/product\/wholesale-bang-legend-120000-puffs-disposable-vape-bulk-price\/","og_locale":"et_EE","og_type":"article","og_title":"Wholesale Bang Legend 120000 Puffs Disposable Vape Bulk Price - vapebulkp.com","og_description":"Wholesale Bang Legend 120000 Puffs Disposable Vape. Features a 5-in-1 flavor system, 40mL e-liquid, and a rechargeable battery. Get the best bulk price for your business.","og_url":"https:\/\/vapebulkp.com\/et\/product\/wholesale-bang-legend-120000-puffs-disposable-vape-bulk-price\/","og_site_name":"vapebulkp.com","article_modified_time":"2025-09-24T03:12:19+00:00","og_image":[{"width":800,"height":800,"url":"http:\/\/vapebulkp.com\/wp-content\/uploads\/2025\/08\/Wholesale-Vape-Bang-Legend-120K-Puffs-Vape-Pen.webp","type":"image\/webp"}],"twitter_card":"summary_large_image","twitter_misc":{"Est. reading time":"4 minutit"},"schema":{"@context":"https:\/\/schema.org","@graph":[{"@type":"WebPage","@id":"https:\/\/vapebulkp.com\/product\/wholesale-bang-legend-120000-puffs-disposable-vape-bulk-price\/","url":"https:\/\/vapebulkp.com\/product\/wholesale-bang-legend-120000-puffs-disposable-vape-bulk-price\/","name":"Wholesale Bang Legend 120000 Puffs Disposable Vape Bulk Price - vapebulkp.com","isPartOf":{"@id":"https:\/\/vapebulkp.com\/#website"},"datePublished":"2025-08-14T03:55:48+00:00","dateModified":"2025-09-24T03:12:19+00:00","description":"Wholesale Bang Legend 120000 Puffs Disposable Vape. Features a 5-in-1 flavor system, 40mL e-liquid, and a rechargeable battery. Get the best bulk price for your business.","breadcrumb":{"@id":"https:\/\/vapebulkp.com\/product\/wholesale-bang-legend-120000-puffs-disposable-vape-bulk-price\/#breadcrumb"},"inLanguage":"et","potentialAction":[{"@type":"ReadAction","target":["https:\/\/vapebulkp.com\/product\/wholesale-bang-legend-120000-puffs-disposable-vape-bulk-price\/"]}]},{"@type":"BreadcrumbList","@id":"https:\/\/vapebulkp.com\/product\/wholesale-bang-legend-120000-puffs-disposable-vape-bulk-price\/#breadcrumb","itemListElement":[{"@type":"ListItem","position":1,"name":"Home","item":"https:\/\/vapebulkp.com\/"},{"@type":"ListItem","position":2,"name":"Hot Trend Vapes","item":"https:\/\/vapebulkp.com\/vape-shop\/"},{"@type":"ListItem","position":3,"name":"Wholesale Bang Legend 120000 Puffs Disposable Vape Bulk Price"}]},{"@type":"WebSite","@id":"https:\/\/vapebulkp.com\/#website","url":"https:\/\/vapebulkp.com\/","name":"vapebulkp.com","description":"Buy Vape In Cheap Bulk Price Near you","publisher":{"@id":"https:\/\/vapebulkp.com\/#organization"},"potentialAction":[{"@type":"SearchAction","target":{"@type":"EntryPoint","urlTemplate":"https:\/\/vapebulkp.com\/?s={search_term_string}"},"query-input":"required name=search_term_string"}],"inLanguage":"et"},{"@type":"Organization","@id":"https:\/\/vapebulkp.com\/#organization","name":"vapebulkp.com","url":"https:\/\/vapebulkp.com\/","logo":{"@type":"ImageObject","inLanguage":"et","@id":"https:\/\/vapebulkp.com\/#\/schema\/logo\/image\/","url":"https:\/\/vapebulkp.com\/wp-content\/uploads\/2023\/09\/cropped-vapebulkp.png","contentUrl":"https:\/\/vapebulkp.com\/wp-content\/uploads\/2023\/09\/cropped-vapebulkp.png","width":516,"height":163,"caption":"vapebulkp.com"},"image":{"@id":"https:\/\/vapebulkp.com\/#\/schema\/logo\/image\/"}}]}},"uagb_featured_image_src":{"full":["https:\/\/vapebulkp.com\/wp-content\/uploads\/2025\/08\/Wholesale-Vape-Bang-Legend-120K-Puffs-Vape-Pen.webp",800,800,false],"thumbnail":["https:\/\/vapebulkp.com\/wp-content\/uploads\/2025\/08\/Wholesale-Vape-Bang-Legend-120K-Puffs-Vape-Pen-150x150.webp",150,150,true],"medium":["https:\/\/vapebulkp.com\/wp-content\/uploads\/2025\/08\/Wholesale-Vape-Bang-Legend-120K-Puffs-Vape-Pen-300x300.webp",300,300,true],"medium_large":["https:\/\/vapebulkp.com\/wp-content\/uploads\/2025\/08\/Wholesale-Vape-Bang-Legend-120K-Puffs-Vape-Pen-768x768.webp",768,768,true],"large":["https:\/\/vapebulkp.com\/wp-content\/uploads\/2025\/08\/Wholesale-Vape-Bang-Legend-120K-Puffs-Vape-Pen.webp",800,800,false],"1536x1536":["https:\/\/vapebulkp.com\/wp-content\/uploads\/2025\/08\/Wholesale-Vape-Bang-Legend-120K-Puffs-Vape-Pen.webp",800,800,false],"2048x2048":["https:\/\/vapebulkp.com\/wp-content\/uploads\/2025\/08\/Wholesale-Vape-Bang-Legend-120K-Puffs-Vape-Pen.webp",800,800,false],"trp-custom-language-flag":["https:\/\/vapebulkp.com\/wp-content\/uploads\/2025\/08\/Wholesale-Vape-Bang-Legend-120K-Puffs-Vape-Pen.webp",12,12,false],"woocommerce_thumbnail":["https:\/\/vapebulkp.com\/wp-content\/uploads\/2025\/08\/Wholesale-Vape-Bang-Legend-120K-Puffs-Vape-Pen-300x300.webp",300,300,true],"woocommerce_single":["https:\/\/vapebulkp.com\/wp-content\/uploads\/2025\/08\/Wholesale-Vape-Bang-Legend-120K-Puffs-Vape-Pen-600x600.webp",600,600,true],"woocommerce_gallery_thumbnail":["https:\/\/vapebulkp.com\/wp-content\/uploads\/2025\/08\/Wholesale-Vape-Bang-Legend-120K-Puffs-Vape-Pen-100x100.webp",100,100,true],"wcpr-photo-reviews":["https:\/\/vapebulkp.com\/wp-content\/uploads\/2025\/08\/Wholesale-Vape-Bang-Legend-120K-Puffs-Vape-Pen.webp",500,500,false]},"uagb_author_info":{"display_name":"Mandy vape bulk price","author_link":"https:\/\/vapebulkp.com\/et\/author\/"},"uagb_comment_info":0,"uagb_excerpt":"The Bang Legend 120000 Puffs is a long-lasting rechargeable disposable vape. Enjoy 5 flavors in one device with a massive 40ml e-juice capacity. Shop for cheap prices now!(We offer this product with a minimum order quantity of just 50pcs, making it easier to place your bulk orders.) Pls Contact Mandy's WhatsApp For Discount Price\ud83d\udcf1+8618077105796 NOTE:&hellip;","_links":{"self":[{"href":"https:\/\/vapebulkp.com\/et\/wp-json\/wp\/v2\/product\/4106","targetHints":{"allow":["GET"]}}],"collection":[{"href":"https:\/\/vapebulkp.com\/et\/wp-json\/wp\/v2\/product"}],"about":[{"href":"https:\/\/vapebulkp.com\/et\/wp-json\/wp\/v2\/types\/product"}],"replies":[{"embeddable":true,"href":"https:\/\/vapebulkp.com\/et\/wp-json\/wp\/v2\/comments?post=4106"}],"wp:featuredmedia":[{"embeddable":true,"href":"https:\/\/vapebulkp.com\/et\/wp-json\/wp\/v2\/media\/4102"}],"wp:attachment":[{"href":"https:\/\/vapebulkp.com\/et\/wp-json\/wp\/v2\/media?parent=4106"}],"wp:term":[{"taxonomy":"product_cat","embeddable":true,"href":"https:\/\/vapebulkp.com\/et\/wp-json\/wp\/v2\/product_cat?post=4106"},{"taxonomy":"product_tag","embeddable":true,"href":"https:\/\/vapebulkp.com\/et\/wp-json\/wp\/v2\/product_tag?post=4106"}],"curies":[{"name":"wp","href":"https:\/\/api.w.org\/{rel}","templated":true}]}}