{"id":1512,"date":"2023-09-20T04:47:12","date_gmt":"2023-09-20T02:47:12","guid":{"rendered":"https:\/\/vapebulkp.com\/?post_type=product&#038;p=1512"},"modified":"2025-09-16T11:25:51","modified_gmt":"2025-09-16T09:25:51","slug":"good-sale-bang-king-12000-puffs-disposable-vape-wholesale-2","status":"publish","type":"product","link":"https:\/\/vapebulkp.com\/fr\/product\/good-sale-bang-king-12000-puffs-disposable-vape-wholesale-2\/","title":{"rendered":"Bonne Vente Bang King 12000 Bouff\u00e9es Vape Jetable en Gros 2%"},"content":{"rendered":"<h2>Prix de Gros pour la Vape Jetable Bang King 12000 Bouff\u00e9es<\/h2>\n<p data-start=\"158\" data-end=\"488\">Le <strong data-start=\"162\" data-end=\"203\">Vape Jetable Bang King 12000 Bouff\u00e9es<\/strong> combine des performances de haute capacit\u00e9 avec la portabilit\u00e9 pour les amateurs de vapotage en France \u00e0 la recherche de commodit\u00e9 et de saveurs riches. Dot\u00e9 d'une batterie rechargeable de 650 mAh avec chargement rapide de type C, ce <strong data-start=\"397\" data-end=\"429\">rechargeable <a href=\"https:\/\/vapebulkp.com\/fr\/product-category\/12000-puffs-disposable-vape\/\">vape jetable de 12000 bouff\u00e9es<\/a><\/strong> assure des tirages fluides et constants jusqu'\u00e0 12 000 bouff\u00e9es.<\/p>\n<p data-start=\"490\" data-end=\"781\">\u00c9quip\u00e9 d'une r\u00e9sistance de 0,8 \u03a9 <strong data-start=\"511\" data-end=\"529\">vape \u00e0 coil mesh<\/strong> et de 23 ml de <strong data-start=\"542\" data-end=\"578\">vape jetable de e-liquide de premi\u00e8re qualit\u00e9<\/strong>, il d\u00e9livre une vapeur dense et un go\u00fbt cors\u00e9 de la premi\u00e8re \u00e0 la derni\u00e8re bouff\u00e9e. Disponible en nicotine 2% et 5%, le <strong data-start=\"696\" data-end=\"729\">cigarette \u00e9lectronique jetable de grande capacit\u00e9<\/strong> r\u00e9pond aux pr\u00e9f\u00e9rences mod\u00e9r\u00e9es et plus fortes.<\/p>\n<p data-start=\"783\" data-end=\"1045\">Compact, \u00e9l\u00e9gant et pr\u00eat \u00e0 l'emploi, le <strong data-start=\"823\" data-end=\"864\">Vape en Gros Bang King 12k Bouff\u00e9es<\/strong> est parfait pour les voyages, l'utilisation quotidienne ou les occasions sociales. Les commandes en gros sont disponibles avec une quantit\u00e9 minimale de 100 unit\u00e9s, ce qui en fait un choix id\u00e9al pour les d\u00e9taillants en France.<\/p>\n<h6 style=\"text-align: left\"><img decoding=\"async\" class=\"alignnone wp-image-1640\" src=\"http:\/\/vapebulkp.com\/wp-content\/uploads\/2023\/09\/bang-king-12000-puffs-Hot-Sale-1024x1024.jpg\" alt=\"bang king 12000 bouff\u00e9es Vente Chaude\" width=\"408\" height=\"408\" srcset=\"https:\/\/vapebulkp.com\/wp-content\/uploads\/2023\/09\/bang-king-12000-puffs-Hot-Sale-1024x1024.jpg 1024w, https:\/\/vapebulkp.com\/wp-content\/uploads\/2023\/09\/bang-king-12000-puffs-Hot-Sale-300x300.jpg 300w, https:\/\/vapebulkp.com\/wp-content\/uploads\/2023\/09\/bang-king-12000-puffs-Hot-Sale-150x150.jpg 150w, https:\/\/vapebulkp.com\/wp-content\/uploads\/2023\/09\/bang-king-12000-puffs-Hot-Sale-768x768.jpg 768w, https:\/\/vapebulkp.com\/wp-content\/uploads\/2023\/09\/bang-king-12000-puffs-Hot-Sale-600x600.jpg 600w, https:\/\/vapebulkp.com\/wp-content\/uploads\/2023\/09\/bang-king-12000-puffs-Hot-Sale-100x100.jpg 100w, https:\/\/vapebulkp.com\/wp-content\/uploads\/2023\/09\/bang-king-12000-puffs-Hot-Sale.jpg 1280w\" sizes=\"(max-width: 408px) 100vw, 408px\" \/><\/h6>\n<h6><\/h6>\n<p>&nbsp;<\/p>\n<h2><span style=\"vertical-align: inherit\">Vous pourriez \u00eatre int\u00e9ress\u00e9 par la Vape Box Bang King 12000 Bouff\u00e9es en Promotion :<\/span><\/h2>\n<h6>1. Quelle est la capacit\u00e9 de e-liquide de la Bang King 12000 Bouff\u00e9es ?<\/h6>\n<p>Cet appareil a 23 ml de e-liquide.<\/p>\n<h6>2. Combien de temps dure cette vape ?<\/h6>\n<p>500 bouff\u00e9es\/jour, peut durer 24 jours<br \/>\n1000 bouff\u00e9es\/jour, peut durer 12 jours<br \/>\n2000 bouff\u00e9es\/jour, peut durer 6 jours<\/p>\n<h6>3. Comment charger l'appareil de vape jetable Bang King 12000 Puffs ?<\/h6>\n<p>Les chargeurs \u00e0 charge rapide ne peuvent pas \u00eatre utilis\u00e9s. La puissance de s\u00e9curit\u00e9 standard des cigarettes \u00e9lectroniques jetables est de 5V 1A. Chaque temps de charge ne peut pas d\u00e9passer 1 heure, et le temps de charge s\u00fbr est d'une demi-heure.<\/p>\n<p><span style=\"color: #ff0000\">Avis : ne pas recharger toute la nuit !<\/span><\/p>\n<h3><strong><span style=\"vertical-align: inherit\">Sp\u00e9cifications de la vape jetable Bang King 12000 Puffs :<\/span><br \/>\n<\/strong><\/h3>\n<ul data-start=\"161\" data-end=\"731\">\n<li data-start=\"161\" data-end=\"209\">\n<p data-start=\"163\" data-end=\"209\"><strong data-start=\"163\" data-end=\"178\">Nombre de bouff\u00e9es :<\/strong> Vape jetable de 12 000 bouff\u00e9es<\/p>\n<\/li>\n<li data-start=\"210\" data-end=\"263\">\n<p data-start=\"212\" data-end=\"263\"><strong data-start=\"212\" data-end=\"233\">Capacit\u00e9 de la batterie :<\/strong> 650mAh<\/p>\n<\/li>\n<li data-start=\"264\" data-end=\"302\">\n<p data-start=\"266\" data-end=\"302\"><strong data-start=\"266\" data-end=\"279\">Chargement :<\/strong> Chargement rapide Type-C<\/p>\n<\/li>\n<li data-start=\"303\" data-end=\"351\">\n<p data-start=\"305\" data-end=\"351\"><strong data-start=\"305\" data-end=\"327\">Capacit\u00e9 en e-liquide :<\/strong> 23 ml de e-liquide premium<\/p>\n<\/li>\n<li data-start=\"352\" data-end=\"390\">\n<p data-start=\"354\" data-end=\"390\"><strong data-start=\"354\" data-end=\"368\">Type de r\u00e9sistance :<\/strong> Vape avec r\u00e9sistance Mesh de 0,8 \u03a9<\/p>\n<\/li>\n<li data-start=\"391\" data-end=\"447\">\n<p data-start=\"393\" data-end=\"447\"><strong data-start=\"393\" data-end=\"415\">Teneur en nicotine :<\/strong> Options de sel de nicotine de 21 mg\/ml \/ 51 mg\/ml<\/p>\n<\/li>\n<li data-start=\"448\" data-end=\"516\">\n<p data-start=\"450\" data-end=\"516\"><strong data-start=\"450\" data-end=\"461\">Conception :<\/strong> \u00c9l\u00e9gant, compact et portable pour un usage quotidien ou en voyage<\/p>\n<\/li>\n<li data-start=\"517\" data-end=\"598\">\n<p data-start=\"519\" data-end=\"598\"><strong data-start=\"519\" data-end=\"536\">Style de vapotage :<\/strong> Vape jetable de grande capacit\u00e9 avec des tirages doux et constants<\/p>\n<\/li>\n<li data-start=\"599\" data-end=\"683\">\n<p data-start=\"601\" data-end=\"683\"><strong data-start=\"601\" data-end=\"618\">Utilisateurs cibles :<\/strong> Passionn\u00e9s de vapotage europ\u00e9ens, adapt\u00e9 \u00e0 la vente en gros et au d\u00e9tail<\/p>\n<\/li>\n<li data-start=\"684\" data-end=\"731\">\n<p data-start=\"686\" data-end=\"731\"><strong data-start=\"686\" data-end=\"719\">Quantit\u00e9 minimale de commande (QMC) :<\/strong> 50 unit\u00e9s<\/p>\n<\/li>\n<\/ul>\n<h3><strong><span style=\"vertical-align: inherit\">Options de saveurs de vape en gros Bang King 12k Puffs :<\/span><\/strong><\/h3>\n<p>1. Ananas Coco Glac\u00e9<\/p>\n<p>2. Past\u00e8que Bubblegum<\/p>\n<p>3. Triple Baie Glac\u00e9e<\/p>\n<p>4. P\u00eache Glac\u00e9e<\/p>\n<p>5. Grenade<\/p>\n<p>6. Blue Razz Glac\u00e9<\/p>\n<p>7. Fraise Past\u00e8que<\/p>\n<p>8. Melon Menthe<\/p>\n<p>9. Rainbow Sherbert<\/p>\n<p>10.Fraise Mangue<\/p>\n<p>11.Raisin Royal<\/p>\n<p>12.Baiser de la Passion<\/p>\n<p>13.Double Pomme<\/p>\n<p>14.P\u00eache Mangue<\/p>\n<p>15.Fraise Kiwi<\/p>\n<p>16.Glace Past\u00e8que<\/p>\n<p>17.Melon Bleu<\/p>\n<p>18.Amour 66<\/p>\n<p>Sex Sur La Plage 19<\/p>\n<p>20.P\u00eache Baie<\/p>\n<p><a href=\"https:\/\/vapebulkp.com\/fr\/product\/popular-randm-tornado-7000puffs-disposable-vape-best-price\/\"><span style=\"vertical-align: inherit\">Vape Populaire RandM Tornado 7000 Bouff\u00e9es <\/span><\/a><\/p>\n<p><span style=\"vertical-align: inherit\">Trouvez plus de produits qui pourraient vous plaire\uff1a<\/span><em><a href=\"https:\/\/wa.me\/8618077105796\"><span style=\"vertical-align: inherit\">\u00a0Achetez-le maintenant<\/span><\/a><\/em><\/p>\n<p><span style=\"vertical-align: inherit\">Autres Puffs que vous pourriez aimer\uff1a<\/span><a href=\"https:\/\/vapebulkp.com\/fr\/product\/popular-bang-king-10000-puffs-vape-good-price\/\"><span style=\"vertical-align: inherit\">Bang King 10000 Bouff\u00e9es<\/span><\/a><span style=\"vertical-align: inherit\">\u3001<\/span><a href=\"https:\/\/vapebulkp.com\/fr\/product\/bulk-buy-kulx-8800-puffs-disposable-vape-wholesale-germany\/\"><span style=\"vertical-align: inherit\">Kulx 8800 Bouff\u00e9es<\/span><\/a><span style=\"vertical-align: inherit\">\/ <\/span><a href=\"https:\/\/vapebulkp.com\/fr\/product\/bang-box-12000puffs-good-vape-sweden-wholesale-price\/\"><span style=\"vertical-align: inherit\">Bang Box 12000 Bouff\u00e9es<\/span><\/a><span style=\"vertical-align: inherit\">\/ <\/span><a href=\"https:\/\/vapebulkp.com\/fr\/product\/popular-randm-tornado-7000puffs-disposable-vape-best-price\/\"><span style=\"vertical-align: inherit\">RandM Tornado 7000 Bouff\u00e9es<\/span><\/a><\/p>\n<p><span style=\"vertical-align: inherit\">Bouteille de cigarette \u00e9lectronique de forme sp\u00e9ciale :<\/span><a href=\"https:\/\/vapebulkp.com\/fr\/product\/bang-tornado-12000-puffs-rechargeable-disposable-pod\/\"><span style=\"vertical-align: inherit\">Bang Tornado 12K Bouff\u00e9es <\/span><\/a><span style=\"vertical-align: inherit\">\/ <\/span><a href=\"https:\/\/vapebulkp.com\/fr\/product\/good-randm-tornado-7000-puffs-disposable-vape-kit-1000mah\/\"><span style=\"vertical-align: inherit\">Randm tornado 7000 Bouff\u00e9es <\/span><\/a><span style=\"vertical-align: inherit\">\/<\/span><a href=\"https:\/\/vapebulkp.com\/fr\/product\/popular-kulx-10000puffs-disposable-vape-good-price\/\"><span style=\"vertical-align: inherit\">Kulx 10000 Bouff\u00e9es<\/span><\/a><\/p>\n<h4>Choses que vous pourriez aimer savoir sur les cigarettes \u00e9lectroniques (e-cigarettes) :<\/h4>\n<p>Q: Pourquoi les cigarettes \u00e9lectroniques fuient-elles de l'huile ?<br \/>\nR: La fuite d'huile de cigarette \u00e9lectronique peut \u00eatre caus\u00e9e par une installation incorrecte du noyau de l'atomiseur ou par des dommages \u00e0 la bague d'\u00e9tanch\u00e9it\u00e9 lors du remplissage. Assurez-vous de ne pas trop presser l'huile lors du remplissage et v\u00e9rifiez si la bague d'\u00e9tanch\u00e9it\u00e9 est intacte, ce qui peut r\u00e9duire efficacement les fuites d'huile.<\/p>\n<p>Q: Pourquoi la cigarette \u00e9lectronique sent-elle le br\u00fbl\u00e9 ?<br \/>\nR : L'odeur de br\u00fbl\u00e9 est g\u00e9n\u00e9ralement caus\u00e9e par le br\u00fblage \u00e0 sec du noyau de l'atomiseur ou un manque d'huile. Il est recommand\u00e9 de remplacer r\u00e9guli\u00e8rement le noyau de l'atomiseur et de s'assurer qu'il y a suffisamment d'huile pour \u00e9viter le br\u00fblage \u00e0 sec.<\/p>\n<p>Q : Pourquoi la puissance d'aspiration des cigarettes \u00e9lectroniques devient-elle plus faible ?<br \/>\nR : Une aspiration faible peut \u00eatre due \u00e0 une batterie insuffisante, au vieillissement du noyau de l'atomiseur ou \u00e0 un blocage du noyau de l'atomiseur. Essayez de recharger la batterie ou de remplacer le noyau de l'atomiseur par un nouveau pour r\u00e9soudre le probl\u00e8me d'aspiration faible.<\/p>\n<p>Q : Comment nettoyer le mat\u00e9riel de cigarette \u00e9lectronique ?<br \/>\nR : Nettoyer r\u00e9guli\u00e8rement votre appareil de cigarette \u00e9lectronique maintiendra ses performances et son go\u00fbt. Utilisez un chiffon doux pour essuyer d\u00e9licatement la surface de l'appareil, et utilisez des cotons-tiges pour nettoyer les connexions ou les surfaces internes, mais faites attention \u00e0 \u00e9viter les dommages.<\/p>\n<p>Q : Les cigarettes \u00e9lectroniques sont-elles nocives pour la sant\u00e9 ?<br \/>\nR : Bien que les cigarettes \u00e9lectroniques puissent contenir moins de substances nocives que les cigarettes traditionnelles, cela ne signifie pas qu'elles sont totalement inoffensives. L'utilisation \u00e0 long terme des cigarettes \u00e9lectroniques peut encore avoir certains effets sur la sant\u00e9. Il est pr\u00e9f\u00e9rable de limiter l'utilisation et de demander l'avis d'un professionnel de la sant\u00e9.<\/p>\n<h4>D\u00e9tails d'exp\u00e9dition :<\/h4>\n<p>Temps de production : 3-5 jours ouvrables<br \/>\nD\u00e9lai de livraison : 8-14 jours ouvrables<\/p>\n<p>Tous les produits de notre boutique sont 100% originaux et authentiques, c'est pourquoi nous avons pour politique de rembourser dix fois le prix des produits contrefaits. Nous utilisons des canaux logistiques tels que UPS\/DHL\/FEDEX\/DPD pour vous livrer les marchandises.<\/p>","protected":false},"excerpt":{"rendered":"<p>La cigarette \u00e9lectronique jetable Bang King 12000 Bouff\u00e9es, au design ergonomique, tient parfaitement dans la main et est suffisamment compacte pour se glisser dans votre poche ou votre sac \u00e0 main. Que vous soyez en pleine journ\u00e9e de travail ou en voyage, cette cigarette \u00e9lectronique jetable vous assure de pouvoir profiter de vos saveurs pr\u00e9f\u00e9r\u00e9es o\u00f9 que vous soyez.<\/p>\n<p><img decoding=\"async\" class=\"alignnone wp-image-2151\" src=\"http:\/\/vapebulkp.com\/wp-content\/uploads\/2024\/04\/Mandy-WhatsApp-Randm.jpg\" alt=\"WhatsApp Mandy Randm\" width=\"377\" height=\"401\" srcset=\"https:\/\/vapebulkp.com\/wp-content\/uploads\/2024\/04\/Mandy-WhatsApp-Randm.jpg 916w, https:\/\/vapebulkp.com\/wp-content\/uploads\/2024\/04\/Mandy-WhatsApp-Randm-282x300.jpg 282w, https:\/\/vapebulkp.com\/wp-content\/uploads\/2024\/04\/Mandy-WhatsApp-Randm-768x817.jpg 768w, https:\/\/vapebulkp.com\/wp-content\/uploads\/2024\/04\/Mandy-WhatsApp-Randm-600x638.jpg 600w\" sizes=\"(max-width: 377px) 100vw, 377px\" \/><\/p>\n<p>Veuillez contacter le WhatsApp de Mandy pour un prix r\u00e9duit<a href=\"https:\/\/wa.me\/8618077105796\">+8618077105796<\/a><\/p>\n<p><span style=\"color: #ff0000\">REMARQUE : Les prix sur notre site web n'incluent pas les frais de port<\/span><\/p>","protected":false},"featured_media":1635,"comment_status":"open","ping_status":"closed","template":"","meta":{"_uag_custom_page_level_css":"","_lmt_disableupdate":"no","_lmt_disable":"","site-sidebar-layout":"default","site-content-layout":"content-boxed-container","ast-site-content-layout":"normal-width-container","site-content-style":"boxed","site-sidebar-style":"unboxed","ast-global-header-display":"","ast-banner-title-visibility":"","ast-main-header-display":"","ast-hfb-above-header-display":"","ast-hfb-below-header-display":"","ast-hfb-mobile-header-display":"","site-post-title":"","ast-breadcrumbs-content":"","ast-featured-img":"","footer-sml-layout":"","theme-transparent-header-meta":"default","adv-header-id-meta":"","stick-header-meta":"","header-above-stick-meta":"","header-main-stick-meta":"","header-below-stick-meta":"","astra-migrate-meta-layouts":"set","_joinchat":[]},"product_cat":[166,153,344,155,33,59,100,87,34,158,157,154,152,58,84,156,63,32],"product_tag":[45,36,37,41,71,40],"class_list":["post-1512","product","type-product","status-publish","has-post-thumbnail","hentry","product_cat-12000-puffs-disposable-vape","product_cat-hot-disposable-vapes","product_cat-bang-king-vape","product_cat-belgium-hot-disposable-vapes","product_cat-france-vape-hot-sale","product_cat-germany-hot-disposable-vape","product_cat-germany-wholesale-vape-shop","product_cat-minimum-order-quantity-50pcs","product_cat-netherlands-vape-good-sale","product_cat-norway-hot-disposable-vapes","product_cat-poland-hot-disposable-vapes","product_cat-portugal-hot-disposable-vapes","product_cat-spain-hot-disposable-vapes","product_cat-sweden-hot-disposable-vape","product_cat-sweden-wholesale-vape","product_cat-switzerland-hot-disposable-vapes","product_cat-top-sale-disposable-vape","product_cat-vape-hot-sale-this-week","product_tag-12000puffs-good-vape","product_tag-good-vape","product_tag-hot-sale-disposable-vape","product_tag-poland-hot-vape","product_tag-randm","product_tag-sweden-hot-vape","desktop-align-left","tablet-align-left","mobile-align-left"],"yoast_head":"<!-- This site is optimized with the Yoast SEO plugin v21.1 - https:\/\/yoast.com\/wordpress\/plugins\/seo\/ -->\n<title>Good Sale Bang King 12000 Puffs Disposable Vape Wholesale 2% - vapebulkp.com<\/title>\n<meta name=\"description\" content=\"The Bang King 12000Puffs Disposable Vape ergonomic design fits perfectly in your hand and is compact enough to slip into your pocket or purse.\" \/>\n<meta name=\"robots\" content=\"index, follow, max-snippet:-1, max-image-preview:large, max-video-preview:-1\" \/>\n<link rel=\"canonical\" href=\"https:\/\/vapebulkp.com\/fr\/product\/good-sale-bang-king-12000-puffs-disposable-vape-wholesale-2\/\" \/>\n<meta property=\"og:locale\" content=\"fr_FR\" \/>\n<meta property=\"og:type\" content=\"article\" \/>\n<meta property=\"og:title\" content=\"Good Sale Bang King 12000 Puffs Disposable Vape Wholesale 2% - vapebulkp.com\" \/>\n<meta property=\"og:description\" content=\"The Bang King 12000Puffs Disposable Vape ergonomic design fits perfectly in your hand and is compact enough to slip into your pocket or purse.\" \/>\n<meta property=\"og:url\" content=\"https:\/\/vapebulkp.com\/fr\/product\/good-sale-bang-king-12000-puffs-disposable-vape-wholesale-2\/\" \/>\n<meta property=\"og:site_name\" content=\"vapebulkp.com\" \/>\n<meta property=\"article:modified_time\" content=\"2025-09-16T09:25:51+00:00\" \/>\n<meta property=\"og:image\" content=\"http:\/\/vapebulkp.com\/wp-content\/uploads\/2023\/09\/bang-king-12000-puffs-best-flavours.jpg\" \/>\n\t<meta property=\"og:image:width\" content=\"1280\" \/>\n\t<meta property=\"og:image:height\" content=\"1280\" \/>\n\t<meta property=\"og:image:type\" content=\"image\/jpeg\" \/>\n<meta name=\"twitter:card\" content=\"summary_large_image\" \/>\n<meta name=\"twitter:label1\" content=\"Dur\u00e9e de lecture estim\u00e9e\" \/>\n\t<meta name=\"twitter:data1\" content=\"4 minutes\" \/>\n<script type=\"application\/ld+json\" class=\"yoast-schema-graph\">{\"@context\":\"https:\/\/schema.org\",\"@graph\":[{\"@type\":\"WebPage\",\"@id\":\"https:\/\/vapebulkp.com\/product\/good-sale-bang-king-12000-puffs-disposable-vape-wholesale-2\/\",\"url\":\"https:\/\/vapebulkp.com\/product\/good-sale-bang-king-12000-puffs-disposable-vape-wholesale-2\/\",\"name\":\"Good Sale Bang King 12000 Puffs Disposable Vape Wholesale 2% - vapebulkp.com\",\"isPartOf\":{\"@id\":\"https:\/\/vapebulkp.com\/#website\"},\"datePublished\":\"2023-09-20T02:47:12+00:00\",\"dateModified\":\"2025-09-16T09:25:51+00:00\",\"description\":\"The Bang King 12000Puffs Disposable Vape ergonomic design fits perfectly in your hand and is compact enough to slip into your pocket or purse.\",\"breadcrumb\":{\"@id\":\"https:\/\/vapebulkp.com\/product\/good-sale-bang-king-12000-puffs-disposable-vape-wholesale-2\/#breadcrumb\"},\"inLanguage\":\"fr-FR\",\"potentialAction\":[{\"@type\":\"ReadAction\",\"target\":[\"https:\/\/vapebulkp.com\/product\/good-sale-bang-king-12000-puffs-disposable-vape-wholesale-2\/\"]}]},{\"@type\":\"BreadcrumbList\",\"@id\":\"https:\/\/vapebulkp.com\/product\/good-sale-bang-king-12000-puffs-disposable-vape-wholesale-2\/#breadcrumb\",\"itemListElement\":[{\"@type\":\"ListItem\",\"position\":1,\"name\":\"Home\",\"item\":\"https:\/\/vapebulkp.com\/\"},{\"@type\":\"ListItem\",\"position\":2,\"name\":\"Hot Trend Vapes\",\"item\":\"https:\/\/vapebulkp.com\/vape-shop\/\"},{\"@type\":\"ListItem\",\"position\":3,\"name\":\"Good Sale Bang King 12000 Puffs Disposable Vape Wholesale 2%\"}]},{\"@type\":\"WebSite\",\"@id\":\"https:\/\/vapebulkp.com\/#website\",\"url\":\"https:\/\/vapebulkp.com\/\",\"name\":\"vapebulkp.com\",\"description\":\"Buy Vape In Cheap Bulk Price Near you\",\"publisher\":{\"@id\":\"https:\/\/vapebulkp.com\/#organization\"},\"potentialAction\":[{\"@type\":\"SearchAction\",\"target\":{\"@type\":\"EntryPoint\",\"urlTemplate\":\"https:\/\/vapebulkp.com\/?s={search_term_string}\"},\"query-input\":\"required name=search_term_string\"}],\"inLanguage\":\"fr-FR\"},{\"@type\":\"Organization\",\"@id\":\"https:\/\/vapebulkp.com\/#organization\",\"name\":\"vapebulkp.com\",\"url\":\"https:\/\/vapebulkp.com\/\",\"logo\":{\"@type\":\"ImageObject\",\"inLanguage\":\"fr-FR\",\"@id\":\"https:\/\/vapebulkp.com\/#\/schema\/logo\/image\/\",\"url\":\"https:\/\/vapebulkp.com\/wp-content\/uploads\/2023\/09\/cropped-vapebulkp.png\",\"contentUrl\":\"https:\/\/vapebulkp.com\/wp-content\/uploads\/2023\/09\/cropped-vapebulkp.png\",\"width\":516,\"height\":163,\"caption\":\"vapebulkp.com\"},\"image\":{\"@id\":\"https:\/\/vapebulkp.com\/#\/schema\/logo\/image\/\"}}]}<\/script>\n<!-- \/ Yoast SEO plugin. -->","yoast_head_json":{"title":"Good Sale Bang King 12000 Puffs Disposable Vape Wholesale 2% - vapebulkp.com","description":"The Bang King 12000Puffs Disposable Vape ergonomic design fits perfectly in your hand and is compact enough to slip into your pocket or purse.","robots":{"index":"index","follow":"follow","max-snippet":"max-snippet:-1","max-image-preview":"max-image-preview:large","max-video-preview":"max-video-preview:-1"},"canonical":"https:\/\/vapebulkp.com\/fr\/product\/good-sale-bang-king-12000-puffs-disposable-vape-wholesale-2\/","og_locale":"fr_FR","og_type":"article","og_title":"Good Sale Bang King 12000 Puffs Disposable Vape Wholesale 2% - vapebulkp.com","og_description":"The Bang King 12000Puffs Disposable Vape ergonomic design fits perfectly in your hand and is compact enough to slip into your pocket or purse.","og_url":"https:\/\/vapebulkp.com\/fr\/product\/good-sale-bang-king-12000-puffs-disposable-vape-wholesale-2\/","og_site_name":"vapebulkp.com","article_modified_time":"2025-09-16T09:25:51+00:00","og_image":[{"width":1280,"height":1280,"url":"http:\/\/vapebulkp.com\/wp-content\/uploads\/2023\/09\/bang-king-12000-puffs-best-flavours.jpg","type":"image\/jpeg"}],"twitter_card":"summary_large_image","twitter_misc":{"Dur\u00e9e de lecture estim\u00e9e":"4 minutes"},"schema":{"@context":"https:\/\/schema.org","@graph":[{"@type":"WebPage","@id":"https:\/\/vapebulkp.com\/product\/good-sale-bang-king-12000-puffs-disposable-vape-wholesale-2\/","url":"https:\/\/vapebulkp.com\/product\/good-sale-bang-king-12000-puffs-disposable-vape-wholesale-2\/","name":"Good Sale Bang King 12000 Puffs Disposable Vape Wholesale 2% - vapebulkp.com","isPartOf":{"@id":"https:\/\/vapebulkp.com\/#website"},"datePublished":"2023-09-20T02:47:12+00:00","dateModified":"2025-09-16T09:25:51+00:00","description":"The Bang King 12000Puffs Disposable Vape ergonomic design fits perfectly in your hand and is compact enough to slip into your pocket or purse.","breadcrumb":{"@id":"https:\/\/vapebulkp.com\/product\/good-sale-bang-king-12000-puffs-disposable-vape-wholesale-2\/#breadcrumb"},"inLanguage":"fr-FR","potentialAction":[{"@type":"ReadAction","target":["https:\/\/vapebulkp.com\/product\/good-sale-bang-king-12000-puffs-disposable-vape-wholesale-2\/"]}]},{"@type":"BreadcrumbList","@id":"https:\/\/vapebulkp.com\/product\/good-sale-bang-king-12000-puffs-disposable-vape-wholesale-2\/#breadcrumb","itemListElement":[{"@type":"ListItem","position":1,"name":"Home","item":"https:\/\/vapebulkp.com\/"},{"@type":"ListItem","position":2,"name":"Hot Trend Vapes","item":"https:\/\/vapebulkp.com\/vape-shop\/"},{"@type":"ListItem","position":3,"name":"Good Sale Bang King 12000 Puffs Disposable Vape Wholesale 2%"}]},{"@type":"WebSite","@id":"https:\/\/vapebulkp.com\/#website","url":"https:\/\/vapebulkp.com\/","name":"vapebulkp.com","description":"Buy Vape In Cheap Bulk Price Near you","publisher":{"@id":"https:\/\/vapebulkp.com\/#organization"},"potentialAction":[{"@type":"SearchAction","target":{"@type":"EntryPoint","urlTemplate":"https:\/\/vapebulkp.com\/?s={search_term_string}"},"query-input":"required name=search_term_string"}],"inLanguage":"fr-FR"},{"@type":"Organization","@id":"https:\/\/vapebulkp.com\/#organization","name":"vapebulkp.com","url":"https:\/\/vapebulkp.com\/","logo":{"@type":"ImageObject","inLanguage":"fr-FR","@id":"https:\/\/vapebulkp.com\/#\/schema\/logo\/image\/","url":"https:\/\/vapebulkp.com\/wp-content\/uploads\/2023\/09\/cropped-vapebulkp.png","contentUrl":"https:\/\/vapebulkp.com\/wp-content\/uploads\/2023\/09\/cropped-vapebulkp.png","width":516,"height":163,"caption":"vapebulkp.com"},"image":{"@id":"https:\/\/vapebulkp.com\/#\/schema\/logo\/image\/"}}]}},"uagb_featured_image_src":{"full":["https:\/\/vapebulkp.com\/wp-content\/uploads\/2023\/09\/bang-king-12000-puffs-best-flavours.jpg",1280,1280,false],"thumbnail":["https:\/\/vapebulkp.com\/wp-content\/uploads\/2023\/09\/bang-king-12000-puffs-best-flavours-150x150.jpg",150,150,true],"medium":["https:\/\/vapebulkp.com\/wp-content\/uploads\/2023\/09\/bang-king-12000-puffs-best-flavours-300x300.jpg",300,300,true],"medium_large":["https:\/\/vapebulkp.com\/wp-content\/uploads\/2023\/09\/bang-king-12000-puffs-best-flavours-768x768.jpg",768,768,true],"large":["https:\/\/vapebulkp.com\/wp-content\/uploads\/2023\/09\/bang-king-12000-puffs-best-flavours-1024x1024.jpg",1024,1024,true],"1536x1536":["https:\/\/vapebulkp.com\/wp-content\/uploads\/2023\/09\/bang-king-12000-puffs-best-flavours.jpg",1280,1280,false],"2048x2048":["https:\/\/vapebulkp.com\/wp-content\/uploads\/2023\/09\/bang-king-12000-puffs-best-flavours.jpg",1280,1280,false],"trp-custom-language-flag":["https:\/\/vapebulkp.com\/wp-content\/uploads\/2023\/09\/bang-king-12000-puffs-best-flavours.jpg",12,12,false],"woocommerce_thumbnail":["https:\/\/vapebulkp.com\/wp-content\/uploads\/2023\/09\/bang-king-12000-puffs-best-flavours-300x300.jpg",300,300,true],"woocommerce_single":["https:\/\/vapebulkp.com\/wp-content\/uploads\/2023\/09\/bang-king-12000-puffs-best-flavours-600x600.jpg",600,600,true],"woocommerce_gallery_thumbnail":["https:\/\/vapebulkp.com\/wp-content\/uploads\/2023\/09\/bang-king-12000-puffs-best-flavours-100x100.jpg",100,100,true],"wcpr-photo-reviews":["https:\/\/vapebulkp.com\/wp-content\/uploads\/2023\/09\/bang-king-12000-puffs-best-flavours.jpg",500,500,false]},"uagb_author_info":{"display_name":"Mandy vape bulk price","author_link":"https:\/\/vapebulkp.com\/fr\/author\/"},"uagb_comment_info":3,"uagb_excerpt":"The Bang King 12000Puffs Disposable E-Cigarette's ergonomic design fits perfectly in your hand and is compact enough to slip into your pocket or purse. Whether you're on a busy day at work or traveling, this disposable e-cigarette ensures you can enjoy your favorite flavors wherever you are. Pls Contact Mandy's WhatsApp For Discount Price+8618077105796 NOTE:\u2026","_links":{"self":[{"href":"https:\/\/vapebulkp.com\/fr\/wp-json\/wp\/v2\/product\/1512","targetHints":{"allow":["GET"]}}],"collection":[{"href":"https:\/\/vapebulkp.com\/fr\/wp-json\/wp\/v2\/product"}],"about":[{"href":"https:\/\/vapebulkp.com\/fr\/wp-json\/wp\/v2\/types\/product"}],"replies":[{"embeddable":true,"href":"https:\/\/vapebulkp.com\/fr\/wp-json\/wp\/v2\/comments?post=1512"}],"wp:featuredmedia":[{"embeddable":true,"href":"https:\/\/vapebulkp.com\/fr\/wp-json\/wp\/v2\/media\/1635"}],"wp:attachment":[{"href":"https:\/\/vapebulkp.com\/fr\/wp-json\/wp\/v2\/media?parent=1512"}],"wp:term":[{"taxonomy":"product_cat","embeddable":true,"href":"https:\/\/vapebulkp.com\/fr\/wp-json\/wp\/v2\/product_cat?post=1512"},{"taxonomy":"product_tag","embeddable":true,"href":"https:\/\/vapebulkp.com\/fr\/wp-json\/wp\/v2\/product_tag?post=1512"}],"curies":[{"name":"wp","href":"https:\/\/api.w.org\/{rel}","templated":true}]}}