{"id":1545,"date":"2023-09-20T09:21:33","date_gmt":"2023-09-20T07:21:33","guid":{"rendered":"https:\/\/vapebulkp.com\/?post_type=product&#038;p=1545"},"modified":"2025-09-24T05:10:12","modified_gmt":"2025-09-24T03:10:12","slug":"wholesale-randm-vape-9000-puffs-germany","status":"publish","type":"product","link":"https:\/\/vapebulkp.com\/fr\/product\/wholesale-randm-vape-9000-puffs-germany\/","title":{"rendered":"Prix de gros RandM Vape 9000 bouff\u00e9es France"},"content":{"rendered":"<h2>Quelle est la meilleure vente de Vape RandM Vape 9000 bouff\u00e9es ?<\/h2>\n<p>La cigarette \u00e9lectronique jetable en gros RandM Tornado 9000 Puffs offre une solution de vapotage jetable de grande capacit\u00e9 pour les vapoteurs fran\u00e7ais qui souhaitent commodit\u00e9 et performances durables. Avec 9000 bouff\u00e9es douces, cet appareil compact offre une saveur constante et une vapeur satisfaisante du d\u00e9but \u00e0 la fin.<\/p>\n<p>\u00c9quip\u00e9 d'une batterie de cigarette \u00e9lectronique jetable rechargeable de 850 mAh avec chargement de type C, il garantit des sessions durables et un temps d'arr\u00eat minimal. Le vapotage \u00e0 bobine maill\u00e9e de 0,8 \u03a9 offre une saveur riche et des nuages denses \u00e0 chaque tirage. Pr\u00e9-rempli avec 20 ml d'e-liquide de premi\u00e8re qualit\u00e9, disponible en sel de nicotine 2 % ou 5 %, il convient aussi bien aux coups mod\u00e9r\u00e9s qu'aux coups plus forts.<\/p>\n<p>Id\u00e9al pour les acheteurs de vapotage en gros fran\u00e7ais ou les utilisateurs individuels, le RandM Tornado 9000 combine portabilit\u00e9, hautes performances et qualit\u00e9 fiable dans un appareil \u00e9l\u00e9gant et pr\u00eat \u00e0 l'emploi.<\/p>\n<h6 style=\"text-align: left\"><img decoding=\"async\" class=\"alignnone wp-image-1708\" src=\"http:\/\/vapebulkp.com\/wp-content\/uploads\/2023\/09\/POR-VAPE-RM-TORNADO-9000-PUFFS-2.jpg\" alt=\"POR VAPE RM TORNADO 9000 BOUFF\u00c9ES\" width=\"798\" height=\"798\" srcset=\"https:\/\/vapebulkp.com\/wp-content\/uploads\/2023\/09\/POR-VAPE-RM-TORNADO-9000-PUFFS-2.jpg 1000w, https:\/\/vapebulkp.com\/wp-content\/uploads\/2023\/09\/POR-VAPE-RM-TORNADO-9000-PUFFS-2-300x300.jpg 300w, https:\/\/vapebulkp.com\/wp-content\/uploads\/2023\/09\/POR-VAPE-RM-TORNADO-9000-PUFFS-2-150x150.jpg 150w, https:\/\/vapebulkp.com\/wp-content\/uploads\/2023\/09\/POR-VAPE-RM-TORNADO-9000-PUFFS-2-768x768.jpg 768w, https:\/\/vapebulkp.com\/wp-content\/uploads\/2023\/09\/POR-VAPE-RM-TORNADO-9000-PUFFS-2-600x600.jpg 600w, https:\/\/vapebulkp.com\/wp-content\/uploads\/2023\/09\/POR-VAPE-RM-TORNADO-9000-PUFFS-2-100x100.jpg 100w\" sizes=\"(max-width: 798px) 100vw, 798px\" \/><\/h6>\n<h6><\/h6>\n<h6>Veuillez contacter le WhatsApp de Mandy pour un prix r\u00e9duit<a href=\"https:\/\/wa.me\/8618077105796\">+8618077105796<\/a><\/h6>\n<p><img decoding=\"async\" class=\"alignnone wp-image-2151\" src=\"http:\/\/vapebulkp.com\/wp-content\/uploads\/2024\/04\/Mandy-WhatsApp-Randm.jpg\" alt=\"WhatsApp Mandy Randm\" width=\"277\" height=\"295\" srcset=\"https:\/\/vapebulkp.com\/wp-content\/uploads\/2024\/04\/Mandy-WhatsApp-Randm.jpg 916w, https:\/\/vapebulkp.com\/wp-content\/uploads\/2024\/04\/Mandy-WhatsApp-Randm-282x300.jpg 282w, https:\/\/vapebulkp.com\/wp-content\/uploads\/2024\/04\/Mandy-WhatsApp-Randm-768x817.jpg 768w, https:\/\/vapebulkp.com\/wp-content\/uploads\/2024\/04\/Mandy-WhatsApp-Randm-600x638.jpg 600w\" sizes=\"(max-width: 277px) 100vw, 277px\" \/><\/p>\n<h3><span style=\"vertical-align: inherit\">Vous pensiez que vous aimeriez en savoir plus sur les bouff\u00e9es Randm Tornado 9000 :<\/span><\/h3>\n<p class=\"style-scope ytd-watch-metadata\">1.Comment utiliser le stylo vape RandM Tornado 9000 ?<\/p>\n<p>\u00c9tape 1. Avant d'utiliser 9k bouff\u00e9es, d\u00e9branchez le tuyau en plastique.<\/p>\n<p>\u00c9tape 2. Attendez environ 3 minutes pour laisser le jus p\u00e9n\u00e9trer dans la r\u00e9sistance \u00e0 l'int\u00e9rieur.<\/p>\n<p>\u00c9tape 3. Profitez-en<\/p>\n<p>2.<strong>Comment charger le RandM Tornado 9000 bouff\u00e9es :<\/strong><\/p>\n<p>Les chargeurs \u00e0 charge rapide ne peuvent pas \u00eatre utilis\u00e9s, et la puissance de s\u00e9curit\u00e9 standard des cigarettes \u00e9lectroniques jetables est de 5V 1A.<\/p>\n<p>Chaque temps de charge ne peut pas d\u00e9passer 1 heure, et le temps de charge s\u00fbr est d'une demi-heure.<\/p>\n<p><span style=\"color: #ff6600\">Avis : ne pas recharger toute la nuit !<\/span><\/p>\n<p>3.Quelle est la capacit\u00e9 d'e-liquide de la VAPE tornade Rick and Morty 9000 bouff\u00e9es ?<\/p>\n<p>\u2014\u201320ml<\/p>\n<p>4.<strong>Combien de temps dure RandM Tornado 9000 bouff\u00e9es :<\/strong><\/p>\n<p>\u2014\u20139000 bouff\u00e9es<\/p>\n<h4><strong><span style=\"vertical-align: inherit\">Sp\u00e9cifications Randm Vape bouff\u00e9e 9000 :<\/span><br \/>\n<\/strong><\/h4>\n<p>Bonne batterie : 850mAh (Type C)<br \/>\nHaute capacit\u00e9 : 20ml<br \/>\nBobine de haute qualit\u00e9 : 0,8 ohm mesh<br \/>\nVolume d'aspiration approximatif : 9000 bouff\u00e9es<br \/>\nbouff\u00e9e randm tornado 9000 nicotine : 2%,5%<br \/>\nQuantit\u00e9 minimale de commande : 50 pi\u00e8ces<\/p>\n<h2><strong>Quelles sont les meilleures saveurs de vapotage randmvape 9000 bouff\u00e9es ?<\/strong><\/h2>\n<p>&nbsp;<\/p>\n<p>1 Myrtille Framboise<br \/>\n2 M. Bleu<br \/>\n3 Fraise Past\u00e8que<br \/>\n4 Soda \u00e0 l'orange<br \/>\n5 Bubble gum \u00e0 la past\u00e8que<br \/>\n6 Bonbons arc-en-ciel<br \/>\n7 Limonade rose<br \/>\n8 P\u00eache Mangue Ananas<br \/>\n9 Fraise Banane<br \/>\n10 Glace luxuriante<br \/>\n11 Glace au dragon noir<br \/>\n12 Raisin Alo\u00e8s<br \/>\n13 Glace \u00e0 la framboise bleue<br \/>\n14 Kiwi fruit de la passion goyave<br \/>\n15 Ours en gomme<br \/>\n16 Baies m\u00e9lang\u00e9es<br \/>\n17 Menthe fra\u00eeche<br \/>\n18 Framboise Past\u00e8que<br \/>\n19 Limonade P\u00eache<br \/>\n20 Goyave Glac\u00e9e<br \/>\n21 Limonade Fraise<br \/>\n22 Past\u00e8que Brazz Glac\u00e9e<br \/>\n23 Cr\u00e8me de banane<br \/>\n24 P\u00eache et baies<br \/>\n25 Cr\u00e8me de fraise<br \/>\n26 Bonbon acidul\u00e9<br \/>\n27 Citron<br \/>\n28 Cerise<br \/>\n29 Cerise p\u00e9tillante<br \/>\n30 Myrtille cerise canneberge<br \/>\n31 Vimto<br \/>\n32 Skittles<br \/>\n33 Glace noire<br \/>\n34 Raisin<br \/>\n35 Glace bluelicious<br \/>\n36 Glace \u00e0 la fraise<br \/>\n38 Sucette glac\u00e9e<br \/>\n39 Myrtille framboise sure<br \/>\n40 Ananas<br \/>\n41 Limonade cerise p\u00eache<br \/>\n42 Glace fraise framboise cerise<br \/>\n43 Triple mangue<br \/>\n45 Bubblegum fraise past\u00e8que<br \/>\n47 Glace \u00e0 la past\u00e8que<br \/>\n48 Glace \u00e0 la myrtille<\/p>\n<p><a href=\"https:\/\/vapebulkp.com\/fr\/product\/wholesale-price-disposable-vape-crystal-600-puffs\/\"><span style=\"vertical-align: inherit\">\u00a0<\/span><\/a><span style=\"vertical-align: inherit\">Trouvez plus de produits qui pourraient vous plaire\uff1a<\/span><em><a href=\"https:\/\/wa.me\/8618077105796\"><span style=\"vertical-align: inherit\">\u00a0Achetez-le maintenant<\/span><\/a><\/em><\/p>\n<p><a href=\"https:\/\/vapebulkp.com\/fr\/product\/bang-box-80000-puffs-3-in-1-wholesale-vape-supply\/\"><span style=\"vertical-align: inherit\">Bang Box 80000 bouff\u00e9es <\/span><\/a><span style=\"vertical-align: inherit\">\/ <\/span><a href=\"https:\/\/vapebulkp.com\/fr\/product\/uzy-triple-60000-puffs-smart-vape-wholesale-3-in-1-flavor\/\"><span style=\"vertical-align: inherit\">UZY Vape 60000 Bouff\u00e9es<\/span><\/a><span style=\"vertical-align: inherit\">\/<\/span><a href=\"https:\/\/vapebulkp.com\/fr\/product\/vopk-60000-puffs-top-sale-disposable-vape-pen\/\"><span style=\"vertical-align: inherit\">VOPK 60000 Bouff\u00e9es<\/span><\/a><\/p>\n<h4>Qualification de production :<\/h4>\n<p><img decoding=\"async\" class=\"alignnone size-full wp-image-1841\" src=\"http:\/\/vapebulkp.com\/wp-content\/uploads\/2023\/11\/Vape-production-process-2.jpeg\" alt=\"Processus de production de vape\" width=\"650\" height=\"434\" srcset=\"https:\/\/vapebulkp.com\/wp-content\/uploads\/2023\/11\/Vape-production-process-2.jpeg 650w, https:\/\/vapebulkp.com\/wp-content\/uploads\/2023\/11\/Vape-production-process-2-300x200.jpeg 300w, https:\/\/vapebulkp.com\/wp-content\/uploads\/2023\/11\/Vape-production-process-2-600x401.jpeg 600w\" sizes=\"(max-width: 650px) 100vw, 650px\" \/><\/p>\n<p><img decoding=\"async\" class=\"alignnone size-full wp-image-1843\" src=\"http:\/\/vapebulkp.com\/wp-content\/uploads\/2023\/11\/Vape-production-process.jpeg\" alt=\"Processus de production de vape\" width=\"641\" height=\"1026\" srcset=\"https:\/\/vapebulkp.com\/wp-content\/uploads\/2023\/11\/Vape-production-process.jpeg 641w, https:\/\/vapebulkp.com\/wp-content\/uploads\/2023\/11\/Vape-production-process-187x300.jpeg 187w, https:\/\/vapebulkp.com\/wp-content\/uploads\/2023\/11\/Vape-production-process-640x1024.jpeg 640w, https:\/\/vapebulkp.com\/wp-content\/uploads\/2023\/11\/Vape-production-process-600x960.jpeg 600w\" sizes=\"(max-width: 641px) 100vw, 641px\" \/><\/p>\n<h5>FAQ :<\/h5>\n<p>Q : Quel est le MOQ de Randm 9000 bouff\u00e9es ?<br \/>\nR : La commande minimale est de 50 pi\u00e8ces.<br \/>\nQ : Quel est le d\u00e9lai de livraison pour les vapes command\u00e9es ?<br \/>\nR : Il est g\u00e9n\u00e9ralement de 10 \u00e0 15 jours apr\u00e8s l'exp\u00e9dition.<br \/>\nQ: Quel est le co\u00fbt d'exp\u00e9dition ? R: Le co\u00fbt d'exp\u00e9dition d\u00e9pend du poids. Diff\u00e9rentes quantit\u00e9s ont des co\u00fbts d'exp\u00e9dition diff\u00e9rents, veuillez nous contacter pour confirmer le co\u00fbt d'exp\u00e9dition.<\/p>\n<h4>D\u00e9tails d'exp\u00e9dition :<\/h4>\n<p><span style=\"color: #ff6600\">D\u00e9lai de production : 5-10 jours ouvrables<\/span><br \/>\n<span style=\"color: #ff6600\">D\u00e9lai de livraison : 8-14 jours ouvrables<\/span><\/p>\n<p>Tous les produits de notre boutique sont 100% originaux et authentiques, c'est pourquoi nous avons pour politique de rembourser dix fois le prix des produits contrefaits. Nous utilisons des canaux logistiques tels que UPS\/DHL\/FEDEX\/DPD pour vous livrer les marchandises.<\/p>\n<p>Pour les colis exp\u00e9di\u00e9s en France, il faut g\u00e9n\u00e9ralement 10 jours ouvrables pour qu'ils arrivent. L'exp\u00e9dition vers les pays europ\u00e9ens prend g\u00e9n\u00e9ralement de 12 \u00e0 15 jours ouvrables. Nous mettrons \u00e0 jour les informations logistiques pour vous en temps r\u00e9el.<\/p>","protected":false},"excerpt":{"rendered":"<p>Vape tornade rick and morty pr\u00e8s de chez moi<\/p>\n<p>bonne vente Randm vape 9000<\/p>\n<p>Randm vape pr\u00e8s de chez moi<\/p>\n<p>puff tornade 9000 que vous voulez acheter<\/p>\n<p><img decoding=\"async\" class=\"alignnone wp-image-2151\" src=\"http:\/\/vapebulkp.com\/wp-content\/uploads\/2024\/04\/Mandy-WhatsApp-Randm.jpg\" alt=\"WhatsApp Mandy Randm\" width=\"304\" height=\"323\" srcset=\"https:\/\/vapebulkp.com\/wp-content\/uploads\/2024\/04\/Mandy-WhatsApp-Randm.jpg 916w, https:\/\/vapebulkp.com\/wp-content\/uploads\/2024\/04\/Mandy-WhatsApp-Randm-282x300.jpg 282w, https:\/\/vapebulkp.com\/wp-content\/uploads\/2024\/04\/Mandy-WhatsApp-Randm-768x817.jpg 768w, https:\/\/vapebulkp.com\/wp-content\/uploads\/2024\/04\/Mandy-WhatsApp-Randm-600x638.jpg 600w\" sizes=\"(max-width: 304px) 100vw, 304px\" \/><\/p>\n<p>Veuillez contacter le WhatsApp de Mandy pour un prix r\u00e9duit<a href=\"https:\/\/wa.me\/8618077105796\">+8618077105796<\/a><\/p>\n<p><span style=\"color: #ff0000\">REMARQUE : Les prix sur notre site web n'incluent pas les frais de port<\/span><\/p>","protected":false},"featured_media":1709,"comment_status":"open","ping_status":"closed","template":"","meta":{"_uag_custom_page_level_css":"","_lmt_disableupdate":"no","_lmt_disable":"","site-sidebar-layout":"default","site-content-layout":"content-boxed-container","ast-site-content-layout":"normal-width-container","site-content-style":"boxed","site-sidebar-style":"unboxed","ast-global-header-display":"","ast-banner-title-visibility":"","ast-main-header-display":"","ast-hfb-above-header-display":"","ast-hfb-below-header-display":"","ast-hfb-mobile-header-display":"","site-post-title":"","ast-breadcrumbs-content":"","ast-featured-img":"","footer-sml-layout":"","theme-transparent-header-meta":"default","adv-header-id-meta":"","stick-header-meta":"","header-above-stick-meta":"","header-main-stick-meta":"","header-below-stick-meta":"","astra-migrate-meta-layouts":"set","_joinchat":[]},"product_cat":[168,153,155,33,352,59,100,87,34,158,157,154,152,58,84,156,63,32],"product_tag":[47,36,37,41,75,40],"class_list":["post-1545","product","type-product","status-publish","has-post-thumbnail","hentry","product_cat-9000-puffs-disposable-vape","product_cat-hot-disposable-vapes","product_cat-belgium-hot-disposable-vapes","product_cat-france-vape-hot-sale","product_cat-fumot-vapes","product_cat-germany-hot-disposable-vape","product_cat-germany-wholesale-vape-shop","product_cat-minimum-order-quantity-50pcs","product_cat-netherlands-vape-good-sale","product_cat-norway-hot-disposable-vapes","product_cat-poland-hot-disposable-vapes","product_cat-portugal-hot-disposable-vapes","product_cat-spain-hot-disposable-vapes","product_cat-sweden-hot-disposable-vape","product_cat-sweden-wholesale-vape","product_cat-switzerland-hot-disposable-vapes","product_cat-top-sale-disposable-vape","product_cat-vape-hot-sale-this-week","product_tag-9000puffs","product_tag-good-vape","product_tag-hot-sale-disposable-vape","product_tag-poland-hot-vape","product_tag-randm-vape-9000-puffs","product_tag-sweden-hot-vape","pa_brand-fumot-vape","desktop-align-left","tablet-align-left","mobile-align-left"],"yoast_head":"<!-- This site is optimized with the Yoast SEO plugin v21.1 - https:\/\/yoast.com\/wordpress\/plugins\/seo\/ -->\n<title>Wholesale RandM Vape 9000 Puffs Germany - vapebulkp.com<\/title>\n<meta name=\"description\" content=\"Wholesale Randm Tornado 9000 Puffs Germany Vape ergonomic design fits perfectly in your hand and is compact enough to slip into your pocket or purse.\" \/>\n<meta name=\"robots\" content=\"index, follow, max-snippet:-1, max-image-preview:large, max-video-preview:-1\" \/>\n<link rel=\"canonical\" href=\"https:\/\/vapebulkp.com\/fr\/product\/wholesale-randm-vape-9000-puffs-germany\/\" \/>\n<meta property=\"og:locale\" content=\"fr_FR\" \/>\n<meta property=\"og:type\" content=\"article\" \/>\n<meta property=\"og:title\" content=\"Wholesale RandM Vape 9000 Puffs Germany - vapebulkp.com\" \/>\n<meta property=\"og:description\" content=\"Wholesale Randm Tornado 9000 Puffs Germany Vape ergonomic design fits perfectly in your hand and is compact enough to slip into your pocket or purse.\" \/>\n<meta property=\"og:url\" content=\"https:\/\/vapebulkp.com\/fr\/product\/wholesale-randm-vape-9000-puffs-germany\/\" \/>\n<meta property=\"og:site_name\" content=\"vapebulkp.com\" \/>\n<meta property=\"article:modified_time\" content=\"2025-09-24T03:10:12+00:00\" \/>\n<meta property=\"og:image\" content=\"http:\/\/vapebulkp.com\/wp-content\/uploads\/2023\/09\/KIT-VAPE-RANDM-TORNADO-9000-PUFF-1.jpg\" \/>\n\t<meta property=\"og:image:width\" content=\"1000\" \/>\n\t<meta property=\"og:image:height\" content=\"1000\" \/>\n\t<meta property=\"og:image:type\" content=\"image\/jpeg\" \/>\n<meta name=\"twitter:card\" content=\"summary_large_image\" \/>\n<meta name=\"twitter:label1\" content=\"Dur\u00e9e de lecture estim\u00e9e\" \/>\n\t<meta name=\"twitter:data1\" content=\"4 minutes\" \/>\n<script type=\"application\/ld+json\" class=\"yoast-schema-graph\">{\"@context\":\"https:\/\/schema.org\",\"@graph\":[{\"@type\":\"WebPage\",\"@id\":\"https:\/\/vapebulkp.com\/product\/wholesale-randm-vape-9000-puffs-germany\/\",\"url\":\"https:\/\/vapebulkp.com\/product\/wholesale-randm-vape-9000-puffs-germany\/\",\"name\":\"Wholesale RandM Vape 9000 Puffs Germany - vapebulkp.com\",\"isPartOf\":{\"@id\":\"https:\/\/vapebulkp.com\/#website\"},\"datePublished\":\"2023-09-20T07:21:33+00:00\",\"dateModified\":\"2025-09-24T03:10:12+00:00\",\"description\":\"Wholesale Randm Tornado 9000 Puffs Germany Vape ergonomic design fits perfectly in your hand and is compact enough to slip into your pocket or purse.\",\"breadcrumb\":{\"@id\":\"https:\/\/vapebulkp.com\/product\/wholesale-randm-vape-9000-puffs-germany\/#breadcrumb\"},\"inLanguage\":\"fr-FR\",\"potentialAction\":[{\"@type\":\"ReadAction\",\"target\":[\"https:\/\/vapebulkp.com\/product\/wholesale-randm-vape-9000-puffs-germany\/\"]}]},{\"@type\":\"BreadcrumbList\",\"@id\":\"https:\/\/vapebulkp.com\/product\/wholesale-randm-vape-9000-puffs-germany\/#breadcrumb\",\"itemListElement\":[{\"@type\":\"ListItem\",\"position\":1,\"name\":\"Home\",\"item\":\"https:\/\/vapebulkp.com\/\"},{\"@type\":\"ListItem\",\"position\":2,\"name\":\"Hot Trend Vapes\",\"item\":\"https:\/\/vapebulkp.com\/vape-shop\/\"},{\"@type\":\"ListItem\",\"position\":3,\"name\":\"Wholesale RandM Vape 9000 Puffs Germany\"}]},{\"@type\":\"WebSite\",\"@id\":\"https:\/\/vapebulkp.com\/#website\",\"url\":\"https:\/\/vapebulkp.com\/\",\"name\":\"vapebulkp.com\",\"description\":\"Buy Vape In Cheap Bulk Price Near you\",\"publisher\":{\"@id\":\"https:\/\/vapebulkp.com\/#organization\"},\"potentialAction\":[{\"@type\":\"SearchAction\",\"target\":{\"@type\":\"EntryPoint\",\"urlTemplate\":\"https:\/\/vapebulkp.com\/?s={search_term_string}\"},\"query-input\":\"required name=search_term_string\"}],\"inLanguage\":\"fr-FR\"},{\"@type\":\"Organization\",\"@id\":\"https:\/\/vapebulkp.com\/#organization\",\"name\":\"vapebulkp.com\",\"url\":\"https:\/\/vapebulkp.com\/\",\"logo\":{\"@type\":\"ImageObject\",\"inLanguage\":\"fr-FR\",\"@id\":\"https:\/\/vapebulkp.com\/#\/schema\/logo\/image\/\",\"url\":\"https:\/\/vapebulkp.com\/wp-content\/uploads\/2023\/09\/cropped-vapebulkp.png\",\"contentUrl\":\"https:\/\/vapebulkp.com\/wp-content\/uploads\/2023\/09\/cropped-vapebulkp.png\",\"width\":516,\"height\":163,\"caption\":\"vapebulkp.com\"},\"image\":{\"@id\":\"https:\/\/vapebulkp.com\/#\/schema\/logo\/image\/\"}}]}<\/script>\n<!-- \/ Yoast SEO plugin. -->","yoast_head_json":{"title":"Wholesale RandM Vape 9000 Puffs Germany - vapebulkp.com","description":"Wholesale Randm Tornado 9000 Puffs Germany Vape ergonomic design fits perfectly in your hand and is compact enough to slip into your pocket or purse.","robots":{"index":"index","follow":"follow","max-snippet":"max-snippet:-1","max-image-preview":"max-image-preview:large","max-video-preview":"max-video-preview:-1"},"canonical":"https:\/\/vapebulkp.com\/fr\/product\/wholesale-randm-vape-9000-puffs-germany\/","og_locale":"fr_FR","og_type":"article","og_title":"Wholesale RandM Vape 9000 Puffs Germany - vapebulkp.com","og_description":"Wholesale Randm Tornado 9000 Puffs Germany Vape ergonomic design fits perfectly in your hand and is compact enough to slip into your pocket or purse.","og_url":"https:\/\/vapebulkp.com\/fr\/product\/wholesale-randm-vape-9000-puffs-germany\/","og_site_name":"vapebulkp.com","article_modified_time":"2025-09-24T03:10:12+00:00","og_image":[{"width":1000,"height":1000,"url":"http:\/\/vapebulkp.com\/wp-content\/uploads\/2023\/09\/KIT-VAPE-RANDM-TORNADO-9000-PUFF-1.jpg","type":"image\/jpeg"}],"twitter_card":"summary_large_image","twitter_misc":{"Dur\u00e9e de lecture estim\u00e9e":"4 minutes"},"schema":{"@context":"https:\/\/schema.org","@graph":[{"@type":"WebPage","@id":"https:\/\/vapebulkp.com\/product\/wholesale-randm-vape-9000-puffs-germany\/","url":"https:\/\/vapebulkp.com\/product\/wholesale-randm-vape-9000-puffs-germany\/","name":"Wholesale RandM Vape 9000 Puffs Germany - vapebulkp.com","isPartOf":{"@id":"https:\/\/vapebulkp.com\/#website"},"datePublished":"2023-09-20T07:21:33+00:00","dateModified":"2025-09-24T03:10:12+00:00","description":"Wholesale Randm Tornado 9000 Puffs Germany Vape ergonomic design fits perfectly in your hand and is compact enough to slip into your pocket or purse.","breadcrumb":{"@id":"https:\/\/vapebulkp.com\/product\/wholesale-randm-vape-9000-puffs-germany\/#breadcrumb"},"inLanguage":"fr-FR","potentialAction":[{"@type":"ReadAction","target":["https:\/\/vapebulkp.com\/product\/wholesale-randm-vape-9000-puffs-germany\/"]}]},{"@type":"BreadcrumbList","@id":"https:\/\/vapebulkp.com\/product\/wholesale-randm-vape-9000-puffs-germany\/#breadcrumb","itemListElement":[{"@type":"ListItem","position":1,"name":"Home","item":"https:\/\/vapebulkp.com\/"},{"@type":"ListItem","position":2,"name":"Hot Trend Vapes","item":"https:\/\/vapebulkp.com\/vape-shop\/"},{"@type":"ListItem","position":3,"name":"Wholesale RandM Vape 9000 Puffs Germany"}]},{"@type":"WebSite","@id":"https:\/\/vapebulkp.com\/#website","url":"https:\/\/vapebulkp.com\/","name":"vapebulkp.com","description":"Buy Vape In Cheap Bulk Price Near you","publisher":{"@id":"https:\/\/vapebulkp.com\/#organization"},"potentialAction":[{"@type":"SearchAction","target":{"@type":"EntryPoint","urlTemplate":"https:\/\/vapebulkp.com\/?s={search_term_string}"},"query-input":"required name=search_term_string"}],"inLanguage":"fr-FR"},{"@type":"Organization","@id":"https:\/\/vapebulkp.com\/#organization","name":"vapebulkp.com","url":"https:\/\/vapebulkp.com\/","logo":{"@type":"ImageObject","inLanguage":"fr-FR","@id":"https:\/\/vapebulkp.com\/#\/schema\/logo\/image\/","url":"https:\/\/vapebulkp.com\/wp-content\/uploads\/2023\/09\/cropped-vapebulkp.png","contentUrl":"https:\/\/vapebulkp.com\/wp-content\/uploads\/2023\/09\/cropped-vapebulkp.png","width":516,"height":163,"caption":"vapebulkp.com"},"image":{"@id":"https:\/\/vapebulkp.com\/#\/schema\/logo\/image\/"}}]}},"uagb_featured_image_src":{"full":["https:\/\/vapebulkp.com\/wp-content\/uploads\/2023\/09\/KIT-VAPE-RANDM-TORNADO-9000-PUFF-1.jpg",1000,1000,false],"thumbnail":["https:\/\/vapebulkp.com\/wp-content\/uploads\/2023\/09\/KIT-VAPE-RANDM-TORNADO-9000-PUFF-1-150x150.jpg",150,150,true],"medium":["https:\/\/vapebulkp.com\/wp-content\/uploads\/2023\/09\/KIT-VAPE-RANDM-TORNADO-9000-PUFF-1-300x300.jpg",300,300,true],"medium_large":["https:\/\/vapebulkp.com\/wp-content\/uploads\/2023\/09\/KIT-VAPE-RANDM-TORNADO-9000-PUFF-1-768x768.jpg",768,768,true],"large":["https:\/\/vapebulkp.com\/wp-content\/uploads\/2023\/09\/KIT-VAPE-RANDM-TORNADO-9000-PUFF-1.jpg",1000,1000,false],"1536x1536":["https:\/\/vapebulkp.com\/wp-content\/uploads\/2023\/09\/KIT-VAPE-RANDM-TORNADO-9000-PUFF-1.jpg",1000,1000,false],"2048x2048":["https:\/\/vapebulkp.com\/wp-content\/uploads\/2023\/09\/KIT-VAPE-RANDM-TORNADO-9000-PUFF-1.jpg",1000,1000,false],"trp-custom-language-flag":["https:\/\/vapebulkp.com\/wp-content\/uploads\/2023\/09\/KIT-VAPE-RANDM-TORNADO-9000-PUFF-1.jpg",12,12,false],"woocommerce_thumbnail":["https:\/\/vapebulkp.com\/wp-content\/uploads\/2023\/09\/KIT-VAPE-RANDM-TORNADO-9000-PUFF-1-300x300.jpg",300,300,true],"woocommerce_single":["https:\/\/vapebulkp.com\/wp-content\/uploads\/2023\/09\/KIT-VAPE-RANDM-TORNADO-9000-PUFF-1-600x600.jpg",600,600,true],"woocommerce_gallery_thumbnail":["https:\/\/vapebulkp.com\/wp-content\/uploads\/2023\/09\/KIT-VAPE-RANDM-TORNADO-9000-PUFF-1-100x100.jpg",100,100,true],"wcpr-photo-reviews":["https:\/\/vapebulkp.com\/wp-content\/uploads\/2023\/09\/KIT-VAPE-RANDM-TORNADO-9000-PUFF-1.jpg",500,500,false]},"uagb_author_info":{"display_name":"Mandy vape bulk price","author_link":"https:\/\/vapebulkp.com\/fr\/author\/"},"uagb_comment_info":5,"uagb_excerpt":"Rick and morty tornado vape near me good sale Randm vape 9000 Randm vape near me puff tornado 9000 you want to buy Pls Contact Mandy's WhatsApp For Discount Price+8618077105796 NOTE: Prices on our website does not include shipping costs","_links":{"self":[{"href":"https:\/\/vapebulkp.com\/fr\/wp-json\/wp\/v2\/product\/1545","targetHints":{"allow":["GET"]}}],"collection":[{"href":"https:\/\/vapebulkp.com\/fr\/wp-json\/wp\/v2\/product"}],"about":[{"href":"https:\/\/vapebulkp.com\/fr\/wp-json\/wp\/v2\/types\/product"}],"replies":[{"embeddable":true,"href":"https:\/\/vapebulkp.com\/fr\/wp-json\/wp\/v2\/comments?post=1545"}],"wp:featuredmedia":[{"embeddable":true,"href":"https:\/\/vapebulkp.com\/fr\/wp-json\/wp\/v2\/media\/1709"}],"wp:attachment":[{"href":"https:\/\/vapebulkp.com\/fr\/wp-json\/wp\/v2\/media?parent=1545"}],"wp:term":[{"taxonomy":"product_cat","embeddable":true,"href":"https:\/\/vapebulkp.com\/fr\/wp-json\/wp\/v2\/product_cat?post=1545"},{"taxonomy":"product_tag","embeddable":true,"href":"https:\/\/vapebulkp.com\/fr\/wp-json\/wp\/v2\/product_tag?post=1545"}],"curies":[{"name":"wp","href":"https:\/\/api.w.org\/{rel}","templated":true}]}}