{"id":1560,"date":"2023-09-21T05:19:59","date_gmt":"2023-09-21T03:19:59","guid":{"rendered":"https:\/\/vapebulkp.com\/?post_type=product&#038;p=1560"},"modified":"2025-09-08T05:45:47","modified_gmt":"2025-09-08T03:45:47","slug":"wholesale-price-aroma-king-7000puffs-disposable-vape","status":"publish","type":"product","link":"https:\/\/vapebulkp.com\/fr\/product\/wholesale-price-aroma-king-7000puffs-disposable-vape\/","title":{"rendered":"Prix de gros Vape jetable Aroma King 7000 bouff\u00e9es"},"content":{"rendered":"<h2>Prix de gros Vape jetable Aroma King 7000 bouff\u00e9es<\/h2>\n<p>La cigarette \u00e9lectronique jetable Aroma King 7000 Puffs est une cigarette \u00e9lectronique jetable haute performance et longue dur\u00e9e con\u00e7ue pour les amateurs de vapotage fran\u00e7ais qui appr\u00e9cient la saveur, la commodit\u00e9 et la fiabilit\u00e9. Con\u00e7ue avec une bobine en maille de 0,8\u03a9, elle d\u00e9livre une vapeur douce et dense pour environ 7 000 bouff\u00e9es.<\/p>\n<p>Pr\u00e9-rempli avec 18ml de sel de nicotine de premi\u00e8re qualit\u00e9, l'appareil fournit des sensations satisfaisantes avec des options de 2% ou 5% de force de nicotine. Sa conception ergonomique assure une prise en main confortable, tandis que sa forme compacte en fait un pod de cigarette \u00e9lectronique portable qui se glisse facilement dans les poches ou les sacs, id\u00e9al pour le vapotage en d\u00e9placement.<\/p>\n<p>Avec un design \u00e9l\u00e9gant et convivial, la cigarette \u00e9lectronique jetable ergonomique offre des performances constantes et des saveurs de qualit\u00e9 sup\u00e9rieure, des m\u00e9langes de fruits au menthol, rendant chaque bouff\u00e9e agr\u00e9able et savoureuse. L\u00e9g\u00e8re, pr\u00eate \u00e0 l'emploi et con\u00e7ue pour la durabilit\u00e9, la cigarette \u00e9lectronique jetable 7000 Puffs est parfaite pour un usage personnel ou pour les grossistes.<\/p>\n<p><img decoding=\"async\" class=\"alignnone wp-image-1726\" style=\"font-size: 1.1em;font-style: inherit;font-weight: bold\" src=\"http:\/\/vapebulkp.com\/wp-content\/uploads\/2023\/09\/Roma-King-7000-Puffs-Good-Vape.jpg\" alt=\"Roma King 7000 bouff\u00e9es Bonne Vape\" width=\"284\" height=\"378\" srcset=\"https:\/\/vapebulkp.com\/wp-content\/uploads\/2023\/09\/Roma-King-7000-Puffs-Good-Vape.jpg 1280w, https:\/\/vapebulkp.com\/wp-content\/uploads\/2023\/09\/Roma-King-7000-Puffs-Good-Vape-225x300.jpg 225w, https:\/\/vapebulkp.com\/wp-content\/uploads\/2023\/09\/Roma-King-7000-Puffs-Good-Vape-769x1024.jpg 769w, https:\/\/vapebulkp.com\/wp-content\/uploads\/2023\/09\/Roma-King-7000-Puffs-Good-Vape-768x1022.jpg 768w, https:\/\/vapebulkp.com\/wp-content\/uploads\/2023\/09\/Roma-King-7000-Puffs-Good-Vape-1154x1536.jpg 1154w, https:\/\/vapebulkp.com\/wp-content\/uploads\/2023\/09\/Roma-King-7000-Puffs-Good-Vape-600x799.jpg 600w\" sizes=\"(max-width: 284px) 100vw, 284px\" \/><\/p>\n<h6>Veuillez contacter le WhatsApp de Mandy pour un prix r\u00e9duit<a href=\"https:\/\/wa.me\/8618077105796\">+8618077105796<\/a><\/h6>\n<p><img decoding=\"async\" class=\"alignnone wp-image-2151\" src=\"http:\/\/vapebulkp.com\/wp-content\/uploads\/2024\/04\/Mandy-WhatsApp-Randm.jpg\" alt=\"WhatsApp Mandy Randm\" width=\"303\" height=\"322\" srcset=\"https:\/\/vapebulkp.com\/wp-content\/uploads\/2024\/04\/Mandy-WhatsApp-Randm.jpg 916w, https:\/\/vapebulkp.com\/wp-content\/uploads\/2024\/04\/Mandy-WhatsApp-Randm-282x300.jpg 282w, https:\/\/vapebulkp.com\/wp-content\/uploads\/2024\/04\/Mandy-WhatsApp-Randm-768x817.jpg 768w, https:\/\/vapebulkp.com\/wp-content\/uploads\/2024\/04\/Mandy-WhatsApp-Randm-600x638.jpg 600w\" sizes=\"(max-width: 303px) 100vw, 303px\" \/><\/p>\n<h2><span style=\"vertical-align: inherit\">Vous pourriez \u00eatre int\u00e9ress\u00e9 par la cigarette \u00e9lectronique Aroma King 7000Puffs :<\/span><\/h2>\n<h5 class=\"style-scope ytd-watch-metadata\">1. Comment utiliser le stylo de cigarette \u00e9lectronique Roma King 7000 Puffs en vrac ?<\/h5>\n<p>\u00c9tape 1. Avant d'utiliser 7k bouff\u00e9es, d\u00e9branchez le tuyau en plastique.<\/p>\n<p>\u00c9tape 2. Attendez environ 3 minutes pour laisser le jus p\u00e9n\u00e9trer dans la r\u00e9sistance \u00e0 l'int\u00e9rieur.<\/p>\n<p>\u00c9tape 3. Profitez-en<\/p>\n<h5>2. Comment charger la cigarette \u00e9lectronique jetable Roma King 7000 Puffs ?<\/h5>\n<p>Les chargeurs \u00e0 charge rapide ne peuvent pas \u00eatre utilis\u00e9s, et la puissance de s\u00e9curit\u00e9 standard des cigarettes \u00e9lectroniques jetables est de 5V 1A.<\/p>\n<p>Chaque temps de charge ne peut pas d\u00e9passer 1 heure, et le temps de charge s\u00fbr est d'une demi-heure.<\/p>\n<p>Avis : ne pas recharger toute la nuit !<\/p>\n<h5>3. Quelle est la capacit\u00e9 en e-liquide de Roma King 7000 Puffs ?<\/h5>\n<p>\u2014\u201418ml<\/p>\n<h5>4. Combien de bouff\u00e9es puis-je prendre de ce Roma King 7000 Puffs?<\/h5>\n<p>\u2014\u20137000Bouff\u00e9es<\/p>\n<h3><strong><span style=\"vertical-align: inherit\">Sp\u00e9cification des pods de cigarette \u00e9lectronique Roma King 7000 Puffs :<\/span><br \/>\n<\/strong><\/h3>\n<p>Batterie : 850mAh (Type C)<br \/>\nCapacit\u00e9: 18ml<br \/>\nR\u00e9sistance : maille de 0,8 ohm<br \/>\nVolume d'aspiration approximatif : 7000 bouff\u00e9es<br \/>\nTeneur en nicotine : 2 %, 5 %<br \/>\nQuantit\u00e9 minimale de commande : 50 pi\u00e8ces<\/p>\n<h3><strong>Liste des saveurs Roma King 7000Puffs Prix de gros :<\/strong><\/h3>\n<p><strong>1. Baies m\u00e9lang\u00e9es<\/strong><\/p>\n<p><strong>2. Past\u00e8que fraise<\/strong><\/p>\n<p><strong>3. Barbe \u00e0 papa<\/strong><\/p>\n<p><strong>4.Fraise Kiwi<\/strong><\/p>\n<p><strong>5.Mr Bleu<\/strong><\/p>\n<p><strong>6.Pomme P\u00eache Poire<\/strong><\/p>\n<p><strong>7.Myrtille Grenade<\/strong><\/p>\n<p><strong>8.Kiwi Fruit de la passion Goyave<\/strong><\/p>\n<p><strong>9.Cerise Cola<\/strong><\/p>\n<p><strong>10.Bonbon P\u00eache Myrtille<\/strong><\/p>\n<p><strong>11.Fraise Past\u00e8que<\/strong><\/p>\n<p><strong>12.Framboise Bleue Cerise<\/strong><\/p>\n<p><strong>13.Framboise Bleue<\/strong><\/p>\n<p><strong>14.Ours en g\u00e9latine<\/strong><\/p>\n<p><strong>15.Boisson \u00e9nergisante Rouge Glac\u00e9e<\/strong><\/p>\n<p><strong>16.Pomme Rouge Glac\u00e9e<\/strong><\/p>\n<p><strong>17.Myrtille Bubble-gum<\/strong><\/p>\n<p><strong>18.Framboise Bleue Acidul\u00e9e<\/strong><\/p>\n<p><strong>19.Skittles<\/strong><\/p>\n<p><a href=\"https:\/\/vapebulkp.com\/fr\/product\/wholesale-price-disposable-vape-crystal-600-puffs\/\"><span style=\"vertical-align: inherit\">Bonne Vente Crystal 600 Bouff\u00e9es <\/span><\/a><\/p>\n<p><span style=\"vertical-align: inherit\">Trouvez plus de produits qui pourraient vous plaire\uff1a<\/span><em><a href=\"https:\/\/wa.me\/8618077105796\"><span style=\"vertical-align: inherit\">\u00a0Achetez-le maintenant<\/span><\/a><\/em><\/p>\n<p><span style=\"vertical-align: inherit\">Autres Puffs que vous pourriez aimer\uff1a<\/span><a href=\"https:\/\/vapebulkp.com\/fr\/product\/popular-randm-tornado-7000puffs-disposable-vape-best-price\/\"><span style=\"vertical-align: inherit\">RandM Tornado 7000 Bouff\u00e9es<\/span><\/a><span style=\"vertical-align: inherit\">\u3001<\/span><a href=\"https:\/\/vapebulkp.com\/fr\/product\/good-sale-randm-tornado-10000-puffs-plus\/\"><span style=\"vertical-align: inherit\">Tornado 10000 Bouff\u00e9es<\/span><\/a><span style=\"vertical-align: inherit\">\/ <\/span><a href=\"https:\/\/vapebulkp.com\/fr\/product\/popular-kulx-10000puffs-disposable-vape-good-price\/\"><span style=\"vertical-align: inherit\">Kulx 10000 Bouff\u00e9es<\/span><\/a><span style=\"vertical-align: inherit\">\/ <\/span><a href=\"https:\/\/vapebulkp.com\/fr\/product\/wholesale-kulx-8000-puffs-disposable-vape\/\"><span style=\"vertical-align: inherit\">Kulx 8000 Puffs<\/span><\/a><\/p>\n<p><span style=\"vertical-align: inherit\">Bouteille de cigarette \u00e9lectronique de forme sp\u00e9ciale :<\/span><a href=\"https:\/\/vapebulkp.com\/fr\/product\/bang-king-12000puffs\/\"><span style=\"vertical-align: inherit\">Bang King 12000 bouff\u00e9es<\/span><\/a><span style=\"vertical-align: inherit\">\/ <\/span><a href=\"https:\/\/vapebulkp.com\/fr\/product\/popular-vape-bang-king-15000-puffs-bang-vape\/\"><span style=\"vertical-align: inherit\">Bang King 15000 Bouff\u00e9es <\/span><\/a><span style=\"vertical-align: inherit\">\/<\/span><a href=\"https:\/\/vapebulkp.com\/fr\/product\/bulk-buy-vapetop-sale-breze-7500-puffs-sweden\/\"><span style=\"vertical-align: inherit\">Breze 7500 Bouff\u00e9es<\/span><\/a><\/p>\n<h4>D\u00e9tails d'exp\u00e9dition :<\/h4>\n<p><span style=\"color: #ff6600\">D\u00e9lai de production : 5-10 jours ouvrables<\/span><br \/>\n<span style=\"color: #ff6600\">D\u00e9lai de livraison : 8-14 jours ouvrables<\/span><\/p>\n<p>Tous les produits de notre boutique sont 100% originaux et authentiques, c'est pourquoi nous avons pour politique de rembourser dix fois le prix des produits contrefaits. Nous utilisons des canaux logistiques tels que UPS\/DHL\/FEDEX\/DPD pour vous livrer les marchandises.<\/p>\n<p>Pour les colis exp\u00e9di\u00e9s en France, il faut g\u00e9n\u00e9ralement 10 jours ouvrables pour qu'ils arrivent. L'exp\u00e9dition vers les pays europ\u00e9ens prend g\u00e9n\u00e9ralement de 12 \u00e0 15 jours ouvrables. Nous mettrons \u00e0 jour les informations logistiques pour vous en temps r\u00e9el.<\/p>\n<h5>Bon service apr\u00e8s-vente :<\/h5>\n<p><span style=\"color: #ff6600\">Remarque : Pas de remboursements ni d'\u00e9changes pour les probl\u00e8mes non li\u00e9s \u00e0 la qualit\u00e9<\/span><br \/>\n1. Les clients peuvent choisir la saveur qu'ils souhaitent, mais si la saveur est en rupture de stock, le d\u00e9partement de production choisira une saveur populaire pour la remplacer. Les clients ne sont pas autoris\u00e9s \u00e0 demander des remboursements ou des \u00e9changes bas\u00e9s sur les saveurs.<\/p>\n<p>2. En cas de probl\u00e8mes de qualit\u00e9, veuillez fournir des descriptions vid\u00e9o et photographiques sp\u00e9cifiques.<br \/>\nSi vous ne pouvez pas fournir de preuves telles que des vid\u00e9os et des photos, les marchandises ne pourront pas \u00eatre remplac\u00e9es.<\/p>\n<h5>Choses que vous pourriez aimer savoir sur les cigarettes \u00e9lectroniques (e-cigarettes) :<\/h5>\n<p>Q: Qu'est-ce qu'une cigarette \u00e9lectronique (e-cigarette) ?<br \/>\nR: Une cigarette \u00e9lectronique, commun\u00e9ment appel\u00e9e e-cigarette, est un appareil fonctionnant sur batterie con\u00e7u pour vaporiser une solution liquide, contenant souvent de la nicotine ou des substances sans nicotine, pour l'inhalation. Contrairement aux cigarettes traditionnelles, les e-cigarettes produisent de la vapeur au lieu de la fum\u00e9e.<\/p>\n<p>Q: Comment fonctionnent les e-cigarettes ?<br \/>\nR : Les e-cigarettes fonctionnent en chauffant l'e-liquide contenu dans une cartouche ou un r\u00e9servoir. Ce processus de chauffage convertit le liquide en vapeur, que les utilisateurs inhalent. Cette vapeur contient de la nicotine (\u00e0 des concentrations variables) et des ar\u00f4mes.<\/p>\n<p>Q : Existe-t-il diff\u00e9rentes options de saveurs pour les e-cigarettes ?<br \/>\nR : Oui, les e-cigarettes offrent un large \u00e9ventail de saveurs, y compris des saveurs de fruits, de desserts, de menthol, de tabac et bien d'autres. Ces diverses options de saveurs r\u00e9pondent \u00e0 diff\u00e9rentes pr\u00e9f\u00e9rences.<\/p>\n<p>Q : Quelle force de nicotine dois-je choisir ?<br \/>\nR : Le choix de la force de la nicotine d\u00e9pend des habitudes de tabagisme d'une personne. Ceux qui sont habitu\u00e9s \u00e0 fumer plus peuvent opter pour des concentrations de nicotine plus \u00e9lev\u00e9es, tandis que les fumeurs occasionnels ou ceux qui souhaitent arr\u00eater peuvent commencer avec des concentrations plus faibles.<\/p>\n<p>Q : Les e-cigarettes peuvent-elles aider au sevrage tabagique ?<br \/>\nR : Certaines personnes se tournent vers les e-cigarettes pour les aider \u00e0 arr\u00eater de fumer. Elles offrent une source alternative de nicotine tout en r\u00e9duisant l'exposition aux substances nocives pr\u00e9sentes dans les cigarettes traditionnelles. Cependant, le succ\u00e8s de l'utilisation des e-cigarettes pour arr\u00eater de fumer varie d'une personne \u00e0 l'autre. Il est conseill\u00e9 de demander l'avis d'un professionnel de la sant\u00e9 avant de compter uniquement sur les e-cigarettes pour arr\u00eater de fumer.<\/p>\n<p>Q : Les e-cigarettes n\u00e9cessitent-elles un entretien ?<br \/>\nR : La plupart des e-cigarettes sont con\u00e7ues pour n\u00e9cessiter peu d'entretien. Elles peuvent \u00eatre jetables ou rechargeables. En g\u00e9n\u00e9ral, les utilisateurs doivent remplacer la cartouche d'e-liquide ou charger la batterie sans avoir \u00e0 changer de pi\u00e8ces fr\u00e9quemment.<\/p>\n<p>&nbsp;<\/p>","protected":false},"excerpt":{"rendered":"<p>Si vous recherchez le summum de la commodit\u00e9 en mati\u00e8re de vapotage sans sacrifier la saveur, la cigarette \u00e9lectronique jetable Roma King 7000 Puffs est la solution qu'il vous faut. Cet appareil innovant offre un nombre \u00e9tonnant de 8500 bouff\u00e9es de pure satisfaction dans un emballage \u00e9l\u00e9gant et jetable.<\/p>\n<p><img decoding=\"async\" class=\"alignnone wp-image-2151\" src=\"http:\/\/vapebulkp.com\/wp-content\/uploads\/2024\/04\/Mandy-WhatsApp-Randm.jpg\" alt=\"WhatsApp Mandy Randm\" width=\"289\" height=\"307\" srcset=\"https:\/\/vapebulkp.com\/wp-content\/uploads\/2024\/04\/Mandy-WhatsApp-Randm.jpg 916w, https:\/\/vapebulkp.com\/wp-content\/uploads\/2024\/04\/Mandy-WhatsApp-Randm-282x300.jpg 282w, https:\/\/vapebulkp.com\/wp-content\/uploads\/2024\/04\/Mandy-WhatsApp-Randm-768x817.jpg 768w, https:\/\/vapebulkp.com\/wp-content\/uploads\/2024\/04\/Mandy-WhatsApp-Randm-600x638.jpg 600w\" sizes=\"(max-width: 289px) 100vw, 289px\" \/><\/p>\n<p>Veuillez contacter le WhatsApp de Mandy pour un prix r\u00e9duit<a href=\"https:\/\/wa.me\/8618077105796\">+8618077105796<\/a><\/p>\n<p><span style=\"color: #ff0000\">REMARQUE : Les prix sur notre site web n'incluent pas les frais de port<\/span><\/p>","protected":false},"featured_media":1726,"comment_status":"open","ping_status":"closed","template":"","meta":{"_uag_custom_page_level_css":"","_lmt_disableupdate":"no","_lmt_disable":"","site-sidebar-layout":"default","site-content-layout":"content-boxed-container","ast-site-content-layout":"normal-width-container","site-content-style":"boxed","site-sidebar-style":"unboxed","ast-global-header-display":"","ast-banner-title-visibility":"","ast-main-header-display":"","ast-hfb-above-header-display":"","ast-hfb-below-header-display":"","ast-hfb-mobile-header-display":"","site-post-title":"","ast-breadcrumbs-content":"","ast-featured-img":"","footer-sml-layout":"","theme-transparent-header-meta":"default","adv-header-id-meta":"","stick-header-meta":"","header-above-stick-meta":"","header-main-stick-meta":"","header-below-stick-meta":"","astra-migrate-meta-layouts":"set","_joinchat":[]},"product_cat":[170,153,155,33,59,100,34,158,157,154,152,58,84,156,63,32],"product_tag":[54,36,37,41,40,95],"class_list":["post-1560","product","type-product","status-publish","has-post-thumbnail","hentry","product_cat-7000-puffs-disposable-vape","product_cat-hot-disposable-vapes","product_cat-belgium-hot-disposable-vapes","product_cat-france-vape-hot-sale","product_cat-germany-hot-disposable-vape","product_cat-germany-wholesale-vape-shop","product_cat-netherlands-vape-good-sale","product_cat-norway-hot-disposable-vapes","product_cat-poland-hot-disposable-vapes","product_cat-portugal-hot-disposable-vapes","product_cat-spain-hot-disposable-vapes","product_cat-sweden-hot-disposable-vape","product_cat-sweden-wholesale-vape","product_cat-switzerland-hot-disposable-vapes","product_cat-top-sale-disposable-vape","product_cat-vape-hot-sale-this-week","product_tag-7000puffs","product_tag-good-vape","product_tag-hot-sale-disposable-vape","product_tag-poland-hot-vape","product_tag-sweden-hot-vape","product_tag-wholeasle-vape-aroma-king-7000-puffs","desktop-align-left","tablet-align-left","mobile-align-left"],"yoast_head":"<!-- This site is optimized with the Yoast SEO plugin v21.1 - https:\/\/yoast.com\/wordpress\/plugins\/seo\/ -->\n<title>Wholesale Price Aroma King 7000Puffs Disposable Vape - vapebulkp.com<\/title>\n<meta name=\"description\" content=\"Wholesale Price Aroma King 7000Puffs Disposable Vape Elevate your vaping game with the Puffs Disposable E-Cigarette and experience vaping like never before.\" \/>\n<meta name=\"robots\" content=\"index, follow, max-snippet:-1, max-image-preview:large, max-video-preview:-1\" \/>\n<link rel=\"canonical\" href=\"https:\/\/vapebulkp.com\/fr\/product\/wholesale-price-aroma-king-7000puffs-disposable-vape\/\" \/>\n<meta property=\"og:locale\" content=\"fr_FR\" \/>\n<meta property=\"og:type\" content=\"article\" \/>\n<meta property=\"og:title\" content=\"Wholesale Price Aroma King 7000Puffs Disposable Vape - vapebulkp.com\" \/>\n<meta property=\"og:description\" content=\"Wholesale Price Aroma King 7000Puffs Disposable Vape Elevate your vaping game with the Puffs Disposable E-Cigarette and experience vaping like never before.\" \/>\n<meta property=\"og:url\" content=\"https:\/\/vapebulkp.com\/fr\/product\/wholesale-price-aroma-king-7000puffs-disposable-vape\/\" \/>\n<meta property=\"og:site_name\" content=\"vapebulkp.com\" \/>\n<meta property=\"article:modified_time\" content=\"2025-09-08T03:45:47+00:00\" \/>\n<meta property=\"og:image\" content=\"http:\/\/vapebulkp.com\/wp-content\/uploads\/2023\/09\/Roma-King-7000-Puffs-Good-Vape.jpg\" \/>\n\t<meta property=\"og:image:width\" content=\"1280\" \/>\n\t<meta property=\"og:image:height\" content=\"1704\" \/>\n\t<meta property=\"og:image:type\" content=\"image\/jpeg\" \/>\n<meta name=\"twitter:card\" content=\"summary_large_image\" \/>\n<meta name=\"twitter:label1\" content=\"Dur\u00e9e de lecture estim\u00e9e\" \/>\n\t<meta name=\"twitter:data1\" content=\"5 minutes\" \/>\n<script type=\"application\/ld+json\" class=\"yoast-schema-graph\">{\"@context\":\"https:\/\/schema.org\",\"@graph\":[{\"@type\":\"WebPage\",\"@id\":\"https:\/\/vapebulkp.com\/product\/wholesale-price-aroma-king-7000puffs-disposable-vape\/\",\"url\":\"https:\/\/vapebulkp.com\/product\/wholesale-price-aroma-king-7000puffs-disposable-vape\/\",\"name\":\"Wholesale Price Aroma King 7000Puffs Disposable Vape - vapebulkp.com\",\"isPartOf\":{\"@id\":\"https:\/\/vapebulkp.com\/#website\"},\"datePublished\":\"2023-09-21T03:19:59+00:00\",\"dateModified\":\"2025-09-08T03:45:47+00:00\",\"description\":\"Wholesale Price Aroma King 7000Puffs Disposable Vape Elevate your vaping game with the Puffs Disposable E-Cigarette and experience vaping like never before.\",\"breadcrumb\":{\"@id\":\"https:\/\/vapebulkp.com\/product\/wholesale-price-aroma-king-7000puffs-disposable-vape\/#breadcrumb\"},\"inLanguage\":\"fr-FR\",\"potentialAction\":[{\"@type\":\"ReadAction\",\"target\":[\"https:\/\/vapebulkp.com\/product\/wholesale-price-aroma-king-7000puffs-disposable-vape\/\"]}]},{\"@type\":\"BreadcrumbList\",\"@id\":\"https:\/\/vapebulkp.com\/product\/wholesale-price-aroma-king-7000puffs-disposable-vape\/#breadcrumb\",\"itemListElement\":[{\"@type\":\"ListItem\",\"position\":1,\"name\":\"Home\",\"item\":\"https:\/\/vapebulkp.com\/\"},{\"@type\":\"ListItem\",\"position\":2,\"name\":\"Hot Trend Vapes\",\"item\":\"https:\/\/vapebulkp.com\/vape-shop\/\"},{\"@type\":\"ListItem\",\"position\":3,\"name\":\"Wholesale Price Aroma King 7000Puffs Disposable Vape\"}]},{\"@type\":\"WebSite\",\"@id\":\"https:\/\/vapebulkp.com\/#website\",\"url\":\"https:\/\/vapebulkp.com\/\",\"name\":\"vapebulkp.com\",\"description\":\"Buy Vape In Cheap Bulk Price Near you\",\"publisher\":{\"@id\":\"https:\/\/vapebulkp.com\/#organization\"},\"potentialAction\":[{\"@type\":\"SearchAction\",\"target\":{\"@type\":\"EntryPoint\",\"urlTemplate\":\"https:\/\/vapebulkp.com\/?s={search_term_string}\"},\"query-input\":\"required name=search_term_string\"}],\"inLanguage\":\"fr-FR\"},{\"@type\":\"Organization\",\"@id\":\"https:\/\/vapebulkp.com\/#organization\",\"name\":\"vapebulkp.com\",\"url\":\"https:\/\/vapebulkp.com\/\",\"logo\":{\"@type\":\"ImageObject\",\"inLanguage\":\"fr-FR\",\"@id\":\"https:\/\/vapebulkp.com\/#\/schema\/logo\/image\/\",\"url\":\"https:\/\/vapebulkp.com\/wp-content\/uploads\/2023\/09\/cropped-vapebulkp.png\",\"contentUrl\":\"https:\/\/vapebulkp.com\/wp-content\/uploads\/2023\/09\/cropped-vapebulkp.png\",\"width\":516,\"height\":163,\"caption\":\"vapebulkp.com\"},\"image\":{\"@id\":\"https:\/\/vapebulkp.com\/#\/schema\/logo\/image\/\"}}]}<\/script>\n<!-- \/ Yoast SEO plugin. -->","yoast_head_json":{"title":"Wholesale Price Aroma King 7000Puffs Disposable Vape - vapebulkp.com","description":"Wholesale Price Aroma King 7000Puffs Disposable Vape Elevate your vaping game with the Puffs Disposable E-Cigarette and experience vaping like never before.","robots":{"index":"index","follow":"follow","max-snippet":"max-snippet:-1","max-image-preview":"max-image-preview:large","max-video-preview":"max-video-preview:-1"},"canonical":"https:\/\/vapebulkp.com\/fr\/product\/wholesale-price-aroma-king-7000puffs-disposable-vape\/","og_locale":"fr_FR","og_type":"article","og_title":"Wholesale Price Aroma King 7000Puffs Disposable Vape - vapebulkp.com","og_description":"Wholesale Price Aroma King 7000Puffs Disposable Vape Elevate your vaping game with the Puffs Disposable E-Cigarette and experience vaping like never before.","og_url":"https:\/\/vapebulkp.com\/fr\/product\/wholesale-price-aroma-king-7000puffs-disposable-vape\/","og_site_name":"vapebulkp.com","article_modified_time":"2025-09-08T03:45:47+00:00","og_image":[{"width":1280,"height":1704,"url":"http:\/\/vapebulkp.com\/wp-content\/uploads\/2023\/09\/Roma-King-7000-Puffs-Good-Vape.jpg","type":"image\/jpeg"}],"twitter_card":"summary_large_image","twitter_misc":{"Dur\u00e9e de lecture estim\u00e9e":"5 minutes"},"schema":{"@context":"https:\/\/schema.org","@graph":[{"@type":"WebPage","@id":"https:\/\/vapebulkp.com\/product\/wholesale-price-aroma-king-7000puffs-disposable-vape\/","url":"https:\/\/vapebulkp.com\/product\/wholesale-price-aroma-king-7000puffs-disposable-vape\/","name":"Wholesale Price Aroma King 7000Puffs Disposable Vape - vapebulkp.com","isPartOf":{"@id":"https:\/\/vapebulkp.com\/#website"},"datePublished":"2023-09-21T03:19:59+00:00","dateModified":"2025-09-08T03:45:47+00:00","description":"Wholesale Price Aroma King 7000Puffs Disposable Vape Elevate your vaping game with the Puffs Disposable E-Cigarette and experience vaping like never before.","breadcrumb":{"@id":"https:\/\/vapebulkp.com\/product\/wholesale-price-aroma-king-7000puffs-disposable-vape\/#breadcrumb"},"inLanguage":"fr-FR","potentialAction":[{"@type":"ReadAction","target":["https:\/\/vapebulkp.com\/product\/wholesale-price-aroma-king-7000puffs-disposable-vape\/"]}]},{"@type":"BreadcrumbList","@id":"https:\/\/vapebulkp.com\/product\/wholesale-price-aroma-king-7000puffs-disposable-vape\/#breadcrumb","itemListElement":[{"@type":"ListItem","position":1,"name":"Home","item":"https:\/\/vapebulkp.com\/"},{"@type":"ListItem","position":2,"name":"Hot Trend Vapes","item":"https:\/\/vapebulkp.com\/vape-shop\/"},{"@type":"ListItem","position":3,"name":"Wholesale Price Aroma King 7000Puffs Disposable Vape"}]},{"@type":"WebSite","@id":"https:\/\/vapebulkp.com\/#website","url":"https:\/\/vapebulkp.com\/","name":"vapebulkp.com","description":"Buy Vape In Cheap Bulk Price Near you","publisher":{"@id":"https:\/\/vapebulkp.com\/#organization"},"potentialAction":[{"@type":"SearchAction","target":{"@type":"EntryPoint","urlTemplate":"https:\/\/vapebulkp.com\/?s={search_term_string}"},"query-input":"required name=search_term_string"}],"inLanguage":"fr-FR"},{"@type":"Organization","@id":"https:\/\/vapebulkp.com\/#organization","name":"vapebulkp.com","url":"https:\/\/vapebulkp.com\/","logo":{"@type":"ImageObject","inLanguage":"fr-FR","@id":"https:\/\/vapebulkp.com\/#\/schema\/logo\/image\/","url":"https:\/\/vapebulkp.com\/wp-content\/uploads\/2023\/09\/cropped-vapebulkp.png","contentUrl":"https:\/\/vapebulkp.com\/wp-content\/uploads\/2023\/09\/cropped-vapebulkp.png","width":516,"height":163,"caption":"vapebulkp.com"},"image":{"@id":"https:\/\/vapebulkp.com\/#\/schema\/logo\/image\/"}}]}},"uagb_featured_image_src":{"full":["https:\/\/vapebulkp.com\/wp-content\/uploads\/2023\/09\/Roma-King-7000-Puffs-Good-Vape.jpg",1280,1704,false],"thumbnail":["https:\/\/vapebulkp.com\/wp-content\/uploads\/2023\/09\/Roma-King-7000-Puffs-Good-Vape-150x150.jpg",150,150,true],"medium":["https:\/\/vapebulkp.com\/wp-content\/uploads\/2023\/09\/Roma-King-7000-Puffs-Good-Vape-225x300.jpg",225,300,true],"medium_large":["https:\/\/vapebulkp.com\/wp-content\/uploads\/2023\/09\/Roma-King-7000-Puffs-Good-Vape-768x1022.jpg",768,1022,true],"large":["https:\/\/vapebulkp.com\/wp-content\/uploads\/2023\/09\/Roma-King-7000-Puffs-Good-Vape-769x1024.jpg",769,1024,true],"1536x1536":["https:\/\/vapebulkp.com\/wp-content\/uploads\/2023\/09\/Roma-King-7000-Puffs-Good-Vape-1154x1536.jpg",1154,1536,true],"2048x2048":["https:\/\/vapebulkp.com\/wp-content\/uploads\/2023\/09\/Roma-King-7000-Puffs-Good-Vape.jpg",1280,1704,false],"trp-custom-language-flag":["https:\/\/vapebulkp.com\/wp-content\/uploads\/2023\/09\/Roma-King-7000-Puffs-Good-Vape.jpg",9,12,false],"woocommerce_thumbnail":["https:\/\/vapebulkp.com\/wp-content\/uploads\/2023\/09\/Roma-King-7000-Puffs-Good-Vape-300x300.jpg",300,300,true],"woocommerce_single":["https:\/\/vapebulkp.com\/wp-content\/uploads\/2023\/09\/Roma-King-7000-Puffs-Good-Vape-600x799.jpg",600,799,true],"woocommerce_gallery_thumbnail":["https:\/\/vapebulkp.com\/wp-content\/uploads\/2023\/09\/Roma-King-7000-Puffs-Good-Vape-100x100.jpg",100,100,true],"wcpr-photo-reviews":["https:\/\/vapebulkp.com\/wp-content\/uploads\/2023\/09\/Roma-King-7000-Puffs-Good-Vape.jpg",376,500,false]},"uagb_author_info":{"display_name":"Mandy vape bulk price","author_link":"https:\/\/vapebulkp.com\/fr\/author\/"},"uagb_comment_info":1,"uagb_excerpt":"If you're seeking the ultimate vaping convenience without sacrificing flavor, the Roma King 7000 Puffs Disposable E-Cigarette is your answer. This innovative device offers an astounding 8500 puffs of pure satisfaction in a sleek and disposable package. Pls Contact Mandy's WhatsApp For Discount Price+8618077105796 NOTE: Prices on our website does not include shipping costs","_links":{"self":[{"href":"https:\/\/vapebulkp.com\/fr\/wp-json\/wp\/v2\/product\/1560","targetHints":{"allow":["GET"]}}],"collection":[{"href":"https:\/\/vapebulkp.com\/fr\/wp-json\/wp\/v2\/product"}],"about":[{"href":"https:\/\/vapebulkp.com\/fr\/wp-json\/wp\/v2\/types\/product"}],"replies":[{"embeddable":true,"href":"https:\/\/vapebulkp.com\/fr\/wp-json\/wp\/v2\/comments?post=1560"}],"wp:featuredmedia":[{"embeddable":true,"href":"https:\/\/vapebulkp.com\/fr\/wp-json\/wp\/v2\/media\/1726"}],"wp:attachment":[{"href":"https:\/\/vapebulkp.com\/fr\/wp-json\/wp\/v2\/media?parent=1560"}],"wp:term":[{"taxonomy":"product_cat","embeddable":true,"href":"https:\/\/vapebulkp.com\/fr\/wp-json\/wp\/v2\/product_cat?post=1560"},{"taxonomy":"product_tag","embeddable":true,"href":"https:\/\/vapebulkp.com\/fr\/wp-json\/wp\/v2\/product_tag?post=1560"}],"curies":[{"name":"wp","href":"https:\/\/api.w.org\/{rel}","templated":true}]}}