{"id":1609,"date":"2023-09-28T08:50:33","date_gmt":"2023-09-28T06:50:33","guid":{"rendered":"https:\/\/vapebulkp.com\/?post_type=product&#038;p=1609"},"modified":"2025-09-01T05:15:05","modified_gmt":"2025-09-01T03:15:05","slug":"wholesale-tornado-rum-bar-9000-puffs-sweden","status":"publish","type":"product","link":"https:\/\/vapebulkp.com\/fr\/product\/wholesale-tornado-rum-bar-9000-puffs-sweden\/","title":{"rendered":"Vente en gros Tornado Nouveau RUM BAR 9000 Puffs Su\u00e8de"},"content":{"rendered":"<h2>Vente en gros Tornado RUM BAR 9000 Puffs Su\u00e8de<\/h2>\n<p data-start=\"130\" data-end=\"453\">Le <strong data-start=\"134\" data-end=\"178\">Vente en gros Tornado New RUM BAR 9000 Puffs<\/strong> est un appareil haute performance <strong data-start=\"201\" data-end=\"220\">vape jetable<\/strong> con\u00e7u pour une satisfaction durable. Avec une batterie rechargeable de 600 mAh et une charge rapide de Type-C, cet appareil d\u00e9livre jusqu'\u00e0 <strong data-start=\"349\" data-end=\"363\">9000 bouff\u00e9es<\/strong> sans interruption, \u00e9liminant le besoin de recharges fr\u00e9quentes ou de remplacements de bobines.<\/p>\n<p data-start=\"455\" data-end=\"738\">\u00c9quip\u00e9 d'un r\u00e9servoir de 18 ml d'e-liquide et d'une bobine maill\u00e9e de 0,8 \u03a9, il produit une vapeur dense et une saveur riche \u00e0 chaque aspiration. Disponible en options de sel de nicotine 2% et 5%, le <strong data-start=\"620\" data-end=\"642\">RUM BAR 9000 Bouff\u00e9es<\/strong> offre des bouff\u00e9es douces et une satisfaction constante de la gorge pour les d\u00e9butants comme pour les vapoteurs chevronn\u00e9s.<\/p>\n<p data-start=\"740\" data-end=\"1002\">Compact et portable, ce vape jetable haut de gamme est id\u00e9al pour les march\u00e9s de gros europ\u00e9ens et la distribution au d\u00e9tail. Parfait pour les clients recherchant un <strong data-start=\"912\" data-end=\"930\">vape \u00e0 coil mesh<\/strong> fiable \u00e0 haute capacit\u00e9, avec une utilisation prolong\u00e9e, une livraison rapide de la saveur et une maintenance sans tracas.<\/p>\n<h6 style=\"text-align: left\"><img decoding=\"async\" class=\"alignnone wp-image-1740\" src=\"http:\/\/vapebulkp.com\/wp-content\/uploads\/2023\/09\/Italy-rum-bar-9000-puff-wholesale-price-1.jpg\" alt=\"Italie bar \u00e0 rhum 9000 bouff\u00e9es prix de gros RandM 9000\" width=\"515\" height=\"515\" srcset=\"https:\/\/vapebulkp.com\/wp-content\/uploads\/2023\/09\/Italy-rum-bar-9000-puff-wholesale-price-1.jpg 1280w, https:\/\/vapebulkp.com\/wp-content\/uploads\/2023\/09\/Italy-rum-bar-9000-puff-wholesale-price-1-300x300.jpg 300w, https:\/\/vapebulkp.com\/wp-content\/uploads\/2023\/09\/Italy-rum-bar-9000-puff-wholesale-price-1-1024x1024.jpg 1024w, https:\/\/vapebulkp.com\/wp-content\/uploads\/2023\/09\/Italy-rum-bar-9000-puff-wholesale-price-1-150x150.jpg 150w, https:\/\/vapebulkp.com\/wp-content\/uploads\/2023\/09\/Italy-rum-bar-9000-puff-wholesale-price-1-768x768.jpg 768w, https:\/\/vapebulkp.com\/wp-content\/uploads\/2023\/09\/Italy-rum-bar-9000-puff-wholesale-price-1-600x600.jpg 600w, https:\/\/vapebulkp.com\/wp-content\/uploads\/2023\/09\/Italy-rum-bar-9000-puff-wholesale-price-1-100x100.jpg 100w\" sizes=\"(max-width: 515px) 100vw, 515px\" \/><\/h6>\n<p>&nbsp;<\/p>\n<h6>Veuillez contacter le WhatsApp de Mandy pour un prix r\u00e9duit<a href=\"https:\/\/wa.me\/8618077105796\">+8618077105796<\/a><\/h6>\n<p><img decoding=\"async\" class=\"alignnone wp-image-2151\" src=\"http:\/\/vapebulkp.com\/wp-content\/uploads\/2024\/04\/Mandy-WhatsApp-Randm.jpg\" alt=\"WhatsApp Mandy Randm\" width=\"259\" height=\"275\" srcset=\"https:\/\/vapebulkp.com\/wp-content\/uploads\/2024\/04\/Mandy-WhatsApp-Randm.jpg 916w, https:\/\/vapebulkp.com\/wp-content\/uploads\/2024\/04\/Mandy-WhatsApp-Randm-282x300.jpg 282w, https:\/\/vapebulkp.com\/wp-content\/uploads\/2024\/04\/Mandy-WhatsApp-Randm-768x817.jpg 768w, https:\/\/vapebulkp.com\/wp-content\/uploads\/2024\/04\/Mandy-WhatsApp-Randm-600x638.jpg 600w\" sizes=\"(max-width: 259px) 100vw, 259px\" \/><\/p>\n<h2><span style=\"vertical-align: inherit\">Vous pensiez peut-\u00eatre vouloir en savoir plus sur la meilleure vape jetable Rumbar 9000 Puffs :<\/span><\/h2>\n<p>&nbsp;<\/p>\n<h5>1.QUELLE EST LA CAPACIT\u00c9 D'E-LIQUIDE DE RUMBAR 9000 PUFFS ?<\/h5>\n<p>Cet appareil contient 18 ml de e-liquide.<\/p>\n<h5>2.COMBIEN DE TEMPS DURE LE VAPE RUMBAR 9000 Puffs ?<\/h5>\n<p>500 bouff\u00e9es\/jour, peut durer 24 jours<br \/>\n1000 bouff\u00e9es\/jour, peut durer 12 jours<br \/>\n2000 bouff\u00e9es\/jour, peut durer 6 jours<\/p>\n<h5>3.COMMENT CHARGER L'APPAREIL VAPE JETABLE RandM Rumbar 9000PUFFS ?<\/h5>\n<p>Les chargeurs \u00e0 charge rapide ne peuvent pas \u00eatre utilis\u00e9s. La puissance de s\u00e9curit\u00e9 standard des cigarettes \u00e9lectroniques jetables est de 5V 1A. Chaque temps de charge ne peut pas d\u00e9passer 1 heure, et le temps de charge s\u00fbr est d'une demi-heure.<\/p>\n<h3><strong><span style=\"vertical-align: inherit\">Sp\u00e9cification du produit Vape Rumbar 9000 Puffs :<\/span><br \/>\n<\/strong><\/h3>\n<p>Batterie : 600mAh (Type C)<br \/>\nCapacit\u00e9: 18ml<br \/>\nR\u00e9sistance : maille de 0,8 ohm<br \/>\nVolume d'aspiration approximatif : 9000 bouff\u00e9es<br \/>\nTeneur en nicotine : 2 %, 5 %<br \/>\nMOQ : 100 pi\u00e8ces<\/p>\n<h3><strong>Quelles sont les meilleures saveurs de vape RUM BAR 9000 Puffs ?<\/strong><\/h3>\n<p>&nbsp;<\/p>\n<p>1)Menthe fra\u00eeche<\/p>\n<p>2)Cola glac\u00e9<\/p>\n<p>3)Past\u00e8que glac\u00e9e<\/p>\n<p>4)Raisin glac\u00e9<\/p>\n<p>5)Myrtille glac\u00e9e<\/p>\n<p>6)Pomme glac\u00e9e<\/p>\n<p>7)Litchi glac\u00e9<\/p>\n<p>8)Goyave glac\u00e9e<\/p>\n<p>9)Fraise glac\u00e9e<\/p>\n<p>10)Mangue glac\u00e9e<\/p>\n<p><a href=\"https:\/\/vapebulkp.com\/fr\/product\/wholesale-price-disposable-vape-crystal-600-puffs\/\"><span style=\"vertical-align: inherit\">Bonne Vente Crystal 600 Bouff\u00e9es <\/span><\/a><\/p>\n<p><span style=\"vertical-align: inherit\">Trouvez plus de produits qui pourraient vous plaire\uff1a<\/span><em><a href=\"https:\/\/wa.me\/8618077105796\"><span style=\"vertical-align: inherit\">\u00a0Achetez-le maintenant<\/span><\/a><\/em><\/p>\n<p><span style=\"vertical-align: inherit\">Autres Puffs que vous pourriez aimer\uff1a<\/span><a href=\"https:\/\/vapebulkp.com\/fr\/product\/bang-king-12000puffs\/\"><span style=\"vertical-align: inherit\">Bang King 12000 Bouff\u00e9es<\/span><\/a><span style=\"vertical-align: inherit\">\u3001<\/span><a href=\"https:\/\/vapebulkp.com\/fr\/product\/wholesale-randm-tornado-9000-puffs-germany\/\"><span style=\"vertical-align: inherit\">RandM Tornade 9000 Bouff\u00e9es<\/span><\/a><span style=\"vertical-align: inherit\">\/ <\/span><a href=\"https:\/\/vapebulkp.com\/fr\/product\/popular-kulx-10000puffs-disposable-vape-good-price\/\"><span style=\"vertical-align: inherit\">Kulx 10000 Bouff\u00e9es<\/span><\/a><span style=\"vertical-align: inherit\">\/ <\/span><a href=\"https:\/\/vapebulkp.com\/fr\/product\/wholesale-disposbale-vape-sidia-12000puffs\/\"><span style=\"vertical-align: inherit\">SIDIA 12000 bouff\u00e9es<\/span><\/a><\/p>\n<p><span style=\"vertical-align: inherit\">Bouteille de cigarette \u00e9lectronique de forme sp\u00e9ciale :<\/span><a href=\"https:\/\/vapebulkp.com\/fr\/product\/wholesale-kulx-8000-puffs-disposable-vape\/\"><span style=\"vertical-align: inherit\">Kulx 8000 Bouff\u00e9es <\/span><\/a><span style=\"vertical-align: inherit\">\/ <\/span><a href=\"https:\/\/vapebulkp.com\/fr\/product\/wholesale-tornado-rum-bar-9000-puffs-sweden\/\"><span style=\"vertical-align: inherit\">Rumbar 9000 bouff\u00e9es\u00a0 <\/span><\/a><span style=\"vertical-align: inherit\">\/<\/span><a href=\"https:\/\/vapebulkp.com\/fr\/product\/fumot-digital-box-12000-disposable-vape-wholesale\/\"><span style=\"vertical-align: inherit\">Fumot Digital Box 12000 Puffs <\/span><\/a><\/p>\n<h4>Qualification de production :<\/h4>\n<p><img decoding=\"async\" class=\"alignnone size-full wp-image-1841\" src=\"http:\/\/vapebulkp.com\/wp-content\/uploads\/2023\/11\/Vape-production-process-2.jpeg\" alt=\"Processus de production de vape\" width=\"650\" height=\"434\" srcset=\"https:\/\/vapebulkp.com\/wp-content\/uploads\/2023\/11\/Vape-production-process-2.jpeg 650w, https:\/\/vapebulkp.com\/wp-content\/uploads\/2023\/11\/Vape-production-process-2-300x200.jpeg 300w, https:\/\/vapebulkp.com\/wp-content\/uploads\/2023\/11\/Vape-production-process-2-600x401.jpeg 600w\" sizes=\"(max-width: 650px) 100vw, 650px\" \/><\/p>\n<p><img decoding=\"async\" class=\"alignnone size-full wp-image-1843\" src=\"http:\/\/vapebulkp.com\/wp-content\/uploads\/2023\/11\/Vape-production-process.jpeg\" alt=\"Processus de production de vape\" width=\"641\" height=\"1026\" srcset=\"https:\/\/vapebulkp.com\/wp-content\/uploads\/2023\/11\/Vape-production-process.jpeg 641w, https:\/\/vapebulkp.com\/wp-content\/uploads\/2023\/11\/Vape-production-process-187x300.jpeg 187w, https:\/\/vapebulkp.com\/wp-content\/uploads\/2023\/11\/Vape-production-process-640x1024.jpeg 640w, https:\/\/vapebulkp.com\/wp-content\/uploads\/2023\/11\/Vape-production-process-600x960.jpeg 600w\" sizes=\"(max-width: 641px) 100vw, 641px\" \/><\/p>\n<h5>FAQ :<\/h5>\n<p>Q: Quel est le MOQ de Rumbar 9000 Puffs?<br \/>\nR : La commande minimum est de 100 pi\u00e8ces.<br \/>\nQ : Quel est le d\u00e9lai de livraison pour les vapes command\u00e9es ?<br \/>\nR : Il est g\u00e9n\u00e9ralement de 10 \u00e0 15 jours apr\u00e8s l'exp\u00e9dition.<br \/>\nQ: Quel est le co\u00fbt d'exp\u00e9dition ? R : Les frais d'exp\u00e9dition d\u00e9pendent du poids. Les frais d'exp\u00e9dition varient en fonction de la quantit\u00e9, et les frais d'exp\u00e9dition dans chaque pays sont diff\u00e9rents. Avant de passer une commande, veuillez nous contacter pour confirmer les frais d'exp\u00e9dition. Nous vous offrirons une exp\u00e9rience d'achat satisfaisante.<\/p>\n<h4>D\u00e9tails d'exp\u00e9dition :<\/h4>\n<p>D\u00e9lai de production : 5-10 jours ouvrables<br \/>\nD\u00e9lai de livraison : 8-14 jours ouvrables<\/p>\n<p>Tous les produits de notre boutique sont 100% originaux et authentiques, c'est pourquoi nous avons pour politique de rembourser dix fois le prix des produits contrefaits. Nous utilisons des canaux logistiques tels que UPS\/DHL\/FEDEX\/DPD pour vous livrer les marchandises.<\/p>\n<p>Pour les colis exp\u00e9di\u00e9s en France, il faut g\u00e9n\u00e9ralement 10 jours ouvrables pour qu'ils arrivent. L'exp\u00e9dition vers les pays europ\u00e9ens prend g\u00e9n\u00e9ralement de 12 \u00e0 15 jours ouvrables. Nous mettrons \u00e0 jour les informations logistiques pour vous en temps r\u00e9el.<\/p>\n<h3>Bon service apr\u00e8s-vente :<\/h3>\n<p>Remarque : Pas de remboursements ni d'\u00e9changes pour les probl\u00e8mes non li\u00e9s \u00e0 la qualit\u00e9<br \/>\n1. Les clients peuvent choisir la saveur qu'ils souhaitent, mais si la saveur est en rupture de stock, le d\u00e9partement de production choisira une saveur populaire pour la remplacer. Les clients ne sont pas autoris\u00e9s \u00e0 demander des remboursements ou des \u00e9changes bas\u00e9s sur les saveurs.<\/p>\n<p>2. En cas de probl\u00e8mes de qualit\u00e9, veuillez fournir des descriptions vid\u00e9o et photographiques sp\u00e9cifiques.<br \/>\nSi vous ne pouvez pas fournir de preuves telles que des vid\u00e9os et des photos, les marchandises ne pourront pas \u00eatre remplac\u00e9es.<\/p>","protected":false},"excerpt":{"rendered":"<p>Rejoignez les rangs des e-cigarettes les plus vendues avec les e-cigarettes jetables RUM BAR 9000Puffs. Dites adieu aux tracas des e-cigarettes traditionnelles et profitez de la libert\u00e9 des e-cigarettes \u00e0 tout moment et n'importe o\u00f9. Avec 18 ml d'e-liquide, vous pouvez d\u00e9couvrir son go\u00fbt unique.<\/p>\n<p><img decoding=\"async\" class=\"alignnone wp-image-2151\" src=\"http:\/\/vapebulkp.com\/wp-content\/uploads\/2024\/04\/Mandy-WhatsApp-Randm.jpg\" alt=\"WhatsApp Mandy Randm\" width=\"279\" height=\"296\" srcset=\"https:\/\/vapebulkp.com\/wp-content\/uploads\/2024\/04\/Mandy-WhatsApp-Randm.jpg 916w, https:\/\/vapebulkp.com\/wp-content\/uploads\/2024\/04\/Mandy-WhatsApp-Randm-282x300.jpg 282w, https:\/\/vapebulkp.com\/wp-content\/uploads\/2024\/04\/Mandy-WhatsApp-Randm-768x817.jpg 768w, https:\/\/vapebulkp.com\/wp-content\/uploads\/2024\/04\/Mandy-WhatsApp-Randm-600x638.jpg 600w\" sizes=\"(max-width: 279px) 100vw, 279px\" \/><\/p>\n<p>Veuillez contacter le WhatsApp de Mandy pour un prix r\u00e9duit<a href=\"https:\/\/wa.me\/8618077105796\">+8618077105796<\/a><\/p>\n<p><span style=\"color: #ff0000\">REMARQUE : Les prix sur notre site web n'incluent pas les frais de port<\/span><\/p>","protected":false},"featured_media":1733,"comment_status":"open","ping_status":"closed","template":"","meta":{"_uag_custom_page_level_css":"","_lmt_disableupdate":"no","_lmt_disable":"","site-sidebar-layout":"default","site-content-layout":"content-boxed-container","ast-site-content-layout":"normal-width-container","site-content-style":"boxed","site-sidebar-style":"unboxed","ast-global-header-display":"","ast-banner-title-visibility":"","ast-main-header-display":"","ast-hfb-above-header-display":"","ast-hfb-below-header-display":"","ast-hfb-mobile-header-display":"","site-post-title":"","ast-breadcrumbs-content":"","ast-featured-img":"","footer-sml-layout":"","theme-transparent-header-meta":"default","adv-header-id-meta":"","stick-header-meta":"","header-above-stick-meta":"","header-main-stick-meta":"","header-below-stick-meta":"","astra-migrate-meta-layouts":"set","_joinchat":[]},"product_cat":[168,153,155,33,59,100,34,158,157,154,152,58,84,156,63,32],"product_tag":[47,64,36,37,41,74,40],"class_list":["post-1609","product","type-product","status-publish","has-post-thumbnail","hentry","product_cat-9000-puffs-disposable-vape","product_cat-hot-disposable-vapes","product_cat-belgium-hot-disposable-vapes","product_cat-france-vape-hot-sale","product_cat-germany-hot-disposable-vape","product_cat-germany-wholesale-vape-shop","product_cat-netherlands-vape-good-sale","product_cat-norway-hot-disposable-vapes","product_cat-poland-hot-disposable-vapes","product_cat-portugal-hot-disposable-vapes","product_cat-spain-hot-disposable-vapes","product_cat-sweden-hot-disposable-vape","product_cat-sweden-wholesale-vape","product_cat-switzerland-hot-disposable-vapes","product_cat-top-sale-disposable-vape","product_cat-vape-hot-sale-this-week","product_tag-9000puffs","product_tag-france-hot-vape","product_tag-good-vape","product_tag-hot-sale-disposable-vape","product_tag-poland-hot-vape","product_tag-randm-vape","product_tag-sweden-hot-vape","desktop-align-left","tablet-align-left","mobile-align-left"],"yoast_head":"<!-- This site is optimized with the Yoast SEO plugin v21.1 - https:\/\/yoast.com\/wordpress\/plugins\/seo\/ -->\n<title>Wholesale Tornado New RUM BAR 9000 Puffs Sweden - vapebulkp.com<\/title>\n<meta name=\"description\" content=\"Wholesale Price RUM BAR 9000 Puffs German Vape Ergonomically designed perfectly, allows me to carry it easily and has its unique taste\u3002\" \/>\n<meta name=\"robots\" content=\"index, follow, max-snippet:-1, max-image-preview:large, max-video-preview:-1\" \/>\n<link rel=\"canonical\" href=\"https:\/\/vapebulkp.com\/fr\/product\/wholesale-tornado-rum-bar-9000-puffs-sweden\/\" \/>\n<meta property=\"og:locale\" content=\"fr_FR\" \/>\n<meta property=\"og:type\" content=\"article\" \/>\n<meta property=\"og:title\" content=\"Wholesale Tornado New RUM BAR 9000 Puffs Sweden - vapebulkp.com\" \/>\n<meta property=\"og:description\" content=\"Wholesale Price RUM BAR 9000 Puffs German Vape Ergonomically designed perfectly, allows me to carry it easily and has its unique taste\u3002\" \/>\n<meta property=\"og:url\" content=\"https:\/\/vapebulkp.com\/fr\/product\/wholesale-tornado-rum-bar-9000-puffs-sweden\/\" \/>\n<meta property=\"og:site_name\" content=\"vapebulkp.com\" \/>\n<meta property=\"article:modified_time\" content=\"2025-09-01T03:15:05+00:00\" \/>\n<meta property=\"og:image\" content=\"http:\/\/vapebulkp.com\/wp-content\/uploads\/2023\/09\/RAN-TORNADO-9000.jpg\" \/>\n\t<meta property=\"og:image:width\" content=\"600\" \/>\n\t<meta property=\"og:image:height\" content=\"600\" \/>\n\t<meta property=\"og:image:type\" content=\"image\/jpeg\" \/>\n<meta name=\"twitter:card\" content=\"summary_large_image\" \/>\n<meta name=\"twitter:label1\" content=\"Dur\u00e9e de lecture estim\u00e9e\" \/>\n\t<meta name=\"twitter:data1\" content=\"4 minutes\" \/>\n<script type=\"application\/ld+json\" class=\"yoast-schema-graph\">{\"@context\":\"https:\/\/schema.org\",\"@graph\":[{\"@type\":\"WebPage\",\"@id\":\"https:\/\/vapebulkp.com\/product\/wholesale-tornado-rum-bar-9000-puffs-sweden\/\",\"url\":\"https:\/\/vapebulkp.com\/product\/wholesale-tornado-rum-bar-9000-puffs-sweden\/\",\"name\":\"Wholesale Tornado New RUM BAR 9000 Puffs Sweden - vapebulkp.com\",\"isPartOf\":{\"@id\":\"https:\/\/vapebulkp.com\/#website\"},\"datePublished\":\"2023-09-28T06:50:33+00:00\",\"dateModified\":\"2025-09-01T03:15:05+00:00\",\"description\":\"Wholesale Price RUM BAR 9000 Puffs German Vape Ergonomically designed perfectly, allows me to carry it easily and has its unique taste\u3002\",\"breadcrumb\":{\"@id\":\"https:\/\/vapebulkp.com\/product\/wholesale-tornado-rum-bar-9000-puffs-sweden\/#breadcrumb\"},\"inLanguage\":\"fr-FR\",\"potentialAction\":[{\"@type\":\"ReadAction\",\"target\":[\"https:\/\/vapebulkp.com\/product\/wholesale-tornado-rum-bar-9000-puffs-sweden\/\"]}]},{\"@type\":\"BreadcrumbList\",\"@id\":\"https:\/\/vapebulkp.com\/product\/wholesale-tornado-rum-bar-9000-puffs-sweden\/#breadcrumb\",\"itemListElement\":[{\"@type\":\"ListItem\",\"position\":1,\"name\":\"Home\",\"item\":\"https:\/\/vapebulkp.com\/\"},{\"@type\":\"ListItem\",\"position\":2,\"name\":\"Hot Trend Vapes\",\"item\":\"https:\/\/vapebulkp.com\/vape-shop\/\"},{\"@type\":\"ListItem\",\"position\":3,\"name\":\"Wholesale Tornado New RUM BAR 9000 Puffs Sweden\"}]},{\"@type\":\"WebSite\",\"@id\":\"https:\/\/vapebulkp.com\/#website\",\"url\":\"https:\/\/vapebulkp.com\/\",\"name\":\"vapebulkp.com\",\"description\":\"Buy Vape In Cheap Bulk Price Near you\",\"publisher\":{\"@id\":\"https:\/\/vapebulkp.com\/#organization\"},\"potentialAction\":[{\"@type\":\"SearchAction\",\"target\":{\"@type\":\"EntryPoint\",\"urlTemplate\":\"https:\/\/vapebulkp.com\/?s={search_term_string}\"},\"query-input\":\"required name=search_term_string\"}],\"inLanguage\":\"fr-FR\"},{\"@type\":\"Organization\",\"@id\":\"https:\/\/vapebulkp.com\/#organization\",\"name\":\"vapebulkp.com\",\"url\":\"https:\/\/vapebulkp.com\/\",\"logo\":{\"@type\":\"ImageObject\",\"inLanguage\":\"fr-FR\",\"@id\":\"https:\/\/vapebulkp.com\/#\/schema\/logo\/image\/\",\"url\":\"https:\/\/vapebulkp.com\/wp-content\/uploads\/2023\/09\/cropped-vapebulkp.png\",\"contentUrl\":\"https:\/\/vapebulkp.com\/wp-content\/uploads\/2023\/09\/cropped-vapebulkp.png\",\"width\":516,\"height\":163,\"caption\":\"vapebulkp.com\"},\"image\":{\"@id\":\"https:\/\/vapebulkp.com\/#\/schema\/logo\/image\/\"}}]}<\/script>\n<!-- \/ Yoast SEO plugin. -->","yoast_head_json":{"title":"Wholesale Tornado New RUM BAR 9000 Puffs Sweden - vapebulkp.com","description":"Wholesale Price RUM BAR 9000 Puffs German Vape Ergonomically designed perfectly, allows me to carry it easily and has its unique taste\u3002","robots":{"index":"index","follow":"follow","max-snippet":"max-snippet:-1","max-image-preview":"max-image-preview:large","max-video-preview":"max-video-preview:-1"},"canonical":"https:\/\/vapebulkp.com\/fr\/product\/wholesale-tornado-rum-bar-9000-puffs-sweden\/","og_locale":"fr_FR","og_type":"article","og_title":"Wholesale Tornado New RUM BAR 9000 Puffs Sweden - vapebulkp.com","og_description":"Wholesale Price RUM BAR 9000 Puffs German Vape Ergonomically designed perfectly, allows me to carry it easily and has its unique taste\u3002","og_url":"https:\/\/vapebulkp.com\/fr\/product\/wholesale-tornado-rum-bar-9000-puffs-sweden\/","og_site_name":"vapebulkp.com","article_modified_time":"2025-09-01T03:15:05+00:00","og_image":[{"width":600,"height":600,"url":"http:\/\/vapebulkp.com\/wp-content\/uploads\/2023\/09\/RAN-TORNADO-9000.jpg","type":"image\/jpeg"}],"twitter_card":"summary_large_image","twitter_misc":{"Dur\u00e9e de lecture estim\u00e9e":"4 minutes"},"schema":{"@context":"https:\/\/schema.org","@graph":[{"@type":"WebPage","@id":"https:\/\/vapebulkp.com\/product\/wholesale-tornado-rum-bar-9000-puffs-sweden\/","url":"https:\/\/vapebulkp.com\/product\/wholesale-tornado-rum-bar-9000-puffs-sweden\/","name":"Wholesale Tornado New RUM BAR 9000 Puffs Sweden - vapebulkp.com","isPartOf":{"@id":"https:\/\/vapebulkp.com\/#website"},"datePublished":"2023-09-28T06:50:33+00:00","dateModified":"2025-09-01T03:15:05+00:00","description":"Wholesale Price RUM BAR 9000 Puffs German Vape Ergonomically designed perfectly, allows me to carry it easily and has its unique taste\u3002","breadcrumb":{"@id":"https:\/\/vapebulkp.com\/product\/wholesale-tornado-rum-bar-9000-puffs-sweden\/#breadcrumb"},"inLanguage":"fr-FR","potentialAction":[{"@type":"ReadAction","target":["https:\/\/vapebulkp.com\/product\/wholesale-tornado-rum-bar-9000-puffs-sweden\/"]}]},{"@type":"BreadcrumbList","@id":"https:\/\/vapebulkp.com\/product\/wholesale-tornado-rum-bar-9000-puffs-sweden\/#breadcrumb","itemListElement":[{"@type":"ListItem","position":1,"name":"Home","item":"https:\/\/vapebulkp.com\/"},{"@type":"ListItem","position":2,"name":"Hot Trend Vapes","item":"https:\/\/vapebulkp.com\/vape-shop\/"},{"@type":"ListItem","position":3,"name":"Wholesale Tornado New RUM BAR 9000 Puffs Sweden"}]},{"@type":"WebSite","@id":"https:\/\/vapebulkp.com\/#website","url":"https:\/\/vapebulkp.com\/","name":"vapebulkp.com","description":"Buy Vape In Cheap Bulk Price Near you","publisher":{"@id":"https:\/\/vapebulkp.com\/#organization"},"potentialAction":[{"@type":"SearchAction","target":{"@type":"EntryPoint","urlTemplate":"https:\/\/vapebulkp.com\/?s={search_term_string}"},"query-input":"required name=search_term_string"}],"inLanguage":"fr-FR"},{"@type":"Organization","@id":"https:\/\/vapebulkp.com\/#organization","name":"vapebulkp.com","url":"https:\/\/vapebulkp.com\/","logo":{"@type":"ImageObject","inLanguage":"fr-FR","@id":"https:\/\/vapebulkp.com\/#\/schema\/logo\/image\/","url":"https:\/\/vapebulkp.com\/wp-content\/uploads\/2023\/09\/cropped-vapebulkp.png","contentUrl":"https:\/\/vapebulkp.com\/wp-content\/uploads\/2023\/09\/cropped-vapebulkp.png","width":516,"height":163,"caption":"vapebulkp.com"},"image":{"@id":"https:\/\/vapebulkp.com\/#\/schema\/logo\/image\/"}}]}},"uagb_featured_image_src":{"full":["https:\/\/vapebulkp.com\/wp-content\/uploads\/2023\/09\/RAN-TORNADO-9000.jpg",600,600,false],"thumbnail":["https:\/\/vapebulkp.com\/wp-content\/uploads\/2023\/09\/RAN-TORNADO-9000-150x150.jpg",150,150,true],"medium":["https:\/\/vapebulkp.com\/wp-content\/uploads\/2023\/09\/RAN-TORNADO-9000-300x300.jpg",300,300,true],"medium_large":["https:\/\/vapebulkp.com\/wp-content\/uploads\/2023\/09\/RAN-TORNADO-9000.jpg",600,600,false],"large":["https:\/\/vapebulkp.com\/wp-content\/uploads\/2023\/09\/RAN-TORNADO-9000.jpg",600,600,false],"1536x1536":["https:\/\/vapebulkp.com\/wp-content\/uploads\/2023\/09\/RAN-TORNADO-9000.jpg",600,600,false],"2048x2048":["https:\/\/vapebulkp.com\/wp-content\/uploads\/2023\/09\/RAN-TORNADO-9000.jpg",600,600,false],"trp-custom-language-flag":["https:\/\/vapebulkp.com\/wp-content\/uploads\/2023\/09\/RAN-TORNADO-9000.jpg",12,12,false],"woocommerce_thumbnail":["https:\/\/vapebulkp.com\/wp-content\/uploads\/2023\/09\/RAN-TORNADO-9000-300x300.jpg",300,300,true],"woocommerce_single":["https:\/\/vapebulkp.com\/wp-content\/uploads\/2023\/09\/RAN-TORNADO-9000.jpg",600,600,false],"woocommerce_gallery_thumbnail":["https:\/\/vapebulkp.com\/wp-content\/uploads\/2023\/09\/RAN-TORNADO-9000-100x100.jpg",100,100,true],"wcpr-photo-reviews":["https:\/\/vapebulkp.com\/wp-content\/uploads\/2023\/09\/RAN-TORNADO-9000.jpg",500,500,false]},"uagb_author_info":{"display_name":"Mandy vape bulk price","author_link":"https:\/\/vapebulkp.com\/fr\/author\/"},"uagb_comment_info":1,"uagb_excerpt":"Join the ranks of best-selling e-cigarettes with RUM BAR 9000Puffs disposable e-cigarettes. Say goodbye to the troubles of traditional e-cigarettes and enjoy the freedom of e-cigarettes anytime and anywhere. With 18 ml of e-cigarette oil, you can experience its unique taste. Pls Contact Mandy's WhatsApp For Discount Price+8618077105796 NOTE: Prices on our website does not\u2026","_links":{"self":[{"href":"https:\/\/vapebulkp.com\/fr\/wp-json\/wp\/v2\/product\/1609","targetHints":{"allow":["GET"]}}],"collection":[{"href":"https:\/\/vapebulkp.com\/fr\/wp-json\/wp\/v2\/product"}],"about":[{"href":"https:\/\/vapebulkp.com\/fr\/wp-json\/wp\/v2\/types\/product"}],"replies":[{"embeddable":true,"href":"https:\/\/vapebulkp.com\/fr\/wp-json\/wp\/v2\/comments?post=1609"}],"wp:featuredmedia":[{"embeddable":true,"href":"https:\/\/vapebulkp.com\/fr\/wp-json\/wp\/v2\/media\/1733"}],"wp:attachment":[{"href":"https:\/\/vapebulkp.com\/fr\/wp-json\/wp\/v2\/media?parent=1609"}],"wp:term":[{"taxonomy":"product_cat","embeddable":true,"href":"https:\/\/vapebulkp.com\/fr\/wp-json\/wp\/v2\/product_cat?post=1609"},{"taxonomy":"product_tag","embeddable":true,"href":"https:\/\/vapebulkp.com\/fr\/wp-json\/wp\/v2\/product_tag?post=1609"}],"curies":[{"name":"wp","href":"https:\/\/api.w.org\/{rel}","templated":true}]}}