{"id":1979,"date":"2023-12-26T08:44:42","date_gmt":"2023-12-26T07:44:42","guid":{"rendered":"https:\/\/vapebulkp.com\/?post_type=product&#038;p=1979"},"modified":"2025-09-24T05:18:15","modified_gmt":"2025-09-24T03:18:15","slug":"good-vape-jnr-shisha-15000-puffs-wholesale-vapme-shisha","status":"publish","type":"product","link":"https:\/\/vapebulkp.com\/fr\/product\/good-vape-jnr-shisha-15000-puffs-wholesale-vapme-shisha\/","title":{"rendered":"Bon Vape JNR SHISHA 15000 Puffs VAPME SHISHA en gros"},"content":{"rendered":"<h2>Bon Vape JNR SHISHA 15000 Puffs VAPME SHISHA en gros<\/h2>\n<p data-start=\"410\" data-end=\"753\">Le <strong data-start=\"470\" data-end=\"498\">VAPME SHISHA 15000 BOUFF\u00c9ES<\/strong> est une haute capacit\u00e9 <a href=\"https:\/\/vapebulkp.com\/fr\/product-category\/15000-puffs-disposable-vape\/\"><strong data-start=\"518\" data-end=\"549\">Vape jetable 15000 bouff\u00e9es<\/strong><\/a> con\u00e7ue pour les jeunes hommes europ\u00e9ens. Dot\u00e9 d'une batterie rechargeable de 650 mAh et de 25 ml de e-liquide premium aux sels de nicotine, il offre une vapeur douce et dense et une saveur constante pour des sessions de vapotage prolong\u00e9es.<\/p>\n<p data-start=\"755\" data-end=\"1182\">Avec des options de sels de nicotine de 2% et 5%, ce <strong data-start=\"798\" data-end=\"831\">vape jetable au sel de nicotine<\/strong> satisfait diff\u00e9rentes pr\u00e9f\u00e9rences. Son design compact et \u00e9l\u00e9gant en fait une <strong data-start=\"912\" data-end=\"929\">vape portable<\/strong> parfaite pour un usage quotidien, les voyages ou les occasions sociales. Chaque bo\u00eete d'exposition contient 10 appareils, id\u00e9aux pour les <strong data-start=\"1022\" data-end=\"1042\">commandes de vapes en gros<\/strong> et la distribution en gros dans l'UE. Le <strong data-start=\"1078\" data-end=\"1110\">vape jetable longue dur\u00e9e<\/strong> assure un plaisir ininterrompu avec une saveur riche jusqu'\u00e0 la derni\u00e8re bouff\u00e9e.<\/p>\n<p data-start=\"1184\" data-end=\"1393\">Construction de haute qualit\u00e9, <strong data-start=\"1211\" data-end=\"1238\">cigarette \u00e9lectronique jetable haut de gamme<\/strong>et exp\u00e9dition rapide dans l'UE font du Good Vape JNR SHISHA 15000 Bouff\u00e9es Vente en Gros VAPME SHISHA un choix de premier ordre pour les d\u00e9taillants et les amateurs \u00e0 la recherche de performances fiables et de commodit\u00e9.<\/p>\n<p><img decoding=\"async\" class=\"alignnone wp-image-1970\" style=\"font-style: inherit;font-weight: inherit\" src=\"http:\/\/vapebulkp.com\/wp-content\/uploads\/2023\/12\/JNR-Shisha-15k-puff-discount-price-Sweden-1-scaled.jpg\" alt=\"JNR Shisha 15k bouff\u00e9es prix discount France Hot Vape\" width=\"714\" height=\"1049\" srcset=\"https:\/\/vapebulkp.com\/wp-content\/uploads\/2023\/12\/JNR-Shisha-15k-puff-discount-price-Sweden-1-scaled.jpg 1742w, https:\/\/vapebulkp.com\/wp-content\/uploads\/2023\/12\/JNR-Shisha-15k-puff-discount-price-Sweden-1-204x300.jpg 204w, https:\/\/vapebulkp.com\/wp-content\/uploads\/2023\/12\/JNR-Shisha-15k-puff-discount-price-Sweden-1-697x1024.jpg 697w, https:\/\/vapebulkp.com\/wp-content\/uploads\/2023\/12\/JNR-Shisha-15k-puff-discount-price-Sweden-1-768x1129.jpg 768w, https:\/\/vapebulkp.com\/wp-content\/uploads\/2023\/12\/JNR-Shisha-15k-puff-discount-price-Sweden-1-1045x1536.jpg 1045w, https:\/\/vapebulkp.com\/wp-content\/uploads\/2023\/12\/JNR-Shisha-15k-puff-discount-price-Sweden-1-1394x2048.jpg 1394w, https:\/\/vapebulkp.com\/wp-content\/uploads\/2023\/12\/JNR-Shisha-15k-puff-discount-price-Sweden-1-600x882.jpg 600w\" sizes=\"(max-width: 714px) 100vw, 714px\" \/><\/p>\n<h6 style=\"text-align: left\"><\/h6>\n<h6>Veuillez contacter le WhatsApp de Mandy pour un prix r\u00e9duit<a href=\"https:\/\/wa.me\/8618077105796\">+8618077105796<\/a><\/h6>\n<p><img decoding=\"async\" class=\"alignnone wp-image-2151\" src=\"http:\/\/vapebulkp.com\/wp-content\/uploads\/2024\/04\/Mandy-WhatsApp-Randm.jpg\" alt=\"WhatsApp Mandy Randm\" width=\"263\" height=\"280\" srcset=\"https:\/\/vapebulkp.com\/wp-content\/uploads\/2024\/04\/Mandy-WhatsApp-Randm.jpg 916w, https:\/\/vapebulkp.com\/wp-content\/uploads\/2024\/04\/Mandy-WhatsApp-Randm-282x300.jpg 282w, https:\/\/vapebulkp.com\/wp-content\/uploads\/2024\/04\/Mandy-WhatsApp-Randm-768x817.jpg 768w, https:\/\/vapebulkp.com\/wp-content\/uploads\/2024\/04\/Mandy-WhatsApp-Randm-600x638.jpg 600w\" sizes=\"(max-width: 263px) 100vw, 263px\" \/><\/p>\n<h2><span style=\"vertical-align: inherit\">Vous pourriez \u00eatre int\u00e9ress\u00e9 par Vapme shisha 15k Bouff\u00e9es Meilleures Ventes Vapes :<\/span><\/h2>\n<p>&nbsp;<\/p>\n<h4 class=\"style-scope ytd-watch-metadata\">1.Comment utiliser le stylo vape Vapme shisha 15000 Bouff\u00e9es ?<\/h4>\n<p>1 : D\u00e9chirer le sachet scell\u00e9<br \/>\n2 : Retirer l'autocollant<br \/>\n3 : Retirer le bouchon en silicone et laisser reposer pendant 10 minutes, puis vous pouvez l'utiliser<\/p>\n<h6>2. Comment charger l'appareil de cigarette \u00e9lectronique jetable Vapme shisha 15000 Puffs ?<\/h6>\n<p>Les chargeurs \u00e0 charge rapide ne peuvent pas \u00eatre utilis\u00e9s, et la puissance de s\u00e9curit\u00e9 standard des cigarettes \u00e9lectroniques jetables est de 5V 1A.<\/p>\n<p>Chaque temps de charge ne peut pas d\u00e9passer 1 heure, et le temps de charge s\u00fbr est d'une demi-heure.<\/p>\n<h6>3. Combien de bouff\u00e9es a le stylo de cigarette \u00e9lectronique jetable Vapme shisha 15000 Puffs ?<\/h6>\n<p>\u2014-15000 Bouff\u00e9es<\/p>\n<p><span style=\"color: #ff6600\">Avis : ne pas recharger toute la nuit !<\/span><\/p>\n<p>&nbsp;<\/p>\n<h3>Caract\u00e9ristique du produit Vape Vapme shisha 15k Bouff\u00e9es :<\/h3>\n<p>Mod\u00e8le : VAPME SHISHA 15000 PUFFS<br \/>\nBouff\u00e9es : 15000<br \/>\nCapacit\u00e9 de la batterie : 650 mAh<br \/>\nVolume de e-liquide : 25 ml<br \/>\nTeneur en nicotine : 21% \/\/ 5% Sel de nicotine<br \/>\nEmballage : 10 pi\u00e8ces dans 1 bo\u00eete d'exposition<br \/>\nQuantit\u00e9 minimale de commande (MOQ) : 50 pi\u00e8ces<\/p>\n<h3><strong>Quelle est la meilleure vape Vapme shisha<\/strong>\u00a015000 Bouff\u00e9es <strong>Ar\u00f4mes ?<\/strong><\/h3>\n<p>1. Myrtille glac\u00e9e<br \/>\n2. Kiwi fruit de la passion goyave<br \/>\n3. Limonade aux framboises bleues<br \/>\n4. Fraise kiwi<br \/>\n5. Baies m\u00e9lang\u00e9es<br \/>\n6. Fraise past\u00e8que<br \/>\n7. Raisin glac\u00e9<br \/>\n8. Past\u00e8que glac\u00e9e<br \/>\n9. P\u00eache mangue ananas<br \/>\n10. Fraise glac\u00e9e<br \/>\n11. P\u00eache glac\u00e9e<br \/>\n12.Mangue Banane<\/p>\n<p><a href=\"https:\/\/vapebulkp.com\/fr\/product\/popular-randm-tornado-7000puffs-disposable-vape-best-price\/\">Randm tornado 7000 bouff\u00e9es<\/a><\/p>\n<p><span style=\"vertical-align: inherit\">Trouvez plus de produits qui pourraient vous plaire\uff1a<\/span><em><a href=\"https:\/\/wa.me\/8618077105796\"><span style=\"vertical-align: inherit\">\u00a0Achetez-le maintenant<\/span><\/a><\/em><\/p>\n<p><span style=\"vertical-align: inherit\">Autres Puffs que vous pourriez aimer\uff1a<\/span><a href=\"https:\/\/vapebulkp.com\/fr\/product\/good-sale-randm-tornado-10000-puffs-plus\/\"><span style=\"vertical-align: inherit\">RandM 10000 Bouff\u00e9es<\/span><\/a><span style=\"vertical-align: inherit\">\u2014Avec une capacit\u00e9 de 10 000 bouff\u00e9es, cet appareil est un favori parmi les amateurs de vapotage.<\/span><\/p>\n<p><a href=\"https:\/\/vapebulkp.com\/fr\/product\/wholesale-randm-tornado-9000-puffs-germany\/\"><span style=\"vertical-align: inherit\">RandM Tornade 9000 Bouff\u00e9es<\/span><\/a><span style=\"vertical-align: inherit\">\u2014En tant que cigarette \u00e9lectronique la plus populaire, Randm propose 9 000 bouff\u00e9es \u00e0 savourer.<\/span><\/p>\n<p><a href=\"https:\/\/vapebulkp.com\/fr\/product\/popular-bang-king-10000-puffs-vape-good-price\/\"><span style=\"vertical-align: inherit\">Bang King 10000 Bouff\u00e9es<\/span><\/a><span style=\"vertical-align: inherit\">\u2014Bang King est une marque populaire avec des mod\u00e8les uniques et 10000 bouff\u00e9es<\/span><\/p>\n<p><a href=\"https:\/\/vapebulkp.com\/fr\/product\/bang-king-12000puffs\/\"><span style=\"vertical-align: inherit\">Bang King 12000 Bouff\u00e9es<\/span><\/a>\u2014Bang King 12000 Bouff\u00e9es est une marque populaire avec des mod\u00e8les uniques et 12 000 bouff\u00e9es, une autre option pour am\u00e9liorer vos besoins en mati\u00e8re de vapotage.<\/p>\n<p><span style=\"vertical-align: inherit\">Bouteille de cigarette \u00e9lectronique de forme sp\u00e9ciale :<\/span><a href=\"https:\/\/vapebulkp.com\/fr\/product\/popular-kulx-10000puffs-disposable-vape-good-price\/\"><span style=\"vertical-align: inherit\">Kulx 10000 Bouff\u00e9es<\/span><\/a><span style=\"vertical-align: inherit\">\/ <\/span><a href=\"https:\/\/vapebulkp.com\/fr\/product\/disposable-vape-crystal-600-puffs\/\"><span style=\"vertical-align: inherit\">Crystal Legend 600 bouff\u00e9es<\/span><\/a><span style=\"vertical-align: inherit\">\/<\/span><a href=\"https:\/\/vapebulkp.com\/fr\/product\/bang-box-12000puffs-good-vape-sweden-wholesale-price\/\"><span style=\"vertical-align: inherit\">Bang Box vape 12000 Bouff\u00e9es<\/span><\/a><\/p>\n<h4>Choses que vous pourriez aimer savoir sur les cigarettes \u00e9lectroniques (e-cigarettes) :<\/h4>\n<p>Q: Pourquoi les cigarettes \u00e9lectroniques fuient-elles de l'huile ?<br \/>\nR: La fuite d'huile de cigarette \u00e9lectronique peut \u00eatre caus\u00e9e par une installation incorrecte du noyau de l'atomiseur ou par des dommages \u00e0 la bague d'\u00e9tanch\u00e9it\u00e9 lors du remplissage. Assurez-vous de ne pas trop presser l'huile lors du remplissage et v\u00e9rifiez si la bague d'\u00e9tanch\u00e9it\u00e9 est intacte, ce qui peut r\u00e9duire efficacement les fuites d'huile.<\/p>\n<p>Q: Pourquoi la cigarette \u00e9lectronique sent-elle le br\u00fbl\u00e9 ?<br \/>\nR : L'odeur de br\u00fbl\u00e9 est g\u00e9n\u00e9ralement caus\u00e9e par le br\u00fblage \u00e0 sec du noyau de l'atomiseur ou un manque d'huile. Il est recommand\u00e9 de remplacer r\u00e9guli\u00e8rement le noyau de l'atomiseur et de s'assurer qu'il y a suffisamment d'huile pour \u00e9viter le br\u00fblage \u00e0 sec.<\/p>\n<p>Q : Pourquoi la puissance d'aspiration des cigarettes \u00e9lectroniques devient-elle plus faible ?<br \/>\nR : Une aspiration faible peut \u00eatre due \u00e0 une batterie insuffisante, au vieillissement du noyau de l'atomiseur ou \u00e0 un blocage du noyau de l'atomiseur. Essayez de recharger la batterie ou de remplacer le noyau de l'atomiseur par un nouveau pour r\u00e9soudre le probl\u00e8me d'aspiration faible.<\/p>\n<p>Q : Comment nettoyer le mat\u00e9riel de cigarette \u00e9lectronique ?<br \/>\nR : Nettoyer r\u00e9guli\u00e8rement votre appareil de cigarette \u00e9lectronique maintiendra ses performances et son go\u00fbt. Utilisez un chiffon doux pour essuyer d\u00e9licatement la surface de l'appareil, et utilisez des cotons-tiges pour nettoyer les connexions ou les surfaces internes, mais faites attention \u00e0 \u00e9viter les dommages.<\/p>\n<p>Q : Les cigarettes \u00e9lectroniques sont-elles nocives pour la sant\u00e9 ?<br \/>\nR : Bien que les cigarettes \u00e9lectroniques puissent contenir moins de substances nocives que les cigarettes traditionnelles, cela ne signifie pas qu'elles sont totalement inoffensives. L'utilisation \u00e0 long terme des cigarettes \u00e9lectroniques peut encore avoir certains effets sur la sant\u00e9. Il est pr\u00e9f\u00e9rable de limiter l'utilisation et de demander l'avis d'un professionnel de la sant\u00e9.<\/p>\n<h4>D\u00e9tails d'exp\u00e9dition :<\/h4>\n<p><span style=\"color: #ff6600\">D\u00e9lai de production : 5-10 jours ouvrables<\/span><br \/>\n<span style=\"color: #ff6600\">D\u00e9lai de livraison : 8-14 jours ouvrables<\/span><\/p>\n<p>Tous les produits de notre boutique sont 100% originaux et authentiques, c'est pourquoi nous avons pour politique de rembourser dix fois le prix des produits contrefaits. Nous utilisons des canaux logistiques tels que UPS\/DHL\/FEDEX\/DPD pour vous livrer les marchandises.<\/p>\n<p>Pour les colis exp\u00e9di\u00e9s en France, il faut g\u00e9n\u00e9ralement 10 jours ouvrables pour qu'ils arrivent. L'exp\u00e9dition vers les pays europ\u00e9ens prend g\u00e9n\u00e9ralement de 12 \u00e0 15 jours ouvrables. Nous mettrons \u00e0 jour les informations logistiques pour vous en temps r\u00e9el.<\/p>\n<p>Contactez-nous et nous pourrons vous offrir le Hazebar 12000 Bouff\u00e9es et amener votre entreprise vers de nouveaux sommets !<\/p>","protected":false},"excerpt":{"rendered":"<p>Prix de gros <a href=\"https:\/\/vapebulkp.com\/fr\/product\/good-vape-jnr-shisha-15000-puffs-wholesale-vapme-shisha\/\">VAPME SHISHA 15000 BOUFF\u00c9ES <\/a>Vape Vente Sup\u00e9rieure<br \/>\nVAPME SHISHA 15000 BOUFF\u00c9ES Boutique de vape Hookah<br \/>\nVape Populaire Vapme shisha 15k Bouff\u00e9es<br \/>\n<img decoding=\"async\" class=\"alignnone wp-image-2151\" src=\"http:\/\/vapebulkp.com\/wp-content\/uploads\/2024\/04\/Mandy-WhatsApp-Randm.jpg\" alt=\"WhatsApp Mandy Randm\" width=\"238\" height=\"253\" srcset=\"https:\/\/vapebulkp.com\/wp-content\/uploads\/2024\/04\/Mandy-WhatsApp-Randm.jpg 916w, https:\/\/vapebulkp.com\/wp-content\/uploads\/2024\/04\/Mandy-WhatsApp-Randm-282x300.jpg 282w, https:\/\/vapebulkp.com\/wp-content\/uploads\/2024\/04\/Mandy-WhatsApp-Randm-768x817.jpg 768w, https:\/\/vapebulkp.com\/wp-content\/uploads\/2024\/04\/Mandy-WhatsApp-Randm-600x638.jpg 600w\" sizes=\"(max-width: 238px) 100vw, 238px\" \/><\/p>\n<p>Veuillez contacter le WhatsApp de Mandy pour un prix r\u00e9duit<a href=\"https:\/\/wa.me\/8618077105796\">+8618077105796<\/a><\/p>\n<p><span style=\"color: #ff0000\">REMARQUE : Les prix sur notre site web n'incluent pas les frais de port<\/span><\/p>","protected":false},"featured_media":1973,"comment_status":"open","ping_status":"closed","template":"","meta":{"_uag_custom_page_level_css":"","_lmt_disableupdate":"no","_lmt_disable":"","site-sidebar-layout":"default","site-content-layout":"content-boxed-container","ast-site-content-layout":"normal-width-container","site-content-style":"boxed","site-sidebar-style":"unboxed","ast-global-header-display":"","ast-banner-title-visibility":"","ast-main-header-display":"","ast-hfb-above-header-display":"","ast-hfb-below-header-display":"","ast-hfb-mobile-header-display":"","site-post-title":"","ast-breadcrumbs-content":"","ast-featured-img":"","footer-sml-layout":"","theme-transparent-header-meta":"default","adv-header-id-meta":"","stick-header-meta":"","header-above-stick-meta":"","header-main-stick-meta":"","header-below-stick-meta":"","astra-migrate-meta-layouts":"set","_joinchat":[]},"product_cat":[165,153,155,33,59,100,353,34,158,157,154,152,58,84,156,63,32],"product_tag":[77,36,37,91,105,41,71,40],"class_list":["post-1979","product","type-product","status-publish","has-post-thumbnail","hentry","product_cat-15000-puffs-disposable-vape","product_cat-hot-disposable-vapes","product_cat-belgium-hot-disposable-vapes","product_cat-france-vape-hot-sale","product_cat-germany-hot-disposable-vape","product_cat-germany-wholesale-vape-shop","product_cat-jnr-vape","product_cat-netherlands-vape-good-sale","product_cat-norway-hot-disposable-vapes","product_cat-poland-hot-disposable-vapes","product_cat-portugal-hot-disposable-vapes","product_cat-spain-hot-disposable-vapes","product_cat-sweden-hot-disposable-vape","product_cat-sweden-wholesale-vape","product_cat-switzerland-hot-disposable-vapes","product_cat-top-sale-disposable-vape","product_cat-vape-hot-sale-this-week","product_tag-15000-puffs","product_tag-good-vape","product_tag-hot-sale-disposable-vape","product_tag-italy-hot-vape","product_tag-jnr","product_tag-poland-hot-vape","product_tag-randm","product_tag-sweden-hot-vape","pa_brand-vapme-vape","desktop-align-left","tablet-align-left","mobile-align-left"],"yoast_head":"<!-- This site is optimized with the Yoast SEO plugin v21.1 - https:\/\/yoast.com\/wordpress\/plugins\/seo\/ -->\n<title>Good Vape JNR SHISHA 15000 Puffs Wholesale VAPME SHISHA - vapebulkp.com<\/title>\n<meta name=\"description\" content=\"Buy the VAPME SHISHA 15000 Puffs, a high-capacity 15000 Puffs Disposable Vape with long-lasting battery and rich flavor. EU shipping \u2014 order now!\" \/>\n<meta name=\"robots\" content=\"index, follow, max-snippet:-1, max-image-preview:large, max-video-preview:-1\" \/>\n<link rel=\"canonical\" href=\"https:\/\/vapebulkp.com\/fr\/product\/good-vape-jnr-shisha-15000-puffs-wholesale-vapme-shisha\/\" \/>\n<meta property=\"og:locale\" content=\"fr_FR\" \/>\n<meta property=\"og:type\" content=\"article\" \/>\n<meta property=\"og:title\" content=\"Good Vape JNR SHISHA 15000 Puffs Wholesale VAPME SHISHA - vapebulkp.com\" \/>\n<meta property=\"og:description\" content=\"Buy the VAPME SHISHA 15000 Puffs, a high-capacity 15000 Puffs Disposable Vape with long-lasting battery and rich flavor. EU shipping \u2014 order now!\" \/>\n<meta property=\"og:url\" content=\"https:\/\/vapebulkp.com\/fr\/product\/good-vape-jnr-shisha-15000-puffs-wholesale-vapme-shisha\/\" \/>\n<meta property=\"og:site_name\" content=\"vapebulkp.com\" \/>\n<meta property=\"article:modified_time\" content=\"2025-09-24T03:18:15+00:00\" \/>\n<meta property=\"og:image\" content=\"http:\/\/vapebulkp.com\/wp-content\/uploads\/2023\/12\/JNR-Shisha-15k-puff-discount-price-Sweden-Germany-scaled.jpg\" \/>\n\t<meta property=\"og:image:width\" content=\"1742\" \/>\n\t<meta property=\"og:image:height\" content=\"2560\" \/>\n\t<meta property=\"og:image:type\" content=\"image\/jpeg\" \/>\n<meta name=\"twitter:card\" content=\"summary_large_image\" \/>\n<meta name=\"twitter:label1\" content=\"Dur\u00e9e de lecture estim\u00e9e\" \/>\n\t<meta name=\"twitter:data1\" content=\"4 minutes\" \/>\n<script type=\"application\/ld+json\" class=\"yoast-schema-graph\">{\"@context\":\"https:\/\/schema.org\",\"@graph\":[{\"@type\":\"WebPage\",\"@id\":\"https:\/\/vapebulkp.com\/product\/good-vape-jnr-shisha-15000-puffs-wholesale-vapme-shisha\/\",\"url\":\"https:\/\/vapebulkp.com\/product\/good-vape-jnr-shisha-15000-puffs-wholesale-vapme-shisha\/\",\"name\":\"Good Vape JNR SHISHA 15000 Puffs Wholesale VAPME SHISHA - vapebulkp.com\",\"isPartOf\":{\"@id\":\"https:\/\/vapebulkp.com\/#website\"},\"datePublished\":\"2023-12-26T07:44:42+00:00\",\"dateModified\":\"2025-09-24T03:18:15+00:00\",\"description\":\"Buy the VAPME SHISHA 15000 Puffs, a high-capacity 15000 Puffs Disposable Vape with long-lasting battery and rich flavor. EU shipping \u2014 order now!\",\"breadcrumb\":{\"@id\":\"https:\/\/vapebulkp.com\/product\/good-vape-jnr-shisha-15000-puffs-wholesale-vapme-shisha\/#breadcrumb\"},\"inLanguage\":\"fr-FR\",\"potentialAction\":[{\"@type\":\"ReadAction\",\"target\":[\"https:\/\/vapebulkp.com\/product\/good-vape-jnr-shisha-15000-puffs-wholesale-vapme-shisha\/\"]}]},{\"@type\":\"BreadcrumbList\",\"@id\":\"https:\/\/vapebulkp.com\/product\/good-vape-jnr-shisha-15000-puffs-wholesale-vapme-shisha\/#breadcrumb\",\"itemListElement\":[{\"@type\":\"ListItem\",\"position\":1,\"name\":\"Home\",\"item\":\"https:\/\/vapebulkp.com\/\"},{\"@type\":\"ListItem\",\"position\":2,\"name\":\"Hot Trend Vapes\",\"item\":\"https:\/\/vapebulkp.com\/vape-shop\/\"},{\"@type\":\"ListItem\",\"position\":3,\"name\":\"Good Vape JNR SHISHA 15000 Puffs Wholesale VAPME SHISHA\"}]},{\"@type\":\"WebSite\",\"@id\":\"https:\/\/vapebulkp.com\/#website\",\"url\":\"https:\/\/vapebulkp.com\/\",\"name\":\"vapebulkp.com\",\"description\":\"Buy Vape In Cheap Bulk Price Near you\",\"publisher\":{\"@id\":\"https:\/\/vapebulkp.com\/#organization\"},\"potentialAction\":[{\"@type\":\"SearchAction\",\"target\":{\"@type\":\"EntryPoint\",\"urlTemplate\":\"https:\/\/vapebulkp.com\/?s={search_term_string}\"},\"query-input\":\"required name=search_term_string\"}],\"inLanguage\":\"fr-FR\"},{\"@type\":\"Organization\",\"@id\":\"https:\/\/vapebulkp.com\/#organization\",\"name\":\"vapebulkp.com\",\"url\":\"https:\/\/vapebulkp.com\/\",\"logo\":{\"@type\":\"ImageObject\",\"inLanguage\":\"fr-FR\",\"@id\":\"https:\/\/vapebulkp.com\/#\/schema\/logo\/image\/\",\"url\":\"https:\/\/vapebulkp.com\/wp-content\/uploads\/2023\/09\/cropped-vapebulkp.png\",\"contentUrl\":\"https:\/\/vapebulkp.com\/wp-content\/uploads\/2023\/09\/cropped-vapebulkp.png\",\"width\":516,\"height\":163,\"caption\":\"vapebulkp.com\"},\"image\":{\"@id\":\"https:\/\/vapebulkp.com\/#\/schema\/logo\/image\/\"}}]}<\/script>\n<!-- \/ Yoast SEO plugin. -->","yoast_head_json":{"title":"Good Vape JNR SHISHA 15000 Puffs Wholesale VAPME SHISHA - vapebulkp.com","description":"Buy the VAPME SHISHA 15000 Puffs, a high-capacity 15000 Puffs Disposable Vape with long-lasting battery and rich flavor. EU shipping \u2014 order now!","robots":{"index":"index","follow":"follow","max-snippet":"max-snippet:-1","max-image-preview":"max-image-preview:large","max-video-preview":"max-video-preview:-1"},"canonical":"https:\/\/vapebulkp.com\/fr\/product\/good-vape-jnr-shisha-15000-puffs-wholesale-vapme-shisha\/","og_locale":"fr_FR","og_type":"article","og_title":"Good Vape JNR SHISHA 15000 Puffs Wholesale VAPME SHISHA - vapebulkp.com","og_description":"Buy the VAPME SHISHA 15000 Puffs, a high-capacity 15000 Puffs Disposable Vape with long-lasting battery and rich flavor. EU shipping \u2014 order now!","og_url":"https:\/\/vapebulkp.com\/fr\/product\/good-vape-jnr-shisha-15000-puffs-wholesale-vapme-shisha\/","og_site_name":"vapebulkp.com","article_modified_time":"2025-09-24T03:18:15+00:00","og_image":[{"width":1742,"height":2560,"url":"http:\/\/vapebulkp.com\/wp-content\/uploads\/2023\/12\/JNR-Shisha-15k-puff-discount-price-Sweden-Germany-scaled.jpg","type":"image\/jpeg"}],"twitter_card":"summary_large_image","twitter_misc":{"Dur\u00e9e de lecture estim\u00e9e":"4 minutes"},"schema":{"@context":"https:\/\/schema.org","@graph":[{"@type":"WebPage","@id":"https:\/\/vapebulkp.com\/product\/good-vape-jnr-shisha-15000-puffs-wholesale-vapme-shisha\/","url":"https:\/\/vapebulkp.com\/product\/good-vape-jnr-shisha-15000-puffs-wholesale-vapme-shisha\/","name":"Good Vape JNR SHISHA 15000 Puffs Wholesale VAPME SHISHA - vapebulkp.com","isPartOf":{"@id":"https:\/\/vapebulkp.com\/#website"},"datePublished":"2023-12-26T07:44:42+00:00","dateModified":"2025-09-24T03:18:15+00:00","description":"Buy the VAPME SHISHA 15000 Puffs, a high-capacity 15000 Puffs Disposable Vape with long-lasting battery and rich flavor. EU shipping \u2014 order now!","breadcrumb":{"@id":"https:\/\/vapebulkp.com\/product\/good-vape-jnr-shisha-15000-puffs-wholesale-vapme-shisha\/#breadcrumb"},"inLanguage":"fr-FR","potentialAction":[{"@type":"ReadAction","target":["https:\/\/vapebulkp.com\/product\/good-vape-jnr-shisha-15000-puffs-wholesale-vapme-shisha\/"]}]},{"@type":"BreadcrumbList","@id":"https:\/\/vapebulkp.com\/product\/good-vape-jnr-shisha-15000-puffs-wholesale-vapme-shisha\/#breadcrumb","itemListElement":[{"@type":"ListItem","position":1,"name":"Home","item":"https:\/\/vapebulkp.com\/"},{"@type":"ListItem","position":2,"name":"Hot Trend Vapes","item":"https:\/\/vapebulkp.com\/vape-shop\/"},{"@type":"ListItem","position":3,"name":"Good Vape JNR SHISHA 15000 Puffs Wholesale VAPME SHISHA"}]},{"@type":"WebSite","@id":"https:\/\/vapebulkp.com\/#website","url":"https:\/\/vapebulkp.com\/","name":"vapebulkp.com","description":"Buy Vape In Cheap Bulk Price Near you","publisher":{"@id":"https:\/\/vapebulkp.com\/#organization"},"potentialAction":[{"@type":"SearchAction","target":{"@type":"EntryPoint","urlTemplate":"https:\/\/vapebulkp.com\/?s={search_term_string}"},"query-input":"required name=search_term_string"}],"inLanguage":"fr-FR"},{"@type":"Organization","@id":"https:\/\/vapebulkp.com\/#organization","name":"vapebulkp.com","url":"https:\/\/vapebulkp.com\/","logo":{"@type":"ImageObject","inLanguage":"fr-FR","@id":"https:\/\/vapebulkp.com\/#\/schema\/logo\/image\/","url":"https:\/\/vapebulkp.com\/wp-content\/uploads\/2023\/09\/cropped-vapebulkp.png","contentUrl":"https:\/\/vapebulkp.com\/wp-content\/uploads\/2023\/09\/cropped-vapebulkp.png","width":516,"height":163,"caption":"vapebulkp.com"},"image":{"@id":"https:\/\/vapebulkp.com\/#\/schema\/logo\/image\/"}}]}},"uagb_featured_image_src":{"full":["https:\/\/vapebulkp.com\/wp-content\/uploads\/2023\/12\/JNR-Shisha-15k-puff-discount-price-Sweden-Germany-scaled.jpg",1742,2560,false],"thumbnail":["https:\/\/vapebulkp.com\/wp-content\/uploads\/2023\/12\/JNR-Shisha-15k-puff-discount-price-Sweden-Germany-150x150.jpg",150,150,true],"medium":["https:\/\/vapebulkp.com\/wp-content\/uploads\/2023\/12\/JNR-Shisha-15k-puff-discount-price-Sweden-Germany-204x300.jpg",204,300,true],"medium_large":["https:\/\/vapebulkp.com\/wp-content\/uploads\/2023\/12\/JNR-Shisha-15k-puff-discount-price-Sweden-Germany-768x1129.jpg",768,1129,true],"large":["https:\/\/vapebulkp.com\/wp-content\/uploads\/2023\/12\/JNR-Shisha-15k-puff-discount-price-Sweden-Germany-697x1024.jpg",697,1024,true],"1536x1536":["https:\/\/vapebulkp.com\/wp-content\/uploads\/2023\/12\/JNR-Shisha-15k-puff-discount-price-Sweden-Germany-1045x1536.jpg",1045,1536,true],"2048x2048":["https:\/\/vapebulkp.com\/wp-content\/uploads\/2023\/12\/JNR-Shisha-15k-puff-discount-price-Sweden-Germany-1394x2048.jpg",1394,2048,true],"trp-custom-language-flag":["https:\/\/vapebulkp.com\/wp-content\/uploads\/2023\/12\/JNR-Shisha-15k-puff-discount-price-Sweden-Germany-scaled.jpg",8,12,false],"woocommerce_thumbnail":["https:\/\/vapebulkp.com\/wp-content\/uploads\/2023\/12\/JNR-Shisha-15k-puff-discount-price-Sweden-Germany-300x300.jpg",300,300,true],"woocommerce_single":["https:\/\/vapebulkp.com\/wp-content\/uploads\/2023\/12\/JNR-Shisha-15k-puff-discount-price-Sweden-Germany-600x882.jpg",600,882,true],"woocommerce_gallery_thumbnail":["https:\/\/vapebulkp.com\/wp-content\/uploads\/2023\/12\/JNR-Shisha-15k-puff-discount-price-Sweden-Germany-100x100.jpg",100,100,true],"wcpr-photo-reviews":["https:\/\/vapebulkp.com\/wp-content\/uploads\/2023\/12\/JNR-Shisha-15k-puff-discount-price-Sweden-Germany-scaled.jpg",340,500,false]},"uagb_author_info":{"display_name":"Mandy vape bulk price","author_link":"https:\/\/vapebulkp.com\/fr\/author\/"},"uagb_comment_info":8,"uagb_excerpt":"Wholesale Prrice VAPME SHISHA 15000 PUFFS Top Sale Vape VAPME SHISHA 15000 PUFFS Hookah vape Shop Popular VAPE Vapme shisha 15k Puffs Pls Contact Mandy's WhatsApp For Discount Price+8618077105796 NOTE: Prices on our website does not include shipping costs","_links":{"self":[{"href":"https:\/\/vapebulkp.com\/fr\/wp-json\/wp\/v2\/product\/1979","targetHints":{"allow":["GET"]}}],"collection":[{"href":"https:\/\/vapebulkp.com\/fr\/wp-json\/wp\/v2\/product"}],"about":[{"href":"https:\/\/vapebulkp.com\/fr\/wp-json\/wp\/v2\/types\/product"}],"replies":[{"embeddable":true,"href":"https:\/\/vapebulkp.com\/fr\/wp-json\/wp\/v2\/comments?post=1979"}],"wp:featuredmedia":[{"embeddable":true,"href":"https:\/\/vapebulkp.com\/fr\/wp-json\/wp\/v2\/media\/1973"}],"wp:attachment":[{"href":"https:\/\/vapebulkp.com\/fr\/wp-json\/wp\/v2\/media?parent=1979"}],"wp:term":[{"taxonomy":"product_cat","embeddable":true,"href":"https:\/\/vapebulkp.com\/fr\/wp-json\/wp\/v2\/product_cat?post=1979"},{"taxonomy":"product_tag","embeddable":true,"href":"https:\/\/vapebulkp.com\/fr\/wp-json\/wp\/v2\/product_tag?post=1979"}],"curies":[{"name":"wp","href":"https:\/\/api.w.org\/{rel}","templated":true}]}}