{"id":2316,"date":"2024-04-25T05:53:26","date_gmt":"2024-04-25T03:53:26","guid":{"rendered":"https:\/\/vapebulkp.com\/?post_type=product&#038;p=2316"},"modified":"2025-09-17T10:34:53","modified_gmt":"2025-09-17T08:34:53","slug":"discount-price-waspe-digital-box-15000-puffs-disposable-vape","status":"publish","type":"product","link":"https:\/\/vapebulkp.com\/fr\/produit\/discount-price-waspe-digital-box-15000-puffs-disposable-vape\/","title":{"rendered":"Prix r\u00e9duit WASPE Digital Box 15000 bouff\u00e9es Vape jetable"},"content":{"rendered":"<h2>Prix r\u00e9duit WASPE Digital Box 15000 bouff\u00e9es Vape jetable<\/h2>\n<p data-start=\"188\" data-end=\"527\">Le <strong data-start=\"192\" data-end=\"225\">WASPE Bo\u00eete Num\u00e9rique 15000 Bouff\u00e9es<\/strong> est un appareil haut de gamme <a href=\"https:\/\/vapebulkp.com\/fr\/categorie-produit\/15000-puffs-disposable-vape\/\"><strong data-start=\"239\" data-end=\"270\">Vape jetable 15000 bouff\u00e9es<\/strong><\/a> con\u00e7ue pour les amateurs de vapotage fran\u00e7ais qui appr\u00e9cient la saveur, la commodit\u00e9 et les hautes performances. Construite avec un r\u00e9servoir d'e-liquide de 22 ml pr\u00e9-rempli, elle d\u00e9livre une vapeur constante et riche pour un maximum de 15 000 bouff\u00e9es, assurant une satisfaction durable sans interruption.<\/p>\n<p data-start=\"529\" data-end=\"838\">\u00c9quip\u00e9e d'une batterie rechargeable de 650 mAh et d'une charge rapide de Type-C, la <strong data-start=\"603\" data-end=\"636\">WASPE Bo\u00eete Num\u00e9rique 15000 Bouff\u00e9es<\/strong> r\u00e9duit les temps d'arr\u00eat et maintient votre vapotage fluide. Les indicateurs de niveau de batterie et d'e-liquide vous permettent de surveiller l'utilisation en un coup d'\u0153il, tandis que le design \u00e9l\u00e9gant et compact offre une portabilit\u00e9 pour un usage quotidien ou en voyage.<\/p>\n<p data-start=\"840\" data-end=\"1224\">Disponible en 10 saveurs soigneusement \u00e9labor\u00e9es, du tabac classique et du menthol aux m\u00e9langes de fruits vibrants, cette <strong data-start=\"946\" data-end=\"979\">cigarette \u00e9lectronique jetable de grande capacit\u00e9<\/strong> r\u00e9pond \u00e0 diverses pr\u00e9f\u00e9rences de go\u00fbt. Con\u00e7ue pour des tirages doux, des nuages denses et un hit de gorge satisfaisant, la WASPE Digital Box allie \u00e9l\u00e9gance, fonctionnalit\u00e9 et fiabilit\u00e9 pour un usage personnel et la distribution en gros en France.<\/p>\n<p><img decoding=\"async\" class=\"alignnone wp-image-2306\" src=\"http:\/\/vapebulkp.com\/wp-content\/uploads\/2024\/04\/WASPE-15000-Puffs-Best-Sale-Vape-scaled-e1714017465329.jpg\" alt=\"WASPE 15000 Bouff\u00e9es Meilleure Vente Vape\" width=\"578\" height=\"583\" srcset=\"https:\/\/vapebulkp.com\/wp-content\/uploads\/2024\/04\/WASPE-15000-Puffs-Best-Sale-Vape-scaled-e1714017465329.jpg 1813w, https:\/\/vapebulkp.com\/wp-content\/uploads\/2024\/04\/WASPE-15000-Puffs-Best-Sale-Vape-scaled-e1714017465329-297x300.jpg 297w, https:\/\/vapebulkp.com\/wp-content\/uploads\/2024\/04\/WASPE-15000-Puffs-Best-Sale-Vape-scaled-e1714017465329-1014x1024.jpg 1014w, https:\/\/vapebulkp.com\/wp-content\/uploads\/2024\/04\/WASPE-15000-Puffs-Best-Sale-Vape-scaled-e1714017465329-150x150.jpg 150w, https:\/\/vapebulkp.com\/wp-content\/uploads\/2024\/04\/WASPE-15000-Puffs-Best-Sale-Vape-scaled-e1714017465329-768x775.jpg 768w, https:\/\/vapebulkp.com\/wp-content\/uploads\/2024\/04\/WASPE-15000-Puffs-Best-Sale-Vape-scaled-e1714017465329-1522x1536.jpg 1522w, https:\/\/vapebulkp.com\/wp-content\/uploads\/2024\/04\/WASPE-15000-Puffs-Best-Sale-Vape-scaled-e1714017465329-600x606.jpg 600w, https:\/\/vapebulkp.com\/wp-content\/uploads\/2024\/04\/WASPE-15000-Puffs-Best-Sale-Vape-scaled-e1714017465329-100x100.jpg 100w\" sizes=\"(max-width: 578px) 100vw, 578px\" \/><\/p>\n<h6>Veuillez contacter le WhatsApp de Mandy pour un prix r\u00e9duit<a href=\"https:\/\/wa.me\/8618077105796\">+8618077105796<\/a><\/h6>\n<p><img decoding=\"async\" class=\"alignnone wp-image-2151\" src=\"http:\/\/vapebulkp.com\/wp-content\/uploads\/2024\/04\/Mandy-WhatsApp-Randm.jpg\" alt=\"WhatsApp Mandy Randm\" width=\"288\" height=\"306\" srcset=\"https:\/\/vapebulkp.com\/wp-content\/uploads\/2024\/04\/Mandy-WhatsApp-Randm.jpg 916w, https:\/\/vapebulkp.com\/wp-content\/uploads\/2024\/04\/Mandy-WhatsApp-Randm-282x300.jpg 282w, https:\/\/vapebulkp.com\/wp-content\/uploads\/2024\/04\/Mandy-WhatsApp-Randm-768x817.jpg 768w, https:\/\/vapebulkp.com\/wp-content\/uploads\/2024\/04\/Mandy-WhatsApp-Randm-600x638.jpg 600w\" sizes=\"(max-width: 288px) 100vw, 288px\" \/><\/p>\n<h2><span style=\"vertical-align: inherit\">Vous pourriez \u00eatre int\u00e9ress\u00e9 de savoir \u00e0 propos de la VAPE Jetable WASPE Digital Box 15000Puffs :<\/span><\/h2>\n<p>&nbsp;<\/p>\n<h6 class=\"style-scope ytd-watch-metadata\">1. Comment utiliser la Vape WASPE Digital box 15k Puffs ?<\/h6>\n<p>&nbsp;<\/p>\n<p>\u00c9tape 1. Avant d'utiliser la 15k puffs, d\u00e9branchez le tuyau en plastique.<\/p>\n<p>\u00c9tape 2. Attendez environ 3 minutes pour laisser le jus p\u00e9n\u00e9trer dans la r\u00e9sistance \u00e0 l'int\u00e9rieur.<\/p>\n<p>\u00c9tape 3. Profitez-en<\/p>\n<h6>2. Comment charger la meilleure vape jetable WASPE Digital Box 15000 puffs ?<\/h6>\n<p>Les chargeurs \u00e0 charge rapide ne peuvent pas \u00eatre utilis\u00e9s, et la puissance de s\u00e9curit\u00e9 standard des cigarettes \u00e9lectroniques jetables est de 5V 1A.<\/p>\n<p>Chaque temps de charge ne peut pas d\u00e9passer 1 heure, et le temps de charge s\u00fbr est d'une demi-heure.<\/p>\n<h6>3. Combien de bouff\u00e9es a la WASPE Digital Box 15k Puffs, une bonne vente de Vape ?<\/h6>\n<p>\u2014-12000 Bouff\u00e9es<\/p>\n<p><span style=\"color: #ff6600\">Avis : ne pas recharger toute la nuit !<\/span><\/p>\n<p>&nbsp;<\/p>\n<h3><strong><span style=\"vertical-align: inherit\">Sp\u00e9cification pour WASPE Digital box 15000Puffs :<\/span><br \/>\n<\/strong><\/h3>\n<blockquote><p>Batterie : 650 mAh (Type C)<br \/>\nCapacit\u00e9 : 22ml<br \/>\nR\u00e9sistance : maille de 0,8 ohm<br \/>\nVolume d'aspiration approximatif : 15000 puffs<br \/>\nTeneur en nicotine : 2 %, 5 %<br \/>\nMOQ : 100 pi\u00e8ces<\/p><\/blockquote>\n<h3><strong>\u00a0Liste des saveurs de l'appareil de Vape WASPE Digital Box 12000 Puff :<\/strong><\/h3>\n<blockquote><p>1. Past\u00e8que Glac\u00e9e<br \/>\n2. Gomme Myrtille Glace<br \/>\n3. Guimauve au raisin<br \/>\n4. Fraise Framboise Cerise<br \/>\n5. Baies M\u00e9lang\u00e9es<br \/>\n6. Fraise Past\u00e8que<br \/>\n7. Fraise Kiwi<br \/>\n8. Mangue P\u00eache Ananas<br \/>\n9. Jus Grenade Framboise<br \/>\n10. Pomme verte Past\u00e8que Glace<\/p><\/blockquote>\n<p><span style=\"vertical-align: inherit\">Trouvez plus de produits qui pourraient vous plaire\uff1a<\/span><em><a href=\"https:\/\/wa.me\/8618077105796\"><span style=\"vertical-align: inherit\">\u00a0Achetez-le maintenant<\/span><\/a><\/em><\/p>\n<p><span style=\"vertical-align: inherit\">Autres Puffs que vous pourriez aimer\uff1a<\/span><a href=\"https:\/\/vapebulkp.com\/fr\/produit\/good-sale-randm-tornado-10000-puffs-plus\/\"><span style=\"vertical-align: inherit\">RandM 10000 Bouff\u00e9es<\/span><\/a><span style=\"vertical-align: inherit\">\u3001 <\/span><a href=\"https:\/\/vapebulkp.com\/fr\/produit\/wholesale-randm-tornado-9000-puffs-germany\/\"><span style=\"vertical-align: inherit\">RandM Tornade 9000 Bouff\u00e9es<\/span><\/a><span style=\"vertical-align: inherit\">\/ <\/span><a href=\"https:\/\/vapebulkp.com\/fr\/produit\/utco-digital-box-12000-puffs-wholeasle-price-vape\/\"><span style=\"vertical-align: inherit\">UTCO Digital Box 12000 Bouff\u00e9es<\/span><\/a><span style=\"vertical-align: inherit\">\/ <\/span><a href=\"https:\/\/vapebulkp.com\/fr\/produit\/bang-king-12000puffs\/\"><span style=\"vertical-align: inherit\">Bang King 12000 Bouff\u00e9es<\/span><\/a><\/p>\n<p><span style=\"vertical-align: inherit\">Bouteille de cigarette \u00e9lectronique de forme sp\u00e9ciale :<\/span><a href=\"https:\/\/vapebulkp.com\/fr\/produit\/original-vape-bang-tn-12000-puffs-bang-vape\/\"><span style=\"vertical-align: inherit\">Bang TN 12000 bouff\u00e9es <\/span><\/a><span style=\"vertical-align: inherit\">\/ <\/span><a href=\"https:\/\/vapebulkp.com\/fr\/produit\/discount-price-bang-shisha-15k-puffs-jnr-shisha-disposable-vape\/\"><span style=\"vertical-align: inherit\">Bang shisha 15000 bouff\u00e9es <\/span><\/a><span style=\"vertical-align: inherit\">\/<\/span><a href=\"https:\/\/vapebulkp.com\/fr\/produit\/popular-vape-bang-king-15000-puffs-bang-vape\/\"><span style=\"vertical-align: inherit\">Bang King 15000 Bouff\u00e9es<\/span><\/a><\/p>\n<h4>D\u00e9tails d'exp\u00e9dition :<\/h4>\n<p><span style=\"color: #ff6600\">D\u00e9lai de production : 5-10 jours ouvrables<\/span><br \/>\n<span style=\"color: #ff6600\">D\u00e9lai de livraison : 8-14 jours ouvrables<\/span><\/p>\n<p>Tous les produits de notre boutique sont 100% originaux et authentiques, c'est pourquoi nous avons pour politique de rembourser dix fois le prix des produits contrefaits. Nous utilisons des canaux logistiques tels que UPS\/DHL\/FEDEX\/DPD pour vous livrer les marchandises.<\/p>\n<p>Pour les colis exp\u00e9di\u00e9s en France, il faut g\u00e9n\u00e9ralement 10 jours ouvrables pour qu'ils arrivent. L'exp\u00e9dition vers les pays europ\u00e9ens prend g\u00e9n\u00e9ralement de 12 \u00e0 15 jours ouvrables. Nous mettrons \u00e0 jour les informations logistiques pour vous en temps r\u00e9el.<\/p>","protected":false},"excerpt":{"rendered":"<p>Utiliser la cigarette \u00e9lectronique WASPE Digital Box 15k Puffs est un processus agr\u00e9able. Que vous vous d\u00e9tendiez \u00e0 la maison, que vous sortiez avec des amis ou que vous soyez en d\u00e9placement, cet appareil est votre compagnon pour une exp\u00e9rience de vapotage d\u00e9licieuse et satisfaisante. Am\u00e9liorez votre exp\u00e9rience de vapotage avec la WASPE Digital Box 15000 Puffs d\u00e8s aujourd'hui !<\/p>\n<p><img decoding=\"async\" class=\"alignnone wp-image-2151\" src=\"http:\/\/vapebulkp.com\/wp-content\/uploads\/2024\/04\/Mandy-WhatsApp-Randm.jpg\" alt=\"WhatsApp Mandy Randm\" width=\"276\" height=\"293\" srcset=\"https:\/\/vapebulkp.com\/wp-content\/uploads\/2024\/04\/Mandy-WhatsApp-Randm.jpg 916w, https:\/\/vapebulkp.com\/wp-content\/uploads\/2024\/04\/Mandy-WhatsApp-Randm-282x300.jpg 282w, https:\/\/vapebulkp.com\/wp-content\/uploads\/2024\/04\/Mandy-WhatsApp-Randm-768x817.jpg 768w, https:\/\/vapebulkp.com\/wp-content\/uploads\/2024\/04\/Mandy-WhatsApp-Randm-600x638.jpg 600w\" sizes=\"(max-width: 276px) 100vw, 276px\" \/><\/p>\n<p>Veuillez contacter le WhatsApp de Mandy pour un prix r\u00e9duit<a href=\"https:\/\/wa.me\/8618077105796\">+8618077105796<\/a><\/p>\n<p><span style=\"color: #ff0000\">REMARQUE : Les prix sur notre site web n'incluent pas les frais de port<\/span><\/p>","protected":false},"featured_media":2305,"comment_status":"open","ping_status":"closed","template":"","meta":{"_uag_custom_page_level_css":"","_lmt_disableupdate":"no","_lmt_disable":"","site-sidebar-layout":"default","site-content-layout":"content-boxed-container","ast-site-content-layout":"normal-width-container","site-content-style":"boxed","site-sidebar-style":"unboxed","ast-global-header-display":"","ast-banner-title-visibility":"","ast-main-header-display":"","ast-hfb-above-header-display":"","ast-hfb-below-header-display":"","ast-hfb-mobile-header-display":"","site-post-title":"","ast-breadcrumbs-content":"","ast-featured-img":"","footer-sml-layout":"","theme-transparent-header-meta":"default","adv-header-id-meta":"","stick-header-meta":"","header-above-stick-meta":"","header-main-stick-meta":"","header-below-stick-meta":"","astra-migrate-meta-layouts":"set","_joinchat":[]},"product_cat":[165,153,155,33,59,100,87,34,158,157,154,152,58,84,156,63,32,365],"product_tag":[77,36,37,41],"class_list":["post-2316","product","type-product","status-publish","has-post-thumbnail","hentry","product_cat-15000-puffs-disposable-vape","product_cat-hot-disposable-vapes","product_cat-belgium-hot-disposable-vapes","product_cat-france-vape-hot-sale","product_cat-germany-hot-disposable-vape","product_cat-germany-wholesale-vape-shop","product_cat-minimum-order-quantity-50pcs","product_cat-netherlands-vape-good-sale","product_cat-norway-hot-disposable-vapes","product_cat-poland-hot-disposable-vapes","product_cat-portugal-hot-disposable-vapes","product_cat-spain-hot-disposable-vapes","product_cat-sweden-hot-disposable-vape","product_cat-sweden-wholesale-vape","product_cat-switzerland-hot-disposable-vapes","product_cat-top-sale-disposable-vape","product_cat-vape-hot-sale-this-week","product_cat-waspe-vape","product_tag-15000-puffs","product_tag-good-vape","product_tag-hot-sale-disposable-vape","product_tag-poland-hot-vape","pa_brand-waspe-vape","desktop-align-left","tablet-align-left","mobile-align-left"],"yoast_head":"<!-- This site is optimized with the Yoast SEO plugin v21.1 - https:\/\/yoast.com\/wordpress\/plugins\/seo\/ -->\n<title>Discount Price WASPE Digital Box 15000 Puffs Disposable Vape - vapebulkp.com<\/title>\n<meta name=\"description\" content=\"WASPE Digital Box 15000 Puffs body e-cigarette is an enjoyable process. Whether you&#039;re relaxing at home, out with friends, or on the go, this device is your companion for delicious, satisfying vaping.\" \/>\n<meta name=\"robots\" content=\"index, follow, max-snippet:-1, max-image-preview:large, max-video-preview:-1\" \/>\n<link rel=\"canonical\" href=\"https:\/\/vapebulkp.com\/fr\/produit\/discount-price-waspe-digital-box-15000-puffs-disposable-vape\/\" \/>\n<meta property=\"og:locale\" content=\"fr_FR\" \/>\n<meta property=\"og:type\" content=\"article\" \/>\n<meta property=\"og:title\" content=\"Discount Price WASPE Digital Box 15000 Puffs Disposable Vape - vapebulkp.com\" \/>\n<meta property=\"og:description\" content=\"WASPE Digital Box 15000 Puffs body e-cigarette is an enjoyable process. Whether you&#039;re relaxing at home, out with friends, or on the go, this device is your companion for delicious, satisfying vaping.\" \/>\n<meta property=\"og:url\" content=\"https:\/\/vapebulkp.com\/fr\/produit\/discount-price-waspe-digital-box-15000-puffs-disposable-vape\/\" \/>\n<meta property=\"og:site_name\" content=\"vapebulkp.com\" \/>\n<meta property=\"article:modified_time\" content=\"2025-09-17T08:34:53+00:00\" \/>\n<meta property=\"og:image\" content=\"http:\/\/vapebulkp.com\/wp-content\/uploads\/2024\/04\/WASPE-15000-Puffs-Best-Sale-Vape-Box.png\" \/>\n\t<meta property=\"og:image:width\" content=\"1000\" \/>\n\t<meta property=\"og:image:height\" content=\"1000\" \/>\n\t<meta property=\"og:image:type\" content=\"image\/png\" \/>\n<meta name=\"twitter:card\" content=\"summary_large_image\" \/>\n<meta name=\"twitter:label1\" content=\"Dur\u00e9e de lecture estim\u00e9e\" \/>\n\t<meta name=\"twitter:data1\" content=\"3 minutes\" \/>\n<script type=\"application\/ld+json\" class=\"yoast-schema-graph\">{\"@context\":\"https:\/\/schema.org\",\"@graph\":[{\"@type\":\"WebPage\",\"@id\":\"https:\/\/vapebulkp.com\/product\/discount-price-waspe-digital-box-15000-puffs-disposable-vape\/\",\"url\":\"https:\/\/vapebulkp.com\/product\/discount-price-waspe-digital-box-15000-puffs-disposable-vape\/\",\"name\":\"Discount Price WASPE Digital Box 15000 Puffs Disposable Vape - vapebulkp.com\",\"isPartOf\":{\"@id\":\"https:\/\/vapebulkp.com\/#website\"},\"datePublished\":\"2024-04-25T03:53:26+00:00\",\"dateModified\":\"2025-09-17T08:34:53+00:00\",\"description\":\"WASPE Digital Box 15000 Puffs body e-cigarette is an enjoyable process. Whether you're relaxing at home, out with friends, or on the go, this device is your companion for delicious, satisfying vaping.\",\"breadcrumb\":{\"@id\":\"https:\/\/vapebulkp.com\/product\/discount-price-waspe-digital-box-15000-puffs-disposable-vape\/#breadcrumb\"},\"inLanguage\":\"fr-FR\",\"potentialAction\":[{\"@type\":\"ReadAction\",\"target\":[\"https:\/\/vapebulkp.com\/product\/discount-price-waspe-digital-box-15000-puffs-disposable-vape\/\"]}]},{\"@type\":\"BreadcrumbList\",\"@id\":\"https:\/\/vapebulkp.com\/product\/discount-price-waspe-digital-box-15000-puffs-disposable-vape\/#breadcrumb\",\"itemListElement\":[{\"@type\":\"ListItem\",\"position\":1,\"name\":\"Home\",\"item\":\"https:\/\/vapebulkp.com\/\"},{\"@type\":\"ListItem\",\"position\":2,\"name\":\"Hot Trend Vapes\",\"item\":\"https:\/\/vapebulkp.com\/vape-shop\/\"},{\"@type\":\"ListItem\",\"position\":3,\"name\":\"Discount Price WASPE Digital Box 15000 Puffs Disposable Vape\"}]},{\"@type\":\"WebSite\",\"@id\":\"https:\/\/vapebulkp.com\/#website\",\"url\":\"https:\/\/vapebulkp.com\/\",\"name\":\"vapebulkp.com\",\"description\":\"Buy Vape In Cheap Bulk Price Near you\",\"publisher\":{\"@id\":\"https:\/\/vapebulkp.com\/#organization\"},\"potentialAction\":[{\"@type\":\"SearchAction\",\"target\":{\"@type\":\"EntryPoint\",\"urlTemplate\":\"https:\/\/vapebulkp.com\/?s={search_term_string}\"},\"query-input\":\"required name=search_term_string\"}],\"inLanguage\":\"fr-FR\"},{\"@type\":\"Organization\",\"@id\":\"https:\/\/vapebulkp.com\/#organization\",\"name\":\"vapebulkp.com\",\"url\":\"https:\/\/vapebulkp.com\/\",\"logo\":{\"@type\":\"ImageObject\",\"inLanguage\":\"fr-FR\",\"@id\":\"https:\/\/vapebulkp.com\/#\/schema\/logo\/image\/\",\"url\":\"https:\/\/vapebulkp.com\/wp-content\/uploads\/2023\/09\/cropped-vapebulkp.png\",\"contentUrl\":\"https:\/\/vapebulkp.com\/wp-content\/uploads\/2023\/09\/cropped-vapebulkp.png\",\"width\":516,\"height\":163,\"caption\":\"vapebulkp.com\"},\"image\":{\"@id\":\"https:\/\/vapebulkp.com\/#\/schema\/logo\/image\/\"}}]}<\/script>\n<!-- \/ Yoast SEO plugin. -->","yoast_head_json":{"title":"Discount Price WASPE Digital Box 15000 Puffs Disposable Vape - vapebulkp.com","description":"WASPE Digital Box 15000 Puffs body e-cigarette is an enjoyable process. Whether you're relaxing at home, out with friends, or on the go, this device is your companion for delicious, satisfying vaping.","robots":{"index":"index","follow":"follow","max-snippet":"max-snippet:-1","max-image-preview":"max-image-preview:large","max-video-preview":"max-video-preview:-1"},"canonical":"https:\/\/vapebulkp.com\/fr\/produit\/discount-price-waspe-digital-box-15000-puffs-disposable-vape\/","og_locale":"fr_FR","og_type":"article","og_title":"Discount Price WASPE Digital Box 15000 Puffs Disposable Vape - vapebulkp.com","og_description":"WASPE Digital Box 15000 Puffs body e-cigarette is an enjoyable process. Whether you're relaxing at home, out with friends, or on the go, this device is your companion for delicious, satisfying vaping.","og_url":"https:\/\/vapebulkp.com\/fr\/produit\/discount-price-waspe-digital-box-15000-puffs-disposable-vape\/","og_site_name":"vapebulkp.com","article_modified_time":"2025-09-17T08:34:53+00:00","og_image":[{"width":1000,"height":1000,"url":"http:\/\/vapebulkp.com\/wp-content\/uploads\/2024\/04\/WASPE-15000-Puffs-Best-Sale-Vape-Box.png","type":"image\/png"}],"twitter_card":"summary_large_image","twitter_misc":{"Dur\u00e9e de lecture estim\u00e9e":"3 minutes"},"schema":{"@context":"https:\/\/schema.org","@graph":[{"@type":"WebPage","@id":"https:\/\/vapebulkp.com\/product\/discount-price-waspe-digital-box-15000-puffs-disposable-vape\/","url":"https:\/\/vapebulkp.com\/product\/discount-price-waspe-digital-box-15000-puffs-disposable-vape\/","name":"Discount Price WASPE Digital Box 15000 Puffs Disposable Vape - vapebulkp.com","isPartOf":{"@id":"https:\/\/vapebulkp.com\/#website"},"datePublished":"2024-04-25T03:53:26+00:00","dateModified":"2025-09-17T08:34:53+00:00","description":"WASPE Digital Box 15000 Puffs body e-cigarette is an enjoyable process. Whether you're relaxing at home, out with friends, or on the go, this device is your companion for delicious, satisfying vaping.","breadcrumb":{"@id":"https:\/\/vapebulkp.com\/product\/discount-price-waspe-digital-box-15000-puffs-disposable-vape\/#breadcrumb"},"inLanguage":"fr-FR","potentialAction":[{"@type":"ReadAction","target":["https:\/\/vapebulkp.com\/product\/discount-price-waspe-digital-box-15000-puffs-disposable-vape\/"]}]},{"@type":"BreadcrumbList","@id":"https:\/\/vapebulkp.com\/product\/discount-price-waspe-digital-box-15000-puffs-disposable-vape\/#breadcrumb","itemListElement":[{"@type":"ListItem","position":1,"name":"Home","item":"https:\/\/vapebulkp.com\/"},{"@type":"ListItem","position":2,"name":"Hot Trend Vapes","item":"https:\/\/vapebulkp.com\/vape-shop\/"},{"@type":"ListItem","position":3,"name":"Discount Price WASPE Digital Box 15000 Puffs Disposable Vape"}]},{"@type":"WebSite","@id":"https:\/\/vapebulkp.com\/#website","url":"https:\/\/vapebulkp.com\/","name":"vapebulkp.com","description":"Buy Vape In Cheap Bulk Price Near you","publisher":{"@id":"https:\/\/vapebulkp.com\/#organization"},"potentialAction":[{"@type":"SearchAction","target":{"@type":"EntryPoint","urlTemplate":"https:\/\/vapebulkp.com\/?s={search_term_string}"},"query-input":"required name=search_term_string"}],"inLanguage":"fr-FR"},{"@type":"Organization","@id":"https:\/\/vapebulkp.com\/#organization","name":"vapebulkp.com","url":"https:\/\/vapebulkp.com\/","logo":{"@type":"ImageObject","inLanguage":"fr-FR","@id":"https:\/\/vapebulkp.com\/#\/schema\/logo\/image\/","url":"https:\/\/vapebulkp.com\/wp-content\/uploads\/2023\/09\/cropped-vapebulkp.png","contentUrl":"https:\/\/vapebulkp.com\/wp-content\/uploads\/2023\/09\/cropped-vapebulkp.png","width":516,"height":163,"caption":"vapebulkp.com"},"image":{"@id":"https:\/\/vapebulkp.com\/#\/schema\/logo\/image\/"}}]}},"uagb_featured_image_src":{"full":["https:\/\/vapebulkp.com\/wp-content\/uploads\/2024\/04\/WASPE-15000-Puffs-Best-Sale-Vape-Box.png",1000,1000,false],"thumbnail":["https:\/\/vapebulkp.com\/wp-content\/uploads\/2024\/04\/WASPE-15000-Puffs-Best-Sale-Vape-Box-150x150.png",150,150,true],"medium":["https:\/\/vapebulkp.com\/wp-content\/uploads\/2024\/04\/WASPE-15000-Puffs-Best-Sale-Vape-Box-300x300.png",300,300,true],"medium_large":["https:\/\/vapebulkp.com\/wp-content\/uploads\/2024\/04\/WASPE-15000-Puffs-Best-Sale-Vape-Box-768x768.png",768,768,true],"large":["https:\/\/vapebulkp.com\/wp-content\/uploads\/2024\/04\/WASPE-15000-Puffs-Best-Sale-Vape-Box.png",1000,1000,false],"1536x1536":["https:\/\/vapebulkp.com\/wp-content\/uploads\/2024\/04\/WASPE-15000-Puffs-Best-Sale-Vape-Box.png",1000,1000,false],"2048x2048":["https:\/\/vapebulkp.com\/wp-content\/uploads\/2024\/04\/WASPE-15000-Puffs-Best-Sale-Vape-Box.png",1000,1000,false],"trp-custom-language-flag":["https:\/\/vapebulkp.com\/wp-content\/uploads\/2024\/04\/WASPE-15000-Puffs-Best-Sale-Vape-Box.png",12,12,false],"woocommerce_thumbnail":["https:\/\/vapebulkp.com\/wp-content\/uploads\/2024\/04\/WASPE-15000-Puffs-Best-Sale-Vape-Box-300x300.png",300,300,true],"woocommerce_single":["https:\/\/vapebulkp.com\/wp-content\/uploads\/2024\/04\/WASPE-15000-Puffs-Best-Sale-Vape-Box-600x600.png",600,600,true],"woocommerce_gallery_thumbnail":["https:\/\/vapebulkp.com\/wp-content\/uploads\/2024\/04\/WASPE-15000-Puffs-Best-Sale-Vape-Box-100x100.png",100,100,true],"wcpr-photo-reviews":["https:\/\/vapebulkp.com\/wp-content\/uploads\/2024\/04\/WASPE-15000-Puffs-Best-Sale-Vape-Box.png",500,500,false]},"uagb_author_info":{"display_name":"Mandy vape bulk price","author_link":"https:\/\/vapebulkp.com\/fr\/author\/"},"uagb_comment_info":1,"uagb_excerpt":"Using WASPE Digital Box 15k Puffs\u00a0 e-cigarette is an enjoyable process. Whether you're relaxing at home, out with friends, or on the go, this device is your companion for delicious, satisfying vaping. Upgrade your vaping experience with WASPE Digital Box 15000 Puffs today! Pls Contact Mandy's WhatsApp For Discount Price+8618077105796 NOTE: Prices on our website\u2026","_links":{"self":[{"href":"https:\/\/vapebulkp.com\/fr\/wp-json\/wp\/v2\/product\/2316","targetHints":{"allow":["GET"]}}],"collection":[{"href":"https:\/\/vapebulkp.com\/fr\/wp-json\/wp\/v2\/product"}],"about":[{"href":"https:\/\/vapebulkp.com\/fr\/wp-json\/wp\/v2\/types\/product"}],"replies":[{"embeddable":true,"href":"https:\/\/vapebulkp.com\/fr\/wp-json\/wp\/v2\/comments?post=2316"}],"wp:featuredmedia":[{"embeddable":true,"href":"https:\/\/vapebulkp.com\/fr\/wp-json\/wp\/v2\/media\/2305"}],"wp:attachment":[{"href":"https:\/\/vapebulkp.com\/fr\/wp-json\/wp\/v2\/media?parent=2316"}],"wp:term":[{"taxonomy":"product_cat","embeddable":true,"href":"https:\/\/vapebulkp.com\/fr\/wp-json\/wp\/v2\/product_cat?post=2316"},{"taxonomy":"product_tag","embeddable":true,"href":"https:\/\/vapebulkp.com\/fr\/wp-json\/wp\/v2\/product_tag?post=2316"}],"curies":[{"name":"wp","href":"https:\/\/api.w.org\/{rel}","templated":true}]}}