{"id":2400,"date":"2024-04-29T05:41:48","date_gmt":"2024-04-29T03:41:48","guid":{"rendered":"https:\/\/vapebulkp.com\/?post_type=product&#038;p=2400"},"modified":"2025-09-02T05:18:30","modified_gmt":"2025-09-02T03:18:30","slug":"fluumbox-digital-box-15k-puffs-rechargeable-vape-geek-bar","status":"publish","type":"product","link":"https:\/\/vapebulkp.com\/fr\/product\/fluumbox-digital-box-15k-puffs-rechargeable-vape-geek-bar\/","title":{"rendered":"FLUUMBOX Bo\u00eete Digitale 15K Bouff\u00e9es Vape Rechargeable GEEK BAR"},"content":{"rendered":"<h2>FLUUMBOX Bo\u00eete Digitale 15K Bouff\u00e9es Vape Rechargeable GEEK BAR<\/h2>\n<p>&nbsp;<\/p>\n<p data-start=\"179\" data-end=\"552\">Le FLUUMBOX Bo\u00eetier Num\u00e9rique 15K Bouff\u00e9es Vape Rechargeable est un <strong data-start=\"249\" data-end=\"281\">\u00a0bo\u00eetier de vape<\/strong>\u00a0con\u00e7u pour les amateurs de vape fran\u00e7ais recherchant commodit\u00e9, performance et style. Sa capacit\u00e9 de 25 ml d'e-liquide et ses options de sel de nicotine 2% ou 5% garantissent une saveur riche et une sensation en gorge satisfaisante \u00e0 chaque bouff\u00e9e, ce qui en fait un choix de premier ordre pour les fans de <strong data-start=\"527\" data-end=\"549\">vapeur de sel de nicotine<\/strong>.<\/p>\n<p data-start=\"554\" data-end=\"868\">\u00c9quip\u00e9 d'une batterie rechargeable de 650 mAh et d'un chargement USB Type-C, cet appareil offre de longues <strong data-start=\"642\" data-end=\"663\">vape longue dur\u00e9e<\/strong> sessions sans interruption. Le syst\u00e8me activ\u00e9 par tirage offre des bouff\u00e9es douces et constantes, tandis que sa conception compacte et de poche en fait un <strong data-start=\"817\" data-end=\"841\">appareil de vape portable<\/strong> id\u00e9al pour une utilisation quotidienne ou en voyage.<\/p>\n<p data-start=\"870\" data-end=\"1195\">Parfait pour les commandes en gros, le <strong data-start=\"899\" data-end=\"951\">FLUUMBOX Bo\u00eetier Num\u00e9rique <a href=\"https:\/\/vapebulkp.com\/fr\/product-category\/15000-puffs-disposable-vape\/\">Vape jetable 15000 bouff\u00e9es<\/a><\/strong> r\u00e9pond aux besoins des d\u00e9taillants \u00e0 la recherche d'une <strong data-start=\"1006\" data-end=\"1027\">r\u00e9pond \u00e0 diff\u00e9rentes pr\u00e9f\u00e9rences et constitue une excellente option pour les acheteurs en gros. Avec une livraison rapide dans toute l'Europe, c'est un choix de premier ordre pour les<\/strong> option rentable. Avec jusqu'\u00e0 15 000 bouff\u00e9es par appareil, il combine commodit\u00e9, haute performance et vari\u00e9t\u00e9, ce qui en fait un choix exceptionnel pour les vapoteurs occasionnels et d\u00e9di\u00e9s.<\/p>\n<h6 style=\"text-align: left\"><img decoding=\"async\" class=\"alignnone wp-image-2360\" src=\"http:\/\/vapebulkp.com\/wp-content\/uploads\/2024\/04\/Raz-box-15000-Vape-Wholesale-Discount-scaled.jpg\" alt=\"Raz box 15000 Vape Remise en Gros\" width=\"1056\" height=\"783\" srcset=\"https:\/\/vapebulkp.com\/wp-content\/uploads\/2024\/04\/Raz-box-15000-Vape-Wholesale-Discount-scaled.jpg 2560w, https:\/\/vapebulkp.com\/wp-content\/uploads\/2024\/04\/Raz-box-15000-Vape-Wholesale-Discount-300x222.jpg 300w, https:\/\/vapebulkp.com\/wp-content\/uploads\/2024\/04\/Raz-box-15000-Vape-Wholesale-Discount-1024x759.jpg 1024w, https:\/\/vapebulkp.com\/wp-content\/uploads\/2024\/04\/Raz-box-15000-Vape-Wholesale-Discount-768x569.jpg 768w, https:\/\/vapebulkp.com\/wp-content\/uploads\/2024\/04\/Raz-box-15000-Vape-Wholesale-Discount-1536x1139.jpg 1536w, https:\/\/vapebulkp.com\/wp-content\/uploads\/2024\/04\/Raz-box-15000-Vape-Wholesale-Discount-2048x1518.jpg 2048w, https:\/\/vapebulkp.com\/wp-content\/uploads\/2024\/04\/Raz-box-15000-Vape-Wholesale-Discount-600x445.jpg 600w\" sizes=\"(max-width: 1056px) 100vw, 1056px\" \/><\/h6>\n<p>&nbsp;<\/p>\n<h6>Veuillez contacter le WhatsApp de Mandy pour un prix r\u00e9duit<a href=\"https:\/\/wa.me\/8618077105796\">+8618077105796<\/a><\/h6>\n<p><img decoding=\"async\" class=\"alignnone wp-image-2151\" src=\"http:\/\/vapebulkp.com\/wp-content\/uploads\/2024\/04\/Mandy-WhatsApp-Randm.jpg\" alt=\"WhatsApp Mandy Randm\" width=\"340\" height=\"361\" srcset=\"https:\/\/vapebulkp.com\/wp-content\/uploads\/2024\/04\/Mandy-WhatsApp-Randm.jpg 916w, https:\/\/vapebulkp.com\/wp-content\/uploads\/2024\/04\/Mandy-WhatsApp-Randm-282x300.jpg 282w, https:\/\/vapebulkp.com\/wp-content\/uploads\/2024\/04\/Mandy-WhatsApp-Randm-768x817.jpg 768w, https:\/\/vapebulkp.com\/wp-content\/uploads\/2024\/04\/Mandy-WhatsApp-Randm-600x638.jpg 600w\" sizes=\"(max-width: 340px) 100vw, 340px\" \/><\/p>\n<h2><span style=\"vertical-align: inherit\">Nous avons pens\u00e9 que vous aimeriez en savoir plus sur le bo\u00eetier num\u00e9rique FLUUM BOX 15000 Bouff\u00e9es Vape Jetable Vape Original :<\/span><\/h2>\n<p>&nbsp;<\/p>\n<h6 class=\"style-scope ytd-watch-metadata\">1.Comment utiliser le bo\u00eetier num\u00e9rique FLUUM BOX 15K Bouff\u00e9es Vape Box RAZZ BAR ?<\/h6>\n<p>&nbsp;<\/p>\n<p>\u00c9tape 1. Avant d'utiliser la 15k puffs, d\u00e9branchez le tuyau en plastique.<\/p>\n<p>\u00c9tape 2. Attendez environ 3 minutes pour laisser le jus p\u00e9n\u00e9trer dans la r\u00e9sistance \u00e0 l'int\u00e9rieur.<\/p>\n<p>\u00c9tape 3. Profitez-en<\/p>\n<h6>2.Comment charger la vape jetable FLUUM BOX Bo\u00eetier num\u00e9rique 15000 Bouff\u00e9es ?<\/h6>\n<p>Les chargeurs \u00e0 charge rapide ne peuvent pas \u00eatre utilis\u00e9s, et la puissance de s\u00e9curit\u00e9 standard des cigarettes \u00e9lectroniques jetables est de 5V 1A.<\/p>\n<p>Chaque temps de charge ne peut pas d\u00e9passer 1 heure, et le temps de charge s\u00fbr est d'une demi-heure.<\/p>\n<h6>3.Combien de bouff\u00e9es la vape jetable FLUUM BOX Bo\u00eetier num\u00e9rique 15000 bouff\u00e9es a-t-elle ?<\/h6>\n<p>\u2014-15000 Bouff\u00e9es<\/p>\n<p><span style=\"color: #ff6600\">Avis : ne pas recharger toute la nuit !<\/span><\/p>\n<p>&nbsp;<\/p>\n<h3><strong><span style=\"vertical-align: inherit\">Sp\u00e9cifications pour FLUUM BOX Bo\u00eetier num\u00e9rique 15k Bouff\u00e9es :<\/span><br \/>\n<\/strong><\/h3>\n<ul>\n<li>Batterie : 650 mAh (Type C)<\/li>\n<li>Capacit\u00e9 : 25 ml<\/li>\n<li>Volume d'aspiration approximatif : 15000 puffs<\/li>\n<li>Teneur en nicotine : 2 %, 5 %<\/li>\n<li>MOQ : 100 pi\u00e8ces<\/li>\n<li class=\"text-body font-regular text-gray-800 leading-[24px] my-[5px] [&amp;&gt;ol]:!pt-0 [&amp;&gt;ol]:!pb-0 [&amp;&gt;ul]:!pt-0 [&amp;&gt;ul]:!pb-0\" value=\"5\"><strong><strong class=\"font-bold\">R\u00e9sistance<\/strong><\/strong>: Id\u00e9al 1,1 ohm pour une frappe parfaite \u00e0 chaque fois<\/li>\n<li value=\"5\">R\u00e9sistance : 1,1 ohm<\/li>\n<\/ul>\n<h3><strong>\u00a0Liste des saveurs de la bo\u00eete num\u00e9rique FLUUM BOX 15000 bouff\u00e9es \u00e0 prix r\u00e9duit :<\/strong><\/h3>\n<p>1 fraise past\u00e8que<br \/>\n2 fraise mangue<br \/>\n3 triple baie<br \/>\n4 past\u00e8que glac\u00e9e<br \/>\n5 Mangue P\u00eache<br \/>\n6 myrtille framboise<br \/>\n7 p\u00eache glac\u00e9e<br \/>\n8 myrtille glac\u00e9e<br \/>\n9 pomme sure<br \/>\n10 fraise kiwi<br \/>\n11 Kiwi fruit de la passion goyave<br \/>\n12 raisin glac\u00e9<\/p>\n<p><a href=\"https:\/\/vapebulkp.com\/fr\/product\/popular-randm-tornado-7000puffs-disposable-vape-best-price\/\">https:\/\/vapebulkp.com\/product\/popular-randm-tornado-7000puffs-disposable-vape-best-price\/<\/a><\/p>\n<p><span style=\"vertical-align: inherit\">Trouvez plus de produits qui pourraient vous plaire\uff1a<\/span><em><a href=\"https:\/\/wa.me\/8618077105796\"><span style=\"vertical-align: inherit\">\u00a0Achetez-le maintenant<\/span><\/a><\/em><\/p>\n<p><span style=\"vertical-align: inherit\">Autres Puffs que vous pourriez aimer\uff1a<\/span><a href=\"https:\/\/vapebulkp.com\/fr\/product\/good-sale-randm-tornado-10000-puffs-plus\/\"><span style=\"vertical-align: inherit\">RandM 10000 Bouff\u00e9es<\/span><\/a><span style=\"vertical-align: inherit\">\u3001 <\/span><a href=\"https:\/\/vapebulkp.com\/fr\/product\/wholesale-randm-tornado-9000-puffs-germany\/\"><span style=\"vertical-align: inherit\">RandM Tornade 9000 Bouff\u00e9es<\/span><\/a><span style=\"vertical-align: inherit\">\/ <\/span><a href=\"https:\/\/vapebulkp.com\/fr\/product\/popular-bang-king-10000-puffs-vape-good-price\/\"><span style=\"vertical-align: inherit\">Bang King 10000 Bouff\u00e9es<\/span><\/a><span style=\"vertical-align: inherit\">\/ <\/span><a href=\"https:\/\/vapebulkp.com\/fr\/product\/bang-with-a-vape-18000-puffs-crown-bar-hot-vape\/\"><span style=\"vertical-align: inherit\">Bang King 18000 bouff\u00e9es<\/span><\/a><\/p>\n<p><span style=\"vertical-align: inherit\">Bouteille de cigarette \u00e9lectronique de forme sp\u00e9ciale :<\/span><a href=\"https:\/\/vapebulkp.com\/fr\/product\/popular-kulx-10000puffs-disposable-vape-good-price\/\"><span style=\"vertical-align: inherit\">Kulx vape 10000 bouff\u00e9es <\/span><\/a><span style=\"vertical-align: inherit\">\/ <\/span><a href=\"https:\/\/vapebulkp.com\/fr\/product\/bang-20000-puffs-hot-vape-top-sale-vape\/\"><span style=\"vertical-align: inherit\">Bang 20000 bouff\u00e9es <\/span><\/a><span style=\"vertical-align: inherit\">\/<\/span><a href=\"https:\/\/vapebulkp.com\/fr\/product\/popular-vape-bang-king-15000-puffs-bang-vape\/\"><span style=\"vertical-align: inherit\">Bang King 15000 Bouff\u00e9es<\/span><\/a><\/p>\n<h4>D\u00e9tails d'exp\u00e9dition :<\/h4>\n<p><span style=\"color: #ff6600\">D\u00e9lai de production : 5-10 jours ouvrables<\/span><br \/>\n<span style=\"color: #ff6600\">D\u00e9lai de livraison : 8-14 jours ouvrables<\/span><\/p>\n<p>Tous les produits de notre boutique sont 100% originaux et authentiques, c'est pourquoi nous avons pour politique de rembourser dix fois le prix des produits contrefaits. Nous utilisons des canaux logistiques tels que UPS\/DHL\/FEDEX\/DPD pour vous livrer les marchandises.<\/p>\n<p>Pour les colis exp\u00e9di\u00e9s en France, il faut g\u00e9n\u00e9ralement 10 jours ouvrables pour qu'ils arrivent. L'exp\u00e9dition vers les pays europ\u00e9ens prend g\u00e9n\u00e9ralement de 12 \u00e0 15 jours ouvrables. Nous mettrons \u00e0 jour les informations logistiques pour vous en temps r\u00e9el.<\/p>","protected":false},"excerpt":{"rendered":"<p>FLUUM Bo\u00eetier Num\u00e9rique 15K Bouff\u00e9es Vape Rechargeable<\/p>\n<p><img decoding=\"async\" class=\"alignnone wp-image-2151\" src=\"http:\/\/vapebulkp.com\/wp-content\/uploads\/2024\/04\/Mandy-WhatsApp-Randm.jpg\" alt=\"WhatsApp Mandy Randm\" width=\"274\" height=\"291\" srcset=\"https:\/\/vapebulkp.com\/wp-content\/uploads\/2024\/04\/Mandy-WhatsApp-Randm.jpg 916w, https:\/\/vapebulkp.com\/wp-content\/uploads\/2024\/04\/Mandy-WhatsApp-Randm-282x300.jpg 282w, https:\/\/vapebulkp.com\/wp-content\/uploads\/2024\/04\/Mandy-WhatsApp-Randm-768x817.jpg 768w, https:\/\/vapebulkp.com\/wp-content\/uploads\/2024\/04\/Mandy-WhatsApp-Randm-600x638.jpg 600w\" sizes=\"(max-width: 274px) 100vw, 274px\" \/><\/p>\n<p>Veuillez contacter le WhatsApp de Mandy pour un prix r\u00e9duit<a href=\"https:\/\/wa.me\/8618077105796\">+8618077105796<\/a><\/p>\n<p><span style=\"color: #ff0000\">REMARQUE : Les prix sur notre site web n'incluent pas les frais de port<\/span><\/p>","protected":false},"featured_media":2346,"comment_status":"open","ping_status":"closed","template":"","meta":{"_uag_custom_page_level_css":"","_lmt_disableupdate":"no","_lmt_disable":"","site-sidebar-layout":"default","site-content-layout":"content-boxed-container","ast-site-content-layout":"normal-width-container","site-content-style":"boxed","site-sidebar-style":"unboxed","ast-global-header-display":"","ast-banner-title-visibility":"","ast-main-header-display":"","ast-hfb-above-header-display":"","ast-hfb-below-header-display":"","ast-hfb-mobile-header-display":"","site-post-title":"","ast-breadcrumbs-content":"","ast-featured-img":"","footer-sml-layout":"","theme-transparent-header-meta":"default","adv-header-id-meta":"","stick-header-meta":"","header-above-stick-meta":"","header-main-stick-meta":"","header-below-stick-meta":"","astra-migrate-meta-layouts":"set","_joinchat":[]},"product_cat":[165,153,155,33,59,100,87,34,158,157,154,152,58,84,156,32],"product_tag":[77,36,37,41,71,40],"class_list":["post-2400","product","type-product","status-publish","has-post-thumbnail","hentry","product_cat-15000-puffs-disposable-vape","product_cat-hot-disposable-vapes","product_cat-belgium-hot-disposable-vapes","product_cat-france-vape-hot-sale","product_cat-germany-hot-disposable-vape","product_cat-germany-wholesale-vape-shop","product_cat-minimum-order-quantity-50pcs","product_cat-netherlands-vape-good-sale","product_cat-norway-hot-disposable-vapes","product_cat-poland-hot-disposable-vapes","product_cat-portugal-hot-disposable-vapes","product_cat-spain-hot-disposable-vapes","product_cat-sweden-hot-disposable-vape","product_cat-sweden-wholesale-vape","product_cat-switzerland-hot-disposable-vapes","product_cat-vape-hot-sale-this-week","product_tag-15000-puffs","product_tag-good-vape","product_tag-hot-sale-disposable-vape","product_tag-poland-hot-vape","product_tag-randm","product_tag-sweden-hot-vape","desktop-align-left","tablet-align-left","mobile-align-left"],"yoast_head":"<!-- This site is optimized with the Yoast SEO plugin v21.1 - https:\/\/yoast.com\/wordpress\/plugins\/seo\/ -->\n<title>FLUUMBOX Digital Box 15K Puffs Rechargeable Vape GEEK BAR - vapebulkp.com<\/title>\n<meta name=\"description\" content=\"Premium FLUUMBOX Digital Box 15000 Puffs Disposable Vape with 650mAh rechargeable battery, 2\u20135% nicotine salt options, and USB Type-C charging. Long-lasting, portable rechargeable disposable vape.\" \/>\n<meta name=\"robots\" content=\"index, follow, max-snippet:-1, max-image-preview:large, max-video-preview:-1\" \/>\n<link rel=\"canonical\" href=\"https:\/\/vapebulkp.com\/fr\/product\/fluumbox-digital-box-15k-puffs-rechargeable-vape-geek-bar\/\" \/>\n<meta property=\"og:locale\" content=\"fr_FR\" \/>\n<meta property=\"og:type\" content=\"article\" \/>\n<meta property=\"og:title\" content=\"FLUUMBOX Digital Box 15K Puffs Rechargeable Vape GEEK BAR - vapebulkp.com\" \/>\n<meta property=\"og:description\" content=\"Premium FLUUMBOX Digital Box 15000 Puffs Disposable Vape with 650mAh rechargeable battery, 2\u20135% nicotine salt options, and USB Type-C charging. Long-lasting, portable rechargeable disposable vape.\" \/>\n<meta property=\"og:url\" content=\"https:\/\/vapebulkp.com\/fr\/product\/fluumbox-digital-box-15k-puffs-rechargeable-vape-geek-bar\/\" \/>\n<meta property=\"og:site_name\" content=\"vapebulkp.com\" \/>\n<meta property=\"article:modified_time\" content=\"2025-09-02T03:18:30+00:00\" \/>\n<meta property=\"og:image\" content=\"http:\/\/vapebulkp.com\/wp-content\/uploads\/2024\/04\/Fluum-box-15k-Puffs-Wholesale-Discount.png\" \/>\n\t<meta property=\"og:image:width\" content=\"518\" \/>\n\t<meta property=\"og:image:height\" content=\"711\" \/>\n\t<meta property=\"og:image:type\" content=\"image\/png\" \/>\n<meta name=\"twitter:card\" content=\"summary_large_image\" \/>\n<meta name=\"twitter:label1\" content=\"Dur\u00e9e de lecture estim\u00e9e\" \/>\n\t<meta name=\"twitter:data1\" content=\"3 minutes\" \/>\n<script type=\"application\/ld+json\" class=\"yoast-schema-graph\">{\"@context\":\"https:\/\/schema.org\",\"@graph\":[{\"@type\":\"WebPage\",\"@id\":\"https:\/\/vapebulkp.com\/product\/fluumbox-digital-box-15k-puffs-rechargeable-vape-geek-bar\/\",\"url\":\"https:\/\/vapebulkp.com\/product\/fluumbox-digital-box-15k-puffs-rechargeable-vape-geek-bar\/\",\"name\":\"FLUUMBOX Digital Box 15K Puffs Rechargeable Vape GEEK BAR - vapebulkp.com\",\"isPartOf\":{\"@id\":\"https:\/\/vapebulkp.com\/#website\"},\"datePublished\":\"2024-04-29T03:41:48+00:00\",\"dateModified\":\"2025-09-02T03:18:30+00:00\",\"description\":\"Premium FLUUMBOX Digital Box 15000 Puffs Disposable Vape with 650mAh rechargeable battery, 2\u20135% nicotine salt options, and USB Type-C charging. Long-lasting, portable rechargeable disposable vape.\",\"breadcrumb\":{\"@id\":\"https:\/\/vapebulkp.com\/product\/fluumbox-digital-box-15k-puffs-rechargeable-vape-geek-bar\/#breadcrumb\"},\"inLanguage\":\"fr-FR\",\"potentialAction\":[{\"@type\":\"ReadAction\",\"target\":[\"https:\/\/vapebulkp.com\/product\/fluumbox-digital-box-15k-puffs-rechargeable-vape-geek-bar\/\"]}]},{\"@type\":\"BreadcrumbList\",\"@id\":\"https:\/\/vapebulkp.com\/product\/fluumbox-digital-box-15k-puffs-rechargeable-vape-geek-bar\/#breadcrumb\",\"itemListElement\":[{\"@type\":\"ListItem\",\"position\":1,\"name\":\"Home\",\"item\":\"https:\/\/vapebulkp.com\/\"},{\"@type\":\"ListItem\",\"position\":2,\"name\":\"Hot Trend Vapes\",\"item\":\"https:\/\/vapebulkp.com\/vape-shop\/\"},{\"@type\":\"ListItem\",\"position\":3,\"name\":\"FLUUMBOX Digital Box 15K Puffs Rechargeable Vape GEEK BAR\"}]},{\"@type\":\"WebSite\",\"@id\":\"https:\/\/vapebulkp.com\/#website\",\"url\":\"https:\/\/vapebulkp.com\/\",\"name\":\"vapebulkp.com\",\"description\":\"Buy Vape In Cheap Bulk Price Near you\",\"publisher\":{\"@id\":\"https:\/\/vapebulkp.com\/#organization\"},\"potentialAction\":[{\"@type\":\"SearchAction\",\"target\":{\"@type\":\"EntryPoint\",\"urlTemplate\":\"https:\/\/vapebulkp.com\/?s={search_term_string}\"},\"query-input\":\"required name=search_term_string\"}],\"inLanguage\":\"fr-FR\"},{\"@type\":\"Organization\",\"@id\":\"https:\/\/vapebulkp.com\/#organization\",\"name\":\"vapebulkp.com\",\"url\":\"https:\/\/vapebulkp.com\/\",\"logo\":{\"@type\":\"ImageObject\",\"inLanguage\":\"fr-FR\",\"@id\":\"https:\/\/vapebulkp.com\/#\/schema\/logo\/image\/\",\"url\":\"https:\/\/vapebulkp.com\/wp-content\/uploads\/2023\/09\/cropped-vapebulkp.png\",\"contentUrl\":\"https:\/\/vapebulkp.com\/wp-content\/uploads\/2023\/09\/cropped-vapebulkp.png\",\"width\":516,\"height\":163,\"caption\":\"vapebulkp.com\"},\"image\":{\"@id\":\"https:\/\/vapebulkp.com\/#\/schema\/logo\/image\/\"}}]}<\/script>\n<!-- \/ Yoast SEO plugin. -->","yoast_head_json":{"title":"FLUUMBOX Digital Box 15K Puffs Rechargeable Vape GEEK BAR - vapebulkp.com","description":"Premium FLUUMBOX Digital Box 15000 Puffs Disposable Vape with 650mAh rechargeable battery, 2\u20135% nicotine salt options, and USB Type-C charging. Long-lasting, portable rechargeable disposable vape.","robots":{"index":"index","follow":"follow","max-snippet":"max-snippet:-1","max-image-preview":"max-image-preview:large","max-video-preview":"max-video-preview:-1"},"canonical":"https:\/\/vapebulkp.com\/fr\/product\/fluumbox-digital-box-15k-puffs-rechargeable-vape-geek-bar\/","og_locale":"fr_FR","og_type":"article","og_title":"FLUUMBOX Digital Box 15K Puffs Rechargeable Vape GEEK BAR - vapebulkp.com","og_description":"Premium FLUUMBOX Digital Box 15000 Puffs Disposable Vape with 650mAh rechargeable battery, 2\u20135% nicotine salt options, and USB Type-C charging. Long-lasting, portable rechargeable disposable vape.","og_url":"https:\/\/vapebulkp.com\/fr\/product\/fluumbox-digital-box-15k-puffs-rechargeable-vape-geek-bar\/","og_site_name":"vapebulkp.com","article_modified_time":"2025-09-02T03:18:30+00:00","og_image":[{"width":518,"height":711,"url":"http:\/\/vapebulkp.com\/wp-content\/uploads\/2024\/04\/Fluum-box-15k-Puffs-Wholesale-Discount.png","type":"image\/png"}],"twitter_card":"summary_large_image","twitter_misc":{"Dur\u00e9e de lecture estim\u00e9e":"3 minutes"},"schema":{"@context":"https:\/\/schema.org","@graph":[{"@type":"WebPage","@id":"https:\/\/vapebulkp.com\/product\/fluumbox-digital-box-15k-puffs-rechargeable-vape-geek-bar\/","url":"https:\/\/vapebulkp.com\/product\/fluumbox-digital-box-15k-puffs-rechargeable-vape-geek-bar\/","name":"FLUUMBOX Digital Box 15K Puffs Rechargeable Vape GEEK BAR - vapebulkp.com","isPartOf":{"@id":"https:\/\/vapebulkp.com\/#website"},"datePublished":"2024-04-29T03:41:48+00:00","dateModified":"2025-09-02T03:18:30+00:00","description":"Premium FLUUMBOX Digital Box 15000 Puffs Disposable Vape with 650mAh rechargeable battery, 2\u20135% nicotine salt options, and USB Type-C charging. Long-lasting, portable rechargeable disposable vape.","breadcrumb":{"@id":"https:\/\/vapebulkp.com\/product\/fluumbox-digital-box-15k-puffs-rechargeable-vape-geek-bar\/#breadcrumb"},"inLanguage":"fr-FR","potentialAction":[{"@type":"ReadAction","target":["https:\/\/vapebulkp.com\/product\/fluumbox-digital-box-15k-puffs-rechargeable-vape-geek-bar\/"]}]},{"@type":"BreadcrumbList","@id":"https:\/\/vapebulkp.com\/product\/fluumbox-digital-box-15k-puffs-rechargeable-vape-geek-bar\/#breadcrumb","itemListElement":[{"@type":"ListItem","position":1,"name":"Home","item":"https:\/\/vapebulkp.com\/"},{"@type":"ListItem","position":2,"name":"Hot Trend Vapes","item":"https:\/\/vapebulkp.com\/vape-shop\/"},{"@type":"ListItem","position":3,"name":"FLUUMBOX Digital Box 15K Puffs Rechargeable Vape GEEK BAR"}]},{"@type":"WebSite","@id":"https:\/\/vapebulkp.com\/#website","url":"https:\/\/vapebulkp.com\/","name":"vapebulkp.com","description":"Buy Vape In Cheap Bulk Price Near you","publisher":{"@id":"https:\/\/vapebulkp.com\/#organization"},"potentialAction":[{"@type":"SearchAction","target":{"@type":"EntryPoint","urlTemplate":"https:\/\/vapebulkp.com\/?s={search_term_string}"},"query-input":"required name=search_term_string"}],"inLanguage":"fr-FR"},{"@type":"Organization","@id":"https:\/\/vapebulkp.com\/#organization","name":"vapebulkp.com","url":"https:\/\/vapebulkp.com\/","logo":{"@type":"ImageObject","inLanguage":"fr-FR","@id":"https:\/\/vapebulkp.com\/#\/schema\/logo\/image\/","url":"https:\/\/vapebulkp.com\/wp-content\/uploads\/2023\/09\/cropped-vapebulkp.png","contentUrl":"https:\/\/vapebulkp.com\/wp-content\/uploads\/2023\/09\/cropped-vapebulkp.png","width":516,"height":163,"caption":"vapebulkp.com"},"image":{"@id":"https:\/\/vapebulkp.com\/#\/schema\/logo\/image\/"}}]}},"uagb_featured_image_src":{"full":["https:\/\/vapebulkp.com\/wp-content\/uploads\/2024\/04\/Fluum-box-15k-Puffs-Wholesale-Discount.png",518,711,false],"thumbnail":["https:\/\/vapebulkp.com\/wp-content\/uploads\/2024\/04\/Fluum-box-15k-Puffs-Wholesale-Discount-150x150.png",150,150,true],"medium":["https:\/\/vapebulkp.com\/wp-content\/uploads\/2024\/04\/Fluum-box-15k-Puffs-Wholesale-Discount-219x300.png",219,300,true],"medium_large":["https:\/\/vapebulkp.com\/wp-content\/uploads\/2024\/04\/Fluum-box-15k-Puffs-Wholesale-Discount.png",518,711,false],"large":["https:\/\/vapebulkp.com\/wp-content\/uploads\/2024\/04\/Fluum-box-15k-Puffs-Wholesale-Discount.png",518,711,false],"1536x1536":["https:\/\/vapebulkp.com\/wp-content\/uploads\/2024\/04\/Fluum-box-15k-Puffs-Wholesale-Discount.png",518,711,false],"2048x2048":["https:\/\/vapebulkp.com\/wp-content\/uploads\/2024\/04\/Fluum-box-15k-Puffs-Wholesale-Discount.png",518,711,false],"trp-custom-language-flag":["https:\/\/vapebulkp.com\/wp-content\/uploads\/2024\/04\/Fluum-box-15k-Puffs-Wholesale-Discount.png",9,12,false],"woocommerce_thumbnail":["https:\/\/vapebulkp.com\/wp-content\/uploads\/2024\/04\/Fluum-box-15k-Puffs-Wholesale-Discount-300x300.png",300,300,true],"woocommerce_single":["https:\/\/vapebulkp.com\/wp-content\/uploads\/2024\/04\/Fluum-box-15k-Puffs-Wholesale-Discount.png",518,711,false],"woocommerce_gallery_thumbnail":["https:\/\/vapebulkp.com\/wp-content\/uploads\/2024\/04\/Fluum-box-15k-Puffs-Wholesale-Discount-100x100.png",100,100,true],"wcpr-photo-reviews":["https:\/\/vapebulkp.com\/wp-content\/uploads\/2024\/04\/Fluum-box-15k-Puffs-Wholesale-Discount.png",364,500,false]},"uagb_author_info":{"display_name":"Mandy vape bulk price","author_link":"https:\/\/vapebulkp.com\/fr\/author\/"},"uagb_comment_info":0,"uagb_excerpt":"FLUUM Digital Box 15K Puffs Rechargeable Vape Pls Contact Mandy's WhatsApp For Discount Price+8618077105796 NOTE: Prices on our website does not include shipping costs","_links":{"self":[{"href":"https:\/\/vapebulkp.com\/fr\/wp-json\/wp\/v2\/product\/2400","targetHints":{"allow":["GET"]}}],"collection":[{"href":"https:\/\/vapebulkp.com\/fr\/wp-json\/wp\/v2\/product"}],"about":[{"href":"https:\/\/vapebulkp.com\/fr\/wp-json\/wp\/v2\/types\/product"}],"replies":[{"embeddable":true,"href":"https:\/\/vapebulkp.com\/fr\/wp-json\/wp\/v2\/comments?post=2400"}],"wp:featuredmedia":[{"embeddable":true,"href":"https:\/\/vapebulkp.com\/fr\/wp-json\/wp\/v2\/media\/2346"}],"wp:attachment":[{"href":"https:\/\/vapebulkp.com\/fr\/wp-json\/wp\/v2\/media?parent=2400"}],"wp:term":[{"taxonomy":"product_cat","embeddable":true,"href":"https:\/\/vapebulkp.com\/fr\/wp-json\/wp\/v2\/product_cat?post=2400"},{"taxonomy":"product_tag","embeddable":true,"href":"https:\/\/vapebulkp.com\/fr\/wp-json\/wp\/v2\/product_tag?post=2400"}],"curies":[{"name":"wp","href":"https:\/\/api.w.org\/{rel}","templated":true}]}}