{"id":2674,"date":"2024-07-19T11:10:53","date_gmt":"2024-07-19T09:10:53","guid":{"rendered":"https:\/\/vapebulkp.com\/?post_type=product&#038;p=2674"},"modified":"2025-09-24T05:26:30","modified_gmt":"2025-09-24T03:26:30","slug":"bang-beach-22k-puffs-new-electronic-cigarette","status":"publish","type":"product","link":"https:\/\/vapebulkp.com\/fr\/product\/bang-beach-22k-puffs-new-electronic-cigarette\/","title":{"rendered":"Bang Beach 22K Puffs Nouvelle Cigarette \u00c9lectronique"},"content":{"rendered":"<h2 style=\"text-align: left\">Bang Beach 22K Puffs Nouvelle Cigarette \u00c9lectronique<\/h2>\n<p>&nbsp;<\/p>\n<p data-start=\"154\" data-end=\"492\">Le <strong data-start=\"158\" data-end=\"198\">Bang Beach 22k Puffs Vape Jetable<\/strong> est un appareil haut de gamme <strong data-start=\"212\" data-end=\"243\">Vape jetable 22000 bouff\u00e9es<\/strong> con\u00e7u pour les amateurs de vapotage en France qui exigent de la saveur, de la performance et de la commodit\u00e9. Son grand r\u00e9servoir de 36 ml de e-liquide pr\u00e9-rempli garantit une utilisation durable, tandis que les options de sels de nicotine de 0 %, 2 %, 3 % et 5 % vous permettent d'adapter votre hit \u00e0 votre pr\u00e9f\u00e9rence.<\/p>\n<p data-start=\"494\" data-end=\"857\">Con\u00e7u avec une r\u00e9sistance de 1,0 \u03a9 <strong data-start=\"517\" data-end=\"535\">vape \u00e0 coil mesh<\/strong>, cet appareil d\u00e9livre une vapeur riche et dense et une saveur intense. Le syst\u00e8me <strong data-start=\"600\" data-end=\"627\">la fonction de<\/strong> vous permet de personnaliser chaque tirage, am\u00e9liorant l'exp\u00e9rience de vapotage. Aliment\u00e9 par une batterie de 850 mAh et un port de charge Type-C, ce <strong data-start=\"765\" data-end=\"797\">vape jetable rechargeable<\/strong> vous permet de vapoter plus longtemps avec des recharges rapides et sans tracas.<\/p>\n<p data-start=\"859\" data-end=\"1118\">Un \u00e9cran LED \u00e9l\u00e9gant affiche l'autonomie de la batterie et le nombre de bouff\u00e9es en temps r\u00e9el, offrant un contr\u00f4le total en un coup d'\u0153il. Avec 12 saveurs uniques allant des profils fruit\u00e9s au menthol et inspir\u00e9s des desserts, ce <strong data-start=\"1050\" data-end=\"1083\">vape jetable de grande capacit\u00e9<\/strong>\u00a0satisfait toutes les pr\u00e9f\u00e9rences gustatives.<\/p>\n<p data-start=\"1120\" data-end=\"1316\">Parfait pour les d\u00e9taillants et les acheteurs en gros en France, le <strong data-start=\"1166\" data-end=\"1206\">Bang Beach 22k Puffs Vape Jetable<\/strong> est un <a href=\"https:\/\/vapebulkp.com\/fr\/puffs-stock-europe-warehouse\/\"><strong data-start=\"1248\" data-end=\"1269\">vape en gros pour la France<\/strong><\/a> fiable, \u00e9l\u00e9gant et \u00e0 forte rotation, pr\u00eat \u00e0 r\u00e9pondre \u00e0 la demande croissante du march\u00e9.<\/p>\n<p><img decoding=\"async\" class=\"wp-image-2673 alignleft\" src=\"http:\/\/vapebulkp.com\/wp-content\/uploads\/2024\/07\/BANG-BEACH-Vape-22000Puffs.jpg\" alt=\"Vape BANG BEACH 22000 bouff\u00e9es\" width=\"478\" height=\"849\" srcset=\"https:\/\/vapebulkp.com\/wp-content\/uploads\/2024\/07\/BANG-BEACH-Vape-22000Puffs.jpg 1080w, https:\/\/vapebulkp.com\/wp-content\/uploads\/2024\/07\/BANG-BEACH-Vape-22000Puffs-169x300.jpg 169w, https:\/\/vapebulkp.com\/wp-content\/uploads\/2024\/07\/BANG-BEACH-Vape-22000Puffs-576x1024.jpg 576w, https:\/\/vapebulkp.com\/wp-content\/uploads\/2024\/07\/BANG-BEACH-Vape-22000Puffs-768x1365.jpg 768w, https:\/\/vapebulkp.com\/wp-content\/uploads\/2024\/07\/BANG-BEACH-Vape-22000Puffs-864x1536.jpg 864w, https:\/\/vapebulkp.com\/wp-content\/uploads\/2024\/07\/BANG-BEACH-Vape-22000Puffs-600x1067.jpg 600w\" sizes=\"(max-width: 478px) 100vw, 478px\" \/><\/p>\n<h6>Veuillez contacter le WhatsApp de Mandy pour un prix r\u00e9duit<a href=\"https:\/\/wa.me\/8618077105796\">+8618077105796<\/a><\/h6>\n<p><img decoding=\"async\" class=\"alignnone wp-image-2151\" src=\"http:\/\/vapebulkp.com\/wp-content\/uploads\/2024\/04\/Mandy-WhatsApp-Randm.jpg\" alt=\"WhatsApp Mandy Randm\" width=\"324\" height=\"330\" \/><\/p>\n<h2>Vous pourriez aimer en savoir plus sur la Vape Bang Beach 22000Puffs :<\/h2>\n<h5>1. Comment utiliser le stylo vape Bang Beach 22k Puffs ?<\/h5>\n<p>\u00c9tape 1. Avant d'utiliser 22k puffs, d\u00e9branchez le tuyau en plastique.<\/p>\n<p>\u00c9tape 2. Attendez environ 3 minutes pour laisser le jus p\u00e9n\u00e9trer dans la r\u00e9sistance \u00e0 l'int\u00e9rieur.<\/p>\n<p>\u00c9tape 3. Profitez-en<\/p>\n<h5>2. Comment charger la vape jetable Bang King Vape 22k Puffs ?<\/h5>\n<p>Les chargeurs \u00e0 charge rapide ne peuvent pas \u00eatre utilis\u00e9s, et la puissance de s\u00e9curit\u00e9 standard des cigarettes \u00e9lectroniques jetables est de 5V 1A.<\/p>\n<p>Chaque temps de charge ne peut pas d\u00e9passer 1 heure, et le temps de charge s\u00fbr est d'une demi-heure.<\/p>\n<p><span style=\"color: #ff6600\">Avis : ne pas recharger toute la nuit !<\/span><\/p>\n<h5>3. Quelle est la capacit\u00e9 de e-liquide du Bang Beach 22000 Puffs Top Sale Bang Vape ?<\/h5>\n<p>\u2014\u201436ml<\/p>\n<h5>4. Combien de bouff\u00e9es puis-je prendre avec ce Bang Beach 22k Puffs?<\/h5>\n<p>\u2014\u201322000 bouff\u00e9es<\/p>\n<h3>Caract\u00e9ristiques de la vape jetable Bang Beach 20k Bouff\u00e9es :<\/h3>\n<ul>\n<li><strong>Bouff\u00e9es :<\/strong> Capable de d\u00e9livrer jusqu'\u00e0 22000 bouff\u00e9es<\/li>\n<li><strong>E-liquide :<\/strong> Livr\u00e9 avec une cartouche d'e-liquide pr\u00e9-remplie de 36 ml<\/li>\n<li><strong>Taux de nicotine :<\/strong> Disponible en concentrations de nicotine de 0 %, 2 %, 3 % et 5 %<\/li>\n<li><strong>Type :<\/strong> Conception jetable pour plus de commodit\u00e9<\/li>\n<li><strong>Batterie :<\/strong> Aliment\u00e9 par une batterie de 850 mAh<\/li>\n<li><strong>R\u00e9sistance<\/strong> Dispose d'une bobine maill\u00e9e de 1,0 ohm avec des r\u00e9glages de flux d'air ajustables<\/li>\n<li><strong>Chargement :<\/strong> \u00c9quip\u00e9 d'un port Type-C pour une recharge rapide<\/li>\n<li><strong>Saveurs :<\/strong> Propos\u00e9 en 12 saveurs distinctes et satisfaisantes<\/li>\n<\/ul>\n<h3><strong>Meilleures saveurs de vape jetable Bang Beach 22000 Puffs :<\/strong><\/h3>\n<ol>\n<li>P\u00eache Glac\u00e9e<\/li>\n<li>P\u00eache Mangue<\/li>\n<li>Baies m\u00e9lang\u00e9es<\/li>\n<li>Limonade Rose<\/li>\n<li>Fraise Past\u00e8que<\/li>\n<li>Past\u00e8que Glac\u00e9e<\/li>\n<li>Raisin Glac\u00e9<\/li>\n<li>Vimto<\/li>\n<li>Fraise Glac\u00e9e<\/li>\n<li>Cerise<\/li>\n<li>Framboise Bleue<\/li>\n<li>Pomme Sure<\/li>\n<\/ol>\n<p><a href=\"https:\/\/vapebulkp.com\/fr\/product\/popular-randm-tornado-7000puffs-disposable-vape-best-price\/\"><span style=\"vertical-align: inherit\">RandM Tornado 7000 bouff\u00e9es <\/span><\/a><\/p>\n<p><span style=\"vertical-align: inherit\">Trouvez plus de produits qui pourraient vous plaire\uff1a<\/span><em><a href=\"https:\/\/wa.me\/8618077105796\"><span style=\"vertical-align: inherit\">\u00a0Achetez-le maintenant<\/span><\/a><\/em><\/p>\n<p><span style=\"vertical-align: inherit\">Autres Puffs que vous pourriez aimer\uff1a<\/span><a href=\"https:\/\/vapebulkp.com\/fr\/product\/bang-with-a-vape-gear-20000-puffs-discount-price\/\"><span style=\"vertical-align: inherit\">Vape Bang Gear 20000 Bouff\u00e9es<\/span><\/a><span style=\"vertical-align: inherit\">\u3001<\/span><a href=\"https:\/\/vapebulkp.com\/fr\/product\/wholesale-randm-tornado-9000-puffs-germany\/\"><span style=\"vertical-align: inherit\">RandM 9000 bouff\u00e9es<\/span><\/a><span style=\"vertical-align: inherit\">\/ <\/span><a href=\"https:\/\/vapebulkp.com\/fr\/product\/bang-30k-puffs-new-double-taste-good-vape\/\"><span style=\"vertical-align: inherit\">Bang 30k bouff\u00e9es<\/span><\/a><span style=\"vertical-align: inherit\">\/ <\/span><a href=\"https:\/\/vapebulkp.com\/fr\/fi\/product\/uzy-bang-digital-12000puffs-led-display-e-cigarettes\/\"><span style=\"vertical-align: inherit\">UZY Bang Digital 15000 Bouff\u00e9es<\/span><\/a><\/p>\n<p><span style=\"vertical-align: inherit\">Bouteille de cigarette \u00e9lectronique de forme sp\u00e9ciale :<\/span><a href=\"https:\/\/vapebulkp.com\/fr\/product\/original-vape-bang-tn-12000-puffs-bang-vape\/\"><span style=\"vertical-align: inherit\"> Bang TN 12000 Bouff\u00e9es<\/span><\/a><span style=\"vertical-align: inherit\">\/ <\/span><a href=\"https:\/\/vapebulkp.com\/fr\/fi\/product\/best-price-wga-crystal-pro-max-15k-puffs-original-vape\/\"><span style=\"vertical-align: inherit\">\u00a0WGA Crystal pro max 15k bouff\u00e9es <\/span><\/a><span style=\"vertical-align: inherit\">\/<\/span><a href=\"https:\/\/vapebulkp.com\/fr\/product\/original-vape-bang-rocket-18000-puffs-good-sale\/\"><span style=\"vertical-align: inherit\"> Bang Rocket 18000 bouff\u00e9es<\/span><\/a><\/p>\n<h5>Qualification de production :<\/h5>\n<p><img decoding=\"async\" class=\"alignnone size-full wp-image-1841\" src=\"http:\/\/vapebulkp.com\/wp-content\/uploads\/2023\/11\/Vape-production-process-2.jpeg\" alt=\"Processus de production de vape\" width=\"650\" height=\"434\" srcset=\"https:\/\/vapebulkp.com\/wp-content\/uploads\/2023\/11\/Vape-production-process-2.jpeg 650w, https:\/\/vapebulkp.com\/wp-content\/uploads\/2023\/11\/Vape-production-process-2-300x200.jpeg 300w, https:\/\/vapebulkp.com\/wp-content\/uploads\/2023\/11\/Vape-production-process-2-600x401.jpeg 600w\" sizes=\"(max-width: 650px) 100vw, 650px\" \/><\/p>\n<p><img decoding=\"async\" class=\"alignnone size-full wp-image-1843\" src=\"http:\/\/vapebulkp.com\/wp-content\/uploads\/2023\/11\/Vape-production-process.jpeg\" alt=\"Processus de production de vape\" width=\"641\" height=\"1026\" srcset=\"https:\/\/vapebulkp.com\/wp-content\/uploads\/2023\/11\/Vape-production-process.jpeg 641w, https:\/\/vapebulkp.com\/wp-content\/uploads\/2023\/11\/Vape-production-process-187x300.jpeg 187w, https:\/\/vapebulkp.com\/wp-content\/uploads\/2023\/11\/Vape-production-process-640x1024.jpeg 640w, https:\/\/vapebulkp.com\/wp-content\/uploads\/2023\/11\/Vape-production-process-600x960.jpeg 600w\" sizes=\"(max-width: 641px) 100vw, 641px\" \/><\/p>\n<h4>FAQ :<\/h4>\n<p>Q: Quel est le MOQ du Best Sale Bang Beach 22000 bouff\u00e9es?<br \/>\nR : La commande minimale est de 50 pi\u00e8ces.<br \/>\nQ : Quel est le d\u00e9lai de livraison pour les vapes command\u00e9es ?<br \/>\nR : Il est g\u00e9n\u00e9ralement de 10 \u00e0 15 jours apr\u00e8s l'exp\u00e9dition.<br \/>\nQ : Combien co\u00fbte l'exp\u00e9dition ? R : Le co\u00fbt de l'exp\u00e9dition d\u00e9pend du poids. Diff\u00e9rentes quantit\u00e9s ont des co\u00fbts d'exp\u00e9dition diff\u00e9rents, veuillez nous contacter pour confirmer le co\u00fbt d'exp\u00e9dition.<\/p>\n<h4>D\u00e9tails d'exp\u00e9dition :<\/h4>\n<p><span style=\"color: #ff6600\">D\u00e9lai de production : 5-10 jours ouvrables<\/span><br \/>\n<span style=\"color: #ff6600\">D\u00e9lai de livraison : 8-14 jours ouvrables<\/span><\/p>\n<p>Tous les produits de notre boutique sont 100% originaux et authentiques, c'est pourquoi nous avons pour politique de rembourser dix fois le prix des produits contrefaits. Nous utilisons des canaux logistiques tels que UPS\/DHL\/FEDEX\/DPD pour vous livrer les marchandises.<\/p>\n<p>Pour les colis exp\u00e9di\u00e9s en France, il faut g\u00e9n\u00e9ralement 10 jours ouvrables pour qu'ils arrivent. L'exp\u00e9dition vers les pays europ\u00e9ens prend g\u00e9n\u00e9ralement de 12 \u00e0 15 jours ouvrables. Nous mettrons \u00e0 jour les informations logistiques pour vous en temps r\u00e9el.<\/p>","protected":false},"excerpt":{"rendered":"<p>Nouveau Mod\u00e8le Vape Bang Beach 20k Bang Vape<\/p>\n<p>Veuillez contacter le WhatsApp de Mandy pour un prix r\u00e9duit<a href=\"https:\/\/wa.me\/8618077105796\">+8618077105796<\/a><\/p>\n<p><img decoding=\"async\" class=\"alignnone wp-image-2151\" src=\"http:\/\/vapebulkp.com\/wp-content\/uploads\/2024\/04\/Mandy-WhatsApp-Randm.jpg\" alt=\"WhatsApp Mandy Randm\" width=\"297\" height=\"316\" srcset=\"https:\/\/vapebulkp.com\/wp-content\/uploads\/2024\/04\/Mandy-WhatsApp-Randm.jpg 916w, https:\/\/vapebulkp.com\/wp-content\/uploads\/2024\/04\/Mandy-WhatsApp-Randm-282x300.jpg 282w, https:\/\/vapebulkp.com\/wp-content\/uploads\/2024\/04\/Mandy-WhatsApp-Randm-768x817.jpg 768w, https:\/\/vapebulkp.com\/wp-content\/uploads\/2024\/04\/Mandy-WhatsApp-Randm-600x638.jpg 600w\" sizes=\"(max-width: 297px) 100vw, 297px\" \/><\/p>\n<p><span style=\"color: #ff0000\">REMARQUE : Les prix sur notre site web n'incluent pas les frais de port<\/span><\/p>\n<p>&nbsp;<\/p>","protected":false},"featured_media":2673,"comment_status":"open","ping_status":"closed","template":"","meta":{"_uag_custom_page_level_css":"","_lmt_disableupdate":"no","_lmt_disable":"","site-sidebar-layout":"default","site-content-layout":"content-boxed-container","ast-site-content-layout":"normal-width-container","site-content-style":"boxed","site-sidebar-style":"unboxed","ast-global-header-display":"","ast-banner-title-visibility":"","ast-main-header-display":"","ast-hfb-above-header-display":"","ast-hfb-below-header-display":"","ast-hfb-mobile-header-display":"","site-post-title":"","ast-breadcrumbs-content":"","ast-featured-img":"","footer-sml-layout":"","theme-transparent-header-meta":"default","adv-header-id-meta":"","stick-header-meta":"","header-above-stick-meta":"","header-main-stick-meta":"","header-below-stick-meta":"","astra-migrate-meta-layouts":"set","_joinchat":[]},"product_cat":[171,153,345,155,33,59,100,87,34,158,157,154,152,58,84,156],"product_tag":[141,145,36,37,41,40],"class_list":["post-2674","product","type-product","status-publish","has-post-thumbnail","hentry","product_cat-22000-puffs-disposable-vape","product_cat-hot-disposable-vapes","product_cat-bang-vapes","product_cat-belgium-hot-disposable-vapes","product_cat-france-vape-hot-sale","product_cat-germany-hot-disposable-vape","product_cat-germany-wholesale-vape-shop","product_cat-minimum-order-quantity-50pcs","product_cat-netherlands-vape-good-sale","product_cat-norway-hot-disposable-vapes","product_cat-poland-hot-disposable-vapes","product_cat-portugal-hot-disposable-vapes","product_cat-spain-hot-disposable-vapes","product_cat-sweden-hot-disposable-vape","product_cat-sweden-wholesale-vape","product_cat-switzerland-hot-disposable-vapes","product_tag-20000puffs","product_tag-22000puffs","product_tag-good-vape","product_tag-hot-sale-disposable-vape","product_tag-poland-hot-vape","product_tag-sweden-hot-vape","pa_brand-bang-king-vape","desktop-align-left","tablet-align-left","mobile-align-left"],"yoast_head":"<!-- This site is optimized with the Yoast SEO plugin v21.1 - https:\/\/yoast.com\/wordpress\/plugins\/seo\/ -->\n<title>Bang Beach 22k Puffs New Electronic Cigarette - vapebulkp.com<\/title>\n<meta name=\"description\" content=\"Bang Beach 22000 Puffs Disposable Vape delivers long-lasting flavor and smooth draws. High-capacity, convenient, and perfect for EU vapers \u2014 order yours now!\" \/>\n<meta name=\"robots\" content=\"index, follow, max-snippet:-1, max-image-preview:large, max-video-preview:-1\" \/>\n<link rel=\"canonical\" href=\"https:\/\/vapebulkp.com\/fr\/product\/bang-beach-22k-puffs-new-electronic-cigarette\/\" \/>\n<meta property=\"og:locale\" content=\"fr_FR\" \/>\n<meta property=\"og:type\" content=\"article\" \/>\n<meta property=\"og:title\" content=\"Bang Beach 22k Puffs New Electronic Cigarette - vapebulkp.com\" \/>\n<meta property=\"og:description\" content=\"Bang Beach 22000 Puffs Disposable Vape delivers long-lasting flavor and smooth draws. High-capacity, convenient, and perfect for EU vapers \u2014 order yours now!\" \/>\n<meta property=\"og:url\" content=\"https:\/\/vapebulkp.com\/fr\/product\/bang-beach-22k-puffs-new-electronic-cigarette\/\" \/>\n<meta property=\"og:site_name\" content=\"vapebulkp.com\" \/>\n<meta property=\"article:modified_time\" content=\"2025-09-24T03:26:30+00:00\" \/>\n<meta property=\"og:image\" content=\"http:\/\/vapebulkp.com\/wp-content\/uploads\/2024\/07\/BANG-BEACH-Vape-22000Puffs.jpg\" \/>\n\t<meta property=\"og:image:width\" content=\"1080\" \/>\n\t<meta property=\"og:image:height\" content=\"1920\" \/>\n\t<meta property=\"og:image:type\" content=\"image\/jpeg\" \/>\n<meta name=\"twitter:card\" content=\"summary_large_image\" \/>\n<meta name=\"twitter:label1\" content=\"Dur\u00e9e de lecture estim\u00e9e\" \/>\n\t<meta name=\"twitter:data1\" content=\"4 minutes\" \/>\n<script type=\"application\/ld+json\" class=\"yoast-schema-graph\">{\"@context\":\"https:\/\/schema.org\",\"@graph\":[{\"@type\":\"WebPage\",\"@id\":\"https:\/\/vapebulkp.com\/product\/bang-beach-22k-puffs-new-electronic-cigarette\/\",\"url\":\"https:\/\/vapebulkp.com\/product\/bang-beach-22k-puffs-new-electronic-cigarette\/\",\"name\":\"Bang Beach 22k Puffs New Electronic Cigarette - vapebulkp.com\",\"isPartOf\":{\"@id\":\"https:\/\/vapebulkp.com\/#website\"},\"datePublished\":\"2024-07-19T09:10:53+00:00\",\"dateModified\":\"2025-09-24T03:26:30+00:00\",\"description\":\"Bang Beach 22000 Puffs Disposable Vape delivers long-lasting flavor and smooth draws. High-capacity, convenient, and perfect for EU vapers \u2014 order yours now!\",\"breadcrumb\":{\"@id\":\"https:\/\/vapebulkp.com\/product\/bang-beach-22k-puffs-new-electronic-cigarette\/#breadcrumb\"},\"inLanguage\":\"fr-FR\",\"potentialAction\":[{\"@type\":\"ReadAction\",\"target\":[\"https:\/\/vapebulkp.com\/product\/bang-beach-22k-puffs-new-electronic-cigarette\/\"]}]},{\"@type\":\"BreadcrumbList\",\"@id\":\"https:\/\/vapebulkp.com\/product\/bang-beach-22k-puffs-new-electronic-cigarette\/#breadcrumb\",\"itemListElement\":[{\"@type\":\"ListItem\",\"position\":1,\"name\":\"Home\",\"item\":\"https:\/\/vapebulkp.com\/\"},{\"@type\":\"ListItem\",\"position\":2,\"name\":\"Hot Trend Vapes\",\"item\":\"https:\/\/vapebulkp.com\/vape-shop\/\"},{\"@type\":\"ListItem\",\"position\":3,\"name\":\"Bang Beach 22k Puffs New Electronic Cigarette\"}]},{\"@type\":\"WebSite\",\"@id\":\"https:\/\/vapebulkp.com\/#website\",\"url\":\"https:\/\/vapebulkp.com\/\",\"name\":\"vapebulkp.com\",\"description\":\"Buy Vape In Cheap Bulk Price Near you\",\"publisher\":{\"@id\":\"https:\/\/vapebulkp.com\/#organization\"},\"potentialAction\":[{\"@type\":\"SearchAction\",\"target\":{\"@type\":\"EntryPoint\",\"urlTemplate\":\"https:\/\/vapebulkp.com\/?s={search_term_string}\"},\"query-input\":\"required name=search_term_string\"}],\"inLanguage\":\"fr-FR\"},{\"@type\":\"Organization\",\"@id\":\"https:\/\/vapebulkp.com\/#organization\",\"name\":\"vapebulkp.com\",\"url\":\"https:\/\/vapebulkp.com\/\",\"logo\":{\"@type\":\"ImageObject\",\"inLanguage\":\"fr-FR\",\"@id\":\"https:\/\/vapebulkp.com\/#\/schema\/logo\/image\/\",\"url\":\"https:\/\/vapebulkp.com\/wp-content\/uploads\/2023\/09\/cropped-vapebulkp.png\",\"contentUrl\":\"https:\/\/vapebulkp.com\/wp-content\/uploads\/2023\/09\/cropped-vapebulkp.png\",\"width\":516,\"height\":163,\"caption\":\"vapebulkp.com\"},\"image\":{\"@id\":\"https:\/\/vapebulkp.com\/#\/schema\/logo\/image\/\"}}]}<\/script>\n<!-- \/ Yoast SEO plugin. -->","yoast_head_json":{"title":"Bang Beach 22k Puffs New Electronic Cigarette - vapebulkp.com","description":"Bang Beach 22000 Puffs Disposable Vape delivers long-lasting flavor and smooth draws. High-capacity, convenient, and perfect for EU vapers \u2014 order yours now!","robots":{"index":"index","follow":"follow","max-snippet":"max-snippet:-1","max-image-preview":"max-image-preview:large","max-video-preview":"max-video-preview:-1"},"canonical":"https:\/\/vapebulkp.com\/fr\/product\/bang-beach-22k-puffs-new-electronic-cigarette\/","og_locale":"fr_FR","og_type":"article","og_title":"Bang Beach 22k Puffs New Electronic Cigarette - vapebulkp.com","og_description":"Bang Beach 22000 Puffs Disposable Vape delivers long-lasting flavor and smooth draws. High-capacity, convenient, and perfect for EU vapers \u2014 order yours now!","og_url":"https:\/\/vapebulkp.com\/fr\/product\/bang-beach-22k-puffs-new-electronic-cigarette\/","og_site_name":"vapebulkp.com","article_modified_time":"2025-09-24T03:26:30+00:00","og_image":[{"width":1080,"height":1920,"url":"http:\/\/vapebulkp.com\/wp-content\/uploads\/2024\/07\/BANG-BEACH-Vape-22000Puffs.jpg","type":"image\/jpeg"}],"twitter_card":"summary_large_image","twitter_misc":{"Dur\u00e9e de lecture estim\u00e9e":"4 minutes"},"schema":{"@context":"https:\/\/schema.org","@graph":[{"@type":"WebPage","@id":"https:\/\/vapebulkp.com\/product\/bang-beach-22k-puffs-new-electronic-cigarette\/","url":"https:\/\/vapebulkp.com\/product\/bang-beach-22k-puffs-new-electronic-cigarette\/","name":"Bang Beach 22k Puffs New Electronic Cigarette - vapebulkp.com","isPartOf":{"@id":"https:\/\/vapebulkp.com\/#website"},"datePublished":"2024-07-19T09:10:53+00:00","dateModified":"2025-09-24T03:26:30+00:00","description":"Bang Beach 22000 Puffs Disposable Vape delivers long-lasting flavor and smooth draws. High-capacity, convenient, and perfect for EU vapers \u2014 order yours now!","breadcrumb":{"@id":"https:\/\/vapebulkp.com\/product\/bang-beach-22k-puffs-new-electronic-cigarette\/#breadcrumb"},"inLanguage":"fr-FR","potentialAction":[{"@type":"ReadAction","target":["https:\/\/vapebulkp.com\/product\/bang-beach-22k-puffs-new-electronic-cigarette\/"]}]},{"@type":"BreadcrumbList","@id":"https:\/\/vapebulkp.com\/product\/bang-beach-22k-puffs-new-electronic-cigarette\/#breadcrumb","itemListElement":[{"@type":"ListItem","position":1,"name":"Home","item":"https:\/\/vapebulkp.com\/"},{"@type":"ListItem","position":2,"name":"Hot Trend Vapes","item":"https:\/\/vapebulkp.com\/vape-shop\/"},{"@type":"ListItem","position":3,"name":"Bang Beach 22k Puffs New Electronic Cigarette"}]},{"@type":"WebSite","@id":"https:\/\/vapebulkp.com\/#website","url":"https:\/\/vapebulkp.com\/","name":"vapebulkp.com","description":"Buy Vape In Cheap Bulk Price Near you","publisher":{"@id":"https:\/\/vapebulkp.com\/#organization"},"potentialAction":[{"@type":"SearchAction","target":{"@type":"EntryPoint","urlTemplate":"https:\/\/vapebulkp.com\/?s={search_term_string}"},"query-input":"required name=search_term_string"}],"inLanguage":"fr-FR"},{"@type":"Organization","@id":"https:\/\/vapebulkp.com\/#organization","name":"vapebulkp.com","url":"https:\/\/vapebulkp.com\/","logo":{"@type":"ImageObject","inLanguage":"fr-FR","@id":"https:\/\/vapebulkp.com\/#\/schema\/logo\/image\/","url":"https:\/\/vapebulkp.com\/wp-content\/uploads\/2023\/09\/cropped-vapebulkp.png","contentUrl":"https:\/\/vapebulkp.com\/wp-content\/uploads\/2023\/09\/cropped-vapebulkp.png","width":516,"height":163,"caption":"vapebulkp.com"},"image":{"@id":"https:\/\/vapebulkp.com\/#\/schema\/logo\/image\/"}}]}},"uagb_featured_image_src":{"full":["https:\/\/vapebulkp.com\/wp-content\/uploads\/2024\/07\/BANG-BEACH-Vape-22000Puffs.jpg",1080,1920,false],"thumbnail":["https:\/\/vapebulkp.com\/wp-content\/uploads\/2024\/07\/BANG-BEACH-Vape-22000Puffs-150x150.jpg",150,150,true],"medium":["https:\/\/vapebulkp.com\/wp-content\/uploads\/2024\/07\/BANG-BEACH-Vape-22000Puffs-169x300.jpg",169,300,true],"medium_large":["https:\/\/vapebulkp.com\/wp-content\/uploads\/2024\/07\/BANG-BEACH-Vape-22000Puffs-768x1365.jpg",768,1365,true],"large":["https:\/\/vapebulkp.com\/wp-content\/uploads\/2024\/07\/BANG-BEACH-Vape-22000Puffs-576x1024.jpg",576,1024,true],"1536x1536":["https:\/\/vapebulkp.com\/wp-content\/uploads\/2024\/07\/BANG-BEACH-Vape-22000Puffs-864x1536.jpg",864,1536,true],"2048x2048":["https:\/\/vapebulkp.com\/wp-content\/uploads\/2024\/07\/BANG-BEACH-Vape-22000Puffs.jpg",1080,1920,false],"trp-custom-language-flag":["https:\/\/vapebulkp.com\/wp-content\/uploads\/2024\/07\/BANG-BEACH-Vape-22000Puffs.jpg",7,12,false],"woocommerce_thumbnail":["https:\/\/vapebulkp.com\/wp-content\/uploads\/2024\/07\/BANG-BEACH-Vape-22000Puffs-300x300.jpg",300,300,true],"woocommerce_single":["https:\/\/vapebulkp.com\/wp-content\/uploads\/2024\/07\/BANG-BEACH-Vape-22000Puffs-600x1067.jpg",600,1067,true],"woocommerce_gallery_thumbnail":["https:\/\/vapebulkp.com\/wp-content\/uploads\/2024\/07\/BANG-BEACH-Vape-22000Puffs-100x100.jpg",100,100,true],"wcpr-photo-reviews":["https:\/\/vapebulkp.com\/wp-content\/uploads\/2024\/07\/BANG-BEACH-Vape-22000Puffs.jpg",281,500,false]},"uagb_author_info":{"display_name":"Mandy vape bulk price","author_link":"https:\/\/vapebulkp.com\/fr\/author\/"},"uagb_comment_info":0,"uagb_excerpt":"New Model\u00a0 Vape Bang Beach\u00a0 20k\u00a0 Bang Vape Pls Contact Mandy's WhatsApp For Discount Price+8618077105796 NOTE: Prices on our website does not include shipping costs &nbsp;","_links":{"self":[{"href":"https:\/\/vapebulkp.com\/fr\/wp-json\/wp\/v2\/product\/2674","targetHints":{"allow":["GET"]}}],"collection":[{"href":"https:\/\/vapebulkp.com\/fr\/wp-json\/wp\/v2\/product"}],"about":[{"href":"https:\/\/vapebulkp.com\/fr\/wp-json\/wp\/v2\/types\/product"}],"replies":[{"embeddable":true,"href":"https:\/\/vapebulkp.com\/fr\/wp-json\/wp\/v2\/comments?post=2674"}],"wp:featuredmedia":[{"embeddable":true,"href":"https:\/\/vapebulkp.com\/fr\/wp-json\/wp\/v2\/media\/2673"}],"wp:attachment":[{"href":"https:\/\/vapebulkp.com\/fr\/wp-json\/wp\/v2\/media?parent=2674"}],"wp:term":[{"taxonomy":"product_cat","embeddable":true,"href":"https:\/\/vapebulkp.com\/fr\/wp-json\/wp\/v2\/product_cat?post=2674"},{"taxonomy":"product_tag","embeddable":true,"href":"https:\/\/vapebulkp.com\/fr\/wp-json\/wp\/v2\/product_tag?post=2674"}],"curies":[{"name":"wp","href":"https:\/\/api.w.org\/{rel}","templated":true}]}}