{"id":2913,"date":"2024-09-21T05:50:55","date_gmt":"2024-09-21T03:50:55","guid":{"rendered":"https:\/\/vapebulkp.com\/?post_type=product&#038;p=2913"},"modified":"2025-09-24T05:13:53","modified_gmt":"2025-09-24T03:13:53","slug":"wga-crystal-plus-16000-puffs-led-light-disposable-vape","status":"publish","type":"product","link":"https:\/\/vapebulkp.com\/fr\/product\/wga-crystal-plus-16000-puffs-led-light-disposable-vape\/","title":{"rendered":"WGA Crystal Plus 16000 Puffs LED Light Vape Jetable\u00a0"},"content":{"rendered":"<h2>WGA Crystal Plus 16000 Puffs LED Light, la cigarette \u00e9lectronique jetable<\/h2>\n<p>&nbsp;<\/p>\n<p data-start=\"314\" data-end=\"651\">Le <strong data-start=\"318\" data-end=\"376\">WGA Crystal Plus 16000 Puffs LED Light, la cigarette \u00e9lectronique jetable<\/strong> est un appareil haut de gamme <strong data-start=\"390\" data-end=\"423\">cigarette \u00e9lectronique jetable de grande capacit\u00e9<\/strong> con\u00e7u pour les vapoteurs fran\u00e7ais qui appr\u00e9cient la performance, la saveur et la commodit\u00e9. Avec <strong data-start=\"506\" data-end=\"522\">16 000 bouff\u00e9es<\/strong> et 20 saveurs uniques, ce vaporisateur de gros produit une vapeur lisse et dense et une saveur constante \u00e0 chaque bouff\u00e9e.<\/p>\n<p data-start=\"653\" data-end=\"1005\">Aliment\u00e9 par un fiable <strong data-start=\"675\" data-end=\"706\">650mAh<\/strong>, le WGA Crystal Plus garantit des sessions ininterrompues, tandis que l'affichage lumineux \u00e0 LED ajoute une touche moderne et \u00e9l\u00e9gante. Parfait pour les utilisateurs occasionnels et les vapoteurs exp\u00e9riment\u00e9s, ce <strong data-start=\"878\" data-end=\"911\">vape jetable au sel de nicotine<\/strong> combine commodit\u00e9, haute performance et saveur riche pour une exp\u00e9rience de vapotage satisfaisante.<\/p>\n<p>&nbsp;<\/p>\n<h6 style=\"text-align: left\"><img decoding=\"async\" class=\"alignnone wp-image-2909\" src=\"http:\/\/vapebulkp.com\/wp-content\/uploads\/2024\/09\/WGA-crystal-Plus-Vape-16k-Puffs-Purchase-Price.jpg\" alt=\"WGA crystal Plus Vape 16k Puffs Prix D&#039;achat\" width=\"666\" height=\"520\" srcset=\"https:\/\/vapebulkp.com\/wp-content\/uploads\/2024\/09\/WGA-crystal-Plus-Vape-16k-Puffs-Purchase-Price.jpg 2000w, https:\/\/vapebulkp.com\/wp-content\/uploads\/2024\/09\/WGA-crystal-Plus-Vape-16k-Puffs-Purchase-Price-300x234.jpg 300w, https:\/\/vapebulkp.com\/wp-content\/uploads\/2024\/09\/WGA-crystal-Plus-Vape-16k-Puffs-Purchase-Price-1024x800.jpg 1024w, https:\/\/vapebulkp.com\/wp-content\/uploads\/2024\/09\/WGA-crystal-Plus-Vape-16k-Puffs-Purchase-Price-768x600.jpg 768w, https:\/\/vapebulkp.com\/wp-content\/uploads\/2024\/09\/WGA-crystal-Plus-Vape-16k-Puffs-Purchase-Price-1536x1200.jpg 1536w, https:\/\/vapebulkp.com\/wp-content\/uploads\/2024\/09\/WGA-crystal-Plus-Vape-16k-Puffs-Purchase-Price-600x469.jpg 600w\" sizes=\"(max-width: 666px) 100vw, 666px\" \/><\/h6>\n<p>&nbsp;<\/p>\n<h6>Veuillez contacter le WhatsApp de Mandy pour un prix r\u00e9duit<a href=\"https:\/\/wa.me\/8618077105796\">+8618077105796<\/a><\/h6>\n<p><img decoding=\"async\" class=\"alignnone wp-image-2151\" src=\"http:\/\/vapebulkp.com\/wp-content\/uploads\/2024\/04\/Mandy-WhatsApp-Randm.jpg\" alt=\"WhatsApp Mandy Randm\" width=\"271\" height=\"289\" srcset=\"https:\/\/vapebulkp.com\/wp-content\/uploads\/2024\/04\/Mandy-WhatsApp-Randm.jpg 916w, https:\/\/vapebulkp.com\/wp-content\/uploads\/2024\/04\/Mandy-WhatsApp-Randm-282x300.jpg 282w, https:\/\/vapebulkp.com\/wp-content\/uploads\/2024\/04\/Mandy-WhatsApp-Randm-768x817.jpg 768w, https:\/\/vapebulkp.com\/wp-content\/uploads\/2024\/04\/Mandy-WhatsApp-Randm-600x638.jpg 600w\" sizes=\"(max-width: 271px) 100vw, 271px\" \/><\/p>\n<h2><span style=\"vertical-align: inherit\">Vous pourriez \u00eatre int\u00e9ress\u00e9 par les Vapes Crystal WGA Crystal Plus 16k :<\/span><\/h2>\n<p>&nbsp;<\/p>\n<h6 class=\"style-scope ytd-watch-metadata\">1.Comment utiliser le Vape Crystal WGA Crystal Plus 16k Puffs ?<\/h6>\n<p>Le <strong>WGA Crystal Pro Plus 16K Bouff\u00e9es<\/strong> dispose de la technologie de s\u00e9paration du noyau d'huile, ce qui aide \u00e0 pr\u00e9server l'e-liquide jusqu'\u00e0 ce qu'il soit pr\u00eat \u00e0 l'emploi. Veuillez suivre ces instructions :<\/p>\n<ul>\n<li><strong>\u00c9tape 1<\/strong>: D\u00e9chirez l'emballage du produit.<\/li>\n<li><strong>\u00c9tape 2<\/strong>: Retirez l'autocollant du bas.<\/li>\n<li><strong>\u00c9tape 3<\/strong>: Laissez l'appareil reposer pendant 3 minutes avant utilisation pour permettre \u00e0 l'e-liquide de saturer compl\u00e8tement le noyau.<\/li>\n<\/ul>\n<p>Tout comme suivre une recette pour le plat parfait, ces \u00e9tapes garantissent des performances et une saveur optimales. \u00ab La patience est am\u00e8re, mais son fruit est doux \u00bb \u2013 cela s'applique \u00e9galement ici.<\/p>\n<h6>2.Comment recharger le WGA Crystal 16000 Puffs Crystal Vape Kopen :<\/h6>\n<p>La charge est simple, mais la s\u00e9curit\u00e9 est primordiale. \u00c9vitez d'utiliser des chargeurs rapides. La puissance de charge s\u00fbre standard pour les e-cigarettes jetables est de <strong>5V 1A<\/strong>.<\/p>\n<ul>\n<li>Chaque session de charge ne doit pas d\u00e9passer <strong>1 heure<\/strong>, avec <strong>30 minutes<\/strong> \u00e9tant le temps de charge s\u00fbr recommand\u00e9.<\/li>\n<li><strong>Important<\/strong>: Ne laissez pas l'appareil en charge pendant la nuit.<\/li>\n<\/ul>\n<p>Souvenez-vous de ce qu'ils disent : \u00ab Rien ne sert de courir ; il faut partir \u00e0 point. \u00bb Cela garantit la long\u00e9vit\u00e9 et les performances de votre vape.<\/p>\n<p><span style=\"color: #ff6600\">Avis : ne pas recharger toute la nuit !<\/span><\/p>\n<h6>3.Quelle est la capacit\u00e9 en e-liquide de la vape WGA Crystal Plus 16000 Puffs ?<\/h6>\n<p>Le WGA Crystal Plus 16K contient une quantit\u00e9 substantielle de <strong>27ml<\/strong> d'e-liquide, garantissant un plaisir de longue dur\u00e9e sans avoir besoin de recharges fr\u00e9quentes. Comme le dit le proverbe, \u00ab Les bonnes choses viennent en grands paquets. \u00bb<\/p>\n<h6>4.Combien de temps dure la vape WGA Crystal Plus 16000 Puffs :<\/h6>\n<p>Avec <strong>16 000 bouff\u00e9es<\/strong>, cette vape est con\u00e7ue pour durer une p\u00e9riode de temps significative. Pour les utilisateurs mod\u00e9r\u00e9s, cela pourrait durer des semaines, offrant des performances constantes. Comme le disait Aristote, \u00ab La qualit\u00e9 n'est pas un acte, c'est une habitude \u00bb - et cette vape offre de la qualit\u00e9 bouff\u00e9e apr\u00e8s bouff\u00e9e.<\/p>\n<div class=\"faqs-answer\"><\/div>\n<h3><span style=\"vertical-align: inherit\">Sp\u00e9cification d'utilisation longue dur\u00e9e du WGA Crystal Plus 16000 Puffs :<\/span><strong><br \/>\n<\/strong><\/h3>\n<ul>\n<li>Bonne batterie : 650 mAh (Type C)<\/li>\n<li>Haute capacit\u00e9 : 27ml<\/li>\n<li>Jusqu'\u00e0 16000 bouff\u00e9es<\/li>\n<li>Vapotage MTL et triple bobine en mesh<\/li>\n<li>D\u00e9bit d'air r\u00e9glable et \u00e9cran LED<\/li>\n<li>Appareil pratique, portable et compact<\/li>\n<li>2% 5% de teneur en nicotine<\/li>\n<\/ul>\n<h3>\u00a0Meilleure vape WGA Crystal Vape 16k bouff\u00e9es recharge facile Type-C Liste des saveurs :<\/h3>\n<p>&nbsp;<\/p>\n<p>1.BANANE GLAC\u00c9E<\/p>\n<p>2.FRAMBOISE BLEUE CERISE<\/p>\n<p>3.FRAMBOISE BLEUE GLAC\u00c9E<\/p>\n<p>4.MYRTILLE CERISE CANNEBERGE<\/p>\n<p>5. MYRTILLE FRAMBOISE<\/p>\n<p>6.MYRTILLE FRAMBOISE ACIDE<\/p>\n<p>7.CERISE GLAC\u00c9E<\/p>\n<p>8.CERISE P\u00c9TILLANTE<\/p>\n<p>9.MENTHE FRA\u00ceCHE<\/p>\n<p>10.OURSON GUMMY<\/p>\n<p>11.HUBBA BUBBA<\/p>\n<p>12.P\u00caCHE JUTEUSE<\/p>\n<p>13.CITRON<\/p>\n<p>14.MR BLEU<\/p>\n<p>15.POMME ROUGE GLAC\u00c9E<\/p>\n<p>16.SKITTLES<\/p>\n<p>17.FRAISE FRAMBOISE CERISE<\/p>\n<p>18.R\u00caVE D'\u00c9T\u00c9<\/p>\n<p>19.VIMTO BULL<\/p>\n<p>20.GLACE \u00c0 LA PAST\u00c8QUE<\/p>\n<p><a href=\"https:\/\/vapebulkp.com\/fr\/product\/cloud-bar-tornado-9000puffs-randm-vape-original-vape\/\"><span style=\"vertical-align: inherit\">Bonne vente Vape Cloud Bar 9000 Bouff\u00e9es<\/span><\/a><\/p>\n<p><span style=\"vertical-align: inherit\">Trouvez plus de produits qui pourraient vous plaire\uff1a<\/span><em><a href=\"https:\/\/wa.me\/8618077105796\"><span style=\"vertical-align: inherit\">\u00a0Achetez-le maintenant<\/span><\/a><\/em><\/p>\n<p><span style=\"vertical-align: inherit\">Autres Puffs que vous pourriez aimer\uff1a<\/span><a href=\"https:\/\/vapebulkp.com\/fr\/product\/good-vape-jnr-shisha-15000-puffs-wholesale-vapme-shisha\/\"><span style=\"vertical-align: inherit\">JNR Vapme chicha 15000 Bouff\u00e9es<\/span><\/a><span style=\"vertical-align: inherit\">\u3001<\/span><a href=\"https:\/\/vapebulkp.com\/fr\/product\/wholesale-price-randm-15k-waspe-15000-puffs-best-vape\/\"><span style=\"vertical-align: inherit\">Randm Tornado Vape WASPE 15000 Bouff\u00e9es<\/span><\/a><span style=\"vertical-align: inherit\">\/ <\/span><a href=\"https:\/\/vapebulkp.com\/fr\/product\/popular-vape-bang-king-15000-puffs-bang-vape\/\"><span style=\"vertical-align: inherit\">Bang King 15000 Bouff\u00e9es<\/span><\/a><span style=\"vertical-align: inherit\">\/ <\/span><a href=\"https:\/\/vapebulkp.com\/fr\/product\/popular-randm-tornado-7000puffs-disposable-vape-best-price\/\"><span style=\"vertical-align: inherit\">RandM Tornado 7000 Bouff\u00e9es<\/span><\/a><\/p>\n<h4>Qualification de production :<\/h4>\n<p><img decoding=\"async\" class=\"alignnone size-full wp-image-1841\" src=\"http:\/\/vapebulkp.com\/wp-content\/uploads\/2023\/11\/Vape-production-process-2.jpeg\" alt=\"Processus de production de vape\" width=\"650\" height=\"434\" srcset=\"https:\/\/vapebulkp.com\/wp-content\/uploads\/2023\/11\/Vape-production-process-2.jpeg 650w, https:\/\/vapebulkp.com\/wp-content\/uploads\/2023\/11\/Vape-production-process-2-300x200.jpeg 300w, https:\/\/vapebulkp.com\/wp-content\/uploads\/2023\/11\/Vape-production-process-2-600x401.jpeg 600w\" sizes=\"(max-width: 650px) 100vw, 650px\" \/><\/p>\n<p><img decoding=\"async\" class=\"alignnone size-full wp-image-1843\" src=\"http:\/\/vapebulkp.com\/wp-content\/uploads\/2023\/11\/Vape-production-process.jpeg\" alt=\"Processus de production de vape\" width=\"641\" height=\"1026\" srcset=\"https:\/\/vapebulkp.com\/wp-content\/uploads\/2023\/11\/Vape-production-process.jpeg 641w, https:\/\/vapebulkp.com\/wp-content\/uploads\/2023\/11\/Vape-production-process-187x300.jpeg 187w, https:\/\/vapebulkp.com\/wp-content\/uploads\/2023\/11\/Vape-production-process-640x1024.jpeg 640w, https:\/\/vapebulkp.com\/wp-content\/uploads\/2023\/11\/Vape-production-process-600x960.jpeg 600w\" sizes=\"(max-width: 641px) 100vw, 641px\" \/><\/p>\n<p>&nbsp;<\/p>\n<h4>D\u00e9tails d'exp\u00e9dition :<\/h4>\n<p><span style=\"color: #ff6600\">D\u00e9lai de production : 5-10 jours ouvrables<\/span><br \/>\n<span style=\"color: #ff6600\">D\u00e9lai de livraison : 8-14 jours ouvrables<\/span><\/p>\n<p>Tous les produits de notre boutique sont 100% originaux et authentiques, c'est pourquoi nous avons pour politique de rembourser dix fois le prix des produits contrefaits. Nous utilisons des canaux logistiques tels que UPS\/DHL\/FEDEX\/DPD pour vous livrer les marchandises.<\/p>\n<p>Pour les colis exp\u00e9di\u00e9s en France, il faut g\u00e9n\u00e9ralement 10 jours ouvrables pour qu'ils arrivent. L'exp\u00e9dition vers les pays europ\u00e9ens prend g\u00e9n\u00e9ralement de 12 \u00e0 15 jours ouvrables. Nous mettrons \u00e0 jour les informations logistiques pour vous en temps r\u00e9el.<\/p>","protected":false},"excerpt":{"rendered":"<p>WGA Crystal Plus 16K Puffs, la cigarette \u00e9lectronique jetable la plus vendue<\/p>\n<p>Veuillez contacter le WhatsApp de Mandy pour un prix r\u00e9duit<a href=\"https:\/\/wa.me\/8618077105796\">+8618077105796<\/a><\/p>\n<p><img decoding=\"async\" class=\"alignnone wp-image-2151\" src=\"http:\/\/vapebulkp.com\/wp-content\/uploads\/2024\/04\/Mandy-WhatsApp-Randm.jpg\" alt=\"WhatsApp Mandy Randm\" width=\"297\" height=\"316\" srcset=\"https:\/\/vapebulkp.com\/wp-content\/uploads\/2024\/04\/Mandy-WhatsApp-Randm.jpg 916w, https:\/\/vapebulkp.com\/wp-content\/uploads\/2024\/04\/Mandy-WhatsApp-Randm-282x300.jpg 282w, https:\/\/vapebulkp.com\/wp-content\/uploads\/2024\/04\/Mandy-WhatsApp-Randm-768x817.jpg 768w, https:\/\/vapebulkp.com\/wp-content\/uploads\/2024\/04\/Mandy-WhatsApp-Randm-600x638.jpg 600w\" sizes=\"(max-width: 297px) 100vw, 297px\" \/><\/p>\n<p><span style=\"color: #ff0000\">REMARQUE : Les prix sur notre site web n'incluent pas les frais de port<\/span><\/p>\n<p>Principales raisons d'acheter<br \/>\n1. Excellente qualit\u00e9 et performance in\u00e9gal\u00e9e.<\/p>\n<p>2. Prix comp\u00e9titif et valeur rapide.<\/p>\n<p>3. Options multiples et livraison rapide.<\/p>\n<p>4. Une exp\u00e9rience d'achat satisfaisante<\/p>","protected":false},"featured_media":2905,"comment_status":"open","ping_status":"closed","template":"","meta":{"_uag_custom_page_level_css":"","_lmt_disableupdate":"no","_lmt_disable":"","site-sidebar-layout":"default","site-content-layout":"content-boxed-container","ast-site-content-layout":"normal-width-container","site-content-style":"boxed","site-sidebar-style":"unboxed","ast-global-header-display":"","ast-banner-title-visibility":"","ast-main-header-display":"","ast-hfb-above-header-display":"","ast-hfb-below-header-display":"","ast-hfb-mobile-header-display":"","site-post-title":"","ast-breadcrumbs-content":"","ast-featured-img":"","footer-sml-layout":"","theme-transparent-header-meta":"default","adv-header-id-meta":"","stick-header-meta":"","header-above-stick-meta":"","header-main-stick-meta":"","header-below-stick-meta":"","astra-migrate-meta-layouts":"set","_joinchat":[]},"product_cat":[164,153,155,33,59,100,87,34,158,157,154,152,58,84,156,63,32,366],"product_tag":[181,36,37,41,75,40],"class_list":["post-2913","product","type-product","status-publish","has-post-thumbnail","hentry","product_cat-16000-puffs-disposable-vape","product_cat-hot-disposable-vapes","product_cat-belgium-hot-disposable-vapes","product_cat-france-vape-hot-sale","product_cat-germany-hot-disposable-vape","product_cat-germany-wholesale-vape-shop","product_cat-minimum-order-quantity-50pcs","product_cat-netherlands-vape-good-sale","product_cat-norway-hot-disposable-vapes","product_cat-poland-hot-disposable-vapes","product_cat-portugal-hot-disposable-vapes","product_cat-spain-hot-disposable-vapes","product_cat-sweden-hot-disposable-vape","product_cat-sweden-wholesale-vape","product_cat-switzerland-hot-disposable-vapes","product_cat-top-sale-disposable-vape","product_cat-vape-hot-sale-this-week","product_cat-wga-vape","product_tag-16000-puffs","product_tag-good-vape","product_tag-hot-sale-disposable-vape","product_tag-poland-hot-vape","product_tag-randm-vape-9000-puffs","product_tag-sweden-hot-vape","pa_brand-wga-vape","desktop-align-left","tablet-align-left","mobile-align-left"],"yoast_head":"<!-- This site is optimized with the Yoast SEO plugin v21.1 - https:\/\/yoast.com\/wordpress\/plugins\/seo\/ -->\n<title>WGA\u00a0Crystal Plus 16000 Puffs LED Light Disposable Vape\u00a0 - vapebulkp.com<\/title>\n<meta name=\"description\" content=\"WGA Crystal Plus 16K Puffs Disposable Vape \u2013 27ml e-liquid, 650mAh rechargeable battery, 16,000 puffs, rich flavors, long-lasting high-capacity vape.\" \/>\n<meta name=\"robots\" content=\"index, follow, max-snippet:-1, max-image-preview:large, max-video-preview:-1\" \/>\n<link rel=\"canonical\" href=\"https:\/\/vapebulkp.com\/fr\/product\/wga-crystal-plus-16000-puffs-led-light-disposable-vape\/\" \/>\n<meta property=\"og:locale\" content=\"fr_FR\" \/>\n<meta property=\"og:type\" content=\"article\" \/>\n<meta property=\"og:title\" content=\"WGA\u00a0Crystal Plus 16000 Puffs LED Light Disposable Vape\u00a0 - vapebulkp.com\" \/>\n<meta property=\"og:description\" content=\"WGA Crystal Plus 16K Puffs Disposable Vape \u2013 27ml e-liquid, 650mAh rechargeable battery, 16,000 puffs, rich flavors, long-lasting high-capacity vape.\" \/>\n<meta property=\"og:url\" content=\"https:\/\/vapebulkp.com\/fr\/product\/wga-crystal-plus-16000-puffs-led-light-disposable-vape\/\" \/>\n<meta property=\"og:site_name\" content=\"vapebulkp.com\" \/>\n<meta property=\"article:modified_time\" content=\"2025-09-24T03:13:53+00:00\" \/>\n<meta property=\"og:image\" content=\"http:\/\/vapebulkp.com\/wp-content\/uploads\/2024\/09\/Good-WGA-crystal-Plus-Vape-16000-Puffs-Wholesale-Price.jpg\" \/>\n\t<meta property=\"og:image:width\" content=\"1920\" \/>\n\t<meta property=\"og:image:height\" content=\"1580\" \/>\n\t<meta property=\"og:image:type\" content=\"image\/jpeg\" \/>\n<meta name=\"twitter:card\" content=\"summary_large_image\" \/>\n<meta name=\"twitter:label1\" content=\"Dur\u00e9e de lecture estim\u00e9e\" \/>\n\t<meta name=\"twitter:data1\" content=\"4 minutes\" \/>\n<script type=\"application\/ld+json\" class=\"yoast-schema-graph\">{\"@context\":\"https:\/\/schema.org\",\"@graph\":[{\"@type\":\"WebPage\",\"@id\":\"https:\/\/vapebulkp.com\/product\/wga-crystal-plus-16000-puffs-led-light-disposable-vape\/\",\"url\":\"https:\/\/vapebulkp.com\/product\/wga-crystal-plus-16000-puffs-led-light-disposable-vape\/\",\"name\":\"WGA\u00a0Crystal Plus 16000 Puffs LED Light Disposable Vape\u00a0 - vapebulkp.com\",\"isPartOf\":{\"@id\":\"https:\/\/vapebulkp.com\/#website\"},\"datePublished\":\"2024-09-21T03:50:55+00:00\",\"dateModified\":\"2025-09-24T03:13:53+00:00\",\"description\":\"WGA Crystal Plus 16K Puffs Disposable Vape \u2013 27ml e-liquid, 650mAh rechargeable battery, 16,000 puffs, rich flavors, long-lasting high-capacity vape.\",\"breadcrumb\":{\"@id\":\"https:\/\/vapebulkp.com\/product\/wga-crystal-plus-16000-puffs-led-light-disposable-vape\/#breadcrumb\"},\"inLanguage\":\"fr-FR\",\"potentialAction\":[{\"@type\":\"ReadAction\",\"target\":[\"https:\/\/vapebulkp.com\/product\/wga-crystal-plus-16000-puffs-led-light-disposable-vape\/\"]}]},{\"@type\":\"BreadcrumbList\",\"@id\":\"https:\/\/vapebulkp.com\/product\/wga-crystal-plus-16000-puffs-led-light-disposable-vape\/#breadcrumb\",\"itemListElement\":[{\"@type\":\"ListItem\",\"position\":1,\"name\":\"Home\",\"item\":\"https:\/\/vapebulkp.com\/\"},{\"@type\":\"ListItem\",\"position\":2,\"name\":\"Hot Trend Vapes\",\"item\":\"https:\/\/vapebulkp.com\/vape-shop\/\"},{\"@type\":\"ListItem\",\"position\":3,\"name\":\"WGA\u00a0Crystal Plus 16000 Puffs LED Light Disposable Vape\u00a0\"}]},{\"@type\":\"WebSite\",\"@id\":\"https:\/\/vapebulkp.com\/#website\",\"url\":\"https:\/\/vapebulkp.com\/\",\"name\":\"vapebulkp.com\",\"description\":\"Buy Vape In Cheap Bulk Price Near you\",\"publisher\":{\"@id\":\"https:\/\/vapebulkp.com\/#organization\"},\"potentialAction\":[{\"@type\":\"SearchAction\",\"target\":{\"@type\":\"EntryPoint\",\"urlTemplate\":\"https:\/\/vapebulkp.com\/?s={search_term_string}\"},\"query-input\":\"required name=search_term_string\"}],\"inLanguage\":\"fr-FR\"},{\"@type\":\"Organization\",\"@id\":\"https:\/\/vapebulkp.com\/#organization\",\"name\":\"vapebulkp.com\",\"url\":\"https:\/\/vapebulkp.com\/\",\"logo\":{\"@type\":\"ImageObject\",\"inLanguage\":\"fr-FR\",\"@id\":\"https:\/\/vapebulkp.com\/#\/schema\/logo\/image\/\",\"url\":\"https:\/\/vapebulkp.com\/wp-content\/uploads\/2023\/09\/cropped-vapebulkp.png\",\"contentUrl\":\"https:\/\/vapebulkp.com\/wp-content\/uploads\/2023\/09\/cropped-vapebulkp.png\",\"width\":516,\"height\":163,\"caption\":\"vapebulkp.com\"},\"image\":{\"@id\":\"https:\/\/vapebulkp.com\/#\/schema\/logo\/image\/\"}}]}<\/script>\n<!-- \/ Yoast SEO plugin. -->","yoast_head_json":{"title":"WGA\u00a0Crystal Plus 16000 Puffs LED Light Disposable Vape\u00a0 - vapebulkp.com","description":"WGA Crystal Plus 16K Puffs Disposable Vape \u2013 27ml e-liquid, 650mAh rechargeable battery, 16,000 puffs, rich flavors, long-lasting high-capacity vape.","robots":{"index":"index","follow":"follow","max-snippet":"max-snippet:-1","max-image-preview":"max-image-preview:large","max-video-preview":"max-video-preview:-1"},"canonical":"https:\/\/vapebulkp.com\/fr\/product\/wga-crystal-plus-16000-puffs-led-light-disposable-vape\/","og_locale":"fr_FR","og_type":"article","og_title":"WGA\u00a0Crystal Plus 16000 Puffs LED Light Disposable Vape\u00a0 - vapebulkp.com","og_description":"WGA Crystal Plus 16K Puffs Disposable Vape \u2013 27ml e-liquid, 650mAh rechargeable battery, 16,000 puffs, rich flavors, long-lasting high-capacity vape.","og_url":"https:\/\/vapebulkp.com\/fr\/product\/wga-crystal-plus-16000-puffs-led-light-disposable-vape\/","og_site_name":"vapebulkp.com","article_modified_time":"2025-09-24T03:13:53+00:00","og_image":[{"width":1920,"height":1580,"url":"http:\/\/vapebulkp.com\/wp-content\/uploads\/2024\/09\/Good-WGA-crystal-Plus-Vape-16000-Puffs-Wholesale-Price.jpg","type":"image\/jpeg"}],"twitter_card":"summary_large_image","twitter_misc":{"Dur\u00e9e de lecture estim\u00e9e":"4 minutes"},"schema":{"@context":"https:\/\/schema.org","@graph":[{"@type":"WebPage","@id":"https:\/\/vapebulkp.com\/product\/wga-crystal-plus-16000-puffs-led-light-disposable-vape\/","url":"https:\/\/vapebulkp.com\/product\/wga-crystal-plus-16000-puffs-led-light-disposable-vape\/","name":"WGA\u00a0Crystal Plus 16000 Puffs LED Light Disposable Vape\u00a0 - vapebulkp.com","isPartOf":{"@id":"https:\/\/vapebulkp.com\/#website"},"datePublished":"2024-09-21T03:50:55+00:00","dateModified":"2025-09-24T03:13:53+00:00","description":"WGA Crystal Plus 16K Puffs Disposable Vape \u2013 27ml e-liquid, 650mAh rechargeable battery, 16,000 puffs, rich flavors, long-lasting high-capacity vape.","breadcrumb":{"@id":"https:\/\/vapebulkp.com\/product\/wga-crystal-plus-16000-puffs-led-light-disposable-vape\/#breadcrumb"},"inLanguage":"fr-FR","potentialAction":[{"@type":"ReadAction","target":["https:\/\/vapebulkp.com\/product\/wga-crystal-plus-16000-puffs-led-light-disposable-vape\/"]}]},{"@type":"BreadcrumbList","@id":"https:\/\/vapebulkp.com\/product\/wga-crystal-plus-16000-puffs-led-light-disposable-vape\/#breadcrumb","itemListElement":[{"@type":"ListItem","position":1,"name":"Home","item":"https:\/\/vapebulkp.com\/"},{"@type":"ListItem","position":2,"name":"Hot Trend Vapes","item":"https:\/\/vapebulkp.com\/vape-shop\/"},{"@type":"ListItem","position":3,"name":"WGA\u00a0Crystal Plus 16000 Puffs LED Light Disposable Vape\u00a0"}]},{"@type":"WebSite","@id":"https:\/\/vapebulkp.com\/#website","url":"https:\/\/vapebulkp.com\/","name":"vapebulkp.com","description":"Buy Vape In Cheap Bulk Price Near you","publisher":{"@id":"https:\/\/vapebulkp.com\/#organization"},"potentialAction":[{"@type":"SearchAction","target":{"@type":"EntryPoint","urlTemplate":"https:\/\/vapebulkp.com\/?s={search_term_string}"},"query-input":"required name=search_term_string"}],"inLanguage":"fr-FR"},{"@type":"Organization","@id":"https:\/\/vapebulkp.com\/#organization","name":"vapebulkp.com","url":"https:\/\/vapebulkp.com\/","logo":{"@type":"ImageObject","inLanguage":"fr-FR","@id":"https:\/\/vapebulkp.com\/#\/schema\/logo\/image\/","url":"https:\/\/vapebulkp.com\/wp-content\/uploads\/2023\/09\/cropped-vapebulkp.png","contentUrl":"https:\/\/vapebulkp.com\/wp-content\/uploads\/2023\/09\/cropped-vapebulkp.png","width":516,"height":163,"caption":"vapebulkp.com"},"image":{"@id":"https:\/\/vapebulkp.com\/#\/schema\/logo\/image\/"}}]}},"uagb_featured_image_src":{"full":["https:\/\/vapebulkp.com\/wp-content\/uploads\/2024\/09\/Good-WGA-crystal-Plus-Vape-16000-Puffs-Wholesale-Price.jpg",1920,1580,false],"thumbnail":["https:\/\/vapebulkp.com\/wp-content\/uploads\/2024\/09\/Good-WGA-crystal-Plus-Vape-16000-Puffs-Wholesale-Price-150x150.jpg",150,150,true],"medium":["https:\/\/vapebulkp.com\/wp-content\/uploads\/2024\/09\/Good-WGA-crystal-Plus-Vape-16000-Puffs-Wholesale-Price-300x247.jpg",300,247,true],"medium_large":["https:\/\/vapebulkp.com\/wp-content\/uploads\/2024\/09\/Good-WGA-crystal-Plus-Vape-16000-Puffs-Wholesale-Price-768x632.jpg",768,632,true],"large":["https:\/\/vapebulkp.com\/wp-content\/uploads\/2024\/09\/Good-WGA-crystal-Plus-Vape-16000-Puffs-Wholesale-Price-1024x843.jpg",1024,843,true],"1536x1536":["https:\/\/vapebulkp.com\/wp-content\/uploads\/2024\/09\/Good-WGA-crystal-Plus-Vape-16000-Puffs-Wholesale-Price-1536x1264.jpg",1536,1264,true],"2048x2048":["https:\/\/vapebulkp.com\/wp-content\/uploads\/2024\/09\/Good-WGA-crystal-Plus-Vape-16000-Puffs-Wholesale-Price.jpg",1920,1580,false],"trp-custom-language-flag":["https:\/\/vapebulkp.com\/wp-content\/uploads\/2024\/09\/Good-WGA-crystal-Plus-Vape-16000-Puffs-Wholesale-Price.jpg",15,12,false],"woocommerce_thumbnail":["https:\/\/vapebulkp.com\/wp-content\/uploads\/2024\/09\/Good-WGA-crystal-Plus-Vape-16000-Puffs-Wholesale-Price-300x300.jpg",300,300,true],"woocommerce_single":["https:\/\/vapebulkp.com\/wp-content\/uploads\/2024\/09\/Good-WGA-crystal-Plus-Vape-16000-Puffs-Wholesale-Price-600x494.jpg",600,494,true],"woocommerce_gallery_thumbnail":["https:\/\/vapebulkp.com\/wp-content\/uploads\/2024\/09\/Good-WGA-crystal-Plus-Vape-16000-Puffs-Wholesale-Price-100x100.jpg",100,100,true],"wcpr-photo-reviews":["https:\/\/vapebulkp.com\/wp-content\/uploads\/2024\/09\/Good-WGA-crystal-Plus-Vape-16000-Puffs-Wholesale-Price.jpg",500,411,false]},"uagb_author_info":{"display_name":"Mandy vape bulk price","author_link":"https:\/\/vapebulkp.com\/fr\/author\/"},"uagb_comment_info":0,"uagb_excerpt":"Top-Selling WGA Crystal Plus 16K Puffs Disposable Vape Pls Contact Mandy's WhatsApp For Discount Price+8618077105796 NOTE: Prices on our website does not include shipping costs Main reason for purchase 1. Excellent quality and unparalleled performance. 2. Competitive price and fast value. 3. Multiple options and timely delivery. 4. A satisfying shopping experience","_links":{"self":[{"href":"https:\/\/vapebulkp.com\/fr\/wp-json\/wp\/v2\/product\/2913","targetHints":{"allow":["GET"]}}],"collection":[{"href":"https:\/\/vapebulkp.com\/fr\/wp-json\/wp\/v2\/product"}],"about":[{"href":"https:\/\/vapebulkp.com\/fr\/wp-json\/wp\/v2\/types\/product"}],"replies":[{"embeddable":true,"href":"https:\/\/vapebulkp.com\/fr\/wp-json\/wp\/v2\/comments?post=2913"}],"wp:featuredmedia":[{"embeddable":true,"href":"https:\/\/vapebulkp.com\/fr\/wp-json\/wp\/v2\/media\/2905"}],"wp:attachment":[{"href":"https:\/\/vapebulkp.com\/fr\/wp-json\/wp\/v2\/media?parent=2913"}],"wp:term":[{"taxonomy":"product_cat","embeddable":true,"href":"https:\/\/vapebulkp.com\/fr\/wp-json\/wp\/v2\/product_cat?post=2913"},{"taxonomy":"product_tag","embeddable":true,"href":"https:\/\/vapebulkp.com\/fr\/wp-json\/wp\/v2\/product_tag?post=2913"}],"curies":[{"name":"wp","href":"https:\/\/api.w.org\/{rel}","templated":true}]}}