{"id":2920,"date":"2024-09-21T10:54:07","date_gmt":"2024-09-21T08:54:07","guid":{"rendered":"https:\/\/vapebulkp.com\/?post_type=product&#038;p=2920"},"modified":"2025-09-24T05:18:03","modified_gmt":"2025-09-24T03:18:03","slug":"original-bang-vape-box-20k-puff-disposable-vape","status":"publish","type":"product","link":"https:\/\/vapebulkp.com\/fr\/product\/original-bang-vape-box-20k-puff-disposable-vape\/","title":{"rendered":"Vape Bang Box 20K Puff Original Jetable"},"content":{"rendered":"<h2 style=\"text-align: left\">Vape Bang Box 20K Puff Original Jetable<\/h2>\n<p>&nbsp;<\/p>\n<p data-start=\"263\" data-end=\"555\">Le <strong data-start=\"267\" data-end=\"293\">Bo\u00eete Bang Vape 20K Puff<\/strong> est un appareil haut de gamme <a href=\"https:\/\/vapebulkp.com\/fr\/product-category\/20000-puffs-disposable-vape\/\"><strong data-start=\"307\" data-end=\"338\">Vape jetable 20000 bouff\u00e9es<\/strong><\/a> con\u00e7u pour les jeunes hommes europ\u00e9ens recherchant un vapotage haute capacit\u00e9. Dot\u00e9 d'un r\u00e9servoir d'e-liquide de 35 ml avec 5% de sel de nicotine, ce vape jetable offre une saveur douce et riche et une vapeur dense de la premi\u00e8re bouff\u00e9e \u00e0 la derni\u00e8re. Aliment\u00e9 par une batterie rechargeable de 850 mAh, le Prix de Gros <strong data-start=\"604\" data-end=\"630\">Bo\u00eete Bang 20000 Bouff\u00e9es <\/strong>assure des performances durables et une utilisation sans tracas gr\u00e2ce \u00e0 sa conception simple d'activation par inhalation. Ceci <strong data-start=\"732\" data-end=\"765\">cigarette \u00e9lectronique jetable de grande capacit\u00e9<\/strong> \u00e9limine le besoin de recharges ou de chargements fr\u00e9quents, ce qui le rend id\u00e9al pour une utilisation quotidienne, les voyages ou les commandes en gros.<\/p>\n<p data-start=\"878\" data-end=\"1142\">Compact, ergonomique et \u00e9l\u00e9gant, le Vape en Gros <strong data-start=\"915\" data-end=\"941\">Bo\u00eete Bang Vape 20K Bouff\u00e9es\u00a0<\/strong> combine commodit\u00e9, performance et design premium. Exp\u00e9di\u00e9 directement depuis les entrep\u00f4ts de l'UE, il garantit une livraison rapide et une qualit\u00e9 fiable, parfait pour les vapoteurs qui appr\u00e9cient \u00e0 la fois la saveur et l'efficacit\u00e9.<\/p>\n<h6 style=\"text-align: left\"><\/h6>\n<h6>Veuillez contacter le WhatsApp de Mandy pour un prix r\u00e9duit<a href=\"https:\/\/wa.me\/8618077105796\">+8618077105796<\/a><\/h6>\n<p><img decoding=\"async\" class=\"alignnone wp-image-2151\" src=\"http:\/\/vapebulkp.com\/wp-content\/uploads\/2024\/04\/Mandy-WhatsApp-Randm.jpg\" alt=\"WhatsApp Mandy Randm\" width=\"287\" height=\"305\" srcset=\"https:\/\/vapebulkp.com\/wp-content\/uploads\/2024\/04\/Mandy-WhatsApp-Randm.jpg 916w, https:\/\/vapebulkp.com\/wp-content\/uploads\/2024\/04\/Mandy-WhatsApp-Randm-282x300.jpg 282w, https:\/\/vapebulkp.com\/wp-content\/uploads\/2024\/04\/Mandy-WhatsApp-Randm-768x817.jpg 768w, https:\/\/vapebulkp.com\/wp-content\/uploads\/2024\/04\/Mandy-WhatsApp-Randm-600x638.jpg 600w\" sizes=\"(max-width: 287px) 100vw, 287px\" \/><\/p>\n<h5>Vous pourriez aimer conna\u00eetre les kits de vape Bang Box 20000 Puffs :<\/h5>\n<h5>1.Comment utiliser correctement le stylo vape Bang Box 20000 Puffs : un guide \u00e9tape par \u00e9tape pour les d\u00e9butants ?<\/h5>\n<p>\u00c9tape 1. Avant d'utiliser les 20k bouff\u00e9es, retirez le tuyau en plastique.<\/p>\n<p>\u00c9tape 2. Attendez environ 3 minutes pour laisser le jus p\u00e9n\u00e9trer dans la r\u00e9sistance \u00e0 l'int\u00e9rieur.<\/p>\n<p>\u00c9tape 3. Profitez-en<\/p>\n<h5>2.Comment charger l'appareil de vape jetable Bang Box 20000 Puffs : un guide d\u00e9taill\u00e9<\/h5>\n<p>Les chargeurs \u00e0 charge rapide ne peuvent pas \u00eatre utilis\u00e9s, et la puissance de s\u00e9curit\u00e9 standard des cigarettes \u00e9lectroniques jetables est de 5V 1A.<\/p>\n<p>Chaque temps de charge ne peut pas d\u00e9passer 1 heure, et le temps de charge s\u00fbr est d'une demi-heure.<\/p>\n<p><span style=\"color: #ff6600\">Avis : ne pas recharger toute la nuit !<\/span><\/p>\n<h5>3.Quelle est la capacit\u00e9 d'e-liquide du vape Bang Box 20000 Puffs ?<\/h5>\n<p>Le vape Bang Box 20000 Puffs dispose d'une impressionnante capacit\u00e9 d'e-liquide, contenant un g\u00e9n\u00e9reux 35 ml.<\/p>\n<h5>4.Combien de bouff\u00e9es puis-je obtenir du Bang Vape 20000 Puffs ?<\/h5>\n<p>\u2014\u201320000 Bouff\u00e9es<\/p>\n<h5>Caract\u00e9ristiques du pod vape jetable Bang Box 20000 Puffs :<\/h5>\n<p>Jusqu'\u00e0 20000 bouff\u00e9es<br \/>\nLiquide : 35 ml de e-liquide<br \/>\nNic : 01mg 02mg 03mg 05mg<br \/>\nTypes : Jetable<br \/>\nbatterie de 850 mAh<br \/>\nRechargeable Type-c<br \/>\nR\u00e9sistance mesh de 0,8 ohm<br \/>\nLumi\u00e8re LED color\u00e9e<\/p>\n<p>&nbsp;<\/p>\n<h5><strong>Quelles sont les meilleures saveurs de vape jetable Bang Box 20000 Puffs ?<\/strong><\/h5>\n<p>1. Fraise kiwi<br \/>\n2. Kiwi fruit de la passion goyave<br \/>\n3. Fraise past\u00e8que<br \/>\n4. Framboise past\u00e8que<br \/>\n5. Myrtille framboise acidul\u00e9e glac\u00e9e<br \/>\n6. Past\u00e8que glac\u00e9e<br \/>\n7. Banane glac\u00e9e<br \/>\n8. Mangue p\u00eache<br \/>\n9. Myrtille framboise glac\u00e9e<br \/>\n10. Monsieur bleu<br \/>\n11. Raisin glac\u00e9<br \/>\n12. Mangue glac\u00e9e<\/p>\n<p><a href=\"https:\/\/vapebulkp.com\/fr\/product\/popular-randm-tornado-7000puffs-disposable-vape-best-price\/\"><span style=\"vertical-align: inherit\">RandM Tornado 7000 bouff\u00e9es <\/span><\/a><\/p>\n<p><span style=\"vertical-align: inherit\">Trouvez plus de produits qui pourraient vous plaire\uff1a<\/span><em><a href=\"https:\/\/wa.me\/8618077105796\"><span style=\"vertical-align: inherit\">\u00a0Achetez-le maintenant<\/span><\/a><\/em><\/p>\n<p><span style=\"vertical-align: inherit\">Autres Puffs que vous pourriez aimer\uff1a<\/span><a href=\"https:\/\/vapebulkp.com\/fr\/product\/joymy-ultra15000puffs-best-disposable-vape-2023\/\"><span style=\"vertical-align: inherit\">JOYMY 15000 Bouff\u00e9es<\/span><\/a><span style=\"vertical-align: inherit\">\u3001<\/span><a href=\"https:\/\/vapebulkp.com\/fr\/product\/wholesale-randm-tornado-9000-puffs-germany\/\"><span style=\"vertical-align: inherit\">RandM 9000 bouff\u00e9es<\/span><\/a><span style=\"vertical-align: inherit\">\/ <\/span><a href=\"https:\/\/vapebulkp.com\/fr\/product\/bang-king-12000puffs\/\"><span style=\"vertical-align: inherit\">Bang King 12000 Bouff\u00e9es<\/span><\/a><span style=\"vertical-align: inherit\">\/ <\/span><a href=\"https:\/\/vapebulkp.com\/fr\/product\/wholesale-tornado-rum-bar-9000-puffs-sweden\/\"><span style=\"vertical-align: inherit\">Rumbar 9000 Bouff\u00e9es<\/span><\/a><\/p>\n<p><span style=\"vertical-align: inherit\">Bouteille de cigarette \u00e9lectronique de forme sp\u00e9ciale :<\/span><a href=\"https:\/\/vapebulkp.com\/fr\/product\/wholesale-kulx-8000-puffs-disposable-vape\/\"><span style=\"vertical-align: inherit\">\u00a0Kulx 8000 Bouff\u00e9es<\/span><\/a><span style=\"vertical-align: inherit\">\/ <\/span><a href=\"https:\/\/vapebulkp.com\/fr\/product\/popular-bang-king-10000-puffs-vape-good-price\/\"><span style=\"vertical-align: inherit\">\u00a0Bang King 10000 Bouff\u00e9es <\/span><\/a><span style=\"vertical-align: inherit\">\/<\/span><a href=\"https:\/\/vapebulkp.com\/fr\/product\/disposable-vape-crystal-600-puffs\/\"><span style=\"vertical-align: inherit\"> Crystal 600 Bouff\u00e9es<\/span><\/a><\/p>\n<h5>Qualification de production :<\/h5>\n<p><img decoding=\"async\" class=\"alignnone size-full wp-image-1841\" src=\"http:\/\/vapebulkp.com\/wp-content\/uploads\/2023\/11\/Vape-production-process-2.jpeg\" alt=\"Processus de production de vape\" width=\"650\" height=\"434\" srcset=\"https:\/\/vapebulkp.com\/wp-content\/uploads\/2023\/11\/Vape-production-process-2.jpeg 650w, https:\/\/vapebulkp.com\/wp-content\/uploads\/2023\/11\/Vape-production-process-2-300x200.jpeg 300w, https:\/\/vapebulkp.com\/wp-content\/uploads\/2023\/11\/Vape-production-process-2-600x401.jpeg 600w\" sizes=\"(max-width: 650px) 100vw, 650px\" \/><\/p>\n<p><img decoding=\"async\" class=\"alignnone size-full wp-image-1843\" src=\"http:\/\/vapebulkp.com\/wp-content\/uploads\/2023\/11\/Vape-production-process.jpeg\" alt=\"Processus de production de vape\" width=\"641\" height=\"1026\" srcset=\"https:\/\/vapebulkp.com\/wp-content\/uploads\/2023\/11\/Vape-production-process.jpeg 641w, https:\/\/vapebulkp.com\/wp-content\/uploads\/2023\/11\/Vape-production-process-187x300.jpeg 187w, https:\/\/vapebulkp.com\/wp-content\/uploads\/2023\/11\/Vape-production-process-640x1024.jpeg 640w, https:\/\/vapebulkp.com\/wp-content\/uploads\/2023\/11\/Vape-production-process-600x960.jpeg 600w\" sizes=\"(max-width: 641px) 100vw, 641px\" \/><\/p>\n<h5>FAQ :<\/h5>\n<p>Q: Quel est le MOQ de Bang Box 20k puffs ?<br \/>\nR : La commande minimale est de 50 pi\u00e8ces.<br \/>\nQ : Quel est le d\u00e9lai de livraison pour les vapes command\u00e9es ?<br \/>\nR : Il est g\u00e9n\u00e9ralement de 10 \u00e0 15 jours apr\u00e8s l'exp\u00e9dition.<br \/>\nQ: Quel est le co\u00fbt d'exp\u00e9dition ? R: Le co\u00fbt d'exp\u00e9dition d\u00e9pend du poids. Diff\u00e9rentes quantit\u00e9s ont des co\u00fbts d'exp\u00e9dition diff\u00e9rents, veuillez nous contacter pour confirmer le co\u00fbt d'exp\u00e9dition.<\/p>\n<h4>D\u00e9tails d'exp\u00e9dition :<\/h4>\n<p><span style=\"color: #ff6600\">D\u00e9lai de production : 5-10 jours ouvrables<\/span><br \/>\n<span style=\"color: #ff6600\">D\u00e9lai de livraison : 8-14 jours ouvrables<\/span><\/p>\n<p>Tous les produits de notre boutique sont 100% originaux et authentiques, c'est pourquoi nous avons pour politique de rembourser dix fois le prix des produits contrefaits. Nous utilisons des canaux logistiques tels que UPS\/DHL\/FEDEX\/DPD pour vous livrer les marchandises.<\/p>\n<p>Pour les colis exp\u00e9di\u00e9s en France, il faut g\u00e9n\u00e9ralement 10 jours ouvrables pour qu'ils arrivent. L'exp\u00e9dition vers les pays europ\u00e9ens prend g\u00e9n\u00e9ralement de 12 \u00e0 15 jours ouvrables. Nous mettrons \u00e0 jour les informations logistiques pour vous en temps r\u00e9el.<\/p>","protected":false},"excerpt":{"rendered":"<p>Vape haute capacit\u00e9 Bang Box 20000 Puffs<\/p>\n<p>Vape jetable \u00e0 usage prolong\u00e9 Bang Box 20000 Puffs<\/p>\n<p>Vape jetable rechargeable<\/p>\n<p><img decoding=\"async\" class=\"alignnone wp-image-2151\" src=\"http:\/\/vapebulkp.com\/wp-content\/uploads\/2024\/04\/Mandy-WhatsApp-Randm.jpg\" alt=\"WhatsApp Mandy Randm\" width=\"234\" height=\"249\" srcset=\"https:\/\/vapebulkp.com\/wp-content\/uploads\/2024\/04\/Mandy-WhatsApp-Randm.jpg 916w, https:\/\/vapebulkp.com\/wp-content\/uploads\/2024\/04\/Mandy-WhatsApp-Randm-282x300.jpg 282w, https:\/\/vapebulkp.com\/wp-content\/uploads\/2024\/04\/Mandy-WhatsApp-Randm-768x817.jpg 768w, https:\/\/vapebulkp.com\/wp-content\/uploads\/2024\/04\/Mandy-WhatsApp-Randm-600x638.jpg 600w\" sizes=\"(max-width: 234px) 100vw, 234px\" \/><\/p>\n<p>Veuillez contacter le WhatsApp de Mandy pour un prix r\u00e9duit<a href=\"https:\/\/wa.me\/8618077105796\">+8618077105796<\/a><\/p>\n<p><span style=\"color: #ff0000\">REMARQUE : Les prix sur notre site web n'incluent pas les frais de port<\/span><\/p>\n<p>&nbsp;<\/p>","protected":false},"featured_media":2917,"comment_status":"open","ping_status":"closed","template":"","meta":{"_uag_custom_page_level_css":"","_lmt_disableupdate":"no","_lmt_disable":"","site-sidebar-layout":"default","site-content-layout":"content-boxed-container","ast-site-content-layout":"normal-width-container","site-content-style":"boxed","site-sidebar-style":"unboxed","ast-global-header-display":"","ast-banner-title-visibility":"","ast-main-header-display":"","ast-hfb-above-header-display":"","ast-hfb-below-header-display":"","ast-hfb-mobile-header-display":"","site-post-title":"","ast-breadcrumbs-content":"","ast-featured-img":"","footer-sml-layout":"","theme-transparent-header-meta":"default","adv-header-id-meta":"","stick-header-meta":"","header-above-stick-meta":"","header-main-stick-meta":"","header-below-stick-meta":"","astra-migrate-meta-layouts":"set","_joinchat":[]},"product_cat":[162,153,345,155,33,59,100,34,158,157,154,152,58,84,156,63,32],"product_tag":[109,36,37,41,40],"class_list":["post-2920","product","type-product","status-publish","has-post-thumbnail","hentry","product_cat-20000-puffs-disposable-vape","product_cat-hot-disposable-vapes","product_cat-bang-vapes","product_cat-belgium-hot-disposable-vapes","product_cat-france-vape-hot-sale","product_cat-germany-hot-disposable-vape","product_cat-germany-wholesale-vape-shop","product_cat-netherlands-vape-good-sale","product_cat-norway-hot-disposable-vapes","product_cat-poland-hot-disposable-vapes","product_cat-portugal-hot-disposable-vapes","product_cat-spain-hot-disposable-vapes","product_cat-sweden-hot-disposable-vape","product_cat-sweden-wholesale-vape","product_cat-switzerland-hot-disposable-vapes","product_cat-top-sale-disposable-vape","product_cat-vape-hot-sale-this-week","product_tag-20000-puffs","product_tag-good-vape","product_tag-hot-sale-disposable-vape","product_tag-poland-hot-vape","product_tag-sweden-hot-vape","pa_brand-bang-vape","desktop-align-left","tablet-align-left","mobile-align-left"],"yoast_head":"<!-- This site is optimized with the Yoast SEO plugin v21.1 - https:\/\/yoast.com\/wordpress\/plugins\/seo\/ -->\n<title>Original Bang Vape Box 20K Puff Disposable Vape - vapebulkp.com<\/title>\n<meta name=\"description\" content=\"Get the Bang Vape Box 20K Puff Vape Wholesale, a high-capacity 20000 Puffs Disposable Vape with smooth flavor and long-lasting battery. Order from EU warehouses now!\" \/>\n<meta name=\"robots\" content=\"index, follow, max-snippet:-1, max-image-preview:large, max-video-preview:-1\" \/>\n<link rel=\"canonical\" href=\"https:\/\/vapebulkp.com\/fr\/product\/original-bang-vape-box-20k-puff-disposable-vape\/\" \/>\n<meta property=\"og:locale\" content=\"fr_FR\" \/>\n<meta property=\"og:type\" content=\"article\" \/>\n<meta property=\"og:title\" content=\"Original Bang Vape Box 20K Puff Disposable Vape - vapebulkp.com\" \/>\n<meta property=\"og:description\" content=\"Get the Bang Vape Box 20K Puff Vape Wholesale, a high-capacity 20000 Puffs Disposable Vape with smooth flavor and long-lasting battery. Order from EU warehouses now!\" \/>\n<meta property=\"og:url\" content=\"https:\/\/vapebulkp.com\/fr\/product\/original-bang-vape-box-20k-puff-disposable-vape\/\" \/>\n<meta property=\"og:site_name\" content=\"vapebulkp.com\" \/>\n<meta property=\"article:modified_time\" content=\"2025-09-24T03:18:03+00:00\" \/>\n<meta property=\"og:image\" content=\"http:\/\/vapebulkp.com\/wp-content\/uploads\/2024\/09\/Bang-Box-20k-Puff-Randm-Tornado-20k-VAPE.png\" \/>\n\t<meta property=\"og:image:width\" content=\"1277\" \/>\n\t<meta property=\"og:image:height\" content=\"1276\" \/>\n\t<meta property=\"og:image:type\" content=\"image\/png\" \/>\n<meta name=\"twitter:card\" content=\"summary_large_image\" \/>\n<meta name=\"twitter:label1\" content=\"Dur\u00e9e de lecture estim\u00e9e\" \/>\n\t<meta name=\"twitter:data1\" content=\"4 minutes\" \/>\n<script type=\"application\/ld+json\" class=\"yoast-schema-graph\">{\"@context\":\"https:\/\/schema.org\",\"@graph\":[{\"@type\":\"WebPage\",\"@id\":\"https:\/\/vapebulkp.com\/product\/original-bang-vape-box-20k-puff-disposable-vape\/\",\"url\":\"https:\/\/vapebulkp.com\/product\/original-bang-vape-box-20k-puff-disposable-vape\/\",\"name\":\"Original Bang Vape Box 20K Puff Disposable Vape - vapebulkp.com\",\"isPartOf\":{\"@id\":\"https:\/\/vapebulkp.com\/#website\"},\"datePublished\":\"2024-09-21T08:54:07+00:00\",\"dateModified\":\"2025-09-24T03:18:03+00:00\",\"description\":\"Get the Bang Vape Box 20K Puff Vape Wholesale, a high-capacity 20000 Puffs Disposable Vape with smooth flavor and long-lasting battery. Order from EU warehouses now!\",\"breadcrumb\":{\"@id\":\"https:\/\/vapebulkp.com\/product\/original-bang-vape-box-20k-puff-disposable-vape\/#breadcrumb\"},\"inLanguage\":\"fr-FR\",\"potentialAction\":[{\"@type\":\"ReadAction\",\"target\":[\"https:\/\/vapebulkp.com\/product\/original-bang-vape-box-20k-puff-disposable-vape\/\"]}]},{\"@type\":\"BreadcrumbList\",\"@id\":\"https:\/\/vapebulkp.com\/product\/original-bang-vape-box-20k-puff-disposable-vape\/#breadcrumb\",\"itemListElement\":[{\"@type\":\"ListItem\",\"position\":1,\"name\":\"Home\",\"item\":\"https:\/\/vapebulkp.com\/\"},{\"@type\":\"ListItem\",\"position\":2,\"name\":\"Hot Trend Vapes\",\"item\":\"https:\/\/vapebulkp.com\/vape-shop\/\"},{\"@type\":\"ListItem\",\"position\":3,\"name\":\"Original Bang Vape Box 20K Puff Disposable Vape\"}]},{\"@type\":\"WebSite\",\"@id\":\"https:\/\/vapebulkp.com\/#website\",\"url\":\"https:\/\/vapebulkp.com\/\",\"name\":\"vapebulkp.com\",\"description\":\"Buy Vape In Cheap Bulk Price Near you\",\"publisher\":{\"@id\":\"https:\/\/vapebulkp.com\/#organization\"},\"potentialAction\":[{\"@type\":\"SearchAction\",\"target\":{\"@type\":\"EntryPoint\",\"urlTemplate\":\"https:\/\/vapebulkp.com\/?s={search_term_string}\"},\"query-input\":\"required name=search_term_string\"}],\"inLanguage\":\"fr-FR\"},{\"@type\":\"Organization\",\"@id\":\"https:\/\/vapebulkp.com\/#organization\",\"name\":\"vapebulkp.com\",\"url\":\"https:\/\/vapebulkp.com\/\",\"logo\":{\"@type\":\"ImageObject\",\"inLanguage\":\"fr-FR\",\"@id\":\"https:\/\/vapebulkp.com\/#\/schema\/logo\/image\/\",\"url\":\"https:\/\/vapebulkp.com\/wp-content\/uploads\/2023\/09\/cropped-vapebulkp.png\",\"contentUrl\":\"https:\/\/vapebulkp.com\/wp-content\/uploads\/2023\/09\/cropped-vapebulkp.png\",\"width\":516,\"height\":163,\"caption\":\"vapebulkp.com\"},\"image\":{\"@id\":\"https:\/\/vapebulkp.com\/#\/schema\/logo\/image\/\"}}]}<\/script>\n<!-- \/ Yoast SEO plugin. -->","yoast_head_json":{"title":"Original Bang Vape Box 20K Puff Disposable Vape - vapebulkp.com","description":"Get the Bang Vape Box 20K Puff Vape Wholesale, a high-capacity 20000 Puffs Disposable Vape with smooth flavor and long-lasting battery. Order from EU warehouses now!","robots":{"index":"index","follow":"follow","max-snippet":"max-snippet:-1","max-image-preview":"max-image-preview:large","max-video-preview":"max-video-preview:-1"},"canonical":"https:\/\/vapebulkp.com\/fr\/product\/original-bang-vape-box-20k-puff-disposable-vape\/","og_locale":"fr_FR","og_type":"article","og_title":"Original Bang Vape Box 20K Puff Disposable Vape - vapebulkp.com","og_description":"Get the Bang Vape Box 20K Puff Vape Wholesale, a high-capacity 20000 Puffs Disposable Vape with smooth flavor and long-lasting battery. Order from EU warehouses now!","og_url":"https:\/\/vapebulkp.com\/fr\/product\/original-bang-vape-box-20k-puff-disposable-vape\/","og_site_name":"vapebulkp.com","article_modified_time":"2025-09-24T03:18:03+00:00","og_image":[{"width":1277,"height":1276,"url":"http:\/\/vapebulkp.com\/wp-content\/uploads\/2024\/09\/Bang-Box-20k-Puff-Randm-Tornado-20k-VAPE.png","type":"image\/png"}],"twitter_card":"summary_large_image","twitter_misc":{"Dur\u00e9e de lecture estim\u00e9e":"4 minutes"},"schema":{"@context":"https:\/\/schema.org","@graph":[{"@type":"WebPage","@id":"https:\/\/vapebulkp.com\/product\/original-bang-vape-box-20k-puff-disposable-vape\/","url":"https:\/\/vapebulkp.com\/product\/original-bang-vape-box-20k-puff-disposable-vape\/","name":"Original Bang Vape Box 20K Puff Disposable Vape - vapebulkp.com","isPartOf":{"@id":"https:\/\/vapebulkp.com\/#website"},"datePublished":"2024-09-21T08:54:07+00:00","dateModified":"2025-09-24T03:18:03+00:00","description":"Get the Bang Vape Box 20K Puff Vape Wholesale, a high-capacity 20000 Puffs Disposable Vape with smooth flavor and long-lasting battery. Order from EU warehouses now!","breadcrumb":{"@id":"https:\/\/vapebulkp.com\/product\/original-bang-vape-box-20k-puff-disposable-vape\/#breadcrumb"},"inLanguage":"fr-FR","potentialAction":[{"@type":"ReadAction","target":["https:\/\/vapebulkp.com\/product\/original-bang-vape-box-20k-puff-disposable-vape\/"]}]},{"@type":"BreadcrumbList","@id":"https:\/\/vapebulkp.com\/product\/original-bang-vape-box-20k-puff-disposable-vape\/#breadcrumb","itemListElement":[{"@type":"ListItem","position":1,"name":"Home","item":"https:\/\/vapebulkp.com\/"},{"@type":"ListItem","position":2,"name":"Hot Trend Vapes","item":"https:\/\/vapebulkp.com\/vape-shop\/"},{"@type":"ListItem","position":3,"name":"Original Bang Vape Box 20K Puff Disposable Vape"}]},{"@type":"WebSite","@id":"https:\/\/vapebulkp.com\/#website","url":"https:\/\/vapebulkp.com\/","name":"vapebulkp.com","description":"Buy Vape In Cheap Bulk Price Near you","publisher":{"@id":"https:\/\/vapebulkp.com\/#organization"},"potentialAction":[{"@type":"SearchAction","target":{"@type":"EntryPoint","urlTemplate":"https:\/\/vapebulkp.com\/?s={search_term_string}"},"query-input":"required name=search_term_string"}],"inLanguage":"fr-FR"},{"@type":"Organization","@id":"https:\/\/vapebulkp.com\/#organization","name":"vapebulkp.com","url":"https:\/\/vapebulkp.com\/","logo":{"@type":"ImageObject","inLanguage":"fr-FR","@id":"https:\/\/vapebulkp.com\/#\/schema\/logo\/image\/","url":"https:\/\/vapebulkp.com\/wp-content\/uploads\/2023\/09\/cropped-vapebulkp.png","contentUrl":"https:\/\/vapebulkp.com\/wp-content\/uploads\/2023\/09\/cropped-vapebulkp.png","width":516,"height":163,"caption":"vapebulkp.com"},"image":{"@id":"https:\/\/vapebulkp.com\/#\/schema\/logo\/image\/"}}]}},"uagb_featured_image_src":{"full":["https:\/\/vapebulkp.com\/wp-content\/uploads\/2024\/09\/Bang-Box-20k-Puff-Randm-Tornado-20k-VAPE.png",1277,1276,false],"thumbnail":["https:\/\/vapebulkp.com\/wp-content\/uploads\/2024\/09\/Bang-Box-20k-Puff-Randm-Tornado-20k-VAPE-150x150.png",150,150,true],"medium":["https:\/\/vapebulkp.com\/wp-content\/uploads\/2024\/09\/Bang-Box-20k-Puff-Randm-Tornado-20k-VAPE-300x300.png",300,300,true],"medium_large":["https:\/\/vapebulkp.com\/wp-content\/uploads\/2024\/09\/Bang-Box-20k-Puff-Randm-Tornado-20k-VAPE-768x767.png",768,767,true],"large":["https:\/\/vapebulkp.com\/wp-content\/uploads\/2024\/09\/Bang-Box-20k-Puff-Randm-Tornado-20k-VAPE-1024x1024.png",1024,1024,true],"1536x1536":["https:\/\/vapebulkp.com\/wp-content\/uploads\/2024\/09\/Bang-Box-20k-Puff-Randm-Tornado-20k-VAPE.png",1277,1276,false],"2048x2048":["https:\/\/vapebulkp.com\/wp-content\/uploads\/2024\/09\/Bang-Box-20k-Puff-Randm-Tornado-20k-VAPE.png",1277,1276,false],"trp-custom-language-flag":["https:\/\/vapebulkp.com\/wp-content\/uploads\/2024\/09\/Bang-Box-20k-Puff-Randm-Tornado-20k-VAPE.png",12,12,false],"woocommerce_thumbnail":["https:\/\/vapebulkp.com\/wp-content\/uploads\/2024\/09\/Bang-Box-20k-Puff-Randm-Tornado-20k-VAPE-300x300.png",300,300,true],"woocommerce_single":["https:\/\/vapebulkp.com\/wp-content\/uploads\/2024\/09\/Bang-Box-20k-Puff-Randm-Tornado-20k-VAPE-600x600.png",600,600,true],"woocommerce_gallery_thumbnail":["https:\/\/vapebulkp.com\/wp-content\/uploads\/2024\/09\/Bang-Box-20k-Puff-Randm-Tornado-20k-VAPE-100x100.png",100,100,true],"wcpr-photo-reviews":["https:\/\/vapebulkp.com\/wp-content\/uploads\/2024\/09\/Bang-Box-20k-Puff-Randm-Tornado-20k-VAPE.png",500,500,false]},"uagb_author_info":{"display_name":"Mandy vape bulk price","author_link":"https:\/\/vapebulkp.com\/fr\/author\/"},"uagb_comment_info":0,"uagb_excerpt":"Bang Box 20000 Puffs High-capacity vape Extended-use disposable vape\u00a0 Bang Box 20000 Puffs Rechargeable disposable vape Pls Contact Mandy's WhatsApp For Discount Price+8618077105796 NOTE: Prices on our website does not include shipping costs &nbsp;","_links":{"self":[{"href":"https:\/\/vapebulkp.com\/fr\/wp-json\/wp\/v2\/product\/2920","targetHints":{"allow":["GET"]}}],"collection":[{"href":"https:\/\/vapebulkp.com\/fr\/wp-json\/wp\/v2\/product"}],"about":[{"href":"https:\/\/vapebulkp.com\/fr\/wp-json\/wp\/v2\/types\/product"}],"replies":[{"embeddable":true,"href":"https:\/\/vapebulkp.com\/fr\/wp-json\/wp\/v2\/comments?post=2920"}],"wp:featuredmedia":[{"embeddable":true,"href":"https:\/\/vapebulkp.com\/fr\/wp-json\/wp\/v2\/media\/2917"}],"wp:attachment":[{"href":"https:\/\/vapebulkp.com\/fr\/wp-json\/wp\/v2\/media?parent=2920"}],"wp:term":[{"taxonomy":"product_cat","embeddable":true,"href":"https:\/\/vapebulkp.com\/fr\/wp-json\/wp\/v2\/product_cat?post=2920"},{"taxonomy":"product_tag","embeddable":true,"href":"https:\/\/vapebulkp.com\/fr\/wp-json\/wp\/v2\/product_tag?post=2920"}],"curies":[{"name":"wp","href":"https:\/\/api.w.org\/{rel}","templated":true}]}}