{"id":2927,"date":"2024-09-24T10:27:32","date_gmt":"2024-09-24T08:27:32","guid":{"rendered":"https:\/\/vapebulkp.com\/?post_type=product&#038;p=2927"},"modified":"2025-09-24T05:16:28","modified_gmt":"2025-09-24T03:16:28","slug":"waspe-tornado-vape-30k-puffs-fihp-best-long-lasting-vape","status":"publish","type":"product","link":"https:\/\/vapebulkp.com\/fr\/product\/waspe-tornado-vape-30k-puffs-fihp-best-long-lasting-vape\/","title":{"rendered":"WASPE Tornado Vape 30k Bouff\u00e9es FIHP Meilleure Vape Longue Dur\u00e9e"},"content":{"rendered":"<h1 style=\"text-align: left\">WASPE Tornado Vape 30k Bouff\u00e9es FIHP Meilleur Vape Longue Dur\u00e9e<\/h1>\n<p data-start=\"205\" data-end=\"513\">Le <strong data-start=\"209\" data-end=\"241\">Vape WASPE Tornado 30k bouff\u00e9es<\/strong> est un appareil haute performance <a href=\"https:\/\/vapebulkp.com\/fr\/product-category\/30000-puff-disposable-vape\/\"><strong data-start=\"264\" data-end=\"295\">30000 Puffs Cigarette \u00c9lectronique Jetable<\/strong> <\/a>con\u00e7u pour les jeunes hommes europ\u00e9ens. Avec ses deux modes de puissance\u201412W R\u00e9gulier et 25W Turbo\u2014il offre une vapeur lisse et dense et une intensit\u00e9 personnalisable pour chaque bouff\u00e9e, ce qui en fait un excellent choix pour <strong data-start=\"479\" data-end=\"510\">les vapes aux sels de nicotine de haute qualit\u00e9<\/strong>.<\/p>\n<p data-start=\"515\" data-end=\"1001\">\u00c9quip\u00e9 d'un syst\u00e8me avanc\u00e9 <strong data-start=\"538\" data-end=\"567\">technologie \u00e0 double r\u00e9sistance en maille<\/strong>, un r\u00e9servoir de 28ml de <strong data-start=\"576\" data-end=\"601\">e-liquide de premi\u00e8re qualit\u00e9<\/strong>et une <strong data-start=\"617\" data-end=\"646\">batterie de vape rechargeable<\/strong> de 850mAh avec charge rapide Type-C, il offre une <strong data-start=\"686\" data-end=\"709\">saveur longue dur\u00e9e<\/strong> et une exp\u00e9rience de vapotage ininterrompue. Avec 5% de sel de nicotine, il procure un coup de gorge fort tout en maintenant des nuages riches et constants. Compact, \u00e9l\u00e9gant et fiable, le <strong data-start=\"868\" data-end=\"900\">Vape WASPE Tornado 30k bouff\u00e9es<\/strong> est id\u00e9al comme <strong data-start=\"915\" data-end=\"948\">cigarette \u00e9lectronique jetable de grande capacit\u00e9<\/strong> pour une utilisation quotidienne, les voyages ou les <a href=\"https:\/\/vapebulkp.com\/fr\/ot-disposable-vapes-europe\/\"><strong>commandes en gros de vapes en France<\/strong><\/a>.<\/p>\n<p><img decoding=\"async\" class=\"alignnone wp-image-2923\" src=\"http:\/\/vapebulkp.com\/wp-content\/uploads\/2024\/09\/FIHP-WASPE-30000-Puff-Tornado-Vape.jpg\" alt=\"FIHP WASPE 30000 Bouff\u00e9es Tornado Vape\" width=\"607\" height=\"597\" srcset=\"https:\/\/vapebulkp.com\/wp-content\/uploads\/2024\/09\/FIHP-WASPE-30000-Puff-Tornado-Vape.jpg 929w, https:\/\/vapebulkp.com\/wp-content\/uploads\/2024\/09\/FIHP-WASPE-30000-Puff-Tornado-Vape-300x295.jpg 300w, https:\/\/vapebulkp.com\/wp-content\/uploads\/2024\/09\/FIHP-WASPE-30000-Puff-Tornado-Vape-768x756.jpg 768w, https:\/\/vapebulkp.com\/wp-content\/uploads\/2024\/09\/FIHP-WASPE-30000-Puff-Tornado-Vape-600x590.jpg 600w\" sizes=\"(max-width: 607px) 100vw, 607px\" \/><\/p>\n<h6>Veuillez contacter le WhatsApp de Mandy pour un prix r\u00e9duit<a href=\"https:\/\/wa.me\/8618077105796\">+8618077105796<\/a><\/h6>\n<p><img decoding=\"async\" class=\"alignnone wp-image-2151\" src=\"http:\/\/vapebulkp.com\/wp-content\/uploads\/2024\/04\/Mandy-WhatsApp-Randm.jpg\" alt=\"WhatsApp Mandy Randm\" width=\"324\" height=\"330\" \/><\/p>\n<h2>Vous pourriez \u00eatre int\u00e9ress\u00e9 par la vape jetable rechargeable WASPE FIHP 30k bouff\u00e9es :<\/h2>\n<p>&nbsp;<\/p>\n<h5>1. Combien de temps dure la batterie du WASPE FIHP Vape 30k bouff\u00e9es ?<\/h5>\n<p>Le WASPE FIHP Vape est aliment\u00e9 par une <strong>batterie rechargeable de 850mAh<\/strong>. Avec deux modes de puissance (Mode r\u00e9gulier 12W pour 30 000 bouff\u00e9es et Mode Turbo 25W pour 15 000 bouff\u00e9es), la batterie est con\u00e7ue pour durer plusieurs sessions, offrant une exp\u00e9rience sans tracas.<\/p>\n<h5>2.La cigarette \u00e9lectronique WASPE FIHP 30k Puffs est-elle facile \u00e0 recharger, et combien de temps faut-il pour une charge compl\u00e8te ?<\/h5>\n<p>Oui, l'appareil est \u00e9quip\u00e9 d'une <strong>Type-C<\/strong> pour une recharge rapide et pratique. Il faut g\u00e9n\u00e9ralement environ <strong>1-2 heures<\/strong> pour recharger compl\u00e8tement la batterie de 850mAh, ce qui permet de vapoter en continu avec un temps d'arr\u00eat minimal.<\/p>\n<p><span style=\"color: #ff6600\">Avis : ne pas recharger toute la nuit !<\/span><\/p>\n<h5>3.Quelle est la teneur en nicotine de la cigarette \u00e9lectronique WASPE FIHP 30k Puffs ?<\/h5>\n<p>La cigarette \u00e9lectronique WASPE FIHP est livr\u00e9e avec un <strong>2%,<\/strong> <strong>5% de nicotine<\/strong>, offrant un hit satisfaisant pour les vapoteurs exp\u00e9riment\u00e9s, ce qui la rend populaire aupr\u00e8s des clients dans des pays comme <strong>France<\/strong> et <strong>Italie<\/strong>, o\u00f9 les produits \u00e0 forte teneur en nicotine sont souvent tr\u00e8s demand\u00e9s.<\/p>\n<h5>4.La cigarette \u00e9lectronique WASPE FIHP 30k Puffs est-elle conforme \u00e0 la r\u00e9glementation europ\u00e9enne TPD ?<\/h5>\n<p>La cigarette \u00e9lectronique WASPE FIHP est conforme aux r\u00e9glementations <strong>europ\u00e9ennes TPD (Directive sur les produits du tabac)<\/strong> , offrant une <strong>2%<\/strong> ,<strong>5% de nicotine<\/strong> qui r\u00e9pond aux exigences l\u00e9gales dans les pays o\u00f9 de telles concentrations sont autoris\u00e9es. Veuillez vous assurer de la conformit\u00e9 avec les r\u00e9glementations sp\u00e9cifiques de votre pays avant l'achat.<\/p>\n<h5>5. Comment la cigarette \u00e9lectronique WASPE FIHP 30k Puffs se compare-t-elle aux autres cigarettes \u00e9lectroniques jetables sur le march\u00e9 ?<\/h5>\n<p>La cigarette \u00e9lectronique WASPE FIHP 30k Puffs se distingue par ses <strong>options de mode de double puissance<\/strong>, <strong>grande capacit\u00e9 de e-liquide<\/strong>, et <strong>et sa production de vapeur douce<\/strong> gr\u00e2ce \u00e0 des doubles bobines maill\u00e9es. Elle offre plus de bouff\u00e9es que les cigarettes \u00e9lectroniques jetables standard et donne aux utilisateurs la possibilit\u00e9 de choisir entre des sessions de vapotage prolong\u00e9es ou intenses.<\/p>\n<p>&nbsp;<\/p>\n<h3>Vape \u00e0 tirage activ\u00e9 WASPE FIHP 30000 Puffs Caract\u00e9ristiques :<\/h3>\n<p>&nbsp;<\/p>\n<ul>\n<li>Capacit\u00e9 d'e-liquide : Cartouche d'e-liquide pr\u00e9-remplie de 28 ml<\/li>\n<li>Taux de nicotine : 2\/5 % de sel de nicotine<\/li>\n<li>Chargeur <strong>:\u00a0<\/strong>Type C<\/li>\n<li>Batterie : Aliment\u00e9 par un <strong>batterie rechargeable de 850mAh<\/strong>, offrant une utilisation prolong\u00e9e et des performances fiables.<\/li>\n<li>Capacit\u00e9 de bouff\u00e9e : Jusqu'\u00e0 <strong>30 000 bouff\u00e9es<\/strong> en mode r\u00e9gulier et <strong>15 000 bouff\u00e9es<\/strong> en mode turbo.<\/li>\n<li>Technologie avanc\u00e9e : \u00c9quip\u00e9 d'une <strong>technologie de double bobine maill\u00e9e<\/strong>, assurant une production de vapeur douce et constante \u00e0 chaque bouff\u00e9e.<\/li>\n<\/ul>\n<h3><strong>Long Last Vape WASPE FIHP 30k Bouff\u00e9es Liste des saveurs :<\/strong><\/h3>\n<ol>\n<li><strong>Fraise Mangue<\/strong><\/li>\n<li><strong>Baies m\u00e9lang\u00e9es<\/strong><\/li>\n<li><strong>Glace \u00e0 la past\u00e8que<\/strong><\/li>\n<li><strong>Fraise Past\u00e8que<\/strong><\/li>\n<li><strong>Red Bull \u00e0 la fraise<\/strong><\/li>\n<li><strong>Goyave Fruit de la Passion Kiwi<\/strong><\/li>\n<li><strong>Raisin glac\u00e9<\/strong><\/li>\n<li><strong>Glace Double Pomme<\/strong><\/li>\n<li><strong>Framboise Bleue<\/strong><\/li>\n<li><strong>Glace Mangue Past\u00e8que<\/strong><\/li>\n<li><strong>Glace myrtille<\/strong><\/li>\n<li><strong>P\u00eache Baie<\/strong><\/li>\n<li><strong>Fraise Kiwi<\/strong><\/li>\n<li><strong>Glace \u00e0 la cerise<\/strong><\/li>\n<li><strong>Cerise Superburst Fraise<\/strong><\/li>\n<li><strong>Chewing-gum Past\u00e8que<\/strong><\/li>\n<\/ol>\n<p><a href=\"https:\/\/vapebulkp.com\/fr\/product\/popular-randm-tornado-7000puffs-disposable-vape-best-price\/\"><span style=\"vertical-align: inherit\">RandM Tornado 7000 bouff\u00e9es <\/span><\/a><\/p>\n<p><span style=\"vertical-align: inherit\">Trouvez plus de produits qui pourraient vous plaire\uff1a<\/span><em><a href=\"https:\/\/wa.me\/8618077105796\"><span style=\"vertical-align: inherit\">\u00a0Achetez-le maintenant<\/span><\/a><\/em><\/p>\n<p><span style=\"vertical-align: inherit\">Autres Puffs que vous pourriez aimer\uff1a<\/span><a href=\"https:\/\/vapebulkp.com\/fr\/product\/bang-with-a-vape-gear-20000-puffs-discount-price\/\"><span style=\"vertical-align: inherit\">Vape Bang Gear 20000 Bouff\u00e9es<\/span><\/a><span style=\"vertical-align: inherit\">\u3001<\/span><a href=\"https:\/\/vapebulkp.com\/fr\/product\/wholesale-randm-tornado-9000-puffs-germany\/\"><span style=\"vertical-align: inherit\">RandM 9000 bouff\u00e9es<\/span><\/a><span style=\"vertical-align: inherit\">\/ <\/span><a href=\"https:\/\/vapebulkp.com\/fr\/product\/bang-king-12000puffs\/\"><span style=\"vertical-align: inherit\">Bang King 12000 Bouff\u00e9es<\/span><\/a><span style=\"vertical-align: inherit\">\/ <\/span><a href=\"https:\/\/vapebulkp.com\/fr\/product\/uzy-qute-800-puffs-original-disposable-vape\/\"><span style=\"vertical-align: inherit\">UZY QUTE 800 bouff\u00e9es<\/span><\/a><\/p>\n<p><span style=\"vertical-align: inherit\">Bouteille de cigarette \u00e9lectronique de forme sp\u00e9ciale :<\/span><a href=\"https:\/\/vapebulkp.com\/fr\/product\/original-vape-bang-tn-12000-puffs-bang-vape\/\"><span style=\"vertical-align: inherit\"> Bang TN 12000 Bouff\u00e9es<\/span><\/a><span style=\"vertical-align: inherit\">\/ <\/span><a href=\"https:\/\/vapebulkp.com\/fr\/fi\/product\/best-price-wga-crystal-pro-max-15k-puffs-original-vape\/\"><span style=\"vertical-align: inherit\">\u00a0WGA Crystal pro max 15k bouff\u00e9es <\/span><\/a><span style=\"vertical-align: inherit\">\/<\/span><a href=\"https:\/\/vapebulkp.com\/fr\/product\/bang-tornado-12000-puffs-rechargeable-disposable-pod\/\"><span style=\"vertical-align: inherit\"> Bang Tornado 12000 Bouff\u00e9es<\/span><\/a><\/p>\n<h5>Qualification de production :<\/h5>\n<p><img decoding=\"async\" class=\"alignnone size-full wp-image-1841\" src=\"http:\/\/vapebulkp.com\/wp-content\/uploads\/2023\/11\/Vape-production-process-2.jpeg\" alt=\"Processus de production de vape\" width=\"650\" height=\"434\" srcset=\"https:\/\/vapebulkp.com\/wp-content\/uploads\/2023\/11\/Vape-production-process-2.jpeg 650w, https:\/\/vapebulkp.com\/wp-content\/uploads\/2023\/11\/Vape-production-process-2-300x200.jpeg 300w, https:\/\/vapebulkp.com\/wp-content\/uploads\/2023\/11\/Vape-production-process-2-600x401.jpeg 600w\" sizes=\"(max-width: 650px) 100vw, 650px\" \/><\/p>\n<p><img decoding=\"async\" class=\"alignnone size-full wp-image-1843\" src=\"http:\/\/vapebulkp.com\/wp-content\/uploads\/2023\/11\/Vape-production-process.jpeg\" alt=\"Processus de production de vape\" width=\"641\" height=\"1026\" srcset=\"https:\/\/vapebulkp.com\/wp-content\/uploads\/2023\/11\/Vape-production-process.jpeg 641w, https:\/\/vapebulkp.com\/wp-content\/uploads\/2023\/11\/Vape-production-process-187x300.jpeg 187w, https:\/\/vapebulkp.com\/wp-content\/uploads\/2023\/11\/Vape-production-process-640x1024.jpeg 640w, https:\/\/vapebulkp.com\/wp-content\/uploads\/2023\/11\/Vape-production-process-600x960.jpeg 600w\" sizes=\"(max-width: 641px) 100vw, 641px\" \/><\/p>\n<h5>FAQ :<\/h5>\n<p>Q : Quel est le MOQ de la vape haute capacit\u00e9 WASPE Tornado Vape FIHP 30000 Bouff\u00e9es ?<br \/>\nR : La commande minimale est de 5 pi\u00e8ces.<br \/>\nQ : Quel est le d\u00e9lai de livraison pour les vapes command\u00e9es ?<br \/>\nR : Il est g\u00e9n\u00e9ralement de 10 \u00e0 15 jours apr\u00e8s l'exp\u00e9dition.<br \/>\nQ: Quel est le co\u00fbt d'exp\u00e9dition ? R: Le co\u00fbt d'exp\u00e9dition d\u00e9pend du poids. Diff\u00e9rentes quantit\u00e9s ont des co\u00fbts d'exp\u00e9dition diff\u00e9rents, veuillez nous contacter pour confirmer le co\u00fbt d'exp\u00e9dition.<\/p>\n<h4>D\u00e9tails d'exp\u00e9dition :<\/h4>\n<p><span style=\"color: #ff6600\">D\u00e9lai de production : 5-10 jours ouvrables<\/span><br \/>\n<span style=\"color: #ff6600\">D\u00e9lai de livraison : 8-14 jours ouvrables<\/span><\/p>\n<p>Tous les produits de notre boutique sont 100% originaux et authentiques, c'est pourquoi nous avons pour politique de rembourser dix fois le prix des produits contrefaits. Nous utilisons des canaux logistiques tels que UPS\/DHL\/FEDEX\/DPD pour vous livrer les marchandises.<\/p>\n<p>Pour les colis exp\u00e9di\u00e9s en France, il faut g\u00e9n\u00e9ralement 10 jours ouvrables pour qu'ils arrivent. L'exp\u00e9dition vers les pays europ\u00e9ens prend g\u00e9n\u00e9ralement de 12 \u00e0 15 jours ouvrables. Nous mettrons \u00e0 jour les informations logistiques pour vous en temps r\u00e9el.<\/p>","protected":false},"excerpt":{"rendered":"<p>WASPE FIHP 30000 bouff\u00e9es Vape jetable de bon go\u00fbt \u2013 Achat en gros<\/p>\n<p>Veuillez contacter le WhatsApp de Mandy pour un prix r\u00e9duit<a href=\"https:\/\/wa.me\/8618077105796\">+8618077105796<\/a><\/p>\n<p><img decoding=\"async\" class=\"alignnone wp-image-2151\" src=\"http:\/\/vapebulkp.com\/wp-content\/uploads\/2024\/04\/Mandy-WhatsApp-Randm.jpg\" alt=\"WhatsApp Mandy Randm\" width=\"297\" height=\"316\" srcset=\"https:\/\/vapebulkp.com\/wp-content\/uploads\/2024\/04\/Mandy-WhatsApp-Randm.jpg 916w, https:\/\/vapebulkp.com\/wp-content\/uploads\/2024\/04\/Mandy-WhatsApp-Randm-282x300.jpg 282w, https:\/\/vapebulkp.com\/wp-content\/uploads\/2024\/04\/Mandy-WhatsApp-Randm-768x817.jpg 768w, https:\/\/vapebulkp.com\/wp-content\/uploads\/2024\/04\/Mandy-WhatsApp-Randm-600x638.jpg 600w\" sizes=\"(max-width: 297px) 100vw, 297px\" \/><\/p>\n<p><span style=\"color: #ff0000\">REMARQUE : Les prix sur notre site web n'incluent pas les frais de port<\/span><\/p>\n<p>&nbsp;<\/p>","protected":false},"featured_media":2924,"comment_status":"open","ping_status":"closed","template":"","meta":{"_uag_custom_page_level_css":"","_lmt_disableupdate":"no","_lmt_disable":"","site-sidebar-layout":"default","site-content-layout":"content-boxed-container","ast-site-content-layout":"normal-width-container","site-content-style":"boxed","site-sidebar-style":"unboxed","ast-global-header-display":"","ast-banner-title-visibility":"","ast-main-header-display":"","ast-hfb-above-header-display":"","ast-hfb-below-header-display":"","ast-hfb-mobile-header-display":"","site-post-title":"","ast-breadcrumbs-content":"","ast-featured-img":"","footer-sml-layout":"","theme-transparent-header-meta":"default","adv-header-id-meta":"","stick-header-meta":"","header-above-stick-meta":"","header-main-stick-meta":"","header-below-stick-meta":"","astra-migrate-meta-layouts":"set","_joinchat":[]},"product_cat":[160,153,155,33,59,100,34,158,157,154,152,58,84,156,63,32,365],"product_tag":[139,36,37,41,40],"class_list":["post-2927","product","type-product","status-publish","has-post-thumbnail","hentry","product_cat-30000-puff-disposable-vape","product_cat-hot-disposable-vapes","product_cat-belgium-hot-disposable-vapes","product_cat-france-vape-hot-sale","product_cat-germany-hot-disposable-vape","product_cat-germany-wholesale-vape-shop","product_cat-netherlands-vape-good-sale","product_cat-norway-hot-disposable-vapes","product_cat-poland-hot-disposable-vapes","product_cat-portugal-hot-disposable-vapes","product_cat-spain-hot-disposable-vapes","product_cat-sweden-hot-disposable-vape","product_cat-sweden-wholesale-vape","product_cat-switzerland-hot-disposable-vapes","product_cat-top-sale-disposable-vape","product_cat-vape-hot-sale-this-week","product_cat-waspe-vape","product_tag-30k-puffs","product_tag-good-vape","product_tag-hot-sale-disposable-vape","product_tag-poland-hot-vape","product_tag-sweden-hot-vape","pa_brand-waspe-vape","desktop-align-left","tablet-align-left","mobile-align-left"],"yoast_head":"<!-- This site is optimized with the Yoast SEO plugin v21.1 - https:\/\/yoast.com\/wordpress\/plugins\/seo\/ -->\n<title>WASPE Tornado Vape 30k Puffs FIHP Best Long-Lasting Vape - vapebulkp.com<\/title>\n<meta name=\"description\" content=\"Buy the WASPE Tornado Vape 30k Puffs, a high-capacity 30000 Puffs Disposable Vape with dual mesh coils and fast rechargeable battery. EU shipping \u2014 order now!\" \/>\n<meta name=\"robots\" content=\"index, follow, max-snippet:-1, max-image-preview:large, max-video-preview:-1\" \/>\n<link rel=\"canonical\" href=\"https:\/\/vapebulkp.com\/fr\/product\/waspe-tornado-vape-30k-puffs-fihp-best-long-lasting-vape\/\" \/>\n<meta property=\"og:locale\" content=\"fr_FR\" \/>\n<meta property=\"og:type\" content=\"article\" \/>\n<meta property=\"og:title\" content=\"WASPE Tornado Vape 30k Puffs FIHP Best Long-Lasting Vape - vapebulkp.com\" \/>\n<meta property=\"og:description\" content=\"Buy the WASPE Tornado Vape 30k Puffs, a high-capacity 30000 Puffs Disposable Vape with dual mesh coils and fast rechargeable battery. EU shipping \u2014 order now!\" \/>\n<meta property=\"og:url\" content=\"https:\/\/vapebulkp.com\/fr\/product\/waspe-tornado-vape-30k-puffs-fihp-best-long-lasting-vape\/\" \/>\n<meta property=\"og:site_name\" content=\"vapebulkp.com\" \/>\n<meta property=\"article:modified_time\" content=\"2025-09-24T03:16:28+00:00\" \/>\n<meta property=\"og:image\" content=\"http:\/\/vapebulkp.com\/wp-content\/uploads\/2024\/09\/FIHP-WASPE-30000-Puff-Vape-Pen-Discount-Price-France.jpg\" \/>\n\t<meta property=\"og:image:width\" content=\"1276\" \/>\n\t<meta property=\"og:image:height\" content=\"1702\" \/>\n\t<meta property=\"og:image:type\" content=\"image\/jpeg\" \/>\n<meta name=\"twitter:card\" content=\"summary_large_image\" \/>\n<meta name=\"twitter:label1\" content=\"Dur\u00e9e de lecture estim\u00e9e\" \/>\n\t<meta name=\"twitter:data1\" content=\"5 minutes\" \/>\n<script type=\"application\/ld+json\" class=\"yoast-schema-graph\">{\"@context\":\"https:\/\/schema.org\",\"@graph\":[{\"@type\":\"WebPage\",\"@id\":\"https:\/\/vapebulkp.com\/product\/waspe-tornado-vape-30k-puffs-fihp-best-long-lasting-vape\/\",\"url\":\"https:\/\/vapebulkp.com\/product\/waspe-tornado-vape-30k-puffs-fihp-best-long-lasting-vape\/\",\"name\":\"WASPE Tornado Vape 30k Puffs FIHP Best Long-Lasting Vape - vapebulkp.com\",\"isPartOf\":{\"@id\":\"https:\/\/vapebulkp.com\/#website\"},\"datePublished\":\"2024-09-24T08:27:32+00:00\",\"dateModified\":\"2025-09-24T03:16:28+00:00\",\"description\":\"Buy the WASPE Tornado Vape 30k Puffs, a high-capacity 30000 Puffs Disposable Vape with dual mesh coils and fast rechargeable battery. EU shipping \u2014 order now!\",\"breadcrumb\":{\"@id\":\"https:\/\/vapebulkp.com\/product\/waspe-tornado-vape-30k-puffs-fihp-best-long-lasting-vape\/#breadcrumb\"},\"inLanguage\":\"fr-FR\",\"potentialAction\":[{\"@type\":\"ReadAction\",\"target\":[\"https:\/\/vapebulkp.com\/product\/waspe-tornado-vape-30k-puffs-fihp-best-long-lasting-vape\/\"]}]},{\"@type\":\"BreadcrumbList\",\"@id\":\"https:\/\/vapebulkp.com\/product\/waspe-tornado-vape-30k-puffs-fihp-best-long-lasting-vape\/#breadcrumb\",\"itemListElement\":[{\"@type\":\"ListItem\",\"position\":1,\"name\":\"Home\",\"item\":\"https:\/\/vapebulkp.com\/\"},{\"@type\":\"ListItem\",\"position\":2,\"name\":\"Hot Trend Vapes\",\"item\":\"https:\/\/vapebulkp.com\/vape-shop\/\"},{\"@type\":\"ListItem\",\"position\":3,\"name\":\"WASPE Tornado Vape 30k Puffs FIHP Best Long-Lasting Vape\"}]},{\"@type\":\"WebSite\",\"@id\":\"https:\/\/vapebulkp.com\/#website\",\"url\":\"https:\/\/vapebulkp.com\/\",\"name\":\"vapebulkp.com\",\"description\":\"Buy Vape In Cheap Bulk Price Near you\",\"publisher\":{\"@id\":\"https:\/\/vapebulkp.com\/#organization\"},\"potentialAction\":[{\"@type\":\"SearchAction\",\"target\":{\"@type\":\"EntryPoint\",\"urlTemplate\":\"https:\/\/vapebulkp.com\/?s={search_term_string}\"},\"query-input\":\"required name=search_term_string\"}],\"inLanguage\":\"fr-FR\"},{\"@type\":\"Organization\",\"@id\":\"https:\/\/vapebulkp.com\/#organization\",\"name\":\"vapebulkp.com\",\"url\":\"https:\/\/vapebulkp.com\/\",\"logo\":{\"@type\":\"ImageObject\",\"inLanguage\":\"fr-FR\",\"@id\":\"https:\/\/vapebulkp.com\/#\/schema\/logo\/image\/\",\"url\":\"https:\/\/vapebulkp.com\/wp-content\/uploads\/2023\/09\/cropped-vapebulkp.png\",\"contentUrl\":\"https:\/\/vapebulkp.com\/wp-content\/uploads\/2023\/09\/cropped-vapebulkp.png\",\"width\":516,\"height\":163,\"caption\":\"vapebulkp.com\"},\"image\":{\"@id\":\"https:\/\/vapebulkp.com\/#\/schema\/logo\/image\/\"}}]}<\/script>\n<!-- \/ Yoast SEO plugin. -->","yoast_head_json":{"title":"WASPE Tornado Vape 30k Puffs FIHP Best Long-Lasting Vape - vapebulkp.com","description":"Buy the WASPE Tornado Vape 30k Puffs, a high-capacity 30000 Puffs Disposable Vape with dual mesh coils and fast rechargeable battery. EU shipping \u2014 order now!","robots":{"index":"index","follow":"follow","max-snippet":"max-snippet:-1","max-image-preview":"max-image-preview:large","max-video-preview":"max-video-preview:-1"},"canonical":"https:\/\/vapebulkp.com\/fr\/product\/waspe-tornado-vape-30k-puffs-fihp-best-long-lasting-vape\/","og_locale":"fr_FR","og_type":"article","og_title":"WASPE Tornado Vape 30k Puffs FIHP Best Long-Lasting Vape - vapebulkp.com","og_description":"Buy the WASPE Tornado Vape 30k Puffs, a high-capacity 30000 Puffs Disposable Vape with dual mesh coils and fast rechargeable battery. EU shipping \u2014 order now!","og_url":"https:\/\/vapebulkp.com\/fr\/product\/waspe-tornado-vape-30k-puffs-fihp-best-long-lasting-vape\/","og_site_name":"vapebulkp.com","article_modified_time":"2025-09-24T03:16:28+00:00","og_image":[{"width":1276,"height":1702,"url":"http:\/\/vapebulkp.com\/wp-content\/uploads\/2024\/09\/FIHP-WASPE-30000-Puff-Vape-Pen-Discount-Price-France.jpg","type":"image\/jpeg"}],"twitter_card":"summary_large_image","twitter_misc":{"Dur\u00e9e de lecture estim\u00e9e":"5 minutes"},"schema":{"@context":"https:\/\/schema.org","@graph":[{"@type":"WebPage","@id":"https:\/\/vapebulkp.com\/product\/waspe-tornado-vape-30k-puffs-fihp-best-long-lasting-vape\/","url":"https:\/\/vapebulkp.com\/product\/waspe-tornado-vape-30k-puffs-fihp-best-long-lasting-vape\/","name":"WASPE Tornado Vape 30k Puffs FIHP Best Long-Lasting Vape - vapebulkp.com","isPartOf":{"@id":"https:\/\/vapebulkp.com\/#website"},"datePublished":"2024-09-24T08:27:32+00:00","dateModified":"2025-09-24T03:16:28+00:00","description":"Buy the WASPE Tornado Vape 30k Puffs, a high-capacity 30000 Puffs Disposable Vape with dual mesh coils and fast rechargeable battery. EU shipping \u2014 order now!","breadcrumb":{"@id":"https:\/\/vapebulkp.com\/product\/waspe-tornado-vape-30k-puffs-fihp-best-long-lasting-vape\/#breadcrumb"},"inLanguage":"fr-FR","potentialAction":[{"@type":"ReadAction","target":["https:\/\/vapebulkp.com\/product\/waspe-tornado-vape-30k-puffs-fihp-best-long-lasting-vape\/"]}]},{"@type":"BreadcrumbList","@id":"https:\/\/vapebulkp.com\/product\/waspe-tornado-vape-30k-puffs-fihp-best-long-lasting-vape\/#breadcrumb","itemListElement":[{"@type":"ListItem","position":1,"name":"Home","item":"https:\/\/vapebulkp.com\/"},{"@type":"ListItem","position":2,"name":"Hot Trend Vapes","item":"https:\/\/vapebulkp.com\/vape-shop\/"},{"@type":"ListItem","position":3,"name":"WASPE Tornado Vape 30k Puffs FIHP Best Long-Lasting Vape"}]},{"@type":"WebSite","@id":"https:\/\/vapebulkp.com\/#website","url":"https:\/\/vapebulkp.com\/","name":"vapebulkp.com","description":"Buy Vape In Cheap Bulk Price Near you","publisher":{"@id":"https:\/\/vapebulkp.com\/#organization"},"potentialAction":[{"@type":"SearchAction","target":{"@type":"EntryPoint","urlTemplate":"https:\/\/vapebulkp.com\/?s={search_term_string}"},"query-input":"required name=search_term_string"}],"inLanguage":"fr-FR"},{"@type":"Organization","@id":"https:\/\/vapebulkp.com\/#organization","name":"vapebulkp.com","url":"https:\/\/vapebulkp.com\/","logo":{"@type":"ImageObject","inLanguage":"fr-FR","@id":"https:\/\/vapebulkp.com\/#\/schema\/logo\/image\/","url":"https:\/\/vapebulkp.com\/wp-content\/uploads\/2023\/09\/cropped-vapebulkp.png","contentUrl":"https:\/\/vapebulkp.com\/wp-content\/uploads\/2023\/09\/cropped-vapebulkp.png","width":516,"height":163,"caption":"vapebulkp.com"},"image":{"@id":"https:\/\/vapebulkp.com\/#\/schema\/logo\/image\/"}}]}},"uagb_featured_image_src":{"full":["https:\/\/vapebulkp.com\/wp-content\/uploads\/2024\/09\/FIHP-WASPE-30000-Puff-Vape-Pen-Discount-Price-France.jpg",1276,1702,false],"thumbnail":["https:\/\/vapebulkp.com\/wp-content\/uploads\/2024\/09\/FIHP-WASPE-30000-Puff-Vape-Pen-Discount-Price-France-150x150.jpg",150,150,true],"medium":["https:\/\/vapebulkp.com\/wp-content\/uploads\/2024\/09\/FIHP-WASPE-30000-Puff-Vape-Pen-Discount-Price-France-225x300.jpg",225,300,true],"medium_large":["https:\/\/vapebulkp.com\/wp-content\/uploads\/2024\/09\/FIHP-WASPE-30000-Puff-Vape-Pen-Discount-Price-France-768x1024.jpg",768,1024,true],"large":["https:\/\/vapebulkp.com\/wp-content\/uploads\/2024\/09\/FIHP-WASPE-30000-Puff-Vape-Pen-Discount-Price-France-768x1024.jpg",768,1024,true],"1536x1536":["https:\/\/vapebulkp.com\/wp-content\/uploads\/2024\/09\/FIHP-WASPE-30000-Puff-Vape-Pen-Discount-Price-France-1152x1536.jpg",1152,1536,true],"2048x2048":["https:\/\/vapebulkp.com\/wp-content\/uploads\/2024\/09\/FIHP-WASPE-30000-Puff-Vape-Pen-Discount-Price-France.jpg",1276,1702,false],"trp-custom-language-flag":["https:\/\/vapebulkp.com\/wp-content\/uploads\/2024\/09\/FIHP-WASPE-30000-Puff-Vape-Pen-Discount-Price-France.jpg",9,12,false],"woocommerce_thumbnail":["https:\/\/vapebulkp.com\/wp-content\/uploads\/2024\/09\/FIHP-WASPE-30000-Puff-Vape-Pen-Discount-Price-France-300x300.jpg",300,300,true],"woocommerce_single":["https:\/\/vapebulkp.com\/wp-content\/uploads\/2024\/09\/FIHP-WASPE-30000-Puff-Vape-Pen-Discount-Price-France-600x800.jpg",600,800,true],"woocommerce_gallery_thumbnail":["https:\/\/vapebulkp.com\/wp-content\/uploads\/2024\/09\/FIHP-WASPE-30000-Puff-Vape-Pen-Discount-Price-France-100x100.jpg",100,100,true],"wcpr-photo-reviews":["https:\/\/vapebulkp.com\/wp-content\/uploads\/2024\/09\/FIHP-WASPE-30000-Puff-Vape-Pen-Discount-Price-France.jpg",375,500,false]},"uagb_author_info":{"display_name":"Mandy vape bulk price","author_link":"https:\/\/vapebulkp.com\/fr\/author\/"},"uagb_comment_info":0,"uagb_excerpt":"WASPE FIHP 30000 Puffs Good Taste Disposable Vape \u2013 Bulk Buy Pls Contact Mandy's WhatsApp For Discount Price+8618077105796 NOTE: Prices on our website does not include shipping costs &nbsp;","_links":{"self":[{"href":"https:\/\/vapebulkp.com\/fr\/wp-json\/wp\/v2\/product\/2927","targetHints":{"allow":["GET"]}}],"collection":[{"href":"https:\/\/vapebulkp.com\/fr\/wp-json\/wp\/v2\/product"}],"about":[{"href":"https:\/\/vapebulkp.com\/fr\/wp-json\/wp\/v2\/types\/product"}],"replies":[{"embeddable":true,"href":"https:\/\/vapebulkp.com\/fr\/wp-json\/wp\/v2\/comments?post=2927"}],"wp:featuredmedia":[{"embeddable":true,"href":"https:\/\/vapebulkp.com\/fr\/wp-json\/wp\/v2\/media\/2924"}],"wp:attachment":[{"href":"https:\/\/vapebulkp.com\/fr\/wp-json\/wp\/v2\/media?parent=2927"}],"wp:term":[{"taxonomy":"product_cat","embeddable":true,"href":"https:\/\/vapebulkp.com\/fr\/wp-json\/wp\/v2\/product_cat?post=2927"},{"taxonomy":"product_tag","embeddable":true,"href":"https:\/\/vapebulkp.com\/fr\/wp-json\/wp\/v2\/product_tag?post=2927"}],"curies":[{"name":"wp","href":"https:\/\/api.w.org\/{rel}","templated":true}]}}