{"id":2944,"date":"2024-09-25T11:22:53","date_gmt":"2024-09-25T09:22:53","guid":{"rendered":"https:\/\/vapebulkp.com\/?post_type=product&#038;p=2944"},"modified":"2025-09-24T05:18:39","modified_gmt":"2025-09-24T03:18:39","slug":"bang-box-s1-15000puff-europe-warehouse-bulk-price-vape","status":"publish","type":"product","link":"https:\/\/vapebulkp.com\/fr\/produit\/bang-box-s1-15000puff-europe-warehouse-bulk-price-vape\/","title":{"rendered":"Bang Box S1-15000puff entrep\u00f4t en France, prix de gros, cigarette \u00e9lectronique"},"content":{"rendered":"<h2 style=\"text-align: left\">Bang Box S1-15000puff entrep\u00f4t en France, prix de gros, cigarette \u00e9lectronique<\/h2>\n<p data-start=\"405\" data-end=\"707\">Le <strong data-start=\"459\" data-end=\"484\">Bang Box S1-15000puffs<\/strong> est un <strong data-start=\"490\" data-end=\"529\">Vape jetable premium 15000 bouff\u00e9es<\/strong> con\u00e7u pour le march\u00e9 de la vape fran\u00e7ais. Aliment\u00e9 par une batterie au cobalt pur 13450-650 avec une d\u00e9charge de 5A, il assure une sortie stable et des performances fiables pour le vapotage \u00e0 haute capacit\u00e9.<\/p>\n<p data-start=\"709\" data-end=\"961\">Dot\u00e9 d'une technologie avanc\u00e9e <strong data-start=\"728\" data-end=\"752\">technologie de r\u00e9sistance mesh<\/strong> et d'un c\u0153ur de 0,8\u03a9, il offre une production de vapeur douce, une saveur riche en sel de nicotine et des hits de gorge constants. La grande capacit\u00e9 de 25ml de e-liquide prend en charge <strong data-start=\"904\" data-end=\"934\">de longues sessions de vape<\/strong> avec jusqu'\u00e0 15 000 bouff\u00e9es.<\/p>\n<p data-start=\"963\" data-end=\"1199\">Disponible dans de multiples <strong data-start=\"985\" data-end=\"1014\">\u00a0saveurs de vape<\/strong> telles que Strawberry Kiwi, Watermelon Ice, Blue Razz Ice, et Mango Peach Watermelon, le <strong data-start=\"1103\" data-end=\"1128\">Bang Box S1-15000puffs<\/strong> est con\u00e7u pour les vapoteurs qui appr\u00e9cient la vari\u00e9t\u00e9 des saveurs et la qualit\u00e9 premium.<\/p>\n<p data-start=\"1201\" data-end=\"1415\">Parfait pour <a href=\"https:\/\/vapebulkp.com\/fr\/ot-disposable-vapes-europe\/\"><strong data-start=\"1213\" data-end=\"1248\">commandes de vape en gros en France<\/strong><\/a>, ce <a href=\"https:\/\/vapebulkp.com\/fr\/categorie-produit\/15000-puffs-disposable-vape\/\"><strong>Vape jetable 15000 bouff\u00e9es<\/strong><\/a> combine commodit\u00e9, performance et style. Exp\u00e9di\u00e9 directement depuis les entrep\u00f4ts fran\u00e7ais pour une livraison rapide et une fiabilit\u00e9 garantie.<\/p>\n<h6 style=\"text-align: left\"><img decoding=\"async\" class=\"alignnone wp-image-2932\" src=\"http:\/\/vapebulkp.com\/wp-content\/uploads\/2024\/09\/Bang-Box-15k-puff-New-Bang-Vape-Germany.png\" alt=\"Bang Box 15k puff Nouveau Bang Vape France\" width=\"848\" height=\"477\" srcset=\"https:\/\/vapebulkp.com\/wp-content\/uploads\/2024\/09\/Bang-Box-15k-puff-New-Bang-Vape-Germany.png 1500w, https:\/\/vapebulkp.com\/wp-content\/uploads\/2024\/09\/Bang-Box-15k-puff-New-Bang-Vape-Germany-300x169.png 300w, https:\/\/vapebulkp.com\/wp-content\/uploads\/2024\/09\/Bang-Box-15k-puff-New-Bang-Vape-Germany-1024x576.png 1024w, https:\/\/vapebulkp.com\/wp-content\/uploads\/2024\/09\/Bang-Box-15k-puff-New-Bang-Vape-Germany-768x432.png 768w, https:\/\/vapebulkp.com\/wp-content\/uploads\/2024\/09\/Bang-Box-15k-puff-New-Bang-Vape-Germany-600x338.png 600w\" sizes=\"(max-width: 848px) 100vw, 848px\" \/><\/h6>\n<h6><\/h6>\n<h6>Veuillez contacter le WhatsApp de Mandy pour un prix r\u00e9duit<a href=\"https:\/\/wa.me\/8618077105796\">+8618077105796<\/a><\/h6>\n<p><img decoding=\"async\" class=\"alignnone wp-image-2151\" src=\"http:\/\/vapebulkp.com\/wp-content\/uploads\/2024\/04\/Mandy-WhatsApp-Randm.jpg\" alt=\"WhatsApp Mandy Randm\" width=\"287\" height=\"305\" srcset=\"https:\/\/vapebulkp.com\/wp-content\/uploads\/2024\/04\/Mandy-WhatsApp-Randm.jpg 916w, https:\/\/vapebulkp.com\/wp-content\/uploads\/2024\/04\/Mandy-WhatsApp-Randm-282x300.jpg 282w, https:\/\/vapebulkp.com\/wp-content\/uploads\/2024\/04\/Mandy-WhatsApp-Randm-768x817.jpg 768w, https:\/\/vapebulkp.com\/wp-content\/uploads\/2024\/04\/Mandy-WhatsApp-Randm-600x638.jpg 600w\" sizes=\"(max-width: 287px) 100vw, 287px\" \/><\/p>\n<h2>Vous pourriez \u00eatre int\u00e9ress\u00e9 par les kits de vape portables Bang Box S1-15000puff Kits de Vape :<\/h2>\n<p>&nbsp;<\/p>\n<h6><span style=\"color: #ff0000\"><strong>Q1: Qu'est-ce qui distingue le Bang Box S1-15000 Puff sur le march\u00e9 des vapes jetables ?<\/strong><\/span><\/h6>\n<p>&nbsp;<\/p>\n<p><strong>A:<\/strong> Le Bang Box S1-15000 Puff se distingue par sa robuste batterie au cobalt pur 13450-650, offrant une puissante d\u00e9charge de 5A. Ceci, combin\u00e9 \u00e0 sa g\u00e9n\u00e9reuse capacit\u00e9 de 25ml d'huile et \u00e0 son c\u0153ur de maille avanc\u00e9 de 0,8 ohm, assure une exp\u00e9rience de vapotage durable et savoureuse.<\/p>\n<h6><span style=\"color: #ff0000\">Q2: Combien de bouff\u00e9es puis-je attendre du Bang Box S1-15000 Puff ?<\/span><\/h6>\n<p>&nbsp;<\/p>\n<p><strong>A:<\/strong> Comme son nom l'indique, ce kit de vape offre un nombre impressionnant de 15 000 bouff\u00e9es, ce qui en fait un excellent choix pour ceux qui recherchent une<strong> cigarette \u00e9lectronique jetable de grande capacit\u00e9<\/strong> qui dure plus longtemps que les options typiques disponibles en France.<\/p>\n<h6><span style=\"color: #ff0000\"><strong>Q3 : Le Bang Box S1-15000 Puff est-il facile \u00e0 utiliser pour les d\u00e9butants ?<\/strong><\/span><\/h6>\n<p><strong>A:<\/strong> Absolument ! Con\u00e7u pour la commodit\u00e9, ce <strong>Bang vape<\/strong> kit est parfait pour les d\u00e9butants comme pour les utilisateurs exp\u00e9riment\u00e9s. Son fonctionnement simple en fait un choix populaire pour ceux qui d\u00e9couvrent la vape en France.<\/p>\n<h6><span style=\"color: #ff0000\"><strong>Q4 : O\u00f9 puis-je acheter le kit de vape Bang Box S1-15000 Puff en France ?<\/strong><\/span><\/h6>\n<p><strong>A:<\/strong> Vous pouvez trouver le Bang Box S1-15000 Puff chez divers d\u00e9taillants en ligne et boutiques de vape locales. Recherchez des fournisseurs r\u00e9put\u00e9s qui se concentrent sur les <strong>vapes jetables de haute qualit\u00e9<\/strong> pour vous assurer d'obtenir la meilleure exp\u00e9rience.<\/p>\n<h6><span style=\"color: #ff0000\"><strong>Q5 : Y a-t-il des fonctionnalit\u00e9s sp\u00e9ciales pour am\u00e9liorer mon exp\u00e9rience de vape ?<\/strong><\/span><\/h6>\n<p><strong>A:<\/strong> Oui ! Le Bang Box S1-15000 Puff dispose d'un noyau en maille \u00e0 la pointe de la technologie, ce qui am\u00e9liore la restitution des saveurs et la production de vapeur. Cette technologie innovante en fait un favori parmi les vapoteurs \u00e0 la recherche de saveurs riches et satisfaisantes.<\/p>\n<h3>\u00a0Achat en gros Vape Bang Box S1-15000 Puffs Vapes Pod Caract\u00e9ristiques :<\/h3>\n<p>Jusqu'\u00e0 15000 bouff\u00e9es<br \/>\nLiquide : 25 ml de e-liquide<br \/>\nNic : 01mg 02mg 03mg 05mg<br \/>\nTypes : Jetable<br \/>\nbatterie de 650 mAh<br \/>\nRechargeable Type-c<br \/>\nBobine en maille 1.0<br \/>\nLumi\u00e8re LED color\u00e9e<\/p>\n<p>&nbsp;<\/p>\n<h3><strong>saveurs de vape longue dur\u00e9e <\/strong>Vari\u00e9t\u00e9 de saveurs Bang Box S1-15000 bouff\u00e9es :<\/h3>\n<p>1. Fraise kiwi<br \/>\n2. Glace de p\u00eache<br \/>\n3.Past\u00e8que Fraise<br \/>\n4. Framboise past\u00e8que<br \/>\n5. Triple baie glac\u00e9e<br \/>\n6.glace \u00e0 la past\u00e8que<br \/>\n7.mangue fraise<br \/>\n8.Mangue p\u00eache past\u00e8que<br \/>\n9.glace au razz bleu<br \/>\n10. Monsieur bleu<br \/>\n11.glace au dragon noir<br \/>\n12.Fraise RAISIN<\/p>\n<p><a href=\"https:\/\/vapebulkp.com\/fr\/produit\/popular-randm-tornado-7000puffs-disposable-vape-best-price\/\"><span style=\"vertical-align: inherit\">RandM Tornado 7000 bouff\u00e9es <\/span><\/a><\/p>\n<p><span style=\"vertical-align: inherit\">Trouvez plus de produits qui pourraient vous plaire\uff1a<\/span><em><a href=\"https:\/\/wa.me\/8618077105796\"><span style=\"vertical-align: inherit\">\u00a0Achetez-le maintenant<\/span><\/a><\/em><\/p>\n<p><span style=\"vertical-align: inherit\">Autres Puffs que vous pourriez aimer\uff1a<\/span><a href=\"https:\/\/vapebulkp.com\/fr\/produit\/joymy-ultra15000puffs-best-disposable-vape-2023\/\"><span style=\"vertical-align: inherit\">JOYMY 15000 Bouff\u00e9es<\/span><\/a><span style=\"vertical-align: inherit\">\u3001<\/span><a href=\"https:\/\/vapebulkp.com\/fr\/produit\/wholesale-randm-tornado-9000-puffs-germany\/\"><span style=\"vertical-align: inherit\">RandM 9000 bouff\u00e9es<\/span><\/a><span style=\"vertical-align: inherit\">\/ <\/span><a href=\"https:\/\/vapebulkp.com\/fr\/produit\/bang-king-12000puffs\/\"><span style=\"vertical-align: inherit\">Bang King 12000 Bouff\u00e9es<\/span><\/a><span style=\"vertical-align: inherit\">\/ <\/span><a href=\"https:\/\/vapebulkp.com\/fr\/produit\/wholesale-tornado-rum-bar-9000-puffs-sweden\/\"><span style=\"vertical-align: inherit\">Rumbar 9000 Bouff\u00e9es<\/span><\/a><\/p>\n<p><span style=\"vertical-align: inherit\">Bouteille de cigarette \u00e9lectronique de forme sp\u00e9ciale :<\/span><a href=\"https:\/\/vapebulkp.com\/fr\/produit\/wholesale-kulx-8000-puffs-disposable-vape\/\"><span style=\"vertical-align: inherit\">\u00a0Kulx 8000 Bouff\u00e9es<\/span><\/a><span style=\"vertical-align: inherit\">\/ <\/span><a href=\"https:\/\/vapebulkp.com\/fr\/produit\/popular-bang-king-10000-puffs-vape-good-price\/\"><span style=\"vertical-align: inherit\">\u00a0Bang King 10000 Bouff\u00e9es <\/span><\/a><span style=\"vertical-align: inherit\">\/<\/span><a href=\"https:\/\/vapebulkp.com\/fr\/produit\/disposable-vape-crystal-600-puffs\/\"><span style=\"vertical-align: inherit\"> Crystal 600 Bouff\u00e9es<\/span><\/a><\/p>\n<h5>Qualification de production :<\/h5>\n<p><img decoding=\"async\" class=\"alignnone size-full wp-image-1841\" src=\"http:\/\/vapebulkp.com\/wp-content\/uploads\/2023\/11\/Vape-production-process-2.jpeg\" alt=\"Processus de production de vape\" width=\"650\" height=\"434\" srcset=\"https:\/\/vapebulkp.com\/wp-content\/uploads\/2023\/11\/Vape-production-process-2.jpeg 650w, https:\/\/vapebulkp.com\/wp-content\/uploads\/2023\/11\/Vape-production-process-2-300x200.jpeg 300w, https:\/\/vapebulkp.com\/wp-content\/uploads\/2023\/11\/Vape-production-process-2-600x401.jpeg 600w\" sizes=\"(max-width: 650px) 100vw, 650px\" \/><\/p>\n<p><img decoding=\"async\" class=\"alignnone size-full wp-image-1843\" src=\"http:\/\/vapebulkp.com\/wp-content\/uploads\/2023\/11\/Vape-production-process.jpeg\" alt=\"Processus de production de vape\" width=\"641\" height=\"1026\" srcset=\"https:\/\/vapebulkp.com\/wp-content\/uploads\/2023\/11\/Vape-production-process.jpeg 641w, https:\/\/vapebulkp.com\/wp-content\/uploads\/2023\/11\/Vape-production-process-187x300.jpeg 187w, https:\/\/vapebulkp.com\/wp-content\/uploads\/2023\/11\/Vape-production-process-640x1024.jpeg 640w, https:\/\/vapebulkp.com\/wp-content\/uploads\/2023\/11\/Vape-production-process-600x960.jpeg 600w\" sizes=\"(max-width: 641px) 100vw, 641px\" \/><\/p>\n<h5>FAQ :<\/h5>\n<p>Q: Quel est le MOQ des dispositifs de vapotage pour d\u00e9butants Bang Box S1-15000puff?<br \/>\nR : La commande minimale est de 50 pi\u00e8ces.<br \/>\nQ : Quel est le d\u00e9lai de livraison pour les vapes command\u00e9es ?<br \/>\nR : Il est g\u00e9n\u00e9ralement de 10 \u00e0 15 jours apr\u00e8s l'exp\u00e9dition.<br \/>\nQ: Quel est le co\u00fbt d'exp\u00e9dition ? R: Le co\u00fbt d'exp\u00e9dition d\u00e9pend du poids. Diff\u00e9rentes quantit\u00e9s ont des co\u00fbts d'exp\u00e9dition diff\u00e9rents, veuillez nous contacter pour confirmer le co\u00fbt d'exp\u00e9dition.<\/p>\n<h4>D\u00e9tails d'exp\u00e9dition :<\/h4>\n<p><span style=\"color: #ff6600\">D\u00e9lai de production : 5-10 jours ouvrables<\/span><br \/>\n<span style=\"color: #ff6600\">D\u00e9lai de livraison : 8-14 jours ouvrables<\/span><\/p>\n<p>Tous les produits de notre boutique sont 100% originaux et authentiques, c'est pourquoi nous avons pour politique de rembourser dix fois le prix des produits contrefaits. Nous utilisons des canaux logistiques tels que UPS\/DHL\/FEDEX\/DPD pour vous livrer les marchandises.<\/p>\n<p>Pour les colis exp\u00e9di\u00e9s en France, il faut g\u00e9n\u00e9ralement 10 jours ouvrables pour qu'ils arrivent. L'exp\u00e9dition vers les pays europ\u00e9ens prend g\u00e9n\u00e9ralement de 12 \u00e0 15 jours ouvrables. Nous mettrons \u00e0 jour les informations logistiques pour vous en temps r\u00e9el.<\/p>","protected":false},"excerpt":{"rendered":"<p>Emballage de vape pratique kits de vape Bang Box 15000 bouff\u00e9es<\/p>\n<p>Bang Box S1-15000puff Vapotage convivial<\/p>\n<p>&nbsp;<\/p>\n<p><img decoding=\"async\" class=\"alignnone wp-image-2151\" src=\"http:\/\/vapebulkp.com\/wp-content\/uploads\/2024\/04\/Mandy-WhatsApp-Randm.jpg\" alt=\"WhatsApp Mandy Randm\" width=\"234\" height=\"249\" srcset=\"https:\/\/vapebulkp.com\/wp-content\/uploads\/2024\/04\/Mandy-WhatsApp-Randm.jpg 916w, https:\/\/vapebulkp.com\/wp-content\/uploads\/2024\/04\/Mandy-WhatsApp-Randm-282x300.jpg 282w, https:\/\/vapebulkp.com\/wp-content\/uploads\/2024\/04\/Mandy-WhatsApp-Randm-768x817.jpg 768w, https:\/\/vapebulkp.com\/wp-content\/uploads\/2024\/04\/Mandy-WhatsApp-Randm-600x638.jpg 600w\" sizes=\"(max-width: 234px) 100vw, 234px\" \/><\/p>\n<p>Veuillez contacter le WhatsApp de Mandy pour un prix r\u00e9duit<a href=\"https:\/\/wa.me\/8618077105796\">+8618077105796<\/a><\/p>\n<p><span style=\"color: #ff0000\">REMARQUE : Les prix sur notre site web n'incluent pas les frais de port<\/span><\/p>\n<p>&nbsp;<\/p>","protected":false},"featured_media":2932,"comment_status":"open","ping_status":"closed","template":"","meta":{"_uag_custom_page_level_css":"","_lmt_disableupdate":"no","_lmt_disable":"","site-sidebar-layout":"default","site-content-layout":"content-boxed-container","ast-site-content-layout":"normal-width-container","site-content-style":"boxed","site-sidebar-style":"unboxed","ast-global-header-display":"","ast-banner-title-visibility":"","ast-main-header-display":"","ast-hfb-above-header-display":"","ast-hfb-below-header-display":"","ast-hfb-mobile-header-display":"","site-post-title":"","ast-breadcrumbs-content":"","ast-featured-img":"","footer-sml-layout":"","theme-transparent-header-meta":"default","adv-header-id-meta":"","stick-header-meta":"","header-above-stick-meta":"","header-main-stick-meta":"","header-below-stick-meta":"","astra-migrate-meta-layouts":"set","_joinchat":[]},"product_cat":[165,153,345,155,33,59,100,34,158,157,154,152,58,84,156,63,32],"product_tag":[36,37,41,40],"class_list":["post-2944","product","type-product","status-publish","has-post-thumbnail","hentry","product_cat-15000-puffs-disposable-vape","product_cat-hot-disposable-vapes","product_cat-bang-vapes","product_cat-belgium-hot-disposable-vapes","product_cat-france-vape-hot-sale","product_cat-germany-hot-disposable-vape","product_cat-germany-wholesale-vape-shop","product_cat-netherlands-vape-good-sale","product_cat-norway-hot-disposable-vapes","product_cat-poland-hot-disposable-vapes","product_cat-portugal-hot-disposable-vapes","product_cat-spain-hot-disposable-vapes","product_cat-sweden-hot-disposable-vape","product_cat-sweden-wholesale-vape","product_cat-switzerland-hot-disposable-vapes","product_cat-top-sale-disposable-vape","product_cat-vape-hot-sale-this-week","product_tag-good-vape","product_tag-hot-sale-disposable-vape","product_tag-poland-hot-vape","product_tag-sweden-hot-vape","pa_brand-bang-vape","desktop-align-left","tablet-align-left","mobile-align-left"],"yoast_head":"<!-- This site is optimized with the Yoast SEO plugin v21.1 - https:\/\/yoast.com\/wordpress\/plugins\/seo\/ -->\n<title>Bang Box S1-15000puff Europe Warehouse Bulk Price Vape - vapebulkp.com<\/title>\n<meta name=\"description\" content=\"Order the Bang Box S1-15000puff, a premium 15000 Puffs Disposable Vape with mesh coil and rich flavors. EU warehouse shipping \u2014 buy wholesale today!\" \/>\n<meta name=\"robots\" content=\"index, follow, max-snippet:-1, max-image-preview:large, max-video-preview:-1\" \/>\n<link rel=\"canonical\" href=\"https:\/\/vapebulkp.com\/fr\/produit\/bang-box-s1-15000puff-europe-warehouse-bulk-price-vape\/\" \/>\n<meta property=\"og:locale\" content=\"fr_FR\" \/>\n<meta property=\"og:type\" content=\"article\" \/>\n<meta property=\"og:title\" content=\"Bang Box S1-15000puff Europe Warehouse Bulk Price Vape - vapebulkp.com\" \/>\n<meta property=\"og:description\" content=\"Order the Bang Box S1-15000puff, a premium 15000 Puffs Disposable Vape with mesh coil and rich flavors. EU warehouse shipping \u2014 buy wholesale today!\" \/>\n<meta property=\"og:url\" content=\"https:\/\/vapebulkp.com\/fr\/produit\/bang-box-s1-15000puff-europe-warehouse-bulk-price-vape\/\" \/>\n<meta property=\"og:site_name\" content=\"vapebulkp.com\" \/>\n<meta property=\"article:modified_time\" content=\"2025-09-24T03:18:39+00:00\" \/>\n<meta property=\"og:image\" content=\"http:\/\/vapebulkp.com\/wp-content\/uploads\/2024\/09\/Bang-Box-15k-puff-New-Bang-Vape-Germany.png\" \/>\n\t<meta property=\"og:image:width\" content=\"1500\" \/>\n\t<meta property=\"og:image:height\" content=\"844\" \/>\n\t<meta property=\"og:image:type\" content=\"image\/png\" \/>\n<meta name=\"twitter:card\" content=\"summary_large_image\" \/>\n<meta name=\"twitter:label1\" content=\"Dur\u00e9e de lecture estim\u00e9e\" \/>\n\t<meta name=\"twitter:data1\" content=\"4 minutes\" \/>\n<script type=\"application\/ld+json\" class=\"yoast-schema-graph\">{\"@context\":\"https:\/\/schema.org\",\"@graph\":[{\"@type\":\"WebPage\",\"@id\":\"https:\/\/vapebulkp.com\/product\/bang-box-s1-15000puff-europe-warehouse-bulk-price-vape\/\",\"url\":\"https:\/\/vapebulkp.com\/product\/bang-box-s1-15000puff-europe-warehouse-bulk-price-vape\/\",\"name\":\"Bang Box S1-15000puff Europe Warehouse Bulk Price Vape - vapebulkp.com\",\"isPartOf\":{\"@id\":\"https:\/\/vapebulkp.com\/#website\"},\"datePublished\":\"2024-09-25T09:22:53+00:00\",\"dateModified\":\"2025-09-24T03:18:39+00:00\",\"description\":\"Order the Bang Box S1-15000puff, a premium 15000 Puffs Disposable Vape with mesh coil and rich flavors. EU warehouse shipping \u2014 buy wholesale today!\",\"breadcrumb\":{\"@id\":\"https:\/\/vapebulkp.com\/product\/bang-box-s1-15000puff-europe-warehouse-bulk-price-vape\/#breadcrumb\"},\"inLanguage\":\"fr-FR\",\"potentialAction\":[{\"@type\":\"ReadAction\",\"target\":[\"https:\/\/vapebulkp.com\/product\/bang-box-s1-15000puff-europe-warehouse-bulk-price-vape\/\"]}]},{\"@type\":\"BreadcrumbList\",\"@id\":\"https:\/\/vapebulkp.com\/product\/bang-box-s1-15000puff-europe-warehouse-bulk-price-vape\/#breadcrumb\",\"itemListElement\":[{\"@type\":\"ListItem\",\"position\":1,\"name\":\"Home\",\"item\":\"https:\/\/vapebulkp.com\/\"},{\"@type\":\"ListItem\",\"position\":2,\"name\":\"Hot Trend Vapes\",\"item\":\"https:\/\/vapebulkp.com\/vape-shop\/\"},{\"@type\":\"ListItem\",\"position\":3,\"name\":\"Bang Box S1-15000puff Europe Warehouse Bulk Price Vape\"}]},{\"@type\":\"WebSite\",\"@id\":\"https:\/\/vapebulkp.com\/#website\",\"url\":\"https:\/\/vapebulkp.com\/\",\"name\":\"vapebulkp.com\",\"description\":\"Buy Vape In Cheap Bulk Price Near you\",\"publisher\":{\"@id\":\"https:\/\/vapebulkp.com\/#organization\"},\"potentialAction\":[{\"@type\":\"SearchAction\",\"target\":{\"@type\":\"EntryPoint\",\"urlTemplate\":\"https:\/\/vapebulkp.com\/?s={search_term_string}\"},\"query-input\":\"required name=search_term_string\"}],\"inLanguage\":\"fr-FR\"},{\"@type\":\"Organization\",\"@id\":\"https:\/\/vapebulkp.com\/#organization\",\"name\":\"vapebulkp.com\",\"url\":\"https:\/\/vapebulkp.com\/\",\"logo\":{\"@type\":\"ImageObject\",\"inLanguage\":\"fr-FR\",\"@id\":\"https:\/\/vapebulkp.com\/#\/schema\/logo\/image\/\",\"url\":\"https:\/\/vapebulkp.com\/wp-content\/uploads\/2023\/09\/cropped-vapebulkp.png\",\"contentUrl\":\"https:\/\/vapebulkp.com\/wp-content\/uploads\/2023\/09\/cropped-vapebulkp.png\",\"width\":516,\"height\":163,\"caption\":\"vapebulkp.com\"},\"image\":{\"@id\":\"https:\/\/vapebulkp.com\/#\/schema\/logo\/image\/\"}}]}<\/script>\n<!-- \/ Yoast SEO plugin. -->","yoast_head_json":{"title":"Bang Box S1-15000puff Europe Warehouse Bulk Price Vape - vapebulkp.com","description":"Order the Bang Box S1-15000puff, a premium 15000 Puffs Disposable Vape with mesh coil and rich flavors. EU warehouse shipping \u2014 buy wholesale today!","robots":{"index":"index","follow":"follow","max-snippet":"max-snippet:-1","max-image-preview":"max-image-preview:large","max-video-preview":"max-video-preview:-1"},"canonical":"https:\/\/vapebulkp.com\/fr\/produit\/bang-box-s1-15000puff-europe-warehouse-bulk-price-vape\/","og_locale":"fr_FR","og_type":"article","og_title":"Bang Box S1-15000puff Europe Warehouse Bulk Price Vape - vapebulkp.com","og_description":"Order the Bang Box S1-15000puff, a premium 15000 Puffs Disposable Vape with mesh coil and rich flavors. EU warehouse shipping \u2014 buy wholesale today!","og_url":"https:\/\/vapebulkp.com\/fr\/produit\/bang-box-s1-15000puff-europe-warehouse-bulk-price-vape\/","og_site_name":"vapebulkp.com","article_modified_time":"2025-09-24T03:18:39+00:00","og_image":[{"width":1500,"height":844,"url":"http:\/\/vapebulkp.com\/wp-content\/uploads\/2024\/09\/Bang-Box-15k-puff-New-Bang-Vape-Germany.png","type":"image\/png"}],"twitter_card":"summary_large_image","twitter_misc":{"Dur\u00e9e de lecture estim\u00e9e":"4 minutes"},"schema":{"@context":"https:\/\/schema.org","@graph":[{"@type":"WebPage","@id":"https:\/\/vapebulkp.com\/product\/bang-box-s1-15000puff-europe-warehouse-bulk-price-vape\/","url":"https:\/\/vapebulkp.com\/product\/bang-box-s1-15000puff-europe-warehouse-bulk-price-vape\/","name":"Bang Box S1-15000puff Europe Warehouse Bulk Price Vape - vapebulkp.com","isPartOf":{"@id":"https:\/\/vapebulkp.com\/#website"},"datePublished":"2024-09-25T09:22:53+00:00","dateModified":"2025-09-24T03:18:39+00:00","description":"Order the Bang Box S1-15000puff, a premium 15000 Puffs Disposable Vape with mesh coil and rich flavors. EU warehouse shipping \u2014 buy wholesale today!","breadcrumb":{"@id":"https:\/\/vapebulkp.com\/product\/bang-box-s1-15000puff-europe-warehouse-bulk-price-vape\/#breadcrumb"},"inLanguage":"fr-FR","potentialAction":[{"@type":"ReadAction","target":["https:\/\/vapebulkp.com\/product\/bang-box-s1-15000puff-europe-warehouse-bulk-price-vape\/"]}]},{"@type":"BreadcrumbList","@id":"https:\/\/vapebulkp.com\/product\/bang-box-s1-15000puff-europe-warehouse-bulk-price-vape\/#breadcrumb","itemListElement":[{"@type":"ListItem","position":1,"name":"Home","item":"https:\/\/vapebulkp.com\/"},{"@type":"ListItem","position":2,"name":"Hot Trend Vapes","item":"https:\/\/vapebulkp.com\/vape-shop\/"},{"@type":"ListItem","position":3,"name":"Bang Box S1-15000puff Europe Warehouse Bulk Price Vape"}]},{"@type":"WebSite","@id":"https:\/\/vapebulkp.com\/#website","url":"https:\/\/vapebulkp.com\/","name":"vapebulkp.com","description":"Buy Vape In Cheap Bulk Price Near you","publisher":{"@id":"https:\/\/vapebulkp.com\/#organization"},"potentialAction":[{"@type":"SearchAction","target":{"@type":"EntryPoint","urlTemplate":"https:\/\/vapebulkp.com\/?s={search_term_string}"},"query-input":"required name=search_term_string"}],"inLanguage":"fr-FR"},{"@type":"Organization","@id":"https:\/\/vapebulkp.com\/#organization","name":"vapebulkp.com","url":"https:\/\/vapebulkp.com\/","logo":{"@type":"ImageObject","inLanguage":"fr-FR","@id":"https:\/\/vapebulkp.com\/#\/schema\/logo\/image\/","url":"https:\/\/vapebulkp.com\/wp-content\/uploads\/2023\/09\/cropped-vapebulkp.png","contentUrl":"https:\/\/vapebulkp.com\/wp-content\/uploads\/2023\/09\/cropped-vapebulkp.png","width":516,"height":163,"caption":"vapebulkp.com"},"image":{"@id":"https:\/\/vapebulkp.com\/#\/schema\/logo\/image\/"}}]}},"uagb_featured_image_src":{"full":["https:\/\/vapebulkp.com\/wp-content\/uploads\/2024\/09\/Bang-Box-15k-puff-New-Bang-Vape-Germany.png",1500,844,false],"thumbnail":["https:\/\/vapebulkp.com\/wp-content\/uploads\/2024\/09\/Bang-Box-15k-puff-New-Bang-Vape-Germany-150x150.png",150,150,true],"medium":["https:\/\/vapebulkp.com\/wp-content\/uploads\/2024\/09\/Bang-Box-15k-puff-New-Bang-Vape-Germany-300x169.png",300,169,true],"medium_large":["https:\/\/vapebulkp.com\/wp-content\/uploads\/2024\/09\/Bang-Box-15k-puff-New-Bang-Vape-Germany-768x432.png",768,432,true],"large":["https:\/\/vapebulkp.com\/wp-content\/uploads\/2024\/09\/Bang-Box-15k-puff-New-Bang-Vape-Germany-1024x576.png",1024,576,true],"1536x1536":["https:\/\/vapebulkp.com\/wp-content\/uploads\/2024\/09\/Bang-Box-15k-puff-New-Bang-Vape-Germany.png",1500,844,false],"2048x2048":["https:\/\/vapebulkp.com\/wp-content\/uploads\/2024\/09\/Bang-Box-15k-puff-New-Bang-Vape-Germany.png",1500,844,false],"trp-custom-language-flag":["https:\/\/vapebulkp.com\/wp-content\/uploads\/2024\/09\/Bang-Box-15k-puff-New-Bang-Vape-Germany.png",18,10,false],"woocommerce_thumbnail":["https:\/\/vapebulkp.com\/wp-content\/uploads\/2024\/09\/Bang-Box-15k-puff-New-Bang-Vape-Germany-300x300.png",300,300,true],"woocommerce_single":["https:\/\/vapebulkp.com\/wp-content\/uploads\/2024\/09\/Bang-Box-15k-puff-New-Bang-Vape-Germany-600x338.png",600,338,true],"woocommerce_gallery_thumbnail":["https:\/\/vapebulkp.com\/wp-content\/uploads\/2024\/09\/Bang-Box-15k-puff-New-Bang-Vape-Germany-100x100.png",100,100,true],"wcpr-photo-reviews":["https:\/\/vapebulkp.com\/wp-content\/uploads\/2024\/09\/Bang-Box-15k-puff-New-Bang-Vape-Germany.png",500,281,false]},"uagb_author_info":{"display_name":"Mandy vape bulk price","author_link":"https:\/\/vapebulkp.com\/fr\/author\/"},"uagb_comment_info":0,"uagb_excerpt":"Convenient vape packaging Bang Box\u00a0 15000 puff vape kits Bang Box\u00a0S1-15000puff\u00a0User-friendly vaping &nbsp; Pls Contact Mandy's WhatsApp For Discount Price+8618077105796 NOTE: Prices on our website does not include shipping costs &nbsp;","_links":{"self":[{"href":"https:\/\/vapebulkp.com\/fr\/wp-json\/wp\/v2\/product\/2944","targetHints":{"allow":["GET"]}}],"collection":[{"href":"https:\/\/vapebulkp.com\/fr\/wp-json\/wp\/v2\/product"}],"about":[{"href":"https:\/\/vapebulkp.com\/fr\/wp-json\/wp\/v2\/types\/product"}],"replies":[{"embeddable":true,"href":"https:\/\/vapebulkp.com\/fr\/wp-json\/wp\/v2\/comments?post=2944"}],"wp:featuredmedia":[{"embeddable":true,"href":"https:\/\/vapebulkp.com\/fr\/wp-json\/wp\/v2\/media\/2932"}],"wp:attachment":[{"href":"https:\/\/vapebulkp.com\/fr\/wp-json\/wp\/v2\/media?parent=2944"}],"wp:term":[{"taxonomy":"product_cat","embeddable":true,"href":"https:\/\/vapebulkp.com\/fr\/wp-json\/wp\/v2\/product_cat?post=2944"},{"taxonomy":"product_tag","embeddable":true,"href":"https:\/\/vapebulkp.com\/fr\/wp-json\/wp\/v2\/product_tag?post=2944"}],"curies":[{"name":"wp","href":"https:\/\/api.w.org\/{rel}","templated":true}]}}