{"id":2986,"date":"2024-10-08T09:21:41","date_gmt":"2024-10-08T07:21:41","guid":{"rendered":"https:\/\/vapebulkp.com\/?post_type=product&#038;p=2986"},"modified":"2025-09-24T05:04:22","modified_gmt":"2025-09-24T03:04:22","slug":"bang-box-30k-puff-led-display-wholesale-disposable-vape","status":"publish","type":"product","link":"https:\/\/vapebulkp.com\/fr\/produit\/bang-box-30k-puff-led-display-wholesale-disposable-vape\/","title":{"rendered":"Bang Box 30k Puff LED Affichage Vente en Gros Vape Jetable"},"content":{"rendered":"<h2 style=\"text-align: left\">Bang Box 30k Puff Affichage LED Vape jetable en gros<\/h2>\n<p>Le Bang Box 30k Puff Affichage LED est un produit haut de gamme <a href=\"https:\/\/vapebulkp.com\/fr\/categorie-produit\/30000-puff-disposable-vape\/\">30000 Puffs Cigarette \u00c9lectronique Jetable<\/a> con\u00e7u pour les vapoteurs en France qui recherchent performance, saveur et durabilit\u00e9 dans un seul appareil. Avec une capacit\u00e9 massive de 35 ml de e-liquide pr\u00e9-rempli et des options de nicotine de 2% (20 mg) et 5% (50 mg), il offre une satisfaction durable pour les utilisateurs mod\u00e9r\u00e9s et intensifs.<\/p>\n<p>Une batterie rechargeable de 850 mAh avec chargement rapide USB Type-C assure une puissance constante, tandis que la technologie de double bobine maill\u00e9e produit une vapeur riche et une saveur cors\u00e9e sur les 30 000 bouff\u00e9es. La conception activ\u00e9e par l'aspiration le rend simple \u00e0 utiliser, sans boutons ni r\u00e9glages compliqu\u00e9s.<\/p>\n<p>Un affichage LED int\u00e9gr\u00e9 montre les niveaux de e-liquide et de batterie, vous permettant de garder le contr\u00f4le \u00e0 tout moment. Avec 12 options de saveurs allant des m\u00e9langes de fruits rafra\u00eechissants aux profils de menthol doux et de tabac classique, le Vape jetable Bang Box 30k Puff est con\u00e7u pour les jeunes vapoteurs adultes et les acheteurs en gros \u00e0 travers la France.<\/p>\n<p>Combinant un design \u00e9l\u00e9gant, un syst\u00e8me de bobine avanc\u00e9 et une performance de haute capacit\u00e9, le Bang Box 30k est le vape jetable rechargeable parfait pour les d\u00e9taillants et les passionn\u00e9s \u00e0 la recherche d'appareils fiables et durables exp\u00e9di\u00e9s directement depuis des entrep\u00f4ts en France.<\/p>\n<p><img decoding=\"async\" class=\"alignnone wp-image-2982\" src=\"http:\/\/vapebulkp.com\/wp-content\/uploads\/2024\/10\/Bang-Box-30000-Puffs-Vape-KIT-Wholesale-Price-Long-LAST-VAPE-scaled.jpg\" alt=\"Bang Box 30000 Puffs Vape KIT Prix de gros VAPE LONGUE DUR\u00c9E\" width=\"471\" height=\"591\" srcset=\"https:\/\/vapebulkp.com\/wp-content\/uploads\/2024\/10\/Bang-Box-30000-Puffs-Vape-KIT-Wholesale-Price-Long-LAST-VAPE-scaled.jpg 2040w, https:\/\/vapebulkp.com\/wp-content\/uploads\/2024\/10\/Bang-Box-30000-Puffs-Vape-KIT-Wholesale-Price-Long-LAST-VAPE-239x300.jpg 239w, https:\/\/vapebulkp.com\/wp-content\/uploads\/2024\/10\/Bang-Box-30000-Puffs-Vape-KIT-Wholesale-Price-Long-LAST-VAPE-816x1024.jpg 816w, https:\/\/vapebulkp.com\/wp-content\/uploads\/2024\/10\/Bang-Box-30000-Puffs-Vape-KIT-Wholesale-Price-Long-LAST-VAPE-768x964.jpg 768w, https:\/\/vapebulkp.com\/wp-content\/uploads\/2024\/10\/Bang-Box-30000-Puffs-Vape-KIT-Wholesale-Price-Long-LAST-VAPE-1224x1536.jpg 1224w, https:\/\/vapebulkp.com\/wp-content\/uploads\/2024\/10\/Bang-Box-30000-Puffs-Vape-KIT-Wholesale-Price-Long-LAST-VAPE-1632x2048.jpg 1632w, https:\/\/vapebulkp.com\/wp-content\/uploads\/2024\/10\/Bang-Box-30000-Puffs-Vape-KIT-Wholesale-Price-Long-LAST-VAPE-600x753.jpg 600w\" sizes=\"(max-width: 471px) 100vw, 471px\" \/><\/p>\n<h6>Veuillez contacter le WhatsApp de Mandy pour un prix r\u00e9duit<a href=\"https:\/\/wa.me\/8618077105796\">+8618077105796<\/a><\/h6>\n<p><img decoding=\"async\" class=\"alignnone wp-image-2151\" src=\"http:\/\/vapebulkp.com\/wp-content\/uploads\/2024\/04\/Mandy-WhatsApp-Randm.jpg\" alt=\"WhatsApp Mandy Randm\" width=\"324\" height=\"330\" \/><\/p>\n<h2>Vous pourriez aimer en savoir plus sur le vape en vente chaude Bang Box 30000 Puffs :<\/h2>\n<p>&nbsp;<\/p>\n<h6><strong>Q1: Quelle est la capacit\u00e9 de e-liquide du Vape Bang Box?<\/strong><\/h6>\n<p>R: Le Vape Bang Box 30K Puffs a une capacit\u00e9 impressionnante de 35 ml pr\u00e9-remplie, ce qui permet une session de vapotage prolong\u00e9e sans avoir besoin de recharges fr\u00e9quentes.<\/p>\n<p>&nbsp;<\/p>\n<h6><strong>Q2.Quel type de batterie utilise le Vape Bang Box, et comment le charger?<\/strong><\/h6>\n<p>Le <strong>Vape Bang Box<\/strong> est aliment\u00e9 par un durable <strong>batterie de 850 mAh<\/strong> et dispose d'une <strong>port de chargement USB de type C<\/strong>, assurant une recharge rapide et efficace pour une utilisation ininterrompue.<\/p>\n<p><span style=\"color: #ff6600\">Avis : ne pas recharger toute la nuit !<\/span><\/p>\n<h6><strong>Q3: Quelle technologie de bobine utilise le Vape Bang Box?<\/strong><\/h6>\n<p><strong>A:<\/strong> \u00c9quip\u00e9 d'une <strong>double bobine maill\u00e9e int\u00e9gr\u00e9e<\/strong>, le Vape Bang Box assure une production de vapeur constante et une saveur riche \u00e0 chaque bouff\u00e9e.<\/p>\n<h6><strong>Q4: Le Vape Bang Box a-t-il un \u00e9cran d'affichage?<\/strong><\/h6>\n<p>R: Oui, le Vape Bang Box 30,000 Puffs dispose d'un \u00e9cran d'affichage qui montre des informations importantes, y compris les indicateurs de niveau de batterie et de niveau de e-liquide, afin que vous puissiez facilement suivre l'\u00e9tat de votre vape.<\/p>\n<h2>Fonctionnalit\u00e9s de la Vape Jetable Bang Box 30k Puffs :<\/h2>\n<ul>\n<li><strong>Nombre maximal de bouff\u00e9es<\/strong>: Profitez jusqu'\u00e0 <strong>30 000 bouff\u00e9es<\/strong>, offrant une exp\u00e9rience de vapotage prolong\u00e9e sans avoir besoin de remplacements fr\u00e9quents.<\/li>\n<li><strong>Options de force de nicotine<\/strong>: Disponible en <strong>2% (20 mg)<\/strong> et <strong>5% (50 mg)<\/strong> taux de nicotine, permettant aux utilisateurs de choisir leur force pr\u00e9f\u00e9r\u00e9e.<\/li>\n<li><strong>Capacit\u00e9 de E-liquide Pr\u00e9-rempli<\/strong>: Livr\u00e9 avec une g\u00e9n\u00e9reuse <strong>capacit\u00e9 de 35mL de e-liquide pr\u00e9-rempli<\/strong>, assurant beaucoup de saveur et de vapeur pour un plaisir de longue dur\u00e9e.<\/li>\n<li><strong>Capacit\u00e9 de la batterie<\/strong>: Dispose d'un <strong>batterie de 850 mAh<\/strong>, offrant des performances fiables tout au long de sa dur\u00e9e de vie pour maximiser vos sessions de vapotage.<\/li>\n<li><strong>Port de charge<\/strong>: \u00c9quip\u00e9 d'un <strong>port de chargement USB de type C<\/strong> pour une recharge rapide et efficace, le rendant pratique pour une utilisation en d\u00e9placement.<\/li>\n<li><strong>Mode de Fonctionnement<\/strong>: Utilise le <strong>tirage-activation<\/strong>, permettant aux utilisateurs d'activer facilement l'appareil en inhalant simplement.<\/li>\n<li><strong>Double Bobine Mesh Int\u00e9gr\u00e9e<\/strong>: Cette technologie de bobine avanc\u00e9e am\u00e9liore la restitution de la saveur et la production de vapeur, r\u00e9sultant en une exp\u00e9rience de vapotage plus riche.<\/li>\n<li><strong>\u00c9cran d'affichage<\/strong>: Un \u00e9cran d'affichage int\u00e9gr\u00e9 fournit des informations essentielles en un coup d'\u0153il, am\u00e9liorant l'exp\u00e9rience utilisateur.<\/li>\n<li><strong>Indicateur de Niveau de Batterie<\/strong>: V\u00e9rifiez facilement l'autonomie de votre batterie avec l'indicateur de niveau de batterie int\u00e9gr\u00e9 pour vous assurer que vous \u00eates toujours pr\u00eat \u00e0 vapoter.<\/li>\n<li><strong>Indicateur de Niveau de E-liquide<\/strong>: L'indicateur de niveau de e-liquide permet aux utilisateurs de surveiller le e-liquide restant, garantissant que vous ne tombez jamais en panne de mani\u00e8re inattendue.<\/li>\n<li><strong>S\u00e9lection de saveurs<\/strong>: Choisissez parmi <strong>12 saveurs d\u00e9licieuses<\/strong>, r\u00e9pondant \u00e0 une vari\u00e9t\u00e9 de pr\u00e9f\u00e9rences et am\u00e9liorant votre exp\u00e9rience de vapotage globale.<\/li>\n<\/ul>\n<p>&nbsp;<\/p>\n<h2><strong>\u00a0Saveurs originales du Vape Bang Vape 30k Puffs :<\/strong><\/h2>\n<p>1.fraise kiwi<br \/>\n2.explosion noire<br \/>\n3.fraise past\u00e8que<br \/>\n4.fruit de la passion<br \/>\n5.myrtille framboise surette glac\u00e9e<br \/>\n6.glace \u00e0 la past\u00e8que<br \/>\n7.myrtille grenade<br \/>\n8.pomme p\u00eache<br \/>\n9.glace aux myrtilles<br \/>\n10.double raisin<br \/>\n11.explosion bleue<br \/>\n12.jus de la jungle<\/p>\n<p><span style=\"vertical-align: inherit\">Trouvez plus de produits qui pourraient vous plaire\uff1a<\/span><em><a href=\"https:\/\/wa.me\/8618077105796\"><span style=\"vertical-align: inherit\">\u00a0Achetez-le maintenant<\/span><\/a><\/em><\/p>\n<p><span style=\"vertical-align: inherit\">Autres Puffs que vous pourriez aimer\uff1a<\/span><a href=\"https:\/\/vapebulkp.com\/fr\/produit\/vopk-80000-puffs-wholesale-price-4-in-1-flavor-switch-vape-device\/\"><span style=\"vertical-align: inherit\">Vape en vogue VOPK 80000 Puffs<\/span><\/a><span style=\"vertical-align: inherit\">\u3001<\/span><a href=\"https:\/\/vapebulkp.com\/fr\/produit\/aivono-fat-bear-80000-puffs-3-flavors-modes-disposable-vape-bulk-wholesale\/\"><span style=\"vertical-align: inherit\">AIVONAO Fat Bear 80000 Bouff\u00e9es<\/span><\/a><span style=\"vertical-align: inherit\">\/ <\/span><a href=\"https:\/\/vapebulkp.com\/fr\/produit\/elf-bar-30000-puffs-ice-king-vape-device-hot-sale\/\"><span style=\"vertical-align: inherit\">ELFBAR 30000 Bouff\u00e9es<\/span><\/a><span style=\"vertical-align: inherit\">\/ <\/span><a href=\"https:\/\/vapebulkp.com\/fr\/produit\/vapme-shisha-30000-puffs-hot-sale-rechargeable-e-cigarette\/\"><span style=\"vertical-align: inherit\">Vapme SHISHA 30K Bouff\u00e9es<\/span><\/a><\/p>\n<h3>Qualification de production :<\/h3>\n<p><img decoding=\"async\" class=\"alignnone size-full wp-image-1841\" src=\"http:\/\/vapebulkp.com\/wp-content\/uploads\/2023\/11\/Vape-production-process-2.jpeg\" alt=\"Processus de production de vape\" width=\"650\" height=\"434\" srcset=\"https:\/\/vapebulkp.com\/wp-content\/uploads\/2023\/11\/Vape-production-process-2.jpeg 650w, https:\/\/vapebulkp.com\/wp-content\/uploads\/2023\/11\/Vape-production-process-2-300x200.jpeg 300w, https:\/\/vapebulkp.com\/wp-content\/uploads\/2023\/11\/Vape-production-process-2-600x401.jpeg 600w\" sizes=\"(max-width: 650px) 100vw, 650px\" \/><\/p>\n<p><img decoding=\"async\" class=\"alignnone size-full wp-image-1843\" src=\"http:\/\/vapebulkp.com\/wp-content\/uploads\/2023\/11\/Vape-production-process.jpeg\" alt=\"Processus de production de vape\" width=\"641\" height=\"1026\" srcset=\"https:\/\/vapebulkp.com\/wp-content\/uploads\/2023\/11\/Vape-production-process.jpeg 641w, https:\/\/vapebulkp.com\/wp-content\/uploads\/2023\/11\/Vape-production-process-187x300.jpeg 187w, https:\/\/vapebulkp.com\/wp-content\/uploads\/2023\/11\/Vape-production-process-640x1024.jpeg 640w, https:\/\/vapebulkp.com\/wp-content\/uploads\/2023\/11\/Vape-production-process-600x960.jpeg 600w\" sizes=\"(max-width: 641px) 100vw, 641px\" \/><\/p>\n<h4>FAQ :<\/h4>\n<p>Q: Quel est le MOQ du Bang Box 30000 Puffs Vape Device?<br \/>\nR : La commande minimale est de 50 pi\u00e8ces.<br \/>\nQ : Quel est le d\u00e9lai de livraison pour les vapes command\u00e9es ?<br \/>\nR : Il est g\u00e9n\u00e9ralement de 10 \u00e0 15 jours apr\u00e8s l'exp\u00e9dition.<br \/>\nQ: Quel est le co\u00fbt d'exp\u00e9dition ? R: Le co\u00fbt d'exp\u00e9dition d\u00e9pend du poids. Diff\u00e9rentes quantit\u00e9s ont des co\u00fbts d'exp\u00e9dition diff\u00e9rents, veuillez nous contacter pour confirmer le co\u00fbt d'exp\u00e9dition.<\/p>\n<h4>D\u00e9tails d'exp\u00e9dition :<\/h4>\n<p><span style=\"color: #ff6600\">D\u00e9lai de production : 5-10 jours ouvrables<\/span><br \/>\n<span style=\"color: #ff6600\">D\u00e9lai de livraison : 8-14 jours ouvrables<\/span><\/p>\n<p>Tous les produits de notre boutique sont 100% originaux et authentiques, c'est pourquoi nous avons pour politique de rembourser dix fois le prix des produits contrefaits. Nous utilisons des canaux logistiques tels que UPS\/DHL\/FEDEX\/DPD pour vous livrer les marchandises.<\/p>\n<p>Pour les colis exp\u00e9di\u00e9s en France, il faut g\u00e9n\u00e9ralement 10 jours ouvrables pour qu'ils arrivent. L'exp\u00e9dition vers les pays europ\u00e9ens prend g\u00e9n\u00e9ralement de 12 \u00e0 15 jours ouvrables. Nous mettrons \u00e0 jour les informations logistiques pour vous en temps r\u00e9el.<\/p>","protected":false},"excerpt":{"rendered":"<p>Le <strong>Bang Box 30000 Puffs Meilleur Vape jetable<\/strong> allie des fonctionnalit\u00e9s de haute performance \u00e0 une conception centr\u00e9e sur l'utilisateur, ce qui en fait un choix remarquable pour quiconque cherche \u00e0 am\u00e9liorer son exp\u00e9rience de vapotage.<\/p>\n<p>Veuillez contacter le WhatsApp de Mandy pour un prix r\u00e9duit<a href=\"https:\/\/wa.me\/8618077105796\">+8618077105796<\/a><\/p>\n<p><img decoding=\"async\" class=\"alignnone wp-image-2151\" src=\"http:\/\/vapebulkp.com\/wp-content\/uploads\/2024\/04\/Mandy-WhatsApp-Randm.jpg\" alt=\"WhatsApp Mandy Randm\" width=\"297\" height=\"316\" srcset=\"https:\/\/vapebulkp.com\/wp-content\/uploads\/2024\/04\/Mandy-WhatsApp-Randm.jpg 916w, https:\/\/vapebulkp.com\/wp-content\/uploads\/2024\/04\/Mandy-WhatsApp-Randm-282x300.jpg 282w, https:\/\/vapebulkp.com\/wp-content\/uploads\/2024\/04\/Mandy-WhatsApp-Randm-768x817.jpg 768w, https:\/\/vapebulkp.com\/wp-content\/uploads\/2024\/04\/Mandy-WhatsApp-Randm-600x638.jpg 600w\" sizes=\"(max-width: 297px) 100vw, 297px\" \/><\/p>\n<p><span style=\"color: #ff0000\">REMARQUE : Les prix sur notre site web n'incluent pas les frais de port<\/span><\/p>\n<p>&nbsp;<\/p>","protected":false},"featured_media":2979,"comment_status":"open","ping_status":"closed","template":"","meta":{"_uag_custom_page_level_css":"","_lmt_disableupdate":"no","_lmt_disable":"","site-sidebar-layout":"default","site-content-layout":"content-boxed-container","ast-site-content-layout":"normal-width-container","site-content-style":"boxed","site-sidebar-style":"unboxed","ast-global-header-display":"","ast-banner-title-visibility":"","ast-main-header-display":"","ast-hfb-above-header-display":"","ast-hfb-below-header-display":"","ast-hfb-mobile-header-display":"","site-post-title":"","ast-breadcrumbs-content":"","ast-featured-img":"","footer-sml-layout":"","theme-transparent-header-meta":"default","adv-header-id-meta":"","stick-header-meta":"","header-above-stick-meta":"","header-main-stick-meta":"","header-below-stick-meta":"","astra-migrate-meta-layouts":"set","_joinchat":[]},"product_cat":[160,153,345,155,33,59,100,34,158,157,154,152,58,84,156,63,32],"product_tag":[139,36,37,41,40],"class_list":["post-2986","product","type-product","status-publish","has-post-thumbnail","hentry","product_cat-30000-puff-disposable-vape","product_cat-hot-disposable-vapes","product_cat-bang-vapes","product_cat-belgium-hot-disposable-vapes","product_cat-france-vape-hot-sale","product_cat-germany-hot-disposable-vape","product_cat-germany-wholesale-vape-shop","product_cat-netherlands-vape-good-sale","product_cat-norway-hot-disposable-vapes","product_cat-poland-hot-disposable-vapes","product_cat-portugal-hot-disposable-vapes","product_cat-spain-hot-disposable-vapes","product_cat-sweden-hot-disposable-vape","product_cat-sweden-wholesale-vape","product_cat-switzerland-hot-disposable-vapes","product_cat-top-sale-disposable-vape","product_cat-vape-hot-sale-this-week","product_tag-30k-puffs","product_tag-good-vape","product_tag-hot-sale-disposable-vape","product_tag-poland-hot-vape","product_tag-sweden-hot-vape","pa_brand-bang-vape","desktop-align-left","tablet-align-left","mobile-align-left"],"yoast_head":"<!-- This site is optimized with the Yoast SEO plugin v21.1 - https:\/\/yoast.com\/wordpress\/plugins\/seo\/ -->\n<title>Bang Box 30k Puff LED Display Wholesale Disposable Vape - vapebulkp.com<\/title>\n<meta name=\"description\" content=\"Buy Bang Box 30k Puff LED Display, a premium 30000 Puffs Disposable Vape with 35ml e-liquid, 2% or 5% nicotine, dual mesh coil, and fast Type-C charging. Wholesale orders available across Europe.\" \/>\n<meta name=\"robots\" content=\"index, follow, max-snippet:-1, max-image-preview:large, max-video-preview:-1\" \/>\n<link rel=\"canonical\" href=\"https:\/\/vapebulkp.com\/fr\/produit\/bang-box-30k-puff-led-display-wholesale-disposable-vape\/\" \/>\n<meta property=\"og:locale\" content=\"fr_FR\" \/>\n<meta property=\"og:type\" content=\"article\" \/>\n<meta property=\"og:title\" content=\"Bang Box 30k Puff LED Display Wholesale Disposable Vape - vapebulkp.com\" \/>\n<meta property=\"og:description\" content=\"Buy Bang Box 30k Puff LED Display, a premium 30000 Puffs Disposable Vape with 35ml e-liquid, 2% or 5% nicotine, dual mesh coil, and fast Type-C charging. Wholesale orders available across Europe.\" \/>\n<meta property=\"og:url\" content=\"https:\/\/vapebulkp.com\/fr\/produit\/bang-box-30k-puff-led-display-wholesale-disposable-vape\/\" \/>\n<meta property=\"og:site_name\" content=\"vapebulkp.com\" \/>\n<meta property=\"article:modified_time\" content=\"2025-09-24T03:04:22+00:00\" \/>\n<meta property=\"og:image\" content=\"http:\/\/vapebulkp.com\/wp-content\/uploads\/2024\/10\/Bang-Box-30k-Vape-Box-Discount-Price-Long-LAST-VAPE-scaled.jpg\" \/>\n\t<meta property=\"og:image:width\" content=\"1920\" \/>\n\t<meta property=\"og:image:height\" content=\"2560\" \/>\n\t<meta property=\"og:image:type\" content=\"image\/jpeg\" \/>\n<meta name=\"twitter:card\" content=\"summary_large_image\" \/>\n<meta name=\"twitter:label1\" content=\"Dur\u00e9e de lecture estim\u00e9e\" \/>\n\t<meta name=\"twitter:data1\" content=\"5 minutes\" \/>\n<script type=\"application\/ld+json\" class=\"yoast-schema-graph\">{\"@context\":\"https:\/\/schema.org\",\"@graph\":[{\"@type\":\"WebPage\",\"@id\":\"https:\/\/vapebulkp.com\/product\/bang-box-30k-puff-led-display-wholesale-disposable-vape\/\",\"url\":\"https:\/\/vapebulkp.com\/product\/bang-box-30k-puff-led-display-wholesale-disposable-vape\/\",\"name\":\"Bang Box 30k Puff LED Display Wholesale Disposable Vape - vapebulkp.com\",\"isPartOf\":{\"@id\":\"https:\/\/vapebulkp.com\/#website\"},\"datePublished\":\"2024-10-08T07:21:41+00:00\",\"dateModified\":\"2025-09-24T03:04:22+00:00\",\"description\":\"Buy Bang Box 30k Puff LED Display, a premium 30000 Puffs Disposable Vape with 35ml e-liquid, 2% or 5% nicotine, dual mesh coil, and fast Type-C charging. Wholesale orders available across Europe.\",\"breadcrumb\":{\"@id\":\"https:\/\/vapebulkp.com\/product\/bang-box-30k-puff-led-display-wholesale-disposable-vape\/#breadcrumb\"},\"inLanguage\":\"fr-FR\",\"potentialAction\":[{\"@type\":\"ReadAction\",\"target\":[\"https:\/\/vapebulkp.com\/product\/bang-box-30k-puff-led-display-wholesale-disposable-vape\/\"]}]},{\"@type\":\"BreadcrumbList\",\"@id\":\"https:\/\/vapebulkp.com\/product\/bang-box-30k-puff-led-display-wholesale-disposable-vape\/#breadcrumb\",\"itemListElement\":[{\"@type\":\"ListItem\",\"position\":1,\"name\":\"Home\",\"item\":\"https:\/\/vapebulkp.com\/\"},{\"@type\":\"ListItem\",\"position\":2,\"name\":\"Hot Trend Vapes\",\"item\":\"https:\/\/vapebulkp.com\/vape-shop\/\"},{\"@type\":\"ListItem\",\"position\":3,\"name\":\"Bang Box 30k Puff LED Display Wholesale Disposable Vape\"}]},{\"@type\":\"WebSite\",\"@id\":\"https:\/\/vapebulkp.com\/#website\",\"url\":\"https:\/\/vapebulkp.com\/\",\"name\":\"vapebulkp.com\",\"description\":\"Buy Vape In Cheap Bulk Price Near you\",\"publisher\":{\"@id\":\"https:\/\/vapebulkp.com\/#organization\"},\"potentialAction\":[{\"@type\":\"SearchAction\",\"target\":{\"@type\":\"EntryPoint\",\"urlTemplate\":\"https:\/\/vapebulkp.com\/?s={search_term_string}\"},\"query-input\":\"required name=search_term_string\"}],\"inLanguage\":\"fr-FR\"},{\"@type\":\"Organization\",\"@id\":\"https:\/\/vapebulkp.com\/#organization\",\"name\":\"vapebulkp.com\",\"url\":\"https:\/\/vapebulkp.com\/\",\"logo\":{\"@type\":\"ImageObject\",\"inLanguage\":\"fr-FR\",\"@id\":\"https:\/\/vapebulkp.com\/#\/schema\/logo\/image\/\",\"url\":\"https:\/\/vapebulkp.com\/wp-content\/uploads\/2023\/09\/cropped-vapebulkp.png\",\"contentUrl\":\"https:\/\/vapebulkp.com\/wp-content\/uploads\/2023\/09\/cropped-vapebulkp.png\",\"width\":516,\"height\":163,\"caption\":\"vapebulkp.com\"},\"image\":{\"@id\":\"https:\/\/vapebulkp.com\/#\/schema\/logo\/image\/\"}}]}<\/script>\n<!-- \/ Yoast SEO plugin. -->","yoast_head_json":{"title":"Bang Box 30k Puff LED Display Wholesale Disposable Vape - vapebulkp.com","description":"Buy Bang Box 30k Puff LED Display, a premium 30000 Puffs Disposable Vape with 35ml e-liquid, 2% or 5% nicotine, dual mesh coil, and fast Type-C charging. Wholesale orders available across Europe.","robots":{"index":"index","follow":"follow","max-snippet":"max-snippet:-1","max-image-preview":"max-image-preview:large","max-video-preview":"max-video-preview:-1"},"canonical":"https:\/\/vapebulkp.com\/fr\/produit\/bang-box-30k-puff-led-display-wholesale-disposable-vape\/","og_locale":"fr_FR","og_type":"article","og_title":"Bang Box 30k Puff LED Display Wholesale Disposable Vape - vapebulkp.com","og_description":"Buy Bang Box 30k Puff LED Display, a premium 30000 Puffs Disposable Vape with 35ml e-liquid, 2% or 5% nicotine, dual mesh coil, and fast Type-C charging. Wholesale orders available across Europe.","og_url":"https:\/\/vapebulkp.com\/fr\/produit\/bang-box-30k-puff-led-display-wholesale-disposable-vape\/","og_site_name":"vapebulkp.com","article_modified_time":"2025-09-24T03:04:22+00:00","og_image":[{"width":1920,"height":2560,"url":"http:\/\/vapebulkp.com\/wp-content\/uploads\/2024\/10\/Bang-Box-30k-Vape-Box-Discount-Price-Long-LAST-VAPE-scaled.jpg","type":"image\/jpeg"}],"twitter_card":"summary_large_image","twitter_misc":{"Dur\u00e9e de lecture estim\u00e9e":"5 minutes"},"schema":{"@context":"https:\/\/schema.org","@graph":[{"@type":"WebPage","@id":"https:\/\/vapebulkp.com\/product\/bang-box-30k-puff-led-display-wholesale-disposable-vape\/","url":"https:\/\/vapebulkp.com\/product\/bang-box-30k-puff-led-display-wholesale-disposable-vape\/","name":"Bang Box 30k Puff LED Display Wholesale Disposable Vape - vapebulkp.com","isPartOf":{"@id":"https:\/\/vapebulkp.com\/#website"},"datePublished":"2024-10-08T07:21:41+00:00","dateModified":"2025-09-24T03:04:22+00:00","description":"Buy Bang Box 30k Puff LED Display, a premium 30000 Puffs Disposable Vape with 35ml e-liquid, 2% or 5% nicotine, dual mesh coil, and fast Type-C charging. Wholesale orders available across Europe.","breadcrumb":{"@id":"https:\/\/vapebulkp.com\/product\/bang-box-30k-puff-led-display-wholesale-disposable-vape\/#breadcrumb"},"inLanguage":"fr-FR","potentialAction":[{"@type":"ReadAction","target":["https:\/\/vapebulkp.com\/product\/bang-box-30k-puff-led-display-wholesale-disposable-vape\/"]}]},{"@type":"BreadcrumbList","@id":"https:\/\/vapebulkp.com\/product\/bang-box-30k-puff-led-display-wholesale-disposable-vape\/#breadcrumb","itemListElement":[{"@type":"ListItem","position":1,"name":"Home","item":"https:\/\/vapebulkp.com\/"},{"@type":"ListItem","position":2,"name":"Hot Trend Vapes","item":"https:\/\/vapebulkp.com\/vape-shop\/"},{"@type":"ListItem","position":3,"name":"Bang Box 30k Puff LED Display Wholesale Disposable Vape"}]},{"@type":"WebSite","@id":"https:\/\/vapebulkp.com\/#website","url":"https:\/\/vapebulkp.com\/","name":"vapebulkp.com","description":"Buy Vape In Cheap Bulk Price Near you","publisher":{"@id":"https:\/\/vapebulkp.com\/#organization"},"potentialAction":[{"@type":"SearchAction","target":{"@type":"EntryPoint","urlTemplate":"https:\/\/vapebulkp.com\/?s={search_term_string}"},"query-input":"required name=search_term_string"}],"inLanguage":"fr-FR"},{"@type":"Organization","@id":"https:\/\/vapebulkp.com\/#organization","name":"vapebulkp.com","url":"https:\/\/vapebulkp.com\/","logo":{"@type":"ImageObject","inLanguage":"fr-FR","@id":"https:\/\/vapebulkp.com\/#\/schema\/logo\/image\/","url":"https:\/\/vapebulkp.com\/wp-content\/uploads\/2023\/09\/cropped-vapebulkp.png","contentUrl":"https:\/\/vapebulkp.com\/wp-content\/uploads\/2023\/09\/cropped-vapebulkp.png","width":516,"height":163,"caption":"vapebulkp.com"},"image":{"@id":"https:\/\/vapebulkp.com\/#\/schema\/logo\/image\/"}}]}},"uagb_featured_image_src":{"full":["https:\/\/vapebulkp.com\/wp-content\/uploads\/2024\/10\/Bang-Box-30k-Vape-Box-Discount-Price-Long-LAST-VAPE-scaled.jpg",1920,2560,false],"thumbnail":["https:\/\/vapebulkp.com\/wp-content\/uploads\/2024\/10\/Bang-Box-30k-Vape-Box-Discount-Price-Long-LAST-VAPE-150x150.jpg",150,150,true],"medium":["https:\/\/vapebulkp.com\/wp-content\/uploads\/2024\/10\/Bang-Box-30k-Vape-Box-Discount-Price-Long-LAST-VAPE-225x300.jpg",225,300,true],"medium_large":["https:\/\/vapebulkp.com\/wp-content\/uploads\/2024\/10\/Bang-Box-30k-Vape-Box-Discount-Price-Long-LAST-VAPE-768x1024.jpg",768,1024,true],"large":["https:\/\/vapebulkp.com\/wp-content\/uploads\/2024\/10\/Bang-Box-30k-Vape-Box-Discount-Price-Long-LAST-VAPE-768x1024.jpg",768,1024,true],"1536x1536":["https:\/\/vapebulkp.com\/wp-content\/uploads\/2024\/10\/Bang-Box-30k-Vape-Box-Discount-Price-Long-LAST-VAPE-1152x1536.jpg",1152,1536,true],"2048x2048":["https:\/\/vapebulkp.com\/wp-content\/uploads\/2024\/10\/Bang-Box-30k-Vape-Box-Discount-Price-Long-LAST-VAPE-1536x2048.jpg",1536,2048,true],"trp-custom-language-flag":["https:\/\/vapebulkp.com\/wp-content\/uploads\/2024\/10\/Bang-Box-30k-Vape-Box-Discount-Price-Long-LAST-VAPE-scaled.jpg",9,12,false],"woocommerce_thumbnail":["https:\/\/vapebulkp.com\/wp-content\/uploads\/2024\/10\/Bang-Box-30k-Vape-Box-Discount-Price-Long-LAST-VAPE-300x300.jpg",300,300,true],"woocommerce_single":["https:\/\/vapebulkp.com\/wp-content\/uploads\/2024\/10\/Bang-Box-30k-Vape-Box-Discount-Price-Long-LAST-VAPE-600x800.jpg",600,800,true],"woocommerce_gallery_thumbnail":["https:\/\/vapebulkp.com\/wp-content\/uploads\/2024\/10\/Bang-Box-30k-Vape-Box-Discount-Price-Long-LAST-VAPE-100x100.jpg",100,100,true],"wcpr-photo-reviews":["https:\/\/vapebulkp.com\/wp-content\/uploads\/2024\/10\/Bang-Box-30k-Vape-Box-Discount-Price-Long-LAST-VAPE-scaled.jpg",375,500,false]},"uagb_author_info":{"display_name":"Mandy vape bulk price","author_link":"https:\/\/vapebulkp.com\/fr\/author\/"},"uagb_comment_info":0,"uagb_excerpt":"The Bang Box 30000 Puffs Best Disposable Vape combines high-performance features with user-centric design, making it a standout choice for anyone looking to elevate their vaping journey. Pls Contact Mandy's WhatsApp For Discount Price+8618077105796 NOTE: Prices on our website does not include shipping costs &nbsp;","_links":{"self":[{"href":"https:\/\/vapebulkp.com\/fr\/wp-json\/wp\/v2\/product\/2986","targetHints":{"allow":["GET"]}}],"collection":[{"href":"https:\/\/vapebulkp.com\/fr\/wp-json\/wp\/v2\/product"}],"about":[{"href":"https:\/\/vapebulkp.com\/fr\/wp-json\/wp\/v2\/types\/product"}],"replies":[{"embeddable":true,"href":"https:\/\/vapebulkp.com\/fr\/wp-json\/wp\/v2\/comments?post=2986"}],"wp:featuredmedia":[{"embeddable":true,"href":"https:\/\/vapebulkp.com\/fr\/wp-json\/wp\/v2\/media\/2979"}],"wp:attachment":[{"href":"https:\/\/vapebulkp.com\/fr\/wp-json\/wp\/v2\/media?parent=2986"}],"wp:term":[{"taxonomy":"product_cat","embeddable":true,"href":"https:\/\/vapebulkp.com\/fr\/wp-json\/wp\/v2\/product_cat?post=2986"},{"taxonomy":"product_tag","embeddable":true,"href":"https:\/\/vapebulkp.com\/fr\/wp-json\/wp\/v2\/product_tag?post=2986"}],"curies":[{"name":"wp","href":"https:\/\/api.w.org\/{rel}","templated":true}]}}