{"id":3168,"date":"2024-11-26T08:13:47","date_gmt":"2024-11-26T07:13:47","guid":{"rendered":"https:\/\/vapebulkp.com\/?post_type=product&#038;p=3168"},"modified":"2025-08-29T05:07:15","modified_gmt":"2025-08-29T03:07:15","slug":"hzko-supernova-30000-puff-eu-warehouse-vape-disposable-vape","status":"publish","type":"product","link":"https:\/\/vapebulkp.com\/fr\/product\/hzko-supernova-30000-puff-eu-warehouse-vape-disposable-vape\/","title":{"rendered":"HZKO Supernova 30000 Bouff\u00e9es \u00c9cran d'Affichage Vape Jetable Entrep\u00f4t UE"},"content":{"rendered":"<h1>HZKO Supernova 30000 Bouff\u00e9es \u00c9cran d'Affichage Vape Jetable Entrep\u00f4t UE<\/h1>\n<p>Le <b>HZKO Supernova 30000 Bouff\u00e9es<\/b> est con\u00e7u pour le vapoteur europ\u00e9en moderne. Cet appareil \u00e9tablit une nouvelle norme en mati\u00e8re de commodit\u00e9 et de performance avec son design audacieux et ses fonctionnalit\u00e9s avanc\u00e9es. Un \u00e9cran num\u00e9rique int\u00e9gr\u00e9 vous donne des mises \u00e0 jour instantan\u00e9es en temps r\u00e9el sur votre <a href=\"https:\/\/vapebulkp.com\/fr\/product-category\/30000-puff-disposable-vape\/\"><b>30000 Puffs Cigarette \u00c9lectronique Jetable<\/b><\/a>, y compris l'autonomie de la batterie et les niveaux de e-liquide. Vous avez toujours le contr\u00f4le total.<\/p>\n<p>Ce <b>de 650 mAh pour cigarette \u00e9lectronique rechargeable<\/b> est aliment\u00e9 par une batterie fiable de 850 mAh avec chargement rapide de type C. Ses doubles bobines en maille et ses 23 ml de e-liquide offrent une saveur riche et constante de la premi\u00e8re bouff\u00e9e \u00e0 la derni\u00e8re. Adaptez votre tirage avec un flux d'air r\u00e9glable et choisissez parmi 12 saveurs distinctes avec des options de sel de nicotine de 21 mg\/ml ou 51 mg\/ml.<\/p>\n<p>Disponible directement depuis notre entrep\u00f4t UE, ce <a href=\"https:\/\/vapebulkp.com\/fr\/product\/hzko-supernova-30000-puff-eu-warehouse-vape-disposable-vape\/\"><b>HZKO Supernova 30000 Bouff\u00e9es<\/b><\/a> garantit une livraison rapide dans tout le <a href=\"https:\/\/vapebulkp.com\/fr\/puffs-stock-europe-warehouse\/\">March\u00e9 Europ\u00e9en de la Vape<\/a>. C'est le kit de <b>vape<\/b> ultime pour ceux qui exigent technologie, style et <b>nombre de bouff\u00e9es \u00e9lev\u00e9<\/b> dans une cigarette \u00e9lectronique \u00e9l\u00e9gante et efficace.<\/p>\n<p><img decoding=\"async\" class=\"alignnone wp-image-3165\" src=\"http:\/\/vapebulkp.com\/wp-content\/uploads\/2024\/11\/HZKO-supernova-30000-puffs-Randm-Vapes.jpg\" alt=\"HZKO supernova 30000 bouff\u00e9es Vapes Randm\" width=\"507\" height=\"507\" srcset=\"https:\/\/vapebulkp.com\/wp-content\/uploads\/2024\/11\/HZKO-supernova-30000-puffs-Randm-Vapes.jpg 800w, https:\/\/vapebulkp.com\/wp-content\/uploads\/2024\/11\/HZKO-supernova-30000-puffs-Randm-Vapes-300x300.jpg 300w, https:\/\/vapebulkp.com\/wp-content\/uploads\/2024\/11\/HZKO-supernova-30000-puffs-Randm-Vapes-150x150.jpg 150w, https:\/\/vapebulkp.com\/wp-content\/uploads\/2024\/11\/HZKO-supernova-30000-puffs-Randm-Vapes-768x768.jpg 768w, https:\/\/vapebulkp.com\/wp-content\/uploads\/2024\/11\/HZKO-supernova-30000-puffs-Randm-Vapes-600x600.jpg 600w, https:\/\/vapebulkp.com\/wp-content\/uploads\/2024\/11\/HZKO-supernova-30000-puffs-Randm-Vapes-100x100.jpg 100w\" sizes=\"(max-width: 507px) 100vw, 507px\" \/><\/p>\n<h6 style=\"text-align: left\"><\/h6>\n<h6>Veuillez contacter le WhatsApp de Mandy pour un prix r\u00e9duit<a href=\"https:\/\/wa.me\/8618077105796\">+8618077105796<\/a><\/h6>\n<p><img decoding=\"async\" class=\"alignnone wp-image-2151\" src=\"http:\/\/vapebulkp.com\/wp-content\/uploads\/2024\/04\/Mandy-WhatsApp-Randm.jpg\" alt=\"WhatsApp Mandy Randm\" width=\"263\" height=\"280\" srcset=\"https:\/\/vapebulkp.com\/wp-content\/uploads\/2024\/04\/Mandy-WhatsApp-Randm.jpg 916w, https:\/\/vapebulkp.com\/wp-content\/uploads\/2024\/04\/Mandy-WhatsApp-Randm-282x300.jpg 282w, https:\/\/vapebulkp.com\/wp-content\/uploads\/2024\/04\/Mandy-WhatsApp-Randm-768x817.jpg 768w, https:\/\/vapebulkp.com\/wp-content\/uploads\/2024\/04\/Mandy-WhatsApp-Randm-600x638.jpg 600w\" sizes=\"(max-width: 263px) 100vw, 263px\" \/><\/p>\n<p>&nbsp;<\/p>\n<h2><strong>FAQ sur la Vape Jetable HZKO Supernova 30K Bouff\u00e9es<\/strong><\/h2>\n<p><strong>1. Combien de bouff\u00e9es la HZKO Supernova 30k bouff\u00e9es offre-t-elle ?<\/strong><br \/>\nLa HZKO Supernova offre un impressionnant <strong>30 000 bouff\u00e9es<\/strong>, ce qui en fait un choix de premier ordre pour le vapotage de longue dur\u00e9e.<\/p>\n<p><strong>2. La vape HZKO Supernova 30000 bouff\u00e9es est-elle rechargeable ?<\/strong><br \/>\nOui, il dispose d'un <strong>batterie rechargeable de 850mAh<\/strong> avec un <strong>Type-C<\/strong> pour une recharge rapide et pratique.<\/p>\n<p><strong>3. Le HZKO Vape 30000 bouff\u00e9es est-il disponible pour une livraison rapide en Europe ?<\/strong><br \/>\nAbsolument ! Avec des stocks dans l' <strong>entrep\u00f4t europ\u00e9en<\/strong>, les clients europ\u00e9ens b\u00e9n\u00e9ficient d'une <strong>livraison rapide<\/strong>.<\/p>\n<h4><\/h4>\n<h2><strong>Pourquoi acheter le HZKO Supernova 30K Puff Hot Vape \u00e0 bas prix chez <a href=\"https:\/\/vapebulkp.com\/fr\/\">Vapebulkp<\/a>?<\/strong><\/h2>\n<ol>\n<li><strong>Tarifs exclusifs<\/strong>: Vapebulkp offre des tarifs de gros comp\u00e9titifs, vous assurant d'obtenir le meilleur rapport qualit\u00e9-prix pour des produits de haute qualit\u00e9 comme le HZKO Supernova 30000 Puff.<\/li>\n<li><strong>Disponibilit\u00e9 en entrep\u00f4t europ\u00e9en<\/strong>: Profitez d'une livraison rapide et fiable dans toute l'Europe gr\u00e2ce \u00e0 un inventaire stock\u00e9 localement, minimisant les temps d'attente et garantissant une exp\u00e9rience d'achat fluide.<\/li>\n<li><strong>Authenticit\u00e9 garantie<\/strong>: Vapebulkp est un fournisseur de confiance de produits de vapotage authentiques, vous pouvez donc acheter en toute confiance en sachant que vous obtenez le vrai produit.<\/li>\n<li><strong>Choix de saveurs vari\u00e9<\/strong>: Choisissez parmi 12 saveurs uniques adapt\u00e9es aux pr\u00e9f\u00e9rences des vapoteurs europ\u00e9ens, ainsi que des options flexibles de sels de nicotine (0%, 2%, 3%, 5%).<\/li>\n<li><strong>Support ax\u00e9 sur le client<\/strong>: <a href=\"https:\/\/vapebulkp.com\/fr\/\">Vapebulkp<\/a> est fier de son service client exceptionnel, pr\u00eat \u00e0 vous aider pour vos demandes et vos commandes en gros pour les particuliers ou les d\u00e9taillants.<\/li>\n<li><strong>Caract\u00e9ristiques \u00e9cologiques<\/strong>: Rechargeable avec un port de type C et aliment\u00e9 par une batterie de 850 mAh, le vaporisateur HZKO Supernova 30000 bouff\u00e9es favorise un vapotage durable, conform\u00e9ment \u00e0 l'engagement de Vapebulkp envers des produits modernes et respectueux de l'environnement.<\/li>\n<\/ol>\n<h3><strong>Caract\u00e9ristiques du produit de cigarette \u00e9lectronique jetable Supernova 30000 bouff\u00e9es<\/strong><\/h3>\n<ul>\n<li><strong>\u00c9cran d'affichage num\u00e9rique complet<\/strong>: Surveille le nombre de bouff\u00e9es, l'autonomie de la batterie et d'autres d\u00e9tails essentiels.<\/li>\n<li><strong>Flux d'air r\u00e9glable<\/strong>: Personnalisez votre tirage pour une exp\u00e9rience de vapotage sur mesure.<\/li>\n<li><strong>Options de sel de nicotine<\/strong>: Disponible en 0%, 2%, 3% et 5% pour des pr\u00e9f\u00e9rences de nicotine flexibles.<\/li>\n<li><strong>Grande capacit\u00e9 d'e-liquide<\/strong>: Pr\u00e9-rempli avec 23 ml d'e-liquide pour une utilisation prolong\u00e9e.<\/li>\n<li><strong>Technologie \u00e0 double r\u00e9sistance en maille<\/strong>: Assure une saveur constante et une production de vapeur douce.<\/li>\n<li><strong>12 Options de Saveurs<\/strong>: Une large gamme de profils gustatifs pour s'adapter \u00e0 toutes les envies.<\/li>\n<li><strong>Batterie rechargeable<\/strong>: \u00c9quip\u00e9 d'une batterie int\u00e9gr\u00e9e de 850 mAh pour des performances prolong\u00e9es.<\/li>\n<li><strong>Port de Charge Type-C<\/strong>: Chargement rapide et pratique pour un temps d'arr\u00eat minimal.<\/li>\n<li><strong>Nombre de Bouff\u00e9es Exceptionnel<\/strong>: Offre jusqu'\u00e0 30 000 bouff\u00e9es pour une long\u00e9vit\u00e9 in\u00e9gal\u00e9e.<\/li>\n<\/ul>\n<h3 class=\"sr-proMainInfo-baseInfoH1 J-baseInfo-name\">Liste des Saveurs de la Vape Chicha HZKO Supernova 30000 Bouff\u00e9es :<\/h3>\n<p>1. Glace Blue Raze<br \/>\n2. Menthe Miami<br \/>\n3.Past\u00e8que Glac\u00e9e<br \/>\n4. Orange Baie Citronn\u00e9e<br \/>\n5. Fraise B-Pop<br \/>\n6. Glace Pomme Acide<br \/>\n7. M\u00fbre B-pop<br \/>\n8. Rafra\u00eechissement Pamplemousse<br \/>\n9. Framboise P\u00eache Citron Vert<br \/>\n10. Mangue Ananas Acide<br \/>\n11. Baies M\u00e9lang\u00e9es<br \/>\n12. Granit\u00e9 P\u00eache Myrtille<\/p>\n<p><a href=\"https:\/\/vapebulkp.com\/fr\/product\/wga-crystal-plus-16000-puffs-led-light-disposable-vape\/\">WGA Crystal Plus 16000 bouff\u00e9es<\/a><\/p>\n<p><span style=\"vertical-align: inherit\">Trouvez plus de produits qui pourraient vous plaire\uff1a<\/span><em><a href=\"https:\/\/wa.me\/8618077105796\"><span style=\"vertical-align: inherit\">\u00a0Achetez-le maintenant<\/span><\/a><\/em><\/p>\n<p><span style=\"vertical-align: inherit\">Autres Puffs que vous pourriez aimer\uff1a<\/span><a href=\"https:\/\/vapebulkp.com\/fr\/product\/good-sale-randm-tornado-10000-puffs-plus\/\"><span style=\"vertical-align: inherit\">RandM 10000 Bouff\u00e9es<\/span><\/a><span style=\"vertical-align: inherit\">\u2014Avec une capacit\u00e9 de 10 000 bouff\u00e9es, cet appareil est un favori parmi les amateurs de vapotage.<\/span><\/p>\n<p><a href=\"https:\/\/vapebulkp.com\/fr\/product\/wholesale-randm-tornado-9000-puffs-germany\/\"><span style=\"vertical-align: inherit\">RandM Tornade 9000 Bouff\u00e9es<\/span><\/a><span style=\"vertical-align: inherit\">\u2014En tant que cigarette \u00e9lectronique la plus populaire, Randm propose 9 000 bouff\u00e9es \u00e0 savourer.<\/span><\/p>\n<p><a href=\"https:\/\/vapebulkp.com\/fr\/product\/bang-20000-puffs-hot-vape-top-sale-vape\/\"><span style=\"vertical-align: inherit\">Bang 20000 Bouff\u00e9es<\/span><\/a><span style=\"vertical-align: inherit\">\u2014Bang King est une marque populaire avec des mod\u00e8les uniques et 20 000 bouff\u00e9es.<\/span><\/p>\n<p><a href=\"https:\/\/vapebulkp.com\/fr\/product\/bang-king-12000puffs\/\"><span style=\"vertical-align: inherit\">Bang King 12000 Bouff\u00e9es<\/span><\/a>\u2014Bang King 12000 Bouff\u00e9es est une marque populaire avec des mod\u00e8les uniques et 12 000 bouff\u00e9es, une autre option pour am\u00e9liorer vos besoins en mati\u00e8re de vapotage.<\/p>\n<p><span style=\"vertical-align: inherit\">Bouteille de cigarette \u00e9lectronique de forme sp\u00e9ciale :<\/span><a href=\"https:\/\/vapebulkp.com\/fr\/product\/fumot-tornado-25k-puffs-cheap-price-disposable-vape\/\"><span style=\"vertical-align: inherit\">Fumot Tornado 25000 Bouff\u00e9es<\/span><\/a><span style=\"vertical-align: inherit\">\/ <\/span><a href=\"https:\/\/vapebulkp.com\/fr\/product\/vapme-crystal-7000-puffs-original-vape-good-flavor\/\"><span style=\"vertical-align: inherit\">Crystal 7000 bouff\u00e9es<\/span><\/a><span style=\"vertical-align: inherit\">\/<\/span><a href=\"https:\/\/vapebulkp.com\/fr\/product\/vozol-gear-power-disposable-vape-20000-puffs-dual-mode-5-nicotine\/\"><span style=\"vertical-align: inherit\">VOZOL Gear power 20000 Bouff\u00e9es<\/span><\/a><\/p>\n<p><a href=\"https:\/\/vapebulkp.com\/fr\/product\/waspe-vape-40000-puff-fihp-double-flavour-disposable-vape\/\">\u00a0WASPE FIHP 40000 Bouff\u00e9es Vape Originale<\/a><\/p>\n<p><a href=\"https:\/\/vapebulkp.com\/fr\/product\/jnr-vape-mega-box-25000-puff-discount-price-vape-pods\/\">\u00a0JNR MEGA BOX 25K BOUFF\u00c9ES<\/a><\/p>\n<p><a href=\"https:\/\/vapebulkp.com\/fr\/product\/jnr-vape-mega-box-25000-puff-discount-price-vape-pods\/\">JNR VAPE MEGA BOX 25000 Bouff\u00e9es <\/a><\/p>\n<h4>D\u00e9tails d'exp\u00e9dition :<\/h4>\n<p><span style=\"color: #ff6600\">D\u00e9lai de production : 5-10 jours ouvrables<\/span><br \/>\n<span style=\"color: #ff6600\">D\u00e9lai de livraison : 8-14 jours ouvrables<\/span><\/p>\n<p>Tous les produits de notre boutique sont 100% originaux et authentiques, c'est pourquoi nous avons pour politique de rembourser dix fois le prix des produits contrefaits. Nous utilisons des canaux logistiques tels que UPS\/DHL\/FEDEX\/DPD pour vous livrer les marchandises.<\/p>\n<p>Pour les colis exp\u00e9di\u00e9s en France, il faut g\u00e9n\u00e9ralement 10 jours ouvrables pour qu'ils arrivent. L'exp\u00e9dition vers les pays europ\u00e9ens prend g\u00e9n\u00e9ralement de 12 \u00e0 15 jours ouvrables. Nous mettrons \u00e0 jour les informations logistiques pour vous en temps r\u00e9el.<\/p>","protected":false},"excerpt":{"rendered":"<p>Le HZKO Supernova 30000 Bouff\u00e9es offre aux Pods Vape une long\u00e9vit\u00e9 in\u00e9gal\u00e9e, des saveurs riches, un flux d'air r\u00e9glable et un \u00e9cran num\u00e9rique \u2014 combinant innovation et commodit\u00e9 pour une exp\u00e9rience de vapotage ultime.<\/p>\n<p><img decoding=\"async\" class=\"alignnone wp-image-2151\" src=\"http:\/\/vapebulkp.com\/wp-content\/uploads\/2024\/04\/Mandy-WhatsApp-Randm.jpg\" alt=\"WhatsApp Mandy Randm\" width=\"238\" height=\"253\" srcset=\"https:\/\/vapebulkp.com\/wp-content\/uploads\/2024\/04\/Mandy-WhatsApp-Randm.jpg 916w, https:\/\/vapebulkp.com\/wp-content\/uploads\/2024\/04\/Mandy-WhatsApp-Randm-282x300.jpg 282w, https:\/\/vapebulkp.com\/wp-content\/uploads\/2024\/04\/Mandy-WhatsApp-Randm-768x817.jpg 768w, https:\/\/vapebulkp.com\/wp-content\/uploads\/2024\/04\/Mandy-WhatsApp-Randm-600x638.jpg 600w\" sizes=\"(max-width: 238px) 100vw, 238px\" \/><\/p>\n<p>Veuillez contacter le WhatsApp de Mandy pour un prix r\u00e9duit<a href=\"https:\/\/wa.me\/8618077105796\">+8618077105796<\/a><\/p>\n<p><span style=\"color: #ff0000\">REMARQUE : Les prix sur notre site web n'incluent pas les frais de port<\/span><\/p>","protected":false},"featured_media":3164,"comment_status":"open","ping_status":"closed","template":"","meta":{"_uag_custom_page_level_css":"","_lmt_disableupdate":"no","_lmt_disable":"","site-sidebar-layout":"default","site-content-layout":"content-boxed-container","ast-site-content-layout":"normal-width-container","site-content-style":"boxed","site-sidebar-style":"unboxed","ast-global-header-display":"","ast-banner-title-visibility":"","ast-main-header-display":"","ast-hfb-above-header-display":"","ast-hfb-below-header-display":"","ast-hfb-mobile-header-display":"","site-post-title":"","ast-breadcrumbs-content":"","ast-featured-img":"","footer-sml-layout":"","theme-transparent-header-meta":"default","adv-header-id-meta":"","stick-header-meta":"","header-above-stick-meta":"","header-main-stick-meta":"","header-below-stick-meta":"","astra-migrate-meta-layouts":"set","_joinchat":[]},"product_cat":[160,153,155,33,59,100,87,34,158,157,154,152,58,84,156,63,32],"product_tag":[139,36,37,91,127,41,40],"class_list":["post-3168","product","type-product","status-publish","has-post-thumbnail","hentry","product_cat-30000-puff-disposable-vape","product_cat-hot-disposable-vapes","product_cat-belgium-hot-disposable-vapes","product_cat-france-vape-hot-sale","product_cat-germany-hot-disposable-vape","product_cat-germany-wholesale-vape-shop","product_cat-minimum-order-quantity-50pcs","product_cat-netherlands-vape-good-sale","product_cat-norway-hot-disposable-vapes","product_cat-poland-hot-disposable-vapes","product_cat-portugal-hot-disposable-vapes","product_cat-spain-hot-disposable-vapes","product_cat-sweden-hot-disposable-vape","product_cat-sweden-wholesale-vape","product_cat-switzerland-hot-disposable-vapes","product_cat-top-sale-disposable-vape","product_cat-vape-hot-sale-this-week","product_tag-30k-puffs","product_tag-good-vape","product_tag-hot-sale-disposable-vape","product_tag-italy-hot-vape","product_tag-original-vape-inr-shisha","product_tag-poland-hot-vape","product_tag-sweden-hot-vape","desktop-align-left","tablet-align-left","mobile-align-left"],"yoast_head":"<!-- This site is optimized with the Yoast SEO plugin v21.1 - https:\/\/yoast.com\/wordpress\/plugins\/seo\/ -->\n<title>HZKO Supernova 30000 Puff EU Warehouse Vape Display Screen Disposable Vape - vapebulkp.com<\/title>\n<meta name=\"description\" content=\"Get the HZKO Supernova 30000 Puff Disposable Vape. Features a digital screen, dual mesh coils, and 30,000 puffs. Order from our EU warehouse for fast shipping.\" \/>\n<meta name=\"robots\" content=\"index, follow, max-snippet:-1, max-image-preview:large, max-video-preview:-1\" \/>\n<link rel=\"canonical\" href=\"https:\/\/vapebulkp.com\/fr\/product\/hzko-supernova-30000-puff-eu-warehouse-vape-disposable-vape\/\" \/>\n<meta property=\"og:locale\" content=\"fr_FR\" \/>\n<meta property=\"og:type\" content=\"article\" \/>\n<meta property=\"og:title\" content=\"HZKO Supernova 30000 Puff EU Warehouse Vape Display Screen Disposable Vape - vapebulkp.com\" \/>\n<meta property=\"og:description\" content=\"Get the HZKO Supernova 30000 Puff Disposable Vape. Features a digital screen, dual mesh coils, and 30,000 puffs. Order from our EU warehouse for fast shipping.\" \/>\n<meta property=\"og:url\" content=\"https:\/\/vapebulkp.com\/fr\/product\/hzko-supernova-30000-puff-eu-warehouse-vape-disposable-vape\/\" \/>\n<meta property=\"og:site_name\" content=\"vapebulkp.com\" \/>\n<meta property=\"article:modified_time\" content=\"2025-08-29T03:07:15+00:00\" \/>\n<meta property=\"og:image\" content=\"http:\/\/vapebulkp.com\/wp-content\/uploads\/2024\/11\/HZKO-supernova-30000-puffs-Hot-Sale-Vape.jpg\" \/>\n\t<meta property=\"og:image:width\" content=\"800\" \/>\n\t<meta property=\"og:image:height\" content=\"800\" \/>\n\t<meta property=\"og:image:type\" content=\"image\/jpeg\" \/>\n<meta name=\"twitter:card\" content=\"summary_large_image\" \/>\n<meta name=\"twitter:label1\" content=\"Dur\u00e9e de lecture estim\u00e9e\" \/>\n\t<meta name=\"twitter:data1\" content=\"4 minutes\" \/>\n<script type=\"application\/ld+json\" class=\"yoast-schema-graph\">{\"@context\":\"https:\/\/schema.org\",\"@graph\":[{\"@type\":\"WebPage\",\"@id\":\"https:\/\/vapebulkp.com\/product\/hzko-supernova-30000-puff-eu-warehouse-vape-disposable-vape\/\",\"url\":\"https:\/\/vapebulkp.com\/product\/hzko-supernova-30000-puff-eu-warehouse-vape-disposable-vape\/\",\"name\":\"HZKO Supernova 30000 Puff EU Warehouse Vape Display Screen Disposable Vape - vapebulkp.com\",\"isPartOf\":{\"@id\":\"https:\/\/vapebulkp.com\/#website\"},\"datePublished\":\"2024-11-26T07:13:47+00:00\",\"dateModified\":\"2025-08-29T03:07:15+00:00\",\"description\":\"Get the HZKO Supernova 30000 Puff Disposable Vape. Features a digital screen, dual mesh coils, and 30,000 puffs. Order from our EU warehouse for fast shipping.\",\"breadcrumb\":{\"@id\":\"https:\/\/vapebulkp.com\/product\/hzko-supernova-30000-puff-eu-warehouse-vape-disposable-vape\/#breadcrumb\"},\"inLanguage\":\"fr-FR\",\"potentialAction\":[{\"@type\":\"ReadAction\",\"target\":[\"https:\/\/vapebulkp.com\/product\/hzko-supernova-30000-puff-eu-warehouse-vape-disposable-vape\/\"]}]},{\"@type\":\"BreadcrumbList\",\"@id\":\"https:\/\/vapebulkp.com\/product\/hzko-supernova-30000-puff-eu-warehouse-vape-disposable-vape\/#breadcrumb\",\"itemListElement\":[{\"@type\":\"ListItem\",\"position\":1,\"name\":\"Home\",\"item\":\"https:\/\/vapebulkp.com\/\"},{\"@type\":\"ListItem\",\"position\":2,\"name\":\"Hot Trend Vapes\",\"item\":\"https:\/\/vapebulkp.com\/vape-shop\/\"},{\"@type\":\"ListItem\",\"position\":3,\"name\":\"HZKO Supernova 30000 Puff EU Warehouse Vape Display Screen Disposable Vape\"}]},{\"@type\":\"WebSite\",\"@id\":\"https:\/\/vapebulkp.com\/#website\",\"url\":\"https:\/\/vapebulkp.com\/\",\"name\":\"vapebulkp.com\",\"description\":\"Buy Vape In Cheap Bulk Price Near you\",\"publisher\":{\"@id\":\"https:\/\/vapebulkp.com\/#organization\"},\"potentialAction\":[{\"@type\":\"SearchAction\",\"target\":{\"@type\":\"EntryPoint\",\"urlTemplate\":\"https:\/\/vapebulkp.com\/?s={search_term_string}\"},\"query-input\":\"required name=search_term_string\"}],\"inLanguage\":\"fr-FR\"},{\"@type\":\"Organization\",\"@id\":\"https:\/\/vapebulkp.com\/#organization\",\"name\":\"vapebulkp.com\",\"url\":\"https:\/\/vapebulkp.com\/\",\"logo\":{\"@type\":\"ImageObject\",\"inLanguage\":\"fr-FR\",\"@id\":\"https:\/\/vapebulkp.com\/#\/schema\/logo\/image\/\",\"url\":\"https:\/\/vapebulkp.com\/wp-content\/uploads\/2023\/09\/cropped-vapebulkp.png\",\"contentUrl\":\"https:\/\/vapebulkp.com\/wp-content\/uploads\/2023\/09\/cropped-vapebulkp.png\",\"width\":516,\"height\":163,\"caption\":\"vapebulkp.com\"},\"image\":{\"@id\":\"https:\/\/vapebulkp.com\/#\/schema\/logo\/image\/\"}}]}<\/script>\n<!-- \/ Yoast SEO plugin. -->","yoast_head_json":{"title":"HZKO Supernova 30000 Puff EU Warehouse Vape Display Screen Disposable Vape - vapebulkp.com","description":"Get the HZKO Supernova 30000 Puff Disposable Vape. Features a digital screen, dual mesh coils, and 30,000 puffs. Order from our EU warehouse for fast shipping.","robots":{"index":"index","follow":"follow","max-snippet":"max-snippet:-1","max-image-preview":"max-image-preview:large","max-video-preview":"max-video-preview:-1"},"canonical":"https:\/\/vapebulkp.com\/fr\/product\/hzko-supernova-30000-puff-eu-warehouse-vape-disposable-vape\/","og_locale":"fr_FR","og_type":"article","og_title":"HZKO Supernova 30000 Puff EU Warehouse Vape Display Screen Disposable Vape - vapebulkp.com","og_description":"Get the HZKO Supernova 30000 Puff Disposable Vape. Features a digital screen, dual mesh coils, and 30,000 puffs. Order from our EU warehouse for fast shipping.","og_url":"https:\/\/vapebulkp.com\/fr\/product\/hzko-supernova-30000-puff-eu-warehouse-vape-disposable-vape\/","og_site_name":"vapebulkp.com","article_modified_time":"2025-08-29T03:07:15+00:00","og_image":[{"width":800,"height":800,"url":"http:\/\/vapebulkp.com\/wp-content\/uploads\/2024\/11\/HZKO-supernova-30000-puffs-Hot-Sale-Vape.jpg","type":"image\/jpeg"}],"twitter_card":"summary_large_image","twitter_misc":{"Dur\u00e9e de lecture estim\u00e9e":"4 minutes"},"schema":{"@context":"https:\/\/schema.org","@graph":[{"@type":"WebPage","@id":"https:\/\/vapebulkp.com\/product\/hzko-supernova-30000-puff-eu-warehouse-vape-disposable-vape\/","url":"https:\/\/vapebulkp.com\/product\/hzko-supernova-30000-puff-eu-warehouse-vape-disposable-vape\/","name":"HZKO Supernova 30000 Puff EU Warehouse Vape Display Screen Disposable Vape - vapebulkp.com","isPartOf":{"@id":"https:\/\/vapebulkp.com\/#website"},"datePublished":"2024-11-26T07:13:47+00:00","dateModified":"2025-08-29T03:07:15+00:00","description":"Get the HZKO Supernova 30000 Puff Disposable Vape. Features a digital screen, dual mesh coils, and 30,000 puffs. Order from our EU warehouse for fast shipping.","breadcrumb":{"@id":"https:\/\/vapebulkp.com\/product\/hzko-supernova-30000-puff-eu-warehouse-vape-disposable-vape\/#breadcrumb"},"inLanguage":"fr-FR","potentialAction":[{"@type":"ReadAction","target":["https:\/\/vapebulkp.com\/product\/hzko-supernova-30000-puff-eu-warehouse-vape-disposable-vape\/"]}]},{"@type":"BreadcrumbList","@id":"https:\/\/vapebulkp.com\/product\/hzko-supernova-30000-puff-eu-warehouse-vape-disposable-vape\/#breadcrumb","itemListElement":[{"@type":"ListItem","position":1,"name":"Home","item":"https:\/\/vapebulkp.com\/"},{"@type":"ListItem","position":2,"name":"Hot Trend Vapes","item":"https:\/\/vapebulkp.com\/vape-shop\/"},{"@type":"ListItem","position":3,"name":"HZKO Supernova 30000 Puff EU Warehouse Vape Display Screen Disposable Vape"}]},{"@type":"WebSite","@id":"https:\/\/vapebulkp.com\/#website","url":"https:\/\/vapebulkp.com\/","name":"vapebulkp.com","description":"Buy Vape In Cheap Bulk Price Near you","publisher":{"@id":"https:\/\/vapebulkp.com\/#organization"},"potentialAction":[{"@type":"SearchAction","target":{"@type":"EntryPoint","urlTemplate":"https:\/\/vapebulkp.com\/?s={search_term_string}"},"query-input":"required name=search_term_string"}],"inLanguage":"fr-FR"},{"@type":"Organization","@id":"https:\/\/vapebulkp.com\/#organization","name":"vapebulkp.com","url":"https:\/\/vapebulkp.com\/","logo":{"@type":"ImageObject","inLanguage":"fr-FR","@id":"https:\/\/vapebulkp.com\/#\/schema\/logo\/image\/","url":"https:\/\/vapebulkp.com\/wp-content\/uploads\/2023\/09\/cropped-vapebulkp.png","contentUrl":"https:\/\/vapebulkp.com\/wp-content\/uploads\/2023\/09\/cropped-vapebulkp.png","width":516,"height":163,"caption":"vapebulkp.com"},"image":{"@id":"https:\/\/vapebulkp.com\/#\/schema\/logo\/image\/"}}]}},"uagb_featured_image_src":{"full":["https:\/\/vapebulkp.com\/wp-content\/uploads\/2024\/11\/HZKO-supernova-30000-puffs-Hot-Sale-Vape.jpg",800,800,false],"thumbnail":["https:\/\/vapebulkp.com\/wp-content\/uploads\/2024\/11\/HZKO-supernova-30000-puffs-Hot-Sale-Vape-150x150.jpg",150,150,true],"medium":["https:\/\/vapebulkp.com\/wp-content\/uploads\/2024\/11\/HZKO-supernova-30000-puffs-Hot-Sale-Vape-300x300.jpg",300,300,true],"medium_large":["https:\/\/vapebulkp.com\/wp-content\/uploads\/2024\/11\/HZKO-supernova-30000-puffs-Hot-Sale-Vape-768x768.jpg",768,768,true],"large":["https:\/\/vapebulkp.com\/wp-content\/uploads\/2024\/11\/HZKO-supernova-30000-puffs-Hot-Sale-Vape.jpg",800,800,false],"1536x1536":["https:\/\/vapebulkp.com\/wp-content\/uploads\/2024\/11\/HZKO-supernova-30000-puffs-Hot-Sale-Vape.jpg",800,800,false],"2048x2048":["https:\/\/vapebulkp.com\/wp-content\/uploads\/2024\/11\/HZKO-supernova-30000-puffs-Hot-Sale-Vape.jpg",800,800,false],"trp-custom-language-flag":["https:\/\/vapebulkp.com\/wp-content\/uploads\/2024\/11\/HZKO-supernova-30000-puffs-Hot-Sale-Vape.jpg",12,12,false],"woocommerce_thumbnail":["https:\/\/vapebulkp.com\/wp-content\/uploads\/2024\/11\/HZKO-supernova-30000-puffs-Hot-Sale-Vape-300x300.jpg",300,300,true],"woocommerce_single":["https:\/\/vapebulkp.com\/wp-content\/uploads\/2024\/11\/HZKO-supernova-30000-puffs-Hot-Sale-Vape-600x600.jpg",600,600,true],"woocommerce_gallery_thumbnail":["https:\/\/vapebulkp.com\/wp-content\/uploads\/2024\/11\/HZKO-supernova-30000-puffs-Hot-Sale-Vape-100x100.jpg",100,100,true],"wcpr-photo-reviews":["https:\/\/vapebulkp.com\/wp-content\/uploads\/2024\/11\/HZKO-supernova-30000-puffs-Hot-Sale-Vape.jpg",500,500,false]},"uagb_author_info":{"display_name":"Mandy vape bulk price","author_link":"https:\/\/vapebulkp.com\/fr\/author\/"},"uagb_comment_info":0,"uagb_excerpt":"The HZKO Supernova 30000 Puffs offers Vape Pods unparalleled longevity, rich flavors, adjustable airflow, and a digital display\u2014combining innovation and convenience for the ultimate vaping experience. Pls Contact Mandy's WhatsApp For Discount Price+8618077105796 NOTE: Prices on our website does not include shipping costs","_links":{"self":[{"href":"https:\/\/vapebulkp.com\/fr\/wp-json\/wp\/v2\/product\/3168","targetHints":{"allow":["GET"]}}],"collection":[{"href":"https:\/\/vapebulkp.com\/fr\/wp-json\/wp\/v2\/product"}],"about":[{"href":"https:\/\/vapebulkp.com\/fr\/wp-json\/wp\/v2\/types\/product"}],"replies":[{"embeddable":true,"href":"https:\/\/vapebulkp.com\/fr\/wp-json\/wp\/v2\/comments?post=3168"}],"wp:featuredmedia":[{"embeddable":true,"href":"https:\/\/vapebulkp.com\/fr\/wp-json\/wp\/v2\/media\/3164"}],"wp:attachment":[{"href":"https:\/\/vapebulkp.com\/fr\/wp-json\/wp\/v2\/media?parent=3168"}],"wp:term":[{"taxonomy":"product_cat","embeddable":true,"href":"https:\/\/vapebulkp.com\/fr\/wp-json\/wp\/v2\/product_cat?post=3168"},{"taxonomy":"product_tag","embeddable":true,"href":"https:\/\/vapebulkp.com\/fr\/wp-json\/wp\/v2\/product_tag?post=3168"}],"curies":[{"name":"wp","href":"https:\/\/api.w.org\/{rel}","templated":true}]}}