{"id":3268,"date":"2024-12-20T09:24:34","date_gmt":"2024-12-20T08:24:34","guid":{"rendered":"https:\/\/vapebulkp.com\/?post_type=product&#038;p=3268"},"modified":"2025-09-03T05:31:08","modified_gmt":"2025-09-03T03:31:08","slug":"vookbar-30000-puffs-touch-screen-disposable-vapes-wholesale-price","status":"publish","type":"product","link":"https:\/\/vapebulkp.com\/fr\/produit\/vookbar-30000-puffs-touch-screen-disposable-vapes-wholesale-price\/","title":{"rendered":"Vookbar 30000 Bouff\u00e9es Ecran Tactile Vapes Jetables Prix de Gros"},"content":{"rendered":"<h1 style=\"text-align: left\">Vookbar 30000 Bouff\u00e9es Ecran Tactile Vapes Jetables Prix de Gros<\/h1>\n<p>&nbsp;<\/p>\n<p>Le <strong>Vape Jetable Vookbar Cyber PRO 30 000 Bouff\u00e9es \u00e0 \u00c9cran Tactile<\/strong> est le choix ultime pour les vapoteurs \u00e0 la recherche d'innovation, de performance et de commodit\u00e9. Dot\u00e9 d'un \u00e9cran tactile avanc\u00e9 de <strong>2,01 pouces<\/strong>, cet appareil offre un contr\u00f4le pr\u00e9cis des r\u00e9glages, tandis que sa <strong>technologie \u00e0 double r\u00e9sistance en maille<\/strong> assure une saveur riche et des nuages \u200b\u200bdoux. Pr\u00e9-rempli avec <strong>22ML de e-liquide premium<\/strong> et offrant <strong>5% de sel de nicotine<\/strong>, le Vookbar offre jusqu'\u00e0 <strong>30 000 bouff\u00e9es<\/strong> en Mode Normal ou <strong>15 000 bouff\u00e9es<\/strong> en Mode Puissance. Con\u00e7u avec une <strong>batterie rechargeable de 850mAh<\/strong> et <strong>Chargement rapide Type-C<\/strong>batterie rechargeable de 850 mAh <strong>les acheteurs en gros<\/strong>, il combine une puissance durable avec des recharges rapides. Parfait pour un usage personnel et <strong>les revendeurs <a href=\"https:\/\/vapebulkp.com\/fr\/categorie-produit\/30000-puff-disposable-vape\/\">30000 Puffs Cigarette \u00c9lectronique Jetable <\/a><\/strong>\u00a0, le Vookbar Cyber PRO se distingue par sa taille compacte, son design \u00e9l\u00e9gant et ses performances imbattables. Trouvez votre<\/p>\n<p>&nbsp;<\/p>\n<h6>Veuillez contacter le WhatsApp de Mandy pour un prix r\u00e9duit<a href=\"https:\/\/wa.me\/8618077105796\">+8618077105796<\/a><\/h6>\n<p>&nbsp;<\/p>\n<p><img decoding=\"async\" class=\"alignnone wp-image-2151\" src=\"http:\/\/vapebulkp.com\/wp-content\/uploads\/2024\/04\/Mandy-WhatsApp-Randm.jpg\" alt=\"WhatsApp Mandy Randm\" width=\"324\" height=\"330\" \/><\/p>\n<div class=\"flex max-w-full flex-col flex-grow\">\n<div class=\"min-h-8 text-message flex w-full flex-col items-end gap-2 whitespace-normal break-words text-start [.text-message+&amp;]:mt-5\" dir=\"auto\" data-message-author-role=\"assistant\" data-message-id=\"1fe1b7df-f0be-476c-874a-f466adf11ab9\" data-message-model-slug=\"gpt-4o\">\n<div class=\"flex w-full flex-col gap-1 empty:hidden first:pt-[3px]\">\n<div class=\"markdown prose w-full break-words dark:prose-invert light\">\n<h2>Vookbar Cyber PRO en gros<\/h2>\n<p><strong>1. Nombre de bouff\u00e9es massif :<\/strong><br \/>\nAvec un impressionnant <strong>30 000 bouff\u00e9es en mode Normal<\/strong> et <strong>15 000 bouff\u00e9es en mode Puissance<\/strong>, cet appareil est con\u00e7u pour une utilisation prolong\u00e9e sans compromis.<\/p>\n<p><strong>2. Technologie de pointe :<\/strong><br \/>\nLe <strong>syst\u00e8me de double bobine en maille<\/strong> offre une saveur exceptionnelle et une vapeur dense, tandis que l'\u00e9cran <strong>HD de 2,01 pouces<\/strong> am\u00e9liore la convivialit\u00e9 avec des r\u00e9glages et des notifications en temps r\u00e9el.<\/p>\n<p><strong>3. Grande capacit\u00e9 d'e-liquide :<\/strong><br \/>\nDot\u00e9 de <strong>22ML de e-liquide premium<\/strong> et <strong>5% de nicotine<\/strong>, garantissant des tirages fluides et satisfaisants \u00e0 chaque utilisation.<\/p>\n<p><strong>4. Batterie longue dur\u00e9e :<\/strong><br \/>\nLe <strong>batterie rechargeable de 850mAh<\/strong> fournit une puissance fiable, compl\u00e9t\u00e9e par <strong>Chargement rapide Type-C<\/strong> pour des recharges rapides et efficaces.<\/p>\n<p><strong>5. Fonctionnalit\u00e9s intelligentes :<\/strong><br \/>\nComprend la <strong>compatibilit\u00e9 Bluetooth<\/strong>, <strong>mode de mouvement<\/strong>, et <strong>contr\u00f4le par bouton lat\u00e9ral<\/strong>, ce qui le rend polyvalent et pratique pour les utilisateurs modernes.<\/p>\n<p><strong>6. Compact et portable :<\/strong><br \/>\nSes dimensions \u00e9l\u00e9gantes (<strong>49x24x93mm<\/strong>) le rendent facile \u00e0 transporter, parfait pour le vapotage quotidien ou les voyages.<\/p>\n<p><strong>7. Avantages exclusifs chez Vapebulkp.com :<\/strong><\/p>\n<ul>\n<li><strong>Prix abordables<\/strong> avec des remises sur volume disponibles.<\/li>\n<li><strong>Exp\u00e9dition rapide et fiable<\/strong> dans les pays europ\u00e9ens.<\/li>\n<li>Support client complet pour r\u00e9pondre \u00e0 tous vos besoins.<\/li>\n<\/ul>\n<p>Pour une solution de vapotage fiable et riche en fonctionnalit\u00e9s, faites confiance \u00e0 Vapebulkp.com pour livrer le <strong>Vookbar Cyber PRO 30k bouff\u00e9es<\/strong> \u00e0 un prix imbattable !<\/p>\n<\/div>\n<\/div>\n<\/div>\n<\/div>\n<h3>Sp\u00e9cifications des cigarettes \u00e9lectroniques jetables Vookbar 30000 Puffs<\/h3>\n<ul>\n<li><strong>Dimensions :<\/strong> 49 mm x 24 mm x 93 mm (compact et portable).<\/li>\n<li><strong>\u00c9cran :<\/strong> \u00c9cran HD de 2,01 pouces pour des visuels clairs et une navigation facile.<\/li>\n<li><strong>Type de r\u00e9sistance :<\/strong> Double r\u00e9sistance en maille pour une saveur riche et une vapeur dense.<\/li>\n<li><strong>Capacit\u00e9 en e-liquide :<\/strong> 22 ml de e-liquide premium pr\u00e9-rempli.<\/li>\n<li><strong>Teneur en nicotine :<\/strong> 5%, offrant une exp\u00e9rience douce et satisfaisante.<\/li>\n<li><strong>Batterie :<\/strong> Batterie rechargeable de 850 mAh avec chargement rapide de type C.<\/li>\n<li><strong>Modes de bouff\u00e9es :<\/strong>\n<ul>\n<li>Mode Normal : jusqu'\u00e0 30 000 bouff\u00e9es.<\/li>\n<li>Mode Puissance : jusqu'\u00e0 15 000 bouff\u00e9es.<\/li>\n<\/ul>\n<\/li>\n<li><strong>Fonctionnement :<\/strong> Contr\u00f4le facile par bouton lat\u00e9ral pour l'alimentation et les r\u00e9glages.<\/li>\n<li><strong>Port de chargement :<\/strong> Type-C pour une charge rapide et efficace.<\/li>\n<li><strong>Fonctionnalit\u00e9s avanc\u00e9es :<\/strong>\n<ul>\n<li>Connectivit\u00e9 Bluetooth.<\/li>\n<li>Mode de mouvement pour une fonctionnalit\u00e9 am\u00e9lior\u00e9e.<\/li>\n<li>Param\u00e8tres de vapotage personnalisables.<\/li>\n<\/ul>\n<\/li>\n<li><strong>Conception :<\/strong> Construction \u00e9l\u00e9gante, durable et adapt\u00e9e aux voyages.<\/li>\n<\/ul>\n<h3>Vookbar 30000 Bouff\u00e9es Pods Ar\u00f4me Vape<\/h3>\n<p>1. Glace de framboise bleue<br \/>\n2. Glace de p\u00eache<br \/>\n3. Glace de raisin<br \/>\n4. Fraise past\u00e8que<br \/>\n5. Fraise banane<br \/>\n6. Cerise past\u00e8que<br \/>\n7. Glace de past\u00e8que<br \/>\n8. P\u00eache mangue<br \/>\n9. Fraise kiwi<br \/>\n10. Glace de fraise blanche<br \/>\n11. Glace de bonbon blanc<br \/>\n12. Glace de pinacolada<br \/>\n13. Fabuleux<br \/>\n14. Baies m\u00e9lang\u00e9es mojito<\/p>\n<p><a href=\"https:\/\/vapebulkp.com\/fr\/produit\/jnr-vape-mega-box-25000-puff-discount-price-vape-pods\/\"><span style=\"vertical-align: inherit\">JNR VAPE Mega Box 25000 Bouff\u00e9es <\/span><\/a><\/p>\n<p><span style=\"vertical-align: inherit\">Trouvez plus de produits qui pourraient vous plaire\uff1a<\/span><em><a href=\"https:\/\/wa.me\/8618077105796\"><span style=\"vertical-align: inherit\">\u00a0Achetez-le maintenant<\/span><\/a><\/em><\/p>\n<p><span style=\"vertical-align: inherit\">Autres Puffs que vous pourriez aimer\uff1a<\/span><a href=\"https:\/\/vapebulkp.com\/fr\/produit\/waspe-vape-40000-puff-fihp-double-flavour-disposable-vape\/\"><span style=\"vertical-align: inherit\">WASPE FIHP 40000 bouff\u00e9es<\/span><\/a><span style=\"vertical-align: inherit\">\u3001<\/span><a href=\"https:\/\/vapebulkp.com\/fr\/produit\/wholesale-randm-tornado-9000-puffs-germany\/\"><span style=\"vertical-align: inherit\">RandM 9000 bouff\u00e9es<\/span><\/a><span style=\"vertical-align: inherit\">\/ <\/span><a href=\"https:\/\/vapebulkp.com\/fr\/fi\/produit\/bang-30k-puffs-new-double-taste-good-vape\/\"><span style=\"vertical-align: inherit\">Bang Vape 30000 bouff\u00e9es<\/span><\/a><span style=\"vertical-align: inherit\">\/ <\/span><a href=\"https:\/\/vapebulkp.com\/fr\/produit\/jnr-alien-10000-puffs-randm-vape-wholesale-price\/\"><span style=\"vertical-align: inherit\">JNR VAPE Alien 10000 bouff\u00e9es<\/span><\/a><\/p>\n<p>&nbsp;<\/p>\n<p>&nbsp;<\/p>\n<h3><strong>FAQ sur la vape la plus vendue <\/strong>Vookbar 30000 Bouff\u00e9es<\/h3>\n<p><strong>1. Combien de bouff\u00e9es puis-je obtenir de la Vookbar Vape 30 000 bouff\u00e9es ?<\/strong><\/p>\n<ul>\n<li>Le Vookbar offre jusqu'\u00e0 <strong>30 000 bouff\u00e9es<\/strong> in <strong>Mode Normal<\/strong> et <strong>15 000 bouff\u00e9es<\/strong> in <strong>Mode Puissance<\/strong>, offrant une utilisation durable.<\/li>\n<\/ul>\n<p><strong>2. Quelle est la concentration de nicotine du Vookbar 30 000 bouff\u00e9es ?<\/strong><\/p>\n<ul>\n<li>L'appareil contient <strong>5% sel de nicotine<\/strong>, d\u00e9livrant une bouff\u00e9e douce et satisfaisante \u00e0 chaque inhalation.<\/li>\n<\/ul>\n<p><strong>3. Quelle est la dur\u00e9e de vie de la batterie du Vookbar ?<\/strong><\/p>\n<ul>\n<li>Avec une <strong>batterie rechargeable de 850mAh<\/strong> et <strong>Chargement rapide Type-C<\/strong>, le Vookbar fournit une puissance fiable et des recharges rapides pour une utilisation continue.<\/li>\n<\/ul>\n<p><strong>4. Quel type de r\u00e9sistance la Vookbar 30 000 Puffs utilise-t-elle ?<\/strong><\/p>\n<ul>\n<li>L'appareil est \u00e9quip\u00e9 d'une <strong>\u00e0 double r\u00e9sistance en maille<\/strong>, garantissant une saveur riche et une vapeur dense \u00e0 chaque bouff\u00e9e.<\/li>\n<\/ul>\n<p><strong>5. Puis-je personnaliser les r\u00e9glages de la Vookbar 30 000 Puffs ?<\/strong><\/p>\n<ul>\n<li>Oui, l'appareil dispose d'un <strong>2,01 pouces<\/strong>, vous permettant d'ajuster facilement les param\u00e8tres et de contr\u00f4ler votre exp\u00e9rience de vapotage.<\/li>\n<\/ul>\n<h3>D\u00e9tails d'exp\u00e9dition :<\/h3>\n<p><span style=\"color: #ff6600\">D\u00e9lai de production : 5-10 jours ouvrables<\/span><br \/>\n<span style=\"color: #ff6600\">D\u00e9lai de livraison : 8-14 jours ouvrables<\/span><\/p>\n<p>Tous les produits de notre boutique sont 100% originaux et authentiques, c'est pourquoi nous avons pour politique de rembourser dix fois le prix des produits contrefaits. Nous utilisons des canaux logistiques tels que UPS\/DHL\/FEDEX\/DPD pour vous livrer les marchandises.<\/p>\n<p>Pour les colis exp\u00e9di\u00e9s en France, il faut g\u00e9n\u00e9ralement 10 jours ouvrables pour qu'ils arrivent. L'exp\u00e9dition vers les pays europ\u00e9ens prend g\u00e9n\u00e9ralement de 12 \u00e0 15 jours ouvrables. Nous mettrons \u00e0 jour les informations logistiques pour vous en temps r\u00e9el.<\/p>","protected":false},"excerpt":{"rendered":"<p>Vookbar 30000 Bouff\u00e9es Vapes Jetables \u00e0 \u00c9cran Tactile \u00e0 prix de gros. Solution de vapotage durable, de haute qualit\u00e9 et innovante. Commandes en gros disponibles.<\/p>\n<p>Veuillez contacter le WhatsApp de Mandy pour un prix r\u00e9duit<a href=\"https:\/\/wa.me\/8618077105796\">+8618077105796<\/a><\/p>\n<p>&nbsp;<\/p>\n<p><img decoding=\"async\" class=\"alignnone wp-image-2151\" src=\"http:\/\/vapebulkp.com\/wp-content\/uploads\/2024\/04\/Mandy-WhatsApp-Randm.jpg\" alt=\"WhatsApp Mandy Randm\" width=\"297\" height=\"316\" srcset=\"https:\/\/vapebulkp.com\/wp-content\/uploads\/2024\/04\/Mandy-WhatsApp-Randm.jpg 916w, https:\/\/vapebulkp.com\/wp-content\/uploads\/2024\/04\/Mandy-WhatsApp-Randm-282x300.jpg 282w, https:\/\/vapebulkp.com\/wp-content\/uploads\/2024\/04\/Mandy-WhatsApp-Randm-768x817.jpg 768w, https:\/\/vapebulkp.com\/wp-content\/uploads\/2024\/04\/Mandy-WhatsApp-Randm-600x638.jpg 600w\" sizes=\"(max-width: 297px) 100vw, 297px\" \/><\/p>\n<p><span style=\"color: #ff0000\">REMARQUE : Les prix sur notre site web n'incluent pas les frais de port<\/span><\/p>\n<p>&nbsp;<\/p>","protected":false},"featured_media":3266,"comment_status":"open","ping_status":"closed","template":"","meta":{"_uag_custom_page_level_css":"","_lmt_disableupdate":"no","_lmt_disable":"","site-sidebar-layout":"default","site-content-layout":"content-boxed-container","ast-site-content-layout":"normal-width-container","site-content-style":"boxed","site-sidebar-style":"unboxed","ast-global-header-display":"","ast-banner-title-visibility":"","ast-main-header-display":"","ast-hfb-above-header-display":"","ast-hfb-below-header-display":"","ast-hfb-mobile-header-display":"","site-post-title":"","ast-breadcrumbs-content":"","ast-featured-img":"","footer-sml-layout":"","theme-transparent-header-meta":"default","adv-header-id-meta":"","stick-header-meta":"","header-above-stick-meta":"","header-main-stick-meta":"","header-below-stick-meta":"","astra-migrate-meta-layouts":"set","_joinchat":[]},"product_cat":[160,153,155,33,59,100,87,34,158,157,154,152,58,84,156,63,32],"product_tag":[36,37,41,40,193],"class_list":["post-3268","product","type-product","status-publish","has-post-thumbnail","hentry","product_cat-30000-puff-disposable-vape","product_cat-hot-disposable-vapes","product_cat-belgium-hot-disposable-vapes","product_cat-france-vape-hot-sale","product_cat-germany-hot-disposable-vape","product_cat-germany-wholesale-vape-shop","product_cat-minimum-order-quantity-50pcs","product_cat-netherlands-vape-good-sale","product_cat-norway-hot-disposable-vapes","product_cat-poland-hot-disposable-vapes","product_cat-portugal-hot-disposable-vapes","product_cat-spain-hot-disposable-vapes","product_cat-sweden-hot-disposable-vape","product_cat-sweden-wholesale-vape","product_cat-switzerland-hot-disposable-vapes","product_cat-top-sale-disposable-vape","product_cat-vape-hot-sale-this-week","product_tag-good-vape","product_tag-hot-sale-disposable-vape","product_tag-poland-hot-vape","product_tag-sweden-hot-vape","product_tag-vookbar-30000-puffs","desktop-align-left","tablet-align-left","mobile-align-left"],"yoast_head":"<!-- This site is optimized with the Yoast SEO plugin v21.1 - https:\/\/yoast.com\/wordpress\/plugins\/seo\/ -->\n<title>Vookbar 30000 Puffs Touch Screen Disposable Vapes Wholesale Price - vapebulkp.com<\/title>\n<meta name=\"description\" content=\"Shop Vookbar 30000 Puffs Touch Screen Disposable Vapes at wholesale prices. High-capacity, sleek design, and advanced features for premium vaping.\" \/>\n<meta name=\"robots\" content=\"index, follow, max-snippet:-1, max-image-preview:large, max-video-preview:-1\" \/>\n<link rel=\"canonical\" href=\"https:\/\/vapebulkp.com\/fr\/produit\/vookbar-30000-puffs-touch-screen-disposable-vapes-wholesale-price\/\" \/>\n<meta property=\"og:locale\" content=\"fr_FR\" \/>\n<meta property=\"og:type\" content=\"article\" \/>\n<meta property=\"og:title\" content=\"Vookbar 30000 Puffs Touch Screen Disposable Vapes Wholesale Price - vapebulkp.com\" \/>\n<meta property=\"og:description\" content=\"Shop Vookbar 30000 Puffs Touch Screen Disposable Vapes at wholesale prices. High-capacity, sleek design, and advanced features for premium vaping.\" \/>\n<meta property=\"og:url\" content=\"https:\/\/vapebulkp.com\/fr\/produit\/vookbar-30000-puffs-touch-screen-disposable-vapes-wholesale-price\/\" \/>\n<meta property=\"og:site_name\" content=\"vapebulkp.com\" \/>\n<meta property=\"article:modified_time\" content=\"2025-09-03T03:31:08+00:00\" \/>\n<meta property=\"og:image\" content=\"http:\/\/vapebulkp.com\/wp-content\/uploads\/2024\/12\/Vookbar-30000-Puffs-Top-Sale-Vape.png\" \/>\n\t<meta property=\"og:image:width\" content=\"800\" \/>\n\t<meta property=\"og:image:height\" content=\"800\" \/>\n\t<meta property=\"og:image:type\" content=\"image\/png\" \/>\n<meta name=\"twitter:card\" content=\"summary_large_image\" \/>\n<meta name=\"twitter:label1\" content=\"Dur\u00e9e de lecture estim\u00e9e\" \/>\n\t<meta name=\"twitter:data1\" content=\"4 minutes\" \/>\n<script type=\"application\/ld+json\" class=\"yoast-schema-graph\">{\"@context\":\"https:\/\/schema.org\",\"@graph\":[{\"@type\":\"WebPage\",\"@id\":\"https:\/\/vapebulkp.com\/product\/vookbar-30000-puffs-touch-screen-disposable-vapes-wholesale-price\/\",\"url\":\"https:\/\/vapebulkp.com\/product\/vookbar-30000-puffs-touch-screen-disposable-vapes-wholesale-price\/\",\"name\":\"Vookbar 30000 Puffs Touch Screen Disposable Vapes Wholesale Price - vapebulkp.com\",\"isPartOf\":{\"@id\":\"https:\/\/vapebulkp.com\/#website\"},\"datePublished\":\"2024-12-20T08:24:34+00:00\",\"dateModified\":\"2025-09-03T03:31:08+00:00\",\"description\":\"Shop Vookbar 30000 Puffs Touch Screen Disposable Vapes at wholesale prices. High-capacity, sleek design, and advanced features for premium vaping.\",\"breadcrumb\":{\"@id\":\"https:\/\/vapebulkp.com\/product\/vookbar-30000-puffs-touch-screen-disposable-vapes-wholesale-price\/#breadcrumb\"},\"inLanguage\":\"fr-FR\",\"potentialAction\":[{\"@type\":\"ReadAction\",\"target\":[\"https:\/\/vapebulkp.com\/product\/vookbar-30000-puffs-touch-screen-disposable-vapes-wholesale-price\/\"]}]},{\"@type\":\"BreadcrumbList\",\"@id\":\"https:\/\/vapebulkp.com\/product\/vookbar-30000-puffs-touch-screen-disposable-vapes-wholesale-price\/#breadcrumb\",\"itemListElement\":[{\"@type\":\"ListItem\",\"position\":1,\"name\":\"Home\",\"item\":\"https:\/\/vapebulkp.com\/\"},{\"@type\":\"ListItem\",\"position\":2,\"name\":\"Hot Trend Vapes\",\"item\":\"https:\/\/vapebulkp.com\/vape-shop\/\"},{\"@type\":\"ListItem\",\"position\":3,\"name\":\"Vookbar 30000 Puffs Touch Screen Disposable Vapes Wholesale Price\"}]},{\"@type\":\"WebSite\",\"@id\":\"https:\/\/vapebulkp.com\/#website\",\"url\":\"https:\/\/vapebulkp.com\/\",\"name\":\"vapebulkp.com\",\"description\":\"Buy Vape In Cheap Bulk Price Near you\",\"publisher\":{\"@id\":\"https:\/\/vapebulkp.com\/#organization\"},\"potentialAction\":[{\"@type\":\"SearchAction\",\"target\":{\"@type\":\"EntryPoint\",\"urlTemplate\":\"https:\/\/vapebulkp.com\/?s={search_term_string}\"},\"query-input\":\"required name=search_term_string\"}],\"inLanguage\":\"fr-FR\"},{\"@type\":\"Organization\",\"@id\":\"https:\/\/vapebulkp.com\/#organization\",\"name\":\"vapebulkp.com\",\"url\":\"https:\/\/vapebulkp.com\/\",\"logo\":{\"@type\":\"ImageObject\",\"inLanguage\":\"fr-FR\",\"@id\":\"https:\/\/vapebulkp.com\/#\/schema\/logo\/image\/\",\"url\":\"https:\/\/vapebulkp.com\/wp-content\/uploads\/2023\/09\/cropped-vapebulkp.png\",\"contentUrl\":\"https:\/\/vapebulkp.com\/wp-content\/uploads\/2023\/09\/cropped-vapebulkp.png\",\"width\":516,\"height\":163,\"caption\":\"vapebulkp.com\"},\"image\":{\"@id\":\"https:\/\/vapebulkp.com\/#\/schema\/logo\/image\/\"}}]}<\/script>\n<!-- \/ Yoast SEO plugin. -->","yoast_head_json":{"title":"Vookbar 30000 Puffs Touch Screen Disposable Vapes Wholesale Price - vapebulkp.com","description":"Shop Vookbar 30000 Puffs Touch Screen Disposable Vapes at wholesale prices. High-capacity, sleek design, and advanced features for premium vaping.","robots":{"index":"index","follow":"follow","max-snippet":"max-snippet:-1","max-image-preview":"max-image-preview:large","max-video-preview":"max-video-preview:-1"},"canonical":"https:\/\/vapebulkp.com\/fr\/produit\/vookbar-30000-puffs-touch-screen-disposable-vapes-wholesale-price\/","og_locale":"fr_FR","og_type":"article","og_title":"Vookbar 30000 Puffs Touch Screen Disposable Vapes Wholesale Price - vapebulkp.com","og_description":"Shop Vookbar 30000 Puffs Touch Screen Disposable Vapes at wholesale prices. High-capacity, sleek design, and advanced features for premium vaping.","og_url":"https:\/\/vapebulkp.com\/fr\/produit\/vookbar-30000-puffs-touch-screen-disposable-vapes-wholesale-price\/","og_site_name":"vapebulkp.com","article_modified_time":"2025-09-03T03:31:08+00:00","og_image":[{"width":800,"height":800,"url":"http:\/\/vapebulkp.com\/wp-content\/uploads\/2024\/12\/Vookbar-30000-Puffs-Top-Sale-Vape.png","type":"image\/png"}],"twitter_card":"summary_large_image","twitter_misc":{"Dur\u00e9e de lecture estim\u00e9e":"4 minutes"},"schema":{"@context":"https:\/\/schema.org","@graph":[{"@type":"WebPage","@id":"https:\/\/vapebulkp.com\/product\/vookbar-30000-puffs-touch-screen-disposable-vapes-wholesale-price\/","url":"https:\/\/vapebulkp.com\/product\/vookbar-30000-puffs-touch-screen-disposable-vapes-wholesale-price\/","name":"Vookbar 30000 Puffs Touch Screen Disposable Vapes Wholesale Price - vapebulkp.com","isPartOf":{"@id":"https:\/\/vapebulkp.com\/#website"},"datePublished":"2024-12-20T08:24:34+00:00","dateModified":"2025-09-03T03:31:08+00:00","description":"Shop Vookbar 30000 Puffs Touch Screen Disposable Vapes at wholesale prices. High-capacity, sleek design, and advanced features for premium vaping.","breadcrumb":{"@id":"https:\/\/vapebulkp.com\/product\/vookbar-30000-puffs-touch-screen-disposable-vapes-wholesale-price\/#breadcrumb"},"inLanguage":"fr-FR","potentialAction":[{"@type":"ReadAction","target":["https:\/\/vapebulkp.com\/product\/vookbar-30000-puffs-touch-screen-disposable-vapes-wholesale-price\/"]}]},{"@type":"BreadcrumbList","@id":"https:\/\/vapebulkp.com\/product\/vookbar-30000-puffs-touch-screen-disposable-vapes-wholesale-price\/#breadcrumb","itemListElement":[{"@type":"ListItem","position":1,"name":"Home","item":"https:\/\/vapebulkp.com\/"},{"@type":"ListItem","position":2,"name":"Hot Trend Vapes","item":"https:\/\/vapebulkp.com\/vape-shop\/"},{"@type":"ListItem","position":3,"name":"Vookbar 30000 Puffs Touch Screen Disposable Vapes Wholesale Price"}]},{"@type":"WebSite","@id":"https:\/\/vapebulkp.com\/#website","url":"https:\/\/vapebulkp.com\/","name":"vapebulkp.com","description":"Buy Vape In Cheap Bulk Price Near you","publisher":{"@id":"https:\/\/vapebulkp.com\/#organization"},"potentialAction":[{"@type":"SearchAction","target":{"@type":"EntryPoint","urlTemplate":"https:\/\/vapebulkp.com\/?s={search_term_string}"},"query-input":"required name=search_term_string"}],"inLanguage":"fr-FR"},{"@type":"Organization","@id":"https:\/\/vapebulkp.com\/#organization","name":"vapebulkp.com","url":"https:\/\/vapebulkp.com\/","logo":{"@type":"ImageObject","inLanguage":"fr-FR","@id":"https:\/\/vapebulkp.com\/#\/schema\/logo\/image\/","url":"https:\/\/vapebulkp.com\/wp-content\/uploads\/2023\/09\/cropped-vapebulkp.png","contentUrl":"https:\/\/vapebulkp.com\/wp-content\/uploads\/2023\/09\/cropped-vapebulkp.png","width":516,"height":163,"caption":"vapebulkp.com"},"image":{"@id":"https:\/\/vapebulkp.com\/#\/schema\/logo\/image\/"}}]}},"uagb_featured_image_src":{"full":["https:\/\/vapebulkp.com\/wp-content\/uploads\/2024\/12\/Vookbar-30000-Puffs-Top-Sale-Vape.png",800,800,false],"thumbnail":["https:\/\/vapebulkp.com\/wp-content\/uploads\/2024\/12\/Vookbar-30000-Puffs-Top-Sale-Vape-150x150.png",150,150,true],"medium":["https:\/\/vapebulkp.com\/wp-content\/uploads\/2024\/12\/Vookbar-30000-Puffs-Top-Sale-Vape-300x300.png",300,300,true],"medium_large":["https:\/\/vapebulkp.com\/wp-content\/uploads\/2024\/12\/Vookbar-30000-Puffs-Top-Sale-Vape-768x768.png",768,768,true],"large":["https:\/\/vapebulkp.com\/wp-content\/uploads\/2024\/12\/Vookbar-30000-Puffs-Top-Sale-Vape.png",800,800,false],"1536x1536":["https:\/\/vapebulkp.com\/wp-content\/uploads\/2024\/12\/Vookbar-30000-Puffs-Top-Sale-Vape.png",800,800,false],"2048x2048":["https:\/\/vapebulkp.com\/wp-content\/uploads\/2024\/12\/Vookbar-30000-Puffs-Top-Sale-Vape.png",800,800,false],"trp-custom-language-flag":["https:\/\/vapebulkp.com\/wp-content\/uploads\/2024\/12\/Vookbar-30000-Puffs-Top-Sale-Vape.png",12,12,false],"woocommerce_thumbnail":["https:\/\/vapebulkp.com\/wp-content\/uploads\/2024\/12\/Vookbar-30000-Puffs-Top-Sale-Vape-300x300.png",300,300,true],"woocommerce_single":["https:\/\/vapebulkp.com\/wp-content\/uploads\/2024\/12\/Vookbar-30000-Puffs-Top-Sale-Vape-600x600.png",600,600,true],"woocommerce_gallery_thumbnail":["https:\/\/vapebulkp.com\/wp-content\/uploads\/2024\/12\/Vookbar-30000-Puffs-Top-Sale-Vape-100x100.png",100,100,true],"wcpr-photo-reviews":["https:\/\/vapebulkp.com\/wp-content\/uploads\/2024\/12\/Vookbar-30000-Puffs-Top-Sale-Vape.png",500,500,false]},"uagb_author_info":{"display_name":"Mandy vape bulk price","author_link":"https:\/\/vapebulkp.com\/fr\/author\/"},"uagb_comment_info":0,"uagb_excerpt":"Vookbar 30000 Puffs Touch Screen Disposable Vapes at wholesale prices. Long-lasting, high-quality, and innovative vaping solution. Bulk orders available. Pls Contact Mandy's WhatsApp For Discount Price+8618077105796 &nbsp; NOTE: Prices on our website does not include shipping costs &nbsp;","_links":{"self":[{"href":"https:\/\/vapebulkp.com\/fr\/wp-json\/wp\/v2\/product\/3268","targetHints":{"allow":["GET"]}}],"collection":[{"href":"https:\/\/vapebulkp.com\/fr\/wp-json\/wp\/v2\/product"}],"about":[{"href":"https:\/\/vapebulkp.com\/fr\/wp-json\/wp\/v2\/types\/product"}],"replies":[{"embeddable":true,"href":"https:\/\/vapebulkp.com\/fr\/wp-json\/wp\/v2\/comments?post=3268"}],"wp:featuredmedia":[{"embeddable":true,"href":"https:\/\/vapebulkp.com\/fr\/wp-json\/wp\/v2\/media\/3266"}],"wp:attachment":[{"href":"https:\/\/vapebulkp.com\/fr\/wp-json\/wp\/v2\/media?parent=3268"}],"wp:term":[{"taxonomy":"product_cat","embeddable":true,"href":"https:\/\/vapebulkp.com\/fr\/wp-json\/wp\/v2\/product_cat?post=3268"},{"taxonomy":"product_tag","embeddable":true,"href":"https:\/\/vapebulkp.com\/fr\/wp-json\/wp\/v2\/product_tag?post=3268"}],"curies":[{"name":"wp","href":"https:\/\/api.w.org\/{rel}","templated":true}]}}