{"id":3285,"date":"2024-12-26T10:32:38","date_gmt":"2024-12-26T09:32:38","guid":{"rendered":"https:\/\/vapebulkp.com\/?post_type=product&#038;p=3285"},"modified":"2025-09-24T05:21:36","modified_gmt":"2025-09-24T03:21:36","slug":"bood-pulse-pro-25k-50k-disposable-vape-bar-5000-puffs-nicotine-free","status":"publish","type":"product","link":"https:\/\/vapebulkp.com\/fr\/product\/bood-pulse-pro-25k-50k-disposable-vape-bar-5000-puffs-nicotine-free\/","title":{"rendered":"Bood Pulse Pro 25k\/50k Cigarette \u00e9lectronique jetable 5000 Puffs sans nicotine"},"content":{"rendered":"<h2 style=\"text-align: left\">Bood Pulse Pro 25k\/50k Cigarette \u00e9lectronique jetable 5000 Puffs sans nicotine<\/h2>\n<p>&nbsp;<\/p>\n<p data-start=\"347\" data-end=\"692\">Le <strong>Bood Pulse Pro 25k\/50k Puff Bar \u00e0 Vape Jetable 5000 Puffs<\/strong>\u00a0est un v\u00e9ritable <strong data-start=\"408\" data-end=\"433\">bar \u00e0 vape longue dur\u00e9e<\/strong> con\u00e7u pour les utilisateurs fran\u00e7ais qui exigent fiabilit\u00e9, saveur et capacit\u00e9 dans un seul appareil. Offrant jusqu'\u00e0 50 000 bouff\u00e9es, il combine une ing\u00e9nierie de pointe avec la commodit\u00e9, ce qui en fait un choix exceptionnel pour les clients au d\u00e9tail et le march\u00e9. <strong data-start=\"661\" data-end=\"682\">r\u00e9pond \u00e0 diff\u00e9rentes pr\u00e9f\u00e9rences et constitue une excellente option pour les acheteurs en gros. Avec une livraison rapide dans toute l'Europe, c'est un choix de premier ordre pour les<\/strong> march\u00e9.<\/p>\n<p data-start=\"694\" data-end=\"983\">Chaque appareil est pr\u00e9-rempli de 38ml de <strong data-start=\"736\" data-end=\"761\">e-liquide de qualit\u00e9 sup\u00e9rieure<\/strong>, offrant un go\u00fbt constant et une vapeur douce tout au long de sa dur\u00e9e de vie. Avec des concentrations de sel de nicotine disponibles en 2% et 5%, il r\u00e9pond \u00e0 la fois aux pr\u00e9f\u00e9rences mod\u00e9r\u00e9es et plus fortes, assurant la satisfaction d'un large public.<\/p>\n<p data-start=\"985\" data-end=\"1297\">Aliment\u00e9 par une batterie rechargeable de 850mAh et \u00e9quip\u00e9 d'une charge rapide Type-C, ce <strong data-start=\"1072\" data-end=\"1104\">vape jetable rechargeable<\/strong> minimise les temps d'arr\u00eat et maximise les performances. La technologie int\u00e9gr\u00e9e <strong data-start=\"1166\" data-end=\"1184\">vape \u00e0 coil mesh<\/strong> am\u00e9liore l'intensit\u00e9 de la saveur et la densit\u00e9 de la vapeur, donnant \u00e0 chaque bouff\u00e9e un hit raffin\u00e9 et satisfaisant.<\/p>\n<p data-start=\"1299\" data-end=\"1565\">Compact et \u00e9l\u00e9gant, le <strong data-start=\"1324\" data-end=\"1370\">Bood Pulse Pro <a href=\"https:\/\/vapebulkp.com\/fr\/product-category\/50000-puffs-disposable-vape\/\">Vape jetable 50000 bouff\u00e9es<\/a><\/strong> est parfait pour un usage quotidien, les voyages et les occasions sociales. Pour les distributeurs et les d\u00e9taillants, sa forte demande et sa conception pr\u00eate pour la vente en gros en font l'une des options les plus rentables sur le march\u00e9 fran\u00e7ais.<\/p>\n<h6>Veuillez contacter le WhatsApp de Mandy pour un prix r\u00e9duit<a href=\"https:\/\/wa.me\/8618077105796\">+8618077105796<\/a><\/h6>\n<p><img decoding=\"async\" class=\"alignnone wp-image-2151\" src=\"http:\/\/vapebulkp.com\/wp-content\/uploads\/2024\/04\/Mandy-WhatsApp-Randm.jpg\" alt=\"WhatsApp Mandy Randm\" width=\"324\" height=\"330\" \/><\/p>\n<div class=\"flex max-w-full flex-col flex-grow\">\n<div class=\"min-h-8 text-message flex w-full flex-col items-end gap-2 whitespace-normal break-words text-start [.text-message+&amp;]:mt-5\" dir=\"auto\" data-message-author-role=\"assistant\" data-message-id=\"d24cf626-c018-4805-80f5-44de047f2ba0\" data-message-model-slug=\"gpt-4o\">\n<div class=\"flex w-full flex-col gap-1 empty:hidden first:pt-[3px]\">\n<div class=\"markdown prose w-full break-words dark:prose-invert light\">\n<h2>Pourquoi choisir le Bood Pulse Pro 50000 puffs E-cig ?<\/h2>\n<p>Con\u00e7u avec la commodit\u00e9 et la performance \u00e0 l'esprit, le <strong>Bood Pulse Pro<\/strong> offre une exp\u00e9rience de vapotage puissante sans les tracas de l'entretien. Que vous soyez un utilisateur occasionnel ou un vapoteur assidu, cet appareil est id\u00e9al pour une utilisation prolong\u00e9e tout en offrant un hit propre, constant et savoureux \u00e0 chaque bouff\u00e9e.<\/p>\n<p>&nbsp;<\/p>\n<\/div>\n<\/div>\n<\/div>\n<\/div>\n<h3>Bood Pulse Pro Vape sans nicotine 50000 bouff\u00e9es Sp\u00e9cifications cl\u00e9s :<\/h3>\n<ul>\n<li><strong>Capacit\u00e9 de e-liquide<\/strong>: 38ml pr\u00e9-rempli pour une utilisation prolong\u00e9e<\/li>\n<li><strong>Taux de nicotine<\/strong>: Disponible en options 2% et 5% pour satisfaire diverses pr\u00e9f\u00e9rences<\/li>\n<li><strong>Puissance de la Batterie<\/strong>: Une batterie rechargeable robuste de 850mAh assure une sortie constante<\/li>\n<li><strong>Technologie de bobine<\/strong>: Bobine maill\u00e9e avanc\u00e9e pour une production de vapeur douce et une saveur riche<\/li>\n<\/ul>\n<p>&nbsp;<\/p>\n<h3><strong>Appareil de vapotage \u00e0 bobine maill\u00e9e longue dur\u00e9e <\/strong>Bood Pulse Pro 25k 50k Bouff\u00e9es <strong>Liste des saveurs<\/strong><\/h3>\n<p>1.MELON ANANAS ORANGE<br \/>\n2.MYRTILLE FRAMBOISE ACIDE<br \/>\n3.PAST\u00c8QUE KIWI<br \/>\n4.MYRTILLE PAST\u00c8QUE<br \/>\n5.M\u00dbRE GLACE<br \/>\n6.TRIPLE MELON<br \/>\n7.GLACE \u00c0 LA FRAISE<br \/>\n8.FRAISE PAST\u00c8QUE GLACE<br \/>\n9.DOUBLE LIMONADE<br \/>\n10.RAISIN CANNEBERGE MYRTILLE FRAMBOISE<\/p>\n<p><a href=\"https:\/\/vapebulkp.com\/fr\/product\/aivono-curved-smart-screen-35000-puffs-disposable-vape-wholesale-price\/\"><span style=\"vertical-align: inherit\">Aivono 35000 Bouff\u00e9es <\/span><\/a><\/p>\n<p><span style=\"vertical-align: inherit\">Trouvez plus de produits qui pourraient vous plaire\uff1a<\/span><em><a href=\"https:\/\/wa.me\/8618077105796\"><span style=\"vertical-align: inherit\">\u00a0Achetez-le maintenant<\/span><\/a><\/em><\/p>\n<p><span style=\"vertical-align: inherit\">Autres Puffs que vous pourriez aimer\uff1a<\/span><a href=\"https:\/\/vapebulkp.com\/fr\/product\/wholesale-price-bang-kingdoms-rex-32000-puffs-vape-pod\/\"><span style=\"vertical-align: inherit\">Bang Kingdoms 32000Puffs<\/span><\/a><span style=\"vertical-align: inherit\">\u3001<\/span><a href=\"https:\/\/vapebulkp.com\/fr\/product\/vookbar-30000-puffs-touch-screen-disposable-vapes-wholesale-price\/\"><span style=\"vertical-align: inherit\">Vookbar 30000 Bouff\u00e9es<\/span><\/a><span style=\"vertical-align: inherit\">\/ <\/span><a href=\"https:\/\/vapebulkp.com\/fr\/product\/vapsolo-best-quality-viking-12k-puffs-disposable-vapes\/\"><span style=\"vertical-align: inherit\">Vapsolo viking 12000 Bouff\u00e9es<\/span><\/a><span style=\"vertical-align: inherit\">\/ <\/span><a href=\"https:\/\/vapebulkp.com\/fr\/product\/waspe-vape-40000-puff-fihp-double-flavour-disposable-vape\/\"><span style=\"vertical-align: inherit\">WASPE 40000 Bouff\u00e9es<\/span><\/a><\/p>\n<p>&nbsp;<\/p>\n<h3>FAQ pour les vapes jetables Bood Pulse Pro 25K\/50k 50000 bouff\u00e9es<\/h3>\n<p><strong>Q: Quelle est la quantit\u00e9 minimale de commande (MOQ) pour les Bood Pulse Pro 25K\/50K Bouff\u00e9es?<\/strong><br \/>\nA: La quantit\u00e9 minimale de commande est de <strong>50 pi\u00e8ces<\/strong>.<\/p>\n<p><strong>Q : Combien de temps prend la livraison apr\u00e8s avoir pass\u00e9 une commande ?<\/strong><br \/>\nR: Le d\u00e9lai de livraison est g\u00e9n\u00e9ralement <strong>10-15 jours<\/strong> apr\u00e8s exp\u00e9dition.<\/p>\n<p><strong>Q: Combien co\u00fbteront les frais de port ?<\/strong><br \/>\nR: Les frais de port d\u00e9pendent du poids total de votre commande. Pour des tarifs sp\u00e9cifiques, veuillez nous contacter pour des informations d\u00e9taill\u00e9es bas\u00e9es sur votre quantit\u00e9 et votre lieu de livraison.<\/p>\n<p><strong>Q: Exp\u00e9diez-vous \u00e0 l'international ?<\/strong><br \/>\nR: Oui, nous exp\u00e9dions vers la plupart des pays europ\u00e9ens, y compris, mais sans s'y limiter, <strong>Pays-Bas, Allemagne, France, Espagne, Italie, Belgique, Autriche, Pologne, Su\u00e8de, Irlande, Finlande et Portugal<\/strong>.<\/p>\n<p><strong>Q: Le suivi de commande est-il disponible ?<\/strong><br \/>\nR: Absolument ! Une fois votre commande exp\u00e9di\u00e9e, nous vous fournirons un num\u00e9ro de suivi et un lien pour suivre votre envoi.<\/p>\n<h3>D\u00e9tails d'exp\u00e9dition :<\/h3>\n<p><span style=\"color: #ff6600\">D\u00e9lai de production : 5-10 jours ouvrables<\/span><br \/>\n<span style=\"color: #ff6600\">D\u00e9lai de livraison : 8-14 jours ouvrables<\/span><\/p>\n<p>Tous les produits de notre boutique sont 100% originaux et authentiques, c'est pourquoi nous avons pour politique de rembourser dix fois le prix des produits contrefaits. Nous utilisons des canaux logistiques tels que UPS\/DHL\/FEDEX\/DPD pour vous livrer les marchandises.<\/p>\n<p>Pour les colis exp\u00e9di\u00e9s en France, il faut g\u00e9n\u00e9ralement 10 jours ouvrables pour qu'ils arrivent. L'exp\u00e9dition vers les pays europ\u00e9ens prend g\u00e9n\u00e9ralement de 12 \u00e0 15 jours ouvrables. Nous mettrons \u00e0 jour les informations logistiques pour vous en temps r\u00e9el.<\/p>","protected":false},"excerpt":{"rendered":"<ul>\n<li><strong>Bood Pulse Pro 50K Vape Jetable Sans Nicotine<\/strong><\/li>\n<li><strong>25K\/50K Puffs Bood Pulse Pro Bar \u00e0 Vape Rechargeable<\/strong><\/li>\n<li><strong>Bood Pulse Pro 50000 Puffs Vape \u00e0 Mesh Coil Jetable Sans Nicotine<\/strong><\/li>\n<\/ul>\n<p>Veuillez contacter le WhatsApp de Mandy pour un prix r\u00e9duit<a href=\"https:\/\/wa.me\/8618077105796\">+8618077105796<\/a><\/p>\n<p><img decoding=\"async\" class=\"alignnone wp-image-2151\" src=\"http:\/\/vapebulkp.com\/wp-content\/uploads\/2024\/04\/Mandy-WhatsApp-Randm.jpg\" alt=\"WhatsApp Mandy Randm\" width=\"297\" height=\"316\" srcset=\"https:\/\/vapebulkp.com\/wp-content\/uploads\/2024\/04\/Mandy-WhatsApp-Randm.jpg 916w, https:\/\/vapebulkp.com\/wp-content\/uploads\/2024\/04\/Mandy-WhatsApp-Randm-282x300.jpg 282w, https:\/\/vapebulkp.com\/wp-content\/uploads\/2024\/04\/Mandy-WhatsApp-Randm-768x817.jpg 768w, https:\/\/vapebulkp.com\/wp-content\/uploads\/2024\/04\/Mandy-WhatsApp-Randm-600x638.jpg 600w\" sizes=\"(max-width: 297px) 100vw, 297px\" \/><\/p>\n<p><span style=\"color: #ff0000\">REMARQUE : Les prix sur notre site web n'incluent pas les frais de port<\/span><\/p>\n<p>&nbsp;<\/p>","protected":false},"featured_media":3286,"comment_status":"open","ping_status":"closed","template":"","meta":{"_uag_custom_page_level_css":"","_lmt_disableupdate":"no","_lmt_disable":"","site-sidebar-layout":"default","site-content-layout":"content-boxed-container","ast-site-content-layout":"normal-width-container","site-content-style":"boxed","site-sidebar-style":"unboxed","ast-global-header-display":"","ast-banner-title-visibility":"","ast-main-header-display":"","ast-hfb-above-header-display":"","ast-hfb-below-header-display":"","ast-hfb-mobile-header-display":"","site-post-title":"","ast-breadcrumbs-content":"","ast-featured-img":"","footer-sml-layout":"","theme-transparent-header-meta":"default","adv-header-id-meta":"","stick-header-meta":"","header-above-stick-meta":"","header-main-stick-meta":"","header-below-stick-meta":"","astra-migrate-meta-layouts":"set","_joinchat":[]},"product_cat":[194,153,155,346,33,59,100,87,34,158,157,154,152,58,84,156,63,32],"product_tag":[195,36,37,41,40],"class_list":["post-3285","product","type-product","status-publish","has-post-thumbnail","hentry","product_cat-50000-puffs-disposable-vape","product_cat-hot-disposable-vapes","product_cat-belgium-hot-disposable-vapes","product_cat-bood-vapes","product_cat-france-vape-hot-sale","product_cat-germany-hot-disposable-vape","product_cat-germany-wholesale-vape-shop","product_cat-minimum-order-quantity-50pcs","product_cat-netherlands-vape-good-sale","product_cat-norway-hot-disposable-vapes","product_cat-poland-hot-disposable-vapes","product_cat-portugal-hot-disposable-vapes","product_cat-spain-hot-disposable-vapes","product_cat-sweden-hot-disposable-vape","product_cat-sweden-wholesale-vape","product_cat-switzerland-hot-disposable-vapes","product_cat-top-sale-disposable-vape","product_cat-vape-hot-sale-this-week","product_tag-50000-puffs","product_tag-good-vape","product_tag-hot-sale-disposable-vape","product_tag-poland-hot-vape","product_tag-sweden-hot-vape","pa_brand-bood-vape","desktop-align-left","tablet-align-left","mobile-align-left"],"yoast_head":"<!-- This site is optimized with the Yoast SEO plugin v21.1 - https:\/\/yoast.com\/wordpress\/plugins\/seo\/ -->\n<title>Bood Pulse Pro 25k\/50k Disposable Vape Bar 5000 Puffs Nicotine Free - vapebulkp.com<\/title>\n<meta name=\"description\" content=\"Wholesale Bood Pulse Pro 25K\/50K Disposable Vape Bar, 5000 puffs, nicotine-free, sleek design, long-lasting performance for a smooth vaping experience.\" \/>\n<meta name=\"robots\" content=\"index, follow, max-snippet:-1, max-image-preview:large, max-video-preview:-1\" \/>\n<link rel=\"canonical\" href=\"https:\/\/vapebulkp.com\/fr\/product\/bood-pulse-pro-25k-50k-disposable-vape-bar-5000-puffs-nicotine-free\/\" \/>\n<meta property=\"og:locale\" content=\"fr_FR\" \/>\n<meta property=\"og:type\" content=\"article\" \/>\n<meta property=\"og:title\" content=\"Bood Pulse Pro 25k\/50k Disposable Vape Bar 5000 Puffs Nicotine Free - vapebulkp.com\" \/>\n<meta property=\"og:description\" content=\"Wholesale Bood Pulse Pro 25K\/50K Disposable Vape Bar, 5000 puffs, nicotine-free, sleek design, long-lasting performance for a smooth vaping experience.\" \/>\n<meta property=\"og:url\" content=\"https:\/\/vapebulkp.com\/fr\/product\/bood-pulse-pro-25k-50k-disposable-vape-bar-5000-puffs-nicotine-free\/\" \/>\n<meta property=\"og:site_name\" content=\"vapebulkp.com\" \/>\n<meta property=\"article:modified_time\" content=\"2025-09-24T03:21:36+00:00\" \/>\n<meta property=\"og:image\" content=\"http:\/\/vapebulkp.com\/wp-content\/uploads\/2024\/12\/Bood-pulse-pro-25k-Puffs-50k-Puffs-bulk-price-vape-sweden.png\" \/>\n\t<meta property=\"og:image:width\" content=\"800\" \/>\n\t<meta property=\"og:image:height\" content=\"800\" \/>\n\t<meta property=\"og:image:type\" content=\"image\/png\" \/>\n<meta name=\"twitter:card\" content=\"summary_large_image\" \/>\n<meta name=\"twitter:label1\" content=\"Dur\u00e9e de lecture estim\u00e9e\" \/>\n\t<meta name=\"twitter:data1\" content=\"3 minutes\" \/>\n<script type=\"application\/ld+json\" class=\"yoast-schema-graph\">{\"@context\":\"https:\/\/schema.org\",\"@graph\":[{\"@type\":\"WebPage\",\"@id\":\"https:\/\/vapebulkp.com\/product\/bood-pulse-pro-25k-50k-disposable-vape-bar-5000-puffs-nicotine-free\/\",\"url\":\"https:\/\/vapebulkp.com\/product\/bood-pulse-pro-25k-50k-disposable-vape-bar-5000-puffs-nicotine-free\/\",\"name\":\"Bood Pulse Pro 25k\/50k Disposable Vape Bar 5000 Puffs Nicotine Free - vapebulkp.com\",\"isPartOf\":{\"@id\":\"https:\/\/vapebulkp.com\/#website\"},\"datePublished\":\"2024-12-26T09:32:38+00:00\",\"dateModified\":\"2025-09-24T03:21:36+00:00\",\"description\":\"Wholesale Bood Pulse Pro 25K\/50K Disposable Vape Bar, 5000 puffs, nicotine-free, sleek design, long-lasting performance for a smooth vaping experience.\",\"breadcrumb\":{\"@id\":\"https:\/\/vapebulkp.com\/product\/bood-pulse-pro-25k-50k-disposable-vape-bar-5000-puffs-nicotine-free\/#breadcrumb\"},\"inLanguage\":\"fr-FR\",\"potentialAction\":[{\"@type\":\"ReadAction\",\"target\":[\"https:\/\/vapebulkp.com\/product\/bood-pulse-pro-25k-50k-disposable-vape-bar-5000-puffs-nicotine-free\/\"]}]},{\"@type\":\"BreadcrumbList\",\"@id\":\"https:\/\/vapebulkp.com\/product\/bood-pulse-pro-25k-50k-disposable-vape-bar-5000-puffs-nicotine-free\/#breadcrumb\",\"itemListElement\":[{\"@type\":\"ListItem\",\"position\":1,\"name\":\"Home\",\"item\":\"https:\/\/vapebulkp.com\/\"},{\"@type\":\"ListItem\",\"position\":2,\"name\":\"Hot Trend Vapes\",\"item\":\"https:\/\/vapebulkp.com\/vape-shop\/\"},{\"@type\":\"ListItem\",\"position\":3,\"name\":\"Bood Pulse Pro 25k\/50k Disposable Vape Bar 5000 Puffs Nicotine Free\"}]},{\"@type\":\"WebSite\",\"@id\":\"https:\/\/vapebulkp.com\/#website\",\"url\":\"https:\/\/vapebulkp.com\/\",\"name\":\"vapebulkp.com\",\"description\":\"Buy Vape In Cheap Bulk Price Near you\",\"publisher\":{\"@id\":\"https:\/\/vapebulkp.com\/#organization\"},\"potentialAction\":[{\"@type\":\"SearchAction\",\"target\":{\"@type\":\"EntryPoint\",\"urlTemplate\":\"https:\/\/vapebulkp.com\/?s={search_term_string}\"},\"query-input\":\"required name=search_term_string\"}],\"inLanguage\":\"fr-FR\"},{\"@type\":\"Organization\",\"@id\":\"https:\/\/vapebulkp.com\/#organization\",\"name\":\"vapebulkp.com\",\"url\":\"https:\/\/vapebulkp.com\/\",\"logo\":{\"@type\":\"ImageObject\",\"inLanguage\":\"fr-FR\",\"@id\":\"https:\/\/vapebulkp.com\/#\/schema\/logo\/image\/\",\"url\":\"https:\/\/vapebulkp.com\/wp-content\/uploads\/2023\/09\/cropped-vapebulkp.png\",\"contentUrl\":\"https:\/\/vapebulkp.com\/wp-content\/uploads\/2023\/09\/cropped-vapebulkp.png\",\"width\":516,\"height\":163,\"caption\":\"vapebulkp.com\"},\"image\":{\"@id\":\"https:\/\/vapebulkp.com\/#\/schema\/logo\/image\/\"}}]}<\/script>\n<!-- \/ Yoast SEO plugin. -->","yoast_head_json":{"title":"Bood Pulse Pro 25k\/50k Disposable Vape Bar 5000 Puffs Nicotine Free - vapebulkp.com","description":"Wholesale Bood Pulse Pro 25K\/50K Disposable Vape Bar, 5000 puffs, nicotine-free, sleek design, long-lasting performance for a smooth vaping experience.","robots":{"index":"index","follow":"follow","max-snippet":"max-snippet:-1","max-image-preview":"max-image-preview:large","max-video-preview":"max-video-preview:-1"},"canonical":"https:\/\/vapebulkp.com\/fr\/product\/bood-pulse-pro-25k-50k-disposable-vape-bar-5000-puffs-nicotine-free\/","og_locale":"fr_FR","og_type":"article","og_title":"Bood Pulse Pro 25k\/50k Disposable Vape Bar 5000 Puffs Nicotine Free - vapebulkp.com","og_description":"Wholesale Bood Pulse Pro 25K\/50K Disposable Vape Bar, 5000 puffs, nicotine-free, sleek design, long-lasting performance for a smooth vaping experience.","og_url":"https:\/\/vapebulkp.com\/fr\/product\/bood-pulse-pro-25k-50k-disposable-vape-bar-5000-puffs-nicotine-free\/","og_site_name":"vapebulkp.com","article_modified_time":"2025-09-24T03:21:36+00:00","og_image":[{"width":800,"height":800,"url":"http:\/\/vapebulkp.com\/wp-content\/uploads\/2024\/12\/Bood-pulse-pro-25k-Puffs-50k-Puffs-bulk-price-vape-sweden.png","type":"image\/png"}],"twitter_card":"summary_large_image","twitter_misc":{"Dur\u00e9e de lecture estim\u00e9e":"3 minutes"},"schema":{"@context":"https:\/\/schema.org","@graph":[{"@type":"WebPage","@id":"https:\/\/vapebulkp.com\/product\/bood-pulse-pro-25k-50k-disposable-vape-bar-5000-puffs-nicotine-free\/","url":"https:\/\/vapebulkp.com\/product\/bood-pulse-pro-25k-50k-disposable-vape-bar-5000-puffs-nicotine-free\/","name":"Bood Pulse Pro 25k\/50k Disposable Vape Bar 5000 Puffs Nicotine Free - vapebulkp.com","isPartOf":{"@id":"https:\/\/vapebulkp.com\/#website"},"datePublished":"2024-12-26T09:32:38+00:00","dateModified":"2025-09-24T03:21:36+00:00","description":"Wholesale Bood Pulse Pro 25K\/50K Disposable Vape Bar, 5000 puffs, nicotine-free, sleek design, long-lasting performance for a smooth vaping experience.","breadcrumb":{"@id":"https:\/\/vapebulkp.com\/product\/bood-pulse-pro-25k-50k-disposable-vape-bar-5000-puffs-nicotine-free\/#breadcrumb"},"inLanguage":"fr-FR","potentialAction":[{"@type":"ReadAction","target":["https:\/\/vapebulkp.com\/product\/bood-pulse-pro-25k-50k-disposable-vape-bar-5000-puffs-nicotine-free\/"]}]},{"@type":"BreadcrumbList","@id":"https:\/\/vapebulkp.com\/product\/bood-pulse-pro-25k-50k-disposable-vape-bar-5000-puffs-nicotine-free\/#breadcrumb","itemListElement":[{"@type":"ListItem","position":1,"name":"Home","item":"https:\/\/vapebulkp.com\/"},{"@type":"ListItem","position":2,"name":"Hot Trend Vapes","item":"https:\/\/vapebulkp.com\/vape-shop\/"},{"@type":"ListItem","position":3,"name":"Bood Pulse Pro 25k\/50k Disposable Vape Bar 5000 Puffs Nicotine Free"}]},{"@type":"WebSite","@id":"https:\/\/vapebulkp.com\/#website","url":"https:\/\/vapebulkp.com\/","name":"vapebulkp.com","description":"Buy Vape In Cheap Bulk Price Near you","publisher":{"@id":"https:\/\/vapebulkp.com\/#organization"},"potentialAction":[{"@type":"SearchAction","target":{"@type":"EntryPoint","urlTemplate":"https:\/\/vapebulkp.com\/?s={search_term_string}"},"query-input":"required name=search_term_string"}],"inLanguage":"fr-FR"},{"@type":"Organization","@id":"https:\/\/vapebulkp.com\/#organization","name":"vapebulkp.com","url":"https:\/\/vapebulkp.com\/","logo":{"@type":"ImageObject","inLanguage":"fr-FR","@id":"https:\/\/vapebulkp.com\/#\/schema\/logo\/image\/","url":"https:\/\/vapebulkp.com\/wp-content\/uploads\/2023\/09\/cropped-vapebulkp.png","contentUrl":"https:\/\/vapebulkp.com\/wp-content\/uploads\/2023\/09\/cropped-vapebulkp.png","width":516,"height":163,"caption":"vapebulkp.com"},"image":{"@id":"https:\/\/vapebulkp.com\/#\/schema\/logo\/image\/"}}]}},"uagb_featured_image_src":{"full":["https:\/\/vapebulkp.com\/wp-content\/uploads\/2024\/12\/Bood-pulse-pro-25k-Puffs-50k-Puffs-bulk-price-vape-sweden.png",800,800,false],"thumbnail":["https:\/\/vapebulkp.com\/wp-content\/uploads\/2024\/12\/Bood-pulse-pro-25k-Puffs-50k-Puffs-bulk-price-vape-sweden-150x150.png",150,150,true],"medium":["https:\/\/vapebulkp.com\/wp-content\/uploads\/2024\/12\/Bood-pulse-pro-25k-Puffs-50k-Puffs-bulk-price-vape-sweden-300x300.png",300,300,true],"medium_large":["https:\/\/vapebulkp.com\/wp-content\/uploads\/2024\/12\/Bood-pulse-pro-25k-Puffs-50k-Puffs-bulk-price-vape-sweden-768x768.png",768,768,true],"large":["https:\/\/vapebulkp.com\/wp-content\/uploads\/2024\/12\/Bood-pulse-pro-25k-Puffs-50k-Puffs-bulk-price-vape-sweden.png",800,800,false],"1536x1536":["https:\/\/vapebulkp.com\/wp-content\/uploads\/2024\/12\/Bood-pulse-pro-25k-Puffs-50k-Puffs-bulk-price-vape-sweden.png",800,800,false],"2048x2048":["https:\/\/vapebulkp.com\/wp-content\/uploads\/2024\/12\/Bood-pulse-pro-25k-Puffs-50k-Puffs-bulk-price-vape-sweden.png",800,800,false],"trp-custom-language-flag":["https:\/\/vapebulkp.com\/wp-content\/uploads\/2024\/12\/Bood-pulse-pro-25k-Puffs-50k-Puffs-bulk-price-vape-sweden.png",12,12,false],"woocommerce_thumbnail":["https:\/\/vapebulkp.com\/wp-content\/uploads\/2024\/12\/Bood-pulse-pro-25k-Puffs-50k-Puffs-bulk-price-vape-sweden-300x300.png",300,300,true],"woocommerce_single":["https:\/\/vapebulkp.com\/wp-content\/uploads\/2024\/12\/Bood-pulse-pro-25k-Puffs-50k-Puffs-bulk-price-vape-sweden-600x600.png",600,600,true],"woocommerce_gallery_thumbnail":["https:\/\/vapebulkp.com\/wp-content\/uploads\/2024\/12\/Bood-pulse-pro-25k-Puffs-50k-Puffs-bulk-price-vape-sweden-100x100.png",100,100,true],"wcpr-photo-reviews":["https:\/\/vapebulkp.com\/wp-content\/uploads\/2024\/12\/Bood-pulse-pro-25k-Puffs-50k-Puffs-bulk-price-vape-sweden.png",500,500,false]},"uagb_author_info":{"display_name":"Mandy vape bulk price","author_link":"https:\/\/vapebulkp.com\/fr\/author\/"},"uagb_comment_info":0,"uagb_excerpt":"Bood Pulse Pro 50K Disposable Vape Nicotine-Free &amp; Long-Lasting 25K\/50K Puffs Bood Pulse Pro Vape Bar Rechargeable &amp; Smooth Draw Bood Pulse Pro 50000 Puffs Disposable Nicotine-Free Mesh Coil Vape Pls Contact Mandy's WhatsApp For Discount Price+8618077105796 NOTE: Prices on our website does not include shipping costs &nbsp;","_links":{"self":[{"href":"https:\/\/vapebulkp.com\/fr\/wp-json\/wp\/v2\/product\/3285","targetHints":{"allow":["GET"]}}],"collection":[{"href":"https:\/\/vapebulkp.com\/fr\/wp-json\/wp\/v2\/product"}],"about":[{"href":"https:\/\/vapebulkp.com\/fr\/wp-json\/wp\/v2\/types\/product"}],"replies":[{"embeddable":true,"href":"https:\/\/vapebulkp.com\/fr\/wp-json\/wp\/v2\/comments?post=3285"}],"wp:featuredmedia":[{"embeddable":true,"href":"https:\/\/vapebulkp.com\/fr\/wp-json\/wp\/v2\/media\/3286"}],"wp:attachment":[{"href":"https:\/\/vapebulkp.com\/fr\/wp-json\/wp\/v2\/media?parent=3285"}],"wp:term":[{"taxonomy":"product_cat","embeddable":true,"href":"https:\/\/vapebulkp.com\/fr\/wp-json\/wp\/v2\/product_cat?post=3285"},{"taxonomy":"product_tag","embeddable":true,"href":"https:\/\/vapebulkp.com\/fr\/wp-json\/wp\/v2\/product_tag?post=3285"}],"curies":[{"name":"wp","href":"https:\/\/api.w.org\/{rel}","templated":true}]}}