{"id":3292,"date":"2024-12-28T09:21:22","date_gmt":"2024-12-28T08:21:22","guid":{"rendered":"https:\/\/vapebulkp.com\/?post_type=product&#038;p=3292"},"modified":"2025-09-24T05:21:17","modified_gmt":"2025-09-24T03:21:17","slug":"cheap-price-uwin-shisha-hookah-crystal-20000-puffs-rechargeable-vape","status":"publish","type":"product","link":"https:\/\/vapebulkp.com\/fr\/produit\/cheap-price-uwin-shisha-hookah-crystal-20000-puffs-rechargeable-vape\/","title":{"rendered":"Prix bas Uwin CHICHA NARGHILE Crystal 20000 Puffs Vape Rechargeable"},"content":{"rendered":"<h2 style=\"text-align: left\">Prix bas Uwin CHICHA NARGHILE Crystal 20000 Puffs Vape Rechargeable<\/h2>\n<p data-start=\"150\" data-end=\"458\">Le <strong data-start=\"154\" data-end=\"196\">Uwin Shisha Hookah Crystal 20000 bouff\u00e9es<\/strong> est un <strong data-start=\"202\" data-end=\"235\">cigarette \u00e9lectronique jetable de grande capacit\u00e9<\/strong> con\u00e7ue pour <strong data-start=\"249\" data-end=\"280\">passionn\u00e9s de vapotage en France<\/strong> qui recherchent une performance constante et une saveur riche. Chaque appareil est pr\u00e9-rempli avec 25ml de <strong data-start=\"369\" data-end=\"399\">sel de nicotine premium pour vape<\/strong>, d\u00e9livrant des tirages doux et satisfaisants jusqu'\u00e0 20 000 bouff\u00e9es.<\/p>\n<p data-start=\"460\" data-end=\"780\">\u00c9quip\u00e9e de la <strong data-start=\"474\" data-end=\"503\">vape \u00e0 technologie de bobine maill\u00e9e<\/strong>, le Uwin Shisha Hookah Crystal am\u00e9liore l'intensit\u00e9 de la saveur et la densit\u00e9 de la vapeur, id\u00e9al pour le <strong data-start=\"591\" data-end=\"622\">vapotage direct aux poumons (DTL)<\/strong> et la cr\u00e9ation de nuages \u00e9pais et savoureux. Disponible en 12 saveurs uniques et avec des concentrations de nicotine de 0%, 2%, 3% ou 5%, il r\u00e9pond \u00e0 un large \u00e9ventail de pr\u00e9f\u00e9rences.<\/p>\n<p data-start=\"782\" data-end=\"1121\">Ce <strong data-start=\"787\" data-end=\"819\">vape jetable rechargeable<\/strong> comporte une batterie au cobalt de 850mAh avec une charge rapide de type C, assurant une performance ininterrompue tout au long de la journ\u00e9e. Son design compact et l\u00e9ger le rend facile \u00e0 transporter, tandis que son emballage adapt\u00e9 \u00e0 la vente en gros - 10 pi\u00e8ces par bo\u00eete, 200 pi\u00e8ces par carton - le rend parfait pour les d\u00e9taillants et les acheteurs en vrac.<\/p>\n<p data-start=\"1123\" data-end=\"1339\">Le <a href=\"https:\/\/vapebulkp.com\/fr\/categorie-produit\/20000-puffs-disposable-vape\/\"><strong data-start=\"1127\" data-end=\"1158\">Vape jetable 20000 bouff\u00e9es<\/strong><\/a> Uwin Shisha Hookah Crystal combine durabilit\u00e9, commodit\u00e9 et des fonctionnalit\u00e9s de vapotage premium dans un seul appareil \u00e9l\u00e9gant, offrant une exp\u00e9rience satisfaisante et durable pour les vapoteurs modernes.<\/p>\n<figure id=\"attachment_3308\" aria-describedby=\"caption-attachment-3308\" style=\"width: 560px\" class=\"wp-caption alignnone\"><img decoding=\"async\" class=\"wp-image-3308\" src=\"http:\/\/vapebulkp.com\/wp-content\/uploads\/2024\/12\/UWIN-VAPES-HOOKAH-Crystal-20000-Puffs-Grape-ice.webp\" alt=\"UWIN VAPES HOOKAH Crystal 20000 bouff\u00e9es Raisin glac\u00e9\" width=\"560\" height=\"539\" \/><figcaption id=\"caption-attachment-3308\" class=\"wp-caption-text\">UWIN VAPES HOOKAH Crystal 20000 bouff\u00e9es Raisin glac\u00e9<\/figcaption><\/figure>\n<h6>Veuillez contacter le WhatsApp de Mandy pour un prix r\u00e9duit<a href=\"https:\/\/wa.me\/8618077105796\">+8618077105796<\/a><\/h6>\n<p><img decoding=\"async\" class=\"alignnone wp-image-2151\" src=\"http:\/\/vapebulkp.com\/wp-content\/uploads\/2024\/04\/Mandy-WhatsApp-Randm.jpg\" alt=\"WhatsApp Mandy Randm\" width=\"324\" height=\"330\" \/><\/p>\n<div class=\"flex max-w-full flex-col flex-grow\">\n<div class=\"min-h-8 text-message flex w-full flex-col items-end gap-2 whitespace-normal break-words text-start [.text-message+&amp;]:mt-5\" dir=\"auto\" data-message-author-role=\"assistant\" data-message-id=\"d24cf626-c018-4805-80f5-44de047f2ba0\" data-message-model-slug=\"gpt-4o\">\n<div class=\"flex w-full flex-col gap-1 empty:hidden first:pt-[3px]\">\n<div class=\"markdown prose w-full break-words dark:prose-invert light\">\n<h2>Pourquoi choisir Uwin SHISHA HOOKAH Crystal 20000 bouff\u00e9es \u00e0 <a href=\"https:\/\/vapebulkp.com\/fr\/vape-shop\/\">Vapebulkp.com<\/a>?<\/h2>\n<ul>\n<li><strong>Performance longue dur\u00e9e:<\/strong> D\u00e9livre jusqu'\u00e0 20 000 bouff\u00e9es, parfait pour une utilisation prolong\u00e9e.<\/li>\n<li><strong>Options de Nicotine Polyvalentes :<\/strong> Disponible en 0%, 2%, 3% et 5% pour satisfaire toutes les pr\u00e9f\u00e9rences.<\/li>\n<li><strong>Vari\u00e9t\u00e9 de Saveurs Exceptionnelle :<\/strong> Savourez 12 saveurs uniques et satisfaisantes.<\/li>\n<li><strong>Technologie de Bobine Avanc\u00e9e :<\/strong> La bobine en maille assure une vapeur douce, constante et savoureuse.<\/li>\n<li><strong>Batterie rechargeable :<\/strong> Batterie cobalt de 850 mAh avec chargement de type C pour plus de commodit\u00e9 et d'efficacit\u00e9.<\/li>\n<li><strong>Capacit\u00e9 G\u00e9n\u00e9reuse en E-liquide :<\/strong> R\u00e9servoir pr\u00e9-rempli de 25 ml pour un vapotage ininterrompu.<\/li>\n<li><strong>Compact<\/strong> Cartons l\u00e9gers avec 10 pi\u00e8ces\/bo\u00eete et 200 pi\u00e8ces\/carton, id\u00e9aux pour la vente en gros.<\/li>\n<li><strong>Con\u00e7u pour les Passionn\u00e9s de DTL :<\/strong> Style direct-vers-poumon de SMOK pour une production de nuages robuste.<\/li>\n<\/ul>\n<p>&nbsp;<\/p>\n<\/div>\n<\/div>\n<\/div>\n<\/div>\n<h3>Vapes Jetables avec Port de Type C Uwin SHISHA HOOKAH Crystal 20k Bouff\u00e9es Sp\u00e9cifications Cl\u00e9s :<\/h3>\n<ul>\n<li><strong>Options de nicotine :<\/strong> 0%, 2%, 3%, 5%.<\/li>\n<li><strong>Bouff\u00e9es :<\/strong> Jusqu'\u00e0 20 000.<\/li>\n<li><strong>Capacit\u00e9 :<\/strong> 25 ml d'e-liquide.<\/li>\n<li><strong>Batterie :<\/strong> Cobalt rechargeable de 850 mAh, port de type C.<\/li>\n<li><strong>Bobine :<\/strong> Bobine maill\u00e9e pour une vapeur douce.<\/li>\n<li><strong>Saveurs :<\/strong> 12 choix uniques.<\/li>\n<li><strong>Emballage :<\/strong> 10 pi\u00e8ces\/bo\u00eete, 200 pi\u00e8ces\/carton.<\/li>\n<li><strong>D\u00e9tails du carton :<\/strong> 20,3 kg, 39,5 \u00d7 39 \u00d7 30,5 cm.<\/li>\n<li><strong>Style :<\/strong> SMOK direct-au-poumon (DTL).<\/li>\n<\/ul>\n<h3>Vape jetable abordable France Uwin SHISHA Crystal 20000 Puffs <strong>Liste des saveurs<\/strong><\/h3>\n<p>1. Myrtille glac\u00e9e<br \/>\n2. Kiwi fruit de la passion goyave<br \/>\n3.Fraise kiwi<br \/>\n4.Baies m\u00e9lang\u00e9es<br \/>\n5.Fraise past\u00e8que<br \/>\n6.Glace au raisin<br \/>\n7. Glace de past\u00e8que<br \/>\n8.Glace \u00e0 la cerise<br \/>\n9. Glace \u00e0 la fraise<br \/>\n10.Glace \u00e0 la p\u00eache<br \/>\n11.Myrtille framboise<br \/>\n12.Amour 66<\/p>\n<p><a href=\"https:\/\/vapebulkp.com\/fr\/produit\/aivono-curved-smart-screen-35000-puffs-disposable-vape-wholesale-price\/\"><span style=\"vertical-align: inherit\">Aivono 35000 Bouff\u00e9es <\/span><\/a><\/p>\n<p><span style=\"vertical-align: inherit\">Trouvez plus de produits qui pourraient vous plaire\uff1a<\/span><em><a href=\"https:\/\/wa.me\/8618077105796\"><span style=\"vertical-align: inherit\">\u00a0Achetez-le maintenant<\/span><\/a><\/em><\/p>\n<p><span style=\"vertical-align: inherit\">Autres Puffs que vous pourriez aimer\uff1a<\/span><a href=\"https:\/\/vapebulkp.com\/fr\/produit\/wholesale-price-bang-kingdoms-rex-32000-puffs-vape-pod\/\"><span style=\"vertical-align: inherit\">Bang Kingdoms 32000Puffs<\/span><\/a><span style=\"vertical-align: inherit\">\u3001<\/span><a href=\"https:\/\/vapebulkp.com\/fr\/produit\/bood-pulse-pro-25k-50k-disposable-vape-bar-5000-puffs-nicotine-free\/\"><span style=\"vertical-align: inherit\">Bood pulse pro 50000 Bouff\u00e9es<\/span><\/a><span style=\"vertical-align: inherit\">\/ <\/span><a href=\"https:\/\/vapebulkp.com\/fr\/produit\/vapsolo-best-quality-viking-12k-puffs-disposable-vapes\/\"><span style=\"vertical-align: inherit\">Vapsolo viking 12000 Bouff\u00e9es<\/span><\/a><span style=\"vertical-align: inherit\">\/ <\/span><a href=\"https:\/\/vapebulkp.com\/fr\/produit\/waspe-vape-40000-puff-fihp-double-flavour-disposable-vape\/\"><span style=\"vertical-align: inherit\">WASPE 40000 Bouff\u00e9es<\/span><\/a><\/p>\n<p>&nbsp;<\/p>\n<p>&nbsp;<\/p>\n<h3>FAQ pour les vapes jetables Uwin SHISHA HOOKAH Crystal 20000 Puffs<\/h3>\n<p><strong>1. Combien de bouff\u00e9es offre le Uwin Shisha Hookah Crystal 20k bouff\u00e9es ?<\/strong><br \/>\nLe Uwin Shisha Hookah Crystal offre jusqu'\u00e0 20 000 bouff\u00e9es, garantissant une performance longue dur\u00e9e.<\/p>\n<p><strong>2. Quelles sont les concentrations de nicotine disponibles pour le shisha 20000 bouff\u00e9es ?<\/strong><br \/>\nCette vape est disponible avec des options de nicotine \u00e0 0%, 2%, 3% et 5% pour r\u00e9pondre \u00e0 une vari\u00e9t\u00e9 de pr\u00e9f\u00e9rences.<\/p>\n<p><strong>3. Quelle quantit\u00e9 d'e-liquide contient la vape UWIN Crystal 20000 bouff\u00e9es ?<\/strong><br \/>\nL'appareil est pr\u00e9-rempli avec 25ml d'e-liquide pour une utilisation prolong\u00e9e.<\/p>\n<p><strong>4. Quel type de bobine utilise la vape Uwin shisha 20000 bouff\u00e9es ?<\/strong><br \/>\nElle est dot\u00e9e d'une technologie avanc\u00e9e de bobine en maille pour une production de vapeur lisse et constante.<\/p>\n<p><strong>5. La batterie de la vape crystal 20000 bouff\u00e9es est-elle rechargeable ?<\/strong><br \/>\nOui, le Uwin Shisha Hookah Crystal est \u00e9quip\u00e9 d'une batterie rechargeable au cobalt de 850mAh et d'un port de charge de type-C.<\/p>\n<h3>D\u00e9tails d'exp\u00e9dition :<\/h3>\n<p><span style=\"color: #ff6600\">D\u00e9lai de production : 5-10 jours ouvrables<\/span><br \/>\n<span style=\"color: #ff6600\">D\u00e9lai de livraison : 8-14 jours ouvrables<\/span><\/p>\n<p>Tous les produits de notre boutique sont 100% originaux et authentiques, c'est pourquoi nous avons pour politique de rembourser dix fois le prix des produits contrefaits. Nous utilisons des canaux logistiques tels que UPS\/DHL\/FEDEX\/DPD pour vous livrer les marchandises.<\/p>\n<p>Pour les colis exp\u00e9di\u00e9s en France, il faut g\u00e9n\u00e9ralement 10 jours ouvrables pour qu'ils arrivent. L'exp\u00e9dition vers les pays europ\u00e9ens prend g\u00e9n\u00e9ralement de 12 \u00e0 15 jours ouvrables. Nous mettrons \u00e0 jour les informations logistiques pour vous en temps r\u00e9el.<\/p>","protected":false},"excerpt":{"rendered":"<ul>\n<li><strong>Vapeur douce Style Chicha UWIN 20K BOUFF\u00c9ES<\/strong><\/li>\n<li><strong>Vapes jetables en gros Europe SHISHA VAPE 20000 BOUFF\u00c9ES<\/strong><\/li>\n<li><strong>Vape l\u00e9g\u00e8re avec batterie 850mAh<\/strong><\/li>\n<li><strong>Vape jetable Crystal avec capacit\u00e9 de 25ml<\/strong><\/li>\n<\/ul>\n<p>Veuillez contacter le WhatsApp de Mandy pour un prix r\u00e9duit<a href=\"https:\/\/wa.me\/8618077105796\">+8618077105796<\/a><\/p>\n<p><img decoding=\"async\" class=\"alignnone wp-image-2151\" src=\"http:\/\/vapebulkp.com\/wp-content\/uploads\/2024\/04\/Mandy-WhatsApp-Randm.jpg\" alt=\"WhatsApp Mandy Randm\" width=\"297\" height=\"316\" srcset=\"https:\/\/vapebulkp.com\/wp-content\/uploads\/2024\/04\/Mandy-WhatsApp-Randm.jpg 916w, https:\/\/vapebulkp.com\/wp-content\/uploads\/2024\/04\/Mandy-WhatsApp-Randm-282x300.jpg 282w, https:\/\/vapebulkp.com\/wp-content\/uploads\/2024\/04\/Mandy-WhatsApp-Randm-768x817.jpg 768w, https:\/\/vapebulkp.com\/wp-content\/uploads\/2024\/04\/Mandy-WhatsApp-Randm-600x638.jpg 600w\" sizes=\"(max-width: 297px) 100vw, 297px\" \/><\/p>\n<p><span style=\"color: #ff0000\">REMARQUE : Les prix sur notre site web n'incluent pas les frais de port<\/span><\/p>\n<p>&nbsp;<\/p>","protected":false},"featured_media":3301,"comment_status":"open","ping_status":"closed","template":"","meta":{"_uag_custom_page_level_css":"","_lmt_disableupdate":"no","_lmt_disable":"","site-sidebar-layout":"default","site-content-layout":"content-boxed-container","ast-site-content-layout":"normal-width-container","site-content-style":"boxed","site-sidebar-style":"unboxed","ast-global-header-display":"","ast-banner-title-visibility":"","ast-main-header-display":"","ast-hfb-above-header-display":"","ast-hfb-below-header-display":"","ast-hfb-mobile-header-display":"","site-post-title":"","ast-breadcrumbs-content":"","ast-featured-img":"","footer-sml-layout":"","theme-transparent-header-meta":"default","adv-header-id-meta":"","stick-header-meta":"","header-above-stick-meta":"","header-main-stick-meta":"","header-below-stick-meta":"","astra-migrate-meta-layouts":"set","_joinchat":[]},"product_cat":[162,153,155,33,59,100,87,34,158,157,154,152,58,84,156,63,360,32],"product_tag":[109,36,37,41,40],"class_list":["post-3292","product","type-product","status-publish","has-post-thumbnail","hentry","product_cat-20000-puffs-disposable-vape","product_cat-hot-disposable-vapes","product_cat-belgium-hot-disposable-vapes","product_cat-france-vape-hot-sale","product_cat-germany-hot-disposable-vape","product_cat-germany-wholesale-vape-shop","product_cat-minimum-order-quantity-50pcs","product_cat-netherlands-vape-good-sale","product_cat-norway-hot-disposable-vapes","product_cat-poland-hot-disposable-vapes","product_cat-portugal-hot-disposable-vapes","product_cat-spain-hot-disposable-vapes","product_cat-sweden-hot-disposable-vape","product_cat-sweden-wholesale-vape","product_cat-switzerland-hot-disposable-vapes","product_cat-top-sale-disposable-vape","product_cat-uwin-vape","product_cat-vape-hot-sale-this-week","product_tag-20000-puffs","product_tag-good-vape","product_tag-hot-sale-disposable-vape","product_tag-poland-hot-vape","product_tag-sweden-hot-vape","pa_brand-uwin-vape","desktop-align-left","tablet-align-left","mobile-align-left"],"yoast_head":"<!-- This site is optimized with the Yoast SEO plugin v21.1 - https:\/\/yoast.com\/wordpress\/plugins\/seo\/ -->\n<title>Cheap Price Uwin SHISHA HOOKAH Crystal 20000 Puffs Rechargeable Vape - vapebulkp.com<\/title>\n<meta name=\"description\" content=\"Affordable Uwin Shisha Hookah Crystal 20000 Puffs Rechargeable Vape, sleek design, 25ml e-liquid, 850mAh battery, smooth vaping experience.\" \/>\n<meta name=\"robots\" content=\"index, follow, max-snippet:-1, max-image-preview:large, max-video-preview:-1\" \/>\n<link rel=\"canonical\" href=\"https:\/\/vapebulkp.com\/fr\/produit\/cheap-price-uwin-shisha-hookah-crystal-20000-puffs-rechargeable-vape\/\" \/>\n<meta property=\"og:locale\" content=\"fr_FR\" \/>\n<meta property=\"og:type\" content=\"article\" \/>\n<meta property=\"og:title\" content=\"Cheap Price Uwin SHISHA HOOKAH Crystal 20000 Puffs Rechargeable Vape - vapebulkp.com\" \/>\n<meta property=\"og:description\" content=\"Affordable Uwin Shisha Hookah Crystal 20000 Puffs Rechargeable Vape, sleek design, 25ml e-liquid, 850mAh battery, smooth vaping experience.\" \/>\n<meta property=\"og:url\" content=\"https:\/\/vapebulkp.com\/fr\/produit\/cheap-price-uwin-shisha-hookah-crystal-20000-puffs-rechargeable-vape\/\" \/>\n<meta property=\"og:site_name\" content=\"vapebulkp.com\" \/>\n<meta property=\"article:modified_time\" content=\"2025-09-24T03:21:17+00:00\" \/>\n<meta property=\"og:image\" content=\"http:\/\/vapebulkp.com\/wp-content\/uploads\/2024\/12\/Good-Sale-UWIN-HOOKAH-Crystal-20000-Puffs-Watermelon-ice.webp\" \/>\n\t<meta property=\"og:image:width\" content=\"800\" \/>\n\t<meta property=\"og:image:height\" content=\"800\" \/>\n\t<meta property=\"og:image:type\" content=\"image\/webp\" \/>\n<meta name=\"twitter:card\" content=\"summary_large_image\" \/>\n<meta name=\"twitter:label1\" content=\"Dur\u00e9e de lecture estim\u00e9e\" \/>\n\t<meta name=\"twitter:data1\" content=\"4 minutes\" \/>\n<script type=\"application\/ld+json\" class=\"yoast-schema-graph\">{\"@context\":\"https:\/\/schema.org\",\"@graph\":[{\"@type\":\"WebPage\",\"@id\":\"https:\/\/vapebulkp.com\/product\/cheap-price-uwin-shisha-hookah-crystal-20000-puffs-rechargeable-vape\/\",\"url\":\"https:\/\/vapebulkp.com\/product\/cheap-price-uwin-shisha-hookah-crystal-20000-puffs-rechargeable-vape\/\",\"name\":\"Cheap Price Uwin SHISHA HOOKAH Crystal 20000 Puffs Rechargeable Vape - vapebulkp.com\",\"isPartOf\":{\"@id\":\"https:\/\/vapebulkp.com\/#website\"},\"datePublished\":\"2024-12-28T08:21:22+00:00\",\"dateModified\":\"2025-09-24T03:21:17+00:00\",\"description\":\"Affordable Uwin Shisha Hookah Crystal 20000 Puffs Rechargeable Vape, sleek design, 25ml e-liquid, 850mAh battery, smooth vaping experience.\",\"breadcrumb\":{\"@id\":\"https:\/\/vapebulkp.com\/product\/cheap-price-uwin-shisha-hookah-crystal-20000-puffs-rechargeable-vape\/#breadcrumb\"},\"inLanguage\":\"fr-FR\",\"potentialAction\":[{\"@type\":\"ReadAction\",\"target\":[\"https:\/\/vapebulkp.com\/product\/cheap-price-uwin-shisha-hookah-crystal-20000-puffs-rechargeable-vape\/\"]}]},{\"@type\":\"BreadcrumbList\",\"@id\":\"https:\/\/vapebulkp.com\/product\/cheap-price-uwin-shisha-hookah-crystal-20000-puffs-rechargeable-vape\/#breadcrumb\",\"itemListElement\":[{\"@type\":\"ListItem\",\"position\":1,\"name\":\"Home\",\"item\":\"https:\/\/vapebulkp.com\/\"},{\"@type\":\"ListItem\",\"position\":2,\"name\":\"Hot Trend Vapes\",\"item\":\"https:\/\/vapebulkp.com\/vape-shop\/\"},{\"@type\":\"ListItem\",\"position\":3,\"name\":\"Cheap Price Uwin SHISHA HOOKAH Crystal 20000 Puffs Rechargeable Vape\"}]},{\"@type\":\"WebSite\",\"@id\":\"https:\/\/vapebulkp.com\/#website\",\"url\":\"https:\/\/vapebulkp.com\/\",\"name\":\"vapebulkp.com\",\"description\":\"Buy Vape In Cheap Bulk Price Near you\",\"publisher\":{\"@id\":\"https:\/\/vapebulkp.com\/#organization\"},\"potentialAction\":[{\"@type\":\"SearchAction\",\"target\":{\"@type\":\"EntryPoint\",\"urlTemplate\":\"https:\/\/vapebulkp.com\/?s={search_term_string}\"},\"query-input\":\"required name=search_term_string\"}],\"inLanguage\":\"fr-FR\"},{\"@type\":\"Organization\",\"@id\":\"https:\/\/vapebulkp.com\/#organization\",\"name\":\"vapebulkp.com\",\"url\":\"https:\/\/vapebulkp.com\/\",\"logo\":{\"@type\":\"ImageObject\",\"inLanguage\":\"fr-FR\",\"@id\":\"https:\/\/vapebulkp.com\/#\/schema\/logo\/image\/\",\"url\":\"https:\/\/vapebulkp.com\/wp-content\/uploads\/2023\/09\/cropped-vapebulkp.png\",\"contentUrl\":\"https:\/\/vapebulkp.com\/wp-content\/uploads\/2023\/09\/cropped-vapebulkp.png\",\"width\":516,\"height\":163,\"caption\":\"vapebulkp.com\"},\"image\":{\"@id\":\"https:\/\/vapebulkp.com\/#\/schema\/logo\/image\/\"}}]}<\/script>\n<!-- \/ Yoast SEO plugin. -->","yoast_head_json":{"title":"Cheap Price Uwin SHISHA HOOKAH Crystal 20000 Puffs Rechargeable Vape - vapebulkp.com","description":"Affordable Uwin Shisha Hookah Crystal 20000 Puffs Rechargeable Vape, sleek design, 25ml e-liquid, 850mAh battery, smooth vaping experience.","robots":{"index":"index","follow":"follow","max-snippet":"max-snippet:-1","max-image-preview":"max-image-preview:large","max-video-preview":"max-video-preview:-1"},"canonical":"https:\/\/vapebulkp.com\/fr\/produit\/cheap-price-uwin-shisha-hookah-crystal-20000-puffs-rechargeable-vape\/","og_locale":"fr_FR","og_type":"article","og_title":"Cheap Price Uwin SHISHA HOOKAH Crystal 20000 Puffs Rechargeable Vape - vapebulkp.com","og_description":"Affordable Uwin Shisha Hookah Crystal 20000 Puffs Rechargeable Vape, sleek design, 25ml e-liquid, 850mAh battery, smooth vaping experience.","og_url":"https:\/\/vapebulkp.com\/fr\/produit\/cheap-price-uwin-shisha-hookah-crystal-20000-puffs-rechargeable-vape\/","og_site_name":"vapebulkp.com","article_modified_time":"2025-09-24T03:21:17+00:00","og_image":[{"width":800,"height":800,"url":"http:\/\/vapebulkp.com\/wp-content\/uploads\/2024\/12\/Good-Sale-UWIN-HOOKAH-Crystal-20000-Puffs-Watermelon-ice.webp","type":"image\/webp"}],"twitter_card":"summary_large_image","twitter_misc":{"Dur\u00e9e de lecture estim\u00e9e":"4 minutes"},"schema":{"@context":"https:\/\/schema.org","@graph":[{"@type":"WebPage","@id":"https:\/\/vapebulkp.com\/product\/cheap-price-uwin-shisha-hookah-crystal-20000-puffs-rechargeable-vape\/","url":"https:\/\/vapebulkp.com\/product\/cheap-price-uwin-shisha-hookah-crystal-20000-puffs-rechargeable-vape\/","name":"Cheap Price Uwin SHISHA HOOKAH Crystal 20000 Puffs Rechargeable Vape - vapebulkp.com","isPartOf":{"@id":"https:\/\/vapebulkp.com\/#website"},"datePublished":"2024-12-28T08:21:22+00:00","dateModified":"2025-09-24T03:21:17+00:00","description":"Affordable Uwin Shisha Hookah Crystal 20000 Puffs Rechargeable Vape, sleek design, 25ml e-liquid, 850mAh battery, smooth vaping experience.","breadcrumb":{"@id":"https:\/\/vapebulkp.com\/product\/cheap-price-uwin-shisha-hookah-crystal-20000-puffs-rechargeable-vape\/#breadcrumb"},"inLanguage":"fr-FR","potentialAction":[{"@type":"ReadAction","target":["https:\/\/vapebulkp.com\/product\/cheap-price-uwin-shisha-hookah-crystal-20000-puffs-rechargeable-vape\/"]}]},{"@type":"BreadcrumbList","@id":"https:\/\/vapebulkp.com\/product\/cheap-price-uwin-shisha-hookah-crystal-20000-puffs-rechargeable-vape\/#breadcrumb","itemListElement":[{"@type":"ListItem","position":1,"name":"Home","item":"https:\/\/vapebulkp.com\/"},{"@type":"ListItem","position":2,"name":"Hot Trend Vapes","item":"https:\/\/vapebulkp.com\/vape-shop\/"},{"@type":"ListItem","position":3,"name":"Cheap Price Uwin SHISHA HOOKAH Crystal 20000 Puffs Rechargeable Vape"}]},{"@type":"WebSite","@id":"https:\/\/vapebulkp.com\/#website","url":"https:\/\/vapebulkp.com\/","name":"vapebulkp.com","description":"Buy Vape In Cheap Bulk Price Near you","publisher":{"@id":"https:\/\/vapebulkp.com\/#organization"},"potentialAction":[{"@type":"SearchAction","target":{"@type":"EntryPoint","urlTemplate":"https:\/\/vapebulkp.com\/?s={search_term_string}"},"query-input":"required name=search_term_string"}],"inLanguage":"fr-FR"},{"@type":"Organization","@id":"https:\/\/vapebulkp.com\/#organization","name":"vapebulkp.com","url":"https:\/\/vapebulkp.com\/","logo":{"@type":"ImageObject","inLanguage":"fr-FR","@id":"https:\/\/vapebulkp.com\/#\/schema\/logo\/image\/","url":"https:\/\/vapebulkp.com\/wp-content\/uploads\/2023\/09\/cropped-vapebulkp.png","contentUrl":"https:\/\/vapebulkp.com\/wp-content\/uploads\/2023\/09\/cropped-vapebulkp.png","width":516,"height":163,"caption":"vapebulkp.com"},"image":{"@id":"https:\/\/vapebulkp.com\/#\/schema\/logo\/image\/"}}]}},"uagb_featured_image_src":{"full":["https:\/\/vapebulkp.com\/wp-content\/uploads\/2024\/12\/Good-Sale-UWIN-HOOKAH-Crystal-20000-Puffs-Watermelon-ice.webp",800,800,false],"thumbnail":["https:\/\/vapebulkp.com\/wp-content\/uploads\/2024\/12\/Good-Sale-UWIN-HOOKAH-Crystal-20000-Puffs-Watermelon-ice-150x150.webp",150,150,true],"medium":["https:\/\/vapebulkp.com\/wp-content\/uploads\/2024\/12\/Good-Sale-UWIN-HOOKAH-Crystal-20000-Puffs-Watermelon-ice-300x300.webp",300,300,true],"medium_large":["https:\/\/vapebulkp.com\/wp-content\/uploads\/2024\/12\/Good-Sale-UWIN-HOOKAH-Crystal-20000-Puffs-Watermelon-ice-768x768.webp",768,768,true],"large":["https:\/\/vapebulkp.com\/wp-content\/uploads\/2024\/12\/Good-Sale-UWIN-HOOKAH-Crystal-20000-Puffs-Watermelon-ice.webp",800,800,false],"1536x1536":["https:\/\/vapebulkp.com\/wp-content\/uploads\/2024\/12\/Good-Sale-UWIN-HOOKAH-Crystal-20000-Puffs-Watermelon-ice.webp",800,800,false],"2048x2048":["https:\/\/vapebulkp.com\/wp-content\/uploads\/2024\/12\/Good-Sale-UWIN-HOOKAH-Crystal-20000-Puffs-Watermelon-ice.webp",800,800,false],"trp-custom-language-flag":["https:\/\/vapebulkp.com\/wp-content\/uploads\/2024\/12\/Good-Sale-UWIN-HOOKAH-Crystal-20000-Puffs-Watermelon-ice.webp",12,12,false],"woocommerce_thumbnail":["https:\/\/vapebulkp.com\/wp-content\/uploads\/2024\/12\/Good-Sale-UWIN-HOOKAH-Crystal-20000-Puffs-Watermelon-ice-300x300.webp",300,300,true],"woocommerce_single":["https:\/\/vapebulkp.com\/wp-content\/uploads\/2024\/12\/Good-Sale-UWIN-HOOKAH-Crystal-20000-Puffs-Watermelon-ice-600x600.webp",600,600,true],"woocommerce_gallery_thumbnail":["https:\/\/vapebulkp.com\/wp-content\/uploads\/2024\/12\/Good-Sale-UWIN-HOOKAH-Crystal-20000-Puffs-Watermelon-ice-100x100.webp",100,100,true],"wcpr-photo-reviews":["https:\/\/vapebulkp.com\/wp-content\/uploads\/2024\/12\/Good-Sale-UWIN-HOOKAH-Crystal-20000-Puffs-Watermelon-ice.webp",500,500,false]},"uagb_author_info":{"display_name":"Mandy vape bulk price","author_link":"https:\/\/vapebulkp.com\/fr\/author\/"},"uagb_comment_info":0,"uagb_excerpt":"Smooth Vapor Shisha-Style Vape UWIN 20K PUFFS Wholesale Disposable Vapes Europe SHISHA VAPE 20000 PUFF Lightweight Vape with 850mAh Battery Crystal Disposable Vape with 25ml Capacity Pls Contact Mandy's WhatsApp For Discount Price+8618077105796 NOTE: Prices on our website does not include shipping costs &nbsp;","_links":{"self":[{"href":"https:\/\/vapebulkp.com\/fr\/wp-json\/wp\/v2\/product\/3292","targetHints":{"allow":["GET"]}}],"collection":[{"href":"https:\/\/vapebulkp.com\/fr\/wp-json\/wp\/v2\/product"}],"about":[{"href":"https:\/\/vapebulkp.com\/fr\/wp-json\/wp\/v2\/types\/product"}],"replies":[{"embeddable":true,"href":"https:\/\/vapebulkp.com\/fr\/wp-json\/wp\/v2\/comments?post=3292"}],"wp:featuredmedia":[{"embeddable":true,"href":"https:\/\/vapebulkp.com\/fr\/wp-json\/wp\/v2\/media\/3301"}],"wp:attachment":[{"href":"https:\/\/vapebulkp.com\/fr\/wp-json\/wp\/v2\/media?parent=3292"}],"wp:term":[{"taxonomy":"product_cat","embeddable":true,"href":"https:\/\/vapebulkp.com\/fr\/wp-json\/wp\/v2\/product_cat?post=3292"},{"taxonomy":"product_tag","embeddable":true,"href":"https:\/\/vapebulkp.com\/fr\/wp-json\/wp\/v2\/product_tag?post=3292"}],"curies":[{"name":"wp","href":"https:\/\/api.w.org\/{rel}","templated":true}]}}