{"id":3410,"date":"2025-01-29T10:52:28","date_gmt":"2025-01-29T09:52:28","guid":{"rendered":"https:\/\/vapebulkp.com\/?post_type=product&#038;p=3410"},"modified":"2025-09-17T10:32:25","modified_gmt":"2025-09-17T08:32:25","slug":"fihp-digital-12000-puffs-disposable-e-cigarette-stylish-reliable-vape","status":"publish","type":"product","link":"https:\/\/vapebulkp.com\/fr\/product\/fihp-digital-12000-puffs-disposable-e-cigarette-stylish-reliable-vape\/","title":{"rendered":"FIHP Digital 12000 Puffs E-Cigarette jetable \u00e9l\u00e9gante et fiable Vape"},"content":{"rendered":"<h2>FIHP Digital 12000 Puffs E-Cigarette jetable \u00e9l\u00e9gante et fiable Vape<\/h2>\n<p>&nbsp;<\/p>\n<p>Le <strong>FIHP Digital 12 000 Puffs Cigarette \u00e9lectronique jetable<\/strong> red\u00e9finit la sophistication dans le monde du vapotage. Con\u00e7u avec une \u00e9l\u00e9gance moderne et une innovation de pointe, cet appareil haut de gamme offre un m\u00e9lange harmonieux de style, de fiabilit\u00e9 et de performance pour le vapoteur exigeant.<\/p>\n<p>Avec son nombre impressionnant de bouff\u00e9es de <strong>12,000<\/strong>, le FIHP Digital garantit une satisfaction durable, ce qui en fait un choix id\u00e9al pour ceux qui appr\u00e9cient la durabilit\u00e9 et la commodit\u00e9. Pr\u00e9-rempli de <strong>20 ml d'e-liquide savamment \u00e9labor\u00e9<\/strong> et disponible en <strong>21\u00a0mg\/ml et 51\u00a0mg\/ml de nicotine<\/strong>, il offre une exp\u00e9rience douce et satisfaisante, adapt\u00e9e \u00e0 vos pr\u00e9f\u00e9rences.<\/p>\n<p>A <strong>650mAh<\/strong> avec <strong>Chargement rapide Type-C<\/strong> assure un plaisir ininterrompu, tandis que l'\u00e9l\u00e9gant <strong>LED int\u00e9gr\u00e9<\/strong> vous tient inform\u00e9 des niveaux de batterie et de l'utilisation des bouff\u00e9es. Cette fonction innovante souligne la fonctionnalit\u00e9 haut de gamme de l'appareil, s'adressant aux vapoteurs qui privil\u00e9gient la pr\u00e9cision et le contr\u00f4le.<\/p>\n<p>Compact et \u00e9l\u00e9gant, le FIHP Digital est parfait pour <strong>les contextes sociaux, les voyages<\/strong>, ou le plaisir quotidien. Sa fabrication de qualit\u00e9 sup\u00e9rieure et son design \u00e9l\u00e9gant l'\u00e9l\u00e8vent au-del\u00e0 de l'ordinaire, offrant une exp\u00e9rience de vapotage vraiment raffin\u00e9e. Pour ceux qui exigent l'excellence, le <strong>FIHP Num\u00e9rique <a href=\"https:\/\/vapebulkp.com\/fr\/product-category\/12000-puffs-disposable-vape\/\">Vape jetable 12000 bouff\u00e9es<\/a><\/strong>\u00a0est le choix ultime en mati\u00e8re de cigarettes \u00e9lectroniques jetables.<\/p>\n<h6 style=\"text-align: left\"><\/h6>\n<h6>Veuillez contacter le WhatsApp de Mandy pour un prix r\u00e9duit<a href=\"https:\/\/wa.me\/8618077105796\">+8618077105796<\/a><\/h6>\n<p><img decoding=\"async\" class=\"alignnone wp-image-2151\" src=\"http:\/\/vapebulkp.com\/wp-content\/uploads\/2024\/04\/Mandy-WhatsApp-Randm.jpg\" alt=\"WhatsApp Mandy Randm\" width=\"287\" height=\"305\" srcset=\"https:\/\/vapebulkp.com\/wp-content\/uploads\/2024\/04\/Mandy-WhatsApp-Randm.jpg 916w, https:\/\/vapebulkp.com\/wp-content\/uploads\/2024\/04\/Mandy-WhatsApp-Randm-282x300.jpg 282w, https:\/\/vapebulkp.com\/wp-content\/uploads\/2024\/04\/Mandy-WhatsApp-Randm-768x817.jpg 768w, https:\/\/vapebulkp.com\/wp-content\/uploads\/2024\/04\/Mandy-WhatsApp-Randm-600x638.jpg 600w\" sizes=\"(max-width: 287px) 100vw, 287px\" \/><\/p>\n<h3 class=\"faqs-answer\"><span style=\"vertical-align: inherit\">Sp\u00e9cifications du vaporisateur num\u00e9rique FIHP 12k Puffs en gros\uff1a<\/span><\/h3>\n<ul>\n<li><strong>Nombre de bouff\u00e9es important<\/strong>: Jusqu'\u00e0 12 000 bouff\u00e9es<\/li>\n<li><strong>Grande capacit\u00e9 d'e-liquide<\/strong>: 20mL d'e-liquide pr\u00e9-rempli<\/li>\n<li><strong>Taux de nicotine<\/strong>: Options 2% ou 5%<\/li>\n<li><strong>Capacit\u00e9 de la batterie<\/strong>: Batterie rechargeable 650mAh avec chargement Type-C<\/li>\n<li><strong>Fonctionnalit\u00e9s sp\u00e9ciales<\/strong>: Affichage LED pour le suivi de la batterie et des bouff\u00e9es<\/li>\n<\/ul>\n<h2><\/h2>\n<h3>Listes des saveurs de la cigarette \u00e9lectronique Fumot FIHP Digital 12k bouff\u00e9es :<\/h3>\n<p>01. Glace luxuriante<br \/>\n02. Glace au raisin<br \/>\n03. Cerise<br \/>\n04. Myrtille Framboise<br \/>\n05. Fraise Kiwi<br \/>\n06. Fruits des bois m\u00e9lang\u00e9s<br \/>\n07. Fraise Past\u00e8que<br \/>\n08. Chewing-gum \u00e0 la past\u00e8que<br \/>\n09. Mangue P\u00eache Ananas<br \/>\n10. Kiwi, Fruit de la Passion et Goyave<\/p>\n<p><a href=\"https:\/\/vapebulkp.com\/fr\/product\/good-vape-jnr-shisha-15000-puffs-wholesale-vapme-shisha\/\"><span style=\"vertical-align: inherit\">Vapme JNR chicha 15000 Bouff\u00e9es<\/span><\/a><\/p>\n<p><span style=\"vertical-align: inherit\">Trouvez plus de produits qui pourraient vous plaire\uff1a<\/span><em><a href=\"https:\/\/wa.me\/8618077105796\"><span style=\"vertical-align: inherit\">\u00a0Achetez-le maintenant<\/span><\/a><\/em><\/p>\n<p><span style=\"vertical-align: inherit\">Autres Puffs que vous pourriez aimer\uff1a<\/span><a href=\"https:\/\/vapebulkp.com\/fr\/product\/vapsolo-super-15k-puffs-wholesale-price-e-cigarette\/\"><span style=\"vertical-align: inherit\">Vapsolo super 15k <\/span><\/a><span style=\"vertical-align: inherit\">\u3001<\/span><a href=\"https:\/\/vapebulkp.com\/fr\/product\/good-sale-randm-tornado-10000-puffs-plus\/\"><span style=\"vertical-align: inherit\">Randm 10000 Bouff\u00e9es<\/span><\/a><span style=\"vertical-align: inherit\">\/ <\/span><a href=\"https:\/\/vapebulkp.com\/fr\/product\/best-price-wga-crystal-pro-max-15k-puffs-original-vape\/\"><span style=\"vertical-align: inherit\">WGA Crystal Pro Max 15000 bouff\u00e9es<\/span><\/a><span style=\"vertical-align: inherit\">\/ <\/span><a href=\"https:\/\/vapebulkp.com\/fr\/product\/popular-randm-tornado-7000puffs-disposable-vape-best-price\/\"><span style=\"vertical-align: inherit\">RandM Tornado 7000 Bouff\u00e9es<\/span><\/a><\/p>\n<p><span style=\"vertical-align: inherit\">Bouteille de cigarette \u00e9lectronique de forme sp\u00e9ciale :<\/span><a href=\"https:\/\/vapebulkp.com\/fr\/product\/bang-box-12000puffs-good-vape-sweden-wholesale-price\/\"><span style=\"vertical-align: inherit\">Bo\u00eete Bang 12000 bouff\u00e9es <\/span><\/a><span style=\"vertical-align: inherit\">\/ <\/span><a href=\"https:\/\/vapebulkp.com\/fr\/product\/wholesale-tornado-rum-bar-9000-puffs-sweden\/\"><span style=\"vertical-align: inherit\">Rumbar 9000 Bouff\u00e9es<\/span><\/a><span style=\"vertical-align: inherit\">\/<\/span><a href=\"https:\/\/vapebulkp.com\/fr\/product\/bang-30k-puffs-new-double-taste-good-vape\/\"><span style=\"vertical-align: inherit\">Bang 30000 Bouff\u00e9es<\/span><\/a><\/p>\n<h4>FAQ sur la cigarette \u00e9lectronique jetable FIHP Digital 12000 bouff\u00e9es<\/h4>\n<p><strong>1. Quelle est la capacit\u00e9 de bouff\u00e9es de la cigarette \u00e9lectronique jetable FIHP Digital 12000 ?<\/strong><\/p>\n<p>La FIHP Digital offre une impressionnante capacit\u00e9 de <strong>12 000 bouff\u00e9es<\/strong>, en faisant une option durable pour les vapoteurs qui privil\u00e9gient une utilisation prolong\u00e9e et la commodit\u00e9.<\/p>\n<p><strong>2. Quelle est la capacit\u00e9 en e-liquide et la force en nicotine concernant la vente en gros de la vape FIHP Digital 12000 bouff\u00e9es ?<\/strong><\/p>\n<p>Cet appareil est pr\u00e9-rempli avec <strong>20mL d'e-liquide<\/strong>, disponible en concentrations de nicotine de <strong>2% ou 5%<\/strong> pour r\u00e9pondre \u00e0 diff\u00e9rentes pr\u00e9f\u00e9rences.<\/p>\n<p><strong>3. Qu'est-ce qui distingue le FIHP Digital ?<\/strong><\/p>\n<p>Sa combinaison de <strong>grande capacit\u00e9 de bouff\u00e9es, \u00e9cran LED \u00e9l\u00e9gant, design premium<\/strong>, et <strong>fonctionnalit\u00e9 rechargeable<\/strong> en fait un choix exceptionnel sur le march\u00e9 de la cigarette \u00e9lectronique jetable.<\/p>\n<h4><strong>D\u00e9tails d'exp\u00e9dition :<\/strong><\/h4>\n<p><span style=\"color: #ff6600\">D\u00e9lai de production : 5-10 jours ouvrables<\/span><br \/>\n<span style=\"color: #ff6600\">D\u00e9lai de livraison : 8-14 jours ouvrables<\/span><\/p>\n<p>Tous les produits de notre boutique sont 100% originaux et authentiques, c'est pourquoi nous avons pour politique de rembourser dix fois le prix des produits contrefaits. Nous utilisons des canaux logistiques tels que UPS\/DHL\/FEDEX\/DPD pour vous livrer les marchandises.<\/p>\n<p>Pour les colis exp\u00e9di\u00e9s en France, il faut g\u00e9n\u00e9ralement 10 jours ouvrables pour qu'ils arrivent. L'exp\u00e9dition vers les pays europ\u00e9ens prend g\u00e9n\u00e9ralement de 12 \u00e0 15 jours ouvrables. Nous mettrons \u00e0 jour les informations logistiques pour vous en temps r\u00e9el.<\/p>\n<h4><strong>Pourquoi choisir Vapebulkp pour vos besoins en pods de vape FIHP Digital 12000 Puffs ?<\/strong><\/h4>\n<p>Lorsqu'il s'agit d'acheter des produits de vape de haute qualit\u00e9, <strong>Vapebulkp<\/strong> se distingue comme une source fiable et digne de confiance. Voici pourquoi c'est le choix id\u00e9al pour vos <strong>pods de vape jetables FIHP Digital 12000 Puffs<\/strong>:<\/p>\n<p><strong>1. Vaste gamme de produits<\/strong><\/p>\n<p>Vapebulkp propose une s\u00e9lection diversifi\u00e9e de produits de vapotage haut de gamme, y compris le <strong>FIHP Digital 12000 Bouff\u00e9es<\/strong>. Que vous recherchiez diff\u00e9rentes concentrations de nicotine ou des designs \u00e9l\u00e9gants, vous trouverez une s\u00e9lection sur mesure pour r\u00e9pondre \u00e0 vos besoins.<\/p>\n<p><strong>2. Prix de gros comp\u00e9titifs<\/strong><\/p>\n<p>Avec des options d'achat en gros, Vapebulkp propose des <strong>prix avantageux<\/strong> pour les commandes importantes, ce qui en fait un choix parfait pour les d\u00e9taillants et les acheteurs individuels qui recherchent un excellent rapport qualit\u00e9-prix sans compromettre la qualit\u00e9.<\/p>\n<p><strong>3. Authenticit\u00e9 garantie<\/strong><\/p>\n<p>Chaque produit vendu chez Vapebulkp est <strong>100% authentique<\/strong>, vous garantissant ainsi la qualit\u00e9 sup\u00e9rieure que vous m\u00e9ritez. Le FIHP Digital provient directement de fabricants de confiance pour une tranquillit\u00e9 d'esprit totale.<\/p>\n<p><strong>4. Exp\u00e9dition rapide et s\u00e9curis\u00e9e<\/strong><\/p>\n<p>Vapebulkp assure <strong>une livraison efficace<\/strong> en France et au-del\u00e0, afin que vous puissiez profiter rapidement de vos produits. Un emballage s\u00e9curis\u00e9 garantit que votre commande arrive en parfait \u00e9tat.<\/p>\n<p><strong>5. Service client exceptionnel<\/strong><\/p>\n<p>L'\u00e9quipe de Vapebulkp offre <strong>un service client r\u00e9actif et comp\u00e9tent<\/strong>, pr\u00eate \u00e0 vous aider pour toute demande ou pour le suivi de votre commande. Leur d\u00e9vouement \u00e0 la satisfaction du client les distingue.<\/p>\n<p><strong>6. L'engagement pour le d\u00e9veloppement durable<\/strong><\/p>\n<p>En tant que plateforme engag\u00e9e dans l'innovation, Vapebulkp propose des options de vapotage respectueuses de l'environnement comme le <strong>FIHP Digital 12000 Bouff\u00e9es<\/strong>, avec une conception rechargeable qui s'aligne sur les objectifs de durabilit\u00e9 actuels.<\/p>\n<p><strong>7. Con\u00e7u pour les vapoteurs fran\u00e7ais<\/strong><\/p>\n<p>Vapebulkp comprend les pr\u00e9f\u00e9rences des clients fran\u00e7ais, s'assurant que des produits comme le FIHP Digital r\u00e9pondent aux tendances, aux r\u00e9glementations et aux exigences locales en mati\u00e8re de solutions de vapotage haut de gamme.<\/p>\n<p>Pour une <strong>exp\u00e9rience d'achat fluide, fiable et ax\u00e9e sur le client<\/strong>, choisissez Vapebulkp comme votre destination de pr\u00e9dilection pour le <strong>pods de vape jetables FIHP Digital 12000 Puffs<\/strong>. Profitez de l'\u00e9quilibre parfait entre qualit\u00e9, valeur et commodit\u00e9 !<\/p>","protected":false},"excerpt":{"rendered":"<ul>\n<li>Prix de gros IHP Digital 12000 Puffs, pods de vapotage rechargeables<\/li>\n<li>FIHP Digital Box Pods de vapotage avec 12 000 bouff\u00e9es, prix de gros<\/li>\n<li>FIHP 12 000 Puffs Pods de vapotage haut de gamme avec affichage LED<\/li>\n<li>FIHP Digital Vapes rechargeables 12 000 Puffs, cigarette \u00e9lectronique, vente chaude<\/li>\n<\/ul>\n<p><img decoding=\"async\" class=\"alignnone wp-image-2151\" src=\"http:\/\/vapebulkp.com\/wp-content\/uploads\/2024\/04\/Mandy-WhatsApp-Randm.jpg\" alt=\"WhatsApp Mandy Randm\" width=\"269\" height=\"286\" srcset=\"https:\/\/vapebulkp.com\/wp-content\/uploads\/2024\/04\/Mandy-WhatsApp-Randm.jpg 916w, https:\/\/vapebulkp.com\/wp-content\/uploads\/2024\/04\/Mandy-WhatsApp-Randm-282x300.jpg 282w, https:\/\/vapebulkp.com\/wp-content\/uploads\/2024\/04\/Mandy-WhatsApp-Randm-768x817.jpg 768w, https:\/\/vapebulkp.com\/wp-content\/uploads\/2024\/04\/Mandy-WhatsApp-Randm-600x638.jpg 600w\" sizes=\"(max-width: 269px) 100vw, 269px\" \/><\/p>\n<p>Veuillez contacter le WhatsApp de Mandy pour un prix r\u00e9duit<a href=\"https:\/\/wa.me\/8618077105796\">+8618077105796<\/a><\/p>\n<p><span style=\"color: #ff0000\">REMARQUE : Les prix sur notre site web n'incluent pas les frais de port<\/span><\/p>\n<p>Principales raisons d'acheter<br \/>\n1. Excellente qualit\u00e9 et performance in\u00e9gal\u00e9e.<\/p>\n<p>2. Prix comp\u00e9titif et valeur rapide.<\/p>\n<p>3. Options multiples et livraison rapide.<\/p>\n<p>4. Une exp\u00e9rience d'achat satisfaisante<\/p>","protected":false},"featured_media":3396,"comment_status":"open","ping_status":"closed","template":"","meta":{"_uag_custom_page_level_css":"","_lmt_disableupdate":"no","_lmt_disable":"","site-sidebar-layout":"default","site-content-layout":"content-boxed-container","ast-site-content-layout":"normal-width-container","site-content-style":"boxed","site-sidebar-style":"unboxed","ast-global-header-display":"","ast-banner-title-visibility":"","ast-main-header-display":"","ast-hfb-above-header-display":"","ast-hfb-below-header-display":"","ast-hfb-mobile-header-display":"","site-post-title":"","ast-breadcrumbs-content":"","ast-featured-img":"","footer-sml-layout":"","theme-transparent-header-meta":"default","adv-header-id-meta":"","stick-header-meta":"","header-above-stick-meta":"","header-main-stick-meta":"","header-below-stick-meta":"","astra-migrate-meta-layouts":"set","_joinchat":{"telephone":"+8618077105796"}},"product_cat":[166,350,33,59,100,87,34,158,157,154,152,58,84,156,63,32],"product_tag":[68,36,37,41,75,40],"class_list":["post-3410","product","type-product","status-publish","has-post-thumbnail","hentry","product_cat-12000-puffs-disposable-vape","product_cat-fihp-vape","product_cat-france-vape-hot-sale","product_cat-germany-hot-disposable-vape","product_cat-germany-wholesale-vape-shop","product_cat-minimum-order-quantity-50pcs","product_cat-netherlands-vape-good-sale","product_cat-norway-hot-disposable-vapes","product_cat-poland-hot-disposable-vapes","product_cat-portugal-hot-disposable-vapes","product_cat-spain-hot-disposable-vapes","product_cat-sweden-hot-disposable-vape","product_cat-sweden-wholesale-vape","product_cat-switzerland-hot-disposable-vapes","product_cat-top-sale-disposable-vape","product_cat-vape-hot-sale-this-week","product_tag-12000-puffs","product_tag-good-vape","product_tag-hot-sale-disposable-vape","product_tag-poland-hot-vape","product_tag-randm-vape-9000-puffs","product_tag-sweden-hot-vape","pa_brand-fihp-vape","desktop-align-left","tablet-align-left","mobile-align-left"],"yoast_head":"<!-- This site is optimized with the Yoast SEO plugin v21.1 - https:\/\/yoast.com\/wordpress\/plugins\/seo\/ -->\n<title>FIHP Digital 12000 Puffs Disposable E-Cigarette Stylish Reliable Vape - vapebulkp.com<\/title>\n<meta name=\"description\" content=\"Shop the wholesale FIHP Digital 12000 Puffs Vape Pods Rechargeable, sleek design, LED display, 20mL e-liquid, smooth nicotine options.\" \/>\n<meta name=\"robots\" content=\"index, follow, max-snippet:-1, max-image-preview:large, max-video-preview:-1\" \/>\n<link rel=\"canonical\" href=\"https:\/\/vapebulkp.com\/fr\/product\/fihp-digital-12000-puffs-disposable-e-cigarette-stylish-reliable-vape\/\" \/>\n<meta property=\"og:locale\" content=\"fr_FR\" \/>\n<meta property=\"og:type\" content=\"article\" \/>\n<meta property=\"og:title\" content=\"FIHP Digital 12000 Puffs Disposable E-Cigarette Stylish Reliable Vape - vapebulkp.com\" \/>\n<meta property=\"og:description\" content=\"Shop the wholesale FIHP Digital 12000 Puffs Vape Pods Rechargeable, sleek design, LED display, 20mL e-liquid, smooth nicotine options.\" \/>\n<meta property=\"og:url\" content=\"https:\/\/vapebulkp.com\/fr\/product\/fihp-digital-12000-puffs-disposable-e-cigarette-stylish-reliable-vape\/\" \/>\n<meta property=\"og:site_name\" content=\"vapebulkp.com\" \/>\n<meta property=\"article:modified_time\" content=\"2025-09-17T08:32:25+00:00\" \/>\n<meta property=\"og:image\" content=\"http:\/\/vapebulkp.com\/wp-content\/uploads\/2025\/01\/FIHP-12000-Puffs-Rechargeable-Disposable-Vape-Pen-Long-Lasting-Performance.webp\" \/>\n\t<meta property=\"og:image:width\" content=\"800\" \/>\n\t<meta property=\"og:image:height\" content=\"800\" \/>\n\t<meta property=\"og:image:type\" content=\"image\/webp\" \/>\n<meta name=\"twitter:card\" content=\"summary_large_image\" \/>\n<meta name=\"twitter:label1\" content=\"Dur\u00e9e de lecture estim\u00e9e\" \/>\n\t<meta name=\"twitter:data1\" content=\"4 minutes\" \/>\n<script type=\"application\/ld+json\" class=\"yoast-schema-graph\">{\"@context\":\"https:\/\/schema.org\",\"@graph\":[{\"@type\":\"WebPage\",\"@id\":\"https:\/\/vapebulkp.com\/product\/fihp-digital-12000-puffs-disposable-e-cigarette-stylish-reliable-vape\/\",\"url\":\"https:\/\/vapebulkp.com\/product\/fihp-digital-12000-puffs-disposable-e-cigarette-stylish-reliable-vape\/\",\"name\":\"FIHP Digital 12000 Puffs Disposable E-Cigarette Stylish Reliable Vape - vapebulkp.com\",\"isPartOf\":{\"@id\":\"https:\/\/vapebulkp.com\/#website\"},\"datePublished\":\"2025-01-29T09:52:28+00:00\",\"dateModified\":\"2025-09-17T08:32:25+00:00\",\"description\":\"Shop the wholesale FIHP Digital 12000 Puffs Vape Pods Rechargeable, sleek design, LED display, 20mL e-liquid, smooth nicotine options.\",\"breadcrumb\":{\"@id\":\"https:\/\/vapebulkp.com\/product\/fihp-digital-12000-puffs-disposable-e-cigarette-stylish-reliable-vape\/#breadcrumb\"},\"inLanguage\":\"fr-FR\",\"potentialAction\":[{\"@type\":\"ReadAction\",\"target\":[\"https:\/\/vapebulkp.com\/product\/fihp-digital-12000-puffs-disposable-e-cigarette-stylish-reliable-vape\/\"]}]},{\"@type\":\"BreadcrumbList\",\"@id\":\"https:\/\/vapebulkp.com\/product\/fihp-digital-12000-puffs-disposable-e-cigarette-stylish-reliable-vape\/#breadcrumb\",\"itemListElement\":[{\"@type\":\"ListItem\",\"position\":1,\"name\":\"Home\",\"item\":\"https:\/\/vapebulkp.com\/\"},{\"@type\":\"ListItem\",\"position\":2,\"name\":\"Hot Trend Vapes\",\"item\":\"https:\/\/vapebulkp.com\/vape-shop\/\"},{\"@type\":\"ListItem\",\"position\":3,\"name\":\"FIHP Digital 12000 Puffs Disposable E-Cigarette Stylish Reliable Vape\"}]},{\"@type\":\"WebSite\",\"@id\":\"https:\/\/vapebulkp.com\/#website\",\"url\":\"https:\/\/vapebulkp.com\/\",\"name\":\"vapebulkp.com\",\"description\":\"Buy Vape In Cheap Bulk Price Near you\",\"publisher\":{\"@id\":\"https:\/\/vapebulkp.com\/#organization\"},\"potentialAction\":[{\"@type\":\"SearchAction\",\"target\":{\"@type\":\"EntryPoint\",\"urlTemplate\":\"https:\/\/vapebulkp.com\/?s={search_term_string}\"},\"query-input\":\"required name=search_term_string\"}],\"inLanguage\":\"fr-FR\"},{\"@type\":\"Organization\",\"@id\":\"https:\/\/vapebulkp.com\/#organization\",\"name\":\"vapebulkp.com\",\"url\":\"https:\/\/vapebulkp.com\/\",\"logo\":{\"@type\":\"ImageObject\",\"inLanguage\":\"fr-FR\",\"@id\":\"https:\/\/vapebulkp.com\/#\/schema\/logo\/image\/\",\"url\":\"https:\/\/vapebulkp.com\/wp-content\/uploads\/2023\/09\/cropped-vapebulkp.png\",\"contentUrl\":\"https:\/\/vapebulkp.com\/wp-content\/uploads\/2023\/09\/cropped-vapebulkp.png\",\"width\":516,\"height\":163,\"caption\":\"vapebulkp.com\"},\"image\":{\"@id\":\"https:\/\/vapebulkp.com\/#\/schema\/logo\/image\/\"}}]}<\/script>\n<!-- \/ Yoast SEO plugin. -->","yoast_head_json":{"title":"FIHP Digital 12000 Puffs Disposable E-Cigarette Stylish Reliable Vape - vapebulkp.com","description":"Shop the wholesale FIHP Digital 12000 Puffs Vape Pods Rechargeable, sleek design, LED display, 20mL e-liquid, smooth nicotine options.","robots":{"index":"index","follow":"follow","max-snippet":"max-snippet:-1","max-image-preview":"max-image-preview:large","max-video-preview":"max-video-preview:-1"},"canonical":"https:\/\/vapebulkp.com\/fr\/product\/fihp-digital-12000-puffs-disposable-e-cigarette-stylish-reliable-vape\/","og_locale":"fr_FR","og_type":"article","og_title":"FIHP Digital 12000 Puffs Disposable E-Cigarette Stylish Reliable Vape - vapebulkp.com","og_description":"Shop the wholesale FIHP Digital 12000 Puffs Vape Pods Rechargeable, sleek design, LED display, 20mL e-liquid, smooth nicotine options.","og_url":"https:\/\/vapebulkp.com\/fr\/product\/fihp-digital-12000-puffs-disposable-e-cigarette-stylish-reliable-vape\/","og_site_name":"vapebulkp.com","article_modified_time":"2025-09-17T08:32:25+00:00","og_image":[{"width":800,"height":800,"url":"http:\/\/vapebulkp.com\/wp-content\/uploads\/2025\/01\/FIHP-12000-Puffs-Rechargeable-Disposable-Vape-Pen-Long-Lasting-Performance.webp","type":"image\/webp"}],"twitter_card":"summary_large_image","twitter_misc":{"Dur\u00e9e de lecture estim\u00e9e":"4 minutes"},"schema":{"@context":"https:\/\/schema.org","@graph":[{"@type":"WebPage","@id":"https:\/\/vapebulkp.com\/product\/fihp-digital-12000-puffs-disposable-e-cigarette-stylish-reliable-vape\/","url":"https:\/\/vapebulkp.com\/product\/fihp-digital-12000-puffs-disposable-e-cigarette-stylish-reliable-vape\/","name":"FIHP Digital 12000 Puffs Disposable E-Cigarette Stylish Reliable Vape - vapebulkp.com","isPartOf":{"@id":"https:\/\/vapebulkp.com\/#website"},"datePublished":"2025-01-29T09:52:28+00:00","dateModified":"2025-09-17T08:32:25+00:00","description":"Shop the wholesale FIHP Digital 12000 Puffs Vape Pods Rechargeable, sleek design, LED display, 20mL e-liquid, smooth nicotine options.","breadcrumb":{"@id":"https:\/\/vapebulkp.com\/product\/fihp-digital-12000-puffs-disposable-e-cigarette-stylish-reliable-vape\/#breadcrumb"},"inLanguage":"fr-FR","potentialAction":[{"@type":"ReadAction","target":["https:\/\/vapebulkp.com\/product\/fihp-digital-12000-puffs-disposable-e-cigarette-stylish-reliable-vape\/"]}]},{"@type":"BreadcrumbList","@id":"https:\/\/vapebulkp.com\/product\/fihp-digital-12000-puffs-disposable-e-cigarette-stylish-reliable-vape\/#breadcrumb","itemListElement":[{"@type":"ListItem","position":1,"name":"Home","item":"https:\/\/vapebulkp.com\/"},{"@type":"ListItem","position":2,"name":"Hot Trend Vapes","item":"https:\/\/vapebulkp.com\/vape-shop\/"},{"@type":"ListItem","position":3,"name":"FIHP Digital 12000 Puffs Disposable E-Cigarette Stylish Reliable Vape"}]},{"@type":"WebSite","@id":"https:\/\/vapebulkp.com\/#website","url":"https:\/\/vapebulkp.com\/","name":"vapebulkp.com","description":"Buy Vape In Cheap Bulk Price Near you","publisher":{"@id":"https:\/\/vapebulkp.com\/#organization"},"potentialAction":[{"@type":"SearchAction","target":{"@type":"EntryPoint","urlTemplate":"https:\/\/vapebulkp.com\/?s={search_term_string}"},"query-input":"required name=search_term_string"}],"inLanguage":"fr-FR"},{"@type":"Organization","@id":"https:\/\/vapebulkp.com\/#organization","name":"vapebulkp.com","url":"https:\/\/vapebulkp.com\/","logo":{"@type":"ImageObject","inLanguage":"fr-FR","@id":"https:\/\/vapebulkp.com\/#\/schema\/logo\/image\/","url":"https:\/\/vapebulkp.com\/wp-content\/uploads\/2023\/09\/cropped-vapebulkp.png","contentUrl":"https:\/\/vapebulkp.com\/wp-content\/uploads\/2023\/09\/cropped-vapebulkp.png","width":516,"height":163,"caption":"vapebulkp.com"},"image":{"@id":"https:\/\/vapebulkp.com\/#\/schema\/logo\/image\/"}}]}},"uagb_featured_image_src":{"full":["https:\/\/vapebulkp.com\/wp-content\/uploads\/2025\/01\/FIHP-12000-Puffs-Rechargeable-Disposable-Vape-Pen-Long-Lasting-Performance.webp",800,800,false],"thumbnail":["https:\/\/vapebulkp.com\/wp-content\/uploads\/2025\/01\/FIHP-12000-Puffs-Rechargeable-Disposable-Vape-Pen-Long-Lasting-Performance-150x150.webp",150,150,true],"medium":["https:\/\/vapebulkp.com\/wp-content\/uploads\/2025\/01\/FIHP-12000-Puffs-Rechargeable-Disposable-Vape-Pen-Long-Lasting-Performance-300x300.webp",300,300,true],"medium_large":["https:\/\/vapebulkp.com\/wp-content\/uploads\/2025\/01\/FIHP-12000-Puffs-Rechargeable-Disposable-Vape-Pen-Long-Lasting-Performance-768x768.webp",768,768,true],"large":["https:\/\/vapebulkp.com\/wp-content\/uploads\/2025\/01\/FIHP-12000-Puffs-Rechargeable-Disposable-Vape-Pen-Long-Lasting-Performance.webp",800,800,false],"1536x1536":["https:\/\/vapebulkp.com\/wp-content\/uploads\/2025\/01\/FIHP-12000-Puffs-Rechargeable-Disposable-Vape-Pen-Long-Lasting-Performance.webp",800,800,false],"2048x2048":["https:\/\/vapebulkp.com\/wp-content\/uploads\/2025\/01\/FIHP-12000-Puffs-Rechargeable-Disposable-Vape-Pen-Long-Lasting-Performance.webp",800,800,false],"trp-custom-language-flag":["https:\/\/vapebulkp.com\/wp-content\/uploads\/2025\/01\/FIHP-12000-Puffs-Rechargeable-Disposable-Vape-Pen-Long-Lasting-Performance.webp",12,12,false],"woocommerce_thumbnail":["https:\/\/vapebulkp.com\/wp-content\/uploads\/2025\/01\/FIHP-12000-Puffs-Rechargeable-Disposable-Vape-Pen-Long-Lasting-Performance-300x300.webp",300,300,true],"woocommerce_single":["https:\/\/vapebulkp.com\/wp-content\/uploads\/2025\/01\/FIHP-12000-Puffs-Rechargeable-Disposable-Vape-Pen-Long-Lasting-Performance-600x600.webp",600,600,true],"woocommerce_gallery_thumbnail":["https:\/\/vapebulkp.com\/wp-content\/uploads\/2025\/01\/FIHP-12000-Puffs-Rechargeable-Disposable-Vape-Pen-Long-Lasting-Performance-100x100.webp",100,100,true],"wcpr-photo-reviews":["https:\/\/vapebulkp.com\/wp-content\/uploads\/2025\/01\/FIHP-12000-Puffs-Rechargeable-Disposable-Vape-Pen-Long-Lasting-Performance.webp",500,500,false]},"uagb_author_info":{"display_name":"Mandy vape bulk price","author_link":"https:\/\/vapebulkp.com\/fr\/author\/"},"uagb_comment_info":0,"uagb_excerpt":"Wholesale Price IHP Digital 12000 Puffs Rechargeable Vape Pods FIHP Digital Box Vape\u00a0 Pods with 12,000 Puffs Bulk Price FIHP 12,000 Puffs Premium Vape Pods with LED Display FIHP Digital Rechargeable Vapes 12000 Puffs E-Cigarette Hot Sale Pls Contact Mandy's WhatsApp For Discount Price+8618077105796 NOTE: Prices on our website does not include shipping costs Main\u2026","_links":{"self":[{"href":"https:\/\/vapebulkp.com\/fr\/wp-json\/wp\/v2\/product\/3410","targetHints":{"allow":["GET"]}}],"collection":[{"href":"https:\/\/vapebulkp.com\/fr\/wp-json\/wp\/v2\/product"}],"about":[{"href":"https:\/\/vapebulkp.com\/fr\/wp-json\/wp\/v2\/types\/product"}],"replies":[{"embeddable":true,"href":"https:\/\/vapebulkp.com\/fr\/wp-json\/wp\/v2\/comments?post=3410"}],"wp:featuredmedia":[{"embeddable":true,"href":"https:\/\/vapebulkp.com\/fr\/wp-json\/wp\/v2\/media\/3396"}],"wp:attachment":[{"href":"https:\/\/vapebulkp.com\/fr\/wp-json\/wp\/v2\/media?parent=3410"}],"wp:term":[{"taxonomy":"product_cat","embeddable":true,"href":"https:\/\/vapebulkp.com\/fr\/wp-json\/wp\/v2\/product_cat?post=3410"},{"taxonomy":"product_tag","embeddable":true,"href":"https:\/\/vapebulkp.com\/fr\/wp-json\/wp\/v2\/product_tag?post=3410"}],"curies":[{"name":"wp","href":"https:\/\/api.w.org\/{rel}","templated":true}]}}